{"id":18295,"date":"2025-03-17T12:14:31","date_gmt":"2025-03-17T09:14:31","guid":{"rendered":"https:\/\/haremerotikshop.com\/site\/?post_type=product&#038;p=18295"},"modified":"2026-01-27T12:01:42","modified_gmt":"2026-01-27T09:01:42","slug":"modern-parmak-vibrator","status":"publish","type":"product","link":"https:\/\/haremerotikshop.com\/site\/erotik-shop-urun\/modern-parmak-vibrator\/","title":{"rendered":"Modern Parmak Vibrat\u00f6r"},"content":{"rendered":"<h3 data-end=\"76\" data-start=\"0\"><strong data-end=\"76\" data-start=\"4\">Mini Pembe Titre\u015fimli Vibrat&ouml;r &ndash; Kompakt Boyutuyla G&uuml;&ccedil;l&uuml; Performans!<\/strong><\/h3>\n<p data-end=\"476\" data-start=\"78\"><strong data-end=\"112\" data-start=\"78\">Mini Pembe Titre\u015fimli Vibrat&ouml;r<\/strong>, estetik tasar\u0131m\u0131 ve g&uuml;&ccedil;l&uuml; performans\u0131yla cinsel deneyimlerinizi <strong data-end=\"194\" data-start=\"178\">heyecan dolu<\/strong> bir seviyeye ta\u015f\u0131yan &ouml;zel bir &uuml;r&uuml;nd&uuml;r. K&uuml;&ccedil;&uuml;k boyutlar\u0131na ra\u011fmen <strong data-end=\"283\" data-start=\"259\">y&uuml;ksek titre\u015fim g&uuml;c&uuml;<\/strong> sunarak kullan\u0131c\u0131lara <strong data-end=\"331\" data-start=\"306\">zarif ve tatmin edici<\/strong> anlar ya\u015fat\u0131r. Hem <strong data-end=\"373\" data-start=\"351\">kullan\u0131m kolayl\u0131\u011f\u0131<\/strong> hem de <strong data-end=\"399\" data-start=\"381\">ta\u015f\u0131nabilirlik<\/strong> a&ccedil;\u0131s\u0131ndan m&uuml;kemmel olan bu vibrat&ouml;r, ki\u015fisel tatmin arayanlar i&ccedil;in idealdir.<\/p>\n<h3 data-end=\"503\" data-start=\"478\"><strong data-end=\"503\" data-start=\"482\">&Uuml;r&uuml;n &Ouml;zellikleri:<\/strong><\/h3>\n<ul data-end=\"1153\" data-start=\"505\">\n<li data-end=\"673\" data-start=\"505\">\n<p data-end=\"673\" data-start=\"507\"><strong data-end=\"525\" data-start=\"507\">Titre\u015fim Modu:<\/strong> Mini Pembe Titre\u015fimli Vibrat&ouml;r, sade ve etkili bir deneyim sunan tek bir <strong data-end=\"616\" data-start=\"599\">titre\u015fim modu<\/strong> ile &ccedil;al\u0131\u015f\u0131r. Bu, kullan\u0131c\u0131ya <strong data-end=\"665\" data-start=\"646\">kesintisiz zevk<\/strong> sa\u011flar.<\/p>\n<\/li>\n<li data-end=\"861\" data-start=\"675\">\n<p data-end=\"861\" data-start=\"677\"><strong data-end=\"704\" data-start=\"677\">Kompakt ve Ta\u015f\u0131nabilir:<\/strong> <strong data-end=\"714\" data-start=\"705\">12 cm<\/strong> uzunlu\u011fundaki kompakt boyutu, bu vibrat&ouml;r&uuml; <strong data-end=\"770\" data-start=\"758\">ta\u015f\u0131may\u0131<\/strong> son derece kolay hale getirir. \u0130ster evde ister yolculukta kullanabilece\u011finiz ideal boyut.<\/p>\n<\/li>\n<li data-end=\"1028\" data-start=\"863\">\n<p data-end=\"1028\" data-start=\"865\"><strong data-end=\"881\" data-start=\"865\">G&uuml;&ccedil; Kayna\u011f\u0131:<\/strong> 1 adet <strong data-end=\"900\" data-start=\"889\">AAA pil<\/strong> ile &ccedil;al\u0131\u015f\u0131r ve uzun s&uuml;reli kullan\u0131mlar i&ccedil;in g&uuml;&ccedil;l&uuml; bir performans sunar. Pil de\u011fi\u015fimi kolayd\u0131r ve <strong data-end=\"1020\" data-start=\"998\">enerji verimlili\u011fi<\/strong> sa\u011flar.<\/p>\n<\/li>\n<li data-end=\"1153\" data-start=\"1030\">\n<p data-end=\"1153\" data-start=\"1032\"><strong data-end=\"1050\" data-start=\"1032\">Renk Se&ccedil;ene\u011fi:<\/strong> Zarif <strong data-end=\"1066\" data-start=\"1057\">pembe<\/strong> rengi, &uuml;r&uuml;ne estetik bir g&ouml;r&uuml;n&uuml;m kazand\u0131r\u0131rken, kullan\u0131c\u0131ya &ouml;zel ve \u015f\u0131k bir his verir.<\/p>\n<\/li>\n<\/ul>\n<h3 data-end=\"1204\" data-start=\"1155\"><strong data-end=\"1204\" data-start=\"1159\">Mini Pembe Titre\u015fimli Vibrat&ouml;r Faydalar\u0131:<\/strong><\/h3>\n<ul data-end=\"1830\" data-start=\"1206\">\n<li data-end=\"1363\" data-start=\"1206\">\n<p data-end=\"1363\" data-start=\"1208\"><strong data-end=\"1245\" data-start=\"1208\">Kompakt Boyutta G&uuml;&ccedil;l&uuml; Performans:<\/strong> K&uuml;&ccedil;&uuml;k olmas\u0131na ra\u011fmen <strong data-end=\"1292\" data-start=\"1268\">y&uuml;ksek titre\u015fim g&uuml;c&uuml;<\/strong> ile dikkat &ccedil;eker. Kullan\u0131c\u0131ya yo\u011fun ve tatmin edici bir deneyim sunar.<\/p>\n<\/li>\n<li data-end=\"1544\" data-start=\"1365\">\n<p data-end=\"1544\" data-start=\"1367\"><strong data-end=\"1408\" data-start=\"1367\">Kullan\u0131m Kolayl\u0131\u011f\u0131 ve Ta\u015f\u0131nabilirlik:<\/strong> <strong data-end=\"1430\" data-start=\"1409\">12 cm uzunlu\u011funda<\/strong>, <strong data-end=\"1452\" data-start=\"1432\">hafif ve kompakt<\/strong> yap\u0131s\u0131 sayesinde her an yan\u0131n\u0131zda ta\u015f\u0131yabilir, her zaman <strong data-end=\"1524\" data-start=\"1510\">gizli zevk<\/strong> elde edebilirsiniz.<\/p>\n<\/li>\n<li data-end=\"1694\" data-start=\"1546\">\n<p data-end=\"1694\" data-start=\"1548\"><strong data-end=\"1575\" data-start=\"1548\">H\u0131zl\u0131 ve Etkili Uyar\u0131m:<\/strong> Tek bir titre\u015fim modu, sade ve <strong data-end=\"1624\" data-start=\"1607\">etkili uyar\u0131m<\/strong> sa\u011flar. K\u0131sa s&uuml;reli kullan\u0131mlarda bile maksimum zevk ve tatmin sunar.<\/p>\n<\/li>\n<li data-end=\"1830\" data-start=\"1696\">\n<p data-end=\"1830\" data-start=\"1698\"><strong data-end=\"1727\" data-start=\"1698\">Zarif ve Estetik Tasar\u0131m:<\/strong> Pembe rengi ve \u015f\u0131k tasar\u0131m\u0131 ile sadece i\u015flevsel de\u011fil, ayn\u0131 zamanda g&ouml;z al\u0131c\u0131 bir <strong data-end=\"1823\" data-start=\"1810\">aesthetic<\/strong> sunar.<\/p>\n<\/li>\n<\/ul>\n<h3 data-end=\"1858\" data-start=\"1832\"><strong data-end=\"1858\" data-start=\"1836\">Kullan\u0131m Alanlar\u0131:<\/strong><\/h3>\n<ul data-end=\"2272\" data-start=\"1860\">\n<li data-end=\"1992\" data-start=\"1860\">\n<p data-end=\"1992\" data-start=\"1862\"><strong data-end=\"1884\" data-start=\"1862\">Bireysel Kullan\u0131m:<\/strong> Kendi ba\u015f\u0131n\u0131za rahatl\u0131kla kullanabilir ve <strong data-end=\"1945\" data-start=\"1927\">ki\u015fisel tatmin<\/strong> sa\u011flamak i&ccedil;in m&uuml;kemmel bir deneyim ya\u015fars\u0131n\u0131z.<\/p>\n<\/li>\n<li data-end=\"2137\" data-start=\"1994\">\n<p data-end=\"2137\" data-start=\"1996\"><strong data-end=\"2019\" data-start=\"1996\">Partnerle Kullan\u0131m:<\/strong> &Ccedil;iftler, Mini Pembe Titre\u015fimli Vibrat&ouml;r ile <strong data-end=\"2086\" data-start=\"2064\">cinsel ke\u015fiflerini<\/strong> zenginle\u015ftirerek daha heyecanl\u0131 bir deneyim ya\u015far.<\/p>\n<\/li>\n<li data-end=\"2272\" data-start=\"2139\">\n<p data-end=\"2272\" data-start=\"2141\"><strong data-end=\"2159\" data-start=\"2141\">Seyahat Dostu:<\/strong> Kompakt boyutuyla seyahate giderken yan\u0131n\u0131zda ta\u015f\u0131yabilece\u011finiz, her an kullanabilece\u011finiz m&uuml;kemmel bir se&ccedil;enek.<\/p>\n<\/li>\n<\/ul>\n<h3 data-end=\"2301\" data-start=\"2274\"><strong data-end=\"2301\" data-start=\"2278\">G&uuml;venlik ve Kalite:<\/strong><\/h3>\n<p data-end=\"2619\" data-start=\"2303\">Mini Pembe Titre\u015fimli Vibrat&ouml;r, <strong data-end=\"2369\" data-start=\"2335\">y&uuml;ksek kaliteli ve v&uuml;cuda dost<\/strong> malzemelerle &uuml;retilmi\u015ftir. Kullan\u0131c\u0131lar\u0131n sa\u011fl\u0131\u011f\u0131 ve g&uuml;venli\u011fi &ouml;n planda tutulmu\u015f olup, titizlikle &uuml;retilmi\u015ftir. Temizli\u011fi ve bak\u0131m\u0131 olduk&ccedil;a kolayd\u0131r. Ayr\u0131ca, sadece <strong data-end=\"2556\" data-start=\"2536\">ki\u015fisel kullan\u0131m<\/strong> i&ccedil;in tasarlanm\u0131\u015f olup hijyenik kullan\u0131ma &ouml;nem g&ouml;sterilmelidir.<\/p>\n<h3 data-end=\"2635\" data-start=\"2621\"><strong data-end=\"2635\" data-start=\"2625\">Sonu&ccedil;:<\/strong><\/h3>\n<p data-end=\"3056\" data-start=\"2637\"><strong data-end=\"2671\" data-start=\"2637\">Mini Pembe Titre\u015fimli Vibrat&ouml;r<\/strong>, k&uuml;&ccedil;&uuml;k boyutu ve <strong data-end=\"2710\" data-start=\"2689\">g&uuml;&ccedil;l&uuml; performans\u0131<\/strong> ile arad\u0131\u011f\u0131n\u0131z <strong data-end=\"2762\" data-start=\"2726\">heyecanl\u0131 ve tatmin edici anlar\u0131<\/strong> her zaman ve her yerde sunar. <strong data-end=\"2814\" data-start=\"2793\">Zarif pembe rengi<\/strong> ve <strong data-end=\"2836\" data-start=\"2818\">kompakt yap\u0131s\u0131<\/strong>, bu &uuml;r&uuml;n&uuml; hem <strong data-end=\"2862\" data-start=\"2851\">estetik<\/strong> hem de <strong data-end=\"2882\" data-start=\"2870\">i\u015flevsel<\/strong> a&ccedil;\u0131dan cazip hale getirir. Hem <strong data-end=\"2935\" data-start=\"2914\">bireysel kullan\u0131m<\/strong> hem de <strong data-end=\"2964\" data-start=\"2943\">partnerle deneyim<\/strong> i&ccedil;in m&uuml;kemmel bir se&ccedil;im olan bu vibrat&ouml;r, <strong data-end=\"3031\" data-start=\"3007\">basit ve etkili zevk<\/strong> arayanlar i&ccedil;in idealdir.<\/p>\n","protected":false},"excerpt":{"rendered":"<p><strong data-start=\"78\" data-end=\"112\">Mini Pembe Titre\u015fimli Vibrat\u00f6r<\/strong>, estetik tasar\u0131m\u0131 ve g\u00fc\u00e7l\u00fc performans\u0131yla cinsel deneyimlerinizi <strong data-start=\"178\" data-end=\"194\">heyecan dolu<\/strong> bir seviyeye ta\u015f\u0131yan \u00f6zel bir \u00fcr\u00fcnd\u00fcr. K\u00fc\u00e7\u00fck boyutlar\u0131na ra\u011fmen <strong data-start=\"259\" data-end=\"283\">y\u00fcksek titre\u015fim g\u00fcc\u00fc<\/strong> sunarak kullan\u0131c\u0131lara <strong data-start=\"306\" data-end=\"331\">zarif ve tatmin edici<\/strong> anlar ya\u015fat\u0131r. Hem <strong data-start=\"351\" data-end=\"373\">kullan\u0131m kolayl\u0131\u011f\u0131<\/strong> hem de <strong data-start=\"381\" data-end=\"399\">ta\u015f\u0131nabilirlik<\/strong> a\u00e7\u0131s\u0131ndan m\u00fckemmel olan bu vibrat\u00f6r, ki\u015fisel tatmin arayanlar i\u00e7in idealdir.<\/p>\n","protected":false},"featured_media":18331,"comment_status":"open","ping_status":"closed","template":"","meta":[],"product_brand":[127],"product_cat":[85],"product_tag":[86],"class_list":{"0":"post-18295","1":"product","2":"type-product","3":"status-publish","4":"has-post-thumbnail","6":"product_brand-pembe-tilki","7":"product_cat-modern-vibrator","8":"product_tag-modern-parmak-vibrator","10":"first","11":"instock","12":"taxable","13":"shipping-taxable","14":"purchasable","15":"product-type-simple"},"yoast_head":"<!-- This site is optimized with the Yoast SEO Premium plugin v24.4 (Yoast SEO v27.1.1) - https:\/\/yoast.com\/product\/yoast-seo-premium-wordpress\/ -->\n<title>Modern Parmak Vibrat\u00f6r - Bursa Erotik Shop<\/title>\n<meta name=\"robots\" content=\"index, follow, max-snippet:-1, max-image-preview:large, max-video-preview:-1\" \/>\n<link rel=\"canonical\" href=\"https:\/\/hobierotikshop.com.tr\/website1\/erotik-shop-urun\/modern-parmak-vibrator\/\" \/>\n<meta property=\"og:locale\" content=\"tr_TR\" \/>\n<meta property=\"og:type\" content=\"article\" \/>\n<meta property=\"og:title\" content=\"Modern Parmak Vibrat\u00f6r\" \/>\n<meta property=\"og:description\" content=\"Mini Pembe Titre\u015fimli Vibrat\u00f6r, estetik tasar\u0131m\u0131 ve g\u00fc\u00e7l\u00fc performans\u0131yla cinsel deneyimlerinizi heyecan dolu bir seviyeye ta\u015f\u0131yan \u00f6zel bir \u00fcr\u00fcnd\u00fcr. K\u00fc\u00e7\u00fck boyutlar\u0131na ra\u011fmen y\u00fcksek titre\u015fim g\u00fcc\u00fc sunarak kullan\u0131c\u0131lara zarif ve tatmin edici anlar ya\u015fat\u0131r. Hem kullan\u0131m kolayl\u0131\u011f\u0131 hem de ta\u015f\u0131nabilirlik a\u00e7\u0131s\u0131ndan m\u00fckemmel olan bu vibrat\u00f6r, ki\u015fisel tatmin arayanlar i\u00e7in idealdir.\" \/>\n<meta property=\"og:url\" content=\"https:\/\/hobierotikshop.com.tr\/website1\/erotik-shop-urun\/modern-parmak-vibrator\/\" \/>\n<meta property=\"og:site_name\" content=\"Bursa Erotik Shop\" \/>\n<meta property=\"article:modified_time\" content=\"2026-01-27T09:01:42+00:00\" \/>\n<meta property=\"og:image\" content=\"https:\/\/hobierotikshop.com.tr\/website1\/wp-content\/uploads\/2025\/03\/modern-parmak-vibrator-1703-1.jpg\" \/>\n\t<meta property=\"og:image:width\" content=\"1500\" \/>\n\t<meta property=\"og:image:height\" content=\"1500\" \/>\n\t<meta property=\"og:image:type\" content=\"image\/jpeg\" \/>\n<meta name=\"twitter:card\" content=\"summary_large_image\" \/>\n<meta name=\"twitter:site\" content=\"@shopbursa\" \/>\n<meta name=\"twitter:label1\" content=\"Fiyat\" \/>\n\t<meta name=\"twitter:data1\" content=\"&#8378;700,00 KDV DAH\u0130L\" \/>\n\t<meta name=\"twitter:label2\" content=\"Availability\" \/>\n\t<meta name=\"twitter:data2\" content=\"In stock\" \/>\n<script type=\"application\/ld+json\" class=\"yoast-schema-graph\">{\"@context\":\"https:\/\/schema.org\",\"@graph\":[{\"@type\":\"WebPage\",\"@id\":\"https:\/\/hobierotikshop.com.tr\/website1\/erotik-shop-urun\/modern-parmak-vibrator\/\",\"url\":\"https:\/\/hobierotikshop.com.tr\/website1\/erotik-shop-urun\/modern-parmak-vibrator\/\",\"name\":\"Modern Parmak Vibrat\u00f6r - Bursa Erotik Shop\",\"isPartOf\":{\"@id\":\"https:\/\/hobierotikshop.com.tr\/website1\/#website\"},\"primaryImageOfPage\":{\"@id\":\"https:\/\/hobierotikshop.com.tr\/website1\/erotik-shop-urun\/modern-parmak-vibrator\/#primaryimage\"},\"image\":{\"@id\":\"https:\/\/hobierotikshop.com.tr\/website1\/erotik-shop-urun\/modern-parmak-vibrator\/#primaryimage\"},\"thumbnailUrl\":\"https:\/\/haremerotikshop.com\/site\/wp-content\/uploads\/2025\/03\/modern-parmak-vibrator-1703-1.jpg\",\"datePublished\":\"2025-03-17T09:14:31+00:00\",\"dateModified\":\"2026-01-27T09:01:42+00:00\",\"breadcrumb\":{\"@id\":\"https:\/\/hobierotikshop.com.tr\/website1\/erotik-shop-urun\/modern-parmak-vibrator\/#breadcrumb\"},\"inLanguage\":\"tr\",\"potentialAction\":[{\"@type\":\"ReadAction\",\"target\":[\"https:\/\/hobierotikshop.com.tr\/website1\/erotik-shop-urun\/modern-parmak-vibrator\/\"]}]},{\"@type\":\"ImageObject\",\"inLanguage\":\"tr\",\"@id\":\"https:\/\/hobierotikshop.com.tr\/website1\/erotik-shop-urun\/modern-parmak-vibrator\/#primaryimage\",\"url\":\"https:\/\/haremerotikshop.com\/site\/wp-content\/uploads\/2025\/03\/modern-parmak-vibrator-1703-1.jpg\",\"contentUrl\":\"https:\/\/haremerotikshop.com\/site\/wp-content\/uploads\/2025\/03\/modern-parmak-vibrator-1703-1.jpg\",\"width\":1500,\"height\":1500},{\"@type\":\"BreadcrumbList\",\"@id\":\"https:\/\/hobierotikshop.com.tr\/website1\/erotik-shop-urun\/modern-parmak-vibrator\/#breadcrumb\",\"itemListElement\":[{\"@type\":\"ListItem\",\"position\":1,\"name\":\"Anasayfa\",\"item\":\"https:\/\/hobierotikshop.com.tr\/website1\/\"},{\"@type\":\"ListItem\",\"position\":2,\"name\":\"Erotik Shop \u00dcr\u00fcnleri\",\"item\":\"https:\/\/hobierotikshop.com.tr\/website1\/shop\/\"},{\"@type\":\"ListItem\",\"position\":3,\"name\":\"Modern Parmak Vibrat\u00f6r\"}]},{\"@type\":\"WebSite\",\"@id\":\"https:\/\/hobierotikshop.com.tr\/website1\/#website\",\"url\":\"https:\/\/hobierotikshop.com.tr\/website1\/\",\"name\":\"Bursa Erotik Shop\",\"description\":\"Bursa Erotik Shop ile g\u00fcvenli, gizli ve kaliteli yeti\u015fkin \u00fcr\u00fcnleri al\u0131\u015fveri\u015fi! Geni\u015f \u00fcr\u00fcn yelpazemizi ke\u015ffedin, hemen sipari\u015f verin\",\"publisher\":{\"@id\":\"https:\/\/hobierotikshop.com.tr\/website1\/#organization\"},\"alternateName\":\"Erotik Shop\",\"potentialAction\":[{\"@type\":\"SearchAction\",\"target\":{\"@type\":\"EntryPoint\",\"urlTemplate\":\"https:\/\/hobierotikshop.com.tr\/website1\/?s={search_term_string}\"},\"query-input\":{\"@type\":\"PropertyValueSpecification\",\"valueRequired\":true,\"valueName\":\"search_term_string\"}}],\"inLanguage\":\"tr\"},{\"@type\":\"Organization\",\"@id\":\"https:\/\/hobierotikshop.com.tr\/website1\/#organization\",\"name\":\"Harem Bursa Erotik Shop\",\"url\":\"https:\/\/hobierotikshop.com.tr\/website1\/\",\"logo\":{\"@type\":\"ImageObject\",\"inLanguage\":\"tr\",\"@id\":\"https:\/\/hobierotikshop.com.tr\/website1\/#\/schema\/logo\/image\/\",\"url\":\"https:\/\/haremerotikshop.com\/site\/wp-content\/uploads\/2025\/03\/haremsexshop.png\",\"contentUrl\":\"https:\/\/haremerotikshop.com\/site\/wp-content\/uploads\/2025\/03\/haremsexshop.png\",\"width\":400,\"height\":100,\"caption\":\"Harem Bursa Erotik Shop\"},\"image\":{\"@id\":\"https:\/\/hobierotikshop.com.tr\/website1\/#\/schema\/logo\/image\/\"},\"sameAs\":[\"https:\/\/x.com\/shopbursa\"],\"publishingPrinciples\":\"https:\/\/hobierotikshop.com.tr\/website1\/mesafeli-satis-sozlesmesi\/\",\"ownershipFundingInfo\":\"https:\/\/hobierotikshop.com.tr\/website1\/contact-us\/\",\"actionableFeedbackPolicy\":\"https:\/\/hobierotikshop.com.tr\/website1\/contact-us\/\",\"correctionsPolicy\":\"https:\/\/hobierotikshop.com.tr\/website1\/mesafeli-satis-sozlesmesi\/\"}]}<\/script>\n<meta property=\"product:brand\" content=\"Pembe Tilki\" \/>\n<meta property=\"product:price:amount\" content=\"700.00\" \/>\n<meta property=\"product:price:currency\" content=\"TRY\" \/>\n<meta property=\"og:availability\" content=\"instock\" \/>\n<meta property=\"product:availability\" content=\"instock\" \/>\n<meta property=\"product:retailer_item_id\" content=\"PT-DVXA312\" \/>\n<meta property=\"product:condition\" content=\"new\" \/>\n<!-- \/ Yoast SEO Premium plugin. -->","yoast_head_json":{"title":"Modern Parmak Vibrat\u00f6r - Bursa Erotik Shop","robots":{"index":"index","follow":"follow","max-snippet":"max-snippet:-1","max-image-preview":"max-image-preview:large","max-video-preview":"max-video-preview:-1"},"canonical":"https:\/\/hobierotikshop.com.tr\/website1\/erotik-shop-urun\/modern-parmak-vibrator\/","og_locale":"tr_TR","og_type":"article","og_title":"Modern Parmak Vibrat\u00f6r","og_description":"Mini Pembe Titre\u015fimli Vibrat\u00f6r, estetik tasar\u0131m\u0131 ve g\u00fc\u00e7l\u00fc performans\u0131yla cinsel deneyimlerinizi heyecan dolu bir seviyeye ta\u015f\u0131yan \u00f6zel bir \u00fcr\u00fcnd\u00fcr. K\u00fc\u00e7\u00fck boyutlar\u0131na ra\u011fmen y\u00fcksek titre\u015fim g\u00fcc\u00fc sunarak kullan\u0131c\u0131lara zarif ve tatmin edici anlar ya\u015fat\u0131r. Hem kullan\u0131m kolayl\u0131\u011f\u0131 hem de ta\u015f\u0131nabilirlik a\u00e7\u0131s\u0131ndan m\u00fckemmel olan bu vibrat\u00f6r, ki\u015fisel tatmin arayanlar i\u00e7in idealdir.","og_url":"https:\/\/hobierotikshop.com.tr\/website1\/erotik-shop-urun\/modern-parmak-vibrator\/","og_site_name":"Bursa Erotik Shop","article_modified_time":"2026-01-27T09:01:42+00:00","og_image":[{"width":1500,"height":1500,"url":"https:\/\/hobierotikshop.com.tr\/website1\/wp-content\/uploads\/2025\/03\/modern-parmak-vibrator-1703-1.jpg","type":"image\/jpeg"}],"twitter_card":"summary_large_image","twitter_site":"@shopbursa","twitter_misc":{"Fiyat":"&#8378;700,00 KDV DAH\u0130L","Availability":"In stock"},"schema":{"@context":"https:\/\/schema.org","@graph":[{"@type":"WebPage","@id":"https:\/\/hobierotikshop.com.tr\/website1\/erotik-shop-urun\/modern-parmak-vibrator\/","url":"https:\/\/hobierotikshop.com.tr\/website1\/erotik-shop-urun\/modern-parmak-vibrator\/","name":"Modern Parmak Vibrat\u00f6r - Bursa Erotik Shop","isPartOf":{"@id":"https:\/\/hobierotikshop.com.tr\/website1\/#website"},"primaryImageOfPage":{"@id":"https:\/\/hobierotikshop.com.tr\/website1\/erotik-shop-urun\/modern-parmak-vibrator\/#primaryimage"},"image":{"@id":"https:\/\/hobierotikshop.com.tr\/website1\/erotik-shop-urun\/modern-parmak-vibrator\/#primaryimage"},"thumbnailUrl":"https:\/\/haremerotikshop.com\/site\/wp-content\/uploads\/2025\/03\/modern-parmak-vibrator-1703-1.jpg","datePublished":"2025-03-17T09:14:31+00:00","dateModified":"2026-01-27T09:01:42+00:00","breadcrumb":{"@id":"https:\/\/hobierotikshop.com.tr\/website1\/erotik-shop-urun\/modern-parmak-vibrator\/#breadcrumb"},"inLanguage":"tr","potentialAction":[{"@type":"ReadAction","target":["https:\/\/hobierotikshop.com.tr\/website1\/erotik-shop-urun\/modern-parmak-vibrator\/"]}]},{"@type":"ImageObject","inLanguage":"tr","@id":"https:\/\/hobierotikshop.com.tr\/website1\/erotik-shop-urun\/modern-parmak-vibrator\/#primaryimage","url":"https:\/\/haremerotikshop.com\/site\/wp-content\/uploads\/2025\/03\/modern-parmak-vibrator-1703-1.jpg","contentUrl":"https:\/\/haremerotikshop.com\/site\/wp-content\/uploads\/2025\/03\/modern-parmak-vibrator-1703-1.jpg","width":1500,"height":1500},{"@type":"BreadcrumbList","@id":"https:\/\/hobierotikshop.com.tr\/website1\/erotik-shop-urun\/modern-parmak-vibrator\/#breadcrumb","itemListElement":[{"@type":"ListItem","position":1,"name":"Anasayfa","item":"https:\/\/hobierotikshop.com.tr\/website1\/"},{"@type":"ListItem","position":2,"name":"Erotik Shop \u00dcr\u00fcnleri","item":"https:\/\/hobierotikshop.com.tr\/website1\/shop\/"},{"@type":"ListItem","position":3,"name":"Modern Parmak Vibrat\u00f6r"}]},{"@type":"WebSite","@id":"https:\/\/hobierotikshop.com.tr\/website1\/#website","url":"https:\/\/hobierotikshop.com.tr\/website1\/","name":"Bursa Erotik Shop","description":"Bursa Erotik Shop ile g\u00fcvenli, gizli ve kaliteli yeti\u015fkin \u00fcr\u00fcnleri al\u0131\u015fveri\u015fi! Geni\u015f \u00fcr\u00fcn yelpazemizi ke\u015ffedin, hemen sipari\u015f verin","publisher":{"@id":"https:\/\/hobierotikshop.com.tr\/website1\/#organization"},"alternateName":"Erotik Shop","potentialAction":[{"@type":"SearchAction","target":{"@type":"EntryPoint","urlTemplate":"https:\/\/hobierotikshop.com.tr\/website1\/?s={search_term_string}"},"query-input":{"@type":"PropertyValueSpecification","valueRequired":true,"valueName":"search_term_string"}}],"inLanguage":"tr"},{"@type":"Organization","@id":"https:\/\/hobierotikshop.com.tr\/website1\/#organization","name":"Harem Bursa Erotik Shop","url":"https:\/\/hobierotikshop.com.tr\/website1\/","logo":{"@type":"ImageObject","inLanguage":"tr","@id":"https:\/\/hobierotikshop.com.tr\/website1\/#\/schema\/logo\/image\/","url":"https:\/\/haremerotikshop.com\/site\/wp-content\/uploads\/2025\/03\/haremsexshop.png","contentUrl":"https:\/\/haremerotikshop.com\/site\/wp-content\/uploads\/2025\/03\/haremsexshop.png","width":400,"height":100,"caption":"Harem Bursa Erotik Shop"},"image":{"@id":"https:\/\/hobierotikshop.com.tr\/website1\/#\/schema\/logo\/image\/"},"sameAs":["https:\/\/x.com\/shopbursa"],"publishingPrinciples":"https:\/\/hobierotikshop.com.tr\/website1\/mesafeli-satis-sozlesmesi\/","ownershipFundingInfo":"https:\/\/hobierotikshop.com.tr\/website1\/contact-us\/","actionableFeedbackPolicy":"https:\/\/hobierotikshop.com.tr\/website1\/contact-us\/","correctionsPolicy":"https:\/\/hobierotikshop.com.tr\/website1\/mesafeli-satis-sozlesmesi\/"}]},"product_brand":"Pembe Tilki","product_price_amount":"700.00","product_price_currency":"TRY","og_availability":"instock","product_availability":"instock","product_retailer_item_id":"PT-DVXA312","product_condition":"new"},"_links":{"self":[{"href":"https:\/\/haremerotikshop.com\/site\/wp-json\/wp\/v2\/product\/18295","targetHints":{"allow":["GET"]}}],"collection":[{"href":"https:\/\/haremerotikshop.com\/site\/wp-json\/wp\/v2\/product"}],"about":[{"href":"https:\/\/haremerotikshop.com\/site\/wp-json\/wp\/v2\/types\/product"}],"replies":[{"embeddable":true,"href":"https:\/\/haremerotikshop.com\/site\/wp-json\/wp\/v2\/comments?post=18295"}],"version-history":[{"count":0,"href":"https:\/\/haremerotikshop.com\/site\/wp-json\/wp\/v2\/product\/18295\/revisions"}],"wp:featuredmedia":[{"embeddable":true,"href":"https:\/\/haremerotikshop.com\/site\/wp-json\/wp\/v2\/media\/18331"}],"wp:attachment":[{"href":"https:\/\/haremerotikshop.com\/site\/wp-json\/wp\/v2\/media?parent=18295"}],"wp:term":[{"taxonomy":"product_brand","embeddable":true,"href":"https:\/\/haremerotikshop.com\/site\/wp-json\/wp\/v2\/product_brand?post=18295"},{"taxonomy":"product_cat","embeddable":true,"href":"https:\/\/haremerotikshop.com\/site\/wp-json\/wp\/v2\/product_cat?post=18295"},{"taxonomy":"product_tag","embeddable":true,"href":"https:\/\/haremerotikshop.com\/site\/wp-json\/wp\/v2\/product_tag?post=18295"}],"curies":[{"name":"wp","href":"https:\/\/api.w.org\/{rel}","templated":true}]}}