{"id":18296,"date":"2025-03-17T12:14:31","date_gmt":"2025-03-17T09:14:31","guid":{"rendered":"https:\/\/haremerotikshop.com\/site\/?post_type=product&#038;p=18296"},"modified":"2026-01-27T12:01:52","modified_gmt":"2026-01-27T09:01:52","slug":"modern-mini-ruj-vibrator","status":"publish","type":"product","link":"https:\/\/haremerotikshop.com\/site\/erotik-shop-urun\/modern-mini-ruj-vibrator\/","title":{"rendered":"Modern Mini Ruj Vibrat\u00f6r"},"content":{"rendered":"<h3 data-end=\"72\" data-start=\"0\"><strong data-end=\"72\" data-start=\"4\">Modern Mini Ruj Vibrat&ouml;r &ndash; Estetik, G&uuml;venli ve Konforlu Deneyim!<\/strong><\/h3>\n<p data-end=\"561\" data-start=\"74\"><strong data-end=\"102\" data-start=\"74\">Modern Mini Ruj Vibrat&ouml;r<\/strong>, zarafeti ve i\u015flevselli\u011fi birle\u015ftirerek cinsel deneyimlerinizi daha &ouml;zel ve heyecanl\u0131 hale getirir. \u015e\u0131k tasar\u0131m\u0131 ve y&uuml;ksek kaliteli malzemeleriyle, her an\u0131n\u0131za <strong data-end=\"285\" data-start=\"263\">konfor ve g&uuml;venlik<\/strong> katmay\u0131 hedefler. Sa\u011fl\u0131\u011f\u0131n\u0131za &ouml;ncelik veren bu &ouml;zel &uuml;r&uuml;n, <strong data-end=\"363\" data-start=\"344\">medikal silikon<\/strong> ve <strong data-end=\"382\" data-start=\"367\">ABS plastik<\/strong> malzemeleri ile g&uuml;venli kullan\u0131m sunar. Ayr\u0131ca, <strong data-end=\"440\" data-start=\"431\">pilli<\/strong> &ouml;zelli\u011fi ile uzun s&uuml;reli kullan\u0131m sa\u011flar ve tatmin edici deneyimlerinizi kesintisiz bir \u015fekilde ya\u015faman\u0131za olanak tan\u0131r.<\/p>\n<h3 data-end=\"588\" data-start=\"563\"><strong data-end=\"588\" data-start=\"567\">&Uuml;r&uuml;n &Ouml;zellikleri:<\/strong><\/h3>\n<ul data-end=\"1701\" data-start=\"590\">\n<li data-end=\"803\" data-start=\"590\">\n<p data-end=\"803\" data-start=\"592\"><strong data-end=\"623\" data-start=\"592\">Y&uuml;ksek Kaliteli Malzemeler:<\/strong> Modern Mini Ruj Vibrat&ouml;r, <strong data-end=\"674\" data-start=\"650\">%100 medikal silikon<\/strong> ve <strong data-end=\"693\" data-start=\"678\">ABS plastik<\/strong> kullan\u0131larak &uuml;retilmi\u015ftir. Bu sayede <strong data-end=\"751\" data-start=\"731\">kanserojen madde<\/strong> i&ccedil;ermeyen, sa\u011fl\u0131kl\u0131 ve g&uuml;venli bir kullan\u0131m sa\u011flar.<\/p>\n<\/li>\n<li data-end=\"1010\" data-start=\"805\">\n<p data-end=\"1010\" data-start=\"807\"><strong data-end=\"840\" data-start=\"807\">Ergonomik ve Kompakt Tasar\u0131m:<\/strong> 9 cm uzunlu\u011funda ve 2.3 cm &ccedil;ap\u0131ndaki <strong data-end=\"898\" data-start=\"878\">ergonomik yap\u0131s\u0131<\/strong>, seyahatlerde bile yan\u0131n\u0131zda kolayca ta\u015f\u0131man\u0131za olanak tan\u0131r. Hem <strong data-end=\"985\" data-start=\"965\">gizli hem de \u015f\u0131k<\/strong> bir \u015fekilde ta\u015f\u0131nabilir.<\/p>\n<\/li>\n<li data-end=\"1237\" data-start=\"1012\">\n<p data-end=\"1237\" data-start=\"1014\"><strong data-end=\"1039\" data-start=\"1014\">Estetik Ruj G&ouml;r&uuml;n&uuml;m&uuml;:<\/strong> \u015e\u0131k ruj tasar\u0131m\u0131, &uuml;r&uuml;n&uuml; yaln\u0131zca bir zevk arac\u0131 de\u011fil, ayn\u0131 zamanda <strong data-end=\"1128\" data-start=\"1108\">estetik bir obje<\/strong> haline getirir. Modern Mini Ruj Vibrat&ouml;r, <strong data-end=\"1185\" data-start=\"1171\">minimalist<\/strong> ve <strong data-end=\"1197\" data-start=\"1189\">l&uuml;ks<\/strong> tasar\u0131m\u0131yla her zaman \u015f\u0131kl\u0131\u011f\u0131 yans\u0131t\u0131r.<\/p>\n<\/li>\n<li data-end=\"1398\" data-start=\"1239\">\n<p data-end=\"1398\" data-start=\"1241\"><strong data-end=\"1263\" data-start=\"1241\">Tek Titre\u015fim Modu:<\/strong> <strong data-end=\"1295\" data-start=\"1264\">Basit ve etkili bir deneyim<\/strong> sunan tek titre\u015fim modu, kullan\u0131c\u0131lara <strong data-end=\"1354\" data-start=\"1335\">maksimum tatmin<\/strong> sa\u011flar. Uzun s&uuml;reli kullan\u0131m i&ccedil;in idealdir.<\/p>\n<\/li>\n<li data-end=\"1567\" data-start=\"1400\">\n<p data-end=\"1567\" data-start=\"1402\"><strong data-end=\"1426\" data-start=\"1402\">Su Ge&ccedil;irmez &Ouml;zellik:<\/strong> <strong data-end=\"1450\" data-start=\"1427\">Su ge&ccedil;irmez tasar\u0131m<\/strong> sayesinde du\u015f veya k&uuml;vet gibi \u0131slak ortamlarda g&uuml;venle kullan\u0131labilir. Yani, her ko\u015fulda keyfinizi &ccedil;\u0131karabilirsiniz.<\/p>\n<\/li>\n<li data-end=\"1701\" data-start=\"1569\">\n<p data-end=\"1701\" data-start=\"1571\"><strong data-end=\"1596\" data-start=\"1571\">Hafif ve Ta\u015f\u0131nabilir:<\/strong> Sadece <strong data-end=\"1615\" data-start=\"1604\">45 gram<\/strong> a\u011f\u0131rl\u0131\u011f\u0131nda olan bu vibrat&ouml;r, her an kullan\u0131ma haz\u0131r ve ta\u015f\u0131mas\u0131 son derece kolayd\u0131r.<\/p>\n<\/li>\n<\/ul>\n<h3 data-end=\"1746\" data-start=\"1703\"><strong data-end=\"1746\" data-start=\"1707\">Modern Mini Ruj Vibrat&ouml;r Faydalar\u0131:<\/strong><\/h3>\n<ul data-end=\"2411\" data-start=\"1748\">\n<li data-end=\"1935\" data-start=\"1748\">\n<p data-end=\"1935\" data-start=\"1750\"><strong data-end=\"1783\" data-start=\"1750\">G&uuml;venli ve Sa\u011fl\u0131kl\u0131 Kullan\u0131m:<\/strong> Modern Mini Ruj Vibrat&ouml;r, <strong data-end=\"1840\" data-start=\"1810\">kanserojen madde i&ccedil;ermeyen<\/strong> medikal malzemelerden &uuml;retilmi\u015ftir. Bu, sa\u011fl\u0131\u011f\u0131n\u0131za zarar vermeyen, g&uuml;venli bir deneyim sunar.<\/p>\n<\/li>\n<li data-end=\"2100\" data-start=\"1937\">\n<p data-end=\"2100\" data-start=\"1939\"><strong data-end=\"1974\" data-start=\"1939\">Komfortlu ve Etkili Performans:<\/strong> Ergonomik tasar\u0131m, <strong data-end=\"2008\" data-start=\"1994\">gizli zevk<\/strong> ve <strong data-end=\"2031\" data-start=\"2012\">maksimum tatmin<\/strong> sunar. Tek titre\u015fim modu, kullan\u0131m s\u0131ras\u0131nda ekstra rahatl\u0131k sa\u011flar.<\/p>\n<\/li>\n<li data-end=\"2260\" data-start=\"2102\">\n<p data-end=\"2260\" data-start=\"2104\"><strong data-end=\"2127\" data-start=\"2104\">Minimalist Tasar\u0131m:<\/strong> <strong data-end=\"2152\" data-start=\"2128\">Estetik ruj g&ouml;r&uuml;n&uuml;m&uuml;<\/strong> ile d\u0131\u015far\u0131da dahi gizli bir zevk arac\u0131 ta\u015f\u0131man\u0131n keyfini &ccedil;\u0131karabilirsiniz. \u015e\u0131kl\u0131k ve i\u015flevsellik bir arada!<\/p>\n<\/li>\n<li data-end=\"2411\" data-start=\"2262\">\n<p data-end=\"2411\" data-start=\"2264\"><strong data-end=\"2301\" data-start=\"2264\">Ta\u015f\u0131nabilirlik ve Kolay Kullan\u0131m:<\/strong> Kompakt boyutu sayesinde bu vibrat&ouml;r her zaman yan\u0131n\u0131zda. <strong data-end=\"2376\" data-start=\"2360\">Hafif yap\u0131s\u0131<\/strong> ile her yerde kolayca ta\u015f\u0131nabilir.<\/p>\n<\/li>\n<\/ul>\n<h3 data-end=\"2439\" data-start=\"2413\"><strong data-end=\"2439\" data-start=\"2417\">Kullan\u0131m Alanlar\u0131:<\/strong><\/h3>\n<ul data-end=\"2879\" data-start=\"2441\">\n<li data-end=\"2605\" data-start=\"2441\">\n<p data-end=\"2605\" data-start=\"2443\"><strong data-end=\"2465\" data-start=\"2443\">Bireysel Kullan\u0131m:<\/strong> Modern Mini Ruj Vibrat&ouml;r, <strong data-end=\"2508\" data-start=\"2492\">ki\u015fisel zevk<\/strong> arayan kullan\u0131c\u0131lar i&ccedil;in m&uuml;kemmel bir tercihtir. G&uuml;n&uuml; &ouml;zel k\u0131lacak her an\u0131n\u0131za ekstra haz kat\u0131n.<\/p>\n<\/li>\n<li data-end=\"2770\" data-start=\"2607\">\n<p data-end=\"2770\" data-start=\"2609\"><strong data-end=\"2632\" data-start=\"2609\">Partnerle Kullan\u0131m:<\/strong> &Ccedil;iftler, bu \u015f\u0131k tasar\u0131ml\u0131 vibrat&ouml;r ile <strong data-end=\"2694\" data-start=\"2672\">cinsel ke\u015fiflerini<\/strong> zenginle\u015ftirerek daha heyecanl\u0131 ve tatmin edici bir deneyim ya\u015fayabilirler.<\/p>\n<\/li>\n<li data-end=\"2879\" data-start=\"2772\">\n<p data-end=\"2879\" data-start=\"2774\"><strong data-end=\"2792\" data-start=\"2774\">Seyahat Dostu:<\/strong> Boyutlar\u0131 sayesinde <strong data-end=\"2828\" data-start=\"2813\">ta\u015f\u0131nabilir<\/strong> olmas\u0131, seyahatlerde dahi kullan\u0131m\u0131 kolayla\u015ft\u0131r\u0131r.<\/p>\n<\/li>\n<\/ul>\n<h3 data-end=\"2908\" data-start=\"2881\"><strong data-end=\"2908\" data-start=\"2885\">G&uuml;venlik ve Kalite:<\/strong><\/h3>\n<p data-end=\"3258\" data-start=\"2910\">Modern Mini Ruj Vibrat&ouml;r, <strong data-end=\"2977\" data-start=\"2936\">y&uuml;ksek kaliteli ve g&uuml;venli malzemeler<\/strong>le &uuml;retilmi\u015ftir. Kullan\u0131c\u0131lar\u0131n sa\u011fl\u0131\u011f\u0131 ve g&uuml;venli\u011fi &ouml;n planda tutulmu\u015f olup, titizlikle &uuml;retilmi\u015ftir. <strong data-end=\"3095\" data-start=\"3080\">Su ge&ccedil;irmez<\/strong> &ouml;zelli\u011fi, her t&uuml;rl&uuml; ortamda rahat&ccedil;a kullan\u0131lmas\u0131n\u0131 sa\u011flar. &Uuml;r&uuml;n <strong data-end=\"3181\" data-start=\"3160\">hijyenik kullan\u0131m<\/strong> i&ccedil;in tasarlanm\u0131\u015ft\u0131r ve kullan\u0131mdan &ouml;nce ve sonra temizlenmesi gerekmektedir.<\/p>\n<h3 data-end=\"3274\" data-start=\"3260\"><strong data-end=\"3274\" data-start=\"3264\">Sonu&ccedil;:<\/strong><\/h3>\n<p data-end=\"3702\" data-start=\"3276\"><strong data-end=\"3304\" data-start=\"3276\">Modern Mini Ruj Vibrat&ouml;r<\/strong>, estetik tasar\u0131m\u0131, <strong data-end=\"3348\" data-start=\"3324\">sa\u011fl\u0131kl\u0131 malzemeleri<\/strong> ve <strong data-end=\"3374\" data-start=\"3352\">y&uuml;ksek performans\u0131<\/strong> ile g&uuml;nl&uuml;k zevklerinizi daha &ouml;zel hale getirir. \u015e\u0131k ruj g&ouml;r&uuml;n&uuml;m&uuml; ve ergonomik yap\u0131s\u0131yla, hem <strong data-end=\"3493\" data-start=\"3468\">gizli hem de konforlu<\/strong> bir deneyim sunar. <strong data-end=\"3530\" data-start=\"3513\">Seyahat dostu<\/strong> ve <strong data-end=\"3549\" data-start=\"3534\">su ge&ccedil;irmez<\/strong> &ouml;zelli\u011fiyle her ko\u015fulda <strong data-end=\"3591\" data-start=\"3574\">maksimum zevk<\/strong> sa\u011flar. E\u011fer <strong data-end=\"3636\" data-start=\"3605\">zarif ve etkili bir deneyim<\/strong> ar\u0131yorsan\u0131z, Modern Mini Ruj Vibrat&ouml;r sizin i&ccedil;in ideal tercihtir!<\/p>\n","protected":false},"excerpt":{"rendered":"<p><strong data-start=\"74\" data-end=\"102\">Modern Mini Ruj Vibrat\u00f6r<\/strong>, zarafeti ve i\u015flevselli\u011fi birle\u015ftirerek cinsel deneyimlerinizi daha \u00f6zel ve heyecanl\u0131 hale getirir. \u015e\u0131k tasar\u0131m\u0131 ve y\u00fcksek kaliteli malzemeleriyle, her an\u0131n\u0131za <strong data-start=\"263\" data-end=\"285\">konfor ve g\u00fcvenlik<\/strong> katmay\u0131 hedefler. Sa\u011fl\u0131\u011f\u0131n\u0131za \u00f6ncelik veren bu \u00f6zel \u00fcr\u00fcn, <strong data-start=\"344\" data-end=\"363\">medikal silikon<\/strong> ve <strong data-start=\"367\" data-end=\"382\">ABS plastik<\/strong> malzemeleri ile g\u00fcvenli kullan\u0131m sunar. Ayr\u0131ca, <strong data-start=\"431\" data-end=\"440\">pilli<\/strong> \u00f6zelli\u011fi ile uzun s\u00fcreli kullan\u0131m sa\u011flar ve tatmin edici deneyimlerinizi kesintisiz bir \u015fekilde ya\u015faman\u0131za olanak tan\u0131r.<\/p>\n","protected":false},"featured_media":18335,"comment_status":"open","ping_status":"closed","template":"","meta":[],"product_brand":[127],"product_cat":[85],"product_tag":[87],"class_list":{"0":"post-18296","1":"product","2":"type-product","3":"status-publish","4":"has-post-thumbnail","6":"product_brand-pembe-tilki","7":"product_cat-modern-vibrator","8":"product_tag-modern-mini-ruj-vibrator","10":"first","11":"instock","12":"taxable","13":"shipping-taxable","14":"purchasable","15":"product-type-simple"},"yoast_head":"<!-- This site is optimized with the Yoast SEO Premium plugin v24.4 (Yoast SEO v27.1.1) - https:\/\/yoast.com\/product\/yoast-seo-premium-wordpress\/ -->\n<title>Modern Mini Ruj Vibrat\u00f6r - Bursa Erotik Shop<\/title>\n<meta name=\"robots\" content=\"index, follow, max-snippet:-1, max-image-preview:large, max-video-preview:-1\" \/>\n<link rel=\"canonical\" href=\"https:\/\/hobierotikshop.com.tr\/website1\/erotik-shop-urun\/modern-mini-ruj-vibrator\/\" \/>\n<meta property=\"og:locale\" content=\"tr_TR\" \/>\n<meta property=\"og:type\" content=\"article\" \/>\n<meta property=\"og:title\" content=\"Modern Mini Ruj Vibrat\u00f6r\" \/>\n<meta property=\"og:description\" content=\"Modern Mini Ruj Vibrat\u00f6r, zarafeti ve i\u015flevselli\u011fi birle\u015ftirerek cinsel deneyimlerinizi daha \u00f6zel ve heyecanl\u0131 hale getirir. \u015e\u0131k tasar\u0131m\u0131 ve y\u00fcksek kaliteli malzemeleriyle, her an\u0131n\u0131za konfor ve g\u00fcvenlik katmay\u0131 hedefler. Sa\u011fl\u0131\u011f\u0131n\u0131za \u00f6ncelik veren bu \u00f6zel \u00fcr\u00fcn, medikal silikon ve ABS plastik malzemeleri ile g\u00fcvenli kullan\u0131m sunar. Ayr\u0131ca, pilli \u00f6zelli\u011fi ile uzun s\u00fcreli kullan\u0131m sa\u011flar ve tatmin edici deneyimlerinizi kesintisiz bir \u015fekilde ya\u015faman\u0131za olanak tan\u0131r.\" \/>\n<meta property=\"og:url\" content=\"https:\/\/hobierotikshop.com.tr\/website1\/erotik-shop-urun\/modern-mini-ruj-vibrator\/\" \/>\n<meta property=\"og:site_name\" content=\"Bursa Erotik Shop\" \/>\n<meta property=\"article:modified_time\" content=\"2026-01-27T09:01:52+00:00\" \/>\n<meta property=\"og:image\" content=\"https:\/\/hobierotikshop.com.tr\/website1\/wp-content\/uploads\/2025\/03\/modern-mini-ruj-vibrator-1706-1.jpg\" \/>\n\t<meta property=\"og:image:width\" content=\"1500\" \/>\n\t<meta property=\"og:image:height\" content=\"1500\" \/>\n\t<meta property=\"og:image:type\" content=\"image\/jpeg\" \/>\n<meta name=\"twitter:card\" content=\"summary_large_image\" \/>\n<meta name=\"twitter:site\" content=\"@shopbursa\" \/>\n<meta name=\"twitter:label1\" content=\"Fiyat\" \/>\n\t<meta name=\"twitter:data1\" content=\"&#8378;800,00 KDV DAH\u0130L\" \/>\n\t<meta name=\"twitter:label2\" content=\"Availability\" \/>\n\t<meta name=\"twitter:data2\" content=\"In stock\" \/>\n<script type=\"application\/ld+json\" class=\"yoast-schema-graph\">{\"@context\":\"https:\/\/schema.org\",\"@graph\":[{\"@type\":\"WebPage\",\"@id\":\"https:\/\/hobierotikshop.com.tr\/website1\/erotik-shop-urun\/modern-mini-ruj-vibrator\/\",\"url\":\"https:\/\/hobierotikshop.com.tr\/website1\/erotik-shop-urun\/modern-mini-ruj-vibrator\/\",\"name\":\"Modern Mini Ruj Vibrat\u00f6r - Bursa Erotik Shop\",\"isPartOf\":{\"@id\":\"https:\/\/hobierotikshop.com.tr\/website1\/#website\"},\"primaryImageOfPage\":{\"@id\":\"https:\/\/hobierotikshop.com.tr\/website1\/erotik-shop-urun\/modern-mini-ruj-vibrator\/#primaryimage\"},\"image\":{\"@id\":\"https:\/\/hobierotikshop.com.tr\/website1\/erotik-shop-urun\/modern-mini-ruj-vibrator\/#primaryimage\"},\"thumbnailUrl\":\"https:\/\/haremerotikshop.com\/site\/wp-content\/uploads\/2025\/03\/modern-mini-ruj-vibrator-1706-1.jpg\",\"datePublished\":\"2025-03-17T09:14:31+00:00\",\"dateModified\":\"2026-01-27T09:01:52+00:00\",\"breadcrumb\":{\"@id\":\"https:\/\/hobierotikshop.com.tr\/website1\/erotik-shop-urun\/modern-mini-ruj-vibrator\/#breadcrumb\"},\"inLanguage\":\"tr\",\"potentialAction\":[{\"@type\":\"ReadAction\",\"target\":[\"https:\/\/hobierotikshop.com.tr\/website1\/erotik-shop-urun\/modern-mini-ruj-vibrator\/\"]}]},{\"@type\":\"ImageObject\",\"inLanguage\":\"tr\",\"@id\":\"https:\/\/hobierotikshop.com.tr\/website1\/erotik-shop-urun\/modern-mini-ruj-vibrator\/#primaryimage\",\"url\":\"https:\/\/haremerotikshop.com\/site\/wp-content\/uploads\/2025\/03\/modern-mini-ruj-vibrator-1706-1.jpg\",\"contentUrl\":\"https:\/\/haremerotikshop.com\/site\/wp-content\/uploads\/2025\/03\/modern-mini-ruj-vibrator-1706-1.jpg\",\"width\":1500,\"height\":1500},{\"@type\":\"BreadcrumbList\",\"@id\":\"https:\/\/hobierotikshop.com.tr\/website1\/erotik-shop-urun\/modern-mini-ruj-vibrator\/#breadcrumb\",\"itemListElement\":[{\"@type\":\"ListItem\",\"position\":1,\"name\":\"Anasayfa\",\"item\":\"https:\/\/hobierotikshop.com.tr\/website1\/\"},{\"@type\":\"ListItem\",\"position\":2,\"name\":\"Erotik Shop \u00dcr\u00fcnleri\",\"item\":\"https:\/\/hobierotikshop.com.tr\/website1\/shop\/\"},{\"@type\":\"ListItem\",\"position\":3,\"name\":\"Modern Mini Ruj Vibrat\u00f6r\"}]},{\"@type\":\"WebSite\",\"@id\":\"https:\/\/hobierotikshop.com.tr\/website1\/#website\",\"url\":\"https:\/\/hobierotikshop.com.tr\/website1\/\",\"name\":\"Bursa Erotik Shop\",\"description\":\"Bursa Erotik Shop ile g\u00fcvenli, gizli ve kaliteli yeti\u015fkin \u00fcr\u00fcnleri al\u0131\u015fveri\u015fi! Geni\u015f \u00fcr\u00fcn yelpazemizi ke\u015ffedin, hemen sipari\u015f verin\",\"publisher\":{\"@id\":\"https:\/\/hobierotikshop.com.tr\/website1\/#organization\"},\"alternateName\":\"Erotik Shop\",\"potentialAction\":[{\"@type\":\"SearchAction\",\"target\":{\"@type\":\"EntryPoint\",\"urlTemplate\":\"https:\/\/hobierotikshop.com.tr\/website1\/?s={search_term_string}\"},\"query-input\":{\"@type\":\"PropertyValueSpecification\",\"valueRequired\":true,\"valueName\":\"search_term_string\"}}],\"inLanguage\":\"tr\"},{\"@type\":\"Organization\",\"@id\":\"https:\/\/hobierotikshop.com.tr\/website1\/#organization\",\"name\":\"Harem Bursa Erotik Shop\",\"url\":\"https:\/\/hobierotikshop.com.tr\/website1\/\",\"logo\":{\"@type\":\"ImageObject\",\"inLanguage\":\"tr\",\"@id\":\"https:\/\/hobierotikshop.com.tr\/website1\/#\/schema\/logo\/image\/\",\"url\":\"https:\/\/haremerotikshop.com\/site\/wp-content\/uploads\/2025\/03\/haremsexshop.png\",\"contentUrl\":\"https:\/\/haremerotikshop.com\/site\/wp-content\/uploads\/2025\/03\/haremsexshop.png\",\"width\":400,\"height\":100,\"caption\":\"Harem Bursa Erotik Shop\"},\"image\":{\"@id\":\"https:\/\/hobierotikshop.com.tr\/website1\/#\/schema\/logo\/image\/\"},\"sameAs\":[\"https:\/\/x.com\/shopbursa\"],\"publishingPrinciples\":\"https:\/\/hobierotikshop.com.tr\/website1\/mesafeli-satis-sozlesmesi\/\",\"ownershipFundingInfo\":\"https:\/\/hobierotikshop.com.tr\/website1\/contact-us\/\",\"actionableFeedbackPolicy\":\"https:\/\/hobierotikshop.com.tr\/website1\/contact-us\/\",\"correctionsPolicy\":\"https:\/\/hobierotikshop.com.tr\/website1\/mesafeli-satis-sozlesmesi\/\"}]}<\/script>\n<meta property=\"product:brand\" content=\"Pembe Tilki\" \/>\n<meta property=\"product:price:amount\" content=\"800.00\" \/>\n<meta property=\"product:price:currency\" content=\"TRY\" \/>\n<meta property=\"og:availability\" content=\"instock\" \/>\n<meta property=\"product:availability\" content=\"instock\" \/>\n<meta property=\"product:retailer_item_id\" content=\"PT-DVXA315\" \/>\n<meta property=\"product:condition\" content=\"new\" \/>\n<!-- \/ Yoast SEO Premium plugin. -->","yoast_head_json":{"title":"Modern Mini Ruj Vibrat\u00f6r - Bursa Erotik Shop","robots":{"index":"index","follow":"follow","max-snippet":"max-snippet:-1","max-image-preview":"max-image-preview:large","max-video-preview":"max-video-preview:-1"},"canonical":"https:\/\/hobierotikshop.com.tr\/website1\/erotik-shop-urun\/modern-mini-ruj-vibrator\/","og_locale":"tr_TR","og_type":"article","og_title":"Modern Mini Ruj Vibrat\u00f6r","og_description":"Modern Mini Ruj Vibrat\u00f6r, zarafeti ve i\u015flevselli\u011fi birle\u015ftirerek cinsel deneyimlerinizi daha \u00f6zel ve heyecanl\u0131 hale getirir. \u015e\u0131k tasar\u0131m\u0131 ve y\u00fcksek kaliteli malzemeleriyle, her an\u0131n\u0131za konfor ve g\u00fcvenlik katmay\u0131 hedefler. Sa\u011fl\u0131\u011f\u0131n\u0131za \u00f6ncelik veren bu \u00f6zel \u00fcr\u00fcn, medikal silikon ve ABS plastik malzemeleri ile g\u00fcvenli kullan\u0131m sunar. Ayr\u0131ca, pilli \u00f6zelli\u011fi ile uzun s\u00fcreli kullan\u0131m sa\u011flar ve tatmin edici deneyimlerinizi kesintisiz bir \u015fekilde ya\u015faman\u0131za olanak tan\u0131r.","og_url":"https:\/\/hobierotikshop.com.tr\/website1\/erotik-shop-urun\/modern-mini-ruj-vibrator\/","og_site_name":"Bursa Erotik Shop","article_modified_time":"2026-01-27T09:01:52+00:00","og_image":[{"width":1500,"height":1500,"url":"https:\/\/hobierotikshop.com.tr\/website1\/wp-content\/uploads\/2025\/03\/modern-mini-ruj-vibrator-1706-1.jpg","type":"image\/jpeg"}],"twitter_card":"summary_large_image","twitter_site":"@shopbursa","twitter_misc":{"Fiyat":"&#8378;800,00 KDV DAH\u0130L","Availability":"In stock"},"schema":{"@context":"https:\/\/schema.org","@graph":[{"@type":"WebPage","@id":"https:\/\/hobierotikshop.com.tr\/website1\/erotik-shop-urun\/modern-mini-ruj-vibrator\/","url":"https:\/\/hobierotikshop.com.tr\/website1\/erotik-shop-urun\/modern-mini-ruj-vibrator\/","name":"Modern Mini Ruj Vibrat\u00f6r - Bursa Erotik Shop","isPartOf":{"@id":"https:\/\/hobierotikshop.com.tr\/website1\/#website"},"primaryImageOfPage":{"@id":"https:\/\/hobierotikshop.com.tr\/website1\/erotik-shop-urun\/modern-mini-ruj-vibrator\/#primaryimage"},"image":{"@id":"https:\/\/hobierotikshop.com.tr\/website1\/erotik-shop-urun\/modern-mini-ruj-vibrator\/#primaryimage"},"thumbnailUrl":"https:\/\/haremerotikshop.com\/site\/wp-content\/uploads\/2025\/03\/modern-mini-ruj-vibrator-1706-1.jpg","datePublished":"2025-03-17T09:14:31+00:00","dateModified":"2026-01-27T09:01:52+00:00","breadcrumb":{"@id":"https:\/\/hobierotikshop.com.tr\/website1\/erotik-shop-urun\/modern-mini-ruj-vibrator\/#breadcrumb"},"inLanguage":"tr","potentialAction":[{"@type":"ReadAction","target":["https:\/\/hobierotikshop.com.tr\/website1\/erotik-shop-urun\/modern-mini-ruj-vibrator\/"]}]},{"@type":"ImageObject","inLanguage":"tr","@id":"https:\/\/hobierotikshop.com.tr\/website1\/erotik-shop-urun\/modern-mini-ruj-vibrator\/#primaryimage","url":"https:\/\/haremerotikshop.com\/site\/wp-content\/uploads\/2025\/03\/modern-mini-ruj-vibrator-1706-1.jpg","contentUrl":"https:\/\/haremerotikshop.com\/site\/wp-content\/uploads\/2025\/03\/modern-mini-ruj-vibrator-1706-1.jpg","width":1500,"height":1500},{"@type":"BreadcrumbList","@id":"https:\/\/hobierotikshop.com.tr\/website1\/erotik-shop-urun\/modern-mini-ruj-vibrator\/#breadcrumb","itemListElement":[{"@type":"ListItem","position":1,"name":"Anasayfa","item":"https:\/\/hobierotikshop.com.tr\/website1\/"},{"@type":"ListItem","position":2,"name":"Erotik Shop \u00dcr\u00fcnleri","item":"https:\/\/hobierotikshop.com.tr\/website1\/shop\/"},{"@type":"ListItem","position":3,"name":"Modern Mini Ruj Vibrat\u00f6r"}]},{"@type":"WebSite","@id":"https:\/\/hobierotikshop.com.tr\/website1\/#website","url":"https:\/\/hobierotikshop.com.tr\/website1\/","name":"Bursa Erotik Shop","description":"Bursa Erotik Shop ile g\u00fcvenli, gizli ve kaliteli yeti\u015fkin \u00fcr\u00fcnleri al\u0131\u015fveri\u015fi! Geni\u015f \u00fcr\u00fcn yelpazemizi ke\u015ffedin, hemen sipari\u015f verin","publisher":{"@id":"https:\/\/hobierotikshop.com.tr\/website1\/#organization"},"alternateName":"Erotik Shop","potentialAction":[{"@type":"SearchAction","target":{"@type":"EntryPoint","urlTemplate":"https:\/\/hobierotikshop.com.tr\/website1\/?s={search_term_string}"},"query-input":{"@type":"PropertyValueSpecification","valueRequired":true,"valueName":"search_term_string"}}],"inLanguage":"tr"},{"@type":"Organization","@id":"https:\/\/hobierotikshop.com.tr\/website1\/#organization","name":"Harem Bursa Erotik Shop","url":"https:\/\/hobierotikshop.com.tr\/website1\/","logo":{"@type":"ImageObject","inLanguage":"tr","@id":"https:\/\/hobierotikshop.com.tr\/website1\/#\/schema\/logo\/image\/","url":"https:\/\/haremerotikshop.com\/site\/wp-content\/uploads\/2025\/03\/haremsexshop.png","contentUrl":"https:\/\/haremerotikshop.com\/site\/wp-content\/uploads\/2025\/03\/haremsexshop.png","width":400,"height":100,"caption":"Harem Bursa Erotik Shop"},"image":{"@id":"https:\/\/hobierotikshop.com.tr\/website1\/#\/schema\/logo\/image\/"},"sameAs":["https:\/\/x.com\/shopbursa"],"publishingPrinciples":"https:\/\/hobierotikshop.com.tr\/website1\/mesafeli-satis-sozlesmesi\/","ownershipFundingInfo":"https:\/\/hobierotikshop.com.tr\/website1\/contact-us\/","actionableFeedbackPolicy":"https:\/\/hobierotikshop.com.tr\/website1\/contact-us\/","correctionsPolicy":"https:\/\/hobierotikshop.com.tr\/website1\/mesafeli-satis-sozlesmesi\/"}]},"product_brand":"Pembe Tilki","product_price_amount":"800.00","product_price_currency":"TRY","og_availability":"instock","product_availability":"instock","product_retailer_item_id":"PT-DVXA315","product_condition":"new"},"_links":{"self":[{"href":"https:\/\/haremerotikshop.com\/site\/wp-json\/wp\/v2\/product\/18296","targetHints":{"allow":["GET"]}}],"collection":[{"href":"https:\/\/haremerotikshop.com\/site\/wp-json\/wp\/v2\/product"}],"about":[{"href":"https:\/\/haremerotikshop.com\/site\/wp-json\/wp\/v2\/types\/product"}],"replies":[{"embeddable":true,"href":"https:\/\/haremerotikshop.com\/site\/wp-json\/wp\/v2\/comments?post=18296"}],"version-history":[{"count":0,"href":"https:\/\/haremerotikshop.com\/site\/wp-json\/wp\/v2\/product\/18296\/revisions"}],"wp:featuredmedia":[{"embeddable":true,"href":"https:\/\/haremerotikshop.com\/site\/wp-json\/wp\/v2\/media\/18335"}],"wp:attachment":[{"href":"https:\/\/haremerotikshop.com\/site\/wp-json\/wp\/v2\/media?parent=18296"}],"wp:term":[{"taxonomy":"product_brand","embeddable":true,"href":"https:\/\/haremerotikshop.com\/site\/wp-json\/wp\/v2\/product_brand?post=18296"},{"taxonomy":"product_cat","embeddable":true,"href":"https:\/\/haremerotikshop.com\/site\/wp-json\/wp\/v2\/product_cat?post=18296"},{"taxonomy":"product_tag","embeddable":true,"href":"https:\/\/haremerotikshop.com\/site\/wp-json\/wp\/v2\/product_tag?post=18296"}],"curies":[{"name":"wp","href":"https:\/\/api.w.org\/{rel}","templated":true}]}}