{"id":18303,"date":"2025-03-17T12:14:32","date_gmt":"2025-03-17T09:14:32","guid":{"rendered":"https:\/\/haremerotikshop.com\/site\/?post_type=product&#038;p=18303"},"modified":"2026-01-27T11:58:57","modified_gmt":"2026-01-27T08:58:57","slug":"silikon-agiz-topu","status":"publish","type":"product","link":"https:\/\/haremerotikshop.com\/site\/erotik-shop-urun\/silikon-agiz-topu\/","title":{"rendered":"Silikon A\u011f\u0131z Topu"},"content":{"rendered":"<h3 class=\"\" data-start=\"0\" data-end=\"65\"><strong data-start=\"4\" data-end=\"65\">Silikon A\u011f\u0131z Topu \u2013 Cinsel Ke\u015fiflere Yeni Bir Boyut Kat\u0131n<\/strong><\/h3>\n<p class=\"\" data-start=\"67\" data-end=\"565\"><strong data-start=\"67\" data-end=\"88\">Silikon A\u011f\u0131z Topu<\/strong>, cinsel ke\u015fiflerinizi daha heyecan verici ve farkl\u0131 bir boyuta ta\u015f\u0131mak i\u00e7in \u00f6zel olarak tasarlanm\u0131\u015f bir \u00fcr\u00fcnd\u00fcr. A\u011f\u0131z i\u00e7inde yerle\u015ftirilen yumu\u015fak ve esnek silikon top, s\u00f6zl\u00fc ileti\u015fimi k\u0131s\u0131tlayarak ve kontrol alt\u0131na alarak yeni heyecanlar ya\u015faman\u0131za olanak tan\u0131r. Hem estetik hem de i\u015flevsel olarak tasarlanan bu \u00fcr\u00fcn, cinsel ke\u015fif d\u00fcnyan\u0131z\u0131 renklendirirken g\u00fcvenli ve konforlu bir deneyim sunar. <strong data-start=\"486\" data-end=\"509\">Kontrol dinamikleri<\/strong> ile farkl\u0131 deneyimler arayanlar i\u00e7in ideal bir \u00fcr\u00fcnd\u00fcr.<\/p>\n<h3 class=\"\" data-start=\"567\" data-end=\"592\"><strong data-start=\"571\" data-end=\"592\">\u00dcr\u00fcn \u00d6zellikleri:<\/strong><\/h3>\n<ul data-start=\"594\" data-end=\"1787\">\n<li class=\"\" data-start=\"594\" data-end=\"864\">\n<p class=\"\" data-start=\"596\" data-end=\"864\"><strong data-start=\"596\" data-end=\"632\">Y\u00fcksek Kaliteli Silikon Malzeme:<\/strong> <strong data-start=\"633\" data-end=\"654\">Silikon A\u011f\u0131z Topu<\/strong>, kullan\u0131c\u0131 g\u00fcvenli\u011fi ve konforu g\u00f6z \u00f6n\u00fcnde bulundurularak <strong data-start=\"713\" data-end=\"760\">y\u00fcksek kaliteli, g\u00fcvenli silikon malzemeden<\/strong> \u00fcretilmi\u015ftir. Bu malzeme, cilde uyumlu olup uzun s\u00fcreli kullan\u0131mlarda dahi g\u00fcvenlik ve rahatl\u0131k sa\u011flar.<\/p>\n<\/li>\n<li class=\"\" data-start=\"866\" data-end=\"1133\">\n<p class=\"\" data-start=\"868\" data-end=\"1133\"><strong data-start=\"868\" data-end=\"894\">Esnek ve Yumu\u015fak Yap\u0131:<\/strong> A\u011f\u0131z topunun <strong data-start=\"908\" data-end=\"943\">esnek ve yumu\u015fak silikon yap\u0131s\u0131<\/strong>, farkl\u0131 a\u011f\u0131z yap\u0131lar\u0131na rahat\u00e7a uyum sa\u011flar. Uzun s\u00fcreli kullan\u0131mda bile a\u011fz\u0131n\u0131za zarar vermez, konforlu bir deneyim sunar. Hem yeni ba\u015flayanlar hem de deneyimli kullan\u0131c\u0131lar i\u00e7in idealdir.<\/p>\n<\/li>\n<li class=\"\" data-start=\"1135\" data-end=\"1399\">\n<p class=\"\" data-start=\"1137\" data-end=\"1399\"><strong data-start=\"1137\" data-end=\"1167\">S\u00f6zl\u00fc \u0130leti\u015fimi K\u0131s\u0131tlama:<\/strong> <strong data-start=\"1168\" data-end=\"1189\">Silikon A\u011f\u0131z Topu<\/strong>, s\u00f6zl\u00fc ileti\u015fimi k\u0131s\u0131tlayarak yeni bir deneyim sunar. Bu, kullan\u0131c\u0131ya daha fazla kontrol ve ke\u015fif olana\u011f\u0131 sa\u011flar, \u00f6zellikle <strong data-start=\"1314\" data-end=\"1337\">kontrol dinamikleri<\/strong> ve <strong data-start=\"1341\" data-end=\"1355\">dominasyon<\/strong> gibi fantezileri sevenler i\u00e7in m\u00fckemmeldir.<\/p>\n<\/li>\n<li class=\"\" data-start=\"1401\" data-end=\"1593\">\n<p class=\"\" data-start=\"1403\" data-end=\"1593\"><strong data-start=\"1403\" data-end=\"1421\">Hassas Uyar\u0131m:<\/strong> A\u011f\u0131z topunun etraf\u0131ndaki kenarlar, <strong data-start=\"1457\" data-end=\"1505\">dudaklar\u0131 ve a\u011f\u0131z \u00e7evresini nazik\u00e7e uyararak<\/strong> yeni zevkler ke\u015ffetmenize olanak tan\u0131r. Bu \u00f6zelli\u011fi, cinsel haz ve tatmini art\u0131rabilir.<\/p>\n<\/li>\n<li class=\"\" data-start=\"1595\" data-end=\"1787\">\n<p class=\"\" data-start=\"1597\" data-end=\"1787\"><strong data-start=\"1597\" data-end=\"1616\">Kolay Kullan\u0131m:<\/strong> <strong data-start=\"1617\" data-end=\"1638\">Silikon A\u011f\u0131z Topu<\/strong>, basit ve <strong data-start=\"1649\" data-end=\"1673\">kolay kullan\u0131labilir<\/strong> tasar\u0131m\u0131 sayesinde h\u0131zl\u0131ca tak\u0131l\u0131p \u00e7\u0131kar\u0131labilir. Kullan\u0131c\u0131ya b\u00fcy\u00fck kolayl\u0131k sa\u011flar ve rahatl\u0131kla temizlenebilir.<\/p>\n<\/li>\n<\/ul>\n<h3 class=\"\" data-start=\"1789\" data-end=\"1812\"><strong data-start=\"1793\" data-end=\"1812\">\u00dcr\u00fcn Faydalar\u0131:<\/strong><\/h3>\n<ul data-start=\"1814\" data-end=\"2686\">\n<li class=\"\" data-start=\"1814\" data-end=\"2084\">\n<p class=\"\" data-start=\"1816\" data-end=\"2084\"><strong data-start=\"1816\" data-end=\"1847\">Yeni Deneyimler ve Heyecan:<\/strong> S\u00f6zl\u00fc ileti\u015fimi k\u0131s\u0131tlayarak, <strong data-start=\"1878\" data-end=\"1937\">yeni deneyimler ve heyecanlar ke\u015ffetmenize olanak tan\u0131r<\/strong>. \u00d6zellikle <strong data-start=\"1949\" data-end=\"1960\">kontrol<\/strong> ve <strong data-start=\"1964\" data-end=\"1978\">dominasyon<\/strong> fantezilerini sevenler i\u00e7in ideal bir \u00fcr\u00fcn olan a\u011f\u0131z topu, cinsel deneyimlerinize farkl\u0131 bir boyut katar.<\/p>\n<\/li>\n<li class=\"\" data-start=\"2086\" data-end=\"2311\">\n<p class=\"\" data-start=\"2088\" data-end=\"2311\"><strong data-start=\"2088\" data-end=\"2116\">Cinsel Ke\u015fif ve Fantezi:<\/strong> <strong data-start=\"2117\" data-end=\"2163\">Partnerinizle birlikte kontrol dinamikleri<\/strong> ve farkl\u0131 deneyimler ke\u015ffetmek i\u00e7in <strong data-start=\"2200\" data-end=\"2221\">Silikon A\u011f\u0131z Topu<\/strong> m\u00fckemmel bir ara\u00e7t\u0131r. <strong data-start=\"2244\" data-end=\"2266\">Fantezi oyunlar\u0131n\u0131<\/strong> daha e\u011flenceli ve tatmin edici hale getirir.<\/p>\n<\/li>\n<li class=\"\" data-start=\"2313\" data-end=\"2506\">\n<p class=\"\" data-start=\"2315\" data-end=\"2506\"><strong data-start=\"2315\" data-end=\"2348\">Hassas Uyar\u0131m ve Zevk Art\u0131\u015f\u0131:<\/strong> A\u011f\u0131z topunun \u00e7evresindeki kenarlar, dudaklar\u0131n\u0131za ve a\u011fz\u0131n\u0131za <strong data-start=\"2411\" data-end=\"2440\">hassas bir \u015fekilde uyar\u0131m<\/strong> sa\u011flayarak, cinsel zevkinizi art\u0131r\u0131r ve tatmininize katk\u0131 sa\u011flar.<\/p>\n<\/li>\n<li class=\"\" data-start=\"2508\" data-end=\"2686\">\n<p class=\"\" data-start=\"2510\" data-end=\"2686\"><strong data-start=\"2510\" data-end=\"2538\">Kolay Temizlik ve Bak\u0131m:<\/strong> <strong data-start=\"2539\" data-end=\"2560\">Silikon A\u011f\u0131z Topu<\/strong>, <strong data-start=\"2562\" data-end=\"2588\">kolayca temizlenebilir<\/strong>. Kullan\u0131mdan sonra basit bir temizlik ile hijyenik \u015fekilde saklanabilir ve tekrar kullan\u0131labilir.<\/p>\n<\/li>\n<\/ul>\n<h3 class=\"\" data-start=\"2688\" data-end=\"2714\"><strong data-start=\"2692\" data-end=\"2714\">Kullan\u0131m Alanlar\u0131:<\/strong><\/h3>\n<ul data-start=\"2716\" data-end=\"3389\">\n<li class=\"\" data-start=\"2716\" data-end=\"3007\">\n<p class=\"\" data-start=\"2718\" data-end=\"3007\"><strong data-start=\"2718\" data-end=\"2740\">Partnerle Deneyim:<\/strong> <strong data-start=\"2741\" data-end=\"2762\">Silikon A\u011f\u0131z Topu<\/strong>, partnerinizle birlikte <strong data-start=\"2787\" data-end=\"2812\">kontrol dinamiklerini<\/strong> ke\u015ffetmek ve deneyimlerinizi \u00e7e\u015fitlendirmek i\u00e7in harika bir \u00fcr\u00fcnd\u00fcr. <strong data-start=\"2882\" data-end=\"2912\">S\u00f6zl\u00fc ileti\u015fimi k\u0131s\u0131tlamak<\/strong>, farkl\u0131 bir deneyim sa\u011flar ve partnerinizle daha heyecan verici anlar ya\u015faman\u0131za olanak tan\u0131r.<\/p>\n<\/li>\n<li class=\"\" data-start=\"3009\" data-end=\"3199\">\n<p class=\"\" data-start=\"3011\" data-end=\"3199\"><strong data-start=\"3011\" data-end=\"3032\">Fantezi ve Ke\u015fif:<\/strong> <strong data-start=\"3033\" data-end=\"3059\">Fantezi deneyimlerinde<\/strong> kullan\u0131larak duygusal ve fiziksel tatmini art\u0131rabilir. <strong data-start=\"3115\" data-end=\"3126\">Kontrol<\/strong> ve <strong data-start=\"3130\" data-end=\"3144\">dominasyon<\/strong> gibi fantezilerle ilgilenenler i\u00e7in ideal bir \u00fcr\u00fcnd\u00fcr.<\/p>\n<\/li>\n<li class=\"\" data-start=\"3201\" data-end=\"3389\">\n<p class=\"\" data-start=\"3203\" data-end=\"3389\"><strong data-start=\"3203\" data-end=\"3230\">Yeni Zevkler Ke\u015ffetmek:<\/strong> <strong data-start=\"3231\" data-end=\"3252\">Silikon A\u011f\u0131z Topu<\/strong>, <strong data-start=\"3254\" data-end=\"3280\">yeni zevkler ke\u015ffetmek<\/strong> isteyenler i\u00e7in de uygundur. A\u011f\u0131z topu, s\u0131radan cinsel deneyimlerinizi daha heyecan verici hale getirebilir.<\/p>\n<\/li>\n<\/ul>\n<h3 class=\"\" data-start=\"3391\" data-end=\"3418\"><strong data-start=\"3395\" data-end=\"3418\">G\u00fcvenlik ve Kalite:<\/strong><\/h3>\n<p class=\"\" data-start=\"3420\" data-end=\"3731\"><strong data-start=\"3420\" data-end=\"3441\">Silikon A\u011f\u0131z Topu<\/strong>, y\u00fcksek kaliteli ve g\u00fcvenli malzemelerden \u00fcretilmi\u015f olup, titiz kalite kontrol s\u00fcre\u00e7lerinden ge\u00e7irilmi\u015ftir. Kullan\u0131c\u0131lar\u0131n g\u00fcvenli\u011fi ve memnuniyeti her zaman \u00f6n planda tutulur. Hijyenik kullan\u0131m\u0131 kolayla\u015ft\u0131rmak i\u00e7in, <strong data-start=\"3659\" data-end=\"3692\">temizli\u011fi son derece basittir<\/strong> ve g\u00fcvenli bir \u015fekilde kullan\u0131labilir.<\/p>\n<h3 class=\"\" data-start=\"3733\" data-end=\"3747\"><strong data-start=\"3737\" data-end=\"3747\">Sonu\u00e7:<\/strong><\/h3>\n<p class=\"\" data-start=\"3749\" data-end=\"4250\"><strong data-start=\"3749\" data-end=\"3770\">Silikon A\u011f\u0131z Topu<\/strong>, cinsel ke\u015fiflerinize heyecan katmak, yeni zevkler ke\u015ffetmek ve kontrol dinamiklerini deneyimlemek isteyenler i\u00e7in m\u00fckemmel bir \u00fcr\u00fcnd\u00fcr. <strong data-start=\"3908\" data-end=\"3935\">Y\u00fcksek kaliteli silikon<\/strong> malzeme, <strong data-start=\"3945\" data-end=\"3970\">esnek ve rahat yap\u0131s\u0131<\/strong>, ve <strong data-start=\"3975\" data-end=\"3994\">kolay kullan\u0131m\u0131<\/strong> ile kullan\u0131c\u0131ya konforlu bir deneyim sunar. Fantezilerinizi daha canl\u0131 hale getirecek ve tatmin edici bir deneyim ya\u015faman\u0131za olanak tan\u0131yacak bu \u00fcr\u00fcn, cinsel ya\u015fam\u0131n\u0131z\u0131 zenginle\u015ftirir. <strong data-start=\"4180\" data-end=\"4201\">Silikon A\u011f\u0131z Topu<\/strong> ile cinsel ke\u015fiflerinize farkl\u0131 bir boyut kat\u0131n!<\/p>\n","protected":false},"excerpt":{"rendered":"<p><strong data-start=\"67\" data-end=\"88\">Silikon A\u011f\u0131z Topu<\/strong>, cinsel ke\u015fiflerinizi daha heyecan verici ve farkl\u0131 bir boyuta ta\u015f\u0131mak i\u00e7in \u00f6zel olarak tasarlanm\u0131\u015f bir \u00fcr\u00fcnd\u00fcr. A\u011f\u0131z i\u00e7inde yerle\u015ftirilen yumu\u015fak ve esnek silikon top, s\u00f6zl\u00fc ileti\u015fimi k\u0131s\u0131tlayarak ve kontrol alt\u0131na alarak yeni heyecanlar ya\u015faman\u0131za olanak tan\u0131r. Hem estetik hem de i\u015flevsel olarak tasarlanan bu \u00fcr\u00fcn, cinsel ke\u015fif d\u00fcnyan\u0131z\u0131 renklendirirken g\u00fcvenli ve konforlu bir deneyim sunar. <strong data-start=\"486\" data-end=\"509\">Kontrol dinamikleri<\/strong> ile farkl\u0131 deneyimler arayanlar i\u00e7in ideal bir \u00fcr\u00fcnd\u00fcr.<\/p>\n","protected":false},"featured_media":18373,"comment_status":"open","ping_status":"closed","template":"","meta":[],"product_brand":[127],"product_cat":[100],"product_tag":[102],"class_list":{"0":"post-18303","1":"product","2":"type-product","3":"status-publish","4":"has-post-thumbnail","6":"product_brand-pembe-tilki","7":"product_cat-fantezi-fetis","8":"product_tag-silikon-agiz-topu","10":"first","11":"instock","12":"taxable","13":"shipping-taxable","14":"purchasable","15":"product-type-simple"},"yoast_head":"<!-- This site is optimized with the Yoast SEO Premium plugin v24.4 (Yoast SEO v27.1.1) - https:\/\/yoast.com\/product\/yoast-seo-premium-wordpress\/ -->\n<title>Silikon A\u011f\u0131z Topu - Bursa Erotik Shop<\/title>\n<meta name=\"robots\" content=\"index, follow, max-snippet:-1, max-image-preview:large, max-video-preview:-1\" \/>\n<link rel=\"canonical\" href=\"https:\/\/hobierotikshop.com.tr\/website1\/erotik-shop-urun\/silikon-agiz-topu\/\" \/>\n<meta property=\"og:locale\" content=\"tr_TR\" \/>\n<meta property=\"og:type\" content=\"article\" \/>\n<meta property=\"og:title\" content=\"Silikon A\u011f\u0131z Topu\" \/>\n<meta property=\"og:description\" content=\"Silikon A\u011f\u0131z Topu, cinsel ke\u015fiflerinizi daha heyecan verici ve farkl\u0131 bir boyuta ta\u015f\u0131mak i\u00e7in \u00f6zel olarak tasarlanm\u0131\u015f bir \u00fcr\u00fcnd\u00fcr. A\u011f\u0131z i\u00e7inde yerle\u015ftirilen yumu\u015fak ve esnek silikon top, s\u00f6zl\u00fc ileti\u015fimi k\u0131s\u0131tlayarak ve kontrol alt\u0131na alarak yeni heyecanlar ya\u015faman\u0131za olanak tan\u0131r. Hem estetik hem de i\u015flevsel olarak tasarlanan bu \u00fcr\u00fcn, cinsel ke\u015fif d\u00fcnyan\u0131z\u0131 renklendirirken g\u00fcvenli ve konforlu bir deneyim sunar. Kontrol dinamikleri ile farkl\u0131 deneyimler arayanlar i\u00e7in ideal bir \u00fcr\u00fcnd\u00fcr.\" \/>\n<meta property=\"og:url\" content=\"https:\/\/hobierotikshop.com.tr\/website1\/erotik-shop-urun\/silikon-agiz-topu\/\" \/>\n<meta property=\"og:site_name\" content=\"Bursa Erotik Shop\" \/>\n<meta property=\"article:modified_time\" content=\"2026-01-27T08:58:57+00:00\" \/>\n<meta property=\"og:image\" content=\"https:\/\/hobierotikshop.com.tr\/website1\/wp-content\/uploads\/2025\/03\/silikon-agiz-topu-1831-1.jpg\" \/>\n\t<meta property=\"og:image:width\" content=\"1500\" \/>\n\t<meta property=\"og:image:height\" content=\"1500\" \/>\n\t<meta property=\"og:image:type\" content=\"image\/jpeg\" \/>\n<meta name=\"twitter:card\" content=\"summary_large_image\" \/>\n<meta name=\"twitter:site\" content=\"@shopbursa\" \/>\n<meta name=\"twitter:label1\" content=\"Fiyat\" \/>\n\t<meta name=\"twitter:data1\" content=\"&#8378;500,00 KDV DAH\u0130L\" \/>\n\t<meta name=\"twitter:label2\" content=\"Availability\" \/>\n\t<meta name=\"twitter:data2\" content=\"In stock\" \/>\n<script type=\"application\/ld+json\" class=\"yoast-schema-graph\">{\"@context\":\"https:\/\/schema.org\",\"@graph\":[{\"@type\":\"WebPage\",\"@id\":\"https:\/\/hobierotikshop.com.tr\/website1\/erotik-shop-urun\/silikon-agiz-topu\/\",\"url\":\"https:\/\/hobierotikshop.com.tr\/website1\/erotik-shop-urun\/silikon-agiz-topu\/\",\"name\":\"Silikon A\u011f\u0131z Topu - Bursa Erotik Shop\",\"isPartOf\":{\"@id\":\"https:\/\/bursashop.com\/web\/#website\"},\"primaryImageOfPage\":{\"@id\":\"https:\/\/hobierotikshop.com.tr\/website1\/erotik-shop-urun\/silikon-agiz-topu\/#primaryimage\"},\"image\":{\"@id\":\"https:\/\/hobierotikshop.com.tr\/website1\/erotik-shop-urun\/silikon-agiz-topu\/#primaryimage\"},\"thumbnailUrl\":\"https:\/\/haremerotikshop.com\/site\/wp-content\/uploads\/2025\/03\/silikon-agiz-topu-1831-1.jpg\",\"datePublished\":\"2025-03-17T09:14:32+00:00\",\"dateModified\":\"2026-01-27T08:58:57+00:00\",\"breadcrumb\":{\"@id\":\"https:\/\/hobierotikshop.com.tr\/website1\/erotik-shop-urun\/silikon-agiz-topu\/#breadcrumb\"},\"inLanguage\":\"tr\",\"potentialAction\":[{\"@type\":\"ReadAction\",\"target\":[\"https:\/\/hobierotikshop.com.tr\/website1\/erotik-shop-urun\/silikon-agiz-topu\/\"]}]},{\"@type\":\"ImageObject\",\"inLanguage\":\"tr\",\"@id\":\"https:\/\/hobierotikshop.com.tr\/website1\/erotik-shop-urun\/silikon-agiz-topu\/#primaryimage\",\"url\":\"https:\/\/haremerotikshop.com\/site\/wp-content\/uploads\/2025\/03\/silikon-agiz-topu-1831-1.jpg\",\"contentUrl\":\"https:\/\/haremerotikshop.com\/site\/wp-content\/uploads\/2025\/03\/silikon-agiz-topu-1831-1.jpg\",\"width\":1500,\"height\":1500},{\"@type\":\"BreadcrumbList\",\"@id\":\"https:\/\/hobierotikshop.com.tr\/website1\/erotik-shop-urun\/silikon-agiz-topu\/#breadcrumb\",\"itemListElement\":[{\"@type\":\"ListItem\",\"position\":1,\"name\":\"Anasayfa\",\"item\":\"https:\/\/hobierotikshop.com.tr\/website1\/\"},{\"@type\":\"ListItem\",\"position\":2,\"name\":\"Erotik Shop \u00dcr\u00fcnleri\",\"item\":\"https:\/\/hobierotikshop.com.tr\/website1\/shop\/\"},{\"@type\":\"ListItem\",\"position\":3,\"name\":\"Silikon A\u011f\u0131z Topu\"}]},{\"@type\":\"WebSite\",\"@id\":\"https:\/\/bursashop.com\/web\/#website\",\"url\":\"https:\/\/bursashop.com\/web\/\",\"name\":\"Bursa Erotik Shop\",\"description\":\"Bursa Erotik Shop ile g\u00fcvenli, gizli ve kaliteli yeti\u015fkin \u00fcr\u00fcnleri al\u0131\u015fveri\u015fi! Geni\u015f \u00fcr\u00fcn yelpazemizi ke\u015ffedin, hemen sipari\u015f verin\",\"publisher\":{\"@id\":\"https:\/\/bursashop.com\/web\/#organization\"},\"alternateName\":\"Erotik Shop\",\"potentialAction\":[{\"@type\":\"SearchAction\",\"target\":{\"@type\":\"EntryPoint\",\"urlTemplate\":\"https:\/\/bursashop.com\/web\/?s={search_term_string}\"},\"query-input\":{\"@type\":\"PropertyValueSpecification\",\"valueRequired\":true,\"valueName\":\"search_term_string\"}}],\"inLanguage\":\"tr\"},{\"@type\":\"Organization\",\"@id\":\"https:\/\/bursashop.com\/web\/#organization\",\"name\":\"Harem Bursa Erotik Shop\",\"url\":\"https:\/\/bursashop.com\/web\/\",\"logo\":{\"@type\":\"ImageObject\",\"inLanguage\":\"tr\",\"@id\":\"https:\/\/bursashop.com\/web\/#\/schema\/logo\/image\/\",\"url\":\"https:\/\/haremerotikshop.com\/wp-content\/uploads\/2025\/03\/haremsexshop.png\",\"contentUrl\":\"https:\/\/haremerotikshop.com\/wp-content\/uploads\/2025\/03\/haremsexshop.png\",\"width\":400,\"height\":100,\"caption\":\"Harem Bursa Erotik Shop\"},\"image\":{\"@id\":\"https:\/\/bursashop.com\/web\/#\/schema\/logo\/image\/\"},\"sameAs\":[\"https:\/\/x.com\/shopbursa\"],\"publishingPrinciples\":\"https:\/\/hobierotikshop.com.tr\/website1\/mesafeli-satis-sozlesmesi\/\",\"ownershipFundingInfo\":\"https:\/\/hobierotikshop.com.tr\/website1\/contact-us\/\",\"actionableFeedbackPolicy\":\"https:\/\/hobierotikshop.com.tr\/website1\/contact-us\/\",\"correctionsPolicy\":\"https:\/\/hobierotikshop.com.tr\/website1\/mesafeli-satis-sozlesmesi\/\"}]}<\/script>\n<meta property=\"product:brand\" content=\"Pembe Tilki\" \/>\n<meta property=\"product:price:amount\" content=\"500.00\" \/>\n<meta property=\"product:price:currency\" content=\"TRY\" \/>\n<meta property=\"og:availability\" content=\"instock\" \/>\n<meta property=\"product:availability\" content=\"instock\" \/>\n<meta property=\"product:retailer_item_id\" content=\"PT-FFXG027\" \/>\n<meta property=\"product:condition\" content=\"new\" \/>\n<!-- \/ Yoast SEO Premium plugin. -->","yoast_head_json":{"title":"Silikon A\u011f\u0131z Topu - Bursa Erotik Shop","robots":{"index":"index","follow":"follow","max-snippet":"max-snippet:-1","max-image-preview":"max-image-preview:large","max-video-preview":"max-video-preview:-1"},"canonical":"https:\/\/hobierotikshop.com.tr\/website1\/erotik-shop-urun\/silikon-agiz-topu\/","og_locale":"tr_TR","og_type":"article","og_title":"Silikon A\u011f\u0131z Topu","og_description":"Silikon A\u011f\u0131z Topu, cinsel ke\u015fiflerinizi daha heyecan verici ve farkl\u0131 bir boyuta ta\u015f\u0131mak i\u00e7in \u00f6zel olarak tasarlanm\u0131\u015f bir \u00fcr\u00fcnd\u00fcr. A\u011f\u0131z i\u00e7inde yerle\u015ftirilen yumu\u015fak ve esnek silikon top, s\u00f6zl\u00fc ileti\u015fimi k\u0131s\u0131tlayarak ve kontrol alt\u0131na alarak yeni heyecanlar ya\u015faman\u0131za olanak tan\u0131r. Hem estetik hem de i\u015flevsel olarak tasarlanan bu \u00fcr\u00fcn, cinsel ke\u015fif d\u00fcnyan\u0131z\u0131 renklendirirken g\u00fcvenli ve konforlu bir deneyim sunar. Kontrol dinamikleri ile farkl\u0131 deneyimler arayanlar i\u00e7in ideal bir \u00fcr\u00fcnd\u00fcr.","og_url":"https:\/\/hobierotikshop.com.tr\/website1\/erotik-shop-urun\/silikon-agiz-topu\/","og_site_name":"Bursa Erotik Shop","article_modified_time":"2026-01-27T08:58:57+00:00","og_image":[{"width":1500,"height":1500,"url":"https:\/\/hobierotikshop.com.tr\/website1\/wp-content\/uploads\/2025\/03\/silikon-agiz-topu-1831-1.jpg","type":"image\/jpeg"}],"twitter_card":"summary_large_image","twitter_site":"@shopbursa","twitter_misc":{"Fiyat":"&#8378;500,00 KDV DAH\u0130L","Availability":"In stock"},"schema":{"@context":"https:\/\/schema.org","@graph":[{"@type":"WebPage","@id":"https:\/\/hobierotikshop.com.tr\/website1\/erotik-shop-urun\/silikon-agiz-topu\/","url":"https:\/\/hobierotikshop.com.tr\/website1\/erotik-shop-urun\/silikon-agiz-topu\/","name":"Silikon A\u011f\u0131z Topu - Bursa Erotik Shop","isPartOf":{"@id":"https:\/\/bursashop.com\/web\/#website"},"primaryImageOfPage":{"@id":"https:\/\/hobierotikshop.com.tr\/website1\/erotik-shop-urun\/silikon-agiz-topu\/#primaryimage"},"image":{"@id":"https:\/\/hobierotikshop.com.tr\/website1\/erotik-shop-urun\/silikon-agiz-topu\/#primaryimage"},"thumbnailUrl":"https:\/\/haremerotikshop.com\/site\/wp-content\/uploads\/2025\/03\/silikon-agiz-topu-1831-1.jpg","datePublished":"2025-03-17T09:14:32+00:00","dateModified":"2026-01-27T08:58:57+00:00","breadcrumb":{"@id":"https:\/\/hobierotikshop.com.tr\/website1\/erotik-shop-urun\/silikon-agiz-topu\/#breadcrumb"},"inLanguage":"tr","potentialAction":[{"@type":"ReadAction","target":["https:\/\/hobierotikshop.com.tr\/website1\/erotik-shop-urun\/silikon-agiz-topu\/"]}]},{"@type":"ImageObject","inLanguage":"tr","@id":"https:\/\/hobierotikshop.com.tr\/website1\/erotik-shop-urun\/silikon-agiz-topu\/#primaryimage","url":"https:\/\/haremerotikshop.com\/site\/wp-content\/uploads\/2025\/03\/silikon-agiz-topu-1831-1.jpg","contentUrl":"https:\/\/haremerotikshop.com\/site\/wp-content\/uploads\/2025\/03\/silikon-agiz-topu-1831-1.jpg","width":1500,"height":1500},{"@type":"BreadcrumbList","@id":"https:\/\/hobierotikshop.com.tr\/website1\/erotik-shop-urun\/silikon-agiz-topu\/#breadcrumb","itemListElement":[{"@type":"ListItem","position":1,"name":"Anasayfa","item":"https:\/\/hobierotikshop.com.tr\/website1\/"},{"@type":"ListItem","position":2,"name":"Erotik Shop \u00dcr\u00fcnleri","item":"https:\/\/hobierotikshop.com.tr\/website1\/shop\/"},{"@type":"ListItem","position":3,"name":"Silikon A\u011f\u0131z Topu"}]},{"@type":"WebSite","@id":"https:\/\/bursashop.com\/web\/#website","url":"https:\/\/bursashop.com\/web\/","name":"Bursa Erotik Shop","description":"Bursa Erotik Shop ile g\u00fcvenli, gizli ve kaliteli yeti\u015fkin \u00fcr\u00fcnleri al\u0131\u015fveri\u015fi! Geni\u015f \u00fcr\u00fcn yelpazemizi ke\u015ffedin, hemen sipari\u015f verin","publisher":{"@id":"https:\/\/bursashop.com\/web\/#organization"},"alternateName":"Erotik Shop","potentialAction":[{"@type":"SearchAction","target":{"@type":"EntryPoint","urlTemplate":"https:\/\/bursashop.com\/web\/?s={search_term_string}"},"query-input":{"@type":"PropertyValueSpecification","valueRequired":true,"valueName":"search_term_string"}}],"inLanguage":"tr"},{"@type":"Organization","@id":"https:\/\/bursashop.com\/web\/#organization","name":"Harem Bursa Erotik Shop","url":"https:\/\/bursashop.com\/web\/","logo":{"@type":"ImageObject","inLanguage":"tr","@id":"https:\/\/bursashop.com\/web\/#\/schema\/logo\/image\/","url":"https:\/\/haremerotikshop.com\/wp-content\/uploads\/2025\/03\/haremsexshop.png","contentUrl":"https:\/\/haremerotikshop.com\/wp-content\/uploads\/2025\/03\/haremsexshop.png","width":400,"height":100,"caption":"Harem Bursa Erotik Shop"},"image":{"@id":"https:\/\/bursashop.com\/web\/#\/schema\/logo\/image\/"},"sameAs":["https:\/\/x.com\/shopbursa"],"publishingPrinciples":"https:\/\/hobierotikshop.com.tr\/website1\/mesafeli-satis-sozlesmesi\/","ownershipFundingInfo":"https:\/\/hobierotikshop.com.tr\/website1\/contact-us\/","actionableFeedbackPolicy":"https:\/\/hobierotikshop.com.tr\/website1\/contact-us\/","correctionsPolicy":"https:\/\/hobierotikshop.com.tr\/website1\/mesafeli-satis-sozlesmesi\/"}]},"product_brand":"Pembe Tilki","product_price_amount":"500.00","product_price_currency":"TRY","og_availability":"instock","product_availability":"instock","product_retailer_item_id":"PT-FFXG027","product_condition":"new"},"_links":{"self":[{"href":"https:\/\/haremerotikshop.com\/site\/wp-json\/wp\/v2\/product\/18303","targetHints":{"allow":["GET"]}}],"collection":[{"href":"https:\/\/haremerotikshop.com\/site\/wp-json\/wp\/v2\/product"}],"about":[{"href":"https:\/\/haremerotikshop.com\/site\/wp-json\/wp\/v2\/types\/product"}],"replies":[{"embeddable":true,"href":"https:\/\/haremerotikshop.com\/site\/wp-json\/wp\/v2\/comments?post=18303"}],"version-history":[{"count":0,"href":"https:\/\/haremerotikshop.com\/site\/wp-json\/wp\/v2\/product\/18303\/revisions"}],"wp:featuredmedia":[{"embeddable":true,"href":"https:\/\/haremerotikshop.com\/site\/wp-json\/wp\/v2\/media\/18373"}],"wp:attachment":[{"href":"https:\/\/haremerotikshop.com\/site\/wp-json\/wp\/v2\/media?parent=18303"}],"wp:term":[{"taxonomy":"product_brand","embeddable":true,"href":"https:\/\/haremerotikshop.com\/site\/wp-json\/wp\/v2\/product_brand?post=18303"},{"taxonomy":"product_cat","embeddable":true,"href":"https:\/\/haremerotikshop.com\/site\/wp-json\/wp\/v2\/product_cat?post=18303"},{"taxonomy":"product_tag","embeddable":true,"href":"https:\/\/haremerotikshop.com\/site\/wp-json\/wp\/v2\/product_tag?post=18303"}],"curies":[{"name":"wp","href":"https:\/\/api.w.org\/{rel}","templated":true}]}}