{"id":18305,"date":"2025-03-17T12:14:32","date_gmt":"2025-03-17T09:14:32","guid":{"rendered":"https:\/\/haremerotikshop.com\/site\/?post_type=product&#038;p=18305"},"modified":"2026-01-27T11:59:21","modified_gmt":"2026-01-27T08:59:21","slug":"el-ayak-vucut-baglama-kemeri-seti","status":"publish","type":"product","link":"https:\/\/haremerotikshop.com\/site\/erotik-shop-urun\/el-ayak-vucut-baglama-kemeri-seti\/","title":{"rendered":"El Ayak V\u00fccut Ba\u011flama Kemeri Seti"},"content":{"rendered":"<h3 class=\"\" data-start=\"0\" data-end=\"80\"><strong data-start=\"4\" data-end=\"80\">El Ayak V\u00fccut Ba\u011flama Kemeri Seti \u2013 Cinsel Ke\u015fiflerde S\u0131n\u0131rlar\u0131 Zorlay\u0131n<\/strong><\/h3>\n<p class=\"\" data-start=\"82\" data-end=\"587\"><strong data-start=\"82\" data-end=\"119\">El Ayak V\u00fccut Ba\u011flama Kemeri Seti<\/strong>, cinsel deneyimlerinizi daha heyecanl\u0131, \u00f6zg\u00fcr ve s\u0131n\u0131rs\u0131z hale getirmek i\u00e7in \u00f6zel olarak tasarlanm\u0131\u015f bir \u00fcr\u00fcnd\u00fcr. Bu set, <strong data-start=\"242\" data-end=\"309\">el ve ayak bileklerini ba\u011flamak i\u00e7in \u00f6zel tasarlanm\u0131\u015f kemerleri<\/strong>, <strong data-start=\"311\" data-end=\"326\">tam kontrol<\/strong> ve <strong data-start=\"330\" data-end=\"353\">hareket k\u0131s\u0131tlamas\u0131<\/strong> sa\u011flar. \u00dcstelik set i\u00e7erisinde yer alan <strong data-start=\"394\" data-end=\"413\">saten g\u00f6z band\u0131<\/strong>, duyusal alg\u0131lar\u0131n\u0131z\u0131 art\u0131rarak deneyiminizi daha da heyecanl\u0131 hale getirir. <strong data-start=\"491\" data-end=\"517\">Dominant ve submissive<\/strong> rollerini deneyimlemek isteyen \u00e7iftler i\u00e7in m\u00fckemmel bir yard\u0131mc\u0131d\u0131r.<\/p>\n<h3 class=\"\" data-start=\"589\" data-end=\"614\"><strong data-start=\"593\" data-end=\"614\">\u00dcr\u00fcn \u00d6zellikleri:<\/strong><\/h3>\n<ul data-start=\"616\" data-end=\"1899\">\n<li class=\"\" data-start=\"616\" data-end=\"897\">\n<p class=\"\" data-start=\"618\" data-end=\"897\"><strong data-start=\"618\" data-end=\"658\">El, Ayak ve V\u00fccut Ba\u011flama Kemerleri:<\/strong> Set i\u00e7erisinde, <strong data-start=\"675\" data-end=\"710\">el ve ayak bileklerini ba\u011flamak<\/strong> i\u00e7in \u00f6zel olarak tasarlanm\u0131\u015f kemerler bulunur. Bu kemerler, <strong data-start=\"771\" data-end=\"813\">tam bir kontrol ve hareket k\u0131s\u0131tlamas\u0131<\/strong> sa\u011flayarak partnerinizle birlikte ke\u015ffedece\u011finiz s\u0131n\u0131rs\u0131z deneyimler i\u00e7in idealdir.<\/p>\n<\/li>\n<li class=\"\" data-start=\"899\" data-end=\"1150\">\n<p class=\"\" data-start=\"901\" data-end=\"1150\"><strong data-start=\"901\" data-end=\"940\">Tam Kontrol ve Hareket K\u0131s\u0131tlamas\u0131:<\/strong> <strong data-start=\"941\" data-end=\"978\">El ve ayak bileklerini ba\u011flayarak<\/strong> kullan\u0131c\u0131n\u0131n hareketlerini k\u0131s\u0131tlar ve partnerinizle birlikte <strong data-start=\"1041\" data-end=\"1060\">tam bir kontrol<\/strong> elde etmenizi sa\u011flar. Bu, <strong data-start=\"1087\" data-end=\"1125\">heyecan verici ve yo\u011fun deneyimler<\/strong> ya\u015faman\u0131za olanak tan\u0131r.<\/p>\n<\/li>\n<li class=\"\" data-start=\"1152\" data-end=\"1394\">\n<p class=\"\" data-start=\"1154\" data-end=\"1394\"><strong data-start=\"1154\" data-end=\"1181\">Ayarlanabilir Kay\u0131\u015flar:<\/strong> <strong data-start=\"1182\" data-end=\"1208\">Ayarlanabilir kay\u0131\u015flar<\/strong>, setin her bedene uyum sa\u011flayabilmesini sa\u011flar. B\u00f6ylece her kullan\u0131c\u0131ya <strong data-start=\"1281\" data-end=\"1316\">konforlu ve g\u00fcvenli bir deneyim<\/strong> sunar. Kay\u0131\u015flar, esnek yap\u0131lar\u0131 sayesinde rahat bir kullan\u0131m deneyimi sa\u011flar.<\/p>\n<\/li>\n<li class=\"\" data-start=\"1396\" data-end=\"1643\">\n<p class=\"\" data-start=\"1398\" data-end=\"1643\"><strong data-start=\"1398\" data-end=\"1418\">Saten G\u00f6z Band\u0131:<\/strong> Set, <strong data-start=\"1424\" data-end=\"1443\">saten g\u00f6z band\u0131<\/strong> i\u00e7erir. G\u00f6zlerinizi kapatarak duyusal alg\u0131lar\u0131n\u0131z\u0131 art\u0131r\u0131r, g\u00f6rsel uyar\u0131lar\u0131 ortadan kald\u0131rarak <strong data-start=\"1540\" data-end=\"1560\">duyusal ke\u015fifler<\/strong> yapman\u0131za olanak tan\u0131r. Bu \u00f6zellik, deneyimi daha heyecanl\u0131 ve yo\u011fun hale getirir.<\/p>\n<\/li>\n<li class=\"\" data-start=\"1645\" data-end=\"1899\">\n<p class=\"\" data-start=\"1647\" data-end=\"1899\"><strong data-start=\"1647\" data-end=\"1681\">Farkl\u0131 Pozisyonlar \u0130\u00e7in Uygun:<\/strong> <strong data-start=\"1682\" data-end=\"1719\">El Ayak V\u00fccut Ba\u011flama Kemeri Seti<\/strong>, <strong data-start=\"1721\" data-end=\"1743\">farkl\u0131 pozisyonlar<\/strong> denemek ve <strong data-start=\"1755\" data-end=\"1781\">s\u0131n\u0131rlar\u0131n\u0131z\u0131 zorlamak<\/strong> isteyen \u00e7iftler i\u00e7in m\u00fckemmeldir. Cinsel ke\u015fiflerinizi daha \u00f6zg\u00fcrce ya\u015fayarak, heyecan\u0131n\u0131z\u0131 zirveye ta\u015f\u0131yabilirsiniz.<\/p>\n<\/li>\n<\/ul>\n<h3 class=\"\" data-start=\"1901\" data-end=\"1924\"><strong data-start=\"1905\" data-end=\"1924\">\u00dcr\u00fcn Faydalar\u0131:<\/strong><\/h3>\n<ul data-start=\"1926\" data-end=\"2726\">\n<li class=\"\" data-start=\"1926\" data-end=\"2141\">\n<p class=\"\" data-start=\"1928\" data-end=\"2141\"><strong data-start=\"1928\" data-end=\"1966\">Cinsel Ke\u015fif ve S\u0131n\u0131rlar\u0131 Zorlama:<\/strong> Set, <strong data-start=\"1972\" data-end=\"1998\">dominant ve submissive<\/strong> rollerini ke\u015ffetmek isteyen \u00e7iftler i\u00e7in idealdir. <strong data-start=\"2050\" data-end=\"2075\">Kontrol dinamiklerini<\/strong> deneyimlemek ve s\u0131n\u0131rlar\u0131n\u0131z\u0131 zorlamak i\u00e7in m\u00fckemmel bir \u00fcr\u00fcnd\u00fcr.<\/p>\n<\/li>\n<li class=\"\" data-start=\"2143\" data-end=\"2353\">\n<p class=\"\" data-start=\"2145\" data-end=\"2353\"><strong data-start=\"2145\" data-end=\"2166\">Heyecan\u0131 Art\u0131rma:<\/strong> <strong data-start=\"2167\" data-end=\"2186\">Saten g\u00f6z band\u0131<\/strong> ve <strong data-start=\"2190\" data-end=\"2213\">hareket k\u0131s\u0131tlamas\u0131<\/strong>, deneyiminizi daha heyecanl\u0131 hale getirir. G\u00f6rsel ve fiziksel uyar\u0131lar\u0131 s\u0131n\u0131rlayarak, heyecan verici ve yo\u011fun deneyimler ya\u015faman\u0131z\u0131 sa\u011flar.<\/p>\n<\/li>\n<li class=\"\" data-start=\"2355\" data-end=\"2539\">\n<p class=\"\" data-start=\"2357\" data-end=\"2539\"><strong data-start=\"2357\" data-end=\"2379\">Konforlu Kullan\u0131m:<\/strong> <strong data-start=\"2380\" data-end=\"2406\">Ayarlanabilir kay\u0131\u015flar<\/strong>, farkl\u0131 bedenlere uyum sa\u011flar ve <strong data-start=\"2440\" data-end=\"2465\">konforlu bir kullan\u0131m<\/strong> deneyimi sunar. Uzun s\u00fcreli kullan\u0131mlarda bile rahatl\u0131kla kullan\u0131labilir.<\/p>\n<\/li>\n<li class=\"\" data-start=\"2541\" data-end=\"2726\">\n<p class=\"\" data-start=\"2543\" data-end=\"2726\"><strong data-start=\"2543\" data-end=\"2576\">G\u00fcvenli ve Dayan\u0131kl\u0131 Tasar\u0131m:<\/strong> <strong data-start=\"2577\" data-end=\"2607\">Y\u00fcksek kaliteli malzemeler<\/strong> ile \u00fcretilmi\u015f olan set, g\u00fcvenli ve dayan\u0131kl\u0131 bir kullan\u0131m sunar. Hem uzun \u00f6m\u00fcrl\u00fc hem de g\u00fcvenli bir tasar\u0131ma sahiptir.<\/p>\n<\/li>\n<\/ul>\n<h3 class=\"\" data-start=\"2728\" data-end=\"2754\"><strong data-start=\"2732\" data-end=\"2754\">Kullan\u0131m Alanlar\u0131:<\/strong><\/h3>\n<ul data-start=\"2756\" data-end=\"3514\">\n<li class=\"\" data-start=\"2756\" data-end=\"2974\">\n<p class=\"\" data-start=\"2758\" data-end=\"2974\"><strong data-start=\"2758\" data-end=\"2785\">Cinsel Ke\u015fifler Yapmak:<\/strong> <strong data-start=\"2786\" data-end=\"2823\">El Ayak V\u00fccut Ba\u011flama Kemeri Seti<\/strong>, <strong data-start=\"2825\" data-end=\"2867\">partnerinizle birlikte cinsel ke\u015fifler<\/strong> yapmak isteyen \u00e7iftler i\u00e7in idealdir. Deneyimlerinizi zenginle\u015ftirir ve s\u0131n\u0131rlar\u0131n\u0131z\u0131 ke\u015ffetmenizi sa\u011flar.<\/p>\n<\/li>\n<li class=\"\" data-start=\"2976\" data-end=\"3198\">\n<p class=\"\" data-start=\"2978\" data-end=\"3198\"><strong data-start=\"2978\" data-end=\"3025\">Dominant ve Submissive Rollerini Ke\u015ffetmek:<\/strong> <strong data-start=\"3026\" data-end=\"3051\">Kontrol ve teslimiyet<\/strong> temal\u0131 oyunlar\u0131 ke\u015ffetmek isteyenler i\u00e7in m\u00fckemmel bir \u00fcr\u00fcnd\u00fcr. <strong data-start=\"3116\" data-end=\"3141\">Kontrol dinamiklerini<\/strong> deneyimleyerek cinsel ya\u015fam\u0131n\u0131za heyecan katabilirsiniz.<\/p>\n<\/li>\n<li class=\"\" data-start=\"3200\" data-end=\"3359\">\n<p class=\"\" data-start=\"3202\" data-end=\"3359\"><strong data-start=\"3202\" data-end=\"3229\">Duyusal Deneyim Art\u0131\u015f\u0131:<\/strong> <strong data-start=\"3230\" data-end=\"3249\">Saten g\u00f6z band\u0131<\/strong> sayesinde duyusal ke\u015fiflerinizi art\u0131rarak cinsel deneyiminizi daha heyecanl\u0131 ve farkl\u0131 hale getirebilirsiniz.<\/p>\n<\/li>\n<li class=\"\" data-start=\"3361\" data-end=\"3514\">\n<p class=\"\" data-start=\"3363\" data-end=\"3514\"><strong data-start=\"3363\" data-end=\"3385\">Farkl\u0131 Deneyimler:<\/strong> Farkl\u0131 pozisyonlar deneyerek ve s\u0131n\u0131rlar\u0131n\u0131z\u0131 zorlayarak <strong data-start=\"3443\" data-end=\"3474\">cinsel heyecan\u0131 art\u0131rabilir<\/strong> ve yepyeni ke\u015fiflerde bulunabilirsiniz.<\/p>\n<\/li>\n<\/ul>\n<h3 class=\"\" data-start=\"3516\" data-end=\"3543\"><strong data-start=\"3520\" data-end=\"3543\">G\u00fcvenlik ve Kalite:<\/strong><\/h3>\n<p class=\"\" data-start=\"3545\" data-end=\"3900\"><strong data-start=\"3545\" data-end=\"3582\">El Ayak V\u00fccut Ba\u011flama Kemeri Seti<\/strong>, <strong data-start=\"3584\" data-end=\"3603\">y\u00fcksek kaliteli<\/strong> ve <strong data-start=\"3607\" data-end=\"3632\">g\u00fcvenli malzemelerden<\/strong> \u00fcretilmi\u015ftir. \u00dcr\u00fcn, <strong data-start=\"3653\" data-end=\"3696\">g\u00fcvenlik ve dayan\u0131kl\u0131l\u0131k standartlar\u0131na<\/strong> uygun olarak tasarlanm\u0131\u015f olup, kullan\u0131c\u0131lar\u0131n g\u00fcvenli\u011fi her zaman \u00f6n planda tutulmu\u015ftur. <strong data-start=\"3786\" data-end=\"3809\">Kaliteli malzemeler<\/strong> sayesinde uzun \u00f6m\u00fcrl\u00fc kullan\u0131m sunar ve cinsel sa\u011fl\u0131k a\u00e7\u0131s\u0131ndan herhangi bir risk ta\u015f\u0131maz.<\/p>\n<h3 class=\"\" data-start=\"3902\" data-end=\"3916\"><strong data-start=\"3906\" data-end=\"3916\">Sonu\u00e7:<\/strong><\/h3>\n<p class=\"\" data-start=\"3918\" data-end=\"4453\"><strong data-start=\"3918\" data-end=\"3955\">El Ayak V\u00fccut Ba\u011flama Kemeri Seti<\/strong>, <strong data-start=\"3957\" data-end=\"3981\">cinsel ke\u015fiflerinizi<\/strong> daha heyecanl\u0131 hale getirmek ve s\u0131n\u0131rlar\u0131n\u0131z\u0131 zorlamak i\u00e7in m\u00fckemmel bir \u00fcr\u00fcnd\u00fcr. <strong data-start=\"4064\" data-end=\"4083\">Saten g\u00f6z band\u0131<\/strong> ile duyusal alg\u0131lar\u0131n\u0131z\u0131 art\u0131rarak deneyiminizi daha yo\u011fun hale getirir. <strong data-start=\"4157\" data-end=\"4183\">Ayarlanabilir kay\u0131\u015flar<\/strong> sayesinde konforlu bir kullan\u0131m sunarken, <strong data-start=\"4226\" data-end=\"4256\">y\u00fcksek kaliteli malzemeler<\/strong> g\u00fcvenli bir deneyim sa\u011flar. <strong data-start=\"4285\" data-end=\"4311\">Dominant ve submissive<\/strong> rollerini ke\u015ffetmek ve cinsel heyecan\u0131 zirveye ta\u015f\u0131mak i\u00e7in <strong data-start=\"4372\" data-end=\"4409\">El Ayak V\u00fccut Ba\u011flama Kemeri Seti<\/strong> ile cinsel hayat\u0131n\u0131za yeni bir boyut kat\u0131n!<\/p>\n","protected":false},"excerpt":{"rendered":"<p><strong data-start=\"82\" data-end=\"119\">El Ayak V\u00fccut Ba\u011flama Kemeri Seti<\/strong>, cinsel deneyimlerinizi daha heyecanl\u0131, \u00f6zg\u00fcr ve s\u0131n\u0131rs\u0131z hale getirmek i\u00e7in \u00f6zel olarak tasarlanm\u0131\u015f bir \u00fcr\u00fcnd\u00fcr. Bu set, <strong data-start=\"242\" data-end=\"309\">el ve ayak bileklerini ba\u011flamak i\u00e7in \u00f6zel tasarlanm\u0131\u015f kemerleri<\/strong>, <strong data-start=\"311\" data-end=\"326\">tam kontrol<\/strong> ve <strong data-start=\"330\" data-end=\"353\">hareket k\u0131s\u0131tlamas\u0131<\/strong> sa\u011flar. \u00dcstelik set i\u00e7erisinde yer alan <strong data-start=\"394\" data-end=\"413\">saten g\u00f6z band\u0131<\/strong>, duyusal alg\u0131lar\u0131n\u0131z\u0131 art\u0131rarak deneyiminizi daha da heyecanl\u0131 hale getirir. <strong data-start=\"491\" data-end=\"517\">Dominant ve submissive<\/strong> rollerini deneyimlemek isteyen \u00e7iftler i\u00e7in m\u00fckemmel bir yard\u0131mc\u0131d\u0131r.<\/p>\n","protected":false},"featured_media":18388,"comment_status":"open","ping_status":"closed","template":"","meta":[],"product_brand":[127],"product_cat":[100],"product_tag":[104],"class_list":{"0":"post-18305","1":"product","2":"type-product","3":"status-publish","4":"has-post-thumbnail","6":"product_brand-pembe-tilki","7":"product_cat-fantezi-fetis","8":"product_tag-el-ayak-vucut-baglama-kemeri-seti","10":"first","11":"instock","12":"taxable","13":"shipping-taxable","14":"purchasable","15":"product-type-simple"},"yoast_head":"<!-- This site is optimized with the Yoast SEO Premium plugin v24.4 (Yoast SEO v27.1.1) - https:\/\/yoast.com\/product\/yoast-seo-premium-wordpress\/ -->\n<title>El Ayak V\u00fccut Ba\u011flama Kemeri Seti - Bursa Erotik Shop<\/title>\n<meta name=\"robots\" content=\"index, follow, max-snippet:-1, max-image-preview:large, max-video-preview:-1\" \/>\n<link rel=\"canonical\" href=\"https:\/\/hobierotikshop.com.tr\/website1\/erotik-shop-urun\/el-ayak-vucut-baglama-kemeri-seti\/\" \/>\n<meta property=\"og:locale\" content=\"tr_TR\" \/>\n<meta property=\"og:type\" content=\"article\" \/>\n<meta property=\"og:title\" content=\"El Ayak V\u00fccut Ba\u011flama Kemeri Seti\" \/>\n<meta property=\"og:description\" content=\"El Ayak V\u00fccut Ba\u011flama Kemeri Seti, cinsel deneyimlerinizi daha heyecanl\u0131, \u00f6zg\u00fcr ve s\u0131n\u0131rs\u0131z hale getirmek i\u00e7in \u00f6zel olarak tasarlanm\u0131\u015f bir \u00fcr\u00fcnd\u00fcr. Bu set, el ve ayak bileklerini ba\u011flamak i\u00e7in \u00f6zel tasarlanm\u0131\u015f kemerleri, tam kontrol ve hareket k\u0131s\u0131tlamas\u0131 sa\u011flar. \u00dcstelik set i\u00e7erisinde yer alan saten g\u00f6z band\u0131, duyusal alg\u0131lar\u0131n\u0131z\u0131 art\u0131rarak deneyiminizi daha da heyecanl\u0131 hale getirir. Dominant ve submissive rollerini deneyimlemek isteyen \u00e7iftler i\u00e7in m\u00fckemmel bir yard\u0131mc\u0131d\u0131r.\" \/>\n<meta property=\"og:url\" content=\"https:\/\/hobierotikshop.com.tr\/website1\/erotik-shop-urun\/el-ayak-vucut-baglama-kemeri-seti\/\" \/>\n<meta property=\"og:site_name\" content=\"Bursa Erotik Shop\" \/>\n<meta property=\"article:modified_time\" content=\"2026-01-27T08:59:21+00:00\" \/>\n<meta property=\"og:image\" content=\"https:\/\/hobierotikshop.com.tr\/website1\/wp-content\/uploads\/2025\/03\/el-ayak-vucut-baglama-kemeri-seti-1866-1.jpg\" \/>\n\t<meta property=\"og:image:width\" content=\"1000\" \/>\n\t<meta property=\"og:image:height\" content=\"1000\" \/>\n\t<meta property=\"og:image:type\" content=\"image\/jpeg\" \/>\n<meta name=\"twitter:card\" content=\"summary_large_image\" \/>\n<meta name=\"twitter:site\" content=\"@shopbursa\" \/>\n<meta name=\"twitter:label1\" content=\"Fiyat\" \/>\n\t<meta name=\"twitter:data1\" content=\"&#8378;1.500,00 KDV DAH\u0130L\" \/>\n\t<meta name=\"twitter:label2\" content=\"Availability\" \/>\n\t<meta name=\"twitter:data2\" content=\"In stock\" \/>\n<script type=\"application\/ld+json\" class=\"yoast-schema-graph\">{\"@context\":\"https:\/\/schema.org\",\"@graph\":[{\"@type\":\"WebPage\",\"@id\":\"https:\/\/hobierotikshop.com.tr\/website1\/erotik-shop-urun\/el-ayak-vucut-baglama-kemeri-seti\/\",\"url\":\"https:\/\/hobierotikshop.com.tr\/website1\/erotik-shop-urun\/el-ayak-vucut-baglama-kemeri-seti\/\",\"name\":\"El Ayak V\u00fccut Ba\u011flama Kemeri Seti - Bursa Erotik Shop\",\"isPartOf\":{\"@id\":\"https:\/\/hobierotikshop.com.tr\/website1\/#website\"},\"primaryImageOfPage\":{\"@id\":\"https:\/\/hobierotikshop.com.tr\/website1\/erotik-shop-urun\/el-ayak-vucut-baglama-kemeri-seti\/#primaryimage\"},\"image\":{\"@id\":\"https:\/\/hobierotikshop.com.tr\/website1\/erotik-shop-urun\/el-ayak-vucut-baglama-kemeri-seti\/#primaryimage\"},\"thumbnailUrl\":\"https:\/\/haremerotikshop.com\/site\/wp-content\/uploads\/2025\/03\/el-ayak-vucut-baglama-kemeri-seti-1866-1.jpg\",\"datePublished\":\"2025-03-17T09:14:32+00:00\",\"dateModified\":\"2026-01-27T08:59:21+00:00\",\"breadcrumb\":{\"@id\":\"https:\/\/hobierotikshop.com.tr\/website1\/erotik-shop-urun\/el-ayak-vucut-baglama-kemeri-seti\/#breadcrumb\"},\"inLanguage\":\"tr\",\"potentialAction\":[{\"@type\":\"ReadAction\",\"target\":[\"https:\/\/hobierotikshop.com.tr\/website1\/erotik-shop-urun\/el-ayak-vucut-baglama-kemeri-seti\/\"]}]},{\"@type\":\"ImageObject\",\"inLanguage\":\"tr\",\"@id\":\"https:\/\/hobierotikshop.com.tr\/website1\/erotik-shop-urun\/el-ayak-vucut-baglama-kemeri-seti\/#primaryimage\",\"url\":\"https:\/\/haremerotikshop.com\/site\/wp-content\/uploads\/2025\/03\/el-ayak-vucut-baglama-kemeri-seti-1866-1.jpg\",\"contentUrl\":\"https:\/\/haremerotikshop.com\/site\/wp-content\/uploads\/2025\/03\/el-ayak-vucut-baglama-kemeri-seti-1866-1.jpg\",\"width\":1000,\"height\":1000},{\"@type\":\"BreadcrumbList\",\"@id\":\"https:\/\/hobierotikshop.com.tr\/website1\/erotik-shop-urun\/el-ayak-vucut-baglama-kemeri-seti\/#breadcrumb\",\"itemListElement\":[{\"@type\":\"ListItem\",\"position\":1,\"name\":\"Anasayfa\",\"item\":\"https:\/\/hobierotikshop.com.tr\/website1\/\"},{\"@type\":\"ListItem\",\"position\":2,\"name\":\"Erotik Shop \u00dcr\u00fcnleri\",\"item\":\"https:\/\/hobierotikshop.com.tr\/website1\/shop\/\"},{\"@type\":\"ListItem\",\"position\":3,\"name\":\"El Ayak V\u00fccut Ba\u011flama Kemeri Seti\"}]},{\"@type\":\"WebSite\",\"@id\":\"https:\/\/hobierotikshop.com.tr\/website1\/#website\",\"url\":\"https:\/\/hobierotikshop.com.tr\/website1\/\",\"name\":\"Bursa Erotik Shop\",\"description\":\"Bursa Erotik Shop ile g\u00fcvenli, gizli ve kaliteli yeti\u015fkin \u00fcr\u00fcnleri al\u0131\u015fveri\u015fi! Geni\u015f \u00fcr\u00fcn yelpazemizi ke\u015ffedin, hemen sipari\u015f verin\",\"publisher\":{\"@id\":\"https:\/\/hobierotikshop.com.tr\/website1\/#organization\"},\"alternateName\":\"Erotik Shop\",\"potentialAction\":[{\"@type\":\"SearchAction\",\"target\":{\"@type\":\"EntryPoint\",\"urlTemplate\":\"https:\/\/hobierotikshop.com.tr\/website1\/?s={search_term_string}\"},\"query-input\":{\"@type\":\"PropertyValueSpecification\",\"valueRequired\":true,\"valueName\":\"search_term_string\"}}],\"inLanguage\":\"tr\"},{\"@type\":\"Organization\",\"@id\":\"https:\/\/hobierotikshop.com.tr\/website1\/#organization\",\"name\":\"Harem Bursa Erotik Shop\",\"url\":\"https:\/\/hobierotikshop.com.tr\/website1\/\",\"logo\":{\"@type\":\"ImageObject\",\"inLanguage\":\"tr\",\"@id\":\"https:\/\/hobierotikshop.com.tr\/website1\/#\/schema\/logo\/image\/\",\"url\":\"https:\/\/haremerotikshop.com\/site\/wp-content\/uploads\/2025\/03\/haremsexshop.png\",\"contentUrl\":\"https:\/\/haremerotikshop.com\/site\/wp-content\/uploads\/2025\/03\/haremsexshop.png\",\"width\":400,\"height\":100,\"caption\":\"Harem Bursa Erotik Shop\"},\"image\":{\"@id\":\"https:\/\/hobierotikshop.com.tr\/website1\/#\/schema\/logo\/image\/\"},\"sameAs\":[\"https:\/\/x.com\/shopbursa\"],\"publishingPrinciples\":\"https:\/\/hobierotikshop.com.tr\/website1\/mesafeli-satis-sozlesmesi\/\",\"ownershipFundingInfo\":\"https:\/\/hobierotikshop.com.tr\/website1\/contact-us\/\",\"actionableFeedbackPolicy\":\"https:\/\/hobierotikshop.com.tr\/website1\/contact-us\/\",\"correctionsPolicy\":\"https:\/\/hobierotikshop.com.tr\/website1\/mesafeli-satis-sozlesmesi\/\"}]}<\/script>\n<meta property=\"product:brand\" content=\"Pembe Tilki\" \/>\n<meta property=\"product:price:amount\" content=\"1500.00\" \/>\n<meta property=\"product:price:currency\" content=\"TRY\" \/>\n<meta property=\"og:availability\" content=\"instock\" \/>\n<meta property=\"product:availability\" content=\"instock\" \/>\n<meta property=\"product:retailer_item_id\" content=\"PT-FFXG825\" \/>\n<meta property=\"product:condition\" content=\"new\" \/>\n<!-- \/ Yoast SEO Premium plugin. -->","yoast_head_json":{"title":"El Ayak V\u00fccut Ba\u011flama Kemeri Seti - Bursa Erotik Shop","robots":{"index":"index","follow":"follow","max-snippet":"max-snippet:-1","max-image-preview":"max-image-preview:large","max-video-preview":"max-video-preview:-1"},"canonical":"https:\/\/hobierotikshop.com.tr\/website1\/erotik-shop-urun\/el-ayak-vucut-baglama-kemeri-seti\/","og_locale":"tr_TR","og_type":"article","og_title":"El Ayak V\u00fccut Ba\u011flama Kemeri Seti","og_description":"El Ayak V\u00fccut Ba\u011flama Kemeri Seti, cinsel deneyimlerinizi daha heyecanl\u0131, \u00f6zg\u00fcr ve s\u0131n\u0131rs\u0131z hale getirmek i\u00e7in \u00f6zel olarak tasarlanm\u0131\u015f bir \u00fcr\u00fcnd\u00fcr. Bu set, el ve ayak bileklerini ba\u011flamak i\u00e7in \u00f6zel tasarlanm\u0131\u015f kemerleri, tam kontrol ve hareket k\u0131s\u0131tlamas\u0131 sa\u011flar. \u00dcstelik set i\u00e7erisinde yer alan saten g\u00f6z band\u0131, duyusal alg\u0131lar\u0131n\u0131z\u0131 art\u0131rarak deneyiminizi daha da heyecanl\u0131 hale getirir. Dominant ve submissive rollerini deneyimlemek isteyen \u00e7iftler i\u00e7in m\u00fckemmel bir yard\u0131mc\u0131d\u0131r.","og_url":"https:\/\/hobierotikshop.com.tr\/website1\/erotik-shop-urun\/el-ayak-vucut-baglama-kemeri-seti\/","og_site_name":"Bursa Erotik Shop","article_modified_time":"2026-01-27T08:59:21+00:00","og_image":[{"width":1000,"height":1000,"url":"https:\/\/hobierotikshop.com.tr\/website1\/wp-content\/uploads\/2025\/03\/el-ayak-vucut-baglama-kemeri-seti-1866-1.jpg","type":"image\/jpeg"}],"twitter_card":"summary_large_image","twitter_site":"@shopbursa","twitter_misc":{"Fiyat":"&#8378;1.500,00 KDV DAH\u0130L","Availability":"In stock"},"schema":{"@context":"https:\/\/schema.org","@graph":[{"@type":"WebPage","@id":"https:\/\/hobierotikshop.com.tr\/website1\/erotik-shop-urun\/el-ayak-vucut-baglama-kemeri-seti\/","url":"https:\/\/hobierotikshop.com.tr\/website1\/erotik-shop-urun\/el-ayak-vucut-baglama-kemeri-seti\/","name":"El Ayak V\u00fccut Ba\u011flama Kemeri Seti - Bursa Erotik Shop","isPartOf":{"@id":"https:\/\/hobierotikshop.com.tr\/website1\/#website"},"primaryImageOfPage":{"@id":"https:\/\/hobierotikshop.com.tr\/website1\/erotik-shop-urun\/el-ayak-vucut-baglama-kemeri-seti\/#primaryimage"},"image":{"@id":"https:\/\/hobierotikshop.com.tr\/website1\/erotik-shop-urun\/el-ayak-vucut-baglama-kemeri-seti\/#primaryimage"},"thumbnailUrl":"https:\/\/haremerotikshop.com\/site\/wp-content\/uploads\/2025\/03\/el-ayak-vucut-baglama-kemeri-seti-1866-1.jpg","datePublished":"2025-03-17T09:14:32+00:00","dateModified":"2026-01-27T08:59:21+00:00","breadcrumb":{"@id":"https:\/\/hobierotikshop.com.tr\/website1\/erotik-shop-urun\/el-ayak-vucut-baglama-kemeri-seti\/#breadcrumb"},"inLanguage":"tr","potentialAction":[{"@type":"ReadAction","target":["https:\/\/hobierotikshop.com.tr\/website1\/erotik-shop-urun\/el-ayak-vucut-baglama-kemeri-seti\/"]}]},{"@type":"ImageObject","inLanguage":"tr","@id":"https:\/\/hobierotikshop.com.tr\/website1\/erotik-shop-urun\/el-ayak-vucut-baglama-kemeri-seti\/#primaryimage","url":"https:\/\/haremerotikshop.com\/site\/wp-content\/uploads\/2025\/03\/el-ayak-vucut-baglama-kemeri-seti-1866-1.jpg","contentUrl":"https:\/\/haremerotikshop.com\/site\/wp-content\/uploads\/2025\/03\/el-ayak-vucut-baglama-kemeri-seti-1866-1.jpg","width":1000,"height":1000},{"@type":"BreadcrumbList","@id":"https:\/\/hobierotikshop.com.tr\/website1\/erotik-shop-urun\/el-ayak-vucut-baglama-kemeri-seti\/#breadcrumb","itemListElement":[{"@type":"ListItem","position":1,"name":"Anasayfa","item":"https:\/\/hobierotikshop.com.tr\/website1\/"},{"@type":"ListItem","position":2,"name":"Erotik Shop \u00dcr\u00fcnleri","item":"https:\/\/hobierotikshop.com.tr\/website1\/shop\/"},{"@type":"ListItem","position":3,"name":"El Ayak V\u00fccut Ba\u011flama Kemeri Seti"}]},{"@type":"WebSite","@id":"https:\/\/hobierotikshop.com.tr\/website1\/#website","url":"https:\/\/hobierotikshop.com.tr\/website1\/","name":"Bursa Erotik Shop","description":"Bursa Erotik Shop ile g\u00fcvenli, gizli ve kaliteli yeti\u015fkin \u00fcr\u00fcnleri al\u0131\u015fveri\u015fi! Geni\u015f \u00fcr\u00fcn yelpazemizi ke\u015ffedin, hemen sipari\u015f verin","publisher":{"@id":"https:\/\/hobierotikshop.com.tr\/website1\/#organization"},"alternateName":"Erotik Shop","potentialAction":[{"@type":"SearchAction","target":{"@type":"EntryPoint","urlTemplate":"https:\/\/hobierotikshop.com.tr\/website1\/?s={search_term_string}"},"query-input":{"@type":"PropertyValueSpecification","valueRequired":true,"valueName":"search_term_string"}}],"inLanguage":"tr"},{"@type":"Organization","@id":"https:\/\/hobierotikshop.com.tr\/website1\/#organization","name":"Harem Bursa Erotik Shop","url":"https:\/\/hobierotikshop.com.tr\/website1\/","logo":{"@type":"ImageObject","inLanguage":"tr","@id":"https:\/\/hobierotikshop.com.tr\/website1\/#\/schema\/logo\/image\/","url":"https:\/\/haremerotikshop.com\/site\/wp-content\/uploads\/2025\/03\/haremsexshop.png","contentUrl":"https:\/\/haremerotikshop.com\/site\/wp-content\/uploads\/2025\/03\/haremsexshop.png","width":400,"height":100,"caption":"Harem Bursa Erotik Shop"},"image":{"@id":"https:\/\/hobierotikshop.com.tr\/website1\/#\/schema\/logo\/image\/"},"sameAs":["https:\/\/x.com\/shopbursa"],"publishingPrinciples":"https:\/\/hobierotikshop.com.tr\/website1\/mesafeli-satis-sozlesmesi\/","ownershipFundingInfo":"https:\/\/hobierotikshop.com.tr\/website1\/contact-us\/","actionableFeedbackPolicy":"https:\/\/hobierotikshop.com.tr\/website1\/contact-us\/","correctionsPolicy":"https:\/\/hobierotikshop.com.tr\/website1\/mesafeli-satis-sozlesmesi\/"}]},"product_brand":"Pembe Tilki","product_price_amount":"1500.00","product_price_currency":"TRY","og_availability":"instock","product_availability":"instock","product_retailer_item_id":"PT-FFXG825","product_condition":"new"},"_links":{"self":[{"href":"https:\/\/haremerotikshop.com\/site\/wp-json\/wp\/v2\/product\/18305","targetHints":{"allow":["GET"]}}],"collection":[{"href":"https:\/\/haremerotikshop.com\/site\/wp-json\/wp\/v2\/product"}],"about":[{"href":"https:\/\/haremerotikshop.com\/site\/wp-json\/wp\/v2\/types\/product"}],"replies":[{"embeddable":true,"href":"https:\/\/haremerotikshop.com\/site\/wp-json\/wp\/v2\/comments?post=18305"}],"version-history":[{"count":0,"href":"https:\/\/haremerotikshop.com\/site\/wp-json\/wp\/v2\/product\/18305\/revisions"}],"wp:featuredmedia":[{"embeddable":true,"href":"https:\/\/haremerotikshop.com\/site\/wp-json\/wp\/v2\/media\/18388"}],"wp:attachment":[{"href":"https:\/\/haremerotikshop.com\/site\/wp-json\/wp\/v2\/media?parent=18305"}],"wp:term":[{"taxonomy":"product_brand","embeddable":true,"href":"https:\/\/haremerotikshop.com\/site\/wp-json\/wp\/v2\/product_brand?post=18305"},{"taxonomy":"product_cat","embeddable":true,"href":"https:\/\/haremerotikshop.com\/site\/wp-json\/wp\/v2\/product_cat?post=18305"},{"taxonomy":"product_tag","embeddable":true,"href":"https:\/\/haremerotikshop.com\/site\/wp-json\/wp\/v2\/product_tag?post=18305"}],"curies":[{"name":"wp","href":"https:\/\/api.w.org\/{rel}","templated":true}]}}