{"id":18306,"date":"2025-03-17T12:14:32","date_gmt":"2025-03-17T09:14:32","guid":{"rendered":"https:\/\/haremerotikshop.com\/site\/?post_type=product&#038;p=18306"},"modified":"2026-01-27T11:59:46","modified_gmt":"2026-01-27T08:59:46","slug":"el-ayak-baglama-kelepcesi","status":"publish","type":"product","link":"https:\/\/haremerotikshop.com\/site\/erotik-shop-urun\/el-ayak-baglama-kelepcesi\/","title":{"rendered":"El Ayak Ba\u011flama Kelep\u00e7esi"},"content":{"rendered":"<h3 class=\"\" data-start=\"0\" data-end=\"71\"><strong data-start=\"4\" data-end=\"71\">El Ayak Ba\u011flama Kelep\u00e7esi \u2013 Cinsel Ke\u015fiflerinizi Zenginle\u015ftirin<\/strong><\/h3>\n<p class=\"\" data-start=\"73\" data-end=\"574\"><strong data-start=\"73\" data-end=\"102\">El Ayak Ba\u011flama Kelep\u00e7esi<\/strong>, cinsel ke\u015fiflerde <strong data-start=\"122\" data-end=\"142\">tutku dolu anlar<\/strong> ya\u015famak isteyen \u00e7iftler i\u00e7in \u00f6zel olarak tasarlanm\u0131\u015f bir \u00fcr\u00fcnd\u00fcr. Bu kelep\u00e7e, <strong data-start=\"221\" data-end=\"284\">bir adet demir \u00e7ubuk \u00fczerine ba\u011flanan d\u00f6rt zincirli kelep\u00e7e<\/strong> sayesinde, <strong data-start=\"296\" data-end=\"339\">el ve ayak bileklerini birbirine ba\u011flar<\/strong>. Bu yap\u0131, kullan\u0131c\u0131lara <strong data-start=\"364\" data-end=\"395\">tam bir hareket k\u0131s\u0131tlamas\u0131<\/strong> ve <strong data-start=\"399\" data-end=\"410\">kontrol<\/strong> sa\u011flayarak cinsel deneyimlerinizi daha heyecanl\u0131 ve s\u0131n\u0131rs\u0131z hale getirir. <strong data-start=\"486\" data-end=\"512\">Dominant ve submissive<\/strong> rollerini ke\u015ffetmek isteyenler i\u00e7in m\u00fckemmel bir yard\u0131mc\u0131d\u0131r.<\/p>\n<h3 class=\"\" data-start=\"576\" data-end=\"601\"><strong data-start=\"580\" data-end=\"601\">\u00dcr\u00fcn \u00d6zellikleri:<\/strong><\/h3>\n<ul data-start=\"603\" data-end=\"1738\">\n<li class=\"\" data-start=\"603\" data-end=\"869\">\n<p class=\"\" data-start=\"605\" data-end=\"869\"><strong data-start=\"605\" data-end=\"627\">Dayan\u0131kl\u0131 Malzeme:<\/strong> <strong data-start=\"628\" data-end=\"657\">El Ayak Ba\u011flama Kelep\u00e7esi<\/strong>, <strong data-start=\"659\" data-end=\"681\">sa\u011flam demir \u00e7ubuk<\/strong> ve <strong data-start=\"685\" data-end=\"724\">y\u00fcksek kaliteli zincirli kelep\u00e7eler<\/strong> kullan\u0131larak \u00fcretilmi\u015ftir. Bu dayan\u0131kl\u0131 malzeme, uzun s\u00fcreli kullan\u0131mlar i\u00e7in idealdir ve her t\u00fcrl\u00fc cinsel ke\u015fif i\u00e7in g\u00fcvenli bir deneyim sunar.<\/p>\n<\/li>\n<li class=\"\" data-start=\"871\" data-end=\"1094\">\n<p class=\"\" data-start=\"873\" data-end=\"1094\"><strong data-start=\"873\" data-end=\"891\">Esnek Tasar\u0131m:<\/strong> <strong data-start=\"892\" data-end=\"919\">Ayarlanabilir zincirler<\/strong> sayesinde set, farkl\u0131 bedenlere <strong data-start=\"952\" data-end=\"975\">kolayca uyum sa\u011flar<\/strong>. Zincirlerin esnekli\u011fi, kullan\u0131c\u0131lara <strong data-start=\"1014\" data-end=\"1038\">konforlu bir deneyim<\/strong> sunarak uzun s\u00fcreli kullan\u0131mlarda bile rahatl\u0131k sa\u011flar.<\/p>\n<\/li>\n<li class=\"\" data-start=\"1096\" data-end=\"1348\">\n<p class=\"\" data-start=\"1098\" data-end=\"1348\"><strong data-start=\"1098\" data-end=\"1137\">Tam Kontrol ve Hareket K\u0131s\u0131tlamas\u0131:<\/strong> <strong data-start=\"1138\" data-end=\"1185\">El ve ayak bileklerini birbirine ba\u011flayarak<\/strong> kullan\u0131c\u0131n\u0131n hareketlerini k\u0131s\u0131tlar ve partnerinizle birlikte tam kontrol elde etmenizi sa\u011flar. Bu \u00f6zellik, deneyiminizi <strong data-start=\"1307\" data-end=\"1334\">daha heyecanl\u0131 ve yo\u011fun<\/strong> hale getirir.<\/p>\n<\/li>\n<li class=\"\" data-start=\"1350\" data-end=\"1542\">\n<p class=\"\" data-start=\"1352\" data-end=\"1542\"><strong data-start=\"1352\" data-end=\"1371\">Kolay Kullan\u0131m:<\/strong> \u00dcr\u00fcn\u00fcn <strong data-start=\"1379\" data-end=\"1416\">basit ve kullan\u0131c\u0131 dostu tasar\u0131m\u0131<\/strong>, kolayca tak\u0131l\u0131p \u00e7\u0131kar\u0131lmas\u0131na olanak tan\u0131r. <strong data-start=\"1462\" data-end=\"1480\">H\u0131zl\u0131 kullan\u0131m<\/strong> ve <strong data-start=\"1484\" data-end=\"1504\">konforlu deneyim<\/strong> sa\u011flamak i\u00e7in pratik bir \u00e7\u00f6z\u00fcm sunar.<\/p>\n<\/li>\n<li class=\"\" data-start=\"1544\" data-end=\"1738\">\n<p class=\"\" data-start=\"1546\" data-end=\"1738\"><strong data-start=\"1546\" data-end=\"1569\">\u00c7e\u015fitli Deneyimler:<\/strong> <strong data-start=\"1570\" data-end=\"1592\">Farkl\u0131 pozisyonlar<\/strong> denemek ve <strong data-start=\"1604\" data-end=\"1633\">s\u0131n\u0131rlar\u0131n\u0131z\u0131 geni\u015fletmek<\/strong> isteyenler i\u00e7in idealdir. Bu kelep\u00e7e, cinsel ke\u015fiflerinizi daha cesur ve \u00f6zg\u00fcrce ya\u015faman\u0131za imkan tan\u0131r.<\/p>\n<\/li>\n<\/ul>\n<h3 class=\"\" data-start=\"1740\" data-end=\"1763\"><strong data-start=\"1744\" data-end=\"1763\">\u00dcr\u00fcn Faydalar\u0131:<\/strong><\/h3>\n<ul data-start=\"1765\" data-end=\"2501\">\n<li class=\"\" data-start=\"1765\" data-end=\"1958\">\n<p class=\"\" data-start=\"1767\" data-end=\"1958\"><strong data-start=\"1767\" data-end=\"1795\">Heyecan Dolu Deneyimler:<\/strong> <strong data-start=\"1796\" data-end=\"1825\">El Ayak Ba\u011flama Kelep\u00e7esi<\/strong>, cinsel deneyimlerinize <strong data-start=\"1850\" data-end=\"1871\">tutkulu bir boyut<\/strong> katarken, partnerinizle birlikte <strong data-start=\"1905\" data-end=\"1930\">kontrol dinamiklerini<\/strong> ke\u015ffetmenize yard\u0131mc\u0131 olur.<\/p>\n<\/li>\n<li class=\"\" data-start=\"1960\" data-end=\"2146\">\n<p class=\"\" data-start=\"1962\" data-end=\"2146\"><strong data-start=\"1962\" data-end=\"1984\">Konforlu Kullan\u0131m:<\/strong> <strong data-start=\"1985\" data-end=\"2012\">Ayarlanabilir zincirler<\/strong> sayesinde \u00fcr\u00fcn\u00fc rahatl\u0131kla kullanabilirsiniz. Kelep\u00e7eler, farkl\u0131 bedenlere uyum sa\u011flar ve uzun s\u00fcreli kullan\u0131mda dahi rahatl\u0131k sunar.<\/p>\n<\/li>\n<li class=\"\" data-start=\"2148\" data-end=\"2314\">\n<p class=\"\" data-start=\"2150\" data-end=\"2314\"><strong data-start=\"2150\" data-end=\"2175\">G\u00fcvenli ve Dayan\u0131kl\u0131:<\/strong> <strong data-start=\"2176\" data-end=\"2206\">Y\u00fcksek kaliteli malzemeler<\/strong>, \u00fcr\u00fcn\u00fcn <strong data-start=\"2215\" data-end=\"2249\">dayan\u0131kl\u0131l\u0131\u011f\u0131n\u0131 ve g\u00fcvenli\u011fini<\/strong> art\u0131r\u0131r. Bu sayede g\u00fcvenli bir cinsel ke\u015fif deneyimi ya\u015fars\u0131n\u0131z.<\/p>\n<\/li>\n<li class=\"\" data-start=\"2316\" data-end=\"2501\">\n<p class=\"\" data-start=\"2318\" data-end=\"2501\"><strong data-start=\"2318\" data-end=\"2344\">Yeni Zevkler Ke\u015ffedin:<\/strong> <strong data-start=\"2345\" data-end=\"2380\">El ve ayak bileklerini ba\u011flamak<\/strong> gibi heyecan verici deneyimler, <strong data-start=\"2413\" data-end=\"2442\">s\u0131n\u0131rlar\u0131n\u0131z\u0131 geni\u015fletmek<\/strong> ve yeni <strong data-start=\"2451\" data-end=\"2472\">zevkler ke\u015ffetmek<\/strong> i\u00e7in m\u00fckemmel bir yol sunar.<\/p>\n<\/li>\n<\/ul>\n<h3 class=\"\" data-start=\"2503\" data-end=\"2529\"><strong data-start=\"2507\" data-end=\"2529\">Kullan\u0131m Alanlar\u0131:<\/strong><\/h3>\n<ul data-start=\"2531\" data-end=\"3228\">\n<li class=\"\" data-start=\"2531\" data-end=\"2728\">\n<p class=\"\" data-start=\"2533\" data-end=\"2728\"><strong data-start=\"2533\" data-end=\"2557\">Cinsel Ke\u015fif Yapmak:<\/strong> <strong data-start=\"2558\" data-end=\"2587\">El Ayak Ba\u011flama Kelep\u00e7esi<\/strong>, cinsel deneyimlerinize <strong data-start=\"2612\" data-end=\"2637\">yeni bir boyut katmak<\/strong> isteyenler i\u00e7in idealdir. Partnerinizle birlikte <strong data-start=\"2687\" data-end=\"2703\">heyecan dolu<\/strong> anlar ya\u015faman\u0131z\u0131 sa\u011flar.<\/p>\n<\/li>\n<li class=\"\" data-start=\"2730\" data-end=\"2954\">\n<p class=\"\" data-start=\"2732\" data-end=\"2954\"><strong data-start=\"2732\" data-end=\"2779\">Dominant ve Submissive Rollerini Ke\u015ffetmek:<\/strong> Bu \u00fcr\u00fcn, <strong data-start=\"2789\" data-end=\"2815\">dominant ve submissive<\/strong> rollerini deneyimlemek isteyen \u00e7iftler i\u00e7in m\u00fckemmel bir yard\u0131mc\u0131d\u0131r. <strong data-start=\"2886\" data-end=\"2909\">Kontrol dinamikleri<\/strong> \u00fczerine cinsel ke\u015fif yapman\u0131za olanak tan\u0131r.<\/p>\n<\/li>\n<li class=\"\" data-start=\"2956\" data-end=\"3092\">\n<p class=\"\" data-start=\"2958\" data-end=\"3092\"><strong data-start=\"2958\" data-end=\"2985\">S\u0131n\u0131rlar\u0131n\u0131z\u0131 Zorlamak:<\/strong> <strong data-start=\"2986\" data-end=\"3009\">Hareket k\u0131s\u0131tlamas\u0131<\/strong> ile s\u0131n\u0131rlar\u0131n\u0131z\u0131 zorlamak ve cinsel heyecan\u0131n\u0131z\u0131 art\u0131rmak i\u00e7in kullanabilirsiniz.<\/p>\n<\/li>\n<li class=\"\" data-start=\"3094\" data-end=\"3228\">\n<p class=\"\" data-start=\"3096\" data-end=\"3228\"><strong data-start=\"3096\" data-end=\"3127\">\u00c7e\u015fitli Cinsel Pozisyonlar:<\/strong> \u00dcr\u00fcn, <strong data-start=\"3134\" data-end=\"3163\">farkl\u0131 cinsel pozisyonlar<\/strong> denemek ve <strong data-start=\"3175\" data-end=\"3194\">yeni deneyimler<\/strong> ya\u015famak isteyenler i\u00e7in idealdir.<\/p>\n<\/li>\n<\/ul>\n<h3 class=\"\" data-start=\"3230\" data-end=\"3257\"><strong data-start=\"3234\" data-end=\"3257\">G\u00fcvenlik ve Kalite:<\/strong><\/h3>\n<p class=\"\" data-start=\"3259\" data-end=\"3545\"><strong data-start=\"3259\" data-end=\"3288\">El Ayak Ba\u011flama Kelep\u00e7esi<\/strong>, <strong data-start=\"3290\" data-end=\"3331\">y\u00fcksek kaliteli ve g\u00fcvenli malzemeler<\/strong> ile \u00fcretilmi\u015ftir. \u00dcr\u00fcn, <strong data-start=\"3356\" data-end=\"3383\">g\u00fcvenlik standartlar\u0131na<\/strong> uygun olarak titizlikle kontrol edilmi\u015ftir. <strong data-start=\"3428\" data-end=\"3456\">Dayan\u0131kl\u0131 ve uzun \u00f6m\u00fcrl\u00fc<\/strong> olan bu kelep\u00e7eler, kullan\u0131c\u0131lar\u0131n g\u00fcvenli\u011fi ve memnuniyetini her zaman \u00f6n planda tutar.<\/p>\n<h3 class=\"\" data-start=\"3547\" data-end=\"3561\"><strong data-start=\"3551\" data-end=\"3561\">Sonu\u00e7:<\/strong><\/h3>\n<p class=\"\" data-start=\"3563\" data-end=\"4036\"><strong data-start=\"3563\" data-end=\"3592\">El Ayak Ba\u011flama Kelep\u00e7esi<\/strong>, <strong data-start=\"3594\" data-end=\"3618\">cinsel ke\u015fiflerinizi<\/strong> daha heyecanl\u0131 hale getirmek ve <strong data-start=\"3651\" data-end=\"3677\">s\u0131n\u0131rlar\u0131n\u0131z\u0131 zorlamak<\/strong> i\u00e7in m\u00fckemmel bir \u00fcr\u00fcnd\u00fcr. <strong data-start=\"3705\" data-end=\"3726\">Dayan\u0131kl\u0131 malzeme<\/strong>, <strong data-start=\"3728\" data-end=\"3755\">ayarlanabilir zincirler<\/strong> ve <strong data-start=\"3759\" data-end=\"3777\">kolay kullan\u0131m<\/strong> \u00f6zellikleriyle bu \u00fcr\u00fcn, her seviyede cinsel ke\u015fif yapmak isteyen \u00e7iftler i\u00e7in idealdir. <strong data-start=\"3866\" data-end=\"3892\">Dominant ve submissive<\/strong> rollerini ke\u015ffetmek, yeni pozisyonlar denemek ve cinsel heyecan\u0131 zirveye ta\u015f\u0131mak i\u00e7in <strong data-start=\"3979\" data-end=\"4008\">El Ayak Ba\u011flama Kelep\u00e7esi<\/strong> ile s\u0131n\u0131rlar\u0131n\u0131z\u0131 zorlay\u0131n!<\/p>\n","protected":false},"excerpt":{"rendered":"<p><strong data-start=\"73\" data-end=\"102\">El Ayak Ba\u011flama Kelep\u00e7esi<\/strong>, cinsel ke\u015fiflerde <strong data-start=\"122\" data-end=\"142\">tutku dolu anlar<\/strong> ya\u015famak isteyen \u00e7iftler i\u00e7in \u00f6zel olarak tasarlanm\u0131\u015f bir \u00fcr\u00fcnd\u00fcr. Bu kelep\u00e7e, <strong data-start=\"221\" data-end=\"284\">bir adet demir \u00e7ubuk \u00fczerine ba\u011flanan d\u00f6rt zincirli kelep\u00e7e<\/strong> sayesinde, <strong data-start=\"296\" data-end=\"339\">el ve ayak bileklerini birbirine ba\u011flar<\/strong>. Bu yap\u0131, kullan\u0131c\u0131lara <strong data-start=\"364\" data-end=\"395\">tam bir hareket k\u0131s\u0131tlamas\u0131<\/strong> ve <strong data-start=\"399\" data-end=\"410\">kontrol<\/strong> sa\u011flayarak cinsel deneyimlerinizi daha heyecanl\u0131 ve s\u0131n\u0131rs\u0131z hale getirir. <strong data-start=\"486\" data-end=\"512\">Dominant ve submissive<\/strong> rollerini ke\u015ffetmek isteyenler i\u00e7in m\u00fckemmel bir yard\u0131mc\u0131d\u0131r.<\/p>\n","protected":false},"featured_media":18390,"comment_status":"open","ping_status":"closed","template":"","meta":[],"product_brand":[127],"product_cat":[100],"product_tag":[105],"class_list":{"0":"post-18306","1":"product","2":"type-product","3":"status-publish","4":"has-post-thumbnail","6":"product_brand-pembe-tilki","7":"product_cat-fantezi-fetis","8":"product_tag-el-ayak-baglama-kelepcesi","10":"first","11":"instock","12":"taxable","13":"shipping-taxable","14":"purchasable","15":"product-type-simple"},"yoast_head":"<!-- This site is optimized with the Yoast SEO Premium plugin v24.4 (Yoast SEO v27.1.1) - https:\/\/yoast.com\/product\/yoast-seo-premium-wordpress\/ -->\n<title>El Ayak Ba\u011flama Kelep\u00e7esi - Bursa Erotik Shop<\/title>\n<meta name=\"robots\" content=\"index, follow, max-snippet:-1, max-image-preview:large, max-video-preview:-1\" \/>\n<link rel=\"canonical\" href=\"https:\/\/hobierotikshop.com.tr\/website1\/erotik-shop-urun\/el-ayak-baglama-kelepcesi\/\" \/>\n<meta property=\"og:locale\" content=\"tr_TR\" \/>\n<meta property=\"og:type\" content=\"article\" \/>\n<meta property=\"og:title\" content=\"El Ayak Ba\u011flama Kelep\u00e7esi\" \/>\n<meta property=\"og:description\" content=\"El Ayak Ba\u011flama Kelep\u00e7esi, cinsel ke\u015fiflerde tutku dolu anlar ya\u015famak isteyen \u00e7iftler i\u00e7in \u00f6zel olarak tasarlanm\u0131\u015f bir \u00fcr\u00fcnd\u00fcr. Bu kelep\u00e7e, bir adet demir \u00e7ubuk \u00fczerine ba\u011flanan d\u00f6rt zincirli kelep\u00e7e sayesinde, el ve ayak bileklerini birbirine ba\u011flar. Bu yap\u0131, kullan\u0131c\u0131lara tam bir hareket k\u0131s\u0131tlamas\u0131 ve kontrol sa\u011flayarak cinsel deneyimlerinizi daha heyecanl\u0131 ve s\u0131n\u0131rs\u0131z hale getirir. Dominant ve submissive rollerini ke\u015ffetmek isteyenler i\u00e7in m\u00fckemmel bir yard\u0131mc\u0131d\u0131r.\" \/>\n<meta property=\"og:url\" content=\"https:\/\/hobierotikshop.com.tr\/website1\/erotik-shop-urun\/el-ayak-baglama-kelepcesi\/\" \/>\n<meta property=\"og:site_name\" content=\"Bursa Erotik Shop\" \/>\n<meta property=\"article:modified_time\" content=\"2026-01-27T08:59:46+00:00\" \/>\n<meta property=\"og:image\" content=\"https:\/\/hobierotikshop.com.tr\/website1\/wp-content\/uploads\/2025\/03\/el-ayak-baglama-kelepcesi-4943.jpg\" \/>\n\t<meta property=\"og:image:width\" content=\"1500\" \/>\n\t<meta property=\"og:image:height\" content=\"1500\" \/>\n\t<meta property=\"og:image:type\" content=\"image\/jpeg\" \/>\n<meta name=\"twitter:card\" content=\"summary_large_image\" \/>\n<meta name=\"twitter:site\" content=\"@shopbursa\" \/>\n<meta name=\"twitter:label1\" content=\"Fiyat\" \/>\n\t<meta name=\"twitter:data1\" content=\"&#8378;2.500,00 KDV DAH\u0130L\" \/>\n\t<meta name=\"twitter:label2\" content=\"Availability\" \/>\n\t<meta name=\"twitter:data2\" content=\"In stock\" \/>\n<script type=\"application\/ld+json\" class=\"yoast-schema-graph\">{\"@context\":\"https:\/\/schema.org\",\"@graph\":[{\"@type\":\"WebPage\",\"@id\":\"https:\/\/hobierotikshop.com.tr\/website1\/erotik-shop-urun\/el-ayak-baglama-kelepcesi\/\",\"url\":\"https:\/\/hobierotikshop.com.tr\/website1\/erotik-shop-urun\/el-ayak-baglama-kelepcesi\/\",\"name\":\"El Ayak Ba\u011flama Kelep\u00e7esi - Bursa Erotik Shop\",\"isPartOf\":{\"@id\":\"https:\/\/hobierotikshop.com.tr\/website1\/#website\"},\"primaryImageOfPage\":{\"@id\":\"https:\/\/hobierotikshop.com.tr\/website1\/erotik-shop-urun\/el-ayak-baglama-kelepcesi\/#primaryimage\"},\"image\":{\"@id\":\"https:\/\/hobierotikshop.com.tr\/website1\/erotik-shop-urun\/el-ayak-baglama-kelepcesi\/#primaryimage\"},\"thumbnailUrl\":\"https:\/\/haremerotikshop.com\/site\/wp-content\/uploads\/2025\/03\/el-ayak-baglama-kelepcesi-4943.jpg\",\"datePublished\":\"2025-03-17T09:14:32+00:00\",\"dateModified\":\"2026-01-27T08:59:46+00:00\",\"breadcrumb\":{\"@id\":\"https:\/\/hobierotikshop.com.tr\/website1\/erotik-shop-urun\/el-ayak-baglama-kelepcesi\/#breadcrumb\"},\"inLanguage\":\"tr\",\"potentialAction\":[{\"@type\":\"ReadAction\",\"target\":[\"https:\/\/hobierotikshop.com.tr\/website1\/erotik-shop-urun\/el-ayak-baglama-kelepcesi\/\"]}]},{\"@type\":\"ImageObject\",\"inLanguage\":\"tr\",\"@id\":\"https:\/\/hobierotikshop.com.tr\/website1\/erotik-shop-urun\/el-ayak-baglama-kelepcesi\/#primaryimage\",\"url\":\"https:\/\/haremerotikshop.com\/site\/wp-content\/uploads\/2025\/03\/el-ayak-baglama-kelepcesi-4943.jpg\",\"contentUrl\":\"https:\/\/haremerotikshop.com\/site\/wp-content\/uploads\/2025\/03\/el-ayak-baglama-kelepcesi-4943.jpg\",\"width\":1500,\"height\":1500},{\"@type\":\"BreadcrumbList\",\"@id\":\"https:\/\/hobierotikshop.com.tr\/website1\/erotik-shop-urun\/el-ayak-baglama-kelepcesi\/#breadcrumb\",\"itemListElement\":[{\"@type\":\"ListItem\",\"position\":1,\"name\":\"Anasayfa\",\"item\":\"https:\/\/hobierotikshop.com.tr\/website1\/\"},{\"@type\":\"ListItem\",\"position\":2,\"name\":\"Erotik Shop \u00dcr\u00fcnleri\",\"item\":\"https:\/\/hobierotikshop.com.tr\/website1\/shop\/\"},{\"@type\":\"ListItem\",\"position\":3,\"name\":\"El Ayak Ba\u011flama Kelep\u00e7esi\"}]},{\"@type\":\"WebSite\",\"@id\":\"https:\/\/hobierotikshop.com.tr\/website1\/#website\",\"url\":\"https:\/\/hobierotikshop.com.tr\/website1\/\",\"name\":\"Bursa Erotik Shop\",\"description\":\"Bursa Erotik Shop ile g\u00fcvenli, gizli ve kaliteli yeti\u015fkin \u00fcr\u00fcnleri al\u0131\u015fveri\u015fi! Geni\u015f \u00fcr\u00fcn yelpazemizi ke\u015ffedin, hemen sipari\u015f verin\",\"publisher\":{\"@id\":\"https:\/\/hobierotikshop.com.tr\/website1\/#organization\"},\"alternateName\":\"Erotik Shop\",\"potentialAction\":[{\"@type\":\"SearchAction\",\"target\":{\"@type\":\"EntryPoint\",\"urlTemplate\":\"https:\/\/hobierotikshop.com.tr\/website1\/?s={search_term_string}\"},\"query-input\":{\"@type\":\"PropertyValueSpecification\",\"valueRequired\":true,\"valueName\":\"search_term_string\"}}],\"inLanguage\":\"tr\"},{\"@type\":\"Organization\",\"@id\":\"https:\/\/hobierotikshop.com.tr\/website1\/#organization\",\"name\":\"Harem Bursa Erotik Shop\",\"url\":\"https:\/\/hobierotikshop.com.tr\/website1\/\",\"logo\":{\"@type\":\"ImageObject\",\"inLanguage\":\"tr\",\"@id\":\"https:\/\/hobierotikshop.com.tr\/website1\/#\/schema\/logo\/image\/\",\"url\":\"https:\/\/haremerotikshop.com\/wp-content\/uploads\/2025\/03\/haremsexshop.png\",\"contentUrl\":\"https:\/\/haremerotikshop.com\/wp-content\/uploads\/2025\/03\/haremsexshop.png\",\"width\":400,\"height\":100,\"caption\":\"Harem Bursa Erotik Shop\"},\"image\":{\"@id\":\"https:\/\/hobierotikshop.com.tr\/website1\/#\/schema\/logo\/image\/\"},\"sameAs\":[\"https:\/\/x.com\/shopbursa\"],\"publishingPrinciples\":\"https:\/\/hobierotikshop.com.tr\/website1\/mesafeli-satis-sozlesmesi\/\",\"ownershipFundingInfo\":\"https:\/\/hobierotikshop.com.tr\/website1\/contact-us\/\",\"actionableFeedbackPolicy\":\"https:\/\/hobierotikshop.com.tr\/website1\/contact-us\/\",\"correctionsPolicy\":\"https:\/\/hobierotikshop.com.tr\/website1\/mesafeli-satis-sozlesmesi\/\"}]}<\/script>\n<meta property=\"product:brand\" content=\"Pembe Tilki\" \/>\n<meta property=\"product:price:amount\" content=\"2500.00\" \/>\n<meta property=\"product:price:currency\" content=\"TRY\" \/>\n<meta property=\"og:availability\" content=\"instock\" \/>\n<meta property=\"product:availability\" content=\"instock\" \/>\n<meta property=\"product:retailer_item_id\" content=\"PT-FFXG078\" \/>\n<meta property=\"product:condition\" content=\"new\" \/>\n<!-- \/ Yoast SEO Premium plugin. -->","yoast_head_json":{"title":"El Ayak Ba\u011flama Kelep\u00e7esi - Bursa Erotik Shop","robots":{"index":"index","follow":"follow","max-snippet":"max-snippet:-1","max-image-preview":"max-image-preview:large","max-video-preview":"max-video-preview:-1"},"canonical":"https:\/\/hobierotikshop.com.tr\/website1\/erotik-shop-urun\/el-ayak-baglama-kelepcesi\/","og_locale":"tr_TR","og_type":"article","og_title":"El Ayak Ba\u011flama Kelep\u00e7esi","og_description":"El Ayak Ba\u011flama Kelep\u00e7esi, cinsel ke\u015fiflerde tutku dolu anlar ya\u015famak isteyen \u00e7iftler i\u00e7in \u00f6zel olarak tasarlanm\u0131\u015f bir \u00fcr\u00fcnd\u00fcr. Bu kelep\u00e7e, bir adet demir \u00e7ubuk \u00fczerine ba\u011flanan d\u00f6rt zincirli kelep\u00e7e sayesinde, el ve ayak bileklerini birbirine ba\u011flar. Bu yap\u0131, kullan\u0131c\u0131lara tam bir hareket k\u0131s\u0131tlamas\u0131 ve kontrol sa\u011flayarak cinsel deneyimlerinizi daha heyecanl\u0131 ve s\u0131n\u0131rs\u0131z hale getirir. Dominant ve submissive rollerini ke\u015ffetmek isteyenler i\u00e7in m\u00fckemmel bir yard\u0131mc\u0131d\u0131r.","og_url":"https:\/\/hobierotikshop.com.tr\/website1\/erotik-shop-urun\/el-ayak-baglama-kelepcesi\/","og_site_name":"Bursa Erotik Shop","article_modified_time":"2026-01-27T08:59:46+00:00","og_image":[{"width":1500,"height":1500,"url":"https:\/\/hobierotikshop.com.tr\/website1\/wp-content\/uploads\/2025\/03\/el-ayak-baglama-kelepcesi-4943.jpg","type":"image\/jpeg"}],"twitter_card":"summary_large_image","twitter_site":"@shopbursa","twitter_misc":{"Fiyat":"&#8378;2.500,00 KDV DAH\u0130L","Availability":"In stock"},"schema":{"@context":"https:\/\/schema.org","@graph":[{"@type":"WebPage","@id":"https:\/\/hobierotikshop.com.tr\/website1\/erotik-shop-urun\/el-ayak-baglama-kelepcesi\/","url":"https:\/\/hobierotikshop.com.tr\/website1\/erotik-shop-urun\/el-ayak-baglama-kelepcesi\/","name":"El Ayak Ba\u011flama Kelep\u00e7esi - Bursa Erotik Shop","isPartOf":{"@id":"https:\/\/hobierotikshop.com.tr\/website1\/#website"},"primaryImageOfPage":{"@id":"https:\/\/hobierotikshop.com.tr\/website1\/erotik-shop-urun\/el-ayak-baglama-kelepcesi\/#primaryimage"},"image":{"@id":"https:\/\/hobierotikshop.com.tr\/website1\/erotik-shop-urun\/el-ayak-baglama-kelepcesi\/#primaryimage"},"thumbnailUrl":"https:\/\/haremerotikshop.com\/site\/wp-content\/uploads\/2025\/03\/el-ayak-baglama-kelepcesi-4943.jpg","datePublished":"2025-03-17T09:14:32+00:00","dateModified":"2026-01-27T08:59:46+00:00","breadcrumb":{"@id":"https:\/\/hobierotikshop.com.tr\/website1\/erotik-shop-urun\/el-ayak-baglama-kelepcesi\/#breadcrumb"},"inLanguage":"tr","potentialAction":[{"@type":"ReadAction","target":["https:\/\/hobierotikshop.com.tr\/website1\/erotik-shop-urun\/el-ayak-baglama-kelepcesi\/"]}]},{"@type":"ImageObject","inLanguage":"tr","@id":"https:\/\/hobierotikshop.com.tr\/website1\/erotik-shop-urun\/el-ayak-baglama-kelepcesi\/#primaryimage","url":"https:\/\/haremerotikshop.com\/site\/wp-content\/uploads\/2025\/03\/el-ayak-baglama-kelepcesi-4943.jpg","contentUrl":"https:\/\/haremerotikshop.com\/site\/wp-content\/uploads\/2025\/03\/el-ayak-baglama-kelepcesi-4943.jpg","width":1500,"height":1500},{"@type":"BreadcrumbList","@id":"https:\/\/hobierotikshop.com.tr\/website1\/erotik-shop-urun\/el-ayak-baglama-kelepcesi\/#breadcrumb","itemListElement":[{"@type":"ListItem","position":1,"name":"Anasayfa","item":"https:\/\/hobierotikshop.com.tr\/website1\/"},{"@type":"ListItem","position":2,"name":"Erotik Shop \u00dcr\u00fcnleri","item":"https:\/\/hobierotikshop.com.tr\/website1\/shop\/"},{"@type":"ListItem","position":3,"name":"El Ayak Ba\u011flama Kelep\u00e7esi"}]},{"@type":"WebSite","@id":"https:\/\/hobierotikshop.com.tr\/website1\/#website","url":"https:\/\/hobierotikshop.com.tr\/website1\/","name":"Bursa Erotik Shop","description":"Bursa Erotik Shop ile g\u00fcvenli, gizli ve kaliteli yeti\u015fkin \u00fcr\u00fcnleri al\u0131\u015fveri\u015fi! Geni\u015f \u00fcr\u00fcn yelpazemizi ke\u015ffedin, hemen sipari\u015f verin","publisher":{"@id":"https:\/\/hobierotikshop.com.tr\/website1\/#organization"},"alternateName":"Erotik Shop","potentialAction":[{"@type":"SearchAction","target":{"@type":"EntryPoint","urlTemplate":"https:\/\/hobierotikshop.com.tr\/website1\/?s={search_term_string}"},"query-input":{"@type":"PropertyValueSpecification","valueRequired":true,"valueName":"search_term_string"}}],"inLanguage":"tr"},{"@type":"Organization","@id":"https:\/\/hobierotikshop.com.tr\/website1\/#organization","name":"Harem Bursa Erotik Shop","url":"https:\/\/hobierotikshop.com.tr\/website1\/","logo":{"@type":"ImageObject","inLanguage":"tr","@id":"https:\/\/hobierotikshop.com.tr\/website1\/#\/schema\/logo\/image\/","url":"https:\/\/haremerotikshop.com\/wp-content\/uploads\/2025\/03\/haremsexshop.png","contentUrl":"https:\/\/haremerotikshop.com\/wp-content\/uploads\/2025\/03\/haremsexshop.png","width":400,"height":100,"caption":"Harem Bursa Erotik Shop"},"image":{"@id":"https:\/\/hobierotikshop.com.tr\/website1\/#\/schema\/logo\/image\/"},"sameAs":["https:\/\/x.com\/shopbursa"],"publishingPrinciples":"https:\/\/hobierotikshop.com.tr\/website1\/mesafeli-satis-sozlesmesi\/","ownershipFundingInfo":"https:\/\/hobierotikshop.com.tr\/website1\/contact-us\/","actionableFeedbackPolicy":"https:\/\/hobierotikshop.com.tr\/website1\/contact-us\/","correctionsPolicy":"https:\/\/hobierotikshop.com.tr\/website1\/mesafeli-satis-sozlesmesi\/"}]},"product_brand":"Pembe Tilki","product_price_amount":"2500.00","product_price_currency":"TRY","og_availability":"instock","product_availability":"instock","product_retailer_item_id":"PT-FFXG078","product_condition":"new"},"_links":{"self":[{"href":"https:\/\/haremerotikshop.com\/site\/wp-json\/wp\/v2\/product\/18306","targetHints":{"allow":["GET"]}}],"collection":[{"href":"https:\/\/haremerotikshop.com\/site\/wp-json\/wp\/v2\/product"}],"about":[{"href":"https:\/\/haremerotikshop.com\/site\/wp-json\/wp\/v2\/types\/product"}],"replies":[{"embeddable":true,"href":"https:\/\/haremerotikshop.com\/site\/wp-json\/wp\/v2\/comments?post=18306"}],"version-history":[{"count":0,"href":"https:\/\/haremerotikshop.com\/site\/wp-json\/wp\/v2\/product\/18306\/revisions"}],"wp:featuredmedia":[{"embeddable":true,"href":"https:\/\/haremerotikshop.com\/site\/wp-json\/wp\/v2\/media\/18390"}],"wp:attachment":[{"href":"https:\/\/haremerotikshop.com\/site\/wp-json\/wp\/v2\/media?parent=18306"}],"wp:term":[{"taxonomy":"product_brand","embeddable":true,"href":"https:\/\/haremerotikshop.com\/site\/wp-json\/wp\/v2\/product_brand?post=18306"},{"taxonomy":"product_cat","embeddable":true,"href":"https:\/\/haremerotikshop.com\/site\/wp-json\/wp\/v2\/product_cat?post=18306"},{"taxonomy":"product_tag","embeddable":true,"href":"https:\/\/haremerotikshop.com\/site\/wp-json\/wp\/v2\/product_tag?post=18306"}],"curies":[{"name":"wp","href":"https:\/\/api.w.org\/{rel}","templated":true}]}}