{"id":18307,"date":"2025-03-17T12:14:32","date_gmt":"2025-03-17T09:14:32","guid":{"rendered":"https:\/\/haremerotikshop.com\/site\/?post_type=product&#038;p=18307"},"modified":"2026-01-27T11:59:56","modified_gmt":"2026-01-27T08:59:56","slug":"seffaf-realistik-dildo-23-cm","status":"publish","type":"product","link":"https:\/\/haremerotikshop.com\/site\/erotik-shop-urun\/seffaf-realistik-dildo-23-cm\/","title":{"rendered":"\u015eeffaf Realistik Dildo 23 Cm"},"content":{"rendered":"<h3 class=\"\" data-start=\"0\" data-end=\"74\"><strong data-start=\"4\" data-end=\"74\">\u015eeffaf Realistik Dildo \u2013 Heyecan Verici ve Doyurucu Cinsel Deneyim<\/strong><\/h3>\n<p class=\"\" data-start=\"76\" data-end=\"633\"><strong data-start=\"76\" data-end=\"102\">\u015eeffaf Realistik Dildo<\/strong>, cinsel ke\u015fiflerinize <strong data-start=\"125\" data-end=\"143\">yenilik katmak<\/strong> ve <strong data-start=\"147\" data-end=\"168\">zevkli anlar\u0131n\u0131z\u0131<\/strong> daha heyecan verici hale getirmek i\u00e7in tasarlanm\u0131\u015f \u00f6zel bir \u00fcr\u00fcnd\u00fcr. <strong data-start=\"238\" data-end=\"261\">23,5 cm uzunlu\u011funda<\/strong> ve <strong data-start=\"265\" data-end=\"283\">4,4 cm \u00e7ap\u0131nda<\/strong> olan bu dildo, kullan\u0131c\u0131ya <strong data-start=\"311\" data-end=\"344\">yo\u011fun ve doyurucu bir deneyim<\/strong> sunar. <strong data-start=\"352\" data-end=\"390\">Esnek ve dayan\u0131kl\u0131 silikon malzeme<\/strong> ile \u00fcretilmi\u015f olan bu \u00fcr\u00fcn, v\u00fccudunuzla m\u00fckemmel uyum sa\u011flar ve <strong data-start=\"455\" data-end=\"476\">konforlu kullan\u0131m<\/strong> imkan\u0131 sunar. Ayr\u0131ca, <strong data-start=\"499\" data-end=\"520\">vantuzlu tasar\u0131m\u0131<\/strong> sayesinde farkl\u0131 y\u00fczeylere <strong data-start=\"548\" data-end=\"574\">kolayca sabitlenebilir<\/strong>, b\u00f6ylece <strong data-start=\"584\" data-end=\"610\">eller serbest kullan\u0131m<\/strong> imkan\u0131 elde edersiniz.<\/p>\n<h3 class=\"\" data-start=\"635\" data-end=\"660\"><strong data-start=\"639\" data-end=\"660\">\u00dcr\u00fcn \u00d6zellikleri:<\/strong><\/h3>\n<ul data-start=\"662\" data-end=\"1665\">\n<li class=\"\" data-start=\"662\" data-end=\"874\">\n<p class=\"\" data-start=\"664\" data-end=\"874\"><strong data-start=\"664\" data-end=\"690\">Uzun ve Geni\u015f Tasar\u0131m:<\/strong> <strong data-start=\"691\" data-end=\"714\">23,5 cm uzunlu\u011funda<\/strong> ve <strong data-start=\"718\" data-end=\"736\">4,4 cm \u00e7ap\u0131nda<\/strong> olan bu dildo, kullan\u0131c\u0131lara <strong data-start=\"766\" data-end=\"778\">doyurucu<\/strong> ve <strong data-start=\"782\" data-end=\"799\">derinlemesine<\/strong> bir deneyim sunar. Boyutlar\u0131, maksimum tatmin i\u00e7in ideal bir denge sa\u011flar.<\/p>\n<\/li>\n<li class=\"\" data-start=\"876\" data-end=\"1072\">\n<p class=\"\" data-start=\"878\" data-end=\"1072\"><strong data-start=\"878\" data-end=\"916\">Esnek ve Konforlu Silikon Malzeme:<\/strong> Y\u00fcksek kaliteli silikon malzeme, \u00fcr\u00fcn\u00fc <strong data-start=\"956\" data-end=\"978\">esnek ve dayan\u0131kl\u0131<\/strong> k\u0131lar. Bu sayede v\u00fccudunuzla m\u00fckemmel uyum sa\u011flar ve uzun s\u00fcreli kullan\u0131mda <strong data-start=\"1055\" data-end=\"1065\">konfor<\/strong> sunar.<\/p>\n<\/li>\n<li class=\"\" data-start=\"1074\" data-end=\"1270\">\n<p class=\"\" data-start=\"1076\" data-end=\"1270\"><strong data-start=\"1076\" data-end=\"1097\">Vantuzlu Tasar\u0131m:<\/strong> Dildonun alt\u0131nda bulunan <strong data-start=\"1123\" data-end=\"1139\">g\u00fc\u00e7l\u00fc vantuz<\/strong>, farkl\u0131 y\u00fczeylere kolayca sabitlenmesine imkan tan\u0131r. <strong data-start=\"1194\" data-end=\"1220\">Eller serbest kullan\u0131m<\/strong> olana\u011f\u0131 sunarak, \u00f6zg\u00fcrce hareket etmenizi sa\u011flar.<\/p>\n<\/li>\n<li class=\"\" data-start=\"1272\" data-end=\"1454\">\n<p class=\"\" data-start=\"1274\" data-end=\"1454\"><strong data-start=\"1274\" data-end=\"1293\">\u015eeffaf Tasar\u0131m:<\/strong> <strong data-start=\"1294\" data-end=\"1311\">\u015eeffaf yap\u0131s\u0131<\/strong>, kullan\u0131c\u0131ya farkl\u0131 bir g\u00f6rsel deneyim sunar ve heyecan\u0131 art\u0131r\u0131r. \u015eeffaf dildo, cinsel ke\u015fiflerinize <strong data-start=\"1413\" data-end=\"1436\">yenilik\u00e7i bir boyut<\/strong> katman\u0131z\u0131 sa\u011flar.<\/p>\n<\/li>\n<li class=\"\" data-start=\"1456\" data-end=\"1665\">\n<p class=\"\" data-start=\"1458\" data-end=\"1665\"><strong data-start=\"1458\" data-end=\"1481\">Kullan\u0131m Kolayl\u0131\u011f\u0131:<\/strong> \u00dcr\u00fcn\u00fcn <strong data-start=\"1489\" data-end=\"1508\">p\u00fcr\u00fczs\u00fcz y\u00fczeyi<\/strong> ve ideal boyutlar\u0131, <strong data-start=\"1529\" data-end=\"1547\">kolay kullan\u0131m<\/strong> sa\u011flar. Hem <strong data-start=\"1560\" data-end=\"1581\">bireysel kullan\u0131m<\/strong> hem de <strong data-start=\"1589\" data-end=\"1611\">partnerle kullan\u0131m<\/strong> i\u00e7in ideal olan bu dildo, farkl\u0131 zevklere hitap eder.<\/p>\n<\/li>\n<\/ul>\n<h3 class=\"\" data-start=\"1667\" data-end=\"1690\"><strong data-start=\"1671\" data-end=\"1690\">\u00dcr\u00fcn Faydalar\u0131:<\/strong><\/h3>\n<ul data-start=\"1692\" data-end=\"2407\">\n<li class=\"\" data-start=\"1692\" data-end=\"1850\">\n<p class=\"\" data-start=\"1694\" data-end=\"1850\"><strong data-start=\"1694\" data-end=\"1724\">Doyurucu ve Yo\u011fun Deneyim:<\/strong> <strong data-start=\"1725\" data-end=\"1745\">23,5 cm uzunlu\u011fu<\/strong> ve <strong data-start=\"1749\" data-end=\"1764\">4,4 cm \u00e7ap\u0131<\/strong> ile kullan\u0131c\u0131ya <strong data-start=\"1781\" data-end=\"1805\">doyurucu bir deneyim<\/strong> sunarak, cinsel ke\u015fiflerinizi derinle\u015ftirir.<\/p>\n<\/li>\n<li class=\"\" data-start=\"1854\" data-end=\"2022\">\n<p class=\"\" data-start=\"1856\" data-end=\"2022\"><strong data-start=\"1856\" data-end=\"1879\">Konfor ve Esneklik:<\/strong> Y\u00fcksek kaliteli silikon malzeme sayesinde, <strong data-start=\"1923\" data-end=\"1944\">konforlu kullan\u0131m<\/strong> sa\u011flar. Esnek yap\u0131s\u0131, \u00fcr\u00fcn\u00fc v\u00fccudunuzla uyumlu hale getirerek rahatl\u0131k sunar.<\/p>\n<\/li>\n<li class=\"\" data-start=\"2024\" data-end=\"2277\">\n<p class=\"\" data-start=\"2026\" data-end=\"2277\"><strong data-start=\"2026\" data-end=\"2058\">Kolay Kullan\u0131m ve Sabitleme:<\/strong> <strong data-start=\"2059\" data-end=\"2079\">Vantuzlu tasar\u0131m<\/strong>, kullan\u0131c\u0131lara <strong data-start=\"2095\" data-end=\"2121\">eller serbest kullan\u0131m<\/strong> imkan\u0131 sunarak, \u00e7e\u015fitli pozisyonlarda kullan\u0131m\u0131 kolayla\u015ft\u0131r\u0131r. \u00dcr\u00fcn, <strong data-start=\"2191\" data-end=\"2211\">farkl\u0131 y\u00fczeylere<\/strong> kolayca tutunur, b\u00f6ylece istedi\u011finiz her yerde kullanabilirsiniz.<\/p>\n<\/li>\n<li class=\"\" data-start=\"2279\" data-end=\"2407\">\n<p class=\"\" data-start=\"2281\" data-end=\"2407\"><strong data-start=\"2281\" data-end=\"2311\">G\u00f6rsel ve Duyusal Heyecan:<\/strong> <strong data-start=\"2312\" data-end=\"2329\">\u015eeffaf yap\u0131s\u0131<\/strong>, cinsel deneyiminizi <strong data-start=\"2351\" data-end=\"2386\">g\u00f6rsel olarak da zenginle\u015ftirir<\/strong> ve heyecan\u0131 art\u0131r\u0131r.<\/p>\n<\/li>\n<\/ul>\n<h3 class=\"\" data-start=\"2409\" data-end=\"2435\"><strong data-start=\"2413\" data-end=\"2435\">Kullan\u0131m Alanlar\u0131:<\/strong><\/h3>\n<ul data-start=\"2437\" data-end=\"3041\">\n<li class=\"\" data-start=\"2437\" data-end=\"2645\">\n<p class=\"\" data-start=\"2439\" data-end=\"2645\"><strong data-start=\"2439\" data-end=\"2461\">Bireysel Kullan\u0131m:<\/strong> <strong data-start=\"2462\" data-end=\"2488\">\u015eeffaf Realistik Dildo<\/strong>, kendi zevklerinizi ke\u015ffetmek ve <strong data-start=\"2522\" data-end=\"2538\">zevkli anlar<\/strong> ya\u015famak i\u00e7in m\u00fckemmel bir \u00fcr\u00fcnd\u00fcr. Dilerseniz yaln\u0131z ba\u015f\u0131n\u0131za, dilerseniz partnerinizle kullanabilirsiniz.<\/p>\n<\/li>\n<li class=\"\" data-start=\"2647\" data-end=\"2842\">\n<p class=\"\" data-start=\"2649\" data-end=\"2842\"><strong data-start=\"2649\" data-end=\"2672\">Partnerle Kullan\u0131m:<\/strong> \u00c7iftler i\u00e7in, bu dildo <strong data-start=\"2696\" data-end=\"2722\">cinsel deneyimlerinizi<\/strong> daha zengin hale getirebilir. Partnerinizle birlikte <strong data-start=\"2776\" data-end=\"2792\">zevkli anlar<\/strong> ya\u015fayarak deneyimlerinizi \u00e7e\u015fitlendirebilirsiniz.<\/p>\n<\/li>\n<li class=\"\" data-start=\"2844\" data-end=\"3041\">\n<p class=\"\" data-start=\"2846\" data-end=\"3041\"><strong data-start=\"2846\" data-end=\"2874\">Fantazi ve Rol Oyunlar\u0131:<\/strong> <strong data-start=\"2875\" data-end=\"2896\">Fantazi d\u00fcnyas\u0131na<\/strong> ad\u0131m atmak isteyenler i\u00e7in <strong data-start=\"2924\" data-end=\"2933\">ideal<\/strong> bir \u00fcr\u00fcnd\u00fcr. <strong data-start=\"2947\" data-end=\"2976\">Yeni deneyimler ke\u015ffetmek<\/strong> ve <strong data-start=\"2980\" data-end=\"2997\">zevkli anlar\u0131<\/strong> farkl\u0131 bir boyuta ta\u015f\u0131mak i\u00e7in m\u00fckemmeldir.<\/p>\n<\/li>\n<\/ul>\n<h3 class=\"\" data-start=\"3043\" data-end=\"3070\"><strong data-start=\"3047\" data-end=\"3070\">G\u00fcvenlik ve Kalite:<\/strong><\/h3>\n<p class=\"\" data-start=\"3072\" data-end=\"3375\"><strong data-start=\"3072\" data-end=\"3098\">\u015eeffaf Realistik Dildo<\/strong>, <strong data-start=\"3100\" data-end=\"3141\">y\u00fcksek kaliteli ve g\u00fcvenli malzemeler<\/strong> kullan\u0131larak \u00fcretilmi\u015ftir. <strong data-start=\"3169\" data-end=\"3194\">Sa\u011fl\u0131k standartlar\u0131na<\/strong> uygun olarak tasarlanm\u0131\u015f ve \u00fcretilmi\u015ftir, b\u00f6ylece <strong data-start=\"3245\" data-end=\"3268\">g\u00fcvenli ve sa\u011fl\u0131kl\u0131<\/strong> bir kullan\u0131m sa\u011flar. Y\u00fcksek kalite malzemesi sayesinde, uzun \u00f6m\u00fcrl\u00fc kullan\u0131m ve <strong data-start=\"3349\" data-end=\"3367\">kolay temizlik<\/strong> sa\u011flar.<\/p>\n<h3 class=\"\" data-start=\"3377\" data-end=\"3391\"><strong data-start=\"3381\" data-end=\"3391\">Sonu\u00e7:<\/strong><\/h3>\n<p class=\"\" data-start=\"3393\" data-end=\"3884\"><strong data-start=\"3393\" data-end=\"3419\">\u015eeffaf Realistik Dildo<\/strong>, <strong data-start=\"3421\" data-end=\"3433\">doyurucu<\/strong> ve <strong data-start=\"3437\" data-end=\"3455\">heyecan verici<\/strong> cinsel deneyimler ya\u015faman\u0131za olanak tan\u0131r. <strong data-start=\"3499\" data-end=\"3534\">Y\u00fcksek kaliteli silikon malzeme<\/strong>, <strong data-start=\"3536\" data-end=\"3556\">vantuzlu tasar\u0131m<\/strong> ve <strong data-start=\"3560\" data-end=\"3577\">\u015feffaf yap\u0131s\u0131<\/strong> ile cinsel ke\u015fiflerinizi <strong data-start=\"3603\" data-end=\"3635\">g\u00f6rsel olarak zenginle\u015ftirir<\/strong>. Hem <strong data-start=\"3641\" data-end=\"3662\">bireysel kullan\u0131m<\/strong> hem de <strong data-start=\"3670\" data-end=\"3692\">partnerle kullan\u0131m<\/strong> i\u00e7in <strong data-start=\"3698\" data-end=\"3707\">ideal<\/strong> olan bu \u00fcr\u00fcn, heyecan dolu anlar i\u00e7in m\u00fckemmel bir tercihtir. <strong data-start=\"3770\" data-end=\"3796\">Yeni zevkler ke\u015ffetmek<\/strong> ve <strong data-start=\"3800\" data-end=\"3826\" data-is-only-node=\"\">s\u0131n\u0131rlar\u0131n\u0131z\u0131 zorlamak<\/strong> i\u00e7in <strong data-start=\"3832\" data-end=\"3858\">\u015eeffaf Realistik Dildo<\/strong> ile ke\u015ffinize devam edin!<\/p>\n","protected":false},"excerpt":{"rendered":"<p><strong data-start=\"76\" data-end=\"102\">\u015eeffaf Realistik Dildo<\/strong>, cinsel ke\u015fiflerinize <strong data-start=\"125\" data-end=\"143\">yenilik katmak<\/strong> ve <strong data-start=\"147\" data-end=\"168\">zevkli anlar\u0131n\u0131z\u0131<\/strong> daha heyecan verici hale getirmek i\u00e7in tasarlanm\u0131\u015f \u00f6zel bir \u00fcr\u00fcnd\u00fcr. <strong data-start=\"238\" data-end=\"261\">23,5 cm uzunlu\u011funda<\/strong> ve <strong data-start=\"265\" data-end=\"283\">4,4 cm \u00e7ap\u0131nda<\/strong> olan bu dildo, kullan\u0131c\u0131ya <strong data-start=\"311\" data-end=\"344\">yo\u011fun ve doyurucu bir deneyim<\/strong> sunar. <strong data-start=\"352\" data-end=\"390\">Esnek ve dayan\u0131kl\u0131 silikon malzeme<\/strong> ile \u00fcretilmi\u015f olan bu \u00fcr\u00fcn, v\u00fccudunuzla m\u00fckemmel uyum sa\u011flar ve <strong data-start=\"455\" data-end=\"476\">konforlu kullan\u0131m<\/strong> imkan\u0131 sunar. Ayr\u0131ca, <strong data-start=\"499\" data-end=\"520\">vantuzlu tasar\u0131m\u0131<\/strong> sayesinde farkl\u0131 y\u00fczeylere <strong data-start=\"548\" data-end=\"574\">kolayca sabitlenebilir<\/strong>, b\u00f6ylece <strong data-start=\"584\" data-end=\"610\">eller serbest kullan\u0131m<\/strong> imkan\u0131 elde edersiniz.<\/p>\n","protected":false},"featured_media":18401,"comment_status":"open","ping_status":"closed","template":"","meta":[],"product_brand":[127],"product_cat":[96],"product_tag":[106],"class_list":{"0":"post-18307","1":"product","2":"type-product","3":"status-publish","4":"has-post-thumbnail","6":"product_brand-pembe-tilki","7":"product_cat-realistik-dildo","8":"product_tag-seffaf-realistik-dildo-23-cm","10":"first","11":"instock","12":"taxable","13":"shipping-taxable","14":"purchasable","15":"product-type-simple"},"yoast_head":"<!-- This site is optimized with the Yoast SEO Premium plugin v24.4 (Yoast SEO v27.1.1) - https:\/\/yoast.com\/product\/yoast-seo-premium-wordpress\/ -->\n<title>\u015eeffaf Realistik Dildo 23 Cm - Bursa Erotik Shop<\/title>\n<meta name=\"robots\" content=\"index, follow, max-snippet:-1, max-image-preview:large, max-video-preview:-1\" \/>\n<link rel=\"canonical\" href=\"https:\/\/hobierotikshop.com.tr\/website1\/erotik-shop-urun\/seffaf-realistik-dildo-23-cm\/\" \/>\n<meta property=\"og:locale\" content=\"tr_TR\" \/>\n<meta property=\"og:type\" content=\"article\" \/>\n<meta property=\"og:title\" content=\"\u015eeffaf Realistik Dildo 23 Cm\" \/>\n<meta property=\"og:description\" content=\"\u015eeffaf Realistik Dildo, cinsel ke\u015fiflerinize yenilik katmak ve zevkli anlar\u0131n\u0131z\u0131 daha heyecan verici hale getirmek i\u00e7in tasarlanm\u0131\u015f \u00f6zel bir \u00fcr\u00fcnd\u00fcr. 23,5 cm uzunlu\u011funda ve 4,4 cm \u00e7ap\u0131nda olan bu dildo, kullan\u0131c\u0131ya yo\u011fun ve doyurucu bir deneyim sunar. Esnek ve dayan\u0131kl\u0131 silikon malzeme ile \u00fcretilmi\u015f olan bu \u00fcr\u00fcn, v\u00fccudunuzla m\u00fckemmel uyum sa\u011flar ve konforlu kullan\u0131m imkan\u0131 sunar. Ayr\u0131ca, vantuzlu tasar\u0131m\u0131 sayesinde farkl\u0131 y\u00fczeylere kolayca sabitlenebilir, b\u00f6ylece eller serbest kullan\u0131m imkan\u0131 elde edersiniz.\" \/>\n<meta property=\"og:url\" content=\"https:\/\/hobierotikshop.com.tr\/website1\/erotik-shop-urun\/seffaf-realistik-dildo-23-cm\/\" \/>\n<meta property=\"og:site_name\" content=\"Bursa Erotik Shop\" \/>\n<meta property=\"article:modified_time\" content=\"2026-01-27T08:59:56+00:00\" \/>\n<meta property=\"og:image\" content=\"https:\/\/hobierotikshop.com.tr\/website1\/wp-content\/uploads\/2025\/03\/seffaf-realistik-dildo-23-cm-2823.jpg\" \/>\n\t<meta property=\"og:image:width\" content=\"1500\" \/>\n\t<meta property=\"og:image:height\" content=\"1500\" \/>\n\t<meta property=\"og:image:type\" content=\"image\/jpeg\" \/>\n<meta name=\"twitter:card\" content=\"summary_large_image\" \/>\n<meta name=\"twitter:site\" content=\"@shopbursa\" \/>\n<meta name=\"twitter:label1\" content=\"Fiyat\" \/>\n\t<meta name=\"twitter:data1\" content=\"&#8378;1.500,00 KDV DAH\u0130L\" \/>\n\t<meta name=\"twitter:label2\" content=\"Availability\" \/>\n\t<meta name=\"twitter:data2\" content=\"In stock\" \/>\n<script type=\"application\/ld+json\" class=\"yoast-schema-graph\">{\"@context\":\"https:\/\/schema.org\",\"@graph\":[{\"@type\":\"WebPage\",\"@id\":\"https:\/\/hobierotikshop.com.tr\/website1\/erotik-shop-urun\/seffaf-realistik-dildo-23-cm\/\",\"url\":\"https:\/\/hobierotikshop.com.tr\/website1\/erotik-shop-urun\/seffaf-realistik-dildo-23-cm\/\",\"name\":\"\u015eeffaf Realistik Dildo 23 Cm - Bursa Erotik Shop\",\"isPartOf\":{\"@id\":\"https:\/\/hobierotikshop.com.tr\/website1\/#website\"},\"primaryImageOfPage\":{\"@id\":\"https:\/\/hobierotikshop.com.tr\/website1\/erotik-shop-urun\/seffaf-realistik-dildo-23-cm\/#primaryimage\"},\"image\":{\"@id\":\"https:\/\/hobierotikshop.com.tr\/website1\/erotik-shop-urun\/seffaf-realistik-dildo-23-cm\/#primaryimage\"},\"thumbnailUrl\":\"https:\/\/haremerotikshop.com\/site\/wp-content\/uploads\/2025\/03\/seffaf-realistik-dildo-23-cm-2823.jpg\",\"datePublished\":\"2025-03-17T09:14:32+00:00\",\"dateModified\":\"2026-01-27T08:59:56+00:00\",\"breadcrumb\":{\"@id\":\"https:\/\/hobierotikshop.com.tr\/website1\/erotik-shop-urun\/seffaf-realistik-dildo-23-cm\/#breadcrumb\"},\"inLanguage\":\"tr\",\"potentialAction\":[{\"@type\":\"ReadAction\",\"target\":[\"https:\/\/hobierotikshop.com.tr\/website1\/erotik-shop-urun\/seffaf-realistik-dildo-23-cm\/\"]}]},{\"@type\":\"ImageObject\",\"inLanguage\":\"tr\",\"@id\":\"https:\/\/hobierotikshop.com.tr\/website1\/erotik-shop-urun\/seffaf-realistik-dildo-23-cm\/#primaryimage\",\"url\":\"https:\/\/haremerotikshop.com\/site\/wp-content\/uploads\/2025\/03\/seffaf-realistik-dildo-23-cm-2823.jpg\",\"contentUrl\":\"https:\/\/haremerotikshop.com\/site\/wp-content\/uploads\/2025\/03\/seffaf-realistik-dildo-23-cm-2823.jpg\",\"width\":1500,\"height\":1500},{\"@type\":\"BreadcrumbList\",\"@id\":\"https:\/\/hobierotikshop.com.tr\/website1\/erotik-shop-urun\/seffaf-realistik-dildo-23-cm\/#breadcrumb\",\"itemListElement\":[{\"@type\":\"ListItem\",\"position\":1,\"name\":\"Anasayfa\",\"item\":\"https:\/\/hobierotikshop.com.tr\/website1\/\"},{\"@type\":\"ListItem\",\"position\":2,\"name\":\"Erotik Shop \u00dcr\u00fcnleri\",\"item\":\"https:\/\/hobierotikshop.com.tr\/website1\/shop\/\"},{\"@type\":\"ListItem\",\"position\":3,\"name\":\"\u015eeffaf Realistik Dildo 23 Cm\"}]},{\"@type\":\"WebSite\",\"@id\":\"https:\/\/hobierotikshop.com.tr\/website1\/#website\",\"url\":\"https:\/\/hobierotikshop.com.tr\/website1\/\",\"name\":\"Bursa Erotik Shop\",\"description\":\"Bursa Erotik Shop ile g\u00fcvenli, gizli ve kaliteli yeti\u015fkin \u00fcr\u00fcnleri al\u0131\u015fveri\u015fi! Geni\u015f \u00fcr\u00fcn yelpazemizi ke\u015ffedin, hemen sipari\u015f verin\",\"publisher\":{\"@id\":\"https:\/\/hobierotikshop.com.tr\/website1\/#organization\"},\"alternateName\":\"Erotik Shop\",\"potentialAction\":[{\"@type\":\"SearchAction\",\"target\":{\"@type\":\"EntryPoint\",\"urlTemplate\":\"https:\/\/hobierotikshop.com.tr\/website1\/?s={search_term_string}\"},\"query-input\":{\"@type\":\"PropertyValueSpecification\",\"valueRequired\":true,\"valueName\":\"search_term_string\"}}],\"inLanguage\":\"tr\"},{\"@type\":\"Organization\",\"@id\":\"https:\/\/hobierotikshop.com.tr\/website1\/#organization\",\"name\":\"Harem Bursa Erotik Shop\",\"url\":\"https:\/\/hobierotikshop.com.tr\/website1\/\",\"logo\":{\"@type\":\"ImageObject\",\"inLanguage\":\"tr\",\"@id\":\"https:\/\/hobierotikshop.com.tr\/website1\/#\/schema\/logo\/image\/\",\"url\":\"https:\/\/haremerotikshop.com\/site\/wp-content\/uploads\/2025\/03\/haremsexshop.png\",\"contentUrl\":\"https:\/\/haremerotikshop.com\/site\/wp-content\/uploads\/2025\/03\/haremsexshop.png\",\"width\":400,\"height\":100,\"caption\":\"Harem Bursa Erotik Shop\"},\"image\":{\"@id\":\"https:\/\/hobierotikshop.com.tr\/website1\/#\/schema\/logo\/image\/\"},\"sameAs\":[\"https:\/\/x.com\/shopbursa\"],\"publishingPrinciples\":\"https:\/\/hobierotikshop.com.tr\/website1\/mesafeli-satis-sozlesmesi\/\",\"ownershipFundingInfo\":\"https:\/\/hobierotikshop.com.tr\/website1\/contact-us\/\",\"actionableFeedbackPolicy\":\"https:\/\/hobierotikshop.com.tr\/website1\/contact-us\/\",\"correctionsPolicy\":\"https:\/\/hobierotikshop.com.tr\/website1\/mesafeli-satis-sozlesmesi\/\"}]}<\/script>\n<meta property=\"product:brand\" content=\"Pembe Tilki\" \/>\n<meta property=\"product:price:amount\" content=\"1500.00\" \/>\n<meta property=\"product:price:currency\" content=\"TRY\" \/>\n<meta property=\"og:availability\" content=\"instock\" \/>\n<meta property=\"product:availability\" content=\"instock\" \/>\n<meta property=\"product:retailer_item_id\" content=\"PT-DVXD010\" \/>\n<meta property=\"product:condition\" content=\"new\" \/>\n<!-- \/ Yoast SEO Premium plugin. -->","yoast_head_json":{"title":"\u015eeffaf Realistik Dildo 23 Cm - Bursa Erotik Shop","robots":{"index":"index","follow":"follow","max-snippet":"max-snippet:-1","max-image-preview":"max-image-preview:large","max-video-preview":"max-video-preview:-1"},"canonical":"https:\/\/hobierotikshop.com.tr\/website1\/erotik-shop-urun\/seffaf-realistik-dildo-23-cm\/","og_locale":"tr_TR","og_type":"article","og_title":"\u015eeffaf Realistik Dildo 23 Cm","og_description":"\u015eeffaf Realistik Dildo, cinsel ke\u015fiflerinize yenilik katmak ve zevkli anlar\u0131n\u0131z\u0131 daha heyecan verici hale getirmek i\u00e7in tasarlanm\u0131\u015f \u00f6zel bir \u00fcr\u00fcnd\u00fcr. 23,5 cm uzunlu\u011funda ve 4,4 cm \u00e7ap\u0131nda olan bu dildo, kullan\u0131c\u0131ya yo\u011fun ve doyurucu bir deneyim sunar. Esnek ve dayan\u0131kl\u0131 silikon malzeme ile \u00fcretilmi\u015f olan bu \u00fcr\u00fcn, v\u00fccudunuzla m\u00fckemmel uyum sa\u011flar ve konforlu kullan\u0131m imkan\u0131 sunar. Ayr\u0131ca, vantuzlu tasar\u0131m\u0131 sayesinde farkl\u0131 y\u00fczeylere kolayca sabitlenebilir, b\u00f6ylece eller serbest kullan\u0131m imkan\u0131 elde edersiniz.","og_url":"https:\/\/hobierotikshop.com.tr\/website1\/erotik-shop-urun\/seffaf-realistik-dildo-23-cm\/","og_site_name":"Bursa Erotik Shop","article_modified_time":"2026-01-27T08:59:56+00:00","og_image":[{"width":1500,"height":1500,"url":"https:\/\/hobierotikshop.com.tr\/website1\/wp-content\/uploads\/2025\/03\/seffaf-realistik-dildo-23-cm-2823.jpg","type":"image\/jpeg"}],"twitter_card":"summary_large_image","twitter_site":"@shopbursa","twitter_misc":{"Fiyat":"&#8378;1.500,00 KDV DAH\u0130L","Availability":"In stock"},"schema":{"@context":"https:\/\/schema.org","@graph":[{"@type":"WebPage","@id":"https:\/\/hobierotikshop.com.tr\/website1\/erotik-shop-urun\/seffaf-realistik-dildo-23-cm\/","url":"https:\/\/hobierotikshop.com.tr\/website1\/erotik-shop-urun\/seffaf-realistik-dildo-23-cm\/","name":"\u015eeffaf Realistik Dildo 23 Cm - Bursa Erotik Shop","isPartOf":{"@id":"https:\/\/hobierotikshop.com.tr\/website1\/#website"},"primaryImageOfPage":{"@id":"https:\/\/hobierotikshop.com.tr\/website1\/erotik-shop-urun\/seffaf-realistik-dildo-23-cm\/#primaryimage"},"image":{"@id":"https:\/\/hobierotikshop.com.tr\/website1\/erotik-shop-urun\/seffaf-realistik-dildo-23-cm\/#primaryimage"},"thumbnailUrl":"https:\/\/haremerotikshop.com\/site\/wp-content\/uploads\/2025\/03\/seffaf-realistik-dildo-23-cm-2823.jpg","datePublished":"2025-03-17T09:14:32+00:00","dateModified":"2026-01-27T08:59:56+00:00","breadcrumb":{"@id":"https:\/\/hobierotikshop.com.tr\/website1\/erotik-shop-urun\/seffaf-realistik-dildo-23-cm\/#breadcrumb"},"inLanguage":"tr","potentialAction":[{"@type":"ReadAction","target":["https:\/\/hobierotikshop.com.tr\/website1\/erotik-shop-urun\/seffaf-realistik-dildo-23-cm\/"]}]},{"@type":"ImageObject","inLanguage":"tr","@id":"https:\/\/hobierotikshop.com.tr\/website1\/erotik-shop-urun\/seffaf-realistik-dildo-23-cm\/#primaryimage","url":"https:\/\/haremerotikshop.com\/site\/wp-content\/uploads\/2025\/03\/seffaf-realistik-dildo-23-cm-2823.jpg","contentUrl":"https:\/\/haremerotikshop.com\/site\/wp-content\/uploads\/2025\/03\/seffaf-realistik-dildo-23-cm-2823.jpg","width":1500,"height":1500},{"@type":"BreadcrumbList","@id":"https:\/\/hobierotikshop.com.tr\/website1\/erotik-shop-urun\/seffaf-realistik-dildo-23-cm\/#breadcrumb","itemListElement":[{"@type":"ListItem","position":1,"name":"Anasayfa","item":"https:\/\/hobierotikshop.com.tr\/website1\/"},{"@type":"ListItem","position":2,"name":"Erotik Shop \u00dcr\u00fcnleri","item":"https:\/\/hobierotikshop.com.tr\/website1\/shop\/"},{"@type":"ListItem","position":3,"name":"\u015eeffaf Realistik Dildo 23 Cm"}]},{"@type":"WebSite","@id":"https:\/\/hobierotikshop.com.tr\/website1\/#website","url":"https:\/\/hobierotikshop.com.tr\/website1\/","name":"Bursa Erotik Shop","description":"Bursa Erotik Shop ile g\u00fcvenli, gizli ve kaliteli yeti\u015fkin \u00fcr\u00fcnleri al\u0131\u015fveri\u015fi! Geni\u015f \u00fcr\u00fcn yelpazemizi ke\u015ffedin, hemen sipari\u015f verin","publisher":{"@id":"https:\/\/hobierotikshop.com.tr\/website1\/#organization"},"alternateName":"Erotik Shop","potentialAction":[{"@type":"SearchAction","target":{"@type":"EntryPoint","urlTemplate":"https:\/\/hobierotikshop.com.tr\/website1\/?s={search_term_string}"},"query-input":{"@type":"PropertyValueSpecification","valueRequired":true,"valueName":"search_term_string"}}],"inLanguage":"tr"},{"@type":"Organization","@id":"https:\/\/hobierotikshop.com.tr\/website1\/#organization","name":"Harem Bursa Erotik Shop","url":"https:\/\/hobierotikshop.com.tr\/website1\/","logo":{"@type":"ImageObject","inLanguage":"tr","@id":"https:\/\/hobierotikshop.com.tr\/website1\/#\/schema\/logo\/image\/","url":"https:\/\/haremerotikshop.com\/site\/wp-content\/uploads\/2025\/03\/haremsexshop.png","contentUrl":"https:\/\/haremerotikshop.com\/site\/wp-content\/uploads\/2025\/03\/haremsexshop.png","width":400,"height":100,"caption":"Harem Bursa Erotik Shop"},"image":{"@id":"https:\/\/hobierotikshop.com.tr\/website1\/#\/schema\/logo\/image\/"},"sameAs":["https:\/\/x.com\/shopbursa"],"publishingPrinciples":"https:\/\/hobierotikshop.com.tr\/website1\/mesafeli-satis-sozlesmesi\/","ownershipFundingInfo":"https:\/\/hobierotikshop.com.tr\/website1\/contact-us\/","actionableFeedbackPolicy":"https:\/\/hobierotikshop.com.tr\/website1\/contact-us\/","correctionsPolicy":"https:\/\/hobierotikshop.com.tr\/website1\/mesafeli-satis-sozlesmesi\/"}]},"product_brand":"Pembe Tilki","product_price_amount":"1500.00","product_price_currency":"TRY","og_availability":"instock","product_availability":"instock","product_retailer_item_id":"PT-DVXD010","product_condition":"new"},"_links":{"self":[{"href":"https:\/\/haremerotikshop.com\/site\/wp-json\/wp\/v2\/product\/18307","targetHints":{"allow":["GET"]}}],"collection":[{"href":"https:\/\/haremerotikshop.com\/site\/wp-json\/wp\/v2\/product"}],"about":[{"href":"https:\/\/haremerotikshop.com\/site\/wp-json\/wp\/v2\/types\/product"}],"replies":[{"embeddable":true,"href":"https:\/\/haremerotikshop.com\/site\/wp-json\/wp\/v2\/comments?post=18307"}],"version-history":[{"count":0,"href":"https:\/\/haremerotikshop.com\/site\/wp-json\/wp\/v2\/product\/18307\/revisions"}],"wp:featuredmedia":[{"embeddable":true,"href":"https:\/\/haremerotikshop.com\/site\/wp-json\/wp\/v2\/media\/18401"}],"wp:attachment":[{"href":"https:\/\/haremerotikshop.com\/site\/wp-json\/wp\/v2\/media?parent=18307"}],"wp:term":[{"taxonomy":"product_brand","embeddable":true,"href":"https:\/\/haremerotikshop.com\/site\/wp-json\/wp\/v2\/product_brand?post=18307"},{"taxonomy":"product_cat","embeddable":true,"href":"https:\/\/haremerotikshop.com\/site\/wp-json\/wp\/v2\/product_cat?post=18307"},{"taxonomy":"product_tag","embeddable":true,"href":"https:\/\/haremerotikshop.com\/site\/wp-json\/wp\/v2\/product_tag?post=18307"}],"curies":[{"name":"wp","href":"https:\/\/api.w.org\/{rel}","templated":true}]}}