{"id":18308,"date":"2025-03-17T12:14:32","date_gmt":"2025-03-17T09:14:32","guid":{"rendered":"https:\/\/haremerotikshop.com\/site\/?post_type=product&#038;p=18308"},"modified":"2026-01-27T12:00:18","modified_gmt":"2026-01-27T09:00:18","slug":"deri-tasma-zincirsiz","status":"publish","type":"product","link":"https:\/\/haremerotikshop.com\/site\/erotik-shop-urun\/deri-tasma-zincirsiz\/","title":{"rendered":"Deri Tasma Zincirsiz"},"content":{"rendered":"<h3 class=\"\" data-start=\"0\" data-end=\"85\"><strong data-start=\"4\" data-end=\"85\">Y\u00fcksek Kaliteli Deri Boyun Tasmalar\u0131 \u2013 Fantezi D\u00fcnyas\u0131na Yeni Bir Boyut Kat\u0131n<\/strong><\/h3>\n<p class=\"\" data-start=\"87\" data-end=\"636\"><strong data-start=\"87\" data-end=\"127\">Y\u00fcksek Kaliteli Deri Boyun Tasmalar\u0131<\/strong>, <strong data-start=\"129\" data-end=\"154\">fantezi tutkunlar\u0131n\u0131n<\/strong> beklentilerini kar\u015f\u0131lamak i\u00e7in \u00f6zel olarak tasarlanm\u0131\u015f bir \u00fcr\u00fcnd\u00fcr. \u015e\u0131k ve <strong data-start=\"230\" data-end=\"256\">dayan\u0131kl\u0131 deri malzeme<\/strong>, <strong data-start=\"258\" data-end=\"285\">estetik ve i\u015flevselli\u011fi<\/strong> m\u00fckemmel bir \u015fekilde birle\u015ftirir. Her bir tasmada bulunan <strong data-start=\"344\" data-end=\"362\">demir halkalar<\/strong>, <strong data-start=\"364\" data-end=\"390\">zincirler veya iplerle<\/strong> ba\u011flanabilir, b\u00f6ylece <strong data-start=\"413\" data-end=\"451\">\u00f6zg\u00fcn ve heyecan verici deneyimler<\/strong> ya\u015faman\u0131z\u0131 sa\u011flar. Ayarlanabilir kay\u0131\u015flarla donat\u0131lan tasma, <strong data-start=\"513\" data-end=\"561\">farkl\u0131 beden \u00f6l\u00e7\u00fclerine m\u00fckemmel uyum sa\u011flar<\/strong>, b\u00f6ylece <strong data-start=\"571\" data-end=\"600\">rahatl\u0131kla kullan\u0131labilir<\/strong> ve <strong data-start=\"604\" data-end=\"628\">konforlu bir deneyim<\/strong> sunar.<\/p>\n<h3 class=\"\" data-start=\"638\" data-end=\"663\"><strong data-start=\"642\" data-end=\"663\">\u00dcr\u00fcn \u00d6zellikleri:<\/strong><\/h3>\n<ul data-start=\"665\" data-end=\"1672\">\n<li class=\"\" data-start=\"665\" data-end=\"861\">\n<p class=\"\" data-start=\"667\" data-end=\"861\"><strong data-start=\"667\" data-end=\"700\">Y\u00fcksek Kaliteli Deri Malzeme:<\/strong> Deri, <strong data-start=\"707\" data-end=\"735\">estetik ve dayan\u0131kl\u0131l\u0131\u011f\u0131<\/strong> ile bilinir. Bu tasmada kullan\u0131lan kaliteli deri, <strong data-start=\"786\" data-end=\"810\">uzun s\u00fcreli kullan\u0131m<\/strong> i\u00e7in idealdir ve <strong data-start=\"828\" data-end=\"854\">\u015f\u0131k bir g\u00f6rsel deneyim<\/strong> sunar.<\/p>\n<\/li>\n<li class=\"\" data-start=\"863\" data-end=\"1068\">\n<p class=\"\" data-start=\"865\" data-end=\"1068\"><strong data-start=\"865\" data-end=\"904\">Demir Halkalar ile Ba\u011flant\u0131 \u0130mkan\u0131:<\/strong> Her bir boyun tasmas\u0131nda bulunan <strong data-start=\"938\" data-end=\"956\">demir halkalar<\/strong>, <strong data-start=\"958\" data-end=\"984\">zincirler veya iplerle<\/strong> kolayca ba\u011flanabilir, b\u00f6ylece <strong data-start=\"1015\" data-end=\"1042\">kontrol dinamiklerinizi<\/strong> ki\u015fiselle\u015ftirebilirsiniz.<\/p>\n<\/li>\n<li class=\"\" data-start=\"1070\" data-end=\"1270\">\n<p class=\"\" data-start=\"1072\" data-end=\"1270\"><strong data-start=\"1072\" data-end=\"1099\">Ayarlanabilir Kay\u0131\u015flar:<\/strong> \u00dcr\u00fcn, <strong data-start=\"1106\" data-end=\"1134\">ayarlanabilir kay\u0131\u015flarla<\/strong> donat\u0131lm\u0131\u015ft\u0131r. Bu \u00f6zellik, <strong data-start=\"1162\" data-end=\"1189\">farkl\u0131 beden \u00f6l\u00e7\u00fclerine<\/strong> m\u00fckemmel uyum sa\u011flar, kullan\u0131c\u0131lara <strong data-start=\"1226\" data-end=\"1256\">konforlu ve esnek kullan\u0131m<\/strong> imkan\u0131 sunar.<\/p>\n<\/li>\n<li class=\"\" data-start=\"1272\" data-end=\"1484\">\n<p class=\"\" data-start=\"1274\" data-end=\"1484\"><strong data-start=\"1274\" data-end=\"1304\">Estetik ve Fonksiyonellik:<\/strong> Hem <strong data-start=\"1309\" data-end=\"1319\">g\u00f6rsel<\/strong> hem de <strong data-start=\"1327\" data-end=\"1346\">i\u015flevsel a\u00e7\u0131dan<\/strong> dikkat \u00e7eker. Hem <strong data-start=\"1365\" data-end=\"1387\">fantezi d\u00fcnyas\u0131nda<\/strong> stilinizi ifade etmek isteyenler hem de <strong data-start=\"1428\" data-end=\"1449\">i\u015flevsel kullan\u0131m<\/strong> arayanlar i\u00e7in ideal bir se\u00e7imdir.<\/p>\n<\/li>\n<li class=\"\" data-start=\"1486\" data-end=\"1672\">\n<p class=\"\" data-start=\"1488\" data-end=\"1672\"><strong data-start=\"1488\" data-end=\"1513\">Uzun S\u00fcreli Kullan\u0131m:<\/strong> Dayan\u0131kl\u0131 malzeme sayesinde uzun s\u00fcreli kullan\u0131mda bile <strong data-start=\"1570\" data-end=\"1583\">sa\u011flaml\u0131k<\/strong> ve <strong data-start=\"1587\" data-end=\"1597\">konfor<\/strong> sunar. Kullan\u0131c\u0131lar\u0131n rahat\u00e7a tak\u0131p \u00e7\u0131karabilece\u011fi \u015fekilde tasarlanm\u0131\u015ft\u0131r.<\/p>\n<\/li>\n<\/ul>\n<h3 class=\"\" data-start=\"1674\" data-end=\"1715\"><strong data-start=\"1678\" data-end=\"1715\">Fantezi D\u00fcnyan\u0131z\u0131 Zenginle\u015ftirin:<\/strong><\/h3>\n<p class=\"\" data-start=\"1717\" data-end=\"2094\">Bu <strong data-start=\"1720\" data-end=\"1742\">deri boyun tasmas\u0131<\/strong>, sadece bir aksesuar olman\u0131n \u00f6tesine ge\u00e7er; ayn\u0131 zamanda <strong data-start=\"1800\" data-end=\"1822\">fantezi d\u00fcnyan\u0131zda<\/strong> ke\u015ffetmek istedi\u011finiz s\u0131n\u0131rlar\u0131 zorlaman\u0131z\u0131 sa\u011flar. <strong data-start=\"1875\" data-end=\"1907\">Zincirli ba\u011flama opsiyonlar\u0131<\/strong>, <strong data-start=\"1909\" data-end=\"1935\">dominant ve submissive<\/strong> rolleri deneyimlemek isteyenler i\u00e7in <strong data-start=\"1973\" data-end=\"1992\">ideal bir se\u00e7im<\/strong> sunar. Bu set, <strong data-start=\"2008\" data-end=\"2021\">tarz\u0131n\u0131z\u0131<\/strong> ve <strong data-start=\"2025\" data-end=\"2037\">\u00f6zg\u00fcnl\u00fck<\/strong> aray\u0131\u015f\u0131n\u0131z\u0131 ifade etmek i\u00e7in m\u00fckemmel bir f\u0131rsat sa\u011flar.<\/p>\n<h3 class=\"\" data-start=\"2096\" data-end=\"2122\"><strong data-start=\"2100\" data-end=\"2122\">Kullan\u0131m Alanlar\u0131:<\/strong><\/h3>\n<ul data-start=\"2124\" data-end=\"2685\">\n<li class=\"\" data-start=\"2124\" data-end=\"2343\">\n<p class=\"\" data-start=\"2126\" data-end=\"2343\"><strong data-start=\"2126\" data-end=\"2154\">Fantezi ve Rol Oyunlar\u0131:<\/strong> <strong data-start=\"2155\" data-end=\"2172\">Boyun tasmas\u0131<\/strong>, <strong data-start=\"2174\" data-end=\"2197\">dominant-submissive<\/strong> oyunlar\u0131 ve <strong data-start=\"2210\" data-end=\"2233\">kontrol dinamikleri<\/strong> ile fantezi d\u00fcnyan\u0131z\u0131 zenginle\u015ftirir. Tarz\u0131n\u0131z\u0131 ifade etmek ve heyecan verici anlar ya\u015famak i\u00e7in m\u00fckemmeldir.<\/p>\n<\/li>\n<li class=\"\" data-start=\"2345\" data-end=\"2508\">\n<p class=\"\" data-start=\"2347\" data-end=\"2508\"><strong data-start=\"2347\" data-end=\"2373\">\u00d6zel Anlar \u0130\u00e7in \u0130deal:<\/strong> Partnerinizle birlikte unutulmaz anlar ya\u015famak ve heyecan\u0131 art\u0131rmak i\u00e7in kullan\u0131labilir. Bu tasma, <strong data-start=\"2473\" data-end=\"2493\">s\u0131n\u0131rs\u0131z fantezi<\/strong> olana\u011f\u0131 sunar.<\/p>\n<\/li>\n<li class=\"\" data-start=\"2510\" data-end=\"2685\">\n<p class=\"\" data-start=\"2512\" data-end=\"2685\"><strong data-start=\"2512\" data-end=\"2535\">Kendini \u0130fade Etme:<\/strong> Tarz\u0131n\u0131z\u0131 yans\u0131tarak, kendinizi \u00f6zg\u00fcrce ifade etmenin harika bir yoludur. Hem estetik hem i\u015flevsel a\u00e7\u0131dan <strong data-start=\"2642\" data-end=\"2662\">kullan\u0131c\u0131 odakl\u0131<\/strong> olarak tasarlanm\u0131\u015ft\u0131r.<\/p>\n<\/li>\n<\/ul>\n<h3 class=\"\" data-start=\"2687\" data-end=\"2714\"><strong data-start=\"2691\" data-end=\"2714\">G\u00fcvenlik ve Kalite:<\/strong><\/h3>\n<p class=\"\" data-start=\"2716\" data-end=\"3049\">Bu <strong data-start=\"2719\" data-end=\"2741\">deri boyun tasmas\u0131<\/strong>, <strong data-start=\"2743\" data-end=\"2773\">y\u00fcksek kaliteli malzemeler<\/strong> kullan\u0131larak \u00fcretilmi\u015ftir ve <strong data-start=\"2803\" data-end=\"2815\">g\u00fcvenlik<\/strong> standartlar\u0131na uygundur. <strong data-start=\"2841\" data-end=\"2861\">Sa\u011fl\u0131k ve hijyen<\/strong> a\u00e7\u0131s\u0131ndan g\u00fcvenli olan malzeme, uzun s\u00fcreli kullan\u0131ma uygun, <strong data-start=\"2923\" data-end=\"2936\">dayan\u0131kl\u0131<\/strong> ve <strong data-start=\"2940\" data-end=\"2950\">sa\u011flam<\/strong> yap\u0131s\u0131 ile dikkat \u00e7eker. Ayr\u0131ca, kullan\u0131c\u0131lar\u0131n rahatl\u0131kla kullanabilece\u011fi \u015fekilde tasarlanm\u0131\u015ft\u0131r.<\/p>\n<h3 class=\"\" data-start=\"3051\" data-end=\"3065\"><strong data-start=\"3055\" data-end=\"3065\">Sonu\u00e7:<\/strong><\/h3>\n<p class=\"\" data-start=\"3067\" data-end=\"3520\"><strong data-start=\"3067\" data-end=\"3107\">Y\u00fcksek Kaliteli Deri Boyun Tasmalar\u0131<\/strong>, <strong data-start=\"3109\" data-end=\"3120\">fantezi<\/strong> ve <strong data-start=\"3124\" data-end=\"3135\">kontrol<\/strong> dinamikleri arayanlar i\u00e7in m\u00fckemmel bir \u00fcr\u00fcnd\u00fcr. <strong data-start=\"3185\" data-end=\"3212\">Ayarlanabilir kay\u0131\u015flar\u0131<\/strong>, <strong data-start=\"3214\" data-end=\"3232\">demir halkalar<\/strong> ve <strong data-start=\"3236\" data-end=\"3262\">dayan\u0131kl\u0131 deri malzeme<\/strong> sayesinde, hem <strong data-start=\"3278\" data-end=\"3285\">\u015f\u0131k<\/strong> hem de <strong data-start=\"3293\" data-end=\"3308\">fonksiyonel<\/strong> bir deneyim sunar. Partnerinizle birlikte heyecan verici deneyimler ya\u015famak ve tarz\u0131n\u0131z\u0131 ifade etmek i\u00e7in <strong data-start=\"3415\" data-end=\"3434\">ideal bir se\u00e7im<\/strong>dir. <strong data-start=\"3439\" data-end=\"3477\">Fantezi d\u00fcnyan\u0131z\u0131 zenginle\u015ftirerek<\/strong> her an\u0131 \u00f6zel k\u0131lmak i\u00e7in bu seti ke\u015ffedin!<\/p>\n","protected":false},"excerpt":{"rendered":"<p><strong data-start=\"87\" data-end=\"127\">Y\u00fcksek Kaliteli Deri Boyun Tasmalar\u0131<\/strong>, <strong data-start=\"129\" data-end=\"154\">fantezi tutkunlar\u0131n\u0131n<\/strong> beklentilerini kar\u015f\u0131lamak i\u00e7in \u00f6zel olarak tasarlanm\u0131\u015f bir \u00fcr\u00fcnd\u00fcr. \u015e\u0131k ve <strong data-start=\"230\" data-end=\"256\">dayan\u0131kl\u0131 deri malzeme<\/strong>, <strong data-start=\"258\" data-end=\"285\">estetik ve i\u015flevselli\u011fi<\/strong> m\u00fckemmel bir \u015fekilde birle\u015ftirir. Her bir tasmada bulunan <strong data-start=\"344\" data-end=\"362\">demir halkalar<\/strong>, <strong data-start=\"364\" data-end=\"390\">zincirler veya iplerle<\/strong> ba\u011flanabilir, b\u00f6ylece <strong data-start=\"413\" data-end=\"451\">\u00f6zg\u00fcn ve heyecan verici deneyimler<\/strong> ya\u015faman\u0131z\u0131 sa\u011flar. Ayarlanabilir kay\u0131\u015flarla donat\u0131lan tasma, <strong data-start=\"513\" data-end=\"561\">farkl\u0131 beden \u00f6l\u00e7\u00fclerine m\u00fckemmel uyum sa\u011flar<\/strong>, b\u00f6ylece <strong data-start=\"571\" data-end=\"600\">rahatl\u0131kla kullan\u0131labilir<\/strong> ve <strong data-start=\"604\" data-end=\"628\">konforlu bir deneyim<\/strong> sunar.<\/p>\n","protected":false},"featured_media":18408,"comment_status":"open","ping_status":"closed","template":"","meta":[],"product_brand":[127],"product_cat":[100],"product_tag":[107],"class_list":{"0":"post-18308","1":"product","2":"type-product","3":"status-publish","4":"has-post-thumbnail","6":"product_brand-pembe-tilki","7":"product_cat-fantezi-fetis","8":"product_tag-deri-tasma-zincirsiz","10":"first","11":"outofstock","12":"taxable","13":"shipping-taxable","14":"purchasable","15":"product-type-simple"},"yoast_head":"<!-- This site is optimized with the Yoast SEO Premium plugin v24.4 (Yoast SEO v27.1.1) - https:\/\/yoast.com\/product\/yoast-seo-premium-wordpress\/ -->\n<title>Deri Tasma Zincirsiz - Bursa Erotik Shop<\/title>\n<meta name=\"robots\" content=\"index, follow, max-snippet:-1, max-image-preview:large, max-video-preview:-1\" \/>\n<link rel=\"canonical\" href=\"https:\/\/hobierotikshop.com.tr\/website1\/erotik-shop-urun\/deri-tasma-zincirsiz\/\" \/>\n<meta property=\"og:locale\" content=\"tr_TR\" \/>\n<meta property=\"og:type\" content=\"article\" \/>\n<meta property=\"og:title\" content=\"Deri Tasma Zincirsiz\" \/>\n<meta property=\"og:description\" content=\"Y\u00fcksek Kaliteli Deri Boyun Tasmalar\u0131, fantezi tutkunlar\u0131n\u0131n beklentilerini kar\u015f\u0131lamak i\u00e7in \u00f6zel olarak tasarlanm\u0131\u015f bir \u00fcr\u00fcnd\u00fcr. \u015e\u0131k ve dayan\u0131kl\u0131 deri malzeme, estetik ve i\u015flevselli\u011fi m\u00fckemmel bir \u015fekilde birle\u015ftirir. Her bir tasmada bulunan demir halkalar, zincirler veya iplerle ba\u011flanabilir, b\u00f6ylece \u00f6zg\u00fcn ve heyecan verici deneyimler ya\u015faman\u0131z\u0131 sa\u011flar. Ayarlanabilir kay\u0131\u015flarla donat\u0131lan tasma, farkl\u0131 beden \u00f6l\u00e7\u00fclerine m\u00fckemmel uyum sa\u011flar, b\u00f6ylece rahatl\u0131kla kullan\u0131labilir ve konforlu bir deneyim sunar.\" \/>\n<meta property=\"og:url\" content=\"https:\/\/hobierotikshop.com.tr\/website1\/erotik-shop-urun\/deri-tasma-zincirsiz\/\" \/>\n<meta property=\"og:site_name\" content=\"Bursa Erotik Shop\" \/>\n<meta property=\"article:modified_time\" content=\"2026-01-27T09:00:18+00:00\" \/>\n<meta property=\"og:image\" content=\"https:\/\/hobierotikshop.com.tr\/website1\/wp-content\/uploads\/2025\/03\/deri-tasma-zincirsiz-1860-1.jpg\" \/>\n\t<meta property=\"og:image:width\" content=\"1000\" \/>\n\t<meta property=\"og:image:height\" content=\"1000\" \/>\n\t<meta property=\"og:image:type\" content=\"image\/jpeg\" \/>\n<meta name=\"twitter:card\" content=\"summary_large_image\" \/>\n<meta name=\"twitter:site\" content=\"@shopbursa\" \/>\n<meta name=\"twitter:label1\" content=\"Fiyat\" \/>\n\t<meta name=\"twitter:data1\" content=\"&#8378;540,00 KDV DAH\u0130L\" \/>\n\t<meta name=\"twitter:label2\" content=\"Availability\" \/>\n\t<meta name=\"twitter:data2\" content=\"Out of stock\" \/>\n<script type=\"application\/ld+json\" class=\"yoast-schema-graph\">{\"@context\":\"https:\/\/schema.org\",\"@graph\":[{\"@type\":\"WebPage\",\"@id\":\"https:\/\/hobierotikshop.com.tr\/website1\/erotik-shop-urun\/deri-tasma-zincirsiz\/\",\"url\":\"https:\/\/hobierotikshop.com.tr\/website1\/erotik-shop-urun\/deri-tasma-zincirsiz\/\",\"name\":\"Deri Tasma Zincirsiz - Bursa Erotik Shop\",\"isPartOf\":{\"@id\":\"https:\/\/hobierotikshop.com.tr\/website1\/#website\"},\"primaryImageOfPage\":{\"@id\":\"https:\/\/hobierotikshop.com.tr\/website1\/erotik-shop-urun\/deri-tasma-zincirsiz\/#primaryimage\"},\"image\":{\"@id\":\"https:\/\/hobierotikshop.com.tr\/website1\/erotik-shop-urun\/deri-tasma-zincirsiz\/#primaryimage\"},\"thumbnailUrl\":\"https:\/\/haremerotikshop.com\/site\/wp-content\/uploads\/2025\/03\/deri-tasma-zincirsiz-1860-1.jpg\",\"datePublished\":\"2025-03-17T09:14:32+00:00\",\"dateModified\":\"2026-01-27T09:00:18+00:00\",\"breadcrumb\":{\"@id\":\"https:\/\/hobierotikshop.com.tr\/website1\/erotik-shop-urun\/deri-tasma-zincirsiz\/#breadcrumb\"},\"inLanguage\":\"tr\",\"potentialAction\":[{\"@type\":\"ReadAction\",\"target\":[\"https:\/\/hobierotikshop.com.tr\/website1\/erotik-shop-urun\/deri-tasma-zincirsiz\/\"]}]},{\"@type\":\"ImageObject\",\"inLanguage\":\"tr\",\"@id\":\"https:\/\/hobierotikshop.com.tr\/website1\/erotik-shop-urun\/deri-tasma-zincirsiz\/#primaryimage\",\"url\":\"https:\/\/haremerotikshop.com\/site\/wp-content\/uploads\/2025\/03\/deri-tasma-zincirsiz-1860-1.jpg\",\"contentUrl\":\"https:\/\/haremerotikshop.com\/site\/wp-content\/uploads\/2025\/03\/deri-tasma-zincirsiz-1860-1.jpg\",\"width\":1000,\"height\":1000},{\"@type\":\"BreadcrumbList\",\"@id\":\"https:\/\/hobierotikshop.com.tr\/website1\/erotik-shop-urun\/deri-tasma-zincirsiz\/#breadcrumb\",\"itemListElement\":[{\"@type\":\"ListItem\",\"position\":1,\"name\":\"Anasayfa\",\"item\":\"https:\/\/hobierotikshop.com.tr\/website1\/\"},{\"@type\":\"ListItem\",\"position\":2,\"name\":\"Erotik Shop \u00dcr\u00fcnleri\",\"item\":\"https:\/\/hobierotikshop.com.tr\/website1\/shop\/\"},{\"@type\":\"ListItem\",\"position\":3,\"name\":\"Deri Tasma Zincirsiz\"}]},{\"@type\":\"WebSite\",\"@id\":\"https:\/\/hobierotikshop.com.tr\/website1\/#website\",\"url\":\"https:\/\/hobierotikshop.com.tr\/website1\/\",\"name\":\"Bursa Erotik Shop\",\"description\":\"Bursa Erotik Shop ile g\u00fcvenli, gizli ve kaliteli yeti\u015fkin \u00fcr\u00fcnleri al\u0131\u015fveri\u015fi! Geni\u015f \u00fcr\u00fcn yelpazemizi ke\u015ffedin, hemen sipari\u015f verin\",\"publisher\":{\"@id\":\"https:\/\/hobierotikshop.com.tr\/website1\/#organization\"},\"alternateName\":\"Erotik Shop\",\"potentialAction\":[{\"@type\":\"SearchAction\",\"target\":{\"@type\":\"EntryPoint\",\"urlTemplate\":\"https:\/\/hobierotikshop.com.tr\/website1\/?s={search_term_string}\"},\"query-input\":{\"@type\":\"PropertyValueSpecification\",\"valueRequired\":true,\"valueName\":\"search_term_string\"}}],\"inLanguage\":\"tr\"},{\"@type\":\"Organization\",\"@id\":\"https:\/\/hobierotikshop.com.tr\/website1\/#organization\",\"name\":\"Harem Bursa Erotik Shop\",\"url\":\"https:\/\/hobierotikshop.com.tr\/website1\/\",\"logo\":{\"@type\":\"ImageObject\",\"inLanguage\":\"tr\",\"@id\":\"https:\/\/hobierotikshop.com.tr\/website1\/#\/schema\/logo\/image\/\",\"url\":\"https:\/\/haremerotikshop.com\/site\/wp-content\/uploads\/2025\/03\/haremsexshop.png\",\"contentUrl\":\"https:\/\/haremerotikshop.com\/site\/wp-content\/uploads\/2025\/03\/haremsexshop.png\",\"width\":400,\"height\":100,\"caption\":\"Harem Bursa Erotik Shop\"},\"image\":{\"@id\":\"https:\/\/hobierotikshop.com.tr\/website1\/#\/schema\/logo\/image\/\"},\"sameAs\":[\"https:\/\/x.com\/shopbursa\"],\"publishingPrinciples\":\"https:\/\/hobierotikshop.com.tr\/website1\/mesafeli-satis-sozlesmesi\/\",\"ownershipFundingInfo\":\"https:\/\/hobierotikshop.com.tr\/website1\/contact-us\/\",\"actionableFeedbackPolicy\":\"https:\/\/hobierotikshop.com.tr\/website1\/contact-us\/\",\"correctionsPolicy\":\"https:\/\/hobierotikshop.com.tr\/website1\/mesafeli-satis-sozlesmesi\/\"}]}<\/script>\n<meta property=\"product:brand\" content=\"Pembe Tilki\" \/>\n<meta property=\"product:price:amount\" content=\"540.00\" \/>\n<meta property=\"product:price:currency\" content=\"TRY\" \/>\n<meta property=\"og:availability\" content=\"out of stock\" \/>\n<meta property=\"product:availability\" content=\"out of stock\" \/>\n<meta property=\"product:retailer_item_id\" content=\"PT-FFXG942\" \/>\n<meta property=\"product:condition\" content=\"new\" \/>\n<!-- \/ Yoast SEO Premium plugin. -->","yoast_head_json":{"title":"Deri Tasma Zincirsiz - Bursa Erotik Shop","robots":{"index":"index","follow":"follow","max-snippet":"max-snippet:-1","max-image-preview":"max-image-preview:large","max-video-preview":"max-video-preview:-1"},"canonical":"https:\/\/hobierotikshop.com.tr\/website1\/erotik-shop-urun\/deri-tasma-zincirsiz\/","og_locale":"tr_TR","og_type":"article","og_title":"Deri Tasma Zincirsiz","og_description":"Y\u00fcksek Kaliteli Deri Boyun Tasmalar\u0131, fantezi tutkunlar\u0131n\u0131n beklentilerini kar\u015f\u0131lamak i\u00e7in \u00f6zel olarak tasarlanm\u0131\u015f bir \u00fcr\u00fcnd\u00fcr. \u015e\u0131k ve dayan\u0131kl\u0131 deri malzeme, estetik ve i\u015flevselli\u011fi m\u00fckemmel bir \u015fekilde birle\u015ftirir. Her bir tasmada bulunan demir halkalar, zincirler veya iplerle ba\u011flanabilir, b\u00f6ylece \u00f6zg\u00fcn ve heyecan verici deneyimler ya\u015faman\u0131z\u0131 sa\u011flar. Ayarlanabilir kay\u0131\u015flarla donat\u0131lan tasma, farkl\u0131 beden \u00f6l\u00e7\u00fclerine m\u00fckemmel uyum sa\u011flar, b\u00f6ylece rahatl\u0131kla kullan\u0131labilir ve konforlu bir deneyim sunar.","og_url":"https:\/\/hobierotikshop.com.tr\/website1\/erotik-shop-urun\/deri-tasma-zincirsiz\/","og_site_name":"Bursa Erotik Shop","article_modified_time":"2026-01-27T09:00:18+00:00","og_image":[{"width":1000,"height":1000,"url":"https:\/\/hobierotikshop.com.tr\/website1\/wp-content\/uploads\/2025\/03\/deri-tasma-zincirsiz-1860-1.jpg","type":"image\/jpeg"}],"twitter_card":"summary_large_image","twitter_site":"@shopbursa","twitter_misc":{"Fiyat":"&#8378;540,00 KDV DAH\u0130L","Availability":"Out of stock"},"schema":{"@context":"https:\/\/schema.org","@graph":[{"@type":"WebPage","@id":"https:\/\/hobierotikshop.com.tr\/website1\/erotik-shop-urun\/deri-tasma-zincirsiz\/","url":"https:\/\/hobierotikshop.com.tr\/website1\/erotik-shop-urun\/deri-tasma-zincirsiz\/","name":"Deri Tasma Zincirsiz - Bursa Erotik Shop","isPartOf":{"@id":"https:\/\/hobierotikshop.com.tr\/website1\/#website"},"primaryImageOfPage":{"@id":"https:\/\/hobierotikshop.com.tr\/website1\/erotik-shop-urun\/deri-tasma-zincirsiz\/#primaryimage"},"image":{"@id":"https:\/\/hobierotikshop.com.tr\/website1\/erotik-shop-urun\/deri-tasma-zincirsiz\/#primaryimage"},"thumbnailUrl":"https:\/\/haremerotikshop.com\/site\/wp-content\/uploads\/2025\/03\/deri-tasma-zincirsiz-1860-1.jpg","datePublished":"2025-03-17T09:14:32+00:00","dateModified":"2026-01-27T09:00:18+00:00","breadcrumb":{"@id":"https:\/\/hobierotikshop.com.tr\/website1\/erotik-shop-urun\/deri-tasma-zincirsiz\/#breadcrumb"},"inLanguage":"tr","potentialAction":[{"@type":"ReadAction","target":["https:\/\/hobierotikshop.com.tr\/website1\/erotik-shop-urun\/deri-tasma-zincirsiz\/"]}]},{"@type":"ImageObject","inLanguage":"tr","@id":"https:\/\/hobierotikshop.com.tr\/website1\/erotik-shop-urun\/deri-tasma-zincirsiz\/#primaryimage","url":"https:\/\/haremerotikshop.com\/site\/wp-content\/uploads\/2025\/03\/deri-tasma-zincirsiz-1860-1.jpg","contentUrl":"https:\/\/haremerotikshop.com\/site\/wp-content\/uploads\/2025\/03\/deri-tasma-zincirsiz-1860-1.jpg","width":1000,"height":1000},{"@type":"BreadcrumbList","@id":"https:\/\/hobierotikshop.com.tr\/website1\/erotik-shop-urun\/deri-tasma-zincirsiz\/#breadcrumb","itemListElement":[{"@type":"ListItem","position":1,"name":"Anasayfa","item":"https:\/\/hobierotikshop.com.tr\/website1\/"},{"@type":"ListItem","position":2,"name":"Erotik Shop \u00dcr\u00fcnleri","item":"https:\/\/hobierotikshop.com.tr\/website1\/shop\/"},{"@type":"ListItem","position":3,"name":"Deri Tasma Zincirsiz"}]},{"@type":"WebSite","@id":"https:\/\/hobierotikshop.com.tr\/website1\/#website","url":"https:\/\/hobierotikshop.com.tr\/website1\/","name":"Bursa Erotik Shop","description":"Bursa Erotik Shop ile g\u00fcvenli, gizli ve kaliteli yeti\u015fkin \u00fcr\u00fcnleri al\u0131\u015fveri\u015fi! Geni\u015f \u00fcr\u00fcn yelpazemizi ke\u015ffedin, hemen sipari\u015f verin","publisher":{"@id":"https:\/\/hobierotikshop.com.tr\/website1\/#organization"},"alternateName":"Erotik Shop","potentialAction":[{"@type":"SearchAction","target":{"@type":"EntryPoint","urlTemplate":"https:\/\/hobierotikshop.com.tr\/website1\/?s={search_term_string}"},"query-input":{"@type":"PropertyValueSpecification","valueRequired":true,"valueName":"search_term_string"}}],"inLanguage":"tr"},{"@type":"Organization","@id":"https:\/\/hobierotikshop.com.tr\/website1\/#organization","name":"Harem Bursa Erotik Shop","url":"https:\/\/hobierotikshop.com.tr\/website1\/","logo":{"@type":"ImageObject","inLanguage":"tr","@id":"https:\/\/hobierotikshop.com.tr\/website1\/#\/schema\/logo\/image\/","url":"https:\/\/haremerotikshop.com\/site\/wp-content\/uploads\/2025\/03\/haremsexshop.png","contentUrl":"https:\/\/haremerotikshop.com\/site\/wp-content\/uploads\/2025\/03\/haremsexshop.png","width":400,"height":100,"caption":"Harem Bursa Erotik Shop"},"image":{"@id":"https:\/\/hobierotikshop.com.tr\/website1\/#\/schema\/logo\/image\/"},"sameAs":["https:\/\/x.com\/shopbursa"],"publishingPrinciples":"https:\/\/hobierotikshop.com.tr\/website1\/mesafeli-satis-sozlesmesi\/","ownershipFundingInfo":"https:\/\/hobierotikshop.com.tr\/website1\/contact-us\/","actionableFeedbackPolicy":"https:\/\/hobierotikshop.com.tr\/website1\/contact-us\/","correctionsPolicy":"https:\/\/hobierotikshop.com.tr\/website1\/mesafeli-satis-sozlesmesi\/"}]},"product_brand":"Pembe Tilki","product_price_amount":"540.00","product_price_currency":"TRY","og_availability":"out of stock","product_availability":"out of stock","product_retailer_item_id":"PT-FFXG942","product_condition":"new"},"_links":{"self":[{"href":"https:\/\/haremerotikshop.com\/site\/wp-json\/wp\/v2\/product\/18308","targetHints":{"allow":["GET"]}}],"collection":[{"href":"https:\/\/haremerotikshop.com\/site\/wp-json\/wp\/v2\/product"}],"about":[{"href":"https:\/\/haremerotikshop.com\/site\/wp-json\/wp\/v2\/types\/product"}],"replies":[{"embeddable":true,"href":"https:\/\/haremerotikshop.com\/site\/wp-json\/wp\/v2\/comments?post=18308"}],"version-history":[{"count":0,"href":"https:\/\/haremerotikshop.com\/site\/wp-json\/wp\/v2\/product\/18308\/revisions"}],"wp:featuredmedia":[{"embeddable":true,"href":"https:\/\/haremerotikshop.com\/site\/wp-json\/wp\/v2\/media\/18408"}],"wp:attachment":[{"href":"https:\/\/haremerotikshop.com\/site\/wp-json\/wp\/v2\/media?parent=18308"}],"wp:term":[{"taxonomy":"product_brand","embeddable":true,"href":"https:\/\/haremerotikshop.com\/site\/wp-json\/wp\/v2\/product_brand?post=18308"},{"taxonomy":"product_cat","embeddable":true,"href":"https:\/\/haremerotikshop.com\/site\/wp-json\/wp\/v2\/product_cat?post=18308"},{"taxonomy":"product_tag","embeddable":true,"href":"https:\/\/haremerotikshop.com\/site\/wp-json\/wp\/v2\/product_tag?post=18308"}],"curies":[{"name":"wp","href":"https:\/\/api.w.org\/{rel}","templated":true}]}}