{"id":18310,"date":"2025-03-17T12:14:32","date_gmt":"2025-03-17T09:14:32","guid":{"rendered":"https:\/\/haremerotikshop.com\/site\/?post_type=product&#038;p=18310"},"modified":"2026-01-27T12:01:05","modified_gmt":"2026-01-27T09:01:05","slug":"seffaf-silikon-penis-kilifi-tirtikli","status":"publish","type":"product","link":"https:\/\/haremerotikshop.com\/site\/erotik-shop-urun\/seffaf-silikon-penis-kilifi-tirtikli\/","title":{"rendered":"\u015eeffaf Silikon Penis K\u0131l\u0131f\u0131 T\u0131rt\u0131kl\u0131"},"content":{"rendered":"<h3 class=\"\" data-start=\"0\" data-end=\"87\"><strong data-start=\"4\" data-end=\"87\">\u015eeffaf Silikon Penis K\u0131l\u0131f\u0131 \u2013 Cinsel Deneyimi Zenginle\u015ftiren Yenilik\u00e7i Tasar\u0131m!<\/strong><\/h3>\n<p class=\"\" data-start=\"89\" data-end=\"481\"><strong data-start=\"89\" data-end=\"120\">\u015eeffaf Silikon Penis K\u0131l\u0131f\u0131<\/strong>, cinsel deneyimlerinizi <strong data-start=\"145\" data-end=\"157\">art\u0131rmak<\/strong> ve <strong data-start=\"161\" data-end=\"190\">farkl\u0131 uyar\u0131m se\u00e7enekleri<\/strong> sunmak i\u00e7in tasarlanm\u0131\u015f \u00f6zel bir \u00fcr\u00fcnd\u00fcr. <strong data-start=\"233\" data-end=\"260\">Esnek silikon malzemesi<\/strong>, v\u00fccudunuza uyum sa\u011flayarak rahat bir kullan\u0131m sunar. <strong data-start=\"315\" data-end=\"334\">T\u0131rt\u0131kl\u0131 y\u00fczeyi<\/strong>, cinsel deneyiminizi daha zevkli hale getirirken, <strong data-start=\"385\" data-end=\"404\">\u015feffaf tasar\u0131m\u0131<\/strong> g\u00f6rsel olarak dikkat \u00e7eker ve \u00e7iftler aras\u0131ndaki cinsel ba\u011flar\u0131 g\u00fc\u00e7lendirir.<\/p>\n<h3 class=\"\" data-start=\"483\" data-end=\"508\"><strong data-start=\"487\" data-end=\"508\">\u00dcr\u00fcn \u00d6zellikleri:<\/strong><\/h3>\n<ul data-start=\"510\" data-end=\"1381\">\n<li class=\"\" data-start=\"510\" data-end=\"655\">\n<p class=\"\" data-start=\"512\" data-end=\"655\"><strong data-start=\"512\" data-end=\"522\">Boyut:<\/strong> 12,5 cm uzunlu\u011funda ve 3,5 cm \u00e7ap\u0131nda olan bu silikon penis k\u0131l\u0131f\u0131, <strong data-start=\"591\" data-end=\"618\">\u015fekil ve boyut art\u0131r\u0131c\u0131<\/strong> etkisiyle dolgun bir deneyim sa\u011flar.<\/p>\n<\/li>\n<li class=\"\" data-start=\"657\" data-end=\"839\">\n<p class=\"\" data-start=\"659\" data-end=\"839\"><strong data-start=\"659\" data-end=\"695\">Y\u00fcksek Kaliteli Silikon Malzeme:<\/strong> V\u00fccuda dost, <strong data-start=\"709\" data-end=\"735\">\u015feffaf silikon malzeme<\/strong>, cildinize zarar vermeden <strong data-start=\"762\" data-end=\"774\">esneklik<\/strong> ve <strong data-start=\"778\" data-end=\"788\">konfor<\/strong> sunar. Uzun s\u00fcreli kullan\u0131m i\u00e7in <strong data-start=\"822\" data-end=\"838\">dayan\u0131kl\u0131d\u0131r<\/strong>.<\/p>\n<\/li>\n<li class=\"\" data-start=\"841\" data-end=\"1031\">\n<p class=\"\" data-start=\"843\" data-end=\"1031\"><strong data-start=\"843\" data-end=\"862\">T\u0131rt\u0131kl\u0131 Y\u00fczey:<\/strong> <strong data-start=\"863\" data-end=\"881\">T\u0131rt\u0131kl\u0131 y\u00fczey<\/strong> tasar\u0131m\u0131, ekstra <strong data-start=\"899\" data-end=\"909\">uyar\u0131m<\/strong> sa\u011flar ve her iki partnerin de deneyimini <strong data-start=\"952\" data-end=\"966\">geli\u015ftirir<\/strong>. Bu sayede, her hareketle birlikte farkl\u0131 uyar\u0131lara imk\u00e2n tan\u0131r.<\/p>\n<\/li>\n<li class=\"\" data-start=\"1033\" data-end=\"1207\">\n<p class=\"\" data-start=\"1035\" data-end=\"1207\"><strong data-start=\"1035\" data-end=\"1056\">Esneklik ve Uyum:<\/strong> Bu silikon k\u0131l\u0131f, <strong data-start=\"1075\" data-end=\"1128\">farkl\u0131 boyutlardaki penislere kolayca uyum sa\u011flar<\/strong>. <strong data-start=\"1130\" data-end=\"1146\">Esnek yap\u0131s\u0131<\/strong> sayesinde rahat bir \u015fekilde kullan\u0131l\u0131r ve <strong data-start=\"1189\" data-end=\"1199\">konfor<\/strong> sa\u011flar.<\/p>\n<\/li>\n<li class=\"\" data-start=\"1209\" data-end=\"1381\">\n<p class=\"\" data-start=\"1211\" data-end=\"1381\"><strong data-start=\"1211\" data-end=\"1239\">Kolay Temizlik ve Bak\u0131m:<\/strong> <strong data-start=\"1240\" data-end=\"1258\">P\u00fcr\u00fczs\u00fcz y\u00fczey<\/strong> ve <strong data-start=\"1262\" data-end=\"1302\">kolay temizlenebilir silikon malzeme<\/strong> sayesinde hijyenik bir deneyim sunar. Temizli\u011fi ve bak\u0131m\u0131 son derece basittir.<\/p>\n<\/li>\n<\/ul>\n<h3 class=\"\" data-start=\"1383\" data-end=\"1406\"><strong data-start=\"1387\" data-end=\"1406\">\u00dcr\u00fcn Faydalar\u0131:<\/strong><\/h3>\n<ul data-start=\"1408\" data-end=\"2310\">\n<li class=\"\" data-start=\"1408\" data-end=\"1586\">\n<p class=\"\" data-start=\"1410\" data-end=\"1586\"><strong data-start=\"1410\" data-end=\"1437\">Penis Boyutunu Art\u0131rma:<\/strong> Bu silikon k\u0131l\u0131f, <strong data-start=\"1456\" data-end=\"1474\">penis boyutunu<\/strong> ve \u00e7ap\u0131n\u0131 art\u0131rarak daha <strong data-start=\"1500\" data-end=\"1510\">dolgun<\/strong> ve <strong data-start=\"1514\" data-end=\"1523\">b\u00fcy\u00fck<\/strong> bir his sunar. Cinsel deneyimi daha tatmin edici hale getirir.<\/p>\n<\/li>\n<li class=\"\" data-start=\"1588\" data-end=\"1782\">\n<p class=\"\" data-start=\"1590\" data-end=\"1782\"><strong data-start=\"1590\" data-end=\"1608\">Ekstra Uyar\u0131m:<\/strong> <strong data-start=\"1609\" data-end=\"1628\">T\u0131rt\u0131kl\u0131 y\u00fczeyi<\/strong>, <strong data-start=\"1630\" data-end=\"1643\">ek uyar\u0131m<\/strong> sa\u011flayarak her hareketle yeni bir haz ya\u015faman\u0131za olanak tan\u0131r. Bu \u00f6zellik, hem fiziksel hem de duygusal olarak deneyiminizi derinle\u015ftirir.<\/p>\n<\/li>\n<li class=\"\" data-start=\"1784\" data-end=\"1947\">\n<p class=\"\" data-start=\"1786\" data-end=\"1947\"><strong data-start=\"1786\" data-end=\"1817\">Esnek ve Konforlu Kullan\u0131m:<\/strong> <strong data-start=\"1818\" data-end=\"1842\">Esnek silikon yap\u0131s\u0131<\/strong>, rahat bir kullan\u0131m sa\u011flar ve <strong data-start=\"1873\" data-end=\"1882\">do\u011fal<\/strong> bir his sunar. Cildinize zarar vermeden, <strong data-start=\"1924\" data-end=\"1939\">y\u00fcksek uyum<\/strong> sa\u011flar.<\/p>\n<\/li>\n<li class=\"\" data-start=\"1949\" data-end=\"2094\">\n<p class=\"\" data-start=\"1951\" data-end=\"2094\"><strong data-start=\"1951\" data-end=\"1986\">\u00c7e\u015fitli Boyutlara Uyum Sa\u011flama:<\/strong> <strong data-start=\"1987\" data-end=\"2004\">Esnek tasar\u0131m<\/strong>, farkl\u0131 beden \u00f6l\u00e7\u00fclerine ve penis boyutlar\u0131na uyum g\u00f6stererek her kullan\u0131c\u0131ya hitap eder.<\/p>\n<\/li>\n<li class=\"\" data-start=\"2096\" data-end=\"2310\">\n<p class=\"\" data-start=\"2098\" data-end=\"2310\"><strong data-start=\"2098\" data-end=\"2117\">\u015eeffaf Tasar\u0131m:<\/strong> <strong data-start=\"2118\" data-end=\"2144\">\u015eeffaf silikon malzeme<\/strong>, g\u00f6rsel olarak dikkat \u00e7eker ve \u00e7iftlerin birbirlerine olan ba\u011fl\u0131l\u0131klar\u0131n\u0131 g\u00fc\u00e7lendirir. Ayr\u0131ca, bu tasar\u0131m, partnerinizle olan ileti\u015fiminizi daha samimi hale getirir.<\/p>\n<\/li>\n<\/ul>\n<h3 class=\"\" data-start=\"2312\" data-end=\"2338\"><strong data-start=\"2316\" data-end=\"2338\">Kullan\u0131m Alanlar\u0131:<\/strong><\/h3>\n<ul data-start=\"2340\" data-end=\"2869\">\n<li class=\"\" data-start=\"2340\" data-end=\"2469\">\n<p class=\"\" data-start=\"2342\" data-end=\"2469\"><strong data-start=\"2342\" data-end=\"2364\">Bireysel Kullan\u0131m:<\/strong> Kendi cinsel ke\u015fiflerinizi yaparken, bu silikon penis k\u0131l\u0131f\u0131 <strong data-start=\"2426\" data-end=\"2442\">yeni zevkler<\/strong> ke\u015ffetmenize olanak tan\u0131r.<\/p>\n<\/li>\n<li class=\"\" data-start=\"2471\" data-end=\"2662\">\n<p class=\"\" data-start=\"2473\" data-end=\"2662\"><strong data-start=\"2473\" data-end=\"2496\">Partnerle Kullan\u0131m:<\/strong> \u00c7iftler, bu \u00fcr\u00fcn sayesinde deneyimlerini <strong data-start=\"2538\" data-end=\"2560\">zenginle\u015ftirebilir<\/strong> ve aralar\u0131ndaki <strong data-start=\"2577\" data-end=\"2585\">ba\u011f\u0131<\/strong> daha derinle\u015ftirebilir. <strong data-start=\"2610\" data-end=\"2628\">T\u0131rt\u0131kl\u0131 y\u00fczey<\/strong>, \u00e7iftler i\u00e7in ekstra haz yarat\u0131r.<\/p>\n<\/li>\n<li class=\"\" data-start=\"2664\" data-end=\"2869\">\n<p class=\"\" data-start=\"2666\" data-end=\"2869\"><strong data-start=\"2666\" data-end=\"2688\">Cinsel Fanteziler:<\/strong> <strong data-start=\"2689\" data-end=\"2707\">\u015eeffaf tasar\u0131m<\/strong> ve <strong data-start=\"2711\" data-end=\"2728\">uyar\u0131c\u0131 y\u00fczey<\/strong>, fantezilerinizi ve oyunlar\u0131n\u0131z\u0131 daha heyecanl\u0131 hale getirir. <strong data-start=\"2791\" data-end=\"2804\">Rol yapma<\/strong> ve <strong data-start=\"2808\" data-end=\"2827\">fantezi d\u00fcnyas\u0131<\/strong> ile cinsel heyecan\u0131n\u0131z\u0131 art\u0131rabilirsiniz.<\/p>\n<\/li>\n<\/ul>\n<h3 class=\"\" data-start=\"2871\" data-end=\"2898\"><strong data-start=\"2875\" data-end=\"2898\">G\u00fcvenlik ve Kalite:<\/strong><\/h3>\n<p class=\"\" data-start=\"2900\" data-end=\"3249\"><strong data-start=\"2900\" data-end=\"2931\">\u015eeffaf Silikon Penis K\u0131l\u0131f\u0131<\/strong>, <strong data-start=\"2933\" data-end=\"2971\">y\u00fcksek kaliteli silikon malzemeden<\/strong> \u00fcretilmi\u015f olup, <strong data-start=\"2988\" data-end=\"3005\">cinsel sa\u011fl\u0131k<\/strong> ve g\u00fcvenlik standartlar\u0131na uygun olarak tasarlanm\u0131\u015ft\u0131r. <strong data-start=\"3062\" data-end=\"3080\">Ki\u015fisel hijyen<\/strong> ve <strong data-start=\"3084\" data-end=\"3096\">g\u00fcvenlik<\/strong> a\u00e7\u0131s\u0131ndan kullan\u0131m \u00f6ncesi ve sonras\u0131 temizlik ve dezenfeksiyon gereklidir. \u00dcr\u00fcn, <strong data-start=\"3178\" data-end=\"3203\">v\u00fccuda zarar vermeyen<\/strong>, <strong data-start=\"3205\" data-end=\"3221\">sa\u011fl\u0131k dostu<\/strong> malzemelerden \u00fcretilmi\u015ftir.<\/p>\n<h3 class=\"\" data-start=\"3251\" data-end=\"3265\"><strong data-start=\"3255\" data-end=\"3265\">Sonu\u00e7:<\/strong><\/h3>\n<p class=\"\" data-start=\"3267\" data-end=\"3753\"><strong data-start=\"3267\" data-end=\"3298\">\u015eeffaf Silikon Penis K\u0131l\u0131f\u0131<\/strong>, <strong data-start=\"3300\" data-end=\"3342\">cinsel deneyimlerinizi zenginle\u015ftirmek<\/strong> ve heyecan\u0131 art\u0131rmak isteyen \u00e7iftler i\u00e7in m\u00fckemmel bir se\u00e7imdir. <strong data-start=\"3408\" data-end=\"3426\">T\u0131rt\u0131kl\u0131 y\u00fczey<\/strong> ve <strong data-start=\"3430\" data-end=\"3455\">esnek silikon malzeme<\/strong>, kullan\u0131c\u0131lara konforlu bir deneyim sunar. Hem g\u00f6rsel hem de fiziksel tatmin sa\u011flayan bu \u00fcr\u00fcn, cinsel ke\u015fiflerinizi daha e\u011flenceli ve tatmin edici hale getirir. Hem <strong data-start=\"3621\" data-end=\"3648\">ba\u015flang\u0131\u00e7 seviyesindeki<\/strong> hem de deneyimli kullan\u0131c\u0131lar i\u00e7in ideal bir se\u00e7enek olan bu silikon penis k\u0131l\u0131f\u0131, her zevke hitap eder.<\/p>\n","protected":false},"excerpt":{"rendered":"<p><strong data-start=\"89\" data-end=\"120\">\u015eeffaf Silikon Penis K\u0131l\u0131f\u0131<\/strong>, cinsel deneyimlerinizi <strong data-start=\"145\" data-end=\"157\">art\u0131rmak<\/strong> ve <strong data-start=\"161\" data-end=\"190\">farkl\u0131 uyar\u0131m se\u00e7enekleri<\/strong> sunmak i\u00e7in tasarlanm\u0131\u015f \u00f6zel bir \u00fcr\u00fcnd\u00fcr. <strong data-start=\"233\" data-end=\"260\">Esnek silikon malzemesi<\/strong>, v\u00fccudunuza uyum sa\u011flayarak rahat bir kullan\u0131m sunar. <strong data-start=\"315\" data-end=\"334\">T\u0131rt\u0131kl\u0131 y\u00fczeyi<\/strong>, cinsel deneyiminizi daha zevkli hale getirirken, <strong data-start=\"385\" data-end=\"404\">\u015feffaf tasar\u0131m\u0131<\/strong> g\u00f6rsel olarak dikkat \u00e7eker ve \u00e7iftler aras\u0131ndaki cinsel ba\u011flar\u0131 g\u00fc\u00e7lendirir.<\/p>\n","protected":false},"featured_media":18412,"comment_status":"open","ping_status":"closed","template":"","meta":[],"product_brand":[127],"product_cat":[110],"product_tag":[111],"class_list":{"0":"post-18310","1":"product","2":"type-product","3":"status-publish","4":"has-post-thumbnail","6":"product_brand-pembe-tilki","7":"product_cat-penis-kiliflari","8":"product_tag-seffaf-silikon-penis-kilifi-tirtikli","10":"first","11":"instock","12":"taxable","13":"shipping-taxable","14":"purchasable","15":"product-type-simple"},"yoast_head":"<!-- This site is optimized with the Yoast SEO Premium plugin v24.4 (Yoast SEO v27.1.1) - https:\/\/yoast.com\/product\/yoast-seo-premium-wordpress\/ -->\n<title>\u015eeffaf Silikon Penis K\u0131l\u0131f\u0131 T\u0131rt\u0131kl\u0131 - Bursa Erotik Shop<\/title>\n<meta name=\"robots\" content=\"index, follow, max-snippet:-1, max-image-preview:large, max-video-preview:-1\" \/>\n<link rel=\"canonical\" href=\"https:\/\/hobierotikshop.com.tr\/website1\/erotik-shop-urun\/seffaf-silikon-penis-kilifi-tirtikli\/\" \/>\n<meta property=\"og:locale\" content=\"tr_TR\" \/>\n<meta property=\"og:type\" content=\"article\" \/>\n<meta property=\"og:title\" content=\"\u015eeffaf Silikon Penis K\u0131l\u0131f\u0131 T\u0131rt\u0131kl\u0131\" \/>\n<meta property=\"og:description\" content=\"\u015eeffaf Silikon Penis K\u0131l\u0131f\u0131, cinsel deneyimlerinizi art\u0131rmak ve farkl\u0131 uyar\u0131m se\u00e7enekleri sunmak i\u00e7in tasarlanm\u0131\u015f \u00f6zel bir \u00fcr\u00fcnd\u00fcr. Esnek silikon malzemesi, v\u00fccudunuza uyum sa\u011flayarak rahat bir kullan\u0131m sunar. T\u0131rt\u0131kl\u0131 y\u00fczeyi, cinsel deneyiminizi daha zevkli hale getirirken, \u015feffaf tasar\u0131m\u0131 g\u00f6rsel olarak dikkat \u00e7eker ve \u00e7iftler aras\u0131ndaki cinsel ba\u011flar\u0131 g\u00fc\u00e7lendirir.\" \/>\n<meta property=\"og:url\" content=\"https:\/\/hobierotikshop.com.tr\/website1\/erotik-shop-urun\/seffaf-silikon-penis-kilifi-tirtikli\/\" \/>\n<meta property=\"og:site_name\" content=\"Bursa Erotik Shop\" \/>\n<meta property=\"article:modified_time\" content=\"2026-01-27T09:01:05+00:00\" \/>\n<meta property=\"og:image\" content=\"https:\/\/hobierotikshop.com.tr\/website1\/wp-content\/uploads\/2025\/03\/seffaf-silikon-penis-kilifi-tirtikli-4970.jpg\" \/>\n\t<meta property=\"og:image:width\" content=\"1500\" \/>\n\t<meta property=\"og:image:height\" content=\"1500\" \/>\n\t<meta property=\"og:image:type\" content=\"image\/jpeg\" \/>\n<meta name=\"twitter:card\" content=\"summary_large_image\" \/>\n<meta name=\"twitter:site\" content=\"@shopbursa\" \/>\n<meta name=\"twitter:label1\" content=\"Fiyat\" \/>\n\t<meta name=\"twitter:data1\" content=\"&#8378;250,00 KDV DAH\u0130L\" \/>\n\t<meta name=\"twitter:label2\" content=\"Availability\" \/>\n\t<meta name=\"twitter:data2\" content=\"In stock\" \/>\n<script type=\"application\/ld+json\" class=\"yoast-schema-graph\">{\"@context\":\"https:\/\/schema.org\",\"@graph\":[{\"@type\":\"WebPage\",\"@id\":\"https:\/\/hobierotikshop.com.tr\/website1\/erotik-shop-urun\/seffaf-silikon-penis-kilifi-tirtikli\/\",\"url\":\"https:\/\/hobierotikshop.com.tr\/website1\/erotik-shop-urun\/seffaf-silikon-penis-kilifi-tirtikli\/\",\"name\":\"\u015eeffaf Silikon Penis K\u0131l\u0131f\u0131 T\u0131rt\u0131kl\u0131 - Bursa Erotik Shop\",\"isPartOf\":{\"@id\":\"https:\/\/hobierotikshop.com.tr\/website1\/#website\"},\"primaryImageOfPage\":{\"@id\":\"https:\/\/hobierotikshop.com.tr\/website1\/erotik-shop-urun\/seffaf-silikon-penis-kilifi-tirtikli\/#primaryimage\"},\"image\":{\"@id\":\"https:\/\/hobierotikshop.com.tr\/website1\/erotik-shop-urun\/seffaf-silikon-penis-kilifi-tirtikli\/#primaryimage\"},\"thumbnailUrl\":\"https:\/\/haremerotikshop.com\/site\/wp-content\/uploads\/2025\/03\/seffaf-silikon-penis-kilifi-tirtikli-4970.jpg\",\"datePublished\":\"2025-03-17T09:14:32+00:00\",\"dateModified\":\"2026-01-27T09:01:05+00:00\",\"breadcrumb\":{\"@id\":\"https:\/\/hobierotikshop.com.tr\/website1\/erotik-shop-urun\/seffaf-silikon-penis-kilifi-tirtikli\/#breadcrumb\"},\"inLanguage\":\"tr\",\"potentialAction\":[{\"@type\":\"ReadAction\",\"target\":[\"https:\/\/hobierotikshop.com.tr\/website1\/erotik-shop-urun\/seffaf-silikon-penis-kilifi-tirtikli\/\"]}]},{\"@type\":\"ImageObject\",\"inLanguage\":\"tr\",\"@id\":\"https:\/\/hobierotikshop.com.tr\/website1\/erotik-shop-urun\/seffaf-silikon-penis-kilifi-tirtikli\/#primaryimage\",\"url\":\"https:\/\/haremerotikshop.com\/site\/wp-content\/uploads\/2025\/03\/seffaf-silikon-penis-kilifi-tirtikli-4970.jpg\",\"contentUrl\":\"https:\/\/haremerotikshop.com\/site\/wp-content\/uploads\/2025\/03\/seffaf-silikon-penis-kilifi-tirtikli-4970.jpg\",\"width\":1500,\"height\":1500},{\"@type\":\"BreadcrumbList\",\"@id\":\"https:\/\/hobierotikshop.com.tr\/website1\/erotik-shop-urun\/seffaf-silikon-penis-kilifi-tirtikli\/#breadcrumb\",\"itemListElement\":[{\"@type\":\"ListItem\",\"position\":1,\"name\":\"Anasayfa\",\"item\":\"https:\/\/hobierotikshop.com.tr\/website1\/\"},{\"@type\":\"ListItem\",\"position\":2,\"name\":\"Erotik Shop \u00dcr\u00fcnleri\",\"item\":\"https:\/\/hobierotikshop.com.tr\/website1\/shop\/\"},{\"@type\":\"ListItem\",\"position\":3,\"name\":\"\u015eeffaf Silikon Penis K\u0131l\u0131f\u0131 T\u0131rt\u0131kl\u0131\"}]},{\"@type\":\"WebSite\",\"@id\":\"https:\/\/hobierotikshop.com.tr\/website1\/#website\",\"url\":\"https:\/\/hobierotikshop.com.tr\/website1\/\",\"name\":\"Bursa Erotik Shop\",\"description\":\"Bursa Erotik Shop ile g\u00fcvenli, gizli ve kaliteli yeti\u015fkin \u00fcr\u00fcnleri al\u0131\u015fveri\u015fi! Geni\u015f \u00fcr\u00fcn yelpazemizi ke\u015ffedin, hemen sipari\u015f verin\",\"publisher\":{\"@id\":\"https:\/\/hobierotikshop.com.tr\/website1\/#organization\"},\"alternateName\":\"Erotik Shop\",\"potentialAction\":[{\"@type\":\"SearchAction\",\"target\":{\"@type\":\"EntryPoint\",\"urlTemplate\":\"https:\/\/hobierotikshop.com.tr\/website1\/?s={search_term_string}\"},\"query-input\":{\"@type\":\"PropertyValueSpecification\",\"valueRequired\":true,\"valueName\":\"search_term_string\"}}],\"inLanguage\":\"tr\"},{\"@type\":\"Organization\",\"@id\":\"https:\/\/hobierotikshop.com.tr\/website1\/#organization\",\"name\":\"Harem Bursa Erotik Shop\",\"url\":\"https:\/\/hobierotikshop.com.tr\/website1\/\",\"logo\":{\"@type\":\"ImageObject\",\"inLanguage\":\"tr\",\"@id\":\"https:\/\/hobierotikshop.com.tr\/website1\/#\/schema\/logo\/image\/\",\"url\":\"https:\/\/haremerotikshop.com\/site\/wp-content\/uploads\/2025\/03\/haremsexshop.png\",\"contentUrl\":\"https:\/\/haremerotikshop.com\/site\/wp-content\/uploads\/2025\/03\/haremsexshop.png\",\"width\":400,\"height\":100,\"caption\":\"Harem Bursa Erotik Shop\"},\"image\":{\"@id\":\"https:\/\/hobierotikshop.com.tr\/website1\/#\/schema\/logo\/image\/\"},\"sameAs\":[\"https:\/\/x.com\/shopbursa\"],\"publishingPrinciples\":\"https:\/\/hobierotikshop.com.tr\/website1\/mesafeli-satis-sozlesmesi\/\",\"ownershipFundingInfo\":\"https:\/\/hobierotikshop.com.tr\/website1\/contact-us\/\",\"actionableFeedbackPolicy\":\"https:\/\/hobierotikshop.com.tr\/website1\/contact-us\/\",\"correctionsPolicy\":\"https:\/\/hobierotikshop.com.tr\/website1\/mesafeli-satis-sozlesmesi\/\"}]}<\/script>\n<meta property=\"product:brand\" content=\"Pembe Tilki\" \/>\n<meta property=\"product:price:amount\" content=\"250.00\" \/>\n<meta property=\"product:price:currency\" content=\"TRY\" \/>\n<meta property=\"og:availability\" content=\"instock\" \/>\n<meta property=\"product:availability\" content=\"instock\" \/>\n<meta property=\"product:retailer_item_id\" content=\"PT-ECXF021\" \/>\n<meta property=\"product:condition\" content=\"new\" \/>\n<!-- \/ Yoast SEO Premium plugin. -->","yoast_head_json":{"title":"\u015eeffaf Silikon Penis K\u0131l\u0131f\u0131 T\u0131rt\u0131kl\u0131 - Bursa Erotik Shop","robots":{"index":"index","follow":"follow","max-snippet":"max-snippet:-1","max-image-preview":"max-image-preview:large","max-video-preview":"max-video-preview:-1"},"canonical":"https:\/\/hobierotikshop.com.tr\/website1\/erotik-shop-urun\/seffaf-silikon-penis-kilifi-tirtikli\/","og_locale":"tr_TR","og_type":"article","og_title":"\u015eeffaf Silikon Penis K\u0131l\u0131f\u0131 T\u0131rt\u0131kl\u0131","og_description":"\u015eeffaf Silikon Penis K\u0131l\u0131f\u0131, cinsel deneyimlerinizi art\u0131rmak ve farkl\u0131 uyar\u0131m se\u00e7enekleri sunmak i\u00e7in tasarlanm\u0131\u015f \u00f6zel bir \u00fcr\u00fcnd\u00fcr. Esnek silikon malzemesi, v\u00fccudunuza uyum sa\u011flayarak rahat bir kullan\u0131m sunar. T\u0131rt\u0131kl\u0131 y\u00fczeyi, cinsel deneyiminizi daha zevkli hale getirirken, \u015feffaf tasar\u0131m\u0131 g\u00f6rsel olarak dikkat \u00e7eker ve \u00e7iftler aras\u0131ndaki cinsel ba\u011flar\u0131 g\u00fc\u00e7lendirir.","og_url":"https:\/\/hobierotikshop.com.tr\/website1\/erotik-shop-urun\/seffaf-silikon-penis-kilifi-tirtikli\/","og_site_name":"Bursa Erotik Shop","article_modified_time":"2026-01-27T09:01:05+00:00","og_image":[{"width":1500,"height":1500,"url":"https:\/\/hobierotikshop.com.tr\/website1\/wp-content\/uploads\/2025\/03\/seffaf-silikon-penis-kilifi-tirtikli-4970.jpg","type":"image\/jpeg"}],"twitter_card":"summary_large_image","twitter_site":"@shopbursa","twitter_misc":{"Fiyat":"&#8378;250,00 KDV DAH\u0130L","Availability":"In stock"},"schema":{"@context":"https:\/\/schema.org","@graph":[{"@type":"WebPage","@id":"https:\/\/hobierotikshop.com.tr\/website1\/erotik-shop-urun\/seffaf-silikon-penis-kilifi-tirtikli\/","url":"https:\/\/hobierotikshop.com.tr\/website1\/erotik-shop-urun\/seffaf-silikon-penis-kilifi-tirtikli\/","name":"\u015eeffaf Silikon Penis K\u0131l\u0131f\u0131 T\u0131rt\u0131kl\u0131 - Bursa Erotik Shop","isPartOf":{"@id":"https:\/\/hobierotikshop.com.tr\/website1\/#website"},"primaryImageOfPage":{"@id":"https:\/\/hobierotikshop.com.tr\/website1\/erotik-shop-urun\/seffaf-silikon-penis-kilifi-tirtikli\/#primaryimage"},"image":{"@id":"https:\/\/hobierotikshop.com.tr\/website1\/erotik-shop-urun\/seffaf-silikon-penis-kilifi-tirtikli\/#primaryimage"},"thumbnailUrl":"https:\/\/haremerotikshop.com\/site\/wp-content\/uploads\/2025\/03\/seffaf-silikon-penis-kilifi-tirtikli-4970.jpg","datePublished":"2025-03-17T09:14:32+00:00","dateModified":"2026-01-27T09:01:05+00:00","breadcrumb":{"@id":"https:\/\/hobierotikshop.com.tr\/website1\/erotik-shop-urun\/seffaf-silikon-penis-kilifi-tirtikli\/#breadcrumb"},"inLanguage":"tr","potentialAction":[{"@type":"ReadAction","target":["https:\/\/hobierotikshop.com.tr\/website1\/erotik-shop-urun\/seffaf-silikon-penis-kilifi-tirtikli\/"]}]},{"@type":"ImageObject","inLanguage":"tr","@id":"https:\/\/hobierotikshop.com.tr\/website1\/erotik-shop-urun\/seffaf-silikon-penis-kilifi-tirtikli\/#primaryimage","url":"https:\/\/haremerotikshop.com\/site\/wp-content\/uploads\/2025\/03\/seffaf-silikon-penis-kilifi-tirtikli-4970.jpg","contentUrl":"https:\/\/haremerotikshop.com\/site\/wp-content\/uploads\/2025\/03\/seffaf-silikon-penis-kilifi-tirtikli-4970.jpg","width":1500,"height":1500},{"@type":"BreadcrumbList","@id":"https:\/\/hobierotikshop.com.tr\/website1\/erotik-shop-urun\/seffaf-silikon-penis-kilifi-tirtikli\/#breadcrumb","itemListElement":[{"@type":"ListItem","position":1,"name":"Anasayfa","item":"https:\/\/hobierotikshop.com.tr\/website1\/"},{"@type":"ListItem","position":2,"name":"Erotik Shop \u00dcr\u00fcnleri","item":"https:\/\/hobierotikshop.com.tr\/website1\/shop\/"},{"@type":"ListItem","position":3,"name":"\u015eeffaf Silikon Penis K\u0131l\u0131f\u0131 T\u0131rt\u0131kl\u0131"}]},{"@type":"WebSite","@id":"https:\/\/hobierotikshop.com.tr\/website1\/#website","url":"https:\/\/hobierotikshop.com.tr\/website1\/","name":"Bursa Erotik Shop","description":"Bursa Erotik Shop ile g\u00fcvenli, gizli ve kaliteli yeti\u015fkin \u00fcr\u00fcnleri al\u0131\u015fveri\u015fi! Geni\u015f \u00fcr\u00fcn yelpazemizi ke\u015ffedin, hemen sipari\u015f verin","publisher":{"@id":"https:\/\/hobierotikshop.com.tr\/website1\/#organization"},"alternateName":"Erotik Shop","potentialAction":[{"@type":"SearchAction","target":{"@type":"EntryPoint","urlTemplate":"https:\/\/hobierotikshop.com.tr\/website1\/?s={search_term_string}"},"query-input":{"@type":"PropertyValueSpecification","valueRequired":true,"valueName":"search_term_string"}}],"inLanguage":"tr"},{"@type":"Organization","@id":"https:\/\/hobierotikshop.com.tr\/website1\/#organization","name":"Harem Bursa Erotik Shop","url":"https:\/\/hobierotikshop.com.tr\/website1\/","logo":{"@type":"ImageObject","inLanguage":"tr","@id":"https:\/\/hobierotikshop.com.tr\/website1\/#\/schema\/logo\/image\/","url":"https:\/\/haremerotikshop.com\/site\/wp-content\/uploads\/2025\/03\/haremsexshop.png","contentUrl":"https:\/\/haremerotikshop.com\/site\/wp-content\/uploads\/2025\/03\/haremsexshop.png","width":400,"height":100,"caption":"Harem Bursa Erotik Shop"},"image":{"@id":"https:\/\/hobierotikshop.com.tr\/website1\/#\/schema\/logo\/image\/"},"sameAs":["https:\/\/x.com\/shopbursa"],"publishingPrinciples":"https:\/\/hobierotikshop.com.tr\/website1\/mesafeli-satis-sozlesmesi\/","ownershipFundingInfo":"https:\/\/hobierotikshop.com.tr\/website1\/contact-us\/","actionableFeedbackPolicy":"https:\/\/hobierotikshop.com.tr\/website1\/contact-us\/","correctionsPolicy":"https:\/\/hobierotikshop.com.tr\/website1\/mesafeli-satis-sozlesmesi\/"}]},"product_brand":"Pembe Tilki","product_price_amount":"250.00","product_price_currency":"TRY","og_availability":"instock","product_availability":"instock","product_retailer_item_id":"PT-ECXF021","product_condition":"new"},"_links":{"self":[{"href":"https:\/\/haremerotikshop.com\/site\/wp-json\/wp\/v2\/product\/18310","targetHints":{"allow":["GET"]}}],"collection":[{"href":"https:\/\/haremerotikshop.com\/site\/wp-json\/wp\/v2\/product"}],"about":[{"href":"https:\/\/haremerotikshop.com\/site\/wp-json\/wp\/v2\/types\/product"}],"replies":[{"embeddable":true,"href":"https:\/\/haremerotikshop.com\/site\/wp-json\/wp\/v2\/comments?post=18310"}],"version-history":[{"count":0,"href":"https:\/\/haremerotikshop.com\/site\/wp-json\/wp\/v2\/product\/18310\/revisions"}],"wp:featuredmedia":[{"embeddable":true,"href":"https:\/\/haremerotikshop.com\/site\/wp-json\/wp\/v2\/media\/18412"}],"wp:attachment":[{"href":"https:\/\/haremerotikshop.com\/site\/wp-json\/wp\/v2\/media?parent=18310"}],"wp:term":[{"taxonomy":"product_brand","embeddable":true,"href":"https:\/\/haremerotikshop.com\/site\/wp-json\/wp\/v2\/product_brand?post=18310"},{"taxonomy":"product_cat","embeddable":true,"href":"https:\/\/haremerotikshop.com\/site\/wp-json\/wp\/v2\/product_cat?post=18310"},{"taxonomy":"product_tag","embeddable":true,"href":"https:\/\/haremerotikshop.com\/site\/wp-json\/wp\/v2\/product_tag?post=18310"}],"curies":[{"name":"wp","href":"https:\/\/api.w.org\/{rel}","templated":true}]}}