{"id":18316,"date":"2025-03-17T12:14:33","date_gmt":"2025-03-17T09:14:33","guid":{"rendered":"https:\/\/haremerotikshop.com\/site\/?post_type=product&#038;p=18316"},"modified":"2026-01-27T11:57:17","modified_gmt":"2026-01-27T08:57:17","slug":"silikon-seffaf-mavi-realistik-dildo-175-cm","status":"publish","type":"product","link":"https:\/\/haremerotikshop.com\/site\/erotik-shop-urun\/silikon-seffaf-mavi-realistik-dildo-175-cm\/","title":{"rendered":"Silikon \u015eeffaf Mavi Realistik Dildo 17,5 Cm"},"content":{"rendered":"<h3 class=\"\" data-start=\"0\" data-end=\"99\"><strong data-start=\"4\" data-end=\"99\">Silikon \u015eeffaf Renkli Realistik Dildo \u2013 Ger\u00e7ek\u00e7i ve Estetik Cinsel Deneyim \u0130\u00e7in \u0130deal Se\u00e7im<\/strong><\/h3>\n<p class=\"\" data-start=\"101\" data-end=\"707\"><strong data-start=\"101\" data-end=\"142\">Silikon \u015eeffaf Renkli Realistik Dildo<\/strong>, cinsel hayat\u0131n\u0131za renk katmak ve ger\u00e7ek\u00e7i bir deneyim ya\u015famak i\u00e7in m\u00fckemmel bir tercihtir. \u00dcst k\u0131sm\u0131 \u015feffaf, alt k\u0131sm\u0131 ise renkli olan bu dildo, estetik tasar\u0131m\u0131 ve ger\u00e7ek\u00e7i dokusuyla dikkat \u00e7eker. <strong data-start=\"342\" data-end=\"373\">Ger\u00e7ek bir penis g\u00f6r\u00fcn\u00fcm\u00fcn\u00fc<\/strong> and\u0131ran tasar\u0131m\u0131, do\u011fal bir penetrasyon hissi sunar. \u00dcr\u00fcn\u00fcn <strong data-start=\"434\" data-end=\"459\">g\u00fc\u00e7l\u00fc vantuzlu taban\u0131<\/strong>, eller serbest kullan\u0131m imkan\u0131 sa\u011flar ve farkl\u0131 y\u00fczeylere kolayca sabitlenerek istedi\u011finiz pozisyonlarda rahat\u00e7a kullan\u0131labilir. <strong data-start=\"589\" data-end=\"624\">Y\u00fcksek kaliteli silikon malzeme<\/strong> ile \u00fcretilen bu dildo, g\u00fcvenli, dayan\u0131kl\u0131 ve konforlu bir kullan\u0131m deneyimi sunar.<\/p>\n<h3 class=\"\" data-start=\"709\" data-end=\"734\"><strong data-start=\"713\" data-end=\"734\">\u00dcr\u00fcn \u00d6zellikleri:<\/strong><\/h3>\n<ul data-start=\"736\" data-end=\"2072\">\n<li class=\"\" data-start=\"736\" data-end=\"956\">\n<p class=\"\" data-start=\"738\" data-end=\"956\"><strong data-start=\"738\" data-end=\"750\">Malzeme:<\/strong> \u00dcst\u00fcn kaliteli, cilt dostu <strong data-start=\"778\" data-end=\"797\">silikon malzeme<\/strong> kullan\u0131larak \u00fcretilmi\u015ftir. Bu malzeme, uzun \u00f6m\u00fcrl\u00fc ve hijyenik bir kullan\u0131m sa\u011flar. Ayn\u0131 zamanda ciltle uyumlu oldu\u011fu i\u00e7in rahat ve g\u00fcvenli bir deneyim sunar.<\/p>\n<\/li>\n<li class=\"\" data-start=\"960\" data-end=\"1149\">\n<p class=\"\" data-start=\"962\" data-end=\"1149\"><strong data-start=\"962\" data-end=\"972\">Boyut:<\/strong> <strong data-start=\"973\" data-end=\"996\">17,5 cm uzunlu\u011funda<\/strong> olan bu dildo, ger\u00e7ek\u00e7i boyutlar\u0131yla kullan\u0131c\u0131ya tatmin edici bir deneyim sunar. <strong data-start=\"1078\" data-end=\"1101\">Do\u011fal kal\u0131p ve doku<\/strong> sayesinde ger\u00e7ek bir penetrasyon hissi ya\u015fat\u0131r.<\/p>\n<\/li>\n<li class=\"\" data-start=\"1151\" data-end=\"1363\">\n<p class=\"\" data-start=\"1153\" data-end=\"1363\"><strong data-start=\"1153\" data-end=\"1182\">\u015eeffaf ve Renkli Tasar\u0131m:<\/strong> \u00dcst k\u0131sm\u0131 <strong data-start=\"1193\" data-end=\"1203\">\u015feffaf<\/strong>, alt k\u0131sm\u0131 ise <strong data-start=\"1219\" data-end=\"1229\">renkli<\/strong> olan bu dildo, estetik ve g\u00f6rsel a\u00e7\u0131dan etkileyici bir tasar\u0131ma sahiptir. Hem \u015feffaf yap\u0131s\u0131 hem de renkli detay\u0131yla dikkat \u00e7ekicidir.<\/p>\n<\/li>\n<li class=\"\" data-start=\"1365\" data-end=\"1585\">\n<p class=\"\" data-start=\"1367\" data-end=\"1585\"><strong data-start=\"1367\" data-end=\"1385\">Ger\u00e7ek\u00e7i Doku:<\/strong> <strong data-start=\"1386\" data-end=\"1424\">Do\u011fal bir penis g\u00f6r\u00fcn\u00fcm\u00fc ve dokusu<\/strong> ile ger\u00e7ek bir penetrasyon deneyimi sa\u011flar. \u015eeffaf yap\u0131s\u0131, \u00fcr\u00fcn\u00fc estetik a\u00e7\u0131dan cazip hale getirirken, do\u011fal dokusu kullan\u0131c\u0131ya daha ger\u00e7ek\u00e7i bir deneyim sunar.<\/p>\n<\/li>\n<li class=\"\" data-start=\"1587\" data-end=\"1813\">\n<p class=\"\" data-start=\"1589\" data-end=\"1813\"><strong data-start=\"1589\" data-end=\"1608\">Vantuzlu Taban:<\/strong> <strong data-start=\"1609\" data-end=\"1634\">G\u00fc\u00e7l\u00fc vantuzlu taban\u0131<\/strong>, farkl\u0131 y\u00fczeylere kolayca sabitlenir ve <strong data-start=\"1675\" data-end=\"1701\">eller serbest kullan\u0131m<\/strong> imkan\u0131 sa\u011flar. Bu \u00f6zellik, her pozisyonda rahat\u00e7a kullan\u0131labilir ve \u00e7e\u015fitli deneyimler ya\u015faman\u0131za olanak tan\u0131r.<\/p>\n<\/li>\n<li class=\"\" data-start=\"1815\" data-end=\"2072\">\n<p class=\"\" data-start=\"1817\" data-end=\"2072\"><strong data-start=\"1817\" data-end=\"1836\">Kolay Temizlik:<\/strong> Kullan\u0131m sonras\u0131nda h\u0131zl\u0131 ve kolay temizlik sa\u011flar. <strong data-start=\"1889\" data-end=\"1913\">Il\u0131ml\u0131 su ve sabunla<\/strong> temizleyebilir, ard\u0131ndan uygun bir ortamda saklayarak hijyenik bir \u015fekilde uzun s\u00fcre kullanabilirsiniz. Ayr\u0131ca \u00f6zel oyuncak temizleyicileri de kullan\u0131labilir.<\/p>\n<\/li>\n<\/ul>\n<h3 class=\"\" data-start=\"2074\" data-end=\"2097\"><strong data-start=\"2078\" data-end=\"2097\">\u00dcr\u00fcn Faydalar\u0131:<\/strong><\/h3>\n<ul data-start=\"2099\" data-end=\"2884\">\n<li class=\"\" data-start=\"2099\" data-end=\"2271\">\n<p class=\"\" data-start=\"2101\" data-end=\"2271\"><strong data-start=\"2101\" data-end=\"2125\">Estetik ve Ger\u00e7ek\u00e7i:<\/strong> <strong data-start=\"2126\" data-end=\"2146\">\u015eeffaf ve renkli<\/strong> tasar\u0131m\u0131 ile dikkat \u00e7eker. Ger\u00e7ek bir penis g\u00f6r\u00fcn\u00fcm\u00fcn\u00fc and\u0131ran yap\u0131s\u0131 sayesinde <strong data-start=\"2227\" data-end=\"2264\">ger\u00e7ek\u00e7i bir penetrasyon deneyimi<\/strong> sunar.<\/p>\n<\/li>\n<li class=\"\" data-start=\"2273\" data-end=\"2457\">\n<p class=\"\" data-start=\"2275\" data-end=\"2457\"><strong data-start=\"2275\" data-end=\"2302\">Eller Serbest Kullan\u0131m:<\/strong> <strong data-start=\"2303\" data-end=\"2322\">Vantuzlu taban\u0131<\/strong>, \u00fcr\u00fcn\u00fc <strong data-start=\"2330\" data-end=\"2347\">eller serbest<\/strong> kullanman\u0131za imkan verir. Farkl\u0131 y\u00fczeylere sabitleyebilir ve pozisyonlar\u0131n\u0131za g\u00f6re rahat\u00e7a kullanabilirsiniz.<\/p>\n<\/li>\n<li class=\"\" data-start=\"2459\" data-end=\"2671\">\n<p class=\"\" data-start=\"2461\" data-end=\"2671\"><strong data-start=\"2461\" data-end=\"2479\">Y\u00fcksek Kalite:<\/strong> <strong data-start=\"2480\" data-end=\"2515\">Y\u00fcksek kaliteli silikon malzeme<\/strong>, dayan\u0131kl\u0131, g\u00fcvenli ve uzun \u00f6m\u00fcrl\u00fc bir kullan\u0131m deneyimi sa\u011flar. \u00dcr\u00fcn, hem estetik hem de fonksiyonel a\u00e7\u0131dan kullan\u0131c\u0131 memnuniyetini en \u00fcst d\u00fczeye \u00e7\u0131kar\u0131r.<\/p>\n<\/li>\n<li class=\"\" data-start=\"2673\" data-end=\"2884\">\n<p class=\"\" data-start=\"2675\" data-end=\"2884\"><strong data-start=\"2675\" data-end=\"2703\">Kolay Temizlik ve Bak\u0131m:<\/strong> \u00dcr\u00fcn, <strong data-start=\"2710\" data-end=\"2734\">kolay temizlenebilir<\/strong> ve <strong data-start=\"2738\" data-end=\"2754\">bak\u0131m\u0131 kolay<\/strong> bir yap\u0131ya sahiptir. Kullan\u0131m sonras\u0131 h\u0131zla temizlenebilir, hijyenik olarak saklanabilir ve her seferinde taze bir deneyim sunar.<\/p>\n<\/li>\n<\/ul>\n<h3 class=\"\" data-start=\"2886\" data-end=\"2913\"><strong data-start=\"2890\" data-end=\"2913\">Kullan\u0131m \u00d6nerileri:<\/strong><\/h3>\n<ul data-start=\"2915\" data-end=\"3331\">\n<li class=\"\" data-start=\"2915\" data-end=\"3143\">\n<p class=\"\" data-start=\"2917\" data-end=\"3143\"><strong data-start=\"2917\" data-end=\"2947\">Kayganla\u015ft\u0131r\u0131c\u0131 Kullan\u0131m\u0131:<\/strong> \u00dcr\u00fcn\u00fc kullanmadan \u00f6nce, daha rahat bir penetrasyon deneyimi sa\u011flamak i\u00e7in <strong data-start=\"3022\" data-end=\"3050\">su bazl\u0131 kayganla\u015ft\u0131r\u0131c\u0131<\/strong> kullanman\u0131z tavsiye edilir. Bu, s\u00fcrt\u00fcnmeyi azaltarak deneyiminizi daha keyifli hale getirir.<\/p>\n<\/li>\n<li class=\"\" data-start=\"3145\" data-end=\"3331\">\n<p class=\"\" data-start=\"3147\" data-end=\"3331\"><strong data-start=\"3147\" data-end=\"3169\">Temizlik ve Bak\u0131m:<\/strong> Kullan\u0131m sonras\u0131, <strong data-start=\"3188\" data-end=\"3210\">\u0131l\u0131k su ve sabunla<\/strong> temizleyerek hijyenik bir \u015fekilde saklay\u0131n. Uzun \u00f6m\u00fcrl\u00fc kullan\u0131m i\u00e7in serin ve kuru bir ortamda saklamaya \u00f6zen g\u00f6sterin.<\/p>\n<\/li>\n<\/ul>\n<h3 class=\"\" data-start=\"3333\" data-end=\"3347\"><strong data-start=\"3337\" data-end=\"3347\">Sonu\u00e7:<\/strong><\/h3>\n<p class=\"\" data-start=\"3349\" data-end=\"3833\"><strong data-start=\"3349\" data-end=\"3390\">Silikon \u015eeffaf Renkli Realistik Dildo<\/strong>, estetik ve fonksiyonelli\u011fi bir arada sunarak, cinsel deneyimlerinizi zenginle\u015ftirir. Ger\u00e7ek\u00e7i tasar\u0131m\u0131 ve y\u00fcksek kaliteli silikon malzemesiyle g\u00fcvenli bir kullan\u0131m sa\u011flar. <strong data-start=\"3564\" data-end=\"3583\">Vantuzlu taban\u0131<\/strong> sayesinde rahat\u00e7a kullan\u0131labilir ve her pozisyonda \u00f6zg\u00fcrce deneyim ya\u015faman\u0131za olanak tan\u0131r. Cinsel hayat\u0131n\u0131za renk katmak ve daha tatmin edici bir deneyim ya\u015famak istiyorsan\u0131z, <strong data-start=\"3761\" data-end=\"3802\">Silikon \u015eeffaf Renkli Realistik Dildo<\/strong> m\u00fckemmel bir tercih olacakt\u0131r.<\/p>\n<p class=\"\" data-start=\"3835\" data-end=\"3905\"><strong data-start=\"3835\" data-end=\"3905\" data-is-last-node=\"\">\u015eimdi sat\u0131n al\u0131n ve cinsel deneyimlerinizi bir ad\u0131m \u00f6teye ta\u015f\u0131y\u0131n!<\/strong><\/p>\n","protected":false},"excerpt":{"rendered":"<p><strong data-start=\"101\" data-end=\"142\">Silikon \u015eeffaf Renkli Realistik Dildo<\/strong>, cinsel hayat\u0131n\u0131za renk katmak ve ger\u00e7ek\u00e7i bir deneyim ya\u015famak i\u00e7in m\u00fckemmel bir tercihtir. \u00dcst k\u0131sm\u0131 \u015feffaf, alt k\u0131sm\u0131 ise renkli olan bu dildo, estetik tasar\u0131m\u0131 ve ger\u00e7ek\u00e7i dokusuyla dikkat \u00e7eker. <strong data-start=\"342\" data-end=\"373\">Ger\u00e7ek bir penis g\u00f6r\u00fcn\u00fcm\u00fcn\u00fc<\/strong> and\u0131ran tasar\u0131m\u0131, do\u011fal bir penetrasyon hissi sunar. \u00dcr\u00fcn\u00fcn <strong data-start=\"434\" data-end=\"459\">g\u00fc\u00e7l\u00fc vantuzlu taban\u0131<\/strong>, eller serbest kullan\u0131m imkan\u0131 sa\u011flar ve farkl\u0131 y\u00fczeylere kolayca sabitlenerek istedi\u011finiz pozisyonlarda rahat\u00e7a kullan\u0131labilir. <strong data-start=\"589\" data-end=\"624\">Y\u00fcksek kaliteli silikon malzeme<\/strong> ile \u00fcretilen bu dildo, g\u00fcvenli, dayan\u0131kl\u0131 ve konforlu bir kullan\u0131m deneyimi sunar.<\/p>\n","protected":false},"featured_media":18443,"comment_status":"open","ping_status":"closed","template":"","meta":[],"product_brand":[127],"product_cat":[96],"product_tag":[97,116],"class_list":{"0":"post-18316","1":"product","2":"type-product","3":"status-publish","4":"has-post-thumbnail","6":"product_brand-pembe-tilki","7":"product_cat-realistik-dildo","8":"product_tag-5-cm","9":"product_tag-silikon-seffaf-mavi-realistik-dildo-20-cm","11":"first","12":"instock","13":"taxable","14":"shipping-taxable","15":"purchasable","16":"product-type-simple"},"yoast_head":"<!-- This site is optimized with the Yoast SEO Premium plugin v24.4 (Yoast SEO v27.1.1) - https:\/\/yoast.com\/product\/yoast-seo-premium-wordpress\/ -->\n<title>Silikon \u015eeffaf Mavi Realistik Dildo 17,5 Cm - Bursa Erotik Shop<\/title>\n<meta name=\"robots\" content=\"index, follow, max-snippet:-1, max-image-preview:large, max-video-preview:-1\" \/>\n<link rel=\"canonical\" href=\"https:\/\/hobierotikshop.com.tr\/website1\/erotik-shop-urun\/silikon-seffaf-mavi-realistik-dildo-175-cm\/\" \/>\n<meta property=\"og:locale\" content=\"tr_TR\" \/>\n<meta property=\"og:type\" content=\"article\" \/>\n<meta property=\"og:title\" content=\"Silikon \u015eeffaf Mavi Realistik Dildo 17,5 Cm\" \/>\n<meta property=\"og:description\" content=\"Silikon \u015eeffaf Renkli Realistik Dildo, cinsel hayat\u0131n\u0131za renk katmak ve ger\u00e7ek\u00e7i bir deneyim ya\u015famak i\u00e7in m\u00fckemmel bir tercihtir. \u00dcst k\u0131sm\u0131 \u015feffaf, alt k\u0131sm\u0131 ise renkli olan bu dildo, estetik tasar\u0131m\u0131 ve ger\u00e7ek\u00e7i dokusuyla dikkat \u00e7eker. Ger\u00e7ek bir penis g\u00f6r\u00fcn\u00fcm\u00fcn\u00fc and\u0131ran tasar\u0131m\u0131, do\u011fal bir penetrasyon hissi sunar. \u00dcr\u00fcn\u00fcn g\u00fc\u00e7l\u00fc vantuzlu taban\u0131, eller serbest kullan\u0131m imkan\u0131 sa\u011flar ve farkl\u0131 y\u00fczeylere kolayca sabitlenerek istedi\u011finiz pozisyonlarda rahat\u00e7a kullan\u0131labilir. Y\u00fcksek kaliteli silikon malzeme ile \u00fcretilen bu dildo, g\u00fcvenli, dayan\u0131kl\u0131 ve konforlu bir kullan\u0131m deneyimi sunar.\" \/>\n<meta property=\"og:url\" content=\"https:\/\/hobierotikshop.com.tr\/website1\/erotik-shop-urun\/silikon-seffaf-mavi-realistik-dildo-175-cm\/\" \/>\n<meta property=\"og:site_name\" content=\"Bursa Erotik Shop\" \/>\n<meta property=\"article:modified_time\" content=\"2026-01-27T08:57:17+00:00\" \/>\n<meta property=\"og:image\" content=\"https:\/\/hobierotikshop.com.tr\/website1\/wp-content\/uploads\/2025\/03\/silikon-seffaf-renkli-realistik-dildo-17-5-cm-1735-1.jpg\" \/>\n\t<meta property=\"og:image:width\" content=\"1500\" \/>\n\t<meta property=\"og:image:height\" content=\"1500\" \/>\n\t<meta property=\"og:image:type\" content=\"image\/jpeg\" \/>\n<meta name=\"twitter:card\" content=\"summary_large_image\" \/>\n<meta name=\"twitter:site\" content=\"@shopbursa\" \/>\n<meta name=\"twitter:label1\" content=\"Fiyat\" \/>\n\t<meta name=\"twitter:data1\" content=\"&#8378;1.500,00 KDV DAH\u0130L\" \/>\n\t<meta name=\"twitter:label2\" content=\"Availability\" \/>\n\t<meta name=\"twitter:data2\" content=\"In stock\" \/>\n<script type=\"application\/ld+json\" class=\"yoast-schema-graph\">{\"@context\":\"https:\/\/schema.org\",\"@graph\":[{\"@type\":\"WebPage\",\"@id\":\"https:\/\/hobierotikshop.com.tr\/website1\/erotik-shop-urun\/silikon-seffaf-mavi-realistik-dildo-175-cm\/\",\"url\":\"https:\/\/hobierotikshop.com.tr\/website1\/erotik-shop-urun\/silikon-seffaf-mavi-realistik-dildo-175-cm\/\",\"name\":\"Silikon \u015eeffaf Mavi Realistik Dildo 17,5 Cm - Bursa Erotik Shop\",\"isPartOf\":{\"@id\":\"https:\/\/hobierotikshop.com.tr\/website1\/#website\"},\"primaryImageOfPage\":{\"@id\":\"https:\/\/hobierotikshop.com.tr\/website1\/erotik-shop-urun\/silikon-seffaf-mavi-realistik-dildo-175-cm\/#primaryimage\"},\"image\":{\"@id\":\"https:\/\/hobierotikshop.com.tr\/website1\/erotik-shop-urun\/silikon-seffaf-mavi-realistik-dildo-175-cm\/#primaryimage\"},\"thumbnailUrl\":\"https:\/\/haremerotikshop.com\/site\/wp-content\/uploads\/2025\/03\/silikon-seffaf-renkli-realistik-dildo-17-5-cm-1735-1.jpg\",\"datePublished\":\"2025-03-17T09:14:33+00:00\",\"dateModified\":\"2026-01-27T08:57:17+00:00\",\"breadcrumb\":{\"@id\":\"https:\/\/hobierotikshop.com.tr\/website1\/erotik-shop-urun\/silikon-seffaf-mavi-realistik-dildo-175-cm\/#breadcrumb\"},\"inLanguage\":\"tr\",\"potentialAction\":[{\"@type\":\"ReadAction\",\"target\":[\"https:\/\/hobierotikshop.com.tr\/website1\/erotik-shop-urun\/silikon-seffaf-mavi-realistik-dildo-175-cm\/\"]}]},{\"@type\":\"ImageObject\",\"inLanguage\":\"tr\",\"@id\":\"https:\/\/hobierotikshop.com.tr\/website1\/erotik-shop-urun\/silikon-seffaf-mavi-realistik-dildo-175-cm\/#primaryimage\",\"url\":\"https:\/\/haremerotikshop.com\/site\/wp-content\/uploads\/2025\/03\/silikon-seffaf-renkli-realistik-dildo-17-5-cm-1735-1.jpg\",\"contentUrl\":\"https:\/\/haremerotikshop.com\/site\/wp-content\/uploads\/2025\/03\/silikon-seffaf-renkli-realistik-dildo-17-5-cm-1735-1.jpg\",\"width\":1500,\"height\":1500},{\"@type\":\"BreadcrumbList\",\"@id\":\"https:\/\/hobierotikshop.com.tr\/website1\/erotik-shop-urun\/silikon-seffaf-mavi-realistik-dildo-175-cm\/#breadcrumb\",\"itemListElement\":[{\"@type\":\"ListItem\",\"position\":1,\"name\":\"Anasayfa\",\"item\":\"https:\/\/hobierotikshop.com.tr\/website1\/\"},{\"@type\":\"ListItem\",\"position\":2,\"name\":\"Erotik Shop \u00dcr\u00fcnleri\",\"item\":\"https:\/\/hobierotikshop.com.tr\/website1\/shop\/\"},{\"@type\":\"ListItem\",\"position\":3,\"name\":\"Silikon \u015eeffaf Mavi Realistik Dildo 17,5 Cm\"}]},{\"@type\":\"WebSite\",\"@id\":\"https:\/\/hobierotikshop.com.tr\/website1\/#website\",\"url\":\"https:\/\/hobierotikshop.com.tr\/website1\/\",\"name\":\"Bursa Erotik Shop\",\"description\":\"Bursa Erotik Shop ile g\u00fcvenli, gizli ve kaliteli yeti\u015fkin \u00fcr\u00fcnleri al\u0131\u015fveri\u015fi! Geni\u015f \u00fcr\u00fcn yelpazemizi ke\u015ffedin, hemen sipari\u015f verin\",\"publisher\":{\"@id\":\"https:\/\/hobierotikshop.com.tr\/website1\/#organization\"},\"alternateName\":\"Erotik Shop\",\"potentialAction\":[{\"@type\":\"SearchAction\",\"target\":{\"@type\":\"EntryPoint\",\"urlTemplate\":\"https:\/\/hobierotikshop.com.tr\/website1\/?s={search_term_string}\"},\"query-input\":{\"@type\":\"PropertyValueSpecification\",\"valueRequired\":true,\"valueName\":\"search_term_string\"}}],\"inLanguage\":\"tr\"},{\"@type\":\"Organization\",\"@id\":\"https:\/\/hobierotikshop.com.tr\/website1\/#organization\",\"name\":\"Harem Bursa Erotik Shop\",\"url\":\"https:\/\/hobierotikshop.com.tr\/website1\/\",\"logo\":{\"@type\":\"ImageObject\",\"inLanguage\":\"tr\",\"@id\":\"https:\/\/hobierotikshop.com.tr\/website1\/#\/schema\/logo\/image\/\",\"url\":\"https:\/\/haremerotikshop.com\/site\/wp-content\/uploads\/2025\/03\/haremsexshop.png\",\"contentUrl\":\"https:\/\/haremerotikshop.com\/site\/wp-content\/uploads\/2025\/03\/haremsexshop.png\",\"width\":400,\"height\":100,\"caption\":\"Harem Bursa Erotik Shop\"},\"image\":{\"@id\":\"https:\/\/hobierotikshop.com.tr\/website1\/#\/schema\/logo\/image\/\"},\"sameAs\":[\"https:\/\/x.com\/shopbursa\"],\"publishingPrinciples\":\"https:\/\/hobierotikshop.com.tr\/website1\/mesafeli-satis-sozlesmesi\/\",\"ownershipFundingInfo\":\"https:\/\/hobierotikshop.com.tr\/website1\/contact-us\/\",\"actionableFeedbackPolicy\":\"https:\/\/hobierotikshop.com.tr\/website1\/contact-us\/\",\"correctionsPolicy\":\"https:\/\/hobierotikshop.com.tr\/website1\/mesafeli-satis-sozlesmesi\/\"}]}<\/script>\n<meta property=\"product:brand\" content=\"Pembe Tilki\" \/>\n<meta property=\"product:price:amount\" content=\"1500.00\" \/>\n<meta property=\"product:price:currency\" content=\"TRY\" \/>\n<meta property=\"og:availability\" content=\"instock\" \/>\n<meta property=\"product:availability\" content=\"instock\" \/>\n<meta property=\"product:retailer_item_id\" content=\"PT-DVXD00317\" \/>\n<meta property=\"product:condition\" content=\"new\" \/>\n<!-- \/ Yoast SEO Premium plugin. -->","yoast_head_json":{"title":"Silikon \u015eeffaf Mavi Realistik Dildo 17,5 Cm - Bursa Erotik Shop","robots":{"index":"index","follow":"follow","max-snippet":"max-snippet:-1","max-image-preview":"max-image-preview:large","max-video-preview":"max-video-preview:-1"},"canonical":"https:\/\/hobierotikshop.com.tr\/website1\/erotik-shop-urun\/silikon-seffaf-mavi-realistik-dildo-175-cm\/","og_locale":"tr_TR","og_type":"article","og_title":"Silikon \u015eeffaf Mavi Realistik Dildo 17,5 Cm","og_description":"Silikon \u015eeffaf Renkli Realistik Dildo, cinsel hayat\u0131n\u0131za renk katmak ve ger\u00e7ek\u00e7i bir deneyim ya\u015famak i\u00e7in m\u00fckemmel bir tercihtir. \u00dcst k\u0131sm\u0131 \u015feffaf, alt k\u0131sm\u0131 ise renkli olan bu dildo, estetik tasar\u0131m\u0131 ve ger\u00e7ek\u00e7i dokusuyla dikkat \u00e7eker. Ger\u00e7ek bir penis g\u00f6r\u00fcn\u00fcm\u00fcn\u00fc and\u0131ran tasar\u0131m\u0131, do\u011fal bir penetrasyon hissi sunar. \u00dcr\u00fcn\u00fcn g\u00fc\u00e7l\u00fc vantuzlu taban\u0131, eller serbest kullan\u0131m imkan\u0131 sa\u011flar ve farkl\u0131 y\u00fczeylere kolayca sabitlenerek istedi\u011finiz pozisyonlarda rahat\u00e7a kullan\u0131labilir. Y\u00fcksek kaliteli silikon malzeme ile \u00fcretilen bu dildo, g\u00fcvenli, dayan\u0131kl\u0131 ve konforlu bir kullan\u0131m deneyimi sunar.","og_url":"https:\/\/hobierotikshop.com.tr\/website1\/erotik-shop-urun\/silikon-seffaf-mavi-realistik-dildo-175-cm\/","og_site_name":"Bursa Erotik Shop","article_modified_time":"2026-01-27T08:57:17+00:00","og_image":[{"width":1500,"height":1500,"url":"https:\/\/hobierotikshop.com.tr\/website1\/wp-content\/uploads\/2025\/03\/silikon-seffaf-renkli-realistik-dildo-17-5-cm-1735-1.jpg","type":"image\/jpeg"}],"twitter_card":"summary_large_image","twitter_site":"@shopbursa","twitter_misc":{"Fiyat":"&#8378;1.500,00 KDV DAH\u0130L","Availability":"In stock"},"schema":{"@context":"https:\/\/schema.org","@graph":[{"@type":"WebPage","@id":"https:\/\/hobierotikshop.com.tr\/website1\/erotik-shop-urun\/silikon-seffaf-mavi-realistik-dildo-175-cm\/","url":"https:\/\/hobierotikshop.com.tr\/website1\/erotik-shop-urun\/silikon-seffaf-mavi-realistik-dildo-175-cm\/","name":"Silikon \u015eeffaf Mavi Realistik Dildo 17,5 Cm - Bursa Erotik Shop","isPartOf":{"@id":"https:\/\/hobierotikshop.com.tr\/website1\/#website"},"primaryImageOfPage":{"@id":"https:\/\/hobierotikshop.com.tr\/website1\/erotik-shop-urun\/silikon-seffaf-mavi-realistik-dildo-175-cm\/#primaryimage"},"image":{"@id":"https:\/\/hobierotikshop.com.tr\/website1\/erotik-shop-urun\/silikon-seffaf-mavi-realistik-dildo-175-cm\/#primaryimage"},"thumbnailUrl":"https:\/\/haremerotikshop.com\/site\/wp-content\/uploads\/2025\/03\/silikon-seffaf-renkli-realistik-dildo-17-5-cm-1735-1.jpg","datePublished":"2025-03-17T09:14:33+00:00","dateModified":"2026-01-27T08:57:17+00:00","breadcrumb":{"@id":"https:\/\/hobierotikshop.com.tr\/website1\/erotik-shop-urun\/silikon-seffaf-mavi-realistik-dildo-175-cm\/#breadcrumb"},"inLanguage":"tr","potentialAction":[{"@type":"ReadAction","target":["https:\/\/hobierotikshop.com.tr\/website1\/erotik-shop-urun\/silikon-seffaf-mavi-realistik-dildo-175-cm\/"]}]},{"@type":"ImageObject","inLanguage":"tr","@id":"https:\/\/hobierotikshop.com.tr\/website1\/erotik-shop-urun\/silikon-seffaf-mavi-realistik-dildo-175-cm\/#primaryimage","url":"https:\/\/haremerotikshop.com\/site\/wp-content\/uploads\/2025\/03\/silikon-seffaf-renkli-realistik-dildo-17-5-cm-1735-1.jpg","contentUrl":"https:\/\/haremerotikshop.com\/site\/wp-content\/uploads\/2025\/03\/silikon-seffaf-renkli-realistik-dildo-17-5-cm-1735-1.jpg","width":1500,"height":1500},{"@type":"BreadcrumbList","@id":"https:\/\/hobierotikshop.com.tr\/website1\/erotik-shop-urun\/silikon-seffaf-mavi-realistik-dildo-175-cm\/#breadcrumb","itemListElement":[{"@type":"ListItem","position":1,"name":"Anasayfa","item":"https:\/\/hobierotikshop.com.tr\/website1\/"},{"@type":"ListItem","position":2,"name":"Erotik Shop \u00dcr\u00fcnleri","item":"https:\/\/hobierotikshop.com.tr\/website1\/shop\/"},{"@type":"ListItem","position":3,"name":"Silikon \u015eeffaf Mavi Realistik Dildo 17,5 Cm"}]},{"@type":"WebSite","@id":"https:\/\/hobierotikshop.com.tr\/website1\/#website","url":"https:\/\/hobierotikshop.com.tr\/website1\/","name":"Bursa Erotik Shop","description":"Bursa Erotik Shop ile g\u00fcvenli, gizli ve kaliteli yeti\u015fkin \u00fcr\u00fcnleri al\u0131\u015fveri\u015fi! Geni\u015f \u00fcr\u00fcn yelpazemizi ke\u015ffedin, hemen sipari\u015f verin","publisher":{"@id":"https:\/\/hobierotikshop.com.tr\/website1\/#organization"},"alternateName":"Erotik Shop","potentialAction":[{"@type":"SearchAction","target":{"@type":"EntryPoint","urlTemplate":"https:\/\/hobierotikshop.com.tr\/website1\/?s={search_term_string}"},"query-input":{"@type":"PropertyValueSpecification","valueRequired":true,"valueName":"search_term_string"}}],"inLanguage":"tr"},{"@type":"Organization","@id":"https:\/\/hobierotikshop.com.tr\/website1\/#organization","name":"Harem Bursa Erotik Shop","url":"https:\/\/hobierotikshop.com.tr\/website1\/","logo":{"@type":"ImageObject","inLanguage":"tr","@id":"https:\/\/hobierotikshop.com.tr\/website1\/#\/schema\/logo\/image\/","url":"https:\/\/haremerotikshop.com\/site\/wp-content\/uploads\/2025\/03\/haremsexshop.png","contentUrl":"https:\/\/haremerotikshop.com\/site\/wp-content\/uploads\/2025\/03\/haremsexshop.png","width":400,"height":100,"caption":"Harem Bursa Erotik Shop"},"image":{"@id":"https:\/\/hobierotikshop.com.tr\/website1\/#\/schema\/logo\/image\/"},"sameAs":["https:\/\/x.com\/shopbursa"],"publishingPrinciples":"https:\/\/hobierotikshop.com.tr\/website1\/mesafeli-satis-sozlesmesi\/","ownershipFundingInfo":"https:\/\/hobierotikshop.com.tr\/website1\/contact-us\/","actionableFeedbackPolicy":"https:\/\/hobierotikshop.com.tr\/website1\/contact-us\/","correctionsPolicy":"https:\/\/hobierotikshop.com.tr\/website1\/mesafeli-satis-sozlesmesi\/"}]},"product_brand":"Pembe Tilki","product_price_amount":"1500.00","product_price_currency":"TRY","og_availability":"instock","product_availability":"instock","product_retailer_item_id":"PT-DVXD00317","product_condition":"new"},"_links":{"self":[{"href":"https:\/\/haremerotikshop.com\/site\/wp-json\/wp\/v2\/product\/18316","targetHints":{"allow":["GET"]}}],"collection":[{"href":"https:\/\/haremerotikshop.com\/site\/wp-json\/wp\/v2\/product"}],"about":[{"href":"https:\/\/haremerotikshop.com\/site\/wp-json\/wp\/v2\/types\/product"}],"replies":[{"embeddable":true,"href":"https:\/\/haremerotikshop.com\/site\/wp-json\/wp\/v2\/comments?post=18316"}],"version-history":[{"count":0,"href":"https:\/\/haremerotikshop.com\/site\/wp-json\/wp\/v2\/product\/18316\/revisions"}],"wp:featuredmedia":[{"embeddable":true,"href":"https:\/\/haremerotikshop.com\/site\/wp-json\/wp\/v2\/media\/18443"}],"wp:attachment":[{"href":"https:\/\/haremerotikshop.com\/site\/wp-json\/wp\/v2\/media?parent=18316"}],"wp:term":[{"taxonomy":"product_brand","embeddable":true,"href":"https:\/\/haremerotikshop.com\/site\/wp-json\/wp\/v2\/product_brand?post=18316"},{"taxonomy":"product_cat","embeddable":true,"href":"https:\/\/haremerotikshop.com\/site\/wp-json\/wp\/v2\/product_cat?post=18316"},{"taxonomy":"product_tag","embeddable":true,"href":"https:\/\/haremerotikshop.com\/site\/wp-json\/wp\/v2\/product_tag?post=18316"}],"curies":[{"name":"wp","href":"https:\/\/api.w.org\/{rel}","templated":true}]}}