{"id":18317,"date":"2025-03-17T12:14:33","date_gmt":"2025-03-17T09:14:33","guid":{"rendered":"https:\/\/haremerotikshop.com\/site\/?post_type=product&#038;p=18317"},"modified":"2026-01-27T11:57:26","modified_gmt":"2026-01-27T08:57:26","slug":"silikon-seffaf-mavi-realistik-dildo-20-cm","status":"publish","type":"product","link":"https:\/\/haremerotikshop.com\/site\/erotik-shop-urun\/silikon-seffaf-mavi-realistik-dildo-20-cm\/","title":{"rendered":"Silikon \u015eeffaf Mavi Realistik Dildo 20 Cm"},"content":{"rendered":"<h3 class=\"\" data-start=\"0\" data-end=\"88\"><strong data-start=\"4\" data-end=\"88\">Silikon \u015eeffaf Renkli Realistik Dildo \u2013 Ger\u00e7ek\u00e7i Cinsel Deneyim i\u00e7in \u0130deal Se\u00e7im<\/strong><\/h3>\n<p class=\"\" data-start=\"90\" data-end=\"490\"><strong data-start=\"90\" data-end=\"131\">Silikon \u015eeffaf Renkli Realistik Dildo<\/strong>, cinsel deneyimlerinizi daha renkli ve heyecan verici hale getirmek i\u00e7in \u00f6zenle tasarlanm\u0131\u015f bir \u00fcr\u00fcnd\u00fcr. Ger\u00e7ek bir penisi and\u0131ran yap\u0131s\u0131, <strong data-start=\"271\" data-end=\"291\">\u00fcst k\u0131sm\u0131 \u015feffaf<\/strong>, <strong data-start=\"293\" data-end=\"317\">alt k\u0131sm\u0131 ise renkli<\/strong> olan tasar\u0131m\u0131yla g\u00f6rsel olarak dikkat \u00e7eker. G\u00fc\u00e7l\u00fc <strong data-start=\"369\" data-end=\"388\">vantuzlu taban\u0131<\/strong>, <strong data-start=\"390\" data-end=\"416\">eller serbest kullan\u0131m<\/strong> imkan\u0131 sunar, bu sayede istedi\u011finiz pozisyonda rahat\u00e7a kullanabilirsiniz.<\/p>\n<h3 class=\"\" data-start=\"492\" data-end=\"517\"><strong data-start=\"496\" data-end=\"517\">\u00dcr\u00fcn \u00d6zellikleri:<\/strong><\/h3>\n<ul data-start=\"519\" data-end=\"1476\">\n<li class=\"\" data-start=\"519\" data-end=\"678\">\n<p class=\"\" data-start=\"521\" data-end=\"678\"><strong data-start=\"521\" data-end=\"533\">Malzeme:<\/strong> Y\u00fcksek kaliteli, <strong data-start=\"551\" data-end=\"573\">cilt dostu silikon<\/strong> malzemeden \u00fcretilmi\u015ftir. Sa\u011fl\u0131k a\u00e7\u0131s\u0131ndan g\u00fcvenli ve dayan\u0131kl\u0131 bir kullan\u0131m sa\u011flar, v\u00fccuda zarar vermez.<\/p>\n<\/li>\n<li class=\"\" data-start=\"680\" data-end=\"851\">\n<p class=\"\" data-start=\"682\" data-end=\"851\"><strong data-start=\"682\" data-end=\"692\">Boyut:<\/strong> Yakla\u015f\u0131k <strong data-start=\"702\" data-end=\"723\">20 cm uzunlu\u011funda<\/strong>, ideal boyutlar\u0131yla konforlu bir kullan\u0131m sunar. Ger\u00e7ek\u00e7i bir kal\u0131p tasar\u0131m\u0131 ile her seferinde tatmin edici bir deneyim sa\u011flar.<\/p>\n<\/li>\n<li class=\"\" data-start=\"853\" data-end=\"1066\">\n<p class=\"\" data-start=\"855\" data-end=\"1066\"><strong data-start=\"855\" data-end=\"884\">\u015eeffaf ve Renkli Tasar\u0131m:<\/strong> Dikkat \u00e7ekici <strong data-start=\"899\" data-end=\"913\">\u015feffaf \u00fcst<\/strong> ve <strong data-start=\"917\" data-end=\"937\">renkli alt k\u0131s\u0131m<\/strong> tasar\u0131m\u0131, estetik a\u00e7\u0131dan g\u00f6z al\u0131c\u0131d\u0131r. Bu \u00f6zg\u00fcn tasar\u0131m, hem g\u00f6rsel olarak hem de kullan\u0131m a\u00e7\u0131s\u0131ndan son derece tatmin edicidir.<\/p>\n<\/li>\n<li class=\"\" data-start=\"1068\" data-end=\"1255\">\n<p class=\"\" data-start=\"1070\" data-end=\"1255\"><strong data-start=\"1070\" data-end=\"1099\">Ger\u00e7ek\u00e7i Doku ve Tasar\u0131m:<\/strong> \u00dcr\u00fcn, <strong data-start=\"1106\" data-end=\"1135\">ger\u00e7ek bir penis g\u00f6r\u00fcn\u00fcm\u00fc<\/strong> ve <strong data-start=\"1139\" data-end=\"1155\">do\u011fal dokusu<\/strong> ile tasarlanm\u0131\u015ft\u0131r. Kullan\u0131c\u0131ya, ger\u00e7ek\u00e7i bir penetrasyon hissi sunarak daha yo\u011fun bir zevk sa\u011flar.<\/p>\n<\/li>\n<li class=\"\" data-start=\"1257\" data-end=\"1476\">\n<p class=\"\" data-start=\"1259\" data-end=\"1476\"><strong data-start=\"1259\" data-end=\"1278\">Vantuzlu Taban:<\/strong> G\u00fc\u00e7l\u00fc <strong data-start=\"1285\" data-end=\"1302\">vantuz taban\u0131<\/strong>, \u00fcr\u00fcn\u00fc farkl\u0131 y\u00fczeylere sabitlemenizi sa\u011flar. Elleriniz serbest kalarak \u00e7e\u015fitli pozisyonlarda rahat\u00e7a kullanabilir, cinsel deneyiminizi daha heyecanl\u0131 hale getirebilirsiniz.<\/p>\n<\/li>\n<\/ul>\n<h3 class=\"\" data-start=\"1478\" data-end=\"1501\"><strong data-start=\"1482\" data-end=\"1501\">\u00dcr\u00fcn Faydalar\u0131:<\/strong><\/h3>\n<ul data-start=\"1503\" data-end=\"2310\">\n<li class=\"\" data-start=\"1503\" data-end=\"1673\">\n<p class=\"\" data-start=\"1505\" data-end=\"1673\"><strong data-start=\"1505\" data-end=\"1537\">Estetik ve Ger\u00e7ek\u00e7i Deneyim:<\/strong> <strong data-start=\"1538\" data-end=\"1566\">\u015eeffaf ve renkli tasar\u0131m<\/strong> ile g\u00f6rsel bir \u015f\u00f6len sunar. Ger\u00e7ek bir penisi and\u0131ran dokusu ile kullan\u0131c\u0131ya ger\u00e7ek\u00e7i bir deneyim ya\u015fat\u0131r.<\/p>\n<\/li>\n<li class=\"\" data-start=\"1675\" data-end=\"1894\">\n<p class=\"\" data-start=\"1677\" data-end=\"1894\"><strong data-start=\"1677\" data-end=\"1704\">Eller Serbest Kullan\u0131m:<\/strong> G\u00fc\u00e7l\u00fc vantuzlu taban\u0131 sayesinde, \u00fcr\u00fcn\u00fc farkl\u0131 y\u00fczeylere sabitleyebilir ve <strong data-start=\"1779\" data-end=\"1796\">eller serbest<\/strong> kullan\u0131m avantaj\u0131ndan faydalanabilirsiniz. Farkl\u0131 pozisyonlarda deneyim ya\u015faman\u0131z\u0131 kolayla\u015ft\u0131r\u0131r.<\/p>\n<\/li>\n<li class=\"\" data-start=\"1896\" data-end=\"2076\">\n<p class=\"\" data-start=\"1898\" data-end=\"2076\"><strong data-start=\"1898\" data-end=\"1928\">Y\u00fcksek Kalite ve G\u00fcvenlik:<\/strong> Sa\u011flam ve dayan\u0131kl\u0131 silikon malzeme, g\u00fcvenli ve uzun \u00f6m\u00fcrl\u00fc kullan\u0131m sa\u011flar. Cilt dostu yap\u0131s\u0131 sayesinde herhangi bir alerjik reaksiyona yol a\u00e7maz.<\/p>\n<\/li>\n<li class=\"\" data-start=\"2078\" data-end=\"2310\">\n<p class=\"\" data-start=\"2080\" data-end=\"2310\"><strong data-start=\"2080\" data-end=\"2108\">Kolay Temizlik ve Bak\u0131m:<\/strong> \u00dcr\u00fcn, kullan\u0131m sonras\u0131 h\u0131zl\u0131ca temizlenebilir. Il\u0131k su ve sabun ile y\u0131kand\u0131ktan sonra hijyenik bir \u015fekilde saklanabilir. Ayr\u0131ca \u00f6zel oyuncak temizleyicileri ile daha derinlemesine temizlik yap\u0131labilir.<\/p>\n<\/li>\n<\/ul>\n<h3 class=\"\" data-start=\"2312\" data-end=\"2337\"><strong data-start=\"2316\" data-end=\"2337\">Kullan\u0131m \u00d6nerisi:<\/strong><\/h3>\n<ul data-start=\"2339\" data-end=\"2837\">\n<li class=\"\" data-start=\"2339\" data-end=\"2554\">\n<p class=\"\" data-start=\"2341\" data-end=\"2554\"><strong data-start=\"2341\" data-end=\"2371\">Kayganla\u015ft\u0131r\u0131c\u0131 Kullan\u0131m\u0131:<\/strong> Daha rahat ve konforlu bir deneyim i\u00e7in <strong data-start=\"2412\" data-end=\"2444\">su bazl\u0131 kayganla\u015ft\u0131r\u0131c\u0131 jel<\/strong> kullanman\u0131z\u0131 \u00f6neririz. Bu, daha fazla kayganl\u0131k sa\u011flar ve s\u00fcrt\u00fcnmeyi azaltarak deneyimi keyifli hale getirir.<\/p>\n<\/li>\n<li class=\"\" data-start=\"2556\" data-end=\"2837\">\n<p class=\"\" data-start=\"2558\" data-end=\"2837\"><strong data-start=\"2558\" data-end=\"2580\">Temizlik ve Bak\u0131m:<\/strong> \u00dcr\u00fcn\u00fc kullan\u0131mdan sonra <strong data-start=\"2605\" data-end=\"2625\">\u0131l\u0131k su ve sabun<\/strong> ile temizleyin. Ayr\u0131ca, hijyenik bir kullan\u0131m i\u00e7in \u00f6zel oyuncak temizleyicilerini tercih edebilirsiniz. Temizledikten sonra, \u00fcr\u00fcn\u00fc <strong data-start=\"2757\" data-end=\"2786\">serin ve kuru bir ortamda<\/strong> saklayarak uzun \u00f6m\u00fcrl\u00fc kullan\u0131m sa\u011flayabilirsiniz.<\/p>\n<\/li>\n<\/ul>\n<h3 class=\"\" data-start=\"2839\" data-end=\"2853\"><strong data-start=\"2843\" data-end=\"2853\">Sonu\u00e7:<\/strong><\/h3>\n<p class=\"\" data-start=\"2855\" data-end=\"3346\"><strong data-start=\"2855\" data-end=\"2896\">Silikon \u015eeffaf Renkli Realistik Dildo<\/strong>, estetik tasar\u0131m\u0131 ve ger\u00e7ek\u00e7i dokusuyla cinsel deneyimlerinizi daha keyifli ve heyecanl\u0131 hale getirecek m\u00fckemmel bir \u00fcr\u00fcnd\u00fcr. <strong data-start=\"3023\" data-end=\"3042\">Vantuzlu taban\u0131<\/strong> sayesinde eller serbest kullan\u0131m imkan\u0131 sunarak her pozisyonda rahat\u00e7a kullan\u0131labilir. <strong data-start=\"3130\" data-end=\"3167\">Y\u00fcksek kaliteli silikon malzemesi<\/strong> ile g\u00fcvenli ve uzun s\u00fcreli kullan\u0131m sa\u011flar. Cinsel ya\u015fam\u0131n\u0131za heyecan katmak ve unutulmaz bir deneyim ya\u015famak i\u00e7in <strong data-start=\"3283\" data-end=\"3324\">Silikon \u015eeffaf Renkli Realistik Dildo<\/strong> harika bir tercihtir.<\/p>\n","protected":false},"excerpt":{"rendered":"<p><strong data-start=\"90\" data-end=\"131\">Silikon \u015eeffaf Renkli Realistik Dildo<\/strong>, cinsel deneyimlerinizi daha renkli ve heyecan verici hale getirmek i\u00e7in \u00f6zenle tasarlanm\u0131\u015f bir \u00fcr\u00fcnd\u00fcr. Ger\u00e7ek bir penisi and\u0131ran yap\u0131s\u0131, <strong data-start=\"271\" data-end=\"291\">\u00fcst k\u0131sm\u0131 \u015feffaf<\/strong>, <strong data-start=\"293\" data-end=\"317\">alt k\u0131sm\u0131 ise renkli<\/strong> olan tasar\u0131m\u0131yla g\u00f6rsel olarak dikkat \u00e7eker. G\u00fc\u00e7l\u00fc <strong data-start=\"369\" data-end=\"388\">vantuzlu taban\u0131<\/strong>, <strong data-start=\"390\" data-end=\"416\">eller serbest kullan\u0131m<\/strong> imkan\u0131 sunar, bu sayede istedi\u011finiz pozisyonda rahat\u00e7a kullanabilirsiniz.<\/p>\n","protected":false},"featured_media":18448,"comment_status":"open","ping_status":"closed","template":"","meta":[],"product_brand":[127],"product_cat":[96],"product_tag":[116],"class_list":{"0":"post-18317","1":"product","2":"type-product","3":"status-publish","4":"has-post-thumbnail","6":"product_brand-pembe-tilki","7":"product_cat-realistik-dildo","8":"product_tag-silikon-seffaf-mavi-realistik-dildo-20-cm","10":"first","11":"instock","12":"taxable","13":"shipping-taxable","14":"purchasable","15":"product-type-simple"},"yoast_head":"<!-- This site is optimized with the Yoast SEO Premium plugin v24.4 (Yoast SEO v27.1.1) - https:\/\/yoast.com\/product\/yoast-seo-premium-wordpress\/ -->\n<title>Silikon \u015eeffaf Mavi Realistik Dildo 20 Cm - Bursa Erotik Shop<\/title>\n<meta name=\"robots\" content=\"index, follow, max-snippet:-1, max-image-preview:large, max-video-preview:-1\" \/>\n<link rel=\"canonical\" href=\"https:\/\/hobierotikshop.com.tr\/website1\/erotik-shop-urun\/silikon-seffaf-mavi-realistik-dildo-20-cm\/\" \/>\n<meta property=\"og:locale\" content=\"tr_TR\" \/>\n<meta property=\"og:type\" content=\"article\" \/>\n<meta property=\"og:title\" content=\"Silikon \u015eeffaf Mavi Realistik Dildo 20 Cm\" \/>\n<meta property=\"og:description\" content=\"Silikon \u015eeffaf Renkli Realistik Dildo, cinsel deneyimlerinizi daha renkli ve heyecan verici hale getirmek i\u00e7in \u00f6zenle tasarlanm\u0131\u015f bir \u00fcr\u00fcnd\u00fcr. Ger\u00e7ek bir penisi and\u0131ran yap\u0131s\u0131, \u00fcst k\u0131sm\u0131 \u015feffaf, alt k\u0131sm\u0131 ise renkli olan tasar\u0131m\u0131yla g\u00f6rsel olarak dikkat \u00e7eker. G\u00fc\u00e7l\u00fc vantuzlu taban\u0131, eller serbest kullan\u0131m imkan\u0131 sunar, bu sayede istedi\u011finiz pozisyonda rahat\u00e7a kullanabilirsiniz.\" \/>\n<meta property=\"og:url\" content=\"https:\/\/hobierotikshop.com.tr\/website1\/erotik-shop-urun\/silikon-seffaf-mavi-realistik-dildo-20-cm\/\" \/>\n<meta property=\"og:site_name\" content=\"Bursa Erotik Shop\" \/>\n<meta property=\"article:modified_time\" content=\"2026-01-27T08:57:26+00:00\" \/>\n<meta property=\"og:image\" content=\"https:\/\/hobierotikshop.com.tr\/website1\/wp-content\/uploads\/2025\/03\/silikon-seffaf-renkli-realistik-dildo-20-cm-1739-1.jpg\" \/>\n\t<meta property=\"og:image:width\" content=\"1500\" \/>\n\t<meta property=\"og:image:height\" content=\"1500\" \/>\n\t<meta property=\"og:image:type\" content=\"image\/jpeg\" \/>\n<meta name=\"twitter:card\" content=\"summary_large_image\" \/>\n<meta name=\"twitter:site\" content=\"@shopbursa\" \/>\n<meta name=\"twitter:label1\" content=\"Fiyat\" \/>\n\t<meta name=\"twitter:data1\" content=\"&#8378;1.500,00 KDV DAH\u0130L\" \/>\n\t<meta name=\"twitter:label2\" content=\"Availability\" \/>\n\t<meta name=\"twitter:data2\" content=\"In stock\" \/>\n<script type=\"application\/ld+json\" class=\"yoast-schema-graph\">{\"@context\":\"https:\/\/schema.org\",\"@graph\":[{\"@type\":\"WebPage\",\"@id\":\"https:\/\/hobierotikshop.com.tr\/website1\/erotik-shop-urun\/silikon-seffaf-mavi-realistik-dildo-20-cm\/\",\"url\":\"https:\/\/hobierotikshop.com.tr\/website1\/erotik-shop-urun\/silikon-seffaf-mavi-realistik-dildo-20-cm\/\",\"name\":\"Silikon \u015eeffaf Mavi Realistik Dildo 20 Cm - Bursa Erotik Shop\",\"isPartOf\":{\"@id\":\"https:\/\/hobierotikshop.com.tr\/website1\/#website\"},\"primaryImageOfPage\":{\"@id\":\"https:\/\/hobierotikshop.com.tr\/website1\/erotik-shop-urun\/silikon-seffaf-mavi-realistik-dildo-20-cm\/#primaryimage\"},\"image\":{\"@id\":\"https:\/\/hobierotikshop.com.tr\/website1\/erotik-shop-urun\/silikon-seffaf-mavi-realistik-dildo-20-cm\/#primaryimage\"},\"thumbnailUrl\":\"https:\/\/haremerotikshop.com\/site\/wp-content\/uploads\/2025\/03\/silikon-seffaf-renkli-realistik-dildo-20-cm-1739-1.jpg\",\"datePublished\":\"2025-03-17T09:14:33+00:00\",\"dateModified\":\"2026-01-27T08:57:26+00:00\",\"breadcrumb\":{\"@id\":\"https:\/\/hobierotikshop.com.tr\/website1\/erotik-shop-urun\/silikon-seffaf-mavi-realistik-dildo-20-cm\/#breadcrumb\"},\"inLanguage\":\"tr\",\"potentialAction\":[{\"@type\":\"ReadAction\",\"target\":[\"https:\/\/hobierotikshop.com.tr\/website1\/erotik-shop-urun\/silikon-seffaf-mavi-realistik-dildo-20-cm\/\"]}]},{\"@type\":\"ImageObject\",\"inLanguage\":\"tr\",\"@id\":\"https:\/\/hobierotikshop.com.tr\/website1\/erotik-shop-urun\/silikon-seffaf-mavi-realistik-dildo-20-cm\/#primaryimage\",\"url\":\"https:\/\/haremerotikshop.com\/site\/wp-content\/uploads\/2025\/03\/silikon-seffaf-renkli-realistik-dildo-20-cm-1739-1.jpg\",\"contentUrl\":\"https:\/\/haremerotikshop.com\/site\/wp-content\/uploads\/2025\/03\/silikon-seffaf-renkli-realistik-dildo-20-cm-1739-1.jpg\",\"width\":1500,\"height\":1500},{\"@type\":\"BreadcrumbList\",\"@id\":\"https:\/\/hobierotikshop.com.tr\/website1\/erotik-shop-urun\/silikon-seffaf-mavi-realistik-dildo-20-cm\/#breadcrumb\",\"itemListElement\":[{\"@type\":\"ListItem\",\"position\":1,\"name\":\"Anasayfa\",\"item\":\"https:\/\/hobierotikshop.com.tr\/website1\/\"},{\"@type\":\"ListItem\",\"position\":2,\"name\":\"Erotik Shop \u00dcr\u00fcnleri\",\"item\":\"https:\/\/hobierotikshop.com.tr\/website1\/shop\/\"},{\"@type\":\"ListItem\",\"position\":3,\"name\":\"Silikon \u015eeffaf Mavi Realistik Dildo 20 Cm\"}]},{\"@type\":\"WebSite\",\"@id\":\"https:\/\/hobierotikshop.com.tr\/website1\/#website\",\"url\":\"https:\/\/hobierotikshop.com.tr\/website1\/\",\"name\":\"Bursa Erotik Shop\",\"description\":\"Bursa Erotik Shop ile g\u00fcvenli, gizli ve kaliteli yeti\u015fkin \u00fcr\u00fcnleri al\u0131\u015fveri\u015fi! Geni\u015f \u00fcr\u00fcn yelpazemizi ke\u015ffedin, hemen sipari\u015f verin\",\"publisher\":{\"@id\":\"https:\/\/hobierotikshop.com.tr\/website1\/#organization\"},\"alternateName\":\"Erotik Shop\",\"potentialAction\":[{\"@type\":\"SearchAction\",\"target\":{\"@type\":\"EntryPoint\",\"urlTemplate\":\"https:\/\/hobierotikshop.com.tr\/website1\/?s={search_term_string}\"},\"query-input\":{\"@type\":\"PropertyValueSpecification\",\"valueRequired\":true,\"valueName\":\"search_term_string\"}}],\"inLanguage\":\"tr\"},{\"@type\":\"Organization\",\"@id\":\"https:\/\/hobierotikshop.com.tr\/website1\/#organization\",\"name\":\"Harem Bursa Erotik Shop\",\"url\":\"https:\/\/hobierotikshop.com.tr\/website1\/\",\"logo\":{\"@type\":\"ImageObject\",\"inLanguage\":\"tr\",\"@id\":\"https:\/\/hobierotikshop.com.tr\/website1\/#\/schema\/logo\/image\/\",\"url\":\"https:\/\/haremerotikshop.com\/site\/wp-content\/uploads\/2025\/03\/haremsexshop.png\",\"contentUrl\":\"https:\/\/haremerotikshop.com\/site\/wp-content\/uploads\/2025\/03\/haremsexshop.png\",\"width\":400,\"height\":100,\"caption\":\"Harem Bursa Erotik Shop\"},\"image\":{\"@id\":\"https:\/\/hobierotikshop.com.tr\/website1\/#\/schema\/logo\/image\/\"},\"sameAs\":[\"https:\/\/x.com\/shopbursa\"],\"publishingPrinciples\":\"https:\/\/hobierotikshop.com.tr\/website1\/mesafeli-satis-sozlesmesi\/\",\"ownershipFundingInfo\":\"https:\/\/hobierotikshop.com.tr\/website1\/contact-us\/\",\"actionableFeedbackPolicy\":\"https:\/\/hobierotikshop.com.tr\/website1\/contact-us\/\",\"correctionsPolicy\":\"https:\/\/hobierotikshop.com.tr\/website1\/mesafeli-satis-sozlesmesi\/\"}]}<\/script>\n<meta property=\"product:brand\" content=\"Pembe Tilki\" \/>\n<meta property=\"product:price:amount\" content=\"1500.00\" \/>\n<meta property=\"product:price:currency\" content=\"TRY\" \/>\n<meta property=\"og:availability\" content=\"instock\" \/>\n<meta property=\"product:availability\" content=\"instock\" \/>\n<meta property=\"product:retailer_item_id\" content=\"PT-DVXD00320\" \/>\n<meta property=\"product:condition\" content=\"new\" \/>\n<!-- \/ Yoast SEO Premium plugin. -->","yoast_head_json":{"title":"Silikon \u015eeffaf Mavi Realistik Dildo 20 Cm - Bursa Erotik Shop","robots":{"index":"index","follow":"follow","max-snippet":"max-snippet:-1","max-image-preview":"max-image-preview:large","max-video-preview":"max-video-preview:-1"},"canonical":"https:\/\/hobierotikshop.com.tr\/website1\/erotik-shop-urun\/silikon-seffaf-mavi-realistik-dildo-20-cm\/","og_locale":"tr_TR","og_type":"article","og_title":"Silikon \u015eeffaf Mavi Realistik Dildo 20 Cm","og_description":"Silikon \u015eeffaf Renkli Realistik Dildo, cinsel deneyimlerinizi daha renkli ve heyecan verici hale getirmek i\u00e7in \u00f6zenle tasarlanm\u0131\u015f bir \u00fcr\u00fcnd\u00fcr. Ger\u00e7ek bir penisi and\u0131ran yap\u0131s\u0131, \u00fcst k\u0131sm\u0131 \u015feffaf, alt k\u0131sm\u0131 ise renkli olan tasar\u0131m\u0131yla g\u00f6rsel olarak dikkat \u00e7eker. G\u00fc\u00e7l\u00fc vantuzlu taban\u0131, eller serbest kullan\u0131m imkan\u0131 sunar, bu sayede istedi\u011finiz pozisyonda rahat\u00e7a kullanabilirsiniz.","og_url":"https:\/\/hobierotikshop.com.tr\/website1\/erotik-shop-urun\/silikon-seffaf-mavi-realistik-dildo-20-cm\/","og_site_name":"Bursa Erotik Shop","article_modified_time":"2026-01-27T08:57:26+00:00","og_image":[{"width":1500,"height":1500,"url":"https:\/\/hobierotikshop.com.tr\/website1\/wp-content\/uploads\/2025\/03\/silikon-seffaf-renkli-realistik-dildo-20-cm-1739-1.jpg","type":"image\/jpeg"}],"twitter_card":"summary_large_image","twitter_site":"@shopbursa","twitter_misc":{"Fiyat":"&#8378;1.500,00 KDV DAH\u0130L","Availability":"In stock"},"schema":{"@context":"https:\/\/schema.org","@graph":[{"@type":"WebPage","@id":"https:\/\/hobierotikshop.com.tr\/website1\/erotik-shop-urun\/silikon-seffaf-mavi-realistik-dildo-20-cm\/","url":"https:\/\/hobierotikshop.com.tr\/website1\/erotik-shop-urun\/silikon-seffaf-mavi-realistik-dildo-20-cm\/","name":"Silikon \u015eeffaf Mavi Realistik Dildo 20 Cm - Bursa Erotik Shop","isPartOf":{"@id":"https:\/\/hobierotikshop.com.tr\/website1\/#website"},"primaryImageOfPage":{"@id":"https:\/\/hobierotikshop.com.tr\/website1\/erotik-shop-urun\/silikon-seffaf-mavi-realistik-dildo-20-cm\/#primaryimage"},"image":{"@id":"https:\/\/hobierotikshop.com.tr\/website1\/erotik-shop-urun\/silikon-seffaf-mavi-realistik-dildo-20-cm\/#primaryimage"},"thumbnailUrl":"https:\/\/haremerotikshop.com\/site\/wp-content\/uploads\/2025\/03\/silikon-seffaf-renkli-realistik-dildo-20-cm-1739-1.jpg","datePublished":"2025-03-17T09:14:33+00:00","dateModified":"2026-01-27T08:57:26+00:00","breadcrumb":{"@id":"https:\/\/hobierotikshop.com.tr\/website1\/erotik-shop-urun\/silikon-seffaf-mavi-realistik-dildo-20-cm\/#breadcrumb"},"inLanguage":"tr","potentialAction":[{"@type":"ReadAction","target":["https:\/\/hobierotikshop.com.tr\/website1\/erotik-shop-urun\/silikon-seffaf-mavi-realistik-dildo-20-cm\/"]}]},{"@type":"ImageObject","inLanguage":"tr","@id":"https:\/\/hobierotikshop.com.tr\/website1\/erotik-shop-urun\/silikon-seffaf-mavi-realistik-dildo-20-cm\/#primaryimage","url":"https:\/\/haremerotikshop.com\/site\/wp-content\/uploads\/2025\/03\/silikon-seffaf-renkli-realistik-dildo-20-cm-1739-1.jpg","contentUrl":"https:\/\/haremerotikshop.com\/site\/wp-content\/uploads\/2025\/03\/silikon-seffaf-renkli-realistik-dildo-20-cm-1739-1.jpg","width":1500,"height":1500},{"@type":"BreadcrumbList","@id":"https:\/\/hobierotikshop.com.tr\/website1\/erotik-shop-urun\/silikon-seffaf-mavi-realistik-dildo-20-cm\/#breadcrumb","itemListElement":[{"@type":"ListItem","position":1,"name":"Anasayfa","item":"https:\/\/hobierotikshop.com.tr\/website1\/"},{"@type":"ListItem","position":2,"name":"Erotik Shop \u00dcr\u00fcnleri","item":"https:\/\/hobierotikshop.com.tr\/website1\/shop\/"},{"@type":"ListItem","position":3,"name":"Silikon \u015eeffaf Mavi Realistik Dildo 20 Cm"}]},{"@type":"WebSite","@id":"https:\/\/hobierotikshop.com.tr\/website1\/#website","url":"https:\/\/hobierotikshop.com.tr\/website1\/","name":"Bursa Erotik Shop","description":"Bursa Erotik Shop ile g\u00fcvenli, gizli ve kaliteli yeti\u015fkin \u00fcr\u00fcnleri al\u0131\u015fveri\u015fi! Geni\u015f \u00fcr\u00fcn yelpazemizi ke\u015ffedin, hemen sipari\u015f verin","publisher":{"@id":"https:\/\/hobierotikshop.com.tr\/website1\/#organization"},"alternateName":"Erotik Shop","potentialAction":[{"@type":"SearchAction","target":{"@type":"EntryPoint","urlTemplate":"https:\/\/hobierotikshop.com.tr\/website1\/?s={search_term_string}"},"query-input":{"@type":"PropertyValueSpecification","valueRequired":true,"valueName":"search_term_string"}}],"inLanguage":"tr"},{"@type":"Organization","@id":"https:\/\/hobierotikshop.com.tr\/website1\/#organization","name":"Harem Bursa Erotik Shop","url":"https:\/\/hobierotikshop.com.tr\/website1\/","logo":{"@type":"ImageObject","inLanguage":"tr","@id":"https:\/\/hobierotikshop.com.tr\/website1\/#\/schema\/logo\/image\/","url":"https:\/\/haremerotikshop.com\/site\/wp-content\/uploads\/2025\/03\/haremsexshop.png","contentUrl":"https:\/\/haremerotikshop.com\/site\/wp-content\/uploads\/2025\/03\/haremsexshop.png","width":400,"height":100,"caption":"Harem Bursa Erotik Shop"},"image":{"@id":"https:\/\/hobierotikshop.com.tr\/website1\/#\/schema\/logo\/image\/"},"sameAs":["https:\/\/x.com\/shopbursa"],"publishingPrinciples":"https:\/\/hobierotikshop.com.tr\/website1\/mesafeli-satis-sozlesmesi\/","ownershipFundingInfo":"https:\/\/hobierotikshop.com.tr\/website1\/contact-us\/","actionableFeedbackPolicy":"https:\/\/hobierotikshop.com.tr\/website1\/contact-us\/","correctionsPolicy":"https:\/\/hobierotikshop.com.tr\/website1\/mesafeli-satis-sozlesmesi\/"}]},"product_brand":"Pembe Tilki","product_price_amount":"1500.00","product_price_currency":"TRY","og_availability":"instock","product_availability":"instock","product_retailer_item_id":"PT-DVXD00320","product_condition":"new"},"_links":{"self":[{"href":"https:\/\/haremerotikshop.com\/site\/wp-json\/wp\/v2\/product\/18317","targetHints":{"allow":["GET"]}}],"collection":[{"href":"https:\/\/haremerotikshop.com\/site\/wp-json\/wp\/v2\/product"}],"about":[{"href":"https:\/\/haremerotikshop.com\/site\/wp-json\/wp\/v2\/types\/product"}],"replies":[{"embeddable":true,"href":"https:\/\/haremerotikshop.com\/site\/wp-json\/wp\/v2\/comments?post=18317"}],"version-history":[{"count":0,"href":"https:\/\/haremerotikshop.com\/site\/wp-json\/wp\/v2\/product\/18317\/revisions"}],"wp:featuredmedia":[{"embeddable":true,"href":"https:\/\/haremerotikshop.com\/site\/wp-json\/wp\/v2\/media\/18448"}],"wp:attachment":[{"href":"https:\/\/haremerotikshop.com\/site\/wp-json\/wp\/v2\/media?parent=18317"}],"wp:term":[{"taxonomy":"product_brand","embeddable":true,"href":"https:\/\/haremerotikshop.com\/site\/wp-json\/wp\/v2\/product_brand?post=18317"},{"taxonomy":"product_cat","embeddable":true,"href":"https:\/\/haremerotikshop.com\/site\/wp-json\/wp\/v2\/product_cat?post=18317"},{"taxonomy":"product_tag","embeddable":true,"href":"https:\/\/haremerotikshop.com\/site\/wp-json\/wp\/v2\/product_tag?post=18317"}],"curies":[{"name":"wp","href":"https:\/\/api.w.org\/{rel}","templated":true}]}}