{"id":18318,"date":"2025-03-17T12:14:33","date_gmt":"2025-03-17T09:14:33","guid":{"rendered":"https:\/\/haremerotikshop.com\/site\/?post_type=product&#038;p=18318"},"modified":"2026-01-27T11:57:48","modified_gmt":"2026-01-27T08:57:48","slug":"kegel-topu-cift","status":"publish","type":"product","link":"https:\/\/haremerotikshop.com\/site\/erotik-shop-urun\/kegel-topu-cift\/","title":{"rendered":"Kegel Topu \u00c7ift"},"content":{"rendered":"<h3 class=\"\" data-start=\"0\" data-end=\"96\"><strong data-start=\"4\" data-end=\"96\">\u00c7ift Kegel Topu \u2013 Pelvik Taban Kaslar\u0131n\u0131z\u0131 G\u00fc\u00e7lendirin ve Cinsel Sa\u011fl\u0131\u011f\u0131n\u0131z\u0131 Destekleyin<\/strong><\/h3>\n<p class=\"\" data-start=\"98\" data-end=\"729\"><strong data-start=\"98\" data-end=\"117\">\u00c7ift Kegel Topu<\/strong>, pelvik taban kaslar\u0131n\u0131 g\u00fc\u00e7lendirmek ve cinsel sa\u011fl\u0131\u011f\u0131 iyile\u015ftirmek amac\u0131yla tasarlanm\u0131\u015f \u00f6zel bir egzersiz arac\u0131d\u0131r. <strong data-start=\"235\" data-end=\"281\">Pelvik taban kaslar\u0131n\u0131 g\u00fc\u00e7lendiren bu \u00fcr\u00fcn<\/strong>, g\u00fcnl\u00fck aktiviteler s\u0131ras\u0131nda rahat\u00e7a kullan\u0131labilir ve do\u011fum sonras\u0131 toparlanma, idrar ka\u00e7\u0131rma gibi sorunlara kar\u015f\u0131 etkili bir \u00e7\u00f6z\u00fcm sunar. Ayr\u0131ca, cinsel zevki art\u0131rmaya yard\u0131mc\u0131 olarak orgazm deneyiminizi zenginle\u015ftirir. Her kad\u0131n\u0131n sa\u011fl\u0131kl\u0131 bir ya\u015fam s\u00fcrd\u00fcrebilmesi i\u00e7in pelvik taban kaslar\u0131n\u0131n g\u00fc\u00e7lenmesi son derece \u00f6nemlidir. <strong data-start=\"614\" data-end=\"633\">\u00c7ift Kegel Topu<\/strong> sayesinde, bu kaslar\u0131 kolayca g\u00fc\u00e7lendirebilir ve daha s\u0131k\u0131 bir pelvik taban elde edebilirsiniz.<\/p>\n<h3 class=\"\" data-start=\"731\" data-end=\"756\"><strong data-start=\"735\" data-end=\"756\">\u00dcr\u00fcn \u00d6zellikleri:<\/strong><\/h3>\n<ul data-start=\"758\" data-end=\"1878\">\n<li class=\"\" data-start=\"758\" data-end=\"999\">\n<p class=\"\" data-start=\"760\" data-end=\"999\"><strong data-start=\"760\" data-end=\"772\">Malzeme:<\/strong> Y\u00fcksek kaliteli, <strong data-start=\"790\" data-end=\"827\">cilde dost ve hijyenik malzemeler<\/strong>den \u00fcretilmi\u015ftir. Bu, g\u00fcvenli bir kullan\u0131m sa\u011flar ve \u00fcr\u00fcn\u00fc rahat\u00e7a kullanman\u0131za olanak tan\u0131r. <strong data-start=\"921\" data-end=\"951\">Lateks ve ftalat i\u00e7ermeyen<\/strong> malzeme, \u00fcr\u00fcn\u00fcn uzun \u00f6m\u00fcrl\u00fc olmas\u0131n\u0131 da sa\u011flar.<\/p>\n<\/li>\n<li class=\"\" data-start=\"1001\" data-end=\"1186\">\n<p class=\"\" data-start=\"1003\" data-end=\"1186\"><strong data-start=\"1003\" data-end=\"1013\">Boyut:<\/strong> <strong data-start=\"1014\" data-end=\"1031\">\u0130ki k\u00fc\u00e7\u00fck top<\/strong> \u015feklinde tasarlanm\u0131\u015f olup, <strong data-start=\"1059\" data-end=\"1101\">vajina i\u00e7ine rahat\u00e7a yerle\u015ftirilebilir<\/strong>. Her bir top, kullan\u0131c\u0131ya optimal rahatl\u0131k sa\u011flar ve egzersiz yapmay\u0131 kolayla\u015ft\u0131r\u0131r.<\/p>\n<\/li>\n<li class=\"\" data-start=\"1188\" data-end=\"1471\">\n<p class=\"\" data-start=\"1190\" data-end=\"1471\"><strong data-start=\"1190\" data-end=\"1202\">A\u011f\u0131rl\u0131k:<\/strong> \u00c7ift Kegel Topu, <strong data-start=\"1220\" data-end=\"1243\">farkl\u0131 a\u011f\u0131rl\u0131klarda<\/strong> mevcuttur. Kullan\u0131c\u0131lar, kendi egzersiz seviyelerine ve deneyimlerine g\u00f6re uygun a\u011f\u0131rl\u0131\u011f\u0131 se\u00e7ebilirler. Ba\u015flang\u0131\u00e7 seviyesindekiler i\u00e7in daha hafif toplar, daha deneyimli kullan\u0131c\u0131lar i\u00e7in ise daha a\u011f\u0131r toplar tercih edilebilir.<\/p>\n<\/li>\n<li class=\"\" data-start=\"1473\" data-end=\"1654\">\n<p class=\"\" data-start=\"1475\" data-end=\"1654\"><strong data-start=\"1475\" data-end=\"1493\">Esnek Tasar\u0131m:<\/strong> <strong data-start=\"1494\" data-end=\"1510\">Esnek yap\u0131s\u0131<\/strong>, vajina i\u00e7inde rahat\u00e7a hareket etmesini sa\u011flar. Bu tasar\u0131m, topun v\u00fccuda uyum sa\u011flamas\u0131na yard\u0131mc\u0131 olur ve kullan\u0131m\u0131 son derece konforlu k\u0131lar.<\/p>\n<\/li>\n<li class=\"\" data-start=\"1656\" data-end=\"1878\">\n<p class=\"\" data-start=\"1658\" data-end=\"1878\"><strong data-start=\"1658\" data-end=\"1677\">Kolay Temizlik:<\/strong> <strong data-start=\"1678\" data-end=\"1719\">Temizli\u011fi ve bak\u0131m\u0131 olduk\u00e7a kolayd\u0131r.<\/strong> Kullan\u0131m sonras\u0131nda, \u0131l\u0131k su ve hafif sabunla h\u0131zl\u0131ca temizlenebilir. Ayr\u0131ca, <strong data-start=\"1798\" data-end=\"1831\">antibakteriyel temizleyiciler<\/strong> kullanarak hijyenik bir temizlik sa\u011flanabilir.<\/p>\n<\/li>\n<\/ul>\n<h3 class=\"\" data-start=\"1880\" data-end=\"1903\"><strong data-start=\"1884\" data-end=\"1903\">\u00dcr\u00fcn Faydalar\u0131:<\/strong><\/h3>\n<ul data-start=\"1905\" data-end=\"3037\">\n<li class=\"\" data-start=\"1905\" data-end=\"2185\">\n<p class=\"\" data-start=\"1907\" data-end=\"2185\"><strong data-start=\"1907\" data-end=\"1946\">Pelvik Taban Kaslar\u0131n\u0131 G\u00fc\u00e7lendirme:<\/strong> D\u00fczenli kullan\u0131mda, pelvik taban kaslar\u0131n\u0131 g\u00fc\u00e7lendirir. G\u00fc\u00e7l\u00fc pelvik kaslar, idrar ka\u00e7\u0131rma sorunlar\u0131n\u0131n azalt\u0131lmas\u0131na yard\u0131mc\u0131 olur ve <strong data-start=\"2082\" data-end=\"2112\">daha s\u0131k\u0131 bir pelvik taban<\/strong> sa\u011flar. Bu sayede, cinsel sa\u011fl\u0131k \u00fczerinde de olumlu etkiler g\u00f6zlemlenir.<\/p>\n<\/li>\n<li class=\"\" data-start=\"2187\" data-end=\"2474\">\n<p class=\"\" data-start=\"2189\" data-end=\"2474\"><strong data-start=\"2189\" data-end=\"2218\">Do\u011fum Sonras\u0131 Toparlanma:<\/strong> Do\u011fum sonras\u0131 d\u00f6nemde pelvik taban kaslar\u0131n\u0131n toparlanmas\u0131 \u00f6nemlidir. <strong data-start=\"2289\" data-end=\"2308\">\u00c7ift Kegel Topu<\/strong>, do\u011fum sonras\u0131 kaslar\u0131n g\u00fc\u00e7lendirilmesine yard\u0131mc\u0131 olur ve iyile\u015fme s\u00fcrecini h\u0131zland\u0131r\u0131r. Ayr\u0131ca, do\u011fum sonras\u0131 ya\u015fanan kas zay\u0131fl\u0131\u011f\u0131na kar\u015f\u0131 etkili bir \u00e7\u00f6z\u00fcm sunar.<\/p>\n<\/li>\n<li class=\"\" data-start=\"2476\" data-end=\"2769\">\n<p class=\"\" data-start=\"2478\" data-end=\"2769\"><strong data-start=\"2478\" data-end=\"2512\">Cinsel Sa\u011fl\u0131k ve Zevk Art\u0131rma:<\/strong> D\u00fczenli kullan\u0131mla <strong data-start=\"2532\" data-end=\"2556\">pelvik taban kaslar\u0131<\/strong> g\u00fc\u00e7lendik\u00e7e, cinsel zevk ve duyarl\u0131l\u0131k artar. <strong data-start=\"2603\" data-end=\"2632\">Orgazm \u015fiddetini art\u0131rmak<\/strong> ve cinsel hazz\u0131 daha yo\u011fun bir \u015fekilde ya\u015famak i\u00e7in etkili bir y\u00f6ntemdir. Ayr\u0131ca, daha s\u0131k\u0131 bir pelvik taban, cinsel ya\u015fam\u0131 iyile\u015ftirir.<\/p>\n<\/li>\n<li class=\"\" data-start=\"2771\" data-end=\"3037\">\n<p class=\"\" data-start=\"2773\" data-end=\"3037\"><strong data-start=\"2773\" data-end=\"2803\">Kolay ve G\u00fcvenli Kullan\u0131m:<\/strong> <strong data-start=\"2804\" data-end=\"2836\">Esnek ve hijyenik malzemeden<\/strong> \u00fcretilmi\u015ftir. Kullan\u0131m\u0131 son derece g\u00fcvenli ve rahat olup, her kad\u0131n\u0131n kendi rahatl\u0131\u011f\u0131na g\u00f6re kullan\u0131m sa\u011flayabilmesi i\u00e7in tasarlanm\u0131\u015ft\u0131r. Hem deneyimli hem de yeni ba\u015flayan kullan\u0131c\u0131lar i\u00e7in uygundur.<\/p>\n<\/li>\n<\/ul>\n<h3 class=\"\" data-start=\"3039\" data-end=\"3066\"><strong data-start=\"3043\" data-end=\"3066\">Kullan\u0131m \u00d6nerileri:<\/strong><\/h3>\n<ul data-start=\"3068\" data-end=\"3612\">\n<li class=\"\" data-start=\"3068\" data-end=\"3253\">\n<p class=\"\" data-start=\"3070\" data-end=\"3253\"><strong data-start=\"3070\" data-end=\"3093\">Ba\u015flang\u0131\u00e7 Seviyesi:<\/strong> Ba\u015flang\u0131\u00e7 a\u015famas\u0131ndaki kullan\u0131c\u0131lar i\u00e7in daha hafif toplar \u00f6nerilir. Zamanla daha a\u011f\u0131r toplara ge\u00e7erek pelvik kaslar\u0131 daha etkili \u015fekilde g\u00fc\u00e7lendirebilirsiniz.<\/p>\n<\/li>\n<li class=\"\" data-start=\"3255\" data-end=\"3429\">\n<p class=\"\" data-start=\"3257\" data-end=\"3429\"><strong data-start=\"3257\" data-end=\"3278\">D\u00fczenli Kullan\u0131m:<\/strong> D\u00fczenli egzersiz yaparak pelvik taban kaslar\u0131n\u0131 g\u00fc\u00e7lendirebilirsiniz. G\u00fcnde 15-20 dakikal\u0131k bir kullan\u0131m, kaslar\u0131 g\u00fc\u00e7lendirmek i\u00e7in yeterli olacakt\u0131r.<\/p>\n<\/li>\n<li class=\"\" data-start=\"3431\" data-end=\"3612\">\n<p class=\"\" data-start=\"3433\" data-end=\"3612\"><strong data-start=\"3433\" data-end=\"3463\">Kayganla\u015ft\u0131r\u0131c\u0131 Kullan\u0131m\u0131:<\/strong> Kullan\u0131m s\u0131ras\u0131nda kayganla\u015ft\u0131r\u0131c\u0131 jel kullanarak rahatl\u0131k sa\u011flamak m\u00fcmk\u00fcnd\u00fcr. Su bazl\u0131 kayganla\u015ft\u0131r\u0131c\u0131lar, \u00fcr\u00fcn\u00fcn daha rahat kullan\u0131lmas\u0131n\u0131 sa\u011flar.<\/p>\n<\/li>\n<\/ul>\n<h3 class=\"\" data-start=\"3614\" data-end=\"3628\"><strong data-start=\"3618\" data-end=\"3628\">Sonu\u00e7:<\/strong><\/h3>\n<p class=\"\" data-start=\"3630\" data-end=\"4049\"><strong data-start=\"3630\" data-end=\"3649\">\u00c7ift Kegel Topu<\/strong>, pelvik taban kaslar\u0131n\u0131 g\u00fc\u00e7lendiren, do\u011fum sonras\u0131 toparlanma s\u00fcrecini h\u0131zland\u0131ran ve cinsel sa\u011fl\u0131\u011f\u0131 destekleyen m\u00fckemmel bir egzersiz arac\u0131d\u0131r. <strong data-start=\"3795\" data-end=\"3850\">\u0130drar ka\u00e7\u0131rma sorunlar\u0131, zay\u0131f pelvik taban kaslar\u0131<\/strong> gibi problemleri gidermek ve <strong data-start=\"3880\" data-end=\"3911\">cinsel sa\u011fl\u0131\u011f\u0131 iyile\u015ftirmek<\/strong> i\u00e7in ideal bir \u00fcr\u00fcnd\u00fcr. Y\u00fcksek kaliteli malzemesi, esnek tasar\u0131m\u0131 ve kolay temizlenebilir yap\u0131s\u0131 ile son derece pratik ve kullan\u0131\u015fl\u0131d\u0131r.<\/p>\n<p class=\"\" data-start=\"4051\" data-end=\"4212\"><strong data-start=\"4051\" data-end=\"4125\">Pelvik taban kaslar\u0131n\u0131 g\u00fc\u00e7lendirmek ve cinsel sa\u011fl\u0131\u011f\u0131n\u0131z\u0131 iyile\u015ftirmek<\/strong> i\u00e7in <strong data-start=\"4131\" data-end=\"4150\">\u00c7ift Kegel Topu<\/strong>nu hemen edinin ve sa\u011fl\u0131kl\u0131 bir ya\u015fam i\u00e7in ilk ad\u0131m\u0131n\u0131z\u0131 at\u0131n!<\/p>\n","protected":false},"excerpt":{"rendered":"<p><strong data-start=\"98\" data-end=\"117\">\u00c7ift Kegel Topu<\/strong>, pelvik taban kaslar\u0131n\u0131 g\u00fc\u00e7lendirmek ve cinsel sa\u011fl\u0131\u011f\u0131 iyile\u015ftirmek amac\u0131yla tasarlanm\u0131\u015f \u00f6zel bir egzersiz arac\u0131d\u0131r. <strong data-start=\"235\" data-end=\"281\">Pelvik taban kaslar\u0131n\u0131 g\u00fc\u00e7lendiren bu \u00fcr\u00fcn<\/strong>, g\u00fcnl\u00fck aktiviteler s\u0131ras\u0131nda rahat\u00e7a kullan\u0131labilir ve do\u011fum sonras\u0131 toparlanma, idrar ka\u00e7\u0131rma gibi sorunlara kar\u015f\u0131 etkili bir \u00e7\u00f6z\u00fcm sunar. Ayr\u0131ca, cinsel zevki art\u0131rmaya yard\u0131mc\u0131 olarak orgazm deneyiminizi zenginle\u015ftirir. Her kad\u0131n\u0131n sa\u011fl\u0131kl\u0131 bir ya\u015fam s\u00fcrd\u00fcrebilmesi i\u00e7in pelvik taban kaslar\u0131n\u0131n g\u00fc\u00e7lenmesi son derece \u00f6nemlidir. <strong data-start=\"614\" data-end=\"633\">\u00c7ift Kegel Topu<\/strong> sayesinde, bu kaslar\u0131 kolayca g\u00fc\u00e7lendirebilir ve daha s\u0131k\u0131 bir pelvik taban elde edebilirsiniz.<\/p>\n","protected":false},"featured_media":18456,"comment_status":"open","ping_status":"closed","template":"","meta":[],"product_brand":[127],"product_cat":[88],"product_tag":[117],"class_list":{"0":"post-18318","1":"product","2":"type-product","3":"status-publish","4":"has-post-thumbnail","6":"product_brand-pembe-tilki","7":"product_cat-anal-urun","8":"product_tag-kegel-topu-cift","10":"first","11":"instock","12":"taxable","13":"shipping-taxable","14":"purchasable","15":"product-type-simple"},"yoast_head":"<!-- This site is optimized with the Yoast SEO Premium plugin v24.4 (Yoast SEO v27.1.1) - https:\/\/yoast.com\/product\/yoast-seo-premium-wordpress\/ -->\n<title>Kegel Topu \u00c7ift - Bursa Erotik Shop<\/title>\n<meta name=\"robots\" content=\"index, follow, max-snippet:-1, max-image-preview:large, max-video-preview:-1\" \/>\n<link rel=\"canonical\" href=\"https:\/\/hobierotikshop.com.tr\/website1\/erotik-shop-urun\/kegel-topu-cift\/\" \/>\n<meta property=\"og:locale\" content=\"tr_TR\" \/>\n<meta property=\"og:type\" content=\"article\" \/>\n<meta property=\"og:title\" content=\"Kegel Topu \u00c7ift\" \/>\n<meta property=\"og:description\" content=\"\u00c7ift Kegel Topu, pelvik taban kaslar\u0131n\u0131 g\u00fc\u00e7lendirmek ve cinsel sa\u011fl\u0131\u011f\u0131 iyile\u015ftirmek amac\u0131yla tasarlanm\u0131\u015f \u00f6zel bir egzersiz arac\u0131d\u0131r. Pelvik taban kaslar\u0131n\u0131 g\u00fc\u00e7lendiren bu \u00fcr\u00fcn, g\u00fcnl\u00fck aktiviteler s\u0131ras\u0131nda rahat\u00e7a kullan\u0131labilir ve do\u011fum sonras\u0131 toparlanma, idrar ka\u00e7\u0131rma gibi sorunlara kar\u015f\u0131 etkili bir \u00e7\u00f6z\u00fcm sunar. Ayr\u0131ca, cinsel zevki art\u0131rmaya yard\u0131mc\u0131 olarak orgazm deneyiminizi zenginle\u015ftirir. Her kad\u0131n\u0131n sa\u011fl\u0131kl\u0131 bir ya\u015fam s\u00fcrd\u00fcrebilmesi i\u00e7in pelvik taban kaslar\u0131n\u0131n g\u00fc\u00e7lenmesi son derece \u00f6nemlidir. \u00c7ift Kegel Topu sayesinde, bu kaslar\u0131 kolayca g\u00fc\u00e7lendirebilir ve daha s\u0131k\u0131 bir pelvik taban elde edebilirsiniz.\" \/>\n<meta property=\"og:url\" content=\"https:\/\/hobierotikshop.com.tr\/website1\/erotik-shop-urun\/kegel-topu-cift\/\" \/>\n<meta property=\"og:site_name\" content=\"Bursa Erotik Shop\" \/>\n<meta property=\"article:modified_time\" content=\"2026-01-27T08:57:48+00:00\" \/>\n<meta property=\"og:image\" content=\"https:\/\/hobierotikshop.com.tr\/website1\/wp-content\/uploads\/2025\/03\/kegel-topu-cift-1763-1.jpg\" \/>\n\t<meta property=\"og:image:width\" content=\"1500\" \/>\n\t<meta property=\"og:image:height\" content=\"1500\" \/>\n\t<meta property=\"og:image:type\" content=\"image\/jpeg\" \/>\n<meta name=\"twitter:card\" content=\"summary_large_image\" \/>\n<meta name=\"twitter:site\" content=\"@shopbursa\" \/>\n<meta name=\"twitter:label1\" content=\"Fiyat\" \/>\n\t<meta name=\"twitter:data1\" content=\"&#8378;600,00 KDV DAH\u0130L\" \/>\n\t<meta name=\"twitter:label2\" content=\"Availability\" \/>\n\t<meta name=\"twitter:data2\" content=\"In stock\" \/>\n<script type=\"application\/ld+json\" class=\"yoast-schema-graph\">{\"@context\":\"https:\/\/schema.org\",\"@graph\":[{\"@type\":\"WebPage\",\"@id\":\"https:\/\/hobierotikshop.com.tr\/website1\/erotik-shop-urun\/kegel-topu-cift\/\",\"url\":\"https:\/\/hobierotikshop.com.tr\/website1\/erotik-shop-urun\/kegel-topu-cift\/\",\"name\":\"Kegel Topu \u00c7ift - Bursa Erotik Shop\",\"isPartOf\":{\"@id\":\"https:\/\/hobierotikshop.com.tr\/website1\/#website\"},\"primaryImageOfPage\":{\"@id\":\"https:\/\/hobierotikshop.com.tr\/website1\/erotik-shop-urun\/kegel-topu-cift\/#primaryimage\"},\"image\":{\"@id\":\"https:\/\/hobierotikshop.com.tr\/website1\/erotik-shop-urun\/kegel-topu-cift\/#primaryimage\"},\"thumbnailUrl\":\"https:\/\/haremerotikshop.com\/site\/wp-content\/uploads\/2025\/03\/kegel-topu-cift-1763-1.jpg\",\"datePublished\":\"2025-03-17T09:14:33+00:00\",\"dateModified\":\"2026-01-27T08:57:48+00:00\",\"breadcrumb\":{\"@id\":\"https:\/\/hobierotikshop.com.tr\/website1\/erotik-shop-urun\/kegel-topu-cift\/#breadcrumb\"},\"inLanguage\":\"tr\",\"potentialAction\":[{\"@type\":\"ReadAction\",\"target\":[\"https:\/\/hobierotikshop.com.tr\/website1\/erotik-shop-urun\/kegel-topu-cift\/\"]}]},{\"@type\":\"ImageObject\",\"inLanguage\":\"tr\",\"@id\":\"https:\/\/hobierotikshop.com.tr\/website1\/erotik-shop-urun\/kegel-topu-cift\/#primaryimage\",\"url\":\"https:\/\/haremerotikshop.com\/site\/wp-content\/uploads\/2025\/03\/kegel-topu-cift-1763-1.jpg\",\"contentUrl\":\"https:\/\/haremerotikshop.com\/site\/wp-content\/uploads\/2025\/03\/kegel-topu-cift-1763-1.jpg\",\"width\":1500,\"height\":1500},{\"@type\":\"BreadcrumbList\",\"@id\":\"https:\/\/hobierotikshop.com.tr\/website1\/erotik-shop-urun\/kegel-topu-cift\/#breadcrumb\",\"itemListElement\":[{\"@type\":\"ListItem\",\"position\":1,\"name\":\"Anasayfa\",\"item\":\"https:\/\/hobierotikshop.com.tr\/website1\/\"},{\"@type\":\"ListItem\",\"position\":2,\"name\":\"Erotik Shop \u00dcr\u00fcnleri\",\"item\":\"https:\/\/hobierotikshop.com.tr\/website1\/shop\/\"},{\"@type\":\"ListItem\",\"position\":3,\"name\":\"Kegel Topu \u00c7ift\"}]},{\"@type\":\"WebSite\",\"@id\":\"https:\/\/hobierotikshop.com.tr\/website1\/#website\",\"url\":\"https:\/\/hobierotikshop.com.tr\/website1\/\",\"name\":\"Bursa Erotik Shop\",\"description\":\"Bursa Erotik Shop ile g\u00fcvenli, gizli ve kaliteli yeti\u015fkin \u00fcr\u00fcnleri al\u0131\u015fveri\u015fi! Geni\u015f \u00fcr\u00fcn yelpazemizi ke\u015ffedin, hemen sipari\u015f verin\",\"publisher\":{\"@id\":\"https:\/\/hobierotikshop.com.tr\/website1\/#organization\"},\"alternateName\":\"Erotik Shop\",\"potentialAction\":[{\"@type\":\"SearchAction\",\"target\":{\"@type\":\"EntryPoint\",\"urlTemplate\":\"https:\/\/hobierotikshop.com.tr\/website1\/?s={search_term_string}\"},\"query-input\":{\"@type\":\"PropertyValueSpecification\",\"valueRequired\":true,\"valueName\":\"search_term_string\"}}],\"inLanguage\":\"tr\"},{\"@type\":\"Organization\",\"@id\":\"https:\/\/hobierotikshop.com.tr\/website1\/#organization\",\"name\":\"Harem Bursa Erotik Shop\",\"url\":\"https:\/\/hobierotikshop.com.tr\/website1\/\",\"logo\":{\"@type\":\"ImageObject\",\"inLanguage\":\"tr\",\"@id\":\"https:\/\/hobierotikshop.com.tr\/website1\/#\/schema\/logo\/image\/\",\"url\":\"https:\/\/haremerotikshop.com\/site\/wp-content\/uploads\/2025\/03\/haremsexshop.png\",\"contentUrl\":\"https:\/\/haremerotikshop.com\/site\/wp-content\/uploads\/2025\/03\/haremsexshop.png\",\"width\":400,\"height\":100,\"caption\":\"Harem Bursa Erotik Shop\"},\"image\":{\"@id\":\"https:\/\/hobierotikshop.com.tr\/website1\/#\/schema\/logo\/image\/\"},\"sameAs\":[\"https:\/\/x.com\/shopbursa\"],\"publishingPrinciples\":\"https:\/\/hobierotikshop.com.tr\/website1\/mesafeli-satis-sozlesmesi\/\",\"ownershipFundingInfo\":\"https:\/\/hobierotikshop.com.tr\/website1\/contact-us\/\",\"actionableFeedbackPolicy\":\"https:\/\/hobierotikshop.com.tr\/website1\/contact-us\/\",\"correctionsPolicy\":\"https:\/\/hobierotikshop.com.tr\/website1\/mesafeli-satis-sozlesmesi\/\"}]}<\/script>\n<meta property=\"product:brand\" content=\"Pembe Tilki\" \/>\n<meta property=\"product:price:amount\" content=\"600.00\" \/>\n<meta property=\"product:price:currency\" content=\"TRY\" \/>\n<meta property=\"og:availability\" content=\"instock\" \/>\n<meta property=\"product:availability\" content=\"instock\" \/>\n<meta property=\"product:retailer_item_id\" content=\"PT-ANXE014\" \/>\n<meta property=\"product:condition\" content=\"new\" \/>\n<!-- \/ Yoast SEO Premium plugin. -->","yoast_head_json":{"title":"Kegel Topu \u00c7ift - Bursa Erotik Shop","robots":{"index":"index","follow":"follow","max-snippet":"max-snippet:-1","max-image-preview":"max-image-preview:large","max-video-preview":"max-video-preview:-1"},"canonical":"https:\/\/hobierotikshop.com.tr\/website1\/erotik-shop-urun\/kegel-topu-cift\/","og_locale":"tr_TR","og_type":"article","og_title":"Kegel Topu \u00c7ift","og_description":"\u00c7ift Kegel Topu, pelvik taban kaslar\u0131n\u0131 g\u00fc\u00e7lendirmek ve cinsel sa\u011fl\u0131\u011f\u0131 iyile\u015ftirmek amac\u0131yla tasarlanm\u0131\u015f \u00f6zel bir egzersiz arac\u0131d\u0131r. Pelvik taban kaslar\u0131n\u0131 g\u00fc\u00e7lendiren bu \u00fcr\u00fcn, g\u00fcnl\u00fck aktiviteler s\u0131ras\u0131nda rahat\u00e7a kullan\u0131labilir ve do\u011fum sonras\u0131 toparlanma, idrar ka\u00e7\u0131rma gibi sorunlara kar\u015f\u0131 etkili bir \u00e7\u00f6z\u00fcm sunar. Ayr\u0131ca, cinsel zevki art\u0131rmaya yard\u0131mc\u0131 olarak orgazm deneyiminizi zenginle\u015ftirir. Her kad\u0131n\u0131n sa\u011fl\u0131kl\u0131 bir ya\u015fam s\u00fcrd\u00fcrebilmesi i\u00e7in pelvik taban kaslar\u0131n\u0131n g\u00fc\u00e7lenmesi son derece \u00f6nemlidir. \u00c7ift Kegel Topu sayesinde, bu kaslar\u0131 kolayca g\u00fc\u00e7lendirebilir ve daha s\u0131k\u0131 bir pelvik taban elde edebilirsiniz.","og_url":"https:\/\/hobierotikshop.com.tr\/website1\/erotik-shop-urun\/kegel-topu-cift\/","og_site_name":"Bursa Erotik Shop","article_modified_time":"2026-01-27T08:57:48+00:00","og_image":[{"width":1500,"height":1500,"url":"https:\/\/hobierotikshop.com.tr\/website1\/wp-content\/uploads\/2025\/03\/kegel-topu-cift-1763-1.jpg","type":"image\/jpeg"}],"twitter_card":"summary_large_image","twitter_site":"@shopbursa","twitter_misc":{"Fiyat":"&#8378;600,00 KDV DAH\u0130L","Availability":"In stock"},"schema":{"@context":"https:\/\/schema.org","@graph":[{"@type":"WebPage","@id":"https:\/\/hobierotikshop.com.tr\/website1\/erotik-shop-urun\/kegel-topu-cift\/","url":"https:\/\/hobierotikshop.com.tr\/website1\/erotik-shop-urun\/kegel-topu-cift\/","name":"Kegel Topu \u00c7ift - Bursa Erotik Shop","isPartOf":{"@id":"https:\/\/hobierotikshop.com.tr\/website1\/#website"},"primaryImageOfPage":{"@id":"https:\/\/hobierotikshop.com.tr\/website1\/erotik-shop-urun\/kegel-topu-cift\/#primaryimage"},"image":{"@id":"https:\/\/hobierotikshop.com.tr\/website1\/erotik-shop-urun\/kegel-topu-cift\/#primaryimage"},"thumbnailUrl":"https:\/\/haremerotikshop.com\/site\/wp-content\/uploads\/2025\/03\/kegel-topu-cift-1763-1.jpg","datePublished":"2025-03-17T09:14:33+00:00","dateModified":"2026-01-27T08:57:48+00:00","breadcrumb":{"@id":"https:\/\/hobierotikshop.com.tr\/website1\/erotik-shop-urun\/kegel-topu-cift\/#breadcrumb"},"inLanguage":"tr","potentialAction":[{"@type":"ReadAction","target":["https:\/\/hobierotikshop.com.tr\/website1\/erotik-shop-urun\/kegel-topu-cift\/"]}]},{"@type":"ImageObject","inLanguage":"tr","@id":"https:\/\/hobierotikshop.com.tr\/website1\/erotik-shop-urun\/kegel-topu-cift\/#primaryimage","url":"https:\/\/haremerotikshop.com\/site\/wp-content\/uploads\/2025\/03\/kegel-topu-cift-1763-1.jpg","contentUrl":"https:\/\/haremerotikshop.com\/site\/wp-content\/uploads\/2025\/03\/kegel-topu-cift-1763-1.jpg","width":1500,"height":1500},{"@type":"BreadcrumbList","@id":"https:\/\/hobierotikshop.com.tr\/website1\/erotik-shop-urun\/kegel-topu-cift\/#breadcrumb","itemListElement":[{"@type":"ListItem","position":1,"name":"Anasayfa","item":"https:\/\/hobierotikshop.com.tr\/website1\/"},{"@type":"ListItem","position":2,"name":"Erotik Shop \u00dcr\u00fcnleri","item":"https:\/\/hobierotikshop.com.tr\/website1\/shop\/"},{"@type":"ListItem","position":3,"name":"Kegel Topu \u00c7ift"}]},{"@type":"WebSite","@id":"https:\/\/hobierotikshop.com.tr\/website1\/#website","url":"https:\/\/hobierotikshop.com.tr\/website1\/","name":"Bursa Erotik Shop","description":"Bursa Erotik Shop ile g\u00fcvenli, gizli ve kaliteli yeti\u015fkin \u00fcr\u00fcnleri al\u0131\u015fveri\u015fi! Geni\u015f \u00fcr\u00fcn yelpazemizi ke\u015ffedin, hemen sipari\u015f verin","publisher":{"@id":"https:\/\/hobierotikshop.com.tr\/website1\/#organization"},"alternateName":"Erotik Shop","potentialAction":[{"@type":"SearchAction","target":{"@type":"EntryPoint","urlTemplate":"https:\/\/hobierotikshop.com.tr\/website1\/?s={search_term_string}"},"query-input":{"@type":"PropertyValueSpecification","valueRequired":true,"valueName":"search_term_string"}}],"inLanguage":"tr"},{"@type":"Organization","@id":"https:\/\/hobierotikshop.com.tr\/website1\/#organization","name":"Harem Bursa Erotik Shop","url":"https:\/\/hobierotikshop.com.tr\/website1\/","logo":{"@type":"ImageObject","inLanguage":"tr","@id":"https:\/\/hobierotikshop.com.tr\/website1\/#\/schema\/logo\/image\/","url":"https:\/\/haremerotikshop.com\/site\/wp-content\/uploads\/2025\/03\/haremsexshop.png","contentUrl":"https:\/\/haremerotikshop.com\/site\/wp-content\/uploads\/2025\/03\/haremsexshop.png","width":400,"height":100,"caption":"Harem Bursa Erotik Shop"},"image":{"@id":"https:\/\/hobierotikshop.com.tr\/website1\/#\/schema\/logo\/image\/"},"sameAs":["https:\/\/x.com\/shopbursa"],"publishingPrinciples":"https:\/\/hobierotikshop.com.tr\/website1\/mesafeli-satis-sozlesmesi\/","ownershipFundingInfo":"https:\/\/hobierotikshop.com.tr\/website1\/contact-us\/","actionableFeedbackPolicy":"https:\/\/hobierotikshop.com.tr\/website1\/contact-us\/","correctionsPolicy":"https:\/\/hobierotikshop.com.tr\/website1\/mesafeli-satis-sozlesmesi\/"}]},"product_brand":"Pembe Tilki","product_price_amount":"600.00","product_price_currency":"TRY","og_availability":"instock","product_availability":"instock","product_retailer_item_id":"PT-ANXE014","product_condition":"new"},"_links":{"self":[{"href":"https:\/\/haremerotikshop.com\/site\/wp-json\/wp\/v2\/product\/18318","targetHints":{"allow":["GET"]}}],"collection":[{"href":"https:\/\/haremerotikshop.com\/site\/wp-json\/wp\/v2\/product"}],"about":[{"href":"https:\/\/haremerotikshop.com\/site\/wp-json\/wp\/v2\/types\/product"}],"replies":[{"embeddable":true,"href":"https:\/\/haremerotikshop.com\/site\/wp-json\/wp\/v2\/comments?post=18318"}],"version-history":[{"count":0,"href":"https:\/\/haremerotikshop.com\/site\/wp-json\/wp\/v2\/product\/18318\/revisions"}],"wp:featuredmedia":[{"embeddable":true,"href":"https:\/\/haremerotikshop.com\/site\/wp-json\/wp\/v2\/media\/18456"}],"wp:attachment":[{"href":"https:\/\/haremerotikshop.com\/site\/wp-json\/wp\/v2\/media?parent=18318"}],"wp:term":[{"taxonomy":"product_brand","embeddable":true,"href":"https:\/\/haremerotikshop.com\/site\/wp-json\/wp\/v2\/product_brand?post=18318"},{"taxonomy":"product_cat","embeddable":true,"href":"https:\/\/haremerotikshop.com\/site\/wp-json\/wp\/v2\/product_cat?post=18318"},{"taxonomy":"product_tag","embeddable":true,"href":"https:\/\/haremerotikshop.com\/site\/wp-json\/wp\/v2\/product_tag?post=18318"}],"curies":[{"name":"wp","href":"https:\/\/api.w.org\/{rel}","templated":true}]}}