{"id":18320,"date":"2025-03-17T12:14:34","date_gmt":"2025-03-17T09:14:34","guid":{"rendered":"https:\/\/haremerotikshop.com\/site\/?post_type=product&#038;p=18320"},"modified":"2026-01-27T11:52:32","modified_gmt":"2026-01-27T08:52:32","slug":"tpe-gercekci-vajina-masturbator","status":"publish","type":"product","link":"https:\/\/haremerotikshop.com\/site\/erotik-shop-urun\/tpe-gercekci-vajina-masturbator\/","title":{"rendered":"Tpe Ger\u00e7ek\u00e7i Vajina Mast\u00fcrbat\u00f6r"},"content":{"rendered":"<h3 class=\"\" data-start=\"0\" data-end=\"91\"><strong data-start=\"4\" data-end=\"91\">Ger\u00e7ek\u00e7i Vajina Mast\u00fcrbat\u00f6r &#8211; Erkekler \u0130\u00e7in Tatmin Edici ve Ger\u00e7ek\u00e7i Cinsel Deneyim<\/strong><\/h3>\n<p class=\"\" data-start=\"93\" data-end=\"530\"><strong data-start=\"93\" data-end=\"124\">Ger\u00e7ek\u00e7i Vajina Mast\u00fcrbat\u00f6r<\/strong>, erkeklerin cinsel deneyimlerini zenginle\u015ftirmek, zevk seviyelerini art\u0131rmak ve daha tatmin edici bir deneyim ya\u015famak i\u00e7in tasarlanm\u0131\u015f y\u00fcksek kaliteli bir \u00fcr\u00fcnd\u00fcr. Ger\u00e7ek bir vajina hissi sunan yap\u0131s\u0131, erkeklerin kendilerini ger\u00e7ek bir cinsel deneyimdeymi\u015f gibi hissetmelerini sa\u011flar. Ergonomik tasar\u0131m\u0131 ve esnek yap\u0131s\u0131yla kolay kullan\u0131m imkan\u0131 sunar ve uzun s\u00fcreli kullan\u0131mda konforlu bir deneyim sa\u011flar.<\/p>\n<h3 class=\"\" data-start=\"532\" data-end=\"557\"><strong data-start=\"536\" data-end=\"557\">\u00dcr\u00fcn \u00d6zellikleri:<\/strong><\/h3>\n<ul data-start=\"559\" data-end=\"1730\">\n<li class=\"\" data-start=\"559\" data-end=\"766\">\n<p class=\"\" data-start=\"561\" data-end=\"766\"><strong data-start=\"561\" data-end=\"596\">Cilde Dost ve Hijyenik Malzeme:<\/strong> Ger\u00e7ek\u00e7i Vajina Mast\u00fcrbat\u00f6r, ciltle uyumlu, kaliteli malzemelerden \u00fcretilmi\u015ftir. Kullan\u0131c\u0131 sa\u011fl\u0131\u011f\u0131n\u0131 \u00f6n planda tutarak, her kullan\u0131mdan sonra hijyenik bir deneyim sunar.<\/p>\n<\/li>\n<li class=\"\" data-start=\"770\" data-end=\"1027\">\n<p class=\"\" data-start=\"772\" data-end=\"1027\"><strong data-start=\"772\" data-end=\"793\">Ger\u00e7ek\u00e7i Tasar\u0131m:<\/strong> \u00dcr\u00fcn, ger\u00e7ek bir vajinay\u0131 and\u0131ran doku ve yap\u0131ya sahiptir. Bu \u00f6zel tasar\u0131m, kullan\u0131c\u0131ya do\u011frudan ve etkileyici bir penetrasyon hissi sunar. Ger\u00e7ek\u00e7i deneyim, tatmin edici bir cinsel ya\u015fam arayan kullan\u0131c\u0131lar i\u00e7in ideal bir tercihtir.<\/p>\n<\/li>\n<li class=\"\" data-start=\"1029\" data-end=\"1209\">\n<p class=\"\" data-start=\"1031\" data-end=\"1209\"><strong data-start=\"1031\" data-end=\"1064\">Esnek Yap\u0131 ve Kolay Kullan\u0131m:<\/strong> Esnek yap\u0131s\u0131, her v\u00fccut tipine uygun bir kullan\u0131m sa\u011flar. Konforlu ve rahat bir deneyim i\u00e7in ergonomik tasar\u0131m\u0131 ile kullan\u0131m\u0131 olduk\u00e7a basittir.<\/p>\n<\/li>\n<li class=\"\" data-start=\"1211\" data-end=\"1534\">\n<p class=\"\" data-start=\"1213\" data-end=\"1534\"><strong data-start=\"1213\" data-end=\"1241\">Kolay Temizlik ve Bak\u0131m:<\/strong> Mast\u00fcrbat\u00f6r\u00fcn\u00fcz\u00fcn temizli\u011fi son derece kolayd\u0131r. Il\u0131k su ve hafif sabun ile temizlenebilir. Ayr\u0131ca, \u00f6zel oyuncak temizleyicileri kullanarak daha derinlemesine temizlik yap\u0131labilir. Temizlendikten sonra, kuru ve serin bir ortamda saklanmas\u0131 \u00f6nerilir, b\u00f6ylece \u00fcr\u00fcn\u00fcn\u00fcz uzun s\u00fcre dayan\u0131kl\u0131 olur.<\/p>\n<\/li>\n<li class=\"\" data-start=\"1536\" data-end=\"1730\">\n<p class=\"\" data-start=\"1538\" data-end=\"1730\"><strong data-start=\"1538\" data-end=\"1559\">Kullan\u0131\u015fl\u0131 Boyut:<\/strong> Ta\u015f\u0131mas\u0131 ve saklanmas\u0131 kolay olan Ger\u00e7ek\u00e7i Vajina Mast\u00fcrbat\u00f6r, gizlilik konusunda kullan\u0131c\u0131ya rahatl\u0131k sunar. Kompakt boyutuyla pratik bir \u015fekilde her yerde saklanabilir.<\/p>\n<\/li>\n<\/ul>\n<h3 class=\"\" data-start=\"1732\" data-end=\"1757\"><strong data-start=\"1736\" data-end=\"1757\">Kullan\u0131m \u00d6nerisi:<\/strong><\/h3>\n<p class=\"\" data-start=\"1759\" data-end=\"1999\">Mast\u00fcrbasyon deneyiminizi daha keyifli hale getirebilmek i\u00e7in, su bazl\u0131 bir kayganla\u015ft\u0131r\u0131c\u0131 jel kullanman\u0131z\u0131 tavsiye ederiz. Kayganla\u015ft\u0131r\u0131c\u0131 jel, daha rahat bir penetrasyon deneyimi sa\u011flar ve s\u00fcrt\u00fcnmeyi azaltarak keyifli bir kullan\u0131m sunar.<\/p>\n<h3 class=\"\" data-start=\"2001\" data-end=\"2027\"><strong data-start=\"2005\" data-end=\"2027\">Temizlik ve Bak\u0131m:<\/strong><\/h3>\n<p class=\"\" data-start=\"2029\" data-end=\"2364\">Kullan\u0131m sonras\u0131 <strong data-start=\"2046\" data-end=\"2082\">Ger\u00e7ek\u00e7i Vajina Mast\u00fcrbat\u00f6r\u00fcn\u00fcz\u00fc<\/strong> temizlemek i\u00e7in \u0131l\u0131k su ve hafif sabun kullanabilirsiniz. \u00dcr\u00fcn\u00fc temizledikten sonra, \u00f6zel oyuncak temizleyicileri ile hijyenik bir temizlik yapabilirsiniz. \u00dcr\u00fcn\u00fcn \u00f6mr\u00fcn\u00fc uzatmak ve hijyenik kullan\u0131m\u0131 s\u00fcrd\u00fcrmek i\u00e7in, temizledikten sonra serin ve kuru bir yerde saklanmas\u0131 \u00f6nemlidir.<\/p>\n<h3 class=\"\" data-start=\"2366\" data-end=\"2380\"><strong data-start=\"2370\" data-end=\"2380\">Sonu\u00e7:<\/strong><\/h3>\n<p class=\"\" data-start=\"2382\" data-end=\"2804\"><strong data-start=\"2382\" data-end=\"2413\">Ger\u00e7ek\u00e7i Vajina Mast\u00fcrbat\u00f6r<\/strong>, erkeklerin daha tatmin edici ve ger\u00e7ek\u00e7i bir deneyim ya\u015famas\u0131 i\u00e7in m\u00fckemmel bir se\u00e7imdir. Ger\u00e7ek\u00e7i tasar\u0131m\u0131, esnek yap\u0131s\u0131 ve hijyenik \u00f6zellikleriyle, konforlu ve keyifli bir kullan\u0131m sa\u011flar. Sa\u011fl\u0131kl\u0131 ve uzun \u00f6m\u00fcrl\u00fc bir kullan\u0131m i\u00e7in temizli\u011fi de olduk\u00e7a basittir. <strong data-start=\"2679\" data-end=\"2710\">Ger\u00e7ek\u00e7i Vajina Mast\u00fcrbat\u00f6r<\/strong> ile cinsel deneyiminizi zenginle\u015ftirerek daha tatmin edici bir mast\u00fcrbasyon deneyimi ya\u015fay\u0131n.<\/p>\n","protected":false},"excerpt":{"rendered":"<p><strong data-start=\"93\" data-end=\"124\">Ger\u00e7ek\u00e7i Vajina Mast\u00fcrbat\u00f6r<\/strong>, erkeklerin cinsel deneyimlerini zenginle\u015ftirmek, zevk seviyelerini art\u0131rmak ve daha tatmin edici bir deneyim ya\u015famak i\u00e7in tasarlanm\u0131\u015f y\u00fcksek kaliteli bir \u00fcr\u00fcnd\u00fcr. Ger\u00e7ek bir vajina hissi sunan yap\u0131s\u0131, erkeklerin kendilerini ger\u00e7ek bir cinsel deneyimdeymi\u015f gibi hissetmelerini sa\u011flar. Ergonomik tasar\u0131m\u0131 ve esnek yap\u0131s\u0131yla kolay kullan\u0131m imkan\u0131 sunar ve uzun s\u00fcreli kullan\u0131mda konforlu bir deneyim sa\u011flar.<\/p>\n","protected":false},"featured_media":18463,"comment_status":"open","ping_status":"closed","template":"","meta":[],"product_brand":[127],"product_cat":[119],"product_tag":[120],"class_list":{"0":"post-18320","1":"product","2":"type-product","3":"status-publish","4":"has-post-thumbnail","6":"product_brand-pembe-tilki","7":"product_cat-realistik-vajinalar-vajina-masturbator","8":"product_tag-tpe-gercekci-vajina-masturbator","10":"first","11":"instock","12":"taxable","13":"shipping-taxable","14":"purchasable","15":"product-type-simple"},"yoast_head":"<!-- This site is optimized with the Yoast SEO Premium plugin v24.4 (Yoast SEO v27.1.1) - https:\/\/yoast.com\/product\/yoast-seo-premium-wordpress\/ -->\n<title>Tpe Ger\u00e7ek\u00e7i Vajina Mast\u00fcrbat\u00f6r - Bursa Erotik Shop<\/title>\n<meta name=\"robots\" content=\"index, follow, max-snippet:-1, max-image-preview:large, max-video-preview:-1\" \/>\n<link rel=\"canonical\" href=\"https:\/\/hobierotikshop.com.tr\/website1\/erotik-shop-urun\/tpe-gercekci-vajina-masturbator\/\" \/>\n<meta property=\"og:locale\" content=\"tr_TR\" \/>\n<meta property=\"og:type\" content=\"article\" \/>\n<meta property=\"og:title\" content=\"Tpe Ger\u00e7ek\u00e7i Vajina Mast\u00fcrbat\u00f6r\" \/>\n<meta property=\"og:description\" content=\"Ger\u00e7ek\u00e7i Vajina Mast\u00fcrbat\u00f6r, erkeklerin cinsel deneyimlerini zenginle\u015ftirmek, zevk seviyelerini art\u0131rmak ve daha tatmin edici bir deneyim ya\u015famak i\u00e7in tasarlanm\u0131\u015f y\u00fcksek kaliteli bir \u00fcr\u00fcnd\u00fcr. Ger\u00e7ek bir vajina hissi sunan yap\u0131s\u0131, erkeklerin kendilerini ger\u00e7ek bir cinsel deneyimdeymi\u015f gibi hissetmelerini sa\u011flar. Ergonomik tasar\u0131m\u0131 ve esnek yap\u0131s\u0131yla kolay kullan\u0131m imkan\u0131 sunar ve uzun s\u00fcreli kullan\u0131mda konforlu bir deneyim sa\u011flar.\" \/>\n<meta property=\"og:url\" content=\"https:\/\/hobierotikshop.com.tr\/website1\/erotik-shop-urun\/tpe-gercekci-vajina-masturbator\/\" \/>\n<meta property=\"og:site_name\" content=\"Bursa Erotik Shop\" \/>\n<meta property=\"article:modified_time\" content=\"2026-01-27T08:52:32+00:00\" \/>\n<meta property=\"og:image\" content=\"https:\/\/hobierotikshop.com.tr\/website1\/wp-content\/uploads\/2025\/03\/tpe-gercekci-vajina-masturbator-1749-1.jpg\" \/>\n\t<meta property=\"og:image:width\" content=\"1500\" \/>\n\t<meta property=\"og:image:height\" content=\"1500\" \/>\n\t<meta property=\"og:image:type\" content=\"image\/jpeg\" \/>\n<meta name=\"twitter:card\" content=\"summary_large_image\" \/>\n<meta name=\"twitter:site\" content=\"@shopbursa\" \/>\n<meta name=\"twitter:label1\" content=\"Fiyat\" \/>\n\t<meta name=\"twitter:data1\" content=\"&#8378;1.800,00 KDV DAH\u0130L\" \/>\n\t<meta name=\"twitter:label2\" content=\"Availability\" \/>\n\t<meta name=\"twitter:data2\" content=\"In stock\" \/>\n<script type=\"application\/ld+json\" class=\"yoast-schema-graph\">{\"@context\":\"https:\/\/schema.org\",\"@graph\":[{\"@type\":\"WebPage\",\"@id\":\"https:\/\/hobierotikshop.com.tr\/website1\/erotik-shop-urun\/tpe-gercekci-vajina-masturbator\/\",\"url\":\"https:\/\/hobierotikshop.com.tr\/website1\/erotik-shop-urun\/tpe-gercekci-vajina-masturbator\/\",\"name\":\"Tpe Ger\u00e7ek\u00e7i Vajina Mast\u00fcrbat\u00f6r - Bursa Erotik Shop\",\"isPartOf\":{\"@id\":\"https:\/\/hobierotikshop.com.tr\/website1\/#website\"},\"primaryImageOfPage\":{\"@id\":\"https:\/\/hobierotikshop.com.tr\/website1\/erotik-shop-urun\/tpe-gercekci-vajina-masturbator\/#primaryimage\"},\"image\":{\"@id\":\"https:\/\/hobierotikshop.com.tr\/website1\/erotik-shop-urun\/tpe-gercekci-vajina-masturbator\/#primaryimage\"},\"thumbnailUrl\":\"https:\/\/haremerotikshop.com\/site\/wp-content\/uploads\/2025\/03\/tpe-gercekci-vajina-masturbator-1749-1.jpg\",\"datePublished\":\"2025-03-17T09:14:34+00:00\",\"dateModified\":\"2026-01-27T08:52:32+00:00\",\"breadcrumb\":{\"@id\":\"https:\/\/hobierotikshop.com.tr\/website1\/erotik-shop-urun\/tpe-gercekci-vajina-masturbator\/#breadcrumb\"},\"inLanguage\":\"tr\",\"potentialAction\":[{\"@type\":\"ReadAction\",\"target\":[\"https:\/\/hobierotikshop.com.tr\/website1\/erotik-shop-urun\/tpe-gercekci-vajina-masturbator\/\"]}]},{\"@type\":\"ImageObject\",\"inLanguage\":\"tr\",\"@id\":\"https:\/\/hobierotikshop.com.tr\/website1\/erotik-shop-urun\/tpe-gercekci-vajina-masturbator\/#primaryimage\",\"url\":\"https:\/\/haremerotikshop.com\/site\/wp-content\/uploads\/2025\/03\/tpe-gercekci-vajina-masturbator-1749-1.jpg\",\"contentUrl\":\"https:\/\/haremerotikshop.com\/site\/wp-content\/uploads\/2025\/03\/tpe-gercekci-vajina-masturbator-1749-1.jpg\",\"width\":1500,\"height\":1500},{\"@type\":\"BreadcrumbList\",\"@id\":\"https:\/\/hobierotikshop.com.tr\/website1\/erotik-shop-urun\/tpe-gercekci-vajina-masturbator\/#breadcrumb\",\"itemListElement\":[{\"@type\":\"ListItem\",\"position\":1,\"name\":\"Anasayfa\",\"item\":\"https:\/\/hobierotikshop.com.tr\/website1\/\"},{\"@type\":\"ListItem\",\"position\":2,\"name\":\"Erotik Shop \u00dcr\u00fcnleri\",\"item\":\"https:\/\/hobierotikshop.com.tr\/website1\/shop\/\"},{\"@type\":\"ListItem\",\"position\":3,\"name\":\"Tpe Ger\u00e7ek\u00e7i Vajina Mast\u00fcrbat\u00f6r\"}]},{\"@type\":\"WebSite\",\"@id\":\"https:\/\/hobierotikshop.com.tr\/website1\/#website\",\"url\":\"https:\/\/hobierotikshop.com.tr\/website1\/\",\"name\":\"Bursa Erotik Shop\",\"description\":\"Bursa Erotik Shop ile g\u00fcvenli, gizli ve kaliteli yeti\u015fkin \u00fcr\u00fcnleri al\u0131\u015fveri\u015fi! Geni\u015f \u00fcr\u00fcn yelpazemizi ke\u015ffedin, hemen sipari\u015f verin\",\"publisher\":{\"@id\":\"https:\/\/hobierotikshop.com.tr\/website1\/#organization\"},\"alternateName\":\"Erotik Shop\",\"potentialAction\":[{\"@type\":\"SearchAction\",\"target\":{\"@type\":\"EntryPoint\",\"urlTemplate\":\"https:\/\/hobierotikshop.com.tr\/website1\/?s={search_term_string}\"},\"query-input\":{\"@type\":\"PropertyValueSpecification\",\"valueRequired\":true,\"valueName\":\"search_term_string\"}}],\"inLanguage\":\"tr\"},{\"@type\":\"Organization\",\"@id\":\"https:\/\/hobierotikshop.com.tr\/website1\/#organization\",\"name\":\"Harem Bursa Erotik Shop\",\"url\":\"https:\/\/hobierotikshop.com.tr\/website1\/\",\"logo\":{\"@type\":\"ImageObject\",\"inLanguage\":\"tr\",\"@id\":\"https:\/\/hobierotikshop.com.tr\/website1\/#\/schema\/logo\/image\/\",\"url\":\"https:\/\/haremerotikshop.com\/site\/wp-content\/uploads\/2025\/03\/haremsexshop.png\",\"contentUrl\":\"https:\/\/haremerotikshop.com\/site\/wp-content\/uploads\/2025\/03\/haremsexshop.png\",\"width\":400,\"height\":100,\"caption\":\"Harem Bursa Erotik Shop\"},\"image\":{\"@id\":\"https:\/\/hobierotikshop.com.tr\/website1\/#\/schema\/logo\/image\/\"},\"sameAs\":[\"https:\/\/x.com\/shopbursa\"],\"publishingPrinciples\":\"https:\/\/hobierotikshop.com.tr\/website1\/mesafeli-satis-sozlesmesi\/\",\"ownershipFundingInfo\":\"https:\/\/hobierotikshop.com.tr\/website1\/contact-us\/\",\"actionableFeedbackPolicy\":\"https:\/\/hobierotikshop.com.tr\/website1\/contact-us\/\",\"correctionsPolicy\":\"https:\/\/hobierotikshop.com.tr\/website1\/mesafeli-satis-sozlesmesi\/\"}]}<\/script>\n<meta property=\"product:brand\" content=\"Pembe Tilki\" \/>\n<meta property=\"product:price:amount\" content=\"1800.00\" \/>\n<meta property=\"product:price:currency\" content=\"TRY\" \/>\n<meta property=\"og:availability\" content=\"instock\" \/>\n<meta property=\"product:availability\" content=\"instock\" \/>\n<meta property=\"product:retailer_item_id\" content=\"PT-VMXS115\" \/>\n<meta property=\"product:condition\" content=\"new\" \/>\n<!-- \/ Yoast SEO Premium plugin. -->","yoast_head_json":{"title":"Tpe Ger\u00e7ek\u00e7i Vajina Mast\u00fcrbat\u00f6r - Bursa Erotik Shop","robots":{"index":"index","follow":"follow","max-snippet":"max-snippet:-1","max-image-preview":"max-image-preview:large","max-video-preview":"max-video-preview:-1"},"canonical":"https:\/\/hobierotikshop.com.tr\/website1\/erotik-shop-urun\/tpe-gercekci-vajina-masturbator\/","og_locale":"tr_TR","og_type":"article","og_title":"Tpe Ger\u00e7ek\u00e7i Vajina Mast\u00fcrbat\u00f6r","og_description":"Ger\u00e7ek\u00e7i Vajina Mast\u00fcrbat\u00f6r, erkeklerin cinsel deneyimlerini zenginle\u015ftirmek, zevk seviyelerini art\u0131rmak ve daha tatmin edici bir deneyim ya\u015famak i\u00e7in tasarlanm\u0131\u015f y\u00fcksek kaliteli bir \u00fcr\u00fcnd\u00fcr. Ger\u00e7ek bir vajina hissi sunan yap\u0131s\u0131, erkeklerin kendilerini ger\u00e7ek bir cinsel deneyimdeymi\u015f gibi hissetmelerini sa\u011flar. Ergonomik tasar\u0131m\u0131 ve esnek yap\u0131s\u0131yla kolay kullan\u0131m imkan\u0131 sunar ve uzun s\u00fcreli kullan\u0131mda konforlu bir deneyim sa\u011flar.","og_url":"https:\/\/hobierotikshop.com.tr\/website1\/erotik-shop-urun\/tpe-gercekci-vajina-masturbator\/","og_site_name":"Bursa Erotik Shop","article_modified_time":"2026-01-27T08:52:32+00:00","og_image":[{"width":1500,"height":1500,"url":"https:\/\/hobierotikshop.com.tr\/website1\/wp-content\/uploads\/2025\/03\/tpe-gercekci-vajina-masturbator-1749-1.jpg","type":"image\/jpeg"}],"twitter_card":"summary_large_image","twitter_site":"@shopbursa","twitter_misc":{"Fiyat":"&#8378;1.800,00 KDV DAH\u0130L","Availability":"In stock"},"schema":{"@context":"https:\/\/schema.org","@graph":[{"@type":"WebPage","@id":"https:\/\/hobierotikshop.com.tr\/website1\/erotik-shop-urun\/tpe-gercekci-vajina-masturbator\/","url":"https:\/\/hobierotikshop.com.tr\/website1\/erotik-shop-urun\/tpe-gercekci-vajina-masturbator\/","name":"Tpe Ger\u00e7ek\u00e7i Vajina Mast\u00fcrbat\u00f6r - Bursa Erotik Shop","isPartOf":{"@id":"https:\/\/hobierotikshop.com.tr\/website1\/#website"},"primaryImageOfPage":{"@id":"https:\/\/hobierotikshop.com.tr\/website1\/erotik-shop-urun\/tpe-gercekci-vajina-masturbator\/#primaryimage"},"image":{"@id":"https:\/\/hobierotikshop.com.tr\/website1\/erotik-shop-urun\/tpe-gercekci-vajina-masturbator\/#primaryimage"},"thumbnailUrl":"https:\/\/haremerotikshop.com\/site\/wp-content\/uploads\/2025\/03\/tpe-gercekci-vajina-masturbator-1749-1.jpg","datePublished":"2025-03-17T09:14:34+00:00","dateModified":"2026-01-27T08:52:32+00:00","breadcrumb":{"@id":"https:\/\/hobierotikshop.com.tr\/website1\/erotik-shop-urun\/tpe-gercekci-vajina-masturbator\/#breadcrumb"},"inLanguage":"tr","potentialAction":[{"@type":"ReadAction","target":["https:\/\/hobierotikshop.com.tr\/website1\/erotik-shop-urun\/tpe-gercekci-vajina-masturbator\/"]}]},{"@type":"ImageObject","inLanguage":"tr","@id":"https:\/\/hobierotikshop.com.tr\/website1\/erotik-shop-urun\/tpe-gercekci-vajina-masturbator\/#primaryimage","url":"https:\/\/haremerotikshop.com\/site\/wp-content\/uploads\/2025\/03\/tpe-gercekci-vajina-masturbator-1749-1.jpg","contentUrl":"https:\/\/haremerotikshop.com\/site\/wp-content\/uploads\/2025\/03\/tpe-gercekci-vajina-masturbator-1749-1.jpg","width":1500,"height":1500},{"@type":"BreadcrumbList","@id":"https:\/\/hobierotikshop.com.tr\/website1\/erotik-shop-urun\/tpe-gercekci-vajina-masturbator\/#breadcrumb","itemListElement":[{"@type":"ListItem","position":1,"name":"Anasayfa","item":"https:\/\/hobierotikshop.com.tr\/website1\/"},{"@type":"ListItem","position":2,"name":"Erotik Shop \u00dcr\u00fcnleri","item":"https:\/\/hobierotikshop.com.tr\/website1\/shop\/"},{"@type":"ListItem","position":3,"name":"Tpe Ger\u00e7ek\u00e7i Vajina Mast\u00fcrbat\u00f6r"}]},{"@type":"WebSite","@id":"https:\/\/hobierotikshop.com.tr\/website1\/#website","url":"https:\/\/hobierotikshop.com.tr\/website1\/","name":"Bursa Erotik Shop","description":"Bursa Erotik Shop ile g\u00fcvenli, gizli ve kaliteli yeti\u015fkin \u00fcr\u00fcnleri al\u0131\u015fveri\u015fi! Geni\u015f \u00fcr\u00fcn yelpazemizi ke\u015ffedin, hemen sipari\u015f verin","publisher":{"@id":"https:\/\/hobierotikshop.com.tr\/website1\/#organization"},"alternateName":"Erotik Shop","potentialAction":[{"@type":"SearchAction","target":{"@type":"EntryPoint","urlTemplate":"https:\/\/hobierotikshop.com.tr\/website1\/?s={search_term_string}"},"query-input":{"@type":"PropertyValueSpecification","valueRequired":true,"valueName":"search_term_string"}}],"inLanguage":"tr"},{"@type":"Organization","@id":"https:\/\/hobierotikshop.com.tr\/website1\/#organization","name":"Harem Bursa Erotik Shop","url":"https:\/\/hobierotikshop.com.tr\/website1\/","logo":{"@type":"ImageObject","inLanguage":"tr","@id":"https:\/\/hobierotikshop.com.tr\/website1\/#\/schema\/logo\/image\/","url":"https:\/\/haremerotikshop.com\/site\/wp-content\/uploads\/2025\/03\/haremsexshop.png","contentUrl":"https:\/\/haremerotikshop.com\/site\/wp-content\/uploads\/2025\/03\/haremsexshop.png","width":400,"height":100,"caption":"Harem Bursa Erotik Shop"},"image":{"@id":"https:\/\/hobierotikshop.com.tr\/website1\/#\/schema\/logo\/image\/"},"sameAs":["https:\/\/x.com\/shopbursa"],"publishingPrinciples":"https:\/\/hobierotikshop.com.tr\/website1\/mesafeli-satis-sozlesmesi\/","ownershipFundingInfo":"https:\/\/hobierotikshop.com.tr\/website1\/contact-us\/","actionableFeedbackPolicy":"https:\/\/hobierotikshop.com.tr\/website1\/contact-us\/","correctionsPolicy":"https:\/\/hobierotikshop.com.tr\/website1\/mesafeli-satis-sozlesmesi\/"}]},"product_brand":"Pembe Tilki","product_price_amount":"1800.00","product_price_currency":"TRY","og_availability":"instock","product_availability":"instock","product_retailer_item_id":"PT-VMXS115","product_condition":"new"},"_links":{"self":[{"href":"https:\/\/haremerotikshop.com\/site\/wp-json\/wp\/v2\/product\/18320","targetHints":{"allow":["GET"]}}],"collection":[{"href":"https:\/\/haremerotikshop.com\/site\/wp-json\/wp\/v2\/product"}],"about":[{"href":"https:\/\/haremerotikshop.com\/site\/wp-json\/wp\/v2\/types\/product"}],"replies":[{"embeddable":true,"href":"https:\/\/haremerotikshop.com\/site\/wp-json\/wp\/v2\/comments?post=18320"}],"version-history":[{"count":0,"href":"https:\/\/haremerotikshop.com\/site\/wp-json\/wp\/v2\/product\/18320\/revisions"}],"wp:featuredmedia":[{"embeddable":true,"href":"https:\/\/haremerotikshop.com\/site\/wp-json\/wp\/v2\/media\/18463"}],"wp:attachment":[{"href":"https:\/\/haremerotikshop.com\/site\/wp-json\/wp\/v2\/media?parent=18320"}],"wp:term":[{"taxonomy":"product_brand","embeddable":true,"href":"https:\/\/haremerotikshop.com\/site\/wp-json\/wp\/v2\/product_brand?post=18320"},{"taxonomy":"product_cat","embeddable":true,"href":"https:\/\/haremerotikshop.com\/site\/wp-json\/wp\/v2\/product_cat?post=18320"},{"taxonomy":"product_tag","embeddable":true,"href":"https:\/\/haremerotikshop.com\/site\/wp-json\/wp\/v2\/product_tag?post=18320"}],"curies":[{"name":"wp","href":"https:\/\/api.w.org\/{rel}","templated":true}]}}