{"id":18330,"date":"2025-03-17T12:15:11","date_gmt":"2025-03-17T09:15:11","guid":{"rendered":"https:\/\/haremerotikshop.com\/site\/?post_type=product&#038;p=18330"},"modified":"2026-01-27T11:51:21","modified_gmt":"2026-01-27T08:51:21","slug":"titresimli-pembe-silikon-penis-halkasi","status":"publish","type":"product","link":"https:\/\/haremerotikshop.com\/site\/erotik-shop-urun\/titresimli-pembe-silikon-penis-halkasi\/","title":{"rendered":"Titre\u015fimli Pembe Silikon Penis Halkas\u0131"},"content":{"rendered":"<div id=\"divOnyazi\" class=\"Formline BorderNone OnYaziContent\">\n<h3 class=\"\" data-start=\"0\" data-end=\"106\"><strong data-start=\"4\" data-end=\"106\">Titre\u015fimli Pembe Silikon Penis Halkas\u0131 \u2013 Cinsel Performans\u0131 Art\u0131ran ve Yo\u011fun Zevk Sa\u011flayan Tasar\u0131m<\/strong><\/h3>\n<p class=\"\" data-start=\"108\" data-end=\"588\"><strong data-start=\"108\" data-end=\"150\">Titre\u015fimli Pembe Silikon Penis Halkas\u0131<\/strong>, cinsel performans\u0131 art\u0131rmak, daha yo\u011fun bir zevk sa\u011flamak ve daha heyecan verici bir deneyim ya\u015famak isteyenler i\u00e7in m\u00fckemmel bir tercihtir. \u00d6zel olarak tasarlanm\u0131\u015f bu \u00fcr\u00fcn, <strong data-start=\"326\" data-end=\"349\">titre\u015fimli \u00f6zelli\u011fi<\/strong> ve <strong data-start=\"353\" data-end=\"378\">esnek silikon malzeme<\/strong> yap\u0131s\u0131 ile konforlu ve etkili bir kullan\u0131m sunar. Cinsel hayat\u0131n\u0131z\u0131 canland\u0131rmak, partnerinizle daha tutkulu ve keyifli anlar ge\u00e7irmek i\u00e7in <strong data-start=\"519\" data-end=\"561\">Titre\u015fimli Pembe Silikon Penis Halkas\u0131<\/strong> ideal bir \u00e7\u00f6z\u00fcm olacakt\u0131r.<\/p>\n<h3 class=\"\" data-start=\"590\" data-end=\"615\"><strong data-start=\"594\" data-end=\"615\">\u00dcr\u00fcn \u00d6zellikleri:<\/strong><\/h3>\n<ul data-start=\"617\" data-end=\"1926\">\n<li class=\"\" data-start=\"617\" data-end=\"841\">\n<p class=\"\" data-start=\"619\" data-end=\"841\"><strong data-start=\"619\" data-end=\"641\">Titre\u015fimli Uyar\u0131m:<\/strong> Titre\u015fimli \u00f6zellik, kullan\u0131c\u0131ya ekstra bir uyar\u0131m sa\u011flar ve cinsel deneyimi daha yo\u011fun ve keyifli hale getirir. Cinsel zevkinizi art\u0131r\u0131rken, partnerinizle payla\u015faca\u011f\u0131n\u0131z anlar\u0131n kalitesini y\u00fckseltir.<\/p>\n<\/li>\n<li class=\"\" data-start=\"843\" data-end=\"1118\">\n<p class=\"\" data-start=\"845\" data-end=\"1118\"><strong data-start=\"845\" data-end=\"882\">Yumu\u015fak ve Esnek Silikon Malzeme:<\/strong> <strong data-start=\"883\" data-end=\"894\">Silikon<\/strong> malzeme, cilt dostudur ve v\u00fccudunuzla uyumlu, esnek bir yap\u0131 sunar. Bu sayede rahatl\u0131kla kullanabilir, v\u00fccudunuza zarar vermeden performans\u0131n\u0131z\u0131 art\u0131rabilirsiniz. Ayn\u0131 zamanda yumu\u015fak dokusu ile konforlu bir deneyim sa\u011flar.<\/p>\n<\/li>\n<li class=\"\" data-start=\"1120\" data-end=\"1309\">\n<p class=\"\" data-start=\"1122\" data-end=\"1309\"><strong data-start=\"1122\" data-end=\"1149\">Kolay Takma ve \u00c7\u0131karma:<\/strong> Tasar\u0131m\u0131ndaki pratiklik sayesinde, <strong data-start=\"1185\" data-end=\"1225\">kolayca tak\u0131labilir ve \u00e7\u0131kar\u0131labilir<\/strong>. H\u0131zl\u0131 ve rahat kullan\u0131m \u00f6zelli\u011fi ile zaman\u0131 en iyi \u015fekilde de\u011ferlendirebilirsiniz.<\/p>\n<\/li>\n<li class=\"\" data-start=\"1311\" data-end=\"1512\">\n<p class=\"\" data-start=\"1313\" data-end=\"1512\"><strong data-start=\"1313\" data-end=\"1333\">Pratik Temizlik:<\/strong> <strong data-start=\"1334\" data-end=\"1353\">Silikon malzeme<\/strong> sayesinde, hijyen a\u00e7\u0131s\u0131ndan son derece kolay temizlenebilir. Sadece su ve sabun ile rahat\u00e7a temizleyebilirsiniz, b\u00f6ylece her kullan\u0131mdan sonra hijyenik kal\u0131r.<\/p>\n<\/li>\n<li class=\"\" data-start=\"1514\" data-end=\"1756\">\n<p class=\"\" data-start=\"1516\" data-end=\"1756\"><strong data-start=\"1516\" data-end=\"1547\">Cinsel Performans\u0131 Art\u0131rma:<\/strong> Penis halkas\u0131, ereksiyon s\u00fcresini uzatmaya yard\u0131mc\u0131 olabilir, bu da uzun s\u00fcreli zevk ve tatmin sa\u011flar. <strong data-start=\"1651\" data-end=\"1687\">Cinsel performans\u0131n\u0131z\u0131 art\u0131rarak<\/strong> daha heyecanl\u0131 ve tatmin edici bir deneyim ya\u015faman\u0131za yard\u0131mc\u0131 olur.<\/p>\n<\/li>\n<li class=\"\" data-start=\"1758\" data-end=\"1926\">\n<p class=\"\" data-start=\"1760\" data-end=\"1926\"><strong data-start=\"1760\" data-end=\"1793\">Komfortlu ve Estetik Tasar\u0131m:<\/strong> <strong data-start=\"1794\" data-end=\"1809\">Pembe rengi<\/strong> ile \u015f\u0131k ve estetik bir g\u00f6r\u00fcn\u00fcme sahip olan bu \u00fcr\u00fcn, kullan\u0131c\u0131s\u0131na g\u00f6rsel ve fiziksel olarak e\u015fsiz bir deneyim sunar.<\/p>\n<\/li>\n<\/ul>\n<h3 class=\"\" data-start=\"1928\" data-end=\"1957\"><strong data-start=\"1932\" data-end=\"1957\">Kullan\u0131m Talimatlar\u0131:<\/strong><\/h3>\n<ol data-start=\"1959\" data-end=\"2190\">\n<li class=\"\" data-start=\"1959\" data-end=\"2027\">\n<p class=\"\" data-start=\"1962\" data-end=\"2027\"><strong data-start=\"1962\" data-end=\"2006\">Titre\u015fimli Pembe Silikon Penis Halkas\u0131n\u0131<\/strong> uygun \u015fekilde tak\u0131n.<\/p>\n<\/li>\n<li class=\"\" data-start=\"2028\" data-end=\"2110\">\n<p class=\"\" data-start=\"2031\" data-end=\"2110\">Ba\u015flatmak i\u00e7in <strong data-start=\"2046\" data-end=\"2070\">titre\u015fim modunu a\u00e7\u0131n<\/strong> ve ihtiyac\u0131n\u0131za g\u00f6re ayarlamalar yap\u0131n.<\/p>\n<\/li>\n<li class=\"\" data-start=\"2111\" data-end=\"2190\">\n<p class=\"\" data-start=\"2114\" data-end=\"2190\">\u0130stedi\u011finiz zaman \u00e7\u0131kar\u0131n ve <strong data-start=\"2143\" data-end=\"2163\">temizleme i\u015flemi<\/strong> i\u00e7in su ve sabun kullan\u0131n.<\/p>\n<\/li>\n<\/ol>\n<h3 class=\"\" data-start=\"2192\" data-end=\"2212\"><strong data-start=\"2196\" data-end=\"2212\">\u0130\u00e7indekiler:<\/strong><\/h3>\n<ul data-start=\"2213\" data-end=\"2301\">\n<li class=\"\" data-start=\"2213\" data-end=\"2252\">\n<p class=\"\" data-start=\"2215\" data-end=\"2252\">Y\u00fcksek kaliteli <strong data-start=\"2231\" data-end=\"2250\">silikon malzeme<\/strong><\/p>\n<\/li>\n<li class=\"\" data-start=\"2253\" data-end=\"2301\">\n<p class=\"\" data-start=\"2255\" data-end=\"2301\"><strong data-start=\"2255\" data-end=\"2279\">Titre\u015fim mekanizmas\u0131<\/strong> (batteri dahil de\u011fil)<\/p>\n<\/li>\n<\/ul>\n<h3 class=\"\" data-start=\"2303\" data-end=\"2320\"><strong data-start=\"2307\" data-end=\"2320\">Uyar\u0131lar:<\/strong><\/h3>\n<ul data-start=\"2321\" data-end=\"2571\">\n<li class=\"\" data-start=\"2321\" data-end=\"2347\">\n<p class=\"\" data-start=\"2323\" data-end=\"2347\">Harici kullan\u0131m i\u00e7indir.<\/p>\n<\/li>\n<li class=\"\" data-start=\"2348\" data-end=\"2380\">\n<p class=\"\" data-start=\"2350\" data-end=\"2380\">G\u00f6zle temastan ka\u00e7\u0131n\u0131lmal\u0131d\u0131r.<\/p>\n<\/li>\n<li class=\"\" data-start=\"2381\" data-end=\"2448\">\n<p class=\"\" data-start=\"2383\" data-end=\"2448\"><strong data-start=\"2383\" data-end=\"2409\">\u00c7ocuklardan uzak tutun<\/strong> ve <strong data-start=\"2413\" data-end=\"2447\">serin, kuru bir yerde saklay\u0131n<\/strong>.<\/p>\n<\/li>\n<li class=\"\" data-start=\"2449\" data-end=\"2504\">\n<p class=\"\" data-start=\"2451\" data-end=\"2504\"><strong data-start=\"2451\" data-end=\"2470\">Alerjen i\u00e7ermez<\/strong> ve t\u00fcm cilt tipleriyle uyumludur.<\/p>\n<\/li>\n<li class=\"\" data-start=\"2505\" data-end=\"2571\">\n<p class=\"\" data-start=\"2507\" data-end=\"2571\"><strong data-start=\"2507\" data-end=\"2518\">Batteri<\/strong> dahil de\u011fildir, <strong data-start=\"2535\" data-end=\"2548\">uygun pil<\/strong> ile kullanabilirsiniz.<\/p>\n<\/li>\n<\/ul>\n<h3 class=\"\" data-start=\"2573\" data-end=\"2655\"><strong data-start=\"2577\" data-end=\"2655\">Titre\u015fimli Pembe Silikon Penis Halkas\u0131 ile Cinsel Hayat\u0131n\u0131za Heyecan Kat\u0131n<\/strong><\/h3>\n<p class=\"\" data-start=\"2657\" data-end=\"3185\"><strong data-start=\"2657\" data-end=\"2699\">Titre\u015fimli Pembe Silikon Penis Halkas\u0131<\/strong>, <strong data-start=\"2701\" data-end=\"2728\">konforlu silikon yap\u0131s\u0131<\/strong> ve <strong data-start=\"2732\" data-end=\"2755\">titre\u015fimli \u00f6zelli\u011fi<\/strong> ile cinsel deneyimlerinizi bir \u00fcst seviyeye ta\u015f\u0131r. Cinsel performans\u0131n\u0131z\u0131 art\u0131r\u0131rken, partnerinizle ge\u00e7irece\u011finiz anlara daha fazla heyecan ve yo\u011funluk kat\u0131n. Dayan\u0131kl\u0131, pratik ve etkili kullan\u0131m sunan bu \u00fcr\u00fcn, <strong data-start=\"2967\" data-end=\"3000\">keyifli ve tatmin edici anlar<\/strong> i\u00e7in ideal bir tercihtir. Cinsel hayat\u0131n\u0131zda heyecan\u0131 yeniden ke\u015ffetmek ve daha fazla zevk almak istiyorsan\u0131z, <strong data-start=\"3112\" data-end=\"3154\">Titre\u015fimli Pembe Silikon Penis Halkas\u0131<\/strong> sizin i\u00e7in m\u00fckemmel bir se\u00e7im!<\/p>\n<p>&nbsp;<\/p>\n<\/div>\n<div class=\"PriceList\">\n<div id=\"pnlFiyatlar\">\n<div id=\"divFiyatAlanlari\">\n<div class=\"urunDetayFiyatContainer\"><\/div>\n<\/div>\n<\/div>\n<\/div>\n","protected":false},"excerpt":{"rendered":"<p><strong data-start=\"108\" data-end=\"150\">Titre\u015fimli Pembe Silikon Penis Halkas\u0131<\/strong>, cinsel performans\u0131 art\u0131rmak, daha yo\u011fun bir zevk sa\u011flamak ve daha heyecan verici bir deneyim ya\u015famak isteyenler i\u00e7in m\u00fckemmel bir tercihtir. \u00d6zel olarak tasarlanm\u0131\u015f bu \u00fcr\u00fcn, <strong data-start=\"326\" data-end=\"349\">titre\u015fimli \u00f6zelli\u011fi<\/strong> ve <strong data-start=\"353\" data-end=\"378\">esnek silikon malzeme<\/strong> yap\u0131s\u0131 ile konforlu ve etkili bir kullan\u0131m sunar. Cinsel hayat\u0131n\u0131z\u0131 canland\u0131rmak, partnerinizle daha tutkulu ve keyifli anlar ge\u00e7irmek i\u00e7in <strong data-start=\"519\" data-end=\"561\">Titre\u015fimli Pembe Silikon Penis Halkas\u0131<\/strong> ideal bir \u00e7\u00f6z\u00fcm olacakt\u0131r.<\/p>\n","protected":false},"featured_media":18484,"comment_status":"open","ping_status":"closed","template":"","meta":[],"product_brand":[127],"product_cat":[121],"product_tag":[128],"class_list":{"0":"post-18330","1":"product","2":"type-product","3":"status-publish","4":"has-post-thumbnail","6":"product_brand-pembe-tilki","7":"product_cat-penis-halkasi","8":"product_tag-titresimli-pembe-silikon-penis-halkasi","10":"first","11":"instock","12":"taxable","13":"shipping-taxable","14":"purchasable","15":"product-type-simple"},"yoast_head":"<!-- This site is optimized with the Yoast SEO Premium plugin v24.4 (Yoast SEO v27.1.1) - https:\/\/yoast.com\/product\/yoast-seo-premium-wordpress\/ -->\n<title>Titre\u015fimli Pembe Silikon Penis Halkas\u0131 - Bursa Erotik Shop<\/title>\n<meta name=\"robots\" content=\"index, follow, max-snippet:-1, max-image-preview:large, max-video-preview:-1\" \/>\n<link rel=\"canonical\" href=\"https:\/\/hobierotikshop.com.tr\/website1\/erotik-shop-urun\/titresimli-pembe-silikon-penis-halkasi\/\" \/>\n<meta property=\"og:locale\" content=\"tr_TR\" \/>\n<meta property=\"og:type\" content=\"article\" \/>\n<meta property=\"og:title\" content=\"Titre\u015fimli Pembe Silikon Penis Halkas\u0131\" \/>\n<meta property=\"og:description\" content=\"Titre\u015fimli Pembe Silikon Penis Halkas\u0131, cinsel performans\u0131 art\u0131rmak, daha yo\u011fun bir zevk sa\u011flamak ve daha heyecan verici bir deneyim ya\u015famak isteyenler i\u00e7in m\u00fckemmel bir tercihtir. \u00d6zel olarak tasarlanm\u0131\u015f bu \u00fcr\u00fcn, titre\u015fimli \u00f6zelli\u011fi ve esnek silikon malzeme yap\u0131s\u0131 ile konforlu ve etkili bir kullan\u0131m sunar. Cinsel hayat\u0131n\u0131z\u0131 canland\u0131rmak, partnerinizle daha tutkulu ve keyifli anlar ge\u00e7irmek i\u00e7in Titre\u015fimli Pembe Silikon Penis Halkas\u0131 ideal bir \u00e7\u00f6z\u00fcm olacakt\u0131r.\" \/>\n<meta property=\"og:url\" content=\"https:\/\/hobierotikshop.com.tr\/website1\/erotik-shop-urun\/titresimli-pembe-silikon-penis-halkasi\/\" \/>\n<meta property=\"og:site_name\" content=\"Bursa Erotik Shop\" \/>\n<meta property=\"article:modified_time\" content=\"2026-01-27T08:51:21+00:00\" \/>\n<meta property=\"og:image\" content=\"https:\/\/hobierotikshop.com.tr\/website1\/wp-content\/uploads\/2025\/03\/titresimli-pembe-silikon-penis-halkasi-2802-2.jpg\" \/>\n\t<meta property=\"og:image:width\" content=\"1500\" \/>\n\t<meta property=\"og:image:height\" content=\"1500\" \/>\n\t<meta property=\"og:image:type\" content=\"image\/jpeg\" \/>\n<meta name=\"twitter:card\" content=\"summary_large_image\" \/>\n<meta name=\"twitter:site\" content=\"@shopbursa\" \/>\n<meta name=\"twitter:label1\" content=\"Fiyat\" \/>\n\t<meta name=\"twitter:data1\" content=\"&#8378;350,00 KDV DAH\u0130L\" \/>\n\t<meta name=\"twitter:label2\" content=\"Availability\" \/>\n\t<meta name=\"twitter:data2\" content=\"In stock\" \/>\n<script type=\"application\/ld+json\" class=\"yoast-schema-graph\">{\"@context\":\"https:\/\/schema.org\",\"@graph\":[{\"@type\":\"WebPage\",\"@id\":\"https:\/\/hobierotikshop.com.tr\/website1\/erotik-shop-urun\/titresimli-pembe-silikon-penis-halkasi\/\",\"url\":\"https:\/\/hobierotikshop.com.tr\/website1\/erotik-shop-urun\/titresimli-pembe-silikon-penis-halkasi\/\",\"name\":\"Titre\u015fimli Pembe Silikon Penis Halkas\u0131 - Bursa Erotik Shop\",\"isPartOf\":{\"@id\":\"https:\/\/hobierotikshop.com.tr\/website1\/#website\"},\"primaryImageOfPage\":{\"@id\":\"https:\/\/hobierotikshop.com.tr\/website1\/erotik-shop-urun\/titresimli-pembe-silikon-penis-halkasi\/#primaryimage\"},\"image\":{\"@id\":\"https:\/\/hobierotikshop.com.tr\/website1\/erotik-shop-urun\/titresimli-pembe-silikon-penis-halkasi\/#primaryimage\"},\"thumbnailUrl\":\"https:\/\/haremerotikshop.com\/site\/wp-content\/uploads\/2025\/03\/titresimli-pembe-silikon-penis-halkasi-2802-2.jpg\",\"datePublished\":\"2025-03-17T09:15:11+00:00\",\"dateModified\":\"2026-01-27T08:51:21+00:00\",\"breadcrumb\":{\"@id\":\"https:\/\/hobierotikshop.com.tr\/website1\/erotik-shop-urun\/titresimli-pembe-silikon-penis-halkasi\/#breadcrumb\"},\"inLanguage\":\"tr\",\"potentialAction\":[{\"@type\":\"ReadAction\",\"target\":[\"https:\/\/hobierotikshop.com.tr\/website1\/erotik-shop-urun\/titresimli-pembe-silikon-penis-halkasi\/\"]}]},{\"@type\":\"ImageObject\",\"inLanguage\":\"tr\",\"@id\":\"https:\/\/hobierotikshop.com.tr\/website1\/erotik-shop-urun\/titresimli-pembe-silikon-penis-halkasi\/#primaryimage\",\"url\":\"https:\/\/haremerotikshop.com\/site\/wp-content\/uploads\/2025\/03\/titresimli-pembe-silikon-penis-halkasi-2802-2.jpg\",\"contentUrl\":\"https:\/\/haremerotikshop.com\/site\/wp-content\/uploads\/2025\/03\/titresimli-pembe-silikon-penis-halkasi-2802-2.jpg\",\"width\":1500,\"height\":1500},{\"@type\":\"BreadcrumbList\",\"@id\":\"https:\/\/hobierotikshop.com.tr\/website1\/erotik-shop-urun\/titresimli-pembe-silikon-penis-halkasi\/#breadcrumb\",\"itemListElement\":[{\"@type\":\"ListItem\",\"position\":1,\"name\":\"Anasayfa\",\"item\":\"https:\/\/hobierotikshop.com.tr\/website1\/\"},{\"@type\":\"ListItem\",\"position\":2,\"name\":\"Erotik Shop \u00dcr\u00fcnleri\",\"item\":\"https:\/\/hobierotikshop.com.tr\/website1\/shop\/\"},{\"@type\":\"ListItem\",\"position\":3,\"name\":\"Titre\u015fimli Pembe Silikon Penis Halkas\u0131\"}]},{\"@type\":\"WebSite\",\"@id\":\"https:\/\/hobierotikshop.com.tr\/website1\/#website\",\"url\":\"https:\/\/hobierotikshop.com.tr\/website1\/\",\"name\":\"Bursa Erotik Shop\",\"description\":\"Bursa Erotik Shop ile g\u00fcvenli, gizli ve kaliteli yeti\u015fkin \u00fcr\u00fcnleri al\u0131\u015fveri\u015fi! Geni\u015f \u00fcr\u00fcn yelpazemizi ke\u015ffedin, hemen sipari\u015f verin\",\"publisher\":{\"@id\":\"https:\/\/hobierotikshop.com.tr\/website1\/#organization\"},\"alternateName\":\"Erotik Shop\",\"potentialAction\":[{\"@type\":\"SearchAction\",\"target\":{\"@type\":\"EntryPoint\",\"urlTemplate\":\"https:\/\/hobierotikshop.com.tr\/website1\/?s={search_term_string}\"},\"query-input\":{\"@type\":\"PropertyValueSpecification\",\"valueRequired\":true,\"valueName\":\"search_term_string\"}}],\"inLanguage\":\"tr\"},{\"@type\":\"Organization\",\"@id\":\"https:\/\/hobierotikshop.com.tr\/website1\/#organization\",\"name\":\"Harem Bursa Erotik Shop\",\"url\":\"https:\/\/hobierotikshop.com.tr\/website1\/\",\"logo\":{\"@type\":\"ImageObject\",\"inLanguage\":\"tr\",\"@id\":\"https:\/\/hobierotikshop.com.tr\/website1\/#\/schema\/logo\/image\/\",\"url\":\"https:\/\/haremerotikshop.com\/site\/wp-content\/uploads\/2025\/03\/haremsexshop.png\",\"contentUrl\":\"https:\/\/haremerotikshop.com\/site\/wp-content\/uploads\/2025\/03\/haremsexshop.png\",\"width\":400,\"height\":100,\"caption\":\"Harem Bursa Erotik Shop\"},\"image\":{\"@id\":\"https:\/\/hobierotikshop.com.tr\/website1\/#\/schema\/logo\/image\/\"},\"sameAs\":[\"https:\/\/x.com\/shopbursa\"],\"publishingPrinciples\":\"https:\/\/hobierotikshop.com.tr\/website1\/mesafeli-satis-sozlesmesi\/\",\"ownershipFundingInfo\":\"https:\/\/hobierotikshop.com.tr\/website1\/contact-us\/\",\"actionableFeedbackPolicy\":\"https:\/\/hobierotikshop.com.tr\/website1\/contact-us\/\",\"correctionsPolicy\":\"https:\/\/hobierotikshop.com.tr\/website1\/mesafeli-satis-sozlesmesi\/\"}]}<\/script>\n<meta property=\"product:brand\" content=\"Pembe Tilki\" \/>\n<meta property=\"product:price:amount\" content=\"350.00\" \/>\n<meta property=\"product:price:currency\" content=\"TRY\" \/>\n<meta property=\"og:availability\" content=\"instock\" \/>\n<meta property=\"product:availability\" content=\"instock\" \/>\n<meta property=\"product:retailer_item_id\" content=\"PT-ECXF201\" \/>\n<meta property=\"product:condition\" content=\"new\" \/>\n<!-- \/ Yoast SEO Premium plugin. -->","yoast_head_json":{"title":"Titre\u015fimli Pembe Silikon Penis Halkas\u0131 - Bursa Erotik Shop","robots":{"index":"index","follow":"follow","max-snippet":"max-snippet:-1","max-image-preview":"max-image-preview:large","max-video-preview":"max-video-preview:-1"},"canonical":"https:\/\/hobierotikshop.com.tr\/website1\/erotik-shop-urun\/titresimli-pembe-silikon-penis-halkasi\/","og_locale":"tr_TR","og_type":"article","og_title":"Titre\u015fimli Pembe Silikon Penis Halkas\u0131","og_description":"Titre\u015fimli Pembe Silikon Penis Halkas\u0131, cinsel performans\u0131 art\u0131rmak, daha yo\u011fun bir zevk sa\u011flamak ve daha heyecan verici bir deneyim ya\u015famak isteyenler i\u00e7in m\u00fckemmel bir tercihtir. \u00d6zel olarak tasarlanm\u0131\u015f bu \u00fcr\u00fcn, titre\u015fimli \u00f6zelli\u011fi ve esnek silikon malzeme yap\u0131s\u0131 ile konforlu ve etkili bir kullan\u0131m sunar. Cinsel hayat\u0131n\u0131z\u0131 canland\u0131rmak, partnerinizle daha tutkulu ve keyifli anlar ge\u00e7irmek i\u00e7in Titre\u015fimli Pembe Silikon Penis Halkas\u0131 ideal bir \u00e7\u00f6z\u00fcm olacakt\u0131r.","og_url":"https:\/\/hobierotikshop.com.tr\/website1\/erotik-shop-urun\/titresimli-pembe-silikon-penis-halkasi\/","og_site_name":"Bursa Erotik Shop","article_modified_time":"2026-01-27T08:51:21+00:00","og_image":[{"width":1500,"height":1500,"url":"https:\/\/hobierotikshop.com.tr\/website1\/wp-content\/uploads\/2025\/03\/titresimli-pembe-silikon-penis-halkasi-2802-2.jpg","type":"image\/jpeg"}],"twitter_card":"summary_large_image","twitter_site":"@shopbursa","twitter_misc":{"Fiyat":"&#8378;350,00 KDV DAH\u0130L","Availability":"In stock"},"schema":{"@context":"https:\/\/schema.org","@graph":[{"@type":"WebPage","@id":"https:\/\/hobierotikshop.com.tr\/website1\/erotik-shop-urun\/titresimli-pembe-silikon-penis-halkasi\/","url":"https:\/\/hobierotikshop.com.tr\/website1\/erotik-shop-urun\/titresimli-pembe-silikon-penis-halkasi\/","name":"Titre\u015fimli Pembe Silikon Penis Halkas\u0131 - Bursa Erotik Shop","isPartOf":{"@id":"https:\/\/hobierotikshop.com.tr\/website1\/#website"},"primaryImageOfPage":{"@id":"https:\/\/hobierotikshop.com.tr\/website1\/erotik-shop-urun\/titresimli-pembe-silikon-penis-halkasi\/#primaryimage"},"image":{"@id":"https:\/\/hobierotikshop.com.tr\/website1\/erotik-shop-urun\/titresimli-pembe-silikon-penis-halkasi\/#primaryimage"},"thumbnailUrl":"https:\/\/haremerotikshop.com\/site\/wp-content\/uploads\/2025\/03\/titresimli-pembe-silikon-penis-halkasi-2802-2.jpg","datePublished":"2025-03-17T09:15:11+00:00","dateModified":"2026-01-27T08:51:21+00:00","breadcrumb":{"@id":"https:\/\/hobierotikshop.com.tr\/website1\/erotik-shop-urun\/titresimli-pembe-silikon-penis-halkasi\/#breadcrumb"},"inLanguage":"tr","potentialAction":[{"@type":"ReadAction","target":["https:\/\/hobierotikshop.com.tr\/website1\/erotik-shop-urun\/titresimli-pembe-silikon-penis-halkasi\/"]}]},{"@type":"ImageObject","inLanguage":"tr","@id":"https:\/\/hobierotikshop.com.tr\/website1\/erotik-shop-urun\/titresimli-pembe-silikon-penis-halkasi\/#primaryimage","url":"https:\/\/haremerotikshop.com\/site\/wp-content\/uploads\/2025\/03\/titresimli-pembe-silikon-penis-halkasi-2802-2.jpg","contentUrl":"https:\/\/haremerotikshop.com\/site\/wp-content\/uploads\/2025\/03\/titresimli-pembe-silikon-penis-halkasi-2802-2.jpg","width":1500,"height":1500},{"@type":"BreadcrumbList","@id":"https:\/\/hobierotikshop.com.tr\/website1\/erotik-shop-urun\/titresimli-pembe-silikon-penis-halkasi\/#breadcrumb","itemListElement":[{"@type":"ListItem","position":1,"name":"Anasayfa","item":"https:\/\/hobierotikshop.com.tr\/website1\/"},{"@type":"ListItem","position":2,"name":"Erotik Shop \u00dcr\u00fcnleri","item":"https:\/\/hobierotikshop.com.tr\/website1\/shop\/"},{"@type":"ListItem","position":3,"name":"Titre\u015fimli Pembe Silikon Penis Halkas\u0131"}]},{"@type":"WebSite","@id":"https:\/\/hobierotikshop.com.tr\/website1\/#website","url":"https:\/\/hobierotikshop.com.tr\/website1\/","name":"Bursa Erotik Shop","description":"Bursa Erotik Shop ile g\u00fcvenli, gizli ve kaliteli yeti\u015fkin \u00fcr\u00fcnleri al\u0131\u015fveri\u015fi! Geni\u015f \u00fcr\u00fcn yelpazemizi ke\u015ffedin, hemen sipari\u015f verin","publisher":{"@id":"https:\/\/hobierotikshop.com.tr\/website1\/#organization"},"alternateName":"Erotik Shop","potentialAction":[{"@type":"SearchAction","target":{"@type":"EntryPoint","urlTemplate":"https:\/\/hobierotikshop.com.tr\/website1\/?s={search_term_string}"},"query-input":{"@type":"PropertyValueSpecification","valueRequired":true,"valueName":"search_term_string"}}],"inLanguage":"tr"},{"@type":"Organization","@id":"https:\/\/hobierotikshop.com.tr\/website1\/#organization","name":"Harem Bursa Erotik Shop","url":"https:\/\/hobierotikshop.com.tr\/website1\/","logo":{"@type":"ImageObject","inLanguage":"tr","@id":"https:\/\/hobierotikshop.com.tr\/website1\/#\/schema\/logo\/image\/","url":"https:\/\/haremerotikshop.com\/site\/wp-content\/uploads\/2025\/03\/haremsexshop.png","contentUrl":"https:\/\/haremerotikshop.com\/site\/wp-content\/uploads\/2025\/03\/haremsexshop.png","width":400,"height":100,"caption":"Harem Bursa Erotik Shop"},"image":{"@id":"https:\/\/hobierotikshop.com.tr\/website1\/#\/schema\/logo\/image\/"},"sameAs":["https:\/\/x.com\/shopbursa"],"publishingPrinciples":"https:\/\/hobierotikshop.com.tr\/website1\/mesafeli-satis-sozlesmesi\/","ownershipFundingInfo":"https:\/\/hobierotikshop.com.tr\/website1\/contact-us\/","actionableFeedbackPolicy":"https:\/\/hobierotikshop.com.tr\/website1\/contact-us\/","correctionsPolicy":"https:\/\/hobierotikshop.com.tr\/website1\/mesafeli-satis-sozlesmesi\/"}]},"product_brand":"Pembe Tilki","product_price_amount":"350.00","product_price_currency":"TRY","og_availability":"instock","product_availability":"instock","product_retailer_item_id":"PT-ECXF201","product_condition":"new"},"_links":{"self":[{"href":"https:\/\/haremerotikshop.com\/site\/wp-json\/wp\/v2\/product\/18330","targetHints":{"allow":["GET"]}}],"collection":[{"href":"https:\/\/haremerotikshop.com\/site\/wp-json\/wp\/v2\/product"}],"about":[{"href":"https:\/\/haremerotikshop.com\/site\/wp-json\/wp\/v2\/types\/product"}],"replies":[{"embeddable":true,"href":"https:\/\/haremerotikshop.com\/site\/wp-json\/wp\/v2\/comments?post=18330"}],"version-history":[{"count":0,"href":"https:\/\/haremerotikshop.com\/site\/wp-json\/wp\/v2\/product\/18330\/revisions"}],"wp:featuredmedia":[{"embeddable":true,"href":"https:\/\/haremerotikshop.com\/site\/wp-json\/wp\/v2\/media\/18484"}],"wp:attachment":[{"href":"https:\/\/haremerotikshop.com\/site\/wp-json\/wp\/v2\/media?parent=18330"}],"wp:term":[{"taxonomy":"product_brand","embeddable":true,"href":"https:\/\/haremerotikshop.com\/site\/wp-json\/wp\/v2\/product_brand?post=18330"},{"taxonomy":"product_cat","embeddable":true,"href":"https:\/\/haremerotikshop.com\/site\/wp-json\/wp\/v2\/product_cat?post=18330"},{"taxonomy":"product_tag","embeddable":true,"href":"https:\/\/haremerotikshop.com\/site\/wp-json\/wp\/v2\/product_tag?post=18330"}],"curies":[{"name":"wp","href":"https:\/\/api.w.org\/{rel}","templated":true}]}}