{"id":18342,"date":"2025-03-17T12:16:00","date_gmt":"2025-03-17T09:16:00","guid":{"rendered":"https:\/\/haremerotikshop.com\/site\/?post_type=product&#038;p=18342"},"modified":"2026-01-27T11:50:47","modified_gmt":"2026-01-27T08:50:47","slug":"viaxi-glide-su-bazli-kayganlastirici-jel-sade-200-ml","status":"publish","type":"product","link":"https:\/\/haremerotikshop.com\/site\/erotik-shop-urun\/viaxi-glide-su-bazli-kayganlastirici-jel-sade-200-ml\/","title":{"rendered":"Viaxi Glide Su Bazl\u0131 Kayganla\u015ft\u0131r\u0131c\u0131 Jel Sade 200 Ml"},"content":{"rendered":"<h3 class=\"\" data-start=\"0\" data-end=\"89\"><strong data-start=\"4\" data-end=\"89\">Viaxi Glide Kayganla\u015ft\u0131r\u0131c\u0131 Jel 200 ml \u2013 Konforlu ve Sa\u011fl\u0131kl\u0131 Cinsel Deneyim \u0130\u00e7in<\/strong><\/h3>\n<p class=\"\" data-start=\"91\" data-end=\"585\"><strong data-start=\"91\" data-end=\"133\">Viaxi Glide Kayganla\u015ft\u0131r\u0131c\u0131 Jel 200 ml<\/strong>, cinsel ya\u015fam\u0131n\u0131z\u0131 daha keyifli ve rahat hale getirmek i\u00e7in geli\u015ftirilmi\u015f su bazl\u0131, <strong data-start=\"218\" data-end=\"229\">renksiz<\/strong> ve <strong data-start=\"233\" data-end=\"244\">kokusuz<\/strong> bir kayganla\u015ft\u0131r\u0131c\u0131 jeldir. Vajinal kurulu\u011fu azaltmaya yard\u0131mc\u0131 olan bu jel, uzun s\u00fcreli kayganl\u0131k sa\u011flarken, rahatlat\u0131c\u0131 etkisi ile cinsel deneyimlerinizi iyile\u015ftirir. Dermatolojik ve klinik testlerden ge\u00e7mi\u015f olup, t\u00fcm cilt tipleriyle uyumludur ve <strong data-start=\"494\" data-end=\"528\">prezervatif ile %100 uyumludur<\/strong>. Ayr\u0131ca, fantezi oyuncaklar\u0131 ile g\u00fcvenle kullan\u0131labilir.<\/p>\n<h3 class=\"\" data-start=\"587\" data-end=\"612\"><strong data-start=\"591\" data-end=\"612\">\u00dcr\u00fcn \u00d6zellikleri:<\/strong><\/h3>\n<ul data-start=\"614\" data-end=\"1695\">\n<li class=\"\" data-start=\"614\" data-end=\"823\">\n<p class=\"\" data-start=\"616\" data-end=\"823\"><strong data-start=\"616\" data-end=\"640\">Su Bazl\u0131 ve Kokusuz:<\/strong> Viaxi Glide Kayganla\u015ft\u0131r\u0131c\u0131 Jel, <strong data-start=\"674\" data-end=\"686\">su bazl\u0131<\/strong> form\u00fcl\u00fc ile cildinizi nemlendirirken, <strong data-start=\"725\" data-end=\"736\">renksiz<\/strong> ve <strong data-start=\"740\" data-end=\"751\">kokusuz<\/strong> olmas\u0131 sayesinde kullan\u0131m\u0131 son derece rahat ve ferah bir deneyim sunar.<\/p>\n<\/li>\n<li class=\"\" data-start=\"825\" data-end=\"1007\">\n<p class=\"\" data-start=\"827\" data-end=\"1007\"><strong data-start=\"827\" data-end=\"853\">Uzun S\u00fcreli Kayganl\u0131k:<\/strong> Bu jel, uzun s\u00fcre kayganl\u0131k sa\u011flar. <strong data-start=\"890\" data-end=\"907\">Kuruma yapmaz<\/strong>, b\u00f6ylece cinsel deneyimleriniz boyunca rahats\u0131zl\u0131k vermez ve kayganl\u0131k etkisi uzun s\u00fcre devam eder.<\/p>\n<\/li>\n<li class=\"\" data-start=\"1009\" data-end=\"1211\">\n<p class=\"\" data-start=\"1011\" data-end=\"1211\"><strong data-start=\"1011\" data-end=\"1040\">Vajinal Kurulu\u011fu Azaltma:<\/strong> <strong data-start=\"1041\" data-end=\"1061\">Vajinal kurulu\u011fu<\/strong> azaltmaya yard\u0131mc\u0131 olarak, daha rahat bir cinsel ili\u015fki sunar. Cildinizin nem dengesini korur, cinsel birle\u015fmenin daha keyifli hale gelmesini sa\u011flar.<\/p>\n<\/li>\n<li class=\"\" data-start=\"1213\" data-end=\"1369\">\n<p class=\"\" data-start=\"1215\" data-end=\"1369\"><strong data-start=\"1215\" data-end=\"1245\">Prezentatifle %100 Uyumlu:<\/strong> Viaxi Glide Kayganla\u015ft\u0131r\u0131c\u0131 Jel, <strong data-start=\"1279\" data-end=\"1311\">prezervatifle %100 uyumludur<\/strong>. Bu \u00f6zellik, \u00fcr\u00fcn\u00fcn g\u00fcvenli ve etkili kullan\u0131m\u0131n\u0131 sa\u011flar.<\/p>\n<\/li>\n<li class=\"\" data-start=\"1371\" data-end=\"1517\">\n<p class=\"\" data-start=\"1373\" data-end=\"1517\"><strong data-start=\"1373\" data-end=\"1409\">Fantezi Oyuncaklar\u0131yla Kullan\u0131m:<\/strong> Fantezi oyuncaklar\u0131yla <strong data-start=\"1433\" data-end=\"1459\">g\u00fcvenle kullan\u0131labilir<\/strong>. \u0130htiya\u00e7 duydu\u011funuz her an rahatl\u0131kla uygulayabilirsiniz.<\/p>\n<\/li>\n<li class=\"\" data-start=\"1519\" data-end=\"1695\">\n<p class=\"\" data-start=\"1521\" data-end=\"1695\"><strong data-start=\"1521\" data-end=\"1556\">Ya\u011fs\u0131z ve Kolay Temizlenebilir:<\/strong> Ya\u011f i\u00e7ermeyen bu jel, <strong data-start=\"1579\" data-end=\"1603\">suda kolayca \u00e7\u00f6z\u00fcl\u00fcr<\/strong> ve cildinizde ya\u011fl\u0131 bir iz b\u0131rakmaz. Ayr\u0131ca, kolayca temizlenir, giysilerinize leke yapmaz.<\/p>\n<\/li>\n<\/ul>\n<h3 class=\"\" data-start=\"1697\" data-end=\"1726\"><strong data-start=\"1701\" data-end=\"1726\">Kullan\u0131m Talimatlar\u0131:<\/strong><\/h3>\n<ol data-start=\"1728\" data-end=\"1880\">\n<li class=\"\" data-start=\"1728\" data-end=\"1786\">\n<p class=\"\" data-start=\"1731\" data-end=\"1786\">\u015ei\u015feyi a\u00e7\u0131n ve <strong data-start=\"1746\" data-end=\"1769\">gerekti\u011fi kadar jel<\/strong> avucunuza d\u00f6k\u00fcn.<\/p>\n<\/li>\n<li class=\"\" data-start=\"1787\" data-end=\"1840\">\n<p class=\"\" data-start=\"1790\" data-end=\"1840\"><strong data-start=\"1790\" data-end=\"1821\">Vajinal veya anal b\u00f6lgelere<\/strong> nazik\u00e7e uygulay\u0131n.<\/p>\n<\/li>\n<li class=\"\" data-start=\"1841\" data-end=\"1880\">\n<p class=\"\" data-start=\"1844\" data-end=\"1880\">Gerekti\u011finde uygulamay\u0131 tekrarlay\u0131n.<\/p>\n<\/li>\n<\/ol>\n<h3 class=\"\" data-start=\"1882\" data-end=\"1902\"><strong data-start=\"1886\" data-end=\"1902\">\u0130\u00e7indekiler:<\/strong><\/h3>\n<ul data-start=\"1903\" data-end=\"1964\">\n<li class=\"\" data-start=\"1903\" data-end=\"1920\">\n<p class=\"\" data-start=\"1905\" data-end=\"1920\">Su Bazl\u0131 Form\u00fcl<\/p>\n<\/li>\n<li class=\"\" data-start=\"1921\" data-end=\"1964\">\n<p class=\"\" data-start=\"1923\" data-end=\"1964\">Dermatolojik ve Klinik Test Onayl\u0131 \u0130\u00e7erik<\/p>\n<\/li>\n<\/ul>\n<h3 class=\"\" data-start=\"1966\" data-end=\"1983\"><strong data-start=\"1970\" data-end=\"1983\">Uyar\u0131lar:<\/strong><\/h3>\n<ul data-start=\"1984\" data-end=\"2165\">\n<li class=\"\" data-start=\"1984\" data-end=\"2040\">\n<p class=\"\" data-start=\"1986\" data-end=\"2040\">Haricen kullan\u0131l\u0131r, <strong data-start=\"2006\" data-end=\"2039\">g\u00f6zle temastan ka\u00e7\u0131n\u0131lmal\u0131d\u0131r<\/strong>.<\/p>\n<\/li>\n<li class=\"\" data-start=\"2041\" data-end=\"2108\">\n<p class=\"\" data-start=\"2043\" data-end=\"2108\"><strong data-start=\"2043\" data-end=\"2069\">\u00c7ocuklardan uzak tutun<\/strong> ve <strong data-start=\"2073\" data-end=\"2107\">serin, kuru bir yerde saklay\u0131n<\/strong>.<\/p>\n<\/li>\n<li class=\"\" data-start=\"2109\" data-end=\"2165\">\n<p class=\"\" data-start=\"2111\" data-end=\"2165\">Alerjik reaksiyon g\u00f6r\u00fcld\u00fc\u011f\u00fcnde <strong data-start=\"2142\" data-end=\"2164\">kullan\u0131m\u0131 durdurun<\/strong>.<\/p>\n<\/li>\n<\/ul>\n<h3 class=\"\" data-start=\"2167\" data-end=\"2247\"><strong data-start=\"2171\" data-end=\"2247\">Viaxi Glide Kayganla\u015ft\u0131r\u0131c\u0131 Jel ile Sa\u011fl\u0131kl\u0131 ve Keyifli Bir Cinsel Ya\u015fam<\/strong><\/h3>\n<p class=\"\" data-start=\"2249\" data-end=\"2683\"><strong data-start=\"2249\" data-end=\"2291\">Viaxi Glide Kayganla\u015ft\u0131r\u0131c\u0131 Jel 200 ml<\/strong>, su bazl\u0131 ve <strong data-start=\"2305\" data-end=\"2316\">renksiz<\/strong> form\u00fcl\u00fcyle cildinize zarar vermeden uzun s\u00fcreli kayganl\u0131k sa\u011flar. Vajinal kurulu\u011fu azaltarak, rahat bir cinsel deneyim ya\u015faman\u0131z\u0131 sa\u011flar. <strong data-start=\"2455\" data-end=\"2465\">Ya\u011fs\u0131z<\/strong>, <strong data-start=\"2467\" data-end=\"2487\">suda \u00e7\u00f6z\u00fcnebilen<\/strong> ve <strong data-start=\"2491\" data-end=\"2515\">prezervatifle uyumlu<\/strong> olmas\u0131, g\u00fcvenli bir kullan\u0131m sunar. Ayr\u0131ca, fantezi oyuncaklar\u0131yla da <strong data-start=\"2586\" data-end=\"2612\">g\u00fcvenle kullan\u0131labilir<\/strong>. Cildinizi nemlendirir, kayganla\u015ft\u0131r\u0131r ve p\u00fcr\u00fczs\u00fcz bir deneyim sa\u011flar.<\/p>\n<p class=\"\" data-start=\"2685\" data-end=\"2806\"><strong data-start=\"2685\" data-end=\"2740\">Daha sa\u011fl\u0131kl\u0131, konforlu ve keyifli bir cinsel ya\u015fam<\/strong> i\u00e7in Viaxi Glide Kayganla\u015ft\u0131r\u0131c\u0131 Jel\u2019i g\u00fcvenle kullanabilirsiniz.<\/p>\n","protected":false},"excerpt":{"rendered":"<p><strong data-start=\"91\" data-end=\"133\">Viaxi Glide Kayganla\u015ft\u0131r\u0131c\u0131 Jel 200 ml<\/strong>, cinsel ya\u015fam\u0131n\u0131z\u0131 daha keyifli ve rahat hale getirmek i\u00e7in geli\u015ftirilmi\u015f su bazl\u0131, <strong data-start=\"218\" data-end=\"229\">renksiz<\/strong> ve <strong data-start=\"233\" data-end=\"244\">kokusuz<\/strong> bir kayganla\u015ft\u0131r\u0131c\u0131 jeldir. Vajinal kurulu\u011fu azaltmaya yard\u0131mc\u0131 olan bu jel, uzun s\u00fcreli kayganl\u0131k sa\u011flarken, rahatlat\u0131c\u0131 etkisi ile cinsel deneyimlerinizi iyile\u015ftirir. Dermatolojik ve klinik testlerden ge\u00e7mi\u015f olup, t\u00fcm cilt tipleriyle uyumludur ve <strong data-start=\"494\" data-end=\"528\">prezervatif ile %100 uyumludur<\/strong>. Ayr\u0131ca, fantezi oyuncaklar\u0131 ile g\u00fcvenle kullan\u0131labilir.<\/p>\n","protected":false},"featured_media":18490,"comment_status":"closed","ping_status":"closed","template":"","meta":[],"product_brand":[167],"product_cat":[131],"product_tag":[132],"class_list":{"0":"post-18342","1":"product","2":"type-product","3":"status-publish","4":"has-post-thumbnail","6":"product_brand-viaxi","7":"product_cat-kayganlastirici","8":"product_tag-viaxi-glide-su-bazli-kayganlastirici-jel-sade-50-ml","10":"first","11":"instock","12":"taxable","13":"shipping-taxable","14":"purchasable","15":"product-type-simple"},"yoast_head":"<!-- This site is optimized with the Yoast SEO Premium plugin v24.4 (Yoast SEO v27.1.1) - https:\/\/yoast.com\/product\/yoast-seo-premium-wordpress\/ -->\n<title>Viaxi Glide Su Bazl\u0131 Kayganla\u015ft\u0131r\u0131c\u0131 Jel Sade 200 Ml - Bursa Erotik Shop<\/title>\n<meta name=\"robots\" content=\"index, follow, max-snippet:-1, max-image-preview:large, max-video-preview:-1\" \/>\n<link rel=\"canonical\" href=\"https:\/\/hobierotikshop.com.tr\/website1\/erotik-shop-urun\/viaxi-glide-su-bazli-kayganlastirici-jel-sade-200-ml\/\" \/>\n<meta property=\"og:locale\" content=\"tr_TR\" \/>\n<meta property=\"og:type\" content=\"article\" \/>\n<meta property=\"og:title\" content=\"Viaxi Glide Su Bazl\u0131 Kayganla\u015ft\u0131r\u0131c\u0131 Jel Sade 200 Ml\" \/>\n<meta property=\"og:description\" content=\"Viaxi Glide Kayganla\u015ft\u0131r\u0131c\u0131 Jel 200 ml, cinsel ya\u015fam\u0131n\u0131z\u0131 daha keyifli ve rahat hale getirmek i\u00e7in geli\u015ftirilmi\u015f su bazl\u0131, renksiz ve kokusuz bir kayganla\u015ft\u0131r\u0131c\u0131 jeldir. Vajinal kurulu\u011fu azaltmaya yard\u0131mc\u0131 olan bu jel, uzun s\u00fcreli kayganl\u0131k sa\u011flarken, rahatlat\u0131c\u0131 etkisi ile cinsel deneyimlerinizi iyile\u015ftirir. Dermatolojik ve klinik testlerden ge\u00e7mi\u015f olup, t\u00fcm cilt tipleriyle uyumludur ve prezervatif ile %100 uyumludur. Ayr\u0131ca, fantezi oyuncaklar\u0131 ile g\u00fcvenle kullan\u0131labilir.\" \/>\n<meta property=\"og:url\" content=\"https:\/\/hobierotikshop.com.tr\/website1\/erotik-shop-urun\/viaxi-glide-su-bazli-kayganlastirici-jel-sade-200-ml\/\" \/>\n<meta property=\"og:site_name\" content=\"Bursa Erotik Shop\" \/>\n<meta property=\"article:modified_time\" content=\"2026-01-27T08:50:47+00:00\" \/>\n<meta property=\"og:image\" content=\"https:\/\/hobierotikshop.com.tr\/website1\/wp-content\/uploads\/2025\/03\/viaxi-glide-su-bazli-kayganlastirici-jel-sade-200-ml-1510-1.jpg\" \/>\n\t<meta property=\"og:image:width\" content=\"1000\" \/>\n\t<meta property=\"og:image:height\" content=\"1000\" \/>\n\t<meta property=\"og:image:type\" content=\"image\/jpeg\" \/>\n<meta name=\"twitter:card\" content=\"summary_large_image\" \/>\n<meta name=\"twitter:site\" content=\"@shopbursa\" \/>\n<meta name=\"twitter:label1\" content=\"Fiyat\" \/>\n\t<meta name=\"twitter:data1\" content=\"&#8378;800,00 KDV DAH\u0130L\" \/>\n\t<meta name=\"twitter:label2\" content=\"Availability\" \/>\n\t<meta name=\"twitter:data2\" content=\"In stock\" \/>\n<script type=\"application\/ld+json\" class=\"yoast-schema-graph\">{\"@context\":\"https:\/\/schema.org\",\"@graph\":[{\"@type\":\"WebPage\",\"@id\":\"https:\/\/hobierotikshop.com.tr\/website1\/erotik-shop-urun\/viaxi-glide-su-bazli-kayganlastirici-jel-sade-200-ml\/\",\"url\":\"https:\/\/hobierotikshop.com.tr\/website1\/erotik-shop-urun\/viaxi-glide-su-bazli-kayganlastirici-jel-sade-200-ml\/\",\"name\":\"Viaxi Glide Su Bazl\u0131 Kayganla\u015ft\u0131r\u0131c\u0131 Jel Sade 200 Ml - Bursa Erotik Shop\",\"isPartOf\":{\"@id\":\"https:\/\/hobierotikshop.com.tr\/website1\/#website\"},\"primaryImageOfPage\":{\"@id\":\"https:\/\/hobierotikshop.com.tr\/website1\/erotik-shop-urun\/viaxi-glide-su-bazli-kayganlastirici-jel-sade-200-ml\/#primaryimage\"},\"image\":{\"@id\":\"https:\/\/hobierotikshop.com.tr\/website1\/erotik-shop-urun\/viaxi-glide-su-bazli-kayganlastirici-jel-sade-200-ml\/#primaryimage\"},\"thumbnailUrl\":\"https:\/\/haremerotikshop.com\/site\/wp-content\/uploads\/2025\/03\/viaxi-glide-su-bazli-kayganlastirici-jel-sade-200-ml-1510-1.jpg\",\"datePublished\":\"2025-03-17T09:16:00+00:00\",\"dateModified\":\"2026-01-27T08:50:47+00:00\",\"breadcrumb\":{\"@id\":\"https:\/\/hobierotikshop.com.tr\/website1\/erotik-shop-urun\/viaxi-glide-su-bazli-kayganlastirici-jel-sade-200-ml\/#breadcrumb\"},\"inLanguage\":\"tr\",\"potentialAction\":[{\"@type\":\"ReadAction\",\"target\":[\"https:\/\/hobierotikshop.com.tr\/website1\/erotik-shop-urun\/viaxi-glide-su-bazli-kayganlastirici-jel-sade-200-ml\/\"]}]},{\"@type\":\"ImageObject\",\"inLanguage\":\"tr\",\"@id\":\"https:\/\/hobierotikshop.com.tr\/website1\/erotik-shop-urun\/viaxi-glide-su-bazli-kayganlastirici-jel-sade-200-ml\/#primaryimage\",\"url\":\"https:\/\/haremerotikshop.com\/site\/wp-content\/uploads\/2025\/03\/viaxi-glide-su-bazli-kayganlastirici-jel-sade-200-ml-1510-1.jpg\",\"contentUrl\":\"https:\/\/haremerotikshop.com\/site\/wp-content\/uploads\/2025\/03\/viaxi-glide-su-bazli-kayganlastirici-jel-sade-200-ml-1510-1.jpg\",\"width\":1000,\"height\":1000},{\"@type\":\"BreadcrumbList\",\"@id\":\"https:\/\/hobierotikshop.com.tr\/website1\/erotik-shop-urun\/viaxi-glide-su-bazli-kayganlastirici-jel-sade-200-ml\/#breadcrumb\",\"itemListElement\":[{\"@type\":\"ListItem\",\"position\":1,\"name\":\"Anasayfa\",\"item\":\"https:\/\/hobierotikshop.com.tr\/website1\/\"},{\"@type\":\"ListItem\",\"position\":2,\"name\":\"Erotik Shop \u00dcr\u00fcnleri\",\"item\":\"https:\/\/hobierotikshop.com.tr\/website1\/shop\/\"},{\"@type\":\"ListItem\",\"position\":3,\"name\":\"Viaxi Glide Su Bazl\u0131 Kayganla\u015ft\u0131r\u0131c\u0131 Jel Sade 200 Ml\"}]},{\"@type\":\"WebSite\",\"@id\":\"https:\/\/hobierotikshop.com.tr\/website1\/#website\",\"url\":\"https:\/\/hobierotikshop.com.tr\/website1\/\",\"name\":\"Bursa Erotik Shop\",\"description\":\"Bursa Erotik Shop ile g\u00fcvenli, gizli ve kaliteli yeti\u015fkin \u00fcr\u00fcnleri al\u0131\u015fveri\u015fi! Geni\u015f \u00fcr\u00fcn yelpazemizi ke\u015ffedin, hemen sipari\u015f verin\",\"publisher\":{\"@id\":\"https:\/\/hobierotikshop.com.tr\/website1\/#organization\"},\"alternateName\":\"Erotik Shop\",\"potentialAction\":[{\"@type\":\"SearchAction\",\"target\":{\"@type\":\"EntryPoint\",\"urlTemplate\":\"https:\/\/hobierotikshop.com.tr\/website1\/?s={search_term_string}\"},\"query-input\":{\"@type\":\"PropertyValueSpecification\",\"valueRequired\":true,\"valueName\":\"search_term_string\"}}],\"inLanguage\":\"tr\"},{\"@type\":\"Organization\",\"@id\":\"https:\/\/hobierotikshop.com.tr\/website1\/#organization\",\"name\":\"Harem Bursa Erotik Shop\",\"url\":\"https:\/\/hobierotikshop.com.tr\/website1\/\",\"logo\":{\"@type\":\"ImageObject\",\"inLanguage\":\"tr\",\"@id\":\"https:\/\/hobierotikshop.com.tr\/website1\/#\/schema\/logo\/image\/\",\"url\":\"https:\/\/haremerotikshop.com\/site\/wp-content\/uploads\/2025\/03\/haremsexshop.png\",\"contentUrl\":\"https:\/\/haremerotikshop.com\/site\/wp-content\/uploads\/2025\/03\/haremsexshop.png\",\"width\":400,\"height\":100,\"caption\":\"Harem Bursa Erotik Shop\"},\"image\":{\"@id\":\"https:\/\/hobierotikshop.com.tr\/website1\/#\/schema\/logo\/image\/\"},\"sameAs\":[\"https:\/\/x.com\/shopbursa\"],\"publishingPrinciples\":\"https:\/\/hobierotikshop.com.tr\/website1\/mesafeli-satis-sozlesmesi\/\",\"ownershipFundingInfo\":\"https:\/\/hobierotikshop.com.tr\/website1\/contact-us\/\",\"actionableFeedbackPolicy\":\"https:\/\/hobierotikshop.com.tr\/website1\/contact-us\/\",\"correctionsPolicy\":\"https:\/\/hobierotikshop.com.tr\/website1\/mesafeli-satis-sozlesmesi\/\"}]}<\/script>\n<meta property=\"product:brand\" content=\"Viaxi\" \/>\n<meta property=\"product:price:amount\" content=\"800.00\" \/>\n<meta property=\"product:price:currency\" content=\"TRY\" \/>\n<meta property=\"og:availability\" content=\"instock\" \/>\n<meta property=\"product:availability\" content=\"instock\" \/>\n<meta property=\"product:retailer_item_id\" content=\"PT-KC518\" \/>\n<meta property=\"product:condition\" content=\"new\" \/>\n<!-- \/ Yoast SEO Premium plugin. -->","yoast_head_json":{"title":"Viaxi Glide Su Bazl\u0131 Kayganla\u015ft\u0131r\u0131c\u0131 Jel Sade 200 Ml - Bursa Erotik Shop","robots":{"index":"index","follow":"follow","max-snippet":"max-snippet:-1","max-image-preview":"max-image-preview:large","max-video-preview":"max-video-preview:-1"},"canonical":"https:\/\/hobierotikshop.com.tr\/website1\/erotik-shop-urun\/viaxi-glide-su-bazli-kayganlastirici-jel-sade-200-ml\/","og_locale":"tr_TR","og_type":"article","og_title":"Viaxi Glide Su Bazl\u0131 Kayganla\u015ft\u0131r\u0131c\u0131 Jel Sade 200 Ml","og_description":"Viaxi Glide Kayganla\u015ft\u0131r\u0131c\u0131 Jel 200 ml, cinsel ya\u015fam\u0131n\u0131z\u0131 daha keyifli ve rahat hale getirmek i\u00e7in geli\u015ftirilmi\u015f su bazl\u0131, renksiz ve kokusuz bir kayganla\u015ft\u0131r\u0131c\u0131 jeldir. Vajinal kurulu\u011fu azaltmaya yard\u0131mc\u0131 olan bu jel, uzun s\u00fcreli kayganl\u0131k sa\u011flarken, rahatlat\u0131c\u0131 etkisi ile cinsel deneyimlerinizi iyile\u015ftirir. Dermatolojik ve klinik testlerden ge\u00e7mi\u015f olup, t\u00fcm cilt tipleriyle uyumludur ve prezervatif ile %100 uyumludur. Ayr\u0131ca, fantezi oyuncaklar\u0131 ile g\u00fcvenle kullan\u0131labilir.","og_url":"https:\/\/hobierotikshop.com.tr\/website1\/erotik-shop-urun\/viaxi-glide-su-bazli-kayganlastirici-jel-sade-200-ml\/","og_site_name":"Bursa Erotik Shop","article_modified_time":"2026-01-27T08:50:47+00:00","og_image":[{"width":1000,"height":1000,"url":"https:\/\/hobierotikshop.com.tr\/website1\/wp-content\/uploads\/2025\/03\/viaxi-glide-su-bazli-kayganlastirici-jel-sade-200-ml-1510-1.jpg","type":"image\/jpeg"}],"twitter_card":"summary_large_image","twitter_site":"@shopbursa","twitter_misc":{"Fiyat":"&#8378;800,00 KDV DAH\u0130L","Availability":"In stock"},"schema":{"@context":"https:\/\/schema.org","@graph":[{"@type":"WebPage","@id":"https:\/\/hobierotikshop.com.tr\/website1\/erotik-shop-urun\/viaxi-glide-su-bazli-kayganlastirici-jel-sade-200-ml\/","url":"https:\/\/hobierotikshop.com.tr\/website1\/erotik-shop-urun\/viaxi-glide-su-bazli-kayganlastirici-jel-sade-200-ml\/","name":"Viaxi Glide Su Bazl\u0131 Kayganla\u015ft\u0131r\u0131c\u0131 Jel Sade 200 Ml - Bursa Erotik Shop","isPartOf":{"@id":"https:\/\/hobierotikshop.com.tr\/website1\/#website"},"primaryImageOfPage":{"@id":"https:\/\/hobierotikshop.com.tr\/website1\/erotik-shop-urun\/viaxi-glide-su-bazli-kayganlastirici-jel-sade-200-ml\/#primaryimage"},"image":{"@id":"https:\/\/hobierotikshop.com.tr\/website1\/erotik-shop-urun\/viaxi-glide-su-bazli-kayganlastirici-jel-sade-200-ml\/#primaryimage"},"thumbnailUrl":"https:\/\/haremerotikshop.com\/site\/wp-content\/uploads\/2025\/03\/viaxi-glide-su-bazli-kayganlastirici-jel-sade-200-ml-1510-1.jpg","datePublished":"2025-03-17T09:16:00+00:00","dateModified":"2026-01-27T08:50:47+00:00","breadcrumb":{"@id":"https:\/\/hobierotikshop.com.tr\/website1\/erotik-shop-urun\/viaxi-glide-su-bazli-kayganlastirici-jel-sade-200-ml\/#breadcrumb"},"inLanguage":"tr","potentialAction":[{"@type":"ReadAction","target":["https:\/\/hobierotikshop.com.tr\/website1\/erotik-shop-urun\/viaxi-glide-su-bazli-kayganlastirici-jel-sade-200-ml\/"]}]},{"@type":"ImageObject","inLanguage":"tr","@id":"https:\/\/hobierotikshop.com.tr\/website1\/erotik-shop-urun\/viaxi-glide-su-bazli-kayganlastirici-jel-sade-200-ml\/#primaryimage","url":"https:\/\/haremerotikshop.com\/site\/wp-content\/uploads\/2025\/03\/viaxi-glide-su-bazli-kayganlastirici-jel-sade-200-ml-1510-1.jpg","contentUrl":"https:\/\/haremerotikshop.com\/site\/wp-content\/uploads\/2025\/03\/viaxi-glide-su-bazli-kayganlastirici-jel-sade-200-ml-1510-1.jpg","width":1000,"height":1000},{"@type":"BreadcrumbList","@id":"https:\/\/hobierotikshop.com.tr\/website1\/erotik-shop-urun\/viaxi-glide-su-bazli-kayganlastirici-jel-sade-200-ml\/#breadcrumb","itemListElement":[{"@type":"ListItem","position":1,"name":"Anasayfa","item":"https:\/\/hobierotikshop.com.tr\/website1\/"},{"@type":"ListItem","position":2,"name":"Erotik Shop \u00dcr\u00fcnleri","item":"https:\/\/hobierotikshop.com.tr\/website1\/shop\/"},{"@type":"ListItem","position":3,"name":"Viaxi Glide Su Bazl\u0131 Kayganla\u015ft\u0131r\u0131c\u0131 Jel Sade 200 Ml"}]},{"@type":"WebSite","@id":"https:\/\/hobierotikshop.com.tr\/website1\/#website","url":"https:\/\/hobierotikshop.com.tr\/website1\/","name":"Bursa Erotik Shop","description":"Bursa Erotik Shop ile g\u00fcvenli, gizli ve kaliteli yeti\u015fkin \u00fcr\u00fcnleri al\u0131\u015fveri\u015fi! Geni\u015f \u00fcr\u00fcn yelpazemizi ke\u015ffedin, hemen sipari\u015f verin","publisher":{"@id":"https:\/\/hobierotikshop.com.tr\/website1\/#organization"},"alternateName":"Erotik Shop","potentialAction":[{"@type":"SearchAction","target":{"@type":"EntryPoint","urlTemplate":"https:\/\/hobierotikshop.com.tr\/website1\/?s={search_term_string}"},"query-input":{"@type":"PropertyValueSpecification","valueRequired":true,"valueName":"search_term_string"}}],"inLanguage":"tr"},{"@type":"Organization","@id":"https:\/\/hobierotikshop.com.tr\/website1\/#organization","name":"Harem Bursa Erotik Shop","url":"https:\/\/hobierotikshop.com.tr\/website1\/","logo":{"@type":"ImageObject","inLanguage":"tr","@id":"https:\/\/hobierotikshop.com.tr\/website1\/#\/schema\/logo\/image\/","url":"https:\/\/haremerotikshop.com\/site\/wp-content\/uploads\/2025\/03\/haremsexshop.png","contentUrl":"https:\/\/haremerotikshop.com\/site\/wp-content\/uploads\/2025\/03\/haremsexshop.png","width":400,"height":100,"caption":"Harem Bursa Erotik Shop"},"image":{"@id":"https:\/\/hobierotikshop.com.tr\/website1\/#\/schema\/logo\/image\/"},"sameAs":["https:\/\/x.com\/shopbursa"],"publishingPrinciples":"https:\/\/hobierotikshop.com.tr\/website1\/mesafeli-satis-sozlesmesi\/","ownershipFundingInfo":"https:\/\/hobierotikshop.com.tr\/website1\/contact-us\/","actionableFeedbackPolicy":"https:\/\/hobierotikshop.com.tr\/website1\/contact-us\/","correctionsPolicy":"https:\/\/hobierotikshop.com.tr\/website1\/mesafeli-satis-sozlesmesi\/"}]},"product_brand":"Viaxi","product_price_amount":"800.00","product_price_currency":"TRY","og_availability":"instock","product_availability":"instock","product_retailer_item_id":"PT-KC518","product_condition":"new"},"_links":{"self":[{"href":"https:\/\/haremerotikshop.com\/site\/wp-json\/wp\/v2\/product\/18342","targetHints":{"allow":["GET"]}}],"collection":[{"href":"https:\/\/haremerotikshop.com\/site\/wp-json\/wp\/v2\/product"}],"about":[{"href":"https:\/\/haremerotikshop.com\/site\/wp-json\/wp\/v2\/types\/product"}],"replies":[{"embeddable":true,"href":"https:\/\/haremerotikshop.com\/site\/wp-json\/wp\/v2\/comments?post=18342"}],"version-history":[{"count":0,"href":"https:\/\/haremerotikshop.com\/site\/wp-json\/wp\/v2\/product\/18342\/revisions"}],"wp:featuredmedia":[{"embeddable":true,"href":"https:\/\/haremerotikshop.com\/site\/wp-json\/wp\/v2\/media\/18490"}],"wp:attachment":[{"href":"https:\/\/haremerotikshop.com\/site\/wp-json\/wp\/v2\/media?parent=18342"}],"wp:term":[{"taxonomy":"product_brand","embeddable":true,"href":"https:\/\/haremerotikshop.com\/site\/wp-json\/wp\/v2\/product_brand?post=18342"},{"taxonomy":"product_cat","embeddable":true,"href":"https:\/\/haremerotikshop.com\/site\/wp-json\/wp\/v2\/product_cat?post=18342"},{"taxonomy":"product_tag","embeddable":true,"href":"https:\/\/haremerotikshop.com\/site\/wp-json\/wp\/v2\/product_tag?post=18342"}],"curies":[{"name":"wp","href":"https:\/\/api.w.org\/{rel}","templated":true}]}}