{"id":18358,"date":"2025-03-17T12:16:27","date_gmt":"2025-03-17T09:16:27","guid":{"rendered":"https:\/\/haremerotikshop.com\/site\/?post_type=product&#038;p=18358"},"modified":"2026-01-27T11:49:07","modified_gmt":"2026-01-27T08:49:07","slug":"viaxi-glide-su-bazli-kayganlastirici-jel-cilek-aromali-100-ml","status":"publish","type":"product","link":"https:\/\/haremerotikshop.com\/site\/erotik-shop-urun\/viaxi-glide-su-bazli-kayganlastirici-jel-cilek-aromali-100-ml\/","title":{"rendered":"Viaxi Glide Su Bazl\u0131 Kayganla\u015ft\u0131r\u0131c\u0131 Jel \u00c7ilek Aromal\u0131 100 Ml"},"content":{"rendered":"<h3 class=\"\" data-start=\"0\" data-end=\"108\"><strong data-start=\"4\" data-end=\"108\">Viaxi Glide Su Bazl\u0131 Kayganla\u015ft\u0131r\u0131c\u0131 Jel \u00c7ilek Aromal\u0131 100 ml: Konforlu ve Keyifli Cinsel Ya\u015fam \u0130\u00e7in<\/strong><\/h3>\n<p class=\"\" data-start=\"110\" data-end=\"547\"><strong data-start=\"110\" data-end=\"175\">Viaxi Glide Su Bazl\u0131 Kayganla\u015ft\u0131r\u0131c\u0131 Jel \u00c7ilek Aromal\u0131 100 ml<\/strong>, cinsel deneyimlerinizi daha konforlu ve zevkli hale getirmek i\u00e7in ideal bir \u00fcr\u00fcnd\u00fcr. <strong data-start=\"262\" data-end=\"300\">Su bazl\u0131, renksiz ve \u00e7ilek aromal\u0131<\/strong> bu kayganla\u015ft\u0131r\u0131c\u0131 jel, <strong data-start=\"325\" data-end=\"350\">uzun s\u00fcreli kayganl\u0131k<\/strong> sa\u011flar ve vajinal kurulu\u011fu azaltmaya yard\u0131mc\u0131 olur. \u00c7ilek kokusu ile ho\u015f bir his uyand\u0131ran bu \u00fcr\u00fcn, cinsel ya\u015fam\u0131n\u0131z\u0131 daha keyifli hale getirirken rahatlat\u0131c\u0131 etkisiyle cildinize de \u00f6zen g\u00f6sterir.<\/p>\n<h3 class=\"\" data-start=\"549\" data-end=\"574\"><strong data-start=\"553\" data-end=\"574\">\u00dcr\u00fcn \u00d6zellikleri:<\/strong><\/h3>\n<ul data-start=\"576\" data-end=\"1691\">\n<li class=\"\" data-start=\"576\" data-end=\"738\">\n<p class=\"\" data-start=\"578\" data-end=\"738\"><strong data-start=\"578\" data-end=\"606\">\u00c7ilek Aromas\u0131 ve Kokusu:<\/strong> \u00dcr\u00fcn, ho\u015f bir <strong data-start=\"621\" data-end=\"648\">\u00e7ilek aromas\u0131 ve kokusu<\/strong> sunarak cinsel deneyiminizi tatland\u0131r\u0131r. Hem g\u00f6rsel hem de koku duyular\u0131n\u0131z\u0131 tatmin eder.<\/p>\n<\/li>\n<li class=\"\" data-start=\"740\" data-end=\"917\">\n<p class=\"\" data-start=\"742\" data-end=\"917\"><strong data-start=\"742\" data-end=\"772\">Su Bazl\u0131 ve Ya\u011fs\u0131z Form\u00fcl:<\/strong> <strong data-start=\"773\" data-end=\"785\">Su bazl\u0131<\/strong> olmas\u0131 sayesinde <strong data-start=\"803\" data-end=\"816\">ya\u011fs\u0131zd\u0131r<\/strong> ve <strong data-start=\"820\" data-end=\"844\">suda kolayca \u00e7\u00f6z\u00fcn\u00fcr<\/strong>. B\u00f6ylece temizlikte zorlanmazs\u0131n\u0131z ve cildinizde ya\u011fl\u0131 bir his b\u0131rakmaz.<\/p>\n<\/li>\n<li class=\"\" data-start=\"919\" data-end=\"1111\">\n<p class=\"\" data-start=\"921\" data-end=\"1111\"><strong data-start=\"921\" data-end=\"945\">Uzun S\u00fcre Kayganl\u0131k:<\/strong> Viaxi Glide \u00c7ilek Aromal\u0131 Kayganla\u015ft\u0131r\u0131c\u0131 Jel, <strong data-start=\"993\" data-end=\"1016\">uzun s\u00fcre kayganl\u0131k<\/strong> sa\u011flarken vajinal kurulu\u011fu azaltmaya yard\u0131mc\u0131 olur ve cinsel ili\u015fkiyi daha rahat hale getirir.<\/p>\n<\/li>\n<li class=\"\" data-start=\"1113\" data-end=\"1280\">\n<p class=\"\" data-start=\"1115\" data-end=\"1280\"><strong data-start=\"1115\" data-end=\"1150\">Dermatolojik ve Klinik Testler:<\/strong> \u00dcr\u00fcn, <strong data-start=\"1157\" data-end=\"1208\">dermatolojik ve klinik testlerden ge\u00e7irilmi\u015ftir<\/strong>. Bu sayede <strong data-start=\"1220\" data-end=\"1250\">t\u00fcm cilt tipleriyle uyumlu<\/strong> olup cildinize zarar vermez.<\/p>\n<\/li>\n<li class=\"\" data-start=\"1282\" data-end=\"1454\">\n<p class=\"\" data-start=\"1284\" data-end=\"1454\"><strong data-start=\"1284\" data-end=\"1330\">pH Dengelemeli ve Prezervatifle Uyumludur:<\/strong> Jel, cilt pH&#8217;\u0131 ile uyumlu olup <strong data-start=\"1362\" data-end=\"1394\">prezervatifle %100 uyumludur<\/strong>. Ayr\u0131ca <strong data-start=\"1403\" data-end=\"1427\">fantezi oyuncaklarla<\/strong> da g\u00fcvenle kullan\u0131labilir.<\/p>\n<\/li>\n<li class=\"\" data-start=\"1456\" data-end=\"1691\">\n<p class=\"\" data-start=\"1458\" data-end=\"1691\"><strong data-start=\"1458\" data-end=\"1486\">Kolay Saklama ve Ta\u015f\u0131ma:<\/strong> 100 ml&#8217;lik <strong data-start=\"1498\" data-end=\"1514\">ideal boyutu<\/strong>, evde kullan\u0131mda veya seyahatte yan\u0131n\u0131zda ta\u015f\u0131man\u0131z i\u00e7in idealdir. <strong data-start=\"1582\" data-end=\"1602\">Oda s\u0131cakl\u0131\u011f\u0131nda<\/strong> saklanmas\u0131 tavsiye edilir ve <strong data-start=\"1632\" data-end=\"1690\">\u00e7ocuklar\u0131n ula\u015famayaca\u011f\u0131 yerlerde muhafaza edilmelidir<\/strong>.<\/p>\n<\/li>\n<\/ul>\n<h3 class=\"\" data-start=\"1693\" data-end=\"1722\"><strong data-start=\"1697\" data-end=\"1722\">Kullan\u0131m Talimatlar\u0131:<\/strong><\/h3>\n<ol data-start=\"1723\" data-end=\"1849\">\n<li class=\"\" data-start=\"1723\" data-end=\"1774\">\n<p class=\"\" data-start=\"1726\" data-end=\"1774\">\u0130htiyac\u0131n\u0131z kadar jel al\u0131p, <strong data-start=\"1754\" data-end=\"1773\">avucunuza d\u00f6k\u00fcn<\/strong>.<\/p>\n<\/li>\n<li class=\"\" data-start=\"1775\" data-end=\"1849\">\n<p class=\"\" data-start=\"1778\" data-end=\"1849\"><strong data-start=\"1778\" data-end=\"1801\">\u0130stedi\u011finiz b\u00f6lgeye<\/strong> nazik\u00e7e uygulay\u0131n ve rahatl\u0131\u011f\u0131n tad\u0131n\u0131 \u00e7\u0131kar\u0131n.<\/p>\n<\/li>\n<\/ol>\n<h3 class=\"\" data-start=\"1851\" data-end=\"1871\"><strong data-start=\"1855\" data-end=\"1871\">\u0130\u00e7indekiler:<\/strong><\/h3>\n<ul data-start=\"1872\" data-end=\"1945\">\n<li class=\"\" data-start=\"1872\" data-end=\"1889\">\n<p class=\"\" data-start=\"1874\" data-end=\"1889\">Su Bazl\u0131 Form\u00fcl<\/p>\n<\/li>\n<li class=\"\" data-start=\"1890\" data-end=\"1905\">\n<p class=\"\" data-start=\"1892\" data-end=\"1905\">\u00c7ilek Aromas\u0131<\/p>\n<\/li>\n<li class=\"\" data-start=\"1906\" data-end=\"1945\">\n<p class=\"\" data-start=\"1908\" data-end=\"1945\">Dermatolojik Olarak Onaylanm\u0131\u015f \u0130\u00e7erik<\/p>\n<\/li>\n<\/ul>\n<h3 class=\"\" data-start=\"1947\" data-end=\"1964\"><strong data-start=\"1951\" data-end=\"1964\">Uyar\u0131lar:<\/strong><\/h3>\n<ul data-start=\"1965\" data-end=\"2146\">\n<li class=\"\" data-start=\"1965\" data-end=\"2021\">\n<p class=\"\" data-start=\"1967\" data-end=\"2021\">Haricen kullan\u0131l\u0131r, <strong data-start=\"1987\" data-end=\"2020\">g\u00f6zle temastan ka\u00e7\u0131n\u0131lmal\u0131d\u0131r<\/strong>.<\/p>\n<\/li>\n<li class=\"\" data-start=\"2022\" data-end=\"2089\">\n<p class=\"\" data-start=\"2024\" data-end=\"2089\"><strong data-start=\"2024\" data-end=\"2050\">\u00c7ocuklardan uzak tutun<\/strong> ve <strong data-start=\"2054\" data-end=\"2088\">serin, kuru bir yerde saklay\u0131n<\/strong>.<\/p>\n<\/li>\n<li class=\"\" data-start=\"2090\" data-end=\"2146\">\n<p class=\"\" data-start=\"2092\" data-end=\"2146\">Alerjik reaksiyon g\u00f6r\u00fcld\u00fc\u011f\u00fcnde <strong data-start=\"2123\" data-end=\"2145\">kullan\u0131m\u0131 durdurun<\/strong>.<\/p>\n<\/li>\n<\/ul>\n<h3 class=\"\" data-start=\"2148\" data-end=\"2221\"><strong data-start=\"2152\" data-end=\"2221\">Viaxi Glide \u00c7ilek Aromal\u0131 Kayganla\u015ft\u0131r\u0131c\u0131 Jel ile Konfor ve Keyif<\/strong><\/h3>\n<p class=\"\" data-start=\"2223\" data-end=\"2652\"><strong data-start=\"2223\" data-end=\"2288\">Viaxi Glide Su Bazl\u0131 Kayganla\u015ft\u0131r\u0131c\u0131 Jel \u00c7ilek Aromal\u0131 100 ml<\/strong>, cinsel sa\u011fl\u0131\u011f\u0131n\u0131z\u0131 desteklerken <strong data-start=\"2322\" data-end=\"2347\">uzun s\u00fcreli kayganl\u0131k<\/strong> sa\u011flar. <strong data-start=\"2356\" data-end=\"2373\">\u00c7ilek aromas\u0131<\/strong> ve ho\u015f kokusuyla <strong data-start=\"2391\" data-end=\"2426\">cinsel deneyiminizi tatland\u0131r\u0131r<\/strong>. Dermatolojik testlerden ge\u00e7mi\u015f ve <strong data-start=\"2462\" data-end=\"2486\">prezervatifle uyumlu<\/strong> olan bu \u00fcr\u00fcn, <strong data-start=\"2501\" data-end=\"2523\">fantezi oyuncaklar<\/strong> ile de g\u00fcvenle kullan\u0131labilir. <strong data-start=\"2555\" data-end=\"2583\">Ya\u011fs\u0131z, su bazl\u0131 form\u00fcl\u00fc<\/strong> sayesinde temizlikte kolayl\u0131k sa\u011flar ve <strong data-start=\"2624\" data-end=\"2650\">cildinize zarar vermez<\/strong>.<\/p>\n<p class=\"\" data-start=\"2654\" data-end=\"2783\"><strong data-start=\"2654\" data-end=\"2699\">Daha sa\u011fl\u0131kl\u0131 ve keyifli bir cinsel ya\u015fam<\/strong> i\u00e7in <strong data-start=\"2705\" data-end=\"2754\">Viaxi Glide \u00c7ilek Aromal\u0131 Kayganla\u015ft\u0131r\u0131c\u0131 Jel<\/strong>&#8216;i g\u00fcvenle kullanabilirsiniz!<\/p>\n","protected":false},"excerpt":{"rendered":"<p><strong data-start=\"110\" data-end=\"175\">Viaxi Glide Su Bazl\u0131 Kayganla\u015ft\u0131r\u0131c\u0131 Jel \u00c7ilek Aromal\u0131 100 ml<\/strong>, cinsel deneyimlerinizi daha konforlu ve zevkli hale getirmek i\u00e7in ideal bir \u00fcr\u00fcnd\u00fcr. <strong data-start=\"262\" data-end=\"300\">Su bazl\u0131, renksiz ve \u00e7ilek aromal\u0131<\/strong> bu kayganla\u015ft\u0131r\u0131c\u0131 jel, <strong data-start=\"325\" data-end=\"350\">uzun s\u00fcreli kayganl\u0131k<\/strong> sa\u011flar ve vajinal kurulu\u011fu azaltmaya yard\u0131mc\u0131 olur. \u00c7ilek kokusu ile ho\u015f bir his uyand\u0131ran bu \u00fcr\u00fcn, cinsel ya\u015fam\u0131n\u0131z\u0131 daha keyifli hale getirirken rahatlat\u0131c\u0131 etkisiyle cildinize de \u00f6zen g\u00f6sterir.<\/p>\n","protected":false},"featured_media":18493,"comment_status":"closed","ping_status":"closed","template":"","meta":[],"product_brand":[167],"product_cat":[131],"product_tag":[132],"class_list":{"0":"post-18358","1":"product","2":"type-product","3":"status-publish","4":"has-post-thumbnail","6":"product_brand-viaxi","7":"product_cat-kayganlastirici","8":"product_tag-viaxi-glide-su-bazli-kayganlastirici-jel-sade-50-ml","10":"first","11":"instock","12":"taxable","13":"shipping-taxable","14":"purchasable","15":"product-type-simple"},"yoast_head":"<!-- This site is optimized with the Yoast SEO Premium plugin v24.4 (Yoast SEO v27.1.1) - https:\/\/yoast.com\/product\/yoast-seo-premium-wordpress\/ -->\n<title>Viaxi Glide Su Bazl\u0131 Kayganla\u015ft\u0131r\u0131c\u0131 Jel \u00c7ilek Aromal\u0131 100 Ml - Bursa Erotik Shop<\/title>\n<meta name=\"robots\" content=\"index, follow, max-snippet:-1, max-image-preview:large, max-video-preview:-1\" \/>\n<link rel=\"canonical\" href=\"https:\/\/hobierotikshop.com.tr\/website1\/erotik-shop-urun\/viaxi-glide-su-bazli-kayganlastirici-jel-cilek-aromali-100-ml\/\" \/>\n<meta property=\"og:locale\" content=\"tr_TR\" \/>\n<meta property=\"og:type\" content=\"article\" \/>\n<meta property=\"og:title\" content=\"Viaxi Glide Su Bazl\u0131 Kayganla\u015ft\u0131r\u0131c\u0131 Jel \u00c7ilek Aromal\u0131 100 Ml\" \/>\n<meta property=\"og:description\" content=\"Viaxi Glide Su Bazl\u0131 Kayganla\u015ft\u0131r\u0131c\u0131 Jel \u00c7ilek Aromal\u0131 100 ml, cinsel deneyimlerinizi daha konforlu ve zevkli hale getirmek i\u00e7in ideal bir \u00fcr\u00fcnd\u00fcr. Su bazl\u0131, renksiz ve \u00e7ilek aromal\u0131 bu kayganla\u015ft\u0131r\u0131c\u0131 jel, uzun s\u00fcreli kayganl\u0131k sa\u011flar ve vajinal kurulu\u011fu azaltmaya yard\u0131mc\u0131 olur. \u00c7ilek kokusu ile ho\u015f bir his uyand\u0131ran bu \u00fcr\u00fcn, cinsel ya\u015fam\u0131n\u0131z\u0131 daha keyifli hale getirirken rahatlat\u0131c\u0131 etkisiyle cildinize de \u00f6zen g\u00f6sterir.\" \/>\n<meta property=\"og:url\" content=\"https:\/\/hobierotikshop.com.tr\/website1\/erotik-shop-urun\/viaxi-glide-su-bazli-kayganlastirici-jel-cilek-aromali-100-ml\/\" \/>\n<meta property=\"og:site_name\" content=\"Bursa Erotik Shop\" \/>\n<meta property=\"article:modified_time\" content=\"2026-01-27T08:49:07+00:00\" \/>\n<meta property=\"og:image\" content=\"https:\/\/hobierotikshop.com.tr\/website1\/wp-content\/uploads\/2025\/03\/viaxi-glide-su-bazli-kayganlastirici-jel-cilek-aromali-100-ml-5023.jpg\" \/>\n\t<meta property=\"og:image:width\" content=\"1500\" \/>\n\t<meta property=\"og:image:height\" content=\"1500\" \/>\n\t<meta property=\"og:image:type\" content=\"image\/jpeg\" \/>\n<meta name=\"twitter:card\" content=\"summary_large_image\" \/>\n<meta name=\"twitter:site\" content=\"@shopbursa\" \/>\n<meta name=\"twitter:label1\" content=\"Fiyat\" \/>\n\t<meta name=\"twitter:data1\" content=\"&#8378;600,00 KDV DAH\u0130L\" \/>\n\t<meta name=\"twitter:label2\" content=\"Availability\" \/>\n\t<meta name=\"twitter:data2\" content=\"In stock\" \/>\n<script type=\"application\/ld+json\" class=\"yoast-schema-graph\">{\"@context\":\"https:\/\/schema.org\",\"@graph\":[{\"@type\":\"WebPage\",\"@id\":\"https:\/\/hobierotikshop.com.tr\/website1\/erotik-shop-urun\/viaxi-glide-su-bazli-kayganlastirici-jel-cilek-aromali-100-ml\/\",\"url\":\"https:\/\/hobierotikshop.com.tr\/website1\/erotik-shop-urun\/viaxi-glide-su-bazli-kayganlastirici-jel-cilek-aromali-100-ml\/\",\"name\":\"Viaxi Glide Su Bazl\u0131 Kayganla\u015ft\u0131r\u0131c\u0131 Jel \u00c7ilek Aromal\u0131 100 Ml - Bursa Erotik Shop\",\"isPartOf\":{\"@id\":\"https:\/\/bursashop.com\/web\/#website\"},\"primaryImageOfPage\":{\"@id\":\"https:\/\/hobierotikshop.com.tr\/website1\/erotik-shop-urun\/viaxi-glide-su-bazli-kayganlastirici-jel-cilek-aromali-100-ml\/#primaryimage\"},\"image\":{\"@id\":\"https:\/\/hobierotikshop.com.tr\/website1\/erotik-shop-urun\/viaxi-glide-su-bazli-kayganlastirici-jel-cilek-aromali-100-ml\/#primaryimage\"},\"thumbnailUrl\":\"https:\/\/haremerotikshop.com\/site\/wp-content\/uploads\/2025\/03\/viaxi-glide-su-bazli-kayganlastirici-jel-cilek-aromali-100-ml-5023.jpg\",\"datePublished\":\"2025-03-17T09:16:27+00:00\",\"dateModified\":\"2026-01-27T08:49:07+00:00\",\"breadcrumb\":{\"@id\":\"https:\/\/hobierotikshop.com.tr\/website1\/erotik-shop-urun\/viaxi-glide-su-bazli-kayganlastirici-jel-cilek-aromali-100-ml\/#breadcrumb\"},\"inLanguage\":\"tr\",\"potentialAction\":[{\"@type\":\"ReadAction\",\"target\":[\"https:\/\/hobierotikshop.com.tr\/website1\/erotik-shop-urun\/viaxi-glide-su-bazli-kayganlastirici-jel-cilek-aromali-100-ml\/\"]}]},{\"@type\":\"ImageObject\",\"inLanguage\":\"tr\",\"@id\":\"https:\/\/hobierotikshop.com.tr\/website1\/erotik-shop-urun\/viaxi-glide-su-bazli-kayganlastirici-jel-cilek-aromali-100-ml\/#primaryimage\",\"url\":\"https:\/\/haremerotikshop.com\/site\/wp-content\/uploads\/2025\/03\/viaxi-glide-su-bazli-kayganlastirici-jel-cilek-aromali-100-ml-5023.jpg\",\"contentUrl\":\"https:\/\/haremerotikshop.com\/site\/wp-content\/uploads\/2025\/03\/viaxi-glide-su-bazli-kayganlastirici-jel-cilek-aromali-100-ml-5023.jpg\",\"width\":1500,\"height\":1500},{\"@type\":\"BreadcrumbList\",\"@id\":\"https:\/\/hobierotikshop.com.tr\/website1\/erotik-shop-urun\/viaxi-glide-su-bazli-kayganlastirici-jel-cilek-aromali-100-ml\/#breadcrumb\",\"itemListElement\":[{\"@type\":\"ListItem\",\"position\":1,\"name\":\"Anasayfa\",\"item\":\"https:\/\/hobierotikshop.com.tr\/website1\/\"},{\"@type\":\"ListItem\",\"position\":2,\"name\":\"Erotik Shop \u00dcr\u00fcnleri\",\"item\":\"https:\/\/hobierotikshop.com.tr\/website1\/shop\/\"},{\"@type\":\"ListItem\",\"position\":3,\"name\":\"Viaxi Glide Su Bazl\u0131 Kayganla\u015ft\u0131r\u0131c\u0131 Jel \u00c7ilek Aromal\u0131 100 Ml\"}]},{\"@type\":\"WebSite\",\"@id\":\"https:\/\/bursashop.com\/web\/#website\",\"url\":\"https:\/\/bursashop.com\/web\/\",\"name\":\"Bursa Erotik Shop\",\"description\":\"Bursa Erotik Shop ile g\u00fcvenli, gizli ve kaliteli yeti\u015fkin \u00fcr\u00fcnleri al\u0131\u015fveri\u015fi! Geni\u015f \u00fcr\u00fcn yelpazemizi ke\u015ffedin, hemen sipari\u015f verin\",\"publisher\":{\"@id\":\"https:\/\/bursashop.com\/web\/#organization\"},\"alternateName\":\"Erotik Shop\",\"potentialAction\":[{\"@type\":\"SearchAction\",\"target\":{\"@type\":\"EntryPoint\",\"urlTemplate\":\"https:\/\/bursashop.com\/web\/?s={search_term_string}\"},\"query-input\":{\"@type\":\"PropertyValueSpecification\",\"valueRequired\":true,\"valueName\":\"search_term_string\"}}],\"inLanguage\":\"tr\"},{\"@type\":\"Organization\",\"@id\":\"https:\/\/bursashop.com\/web\/#organization\",\"name\":\"Harem Bursa Erotik Shop\",\"url\":\"https:\/\/bursashop.com\/web\/\",\"logo\":{\"@type\":\"ImageObject\",\"inLanguage\":\"tr\",\"@id\":\"https:\/\/bursashop.com\/web\/#\/schema\/logo\/image\/\",\"url\":\"https:\/\/haremerotikshop.com\/site\/wp-content\/uploads\/2025\/03\/haremsexshop.png\",\"contentUrl\":\"https:\/\/haremerotikshop.com\/site\/wp-content\/uploads\/2025\/03\/haremsexshop.png\",\"width\":400,\"height\":100,\"caption\":\"Harem Bursa Erotik Shop\"},\"image\":{\"@id\":\"https:\/\/bursashop.com\/web\/#\/schema\/logo\/image\/\"},\"sameAs\":[\"https:\/\/x.com\/shopbursa\"],\"publishingPrinciples\":\"https:\/\/hobierotikshop.com.tr\/website1\/mesafeli-satis-sozlesmesi\/\",\"ownershipFundingInfo\":\"https:\/\/hobierotikshop.com.tr\/website1\/contact-us\/\",\"actionableFeedbackPolicy\":\"https:\/\/hobierotikshop.com.tr\/website1\/contact-us\/\",\"correctionsPolicy\":\"https:\/\/hobierotikshop.com.tr\/website1\/mesafeli-satis-sozlesmesi\/\"}]}<\/script>\n<meta property=\"product:brand\" content=\"Viaxi\" \/>\n<meta property=\"product:price:amount\" content=\"600.00\" \/>\n<meta property=\"product:price:currency\" content=\"TRY\" \/>\n<meta property=\"og:availability\" content=\"instock\" \/>\n<meta property=\"product:availability\" content=\"instock\" \/>\n<meta property=\"product:retailer_item_id\" content=\"PT-KC509\" \/>\n<meta property=\"product:condition\" content=\"new\" \/>\n<!-- \/ Yoast SEO Premium plugin. -->","yoast_head_json":{"title":"Viaxi Glide Su Bazl\u0131 Kayganla\u015ft\u0131r\u0131c\u0131 Jel \u00c7ilek Aromal\u0131 100 Ml - Bursa Erotik Shop","robots":{"index":"index","follow":"follow","max-snippet":"max-snippet:-1","max-image-preview":"max-image-preview:large","max-video-preview":"max-video-preview:-1"},"canonical":"https:\/\/hobierotikshop.com.tr\/website1\/erotik-shop-urun\/viaxi-glide-su-bazli-kayganlastirici-jel-cilek-aromali-100-ml\/","og_locale":"tr_TR","og_type":"article","og_title":"Viaxi Glide Su Bazl\u0131 Kayganla\u015ft\u0131r\u0131c\u0131 Jel \u00c7ilek Aromal\u0131 100 Ml","og_description":"Viaxi Glide Su Bazl\u0131 Kayganla\u015ft\u0131r\u0131c\u0131 Jel \u00c7ilek Aromal\u0131 100 ml, cinsel deneyimlerinizi daha konforlu ve zevkli hale getirmek i\u00e7in ideal bir \u00fcr\u00fcnd\u00fcr. Su bazl\u0131, renksiz ve \u00e7ilek aromal\u0131 bu kayganla\u015ft\u0131r\u0131c\u0131 jel, uzun s\u00fcreli kayganl\u0131k sa\u011flar ve vajinal kurulu\u011fu azaltmaya yard\u0131mc\u0131 olur. \u00c7ilek kokusu ile ho\u015f bir his uyand\u0131ran bu \u00fcr\u00fcn, cinsel ya\u015fam\u0131n\u0131z\u0131 daha keyifli hale getirirken rahatlat\u0131c\u0131 etkisiyle cildinize de \u00f6zen g\u00f6sterir.","og_url":"https:\/\/hobierotikshop.com.tr\/website1\/erotik-shop-urun\/viaxi-glide-su-bazli-kayganlastirici-jel-cilek-aromali-100-ml\/","og_site_name":"Bursa Erotik Shop","article_modified_time":"2026-01-27T08:49:07+00:00","og_image":[{"width":1500,"height":1500,"url":"https:\/\/hobierotikshop.com.tr\/website1\/wp-content\/uploads\/2025\/03\/viaxi-glide-su-bazli-kayganlastirici-jel-cilek-aromali-100-ml-5023.jpg","type":"image\/jpeg"}],"twitter_card":"summary_large_image","twitter_site":"@shopbursa","twitter_misc":{"Fiyat":"&#8378;600,00 KDV DAH\u0130L","Availability":"In stock"},"schema":{"@context":"https:\/\/schema.org","@graph":[{"@type":"WebPage","@id":"https:\/\/hobierotikshop.com.tr\/website1\/erotik-shop-urun\/viaxi-glide-su-bazli-kayganlastirici-jel-cilek-aromali-100-ml\/","url":"https:\/\/hobierotikshop.com.tr\/website1\/erotik-shop-urun\/viaxi-glide-su-bazli-kayganlastirici-jel-cilek-aromali-100-ml\/","name":"Viaxi Glide Su Bazl\u0131 Kayganla\u015ft\u0131r\u0131c\u0131 Jel \u00c7ilek Aromal\u0131 100 Ml - Bursa Erotik Shop","isPartOf":{"@id":"https:\/\/bursashop.com\/web\/#website"},"primaryImageOfPage":{"@id":"https:\/\/hobierotikshop.com.tr\/website1\/erotik-shop-urun\/viaxi-glide-su-bazli-kayganlastirici-jel-cilek-aromali-100-ml\/#primaryimage"},"image":{"@id":"https:\/\/hobierotikshop.com.tr\/website1\/erotik-shop-urun\/viaxi-glide-su-bazli-kayganlastirici-jel-cilek-aromali-100-ml\/#primaryimage"},"thumbnailUrl":"https:\/\/haremerotikshop.com\/site\/wp-content\/uploads\/2025\/03\/viaxi-glide-su-bazli-kayganlastirici-jel-cilek-aromali-100-ml-5023.jpg","datePublished":"2025-03-17T09:16:27+00:00","dateModified":"2026-01-27T08:49:07+00:00","breadcrumb":{"@id":"https:\/\/hobierotikshop.com.tr\/website1\/erotik-shop-urun\/viaxi-glide-su-bazli-kayganlastirici-jel-cilek-aromali-100-ml\/#breadcrumb"},"inLanguage":"tr","potentialAction":[{"@type":"ReadAction","target":["https:\/\/hobierotikshop.com.tr\/website1\/erotik-shop-urun\/viaxi-glide-su-bazli-kayganlastirici-jel-cilek-aromali-100-ml\/"]}]},{"@type":"ImageObject","inLanguage":"tr","@id":"https:\/\/hobierotikshop.com.tr\/website1\/erotik-shop-urun\/viaxi-glide-su-bazli-kayganlastirici-jel-cilek-aromali-100-ml\/#primaryimage","url":"https:\/\/haremerotikshop.com\/site\/wp-content\/uploads\/2025\/03\/viaxi-glide-su-bazli-kayganlastirici-jel-cilek-aromali-100-ml-5023.jpg","contentUrl":"https:\/\/haremerotikshop.com\/site\/wp-content\/uploads\/2025\/03\/viaxi-glide-su-bazli-kayganlastirici-jel-cilek-aromali-100-ml-5023.jpg","width":1500,"height":1500},{"@type":"BreadcrumbList","@id":"https:\/\/hobierotikshop.com.tr\/website1\/erotik-shop-urun\/viaxi-glide-su-bazli-kayganlastirici-jel-cilek-aromali-100-ml\/#breadcrumb","itemListElement":[{"@type":"ListItem","position":1,"name":"Anasayfa","item":"https:\/\/hobierotikshop.com.tr\/website1\/"},{"@type":"ListItem","position":2,"name":"Erotik Shop \u00dcr\u00fcnleri","item":"https:\/\/hobierotikshop.com.tr\/website1\/shop\/"},{"@type":"ListItem","position":3,"name":"Viaxi Glide Su Bazl\u0131 Kayganla\u015ft\u0131r\u0131c\u0131 Jel \u00c7ilek Aromal\u0131 100 Ml"}]},{"@type":"WebSite","@id":"https:\/\/bursashop.com\/web\/#website","url":"https:\/\/bursashop.com\/web\/","name":"Bursa Erotik Shop","description":"Bursa Erotik Shop ile g\u00fcvenli, gizli ve kaliteli yeti\u015fkin \u00fcr\u00fcnleri al\u0131\u015fveri\u015fi! Geni\u015f \u00fcr\u00fcn yelpazemizi ke\u015ffedin, hemen sipari\u015f verin","publisher":{"@id":"https:\/\/bursashop.com\/web\/#organization"},"alternateName":"Erotik Shop","potentialAction":[{"@type":"SearchAction","target":{"@type":"EntryPoint","urlTemplate":"https:\/\/bursashop.com\/web\/?s={search_term_string}"},"query-input":{"@type":"PropertyValueSpecification","valueRequired":true,"valueName":"search_term_string"}}],"inLanguage":"tr"},{"@type":"Organization","@id":"https:\/\/bursashop.com\/web\/#organization","name":"Harem Bursa Erotik Shop","url":"https:\/\/bursashop.com\/web\/","logo":{"@type":"ImageObject","inLanguage":"tr","@id":"https:\/\/bursashop.com\/web\/#\/schema\/logo\/image\/","url":"https:\/\/haremerotikshop.com\/site\/wp-content\/uploads\/2025\/03\/haremsexshop.png","contentUrl":"https:\/\/haremerotikshop.com\/site\/wp-content\/uploads\/2025\/03\/haremsexshop.png","width":400,"height":100,"caption":"Harem Bursa Erotik Shop"},"image":{"@id":"https:\/\/bursashop.com\/web\/#\/schema\/logo\/image\/"},"sameAs":["https:\/\/x.com\/shopbursa"],"publishingPrinciples":"https:\/\/hobierotikshop.com.tr\/website1\/mesafeli-satis-sozlesmesi\/","ownershipFundingInfo":"https:\/\/hobierotikshop.com.tr\/website1\/contact-us\/","actionableFeedbackPolicy":"https:\/\/hobierotikshop.com.tr\/website1\/contact-us\/","correctionsPolicy":"https:\/\/hobierotikshop.com.tr\/website1\/mesafeli-satis-sozlesmesi\/"}]},"product_brand":"Viaxi","product_price_amount":"600.00","product_price_currency":"TRY","og_availability":"instock","product_availability":"instock","product_retailer_item_id":"PT-KC509","product_condition":"new"},"_links":{"self":[{"href":"https:\/\/haremerotikshop.com\/site\/wp-json\/wp\/v2\/product\/18358","targetHints":{"allow":["GET"]}}],"collection":[{"href":"https:\/\/haremerotikshop.com\/site\/wp-json\/wp\/v2\/product"}],"about":[{"href":"https:\/\/haremerotikshop.com\/site\/wp-json\/wp\/v2\/types\/product"}],"replies":[{"embeddable":true,"href":"https:\/\/haremerotikshop.com\/site\/wp-json\/wp\/v2\/comments?post=18358"}],"version-history":[{"count":0,"href":"https:\/\/haremerotikshop.com\/site\/wp-json\/wp\/v2\/product\/18358\/revisions"}],"wp:featuredmedia":[{"embeddable":true,"href":"https:\/\/haremerotikshop.com\/site\/wp-json\/wp\/v2\/media\/18493"}],"wp:attachment":[{"href":"https:\/\/haremerotikshop.com\/site\/wp-json\/wp\/v2\/media?parent=18358"}],"wp:term":[{"taxonomy":"product_brand","embeddable":true,"href":"https:\/\/haremerotikshop.com\/site\/wp-json\/wp\/v2\/product_brand?post=18358"},{"taxonomy":"product_cat","embeddable":true,"href":"https:\/\/haremerotikshop.com\/site\/wp-json\/wp\/v2\/product_cat?post=18358"},{"taxonomy":"product_tag","embeddable":true,"href":"https:\/\/haremerotikshop.com\/site\/wp-json\/wp\/v2\/product_tag?post=18358"}],"curies":[{"name":"wp","href":"https:\/\/api.w.org\/{rel}","templated":true}]}}