{"id":18359,"date":"2025-03-17T12:16:27","date_gmt":"2025-03-17T09:16:27","guid":{"rendered":"https:\/\/haremerotikshop.com\/site\/?post_type=product&#038;p=18359"},"modified":"2026-01-27T11:49:22","modified_gmt":"2026-01-27T08:49:22","slug":"viaxi-glide-su-bazli-kayganlastirici-jel-a-100-ml","status":"publish","type":"product","link":"https:\/\/haremerotikshop.com\/site\/erotik-shop-urun\/viaxi-glide-su-bazli-kayganlastirici-jel-a-100-ml\/","title":{"rendered":"Viaxi Glide Su Bazl\u0131 Kayganla\u015ft\u0131r\u0131c\u0131 Jel A+ 100 Ml"},"content":{"rendered":"<ul>\n<li>\n<h3 class=\"\" data-start=\"0\" data-end=\"90\"><strong data-start=\"4\" data-end=\"90\">Viaxi Glide A+ Kayganla\u015ft\u0131r\u0131c\u0131 Jel 100 ml: Konforlu ve G\u00fcvenli Cinsel Deneyim \u0130\u00e7in<\/strong><\/h3>\n<p class=\"\" data-start=\"92\" data-end=\"592\"><strong data-start=\"92\" data-end=\"137\">Viaxi Glide A+ Kayganla\u015ft\u0131r\u0131c\u0131 Jel 100 ml<\/strong>, anal ve vajinal b\u00f6lgelerdeki kayganl\u0131k ihtiyac\u0131n\u0131 en iyi \u015fekilde kar\u015f\u0131lamak i\u00e7in \u00f6zel olarak form\u00fcle edilmi\u015ftir. <strong data-start=\"252\" data-end=\"264\">Su bazl\u0131<\/strong>, <strong data-start=\"266\" data-end=\"277\">renksiz<\/strong> ve <strong data-start=\"281\" data-end=\"292\">kokusuz<\/strong> bu kayganla\u015ft\u0131r\u0131c\u0131 jel, uzun s\u00fcreli kayganl\u0131k sa\u011flarken ciltle m\u00fckemmel uyum g\u00f6sterir. <strong data-start=\"380\" data-end=\"408\">Anal ve vajinal kurulu\u011fu<\/strong> azaltmaya yard\u0131mc\u0131 olan bu \u00fcr\u00fcn, <strong data-start=\"442\" data-end=\"458\">dermatolojik<\/strong> ve <strong data-start=\"462\" data-end=\"497\">klinik testlerden ge\u00e7irilmi\u015ftir<\/strong> ve <strong data-start=\"501\" data-end=\"530\">prezervatifle %100 uyumlu<\/strong> olmas\u0131n\u0131n yan\u0131 s\u0131ra, cilt pH\u2019\u0131 ile de m\u00fckemmel uyum g\u00f6sterir.<\/p>\n<h3 class=\"\" data-start=\"594\" data-end=\"619\"><strong data-start=\"598\" data-end=\"619\">\u00dcr\u00fcn \u00d6zellikleri:<\/strong><\/h3>\n<ul data-start=\"621\" data-end=\"1500\">\n<li class=\"\" data-start=\"621\" data-end=\"822\">\n<p class=\"\" data-start=\"623\" data-end=\"822\"><strong data-start=\"623\" data-end=\"654\">Su Bazl\u0131 ve Kokusuz Form\u00fcl:<\/strong> <strong data-start=\"655\" data-end=\"667\">Su bazl\u0131<\/strong> yap\u0131s\u0131 sayesinde <strong data-start=\"685\" data-end=\"698\">ya\u011fs\u0131zd\u0131r<\/strong> ve cildinize zarar vermez. <strong data-start=\"726\" data-end=\"737\">Kokusuz<\/strong> olmas\u0131, partnerinizin deneyimini daha do\u011fal ve rahats\u0131z edici kokulardan uzak tutar.<\/p>\n<\/li>\n<li class=\"\" data-start=\"824\" data-end=\"1006\">\n<p class=\"\" data-start=\"826\" data-end=\"1006\"><strong data-start=\"826\" data-end=\"852\">Uzun S\u00fcreli Kayganl\u0131k:<\/strong> <strong data-start=\"853\" data-end=\"891\">Viaxi Glide A+ Kayganla\u015ft\u0131r\u0131c\u0131 Jel<\/strong>, uzun s\u00fcreli kayganl\u0131k sa\u011flar. Kurumayan \u00f6zelli\u011fiyle, cinsel ili\u015fki s\u0131ras\u0131nda <strong data-start=\"970\" data-end=\"999\">daha konforlu bir deneyim<\/strong> sunar.<\/p>\n<\/li>\n<li class=\"\" data-start=\"1008\" data-end=\"1167\">\n<p class=\"\" data-start=\"1010\" data-end=\"1167\"><strong data-start=\"1010\" data-end=\"1047\">Vajinal ve Anal Kurulu\u011fu Azaltma:<\/strong> Jel, <strong data-start=\"1053\" data-end=\"1081\">anal ve vajinal kurulu\u011fu<\/strong> azaltmaya yard\u0131mc\u0131 olarak, \u00f6zellikle hassas b\u00f6lgelerde daha rahat bir deneyim sa\u011flar.<\/p>\n<\/li>\n<li class=\"\" data-start=\"1169\" data-end=\"1335\">\n<p class=\"\" data-start=\"1171\" data-end=\"1335\"><strong data-start=\"1171\" data-end=\"1206\">Dermatolojik ve Klinik Testler:<\/strong> <strong data-start=\"1207\" data-end=\"1244\">Dermatolojik ve klinik testlerden<\/strong> ba\u015far\u0131yla ge\u00e7mi\u015f olan bu \u00fcr\u00fcn, <strong data-start=\"1276\" data-end=\"1306\">t\u00fcm cilt tipleriyle uyumlu<\/strong> olup cildinize zarar vermez.<\/p>\n<\/li>\n<li class=\"\" data-start=\"1337\" data-end=\"1500\">\n<p class=\"\" data-start=\"1339\" data-end=\"1500\"><strong data-start=\"1339\" data-end=\"1381\">pH Dengeli ve Prezervatifle Uyumludur:<\/strong> \u00dcr\u00fcn, cilt pH&#8217;\u0131 ile uyumlu olup <strong data-start=\"1414\" data-end=\"1446\">prezervatifle %100 uyumludur<\/strong>. Bu, kullan\u0131c\u0131ya ekstra bir g\u00fcven ve rahatl\u0131k sa\u011flar.<\/p>\n<\/li>\n<\/ul>\n<h3 class=\"\" data-start=\"1502\" data-end=\"1531\"><strong data-start=\"1506\" data-end=\"1531\">Kullan\u0131m Talimatlar\u0131:<\/strong><\/h3>\n<ol data-start=\"1532\" data-end=\"1671\">\n<li class=\"\" data-start=\"1532\" data-end=\"1585\">\n<p class=\"\" data-start=\"1535\" data-end=\"1585\">\u0130htiyac\u0131n\u0131z kadar jel al\u0131n ve <strong data-start=\"1565\" data-end=\"1578\">avucunuza<\/strong> d\u00f6k\u00fcn.<\/p>\n<\/li>\n<li class=\"\" data-start=\"1586\" data-end=\"1631\">\n<p class=\"\" data-start=\"1589\" data-end=\"1631\"><strong data-start=\"1589\" data-end=\"1612\">\u0130stedi\u011finiz b\u00f6lgeye<\/strong> nazik\u00e7e uygulay\u0131n.<\/p>\n<\/li>\n<li class=\"\" data-start=\"1632\" data-end=\"1671\">\n<p class=\"\" data-start=\"1635\" data-end=\"1671\">Gerekti\u011finde uygulamay\u0131 tekrarlay\u0131n.<\/p>\n<\/li>\n<\/ol>\n<h3 class=\"\" data-start=\"1673\" data-end=\"1693\"><strong data-start=\"1677\" data-end=\"1693\">\u0130\u00e7indekiler:<\/strong><\/h3>\n<ul data-start=\"1694\" data-end=\"1751\">\n<li class=\"\" data-start=\"1694\" data-end=\"1711\">\n<p class=\"\" data-start=\"1696\" data-end=\"1711\">Su Bazl\u0131 Form\u00fcl<\/p>\n<\/li>\n<li class=\"\" data-start=\"1712\" data-end=\"1751\">\n<p class=\"\" data-start=\"1714\" data-end=\"1751\">Dermatolojik Olarak Onaylanm\u0131\u015f \u0130\u00e7erik<\/p>\n<\/li>\n<\/ul>\n<h3 class=\"\" data-start=\"1753\" data-end=\"1770\"><strong data-start=\"1757\" data-end=\"1770\">Uyar\u0131lar:<\/strong><\/h3>\n<ul data-start=\"1771\" data-end=\"1952\">\n<li class=\"\" data-start=\"1771\" data-end=\"1827\">\n<p class=\"\" data-start=\"1773\" data-end=\"1827\">Haricen kullan\u0131l\u0131r, <strong data-start=\"1793\" data-end=\"1826\">g\u00f6zle temastan ka\u00e7\u0131n\u0131lmal\u0131d\u0131r<\/strong>.<\/p>\n<\/li>\n<li class=\"\" data-start=\"1828\" data-end=\"1895\">\n<p class=\"\" data-start=\"1830\" data-end=\"1895\"><strong data-start=\"1830\" data-end=\"1856\">\u00c7ocuklardan uzak tutun<\/strong> ve <strong data-start=\"1860\" data-end=\"1894\">serin, kuru bir yerde saklay\u0131n<\/strong>.<\/p>\n<\/li>\n<li class=\"\" data-start=\"1896\" data-end=\"1952\">\n<p class=\"\" data-start=\"1898\" data-end=\"1952\">Alerjik reaksiyon g\u00f6r\u00fcld\u00fc\u011f\u00fcnde <strong data-start=\"1929\" data-end=\"1951\">kullan\u0131m\u0131 durdurun<\/strong>.<\/p>\n<\/li>\n<\/ul>\n<h3 class=\"\" data-start=\"1954\" data-end=\"2024\"><strong data-start=\"1958\" data-end=\"2024\">Viaxi Glide A+ Kayganla\u015ft\u0131r\u0131c\u0131 Jel ile Konforlu Cinsel Deneyim<\/strong><\/h3>\n<p class=\"\" data-start=\"2026\" data-end=\"2453\"><strong data-start=\"2026\" data-end=\"2071\">Viaxi Glide A+ Kayganla\u015ft\u0131r\u0131c\u0131 Jel 100 ml<\/strong>, cinsel deneyimlerinizi daha rahat ve g\u00fcvenli hale getirmek i\u00e7in geli\u015ftirilmi\u015f, <strong data-start=\"2152\" data-end=\"2164\">su bazl\u0131<\/strong>, <strong data-start=\"2166\" data-end=\"2177\">renksiz<\/strong> ve <strong data-start=\"2181\" data-end=\"2192\">kokusuz<\/strong> form\u00fcl\u00fc ile <strong data-start=\"2205\" data-end=\"2228\">uzun s\u00fcre kayganl\u0131k<\/strong> sa\u011flar. <strong data-start=\"2237\" data-end=\"2265\">Anal ve vajinal kurulu\u011fu<\/strong> azaltan bu \u00fcr\u00fcn, <strong data-start=\"2283\" data-end=\"2320\">dermatolojik ve klinik testlerden<\/strong> ge\u00e7mi\u015f olup, <strong data-start=\"2334\" data-end=\"2363\">prezervatifle %100 uyumlu<\/strong> olarak g\u00fcvenle kullan\u0131labilir. Sa\u011flad\u0131\u011f\u0131 <strong data-start=\"2405\" data-end=\"2419\">pH dengesi<\/strong> sayesinde cildinize zarar vermez.<\/p>\n<p class=\"\" data-start=\"2455\" data-end=\"2580\"><strong data-start=\"2455\" data-end=\"2507\">Daha rahat, sa\u011fl\u0131kl\u0131 ve keyifli bir cinsel ya\u015fam<\/strong> i\u00e7in <strong data-start=\"2513\" data-end=\"2551\">Viaxi Glide A+ Kayganla\u015ft\u0131r\u0131c\u0131 Jel<\/strong>&#8216;i g\u00fcvenle kullanabilirsiniz!<\/p>\n<\/li>\n<\/ul>\n","protected":false},"excerpt":{"rendered":"<p><strong data-start=\"92\" data-end=\"137\">Viaxi Glide A+ Kayganla\u015ft\u0131r\u0131c\u0131 Jel 100 ml<\/strong>, anal ve vajinal b\u00f6lgelerdeki kayganl\u0131k ihtiyac\u0131n\u0131 en iyi \u015fekilde kar\u015f\u0131lamak i\u00e7in \u00f6zel olarak form\u00fcle edilmi\u015ftir. <strong data-start=\"252\" data-end=\"264\">Su bazl\u0131<\/strong>, <strong data-start=\"266\" data-end=\"277\">renksiz<\/strong> ve <strong data-start=\"281\" data-end=\"292\">kokusuz<\/strong> bu kayganla\u015ft\u0131r\u0131c\u0131 jel, uzun s\u00fcreli kayganl\u0131k sa\u011flarken ciltle m\u00fckemmel uyum g\u00f6sterir. <strong data-start=\"380\" data-end=\"408\">Anal ve vajinal kurulu\u011fu<\/strong> azaltmaya yard\u0131mc\u0131 olan bu \u00fcr\u00fcn, <strong data-start=\"442\" data-end=\"458\">dermatolojik<\/strong> ve <strong data-start=\"462\" data-end=\"497\">klinik testlerden ge\u00e7irilmi\u015ftir<\/strong> ve <strong data-start=\"501\" data-end=\"530\">prezervatifle %100 uyumlu<\/strong> olmas\u0131n\u0131n yan\u0131 s\u0131ra, cilt pH\u2019\u0131 ile de m\u00fckemmel uyum g\u00f6sterir.<\/p>\n","protected":false},"featured_media":18496,"comment_status":"closed","ping_status":"closed","template":"","meta":[],"product_brand":[167],"product_cat":[131],"product_tag":[132],"class_list":{"0":"post-18359","1":"product","2":"type-product","3":"status-publish","4":"has-post-thumbnail","6":"product_brand-viaxi","7":"product_cat-kayganlastirici","8":"product_tag-viaxi-glide-su-bazli-kayganlastirici-jel-sade-50-ml","10":"first","11":"instock","12":"taxable","13":"shipping-taxable","14":"purchasable","15":"product-type-simple"},"yoast_head":"<!-- This site is optimized with the Yoast SEO Premium plugin v24.4 (Yoast SEO v27.1.1) - https:\/\/yoast.com\/product\/yoast-seo-premium-wordpress\/ -->\n<title>Viaxi Glide Su Bazl\u0131 Kayganla\u015ft\u0131r\u0131c\u0131 Jel A+ 100 Ml - Bursa Erotik Shop<\/title>\n<meta name=\"robots\" content=\"index, follow, max-snippet:-1, max-image-preview:large, max-video-preview:-1\" \/>\n<link rel=\"canonical\" href=\"https:\/\/hobierotikshop.com.tr\/website1\/erotik-shop-urun\/viaxi-glide-su-bazli-kayganlastirici-jel-a-100-ml\/\" \/>\n<meta property=\"og:locale\" content=\"tr_TR\" \/>\n<meta property=\"og:type\" content=\"article\" \/>\n<meta property=\"og:title\" content=\"Viaxi Glide Su Bazl\u0131 Kayganla\u015ft\u0131r\u0131c\u0131 Jel A+ 100 Ml\" \/>\n<meta property=\"og:description\" content=\"Viaxi Glide A+ Kayganla\u015ft\u0131r\u0131c\u0131 Jel 100 ml, anal ve vajinal b\u00f6lgelerdeki kayganl\u0131k ihtiyac\u0131n\u0131 en iyi \u015fekilde kar\u015f\u0131lamak i\u00e7in \u00f6zel olarak form\u00fcle edilmi\u015ftir. Su bazl\u0131, renksiz ve kokusuz bu kayganla\u015ft\u0131r\u0131c\u0131 jel, uzun s\u00fcreli kayganl\u0131k sa\u011flarken ciltle m\u00fckemmel uyum g\u00f6sterir. Anal ve vajinal kurulu\u011fu azaltmaya yard\u0131mc\u0131 olan bu \u00fcr\u00fcn, dermatolojik ve klinik testlerden ge\u00e7irilmi\u015ftir ve prezervatifle %100 uyumlu olmas\u0131n\u0131n yan\u0131 s\u0131ra, cilt pH\u2019\u0131 ile de m\u00fckemmel uyum g\u00f6sterir.\" \/>\n<meta property=\"og:url\" content=\"https:\/\/hobierotikshop.com.tr\/website1\/erotik-shop-urun\/viaxi-glide-su-bazli-kayganlastirici-jel-a-100-ml\/\" \/>\n<meta property=\"og:site_name\" content=\"Bursa Erotik Shop\" \/>\n<meta property=\"article:modified_time\" content=\"2026-01-27T08:49:22+00:00\" \/>\n<meta property=\"og:image\" content=\"https:\/\/hobierotikshop.com.tr\/website1\/wp-content\/uploads\/2025\/03\/viaxi-glide-su-bazli-kayganlastirici-jel-a-100-ml-5019.jpg\" \/>\n\t<meta property=\"og:image:width\" content=\"1500\" \/>\n\t<meta property=\"og:image:height\" content=\"1500\" \/>\n\t<meta property=\"og:image:type\" content=\"image\/jpeg\" \/>\n<meta name=\"twitter:card\" content=\"summary_large_image\" \/>\n<meta name=\"twitter:site\" content=\"@shopbursa\" \/>\n<meta name=\"twitter:label1\" content=\"Fiyat\" \/>\n\t<meta name=\"twitter:data1\" content=\"&#8378;600,00 KDV DAH\u0130L\" \/>\n\t<meta name=\"twitter:label2\" content=\"Availability\" \/>\n\t<meta name=\"twitter:data2\" content=\"In stock\" \/>\n<script type=\"application\/ld+json\" class=\"yoast-schema-graph\">{\"@context\":\"https:\/\/schema.org\",\"@graph\":[{\"@type\":\"WebPage\",\"@id\":\"https:\/\/hobierotikshop.com.tr\/website1\/erotik-shop-urun\/viaxi-glide-su-bazli-kayganlastirici-jel-a-100-ml\/\",\"url\":\"https:\/\/hobierotikshop.com.tr\/website1\/erotik-shop-urun\/viaxi-glide-su-bazli-kayganlastirici-jel-a-100-ml\/\",\"name\":\"Viaxi Glide Su Bazl\u0131 Kayganla\u015ft\u0131r\u0131c\u0131 Jel A+ 100 Ml - Bursa Erotik Shop\",\"isPartOf\":{\"@id\":\"https:\/\/hobierotikshop.com.tr\/website1\/#website\"},\"primaryImageOfPage\":{\"@id\":\"https:\/\/hobierotikshop.com.tr\/website1\/erotik-shop-urun\/viaxi-glide-su-bazli-kayganlastirici-jel-a-100-ml\/#primaryimage\"},\"image\":{\"@id\":\"https:\/\/hobierotikshop.com.tr\/website1\/erotik-shop-urun\/viaxi-glide-su-bazli-kayganlastirici-jel-a-100-ml\/#primaryimage\"},\"thumbnailUrl\":\"https:\/\/haremerotikshop.com\/site\/wp-content\/uploads\/2025\/03\/viaxi-glide-su-bazli-kayganlastirici-jel-a-100-ml-5019.jpg\",\"datePublished\":\"2025-03-17T09:16:27+00:00\",\"dateModified\":\"2026-01-27T08:49:22+00:00\",\"breadcrumb\":{\"@id\":\"https:\/\/hobierotikshop.com.tr\/website1\/erotik-shop-urun\/viaxi-glide-su-bazli-kayganlastirici-jel-a-100-ml\/#breadcrumb\"},\"inLanguage\":\"tr\",\"potentialAction\":[{\"@type\":\"ReadAction\",\"target\":[\"https:\/\/hobierotikshop.com.tr\/website1\/erotik-shop-urun\/viaxi-glide-su-bazli-kayganlastirici-jel-a-100-ml\/\"]}]},{\"@type\":\"ImageObject\",\"inLanguage\":\"tr\",\"@id\":\"https:\/\/hobierotikshop.com.tr\/website1\/erotik-shop-urun\/viaxi-glide-su-bazli-kayganlastirici-jel-a-100-ml\/#primaryimage\",\"url\":\"https:\/\/haremerotikshop.com\/site\/wp-content\/uploads\/2025\/03\/viaxi-glide-su-bazli-kayganlastirici-jel-a-100-ml-5019.jpg\",\"contentUrl\":\"https:\/\/haremerotikshop.com\/site\/wp-content\/uploads\/2025\/03\/viaxi-glide-su-bazli-kayganlastirici-jel-a-100-ml-5019.jpg\",\"width\":1500,\"height\":1500},{\"@type\":\"BreadcrumbList\",\"@id\":\"https:\/\/hobierotikshop.com.tr\/website1\/erotik-shop-urun\/viaxi-glide-su-bazli-kayganlastirici-jel-a-100-ml\/#breadcrumb\",\"itemListElement\":[{\"@type\":\"ListItem\",\"position\":1,\"name\":\"Anasayfa\",\"item\":\"https:\/\/hobierotikshop.com.tr\/website1\/\"},{\"@type\":\"ListItem\",\"position\":2,\"name\":\"Erotik Shop \u00dcr\u00fcnleri\",\"item\":\"https:\/\/hobierotikshop.com.tr\/website1\/shop\/\"},{\"@type\":\"ListItem\",\"position\":3,\"name\":\"Viaxi Glide Su Bazl\u0131 Kayganla\u015ft\u0131r\u0131c\u0131 Jel A+ 100 Ml\"}]},{\"@type\":\"WebSite\",\"@id\":\"https:\/\/hobierotikshop.com.tr\/website1\/#website\",\"url\":\"https:\/\/hobierotikshop.com.tr\/website1\/\",\"name\":\"Bursa Erotik Shop\",\"description\":\"Bursa Erotik Shop ile g\u00fcvenli, gizli ve kaliteli yeti\u015fkin \u00fcr\u00fcnleri al\u0131\u015fveri\u015fi! Geni\u015f \u00fcr\u00fcn yelpazemizi ke\u015ffedin, hemen sipari\u015f verin\",\"publisher\":{\"@id\":\"https:\/\/hobierotikshop.com.tr\/website1\/#organization\"},\"alternateName\":\"Erotik Shop\",\"potentialAction\":[{\"@type\":\"SearchAction\",\"target\":{\"@type\":\"EntryPoint\",\"urlTemplate\":\"https:\/\/hobierotikshop.com.tr\/website1\/?s={search_term_string}\"},\"query-input\":{\"@type\":\"PropertyValueSpecification\",\"valueRequired\":true,\"valueName\":\"search_term_string\"}}],\"inLanguage\":\"tr\"},{\"@type\":\"Organization\",\"@id\":\"https:\/\/hobierotikshop.com.tr\/website1\/#organization\",\"name\":\"Harem Bursa Erotik Shop\",\"url\":\"https:\/\/hobierotikshop.com.tr\/website1\/\",\"logo\":{\"@type\":\"ImageObject\",\"inLanguage\":\"tr\",\"@id\":\"https:\/\/hobierotikshop.com.tr\/website1\/#\/schema\/logo\/image\/\",\"url\":\"https:\/\/haremerotikshop.com\/site\/wp-content\/uploads\/2025\/03\/haremsexshop.png\",\"contentUrl\":\"https:\/\/haremerotikshop.com\/site\/wp-content\/uploads\/2025\/03\/haremsexshop.png\",\"width\":400,\"height\":100,\"caption\":\"Harem Bursa Erotik Shop\"},\"image\":{\"@id\":\"https:\/\/hobierotikshop.com.tr\/website1\/#\/schema\/logo\/image\/\"},\"sameAs\":[\"https:\/\/x.com\/shopbursa\"],\"publishingPrinciples\":\"https:\/\/hobierotikshop.com.tr\/website1\/mesafeli-satis-sozlesmesi\/\",\"ownershipFundingInfo\":\"https:\/\/hobierotikshop.com.tr\/website1\/contact-us\/\",\"actionableFeedbackPolicy\":\"https:\/\/hobierotikshop.com.tr\/website1\/contact-us\/\",\"correctionsPolicy\":\"https:\/\/hobierotikshop.com.tr\/website1\/mesafeli-satis-sozlesmesi\/\"}]}<\/script>\n<meta property=\"product:brand\" content=\"Viaxi\" \/>\n<meta property=\"product:price:amount\" content=\"600.00\" \/>\n<meta property=\"product:price:currency\" content=\"TRY\" \/>\n<meta property=\"og:availability\" content=\"instock\" \/>\n<meta property=\"product:availability\" content=\"instock\" \/>\n<meta property=\"product:retailer_item_id\" content=\"PT-KC510\" \/>\n<meta property=\"product:condition\" content=\"new\" \/>\n<!-- \/ Yoast SEO Premium plugin. -->","yoast_head_json":{"title":"Viaxi Glide Su Bazl\u0131 Kayganla\u015ft\u0131r\u0131c\u0131 Jel A+ 100 Ml - Bursa Erotik Shop","robots":{"index":"index","follow":"follow","max-snippet":"max-snippet:-1","max-image-preview":"max-image-preview:large","max-video-preview":"max-video-preview:-1"},"canonical":"https:\/\/hobierotikshop.com.tr\/website1\/erotik-shop-urun\/viaxi-glide-su-bazli-kayganlastirici-jel-a-100-ml\/","og_locale":"tr_TR","og_type":"article","og_title":"Viaxi Glide Su Bazl\u0131 Kayganla\u015ft\u0131r\u0131c\u0131 Jel A+ 100 Ml","og_description":"Viaxi Glide A+ Kayganla\u015ft\u0131r\u0131c\u0131 Jel 100 ml, anal ve vajinal b\u00f6lgelerdeki kayganl\u0131k ihtiyac\u0131n\u0131 en iyi \u015fekilde kar\u015f\u0131lamak i\u00e7in \u00f6zel olarak form\u00fcle edilmi\u015ftir. Su bazl\u0131, renksiz ve kokusuz bu kayganla\u015ft\u0131r\u0131c\u0131 jel, uzun s\u00fcreli kayganl\u0131k sa\u011flarken ciltle m\u00fckemmel uyum g\u00f6sterir. Anal ve vajinal kurulu\u011fu azaltmaya yard\u0131mc\u0131 olan bu \u00fcr\u00fcn, dermatolojik ve klinik testlerden ge\u00e7irilmi\u015ftir ve prezervatifle %100 uyumlu olmas\u0131n\u0131n yan\u0131 s\u0131ra, cilt pH\u2019\u0131 ile de m\u00fckemmel uyum g\u00f6sterir.","og_url":"https:\/\/hobierotikshop.com.tr\/website1\/erotik-shop-urun\/viaxi-glide-su-bazli-kayganlastirici-jel-a-100-ml\/","og_site_name":"Bursa Erotik Shop","article_modified_time":"2026-01-27T08:49:22+00:00","og_image":[{"width":1500,"height":1500,"url":"https:\/\/hobierotikshop.com.tr\/website1\/wp-content\/uploads\/2025\/03\/viaxi-glide-su-bazli-kayganlastirici-jel-a-100-ml-5019.jpg","type":"image\/jpeg"}],"twitter_card":"summary_large_image","twitter_site":"@shopbursa","twitter_misc":{"Fiyat":"&#8378;600,00 KDV DAH\u0130L","Availability":"In stock"},"schema":{"@context":"https:\/\/schema.org","@graph":[{"@type":"WebPage","@id":"https:\/\/hobierotikshop.com.tr\/website1\/erotik-shop-urun\/viaxi-glide-su-bazli-kayganlastirici-jel-a-100-ml\/","url":"https:\/\/hobierotikshop.com.tr\/website1\/erotik-shop-urun\/viaxi-glide-su-bazli-kayganlastirici-jel-a-100-ml\/","name":"Viaxi Glide Su Bazl\u0131 Kayganla\u015ft\u0131r\u0131c\u0131 Jel A+ 100 Ml - Bursa Erotik Shop","isPartOf":{"@id":"https:\/\/hobierotikshop.com.tr\/website1\/#website"},"primaryImageOfPage":{"@id":"https:\/\/hobierotikshop.com.tr\/website1\/erotik-shop-urun\/viaxi-glide-su-bazli-kayganlastirici-jel-a-100-ml\/#primaryimage"},"image":{"@id":"https:\/\/hobierotikshop.com.tr\/website1\/erotik-shop-urun\/viaxi-glide-su-bazli-kayganlastirici-jel-a-100-ml\/#primaryimage"},"thumbnailUrl":"https:\/\/haremerotikshop.com\/site\/wp-content\/uploads\/2025\/03\/viaxi-glide-su-bazli-kayganlastirici-jel-a-100-ml-5019.jpg","datePublished":"2025-03-17T09:16:27+00:00","dateModified":"2026-01-27T08:49:22+00:00","breadcrumb":{"@id":"https:\/\/hobierotikshop.com.tr\/website1\/erotik-shop-urun\/viaxi-glide-su-bazli-kayganlastirici-jel-a-100-ml\/#breadcrumb"},"inLanguage":"tr","potentialAction":[{"@type":"ReadAction","target":["https:\/\/hobierotikshop.com.tr\/website1\/erotik-shop-urun\/viaxi-glide-su-bazli-kayganlastirici-jel-a-100-ml\/"]}]},{"@type":"ImageObject","inLanguage":"tr","@id":"https:\/\/hobierotikshop.com.tr\/website1\/erotik-shop-urun\/viaxi-glide-su-bazli-kayganlastirici-jel-a-100-ml\/#primaryimage","url":"https:\/\/haremerotikshop.com\/site\/wp-content\/uploads\/2025\/03\/viaxi-glide-su-bazli-kayganlastirici-jel-a-100-ml-5019.jpg","contentUrl":"https:\/\/haremerotikshop.com\/site\/wp-content\/uploads\/2025\/03\/viaxi-glide-su-bazli-kayganlastirici-jel-a-100-ml-5019.jpg","width":1500,"height":1500},{"@type":"BreadcrumbList","@id":"https:\/\/hobierotikshop.com.tr\/website1\/erotik-shop-urun\/viaxi-glide-su-bazli-kayganlastirici-jel-a-100-ml\/#breadcrumb","itemListElement":[{"@type":"ListItem","position":1,"name":"Anasayfa","item":"https:\/\/hobierotikshop.com.tr\/website1\/"},{"@type":"ListItem","position":2,"name":"Erotik Shop \u00dcr\u00fcnleri","item":"https:\/\/hobierotikshop.com.tr\/website1\/shop\/"},{"@type":"ListItem","position":3,"name":"Viaxi Glide Su Bazl\u0131 Kayganla\u015ft\u0131r\u0131c\u0131 Jel A+ 100 Ml"}]},{"@type":"WebSite","@id":"https:\/\/hobierotikshop.com.tr\/website1\/#website","url":"https:\/\/hobierotikshop.com.tr\/website1\/","name":"Bursa Erotik Shop","description":"Bursa Erotik Shop ile g\u00fcvenli, gizli ve kaliteli yeti\u015fkin \u00fcr\u00fcnleri al\u0131\u015fveri\u015fi! Geni\u015f \u00fcr\u00fcn yelpazemizi ke\u015ffedin, hemen sipari\u015f verin","publisher":{"@id":"https:\/\/hobierotikshop.com.tr\/website1\/#organization"},"alternateName":"Erotik Shop","potentialAction":[{"@type":"SearchAction","target":{"@type":"EntryPoint","urlTemplate":"https:\/\/hobierotikshop.com.tr\/website1\/?s={search_term_string}"},"query-input":{"@type":"PropertyValueSpecification","valueRequired":true,"valueName":"search_term_string"}}],"inLanguage":"tr"},{"@type":"Organization","@id":"https:\/\/hobierotikshop.com.tr\/website1\/#organization","name":"Harem Bursa Erotik Shop","url":"https:\/\/hobierotikshop.com.tr\/website1\/","logo":{"@type":"ImageObject","inLanguage":"tr","@id":"https:\/\/hobierotikshop.com.tr\/website1\/#\/schema\/logo\/image\/","url":"https:\/\/haremerotikshop.com\/site\/wp-content\/uploads\/2025\/03\/haremsexshop.png","contentUrl":"https:\/\/haremerotikshop.com\/site\/wp-content\/uploads\/2025\/03\/haremsexshop.png","width":400,"height":100,"caption":"Harem Bursa Erotik Shop"},"image":{"@id":"https:\/\/hobierotikshop.com.tr\/website1\/#\/schema\/logo\/image\/"},"sameAs":["https:\/\/x.com\/shopbursa"],"publishingPrinciples":"https:\/\/hobierotikshop.com.tr\/website1\/mesafeli-satis-sozlesmesi\/","ownershipFundingInfo":"https:\/\/hobierotikshop.com.tr\/website1\/contact-us\/","actionableFeedbackPolicy":"https:\/\/hobierotikshop.com.tr\/website1\/contact-us\/","correctionsPolicy":"https:\/\/hobierotikshop.com.tr\/website1\/mesafeli-satis-sozlesmesi\/"}]},"product_brand":"Viaxi","product_price_amount":"600.00","product_price_currency":"TRY","og_availability":"instock","product_availability":"instock","product_retailer_item_id":"PT-KC510","product_condition":"new"},"_links":{"self":[{"href":"https:\/\/haremerotikshop.com\/site\/wp-json\/wp\/v2\/product\/18359","targetHints":{"allow":["GET"]}}],"collection":[{"href":"https:\/\/haremerotikshop.com\/site\/wp-json\/wp\/v2\/product"}],"about":[{"href":"https:\/\/haremerotikshop.com\/site\/wp-json\/wp\/v2\/types\/product"}],"replies":[{"embeddable":true,"href":"https:\/\/haremerotikshop.com\/site\/wp-json\/wp\/v2\/comments?post=18359"}],"version-history":[{"count":0,"href":"https:\/\/haremerotikshop.com\/site\/wp-json\/wp\/v2\/product\/18359\/revisions"}],"wp:featuredmedia":[{"embeddable":true,"href":"https:\/\/haremerotikshop.com\/site\/wp-json\/wp\/v2\/media\/18496"}],"wp:attachment":[{"href":"https:\/\/haremerotikshop.com\/site\/wp-json\/wp\/v2\/media?parent=18359"}],"wp:term":[{"taxonomy":"product_brand","embeddable":true,"href":"https:\/\/haremerotikshop.com\/site\/wp-json\/wp\/v2\/product_brand?post=18359"},{"taxonomy":"product_cat","embeddable":true,"href":"https:\/\/haremerotikshop.com\/site\/wp-json\/wp\/v2\/product_cat?post=18359"},{"taxonomy":"product_tag","embeddable":true,"href":"https:\/\/haremerotikshop.com\/site\/wp-json\/wp\/v2\/product_tag?post=18359"}],"curies":[{"name":"wp","href":"https:\/\/api.w.org\/{rel}","templated":true}]}}