{"id":18360,"date":"2025-03-17T12:16:27","date_gmt":"2025-03-17T09:16:27","guid":{"rendered":"https:\/\/haremerotikshop.com\/site\/?post_type=product&#038;p=18360"},"modified":"2026-01-27T11:49:47","modified_gmt":"2026-01-27T08:49:47","slug":"viaxi-glide-su-bazli-kayganlastirici-jel-sade-50-ml","status":"publish","type":"product","link":"https:\/\/haremerotikshop.com\/site\/erotik-shop-urun\/viaxi-glide-su-bazli-kayganlastirici-jel-sade-50-ml\/","title":{"rendered":"Viaxi Glide Su Bazl\u0131 Kayganla\u015ft\u0131r\u0131c\u0131 Jel Sade 50 Ml"},"content":{"rendered":"<h3 class=\"\" data-start=\"0\" data-end=\"100\"><strong data-start=\"4\" data-end=\"100\">Viaxi Glide Su Bazl\u0131 Kayganla\u015ft\u0131r\u0131c\u0131 Jel Sade 50 ml: Konforlu ve G\u00fcvenli Cinsel Deneyim \u0130\u00e7in<\/strong><\/h3>\n<p class=\"\" data-start=\"102\" data-end=\"666\"><strong data-start=\"102\" data-end=\"157\">Viaxi Glide Su Bazl\u0131 Kayganla\u015ft\u0131r\u0131c\u0131 Jel Sade 50 ml<\/strong>, rahatl\u0131k ve g\u00fcvenli\u011fin \u00f6n planda tutuldu\u011fu \u00f6zel bir kayganla\u015ft\u0131r\u0131c\u0131 jeldir. <strong data-start=\"235\" data-end=\"247\">Su bazl\u0131<\/strong>, <strong data-start=\"249\" data-end=\"260\">renksiz<\/strong> ve <strong data-start=\"264\" data-end=\"275\">kokusuz<\/strong> form\u00fcl\u00fc ile <strong data-start=\"288\" data-end=\"313\">uzun s\u00fcreli kayganl\u0131k<\/strong> sa\u011flayarak, <strong data-start=\"326\" data-end=\"346\">vajinal kurulu\u011fu<\/strong> azaltmaya yard\u0131mc\u0131 olur. Bu \u00fcr\u00fcn, <strong data-start=\"381\" data-end=\"397\">dermatolojik<\/strong> ve <strong data-start=\"401\" data-end=\"422\">klinik testlerden<\/strong> ge\u00e7irilmi\u015f olup, <strong data-start=\"440\" data-end=\"472\">prezervatifle %100 uyumludur<\/strong> ve <strong data-start=\"476\" data-end=\"493\">pH dengelidir<\/strong>. Ayn\u0131 zamanda <strong data-start=\"508\" data-end=\"534\">fantezi oyuncaklar\u0131yla<\/strong> da g\u00fcvenle kullan\u0131labilir. <strong data-start=\"562\" data-end=\"572\">Ya\u011fs\u0131z<\/strong>, <strong data-start=\"574\" data-end=\"602\" data-is-only-node=\"\">suda kolayca \u00e7\u00f6z\u00fcnebilen<\/strong> bu jel, cildinize zarar vermeden rahatlat\u0131c\u0131 bir deneyim sunar.<\/p>\n<h3 class=\"\" data-start=\"668\" data-end=\"693\"><strong data-start=\"672\" data-end=\"693\">\u00dcr\u00fcn \u00d6zellikleri:<\/strong><\/h3>\n<ul data-start=\"695\" data-end=\"1768\">\n<li class=\"\" data-start=\"695\" data-end=\"908\">\n<p class=\"\" data-start=\"697\" data-end=\"908\"><strong data-start=\"697\" data-end=\"721\">Su Bazl\u0131 ve Kokusuz:<\/strong> Viaxi Glide Kayganla\u015ft\u0131r\u0131c\u0131 Jel, <strong data-start=\"755\" data-end=\"767\">su bazl\u0131<\/strong> yap\u0131s\u0131 ile <strong data-start=\"779\" data-end=\"789\">ya\u011fs\u0131z<\/strong> ve <strong data-start=\"793\" data-end=\"807\">kokusuzdur<\/strong>. Bu sayede, cildinizi do\u011fal bir \u015fekilde besler ve rahats\u0131z edici kokulardan uzak bir deneyim sa\u011flar.<\/p>\n<\/li>\n<li class=\"\" data-start=\"910\" data-end=\"1094\">\n<p class=\"\" data-start=\"912\" data-end=\"1094\"><strong data-start=\"912\" data-end=\"938\">Uzun S\u00fcreli Kayganl\u0131k:<\/strong> \u00dcr\u00fcn, <strong data-start=\"945\" data-end=\"968\">uzun s\u00fcre kayganl\u0131k<\/strong> sa\u011flayarak, cinsel ili\u015fkilerde konforu art\u0131r\u0131r. Kurumayan \u00f6zelli\u011fi sayesinde, cildinizi nemlendirir ve ekstra rahatl\u0131k sunar.<\/p>\n<\/li>\n<li class=\"\" data-start=\"1096\" data-end=\"1241\">\n<p class=\"\" data-start=\"1098\" data-end=\"1241\"><strong data-start=\"1098\" data-end=\"1127\">Vajinal Kurulu\u011fu Azaltma:<\/strong> <strong data-start=\"1128\" data-end=\"1148\">Vajinal kurulu\u011fu<\/strong> azaltmaya yard\u0131mc\u0131 olan bu kayganla\u015ft\u0131r\u0131c\u0131 jel, kullan\u0131c\u0131s\u0131na daha rahat bir deneyim sa\u011flar.<\/p>\n<\/li>\n<li class=\"\" data-start=\"1243\" data-end=\"1408\">\n<p class=\"\" data-start=\"1245\" data-end=\"1408\"><strong data-start=\"1245\" data-end=\"1280\">Dermatolojik ve Klinik Testler:<\/strong> <strong data-start=\"1281\" data-end=\"1297\">Dermatolojik<\/strong> ve <strong data-start=\"1301\" data-end=\"1322\">klinik testlerden<\/strong> ba\u015far\u0131yla ge\u00e7en bu \u00fcr\u00fcn, <strong data-start=\"1348\" data-end=\"1381\">t\u00fcm cilt tipleriyle uyumludur<\/strong> ve cildinize zarar vermez.<\/p>\n<\/li>\n<li class=\"\" data-start=\"1410\" data-end=\"1607\">\n<p class=\"\" data-start=\"1412\" data-end=\"1607\"><strong data-start=\"1412\" data-end=\"1454\">pH Dengesi ve Prezervatifle Uyumluluk:<\/strong> <strong data-start=\"1455\" data-end=\"1469\">pH dengeli<\/strong> form\u00fcl\u00fc ve <strong data-start=\"1481\" data-end=\"1514\">prezervatifle %100 uyumlulu\u011fu<\/strong>, \u00fcr\u00fcn\u00fcn g\u00fcvenli kullan\u0131m\u0131n\u0131 garanti eder. Bu, daha rahat bir deneyim i\u00e7in olduk\u00e7a \u00f6nemlidir.<\/p>\n<\/li>\n<li class=\"\" data-start=\"1609\" data-end=\"1768\">\n<p class=\"\" data-start=\"1611\" data-end=\"1768\"><strong data-start=\"1611\" data-end=\"1643\">Fantezi Oyuncaklarla Uyumlu:<\/strong> <strong data-start=\"1644\" data-end=\"1670\">Fantezi oyuncaklar\u0131yla<\/strong> kullan\u0131labilen bu jel, cinsel deneyimlerinizi \u00e7e\u015fitlendirebilir ve daha keyifli hale getirebilir.<\/p>\n<\/li>\n<\/ul>\n<h3 class=\"\" data-start=\"1770\" data-end=\"1799\"><strong data-start=\"1774\" data-end=\"1799\">Kullan\u0131m Talimatlar\u0131:<\/strong><\/h3>\n<ol data-start=\"1800\" data-end=\"1951\">\n<li class=\"\" data-start=\"1800\" data-end=\"1857\">\n<p class=\"\" data-start=\"1803\" data-end=\"1857\"><strong data-start=\"1803\" data-end=\"1828\">\u0130htiyac\u0131n\u0131z kadar jel<\/strong> al\u0131n ve <strong data-start=\"1837\" data-end=\"1850\">avucunuza<\/strong> d\u00f6k\u00fcn.<\/p>\n<\/li>\n<li class=\"\" data-start=\"1858\" data-end=\"1911\">\n<p class=\"\" data-start=\"1861\" data-end=\"1911\"><strong data-start=\"1861\" data-end=\"1892\">Vajinal veya anal b\u00f6lgelere<\/strong> nazik\u00e7e uygulay\u0131n.<\/p>\n<\/li>\n<li class=\"\" data-start=\"1912\" data-end=\"1951\">\n<p class=\"\" data-start=\"1915\" data-end=\"1951\">Gerekti\u011finde uygulamay\u0131 tekrarlay\u0131n.<\/p>\n<\/li>\n<\/ol>\n<h3 class=\"\" data-start=\"1953\" data-end=\"1973\"><strong data-start=\"1957\" data-end=\"1973\">\u0130\u00e7indekiler:<\/strong><\/h3>\n<ul data-start=\"1974\" data-end=\"2031\">\n<li class=\"\" data-start=\"1974\" data-end=\"1991\">\n<p class=\"\" data-start=\"1976\" data-end=\"1991\">Su Bazl\u0131 Form\u00fcl<\/p>\n<\/li>\n<li class=\"\" data-start=\"1992\" data-end=\"2031\">\n<p class=\"\" data-start=\"1994\" data-end=\"2031\">Dermatolojik Olarak Onaylanm\u0131\u015f \u0130\u00e7erik<\/p>\n<\/li>\n<\/ul>\n<h3 class=\"\" data-start=\"2033\" data-end=\"2050\"><strong data-start=\"2037\" data-end=\"2050\">Uyar\u0131lar:<\/strong><\/h3>\n<ul data-start=\"2051\" data-end=\"2232\">\n<li class=\"\" data-start=\"2051\" data-end=\"2107\">\n<p class=\"\" data-start=\"2053\" data-end=\"2107\">Haricen kullan\u0131l\u0131r, <strong data-start=\"2073\" data-end=\"2106\">g\u00f6zle temastan ka\u00e7\u0131n\u0131lmal\u0131d\u0131r<\/strong>.<\/p>\n<\/li>\n<li class=\"\" data-start=\"2108\" data-end=\"2175\">\n<p class=\"\" data-start=\"2110\" data-end=\"2175\"><strong data-start=\"2110\" data-end=\"2136\">\u00c7ocuklardan uzak tutun<\/strong> ve <strong data-start=\"2140\" data-end=\"2174\">serin, kuru bir yerde saklay\u0131n<\/strong>.<\/p>\n<\/li>\n<li class=\"\" data-start=\"2176\" data-end=\"2232\">\n<p class=\"\" data-start=\"2178\" data-end=\"2232\">Alerjik reaksiyon g\u00f6r\u00fcld\u00fc\u011f\u00fcnde <strong data-start=\"2209\" data-end=\"2231\">kullan\u0131m\u0131 durdurun<\/strong>.<\/p>\n<\/li>\n<\/ul>\n<h3 class=\"\" data-start=\"2234\" data-end=\"2317\"><strong data-start=\"2238\" data-end=\"2317\">Viaxi Glide Kayganla\u015ft\u0131r\u0131c\u0131 Jel ile Daha Sa\u011fl\u0131kl\u0131 ve Keyifli Cinsel Deneyim<\/strong><\/h3>\n<p class=\"\" data-start=\"2319\" data-end=\"2719\"><strong data-start=\"2319\" data-end=\"2374\">Viaxi Glide Su Bazl\u0131 Kayganla\u015ft\u0131r\u0131c\u0131 Jel Sade 50 ml<\/strong>, konforlu ve g\u00fcvenli bir cinsel deneyim i\u00e7in ideal bir kayganla\u015ft\u0131r\u0131c\u0131 jel olup, <strong data-start=\"2456\" data-end=\"2481\">uzun s\u00fcreli kayganl\u0131k<\/strong> sa\u011flar ve <strong data-start=\"2492\" data-end=\"2512\">vajinal kurulu\u011fu<\/strong> azaltmaya yard\u0131mc\u0131 olur. <strong data-start=\"2538\" data-end=\"2550\">Su bazl\u0131<\/strong>, <strong data-start=\"2552\" data-end=\"2563\">renksiz<\/strong> ve <strong data-start=\"2567\" data-end=\"2578\">kokusuz<\/strong> form\u00fcl\u00fc ile kullan\u0131m\u0131 son derece rahat ve g\u00fcvenlidir. Ayr\u0131ca, <strong data-start=\"2641\" data-end=\"2673\">prezervatifle %100 uyumludur<\/strong> ve <strong data-start=\"2677\" data-end=\"2703\">fantezi oyuncaklar\u0131yla<\/strong> kullan\u0131labilir.<\/p>\n<p class=\"\" data-start=\"2721\" data-end=\"2842\">Daha sa\u011fl\u0131kl\u0131, konforlu ve keyifli bir cinsel ya\u015fam i\u00e7in <strong data-start=\"2778\" data-end=\"2813\">Viaxi Glide Kayganla\u015ft\u0131r\u0131c\u0131 Jel<\/strong>\u2019i g\u00fcvenle kullanabilirsiniz!<\/p>\n","protected":false},"excerpt":{"rendered":"<p><strong data-start=\"102\" data-end=\"157\">Viaxi Glide Su Bazl\u0131 Kayganla\u015ft\u0131r\u0131c\u0131 Jel Sade 50 ml<\/strong>, rahatl\u0131k ve g\u00fcvenli\u011fin \u00f6n planda tutuldu\u011fu \u00f6zel bir kayganla\u015ft\u0131r\u0131c\u0131 jeldir. <strong data-start=\"235\" data-end=\"247\">Su bazl\u0131<\/strong>, <strong data-start=\"249\" data-end=\"260\">renksiz<\/strong> ve <strong data-start=\"264\" data-end=\"275\">kokusuz<\/strong> form\u00fcl\u00fc ile <strong data-start=\"288\" data-end=\"313\">uzun s\u00fcreli kayganl\u0131k<\/strong> sa\u011flayarak, <strong data-start=\"326\" data-end=\"346\">vajinal kurulu\u011fu<\/strong> azaltmaya yard\u0131mc\u0131 olur. Bu \u00fcr\u00fcn, <strong data-start=\"381\" data-end=\"397\">dermatolojik<\/strong> ve <strong data-start=\"401\" data-end=\"422\">klinik testlerden<\/strong> ge\u00e7irilmi\u015f olup, <strong data-start=\"440\" data-end=\"472\">prezervatifle %100 uyumludur<\/strong> ve <strong data-start=\"476\" data-end=\"493\">pH dengelidir<\/strong>. Ayn\u0131 zamanda <strong data-start=\"508\" data-end=\"534\">fantezi oyuncaklar\u0131yla<\/strong> da g\u00fcvenle kullan\u0131labilir. <strong data-start=\"562\" data-end=\"572\">Ya\u011fs\u0131z<\/strong>, <strong data-start=\"574\" data-end=\"602\" data-is-only-node=\"\">suda kolayca \u00e7\u00f6z\u00fcnebilen<\/strong> bu jel, cildinize zarar vermeden rahatlat\u0131c\u0131 bir deneyim sunar.<\/p>\n","protected":false},"featured_media":18505,"comment_status":"closed","ping_status":"closed","template":"","meta":[],"product_brand":[167],"product_cat":[131],"product_tag":[132],"class_list":{"0":"post-18360","1":"product","2":"type-product","3":"status-publish","4":"has-post-thumbnail","6":"product_brand-viaxi","7":"product_cat-kayganlastirici","8":"product_tag-viaxi-glide-su-bazli-kayganlastirici-jel-sade-50-ml","10":"first","11":"instock","12":"taxable","13":"shipping-taxable","14":"purchasable","15":"product-type-simple"},"yoast_head":"<!-- This site is optimized with the Yoast SEO Premium plugin v24.4 (Yoast SEO v27.1.1) - https:\/\/yoast.com\/product\/yoast-seo-premium-wordpress\/ -->\n<title>Viaxi Glide Su Bazl\u0131 Kayganla\u015ft\u0131r\u0131c\u0131 Jel Sade 50 Ml - Bursa Erotik Shop<\/title>\n<meta name=\"robots\" content=\"index, follow, max-snippet:-1, max-image-preview:large, max-video-preview:-1\" \/>\n<link rel=\"canonical\" href=\"https:\/\/hobierotikshop.com.tr\/website1\/erotik-shop-urun\/viaxi-glide-su-bazli-kayganlastirici-jel-sade-50-ml\/\" \/>\n<meta property=\"og:locale\" content=\"tr_TR\" \/>\n<meta property=\"og:type\" content=\"article\" \/>\n<meta property=\"og:title\" content=\"Viaxi Glide Su Bazl\u0131 Kayganla\u015ft\u0131r\u0131c\u0131 Jel Sade 50 Ml\" \/>\n<meta property=\"og:description\" content=\"Viaxi Glide Su Bazl\u0131 Kayganla\u015ft\u0131r\u0131c\u0131 Jel Sade 50 ml, rahatl\u0131k ve g\u00fcvenli\u011fin \u00f6n planda tutuldu\u011fu \u00f6zel bir kayganla\u015ft\u0131r\u0131c\u0131 jeldir. Su bazl\u0131, renksiz ve kokusuz form\u00fcl\u00fc ile uzun s\u00fcreli kayganl\u0131k sa\u011flayarak, vajinal kurulu\u011fu azaltmaya yard\u0131mc\u0131 olur. Bu \u00fcr\u00fcn, dermatolojik ve klinik testlerden ge\u00e7irilmi\u015f olup, prezervatifle %100 uyumludur ve pH dengelidir. Ayn\u0131 zamanda fantezi oyuncaklar\u0131yla da g\u00fcvenle kullan\u0131labilir. Ya\u011fs\u0131z, suda kolayca \u00e7\u00f6z\u00fcnebilen bu jel, cildinize zarar vermeden rahatlat\u0131c\u0131 bir deneyim sunar.\" \/>\n<meta property=\"og:url\" content=\"https:\/\/hobierotikshop.com.tr\/website1\/erotik-shop-urun\/viaxi-glide-su-bazli-kayganlastirici-jel-sade-50-ml\/\" \/>\n<meta property=\"og:site_name\" content=\"Bursa Erotik Shop\" \/>\n<meta property=\"article:modified_time\" content=\"2026-01-27T08:49:47+00:00\" \/>\n<meta property=\"og:image\" content=\"https:\/\/hobierotikshop.com.tr\/website1\/wp-content\/uploads\/2025\/03\/viaxi-glide-su-bazli-kayganlastirici-jel-sade-50-ml-4957.jpg\" \/>\n\t<meta property=\"og:image:width\" content=\"1500\" \/>\n\t<meta property=\"og:image:height\" content=\"1500\" \/>\n\t<meta property=\"og:image:type\" content=\"image\/jpeg\" \/>\n<meta name=\"twitter:card\" content=\"summary_large_image\" \/>\n<meta name=\"twitter:site\" content=\"@shopbursa\" \/>\n<meta name=\"twitter:label1\" content=\"Fiyat\" \/>\n\t<meta name=\"twitter:data1\" content=\"&#8378;400,00 KDV DAH\u0130L\" \/>\n\t<meta name=\"twitter:label2\" content=\"Availability\" \/>\n\t<meta name=\"twitter:data2\" content=\"In stock\" \/>\n<script type=\"application\/ld+json\" class=\"yoast-schema-graph\">{\"@context\":\"https:\/\/schema.org\",\"@graph\":[{\"@type\":\"WebPage\",\"@id\":\"https:\/\/hobierotikshop.com.tr\/website1\/erotik-shop-urun\/viaxi-glide-su-bazli-kayganlastirici-jel-sade-50-ml\/\",\"url\":\"https:\/\/hobierotikshop.com.tr\/website1\/erotik-shop-urun\/viaxi-glide-su-bazli-kayganlastirici-jel-sade-50-ml\/\",\"name\":\"Viaxi Glide Su Bazl\u0131 Kayganla\u015ft\u0131r\u0131c\u0131 Jel Sade 50 Ml - Bursa Erotik Shop\",\"isPartOf\":{\"@id\":\"https:\/\/hobierotikshop.com.tr\/website1\/#website\"},\"primaryImageOfPage\":{\"@id\":\"https:\/\/hobierotikshop.com.tr\/website1\/erotik-shop-urun\/viaxi-glide-su-bazli-kayganlastirici-jel-sade-50-ml\/#primaryimage\"},\"image\":{\"@id\":\"https:\/\/hobierotikshop.com.tr\/website1\/erotik-shop-urun\/viaxi-glide-su-bazli-kayganlastirici-jel-sade-50-ml\/#primaryimage\"},\"thumbnailUrl\":\"https:\/\/haremerotikshop.com\/site\/wp-content\/uploads\/2025\/03\/viaxi-glide-su-bazli-kayganlastirici-jel-sade-50-ml-4957.jpg\",\"datePublished\":\"2025-03-17T09:16:27+00:00\",\"dateModified\":\"2026-01-27T08:49:47+00:00\",\"breadcrumb\":{\"@id\":\"https:\/\/hobierotikshop.com.tr\/website1\/erotik-shop-urun\/viaxi-glide-su-bazli-kayganlastirici-jel-sade-50-ml\/#breadcrumb\"},\"inLanguage\":\"tr\",\"potentialAction\":[{\"@type\":\"ReadAction\",\"target\":[\"https:\/\/hobierotikshop.com.tr\/website1\/erotik-shop-urun\/viaxi-glide-su-bazli-kayganlastirici-jel-sade-50-ml\/\"]}]},{\"@type\":\"ImageObject\",\"inLanguage\":\"tr\",\"@id\":\"https:\/\/hobierotikshop.com.tr\/website1\/erotik-shop-urun\/viaxi-glide-su-bazli-kayganlastirici-jel-sade-50-ml\/#primaryimage\",\"url\":\"https:\/\/haremerotikshop.com\/site\/wp-content\/uploads\/2025\/03\/viaxi-glide-su-bazli-kayganlastirici-jel-sade-50-ml-4957.jpg\",\"contentUrl\":\"https:\/\/haremerotikshop.com\/site\/wp-content\/uploads\/2025\/03\/viaxi-glide-su-bazli-kayganlastirici-jel-sade-50-ml-4957.jpg\",\"width\":1500,\"height\":1500},{\"@type\":\"BreadcrumbList\",\"@id\":\"https:\/\/hobierotikshop.com.tr\/website1\/erotik-shop-urun\/viaxi-glide-su-bazli-kayganlastirici-jel-sade-50-ml\/#breadcrumb\",\"itemListElement\":[{\"@type\":\"ListItem\",\"position\":1,\"name\":\"Anasayfa\",\"item\":\"https:\/\/hobierotikshop.com.tr\/website1\/\"},{\"@type\":\"ListItem\",\"position\":2,\"name\":\"Erotik Shop \u00dcr\u00fcnleri\",\"item\":\"https:\/\/hobierotikshop.com.tr\/website1\/shop\/\"},{\"@type\":\"ListItem\",\"position\":3,\"name\":\"Viaxi Glide Su Bazl\u0131 Kayganla\u015ft\u0131r\u0131c\u0131 Jel Sade 50 Ml\"}]},{\"@type\":\"WebSite\",\"@id\":\"https:\/\/hobierotikshop.com.tr\/website1\/#website\",\"url\":\"https:\/\/hobierotikshop.com.tr\/website1\/\",\"name\":\"Bursa Erotik Shop\",\"description\":\"Bursa Erotik Shop ile g\u00fcvenli, gizli ve kaliteli yeti\u015fkin \u00fcr\u00fcnleri al\u0131\u015fveri\u015fi! Geni\u015f \u00fcr\u00fcn yelpazemizi ke\u015ffedin, hemen sipari\u015f verin\",\"publisher\":{\"@id\":\"https:\/\/hobierotikshop.com.tr\/website1\/#organization\"},\"alternateName\":\"Erotik Shop\",\"potentialAction\":[{\"@type\":\"SearchAction\",\"target\":{\"@type\":\"EntryPoint\",\"urlTemplate\":\"https:\/\/hobierotikshop.com.tr\/website1\/?s={search_term_string}\"},\"query-input\":{\"@type\":\"PropertyValueSpecification\",\"valueRequired\":true,\"valueName\":\"search_term_string\"}}],\"inLanguage\":\"tr\"},{\"@type\":\"Organization\",\"@id\":\"https:\/\/hobierotikshop.com.tr\/website1\/#organization\",\"name\":\"Harem Bursa Erotik Shop\",\"url\":\"https:\/\/hobierotikshop.com.tr\/website1\/\",\"logo\":{\"@type\":\"ImageObject\",\"inLanguage\":\"tr\",\"@id\":\"https:\/\/hobierotikshop.com.tr\/website1\/#\/schema\/logo\/image\/\",\"url\":\"https:\/\/haremerotikshop.com\/wp-content\/uploads\/2025\/03\/haremsexshop.png\",\"contentUrl\":\"https:\/\/haremerotikshop.com\/wp-content\/uploads\/2025\/03\/haremsexshop.png\",\"width\":400,\"height\":100,\"caption\":\"Harem Bursa Erotik Shop\"},\"image\":{\"@id\":\"https:\/\/hobierotikshop.com.tr\/website1\/#\/schema\/logo\/image\/\"},\"sameAs\":[\"https:\/\/x.com\/shopbursa\"],\"publishingPrinciples\":\"https:\/\/hobierotikshop.com.tr\/website1\/mesafeli-satis-sozlesmesi\/\",\"ownershipFundingInfo\":\"https:\/\/hobierotikshop.com.tr\/website1\/contact-us\/\",\"actionableFeedbackPolicy\":\"https:\/\/hobierotikshop.com.tr\/website1\/contact-us\/\",\"correctionsPolicy\":\"https:\/\/hobierotikshop.com.tr\/website1\/mesafeli-satis-sozlesmesi\/\"}]}<\/script>\n<meta property=\"product:brand\" content=\"Viaxi\" \/>\n<meta property=\"product:price:amount\" content=\"400.00\" \/>\n<meta property=\"product:price:currency\" content=\"TRY\" \/>\n<meta property=\"og:availability\" content=\"instock\" \/>\n<meta property=\"product:availability\" content=\"instock\" \/>\n<meta property=\"product:retailer_item_id\" content=\"PT-KC519\" \/>\n<meta property=\"product:condition\" content=\"new\" \/>\n<!-- \/ Yoast SEO Premium plugin. -->","yoast_head_json":{"title":"Viaxi Glide Su Bazl\u0131 Kayganla\u015ft\u0131r\u0131c\u0131 Jel Sade 50 Ml - Bursa Erotik Shop","robots":{"index":"index","follow":"follow","max-snippet":"max-snippet:-1","max-image-preview":"max-image-preview:large","max-video-preview":"max-video-preview:-1"},"canonical":"https:\/\/hobierotikshop.com.tr\/website1\/erotik-shop-urun\/viaxi-glide-su-bazli-kayganlastirici-jel-sade-50-ml\/","og_locale":"tr_TR","og_type":"article","og_title":"Viaxi Glide Su Bazl\u0131 Kayganla\u015ft\u0131r\u0131c\u0131 Jel Sade 50 Ml","og_description":"Viaxi Glide Su Bazl\u0131 Kayganla\u015ft\u0131r\u0131c\u0131 Jel Sade 50 ml, rahatl\u0131k ve g\u00fcvenli\u011fin \u00f6n planda tutuldu\u011fu \u00f6zel bir kayganla\u015ft\u0131r\u0131c\u0131 jeldir. Su bazl\u0131, renksiz ve kokusuz form\u00fcl\u00fc ile uzun s\u00fcreli kayganl\u0131k sa\u011flayarak, vajinal kurulu\u011fu azaltmaya yard\u0131mc\u0131 olur. Bu \u00fcr\u00fcn, dermatolojik ve klinik testlerden ge\u00e7irilmi\u015f olup, prezervatifle %100 uyumludur ve pH dengelidir. Ayn\u0131 zamanda fantezi oyuncaklar\u0131yla da g\u00fcvenle kullan\u0131labilir. Ya\u011fs\u0131z, suda kolayca \u00e7\u00f6z\u00fcnebilen bu jel, cildinize zarar vermeden rahatlat\u0131c\u0131 bir deneyim sunar.","og_url":"https:\/\/hobierotikshop.com.tr\/website1\/erotik-shop-urun\/viaxi-glide-su-bazli-kayganlastirici-jel-sade-50-ml\/","og_site_name":"Bursa Erotik Shop","article_modified_time":"2026-01-27T08:49:47+00:00","og_image":[{"width":1500,"height":1500,"url":"https:\/\/hobierotikshop.com.tr\/website1\/wp-content\/uploads\/2025\/03\/viaxi-glide-su-bazli-kayganlastirici-jel-sade-50-ml-4957.jpg","type":"image\/jpeg"}],"twitter_card":"summary_large_image","twitter_site":"@shopbursa","twitter_misc":{"Fiyat":"&#8378;400,00 KDV DAH\u0130L","Availability":"In stock"},"schema":{"@context":"https:\/\/schema.org","@graph":[{"@type":"WebPage","@id":"https:\/\/hobierotikshop.com.tr\/website1\/erotik-shop-urun\/viaxi-glide-su-bazli-kayganlastirici-jel-sade-50-ml\/","url":"https:\/\/hobierotikshop.com.tr\/website1\/erotik-shop-urun\/viaxi-glide-su-bazli-kayganlastirici-jel-sade-50-ml\/","name":"Viaxi Glide Su Bazl\u0131 Kayganla\u015ft\u0131r\u0131c\u0131 Jel Sade 50 Ml - Bursa Erotik Shop","isPartOf":{"@id":"https:\/\/hobierotikshop.com.tr\/website1\/#website"},"primaryImageOfPage":{"@id":"https:\/\/hobierotikshop.com.tr\/website1\/erotik-shop-urun\/viaxi-glide-su-bazli-kayganlastirici-jel-sade-50-ml\/#primaryimage"},"image":{"@id":"https:\/\/hobierotikshop.com.tr\/website1\/erotik-shop-urun\/viaxi-glide-su-bazli-kayganlastirici-jel-sade-50-ml\/#primaryimage"},"thumbnailUrl":"https:\/\/haremerotikshop.com\/site\/wp-content\/uploads\/2025\/03\/viaxi-glide-su-bazli-kayganlastirici-jel-sade-50-ml-4957.jpg","datePublished":"2025-03-17T09:16:27+00:00","dateModified":"2026-01-27T08:49:47+00:00","breadcrumb":{"@id":"https:\/\/hobierotikshop.com.tr\/website1\/erotik-shop-urun\/viaxi-glide-su-bazli-kayganlastirici-jel-sade-50-ml\/#breadcrumb"},"inLanguage":"tr","potentialAction":[{"@type":"ReadAction","target":["https:\/\/hobierotikshop.com.tr\/website1\/erotik-shop-urun\/viaxi-glide-su-bazli-kayganlastirici-jel-sade-50-ml\/"]}]},{"@type":"ImageObject","inLanguage":"tr","@id":"https:\/\/hobierotikshop.com.tr\/website1\/erotik-shop-urun\/viaxi-glide-su-bazli-kayganlastirici-jel-sade-50-ml\/#primaryimage","url":"https:\/\/haremerotikshop.com\/site\/wp-content\/uploads\/2025\/03\/viaxi-glide-su-bazli-kayganlastirici-jel-sade-50-ml-4957.jpg","contentUrl":"https:\/\/haremerotikshop.com\/site\/wp-content\/uploads\/2025\/03\/viaxi-glide-su-bazli-kayganlastirici-jel-sade-50-ml-4957.jpg","width":1500,"height":1500},{"@type":"BreadcrumbList","@id":"https:\/\/hobierotikshop.com.tr\/website1\/erotik-shop-urun\/viaxi-glide-su-bazli-kayganlastirici-jel-sade-50-ml\/#breadcrumb","itemListElement":[{"@type":"ListItem","position":1,"name":"Anasayfa","item":"https:\/\/hobierotikshop.com.tr\/website1\/"},{"@type":"ListItem","position":2,"name":"Erotik Shop \u00dcr\u00fcnleri","item":"https:\/\/hobierotikshop.com.tr\/website1\/shop\/"},{"@type":"ListItem","position":3,"name":"Viaxi Glide Su Bazl\u0131 Kayganla\u015ft\u0131r\u0131c\u0131 Jel Sade 50 Ml"}]},{"@type":"WebSite","@id":"https:\/\/hobierotikshop.com.tr\/website1\/#website","url":"https:\/\/hobierotikshop.com.tr\/website1\/","name":"Bursa Erotik Shop","description":"Bursa Erotik Shop ile g\u00fcvenli, gizli ve kaliteli yeti\u015fkin \u00fcr\u00fcnleri al\u0131\u015fveri\u015fi! Geni\u015f \u00fcr\u00fcn yelpazemizi ke\u015ffedin, hemen sipari\u015f verin","publisher":{"@id":"https:\/\/hobierotikshop.com.tr\/website1\/#organization"},"alternateName":"Erotik Shop","potentialAction":[{"@type":"SearchAction","target":{"@type":"EntryPoint","urlTemplate":"https:\/\/hobierotikshop.com.tr\/website1\/?s={search_term_string}"},"query-input":{"@type":"PropertyValueSpecification","valueRequired":true,"valueName":"search_term_string"}}],"inLanguage":"tr"},{"@type":"Organization","@id":"https:\/\/hobierotikshop.com.tr\/website1\/#organization","name":"Harem Bursa Erotik Shop","url":"https:\/\/hobierotikshop.com.tr\/website1\/","logo":{"@type":"ImageObject","inLanguage":"tr","@id":"https:\/\/hobierotikshop.com.tr\/website1\/#\/schema\/logo\/image\/","url":"https:\/\/haremerotikshop.com\/wp-content\/uploads\/2025\/03\/haremsexshop.png","contentUrl":"https:\/\/haremerotikshop.com\/wp-content\/uploads\/2025\/03\/haremsexshop.png","width":400,"height":100,"caption":"Harem Bursa Erotik Shop"},"image":{"@id":"https:\/\/hobierotikshop.com.tr\/website1\/#\/schema\/logo\/image\/"},"sameAs":["https:\/\/x.com\/shopbursa"],"publishingPrinciples":"https:\/\/hobierotikshop.com.tr\/website1\/mesafeli-satis-sozlesmesi\/","ownershipFundingInfo":"https:\/\/hobierotikshop.com.tr\/website1\/contact-us\/","actionableFeedbackPolicy":"https:\/\/hobierotikshop.com.tr\/website1\/contact-us\/","correctionsPolicy":"https:\/\/hobierotikshop.com.tr\/website1\/mesafeli-satis-sozlesmesi\/"}]},"product_brand":"Viaxi","product_price_amount":"400.00","product_price_currency":"TRY","og_availability":"instock","product_availability":"instock","product_retailer_item_id":"PT-KC519","product_condition":"new"},"_links":{"self":[{"href":"https:\/\/haremerotikshop.com\/site\/wp-json\/wp\/v2\/product\/18360","targetHints":{"allow":["GET"]}}],"collection":[{"href":"https:\/\/haremerotikshop.com\/site\/wp-json\/wp\/v2\/product"}],"about":[{"href":"https:\/\/haremerotikshop.com\/site\/wp-json\/wp\/v2\/types\/product"}],"replies":[{"embeddable":true,"href":"https:\/\/haremerotikshop.com\/site\/wp-json\/wp\/v2\/comments?post=18360"}],"version-history":[{"count":0,"href":"https:\/\/haremerotikshop.com\/site\/wp-json\/wp\/v2\/product\/18360\/revisions"}],"wp:featuredmedia":[{"embeddable":true,"href":"https:\/\/haremerotikshop.com\/site\/wp-json\/wp\/v2\/media\/18505"}],"wp:attachment":[{"href":"https:\/\/haremerotikshop.com\/site\/wp-json\/wp\/v2\/media?parent=18360"}],"wp:term":[{"taxonomy":"product_brand","embeddable":true,"href":"https:\/\/haremerotikshop.com\/site\/wp-json\/wp\/v2\/product_brand?post=18360"},{"taxonomy":"product_cat","embeddable":true,"href":"https:\/\/haremerotikshop.com\/site\/wp-json\/wp\/v2\/product_cat?post=18360"},{"taxonomy":"product_tag","embeddable":true,"href":"https:\/\/haremerotikshop.com\/site\/wp-json\/wp\/v2\/product_tag?post=18360"}],"curies":[{"name":"wp","href":"https:\/\/api.w.org\/{rel}","templated":true}]}}