{"id":18378,"date":"2025-03-17T12:16:50","date_gmt":"2025-03-17T09:16:50","guid":{"rendered":"https:\/\/haremerotikshop.com\/site\/?post_type=product&#038;p=18378"},"modified":"2026-01-27T11:46:05","modified_gmt":"2026-01-27T08:46:05","slug":"cabs-glide-kayganlastirici-jel-250-ml","status":"publish","type":"product","link":"https:\/\/haremerotikshop.com\/site\/erotik-shop-urun\/cabs-glide-kayganlastirici-jel-250-ml\/","title":{"rendered":"Cabs Glide Kayganla\u015ft\u0131r\u0131c\u0131 Jel 250 Ml."},"content":{"rendered":"<h3 class=\"\" data-start=\"0\" data-end=\"81\"><strong data-start=\"4\" data-end=\"81\">Cabs Glide Kayganla\u015ft\u0131r\u0131c\u0131 Jel: Uzun S\u00fcreli Kayganl\u0131k ve G\u00fcvenli Kullan\u0131m<\/strong><\/h3>\n<p class=\"\" data-start=\"83\" data-end=\"492\"><strong data-start=\"83\" data-end=\"117\">Cabs Glide Kayganla\u015ft\u0131r\u0131c\u0131 Jel<\/strong>, <strong data-start=\"119\" data-end=\"158\">dermatolojik olarak test edilmi\u015ftir<\/strong> ve <strong data-start=\"162\" data-end=\"201\">t\u00fcm cilt tiplerinde kullan\u0131ma uygun<\/strong> oldu\u011fu onaylanm\u0131\u015ft\u0131r. Uzun s\u00fcreli kayganl\u0131k sa\u011flayan bu \u00fcr\u00fcn, <strong data-start=\"264\" data-end=\"296\">g\u00fcvenli ve rahat bir deneyim<\/strong> sunmak i\u00e7in \u00f6zel olarak form\u00fcle edilmi\u015ftir. <strong data-start=\"341\" data-end=\"362\">Klinik testlerden<\/strong> ge\u00e7mi\u015f olan <strong data-start=\"375\" data-end=\"389\">Cabs Glide<\/strong> Kayganla\u015ft\u0131r\u0131c\u0131 Jel, cildinize zarar vermez ve g\u00fcvenle kullanabilece\u011finiz y\u00fcksek kaliteli bir \u00fcr\u00fcnd\u00fcr.<\/p>\n<h3 class=\"\" data-start=\"494\" data-end=\"523\"><strong data-start=\"498\" data-end=\"523\">\u00d6ne \u00c7\u0131kan \u00d6zellikler:<\/strong><\/h3>\n<ul data-start=\"525\" data-end=\"1267\">\n<li class=\"\" data-start=\"525\" data-end=\"703\">\n<p class=\"\" data-start=\"527\" data-end=\"703\"><strong data-start=\"527\" data-end=\"553\">Uzun S\u00fcreli Kayganl\u0131k:<\/strong> Cabs Glide Kayganla\u015ft\u0131r\u0131c\u0131 Jel, ciltte <strong data-start=\"593\" data-end=\"618\">uzun s\u00fcreli kayganl\u0131k<\/strong> sa\u011flar, b\u00f6ylece ihtiyac\u0131n\u0131z olan <strong data-start=\"652\" data-end=\"665\">rahatl\u0131\u011f\u0131<\/strong> uzun s\u00fcre boyunca elde edebilirsiniz.<\/p>\n<\/li>\n<li class=\"\" data-start=\"704\" data-end=\"877\">\n<p class=\"\" data-start=\"706\" data-end=\"877\"><strong data-start=\"706\" data-end=\"743\">Dermatolojik Olarak Test Edilmi\u015f:<\/strong> T\u00fcm cilt tipleri i\u00e7in <strong data-start=\"766\" data-end=\"786\">g\u00fcvenli kullan\u0131m<\/strong> onayl\u0131d\u0131r ve dermatolojik testlerden ge\u00e7mi\u015ftir, cildinizi koruyarak en iyi deneyimi sunar.<\/p>\n<\/li>\n<li class=\"\" data-start=\"878\" data-end=\"1017\">\n<p class=\"\" data-start=\"880\" data-end=\"1017\"><strong data-start=\"880\" data-end=\"900\">Su Bazl\u0131 Form\u00fcl:<\/strong> <strong data-start=\"901\" data-end=\"924\">Tamamen su bazl\u0131d\u0131r<\/strong> ve form\u00fcl\u00fcnde <strong data-start=\"939\" data-end=\"955\">ya\u011f bulunmaz<\/strong>, b\u00f6ylece ciltte ya\u011fl\u0131 bir his b\u0131rakmaz ve kolayca temizlenir.<\/p>\n<\/li>\n<li class=\"\" data-start=\"1018\" data-end=\"1162\">\n<p class=\"\" data-start=\"1020\" data-end=\"1162\"><strong data-start=\"1020\" data-end=\"1042\">Kondom ile Uyumlu:<\/strong> Cabs Glide Kayganla\u015ft\u0131r\u0131c\u0131 Jel, <strong data-start=\"1075\" data-end=\"1105\">kondom \u00e7e\u015fitleriyle uyumlu<\/strong> olarak kullan\u0131labilir, bu sayede ekstra g\u00fcvenlik sa\u011flar.<\/p>\n<\/li>\n<li class=\"\" data-start=\"1163\" data-end=\"1267\">\n<p class=\"\" data-start=\"1165\" data-end=\"1267\"><strong data-start=\"1165\" data-end=\"1192\">\u00c7ocuklardan Uzak Tutun:<\/strong> \u00dcr\u00fcn\u00fc, <strong data-start=\"1200\" data-end=\"1228\">\u00e7ocuklar\u0131n ula\u015famayaca\u011f\u0131<\/strong>, <strong data-start=\"1230\" data-end=\"1257\">serin ve kuru bir yerde<\/strong> saklay\u0131n.<\/p>\n<\/li>\n<\/ul>\n<h3 class=\"\" data-start=\"1269\" data-end=\"1298\"><strong data-start=\"1273\" data-end=\"1298\">Kullan\u0131m Talimatlar\u0131:<\/strong><\/h3>\n<ol data-start=\"1299\" data-end=\"1470\">\n<li class=\"\" data-start=\"1299\" data-end=\"1371\">\n<p class=\"\" data-start=\"1302\" data-end=\"1371\">Cabs Glide Kayganla\u015ft\u0131r\u0131c\u0131 Jeli <strong data-start=\"1334\" data-end=\"1353\">gerekti\u011fi kadar<\/strong> avu\u00e7 i\u00e7ine d\u00f6k\u00fcn.<\/p>\n<\/li>\n<li class=\"\" data-start=\"1372\" data-end=\"1470\">\n<p class=\"\" data-start=\"1375\" data-end=\"1470\">\u0130stedi\u011finiz b\u00f6lgeye nazik\u00e7e uygulay\u0131n ve <strong data-start=\"1416\" data-end=\"1441\">uzun s\u00fcreli kayganl\u0131k<\/strong> deneyiminin keyfini \u00e7\u0131kar\u0131n.<\/p>\n<\/li>\n<\/ol>\n<h3 class=\"\" data-start=\"1472\" data-end=\"1492\"><strong data-start=\"1476\" data-end=\"1492\">\u0130\u00e7indekiler:<\/strong><\/h3>\n<ul data-start=\"1493\" data-end=\"1550\">\n<li class=\"\" data-start=\"1493\" data-end=\"1510\">\n<p class=\"\" data-start=\"1495\" data-end=\"1510\">Su Bazl\u0131 Form\u00fcl<\/p>\n<\/li>\n<li class=\"\" data-start=\"1511\" data-end=\"1550\">\n<p class=\"\" data-start=\"1513\" data-end=\"1550\">Dermatolojik Olarak Onaylanm\u0131\u015f \u0130\u00e7erik<\/p>\n<\/li>\n<\/ul>\n<h3 class=\"\" data-start=\"1552\" data-end=\"1569\"><strong data-start=\"1556\" data-end=\"1569\">Uyar\u0131lar:<\/strong><\/h3>\n<ul data-start=\"1570\" data-end=\"1795\">\n<li class=\"\" data-start=\"1570\" data-end=\"1626\">\n<p class=\"\" data-start=\"1572\" data-end=\"1626\">Haricen kullan\u0131l\u0131r, <strong data-start=\"1592\" data-end=\"1625\">g\u00f6zle temastan ka\u00e7\u0131n\u0131lmal\u0131d\u0131r<\/strong>.<\/p>\n<\/li>\n<li class=\"\" data-start=\"1627\" data-end=\"1694\">\n<p class=\"\" data-start=\"1629\" data-end=\"1694\"><strong data-start=\"1629\" data-end=\"1655\">\u00c7ocuklardan uzak tutun<\/strong> ve <strong data-start=\"1659\" data-end=\"1693\">serin, kuru bir yerde saklay\u0131n<\/strong>.<\/p>\n<\/li>\n<li class=\"\" data-start=\"1695\" data-end=\"1795\">\n<p class=\"\" data-start=\"1697\" data-end=\"1795\"><strong data-start=\"1697\" data-end=\"1750\">Kullan\u0131m s\u0131ras\u0131nda herhangi bir alerjik reaksiyon<\/strong> g\u00f6zlemlenirse, kullan\u0131m\u0131 derhal sonland\u0131r\u0131n.<\/p>\n<\/li>\n<\/ul>\n<h3 class=\"\" data-start=\"1797\" data-end=\"1867\"><strong data-start=\"1801\" data-end=\"1867\">Cabs Glide Kayganla\u015ft\u0131r\u0131c\u0131 Jel ile Maksimum Konfor ve G\u00fcvenlik<\/strong><\/h3>\n<p class=\"\" data-start=\"1869\" data-end=\"2299\"><strong data-start=\"1869\" data-end=\"1903\">Cabs Glide Kayganla\u015ft\u0131r\u0131c\u0131 Jel<\/strong>, <strong data-start=\"1905\" data-end=\"1930\">uzun s\u00fcreli kayganl\u0131k<\/strong> sa\u011flayarak cinsel deneyimlerinizi <strong data-start=\"1965\" data-end=\"1977\">konforlu<\/strong> ve <strong data-start=\"1981\" data-end=\"1992\">g\u00fcvenli<\/strong> hale getirir. <strong data-start=\"2007\" data-end=\"2027\">Su bazl\u0131 form\u00fcl\u00fc<\/strong> ve <strong data-start=\"2031\" data-end=\"2049\">ya\u011fs\u0131z i\u00e7eri\u011fi<\/strong> sayesinde ciltte kal\u0131nt\u0131 b\u0131rakmadan <strong data-start=\"2086\" data-end=\"2111\">temiz ve kuru bir his<\/strong> b\u0131rak\u0131r. <strong data-start=\"2121\" data-end=\"2156\">Dermatolojik olarak test edilen<\/strong> bu \u00fcr\u00fcn, cilt dostudur ve t\u00fcm cilt tiplerine uygun olarak <strong data-start=\"2215\" data-end=\"2226\">g\u00fcvenle<\/strong> kullan\u0131labilir. <strong data-start=\"2243\" data-end=\"2271\">Kondom ile uyumlu olmas\u0131<\/strong> ise ek bir g\u00fcvenlik sa\u011flar.<\/p>\n<p class=\"\" data-start=\"2301\" data-end=\"2419\"><strong data-start=\"2301\" data-end=\"2335\">Cabs Glide Kayganla\u015ft\u0131r\u0131c\u0131 Jel<\/strong> ile daha rahat, uzun s\u00fcreli ve konforlu bir deneyim i\u00e7in m\u00fckemmel bir tercih yap\u0131n.<\/p>\n","protected":false},"excerpt":{"rendered":"<p><strong data-start=\"83\" data-end=\"117\">Cabs Glide Kayganla\u015ft\u0131r\u0131c\u0131 Jel<\/strong>, <strong data-start=\"119\" data-end=\"158\">dermatolojik olarak test edilmi\u015ftir<\/strong> ve <strong data-start=\"162\" data-end=\"201\">t\u00fcm cilt tiplerinde kullan\u0131ma uygun<\/strong> oldu\u011fu onaylanm\u0131\u015ft\u0131r. Uzun s\u00fcreli kayganl\u0131k sa\u011flayan bu \u00fcr\u00fcn, <strong data-start=\"264\" data-end=\"296\">g\u00fcvenli ve rahat bir deneyim<\/strong> sunmak i\u00e7in \u00f6zel olarak form\u00fcle edilmi\u015ftir. <strong data-start=\"341\" data-end=\"362\">Klinik testlerden<\/strong> ge\u00e7mi\u015f olan <strong data-start=\"375\" data-end=\"389\">Cabs Glide<\/strong> Kayganla\u015ft\u0131r\u0131c\u0131 Jel, cildinize zarar vermez ve g\u00fcvenle kullanabilece\u011finiz y\u00fcksek kaliteli bir \u00fcr\u00fcnd\u00fcr.<\/p>\n","protected":false},"featured_media":18508,"comment_status":"closed","ping_status":"closed","template":"","meta":[],"product_brand":[170],"product_cat":[131],"product_tag":[133],"class_list":{"0":"post-18378","1":"product","2":"type-product","3":"status-publish","4":"has-post-thumbnail","6":"product_brand-cabs","7":"product_cat-kayganlastirici","8":"product_tag-cabs-glide-kayganlastirici-jel-250-ml","10":"first","11":"instock","12":"taxable","13":"shipping-taxable","14":"purchasable","15":"product-type-simple"},"yoast_head":"<!-- This site is optimized with the Yoast SEO Premium plugin v24.4 (Yoast SEO v27.1.1) - https:\/\/yoast.com\/product\/yoast-seo-premium-wordpress\/ -->\n<title>Cabs Glide Kayganla\u015ft\u0131r\u0131c\u0131 Jel 250 Ml. - Bursa Erotik Shop<\/title>\n<meta name=\"robots\" content=\"index, follow, max-snippet:-1, max-image-preview:large, max-video-preview:-1\" \/>\n<link rel=\"canonical\" href=\"https:\/\/hobierotikshop.com.tr\/website1\/erotik-shop-urun\/cabs-glide-kayganlastirici-jel-250-ml\/\" \/>\n<meta property=\"og:locale\" content=\"tr_TR\" \/>\n<meta property=\"og:type\" content=\"article\" \/>\n<meta property=\"og:title\" content=\"Cabs Glide Kayganla\u015ft\u0131r\u0131c\u0131 Jel 250 Ml.\" \/>\n<meta property=\"og:description\" content=\"Cabs Glide Kayganla\u015ft\u0131r\u0131c\u0131 Jel, dermatolojik olarak test edilmi\u015ftir ve t\u00fcm cilt tiplerinde kullan\u0131ma uygun oldu\u011fu onaylanm\u0131\u015ft\u0131r. Uzun s\u00fcreli kayganl\u0131k sa\u011flayan bu \u00fcr\u00fcn, g\u00fcvenli ve rahat bir deneyim sunmak i\u00e7in \u00f6zel olarak form\u00fcle edilmi\u015ftir. Klinik testlerden ge\u00e7mi\u015f olan Cabs Glide Kayganla\u015ft\u0131r\u0131c\u0131 Jel, cildinize zarar vermez ve g\u00fcvenle kullanabilece\u011finiz y\u00fcksek kaliteli bir \u00fcr\u00fcnd\u00fcr.\" \/>\n<meta property=\"og:url\" content=\"https:\/\/hobierotikshop.com.tr\/website1\/erotik-shop-urun\/cabs-glide-kayganlastirici-jel-250-ml\/\" \/>\n<meta property=\"og:site_name\" content=\"Bursa Erotik Shop\" \/>\n<meta property=\"article:modified_time\" content=\"2026-01-27T08:46:05+00:00\" \/>\n<meta property=\"og:image\" content=\"https:\/\/hobierotikshop.com.tr\/website1\/wp-content\/uploads\/2025\/03\/cabs-glide-kayganlastirici-jel-250-ml-716.jpg\" \/>\n\t<meta property=\"og:image:width\" content=\"920\" \/>\n\t<meta property=\"og:image:height\" content=\"920\" \/>\n\t<meta property=\"og:image:type\" content=\"image\/jpeg\" \/>\n<meta name=\"twitter:card\" content=\"summary_large_image\" \/>\n<meta name=\"twitter:site\" content=\"@shopbursa\" \/>\n<meta name=\"twitter:label1\" content=\"Fiyat\" \/>\n\t<meta name=\"twitter:data1\" content=\"&#8378;600,00 KDV DAH\u0130L\" \/>\n\t<meta name=\"twitter:label2\" content=\"Availability\" \/>\n\t<meta name=\"twitter:data2\" content=\"In stock\" \/>\n<script type=\"application\/ld+json\" class=\"yoast-schema-graph\">{\"@context\":\"https:\/\/schema.org\",\"@graph\":[{\"@type\":\"WebPage\",\"@id\":\"https:\/\/hobierotikshop.com.tr\/website1\/erotik-shop-urun\/cabs-glide-kayganlastirici-jel-250-ml\/\",\"url\":\"https:\/\/hobierotikshop.com.tr\/website1\/erotik-shop-urun\/cabs-glide-kayganlastirici-jel-250-ml\/\",\"name\":\"Cabs Glide Kayganla\u015ft\u0131r\u0131c\u0131 Jel 250 Ml. - Bursa Erotik Shop\",\"isPartOf\":{\"@id\":\"https:\/\/bursashop.com\/web\/#website\"},\"primaryImageOfPage\":{\"@id\":\"https:\/\/hobierotikshop.com.tr\/website1\/erotik-shop-urun\/cabs-glide-kayganlastirici-jel-250-ml\/#primaryimage\"},\"image\":{\"@id\":\"https:\/\/hobierotikshop.com.tr\/website1\/erotik-shop-urun\/cabs-glide-kayganlastirici-jel-250-ml\/#primaryimage\"},\"thumbnailUrl\":\"https:\/\/haremerotikshop.com\/site\/wp-content\/uploads\/2025\/03\/cabs-glide-kayganlastirici-jel-250-ml-716.jpg\",\"datePublished\":\"2025-03-17T09:16:50+00:00\",\"dateModified\":\"2026-01-27T08:46:05+00:00\",\"breadcrumb\":{\"@id\":\"https:\/\/hobierotikshop.com.tr\/website1\/erotik-shop-urun\/cabs-glide-kayganlastirici-jel-250-ml\/#breadcrumb\"},\"inLanguage\":\"tr\",\"potentialAction\":[{\"@type\":\"ReadAction\",\"target\":[\"https:\/\/hobierotikshop.com.tr\/website1\/erotik-shop-urun\/cabs-glide-kayganlastirici-jel-250-ml\/\"]}]},{\"@type\":\"ImageObject\",\"inLanguage\":\"tr\",\"@id\":\"https:\/\/hobierotikshop.com.tr\/website1\/erotik-shop-urun\/cabs-glide-kayganlastirici-jel-250-ml\/#primaryimage\",\"url\":\"https:\/\/haremerotikshop.com\/site\/wp-content\/uploads\/2025\/03\/cabs-glide-kayganlastirici-jel-250-ml-716.jpg\",\"contentUrl\":\"https:\/\/haremerotikshop.com\/site\/wp-content\/uploads\/2025\/03\/cabs-glide-kayganlastirici-jel-250-ml-716.jpg\",\"width\":920,\"height\":920},{\"@type\":\"BreadcrumbList\",\"@id\":\"https:\/\/hobierotikshop.com.tr\/website1\/erotik-shop-urun\/cabs-glide-kayganlastirici-jel-250-ml\/#breadcrumb\",\"itemListElement\":[{\"@type\":\"ListItem\",\"position\":1,\"name\":\"Anasayfa\",\"item\":\"https:\/\/hobierotikshop.com.tr\/website1\/\"},{\"@type\":\"ListItem\",\"position\":2,\"name\":\"Erotik Shop \u00dcr\u00fcnleri\",\"item\":\"https:\/\/hobierotikshop.com.tr\/website1\/shop\/\"},{\"@type\":\"ListItem\",\"position\":3,\"name\":\"Cabs Glide Kayganla\u015ft\u0131r\u0131c\u0131 Jel 250 Ml.\"}]},{\"@type\":\"WebSite\",\"@id\":\"https:\/\/bursashop.com\/web\/#website\",\"url\":\"https:\/\/bursashop.com\/web\/\",\"name\":\"Bursa Erotik Shop\",\"description\":\"Bursa Erotik Shop ile g\u00fcvenli, gizli ve kaliteli yeti\u015fkin \u00fcr\u00fcnleri al\u0131\u015fveri\u015fi! Geni\u015f \u00fcr\u00fcn yelpazemizi ke\u015ffedin, hemen sipari\u015f verin\",\"publisher\":{\"@id\":\"https:\/\/bursashop.com\/web\/#organization\"},\"alternateName\":\"Erotik Shop\",\"potentialAction\":[{\"@type\":\"SearchAction\",\"target\":{\"@type\":\"EntryPoint\",\"urlTemplate\":\"https:\/\/bursashop.com\/web\/?s={search_term_string}\"},\"query-input\":{\"@type\":\"PropertyValueSpecification\",\"valueRequired\":true,\"valueName\":\"search_term_string\"}}],\"inLanguage\":\"tr\"},{\"@type\":\"Organization\",\"@id\":\"https:\/\/bursashop.com\/web\/#organization\",\"name\":\"Harem Bursa Erotik Shop\",\"url\":\"https:\/\/bursashop.com\/web\/\",\"logo\":{\"@type\":\"ImageObject\",\"inLanguage\":\"tr\",\"@id\":\"https:\/\/bursashop.com\/web\/#\/schema\/logo\/image\/\",\"url\":\"https:\/\/haremerotikshop.com\/wp-content\/uploads\/2025\/03\/haremsexshop.png\",\"contentUrl\":\"https:\/\/haremerotikshop.com\/wp-content\/uploads\/2025\/03\/haremsexshop.png\",\"width\":400,\"height\":100,\"caption\":\"Harem Bursa Erotik Shop\"},\"image\":{\"@id\":\"https:\/\/bursashop.com\/web\/#\/schema\/logo\/image\/\"},\"sameAs\":[\"https:\/\/x.com\/shopbursa\"],\"publishingPrinciples\":\"https:\/\/hobierotikshop.com.tr\/website1\/mesafeli-satis-sozlesmesi\/\",\"ownershipFundingInfo\":\"https:\/\/hobierotikshop.com.tr\/website1\/contact-us\/\",\"actionableFeedbackPolicy\":\"https:\/\/hobierotikshop.com.tr\/website1\/contact-us\/\",\"correctionsPolicy\":\"https:\/\/hobierotikshop.com.tr\/website1\/mesafeli-satis-sozlesmesi\/\"}]}<\/script>\n<meta property=\"product:brand\" content=\"Cabs\" \/>\n<meta property=\"product:price:amount\" content=\"600.00\" \/>\n<meta property=\"product:price:currency\" content=\"TRY\" \/>\n<meta property=\"og:availability\" content=\"instock\" \/>\n<meta property=\"product:availability\" content=\"instock\" \/>\n<meta property=\"product:retailer_item_id\" content=\"PT-KC1535\" \/>\n<meta property=\"product:condition\" content=\"new\" \/>\n<!-- \/ Yoast SEO Premium plugin. -->","yoast_head_json":{"title":"Cabs Glide Kayganla\u015ft\u0131r\u0131c\u0131 Jel 250 Ml. - Bursa Erotik Shop","robots":{"index":"index","follow":"follow","max-snippet":"max-snippet:-1","max-image-preview":"max-image-preview:large","max-video-preview":"max-video-preview:-1"},"canonical":"https:\/\/hobierotikshop.com.tr\/website1\/erotik-shop-urun\/cabs-glide-kayganlastirici-jel-250-ml\/","og_locale":"tr_TR","og_type":"article","og_title":"Cabs Glide Kayganla\u015ft\u0131r\u0131c\u0131 Jel 250 Ml.","og_description":"Cabs Glide Kayganla\u015ft\u0131r\u0131c\u0131 Jel, dermatolojik olarak test edilmi\u015ftir ve t\u00fcm cilt tiplerinde kullan\u0131ma uygun oldu\u011fu onaylanm\u0131\u015ft\u0131r. Uzun s\u00fcreli kayganl\u0131k sa\u011flayan bu \u00fcr\u00fcn, g\u00fcvenli ve rahat bir deneyim sunmak i\u00e7in \u00f6zel olarak form\u00fcle edilmi\u015ftir. Klinik testlerden ge\u00e7mi\u015f olan Cabs Glide Kayganla\u015ft\u0131r\u0131c\u0131 Jel, cildinize zarar vermez ve g\u00fcvenle kullanabilece\u011finiz y\u00fcksek kaliteli bir \u00fcr\u00fcnd\u00fcr.","og_url":"https:\/\/hobierotikshop.com.tr\/website1\/erotik-shop-urun\/cabs-glide-kayganlastirici-jel-250-ml\/","og_site_name":"Bursa Erotik Shop","article_modified_time":"2026-01-27T08:46:05+00:00","og_image":[{"width":920,"height":920,"url":"https:\/\/hobierotikshop.com.tr\/website1\/wp-content\/uploads\/2025\/03\/cabs-glide-kayganlastirici-jel-250-ml-716.jpg","type":"image\/jpeg"}],"twitter_card":"summary_large_image","twitter_site":"@shopbursa","twitter_misc":{"Fiyat":"&#8378;600,00 KDV DAH\u0130L","Availability":"In stock"},"schema":{"@context":"https:\/\/schema.org","@graph":[{"@type":"WebPage","@id":"https:\/\/hobierotikshop.com.tr\/website1\/erotik-shop-urun\/cabs-glide-kayganlastirici-jel-250-ml\/","url":"https:\/\/hobierotikshop.com.tr\/website1\/erotik-shop-urun\/cabs-glide-kayganlastirici-jel-250-ml\/","name":"Cabs Glide Kayganla\u015ft\u0131r\u0131c\u0131 Jel 250 Ml. - Bursa Erotik Shop","isPartOf":{"@id":"https:\/\/bursashop.com\/web\/#website"},"primaryImageOfPage":{"@id":"https:\/\/hobierotikshop.com.tr\/website1\/erotik-shop-urun\/cabs-glide-kayganlastirici-jel-250-ml\/#primaryimage"},"image":{"@id":"https:\/\/hobierotikshop.com.tr\/website1\/erotik-shop-urun\/cabs-glide-kayganlastirici-jel-250-ml\/#primaryimage"},"thumbnailUrl":"https:\/\/haremerotikshop.com\/site\/wp-content\/uploads\/2025\/03\/cabs-glide-kayganlastirici-jel-250-ml-716.jpg","datePublished":"2025-03-17T09:16:50+00:00","dateModified":"2026-01-27T08:46:05+00:00","breadcrumb":{"@id":"https:\/\/hobierotikshop.com.tr\/website1\/erotik-shop-urun\/cabs-glide-kayganlastirici-jel-250-ml\/#breadcrumb"},"inLanguage":"tr","potentialAction":[{"@type":"ReadAction","target":["https:\/\/hobierotikshop.com.tr\/website1\/erotik-shop-urun\/cabs-glide-kayganlastirici-jel-250-ml\/"]}]},{"@type":"ImageObject","inLanguage":"tr","@id":"https:\/\/hobierotikshop.com.tr\/website1\/erotik-shop-urun\/cabs-glide-kayganlastirici-jel-250-ml\/#primaryimage","url":"https:\/\/haremerotikshop.com\/site\/wp-content\/uploads\/2025\/03\/cabs-glide-kayganlastirici-jel-250-ml-716.jpg","contentUrl":"https:\/\/haremerotikshop.com\/site\/wp-content\/uploads\/2025\/03\/cabs-glide-kayganlastirici-jel-250-ml-716.jpg","width":920,"height":920},{"@type":"BreadcrumbList","@id":"https:\/\/hobierotikshop.com.tr\/website1\/erotik-shop-urun\/cabs-glide-kayganlastirici-jel-250-ml\/#breadcrumb","itemListElement":[{"@type":"ListItem","position":1,"name":"Anasayfa","item":"https:\/\/hobierotikshop.com.tr\/website1\/"},{"@type":"ListItem","position":2,"name":"Erotik Shop \u00dcr\u00fcnleri","item":"https:\/\/hobierotikshop.com.tr\/website1\/shop\/"},{"@type":"ListItem","position":3,"name":"Cabs Glide Kayganla\u015ft\u0131r\u0131c\u0131 Jel 250 Ml."}]},{"@type":"WebSite","@id":"https:\/\/bursashop.com\/web\/#website","url":"https:\/\/bursashop.com\/web\/","name":"Bursa Erotik Shop","description":"Bursa Erotik Shop ile g\u00fcvenli, gizli ve kaliteli yeti\u015fkin \u00fcr\u00fcnleri al\u0131\u015fveri\u015fi! Geni\u015f \u00fcr\u00fcn yelpazemizi ke\u015ffedin, hemen sipari\u015f verin","publisher":{"@id":"https:\/\/bursashop.com\/web\/#organization"},"alternateName":"Erotik Shop","potentialAction":[{"@type":"SearchAction","target":{"@type":"EntryPoint","urlTemplate":"https:\/\/bursashop.com\/web\/?s={search_term_string}"},"query-input":{"@type":"PropertyValueSpecification","valueRequired":true,"valueName":"search_term_string"}}],"inLanguage":"tr"},{"@type":"Organization","@id":"https:\/\/bursashop.com\/web\/#organization","name":"Harem Bursa Erotik Shop","url":"https:\/\/bursashop.com\/web\/","logo":{"@type":"ImageObject","inLanguage":"tr","@id":"https:\/\/bursashop.com\/web\/#\/schema\/logo\/image\/","url":"https:\/\/haremerotikshop.com\/wp-content\/uploads\/2025\/03\/haremsexshop.png","contentUrl":"https:\/\/haremerotikshop.com\/wp-content\/uploads\/2025\/03\/haremsexshop.png","width":400,"height":100,"caption":"Harem Bursa Erotik Shop"},"image":{"@id":"https:\/\/bursashop.com\/web\/#\/schema\/logo\/image\/"},"sameAs":["https:\/\/x.com\/shopbursa"],"publishingPrinciples":"https:\/\/hobierotikshop.com.tr\/website1\/mesafeli-satis-sozlesmesi\/","ownershipFundingInfo":"https:\/\/hobierotikshop.com.tr\/website1\/contact-us\/","actionableFeedbackPolicy":"https:\/\/hobierotikshop.com.tr\/website1\/contact-us\/","correctionsPolicy":"https:\/\/hobierotikshop.com.tr\/website1\/mesafeli-satis-sozlesmesi\/"}]},"product_brand":"Cabs","product_price_amount":"600.00","product_price_currency":"TRY","og_availability":"instock","product_availability":"instock","product_retailer_item_id":"PT-KC1535","product_condition":"new"},"_links":{"self":[{"href":"https:\/\/haremerotikshop.com\/site\/wp-json\/wp\/v2\/product\/18378","targetHints":{"allow":["GET"]}}],"collection":[{"href":"https:\/\/haremerotikshop.com\/site\/wp-json\/wp\/v2\/product"}],"about":[{"href":"https:\/\/haremerotikshop.com\/site\/wp-json\/wp\/v2\/types\/product"}],"replies":[{"embeddable":true,"href":"https:\/\/haremerotikshop.com\/site\/wp-json\/wp\/v2\/comments?post=18378"}],"version-history":[{"count":0,"href":"https:\/\/haremerotikshop.com\/site\/wp-json\/wp\/v2\/product\/18378\/revisions"}],"wp:featuredmedia":[{"embeddable":true,"href":"https:\/\/haremerotikshop.com\/site\/wp-json\/wp\/v2\/media\/18508"}],"wp:attachment":[{"href":"https:\/\/haremerotikshop.com\/site\/wp-json\/wp\/v2\/media?parent=18378"}],"wp:term":[{"taxonomy":"product_brand","embeddable":true,"href":"https:\/\/haremerotikshop.com\/site\/wp-json\/wp\/v2\/product_brand?post=18378"},{"taxonomy":"product_cat","embeddable":true,"href":"https:\/\/haremerotikshop.com\/site\/wp-json\/wp\/v2\/product_cat?post=18378"},{"taxonomy":"product_tag","embeddable":true,"href":"https:\/\/haremerotikshop.com\/site\/wp-json\/wp\/v2\/product_tag?post=18378"}],"curies":[{"name":"wp","href":"https:\/\/api.w.org\/{rel}","templated":true}]}}