{"id":18379,"date":"2025-03-17T12:16:50","date_gmt":"2025-03-17T09:16:50","guid":{"rendered":"https:\/\/haremerotikshop.com\/site\/?post_type=product&#038;p=18379"},"modified":"2026-01-27T11:46:15","modified_gmt":"2026-01-27T08:46:15","slug":"cabs-glide-kayganlastirici-jel-40-ml","status":"publish","type":"product","link":"https:\/\/haremerotikshop.com\/site\/erotik-shop-urun\/cabs-glide-kayganlastirici-jel-40-ml\/","title":{"rendered":"Cabs Glide Kayganla\u015ft\u0131r\u0131c\u0131 Jel 40 Ml."},"content":{"rendered":"<h3 class=\"\" data-start=\"0\" data-end=\"70\"><strong data-start=\"4\" data-end=\"70\">Cabs Glide Kayganla\u015ft\u0131r\u0131c\u0131 Jel 40 ml: Konfor ve G\u00fcvenli\u011fin Ad\u0131<\/strong><\/h3>\n<p class=\"\" data-start=\"72\" data-end=\"350\"><strong data-start=\"72\" data-end=\"112\">Cabs Glide Kayganla\u015ft\u0131r\u0131c\u0131 Jel 40 ml<\/strong>, <strong data-start=\"114\" data-end=\"153\">dermatolojik olarak test edilmi\u015ftir<\/strong> ve <strong data-start=\"157\" data-end=\"174\">cilt pH oran\u0131<\/strong> ile uyumludur. T\u00fcm cilt tipleri i\u00e7in g\u00fcvenle kullan\u0131labilen bu kayganla\u015ft\u0131r\u0131c\u0131 jel, <strong data-start=\"259\" data-end=\"284\">uzun s\u00fcreli kayganl\u0131k<\/strong> sa\u011flarken cildinize zarar vermez ve m\u00fckemmel bir rahatl\u0131k sunar.<\/p>\n<h3 class=\"\" data-start=\"352\" data-end=\"381\"><strong data-start=\"356\" data-end=\"381\">\u00d6ne \u00c7\u0131kan \u00d6zellikler:<\/strong><\/h3>\n<ul data-start=\"383\" data-end=\"1245\">\n<li class=\"\" data-start=\"383\" data-end=\"602\">\n<p class=\"\" data-start=\"385\" data-end=\"602\"><strong data-start=\"385\" data-end=\"436\">Cilt Dostu ve Dermatolojik Olarak Test Edilmi\u015f:<\/strong> Cabs Glide Kayganla\u015ft\u0131r\u0131c\u0131 Jel, <strong data-start=\"469\" data-end=\"499\">t\u00fcm cilt tipleriyle uyumlu<\/strong> olup dermatolojik testlerden ge\u00e7mi\u015ftir. Cildinize zarar vermeyen form\u00fcl\u00fcyle rahat bir kullan\u0131m sa\u011flar.<\/p>\n<\/li>\n<li class=\"\" data-start=\"606\" data-end=\"763\">\n<p class=\"\" data-start=\"608\" data-end=\"763\"><strong data-start=\"608\" data-end=\"634\">Uzun S\u00fcreli Kayganl\u0131k:<\/strong> Cabs Glide Kayganla\u015ft\u0131r\u0131c\u0131 Jel, uzun s\u00fcre <strong data-start=\"677\" data-end=\"697\">kayganl\u0131k etkisi<\/strong> sa\u011flar. Bu sayede cinsel deneyimleriniz daha konforlu hale gelir.<\/p>\n<\/li>\n<li class=\"\" data-start=\"765\" data-end=\"933\">\n<p class=\"\" data-start=\"767\" data-end=\"933\"><strong data-start=\"767\" data-end=\"797\">Ya\u011fs\u0131z ve Su Bazl\u0131 Form\u00fcl:<\/strong> <strong data-start=\"798\" data-end=\"808\">Ya\u011fs\u0131z<\/strong> dokuya sahip olan bu jel, <strong data-start=\"835\" data-end=\"850\">su bazl\u0131d\u0131r<\/strong> ve cildinizde ya\u011fl\u0131 bir his b\u0131rakmaz. Kolayca temizlenir ve ciltte kal\u0131nt\u0131 yapmaz.<\/p>\n<\/li>\n<li class=\"\" data-start=\"935\" data-end=\"1071\">\n<p class=\"\" data-start=\"937\" data-end=\"1071\"><strong data-start=\"937\" data-end=\"963\">Kondomlarla Uyumludur:<\/strong> <strong data-start=\"964\" data-end=\"998\">T\u00fcm kondom \u00e7e\u015fitleriyle uyumlu<\/strong> olan Cabs Glide Kayganla\u015ft\u0131r\u0131c\u0131 Jel, ekstra g\u00fcvenlik ve rahatl\u0131k sunar.<\/p>\n<\/li>\n<li class=\"\" data-start=\"1073\" data-end=\"1245\">\n<p class=\"\" data-start=\"1075\" data-end=\"1245\"><strong data-start=\"1075\" data-end=\"1111\">Ta\u015f\u0131nabilir ve Kullan\u0131\u015fl\u0131 Boyut:<\/strong> <strong data-start=\"1112\" data-end=\"1121\">40 ml<\/strong> ideal boyutu sayesinde <strong data-start=\"1145\" data-end=\"1185\">her yerde yan\u0131n\u0131zda ta\u015f\u0131yabilirsiniz<\/strong>. Seyahatler ve g\u00fcnl\u00fck kullan\u0131m i\u00e7in m\u00fckemmel bir tercihtir.<\/p>\n<\/li>\n<\/ul>\n<h3 class=\"\" data-start=\"1247\" data-end=\"1276\"><strong data-start=\"1251\" data-end=\"1276\">Kullan\u0131m Talimatlar\u0131:<\/strong><\/h3>\n<ol data-start=\"1277\" data-end=\"1432\">\n<li class=\"\" data-start=\"1277\" data-end=\"1351\">\n<p class=\"\" data-start=\"1280\" data-end=\"1351\">Cabs Glide Kayganla\u015ft\u0131r\u0131c\u0131 Jeli, ihtiyac\u0131n\u0131z kadar <strong data-start=\"1331\" data-end=\"1350\">avucunuza d\u00f6k\u00fcn<\/strong>.<\/p>\n<\/li>\n<li class=\"\" data-start=\"1352\" data-end=\"1432\">\n<p class=\"\" data-start=\"1355\" data-end=\"1432\">\u0130stedi\u011finiz b\u00f6lgeye nazik\u00e7e uygulayarak <strong data-start=\"1395\" data-end=\"1408\">kayganl\u0131k<\/strong> ve <strong data-start=\"1412\" data-end=\"1422\">konfor<\/strong> sa\u011flay\u0131n.<\/p>\n<\/li>\n<\/ol>\n<h3 class=\"\" data-start=\"1434\" data-end=\"1454\"><strong data-start=\"1438\" data-end=\"1454\">\u0130\u00e7indekiler:<\/strong><\/h3>\n<ul data-start=\"1455\" data-end=\"1512\">\n<li class=\"\" data-start=\"1455\" data-end=\"1472\">\n<p class=\"\" data-start=\"1457\" data-end=\"1472\">Su Bazl\u0131 Form\u00fcl<\/p>\n<\/li>\n<li class=\"\" data-start=\"1473\" data-end=\"1512\">\n<p class=\"\" data-start=\"1475\" data-end=\"1512\">Dermatolojik Olarak Onaylanm\u0131\u015f \u0130\u00e7erik<\/p>\n<\/li>\n<\/ul>\n<h3 class=\"\" data-start=\"1514\" data-end=\"1531\"><strong data-start=\"1518\" data-end=\"1531\">Uyar\u0131lar:<\/strong><\/h3>\n<ul data-start=\"1532\" data-end=\"1744\">\n<li class=\"\" data-start=\"1532\" data-end=\"1588\">\n<p class=\"\" data-start=\"1534\" data-end=\"1588\">Haricen kullan\u0131l\u0131r, <strong data-start=\"1554\" data-end=\"1587\">g\u00f6zle temastan ka\u00e7\u0131n\u0131lmal\u0131d\u0131r<\/strong>.<\/p>\n<\/li>\n<li class=\"\" data-start=\"1589\" data-end=\"1656\">\n<p class=\"\" data-start=\"1591\" data-end=\"1656\"><strong data-start=\"1591\" data-end=\"1617\">\u00c7ocuklardan uzak tutun<\/strong> ve <strong data-start=\"1621\" data-end=\"1655\">serin, kuru bir yerde saklay\u0131n<\/strong>.<\/p>\n<\/li>\n<li class=\"\" data-start=\"1657\" data-end=\"1744\">\n<p class=\"\" data-start=\"1659\" data-end=\"1744\"><strong data-start=\"1659\" data-end=\"1699\">Kullan\u0131m s\u0131ras\u0131nda alerjik reaksiyon<\/strong> g\u00f6zlemlenirse, kullan\u0131m\u0131 derhal sonland\u0131r\u0131n.<\/p>\n<\/li>\n<\/ul>\n<h3 class=\"\" data-start=\"1746\" data-end=\"1816\"><strong data-start=\"1750\" data-end=\"1816\">Cabs Glide Kayganla\u015ft\u0131r\u0131c\u0131 Jel ile Maksimum Konfor ve G\u00fcvenlik<\/strong><\/h3>\n<p class=\"\" data-start=\"1818\" data-end=\"2172\"><strong data-start=\"1818\" data-end=\"1858\">Cabs Glide Kayganla\u015ft\u0131r\u0131c\u0131 Jel 40 ml<\/strong>, cildinize uyum sa\u011flayarak <strong data-start=\"1886\" data-end=\"1911\">uzun s\u00fcreli kayganl\u0131k<\/strong> etkisi sunar. <strong data-start=\"1926\" data-end=\"1954\">Ya\u011fs\u0131z, su bazl\u0131 form\u00fcl\u00fc<\/strong> sayesinde kolayca temizlenir ve cildinizde rahatl\u0131k hissi b\u0131rak\u0131r. <strong data-start=\"2022\" data-end=\"2044\">Kondomlarla uyumlu<\/strong> olup ekstra g\u00fcvenlik sa\u011flar. <strong data-start=\"2074\" data-end=\"2109\">Dermatolojik olarak test edilen<\/strong> bu \u00fcr\u00fcn, t\u00fcm cilt tiplerine uygun olup g\u00fcvenle kullan\u0131labilir.<\/p>\n<p class=\"\" data-start=\"2174\" data-end=\"2369\"><strong data-start=\"2174\" data-end=\"2208\">Cabs Glide Kayganla\u015ft\u0131r\u0131c\u0131 Jel<\/strong>, <strong data-start=\"2210\" data-end=\"2235\">uzun s\u00fcreli kayganl\u0131k<\/strong> sa\u011flayarak konforlu bir deneyim sunar. <strong data-start=\"2275\" data-end=\"2299\">Seyahat dostu boyutu<\/strong> ile her zaman yan\u0131n\u0131zda ta\u015f\u0131nabilir ve g\u00fcnl\u00fck kullan\u0131m i\u00e7in idealdir.<\/p>\n","protected":false},"excerpt":{"rendered":"<p><strong data-start=\"72\" data-end=\"112\">Cabs Glide Kayganla\u015ft\u0131r\u0131c\u0131 Jel 40 ml<\/strong>, <strong data-start=\"114\" data-end=\"153\">dermatolojik olarak test edilmi\u015ftir<\/strong> ve <strong data-start=\"157\" data-end=\"174\">cilt pH oran\u0131<\/strong> ile uyumludur. T\u00fcm cilt tipleri i\u00e7in g\u00fcvenle kullan\u0131labilen bu kayganla\u015ft\u0131r\u0131c\u0131 jel, <strong data-start=\"259\" data-end=\"284\">uzun s\u00fcreli kayganl\u0131k<\/strong> sa\u011flarken cildinize zarar vermez ve m\u00fckemmel bir rahatl\u0131k sunar.<\/p>\n","protected":false},"featured_media":18512,"comment_status":"closed","ping_status":"closed","template":"","meta":[],"product_brand":[170],"product_cat":[131],"product_tag":[133],"class_list":{"0":"post-18379","1":"product","2":"type-product","3":"status-publish","4":"has-post-thumbnail","6":"product_brand-cabs","7":"product_cat-kayganlastirici","8":"product_tag-cabs-glide-kayganlastirici-jel-250-ml","10":"first","11":"instock","12":"taxable","13":"shipping-taxable","14":"purchasable","15":"product-type-simple"},"yoast_head":"<!-- This site is optimized with the Yoast SEO Premium plugin v24.4 (Yoast SEO v27.1.1) - https:\/\/yoast.com\/product\/yoast-seo-premium-wordpress\/ -->\n<title>Cabs Glide Kayganla\u015ft\u0131r\u0131c\u0131 Jel 40 Ml. - Bursa Erotik Shop<\/title>\n<meta name=\"robots\" content=\"index, follow, max-snippet:-1, max-image-preview:large, max-video-preview:-1\" \/>\n<link rel=\"canonical\" href=\"https:\/\/hobierotikshop.com.tr\/website1\/erotik-shop-urun\/cabs-glide-kayganlastirici-jel-40-ml\/\" \/>\n<meta property=\"og:locale\" content=\"tr_TR\" \/>\n<meta property=\"og:type\" content=\"article\" \/>\n<meta property=\"og:title\" content=\"Cabs Glide Kayganla\u015ft\u0131r\u0131c\u0131 Jel 40 Ml.\" \/>\n<meta property=\"og:description\" content=\"Cabs Glide Kayganla\u015ft\u0131r\u0131c\u0131 Jel 40 ml, dermatolojik olarak test edilmi\u015ftir ve cilt pH oran\u0131 ile uyumludur. T\u00fcm cilt tipleri i\u00e7in g\u00fcvenle kullan\u0131labilen bu kayganla\u015ft\u0131r\u0131c\u0131 jel, uzun s\u00fcreli kayganl\u0131k sa\u011flarken cildinize zarar vermez ve m\u00fckemmel bir rahatl\u0131k sunar.\" \/>\n<meta property=\"og:url\" content=\"https:\/\/hobierotikshop.com.tr\/website1\/erotik-shop-urun\/cabs-glide-kayganlastirici-jel-40-ml\/\" \/>\n<meta property=\"og:site_name\" content=\"Bursa Erotik Shop\" \/>\n<meta property=\"article:modified_time\" content=\"2026-01-27T08:46:15+00:00\" \/>\n<meta property=\"og:image\" content=\"https:\/\/hobierotikshop.com.tr\/website1\/wp-content\/uploads\/2025\/03\/cabs-glide-kayganlastirici-jel-40-ml-4955.jpg\" \/>\n\t<meta property=\"og:image:width\" content=\"1500\" \/>\n\t<meta property=\"og:image:height\" content=\"1500\" \/>\n\t<meta property=\"og:image:type\" content=\"image\/jpeg\" \/>\n<meta name=\"twitter:card\" content=\"summary_large_image\" \/>\n<meta name=\"twitter:site\" content=\"@shopbursa\" \/>\n<meta name=\"twitter:label1\" content=\"Fiyat\" \/>\n\t<meta name=\"twitter:data1\" content=\"&#8378;200,00 KDV DAH\u0130L\" \/>\n\t<meta name=\"twitter:label2\" content=\"Availability\" \/>\n\t<meta name=\"twitter:data2\" content=\"In stock\" \/>\n<script type=\"application\/ld+json\" class=\"yoast-schema-graph\">{\"@context\":\"https:\/\/schema.org\",\"@graph\":[{\"@type\":\"WebPage\",\"@id\":\"https:\/\/hobierotikshop.com.tr\/website1\/erotik-shop-urun\/cabs-glide-kayganlastirici-jel-40-ml\/\",\"url\":\"https:\/\/hobierotikshop.com.tr\/website1\/erotik-shop-urun\/cabs-glide-kayganlastirici-jel-40-ml\/\",\"name\":\"Cabs Glide Kayganla\u015ft\u0131r\u0131c\u0131 Jel 40 Ml. - Bursa Erotik Shop\",\"isPartOf\":{\"@id\":\"https:\/\/hobierotikshop.com.tr\/website1\/#website\"},\"primaryImageOfPage\":{\"@id\":\"https:\/\/hobierotikshop.com.tr\/website1\/erotik-shop-urun\/cabs-glide-kayganlastirici-jel-40-ml\/#primaryimage\"},\"image\":{\"@id\":\"https:\/\/hobierotikshop.com.tr\/website1\/erotik-shop-urun\/cabs-glide-kayganlastirici-jel-40-ml\/#primaryimage\"},\"thumbnailUrl\":\"https:\/\/haremerotikshop.com\/site\/wp-content\/uploads\/2025\/03\/cabs-glide-kayganlastirici-jel-40-ml-4955.jpg\",\"datePublished\":\"2025-03-17T09:16:50+00:00\",\"dateModified\":\"2026-01-27T08:46:15+00:00\",\"breadcrumb\":{\"@id\":\"https:\/\/hobierotikshop.com.tr\/website1\/erotik-shop-urun\/cabs-glide-kayganlastirici-jel-40-ml\/#breadcrumb\"},\"inLanguage\":\"tr\",\"potentialAction\":[{\"@type\":\"ReadAction\",\"target\":[\"https:\/\/hobierotikshop.com.tr\/website1\/erotik-shop-urun\/cabs-glide-kayganlastirici-jel-40-ml\/\"]}]},{\"@type\":\"ImageObject\",\"inLanguage\":\"tr\",\"@id\":\"https:\/\/hobierotikshop.com.tr\/website1\/erotik-shop-urun\/cabs-glide-kayganlastirici-jel-40-ml\/#primaryimage\",\"url\":\"https:\/\/haremerotikshop.com\/site\/wp-content\/uploads\/2025\/03\/cabs-glide-kayganlastirici-jel-40-ml-4955.jpg\",\"contentUrl\":\"https:\/\/haremerotikshop.com\/site\/wp-content\/uploads\/2025\/03\/cabs-glide-kayganlastirici-jel-40-ml-4955.jpg\",\"width\":1500,\"height\":1500},{\"@type\":\"BreadcrumbList\",\"@id\":\"https:\/\/hobierotikshop.com.tr\/website1\/erotik-shop-urun\/cabs-glide-kayganlastirici-jel-40-ml\/#breadcrumb\",\"itemListElement\":[{\"@type\":\"ListItem\",\"position\":1,\"name\":\"Anasayfa\",\"item\":\"https:\/\/hobierotikshop.com.tr\/website1\/\"},{\"@type\":\"ListItem\",\"position\":2,\"name\":\"Erotik Shop \u00dcr\u00fcnleri\",\"item\":\"https:\/\/hobierotikshop.com.tr\/website1\/shop\/\"},{\"@type\":\"ListItem\",\"position\":3,\"name\":\"Cabs Glide Kayganla\u015ft\u0131r\u0131c\u0131 Jel 40 Ml.\"}]},{\"@type\":\"WebSite\",\"@id\":\"https:\/\/hobierotikshop.com.tr\/website1\/#website\",\"url\":\"https:\/\/hobierotikshop.com.tr\/website1\/\",\"name\":\"Bursa Erotik Shop\",\"description\":\"Bursa Erotik Shop ile g\u00fcvenli, gizli ve kaliteli yeti\u015fkin \u00fcr\u00fcnleri al\u0131\u015fveri\u015fi! Geni\u015f \u00fcr\u00fcn yelpazemizi ke\u015ffedin, hemen sipari\u015f verin\",\"publisher\":{\"@id\":\"https:\/\/hobierotikshop.com.tr\/website1\/#organization\"},\"alternateName\":\"Erotik Shop\",\"potentialAction\":[{\"@type\":\"SearchAction\",\"target\":{\"@type\":\"EntryPoint\",\"urlTemplate\":\"https:\/\/hobierotikshop.com.tr\/website1\/?s={search_term_string}\"},\"query-input\":{\"@type\":\"PropertyValueSpecification\",\"valueRequired\":true,\"valueName\":\"search_term_string\"}}],\"inLanguage\":\"tr\"},{\"@type\":\"Organization\",\"@id\":\"https:\/\/hobierotikshop.com.tr\/website1\/#organization\",\"name\":\"Harem Bursa Erotik Shop\",\"url\":\"https:\/\/hobierotikshop.com.tr\/website1\/\",\"logo\":{\"@type\":\"ImageObject\",\"inLanguage\":\"tr\",\"@id\":\"https:\/\/hobierotikshop.com.tr\/website1\/#\/schema\/logo\/image\/\",\"url\":\"https:\/\/haremerotikshop.com\/wp-content\/uploads\/2025\/03\/haremsexshop.png\",\"contentUrl\":\"https:\/\/haremerotikshop.com\/wp-content\/uploads\/2025\/03\/haremsexshop.png\",\"width\":400,\"height\":100,\"caption\":\"Harem Bursa Erotik Shop\"},\"image\":{\"@id\":\"https:\/\/hobierotikshop.com.tr\/website1\/#\/schema\/logo\/image\/\"},\"sameAs\":[\"https:\/\/x.com\/shopbursa\"],\"publishingPrinciples\":\"https:\/\/hobierotikshop.com.tr\/website1\/mesafeli-satis-sozlesmesi\/\",\"ownershipFundingInfo\":\"https:\/\/hobierotikshop.com.tr\/website1\/contact-us\/\",\"actionableFeedbackPolicy\":\"https:\/\/hobierotikshop.com.tr\/website1\/contact-us\/\",\"correctionsPolicy\":\"https:\/\/hobierotikshop.com.tr\/website1\/mesafeli-satis-sozlesmesi\/\"}]}<\/script>\n<meta property=\"product:brand\" content=\"Cabs\" \/>\n<meta property=\"product:price:amount\" content=\"200.00\" \/>\n<meta property=\"product:price:currency\" content=\"TRY\" \/>\n<meta property=\"og:availability\" content=\"instock\" \/>\n<meta property=\"product:availability\" content=\"instock\" \/>\n<meta property=\"product:retailer_item_id\" content=\"PT-KC1533\" \/>\n<meta property=\"product:condition\" content=\"new\" \/>\n<!-- \/ Yoast SEO Premium plugin. -->","yoast_head_json":{"title":"Cabs Glide Kayganla\u015ft\u0131r\u0131c\u0131 Jel 40 Ml. - Bursa Erotik Shop","robots":{"index":"index","follow":"follow","max-snippet":"max-snippet:-1","max-image-preview":"max-image-preview:large","max-video-preview":"max-video-preview:-1"},"canonical":"https:\/\/hobierotikshop.com.tr\/website1\/erotik-shop-urun\/cabs-glide-kayganlastirici-jel-40-ml\/","og_locale":"tr_TR","og_type":"article","og_title":"Cabs Glide Kayganla\u015ft\u0131r\u0131c\u0131 Jel 40 Ml.","og_description":"Cabs Glide Kayganla\u015ft\u0131r\u0131c\u0131 Jel 40 ml, dermatolojik olarak test edilmi\u015ftir ve cilt pH oran\u0131 ile uyumludur. T\u00fcm cilt tipleri i\u00e7in g\u00fcvenle kullan\u0131labilen bu kayganla\u015ft\u0131r\u0131c\u0131 jel, uzun s\u00fcreli kayganl\u0131k sa\u011flarken cildinize zarar vermez ve m\u00fckemmel bir rahatl\u0131k sunar.","og_url":"https:\/\/hobierotikshop.com.tr\/website1\/erotik-shop-urun\/cabs-glide-kayganlastirici-jel-40-ml\/","og_site_name":"Bursa Erotik Shop","article_modified_time":"2026-01-27T08:46:15+00:00","og_image":[{"width":1500,"height":1500,"url":"https:\/\/hobierotikshop.com.tr\/website1\/wp-content\/uploads\/2025\/03\/cabs-glide-kayganlastirici-jel-40-ml-4955.jpg","type":"image\/jpeg"}],"twitter_card":"summary_large_image","twitter_site":"@shopbursa","twitter_misc":{"Fiyat":"&#8378;200,00 KDV DAH\u0130L","Availability":"In stock"},"schema":{"@context":"https:\/\/schema.org","@graph":[{"@type":"WebPage","@id":"https:\/\/hobierotikshop.com.tr\/website1\/erotik-shop-urun\/cabs-glide-kayganlastirici-jel-40-ml\/","url":"https:\/\/hobierotikshop.com.tr\/website1\/erotik-shop-urun\/cabs-glide-kayganlastirici-jel-40-ml\/","name":"Cabs Glide Kayganla\u015ft\u0131r\u0131c\u0131 Jel 40 Ml. - Bursa Erotik Shop","isPartOf":{"@id":"https:\/\/hobierotikshop.com.tr\/website1\/#website"},"primaryImageOfPage":{"@id":"https:\/\/hobierotikshop.com.tr\/website1\/erotik-shop-urun\/cabs-glide-kayganlastirici-jel-40-ml\/#primaryimage"},"image":{"@id":"https:\/\/hobierotikshop.com.tr\/website1\/erotik-shop-urun\/cabs-glide-kayganlastirici-jel-40-ml\/#primaryimage"},"thumbnailUrl":"https:\/\/haremerotikshop.com\/site\/wp-content\/uploads\/2025\/03\/cabs-glide-kayganlastirici-jel-40-ml-4955.jpg","datePublished":"2025-03-17T09:16:50+00:00","dateModified":"2026-01-27T08:46:15+00:00","breadcrumb":{"@id":"https:\/\/hobierotikshop.com.tr\/website1\/erotik-shop-urun\/cabs-glide-kayganlastirici-jel-40-ml\/#breadcrumb"},"inLanguage":"tr","potentialAction":[{"@type":"ReadAction","target":["https:\/\/hobierotikshop.com.tr\/website1\/erotik-shop-urun\/cabs-glide-kayganlastirici-jel-40-ml\/"]}]},{"@type":"ImageObject","inLanguage":"tr","@id":"https:\/\/hobierotikshop.com.tr\/website1\/erotik-shop-urun\/cabs-glide-kayganlastirici-jel-40-ml\/#primaryimage","url":"https:\/\/haremerotikshop.com\/site\/wp-content\/uploads\/2025\/03\/cabs-glide-kayganlastirici-jel-40-ml-4955.jpg","contentUrl":"https:\/\/haremerotikshop.com\/site\/wp-content\/uploads\/2025\/03\/cabs-glide-kayganlastirici-jel-40-ml-4955.jpg","width":1500,"height":1500},{"@type":"BreadcrumbList","@id":"https:\/\/hobierotikshop.com.tr\/website1\/erotik-shop-urun\/cabs-glide-kayganlastirici-jel-40-ml\/#breadcrumb","itemListElement":[{"@type":"ListItem","position":1,"name":"Anasayfa","item":"https:\/\/hobierotikshop.com.tr\/website1\/"},{"@type":"ListItem","position":2,"name":"Erotik Shop \u00dcr\u00fcnleri","item":"https:\/\/hobierotikshop.com.tr\/website1\/shop\/"},{"@type":"ListItem","position":3,"name":"Cabs Glide Kayganla\u015ft\u0131r\u0131c\u0131 Jel 40 Ml."}]},{"@type":"WebSite","@id":"https:\/\/hobierotikshop.com.tr\/website1\/#website","url":"https:\/\/hobierotikshop.com.tr\/website1\/","name":"Bursa Erotik Shop","description":"Bursa Erotik Shop ile g\u00fcvenli, gizli ve kaliteli yeti\u015fkin \u00fcr\u00fcnleri al\u0131\u015fveri\u015fi! Geni\u015f \u00fcr\u00fcn yelpazemizi ke\u015ffedin, hemen sipari\u015f verin","publisher":{"@id":"https:\/\/hobierotikshop.com.tr\/website1\/#organization"},"alternateName":"Erotik Shop","potentialAction":[{"@type":"SearchAction","target":{"@type":"EntryPoint","urlTemplate":"https:\/\/hobierotikshop.com.tr\/website1\/?s={search_term_string}"},"query-input":{"@type":"PropertyValueSpecification","valueRequired":true,"valueName":"search_term_string"}}],"inLanguage":"tr"},{"@type":"Organization","@id":"https:\/\/hobierotikshop.com.tr\/website1\/#organization","name":"Harem Bursa Erotik Shop","url":"https:\/\/hobierotikshop.com.tr\/website1\/","logo":{"@type":"ImageObject","inLanguage":"tr","@id":"https:\/\/hobierotikshop.com.tr\/website1\/#\/schema\/logo\/image\/","url":"https:\/\/haremerotikshop.com\/wp-content\/uploads\/2025\/03\/haremsexshop.png","contentUrl":"https:\/\/haremerotikshop.com\/wp-content\/uploads\/2025\/03\/haremsexshop.png","width":400,"height":100,"caption":"Harem Bursa Erotik Shop"},"image":{"@id":"https:\/\/hobierotikshop.com.tr\/website1\/#\/schema\/logo\/image\/"},"sameAs":["https:\/\/x.com\/shopbursa"],"publishingPrinciples":"https:\/\/hobierotikshop.com.tr\/website1\/mesafeli-satis-sozlesmesi\/","ownershipFundingInfo":"https:\/\/hobierotikshop.com.tr\/website1\/contact-us\/","actionableFeedbackPolicy":"https:\/\/hobierotikshop.com.tr\/website1\/contact-us\/","correctionsPolicy":"https:\/\/hobierotikshop.com.tr\/website1\/mesafeli-satis-sozlesmesi\/"}]},"product_brand":"Cabs","product_price_amount":"200.00","product_price_currency":"TRY","og_availability":"instock","product_availability":"instock","product_retailer_item_id":"PT-KC1533","product_condition":"new"},"_links":{"self":[{"href":"https:\/\/haremerotikshop.com\/site\/wp-json\/wp\/v2\/product\/18379","targetHints":{"allow":["GET"]}}],"collection":[{"href":"https:\/\/haremerotikshop.com\/site\/wp-json\/wp\/v2\/product"}],"about":[{"href":"https:\/\/haremerotikshop.com\/site\/wp-json\/wp\/v2\/types\/product"}],"replies":[{"embeddable":true,"href":"https:\/\/haremerotikshop.com\/site\/wp-json\/wp\/v2\/comments?post=18379"}],"version-history":[{"count":0,"href":"https:\/\/haremerotikshop.com\/site\/wp-json\/wp\/v2\/product\/18379\/revisions"}],"wp:featuredmedia":[{"embeddable":true,"href":"https:\/\/haremerotikshop.com\/site\/wp-json\/wp\/v2\/media\/18512"}],"wp:attachment":[{"href":"https:\/\/haremerotikshop.com\/site\/wp-json\/wp\/v2\/media?parent=18379"}],"wp:term":[{"taxonomy":"product_brand","embeddable":true,"href":"https:\/\/haremerotikshop.com\/site\/wp-json\/wp\/v2\/product_brand?post=18379"},{"taxonomy":"product_cat","embeddable":true,"href":"https:\/\/haremerotikshop.com\/site\/wp-json\/wp\/v2\/product_cat?post=18379"},{"taxonomy":"product_tag","embeddable":true,"href":"https:\/\/haremerotikshop.com\/site\/wp-json\/wp\/v2\/product_tag?post=18379"}],"curies":[{"name":"wp","href":"https:\/\/api.w.org\/{rel}","templated":true}]}}