{"id":18530,"date":"2025-03-17T12:19:06","date_gmt":"2025-03-17T09:19:06","guid":{"rendered":"https:\/\/haremerotikshop.com\/site\/?post_type=product&#038;p=18530"},"modified":"2026-01-27T11:37:57","modified_gmt":"2026-01-27T08:37:57","slug":"silikon-realistik-gokkusagi-dildo-18cm","status":"publish","type":"product","link":"https:\/\/haremerotikshop.com\/site\/erotik-shop-urun\/silikon-realistik-gokkusagi-dildo-18cm\/","title":{"rendered":"Silikon Realistik G\u00f6kku\u015fa\u011f\u0131 Dildo 18Cm"},"content":{"rendered":"<h3 data-start=\"0\" data-end=\"77\"><strong data-start=\"4\" data-end=\"77\">Silikon Realistik G\u00f6kku\u015fa\u011f\u0131 Dildo &#8211; Cinsel Deneyiminizi Renklendirin!<\/strong><\/h3>\n<p data-start=\"79\" data-end=\"562\"><strong data-start=\"79\" data-end=\"116\">Silikon Realistik G\u00f6kku\u015fa\u011f\u0131 Dildo<\/strong>, cinsel ke\u015fiflerinizi daha heyecan verici ve renkli hale getirmek i\u00e7in \u00f6zel olarak tasarlanm\u0131\u015f bir \u00fcr\u00fcnd\u00fcr. <strong data-start=\"225\" data-end=\"251\">\u015eeffaf silikon malzeme<\/strong> kullan\u0131larak \u00fcretilmi\u015f ve \u00fczerinde yer alan <strong data-start=\"296\" data-end=\"318\">g\u00f6kku\u015fa\u011f\u0131 renkleri<\/strong> ile g\u00f6rsel bir \u015f\u00f6len sunar. <strong data-start=\"347\" data-end=\"368\">Ger\u00e7ek\u00e7i tasar\u0131m\u0131<\/strong> ve <strong data-start=\"372\" data-end=\"386\">do\u011fal doku<\/strong> sayesinde, ger\u00e7ek bir penetrasyon deneyimi sa\u011flar. Ayr\u0131ca <strong data-start=\"445\" data-end=\"461\">esnek yap\u0131s\u0131<\/strong> ve <strong data-start=\"465\" data-end=\"484\">vantuzlu taban\u0131<\/strong> sayesinde eller serbest kullan\u0131m imkan\u0131 sunarak, kullan\u0131mda \u00f6zg\u00fcrl\u00fck sa\u011flar.<\/p>\n<hr data-start=\"564\" data-end=\"567\" \/>\n<h3 data-start=\"569\" data-end=\"594\"><strong data-start=\"573\" data-end=\"594\">\u00dcr\u00fcn \u00d6zellikleri:<\/strong><\/h3>\n<h4 data-start=\"596\" data-end=\"640\">1. <strong data-start=\"604\" data-end=\"640\">Y\u00fcksek Kaliteli Silikon Malzeme:<\/strong><\/h4>\n<ul data-start=\"641\" data-end=\"822\">\n<li data-start=\"641\" data-end=\"756\"><strong data-start=\"643\" data-end=\"661\">\u015eeffaf silikon<\/strong> kullan\u0131larak \u00fcretilen bu dildo, <strong data-start=\"694\" data-end=\"732\">sa\u011fl\u0131kl\u0131, v\u00fccut dostu ve dayan\u0131kl\u0131<\/strong> malzemeden yap\u0131lm\u0131\u015ft\u0131r.<\/li>\n<li data-start=\"757\" data-end=\"822\">Silikon malzeme, ciltle uyumlu olup <strong data-start=\"795\" data-end=\"821\">hijyenik ve g\u00fcvenlidir<\/strong>.<\/li>\n<\/ul>\n<h4 data-start=\"824\" data-end=\"853\">2. <strong data-start=\"832\" data-end=\"853\">Boyut ve Uzunluk:<\/strong><\/h4>\n<ul data-start=\"854\" data-end=\"1027\">\n<li data-start=\"854\" data-end=\"942\"><strong data-start=\"856\" data-end=\"868\">Uzunluk:<\/strong> Yakla\u015f\u0131k 18 cm, <strong data-start=\"885\" data-end=\"903\">ideal boyutlar<\/strong> sayesinde konforlu bir kullan\u0131m sunar.<\/li>\n<li data-start=\"943\" data-end=\"1027\"><strong data-start=\"945\" data-end=\"958\">Geni\u015flik:<\/strong> Do\u011fal bir his uyand\u0131ran yap\u0131s\u0131 ile size ger\u00e7ek\u00e7i bir deneyim sa\u011flar.<\/li>\n<\/ul>\n<h4 data-start=\"1029\" data-end=\"1060\">3. <strong data-start=\"1037\" data-end=\"1060\">G\u00f6kku\u015fa\u011f\u0131 Renkleri:<\/strong><\/h4>\n<ul data-start=\"1061\" data-end=\"1240\">\n<li data-start=\"1061\" data-end=\"1240\">Dildo \u00fczerinde <strong data-start=\"1078\" data-end=\"1100\">g\u00f6kku\u015fa\u011f\u0131 renkleri<\/strong> ile yer alan renkli noktalar, g\u00f6rsel olarak olduk\u00e7a cezbedicidir. <strong data-start=\"1167\" data-end=\"1184\">Her bir nokta<\/strong>, canl\u0131 renkler ile cinsel deneyiminize renk katacakt\u0131r.<\/li>\n<\/ul>\n<h4 data-start=\"1242\" data-end=\"1271\">4. <strong data-start=\"1250\" data-end=\"1271\">Ger\u00e7ek\u00e7i Tasar\u0131m:<\/strong><\/h4>\n<ul data-start=\"1272\" data-end=\"1436\">\n<li data-start=\"1272\" data-end=\"1382\">Do\u011fal bir <strong data-start=\"1284\" data-end=\"1302\">penis g\u00f6r\u00fcn\u00fcm\u00fc<\/strong> ve <strong data-start=\"1306\" data-end=\"1316\">dokusu<\/strong> sunarak, ger\u00e7ek bir penetrasyon deneyimi ya\u015faman\u0131za olanak tan\u0131r.<\/li>\n<li data-start=\"1383\" data-end=\"1436\"><strong data-start=\"1385\" data-end=\"1400\">Doku detay\u0131<\/strong> ile ger\u00e7ek\u00e7i hissiyat\u0131 g\u00fc\u00e7lendirir.<\/li>\n<\/ul>\n<h4 data-start=\"1438\" data-end=\"1459\">5. <strong data-start=\"1446\" data-end=\"1459\">Esneklik:<\/strong><\/h4>\n<ul data-start=\"1460\" data-end=\"1601\">\n<li data-start=\"1460\" data-end=\"1601\"><strong data-start=\"1462\" data-end=\"1478\">Esnek yap\u0131s\u0131<\/strong>, farkl\u0131 pozisyonlar ve rahatl\u0131kla kullan\u0131m sa\u011flar. <strong data-start=\"1530\" data-end=\"1550\">B\u00fck\u00fclme \u00f6zelli\u011fi<\/strong>, diledi\u011finiz pozisyonlarda kullan\u0131m i\u00e7in idealdir.<\/li>\n<\/ul>\n<h4 data-start=\"1603\" data-end=\"1630\">6. <strong data-start=\"1611\" data-end=\"1630\">Vantuzlu Taban:<\/strong><\/h4>\n<ul data-start=\"1631\" data-end=\"1886\">\n<li data-start=\"1631\" data-end=\"1781\"><strong data-start=\"1633\" data-end=\"1658\">G\u00fc\u00e7l\u00fc vantuzlu taban\u0131<\/strong>, bu dildo\u2019yu <strong data-start=\"1672\" data-end=\"1692\">farkl\u0131 y\u00fczeylere<\/strong> kolayca sabitlemenizi sa\u011flar. Elle tutmaya gerek kalmadan, eller serbest kullan\u0131m sunar.<\/li>\n<li data-start=\"1782\" data-end=\"1886\"><strong data-start=\"1784\" data-end=\"1810\">Eller serbest kullan\u0131m<\/strong> ile <strong data-start=\"1815\" data-end=\"1842\">\u00f6zg\u00fcrce ke\u015ffe \u00e7\u0131kabilir<\/strong>, istedi\u011finiz \u015fekilde deneyimleyebilirsiniz.<\/li>\n<\/ul>\n<hr data-start=\"1888\" data-end=\"1891\" \/>\n<h3 data-start=\"1893\" data-end=\"1916\"><strong data-start=\"1897\" data-end=\"1916\">\u00dcr\u00fcn Faydalar\u0131:<\/strong><\/h3>\n<h4 data-start=\"1918\" data-end=\"1958\">1. <strong data-start=\"1926\" data-end=\"1958\">Renkli ve E\u011flenceli Deneyim:<\/strong><\/h4>\n<ul data-start=\"1959\" data-end=\"2066\">\n<li data-start=\"1959\" data-end=\"2066\"><strong data-start=\"1961\" data-end=\"1983\">G\u00f6kku\u015fa\u011f\u0131 renkleri<\/strong>, cinsel ke\u015ffinize <strong data-start=\"2002\" data-end=\"2034\">renkli ve e\u011flenceli bir hava<\/strong> katarken g\u00f6rsel bir zevk sunar.<\/li>\n<\/ul>\n<h4 data-start=\"2068\" data-end=\"2098\">2. <strong data-start=\"2076\" data-end=\"2098\">Ger\u00e7ek\u00e7i Hissiyat:<\/strong><\/h4>\n<ul data-start=\"2099\" data-end=\"2292\">\n<li data-start=\"2099\" data-end=\"2213\">Ger\u00e7ek bir penis dokusu ile tasarlanm\u0131\u015f olan bu dildo, <strong data-start=\"2156\" data-end=\"2193\">ger\u00e7ek\u00e7i bir penetrasyon deneyimi<\/strong> ya\u015faman\u0131z\u0131 sa\u011flar.<\/li>\n<li data-start=\"2214\" data-end=\"2292\">Yumu\u015fak dokusu ve detayl\u0131 yap\u0131s\u0131 sayesinde olduk\u00e7a do\u011fal bir hissiyat sunar.<\/li>\n<\/ul>\n<h4 data-start=\"2294\" data-end=\"2330\">3. <strong data-start=\"2302\" data-end=\"2330\">Esnek ve Kolay Kullan\u0131m:<\/strong><\/h4>\n<ul data-start=\"2331\" data-end=\"2499\">\n<li data-start=\"2331\" data-end=\"2425\"><strong data-start=\"2333\" data-end=\"2357\">Esnek silikon yap\u0131s\u0131<\/strong>, rahat\u00e7a kullan\u0131labilir ve her pozisyonda <strong data-start=\"2400\" data-end=\"2417\">maksimum zevk<\/strong> sunar.<\/li>\n<li data-start=\"2426\" data-end=\"2499\">Kolayca ta\u015f\u0131nabilir olmas\u0131, her yere g\u00f6t\u00fcr\u00fcp kullanman\u0131za olanak tan\u0131r.<\/li>\n<\/ul>\n<h4 data-start=\"2501\" data-end=\"2543\">4. <strong data-start=\"2509\" data-end=\"2543\">Eller Serbest Kullan\u0131m \u0130mkan\u0131:<\/strong><\/h4>\n<ul data-start=\"2544\" data-end=\"2739\">\n<li data-start=\"2544\" data-end=\"2739\"><strong data-start=\"2546\" data-end=\"2565\">Vantuzlu taban\u0131<\/strong>, farkl\u0131 y\u00fczeylere sabitlemenizi sa\u011flayarak, <strong data-start=\"2610\" data-end=\"2636\">eller serbest kullan\u0131m<\/strong> imkan\u0131 sunar. Bu, kullan\u0131m s\u0131ras\u0131nda \u00f6zg\u00fcrl\u00fc\u011f\u00fcn\u00fcz\u00fc artt\u0131r\u0131r ve farkl\u0131 deneyimler elde etmenizi sa\u011flar.<\/li>\n<\/ul>\n<hr data-start=\"2741\" data-end=\"2744\" \/>\n<h3 data-start=\"2746\" data-end=\"2794\"><strong data-start=\"2750\" data-end=\"2794\">Neden Silikon Realistik G\u00f6kku\u015fa\u011f\u0131 Dildo?<\/strong><\/h3>\n<p data-start=\"2795\" data-end=\"3234\"><strong data-start=\"2795\" data-end=\"2832\">Silikon Realistik G\u00f6kku\u015fa\u011f\u0131 Dildo<\/strong>, hem <strong data-start=\"2838\" data-end=\"2867\">g\u00f6rsel hem de fonksiyonel<\/strong> a\u00e7\u0131dan m\u00fckemmel bir \u00fcr\u00fcnd\u00fcr. <strong data-start=\"2897\" data-end=\"2919\">G\u00f6kku\u015fa\u011f\u0131 renkleri<\/strong> ve <strong data-start=\"2923\" data-end=\"2944\">ger\u00e7ek\u00e7i tasar\u0131m\u0131<\/strong> ile heyecan\u0131n\u0131z\u0131 art\u0131r\u0131rken, <strong data-start=\"2974\" data-end=\"2990\">esnek yap\u0131s\u0131<\/strong> ve <strong data-start=\"2994\" data-end=\"3013\">vantuzlu taban\u0131<\/strong> ile kullan\u0131mda tamamen \u00f6zg\u00fcrl\u00fck sa\u011flar. <strong data-start=\"3054\" data-end=\"3080\">Eller serbest kullan\u0131m<\/strong> \u00f6zelli\u011fiyle, farkl\u0131 pozisyonlarda rahat\u00e7a kullan\u0131labilir. <strong data-start=\"3139\" data-end=\"3166\">Y\u00fcksek kaliteli silikon<\/strong> malzemesi sayesinde <strong data-start=\"3187\" data-end=\"3210\">sa\u011fl\u0131kl\u0131 ve g\u00fcvenli<\/strong> bir deneyim ya\u015fars\u0131n\u0131z.<\/p>\n<hr data-start=\"3236\" data-end=\"3239\" \/>\n<p data-start=\"3272\" data-end=\"3531\" data-is-last-node=\"\" data-is-only-node=\"\">Silikon G\u00f6kku\u015fa\u011f\u0131 Dildo, Ger\u00e7ek\u00e7i Dildo, Vantuzlu Dildo, Realistik Seks Oyunca\u011f\u0131, \u015eeffaf Silikon Dildo, Renkli Dildo, Cinsel Deneyim, Esnek Silikon Dildo, Cinsel Ke\u015fif, Eller Serbest Seks Oyunca\u011f\u0131, Y\u00fcksek Kaliteli Seks Oyunca\u011f\u0131, Dildo ile Penetrasyon Deneyimi<\/p>\n","protected":false},"excerpt":{"rendered":"<p><strong data-start=\"79\" data-end=\"116\">Silikon Realistik G\u00f6kku\u015fa\u011f\u0131 Dildo<\/strong>, cinsel ke\u015fiflerinizi daha heyecan verici ve renkli hale getirmek i\u00e7in \u00f6zel olarak tasarlanm\u0131\u015f bir \u00fcr\u00fcnd\u00fcr. <strong data-start=\"225\" data-end=\"251\">\u015eeffaf silikon malzeme<\/strong> kullan\u0131larak \u00fcretilmi\u015f ve \u00fczerinde yer alan <strong data-start=\"296\" data-end=\"318\">g\u00f6kku\u015fa\u011f\u0131 renkleri<\/strong> ile g\u00f6rsel bir \u015f\u00f6len sunar. <strong data-start=\"347\" data-end=\"368\">Ger\u00e7ek\u00e7i tasar\u0131m\u0131<\/strong> ve <strong data-start=\"372\" data-end=\"386\">do\u011fal doku<\/strong> sayesinde, ger\u00e7ek bir penetrasyon deneyimi sa\u011flar. Ayr\u0131ca <strong data-start=\"445\" data-end=\"461\">esnek yap\u0131s\u0131<\/strong> ve <strong data-start=\"465\" data-end=\"484\">vantuzlu taban\u0131<\/strong> sayesinde eller serbest kullan\u0131m imkan\u0131 sunarak, kullan\u0131mda \u00f6zg\u00fcrl\u00fck sa\u011flar.<\/p>\n","protected":false},"featured_media":18655,"comment_status":"open","ping_status":"closed","template":"","meta":[],"product_brand":[127],"product_cat":[96],"product_tag":[172],"class_list":{"0":"post-18530","1":"product","2":"type-product","3":"status-publish","4":"has-post-thumbnail","6":"product_brand-pembe-tilki","7":"product_cat-realistik-dildo","8":"product_tag-silikon-realistik-gokkusagi-dildo-18cm","10":"first","11":"instock","12":"taxable","13":"shipping-taxable","14":"purchasable","15":"product-type-simple"},"yoast_head":"<!-- This site is optimized with the Yoast SEO Premium plugin v24.4 (Yoast SEO v27.1.1) - https:\/\/yoast.com\/product\/yoast-seo-premium-wordpress\/ -->\n<title>Silikon Realistik G\u00f6kku\u015fa\u011f\u0131 Dildo 18Cm - Bursa Erotik Shop<\/title>\n<meta name=\"robots\" content=\"index, follow, max-snippet:-1, max-image-preview:large, max-video-preview:-1\" \/>\n<link rel=\"canonical\" href=\"https:\/\/hobierotikshop.com.tr\/website1\/erotik-shop-urun\/silikon-realistik-gokkusagi-dildo-18cm\/\" \/>\n<meta property=\"og:locale\" content=\"tr_TR\" \/>\n<meta property=\"og:type\" content=\"article\" \/>\n<meta property=\"og:title\" content=\"Silikon Realistik G\u00f6kku\u015fa\u011f\u0131 Dildo 18Cm\" \/>\n<meta property=\"og:description\" content=\"Silikon Realistik G\u00f6kku\u015fa\u011f\u0131 Dildo, cinsel ke\u015fiflerinizi daha heyecan verici ve renkli hale getirmek i\u00e7in \u00f6zel olarak tasarlanm\u0131\u015f bir \u00fcr\u00fcnd\u00fcr. \u015eeffaf silikon malzeme kullan\u0131larak \u00fcretilmi\u015f ve \u00fczerinde yer alan g\u00f6kku\u015fa\u011f\u0131 renkleri ile g\u00f6rsel bir \u015f\u00f6len sunar. Ger\u00e7ek\u00e7i tasar\u0131m\u0131 ve do\u011fal doku sayesinde, ger\u00e7ek bir penetrasyon deneyimi sa\u011flar. Ayr\u0131ca esnek yap\u0131s\u0131 ve vantuzlu taban\u0131 sayesinde eller serbest kullan\u0131m imkan\u0131 sunarak, kullan\u0131mda \u00f6zg\u00fcrl\u00fck sa\u011flar.\" \/>\n<meta property=\"og:url\" content=\"https:\/\/hobierotikshop.com.tr\/website1\/erotik-shop-urun\/silikon-realistik-gokkusagi-dildo-18cm\/\" \/>\n<meta property=\"og:site_name\" content=\"Bursa Erotik Shop\" \/>\n<meta property=\"article:modified_time\" content=\"2026-01-27T08:37:57+00:00\" \/>\n<meta property=\"og:image\" content=\"https:\/\/hobierotikshop.com.tr\/website1\/wp-content\/uploads\/2025\/03\/silikon-realistik-gokkusagi-dildo-18cm-1722-2.jpg\" \/>\n\t<meta property=\"og:image:width\" content=\"1500\" \/>\n\t<meta property=\"og:image:height\" content=\"1500\" \/>\n\t<meta property=\"og:image:type\" content=\"image\/jpeg\" \/>\n<meta name=\"twitter:card\" content=\"summary_large_image\" \/>\n<meta name=\"twitter:site\" content=\"@shopbursa\" \/>\n<meta name=\"twitter:label1\" content=\"Fiyat\" \/>\n\t<meta name=\"twitter:data1\" content=\"&#8378;2.000,00 KDV DAH\u0130L\" \/>\n\t<meta name=\"twitter:label2\" content=\"Availability\" \/>\n\t<meta name=\"twitter:data2\" content=\"In stock\" \/>\n<script type=\"application\/ld+json\" class=\"yoast-schema-graph\">{\"@context\":\"https:\/\/schema.org\",\"@graph\":[{\"@type\":\"WebPage\",\"@id\":\"https:\/\/hobierotikshop.com.tr\/website1\/erotik-shop-urun\/silikon-realistik-gokkusagi-dildo-18cm\/\",\"url\":\"https:\/\/hobierotikshop.com.tr\/website1\/erotik-shop-urun\/silikon-realistik-gokkusagi-dildo-18cm\/\",\"name\":\"Silikon Realistik G\u00f6kku\u015fa\u011f\u0131 Dildo 18Cm - Bursa Erotik Shop\",\"isPartOf\":{\"@id\":\"https:\/\/hobierotikshop.com.tr\/website1\/#website\"},\"primaryImageOfPage\":{\"@id\":\"https:\/\/hobierotikshop.com.tr\/website1\/erotik-shop-urun\/silikon-realistik-gokkusagi-dildo-18cm\/#primaryimage\"},\"image\":{\"@id\":\"https:\/\/hobierotikshop.com.tr\/website1\/erotik-shop-urun\/silikon-realistik-gokkusagi-dildo-18cm\/#primaryimage\"},\"thumbnailUrl\":\"https:\/\/haremerotikshop.com\/site\/wp-content\/uploads\/2025\/03\/silikon-realistik-gokkusagi-dildo-18cm-1722-2.jpg\",\"datePublished\":\"2025-03-17T09:19:06+00:00\",\"dateModified\":\"2026-01-27T08:37:57+00:00\",\"breadcrumb\":{\"@id\":\"https:\/\/hobierotikshop.com.tr\/website1\/erotik-shop-urun\/silikon-realistik-gokkusagi-dildo-18cm\/#breadcrumb\"},\"inLanguage\":\"tr\",\"potentialAction\":[{\"@type\":\"ReadAction\",\"target\":[\"https:\/\/hobierotikshop.com.tr\/website1\/erotik-shop-urun\/silikon-realistik-gokkusagi-dildo-18cm\/\"]}]},{\"@type\":\"ImageObject\",\"inLanguage\":\"tr\",\"@id\":\"https:\/\/hobierotikshop.com.tr\/website1\/erotik-shop-urun\/silikon-realistik-gokkusagi-dildo-18cm\/#primaryimage\",\"url\":\"https:\/\/haremerotikshop.com\/site\/wp-content\/uploads\/2025\/03\/silikon-realistik-gokkusagi-dildo-18cm-1722-2.jpg\",\"contentUrl\":\"https:\/\/haremerotikshop.com\/site\/wp-content\/uploads\/2025\/03\/silikon-realistik-gokkusagi-dildo-18cm-1722-2.jpg\",\"width\":1500,\"height\":1500},{\"@type\":\"BreadcrumbList\",\"@id\":\"https:\/\/hobierotikshop.com.tr\/website1\/erotik-shop-urun\/silikon-realistik-gokkusagi-dildo-18cm\/#breadcrumb\",\"itemListElement\":[{\"@type\":\"ListItem\",\"position\":1,\"name\":\"Anasayfa\",\"item\":\"https:\/\/hobierotikshop.com.tr\/website1\/\"},{\"@type\":\"ListItem\",\"position\":2,\"name\":\"Erotik Shop \u00dcr\u00fcnleri\",\"item\":\"https:\/\/hobierotikshop.com.tr\/website1\/shop\/\"},{\"@type\":\"ListItem\",\"position\":3,\"name\":\"Silikon Realistik G\u00f6kku\u015fa\u011f\u0131 Dildo 18Cm\"}]},{\"@type\":\"WebSite\",\"@id\":\"https:\/\/hobierotikshop.com.tr\/website1\/#website\",\"url\":\"https:\/\/hobierotikshop.com.tr\/website1\/\",\"name\":\"Bursa Erotik Shop\",\"description\":\"Bursa Erotik Shop ile g\u00fcvenli, gizli ve kaliteli yeti\u015fkin \u00fcr\u00fcnleri al\u0131\u015fveri\u015fi! Geni\u015f \u00fcr\u00fcn yelpazemizi ke\u015ffedin, hemen sipari\u015f verin\",\"publisher\":{\"@id\":\"https:\/\/hobierotikshop.com.tr\/website1\/#organization\"},\"alternateName\":\"Erotik Shop\",\"potentialAction\":[{\"@type\":\"SearchAction\",\"target\":{\"@type\":\"EntryPoint\",\"urlTemplate\":\"https:\/\/hobierotikshop.com.tr\/website1\/?s={search_term_string}\"},\"query-input\":{\"@type\":\"PropertyValueSpecification\",\"valueRequired\":true,\"valueName\":\"search_term_string\"}}],\"inLanguage\":\"tr\"},{\"@type\":\"Organization\",\"@id\":\"https:\/\/hobierotikshop.com.tr\/website1\/#organization\",\"name\":\"Harem Bursa Erotik Shop\",\"url\":\"https:\/\/hobierotikshop.com.tr\/website1\/\",\"logo\":{\"@type\":\"ImageObject\",\"inLanguage\":\"tr\",\"@id\":\"https:\/\/hobierotikshop.com.tr\/website1\/#\/schema\/logo\/image\/\",\"url\":\"https:\/\/haremerotikshop.com\/site\/wp-content\/uploads\/2025\/03\/haremsexshop.png\",\"contentUrl\":\"https:\/\/haremerotikshop.com\/site\/wp-content\/uploads\/2025\/03\/haremsexshop.png\",\"width\":400,\"height\":100,\"caption\":\"Harem Bursa Erotik Shop\"},\"image\":{\"@id\":\"https:\/\/hobierotikshop.com.tr\/website1\/#\/schema\/logo\/image\/\"},\"sameAs\":[\"https:\/\/x.com\/shopbursa\"],\"publishingPrinciples\":\"https:\/\/hobierotikshop.com.tr\/website1\/mesafeli-satis-sozlesmesi\/\",\"ownershipFundingInfo\":\"https:\/\/hobierotikshop.com.tr\/website1\/contact-us\/\",\"actionableFeedbackPolicy\":\"https:\/\/hobierotikshop.com.tr\/website1\/contact-us\/\",\"correctionsPolicy\":\"https:\/\/hobierotikshop.com.tr\/website1\/mesafeli-satis-sozlesmesi\/\"}]}<\/script>\n<meta property=\"product:brand\" content=\"Pembe Tilki\" \/>\n<meta property=\"product:price:amount\" content=\"2000.00\" \/>\n<meta property=\"product:price:currency\" content=\"TRY\" \/>\n<meta property=\"og:availability\" content=\"instock\" \/>\n<meta property=\"product:availability\" content=\"instock\" \/>\n<meta property=\"product:retailer_item_id\" content=\"PT-DVXD301RW\" \/>\n<meta property=\"product:condition\" content=\"new\" \/>\n<!-- \/ Yoast SEO Premium plugin. -->","yoast_head_json":{"title":"Silikon Realistik G\u00f6kku\u015fa\u011f\u0131 Dildo 18Cm - Bursa Erotik Shop","robots":{"index":"index","follow":"follow","max-snippet":"max-snippet:-1","max-image-preview":"max-image-preview:large","max-video-preview":"max-video-preview:-1"},"canonical":"https:\/\/hobierotikshop.com.tr\/website1\/erotik-shop-urun\/silikon-realistik-gokkusagi-dildo-18cm\/","og_locale":"tr_TR","og_type":"article","og_title":"Silikon Realistik G\u00f6kku\u015fa\u011f\u0131 Dildo 18Cm","og_description":"Silikon Realistik G\u00f6kku\u015fa\u011f\u0131 Dildo, cinsel ke\u015fiflerinizi daha heyecan verici ve renkli hale getirmek i\u00e7in \u00f6zel olarak tasarlanm\u0131\u015f bir \u00fcr\u00fcnd\u00fcr. \u015eeffaf silikon malzeme kullan\u0131larak \u00fcretilmi\u015f ve \u00fczerinde yer alan g\u00f6kku\u015fa\u011f\u0131 renkleri ile g\u00f6rsel bir \u015f\u00f6len sunar. Ger\u00e7ek\u00e7i tasar\u0131m\u0131 ve do\u011fal doku sayesinde, ger\u00e7ek bir penetrasyon deneyimi sa\u011flar. Ayr\u0131ca esnek yap\u0131s\u0131 ve vantuzlu taban\u0131 sayesinde eller serbest kullan\u0131m imkan\u0131 sunarak, kullan\u0131mda \u00f6zg\u00fcrl\u00fck sa\u011flar.","og_url":"https:\/\/hobierotikshop.com.tr\/website1\/erotik-shop-urun\/silikon-realistik-gokkusagi-dildo-18cm\/","og_site_name":"Bursa Erotik Shop","article_modified_time":"2026-01-27T08:37:57+00:00","og_image":[{"width":1500,"height":1500,"url":"https:\/\/hobierotikshop.com.tr\/website1\/wp-content\/uploads\/2025\/03\/silikon-realistik-gokkusagi-dildo-18cm-1722-2.jpg","type":"image\/jpeg"}],"twitter_card":"summary_large_image","twitter_site":"@shopbursa","twitter_misc":{"Fiyat":"&#8378;2.000,00 KDV DAH\u0130L","Availability":"In stock"},"schema":{"@context":"https:\/\/schema.org","@graph":[{"@type":"WebPage","@id":"https:\/\/hobierotikshop.com.tr\/website1\/erotik-shop-urun\/silikon-realistik-gokkusagi-dildo-18cm\/","url":"https:\/\/hobierotikshop.com.tr\/website1\/erotik-shop-urun\/silikon-realistik-gokkusagi-dildo-18cm\/","name":"Silikon Realistik G\u00f6kku\u015fa\u011f\u0131 Dildo 18Cm - Bursa Erotik Shop","isPartOf":{"@id":"https:\/\/hobierotikshop.com.tr\/website1\/#website"},"primaryImageOfPage":{"@id":"https:\/\/hobierotikshop.com.tr\/website1\/erotik-shop-urun\/silikon-realistik-gokkusagi-dildo-18cm\/#primaryimage"},"image":{"@id":"https:\/\/hobierotikshop.com.tr\/website1\/erotik-shop-urun\/silikon-realistik-gokkusagi-dildo-18cm\/#primaryimage"},"thumbnailUrl":"https:\/\/haremerotikshop.com\/site\/wp-content\/uploads\/2025\/03\/silikon-realistik-gokkusagi-dildo-18cm-1722-2.jpg","datePublished":"2025-03-17T09:19:06+00:00","dateModified":"2026-01-27T08:37:57+00:00","breadcrumb":{"@id":"https:\/\/hobierotikshop.com.tr\/website1\/erotik-shop-urun\/silikon-realistik-gokkusagi-dildo-18cm\/#breadcrumb"},"inLanguage":"tr","potentialAction":[{"@type":"ReadAction","target":["https:\/\/hobierotikshop.com.tr\/website1\/erotik-shop-urun\/silikon-realistik-gokkusagi-dildo-18cm\/"]}]},{"@type":"ImageObject","inLanguage":"tr","@id":"https:\/\/hobierotikshop.com.tr\/website1\/erotik-shop-urun\/silikon-realistik-gokkusagi-dildo-18cm\/#primaryimage","url":"https:\/\/haremerotikshop.com\/site\/wp-content\/uploads\/2025\/03\/silikon-realistik-gokkusagi-dildo-18cm-1722-2.jpg","contentUrl":"https:\/\/haremerotikshop.com\/site\/wp-content\/uploads\/2025\/03\/silikon-realistik-gokkusagi-dildo-18cm-1722-2.jpg","width":1500,"height":1500},{"@type":"BreadcrumbList","@id":"https:\/\/hobierotikshop.com.tr\/website1\/erotik-shop-urun\/silikon-realistik-gokkusagi-dildo-18cm\/#breadcrumb","itemListElement":[{"@type":"ListItem","position":1,"name":"Anasayfa","item":"https:\/\/hobierotikshop.com.tr\/website1\/"},{"@type":"ListItem","position":2,"name":"Erotik Shop \u00dcr\u00fcnleri","item":"https:\/\/hobierotikshop.com.tr\/website1\/shop\/"},{"@type":"ListItem","position":3,"name":"Silikon Realistik G\u00f6kku\u015fa\u011f\u0131 Dildo 18Cm"}]},{"@type":"WebSite","@id":"https:\/\/hobierotikshop.com.tr\/website1\/#website","url":"https:\/\/hobierotikshop.com.tr\/website1\/","name":"Bursa Erotik Shop","description":"Bursa Erotik Shop ile g\u00fcvenli, gizli ve kaliteli yeti\u015fkin \u00fcr\u00fcnleri al\u0131\u015fveri\u015fi! Geni\u015f \u00fcr\u00fcn yelpazemizi ke\u015ffedin, hemen sipari\u015f verin","publisher":{"@id":"https:\/\/hobierotikshop.com.tr\/website1\/#organization"},"alternateName":"Erotik Shop","potentialAction":[{"@type":"SearchAction","target":{"@type":"EntryPoint","urlTemplate":"https:\/\/hobierotikshop.com.tr\/website1\/?s={search_term_string}"},"query-input":{"@type":"PropertyValueSpecification","valueRequired":true,"valueName":"search_term_string"}}],"inLanguage":"tr"},{"@type":"Organization","@id":"https:\/\/hobierotikshop.com.tr\/website1\/#organization","name":"Harem Bursa Erotik Shop","url":"https:\/\/hobierotikshop.com.tr\/website1\/","logo":{"@type":"ImageObject","inLanguage":"tr","@id":"https:\/\/hobierotikshop.com.tr\/website1\/#\/schema\/logo\/image\/","url":"https:\/\/haremerotikshop.com\/site\/wp-content\/uploads\/2025\/03\/haremsexshop.png","contentUrl":"https:\/\/haremerotikshop.com\/site\/wp-content\/uploads\/2025\/03\/haremsexshop.png","width":400,"height":100,"caption":"Harem Bursa Erotik Shop"},"image":{"@id":"https:\/\/hobierotikshop.com.tr\/website1\/#\/schema\/logo\/image\/"},"sameAs":["https:\/\/x.com\/shopbursa"],"publishingPrinciples":"https:\/\/hobierotikshop.com.tr\/website1\/mesafeli-satis-sozlesmesi\/","ownershipFundingInfo":"https:\/\/hobierotikshop.com.tr\/website1\/contact-us\/","actionableFeedbackPolicy":"https:\/\/hobierotikshop.com.tr\/website1\/contact-us\/","correctionsPolicy":"https:\/\/hobierotikshop.com.tr\/website1\/mesafeli-satis-sozlesmesi\/"}]},"product_brand":"Pembe Tilki","product_price_amount":"2000.00","product_price_currency":"TRY","og_availability":"instock","product_availability":"instock","product_retailer_item_id":"PT-DVXD301RW","product_condition":"new"},"_links":{"self":[{"href":"https:\/\/haremerotikshop.com\/site\/wp-json\/wp\/v2\/product\/18530","targetHints":{"allow":["GET"]}}],"collection":[{"href":"https:\/\/haremerotikshop.com\/site\/wp-json\/wp\/v2\/product"}],"about":[{"href":"https:\/\/haremerotikshop.com\/site\/wp-json\/wp\/v2\/types\/product"}],"replies":[{"embeddable":true,"href":"https:\/\/haremerotikshop.com\/site\/wp-json\/wp\/v2\/comments?post=18530"}],"version-history":[{"count":0,"href":"https:\/\/haremerotikshop.com\/site\/wp-json\/wp\/v2\/product\/18530\/revisions"}],"wp:featuredmedia":[{"embeddable":true,"href":"https:\/\/haremerotikshop.com\/site\/wp-json\/wp\/v2\/media\/18655"}],"wp:attachment":[{"href":"https:\/\/haremerotikshop.com\/site\/wp-json\/wp\/v2\/media?parent=18530"}],"wp:term":[{"taxonomy":"product_brand","embeddable":true,"href":"https:\/\/haremerotikshop.com\/site\/wp-json\/wp\/v2\/product_brand?post=18530"},{"taxonomy":"product_cat","embeddable":true,"href":"https:\/\/haremerotikshop.com\/site\/wp-json\/wp\/v2\/product_cat?post=18530"},{"taxonomy":"product_tag","embeddable":true,"href":"https:\/\/haremerotikshop.com\/site\/wp-json\/wp\/v2\/product_tag?post=18530"}],"curies":[{"name":"wp","href":"https:\/\/api.w.org\/{rel}","templated":true}]}}