{"id":18531,"date":"2025-03-17T12:19:06","date_gmt":"2025-03-17T09:19:06","guid":{"rendered":"https:\/\/haremerotikshop.com\/site\/?post_type=product&#038;p=18531"},"modified":"2026-01-27T11:38:19","modified_gmt":"2026-01-27T08:38:19","slug":"seffaf-pembe-silikon-gercekci-dildo-14cm","status":"publish","type":"product","link":"https:\/\/haremerotikshop.com\/site\/erotik-shop-urun\/seffaf-pembe-silikon-gercekci-dildo-14cm\/","title":{"rendered":"\u015eeffaf Pembe Silikon Ger\u00e7ek\u00e7i Dildo 14Cm"},"content":{"rendered":"<h3 data-start=\"0\" data-end=\"73\"><strong data-start=\"4\" data-end=\"73\">\u015eeffaf Silikon Ger\u00e7ek\u00e7i Dildo &#8211; Ger\u00e7ek\u00e7i Deneyim ve Maksimum Zevk<\/strong><\/h3>\n<p data-start=\"75\" data-end=\"509\"><strong data-start=\"75\" data-end=\"108\">\u015eeffaf Silikon Ger\u00e7ek\u00e7i Dildo<\/strong>, cinsel ke\u015fiflerinizi daha heyecan verici ve tatmin edici hale getirmek i\u00e7in tasarlanm\u0131\u015f \u00f6zel bir \u00fcr\u00fcnd\u00fcr. <strong data-start=\"216\" data-end=\"237\">Ger\u00e7ek\u00e7i tasar\u0131m\u0131<\/strong>, <strong data-start=\"239\" data-end=\"257\">yumu\u015fak yap\u0131s\u0131<\/strong> ve <strong data-start=\"261\" data-end=\"277\">do\u011fal dokusu<\/strong> ile sizi adeta ger\u00e7ek bir penetrasyon deneyimine ta\u015f\u0131r. <strong data-start=\"334\" data-end=\"353\">Vantuzlu taban\u0131<\/strong> sayesinde, <strong data-start=\"365\" data-end=\"391\">eller serbest kullan\u0131m<\/strong> imkan\u0131 sunarak rahat\u00e7a kullan\u0131labilir. Hem tek ba\u015f\u0131n\u0131za hem de partnerinizle keyifli anlar ya\u015faman\u0131za olanak tan\u0131r.<\/p>\n<hr data-start=\"511\" data-end=\"514\" \/>\n<h3 data-start=\"516\" data-end=\"541\"><strong data-start=\"520\" data-end=\"541\">\u00dcr\u00fcn \u00d6zellikleri:<\/strong><\/h3>\n<h4 data-start=\"543\" data-end=\"587\">1. <strong data-start=\"551\" data-end=\"587\">Y\u00fcksek Kaliteli Silikon Malzeme:<\/strong><\/h4>\n<ul data-start=\"588\" data-end=\"787\">\n<li data-start=\"588\" data-end=\"713\"><strong data-start=\"590\" data-end=\"609\">Yumu\u015fak silikon<\/strong> malzeme, <strong data-start=\"619\" data-end=\"647\">cilt dostu ve g\u00fcvenlidir<\/strong>. Hem sa\u011fl\u0131k hem de hijyen a\u00e7\u0131s\u0131ndan g\u00fcvenli bir kullan\u0131m sa\u011flar.<\/li>\n<li data-start=\"714\" data-end=\"787\">Silikon, esnekli\u011fi ve dayan\u0131kl\u0131l\u0131\u011f\u0131 ile uzun s\u00fcreli kullan\u0131ma uygundur.<\/li>\n<\/ul>\n<h4 data-start=\"789\" data-end=\"818\">2. <strong data-start=\"797\" data-end=\"818\">Boyut ve A\u011f\u0131rl\u0131k:<\/strong><\/h4>\n<ul data-start=\"819\" data-end=\"980\">\n<li data-start=\"819\" data-end=\"901\"><strong data-start=\"821\" data-end=\"833\">Uzunluk:<\/strong> 14 cm, ideal boyutlarda olup, rahat bir penetrasyon deneyimi sunar.<\/li>\n<li data-start=\"902\" data-end=\"980\"><strong data-start=\"904\" data-end=\"916\">A\u011f\u0131rl\u0131k:<\/strong> 85 gram, ta\u015f\u0131nabilir ve kullan\u0131m\u0131 kolay bir a\u011f\u0131rl\u0131\u011fa sahiptir.<\/li>\n<\/ul>\n<h4 data-start=\"982\" data-end=\"1011\">3. <strong data-start=\"990\" data-end=\"1011\">Ger\u00e7ek\u00e7i Tasar\u0131m:<\/strong><\/h4>\n<ul data-start=\"1012\" data-end=\"1250\">\n<li data-start=\"1012\" data-end=\"1151\"><strong data-start=\"1014\" data-end=\"1036\">Do\u011fal penis dokusu<\/strong> ve <strong data-start=\"1040\" data-end=\"1049\">\u015fekli<\/strong>, ger\u00e7ek\u00e7i bir his ve deneyim sa\u011flar. <strong data-start=\"1087\" data-end=\"1105\">Yumu\u015fak dokusu<\/strong> ile ger\u00e7ek bir penetrasyon hissiyat\u0131 ya\u015fat\u0131r.<\/li>\n<li data-start=\"1152\" data-end=\"1250\">Detayl\u0131 i\u015f\u00e7ilikle tasarlanm\u0131\u015f olan bu dildo, kullan\u0131c\u0131y\u0131 tatmin edecek en ger\u00e7ek\u00e7i hissi sa\u011flar.<\/li>\n<\/ul>\n<h4 data-start=\"1252\" data-end=\"1279\">4. <strong data-start=\"1260\" data-end=\"1279\">Vantuzlu Taban:<\/strong><\/h4>\n<ul data-start=\"1280\" data-end=\"1533\">\n<li data-start=\"1280\" data-end=\"1460\"><strong data-start=\"1282\" data-end=\"1307\">G\u00fc\u00e7l\u00fc vantuzlu taban\u0131<\/strong>, bu dildo\u2019yu <strong data-start=\"1321\" data-end=\"1341\">farkl\u0131 y\u00fczeylere<\/strong> sabitleyerek, <strong data-start=\"1356\" data-end=\"1382\">eller serbest kullan\u0131m<\/strong> sunar. Duvar, zemin veya ba\u015fka y\u00fczeylere sabitleyerek rahat\u00e7a kullan\u0131labilir.<\/li>\n<li data-start=\"1461\" data-end=\"1533\"><strong data-start=\"1463\" data-end=\"1482\">Hedeflenen zevk<\/strong> i\u00e7in farkl\u0131 pozisyonlarda kullan\u0131m\u0131 kolayla\u015ft\u0131r\u0131r.<\/li>\n<\/ul>\n<h4 data-start=\"1535\" data-end=\"1562\">5. <strong data-start=\"1543\" data-end=\"1562\">Kolay Temizlik:<\/strong><\/h4>\n<ul data-start=\"1563\" data-end=\"1773\">\n<li data-start=\"1563\" data-end=\"1773\"><strong data-start=\"1565\" data-end=\"1588\">Temizli\u011fi kolayd\u0131r.<\/strong> S\u0131cak su ve nazik bir sabun ile h\u0131zl\u0131ca temizlenebilir, hijyenik ve g\u00fcvenli kullan\u0131m\u0131 garanti eder. Kullan\u0131m sonras\u0131nda h\u0131zla temizlenebilir, her zaman hijyenik \u015fekilde kullan\u0131labilir.<\/li>\n<\/ul>\n<hr data-start=\"1775\" data-end=\"1778\" \/>\n<h3 data-start=\"1780\" data-end=\"1803\"><strong data-start=\"1784\" data-end=\"1803\">\u00dcr\u00fcn Faydalar\u0131:<\/strong><\/h3>\n<h4 data-start=\"1805\" data-end=\"1834\">1. <strong data-start=\"1813\" data-end=\"1834\">Ger\u00e7ek\u00e7i Deneyim:<\/strong><\/h4>\n<ul data-start=\"1835\" data-end=\"1996\">\n<li data-start=\"1835\" data-end=\"1996\"><strong data-start=\"1837\" data-end=\"1860\">Ger\u00e7ek penis dokusu<\/strong> ile tasarlanan bu dildo, kullan\u0131c\u0131s\u0131na ger\u00e7ek\u00e7i bir <strong data-start=\"1913\" data-end=\"1937\">penetrasyon deneyimi<\/strong> sunar. Yumu\u015fak ve esnek silikon yap\u0131s\u0131, do\u011fal hissettirir.<\/li>\n<\/ul>\n<h4 data-start=\"1998\" data-end=\"2028\">2. <strong data-start=\"2006\" data-end=\"2028\">Konforlu Kullan\u0131m:<\/strong><\/h4>\n<ul data-start=\"2029\" data-end=\"2159\">\n<li data-start=\"2029\" data-end=\"2159\"><strong data-start=\"2031\" data-end=\"2050\">Yumu\u015fak silikon<\/strong> malzeme, v\u00fccuda uyum sa\u011flayarak konforlu bir kullan\u0131m sunar. Uzun s\u00fcreli kullan\u0131mlarda bile rahatl\u0131k sa\u011flar.<\/li>\n<\/ul>\n<h4 data-start=\"2161\" data-end=\"2196\">3. <strong data-start=\"2169\" data-end=\"2196\">Eller Serbest Kullan\u0131m:<\/strong><\/h4>\n<ul data-start=\"2197\" data-end=\"2353\">\n<li data-start=\"2197\" data-end=\"2353\"><strong data-start=\"2199\" data-end=\"2218\">Vantuzlu taban\u0131<\/strong> sayesinde, farkl\u0131 y\u00fczeylere kolayca sabitlenebilir ve <strong data-start=\"2273\" data-end=\"2290\">eller serbest<\/strong> \u015fekilde kullan\u0131labilir. Bu \u00f6zellik, kullan\u0131m \u00f6zg\u00fcrl\u00fc\u011f\u00fc sa\u011flar.<\/li>\n<\/ul>\n<h4 data-start=\"2355\" data-end=\"2396\">4. <strong data-start=\"2363\" data-end=\"2396\">\u00c7e\u015fitli Kullan\u0131m Se\u00e7enekleri:<\/strong><\/h4>\n<ul data-start=\"2397\" data-end=\"2577\">\n<li data-start=\"2397\" data-end=\"2577\">Hem <strong data-start=\"2403\" data-end=\"2419\">tek ba\u015f\u0131n\u0131za<\/strong> hem de <strong data-start=\"2427\" data-end=\"2444\">partnerinizle<\/strong> kullan\u0131ma uygun bir \u00fcr\u00fcnd\u00fcr. <strong data-start=\"2474\" data-end=\"2500\">Eller serbest kullan\u0131m<\/strong> imkan\u0131 sayesinde, farkl\u0131 pozisyonlarda ve ortamlarda rahat\u00e7a kullan\u0131labilir.<\/li>\n<\/ul>\n<h4 data-start=\"2579\" data-end=\"2622\">5. <strong data-start=\"2587\" data-end=\"2622\">Dayan\u0131kl\u0131 ve G\u00fcvenilir Malzeme:<\/strong><\/h4>\n<ul data-start=\"2623\" data-end=\"2786\">\n<li data-start=\"2623\" data-end=\"2786\">Y\u00fcksek kaliteli silikon malzeme kullan\u0131larak \u00fcretilmi\u015ftir. Bu, <strong data-start=\"2688\" data-end=\"2716\">dayan\u0131kl\u0131 ve uzun \u00f6m\u00fcrl\u00fc<\/strong> bir \u00fcr\u00fcn sunar. Her kullan\u0131mda g\u00fcvenli bir deneyim ya\u015faman\u0131z\u0131 sa\u011flar.<\/li>\n<\/ul>\n<hr data-start=\"2788\" data-end=\"2791\" \/>\n<h3 data-start=\"2793\" data-end=\"2837\"><strong data-start=\"2797\" data-end=\"2837\">Neden \u015eeffaf Silikon Ger\u00e7ek\u00e7i Dildo?<\/strong><\/h3>\n<p data-start=\"2838\" data-end=\"3207\"><strong data-start=\"2838\" data-end=\"2871\">\u015eeffaf Silikon Ger\u00e7ek\u00e7i Dildo<\/strong>, <strong data-start=\"2873\" data-end=\"2894\">ger\u00e7ek\u00e7i tasar\u0131m\u0131<\/strong>, <strong data-start=\"2896\" data-end=\"2918\">konforlu kullan\u0131m\u0131<\/strong> ve <strong data-start=\"2922\" data-end=\"2941\">vantuzlu taban\u0131<\/strong> ile \u00f6zg\u00fcrl\u00fck sunarak, cinsel ke\u015fiflerinizi zirveye ta\u015f\u0131r. <strong data-start=\"3000\" data-end=\"3027\">Yumu\u015fak silikon malzeme<\/strong>, do\u011fal bir his verirken, <strong data-start=\"3053\" data-end=\"3079\">eller serbest kullan\u0131m<\/strong> sayesinde <strong data-start=\"3090\" data-end=\"3122\">\u00f6zg\u00fcrce ke\u015ffe \u00e7\u0131kabilirsiniz<\/strong>. Bu \u00fcr\u00fcn, cinsel hayat\u0131n\u0131za daha fazla <strong data-start=\"3162\" data-end=\"3170\">zevk<\/strong> ve <strong data-start=\"3174\" data-end=\"3185\">heyecan<\/strong> katmak i\u00e7in idealdir.<\/p>\n<hr data-start=\"3209\" data-end=\"3212\" \/>\n<p data-start=\"3245\" data-end=\"3506\" data-is-last-node=\"\" data-is-only-node=\"\">Ger\u00e7ek\u00e7i Silikon Dildo, Vantuzlu Dildo, \u015eeffaf Silikon Dildo, Cinsel Deneyim, Ger\u00e7ek\u00e7i Seks Oyunca\u011f\u0131, Silikon Dildo, Eller Serbest Seks Oyunca\u011f\u0131, Yumu\u015fak Silikon Dildo, Konforlu Cinsel \u00dcr\u00fcn, Seks Oyunca\u011f\u0131 ile Penetrasyon, Hijyenik Dildo, Dayan\u0131kl\u0131 Seks Oyunca\u011f\u0131<\/p>\n","protected":false},"excerpt":{"rendered":"<p><strong data-start=\"75\" data-end=\"108\">\u015eeffaf Silikon Ger\u00e7ek\u00e7i Dildo<\/strong>, cinsel ke\u015fiflerinizi daha heyecan verici ve tatmin edici hale getirmek i\u00e7in tasarlanm\u0131\u015f \u00f6zel bir \u00fcr\u00fcnd\u00fcr. <strong data-start=\"216\" data-end=\"237\">Ger\u00e7ek\u00e7i tasar\u0131m\u0131<\/strong>, <strong data-start=\"239\" data-end=\"257\">yumu\u015fak yap\u0131s\u0131<\/strong> ve <strong data-start=\"261\" data-end=\"277\">do\u011fal dokusu<\/strong> ile sizi adeta ger\u00e7ek bir penetrasyon deneyimine ta\u015f\u0131r. <strong data-start=\"334\" data-end=\"353\">Vantuzlu taban\u0131<\/strong> sayesinde, <strong data-start=\"365\" data-end=\"391\">eller serbest kullan\u0131m<\/strong> imkan\u0131 sunarak rahat\u00e7a kullan\u0131labilir. Hem tek ba\u015f\u0131n\u0131za hem de partnerinizle keyifli anlar ya\u015faman\u0131za olanak tan\u0131r.<\/p>\n","protected":false},"featured_media":18665,"comment_status":"open","ping_status":"closed","template":"","meta":[],"product_brand":[127],"product_cat":[96],"product_tag":[173],"class_list":{"0":"post-18531","1":"product","2":"type-product","3":"status-publish","4":"has-post-thumbnail","6":"product_brand-pembe-tilki","7":"product_cat-realistik-dildo","8":"product_tag-seffaf-pembe-silikon-gercekci-dildo-14cm","10":"first","11":"instock","12":"taxable","13":"shipping-taxable","14":"purchasable","15":"product-type-simple"},"yoast_head":"<!-- This site is optimized with the Yoast SEO Premium plugin v24.4 (Yoast SEO v27.1.1) - https:\/\/yoast.com\/product\/yoast-seo-premium-wordpress\/ -->\n<title>\u015eeffaf Pembe Silikon Ger\u00e7ek\u00e7i Dildo 14Cm - Bursa Erotik Shop<\/title>\n<meta name=\"robots\" content=\"index, follow, max-snippet:-1, max-image-preview:large, max-video-preview:-1\" \/>\n<link rel=\"canonical\" href=\"https:\/\/hobierotikshop.com.tr\/website1\/erotik-shop-urun\/seffaf-pembe-silikon-gercekci-dildo-14cm\/\" \/>\n<meta property=\"og:locale\" content=\"tr_TR\" \/>\n<meta property=\"og:type\" content=\"article\" \/>\n<meta property=\"og:title\" content=\"\u015eeffaf Pembe Silikon Ger\u00e7ek\u00e7i Dildo 14Cm\" \/>\n<meta property=\"og:description\" content=\"\u015eeffaf Silikon Ger\u00e7ek\u00e7i Dildo, cinsel ke\u015fiflerinizi daha heyecan verici ve tatmin edici hale getirmek i\u00e7in tasarlanm\u0131\u015f \u00f6zel bir \u00fcr\u00fcnd\u00fcr. Ger\u00e7ek\u00e7i tasar\u0131m\u0131, yumu\u015fak yap\u0131s\u0131 ve do\u011fal dokusu ile sizi adeta ger\u00e7ek bir penetrasyon deneyimine ta\u015f\u0131r. Vantuzlu taban\u0131 sayesinde, eller serbest kullan\u0131m imkan\u0131 sunarak rahat\u00e7a kullan\u0131labilir. Hem tek ba\u015f\u0131n\u0131za hem de partnerinizle keyifli anlar ya\u015faman\u0131za olanak tan\u0131r.\" \/>\n<meta property=\"og:url\" content=\"https:\/\/hobierotikshop.com.tr\/website1\/erotik-shop-urun\/seffaf-pembe-silikon-gercekci-dildo-14cm\/\" \/>\n<meta property=\"og:site_name\" content=\"Bursa Erotik Shop\" \/>\n<meta property=\"article:modified_time\" content=\"2026-01-27T08:38:19+00:00\" \/>\n<meta property=\"og:image\" content=\"https:\/\/hobierotikshop.com.tr\/website1\/wp-content\/uploads\/2025\/03\/seffaf-pembe-silikon-gercekci-dildo-14cm-1727-2.jpg\" \/>\n\t<meta property=\"og:image:width\" content=\"1500\" \/>\n\t<meta property=\"og:image:height\" content=\"1500\" \/>\n\t<meta property=\"og:image:type\" content=\"image\/jpeg\" \/>\n<meta name=\"twitter:card\" content=\"summary_large_image\" \/>\n<meta name=\"twitter:site\" content=\"@shopbursa\" \/>\n<meta name=\"twitter:label1\" content=\"Fiyat\" \/>\n\t<meta name=\"twitter:data1\" content=\"&#8378;1.000,00 KDV DAH\u0130L\" \/>\n\t<meta name=\"twitter:label2\" content=\"Availability\" \/>\n\t<meta name=\"twitter:data2\" content=\"In stock\" \/>\n<script type=\"application\/ld+json\" class=\"yoast-schema-graph\">{\"@context\":\"https:\/\/schema.org\",\"@graph\":[{\"@type\":\"WebPage\",\"@id\":\"https:\/\/hobierotikshop.com.tr\/website1\/erotik-shop-urun\/seffaf-pembe-silikon-gercekci-dildo-14cm\/\",\"url\":\"https:\/\/hobierotikshop.com.tr\/website1\/erotik-shop-urun\/seffaf-pembe-silikon-gercekci-dildo-14cm\/\",\"name\":\"\u015eeffaf Pembe Silikon Ger\u00e7ek\u00e7i Dildo 14Cm - Bursa Erotik Shop\",\"isPartOf\":{\"@id\":\"https:\/\/hobierotikshop.com.tr\/website1\/#website\"},\"primaryImageOfPage\":{\"@id\":\"https:\/\/hobierotikshop.com.tr\/website1\/erotik-shop-urun\/seffaf-pembe-silikon-gercekci-dildo-14cm\/#primaryimage\"},\"image\":{\"@id\":\"https:\/\/hobierotikshop.com.tr\/website1\/erotik-shop-urun\/seffaf-pembe-silikon-gercekci-dildo-14cm\/#primaryimage\"},\"thumbnailUrl\":\"https:\/\/haremerotikshop.com\/site\/wp-content\/uploads\/2025\/03\/seffaf-pembe-silikon-gercekci-dildo-14cm-1727-2.jpg\",\"datePublished\":\"2025-03-17T09:19:06+00:00\",\"dateModified\":\"2026-01-27T08:38:19+00:00\",\"breadcrumb\":{\"@id\":\"https:\/\/hobierotikshop.com.tr\/website1\/erotik-shop-urun\/seffaf-pembe-silikon-gercekci-dildo-14cm\/#breadcrumb\"},\"inLanguage\":\"tr\",\"potentialAction\":[{\"@type\":\"ReadAction\",\"target\":[\"https:\/\/hobierotikshop.com.tr\/website1\/erotik-shop-urun\/seffaf-pembe-silikon-gercekci-dildo-14cm\/\"]}]},{\"@type\":\"ImageObject\",\"inLanguage\":\"tr\",\"@id\":\"https:\/\/hobierotikshop.com.tr\/website1\/erotik-shop-urun\/seffaf-pembe-silikon-gercekci-dildo-14cm\/#primaryimage\",\"url\":\"https:\/\/haremerotikshop.com\/site\/wp-content\/uploads\/2025\/03\/seffaf-pembe-silikon-gercekci-dildo-14cm-1727-2.jpg\",\"contentUrl\":\"https:\/\/haremerotikshop.com\/site\/wp-content\/uploads\/2025\/03\/seffaf-pembe-silikon-gercekci-dildo-14cm-1727-2.jpg\",\"width\":1500,\"height\":1500},{\"@type\":\"BreadcrumbList\",\"@id\":\"https:\/\/hobierotikshop.com.tr\/website1\/erotik-shop-urun\/seffaf-pembe-silikon-gercekci-dildo-14cm\/#breadcrumb\",\"itemListElement\":[{\"@type\":\"ListItem\",\"position\":1,\"name\":\"Anasayfa\",\"item\":\"https:\/\/hobierotikshop.com.tr\/website1\/\"},{\"@type\":\"ListItem\",\"position\":2,\"name\":\"Erotik Shop \u00dcr\u00fcnleri\",\"item\":\"https:\/\/hobierotikshop.com.tr\/website1\/shop\/\"},{\"@type\":\"ListItem\",\"position\":3,\"name\":\"\u015eeffaf Pembe Silikon Ger\u00e7ek\u00e7i Dildo 14Cm\"}]},{\"@type\":\"WebSite\",\"@id\":\"https:\/\/hobierotikshop.com.tr\/website1\/#website\",\"url\":\"https:\/\/hobierotikshop.com.tr\/website1\/\",\"name\":\"Bursa Erotik Shop\",\"description\":\"Bursa Erotik Shop ile g\u00fcvenli, gizli ve kaliteli yeti\u015fkin \u00fcr\u00fcnleri al\u0131\u015fveri\u015fi! Geni\u015f \u00fcr\u00fcn yelpazemizi ke\u015ffedin, hemen sipari\u015f verin\",\"publisher\":{\"@id\":\"https:\/\/hobierotikshop.com.tr\/website1\/#organization\"},\"alternateName\":\"Erotik Shop\",\"potentialAction\":[{\"@type\":\"SearchAction\",\"target\":{\"@type\":\"EntryPoint\",\"urlTemplate\":\"https:\/\/hobierotikshop.com.tr\/website1\/?s={search_term_string}\"},\"query-input\":{\"@type\":\"PropertyValueSpecification\",\"valueRequired\":true,\"valueName\":\"search_term_string\"}}],\"inLanguage\":\"tr\"},{\"@type\":\"Organization\",\"@id\":\"https:\/\/hobierotikshop.com.tr\/website1\/#organization\",\"name\":\"Harem Bursa Erotik Shop\",\"url\":\"https:\/\/hobierotikshop.com.tr\/website1\/\",\"logo\":{\"@type\":\"ImageObject\",\"inLanguage\":\"tr\",\"@id\":\"https:\/\/hobierotikshop.com.tr\/website1\/#\/schema\/logo\/image\/\",\"url\":\"https:\/\/haremerotikshop.com\/site\/wp-content\/uploads\/2025\/03\/haremsexshop.png\",\"contentUrl\":\"https:\/\/haremerotikshop.com\/site\/wp-content\/uploads\/2025\/03\/haremsexshop.png\",\"width\":400,\"height\":100,\"caption\":\"Harem Bursa Erotik Shop\"},\"image\":{\"@id\":\"https:\/\/hobierotikshop.com.tr\/website1\/#\/schema\/logo\/image\/\"},\"sameAs\":[\"https:\/\/x.com\/shopbursa\"],\"publishingPrinciples\":\"https:\/\/hobierotikshop.com.tr\/website1\/mesafeli-satis-sozlesmesi\/\",\"ownershipFundingInfo\":\"https:\/\/hobierotikshop.com.tr\/website1\/contact-us\/\",\"actionableFeedbackPolicy\":\"https:\/\/hobierotikshop.com.tr\/website1\/contact-us\/\",\"correctionsPolicy\":\"https:\/\/hobierotikshop.com.tr\/website1\/mesafeli-satis-sozlesmesi\/\"}]}<\/script>\n<meta property=\"product:brand\" content=\"Pembe Tilki\" \/>\n<meta property=\"product:price:amount\" content=\"1000.00\" \/>\n<meta property=\"product:price:currency\" content=\"TRY\" \/>\n<meta property=\"og:availability\" content=\"instock\" \/>\n<meta property=\"product:availability\" content=\"instock\" \/>\n<meta property=\"product:retailer_item_id\" content=\"PT-DVXD001PNK\" \/>\n<meta property=\"product:condition\" content=\"new\" \/>\n<!-- \/ Yoast SEO Premium plugin. -->","yoast_head_json":{"title":"\u015eeffaf Pembe Silikon Ger\u00e7ek\u00e7i Dildo 14Cm - Bursa Erotik Shop","robots":{"index":"index","follow":"follow","max-snippet":"max-snippet:-1","max-image-preview":"max-image-preview:large","max-video-preview":"max-video-preview:-1"},"canonical":"https:\/\/hobierotikshop.com.tr\/website1\/erotik-shop-urun\/seffaf-pembe-silikon-gercekci-dildo-14cm\/","og_locale":"tr_TR","og_type":"article","og_title":"\u015eeffaf Pembe Silikon Ger\u00e7ek\u00e7i Dildo 14Cm","og_description":"\u015eeffaf Silikon Ger\u00e7ek\u00e7i Dildo, cinsel ke\u015fiflerinizi daha heyecan verici ve tatmin edici hale getirmek i\u00e7in tasarlanm\u0131\u015f \u00f6zel bir \u00fcr\u00fcnd\u00fcr. Ger\u00e7ek\u00e7i tasar\u0131m\u0131, yumu\u015fak yap\u0131s\u0131 ve do\u011fal dokusu ile sizi adeta ger\u00e7ek bir penetrasyon deneyimine ta\u015f\u0131r. Vantuzlu taban\u0131 sayesinde, eller serbest kullan\u0131m imkan\u0131 sunarak rahat\u00e7a kullan\u0131labilir. Hem tek ba\u015f\u0131n\u0131za hem de partnerinizle keyifli anlar ya\u015faman\u0131za olanak tan\u0131r.","og_url":"https:\/\/hobierotikshop.com.tr\/website1\/erotik-shop-urun\/seffaf-pembe-silikon-gercekci-dildo-14cm\/","og_site_name":"Bursa Erotik Shop","article_modified_time":"2026-01-27T08:38:19+00:00","og_image":[{"width":1500,"height":1500,"url":"https:\/\/hobierotikshop.com.tr\/website1\/wp-content\/uploads\/2025\/03\/seffaf-pembe-silikon-gercekci-dildo-14cm-1727-2.jpg","type":"image\/jpeg"}],"twitter_card":"summary_large_image","twitter_site":"@shopbursa","twitter_misc":{"Fiyat":"&#8378;1.000,00 KDV DAH\u0130L","Availability":"In stock"},"schema":{"@context":"https:\/\/schema.org","@graph":[{"@type":"WebPage","@id":"https:\/\/hobierotikshop.com.tr\/website1\/erotik-shop-urun\/seffaf-pembe-silikon-gercekci-dildo-14cm\/","url":"https:\/\/hobierotikshop.com.tr\/website1\/erotik-shop-urun\/seffaf-pembe-silikon-gercekci-dildo-14cm\/","name":"\u015eeffaf Pembe Silikon Ger\u00e7ek\u00e7i Dildo 14Cm - Bursa Erotik Shop","isPartOf":{"@id":"https:\/\/hobierotikshop.com.tr\/website1\/#website"},"primaryImageOfPage":{"@id":"https:\/\/hobierotikshop.com.tr\/website1\/erotik-shop-urun\/seffaf-pembe-silikon-gercekci-dildo-14cm\/#primaryimage"},"image":{"@id":"https:\/\/hobierotikshop.com.tr\/website1\/erotik-shop-urun\/seffaf-pembe-silikon-gercekci-dildo-14cm\/#primaryimage"},"thumbnailUrl":"https:\/\/haremerotikshop.com\/site\/wp-content\/uploads\/2025\/03\/seffaf-pembe-silikon-gercekci-dildo-14cm-1727-2.jpg","datePublished":"2025-03-17T09:19:06+00:00","dateModified":"2026-01-27T08:38:19+00:00","breadcrumb":{"@id":"https:\/\/hobierotikshop.com.tr\/website1\/erotik-shop-urun\/seffaf-pembe-silikon-gercekci-dildo-14cm\/#breadcrumb"},"inLanguage":"tr","potentialAction":[{"@type":"ReadAction","target":["https:\/\/hobierotikshop.com.tr\/website1\/erotik-shop-urun\/seffaf-pembe-silikon-gercekci-dildo-14cm\/"]}]},{"@type":"ImageObject","inLanguage":"tr","@id":"https:\/\/hobierotikshop.com.tr\/website1\/erotik-shop-urun\/seffaf-pembe-silikon-gercekci-dildo-14cm\/#primaryimage","url":"https:\/\/haremerotikshop.com\/site\/wp-content\/uploads\/2025\/03\/seffaf-pembe-silikon-gercekci-dildo-14cm-1727-2.jpg","contentUrl":"https:\/\/haremerotikshop.com\/site\/wp-content\/uploads\/2025\/03\/seffaf-pembe-silikon-gercekci-dildo-14cm-1727-2.jpg","width":1500,"height":1500},{"@type":"BreadcrumbList","@id":"https:\/\/hobierotikshop.com.tr\/website1\/erotik-shop-urun\/seffaf-pembe-silikon-gercekci-dildo-14cm\/#breadcrumb","itemListElement":[{"@type":"ListItem","position":1,"name":"Anasayfa","item":"https:\/\/hobierotikshop.com.tr\/website1\/"},{"@type":"ListItem","position":2,"name":"Erotik Shop \u00dcr\u00fcnleri","item":"https:\/\/hobierotikshop.com.tr\/website1\/shop\/"},{"@type":"ListItem","position":3,"name":"\u015eeffaf Pembe Silikon Ger\u00e7ek\u00e7i Dildo 14Cm"}]},{"@type":"WebSite","@id":"https:\/\/hobierotikshop.com.tr\/website1\/#website","url":"https:\/\/hobierotikshop.com.tr\/website1\/","name":"Bursa Erotik Shop","description":"Bursa Erotik Shop ile g\u00fcvenli, gizli ve kaliteli yeti\u015fkin \u00fcr\u00fcnleri al\u0131\u015fveri\u015fi! Geni\u015f \u00fcr\u00fcn yelpazemizi ke\u015ffedin, hemen sipari\u015f verin","publisher":{"@id":"https:\/\/hobierotikshop.com.tr\/website1\/#organization"},"alternateName":"Erotik Shop","potentialAction":[{"@type":"SearchAction","target":{"@type":"EntryPoint","urlTemplate":"https:\/\/hobierotikshop.com.tr\/website1\/?s={search_term_string}"},"query-input":{"@type":"PropertyValueSpecification","valueRequired":true,"valueName":"search_term_string"}}],"inLanguage":"tr"},{"@type":"Organization","@id":"https:\/\/hobierotikshop.com.tr\/website1\/#organization","name":"Harem Bursa Erotik Shop","url":"https:\/\/hobierotikshop.com.tr\/website1\/","logo":{"@type":"ImageObject","inLanguage":"tr","@id":"https:\/\/hobierotikshop.com.tr\/website1\/#\/schema\/logo\/image\/","url":"https:\/\/haremerotikshop.com\/site\/wp-content\/uploads\/2025\/03\/haremsexshop.png","contentUrl":"https:\/\/haremerotikshop.com\/site\/wp-content\/uploads\/2025\/03\/haremsexshop.png","width":400,"height":100,"caption":"Harem Bursa Erotik Shop"},"image":{"@id":"https:\/\/hobierotikshop.com.tr\/website1\/#\/schema\/logo\/image\/"},"sameAs":["https:\/\/x.com\/shopbursa"],"publishingPrinciples":"https:\/\/hobierotikshop.com.tr\/website1\/mesafeli-satis-sozlesmesi\/","ownershipFundingInfo":"https:\/\/hobierotikshop.com.tr\/website1\/contact-us\/","actionableFeedbackPolicy":"https:\/\/hobierotikshop.com.tr\/website1\/contact-us\/","correctionsPolicy":"https:\/\/hobierotikshop.com.tr\/website1\/mesafeli-satis-sozlesmesi\/"}]},"product_brand":"Pembe Tilki","product_price_amount":"1000.00","product_price_currency":"TRY","og_availability":"instock","product_availability":"instock","product_retailer_item_id":"PT-DVXD001PNK","product_condition":"new"},"_links":{"self":[{"href":"https:\/\/haremerotikshop.com\/site\/wp-json\/wp\/v2\/product\/18531","targetHints":{"allow":["GET"]}}],"collection":[{"href":"https:\/\/haremerotikshop.com\/site\/wp-json\/wp\/v2\/product"}],"about":[{"href":"https:\/\/haremerotikshop.com\/site\/wp-json\/wp\/v2\/types\/product"}],"replies":[{"embeddable":true,"href":"https:\/\/haremerotikshop.com\/site\/wp-json\/wp\/v2\/comments?post=18531"}],"version-history":[{"count":0,"href":"https:\/\/haremerotikshop.com\/site\/wp-json\/wp\/v2\/product\/18531\/revisions"}],"wp:featuredmedia":[{"embeddable":true,"href":"https:\/\/haremerotikshop.com\/site\/wp-json\/wp\/v2\/media\/18665"}],"wp:attachment":[{"href":"https:\/\/haremerotikshop.com\/site\/wp-json\/wp\/v2\/media?parent=18531"}],"wp:term":[{"taxonomy":"product_brand","embeddable":true,"href":"https:\/\/haremerotikshop.com\/site\/wp-json\/wp\/v2\/product_brand?post=18531"},{"taxonomy":"product_cat","embeddable":true,"href":"https:\/\/haremerotikshop.com\/site\/wp-json\/wp\/v2\/product_cat?post=18531"},{"taxonomy":"product_tag","embeddable":true,"href":"https:\/\/haremerotikshop.com\/site\/wp-json\/wp\/v2\/product_tag?post=18531"}],"curies":[{"name":"wp","href":"https:\/\/api.w.org\/{rel}","templated":true}]}}