{"id":18534,"date":"2025-03-17T12:19:06","date_gmt":"2025-03-17T09:19:06","guid":{"rendered":"https:\/\/haremerotikshop.com\/site\/?post_type=product&#038;p=18534"},"modified":"2026-01-27T11:42:42","modified_gmt":"2026-01-27T08:42:42","slug":"silikon-penis-ve-testis-halkasi-kirmizi","status":"publish","type":"product","link":"https:\/\/haremerotikshop.com\/site\/erotik-shop-urun\/silikon-penis-ve-testis-halkasi-kirmizi\/","title":{"rendered":"Silikon Penis Ve Testis Halkas\u0131 K\u0131rm\u0131z\u0131"},"content":{"rendered":"<h3 data-start=\"0\" data-end=\"82\"><strong data-start=\"4\" data-end=\"82\">Silikon Penis ve Testis Halkas\u0131 \u2013 Performans ve Konfor \u0130\u00e7in M\u00fckemmel Se\u00e7im<\/strong><\/h3>\n<p data-start=\"84\" data-end=\"505\"><strong data-start=\"84\" data-end=\"119\">Silikon Penis ve Testis Halkas\u0131<\/strong>, cinsel sa\u011fl\u0131k ve tatmini art\u0131rmak i\u00e7in tasarlanm\u0131\u015f, y\u00fcksek kaliteli silikon malzemeden \u00fcretilmi\u015f \u00f6zel bir \u00fcr\u00fcnd\u00fcr. Esnek ve yumu\u015fak yap\u0131s\u0131 sayesinde penisi ve testisleri rahat\u00e7a kavrayarak kullan\u0131c\u0131ya <strong data-start=\"322\" data-end=\"341\">maksimum konfor<\/strong> ve <strong data-start=\"345\" data-end=\"373\">geli\u015ftirilmi\u015f performans<\/strong> sunar. Bu etkili halkalar, cinsel deneyiminizi zirveye ta\u015f\u0131yarak hem uzun s\u00fcreli ereksiyon deste\u011fi sa\u011flar hem de zevkinizi art\u0131r\u0131r.<\/p>\n<hr data-start=\"507\" data-end=\"510\" \/>\n<h3 data-start=\"512\" data-end=\"537\"><strong data-start=\"516\" data-end=\"537\">\u00dcr\u00fcn \u00d6zellikleri:<\/strong><\/h3>\n<h4 data-start=\"539\" data-end=\"584\">1. <strong data-start=\"547\" data-end=\"584\">Esnek ve Yumu\u015fak Silikon Malzeme:<\/strong><\/h4>\n<ul data-start=\"585\" data-end=\"800\">\n<li data-start=\"585\" data-end=\"702\">\u00dcr\u00fcn, <strong data-start=\"593\" data-end=\"621\">esnek ve yumu\u015fak silikon<\/strong> malzeme ile \u00fcretilmi\u015ftir. Bu, cildinize zarar vermeden rahat bir kullan\u0131m sunar.<\/li>\n<li data-start=\"703\" data-end=\"800\">Cildinizle m\u00fckemmel uyum sa\u011flayarak her zaman <strong data-start=\"751\" data-end=\"775\">konforlu bir deneyim<\/strong> ya\u015faman\u0131z\u0131 garanti eder.<\/li>\n<\/ul>\n<h4 data-start=\"802\" data-end=\"839\">2. <strong data-start=\"810\" data-end=\"839\">Etkili Ereksiyon Deste\u011fi:<\/strong><\/h4>\n<ul data-start=\"840\" data-end=\"1172\">\n<li data-start=\"840\" data-end=\"1084\">Silikon penis ve testis halkas\u0131, <strong data-start=\"875\" data-end=\"903\">penisi s\u0131k\u0131ca kavrayarak<\/strong> g\u00fc\u00e7l\u00fc bir ereksiyon sa\u011flar. Bu \u00f6zellik, hem cinsel ili\u015fki s\u0131ras\u0131nda <strong data-start=\"972\" data-end=\"1002\">daha uzun s\u00fcreli ereksiyon<\/strong> ya\u015faman\u0131za yard\u0131mc\u0131 olur, hem de <strong data-start=\"1036\" data-end=\"1060\">orgazm\u0131 geciktirerek<\/strong> tatmin s\u00fcrenizi uzat\u0131r.<\/li>\n<li data-start=\"1085\" data-end=\"1172\">Cinsel performans\u0131n\u0131z\u0131 art\u0131rarak <strong data-start=\"1120\" data-end=\"1141\">daha tatmin edici<\/strong> bir deneyim ya\u015faman\u0131z\u0131 sa\u011flar.<\/li>\n<\/ul>\n<h4 data-start=\"1174\" data-end=\"1218\">3. <strong data-start=\"1182\" data-end=\"1218\">Kolay Kullan\u0131m ve Takma\/\u00c7\u0131karma:<\/strong><\/h4>\n<ul data-start=\"1219\" data-end=\"1481\">\n<li data-start=\"1219\" data-end=\"1387\"><strong data-start=\"1221\" data-end=\"1238\">Basit tasar\u0131m<\/strong>\u0131 sayesinde halkay\u0131 <strong data-start=\"1258\" data-end=\"1292\">kolayca tak\u0131p \u00e7\u0131karabilirsiniz<\/strong>. Kullan\u0131c\u0131 dostu yap\u0131s\u0131, <strong data-start=\"1318\" data-end=\"1341\">herhangi bir zorluk<\/strong> ya\u015fanmadan rahat\u00e7a kullan\u0131labilmesini sa\u011flar.<\/li>\n<li data-start=\"1388\" data-end=\"1481\">Takma ve \u00e7\u0131karma i\u015flemi <strong data-start=\"1414\" data-end=\"1433\">h\u0131zl\u0131 ve pratik<\/strong> olup, istenilen zaman diliminde kullan\u0131labilir.<\/li>\n<\/ul>\n<h4 data-start=\"1483\" data-end=\"1520\">4. <strong data-start=\"1491\" data-end=\"1520\">Uzun S\u00fcreli Dayan\u0131kl\u0131l\u0131k:<\/strong><\/h4>\n<ul data-start=\"1521\" data-end=\"1700\">\n<li data-start=\"1521\" data-end=\"1610\">Y\u00fcksek kaliteli silikon malzeme, uzun s\u00fcreli kullan\u0131mda bile <strong data-start=\"1584\" data-end=\"1609\">dayan\u0131kl\u0131l\u0131\u011f\u0131n\u0131 korur<\/strong>.<\/li>\n<li data-start=\"1611\" data-end=\"1700\">Cinsel sa\u011fl\u0131k ve performans deste\u011fi sunan bu halka, uzun \u00f6m\u00fcrl\u00fc bir kullan\u0131m vaat eder.<\/li>\n<\/ul>\n<hr data-start=\"1702\" data-end=\"1705\" \/>\n<h3 data-start=\"1707\" data-end=\"1733\"><strong data-start=\"1711\" data-end=\"1733\">Kullan\u0131m Alanlar\u0131:<\/strong><\/h3>\n<ul data-start=\"1735\" data-end=\"2124\">\n<li data-start=\"1735\" data-end=\"1894\"><strong data-start=\"1737\" data-end=\"1787\">Daha Uzun S\u00fcreli Ereksiyon ve Gecikmi\u015f Orgazm:<\/strong> Cinsel ili\u015fki s\u0131ras\u0131nda <strong data-start=\"1812\" data-end=\"1842\">daha uzun s\u00fcreli ereksiyon<\/strong> sa\u011flar, orgazm\u0131 geciktirir ve deneyiminizi art\u0131r\u0131r.<\/li>\n<li data-start=\"1895\" data-end=\"2010\"><strong data-start=\"1897\" data-end=\"1926\">Cinsel Performans Art\u0131\u015f\u0131:<\/strong> Cinsel sa\u011fl\u0131k ve performans\u0131n\u0131 geli\u015ftirmek isteyen bireyler i\u00e7in ideal bir \u00fcr\u00fcnd\u00fcr.<\/li>\n<li data-start=\"2011\" data-end=\"2124\"><strong data-start=\"2013\" data-end=\"2040\">Ki\u015fisel Tatmin ve Zevk:<\/strong> Kullan\u0131c\u0131lar, daha fazla tatmin ve zevk i\u00e7in bu halkay\u0131 rahatl\u0131kla kullanabilirler.<\/li>\n<\/ul>\n<hr data-start=\"2126\" data-end=\"2129\" \/>\n<h3 data-start=\"2131\" data-end=\"2158\"><strong data-start=\"2135\" data-end=\"2158\">G\u00fcvenlik ve Kalite:<\/strong><\/h3>\n<p data-start=\"2160\" data-end=\"2535\"><strong data-start=\"2160\" data-end=\"2195\">Silikon Penis ve Testis Halkas\u0131<\/strong>, <strong data-start=\"2197\" data-end=\"2224\">y\u00fcksek kaliteli silikon<\/strong> malzemeden \u00fcretilmi\u015ftir. Bu malzeme, <strong data-start=\"2262\" data-end=\"2285\">sa\u011fl\u0131kl\u0131 ve g\u00fcvenli<\/strong> bir deneyim sunar. \u00dcr\u00fcn, <strong data-start=\"2311\" data-end=\"2335\">titiz kalite kontrol<\/strong> s\u00fcre\u00e7lerinden ge\u00e7irilmi\u015f olup, kullan\u0131c\u0131lar\u0131n g\u00fcvenli\u011fi ve memnuniyeti en \u00fcst d\u00fczeyde tutulmu\u015ftur. Hijyenik ve g\u00fcvenilir olmas\u0131 ile \u00f6ne \u00e7\u0131kan bu halka, sa\u011fl\u0131\u011f\u0131n\u0131z\u0131 \u00f6n planda tutarak kullan\u0131m\u0131 sa\u011flar.<\/p>\n<hr data-start=\"2537\" data-end=\"2540\" \/>\n<h3 data-start=\"2542\" data-end=\"2565\"><strong data-start=\"2546\" data-end=\"2565\">\u00dcr\u00fcn Faydalar\u0131:<\/strong><\/h3>\n<ul data-start=\"2567\" data-end=\"3048\">\n<li data-start=\"2567\" data-end=\"2658\"><strong data-start=\"2569\" data-end=\"2589\">G\u00fc\u00e7l\u00fc Ereksiyon:<\/strong> Penisi s\u0131k\u0131ca kavrayarak daha g\u00fc\u00e7l\u00fc ve uzun s\u00fcreli ereksiyon sa\u011flar.<\/li>\n<li data-start=\"2659\" data-end=\"2762\"><strong data-start=\"2661\" data-end=\"2683\">Orgazm Geciktirme:<\/strong> Cinsel ili\u015fkide orgazm\u0131 geciktirir, b\u00f6ylece daha uzun s\u00fcren bir tatmin sa\u011flar.<\/li>\n<li data-start=\"2763\" data-end=\"2854\"><strong data-start=\"2765\" data-end=\"2783\">Y\u00fcksek Konfor:<\/strong> Esnek silikon yap\u0131s\u0131 sayesinde rahats\u0131zl\u0131k vermez, ciltle uyum sa\u011flar.<\/li>\n<li data-start=\"2855\" data-end=\"2930\"><strong data-start=\"2857\" data-end=\"2876\">Kolay Kullan\u0131m:<\/strong> Takma ve \u00e7\u0131karma i\u015flemi son derece kolay ve h\u0131zl\u0131d\u0131r.<\/li>\n<li data-start=\"2931\" data-end=\"3048\"><strong data-start=\"2933\" data-end=\"2971\">Dayan\u0131kl\u0131 ve Uzun S\u00fcreli Kullan\u0131m:<\/strong> Kaliteli silikon malzeme sayesinde uzun s\u00fcre dayan\u0131kl\u0131 bir performans sunar.<\/li>\n<\/ul>\n<hr data-start=\"3050\" data-end=\"3053\" \/>\n<p data-start=\"3086\" data-end=\"3307\" data-is-last-node=\"\" data-is-only-node=\"\">Silikon Penis Halkas\u0131, Testis Halkas\u0131, Ereksiyon Deste\u011fi, Cinsel Performans Art\u0131\u015f\u0131, Orgazm Geciktirme, Y\u00fcksek Kaliteli Silikon, Cinsel Sa\u011fl\u0131k, Cinsel Tatmin, Penis Performans \u00dcr\u00fcn\u00fc, Cinsel Zevk Art\u0131\u015f\u0131, Silikon Cinsel \u00dcr\u00fcn<\/p>\n","protected":false},"excerpt":{"rendered":"<p><strong data-start=\"84\" data-end=\"119\">Silikon Penis ve Testis Halkas\u0131<\/strong>, cinsel sa\u011fl\u0131k ve tatmini art\u0131rmak i\u00e7in tasarlanm\u0131\u015f, y\u00fcksek kaliteli silikon malzemeden \u00fcretilmi\u015f \u00f6zel bir \u00fcr\u00fcnd\u00fcr. Esnek ve yumu\u015fak yap\u0131s\u0131 sayesinde penisi ve testisleri rahat\u00e7a kavrayarak kullan\u0131c\u0131ya <strong data-start=\"322\" data-end=\"341\">maksimum konfor<\/strong> ve <strong data-start=\"345\" data-end=\"373\">geli\u015ftirilmi\u015f performans<\/strong> sunar. Bu etkili halkalar, cinsel deneyiminizi zirveye ta\u015f\u0131yarak hem uzun s\u00fcreli ereksiyon deste\u011fi sa\u011flar hem de zevkinizi art\u0131r\u0131r.<\/p>\n","protected":false},"featured_media":18674,"comment_status":"open","ping_status":"closed","template":"","meta":[],"product_brand":[127],"product_cat":[121],"product_tag":[176],"class_list":{"0":"post-18534","1":"product","2":"type-product","3":"status-publish","4":"has-post-thumbnail","6":"product_brand-pembe-tilki","7":"product_cat-penis-halkasi","8":"product_tag-silikon-penis-ve-testis-halkasi-kirmizi","10":"first","11":"instock","12":"taxable","13":"shipping-taxable","14":"purchasable","15":"product-type-simple"},"yoast_head":"<!-- This site is optimized with the Yoast SEO Premium plugin v24.4 (Yoast SEO v27.1.1) - https:\/\/yoast.com\/product\/yoast-seo-premium-wordpress\/ -->\n<title>Silikon Penis Ve Testis Halkas\u0131 K\u0131rm\u0131z\u0131 - Bursa Erotik Shop<\/title>\n<meta name=\"robots\" content=\"index, follow, max-snippet:-1, max-image-preview:large, max-video-preview:-1\" \/>\n<link rel=\"canonical\" href=\"https:\/\/hobierotikshop.com.tr\/website1\/erotik-shop-urun\/silikon-penis-ve-testis-halkasi-kirmizi\/\" \/>\n<meta property=\"og:locale\" content=\"tr_TR\" \/>\n<meta property=\"og:type\" content=\"article\" \/>\n<meta property=\"og:title\" content=\"Silikon Penis Ve Testis Halkas\u0131 K\u0131rm\u0131z\u0131\" \/>\n<meta property=\"og:description\" content=\"Silikon Penis ve Testis Halkas\u0131, cinsel sa\u011fl\u0131k ve tatmini art\u0131rmak i\u00e7in tasarlanm\u0131\u015f, y\u00fcksek kaliteli silikon malzemeden \u00fcretilmi\u015f \u00f6zel bir \u00fcr\u00fcnd\u00fcr. Esnek ve yumu\u015fak yap\u0131s\u0131 sayesinde penisi ve testisleri rahat\u00e7a kavrayarak kullan\u0131c\u0131ya maksimum konfor ve geli\u015ftirilmi\u015f performans sunar. Bu etkili halkalar, cinsel deneyiminizi zirveye ta\u015f\u0131yarak hem uzun s\u00fcreli ereksiyon deste\u011fi sa\u011flar hem de zevkinizi art\u0131r\u0131r.\" \/>\n<meta property=\"og:url\" content=\"https:\/\/hobierotikshop.com.tr\/website1\/erotik-shop-urun\/silikon-penis-ve-testis-halkasi-kirmizi\/\" \/>\n<meta property=\"og:site_name\" content=\"Bursa Erotik Shop\" \/>\n<meta property=\"article:modified_time\" content=\"2026-01-27T08:42:42+00:00\" \/>\n<meta property=\"og:image\" content=\"https:\/\/hobierotikshop.com.tr\/website1\/wp-content\/uploads\/2025\/03\/silikon-penis-ve-testis-halkasi-kirmizi-1757-2.jpg\" \/>\n\t<meta property=\"og:image:width\" content=\"1500\" \/>\n\t<meta property=\"og:image:height\" content=\"1500\" \/>\n\t<meta property=\"og:image:type\" content=\"image\/jpeg\" \/>\n<meta name=\"twitter:card\" content=\"summary_large_image\" \/>\n<meta name=\"twitter:site\" content=\"@shopbursa\" \/>\n<meta name=\"twitter:label1\" content=\"Fiyat\" \/>\n\t<meta name=\"twitter:data1\" content=\"&#8378;250,00 KDV DAH\u0130L\" \/>\n\t<meta name=\"twitter:label2\" content=\"Availability\" \/>\n\t<meta name=\"twitter:data2\" content=\"In stock\" \/>\n<script type=\"application\/ld+json\" class=\"yoast-schema-graph\">{\"@context\":\"https:\/\/schema.org\",\"@graph\":[{\"@type\":\"WebPage\",\"@id\":\"https:\/\/hobierotikshop.com.tr\/website1\/erotik-shop-urun\/silikon-penis-ve-testis-halkasi-kirmizi\/\",\"url\":\"https:\/\/hobierotikshop.com.tr\/website1\/erotik-shop-urun\/silikon-penis-ve-testis-halkasi-kirmizi\/\",\"name\":\"Silikon Penis Ve Testis Halkas\u0131 K\u0131rm\u0131z\u0131 - Bursa Erotik Shop\",\"isPartOf\":{\"@id\":\"https:\/\/bursashop.com\/web\/#website\"},\"primaryImageOfPage\":{\"@id\":\"https:\/\/hobierotikshop.com.tr\/website1\/erotik-shop-urun\/silikon-penis-ve-testis-halkasi-kirmizi\/#primaryimage\"},\"image\":{\"@id\":\"https:\/\/hobierotikshop.com.tr\/website1\/erotik-shop-urun\/silikon-penis-ve-testis-halkasi-kirmizi\/#primaryimage\"},\"thumbnailUrl\":\"https:\/\/haremerotikshop.com\/site\/wp-content\/uploads\/2025\/03\/silikon-penis-ve-testis-halkasi-kirmizi-1757-2.jpg\",\"datePublished\":\"2025-03-17T09:19:06+00:00\",\"dateModified\":\"2026-01-27T08:42:42+00:00\",\"breadcrumb\":{\"@id\":\"https:\/\/hobierotikshop.com.tr\/website1\/erotik-shop-urun\/silikon-penis-ve-testis-halkasi-kirmizi\/#breadcrumb\"},\"inLanguage\":\"tr\",\"potentialAction\":[{\"@type\":\"ReadAction\",\"target\":[\"https:\/\/hobierotikshop.com.tr\/website1\/erotik-shop-urun\/silikon-penis-ve-testis-halkasi-kirmizi\/\"]}]},{\"@type\":\"ImageObject\",\"inLanguage\":\"tr\",\"@id\":\"https:\/\/hobierotikshop.com.tr\/website1\/erotik-shop-urun\/silikon-penis-ve-testis-halkasi-kirmizi\/#primaryimage\",\"url\":\"https:\/\/haremerotikshop.com\/site\/wp-content\/uploads\/2025\/03\/silikon-penis-ve-testis-halkasi-kirmizi-1757-2.jpg\",\"contentUrl\":\"https:\/\/haremerotikshop.com\/site\/wp-content\/uploads\/2025\/03\/silikon-penis-ve-testis-halkasi-kirmizi-1757-2.jpg\",\"width\":1500,\"height\":1500},{\"@type\":\"BreadcrumbList\",\"@id\":\"https:\/\/hobierotikshop.com.tr\/website1\/erotik-shop-urun\/silikon-penis-ve-testis-halkasi-kirmizi\/#breadcrumb\",\"itemListElement\":[{\"@type\":\"ListItem\",\"position\":1,\"name\":\"Anasayfa\",\"item\":\"https:\/\/hobierotikshop.com.tr\/website1\/\"},{\"@type\":\"ListItem\",\"position\":2,\"name\":\"Erotik Shop \u00dcr\u00fcnleri\",\"item\":\"https:\/\/hobierotikshop.com.tr\/website1\/shop\/\"},{\"@type\":\"ListItem\",\"position\":3,\"name\":\"Silikon Penis Ve Testis Halkas\u0131 K\u0131rm\u0131z\u0131\"}]},{\"@type\":\"WebSite\",\"@id\":\"https:\/\/bursashop.com\/web\/#website\",\"url\":\"https:\/\/bursashop.com\/web\/\",\"name\":\"Bursa Erotik Shop\",\"description\":\"Bursa Erotik Shop ile g\u00fcvenli, gizli ve kaliteli yeti\u015fkin \u00fcr\u00fcnleri al\u0131\u015fveri\u015fi! Geni\u015f \u00fcr\u00fcn yelpazemizi ke\u015ffedin, hemen sipari\u015f verin\",\"publisher\":{\"@id\":\"https:\/\/bursashop.com\/web\/#organization\"},\"alternateName\":\"Erotik Shop\",\"potentialAction\":[{\"@type\":\"SearchAction\",\"target\":{\"@type\":\"EntryPoint\",\"urlTemplate\":\"https:\/\/bursashop.com\/web\/?s={search_term_string}\"},\"query-input\":{\"@type\":\"PropertyValueSpecification\",\"valueRequired\":true,\"valueName\":\"search_term_string\"}}],\"inLanguage\":\"tr\"},{\"@type\":\"Organization\",\"@id\":\"https:\/\/bursashop.com\/web\/#organization\",\"name\":\"Harem Bursa Erotik Shop\",\"url\":\"https:\/\/bursashop.com\/web\/\",\"logo\":{\"@type\":\"ImageObject\",\"inLanguage\":\"tr\",\"@id\":\"https:\/\/bursashop.com\/web\/#\/schema\/logo\/image\/\",\"url\":\"https:\/\/haremerotikshop.com\/site\/wp-content\/uploads\/2025\/03\/haremsexshop.png\",\"contentUrl\":\"https:\/\/haremerotikshop.com\/site\/wp-content\/uploads\/2025\/03\/haremsexshop.png\",\"width\":400,\"height\":100,\"caption\":\"Harem Bursa Erotik Shop\"},\"image\":{\"@id\":\"https:\/\/bursashop.com\/web\/#\/schema\/logo\/image\/\"},\"sameAs\":[\"https:\/\/x.com\/shopbursa\"],\"publishingPrinciples\":\"https:\/\/hobierotikshop.com.tr\/website1\/mesafeli-satis-sozlesmesi\/\",\"ownershipFundingInfo\":\"https:\/\/hobierotikshop.com.tr\/website1\/contact-us\/\",\"actionableFeedbackPolicy\":\"https:\/\/hobierotikshop.com.tr\/website1\/contact-us\/\",\"correctionsPolicy\":\"https:\/\/hobierotikshop.com.tr\/website1\/mesafeli-satis-sozlesmesi\/\"}]}<\/script>\n<meta property=\"product:brand\" content=\"Pembe Tilki\" \/>\n<meta property=\"product:price:amount\" content=\"250.00\" \/>\n<meta property=\"product:price:currency\" content=\"TRY\" \/>\n<meta property=\"og:availability\" content=\"instock\" \/>\n<meta property=\"product:availability\" content=\"instock\" \/>\n<meta property=\"product:retailer_item_id\" content=\"PT-ECXF016K\" \/>\n<meta property=\"product:condition\" content=\"new\" \/>\n<!-- \/ Yoast SEO Premium plugin. -->","yoast_head_json":{"title":"Silikon Penis Ve Testis Halkas\u0131 K\u0131rm\u0131z\u0131 - Bursa Erotik Shop","robots":{"index":"index","follow":"follow","max-snippet":"max-snippet:-1","max-image-preview":"max-image-preview:large","max-video-preview":"max-video-preview:-1"},"canonical":"https:\/\/hobierotikshop.com.tr\/website1\/erotik-shop-urun\/silikon-penis-ve-testis-halkasi-kirmizi\/","og_locale":"tr_TR","og_type":"article","og_title":"Silikon Penis Ve Testis Halkas\u0131 K\u0131rm\u0131z\u0131","og_description":"Silikon Penis ve Testis Halkas\u0131, cinsel sa\u011fl\u0131k ve tatmini art\u0131rmak i\u00e7in tasarlanm\u0131\u015f, y\u00fcksek kaliteli silikon malzemeden \u00fcretilmi\u015f \u00f6zel bir \u00fcr\u00fcnd\u00fcr. Esnek ve yumu\u015fak yap\u0131s\u0131 sayesinde penisi ve testisleri rahat\u00e7a kavrayarak kullan\u0131c\u0131ya maksimum konfor ve geli\u015ftirilmi\u015f performans sunar. Bu etkili halkalar, cinsel deneyiminizi zirveye ta\u015f\u0131yarak hem uzun s\u00fcreli ereksiyon deste\u011fi sa\u011flar hem de zevkinizi art\u0131r\u0131r.","og_url":"https:\/\/hobierotikshop.com.tr\/website1\/erotik-shop-urun\/silikon-penis-ve-testis-halkasi-kirmizi\/","og_site_name":"Bursa Erotik Shop","article_modified_time":"2026-01-27T08:42:42+00:00","og_image":[{"width":1500,"height":1500,"url":"https:\/\/hobierotikshop.com.tr\/website1\/wp-content\/uploads\/2025\/03\/silikon-penis-ve-testis-halkasi-kirmizi-1757-2.jpg","type":"image\/jpeg"}],"twitter_card":"summary_large_image","twitter_site":"@shopbursa","twitter_misc":{"Fiyat":"&#8378;250,00 KDV DAH\u0130L","Availability":"In stock"},"schema":{"@context":"https:\/\/schema.org","@graph":[{"@type":"WebPage","@id":"https:\/\/hobierotikshop.com.tr\/website1\/erotik-shop-urun\/silikon-penis-ve-testis-halkasi-kirmizi\/","url":"https:\/\/hobierotikshop.com.tr\/website1\/erotik-shop-urun\/silikon-penis-ve-testis-halkasi-kirmizi\/","name":"Silikon Penis Ve Testis Halkas\u0131 K\u0131rm\u0131z\u0131 - Bursa Erotik Shop","isPartOf":{"@id":"https:\/\/bursashop.com\/web\/#website"},"primaryImageOfPage":{"@id":"https:\/\/hobierotikshop.com.tr\/website1\/erotik-shop-urun\/silikon-penis-ve-testis-halkasi-kirmizi\/#primaryimage"},"image":{"@id":"https:\/\/hobierotikshop.com.tr\/website1\/erotik-shop-urun\/silikon-penis-ve-testis-halkasi-kirmizi\/#primaryimage"},"thumbnailUrl":"https:\/\/haremerotikshop.com\/site\/wp-content\/uploads\/2025\/03\/silikon-penis-ve-testis-halkasi-kirmizi-1757-2.jpg","datePublished":"2025-03-17T09:19:06+00:00","dateModified":"2026-01-27T08:42:42+00:00","breadcrumb":{"@id":"https:\/\/hobierotikshop.com.tr\/website1\/erotik-shop-urun\/silikon-penis-ve-testis-halkasi-kirmizi\/#breadcrumb"},"inLanguage":"tr","potentialAction":[{"@type":"ReadAction","target":["https:\/\/hobierotikshop.com.tr\/website1\/erotik-shop-urun\/silikon-penis-ve-testis-halkasi-kirmizi\/"]}]},{"@type":"ImageObject","inLanguage":"tr","@id":"https:\/\/hobierotikshop.com.tr\/website1\/erotik-shop-urun\/silikon-penis-ve-testis-halkasi-kirmizi\/#primaryimage","url":"https:\/\/haremerotikshop.com\/site\/wp-content\/uploads\/2025\/03\/silikon-penis-ve-testis-halkasi-kirmizi-1757-2.jpg","contentUrl":"https:\/\/haremerotikshop.com\/site\/wp-content\/uploads\/2025\/03\/silikon-penis-ve-testis-halkasi-kirmizi-1757-2.jpg","width":1500,"height":1500},{"@type":"BreadcrumbList","@id":"https:\/\/hobierotikshop.com.tr\/website1\/erotik-shop-urun\/silikon-penis-ve-testis-halkasi-kirmizi\/#breadcrumb","itemListElement":[{"@type":"ListItem","position":1,"name":"Anasayfa","item":"https:\/\/hobierotikshop.com.tr\/website1\/"},{"@type":"ListItem","position":2,"name":"Erotik Shop \u00dcr\u00fcnleri","item":"https:\/\/hobierotikshop.com.tr\/website1\/shop\/"},{"@type":"ListItem","position":3,"name":"Silikon Penis Ve Testis Halkas\u0131 K\u0131rm\u0131z\u0131"}]},{"@type":"WebSite","@id":"https:\/\/bursashop.com\/web\/#website","url":"https:\/\/bursashop.com\/web\/","name":"Bursa Erotik Shop","description":"Bursa Erotik Shop ile g\u00fcvenli, gizli ve kaliteli yeti\u015fkin \u00fcr\u00fcnleri al\u0131\u015fveri\u015fi! Geni\u015f \u00fcr\u00fcn yelpazemizi ke\u015ffedin, hemen sipari\u015f verin","publisher":{"@id":"https:\/\/bursashop.com\/web\/#organization"},"alternateName":"Erotik Shop","potentialAction":[{"@type":"SearchAction","target":{"@type":"EntryPoint","urlTemplate":"https:\/\/bursashop.com\/web\/?s={search_term_string}"},"query-input":{"@type":"PropertyValueSpecification","valueRequired":true,"valueName":"search_term_string"}}],"inLanguage":"tr"},{"@type":"Organization","@id":"https:\/\/bursashop.com\/web\/#organization","name":"Harem Bursa Erotik Shop","url":"https:\/\/bursashop.com\/web\/","logo":{"@type":"ImageObject","inLanguage":"tr","@id":"https:\/\/bursashop.com\/web\/#\/schema\/logo\/image\/","url":"https:\/\/haremerotikshop.com\/site\/wp-content\/uploads\/2025\/03\/haremsexshop.png","contentUrl":"https:\/\/haremerotikshop.com\/site\/wp-content\/uploads\/2025\/03\/haremsexshop.png","width":400,"height":100,"caption":"Harem Bursa Erotik Shop"},"image":{"@id":"https:\/\/bursashop.com\/web\/#\/schema\/logo\/image\/"},"sameAs":["https:\/\/x.com\/shopbursa"],"publishingPrinciples":"https:\/\/hobierotikshop.com.tr\/website1\/mesafeli-satis-sozlesmesi\/","ownershipFundingInfo":"https:\/\/hobierotikshop.com.tr\/website1\/contact-us\/","actionableFeedbackPolicy":"https:\/\/hobierotikshop.com.tr\/website1\/contact-us\/","correctionsPolicy":"https:\/\/hobierotikshop.com.tr\/website1\/mesafeli-satis-sozlesmesi\/"}]},"product_brand":"Pembe Tilki","product_price_amount":"250.00","product_price_currency":"TRY","og_availability":"instock","product_availability":"instock","product_retailer_item_id":"PT-ECXF016K","product_condition":"new"},"_links":{"self":[{"href":"https:\/\/haremerotikshop.com\/site\/wp-json\/wp\/v2\/product\/18534","targetHints":{"allow":["GET"]}}],"collection":[{"href":"https:\/\/haremerotikshop.com\/site\/wp-json\/wp\/v2\/product"}],"about":[{"href":"https:\/\/haremerotikshop.com\/site\/wp-json\/wp\/v2\/types\/product"}],"replies":[{"embeddable":true,"href":"https:\/\/haremerotikshop.com\/site\/wp-json\/wp\/v2\/comments?post=18534"}],"version-history":[{"count":0,"href":"https:\/\/haremerotikshop.com\/site\/wp-json\/wp\/v2\/product\/18534\/revisions"}],"wp:featuredmedia":[{"embeddable":true,"href":"https:\/\/haremerotikshop.com\/site\/wp-json\/wp\/v2\/media\/18674"}],"wp:attachment":[{"href":"https:\/\/haremerotikshop.com\/site\/wp-json\/wp\/v2\/media?parent=18534"}],"wp:term":[{"taxonomy":"product_brand","embeddable":true,"href":"https:\/\/haremerotikshop.com\/site\/wp-json\/wp\/v2\/product_brand?post=18534"},{"taxonomy":"product_cat","embeddable":true,"href":"https:\/\/haremerotikshop.com\/site\/wp-json\/wp\/v2\/product_cat?post=18534"},{"taxonomy":"product_tag","embeddable":true,"href":"https:\/\/haremerotikshop.com\/site\/wp-json\/wp\/v2\/product_tag?post=18534"}],"curies":[{"name":"wp","href":"https:\/\/api.w.org\/{rel}","templated":true}]}}