{"id":18566,"date":"2025-03-17T12:19:43","date_gmt":"2025-03-17T09:19:43","guid":{"rendered":"https:\/\/haremerotikshop.com\/site\/?post_type=product&#038;p=18566"},"modified":"2026-01-27T11:36:02","modified_gmt":"2026-01-27T08:36:02","slug":"metal-elmas-tasli-anal-plug-pembe-kucuk-boy","status":"publish","type":"product","link":"https:\/\/haremerotikshop.com\/site\/erotik-shop-urun\/metal-elmas-tasli-anal-plug-pembe-kucuk-boy\/","title":{"rendered":"Metal Elmas Ta\u015fl\u0131 Anal Plug Pembe K\u00fc\u00e7\u00fck Boy"},"content":{"rendered":"<h3 data-start=\"0\" data-end=\"77\"><strong data-start=\"4\" data-end=\"75\">Metal Elmas Ta\u015fl\u0131 Anal Plug Pembe K\u00fc\u00e7\u00fck Boy \u2013 Zarif ve \u015e\u0131k Dokunu\u015f!<\/strong><\/h3>\n<p data-start=\"79\" data-end=\"460\">Cinsel deneyiminizi <strong data-start=\"99\" data-end=\"136\">estetik ve konforlu bir dokunu\u015fla<\/strong> zenginle\u015ftirin! <strong data-start=\"153\" data-end=\"200\">Metal Elmas Ta\u015fl\u0131 Anal Plug Pembe K\u00fc\u00e7\u00fck Boy<\/strong>, <strong data-start=\"202\" data-end=\"278\">\u015f\u0131k tasar\u0131m\u0131, p\u00fcr\u00fczs\u00fcz metal y\u00fczeyi ve g\u00f6z al\u0131c\u0131 pembe elmas ta\u015f\u0131 detay\u0131<\/strong> ile fark yarat\u0131yor. <strong data-start=\"299\" data-end=\"345\">Yeni ba\u015flayanlar ve deneyimli kullan\u0131c\u0131lar<\/strong> i\u00e7in uygun olan bu anal plug, <strong data-start=\"376\" data-end=\"409\">rahat ve g\u00fcvenli bir kullan\u0131m<\/strong> sunarak ke\u015fif s\u00fcrecinizi keyifli hale getiriyor.<\/p>\n<hr data-start=\"462\" data-end=\"465\" \/>\n<h3 data-start=\"467\" data-end=\"498\"><strong data-start=\"471\" data-end=\"496\">\u00d6ne \u00c7\u0131kan \u00d6zellikler:<\/strong><\/h3>\n<p data-start=\"499\" data-end=\"824\">\u2714 <strong data-start=\"501\" data-end=\"513\">Uzunluk:<\/strong> 7 cm<br data-start=\"518\" data-end=\"521\" \/>\u2714 <strong data-start=\"523\" data-end=\"531\">\u00c7ap:<\/strong> 2.7 cm<br data-start=\"538\" data-end=\"541\" \/>\u2714 <strong data-start=\"543\" data-end=\"555\">A\u011f\u0131rl\u0131k:<\/strong> 71 gr<br data-start=\"561\" data-end=\"564\" \/>\u2714 <strong data-start=\"566\" data-end=\"578\">Malzeme:<\/strong> P\u00fcr\u00fczs\u00fcz ve dayan\u0131kl\u0131 metal<br data-start=\"606\" data-end=\"609\" \/>\u2714 <strong data-start=\"611\" data-end=\"623\">Tasar\u0131m:<\/strong> \u015e\u0131k metal g\u00f6vde &amp; g\u00f6z al\u0131c\u0131 pembe elmas ta\u015f\u0131<br data-start=\"668\" data-end=\"671\" \/>\u2714 <strong data-start=\"673\" data-end=\"696\">Kullan\u0131c\u0131 Seviyesi:<\/strong> Yeni ba\u015flayanlar ve orta seviye kullan\u0131c\u0131lar i\u00e7in ideal<br data-start=\"752\" data-end=\"755\" \/>\u2714 <strong data-start=\"757\" data-end=\"776\">Kullan\u0131m Alan\u0131:<\/strong> Solo ke\u015fif ve partnerli oyunlar i\u00e7in m\u00fckemmel<\/p>\n<hr data-start=\"826\" data-end=\"829\" \/>\n<h3 data-start=\"831\" data-end=\"871\"><strong data-start=\"835\" data-end=\"869\">Konforlu ve Ergonomik Kullan\u0131m<\/strong><\/h3>\n<p data-start=\"873\" data-end=\"1274\">\ud83d\udc96 <strong data-start=\"876\" data-end=\"905\">Kompakt ve hafif tasar\u0131m\u0131<\/strong>, anal oyuncak d\u00fcnyas\u0131na yeni ad\u0131m atanlar i\u00e7in <strong data-start=\"953\" data-end=\"986\">rahat ve g\u00fcvenli bir kullan\u0131m<\/strong> sunar.<br data-start=\"993\" data-end=\"996\" \/>\ud83d\udc96 <strong data-start=\"999\" data-end=\"1025\">Ergonomik geni\u015f taban\u0131<\/strong>, kaymay\u0131 \u00f6nler ve g\u00fcvenli bir kullan\u0131m sa\u011flar.<br data-start=\"1072\" data-end=\"1075\" \/>\ud83d\udc96 <strong data-start=\"1078\" data-end=\"1103\">P\u00fcr\u00fczs\u00fcz metal y\u00fczeyi<\/strong>, ciltle uyumlu olup, konforlu bir deneyim sunar.<br data-start=\"1152\" data-end=\"1155\" \/>\ud83d\udc96 <strong data-start=\"1158\" data-end=\"1192\">Metal malzeme \u0131s\u0131ya duyarl\u0131d\u0131r<\/strong>, b\u00f6ylece farkl\u0131 s\u0131cakl\u0131k deneyimleriyle duyular\u0131n\u0131z\u0131 harekete ge\u00e7irebilirsiniz.<\/p>\n<hr data-start=\"1276\" data-end=\"1279\" \/>\n<h3 data-start=\"1281\" data-end=\"1317\"><strong data-start=\"1285\" data-end=\"1315\">Hijyenik ve Kolay Temizlik<\/strong><\/h3>\n<p data-start=\"1319\" data-end=\"1584\">\u2714 <strong data-start=\"1321\" data-end=\"1356\">Suya dayan\u0131kl\u0131 ve kaygan y\u00fczeyi<\/strong> sayesinde h\u0131zl\u0131 ve kolay temizlenir.<br data-start=\"1393\" data-end=\"1396\" \/>\u2714 <strong data-start=\"1398\" data-end=\"1418\">Il\u0131k su ve sabun<\/strong> ile y\u0131kayabilir veya <strong data-start=\"1440\" data-end=\"1472\">\u00f6zel oyuncak temizleyicileri<\/strong> kullanabilirsiniz.<br data-start=\"1491\" data-end=\"1494\" \/>\u2714 <strong data-start=\"1496\" data-end=\"1552\">Metal malzeme, bakteri bar\u0131nd\u0131rmaz ve uzun \u00f6m\u00fcrl\u00fcd\u00fcr<\/strong>, hijyenik bir kullan\u0131m sunar.<\/p>\n<hr data-start=\"1586\" data-end=\"1589\" \/>\n<h3 data-start=\"1591\" data-end=\"1641\"><strong data-start=\"1595\" data-end=\"1639\">Cinsel Ya\u015fam\u0131n\u0131za \u015e\u0131kl\u0131k ve Keyif Kat\u0131n!<\/strong><\/h3>\n<p data-start=\"1643\" data-end=\"1841\">E\u011fer <strong data-start=\"1648\" data-end=\"1692\">zarif, estetik ve konforlu bir anal plug<\/strong> ar\u0131yorsan\u0131z, <strong data-start=\"1706\" data-end=\"1753\">Metal Elmas Ta\u015fl\u0131 Anal Plug Pembe K\u00fc\u00e7\u00fck Boy<\/strong>, <strong data-start=\"1755\" data-end=\"1790\">tasar\u0131m\u0131 ve ergonomik yap\u0131s\u0131yla<\/strong> cinsel deneyiminizi yeni bir seviyeye ta\u015f\u0131yacak.<\/p>\n<p data-start=\"1843\" data-end=\"1912\">\ud83d\udc96 <strong data-start=\"1846\" data-end=\"1910\">Kendinizi \u015f\u0131mart\u0131n ve partnerinizle unutulmaz anlar ya\u015fay\u0131n!<\/strong><\/p>\n<hr data-start=\"1914\" data-end=\"1917\" \/>\n<p data-start=\"1952\" data-end=\"2173\" data-is-last-node=\"\" data-is-only-node=\"\">Metal Anal Plug, Pembe Elmas Ta\u015fl\u0131 Anal Plug, K\u00fc\u00e7\u00fck Boy Anal Plug, Yeni Ba\u015flayanlar \u0130\u00e7in Anal Oyuncak, \u015e\u0131k ve Hafif Anal Plug, Is\u0131t\u0131labilir ve So\u011futulabilir Anal Plug, Hijyenik Seks Oyuncaklar\u0131, G\u00fcvenli Kullan\u0131m Anal Plug<\/p>\n","protected":false},"excerpt":{"rendered":"<p>Cinsel deneyiminizi <strong data-start=\"99\" data-end=\"136\">estetik ve konforlu bir dokunu\u015fla<\/strong> zenginle\u015ftirin! <strong data-start=\"153\" data-end=\"200\">Metal Elmas Ta\u015fl\u0131 Anal Plug Pembe K\u00fc\u00e7\u00fck Boy<\/strong>, <strong data-start=\"202\" data-end=\"278\">\u015f\u0131k tasar\u0131m\u0131, p\u00fcr\u00fczs\u00fcz metal y\u00fczeyi ve g\u00f6z al\u0131c\u0131 pembe elmas ta\u015f\u0131 detay\u0131<\/strong> ile fark yarat\u0131yor. <strong data-start=\"299\" data-end=\"345\">Yeni ba\u015flayanlar ve deneyimli kullan\u0131c\u0131lar<\/strong> i\u00e7in uygun olan bu anal plug, <strong data-start=\"376\" data-end=\"409\">rahat ve g\u00fcvenli bir kullan\u0131m<\/strong> sunarak ke\u015fif s\u00fcrecinizi keyifli hale getiriyor.<\/p>\n","protected":false},"featured_media":18682,"comment_status":"open","ping_status":"closed","template":"","meta":[],"product_brand":[127],"product_cat":[89],"product_tag":[169],"class_list":{"0":"post-18566","1":"product","2":"type-product","3":"status-publish","4":"has-post-thumbnail","6":"product_brand-pembe-tilki","7":"product_cat-anal-plug","8":"product_tag-metal-elmas-tasli-anal-plug-kirmizi-orta-boy","10":"first","11":"instock","12":"taxable","13":"shipping-taxable","14":"purchasable","15":"product-type-simple"},"yoast_head":"<!-- This site is optimized with the Yoast SEO Premium plugin v24.4 (Yoast SEO v27.1.1) - https:\/\/yoast.com\/product\/yoast-seo-premium-wordpress\/ -->\n<title>Metal Elmas Ta\u015fl\u0131 Anal Plug Pembe K\u00fc\u00e7\u00fck Boy - Bursa Erotik Shop<\/title>\n<meta name=\"robots\" content=\"index, follow, max-snippet:-1, max-image-preview:large, max-video-preview:-1\" \/>\n<link rel=\"canonical\" href=\"https:\/\/hobierotikshop.com.tr\/website1\/erotik-shop-urun\/metal-elmas-tasli-anal-plug-pembe-kucuk-boy\/\" \/>\n<meta property=\"og:locale\" content=\"tr_TR\" \/>\n<meta property=\"og:type\" content=\"article\" \/>\n<meta property=\"og:title\" content=\"Metal Elmas Ta\u015fl\u0131 Anal Plug Pembe K\u00fc\u00e7\u00fck Boy\" \/>\n<meta property=\"og:description\" content=\"Cinsel deneyiminizi estetik ve konforlu bir dokunu\u015fla zenginle\u015ftirin! Metal Elmas Ta\u015fl\u0131 Anal Plug Pembe K\u00fc\u00e7\u00fck Boy, \u015f\u0131k tasar\u0131m\u0131, p\u00fcr\u00fczs\u00fcz metal y\u00fczeyi ve g\u00f6z al\u0131c\u0131 pembe elmas ta\u015f\u0131 detay\u0131 ile fark yarat\u0131yor. Yeni ba\u015flayanlar ve deneyimli kullan\u0131c\u0131lar i\u00e7in uygun olan bu anal plug, rahat ve g\u00fcvenli bir kullan\u0131m sunarak ke\u015fif s\u00fcrecinizi keyifli hale getiriyor.\" \/>\n<meta property=\"og:url\" content=\"https:\/\/hobierotikshop.com.tr\/website1\/erotik-shop-urun\/metal-elmas-tasli-anal-plug-pembe-kucuk-boy\/\" \/>\n<meta property=\"og:site_name\" content=\"Bursa Erotik Shop\" \/>\n<meta property=\"article:modified_time\" content=\"2026-01-27T08:36:02+00:00\" \/>\n<meta property=\"og:image\" content=\"https:\/\/hobierotikshop.com.tr\/website1\/wp-content\/uploads\/2025\/03\/metal-elmas-tasli-anal-plug-pembe-kucuk-boy-1768-1.jpg\" \/>\n\t<meta property=\"og:image:width\" content=\"1500\" \/>\n\t<meta property=\"og:image:height\" content=\"1500\" \/>\n\t<meta property=\"og:image:type\" content=\"image\/jpeg\" \/>\n<meta name=\"twitter:card\" content=\"summary_large_image\" \/>\n<meta name=\"twitter:site\" content=\"@shopbursa\" \/>\n<meta name=\"twitter:label1\" content=\"Fiyat\" \/>\n\t<meta name=\"twitter:data1\" content=\"&#8378;400,00 KDV DAH\u0130L\" \/>\n\t<meta name=\"twitter:label2\" content=\"Availability\" \/>\n\t<meta name=\"twitter:data2\" content=\"In stock\" \/>\n<script type=\"application\/ld+json\" class=\"yoast-schema-graph\">{\"@context\":\"https:\/\/schema.org\",\"@graph\":[{\"@type\":\"WebPage\",\"@id\":\"https:\/\/hobierotikshop.com.tr\/website1\/erotik-shop-urun\/metal-elmas-tasli-anal-plug-pembe-kucuk-boy\/\",\"url\":\"https:\/\/hobierotikshop.com.tr\/website1\/erotik-shop-urun\/metal-elmas-tasli-anal-plug-pembe-kucuk-boy\/\",\"name\":\"Metal Elmas Ta\u015fl\u0131 Anal Plug Pembe K\u00fc\u00e7\u00fck Boy - Bursa Erotik Shop\",\"isPartOf\":{\"@id\":\"https:\/\/hobierotikshop.com.tr\/website1\/#website\"},\"primaryImageOfPage\":{\"@id\":\"https:\/\/hobierotikshop.com.tr\/website1\/erotik-shop-urun\/metal-elmas-tasli-anal-plug-pembe-kucuk-boy\/#primaryimage\"},\"image\":{\"@id\":\"https:\/\/hobierotikshop.com.tr\/website1\/erotik-shop-urun\/metal-elmas-tasli-anal-plug-pembe-kucuk-boy\/#primaryimage\"},\"thumbnailUrl\":\"https:\/\/haremerotikshop.com\/site\/wp-content\/uploads\/2025\/03\/metal-elmas-tasli-anal-plug-pembe-kucuk-boy-1768-1.jpg\",\"datePublished\":\"2025-03-17T09:19:43+00:00\",\"dateModified\":\"2026-01-27T08:36:02+00:00\",\"breadcrumb\":{\"@id\":\"https:\/\/hobierotikshop.com.tr\/website1\/erotik-shop-urun\/metal-elmas-tasli-anal-plug-pembe-kucuk-boy\/#breadcrumb\"},\"inLanguage\":\"tr\",\"potentialAction\":[{\"@type\":\"ReadAction\",\"target\":[\"https:\/\/hobierotikshop.com.tr\/website1\/erotik-shop-urun\/metal-elmas-tasli-anal-plug-pembe-kucuk-boy\/\"]}]},{\"@type\":\"ImageObject\",\"inLanguage\":\"tr\",\"@id\":\"https:\/\/hobierotikshop.com.tr\/website1\/erotik-shop-urun\/metal-elmas-tasli-anal-plug-pembe-kucuk-boy\/#primaryimage\",\"url\":\"https:\/\/haremerotikshop.com\/site\/wp-content\/uploads\/2025\/03\/metal-elmas-tasli-anal-plug-pembe-kucuk-boy-1768-1.jpg\",\"contentUrl\":\"https:\/\/haremerotikshop.com\/site\/wp-content\/uploads\/2025\/03\/metal-elmas-tasli-anal-plug-pembe-kucuk-boy-1768-1.jpg\",\"width\":1500,\"height\":1500},{\"@type\":\"BreadcrumbList\",\"@id\":\"https:\/\/hobierotikshop.com.tr\/website1\/erotik-shop-urun\/metal-elmas-tasli-anal-plug-pembe-kucuk-boy\/#breadcrumb\",\"itemListElement\":[{\"@type\":\"ListItem\",\"position\":1,\"name\":\"Anasayfa\",\"item\":\"https:\/\/hobierotikshop.com.tr\/website1\/\"},{\"@type\":\"ListItem\",\"position\":2,\"name\":\"Erotik Shop \u00dcr\u00fcnleri\",\"item\":\"https:\/\/hobierotikshop.com.tr\/website1\/shop\/\"},{\"@type\":\"ListItem\",\"position\":3,\"name\":\"Metal Elmas Ta\u015fl\u0131 Anal Plug Pembe K\u00fc\u00e7\u00fck Boy\"}]},{\"@type\":\"WebSite\",\"@id\":\"https:\/\/hobierotikshop.com.tr\/website1\/#website\",\"url\":\"https:\/\/hobierotikshop.com.tr\/website1\/\",\"name\":\"Bursa Erotik Shop\",\"description\":\"Bursa Erotik Shop ile g\u00fcvenli, gizli ve kaliteli yeti\u015fkin \u00fcr\u00fcnleri al\u0131\u015fveri\u015fi! Geni\u015f \u00fcr\u00fcn yelpazemizi ke\u015ffedin, hemen sipari\u015f verin\",\"publisher\":{\"@id\":\"https:\/\/hobierotikshop.com.tr\/website1\/#organization\"},\"alternateName\":\"Erotik Shop\",\"potentialAction\":[{\"@type\":\"SearchAction\",\"target\":{\"@type\":\"EntryPoint\",\"urlTemplate\":\"https:\/\/hobierotikshop.com.tr\/website1\/?s={search_term_string}\"},\"query-input\":{\"@type\":\"PropertyValueSpecification\",\"valueRequired\":true,\"valueName\":\"search_term_string\"}}],\"inLanguage\":\"tr\"},{\"@type\":\"Organization\",\"@id\":\"https:\/\/hobierotikshop.com.tr\/website1\/#organization\",\"name\":\"Harem Bursa Erotik Shop\",\"url\":\"https:\/\/hobierotikshop.com.tr\/website1\/\",\"logo\":{\"@type\":\"ImageObject\",\"inLanguage\":\"tr\",\"@id\":\"https:\/\/hobierotikshop.com.tr\/website1\/#\/schema\/logo\/image\/\",\"url\":\"https:\/\/haremerotikshop.com\/site\/wp-content\/uploads\/2025\/03\/haremsexshop.png\",\"contentUrl\":\"https:\/\/haremerotikshop.com\/site\/wp-content\/uploads\/2025\/03\/haremsexshop.png\",\"width\":400,\"height\":100,\"caption\":\"Harem Bursa Erotik Shop\"},\"image\":{\"@id\":\"https:\/\/hobierotikshop.com.tr\/website1\/#\/schema\/logo\/image\/\"},\"sameAs\":[\"https:\/\/x.com\/shopbursa\"],\"publishingPrinciples\":\"https:\/\/hobierotikshop.com.tr\/website1\/mesafeli-satis-sozlesmesi\/\",\"ownershipFundingInfo\":\"https:\/\/hobierotikshop.com.tr\/website1\/contact-us\/\",\"actionableFeedbackPolicy\":\"https:\/\/hobierotikshop.com.tr\/website1\/contact-us\/\",\"correctionsPolicy\":\"https:\/\/hobierotikshop.com.tr\/website1\/mesafeli-satis-sozlesmesi\/\"}]}<\/script>\n<meta property=\"product:brand\" content=\"Pembe Tilki\" \/>\n<meta property=\"product:price:amount\" content=\"400.00\" \/>\n<meta property=\"product:price:currency\" content=\"TRY\" \/>\n<meta property=\"og:availability\" content=\"instock\" \/>\n<meta property=\"product:availability\" content=\"instock\" \/>\n<meta property=\"product:retailer_item_id\" content=\"PT-ANXM003SPNK\" \/>\n<meta property=\"product:condition\" content=\"new\" \/>\n<!-- \/ Yoast SEO Premium plugin. -->","yoast_head_json":{"title":"Metal Elmas Ta\u015fl\u0131 Anal Plug Pembe K\u00fc\u00e7\u00fck Boy - Bursa Erotik Shop","robots":{"index":"index","follow":"follow","max-snippet":"max-snippet:-1","max-image-preview":"max-image-preview:large","max-video-preview":"max-video-preview:-1"},"canonical":"https:\/\/hobierotikshop.com.tr\/website1\/erotik-shop-urun\/metal-elmas-tasli-anal-plug-pembe-kucuk-boy\/","og_locale":"tr_TR","og_type":"article","og_title":"Metal Elmas Ta\u015fl\u0131 Anal Plug Pembe K\u00fc\u00e7\u00fck Boy","og_description":"Cinsel deneyiminizi estetik ve konforlu bir dokunu\u015fla zenginle\u015ftirin! Metal Elmas Ta\u015fl\u0131 Anal Plug Pembe K\u00fc\u00e7\u00fck Boy, \u015f\u0131k tasar\u0131m\u0131, p\u00fcr\u00fczs\u00fcz metal y\u00fczeyi ve g\u00f6z al\u0131c\u0131 pembe elmas ta\u015f\u0131 detay\u0131 ile fark yarat\u0131yor. Yeni ba\u015flayanlar ve deneyimli kullan\u0131c\u0131lar i\u00e7in uygun olan bu anal plug, rahat ve g\u00fcvenli bir kullan\u0131m sunarak ke\u015fif s\u00fcrecinizi keyifli hale getiriyor.","og_url":"https:\/\/hobierotikshop.com.tr\/website1\/erotik-shop-urun\/metal-elmas-tasli-anal-plug-pembe-kucuk-boy\/","og_site_name":"Bursa Erotik Shop","article_modified_time":"2026-01-27T08:36:02+00:00","og_image":[{"width":1500,"height":1500,"url":"https:\/\/hobierotikshop.com.tr\/website1\/wp-content\/uploads\/2025\/03\/metal-elmas-tasli-anal-plug-pembe-kucuk-boy-1768-1.jpg","type":"image\/jpeg"}],"twitter_card":"summary_large_image","twitter_site":"@shopbursa","twitter_misc":{"Fiyat":"&#8378;400,00 KDV DAH\u0130L","Availability":"In stock"},"schema":{"@context":"https:\/\/schema.org","@graph":[{"@type":"WebPage","@id":"https:\/\/hobierotikshop.com.tr\/website1\/erotik-shop-urun\/metal-elmas-tasli-anal-plug-pembe-kucuk-boy\/","url":"https:\/\/hobierotikshop.com.tr\/website1\/erotik-shop-urun\/metal-elmas-tasli-anal-plug-pembe-kucuk-boy\/","name":"Metal Elmas Ta\u015fl\u0131 Anal Plug Pembe K\u00fc\u00e7\u00fck Boy - Bursa Erotik Shop","isPartOf":{"@id":"https:\/\/hobierotikshop.com.tr\/website1\/#website"},"primaryImageOfPage":{"@id":"https:\/\/hobierotikshop.com.tr\/website1\/erotik-shop-urun\/metal-elmas-tasli-anal-plug-pembe-kucuk-boy\/#primaryimage"},"image":{"@id":"https:\/\/hobierotikshop.com.tr\/website1\/erotik-shop-urun\/metal-elmas-tasli-anal-plug-pembe-kucuk-boy\/#primaryimage"},"thumbnailUrl":"https:\/\/haremerotikshop.com\/site\/wp-content\/uploads\/2025\/03\/metal-elmas-tasli-anal-plug-pembe-kucuk-boy-1768-1.jpg","datePublished":"2025-03-17T09:19:43+00:00","dateModified":"2026-01-27T08:36:02+00:00","breadcrumb":{"@id":"https:\/\/hobierotikshop.com.tr\/website1\/erotik-shop-urun\/metal-elmas-tasli-anal-plug-pembe-kucuk-boy\/#breadcrumb"},"inLanguage":"tr","potentialAction":[{"@type":"ReadAction","target":["https:\/\/hobierotikshop.com.tr\/website1\/erotik-shop-urun\/metal-elmas-tasli-anal-plug-pembe-kucuk-boy\/"]}]},{"@type":"ImageObject","inLanguage":"tr","@id":"https:\/\/hobierotikshop.com.tr\/website1\/erotik-shop-urun\/metal-elmas-tasli-anal-plug-pembe-kucuk-boy\/#primaryimage","url":"https:\/\/haremerotikshop.com\/site\/wp-content\/uploads\/2025\/03\/metal-elmas-tasli-anal-plug-pembe-kucuk-boy-1768-1.jpg","contentUrl":"https:\/\/haremerotikshop.com\/site\/wp-content\/uploads\/2025\/03\/metal-elmas-tasli-anal-plug-pembe-kucuk-boy-1768-1.jpg","width":1500,"height":1500},{"@type":"BreadcrumbList","@id":"https:\/\/hobierotikshop.com.tr\/website1\/erotik-shop-urun\/metal-elmas-tasli-anal-plug-pembe-kucuk-boy\/#breadcrumb","itemListElement":[{"@type":"ListItem","position":1,"name":"Anasayfa","item":"https:\/\/hobierotikshop.com.tr\/website1\/"},{"@type":"ListItem","position":2,"name":"Erotik Shop \u00dcr\u00fcnleri","item":"https:\/\/hobierotikshop.com.tr\/website1\/shop\/"},{"@type":"ListItem","position":3,"name":"Metal Elmas Ta\u015fl\u0131 Anal Plug Pembe K\u00fc\u00e7\u00fck Boy"}]},{"@type":"WebSite","@id":"https:\/\/hobierotikshop.com.tr\/website1\/#website","url":"https:\/\/hobierotikshop.com.tr\/website1\/","name":"Bursa Erotik Shop","description":"Bursa Erotik Shop ile g\u00fcvenli, gizli ve kaliteli yeti\u015fkin \u00fcr\u00fcnleri al\u0131\u015fveri\u015fi! Geni\u015f \u00fcr\u00fcn yelpazemizi ke\u015ffedin, hemen sipari\u015f verin","publisher":{"@id":"https:\/\/hobierotikshop.com.tr\/website1\/#organization"},"alternateName":"Erotik Shop","potentialAction":[{"@type":"SearchAction","target":{"@type":"EntryPoint","urlTemplate":"https:\/\/hobierotikshop.com.tr\/website1\/?s={search_term_string}"},"query-input":{"@type":"PropertyValueSpecification","valueRequired":true,"valueName":"search_term_string"}}],"inLanguage":"tr"},{"@type":"Organization","@id":"https:\/\/hobierotikshop.com.tr\/website1\/#organization","name":"Harem Bursa Erotik Shop","url":"https:\/\/hobierotikshop.com.tr\/website1\/","logo":{"@type":"ImageObject","inLanguage":"tr","@id":"https:\/\/hobierotikshop.com.tr\/website1\/#\/schema\/logo\/image\/","url":"https:\/\/haremerotikshop.com\/site\/wp-content\/uploads\/2025\/03\/haremsexshop.png","contentUrl":"https:\/\/haremerotikshop.com\/site\/wp-content\/uploads\/2025\/03\/haremsexshop.png","width":400,"height":100,"caption":"Harem Bursa Erotik Shop"},"image":{"@id":"https:\/\/hobierotikshop.com.tr\/website1\/#\/schema\/logo\/image\/"},"sameAs":["https:\/\/x.com\/shopbursa"],"publishingPrinciples":"https:\/\/hobierotikshop.com.tr\/website1\/mesafeli-satis-sozlesmesi\/","ownershipFundingInfo":"https:\/\/hobierotikshop.com.tr\/website1\/contact-us\/","actionableFeedbackPolicy":"https:\/\/hobierotikshop.com.tr\/website1\/contact-us\/","correctionsPolicy":"https:\/\/hobierotikshop.com.tr\/website1\/mesafeli-satis-sozlesmesi\/"}]},"product_brand":"Pembe Tilki","product_price_amount":"400.00","product_price_currency":"TRY","og_availability":"instock","product_availability":"instock","product_retailer_item_id":"PT-ANXM003SPNK","product_condition":"new"},"_links":{"self":[{"href":"https:\/\/haremerotikshop.com\/site\/wp-json\/wp\/v2\/product\/18566","targetHints":{"allow":["GET"]}}],"collection":[{"href":"https:\/\/haremerotikshop.com\/site\/wp-json\/wp\/v2\/product"}],"about":[{"href":"https:\/\/haremerotikshop.com\/site\/wp-json\/wp\/v2\/types\/product"}],"replies":[{"embeddable":true,"href":"https:\/\/haremerotikshop.com\/site\/wp-json\/wp\/v2\/comments?post=18566"}],"version-history":[{"count":0,"href":"https:\/\/haremerotikshop.com\/site\/wp-json\/wp\/v2\/product\/18566\/revisions"}],"wp:featuredmedia":[{"embeddable":true,"href":"https:\/\/haremerotikshop.com\/site\/wp-json\/wp\/v2\/media\/18682"}],"wp:attachment":[{"href":"https:\/\/haremerotikshop.com\/site\/wp-json\/wp\/v2\/media?parent=18566"}],"wp:term":[{"taxonomy":"product_brand","embeddable":true,"href":"https:\/\/haremerotikshop.com\/site\/wp-json\/wp\/v2\/product_brand?post=18566"},{"taxonomy":"product_cat","embeddable":true,"href":"https:\/\/haremerotikshop.com\/site\/wp-json\/wp\/v2\/product_cat?post=18566"},{"taxonomy":"product_tag","embeddable":true,"href":"https:\/\/haremerotikshop.com\/site\/wp-json\/wp\/v2\/product_tag?post=18566"}],"curies":[{"name":"wp","href":"https:\/\/api.w.org\/{rel}","templated":true}]}}