{"id":18567,"date":"2025-03-17T12:19:43","date_gmt":"2025-03-17T09:19:43","guid":{"rendered":"https:\/\/haremerotikshop.com\/site\/?post_type=product&#038;p=18567"},"modified":"2026-01-27T11:36:18","modified_gmt":"2026-01-27T08:36:18","slug":"metal-elmas-tasli-anal-plug-rainbow-orta-boy","status":"publish","type":"product","link":"https:\/\/haremerotikshop.com\/site\/erotik-shop-urun\/metal-elmas-tasli-anal-plug-rainbow-orta-boy\/","title":{"rendered":"Metal Elmas Ta\u015fl\u0131 Anal Plug Rainbow Orta Boy"},"content":{"rendered":"<h3 data-start=\"0\" data-end=\"86\"><strong data-start=\"4\" data-end=\"84\">Metal Elmas Ta\u015fl\u0131 Anal Plug Rainbow Orta Boy \u2013 \u015e\u0131kl\u0131k ve Konforun Bulu\u015fmas\u0131!<\/strong><\/h3>\n<p data-start=\"88\" data-end=\"454\">Cinsel ke\u015fiflerinize <strong data-start=\"109\" data-end=\"140\">renkli ve zarif bir dokunu\u015f<\/strong> kat\u0131n! <strong data-start=\"148\" data-end=\"196\">Metal Elmas Ta\u015fl\u0131 Anal Plug Rainbow Orta Boy<\/strong>, <strong data-start=\"198\" data-end=\"263\">dayan\u0131kl\u0131 metal yap\u0131s\u0131 ve g\u00f6z al\u0131c\u0131 rainbow elmas ta\u015f\u0131 detay\u0131<\/strong> ile cinsel deneyiminizi farkl\u0131 bir boyuta ta\u015f\u0131yor. <strong data-start=\"315\" data-end=\"361\">Yeni ba\u015flayanlar ve deneyimli kullan\u0131c\u0131lar<\/strong> i\u00e7in m\u00fckemmel olan bu anal plug, <strong data-start=\"395\" data-end=\"445\">estetik tasar\u0131m ve ergonomik kullan\u0131m avantaj\u0131<\/strong> sunar.<\/p>\n<hr data-start=\"456\" data-end=\"459\" \/>\n<h3 data-start=\"461\" data-end=\"492\"><strong data-start=\"465\" data-end=\"490\">\u00d6ne \u00c7\u0131kan \u00d6zellikler:<\/strong><\/h3>\n<p data-start=\"493\" data-end=\"831\">\u2714 <strong data-start=\"495\" data-end=\"507\">Uzunluk:<\/strong> 8 cm<br data-start=\"512\" data-end=\"515\" \/>\u2714 <strong data-start=\"517\" data-end=\"525\">\u00c7ap:<\/strong> 3.4 cm<br data-start=\"532\" data-end=\"535\" \/>\u2714 <strong data-start=\"537\" data-end=\"549\">A\u011f\u0131rl\u0131k:<\/strong> 110 gr<br data-start=\"556\" data-end=\"559\" \/>\u2714 <strong data-start=\"561\" data-end=\"573\">Malzeme:<\/strong> P\u00fcr\u00fczs\u00fcz, hijyenik ve dayan\u0131kl\u0131 metal<br data-start=\"611\" data-end=\"614\" \/>\u2714 <strong data-start=\"616\" data-end=\"628\">Tasar\u0131m:<\/strong> \u015e\u0131k metal g\u00f6vde &amp; g\u00f6z al\u0131c\u0131 rainbow elmas ta\u015f\u0131<br data-start=\"675\" data-end=\"678\" \/>\u2714 <strong data-start=\"680\" data-end=\"703\">Kullan\u0131c\u0131 Seviyesi:<\/strong> Orta seviye kullan\u0131c\u0131lar ve yeni ba\u015flayanlar i\u00e7in ideal<br data-start=\"759\" data-end=\"762\" \/>\u2714 <strong data-start=\"764\" data-end=\"783\">Kullan\u0131m Alan\u0131:<\/strong> Solo ke\u015fif ve partnerli oyunlar i\u00e7in m\u00fckemmel<\/p>\n<hr data-start=\"833\" data-end=\"836\" \/>\n<h3 data-start=\"838\" data-end=\"878\"><strong data-start=\"842\" data-end=\"876\">Ergonomik ve Konforlu Kullan\u0131m<\/strong><\/h3>\n<p data-start=\"880\" data-end=\"1246\">\ud83c\udf08 <strong data-start=\"883\" data-end=\"904\">Orta boy tasar\u0131m\u0131<\/strong>, rahat ve kontroll\u00fc bir kullan\u0131m sunar.<br data-start=\"944\" data-end=\"947\" \/>\ud83c\udf08 <strong data-start=\"950\" data-end=\"979\">Geni\u015f ve ergonomik taban\u0131<\/strong>, g\u00fcvenli kullan\u0131m i\u00e7in tasarlanm\u0131\u015ft\u0131r.<br data-start=\"1018\" data-end=\"1021\" \/>\ud83c\udf08 <strong data-start=\"1024\" data-end=\"1043\">P\u00fcr\u00fczs\u00fcz y\u00fczeyi<\/strong>, konforlu bir his sa\u011flar ve kolay yerle\u015ftirme imkan\u0131 sunar.<br data-start=\"1103\" data-end=\"1106\" \/>\ud83c\udf08 <strong data-start=\"1109\" data-end=\"1143\">Metal malzeme \u0131s\u0131ya duyarl\u0131d\u0131r<\/strong>, isterseniz s\u0131cak ya da so\u011fuk bir deneyim i\u00e7in s\u0131cak suda \u0131s\u0131tabilir veya buzlukta so\u011futabilirsiniz.<\/p>\n<hr data-start=\"1248\" data-end=\"1251\" \/>\n<h3 data-start=\"1253\" data-end=\"1289\"><strong data-start=\"1257\" data-end=\"1287\">Hijyenik ve Kolay Temizlik<\/strong><\/h3>\n<p data-start=\"1291\" data-end=\"1499\">\u2714 <strong data-start=\"1293\" data-end=\"1338\">Kaygan y\u00fczeyi sayesinde kolay temizlenir.<\/strong><br data-start=\"1338\" data-end=\"1341\" \/>\u2714 <strong data-start=\"1343\" data-end=\"1363\">Il\u0131k su ve sabun<\/strong> ile y\u0131kayabilir veya <strong data-start=\"1385\" data-end=\"1417\">\u00f6zel oyuncak temizleyicileri<\/strong> kullanabilirsiniz.<br data-start=\"1436\" data-end=\"1439\" \/>\u2714 <strong data-start=\"1441\" data-end=\"1497\">Metal malzeme bakteri bar\u0131nd\u0131rmaz ve uzun \u00f6m\u00fcrl\u00fcd\u00fcr.<\/strong><\/p>\n<hr data-start=\"1501\" data-end=\"1504\" \/>\n<h3 data-start=\"1506\" data-end=\"1561\"><strong data-start=\"1510\" data-end=\"1559\">Cinsel Deneyiminize Estetik ve Zarafet Kat\u0131n!<\/strong><\/h3>\n<p data-start=\"1563\" data-end=\"1743\">E\u011fer <strong data-start=\"1568\" data-end=\"1614\">\u015f\u0131k, ergonomik ve etkileyici bir anal plug<\/strong> ar\u0131yorsan\u0131z, <strong data-start=\"1628\" data-end=\"1676\">Metal Elmas Ta\u015fl\u0131 Anal Plug Rainbow Orta Boy<\/strong>, <strong data-start=\"1678\" data-end=\"1720\">g\u00f6rsel ve fiziksel olarak tatmin edici<\/strong> bir se\u00e7enek sunuyor.<\/p>\n<p data-start=\"1745\" data-end=\"1816\">\ud83d\udc96 <strong data-start=\"1748\" data-end=\"1814\">Renkli tasar\u0131m\u0131yla cinsel hayat\u0131n\u0131za e\u011flence ve zarafet kat\u0131n!<\/strong><\/p>\n<hr data-start=\"1818\" data-end=\"1821\" \/>\n<h3 data-start=\"1823\" data-end=\"1855\"><strong data-start=\"1827\" data-end=\"1853\">SEO Anahtar Kelimeler:<\/strong><\/h3>\n<p data-start=\"1856\" data-end=\"2080\" data-is-last-node=\"\" data-is-only-node=\"\">Metal Anal Plug, Rainbow Elmas Ta\u015fl\u0131 Anal Plug, Orta Boy Anal Plug, Yeni Ba\u015flayanlar \u0130\u00e7in Anal Oyuncak, \u015e\u0131k ve Estetik Anal Plug, Is\u0131t\u0131labilir ve So\u011futulabilir Anal Plug, Hijyenik Seks Oyuncaklar\u0131, G\u00fcvenli Kullan\u0131m Anal Plug<\/p>\n","protected":false},"excerpt":{"rendered":"<p>Cinsel ke\u015fiflerinize <strong data-start=\"109\" data-end=\"140\">renkli ve zarif bir dokunu\u015f<\/strong> kat\u0131n! <strong data-start=\"148\" data-end=\"196\">Metal Elmas Ta\u015fl\u0131 Anal Plug Rainbow Orta Boy<\/strong>, <strong data-start=\"198\" data-end=\"263\">dayan\u0131kl\u0131 metal yap\u0131s\u0131 ve g\u00f6z al\u0131c\u0131 rainbow elmas ta\u015f\u0131 detay\u0131<\/strong> ile cinsel deneyiminizi farkl\u0131 bir boyuta ta\u015f\u0131yor. <strong data-start=\"315\" data-end=\"361\">Yeni ba\u015flayanlar ve deneyimli kullan\u0131c\u0131lar<\/strong> i\u00e7in m\u00fckemmel olan bu anal plug, <strong data-start=\"395\" data-end=\"445\">estetik tasar\u0131m ve ergonomik kullan\u0131m avantaj\u0131<\/strong> sunar.<\/p>\n","protected":false},"featured_media":18684,"comment_status":"open","ping_status":"closed","template":"","meta":[],"product_brand":[127],"product_cat":[89],"product_tag":[169],"class_list":{"0":"post-18567","1":"product","2":"type-product","3":"status-publish","4":"has-post-thumbnail","6":"product_brand-pembe-tilki","7":"product_cat-anal-plug","8":"product_tag-metal-elmas-tasli-anal-plug-kirmizi-orta-boy","10":"first","11":"instock","12":"taxable","13":"shipping-taxable","14":"purchasable","15":"product-type-simple"},"yoast_head":"<!-- This site is optimized with the Yoast SEO Premium plugin v24.4 (Yoast SEO v27.1.1) - https:\/\/yoast.com\/product\/yoast-seo-premium-wordpress\/ -->\n<title>Metal Elmas Ta\u015fl\u0131 Anal Plug Rainbow Orta Boy - Bursa Erotik Shop<\/title>\n<meta name=\"robots\" content=\"index, follow, max-snippet:-1, max-image-preview:large, max-video-preview:-1\" \/>\n<link rel=\"canonical\" href=\"https:\/\/hobierotikshop.com.tr\/website1\/erotik-shop-urun\/metal-elmas-tasli-anal-plug-rainbow-orta-boy\/\" \/>\n<meta property=\"og:locale\" content=\"tr_TR\" \/>\n<meta property=\"og:type\" content=\"article\" \/>\n<meta property=\"og:title\" content=\"Metal Elmas Ta\u015fl\u0131 Anal Plug Rainbow Orta Boy\" \/>\n<meta property=\"og:description\" content=\"Cinsel ke\u015fiflerinize renkli ve zarif bir dokunu\u015f kat\u0131n! Metal Elmas Ta\u015fl\u0131 Anal Plug Rainbow Orta Boy, dayan\u0131kl\u0131 metal yap\u0131s\u0131 ve g\u00f6z al\u0131c\u0131 rainbow elmas ta\u015f\u0131 detay\u0131 ile cinsel deneyiminizi farkl\u0131 bir boyuta ta\u015f\u0131yor. Yeni ba\u015flayanlar ve deneyimli kullan\u0131c\u0131lar i\u00e7in m\u00fckemmel olan bu anal plug, estetik tasar\u0131m ve ergonomik kullan\u0131m avantaj\u0131 sunar.\" \/>\n<meta property=\"og:url\" content=\"https:\/\/hobierotikshop.com.tr\/website1\/erotik-shop-urun\/metal-elmas-tasli-anal-plug-rainbow-orta-boy\/\" \/>\n<meta property=\"og:site_name\" content=\"Bursa Erotik Shop\" \/>\n<meta property=\"article:modified_time\" content=\"2026-01-27T08:36:18+00:00\" \/>\n<meta property=\"og:image\" content=\"https:\/\/hobierotikshop.com.tr\/website1\/wp-content\/uploads\/2025\/03\/metal-elmas-tasli-anal-plug-rainbow-orta-boy-1769-2.jpg\" \/>\n\t<meta property=\"og:image:width\" content=\"1500\" \/>\n\t<meta property=\"og:image:height\" content=\"1500\" \/>\n\t<meta property=\"og:image:type\" content=\"image\/jpeg\" \/>\n<meta name=\"twitter:card\" content=\"summary_large_image\" \/>\n<meta name=\"twitter:site\" content=\"@shopbursa\" \/>\n<meta name=\"twitter:label1\" content=\"Fiyat\" \/>\n\t<meta name=\"twitter:data1\" content=\"&#8378;500,00 KDV DAH\u0130L\" \/>\n\t<meta name=\"twitter:label2\" content=\"Availability\" \/>\n\t<meta name=\"twitter:data2\" content=\"In stock\" \/>\n<script type=\"application\/ld+json\" class=\"yoast-schema-graph\">{\"@context\":\"https:\/\/schema.org\",\"@graph\":[{\"@type\":\"WebPage\",\"@id\":\"https:\/\/hobierotikshop.com.tr\/website1\/erotik-shop-urun\/metal-elmas-tasli-anal-plug-rainbow-orta-boy\/\",\"url\":\"https:\/\/hobierotikshop.com.tr\/website1\/erotik-shop-urun\/metal-elmas-tasli-anal-plug-rainbow-orta-boy\/\",\"name\":\"Metal Elmas Ta\u015fl\u0131 Anal Plug Rainbow Orta Boy - Bursa Erotik Shop\",\"isPartOf\":{\"@id\":\"https:\/\/hobierotikshop.com.tr\/website1\/#website\"},\"primaryImageOfPage\":{\"@id\":\"https:\/\/hobierotikshop.com.tr\/website1\/erotik-shop-urun\/metal-elmas-tasli-anal-plug-rainbow-orta-boy\/#primaryimage\"},\"image\":{\"@id\":\"https:\/\/hobierotikshop.com.tr\/website1\/erotik-shop-urun\/metal-elmas-tasli-anal-plug-rainbow-orta-boy\/#primaryimage\"},\"thumbnailUrl\":\"https:\/\/haremerotikshop.com\/site\/wp-content\/uploads\/2025\/03\/metal-elmas-tasli-anal-plug-rainbow-orta-boy-1769-2.jpg\",\"datePublished\":\"2025-03-17T09:19:43+00:00\",\"dateModified\":\"2026-01-27T08:36:18+00:00\",\"breadcrumb\":{\"@id\":\"https:\/\/hobierotikshop.com.tr\/website1\/erotik-shop-urun\/metal-elmas-tasli-anal-plug-rainbow-orta-boy\/#breadcrumb\"},\"inLanguage\":\"tr\",\"potentialAction\":[{\"@type\":\"ReadAction\",\"target\":[\"https:\/\/hobierotikshop.com.tr\/website1\/erotik-shop-urun\/metal-elmas-tasli-anal-plug-rainbow-orta-boy\/\"]}]},{\"@type\":\"ImageObject\",\"inLanguage\":\"tr\",\"@id\":\"https:\/\/hobierotikshop.com.tr\/website1\/erotik-shop-urun\/metal-elmas-tasli-anal-plug-rainbow-orta-boy\/#primaryimage\",\"url\":\"https:\/\/haremerotikshop.com\/site\/wp-content\/uploads\/2025\/03\/metal-elmas-tasli-anal-plug-rainbow-orta-boy-1769-2.jpg\",\"contentUrl\":\"https:\/\/haremerotikshop.com\/site\/wp-content\/uploads\/2025\/03\/metal-elmas-tasli-anal-plug-rainbow-orta-boy-1769-2.jpg\",\"width\":1500,\"height\":1500},{\"@type\":\"BreadcrumbList\",\"@id\":\"https:\/\/hobierotikshop.com.tr\/website1\/erotik-shop-urun\/metal-elmas-tasli-anal-plug-rainbow-orta-boy\/#breadcrumb\",\"itemListElement\":[{\"@type\":\"ListItem\",\"position\":1,\"name\":\"Anasayfa\",\"item\":\"https:\/\/hobierotikshop.com.tr\/website1\/\"},{\"@type\":\"ListItem\",\"position\":2,\"name\":\"Erotik Shop \u00dcr\u00fcnleri\",\"item\":\"https:\/\/hobierotikshop.com.tr\/website1\/shop\/\"},{\"@type\":\"ListItem\",\"position\":3,\"name\":\"Metal Elmas Ta\u015fl\u0131 Anal Plug Rainbow Orta Boy\"}]},{\"@type\":\"WebSite\",\"@id\":\"https:\/\/hobierotikshop.com.tr\/website1\/#website\",\"url\":\"https:\/\/hobierotikshop.com.tr\/website1\/\",\"name\":\"Bursa Erotik Shop\",\"description\":\"Bursa Erotik Shop ile g\u00fcvenli, gizli ve kaliteli yeti\u015fkin \u00fcr\u00fcnleri al\u0131\u015fveri\u015fi! Geni\u015f \u00fcr\u00fcn yelpazemizi ke\u015ffedin, hemen sipari\u015f verin\",\"publisher\":{\"@id\":\"https:\/\/hobierotikshop.com.tr\/website1\/#organization\"},\"alternateName\":\"Erotik Shop\",\"potentialAction\":[{\"@type\":\"SearchAction\",\"target\":{\"@type\":\"EntryPoint\",\"urlTemplate\":\"https:\/\/hobierotikshop.com.tr\/website1\/?s={search_term_string}\"},\"query-input\":{\"@type\":\"PropertyValueSpecification\",\"valueRequired\":true,\"valueName\":\"search_term_string\"}}],\"inLanguage\":\"tr\"},{\"@type\":\"Organization\",\"@id\":\"https:\/\/hobierotikshop.com.tr\/website1\/#organization\",\"name\":\"Harem Bursa Erotik Shop\",\"url\":\"https:\/\/hobierotikshop.com.tr\/website1\/\",\"logo\":{\"@type\":\"ImageObject\",\"inLanguage\":\"tr\",\"@id\":\"https:\/\/hobierotikshop.com.tr\/website1\/#\/schema\/logo\/image\/\",\"url\":\"https:\/\/haremerotikshop.com\/site\/wp-content\/uploads\/2025\/03\/haremsexshop.png\",\"contentUrl\":\"https:\/\/haremerotikshop.com\/site\/wp-content\/uploads\/2025\/03\/haremsexshop.png\",\"width\":400,\"height\":100,\"caption\":\"Harem Bursa Erotik Shop\"},\"image\":{\"@id\":\"https:\/\/hobierotikshop.com.tr\/website1\/#\/schema\/logo\/image\/\"},\"sameAs\":[\"https:\/\/x.com\/shopbursa\"],\"publishingPrinciples\":\"https:\/\/hobierotikshop.com.tr\/website1\/mesafeli-satis-sozlesmesi\/\",\"ownershipFundingInfo\":\"https:\/\/hobierotikshop.com.tr\/website1\/contact-us\/\",\"actionableFeedbackPolicy\":\"https:\/\/hobierotikshop.com.tr\/website1\/contact-us\/\",\"correctionsPolicy\":\"https:\/\/hobierotikshop.com.tr\/website1\/mesafeli-satis-sozlesmesi\/\"}]}<\/script>\n<meta property=\"product:brand\" content=\"Pembe Tilki\" \/>\n<meta property=\"product:price:amount\" content=\"500.00\" \/>\n<meta property=\"product:price:currency\" content=\"TRY\" \/>\n<meta property=\"og:availability\" content=\"instock\" \/>\n<meta property=\"product:availability\" content=\"instock\" \/>\n<meta property=\"product:retailer_item_id\" content=\"PT-ANXM003MRW\" \/>\n<meta property=\"product:condition\" content=\"new\" \/>\n<!-- \/ Yoast SEO Premium plugin. -->","yoast_head_json":{"title":"Metal Elmas Ta\u015fl\u0131 Anal Plug Rainbow Orta Boy - Bursa Erotik Shop","robots":{"index":"index","follow":"follow","max-snippet":"max-snippet:-1","max-image-preview":"max-image-preview:large","max-video-preview":"max-video-preview:-1"},"canonical":"https:\/\/hobierotikshop.com.tr\/website1\/erotik-shop-urun\/metal-elmas-tasli-anal-plug-rainbow-orta-boy\/","og_locale":"tr_TR","og_type":"article","og_title":"Metal Elmas Ta\u015fl\u0131 Anal Plug Rainbow Orta Boy","og_description":"Cinsel ke\u015fiflerinize renkli ve zarif bir dokunu\u015f kat\u0131n! Metal Elmas Ta\u015fl\u0131 Anal Plug Rainbow Orta Boy, dayan\u0131kl\u0131 metal yap\u0131s\u0131 ve g\u00f6z al\u0131c\u0131 rainbow elmas ta\u015f\u0131 detay\u0131 ile cinsel deneyiminizi farkl\u0131 bir boyuta ta\u015f\u0131yor. Yeni ba\u015flayanlar ve deneyimli kullan\u0131c\u0131lar i\u00e7in m\u00fckemmel olan bu anal plug, estetik tasar\u0131m ve ergonomik kullan\u0131m avantaj\u0131 sunar.","og_url":"https:\/\/hobierotikshop.com.tr\/website1\/erotik-shop-urun\/metal-elmas-tasli-anal-plug-rainbow-orta-boy\/","og_site_name":"Bursa Erotik Shop","article_modified_time":"2026-01-27T08:36:18+00:00","og_image":[{"width":1500,"height":1500,"url":"https:\/\/hobierotikshop.com.tr\/website1\/wp-content\/uploads\/2025\/03\/metal-elmas-tasli-anal-plug-rainbow-orta-boy-1769-2.jpg","type":"image\/jpeg"}],"twitter_card":"summary_large_image","twitter_site":"@shopbursa","twitter_misc":{"Fiyat":"&#8378;500,00 KDV DAH\u0130L","Availability":"In stock"},"schema":{"@context":"https:\/\/schema.org","@graph":[{"@type":"WebPage","@id":"https:\/\/hobierotikshop.com.tr\/website1\/erotik-shop-urun\/metal-elmas-tasli-anal-plug-rainbow-orta-boy\/","url":"https:\/\/hobierotikshop.com.tr\/website1\/erotik-shop-urun\/metal-elmas-tasli-anal-plug-rainbow-orta-boy\/","name":"Metal Elmas Ta\u015fl\u0131 Anal Plug Rainbow Orta Boy - Bursa Erotik Shop","isPartOf":{"@id":"https:\/\/hobierotikshop.com.tr\/website1\/#website"},"primaryImageOfPage":{"@id":"https:\/\/hobierotikshop.com.tr\/website1\/erotik-shop-urun\/metal-elmas-tasli-anal-plug-rainbow-orta-boy\/#primaryimage"},"image":{"@id":"https:\/\/hobierotikshop.com.tr\/website1\/erotik-shop-urun\/metal-elmas-tasli-anal-plug-rainbow-orta-boy\/#primaryimage"},"thumbnailUrl":"https:\/\/haremerotikshop.com\/site\/wp-content\/uploads\/2025\/03\/metal-elmas-tasli-anal-plug-rainbow-orta-boy-1769-2.jpg","datePublished":"2025-03-17T09:19:43+00:00","dateModified":"2026-01-27T08:36:18+00:00","breadcrumb":{"@id":"https:\/\/hobierotikshop.com.tr\/website1\/erotik-shop-urun\/metal-elmas-tasli-anal-plug-rainbow-orta-boy\/#breadcrumb"},"inLanguage":"tr","potentialAction":[{"@type":"ReadAction","target":["https:\/\/hobierotikshop.com.tr\/website1\/erotik-shop-urun\/metal-elmas-tasli-anal-plug-rainbow-orta-boy\/"]}]},{"@type":"ImageObject","inLanguage":"tr","@id":"https:\/\/hobierotikshop.com.tr\/website1\/erotik-shop-urun\/metal-elmas-tasli-anal-plug-rainbow-orta-boy\/#primaryimage","url":"https:\/\/haremerotikshop.com\/site\/wp-content\/uploads\/2025\/03\/metal-elmas-tasli-anal-plug-rainbow-orta-boy-1769-2.jpg","contentUrl":"https:\/\/haremerotikshop.com\/site\/wp-content\/uploads\/2025\/03\/metal-elmas-tasli-anal-plug-rainbow-orta-boy-1769-2.jpg","width":1500,"height":1500},{"@type":"BreadcrumbList","@id":"https:\/\/hobierotikshop.com.tr\/website1\/erotik-shop-urun\/metal-elmas-tasli-anal-plug-rainbow-orta-boy\/#breadcrumb","itemListElement":[{"@type":"ListItem","position":1,"name":"Anasayfa","item":"https:\/\/hobierotikshop.com.tr\/website1\/"},{"@type":"ListItem","position":2,"name":"Erotik Shop \u00dcr\u00fcnleri","item":"https:\/\/hobierotikshop.com.tr\/website1\/shop\/"},{"@type":"ListItem","position":3,"name":"Metal Elmas Ta\u015fl\u0131 Anal Plug Rainbow Orta Boy"}]},{"@type":"WebSite","@id":"https:\/\/hobierotikshop.com.tr\/website1\/#website","url":"https:\/\/hobierotikshop.com.tr\/website1\/","name":"Bursa Erotik Shop","description":"Bursa Erotik Shop ile g\u00fcvenli, gizli ve kaliteli yeti\u015fkin \u00fcr\u00fcnleri al\u0131\u015fveri\u015fi! Geni\u015f \u00fcr\u00fcn yelpazemizi ke\u015ffedin, hemen sipari\u015f verin","publisher":{"@id":"https:\/\/hobierotikshop.com.tr\/website1\/#organization"},"alternateName":"Erotik Shop","potentialAction":[{"@type":"SearchAction","target":{"@type":"EntryPoint","urlTemplate":"https:\/\/hobierotikshop.com.tr\/website1\/?s={search_term_string}"},"query-input":{"@type":"PropertyValueSpecification","valueRequired":true,"valueName":"search_term_string"}}],"inLanguage":"tr"},{"@type":"Organization","@id":"https:\/\/hobierotikshop.com.tr\/website1\/#organization","name":"Harem Bursa Erotik Shop","url":"https:\/\/hobierotikshop.com.tr\/website1\/","logo":{"@type":"ImageObject","inLanguage":"tr","@id":"https:\/\/hobierotikshop.com.tr\/website1\/#\/schema\/logo\/image\/","url":"https:\/\/haremerotikshop.com\/site\/wp-content\/uploads\/2025\/03\/haremsexshop.png","contentUrl":"https:\/\/haremerotikshop.com\/site\/wp-content\/uploads\/2025\/03\/haremsexshop.png","width":400,"height":100,"caption":"Harem Bursa Erotik Shop"},"image":{"@id":"https:\/\/hobierotikshop.com.tr\/website1\/#\/schema\/logo\/image\/"},"sameAs":["https:\/\/x.com\/shopbursa"],"publishingPrinciples":"https:\/\/hobierotikshop.com.tr\/website1\/mesafeli-satis-sozlesmesi\/","ownershipFundingInfo":"https:\/\/hobierotikshop.com.tr\/website1\/contact-us\/","actionableFeedbackPolicy":"https:\/\/hobierotikshop.com.tr\/website1\/contact-us\/","correctionsPolicy":"https:\/\/hobierotikshop.com.tr\/website1\/mesafeli-satis-sozlesmesi\/"}]},"product_brand":"Pembe Tilki","product_price_amount":"500.00","product_price_currency":"TRY","og_availability":"instock","product_availability":"instock","product_retailer_item_id":"PT-ANXM003MRW","product_condition":"new"},"_links":{"self":[{"href":"https:\/\/haremerotikshop.com\/site\/wp-json\/wp\/v2\/product\/18567","targetHints":{"allow":["GET"]}}],"collection":[{"href":"https:\/\/haremerotikshop.com\/site\/wp-json\/wp\/v2\/product"}],"about":[{"href":"https:\/\/haremerotikshop.com\/site\/wp-json\/wp\/v2\/types\/product"}],"replies":[{"embeddable":true,"href":"https:\/\/haremerotikshop.com\/site\/wp-json\/wp\/v2\/comments?post=18567"}],"version-history":[{"count":0,"href":"https:\/\/haremerotikshop.com\/site\/wp-json\/wp\/v2\/product\/18567\/revisions"}],"wp:featuredmedia":[{"embeddable":true,"href":"https:\/\/haremerotikshop.com\/site\/wp-json\/wp\/v2\/media\/18684"}],"wp:attachment":[{"href":"https:\/\/haremerotikshop.com\/site\/wp-json\/wp\/v2\/media?parent=18567"}],"wp:term":[{"taxonomy":"product_brand","embeddable":true,"href":"https:\/\/haremerotikshop.com\/site\/wp-json\/wp\/v2\/product_brand?post=18567"},{"taxonomy":"product_cat","embeddable":true,"href":"https:\/\/haremerotikshop.com\/site\/wp-json\/wp\/v2\/product_cat?post=18567"},{"taxonomy":"product_tag","embeddable":true,"href":"https:\/\/haremerotikshop.com\/site\/wp-json\/wp\/v2\/product_tag?post=18567"}],"curies":[{"name":"wp","href":"https:\/\/api.w.org\/{rel}","templated":true}]}}