{"id":18568,"date":"2025-03-17T12:19:43","date_gmt":"2025-03-17T09:19:43","guid":{"rendered":"https:\/\/haremerotikshop.com\/site\/?post_type=product&#038;p=18568"},"modified":"2026-01-27T11:36:28","modified_gmt":"2026-01-27T08:36:28","slug":"metal-elmas-tasli-anal-plug-pembe-orta-boy","status":"publish","type":"product","link":"https:\/\/haremerotikshop.com\/site\/erotik-shop-urun\/metal-elmas-tasli-anal-plug-pembe-orta-boy\/","title":{"rendered":"Metal Elmas Ta\u015fl\u0131 Anal Plug Pembe Orta Boy"},"content":{"rendered":"<h3 data-start=\"0\" data-end=\"84\"><strong data-start=\"4\" data-end=\"82\">Metal Elmas Ta\u015fl\u0131 Anal Plug Pembe Orta Boy \u2013 Zarif ve Keyifli Bir Deneyim!<\/strong><\/h3>\n<p data-start=\"86\" data-end=\"447\">Cinsel ke\u015fiflerinize <strong data-start=\"107\" data-end=\"140\">zarif ve romantik bir dokunu\u015f<\/strong> kat\u0131n! <strong data-start=\"148\" data-end=\"194\">Metal Elmas Ta\u015fl\u0131 Anal Plug Pembe Orta Boy<\/strong>, <strong data-start=\"196\" data-end=\"265\">y\u00fcksek kaliteli metal yap\u0131s\u0131 ve g\u00f6z al\u0131c\u0131 pembe elmas ta\u015f\u0131 detay\u0131<\/strong> ile cinsel deneyiminizi farkl\u0131 bir seviyeye ta\u015f\u0131yor. <strong data-start=\"319\" data-end=\"391\">Yeni ba\u015flayanlar ve orta seviye kullan\u0131c\u0131lar i\u00e7in ideal olan bu \u00fcr\u00fcn<\/strong>, <strong data-start=\"393\" data-end=\"445\">konforlu, g\u00fcvenli ve estetik bir kullan\u0131m sunar.<\/strong><\/p>\n<hr data-start=\"449\" data-end=\"452\" \/>\n<h3 data-start=\"454\" data-end=\"481\"><strong data-start=\"458\" data-end=\"479\">\u00dcr\u00fcn \u00d6zellikleri:<\/strong><\/h3>\n<p data-start=\"482\" data-end=\"822\">\u2714 <strong data-start=\"484\" data-end=\"496\">Uzunluk:<\/strong> 8 cm<br data-start=\"501\" data-end=\"504\" \/>\u2714 <strong data-start=\"506\" data-end=\"514\">\u00c7ap:<\/strong> 3.4 cm<br data-start=\"521\" data-end=\"524\" \/>\u2714 <strong data-start=\"526\" data-end=\"538\">A\u011f\u0131rl\u0131k:<\/strong> 110 gr<br data-start=\"545\" data-end=\"548\" \/>\u2714 <strong data-start=\"550\" data-end=\"562\">Malzeme:<\/strong> P\u00fcr\u00fczs\u00fcz, hijyenik ve dayan\u0131kl\u0131 metal<br data-start=\"600\" data-end=\"603\" \/>\u2714 <strong data-start=\"605\" data-end=\"617\">Tasar\u0131m:<\/strong> \u015e\u0131k metal g\u00f6vde &amp; g\u00f6z al\u0131c\u0131 pembe elmas ta\u015f\u0131<br data-start=\"662\" data-end=\"665\" \/>\u2714 <strong data-start=\"667\" data-end=\"690\">Kullan\u0131c\u0131 Seviyesi:<\/strong> Orta seviye kullan\u0131c\u0131lar ve yeni ba\u015flayanlar i\u00e7in uygun<br data-start=\"746\" data-end=\"749\" \/>\u2714 <strong data-start=\"751\" data-end=\"770\">Kullan\u0131m Alan\u0131:<\/strong> Bireysel ke\u015fif ve partnerle oyunlar i\u00e7in m\u00fckemmel<\/p>\n<hr data-start=\"824\" data-end=\"827\" \/>\n<h3 data-start=\"829\" data-end=\"869\"><strong data-start=\"833\" data-end=\"867\">Ergonomik ve Konforlu Kullan\u0131m<\/strong><\/h3>\n<p data-start=\"871\" data-end=\"1197\">\ud83d\udc97 <strong data-start=\"874\" data-end=\"895\">Orta boy tasar\u0131m\u0131<\/strong>, rahat ve kontroll\u00fc bir deneyim sa\u011flar.<br data-start=\"935\" data-end=\"938\" \/>\ud83d\udc97 <strong data-start=\"941\" data-end=\"970\">Geni\u015f ve ergonomik taban\u0131<\/strong>, g\u00fcvenli ve stabil kullan\u0131m i\u00e7in tasarlanm\u0131\u015ft\u0131r.<br data-start=\"1019\" data-end=\"1022\" \/>\ud83d\udc97 <strong data-start=\"1025\" data-end=\"1044\">P\u00fcr\u00fczs\u00fcz y\u00fczeyi<\/strong>, konforlu bir his yarat\u0131r ve kolay yerle\u015ftirme imkan\u0131 sunar.<br data-start=\"1105\" data-end=\"1108\" \/>\ud83d\udc97 <strong data-start=\"1111\" data-end=\"1145\">Metal malzeme \u0131s\u0131ya duyarl\u0131d\u0131r<\/strong>, s\u0131cak veya so\u011fuk deneyimler i\u00e7in kullan\u0131labilir.<\/p>\n<hr data-start=\"1199\" data-end=\"1202\" \/>\n<h3 data-start=\"1204\" data-end=\"1240\"><strong data-start=\"1208\" data-end=\"1238\">Hijyenik ve Kolay Temizlik<\/strong><\/h3>\n<p data-start=\"1242\" data-end=\"1503\">\u2714 <strong data-start=\"1244\" data-end=\"1314\">P\u00fcr\u00fczs\u00fcz metal y\u00fczeyi sayesinde h\u0131zl\u0131 ve hijyenik temizlik sa\u011flar.<\/strong><br data-start=\"1314\" data-end=\"1317\" \/>\u2714 <strong data-start=\"1319\" data-end=\"1415\">S\u0131cak su ve sabunla kolayca temizlenebilir veya \u00f6zel oyuncak temizleyicileri kullan\u0131labilir.<\/strong><br data-start=\"1415\" data-end=\"1418\" \/>\u2714 <strong data-start=\"1420\" data-end=\"1501\">Bakteri bar\u0131nd\u0131rmayan yap\u0131s\u0131 sayesinde g\u00fcvenli ve uzun \u00f6m\u00fcrl\u00fc kullan\u0131m sunar.<\/strong><\/p>\n<hr data-start=\"1505\" data-end=\"1508\" \/>\n<h3 data-start=\"1510\" data-end=\"1564\"><strong data-start=\"1514\" data-end=\"1562\">Cinsel Deneyiminize Zarafet ve \u015e\u0131kl\u0131k Kat\u0131n!<\/strong><\/h3>\n<p data-start=\"1566\" data-end=\"1750\">E\u011fer <strong data-start=\"1571\" data-end=\"1615\">zarif, estetik ve kaliteli bir anal plug<\/strong> ar\u0131yorsan\u0131z, <strong data-start=\"1629\" data-end=\"1675\">Metal Elmas Ta\u015fl\u0131 Anal Plug Pembe Orta Boy<\/strong>, <strong data-start=\"1677\" data-end=\"1748\">hem g\u00f6rsel hem de fiziksel olarak tatmin edici bir deneyim sunuyor.<\/strong><\/p>\n<p data-start=\"1752\" data-end=\"1820\">\ud83d\udc96 <strong data-start=\"1755\" data-end=\"1818\">Romantik ve \u015f\u0131k tasar\u0131m\u0131yla cinsel ya\u015fam\u0131n\u0131z\u0131 renklendirin!<\/strong><\/p>\n<p data-start=\"1860\" data-end=\"2082\" data-is-last-node=\"\" data-is-only-node=\"\">Metal Anal Plug, Pembe Elmas Ta\u015fl\u0131 Anal Plug, Orta Boy Anal Plug, Yeni Ba\u015flayanlar \u0130\u00e7in Anal Oyuncak, \u015e\u0131k ve Estetik Anal Plug, Is\u0131t\u0131labilir ve So\u011futulabilir Anal Plug, Hijyenik Seks Oyuncaklar\u0131, G\u00fcvenli Kullan\u0131m Anal Plug<\/p>\n","protected":false},"excerpt":{"rendered":"<p>Cinsel ke\u015fiflerinize <strong data-start=\"107\" data-end=\"140\">zarif ve romantik bir dokunu\u015f<\/strong> kat\u0131n! <strong data-start=\"148\" data-end=\"194\">Metal Elmas Ta\u015fl\u0131 Anal Plug Pembe Orta Boy<\/strong>, <strong data-start=\"196\" data-end=\"265\">y\u00fcksek kaliteli metal yap\u0131s\u0131 ve g\u00f6z al\u0131c\u0131 pembe elmas ta\u015f\u0131 detay\u0131<\/strong> ile cinsel deneyiminizi farkl\u0131 bir seviyeye ta\u015f\u0131yor. <strong data-start=\"319\" data-end=\"391\">Yeni ba\u015flayanlar ve orta seviye kullan\u0131c\u0131lar i\u00e7in ideal olan bu \u00fcr\u00fcn<\/strong>, <strong data-start=\"393\" data-end=\"445\">konforlu, g\u00fcvenli ve estetik bir kullan\u0131m sunar.<\/strong><\/p>\n","protected":false},"featured_media":18695,"comment_status":"open","ping_status":"closed","template":"","meta":[],"product_brand":[127],"product_cat":[89],"product_tag":[169],"class_list":{"0":"post-18568","1":"product","2":"type-product","3":"status-publish","4":"has-post-thumbnail","6":"product_brand-pembe-tilki","7":"product_cat-anal-plug","8":"product_tag-metal-elmas-tasli-anal-plug-kirmizi-orta-boy","10":"first","11":"instock","12":"taxable","13":"shipping-taxable","14":"purchasable","15":"product-type-simple"},"yoast_head":"<!-- This site is optimized with the Yoast SEO Premium plugin v24.4 (Yoast SEO v27.1.1) - https:\/\/yoast.com\/product\/yoast-seo-premium-wordpress\/ -->\n<title>Metal Elmas Ta\u015fl\u0131 Anal Plug Pembe Orta Boy - Bursa Erotik Shop<\/title>\n<meta name=\"robots\" content=\"index, follow, max-snippet:-1, max-image-preview:large, max-video-preview:-1\" \/>\n<link rel=\"canonical\" href=\"https:\/\/hobierotikshop.com.tr\/website1\/erotik-shop-urun\/metal-elmas-tasli-anal-plug-pembe-orta-boy\/\" \/>\n<meta property=\"og:locale\" content=\"tr_TR\" \/>\n<meta property=\"og:type\" content=\"article\" \/>\n<meta property=\"og:title\" content=\"Metal Elmas Ta\u015fl\u0131 Anal Plug Pembe Orta Boy\" \/>\n<meta property=\"og:description\" content=\"Cinsel ke\u015fiflerinize zarif ve romantik bir dokunu\u015f kat\u0131n! Metal Elmas Ta\u015fl\u0131 Anal Plug Pembe Orta Boy, y\u00fcksek kaliteli metal yap\u0131s\u0131 ve g\u00f6z al\u0131c\u0131 pembe elmas ta\u015f\u0131 detay\u0131 ile cinsel deneyiminizi farkl\u0131 bir seviyeye ta\u015f\u0131yor. Yeni ba\u015flayanlar ve orta seviye kullan\u0131c\u0131lar i\u00e7in ideal olan bu \u00fcr\u00fcn, konforlu, g\u00fcvenli ve estetik bir kullan\u0131m sunar.\" \/>\n<meta property=\"og:url\" content=\"https:\/\/hobierotikshop.com.tr\/website1\/erotik-shop-urun\/metal-elmas-tasli-anal-plug-pembe-orta-boy\/\" \/>\n<meta property=\"og:site_name\" content=\"Bursa Erotik Shop\" \/>\n<meta property=\"article:modified_time\" content=\"2026-01-27T08:36:28+00:00\" \/>\n<meta property=\"og:image\" content=\"https:\/\/hobierotikshop.com.tr\/website1\/wp-content\/uploads\/2025\/03\/metal-elmas-tasli-anal-plug-pembe-orta-boy-1770-2.jpg\" \/>\n\t<meta property=\"og:image:width\" content=\"1500\" \/>\n\t<meta property=\"og:image:height\" content=\"1500\" \/>\n\t<meta property=\"og:image:type\" content=\"image\/jpeg\" \/>\n<meta name=\"twitter:card\" content=\"summary_large_image\" \/>\n<meta name=\"twitter:site\" content=\"@shopbursa\" \/>\n<meta name=\"twitter:label1\" content=\"Fiyat\" \/>\n\t<meta name=\"twitter:data1\" content=\"&#8378;500,00 KDV DAH\u0130L\" \/>\n\t<meta name=\"twitter:label2\" content=\"Availability\" \/>\n\t<meta name=\"twitter:data2\" content=\"In stock\" \/>\n<script type=\"application\/ld+json\" class=\"yoast-schema-graph\">{\"@context\":\"https:\/\/schema.org\",\"@graph\":[{\"@type\":\"WebPage\",\"@id\":\"https:\/\/hobierotikshop.com.tr\/website1\/erotik-shop-urun\/metal-elmas-tasli-anal-plug-pembe-orta-boy\/\",\"url\":\"https:\/\/hobierotikshop.com.tr\/website1\/erotik-shop-urun\/metal-elmas-tasli-anal-plug-pembe-orta-boy\/\",\"name\":\"Metal Elmas Ta\u015fl\u0131 Anal Plug Pembe Orta Boy - Bursa Erotik Shop\",\"isPartOf\":{\"@id\":\"https:\/\/hobierotikshop.com.tr\/website1\/#website\"},\"primaryImageOfPage\":{\"@id\":\"https:\/\/hobierotikshop.com.tr\/website1\/erotik-shop-urun\/metal-elmas-tasli-anal-plug-pembe-orta-boy\/#primaryimage\"},\"image\":{\"@id\":\"https:\/\/hobierotikshop.com.tr\/website1\/erotik-shop-urun\/metal-elmas-tasli-anal-plug-pembe-orta-boy\/#primaryimage\"},\"thumbnailUrl\":\"https:\/\/haremerotikshop.com\/site\/wp-content\/uploads\/2025\/03\/metal-elmas-tasli-anal-plug-pembe-orta-boy-1770-2.jpg\",\"datePublished\":\"2025-03-17T09:19:43+00:00\",\"dateModified\":\"2026-01-27T08:36:28+00:00\",\"breadcrumb\":{\"@id\":\"https:\/\/hobierotikshop.com.tr\/website1\/erotik-shop-urun\/metal-elmas-tasli-anal-plug-pembe-orta-boy\/#breadcrumb\"},\"inLanguage\":\"tr\",\"potentialAction\":[{\"@type\":\"ReadAction\",\"target\":[\"https:\/\/hobierotikshop.com.tr\/website1\/erotik-shop-urun\/metal-elmas-tasli-anal-plug-pembe-orta-boy\/\"]}]},{\"@type\":\"ImageObject\",\"inLanguage\":\"tr\",\"@id\":\"https:\/\/hobierotikshop.com.tr\/website1\/erotik-shop-urun\/metal-elmas-tasli-anal-plug-pembe-orta-boy\/#primaryimage\",\"url\":\"https:\/\/haremerotikshop.com\/site\/wp-content\/uploads\/2025\/03\/metal-elmas-tasli-anal-plug-pembe-orta-boy-1770-2.jpg\",\"contentUrl\":\"https:\/\/haremerotikshop.com\/site\/wp-content\/uploads\/2025\/03\/metal-elmas-tasli-anal-plug-pembe-orta-boy-1770-2.jpg\",\"width\":1500,\"height\":1500},{\"@type\":\"BreadcrumbList\",\"@id\":\"https:\/\/hobierotikshop.com.tr\/website1\/erotik-shop-urun\/metal-elmas-tasli-anal-plug-pembe-orta-boy\/#breadcrumb\",\"itemListElement\":[{\"@type\":\"ListItem\",\"position\":1,\"name\":\"Anasayfa\",\"item\":\"https:\/\/hobierotikshop.com.tr\/website1\/\"},{\"@type\":\"ListItem\",\"position\":2,\"name\":\"Erotik Shop \u00dcr\u00fcnleri\",\"item\":\"https:\/\/hobierotikshop.com.tr\/website1\/shop\/\"},{\"@type\":\"ListItem\",\"position\":3,\"name\":\"Metal Elmas Ta\u015fl\u0131 Anal Plug Pembe Orta Boy\"}]},{\"@type\":\"WebSite\",\"@id\":\"https:\/\/hobierotikshop.com.tr\/website1\/#website\",\"url\":\"https:\/\/hobierotikshop.com.tr\/website1\/\",\"name\":\"Bursa Erotik Shop\",\"description\":\"Bursa Erotik Shop ile g\u00fcvenli, gizli ve kaliteli yeti\u015fkin \u00fcr\u00fcnleri al\u0131\u015fveri\u015fi! Geni\u015f \u00fcr\u00fcn yelpazemizi ke\u015ffedin, hemen sipari\u015f verin\",\"publisher\":{\"@id\":\"https:\/\/hobierotikshop.com.tr\/website1\/#organization\"},\"alternateName\":\"Erotik Shop\",\"potentialAction\":[{\"@type\":\"SearchAction\",\"target\":{\"@type\":\"EntryPoint\",\"urlTemplate\":\"https:\/\/hobierotikshop.com.tr\/website1\/?s={search_term_string}\"},\"query-input\":{\"@type\":\"PropertyValueSpecification\",\"valueRequired\":true,\"valueName\":\"search_term_string\"}}],\"inLanguage\":\"tr\"},{\"@type\":\"Organization\",\"@id\":\"https:\/\/hobierotikshop.com.tr\/website1\/#organization\",\"name\":\"Harem Bursa Erotik Shop\",\"url\":\"https:\/\/hobierotikshop.com.tr\/website1\/\",\"logo\":{\"@type\":\"ImageObject\",\"inLanguage\":\"tr\",\"@id\":\"https:\/\/hobierotikshop.com.tr\/website1\/#\/schema\/logo\/image\/\",\"url\":\"https:\/\/haremerotikshop.com\/site\/wp-content\/uploads\/2025\/03\/haremsexshop.png\",\"contentUrl\":\"https:\/\/haremerotikshop.com\/site\/wp-content\/uploads\/2025\/03\/haremsexshop.png\",\"width\":400,\"height\":100,\"caption\":\"Harem Bursa Erotik Shop\"},\"image\":{\"@id\":\"https:\/\/hobierotikshop.com.tr\/website1\/#\/schema\/logo\/image\/\"},\"sameAs\":[\"https:\/\/x.com\/shopbursa\"],\"publishingPrinciples\":\"https:\/\/hobierotikshop.com.tr\/website1\/mesafeli-satis-sozlesmesi\/\",\"ownershipFundingInfo\":\"https:\/\/hobierotikshop.com.tr\/website1\/contact-us\/\",\"actionableFeedbackPolicy\":\"https:\/\/hobierotikshop.com.tr\/website1\/contact-us\/\",\"correctionsPolicy\":\"https:\/\/hobierotikshop.com.tr\/website1\/mesafeli-satis-sozlesmesi\/\"}]}<\/script>\n<meta property=\"product:brand\" content=\"Pembe Tilki\" \/>\n<meta property=\"product:price:amount\" content=\"500.00\" \/>\n<meta property=\"product:price:currency\" content=\"TRY\" \/>\n<meta property=\"og:availability\" content=\"instock\" \/>\n<meta property=\"product:availability\" content=\"instock\" \/>\n<meta property=\"product:retailer_item_id\" content=\"PT-ANXM003MPNK\" \/>\n<meta property=\"product:condition\" content=\"new\" \/>\n<!-- \/ Yoast SEO Premium plugin. -->","yoast_head_json":{"title":"Metal Elmas Ta\u015fl\u0131 Anal Plug Pembe Orta Boy - Bursa Erotik Shop","robots":{"index":"index","follow":"follow","max-snippet":"max-snippet:-1","max-image-preview":"max-image-preview:large","max-video-preview":"max-video-preview:-1"},"canonical":"https:\/\/hobierotikshop.com.tr\/website1\/erotik-shop-urun\/metal-elmas-tasli-anal-plug-pembe-orta-boy\/","og_locale":"tr_TR","og_type":"article","og_title":"Metal Elmas Ta\u015fl\u0131 Anal Plug Pembe Orta Boy","og_description":"Cinsel ke\u015fiflerinize zarif ve romantik bir dokunu\u015f kat\u0131n! Metal Elmas Ta\u015fl\u0131 Anal Plug Pembe Orta Boy, y\u00fcksek kaliteli metal yap\u0131s\u0131 ve g\u00f6z al\u0131c\u0131 pembe elmas ta\u015f\u0131 detay\u0131 ile cinsel deneyiminizi farkl\u0131 bir seviyeye ta\u015f\u0131yor. Yeni ba\u015flayanlar ve orta seviye kullan\u0131c\u0131lar i\u00e7in ideal olan bu \u00fcr\u00fcn, konforlu, g\u00fcvenli ve estetik bir kullan\u0131m sunar.","og_url":"https:\/\/hobierotikshop.com.tr\/website1\/erotik-shop-urun\/metal-elmas-tasli-anal-plug-pembe-orta-boy\/","og_site_name":"Bursa Erotik Shop","article_modified_time":"2026-01-27T08:36:28+00:00","og_image":[{"width":1500,"height":1500,"url":"https:\/\/hobierotikshop.com.tr\/website1\/wp-content\/uploads\/2025\/03\/metal-elmas-tasli-anal-plug-pembe-orta-boy-1770-2.jpg","type":"image\/jpeg"}],"twitter_card":"summary_large_image","twitter_site":"@shopbursa","twitter_misc":{"Fiyat":"&#8378;500,00 KDV DAH\u0130L","Availability":"In stock"},"schema":{"@context":"https:\/\/schema.org","@graph":[{"@type":"WebPage","@id":"https:\/\/hobierotikshop.com.tr\/website1\/erotik-shop-urun\/metal-elmas-tasli-anal-plug-pembe-orta-boy\/","url":"https:\/\/hobierotikshop.com.tr\/website1\/erotik-shop-urun\/metal-elmas-tasli-anal-plug-pembe-orta-boy\/","name":"Metal Elmas Ta\u015fl\u0131 Anal Plug Pembe Orta Boy - Bursa Erotik Shop","isPartOf":{"@id":"https:\/\/hobierotikshop.com.tr\/website1\/#website"},"primaryImageOfPage":{"@id":"https:\/\/hobierotikshop.com.tr\/website1\/erotik-shop-urun\/metal-elmas-tasli-anal-plug-pembe-orta-boy\/#primaryimage"},"image":{"@id":"https:\/\/hobierotikshop.com.tr\/website1\/erotik-shop-urun\/metal-elmas-tasli-anal-plug-pembe-orta-boy\/#primaryimage"},"thumbnailUrl":"https:\/\/haremerotikshop.com\/site\/wp-content\/uploads\/2025\/03\/metal-elmas-tasli-anal-plug-pembe-orta-boy-1770-2.jpg","datePublished":"2025-03-17T09:19:43+00:00","dateModified":"2026-01-27T08:36:28+00:00","breadcrumb":{"@id":"https:\/\/hobierotikshop.com.tr\/website1\/erotik-shop-urun\/metal-elmas-tasli-anal-plug-pembe-orta-boy\/#breadcrumb"},"inLanguage":"tr","potentialAction":[{"@type":"ReadAction","target":["https:\/\/hobierotikshop.com.tr\/website1\/erotik-shop-urun\/metal-elmas-tasli-anal-plug-pembe-orta-boy\/"]}]},{"@type":"ImageObject","inLanguage":"tr","@id":"https:\/\/hobierotikshop.com.tr\/website1\/erotik-shop-urun\/metal-elmas-tasli-anal-plug-pembe-orta-boy\/#primaryimage","url":"https:\/\/haremerotikshop.com\/site\/wp-content\/uploads\/2025\/03\/metal-elmas-tasli-anal-plug-pembe-orta-boy-1770-2.jpg","contentUrl":"https:\/\/haremerotikshop.com\/site\/wp-content\/uploads\/2025\/03\/metal-elmas-tasli-anal-plug-pembe-orta-boy-1770-2.jpg","width":1500,"height":1500},{"@type":"BreadcrumbList","@id":"https:\/\/hobierotikshop.com.tr\/website1\/erotik-shop-urun\/metal-elmas-tasli-anal-plug-pembe-orta-boy\/#breadcrumb","itemListElement":[{"@type":"ListItem","position":1,"name":"Anasayfa","item":"https:\/\/hobierotikshop.com.tr\/website1\/"},{"@type":"ListItem","position":2,"name":"Erotik Shop \u00dcr\u00fcnleri","item":"https:\/\/hobierotikshop.com.tr\/website1\/shop\/"},{"@type":"ListItem","position":3,"name":"Metal Elmas Ta\u015fl\u0131 Anal Plug Pembe Orta Boy"}]},{"@type":"WebSite","@id":"https:\/\/hobierotikshop.com.tr\/website1\/#website","url":"https:\/\/hobierotikshop.com.tr\/website1\/","name":"Bursa Erotik Shop","description":"Bursa Erotik Shop ile g\u00fcvenli, gizli ve kaliteli yeti\u015fkin \u00fcr\u00fcnleri al\u0131\u015fveri\u015fi! Geni\u015f \u00fcr\u00fcn yelpazemizi ke\u015ffedin, hemen sipari\u015f verin","publisher":{"@id":"https:\/\/hobierotikshop.com.tr\/website1\/#organization"},"alternateName":"Erotik Shop","potentialAction":[{"@type":"SearchAction","target":{"@type":"EntryPoint","urlTemplate":"https:\/\/hobierotikshop.com.tr\/website1\/?s={search_term_string}"},"query-input":{"@type":"PropertyValueSpecification","valueRequired":true,"valueName":"search_term_string"}}],"inLanguage":"tr"},{"@type":"Organization","@id":"https:\/\/hobierotikshop.com.tr\/website1\/#organization","name":"Harem Bursa Erotik Shop","url":"https:\/\/hobierotikshop.com.tr\/website1\/","logo":{"@type":"ImageObject","inLanguage":"tr","@id":"https:\/\/hobierotikshop.com.tr\/website1\/#\/schema\/logo\/image\/","url":"https:\/\/haremerotikshop.com\/site\/wp-content\/uploads\/2025\/03\/haremsexshop.png","contentUrl":"https:\/\/haremerotikshop.com\/site\/wp-content\/uploads\/2025\/03\/haremsexshop.png","width":400,"height":100,"caption":"Harem Bursa Erotik Shop"},"image":{"@id":"https:\/\/hobierotikshop.com.tr\/website1\/#\/schema\/logo\/image\/"},"sameAs":["https:\/\/x.com\/shopbursa"],"publishingPrinciples":"https:\/\/hobierotikshop.com.tr\/website1\/mesafeli-satis-sozlesmesi\/","ownershipFundingInfo":"https:\/\/hobierotikshop.com.tr\/website1\/contact-us\/","actionableFeedbackPolicy":"https:\/\/hobierotikshop.com.tr\/website1\/contact-us\/","correctionsPolicy":"https:\/\/hobierotikshop.com.tr\/website1\/mesafeli-satis-sozlesmesi\/"}]},"product_brand":"Pembe Tilki","product_price_amount":"500.00","product_price_currency":"TRY","og_availability":"instock","product_availability":"instock","product_retailer_item_id":"PT-ANXM003MPNK","product_condition":"new"},"_links":{"self":[{"href":"https:\/\/haremerotikshop.com\/site\/wp-json\/wp\/v2\/product\/18568","targetHints":{"allow":["GET"]}}],"collection":[{"href":"https:\/\/haremerotikshop.com\/site\/wp-json\/wp\/v2\/product"}],"about":[{"href":"https:\/\/haremerotikshop.com\/site\/wp-json\/wp\/v2\/types\/product"}],"replies":[{"embeddable":true,"href":"https:\/\/haremerotikshop.com\/site\/wp-json\/wp\/v2\/comments?post=18568"}],"version-history":[{"count":0,"href":"https:\/\/haremerotikshop.com\/site\/wp-json\/wp\/v2\/product\/18568\/revisions"}],"wp:featuredmedia":[{"embeddable":true,"href":"https:\/\/haremerotikshop.com\/site\/wp-json\/wp\/v2\/media\/18695"}],"wp:attachment":[{"href":"https:\/\/haremerotikshop.com\/site\/wp-json\/wp\/v2\/media?parent=18568"}],"wp:term":[{"taxonomy":"product_brand","embeddable":true,"href":"https:\/\/haremerotikshop.com\/site\/wp-json\/wp\/v2\/product_brand?post=18568"},{"taxonomy":"product_cat","embeddable":true,"href":"https:\/\/haremerotikshop.com\/site\/wp-json\/wp\/v2\/product_cat?post=18568"},{"taxonomy":"product_tag","embeddable":true,"href":"https:\/\/haremerotikshop.com\/site\/wp-json\/wp\/v2\/product_tag?post=18568"}],"curies":[{"name":"wp","href":"https:\/\/api.w.org\/{rel}","templated":true}]}}