{"id":18609,"date":"2025-03-17T12:20:33","date_gmt":"2025-03-17T09:20:33","guid":{"rendered":"https:\/\/haremerotikshop.com\/site\/?post_type=product&#038;p=18609"},"modified":"2026-01-27T11:34:41","modified_gmt":"2026-01-27T08:34:41","slug":"metal-elmas-tasli-anal-plug-rainbow-buyuk-boy","status":"publish","type":"product","link":"https:\/\/haremerotikshop.com\/site\/erotik-shop-urun\/metal-elmas-tasli-anal-plug-rainbow-buyuk-boy\/","title":{"rendered":"Metal Elmas Ta\u015fl\u0131 Anal Plug Rainbow B\u00fcy\u00fck Boy"},"content":{"rendered":"<p data-start=\"0\" data-end=\"85\"><strong data-start=\"0\" data-end=\"83\">Metal Elmas Ta\u015fl\u0131 Anal Plug Rainbow B\u00fcy\u00fck Boy \u2013 Estetik ve Tatmin Edici Deneyim<\/strong><\/p>\n<p data-start=\"87\" data-end=\"455\">Cinsel deneyiminize l\u00fcks bir dokunu\u015f katmak ister misiniz? <strong data-start=\"146\" data-end=\"195\">Metal Elmas Ta\u015fl\u0131 Anal Plug Rainbow B\u00fcy\u00fck Boy<\/strong>, \u015f\u0131k tasar\u0131m\u0131, ergonomik yap\u0131s\u0131 ve y\u00fcksek kaliteli malzemesiyle benzersiz bir deneyim sunar. G\u00f6z al\u0131c\u0131 <strong data-start=\"299\" data-end=\"321\">Rainbow elmas ta\u015f\u0131<\/strong> detay\u0131yla yaln\u0131zca estetik bir g\u00f6r\u00fcn\u00fcm sa\u011flamakla kalmaz, ayn\u0131 zamanda kullan\u0131m\u0131 s\u0131ras\u0131nda ekstra bir g\u00f6rsel ve duyusal zevk sunar.<\/p>\n<h3 data-start=\"457\" data-end=\"494\"><strong data-start=\"461\" data-end=\"492\">\u00dcst\u00fcn Kalite ve \u015e\u0131k Tasar\u0131m<\/strong><\/h3>\n<p data-start=\"496\" data-end=\"846\">Bu anal plug, <strong data-start=\"510\" data-end=\"546\">y\u00fcksek kaliteli metal malzemeden<\/strong> \u00fcretilmi\u015ftir ve <strong data-start=\"563\" data-end=\"580\">dayan\u0131kl\u0131l\u0131\u011f\u0131<\/strong> ile uzun \u00f6m\u00fcrl\u00fc bir kullan\u0131m sunar. <strong data-start=\"617\" data-end=\"636\">P\u00fcr\u00fczs\u00fcz y\u00fczeyi<\/strong> sayesinde kolay bir yerle\u015ftirme ve \u00e7\u0131karma imk\u00e2n\u0131 sunarken, ergonomik yap\u0131s\u0131 rahat bir kullan\u0131m sa\u011flar. Metalin <strong data-start=\"749\" data-end=\"774\">h\u0131zl\u0131 \u0131s\u0131 iletkenli\u011fi<\/strong>, v\u00fccut s\u0131cakl\u0131\u011f\u0131na kolayca uyum sa\u011flayarak benzersiz bir his yarat\u0131r.<\/p>\n<p data-start=\"848\" data-end=\"1019\"><strong data-start=\"848\" data-end=\"870\">Rainbow elmas ta\u015f\u0131<\/strong> detay\u0131, yaln\u0131zca estetik a\u00e7\u0131dan b\u00fcy\u00fcleyici bir dokunu\u015f katmakla kalmaz, ayn\u0131 zamanda partnerinizle <strong data-start=\"970\" data-end=\"1009\">oyunbaz ve keyifli anlar ya\u015faman\u0131z\u0131<\/strong> sa\u011flar.<\/p>\n<h3 data-start=\"1021\" data-end=\"1048\"><strong data-start=\"1025\" data-end=\"1046\">\u00dcr\u00fcn \u00d6zellikleri:<\/strong><\/h3>\n<p data-start=\"1049\" data-end=\"1402\">\u2705 <strong data-start=\"1051\" data-end=\"1063\">Uzunluk:<\/strong> 9.5 cm<br data-start=\"1070\" data-end=\"1073\" \/>\u2705 <strong data-start=\"1075\" data-end=\"1083\">\u00c7ap:<\/strong> 4 cm<br data-start=\"1088\" data-end=\"1091\" \/>\u2705 <strong data-start=\"1093\" data-end=\"1105\">A\u011f\u0131rl\u0131k:<\/strong> 140.6 gr<br data-start=\"1114\" data-end=\"1117\" \/>\u2705 <strong data-start=\"1119\" data-end=\"1131\">Malzeme:<\/strong> Dayan\u0131kl\u0131, p\u00fcr\u00fczs\u00fcz ve hijyenik metal<br data-start=\"1169\" data-end=\"1172\" \/>\u2705 <strong data-start=\"1174\" data-end=\"1186\">Tasar\u0131m:<\/strong> \u015e\u0131k siyah g\u00f6vde ve g\u00f6z al\u0131c\u0131 <strong data-start=\"1216\" data-end=\"1238\">Rainbow elmas ta\u015f\u0131<\/strong> detay\u0131<br data-start=\"1245\" data-end=\"1248\" \/>\u2705 <strong data-start=\"1250\" data-end=\"1273\">Kullan\u0131c\u0131 Seviyesi:<\/strong> Yeni ba\u015flayanlar ve deneyimli kullan\u0131c\u0131lar i\u00e7in uygundur<br data-start=\"1330\" data-end=\"1333\" data-is-only-node=\"\" \/>\u2705 <strong data-start=\"1335\" data-end=\"1354\">Kullan\u0131m Alan\u0131:<\/strong> Solo kullan\u0131m veya partnerle ke\u015fif i\u00e7in ideal<\/p>\n<h3 data-start=\"1404\" data-end=\"1443\"><strong data-start=\"1408\" data-end=\"1441\">Ergonomik ve G\u00fcvenli Kullan\u0131m<\/strong><\/h3>\n<ul data-start=\"1445\" data-end=\"1869\">\n<li data-start=\"1445\" data-end=\"1556\"><strong data-start=\"1447\" data-end=\"1496\">Metal Elmas Ta\u015fl\u0131 Anal Plug Rainbow B\u00fcy\u00fck Boy<\/strong>, v\u00fccut anatomisine uygun ergonomik bir tasar\u0131ma sahiptir.<\/li>\n<li data-start=\"1557\" data-end=\"1645\">Geni\u015f taban\u0131 sayesinde <strong data-start=\"1582\" data-end=\"1612\">g\u00fcvenli bir kullan\u0131m sunar<\/strong> ve istenmeyen kaymalar\u0131 \u00f6nler.<\/li>\n<li data-start=\"1646\" data-end=\"1724\">Kullan\u0131m s\u0131ras\u0131nda ho\u015f bir <strong data-start=\"1675\" data-end=\"1692\">a\u011f\u0131rl\u0131k hissi<\/strong> vererek ekstra uyar\u0131m sa\u011flar.<\/li>\n<li data-start=\"1725\" data-end=\"1869\"><strong data-start=\"1727\" data-end=\"1746\">Metal malzemesi<\/strong>, farkl\u0131 s\u0131cakl\u0131k deneyimlerine olanak tan\u0131r. <strong data-start=\"1792\" data-end=\"1823\">Is\u0131t\u0131larak veya so\u011futularak<\/strong> duyusal deneyiminizi \u00f6zelle\u015ftirebilirsiniz.<\/li>\n<\/ul>\n<h3 data-start=\"1871\" data-end=\"1898\"><strong data-start=\"1875\" data-end=\"1896\">Temizlik ve Bak\u0131m<\/strong><\/h3>\n<p data-start=\"1900\" data-end=\"2253\">Hijyenik bir kullan\u0131m sa\u011flamak i\u00e7in <strong data-start=\"1936\" data-end=\"1968\">temizlik son derece kolayd\u0131r<\/strong>. Kullan\u0131mdan \u00f6nce ve sonra:<br data-start=\"1996\" data-end=\"1999\" \/>\u2714 <strong data-start=\"2001\" data-end=\"2021\">Il\u0131k su ve sabun<\/strong> ile y\u0131kayabilirsiniz.<br data-start=\"2043\" data-end=\"2046\" \/>\u2714 <strong data-start=\"2048\" data-end=\"2080\">Oyuncak temizleyici spreyler<\/strong> veya antibakteriyel sol\u00fcsyonlarla dezenfekte edebilirsiniz.<br data-start=\"2140\" data-end=\"2143\" \/>\u2714 <strong data-start=\"2145\" data-end=\"2161\">Metal y\u00fczeyi<\/strong>, hijyenik ve bakteri bar\u0131nd\u0131rmayan bir yap\u0131ya sahiptir, bu da g\u00fcvenli bir kullan\u0131m sunar.<\/p>\n<h3 data-start=\"2255\" data-end=\"2299\"><strong data-start=\"2259\" data-end=\"2297\">Cinsel Ya\u015fam\u0131n\u0131za L\u00fcks Bir Dokunu\u015f<\/strong><\/h3>\n<p data-start=\"2301\" data-end=\"2581\">E\u011fer <strong data-start=\"2306\" data-end=\"2370\">hem g\u00f6rsel hem de fiziksel a\u00e7\u0131dan tatmin edici bir anal plug<\/strong> ar\u0131yorsan\u0131z, <strong data-start=\"2384\" data-end=\"2433\">Metal Elmas Ta\u015fl\u0131 Anal Plug Rainbow B\u00fcy\u00fck Boy<\/strong>, m\u00fckemmel bir tercihtir. \u015e\u0131k ve zarif tasar\u0131m\u0131, g\u00fc\u00e7l\u00fc uyar\u0131c\u0131 etkisi ve \u00fcst\u00fcn malzeme kalitesiyle cinsel ya\u015fam\u0131n\u0131za <strong data-start=\"2550\" data-end=\"2572\">yenilik ve heyecan<\/strong> kat\u0131n.<\/p>\n<p data-start=\"2583\" data-end=\"2652\">\ud83d\udc8e <strong data-start=\"2586\" data-end=\"2650\">Kendinizi ve partnerinizi \u015f\u0131martmak i\u00e7in ideal bir aksesuar!<\/strong><\/p>\n<hr data-start=\"2654\" data-end=\"2657\" \/>\n<p data-start=\"2659\" data-end=\"2950\" data-is-only-node=\"\" data-is-last-node=\"\">Metal Elmas Ta\u015fl\u0131 Anal Plug, Rainbow Anal Plug, B\u00fcy\u00fck Boy Anal Plug, L\u00fcks Seks Oyuncaklar\u0131, Metal Anal Plug, Ergonomik Anal Plug, \u015e\u0131k Tasar\u0131ml\u0131 Seks Oyunca\u011f\u0131, Is\u0131t\u0131labilir ve So\u011futulabilir Anal Plug, Partnerle Kullan\u0131ma Uygun Anal Plug, Hijyenik Seks Oyuncaklar\u0131<\/p>\n","protected":false},"excerpt":{"rendered":"<p>Cinsel deneyiminize l\u00fcks bir dokunu\u015f katmak ister misiniz? <strong data-start=\"146\" data-end=\"195\">Metal Elmas Ta\u015fl\u0131 Anal Plug Rainbow B\u00fcy\u00fck Boy<\/strong>, \u015f\u0131k tasar\u0131m\u0131, ergonomik yap\u0131s\u0131 ve y\u00fcksek kaliteli malzemesiyle benzersiz bir deneyim sunar. G\u00f6z al\u0131c\u0131 <strong data-start=\"299\" data-end=\"321\">Rainbow elmas ta\u015f\u0131<\/strong> detay\u0131yla yaln\u0131zca estetik bir g\u00f6r\u00fcn\u00fcm sa\u011flamakla kalmaz, ayn\u0131 zamanda kullan\u0131m\u0131 s\u0131ras\u0131nda ekstra bir g\u00f6rsel ve duyusal zevk sunar.<\/p>\n","protected":false},"featured_media":18703,"comment_status":"open","ping_status":"closed","template":"","meta":[],"product_brand":[127],"product_cat":[89],"product_tag":[169],"class_list":{"0":"post-18609","1":"product","2":"type-product","3":"status-publish","4":"has-post-thumbnail","6":"product_brand-pembe-tilki","7":"product_cat-anal-plug","8":"product_tag-metal-elmas-tasli-anal-plug-kirmizi-orta-boy","10":"first","11":"instock","12":"taxable","13":"shipping-taxable","14":"purchasable","15":"product-type-simple"},"yoast_head":"<!-- This site is optimized with the Yoast SEO Premium plugin v24.4 (Yoast SEO v27.1.1) - https:\/\/yoast.com\/product\/yoast-seo-premium-wordpress\/ -->\n<title>Metal Elmas Ta\u015fl\u0131 Anal Plug Rainbow B\u00fcy\u00fck Boy - Bursa Erotik Shop<\/title>\n<meta name=\"robots\" content=\"index, follow, max-snippet:-1, max-image-preview:large, max-video-preview:-1\" \/>\n<link rel=\"canonical\" href=\"https:\/\/hobierotikshop.com.tr\/website1\/erotik-shop-urun\/metal-elmas-tasli-anal-plug-rainbow-buyuk-boy\/\" \/>\n<meta property=\"og:locale\" content=\"tr_TR\" \/>\n<meta property=\"og:type\" content=\"article\" \/>\n<meta property=\"og:title\" content=\"Metal Elmas Ta\u015fl\u0131 Anal Plug Rainbow B\u00fcy\u00fck Boy\" \/>\n<meta property=\"og:description\" content=\"Cinsel deneyiminize l\u00fcks bir dokunu\u015f katmak ister misiniz? Metal Elmas Ta\u015fl\u0131 Anal Plug Rainbow B\u00fcy\u00fck Boy, \u015f\u0131k tasar\u0131m\u0131, ergonomik yap\u0131s\u0131 ve y\u00fcksek kaliteli malzemesiyle benzersiz bir deneyim sunar. G\u00f6z al\u0131c\u0131 Rainbow elmas ta\u015f\u0131 detay\u0131yla yaln\u0131zca estetik bir g\u00f6r\u00fcn\u00fcm sa\u011flamakla kalmaz, ayn\u0131 zamanda kullan\u0131m\u0131 s\u0131ras\u0131nda ekstra bir g\u00f6rsel ve duyusal zevk sunar.\" \/>\n<meta property=\"og:url\" content=\"https:\/\/hobierotikshop.com.tr\/website1\/erotik-shop-urun\/metal-elmas-tasli-anal-plug-rainbow-buyuk-boy\/\" \/>\n<meta property=\"og:site_name\" content=\"Bursa Erotik Shop\" \/>\n<meta property=\"article:modified_time\" content=\"2026-01-27T08:34:41+00:00\" \/>\n<meta property=\"og:image\" content=\"https:\/\/hobierotikshop.com.tr\/website1\/wp-content\/uploads\/2025\/03\/metal-elmas-tasli-anal-plug-rainbow-buyuk-boy-1776-2.jpg\" \/>\n\t<meta property=\"og:image:width\" content=\"1500\" \/>\n\t<meta property=\"og:image:height\" content=\"1500\" \/>\n\t<meta property=\"og:image:type\" content=\"image\/jpeg\" \/>\n<meta name=\"twitter:card\" content=\"summary_large_image\" \/>\n<meta name=\"twitter:site\" content=\"@shopbursa\" \/>\n<meta name=\"twitter:label1\" content=\"Fiyat\" \/>\n\t<meta name=\"twitter:data1\" content=\"&#8378;600,00 KDV DAH\u0130L\" \/>\n\t<meta name=\"twitter:label2\" content=\"Availability\" \/>\n\t<meta name=\"twitter:data2\" content=\"In stock\" \/>\n<script type=\"application\/ld+json\" class=\"yoast-schema-graph\">{\"@context\":\"https:\/\/schema.org\",\"@graph\":[{\"@type\":\"WebPage\",\"@id\":\"https:\/\/hobierotikshop.com.tr\/website1\/erotik-shop-urun\/metal-elmas-tasli-anal-plug-rainbow-buyuk-boy\/\",\"url\":\"https:\/\/hobierotikshop.com.tr\/website1\/erotik-shop-urun\/metal-elmas-tasli-anal-plug-rainbow-buyuk-boy\/\",\"name\":\"Metal Elmas Ta\u015fl\u0131 Anal Plug Rainbow B\u00fcy\u00fck Boy - Bursa Erotik Shop\",\"isPartOf\":{\"@id\":\"https:\/\/hobierotikshop.com.tr\/website1\/#website\"},\"primaryImageOfPage\":{\"@id\":\"https:\/\/hobierotikshop.com.tr\/website1\/erotik-shop-urun\/metal-elmas-tasli-anal-plug-rainbow-buyuk-boy\/#primaryimage\"},\"image\":{\"@id\":\"https:\/\/hobierotikshop.com.tr\/website1\/erotik-shop-urun\/metal-elmas-tasli-anal-plug-rainbow-buyuk-boy\/#primaryimage\"},\"thumbnailUrl\":\"https:\/\/haremerotikshop.com\/site\/wp-content\/uploads\/2025\/03\/metal-elmas-tasli-anal-plug-rainbow-buyuk-boy-1776-2.jpg\",\"datePublished\":\"2025-03-17T09:20:33+00:00\",\"dateModified\":\"2026-01-27T08:34:41+00:00\",\"breadcrumb\":{\"@id\":\"https:\/\/hobierotikshop.com.tr\/website1\/erotik-shop-urun\/metal-elmas-tasli-anal-plug-rainbow-buyuk-boy\/#breadcrumb\"},\"inLanguage\":\"tr\",\"potentialAction\":[{\"@type\":\"ReadAction\",\"target\":[\"https:\/\/hobierotikshop.com.tr\/website1\/erotik-shop-urun\/metal-elmas-tasli-anal-plug-rainbow-buyuk-boy\/\"]}]},{\"@type\":\"ImageObject\",\"inLanguage\":\"tr\",\"@id\":\"https:\/\/hobierotikshop.com.tr\/website1\/erotik-shop-urun\/metal-elmas-tasli-anal-plug-rainbow-buyuk-boy\/#primaryimage\",\"url\":\"https:\/\/haremerotikshop.com\/site\/wp-content\/uploads\/2025\/03\/metal-elmas-tasli-anal-plug-rainbow-buyuk-boy-1776-2.jpg\",\"contentUrl\":\"https:\/\/haremerotikshop.com\/site\/wp-content\/uploads\/2025\/03\/metal-elmas-tasli-anal-plug-rainbow-buyuk-boy-1776-2.jpg\",\"width\":1500,\"height\":1500},{\"@type\":\"BreadcrumbList\",\"@id\":\"https:\/\/hobierotikshop.com.tr\/website1\/erotik-shop-urun\/metal-elmas-tasli-anal-plug-rainbow-buyuk-boy\/#breadcrumb\",\"itemListElement\":[{\"@type\":\"ListItem\",\"position\":1,\"name\":\"Anasayfa\",\"item\":\"https:\/\/hobierotikshop.com.tr\/website1\/\"},{\"@type\":\"ListItem\",\"position\":2,\"name\":\"Erotik Shop \u00dcr\u00fcnleri\",\"item\":\"https:\/\/hobierotikshop.com.tr\/website1\/shop\/\"},{\"@type\":\"ListItem\",\"position\":3,\"name\":\"Metal Elmas Ta\u015fl\u0131 Anal Plug Rainbow B\u00fcy\u00fck Boy\"}]},{\"@type\":\"WebSite\",\"@id\":\"https:\/\/hobierotikshop.com.tr\/website1\/#website\",\"url\":\"https:\/\/hobierotikshop.com.tr\/website1\/\",\"name\":\"Bursa Erotik Shop\",\"description\":\"Bursa Erotik Shop ile g\u00fcvenli, gizli ve kaliteli yeti\u015fkin \u00fcr\u00fcnleri al\u0131\u015fveri\u015fi! Geni\u015f \u00fcr\u00fcn yelpazemizi ke\u015ffedin, hemen sipari\u015f verin\",\"publisher\":{\"@id\":\"https:\/\/hobierotikshop.com.tr\/website1\/#organization\"},\"alternateName\":\"Erotik Shop\",\"potentialAction\":[{\"@type\":\"SearchAction\",\"target\":{\"@type\":\"EntryPoint\",\"urlTemplate\":\"https:\/\/hobierotikshop.com.tr\/website1\/?s={search_term_string}\"},\"query-input\":{\"@type\":\"PropertyValueSpecification\",\"valueRequired\":true,\"valueName\":\"search_term_string\"}}],\"inLanguage\":\"tr\"},{\"@type\":\"Organization\",\"@id\":\"https:\/\/hobierotikshop.com.tr\/website1\/#organization\",\"name\":\"Harem Bursa Erotik Shop\",\"url\":\"https:\/\/hobierotikshop.com.tr\/website1\/\",\"logo\":{\"@type\":\"ImageObject\",\"inLanguage\":\"tr\",\"@id\":\"https:\/\/hobierotikshop.com.tr\/website1\/#\/schema\/logo\/image\/\",\"url\":\"https:\/\/haremerotikshop.com\/site\/wp-content\/uploads\/2025\/03\/haremsexshop.png\",\"contentUrl\":\"https:\/\/haremerotikshop.com\/site\/wp-content\/uploads\/2025\/03\/haremsexshop.png\",\"width\":400,\"height\":100,\"caption\":\"Harem Bursa Erotik Shop\"},\"image\":{\"@id\":\"https:\/\/hobierotikshop.com.tr\/website1\/#\/schema\/logo\/image\/\"},\"sameAs\":[\"https:\/\/x.com\/shopbursa\"],\"publishingPrinciples\":\"https:\/\/hobierotikshop.com.tr\/website1\/mesafeli-satis-sozlesmesi\/\",\"ownershipFundingInfo\":\"https:\/\/hobierotikshop.com.tr\/website1\/contact-us\/\",\"actionableFeedbackPolicy\":\"https:\/\/hobierotikshop.com.tr\/website1\/contact-us\/\",\"correctionsPolicy\":\"https:\/\/hobierotikshop.com.tr\/website1\/mesafeli-satis-sozlesmesi\/\"}]}<\/script>\n<meta property=\"product:brand\" content=\"Pembe Tilki\" \/>\n<meta property=\"product:price:amount\" content=\"600.00\" \/>\n<meta property=\"product:price:currency\" content=\"TRY\" \/>\n<meta property=\"og:availability\" content=\"instock\" \/>\n<meta property=\"product:availability\" content=\"instock\" \/>\n<meta property=\"product:retailer_item_id\" content=\"PT-ANXM003LRW\" \/>\n<meta property=\"product:condition\" content=\"new\" \/>\n<!-- \/ Yoast SEO Premium plugin. -->","yoast_head_json":{"title":"Metal Elmas Ta\u015fl\u0131 Anal Plug Rainbow B\u00fcy\u00fck Boy - Bursa Erotik Shop","robots":{"index":"index","follow":"follow","max-snippet":"max-snippet:-1","max-image-preview":"max-image-preview:large","max-video-preview":"max-video-preview:-1"},"canonical":"https:\/\/hobierotikshop.com.tr\/website1\/erotik-shop-urun\/metal-elmas-tasli-anal-plug-rainbow-buyuk-boy\/","og_locale":"tr_TR","og_type":"article","og_title":"Metal Elmas Ta\u015fl\u0131 Anal Plug Rainbow B\u00fcy\u00fck Boy","og_description":"Cinsel deneyiminize l\u00fcks bir dokunu\u015f katmak ister misiniz? Metal Elmas Ta\u015fl\u0131 Anal Plug Rainbow B\u00fcy\u00fck Boy, \u015f\u0131k tasar\u0131m\u0131, ergonomik yap\u0131s\u0131 ve y\u00fcksek kaliteli malzemesiyle benzersiz bir deneyim sunar. G\u00f6z al\u0131c\u0131 Rainbow elmas ta\u015f\u0131 detay\u0131yla yaln\u0131zca estetik bir g\u00f6r\u00fcn\u00fcm sa\u011flamakla kalmaz, ayn\u0131 zamanda kullan\u0131m\u0131 s\u0131ras\u0131nda ekstra bir g\u00f6rsel ve duyusal zevk sunar.","og_url":"https:\/\/hobierotikshop.com.tr\/website1\/erotik-shop-urun\/metal-elmas-tasli-anal-plug-rainbow-buyuk-boy\/","og_site_name":"Bursa Erotik Shop","article_modified_time":"2026-01-27T08:34:41+00:00","og_image":[{"width":1500,"height":1500,"url":"https:\/\/hobierotikshop.com.tr\/website1\/wp-content\/uploads\/2025\/03\/metal-elmas-tasli-anal-plug-rainbow-buyuk-boy-1776-2.jpg","type":"image\/jpeg"}],"twitter_card":"summary_large_image","twitter_site":"@shopbursa","twitter_misc":{"Fiyat":"&#8378;600,00 KDV DAH\u0130L","Availability":"In stock"},"schema":{"@context":"https:\/\/schema.org","@graph":[{"@type":"WebPage","@id":"https:\/\/hobierotikshop.com.tr\/website1\/erotik-shop-urun\/metal-elmas-tasli-anal-plug-rainbow-buyuk-boy\/","url":"https:\/\/hobierotikshop.com.tr\/website1\/erotik-shop-urun\/metal-elmas-tasli-anal-plug-rainbow-buyuk-boy\/","name":"Metal Elmas Ta\u015fl\u0131 Anal Plug Rainbow B\u00fcy\u00fck Boy - Bursa Erotik Shop","isPartOf":{"@id":"https:\/\/hobierotikshop.com.tr\/website1\/#website"},"primaryImageOfPage":{"@id":"https:\/\/hobierotikshop.com.tr\/website1\/erotik-shop-urun\/metal-elmas-tasli-anal-plug-rainbow-buyuk-boy\/#primaryimage"},"image":{"@id":"https:\/\/hobierotikshop.com.tr\/website1\/erotik-shop-urun\/metal-elmas-tasli-anal-plug-rainbow-buyuk-boy\/#primaryimage"},"thumbnailUrl":"https:\/\/haremerotikshop.com\/site\/wp-content\/uploads\/2025\/03\/metal-elmas-tasli-anal-plug-rainbow-buyuk-boy-1776-2.jpg","datePublished":"2025-03-17T09:20:33+00:00","dateModified":"2026-01-27T08:34:41+00:00","breadcrumb":{"@id":"https:\/\/hobierotikshop.com.tr\/website1\/erotik-shop-urun\/metal-elmas-tasli-anal-plug-rainbow-buyuk-boy\/#breadcrumb"},"inLanguage":"tr","potentialAction":[{"@type":"ReadAction","target":["https:\/\/hobierotikshop.com.tr\/website1\/erotik-shop-urun\/metal-elmas-tasli-anal-plug-rainbow-buyuk-boy\/"]}]},{"@type":"ImageObject","inLanguage":"tr","@id":"https:\/\/hobierotikshop.com.tr\/website1\/erotik-shop-urun\/metal-elmas-tasli-anal-plug-rainbow-buyuk-boy\/#primaryimage","url":"https:\/\/haremerotikshop.com\/site\/wp-content\/uploads\/2025\/03\/metal-elmas-tasli-anal-plug-rainbow-buyuk-boy-1776-2.jpg","contentUrl":"https:\/\/haremerotikshop.com\/site\/wp-content\/uploads\/2025\/03\/metal-elmas-tasli-anal-plug-rainbow-buyuk-boy-1776-2.jpg","width":1500,"height":1500},{"@type":"BreadcrumbList","@id":"https:\/\/hobierotikshop.com.tr\/website1\/erotik-shop-urun\/metal-elmas-tasli-anal-plug-rainbow-buyuk-boy\/#breadcrumb","itemListElement":[{"@type":"ListItem","position":1,"name":"Anasayfa","item":"https:\/\/hobierotikshop.com.tr\/website1\/"},{"@type":"ListItem","position":2,"name":"Erotik Shop \u00dcr\u00fcnleri","item":"https:\/\/hobierotikshop.com.tr\/website1\/shop\/"},{"@type":"ListItem","position":3,"name":"Metal Elmas Ta\u015fl\u0131 Anal Plug Rainbow B\u00fcy\u00fck Boy"}]},{"@type":"WebSite","@id":"https:\/\/hobierotikshop.com.tr\/website1\/#website","url":"https:\/\/hobierotikshop.com.tr\/website1\/","name":"Bursa Erotik Shop","description":"Bursa Erotik Shop ile g\u00fcvenli, gizli ve kaliteli yeti\u015fkin \u00fcr\u00fcnleri al\u0131\u015fveri\u015fi! Geni\u015f \u00fcr\u00fcn yelpazemizi ke\u015ffedin, hemen sipari\u015f verin","publisher":{"@id":"https:\/\/hobierotikshop.com.tr\/website1\/#organization"},"alternateName":"Erotik Shop","potentialAction":[{"@type":"SearchAction","target":{"@type":"EntryPoint","urlTemplate":"https:\/\/hobierotikshop.com.tr\/website1\/?s={search_term_string}"},"query-input":{"@type":"PropertyValueSpecification","valueRequired":true,"valueName":"search_term_string"}}],"inLanguage":"tr"},{"@type":"Organization","@id":"https:\/\/hobierotikshop.com.tr\/website1\/#organization","name":"Harem Bursa Erotik Shop","url":"https:\/\/hobierotikshop.com.tr\/website1\/","logo":{"@type":"ImageObject","inLanguage":"tr","@id":"https:\/\/hobierotikshop.com.tr\/website1\/#\/schema\/logo\/image\/","url":"https:\/\/haremerotikshop.com\/site\/wp-content\/uploads\/2025\/03\/haremsexshop.png","contentUrl":"https:\/\/haremerotikshop.com\/site\/wp-content\/uploads\/2025\/03\/haremsexshop.png","width":400,"height":100,"caption":"Harem Bursa Erotik Shop"},"image":{"@id":"https:\/\/hobierotikshop.com.tr\/website1\/#\/schema\/logo\/image\/"},"sameAs":["https:\/\/x.com\/shopbursa"],"publishingPrinciples":"https:\/\/hobierotikshop.com.tr\/website1\/mesafeli-satis-sozlesmesi\/","ownershipFundingInfo":"https:\/\/hobierotikshop.com.tr\/website1\/contact-us\/","actionableFeedbackPolicy":"https:\/\/hobierotikshop.com.tr\/website1\/contact-us\/","correctionsPolicy":"https:\/\/hobierotikshop.com.tr\/website1\/mesafeli-satis-sozlesmesi\/"}]},"product_brand":"Pembe Tilki","product_price_amount":"600.00","product_price_currency":"TRY","og_availability":"instock","product_availability":"instock","product_retailer_item_id":"PT-ANXM003LRW","product_condition":"new"},"_links":{"self":[{"href":"https:\/\/haremerotikshop.com\/site\/wp-json\/wp\/v2\/product\/18609","targetHints":{"allow":["GET"]}}],"collection":[{"href":"https:\/\/haremerotikshop.com\/site\/wp-json\/wp\/v2\/product"}],"about":[{"href":"https:\/\/haremerotikshop.com\/site\/wp-json\/wp\/v2\/types\/product"}],"replies":[{"embeddable":true,"href":"https:\/\/haremerotikshop.com\/site\/wp-json\/wp\/v2\/comments?post=18609"}],"version-history":[{"count":0,"href":"https:\/\/haremerotikshop.com\/site\/wp-json\/wp\/v2\/product\/18609\/revisions"}],"wp:featuredmedia":[{"embeddable":true,"href":"https:\/\/haremerotikshop.com\/site\/wp-json\/wp\/v2\/media\/18703"}],"wp:attachment":[{"href":"https:\/\/haremerotikshop.com\/site\/wp-json\/wp\/v2\/media?parent=18609"}],"wp:term":[{"taxonomy":"product_brand","embeddable":true,"href":"https:\/\/haremerotikshop.com\/site\/wp-json\/wp\/v2\/product_brand?post=18609"},{"taxonomy":"product_cat","embeddable":true,"href":"https:\/\/haremerotikshop.com\/site\/wp-json\/wp\/v2\/product_cat?post=18609"},{"taxonomy":"product_tag","embeddable":true,"href":"https:\/\/haremerotikshop.com\/site\/wp-json\/wp\/v2\/product_tag?post=18609"}],"curies":[{"name":"wp","href":"https:\/\/api.w.org\/{rel}","templated":true}]}}