{"id":18632,"date":"2025-03-17T12:20:56","date_gmt":"2025-03-17T09:20:56","guid":{"rendered":"https:\/\/haremerotikshop.com\/site\/?post_type=product&#038;p=18632"},"modified":"2025-03-21T15:52:17","modified_gmt":"2025-03-21T12:52:17","slug":"metal-mor-tasli-kirmizi-anal-plug-kucuk-boy","status":"publish","type":"product","link":"https:\/\/haremerotikshop.com\/site\/erotik-shop-urun\/metal-mor-tasli-kirmizi-anal-plug-kucuk-boy\/","title":{"rendered":"Metal Mor Ta\u015fl\u0131 K\u0131rm\u0131z\u0131 Anal Plug K\u00fc\u00e7\u00fck Boy"},"content":{"rendered":"<p data-start=\"0\" data-end=\"73\"><strong data-start=\"0\" data-end=\"73\">Metal Mor Ta\u015fl\u0131 K\u0131rm\u0131z\u0131 Anal Plug \u2013 \u015e\u0131kl\u0131k ve Konforun M\u00fckemmel Uyumu<\/strong><\/p>\n<p data-start=\"75\" data-end=\"489\"><strong data-start=\"75\" data-end=\"112\">Metal Mor Ta\u015fl\u0131 K\u0131rm\u0131z\u0131 Anal Plug<\/strong>, zarif ve i\u015flevsel tasar\u0131m\u0131yla cinsel deneyimlerinizi zenginle\u015ftirmek i\u00e7in ideal bir tercihtir. Hem <strong data-start=\"213\" data-end=\"233\">yeni ba\u015flayanlar<\/strong> hem de <strong data-start=\"241\" data-end=\"267\">deneyimli kullan\u0131c\u0131lar<\/strong> i\u00e7in uygun olan bu k\u00fc\u00e7\u00fck boy anal plug, g\u00fcvenli, konforlu ve tatmin edici bir deneyim sunar. G\u00f6rsel \u015f\u0131kl\u0131\u011f\u0131 ve ergonomik yap\u0131s\u0131yla dikkat \u00e7eken bu \u00fcr\u00fcn, hem fiziksel hem de estetik anlamda tatmin edici bir deneyim sa\u011flar.<\/p>\n<h3 data-start=\"491\" data-end=\"516\"><strong data-start=\"495\" data-end=\"516\">\u00dcr\u00fcn \u00d6zellikleri:<\/strong><\/h3>\n<h4 data-start=\"518\" data-end=\"536\"><strong data-start=\"523\" data-end=\"536\">Boyutlar:<\/strong><\/h4>\n<ul data-start=\"537\" data-end=\"853\">\n<li data-start=\"537\" data-end=\"853\"><strong data-start=\"539\" data-end=\"553\">2,8 cm \u00e7ap<\/strong> ve <strong data-start=\"557\" data-end=\"573\">7 cm uzunluk<\/strong> \u00f6l\u00e7\u00fcleriyle <strong data-start=\"586\" data-end=\"623\">Metal Mor Ta\u015fl\u0131 K\u0131rm\u0131z\u0131 Anal Plug<\/strong>, rahat ve g\u00fcvenli bir kullan\u0131m sunar. K\u00fc\u00e7\u00fck boyutu, <strong data-start=\"676\" data-end=\"696\">yeni ba\u015flayanlar<\/strong> i\u00e7in ideal olup, ayn\u0131 zamanda deneyimli kullan\u0131c\u0131lar i\u00e7in de m\u00fckemmel bir se\u00e7enek sunar. V\u00fccuda m\u00fckemmel uyum sa\u011flayan tasar\u0131m\u0131, konforlu bir deneyim sunar.<\/li>\n<\/ul>\n<h4 data-start=\"855\" data-end=\"872\"><strong data-start=\"860\" data-end=\"872\">A\u011f\u0131rl\u0131k:<\/strong><\/h4>\n<ul data-start=\"873\" data-end=\"1116\">\n<li data-start=\"873\" data-end=\"1116\"><strong data-start=\"875\" data-end=\"886\">50 gram<\/strong> a\u011f\u0131rl\u0131\u011f\u0131ndaki bu anal plug, kullan\u0131m\u0131 s\u0131ras\u0131nda ho\u015f bir a\u011f\u0131rl\u0131k hissi verir. Bu a\u011f\u0131rl\u0131k, kullan\u0131c\u0131ya ekstra bir uyar\u0131m sunarak deneyimi daha tatmin edici hale getirir. H\u0131zla al\u0131\u015f\u0131labilir ve rahats\u0131zl\u0131k vermeyen bir a\u011f\u0131rl\u0131k sunar.<\/li>\n<\/ul>\n<h4 data-start=\"1118\" data-end=\"1135\"><strong data-start=\"1123\" data-end=\"1135\">Malzeme:<\/strong><\/h4>\n<ul data-start=\"1136\" data-end=\"1485\">\n<li data-start=\"1136\" data-end=\"1485\"><strong data-start=\"1138\" data-end=\"1163\">Y\u00fcksek kaliteli metal<\/strong> malzemeden \u00fcretilmi\u015ftir. Metalin p\u00fcr\u00fczs\u00fcz y\u00fczeyi, dayan\u0131kl\u0131l\u0131\u011f\u0131 ve uzun \u00f6m\u00fcrl\u00fc olmas\u0131yla bilinir. Ayr\u0131ca metal malzeme, <strong data-start=\"1284\" data-end=\"1299\">\u0131s\u0131y\u0131 tutma<\/strong> ve <strong data-start=\"1303\" data-end=\"1314\">so\u011futma<\/strong> \u00f6zellikleri sayesinde, kullan\u0131c\u0131lara farkl\u0131 duyusal deneyimler sunar. Bu sayede s\u0131cakl\u0131k de\u011fi\u015fimleriyle ke\u015ffedilen yeni zevkler, cinsel deneyimi daha zengin hale getirir.<\/li>\n<\/ul>\n<h4 data-start=\"1487\" data-end=\"1504\"><strong data-start=\"1492\" data-end=\"1504\">Tasar\u0131m:<\/strong><\/h4>\n<ul data-start=\"1505\" data-end=\"1802\">\n<li data-start=\"1505\" data-end=\"1802\"><strong data-start=\"1507\" data-end=\"1539\">K\u0131rm\u0131z\u0131 renkteki \u015f\u0131k tasar\u0131m<\/strong> ve <strong data-start=\"1543\" data-end=\"1554\">mor ta\u015f<\/strong> ile s\u00fcslenen arka k\u0131sm\u0131, g\u00f6rsel olarak g\u00f6z al\u0131c\u0131 bir estetik sunar. Bu detay, sadece i\u015flevsellik sa\u011flamakla kalmaz, ayn\u0131 zamanda g\u00f6z zevkinize de hitap eder. Estetik tasar\u0131m, anal plugu s\u0131radan bir \u00fcr\u00fcnden \u00e7\u0131kararak zarif bir aksesuara d\u00f6n\u00fc\u015ft\u00fcr\u00fcr.<\/li>\n<\/ul>\n<h4 data-start=\"1804\" data-end=\"1828\"><strong data-start=\"1809\" data-end=\"1828\">Ergonomik Yap\u0131:<\/strong><\/h4>\n<ul data-start=\"1829\" data-end=\"2071\">\n<li data-start=\"1829\" data-end=\"2071\">Ergonomik yap\u0131s\u0131, v\u00fccuda m\u00fckemmel uyum sa\u011flar ve rahat bir kullan\u0131m sunar. <strong data-start=\"1906\" data-end=\"1921\">Geni\u015f taban<\/strong> sayesinde g\u00fcvenli bir kullan\u0131m sa\u011flan\u0131r ve kaymay\u0131 \u00f6nler. Bu tasar\u0131m, her kullan\u0131c\u0131ya g\u00fcvenli ve rahat bir deneyim sunmak i\u00e7in \u00f6zenle haz\u0131rlanm\u0131\u015ft\u0131r.<\/li>\n<\/ul>\n<h3 data-start=\"2073\" data-end=\"2102\"><strong data-start=\"2077\" data-end=\"2102\">Kullan\u0131m ve Temizlik:<\/strong><\/h3>\n<ul data-start=\"2104\" data-end=\"2590\">\n<li data-start=\"2104\" data-end=\"2354\"><strong data-start=\"2106\" data-end=\"2143\">Metal Mor Ta\u015fl\u0131 K\u0131rm\u0131z\u0131 Anal Plug<\/strong>, hem <strong data-start=\"2149\" data-end=\"2165\">solo oyunlar<\/strong> hem de <strong data-start=\"2173\" data-end=\"2198\">partnerle kullan\u0131mlar<\/strong> i\u00e7in idealdir. <strong data-start=\"2214\" data-end=\"2231\">Metal malzeme<\/strong> \u0131s\u0131t\u0131larak veya so\u011futularak farkl\u0131 duyusal deneyimler sunar, bu da her kullan\u0131mda farkl\u0131 bir ke\u015fif yapman\u0131za olanak tan\u0131r.<\/li>\n<li data-start=\"2355\" data-end=\"2590\">Temizli\u011fi son derece kolayd\u0131r; <strong data-start=\"2388\" data-end=\"2399\">\u0131l\u0131k su<\/strong> ve <strong data-start=\"2403\" data-end=\"2412\">sabun<\/strong> ile y\u0131kayabilir veya uygun bir <strong data-start=\"2444\" data-end=\"2467\">oyuncak temizleyici<\/strong> kullanarak hijyen sa\u011flayabilirsiniz. Metal malzeme, uzun s\u00fcreli kullan\u0131mlarda bile dayan\u0131kl\u0131d\u0131r ve kolayca temizlenebilir.<\/li>\n<\/ul>\n<h3 data-start=\"2592\" data-end=\"2632\"><strong data-start=\"2596\" data-end=\"2632\">Estetik ve Tatmin Edici Deneyim:<\/strong><\/h3>\n<p data-start=\"2634\" data-end=\"2983\"><strong data-start=\"2634\" data-end=\"2671\">Metal Mor Ta\u015fl\u0131 K\u0131rm\u0131z\u0131 Anal Plug<\/strong>, \u015f\u0131kl\u0131\u011f\u0131 ve i\u015flevselli\u011fi bir arada sunar. <strong data-start=\"2714\" data-end=\"2735\">G\u00f6z al\u0131c\u0131 k\u0131rm\u0131z\u0131<\/strong> rengi ve <strong data-start=\"2745\" data-end=\"2771\">mor ta\u015f\u0131n zarif detay\u0131<\/strong>, g\u00f6rsel a\u00e7\u0131dan tatmin edici bir deneyim ya\u015fat\u0131r. Ergonomik tasar\u0131m, kullan\u0131m s\u0131ras\u0131nda konfor ve g\u00fcvenlik sa\u011flar. Metalin sa\u011flad\u0131\u011f\u0131 s\u0131cakl\u0131k de\u011fi\u015fimi \u00f6zelli\u011fi, farkl\u0131 duyusal deneyimler yaratman\u0131za olanak verir.<\/p>\n<h3 data-start=\"2985\" data-end=\"2999\"><strong data-start=\"2989\" data-end=\"2999\">Sonu\u00e7:<\/strong><\/h3>\n<p data-start=\"3001\" data-end=\"3425\"><strong data-start=\"3001\" data-end=\"3038\">Metal Mor Ta\u015fl\u0131 K\u0131rm\u0131z\u0131 Anal Plug<\/strong>, hem g\u00f6rsel hem de fiziksel olarak tatmin edici bir deneyim sunar. <strong data-start=\"3106\" data-end=\"3126\">Yeni ba\u015flayanlar<\/strong> i\u00e7in ideal boyutlar\u0131 ve <strong data-start=\"3151\" data-end=\"3177\">deneyimli kullan\u0131c\u0131lar<\/strong> i\u00e7in sundu\u011fu estetik zevk ile herkesin be\u011fenebilece\u011fi bir \u00fcr\u00fcnd\u00fcr. <strong data-start=\"3245\" data-end=\"3272\">Cinsel koleksiyonunuzda<\/strong> \u015f\u0131kl\u0131\u011f\u0131 ve konforu bir arada bulundurmak isteyenler i\u00e7in m\u00fckemmel bir tercihtir. Hem kendinizi hem de partnerinizi \u015f\u0131martmak i\u00e7in ideal bir aksesuard\u0131r.<\/p>\n<hr data-start=\"3427\" data-end=\"3430\" \/>\n<p data-start=\"3432\" data-end=\"3727\" data-is-last-node=\"\" data-is-only-node=\"\">Metal Mor Ta\u015fl\u0131 K\u0131rm\u0131z\u0131 Anal Plug, Cinsel Deneyim, Yeni Ba\u015flayanlar i\u00e7in Anal Plug, Ergonomik Tasar\u0131ml\u0131 Anal Plug, L\u00fcks Seks Oyuncaklar\u0131, Anal Oyun, \u015e\u0131k Seks Oyunca\u011f\u0131, K\u0131rm\u0131z\u0131 Renkli Anal Plug, Mor Ta\u015fl\u0131 Anal Plug, Cinsel Ke\u015fif, Anal Plug Temizli\u011fi, Konforlu Seks Oyunca\u011f\u0131<\/p>\n","protected":false},"excerpt":{"rendered":"<p><strong data-start=\"75\" data-end=\"112\">Metal Mor Ta\u015fl\u0131 K\u0131rm\u0131z\u0131 Anal Plug<\/strong>, zarif ve i\u015flevsel tasar\u0131m\u0131yla cinsel deneyimlerinizi zenginle\u015ftirmek i\u00e7in ideal bir tercihtir. Hem <strong data-start=\"213\" data-end=\"233\">yeni ba\u015flayanlar<\/strong> hem de <strong data-start=\"241\" data-end=\"267\">deneyimli kullan\u0131c\u0131lar<\/strong> i\u00e7in uygun olan bu k\u00fc\u00e7\u00fck boy anal plug, g\u00fcvenli, konforlu ve tatmin edici bir deneyim sunar. G\u00f6rsel \u015f\u0131kl\u0131\u011f\u0131 ve ergonomik yap\u0131s\u0131yla dikkat \u00e7eken bu \u00fcr\u00fcn, hem fiziksel hem de estetik anlamda tatmin edici bir deneyim sa\u011flar.<\/p>\n","protected":false},"featured_media":18711,"comment_status":"open","ping_status":"closed","template":"","meta":[],"product_brand":[127],"product_cat":[89],"product_tag":[183],"class_list":{"0":"post-18632","1":"product","2":"type-product","3":"status-publish","4":"has-post-thumbnail","6":"product_brand-pembe-tilki","7":"product_cat-anal-plug","8":"product_tag-metal-mor-tasli-kirmizi-anal-plug-kucuk-boy","10":"first","11":"instock","12":"taxable","13":"shipping-taxable","14":"purchasable","15":"product-type-simple"},"yoast_head":"<!-- This site is optimized with the Yoast SEO Premium plugin v24.4 (Yoast SEO v27.1.1) - https:\/\/yoast.com\/product\/yoast-seo-premium-wordpress\/ -->\n<title>Metal Mor Ta\u015fl\u0131 K\u0131rm\u0131z\u0131 Anal Plug K\u00fc\u00e7\u00fck Boy - Bursa Erotik Shop<\/title>\n<meta name=\"robots\" content=\"index, follow, max-snippet:-1, max-image-preview:large, max-video-preview:-1\" \/>\n<link rel=\"canonical\" href=\"https:\/\/hobierotikshop.com.tr\/website1\/erotik-shop-urun\/metal-mor-tasli-kirmizi-anal-plug-kucuk-boy\/\" \/>\n<meta property=\"og:locale\" content=\"tr_TR\" \/>\n<meta property=\"og:type\" content=\"article\" \/>\n<meta property=\"og:title\" content=\"Metal Mor Ta\u015fl\u0131 K\u0131rm\u0131z\u0131 Anal Plug K\u00fc\u00e7\u00fck Boy\" \/>\n<meta property=\"og:description\" content=\"Metal Mor Ta\u015fl\u0131 K\u0131rm\u0131z\u0131 Anal Plug, zarif ve i\u015flevsel tasar\u0131m\u0131yla cinsel deneyimlerinizi zenginle\u015ftirmek i\u00e7in ideal bir tercihtir. Hem yeni ba\u015flayanlar hem de deneyimli kullan\u0131c\u0131lar i\u00e7in uygun olan bu k\u00fc\u00e7\u00fck boy anal plug, g\u00fcvenli, konforlu ve tatmin edici bir deneyim sunar. G\u00f6rsel \u015f\u0131kl\u0131\u011f\u0131 ve ergonomik yap\u0131s\u0131yla dikkat \u00e7eken bu \u00fcr\u00fcn, hem fiziksel hem de estetik anlamda tatmin edici bir deneyim sa\u011flar.\" \/>\n<meta property=\"og:url\" content=\"https:\/\/hobierotikshop.com.tr\/website1\/erotik-shop-urun\/metal-mor-tasli-kirmizi-anal-plug-kucuk-boy\/\" \/>\n<meta property=\"og:site_name\" content=\"Bursa Erotik Shop\" \/>\n<meta property=\"article:modified_time\" content=\"2025-03-21T12:52:17+00:00\" \/>\n<meta property=\"og:image\" content=\"https:\/\/hobierotikshop.com.tr\/website1\/wp-content\/uploads\/2025\/03\/metal-mor-tasli-kirmizi-anal-plug-kucuk-boy-1783-2.jpg\" \/>\n\t<meta property=\"og:image:width\" content=\"1500\" \/>\n\t<meta property=\"og:image:height\" content=\"1500\" \/>\n\t<meta property=\"og:image:type\" content=\"image\/jpeg\" \/>\n<meta name=\"twitter:card\" content=\"summary_large_image\" \/>\n<meta name=\"twitter:site\" content=\"@shopbursa\" \/>\n<meta name=\"twitter:label1\" content=\"Fiyat\" \/>\n\t<meta name=\"twitter:data1\" content=\"&#8378;540,00 KDV DAH\u0130L\" \/>\n\t<meta name=\"twitter:label2\" content=\"Availability\" \/>\n\t<meta name=\"twitter:data2\" content=\"In stock\" \/>\n<script type=\"application\/ld+json\" class=\"yoast-schema-graph\">{\"@context\":\"https:\/\/schema.org\",\"@graph\":[{\"@type\":\"WebPage\",\"@id\":\"https:\/\/hobierotikshop.com.tr\/website1\/erotik-shop-urun\/metal-mor-tasli-kirmizi-anal-plug-kucuk-boy\/\",\"url\":\"https:\/\/hobierotikshop.com.tr\/website1\/erotik-shop-urun\/metal-mor-tasli-kirmizi-anal-plug-kucuk-boy\/\",\"name\":\"Metal Mor Ta\u015fl\u0131 K\u0131rm\u0131z\u0131 Anal Plug K\u00fc\u00e7\u00fck Boy - Bursa Erotik Shop\",\"isPartOf\":{\"@id\":\"https:\/\/hobierotikshop.com.tr\/website1\/#website\"},\"primaryImageOfPage\":{\"@id\":\"https:\/\/hobierotikshop.com.tr\/website1\/erotik-shop-urun\/metal-mor-tasli-kirmizi-anal-plug-kucuk-boy\/#primaryimage\"},\"image\":{\"@id\":\"https:\/\/hobierotikshop.com.tr\/website1\/erotik-shop-urun\/metal-mor-tasli-kirmizi-anal-plug-kucuk-boy\/#primaryimage\"},\"thumbnailUrl\":\"https:\/\/haremerotikshop.com\/site\/wp-content\/uploads\/2025\/03\/metal-mor-tasli-kirmizi-anal-plug-kucuk-boy-1783-2.jpg\",\"datePublished\":\"2025-03-17T09:20:56+00:00\",\"dateModified\":\"2025-03-21T12:52:17+00:00\",\"breadcrumb\":{\"@id\":\"https:\/\/hobierotikshop.com.tr\/website1\/erotik-shop-urun\/metal-mor-tasli-kirmizi-anal-plug-kucuk-boy\/#breadcrumb\"},\"inLanguage\":\"tr\",\"potentialAction\":[{\"@type\":\"ReadAction\",\"target\":[\"https:\/\/hobierotikshop.com.tr\/website1\/erotik-shop-urun\/metal-mor-tasli-kirmizi-anal-plug-kucuk-boy\/\"]}]},{\"@type\":\"ImageObject\",\"inLanguage\":\"tr\",\"@id\":\"https:\/\/hobierotikshop.com.tr\/website1\/erotik-shop-urun\/metal-mor-tasli-kirmizi-anal-plug-kucuk-boy\/#primaryimage\",\"url\":\"https:\/\/haremerotikshop.com\/site\/wp-content\/uploads\/2025\/03\/metal-mor-tasli-kirmizi-anal-plug-kucuk-boy-1783-2.jpg\",\"contentUrl\":\"https:\/\/haremerotikshop.com\/site\/wp-content\/uploads\/2025\/03\/metal-mor-tasli-kirmizi-anal-plug-kucuk-boy-1783-2.jpg\",\"width\":1500,\"height\":1500},{\"@type\":\"BreadcrumbList\",\"@id\":\"https:\/\/hobierotikshop.com.tr\/website1\/erotik-shop-urun\/metal-mor-tasli-kirmizi-anal-plug-kucuk-boy\/#breadcrumb\",\"itemListElement\":[{\"@type\":\"ListItem\",\"position\":1,\"name\":\"Anasayfa\",\"item\":\"https:\/\/hobierotikshop.com.tr\/website1\/\"},{\"@type\":\"ListItem\",\"position\":2,\"name\":\"Erotik Shop \u00dcr\u00fcnleri\",\"item\":\"https:\/\/hobierotikshop.com.tr\/website1\/shop\/\"},{\"@type\":\"ListItem\",\"position\":3,\"name\":\"Metal Mor Ta\u015fl\u0131 K\u0131rm\u0131z\u0131 Anal Plug K\u00fc\u00e7\u00fck Boy\"}]},{\"@type\":\"WebSite\",\"@id\":\"https:\/\/hobierotikshop.com.tr\/website1\/#website\",\"url\":\"https:\/\/hobierotikshop.com.tr\/website1\/\",\"name\":\"Bursa Erotik Shop\",\"description\":\"Bursa Erotik Shop ile g\u00fcvenli, gizli ve kaliteli yeti\u015fkin \u00fcr\u00fcnleri al\u0131\u015fveri\u015fi! Geni\u015f \u00fcr\u00fcn yelpazemizi ke\u015ffedin, hemen sipari\u015f verin\",\"publisher\":{\"@id\":\"https:\/\/hobierotikshop.com.tr\/website1\/#organization\"},\"alternateName\":\"Erotik Shop\",\"potentialAction\":[{\"@type\":\"SearchAction\",\"target\":{\"@type\":\"EntryPoint\",\"urlTemplate\":\"https:\/\/hobierotikshop.com.tr\/website1\/?s={search_term_string}\"},\"query-input\":{\"@type\":\"PropertyValueSpecification\",\"valueRequired\":true,\"valueName\":\"search_term_string\"}}],\"inLanguage\":\"tr\"},{\"@type\":\"Organization\",\"@id\":\"https:\/\/hobierotikshop.com.tr\/website1\/#organization\",\"name\":\"Harem Bursa Erotik Shop\",\"url\":\"https:\/\/hobierotikshop.com.tr\/website1\/\",\"logo\":{\"@type\":\"ImageObject\",\"inLanguage\":\"tr\",\"@id\":\"https:\/\/hobierotikshop.com.tr\/website1\/#\/schema\/logo\/image\/\",\"url\":\"https:\/\/haremerotikshop.com\/site\/wp-content\/uploads\/2025\/03\/haremsexshop.png\",\"contentUrl\":\"https:\/\/haremerotikshop.com\/site\/wp-content\/uploads\/2025\/03\/haremsexshop.png\",\"width\":400,\"height\":100,\"caption\":\"Harem Bursa Erotik Shop\"},\"image\":{\"@id\":\"https:\/\/hobierotikshop.com.tr\/website1\/#\/schema\/logo\/image\/\"},\"sameAs\":[\"https:\/\/x.com\/shopbursa\"],\"publishingPrinciples\":\"https:\/\/hobierotikshop.com.tr\/website1\/mesafeli-satis-sozlesmesi\/\",\"ownershipFundingInfo\":\"https:\/\/hobierotikshop.com.tr\/website1\/contact-us\/\",\"actionableFeedbackPolicy\":\"https:\/\/hobierotikshop.com.tr\/website1\/contact-us\/\",\"correctionsPolicy\":\"https:\/\/hobierotikshop.com.tr\/website1\/mesafeli-satis-sozlesmesi\/\"}]}<\/script>\n<meta property=\"product:brand\" content=\"Pembe Tilki\" \/>\n<meta property=\"product:price:amount\" content=\"540.00\" \/>\n<meta property=\"product:price:currency\" content=\"TRY\" \/>\n<meta property=\"og:availability\" content=\"instock\" \/>\n<meta property=\"product:availability\" content=\"instock\" \/>\n<meta property=\"product:retailer_item_id\" content=\"PT-ANXM013SRPRP\" \/>\n<meta property=\"product:condition\" content=\"new\" \/>\n<!-- \/ Yoast SEO Premium plugin. -->","yoast_head_json":{"title":"Metal Mor Ta\u015fl\u0131 K\u0131rm\u0131z\u0131 Anal Plug K\u00fc\u00e7\u00fck Boy - Bursa Erotik Shop","robots":{"index":"index","follow":"follow","max-snippet":"max-snippet:-1","max-image-preview":"max-image-preview:large","max-video-preview":"max-video-preview:-1"},"canonical":"https:\/\/hobierotikshop.com.tr\/website1\/erotik-shop-urun\/metal-mor-tasli-kirmizi-anal-plug-kucuk-boy\/","og_locale":"tr_TR","og_type":"article","og_title":"Metal Mor Ta\u015fl\u0131 K\u0131rm\u0131z\u0131 Anal Plug K\u00fc\u00e7\u00fck Boy","og_description":"Metal Mor Ta\u015fl\u0131 K\u0131rm\u0131z\u0131 Anal Plug, zarif ve i\u015flevsel tasar\u0131m\u0131yla cinsel deneyimlerinizi zenginle\u015ftirmek i\u00e7in ideal bir tercihtir. Hem yeni ba\u015flayanlar hem de deneyimli kullan\u0131c\u0131lar i\u00e7in uygun olan bu k\u00fc\u00e7\u00fck boy anal plug, g\u00fcvenli, konforlu ve tatmin edici bir deneyim sunar. G\u00f6rsel \u015f\u0131kl\u0131\u011f\u0131 ve ergonomik yap\u0131s\u0131yla dikkat \u00e7eken bu \u00fcr\u00fcn, hem fiziksel hem de estetik anlamda tatmin edici bir deneyim sa\u011flar.","og_url":"https:\/\/hobierotikshop.com.tr\/website1\/erotik-shop-urun\/metal-mor-tasli-kirmizi-anal-plug-kucuk-boy\/","og_site_name":"Bursa Erotik Shop","article_modified_time":"2025-03-21T12:52:17+00:00","og_image":[{"width":1500,"height":1500,"url":"https:\/\/hobierotikshop.com.tr\/website1\/wp-content\/uploads\/2025\/03\/metal-mor-tasli-kirmizi-anal-plug-kucuk-boy-1783-2.jpg","type":"image\/jpeg"}],"twitter_card":"summary_large_image","twitter_site":"@shopbursa","twitter_misc":{"Fiyat":"&#8378;540,00 KDV DAH\u0130L","Availability":"In stock"},"schema":{"@context":"https:\/\/schema.org","@graph":[{"@type":"WebPage","@id":"https:\/\/hobierotikshop.com.tr\/website1\/erotik-shop-urun\/metal-mor-tasli-kirmizi-anal-plug-kucuk-boy\/","url":"https:\/\/hobierotikshop.com.tr\/website1\/erotik-shop-urun\/metal-mor-tasli-kirmizi-anal-plug-kucuk-boy\/","name":"Metal Mor Ta\u015fl\u0131 K\u0131rm\u0131z\u0131 Anal Plug K\u00fc\u00e7\u00fck Boy - Bursa Erotik Shop","isPartOf":{"@id":"https:\/\/hobierotikshop.com.tr\/website1\/#website"},"primaryImageOfPage":{"@id":"https:\/\/hobierotikshop.com.tr\/website1\/erotik-shop-urun\/metal-mor-tasli-kirmizi-anal-plug-kucuk-boy\/#primaryimage"},"image":{"@id":"https:\/\/hobierotikshop.com.tr\/website1\/erotik-shop-urun\/metal-mor-tasli-kirmizi-anal-plug-kucuk-boy\/#primaryimage"},"thumbnailUrl":"https:\/\/haremerotikshop.com\/site\/wp-content\/uploads\/2025\/03\/metal-mor-tasli-kirmizi-anal-plug-kucuk-boy-1783-2.jpg","datePublished":"2025-03-17T09:20:56+00:00","dateModified":"2025-03-21T12:52:17+00:00","breadcrumb":{"@id":"https:\/\/hobierotikshop.com.tr\/website1\/erotik-shop-urun\/metal-mor-tasli-kirmizi-anal-plug-kucuk-boy\/#breadcrumb"},"inLanguage":"tr","potentialAction":[{"@type":"ReadAction","target":["https:\/\/hobierotikshop.com.tr\/website1\/erotik-shop-urun\/metal-mor-tasli-kirmizi-anal-plug-kucuk-boy\/"]}]},{"@type":"ImageObject","inLanguage":"tr","@id":"https:\/\/hobierotikshop.com.tr\/website1\/erotik-shop-urun\/metal-mor-tasli-kirmizi-anal-plug-kucuk-boy\/#primaryimage","url":"https:\/\/haremerotikshop.com\/site\/wp-content\/uploads\/2025\/03\/metal-mor-tasli-kirmizi-anal-plug-kucuk-boy-1783-2.jpg","contentUrl":"https:\/\/haremerotikshop.com\/site\/wp-content\/uploads\/2025\/03\/metal-mor-tasli-kirmizi-anal-plug-kucuk-boy-1783-2.jpg","width":1500,"height":1500},{"@type":"BreadcrumbList","@id":"https:\/\/hobierotikshop.com.tr\/website1\/erotik-shop-urun\/metal-mor-tasli-kirmizi-anal-plug-kucuk-boy\/#breadcrumb","itemListElement":[{"@type":"ListItem","position":1,"name":"Anasayfa","item":"https:\/\/hobierotikshop.com.tr\/website1\/"},{"@type":"ListItem","position":2,"name":"Erotik Shop \u00dcr\u00fcnleri","item":"https:\/\/hobierotikshop.com.tr\/website1\/shop\/"},{"@type":"ListItem","position":3,"name":"Metal Mor Ta\u015fl\u0131 K\u0131rm\u0131z\u0131 Anal Plug K\u00fc\u00e7\u00fck Boy"}]},{"@type":"WebSite","@id":"https:\/\/hobierotikshop.com.tr\/website1\/#website","url":"https:\/\/hobierotikshop.com.tr\/website1\/","name":"Bursa Erotik Shop","description":"Bursa Erotik Shop ile g\u00fcvenli, gizli ve kaliteli yeti\u015fkin \u00fcr\u00fcnleri al\u0131\u015fveri\u015fi! Geni\u015f \u00fcr\u00fcn yelpazemizi ke\u015ffedin, hemen sipari\u015f verin","publisher":{"@id":"https:\/\/hobierotikshop.com.tr\/website1\/#organization"},"alternateName":"Erotik Shop","potentialAction":[{"@type":"SearchAction","target":{"@type":"EntryPoint","urlTemplate":"https:\/\/hobierotikshop.com.tr\/website1\/?s={search_term_string}"},"query-input":{"@type":"PropertyValueSpecification","valueRequired":true,"valueName":"search_term_string"}}],"inLanguage":"tr"},{"@type":"Organization","@id":"https:\/\/hobierotikshop.com.tr\/website1\/#organization","name":"Harem Bursa Erotik Shop","url":"https:\/\/hobierotikshop.com.tr\/website1\/","logo":{"@type":"ImageObject","inLanguage":"tr","@id":"https:\/\/hobierotikshop.com.tr\/website1\/#\/schema\/logo\/image\/","url":"https:\/\/haremerotikshop.com\/site\/wp-content\/uploads\/2025\/03\/haremsexshop.png","contentUrl":"https:\/\/haremerotikshop.com\/site\/wp-content\/uploads\/2025\/03\/haremsexshop.png","width":400,"height":100,"caption":"Harem Bursa Erotik Shop"},"image":{"@id":"https:\/\/hobierotikshop.com.tr\/website1\/#\/schema\/logo\/image\/"},"sameAs":["https:\/\/x.com\/shopbursa"],"publishingPrinciples":"https:\/\/hobierotikshop.com.tr\/website1\/mesafeli-satis-sozlesmesi\/","ownershipFundingInfo":"https:\/\/hobierotikshop.com.tr\/website1\/contact-us\/","actionableFeedbackPolicy":"https:\/\/hobierotikshop.com.tr\/website1\/contact-us\/","correctionsPolicy":"https:\/\/hobierotikshop.com.tr\/website1\/mesafeli-satis-sozlesmesi\/"}]},"product_brand":"Pembe Tilki","product_price_amount":"540.00","product_price_currency":"TRY","og_availability":"instock","product_availability":"instock","product_retailer_item_id":"PT-ANXM013SRPRP","product_condition":"new"},"_links":{"self":[{"href":"https:\/\/haremerotikshop.com\/site\/wp-json\/wp\/v2\/product\/18632","targetHints":{"allow":["GET"]}}],"collection":[{"href":"https:\/\/haremerotikshop.com\/site\/wp-json\/wp\/v2\/product"}],"about":[{"href":"https:\/\/haremerotikshop.com\/site\/wp-json\/wp\/v2\/types\/product"}],"replies":[{"embeddable":true,"href":"https:\/\/haremerotikshop.com\/site\/wp-json\/wp\/v2\/comments?post=18632"}],"version-history":[{"count":0,"href":"https:\/\/haremerotikshop.com\/site\/wp-json\/wp\/v2\/product\/18632\/revisions"}],"wp:featuredmedia":[{"embeddable":true,"href":"https:\/\/haremerotikshop.com\/site\/wp-json\/wp\/v2\/media\/18711"}],"wp:attachment":[{"href":"https:\/\/haremerotikshop.com\/site\/wp-json\/wp\/v2\/media?parent=18632"}],"wp:term":[{"taxonomy":"product_brand","embeddable":true,"href":"https:\/\/haremerotikshop.com\/site\/wp-json\/wp\/v2\/product_brand?post=18632"},{"taxonomy":"product_cat","embeddable":true,"href":"https:\/\/haremerotikshop.com\/site\/wp-json\/wp\/v2\/product_cat?post=18632"},{"taxonomy":"product_tag","embeddable":true,"href":"https:\/\/haremerotikshop.com\/site\/wp-json\/wp\/v2\/product_tag?post=18632"}],"curies":[{"name":"wp","href":"https:\/\/api.w.org\/{rel}","templated":true}]}}