{"id":18633,"date":"2025-03-17T12:20:57","date_gmt":"2025-03-17T09:20:57","guid":{"rendered":"https:\/\/haremerotikshop.com\/site\/?post_type=product&#038;p=18633"},"modified":"2025-03-21T15:34:27","modified_gmt":"2025-03-21T12:34:27","slug":"metal-rainbow-tasli-kirmizi-anal-plug-kucuk-boy","status":"publish","type":"product","link":"https:\/\/haremerotikshop.com\/site\/erotik-shop-urun\/metal-rainbow-tasli-kirmizi-anal-plug-kucuk-boy\/","title":{"rendered":"Metal Rainbow Ta\u015fl\u0131 K\u0131rm\u0131z\u0131 Anal Plug K\u00fc\u00e7\u00fck Boy"},"content":{"rendered":"<h3 data-start=\"0\" data-end=\"97\"><strong data-start=\"4\" data-end=\"97\">Metal Rainbow Ta\u015fl\u0131 K\u0131rm\u0131z\u0131 Anal Plug \u2013 Estetik ve Konforlu Cinsel Ke\u015fif \u0130\u00e7in \u0130deal Se\u00e7im<\/strong><\/h3>\n<p data-start=\"99\" data-end=\"523\"><strong data-start=\"99\" data-end=\"140\">Metal Rainbow Ta\u015fl\u0131 K\u0131rm\u0131z\u0131 Anal Plug<\/strong>, zarif tasar\u0131m\u0131 ve i\u015flevselli\u011fiyle cinsel deneyimlerinizi zenginle\u015ftirecek m\u00fckemmel bir \u00fcr\u00fcnd\u00fcr. <strong data-start=\"238\" data-end=\"258\">Yeni ba\u015flayanlar<\/strong> ve <strong data-start=\"262\" data-end=\"288\">deneyimli kullan\u0131c\u0131lar<\/strong> i\u00e7in ideal olan bu k\u00fc\u00e7\u00fck boy anal plug, hem g\u00f6rsel hem de fiziksel tatmin sa\u011flamak i\u00e7in tasarlanm\u0131\u015ft\u0131r. Hem <strong data-start=\"397\" data-end=\"413\">solo oyunlar<\/strong> hem de <strong data-start=\"421\" data-end=\"434\">partnerle<\/strong> kullan\u0131labilir, cinsel ke\u015fiflerinizi daha heyecan verici hale getirecek bir aksesuard\u0131r.<\/p>\n<h3 data-start=\"525\" data-end=\"550\"><strong data-start=\"529\" data-end=\"550\">\u00dcr\u00fcn \u00d6zellikleri:<\/strong><\/h3>\n<h4 data-start=\"552\" data-end=\"570\"><strong data-start=\"557\" data-end=\"570\">Boyutlar:<\/strong><\/h4>\n<ul data-start=\"571\" data-end=\"835\">\n<li data-start=\"571\" data-end=\"835\"><strong data-start=\"573\" data-end=\"587\">2,8 cm \u00e7ap<\/strong> ve <strong data-start=\"591\" data-end=\"607\">7 cm uzunluk<\/strong>, kullan\u0131m\u0131 rahat ve g\u00fcvenli hale getirir. K\u00fc\u00e7\u00fck boyutuyla, <strong data-start=\"667\" data-end=\"687\">yeni ba\u015flayanlar<\/strong> i\u00e7in idealdir ve ayn\u0131 zamanda <strong data-start=\"718\" data-end=\"744\">deneyimli kullan\u0131c\u0131lar<\/strong> taraf\u0131ndan da rahatl\u0131kla kullan\u0131labilir. Boyutlar\u0131, rahat bir kullan\u0131m ve pratiklik sunar.<\/li>\n<\/ul>\n<h4 data-start=\"837\" data-end=\"854\"><strong data-start=\"842\" data-end=\"854\">A\u011f\u0131rl\u0131k:<\/strong><\/h4>\n<ul data-start=\"855\" data-end=\"1023\">\n<li data-start=\"855\" data-end=\"1023\"><strong data-start=\"857\" data-end=\"868\">50 gram<\/strong> a\u011f\u0131rl\u0131\u011f\u0131nda olan bu anal plug, kullan\u0131c\u0131s\u0131na ho\u015f bir a\u011f\u0131rl\u0131k hissi verir. Bu ekstra a\u011f\u0131rl\u0131k, <strong data-start=\"962\" data-end=\"973\">uyar\u0131c\u0131<\/strong> bir deneyim sa\u011flar ve cinsel hazlar\u0131n\u0131z\u0131 art\u0131r\u0131r.<\/li>\n<\/ul>\n<h4 data-start=\"1025\" data-end=\"1042\"><strong data-start=\"1030\" data-end=\"1042\">Malzeme:<\/strong><\/h4>\n<ul data-start=\"1043\" data-end=\"1298\">\n<li data-start=\"1043\" data-end=\"1298\"><strong data-start=\"1045\" data-end=\"1070\">Y\u00fcksek kaliteli metal<\/strong> malzemeden \u00fcretilmi\u015ftir. Metalin dayan\u0131kl\u0131l\u0131\u011f\u0131, <strong data-start=\"1119\" data-end=\"1138\">p\u00fcr\u00fczs\u00fcz y\u00fczeyi<\/strong> ve <strong data-start=\"1142\" data-end=\"1155\">\u0131s\u0131 tutma<\/strong> \u00f6zellikleri ile bilinir. Metal malzeme, <strong data-start=\"1196\" data-end=\"1207\">so\u011futma<\/strong> ve <strong data-start=\"1211\" data-end=\"1221\">\u0131s\u0131nma<\/strong> i\u015flemleri ile farkl\u0131 duyusal deneyimler sunarak ke\u015fiflerinizi \u00e7e\u015fitlendirir.<\/li>\n<\/ul>\n<h4 data-start=\"1300\" data-end=\"1317\"><strong data-start=\"1305\" data-end=\"1317\">Tasar\u0131m:<\/strong><\/h4>\n<ul data-start=\"1318\" data-end=\"1631\">\n<li data-start=\"1318\" data-end=\"1631\">\u015e\u0131k <strong data-start=\"1324\" data-end=\"1342\">k\u0131rm\u0131z\u0131 renkte<\/strong> tasarlanm\u0131\u015f olan bu anal plug, arka k\u0131sm\u0131nda <strong data-start=\"1388\" data-end=\"1413\">g\u00f6z al\u0131c\u0131 rainbow ta\u015f<\/strong> ile s\u00fcslenmi\u015ftir. Bu estetik detay, \u00fcr\u00fcne zarif bir g\u00f6r\u00fcn\u00fcm kazand\u0131r\u0131r ve kullan\u0131m s\u0131ras\u0131nda ekstra g\u00f6rsel zevk sunar. Hem g\u00f6rsel hem de fiziksel tatmin sa\u011flayan bu tasar\u0131m, cinsel deneyiminizi daha \u00f6zel hale getirir.<\/li>\n<\/ul>\n<h4 data-start=\"1633\" data-end=\"1657\"><strong data-start=\"1638\" data-end=\"1657\">Ergonomik Yap\u0131:<\/strong><\/h4>\n<ul data-start=\"1658\" data-end=\"1880\">\n<li data-start=\"1658\" data-end=\"1880\"><strong data-start=\"1660\" data-end=\"1681\">Ergonomik tasar\u0131m<\/strong> sayesinde, bu anal plug v\u00fccuda m\u00fckemmel uyum sa\u011flar. <strong data-start=\"1735\" data-end=\"1750\">Geni\u015f taban<\/strong> yap\u0131s\u0131, g\u00fcvenli kullan\u0131m sa\u011flar ve kaymay\u0131 \u00f6nler. Bu, rahat bir kullan\u0131m deneyimi ve g\u00fcvenlik a\u00e7\u0131s\u0131ndan \u00f6nemli bir \u00f6zellik sunar.<\/li>\n<\/ul>\n<h3 data-start=\"1882\" data-end=\"1911\"><strong data-start=\"1886\" data-end=\"1911\">Kullan\u0131m ve Temizlik:<\/strong><\/h3>\n<ul data-start=\"1913\" data-end=\"2443\">\n<li data-start=\"1913\" data-end=\"2204\"><strong data-start=\"1915\" data-end=\"1956\">Metal Rainbow Ta\u015fl\u0131 K\u0131rm\u0131z\u0131 Anal Plug<\/strong>, hem <strong data-start=\"1962\" data-end=\"1978\">solo oyunlar<\/strong> hem de <strong data-start=\"1986\" data-end=\"2010\">partnerli deneyimler<\/strong> i\u00e7in m\u00fckemmeldir. Metal malzeme, <strong data-start=\"2044\" data-end=\"2058\">\u0131s\u0131t\u0131larak<\/strong> veya <strong data-start=\"2064\" data-end=\"2079\">so\u011futularak<\/strong> farkl\u0131 duyusal deneyimler ya\u015faman\u0131za olanak tan\u0131r. Bu, daha heyecanl\u0131 ve tatmin edici bir deneyim i\u00e7in ideal bir \u00f6zelliktir.<\/li>\n<li data-start=\"2205\" data-end=\"2443\">Temizli\u011fi olduk\u00e7a basittir. Kullan\u0131mdan \u00f6nce ve sonra <strong data-start=\"2261\" data-end=\"2281\">\u0131l\u0131k su ve sabun<\/strong> ile y\u0131kayabilir veya <strong data-start=\"2303\" data-end=\"2336\">uygun bir oyuncak temizleyici<\/strong> ile hijyenik temizlik sa\u011flayabilirsiniz. Metal y\u00fczeyler, bak\u0131m konusunda olduk\u00e7a pratik ve uzun \u00f6m\u00fcrl\u00fcd\u00fcr.<\/li>\n<\/ul>\n<h3 data-start=\"2445\" data-end=\"2487\"><strong data-start=\"2449\" data-end=\"2487\">Estetik ve Uyar\u0131c\u0131 Cinsel Deneyim:<\/strong><\/h3>\n<p data-start=\"2489\" data-end=\"2911\"><strong data-start=\"2489\" data-end=\"2530\">Metal Rainbow Ta\u015fl\u0131 K\u0131rm\u0131z\u0131 Anal Plug<\/strong>, g\u00f6rsel ve fiziksel olarak tatmin edici bir \u00fcr\u00fcnd\u00fcr. Tasar\u0131m\u0131 sayesinde sadece cinsel ke\u015fiflerinizi zenginle\u015ftirmekle kalmaz, ayn\u0131 zamanda estetik a\u00e7\u0131dan da keyif alaca\u011f\u0131n\u0131z bir deneyim sunar. <strong data-start=\"2724\" data-end=\"2739\">Rainbow ta\u015f<\/strong> detay\u0131, \u00fcr\u00fcne g\u00f6z al\u0131c\u0131 bir g\u00fczellik katarken, k\u0131rm\u0131z\u0131 rengi ise tutkulu ve \u015f\u0131k bir hava yarat\u0131r. Bu, sizi ve partnerinizi daha da \u015f\u0131martmak i\u00e7in m\u00fckemmel bir aksesuard\u0131r.<\/p>\n<h3 data-start=\"2913\" data-end=\"2927\"><strong data-start=\"2917\" data-end=\"2927\">Sonu\u00e7:<\/strong><\/h3>\n<p data-start=\"2929\" data-end=\"3405\" data-is-last-node=\"\" data-is-only-node=\"\"><strong data-start=\"2929\" data-end=\"2970\">Metal Rainbow Ta\u015fl\u0131 K\u0131rm\u0131z\u0131 Anal Plug<\/strong>, y\u00fcksek kaliteli tasar\u0131m\u0131, ergonomik yap\u0131s\u0131 ve estetik g\u00f6r\u00fcn\u00fcm\u00fc ile cinsel ke\u015fiflerinizi zenginle\u015ftirecek bir \u00fcr\u00fcnd\u00fcr. Hem <strong data-start=\"3094\" data-end=\"3114\">yeni ba\u015flayanlar<\/strong> hem de <strong data-start=\"3122\" data-end=\"3148\">deneyimli kullan\u0131c\u0131lar<\/strong> i\u00e7in idealdir. Kullan\u0131m\u0131 rahat, g\u00fcvenli ve g\u00f6rsel a\u00e7\u0131dan tatmin edici olan bu anal plug, koleksiyonunuzda vazge\u00e7ilmez bir par\u00e7a olacak ve cinsel deneyimlerinizi yeni bir seviyeye ta\u015f\u0131yacakt\u0131r. Kendinizi ve partnerinizi \u015f\u0131martmak i\u00e7in m\u00fckemmel bir se\u00e7imdir.<\/p>\n","protected":false},"excerpt":{"rendered":"<p><strong data-start=\"99\" data-end=\"140\">Metal Rainbow Ta\u015fl\u0131 K\u0131rm\u0131z\u0131 Anal Plug<\/strong>, zarif tasar\u0131m\u0131 ve i\u015flevselli\u011fiyle cinsel deneyimlerinizi zenginle\u015ftirecek m\u00fckemmel bir \u00fcr\u00fcnd\u00fcr. <strong data-start=\"238\" data-end=\"258\">Yeni ba\u015flayanlar<\/strong> ve <strong data-start=\"262\" data-end=\"288\">deneyimli kullan\u0131c\u0131lar<\/strong> i\u00e7in ideal olan bu k\u00fc\u00e7\u00fck boy anal plug, hem g\u00f6rsel hem de fiziksel tatmin sa\u011flamak i\u00e7in tasarlanm\u0131\u015ft\u0131r. Hem <strong data-start=\"397\" data-end=\"413\">solo oyunlar<\/strong> hem de <strong data-start=\"421\" data-end=\"434\">partnerle<\/strong> kullan\u0131labilir, cinsel ke\u015fiflerinizi daha heyecan verici hale getirecek bir aksesuard\u0131r.<\/p>\n","protected":false},"featured_media":18713,"comment_status":"open","ping_status":"closed","template":"","meta":[],"product_brand":[127],"product_cat":[89],"product_tag":[184],"class_list":{"0":"post-18633","1":"product","2":"type-product","3":"status-publish","4":"has-post-thumbnail","6":"product_brand-pembe-tilki","7":"product_cat-anal-plug","8":"product_tag-metal-rainbow-tasli-kirmizi-anal-plug-kucuk-boy","10":"first","11":"instock","12":"taxable","13":"shipping-taxable","14":"purchasable","15":"product-type-simple"},"yoast_head":"<!-- This site is optimized with the Yoast SEO Premium plugin v24.4 (Yoast SEO v27.1.1) - https:\/\/yoast.com\/product\/yoast-seo-premium-wordpress\/ -->\n<title>Metal Rainbow Ta\u015fl\u0131 K\u0131rm\u0131z\u0131 Anal Plug K\u00fc\u00e7\u00fck Boy - Bursa Erotik Shop<\/title>\n<meta name=\"robots\" content=\"index, follow, max-snippet:-1, max-image-preview:large, max-video-preview:-1\" \/>\n<link rel=\"canonical\" href=\"https:\/\/hobierotikshop.com.tr\/website1\/erotik-shop-urun\/metal-rainbow-tasli-kirmizi-anal-plug-kucuk-boy\/\" \/>\n<meta property=\"og:locale\" content=\"tr_TR\" \/>\n<meta property=\"og:type\" content=\"article\" \/>\n<meta property=\"og:title\" content=\"Metal Rainbow Ta\u015fl\u0131 K\u0131rm\u0131z\u0131 Anal Plug K\u00fc\u00e7\u00fck Boy\" \/>\n<meta property=\"og:description\" content=\"Metal Rainbow Ta\u015fl\u0131 K\u0131rm\u0131z\u0131 Anal Plug, zarif tasar\u0131m\u0131 ve i\u015flevselli\u011fiyle cinsel deneyimlerinizi zenginle\u015ftirecek m\u00fckemmel bir \u00fcr\u00fcnd\u00fcr. Yeni ba\u015flayanlar ve deneyimli kullan\u0131c\u0131lar i\u00e7in ideal olan bu k\u00fc\u00e7\u00fck boy anal plug, hem g\u00f6rsel hem de fiziksel tatmin sa\u011flamak i\u00e7in tasarlanm\u0131\u015ft\u0131r. Hem solo oyunlar hem de partnerle kullan\u0131labilir, cinsel ke\u015fiflerinizi daha heyecan verici hale getirecek bir aksesuard\u0131r.\" \/>\n<meta property=\"og:url\" content=\"https:\/\/hobierotikshop.com.tr\/website1\/erotik-shop-urun\/metal-rainbow-tasli-kirmizi-anal-plug-kucuk-boy\/\" \/>\n<meta property=\"og:site_name\" content=\"Bursa Erotik Shop\" \/>\n<meta property=\"article:modified_time\" content=\"2025-03-21T12:34:27+00:00\" \/>\n<meta property=\"og:image\" content=\"https:\/\/hobierotikshop.com.tr\/website1\/wp-content\/uploads\/2025\/03\/metal-rainbow-tasli-kirmizi-anal-plug-kucuk-boy-1784-2.jpg\" \/>\n\t<meta property=\"og:image:width\" content=\"1500\" \/>\n\t<meta property=\"og:image:height\" content=\"1500\" \/>\n\t<meta property=\"og:image:type\" content=\"image\/jpeg\" \/>\n<meta name=\"twitter:card\" content=\"summary_large_image\" \/>\n<meta name=\"twitter:site\" content=\"@shopbursa\" \/>\n<meta name=\"twitter:label1\" content=\"Fiyat\" \/>\n\t<meta name=\"twitter:data1\" content=\"&#8378;540,00 KDV DAH\u0130L\" \/>\n\t<meta name=\"twitter:label2\" content=\"Availability\" \/>\n\t<meta name=\"twitter:data2\" content=\"In stock\" \/>\n<script type=\"application\/ld+json\" class=\"yoast-schema-graph\">{\"@context\":\"https:\/\/schema.org\",\"@graph\":[{\"@type\":\"WebPage\",\"@id\":\"https:\/\/hobierotikshop.com.tr\/website1\/erotik-shop-urun\/metal-rainbow-tasli-kirmizi-anal-plug-kucuk-boy\/\",\"url\":\"https:\/\/hobierotikshop.com.tr\/website1\/erotik-shop-urun\/metal-rainbow-tasli-kirmizi-anal-plug-kucuk-boy\/\",\"name\":\"Metal Rainbow Ta\u015fl\u0131 K\u0131rm\u0131z\u0131 Anal Plug K\u00fc\u00e7\u00fck Boy - Bursa Erotik Shop\",\"isPartOf\":{\"@id\":\"https:\/\/hobierotikshop.com.tr\/website1\/#website\"},\"primaryImageOfPage\":{\"@id\":\"https:\/\/hobierotikshop.com.tr\/website1\/erotik-shop-urun\/metal-rainbow-tasli-kirmizi-anal-plug-kucuk-boy\/#primaryimage\"},\"image\":{\"@id\":\"https:\/\/hobierotikshop.com.tr\/website1\/erotik-shop-urun\/metal-rainbow-tasli-kirmizi-anal-plug-kucuk-boy\/#primaryimage\"},\"thumbnailUrl\":\"https:\/\/haremerotikshop.com\/site\/wp-content\/uploads\/2025\/03\/metal-rainbow-tasli-kirmizi-anal-plug-kucuk-boy-1784-2.jpg\",\"datePublished\":\"2025-03-17T09:20:57+00:00\",\"dateModified\":\"2025-03-21T12:34:27+00:00\",\"breadcrumb\":{\"@id\":\"https:\/\/hobierotikshop.com.tr\/website1\/erotik-shop-urun\/metal-rainbow-tasli-kirmizi-anal-plug-kucuk-boy\/#breadcrumb\"},\"inLanguage\":\"tr\",\"potentialAction\":[{\"@type\":\"ReadAction\",\"target\":[\"https:\/\/hobierotikshop.com.tr\/website1\/erotik-shop-urun\/metal-rainbow-tasli-kirmizi-anal-plug-kucuk-boy\/\"]}]},{\"@type\":\"ImageObject\",\"inLanguage\":\"tr\",\"@id\":\"https:\/\/hobierotikshop.com.tr\/website1\/erotik-shop-urun\/metal-rainbow-tasli-kirmizi-anal-plug-kucuk-boy\/#primaryimage\",\"url\":\"https:\/\/haremerotikshop.com\/site\/wp-content\/uploads\/2025\/03\/metal-rainbow-tasli-kirmizi-anal-plug-kucuk-boy-1784-2.jpg\",\"contentUrl\":\"https:\/\/haremerotikshop.com\/site\/wp-content\/uploads\/2025\/03\/metal-rainbow-tasli-kirmizi-anal-plug-kucuk-boy-1784-2.jpg\",\"width\":1500,\"height\":1500},{\"@type\":\"BreadcrumbList\",\"@id\":\"https:\/\/hobierotikshop.com.tr\/website1\/erotik-shop-urun\/metal-rainbow-tasli-kirmizi-anal-plug-kucuk-boy\/#breadcrumb\",\"itemListElement\":[{\"@type\":\"ListItem\",\"position\":1,\"name\":\"Anasayfa\",\"item\":\"https:\/\/hobierotikshop.com.tr\/website1\/\"},{\"@type\":\"ListItem\",\"position\":2,\"name\":\"Erotik Shop \u00dcr\u00fcnleri\",\"item\":\"https:\/\/hobierotikshop.com.tr\/website1\/shop\/\"},{\"@type\":\"ListItem\",\"position\":3,\"name\":\"Metal Rainbow Ta\u015fl\u0131 K\u0131rm\u0131z\u0131 Anal Plug K\u00fc\u00e7\u00fck Boy\"}]},{\"@type\":\"WebSite\",\"@id\":\"https:\/\/hobierotikshop.com.tr\/website1\/#website\",\"url\":\"https:\/\/hobierotikshop.com.tr\/website1\/\",\"name\":\"Bursa Erotik Shop\",\"description\":\"Bursa Erotik Shop ile g\u00fcvenli, gizli ve kaliteli yeti\u015fkin \u00fcr\u00fcnleri al\u0131\u015fveri\u015fi! Geni\u015f \u00fcr\u00fcn yelpazemizi ke\u015ffedin, hemen sipari\u015f verin\",\"publisher\":{\"@id\":\"https:\/\/hobierotikshop.com.tr\/website1\/#organization\"},\"alternateName\":\"Erotik Shop\",\"potentialAction\":[{\"@type\":\"SearchAction\",\"target\":{\"@type\":\"EntryPoint\",\"urlTemplate\":\"https:\/\/hobierotikshop.com.tr\/website1\/?s={search_term_string}\"},\"query-input\":{\"@type\":\"PropertyValueSpecification\",\"valueRequired\":true,\"valueName\":\"search_term_string\"}}],\"inLanguage\":\"tr\"},{\"@type\":\"Organization\",\"@id\":\"https:\/\/hobierotikshop.com.tr\/website1\/#organization\",\"name\":\"Harem Bursa Erotik Shop\",\"url\":\"https:\/\/hobierotikshop.com.tr\/website1\/\",\"logo\":{\"@type\":\"ImageObject\",\"inLanguage\":\"tr\",\"@id\":\"https:\/\/hobierotikshop.com.tr\/website1\/#\/schema\/logo\/image\/\",\"url\":\"https:\/\/haremerotikshop.com\/site\/wp-content\/uploads\/2025\/03\/haremsexshop.png\",\"contentUrl\":\"https:\/\/haremerotikshop.com\/site\/wp-content\/uploads\/2025\/03\/haremsexshop.png\",\"width\":400,\"height\":100,\"caption\":\"Harem Bursa Erotik Shop\"},\"image\":{\"@id\":\"https:\/\/hobierotikshop.com.tr\/website1\/#\/schema\/logo\/image\/\"},\"sameAs\":[\"https:\/\/x.com\/shopbursa\"],\"publishingPrinciples\":\"https:\/\/hobierotikshop.com.tr\/website1\/mesafeli-satis-sozlesmesi\/\",\"ownershipFundingInfo\":\"https:\/\/hobierotikshop.com.tr\/website1\/contact-us\/\",\"actionableFeedbackPolicy\":\"https:\/\/hobierotikshop.com.tr\/website1\/contact-us\/\",\"correctionsPolicy\":\"https:\/\/hobierotikshop.com.tr\/website1\/mesafeli-satis-sozlesmesi\/\"}]}<\/script>\n<meta property=\"product:brand\" content=\"Pembe Tilki\" \/>\n<meta property=\"product:price:amount\" content=\"540.00\" \/>\n<meta property=\"product:price:currency\" content=\"TRY\" \/>\n<meta property=\"og:availability\" content=\"instock\" \/>\n<meta property=\"product:availability\" content=\"instock\" \/>\n<meta property=\"product:retailer_item_id\" content=\"PT-ANXM013SRRW\" \/>\n<meta property=\"product:condition\" content=\"new\" \/>\n<!-- \/ Yoast SEO Premium plugin. -->","yoast_head_json":{"title":"Metal Rainbow Ta\u015fl\u0131 K\u0131rm\u0131z\u0131 Anal Plug K\u00fc\u00e7\u00fck Boy - Bursa Erotik Shop","robots":{"index":"index","follow":"follow","max-snippet":"max-snippet:-1","max-image-preview":"max-image-preview:large","max-video-preview":"max-video-preview:-1"},"canonical":"https:\/\/hobierotikshop.com.tr\/website1\/erotik-shop-urun\/metal-rainbow-tasli-kirmizi-anal-plug-kucuk-boy\/","og_locale":"tr_TR","og_type":"article","og_title":"Metal Rainbow Ta\u015fl\u0131 K\u0131rm\u0131z\u0131 Anal Plug K\u00fc\u00e7\u00fck Boy","og_description":"Metal Rainbow Ta\u015fl\u0131 K\u0131rm\u0131z\u0131 Anal Plug, zarif tasar\u0131m\u0131 ve i\u015flevselli\u011fiyle cinsel deneyimlerinizi zenginle\u015ftirecek m\u00fckemmel bir \u00fcr\u00fcnd\u00fcr. Yeni ba\u015flayanlar ve deneyimli kullan\u0131c\u0131lar i\u00e7in ideal olan bu k\u00fc\u00e7\u00fck boy anal plug, hem g\u00f6rsel hem de fiziksel tatmin sa\u011flamak i\u00e7in tasarlanm\u0131\u015ft\u0131r. Hem solo oyunlar hem de partnerle kullan\u0131labilir, cinsel ke\u015fiflerinizi daha heyecan verici hale getirecek bir aksesuard\u0131r.","og_url":"https:\/\/hobierotikshop.com.tr\/website1\/erotik-shop-urun\/metal-rainbow-tasli-kirmizi-anal-plug-kucuk-boy\/","og_site_name":"Bursa Erotik Shop","article_modified_time":"2025-03-21T12:34:27+00:00","og_image":[{"width":1500,"height":1500,"url":"https:\/\/hobierotikshop.com.tr\/website1\/wp-content\/uploads\/2025\/03\/metal-rainbow-tasli-kirmizi-anal-plug-kucuk-boy-1784-2.jpg","type":"image\/jpeg"}],"twitter_card":"summary_large_image","twitter_site":"@shopbursa","twitter_misc":{"Fiyat":"&#8378;540,00 KDV DAH\u0130L","Availability":"In stock"},"schema":{"@context":"https:\/\/schema.org","@graph":[{"@type":"WebPage","@id":"https:\/\/hobierotikshop.com.tr\/website1\/erotik-shop-urun\/metal-rainbow-tasli-kirmizi-anal-plug-kucuk-boy\/","url":"https:\/\/hobierotikshop.com.tr\/website1\/erotik-shop-urun\/metal-rainbow-tasli-kirmizi-anal-plug-kucuk-boy\/","name":"Metal Rainbow Ta\u015fl\u0131 K\u0131rm\u0131z\u0131 Anal Plug K\u00fc\u00e7\u00fck Boy - Bursa Erotik Shop","isPartOf":{"@id":"https:\/\/hobierotikshop.com.tr\/website1\/#website"},"primaryImageOfPage":{"@id":"https:\/\/hobierotikshop.com.tr\/website1\/erotik-shop-urun\/metal-rainbow-tasli-kirmizi-anal-plug-kucuk-boy\/#primaryimage"},"image":{"@id":"https:\/\/hobierotikshop.com.tr\/website1\/erotik-shop-urun\/metal-rainbow-tasli-kirmizi-anal-plug-kucuk-boy\/#primaryimage"},"thumbnailUrl":"https:\/\/haremerotikshop.com\/site\/wp-content\/uploads\/2025\/03\/metal-rainbow-tasli-kirmizi-anal-plug-kucuk-boy-1784-2.jpg","datePublished":"2025-03-17T09:20:57+00:00","dateModified":"2025-03-21T12:34:27+00:00","breadcrumb":{"@id":"https:\/\/hobierotikshop.com.tr\/website1\/erotik-shop-urun\/metal-rainbow-tasli-kirmizi-anal-plug-kucuk-boy\/#breadcrumb"},"inLanguage":"tr","potentialAction":[{"@type":"ReadAction","target":["https:\/\/hobierotikshop.com.tr\/website1\/erotik-shop-urun\/metal-rainbow-tasli-kirmizi-anal-plug-kucuk-boy\/"]}]},{"@type":"ImageObject","inLanguage":"tr","@id":"https:\/\/hobierotikshop.com.tr\/website1\/erotik-shop-urun\/metal-rainbow-tasli-kirmizi-anal-plug-kucuk-boy\/#primaryimage","url":"https:\/\/haremerotikshop.com\/site\/wp-content\/uploads\/2025\/03\/metal-rainbow-tasli-kirmizi-anal-plug-kucuk-boy-1784-2.jpg","contentUrl":"https:\/\/haremerotikshop.com\/site\/wp-content\/uploads\/2025\/03\/metal-rainbow-tasli-kirmizi-anal-plug-kucuk-boy-1784-2.jpg","width":1500,"height":1500},{"@type":"BreadcrumbList","@id":"https:\/\/hobierotikshop.com.tr\/website1\/erotik-shop-urun\/metal-rainbow-tasli-kirmizi-anal-plug-kucuk-boy\/#breadcrumb","itemListElement":[{"@type":"ListItem","position":1,"name":"Anasayfa","item":"https:\/\/hobierotikshop.com.tr\/website1\/"},{"@type":"ListItem","position":2,"name":"Erotik Shop \u00dcr\u00fcnleri","item":"https:\/\/hobierotikshop.com.tr\/website1\/shop\/"},{"@type":"ListItem","position":3,"name":"Metal Rainbow Ta\u015fl\u0131 K\u0131rm\u0131z\u0131 Anal Plug K\u00fc\u00e7\u00fck Boy"}]},{"@type":"WebSite","@id":"https:\/\/hobierotikshop.com.tr\/website1\/#website","url":"https:\/\/hobierotikshop.com.tr\/website1\/","name":"Bursa Erotik Shop","description":"Bursa Erotik Shop ile g\u00fcvenli, gizli ve kaliteli yeti\u015fkin \u00fcr\u00fcnleri al\u0131\u015fveri\u015fi! Geni\u015f \u00fcr\u00fcn yelpazemizi ke\u015ffedin, hemen sipari\u015f verin","publisher":{"@id":"https:\/\/hobierotikshop.com.tr\/website1\/#organization"},"alternateName":"Erotik Shop","potentialAction":[{"@type":"SearchAction","target":{"@type":"EntryPoint","urlTemplate":"https:\/\/hobierotikshop.com.tr\/website1\/?s={search_term_string}"},"query-input":{"@type":"PropertyValueSpecification","valueRequired":true,"valueName":"search_term_string"}}],"inLanguage":"tr"},{"@type":"Organization","@id":"https:\/\/hobierotikshop.com.tr\/website1\/#organization","name":"Harem Bursa Erotik Shop","url":"https:\/\/hobierotikshop.com.tr\/website1\/","logo":{"@type":"ImageObject","inLanguage":"tr","@id":"https:\/\/hobierotikshop.com.tr\/website1\/#\/schema\/logo\/image\/","url":"https:\/\/haremerotikshop.com\/site\/wp-content\/uploads\/2025\/03\/haremsexshop.png","contentUrl":"https:\/\/haremerotikshop.com\/site\/wp-content\/uploads\/2025\/03\/haremsexshop.png","width":400,"height":100,"caption":"Harem Bursa Erotik Shop"},"image":{"@id":"https:\/\/hobierotikshop.com.tr\/website1\/#\/schema\/logo\/image\/"},"sameAs":["https:\/\/x.com\/shopbursa"],"publishingPrinciples":"https:\/\/hobierotikshop.com.tr\/website1\/mesafeli-satis-sozlesmesi\/","ownershipFundingInfo":"https:\/\/hobierotikshop.com.tr\/website1\/contact-us\/","actionableFeedbackPolicy":"https:\/\/hobierotikshop.com.tr\/website1\/contact-us\/","correctionsPolicy":"https:\/\/hobierotikshop.com.tr\/website1\/mesafeli-satis-sozlesmesi\/"}]},"product_brand":"Pembe Tilki","product_price_amount":"540.00","product_price_currency":"TRY","og_availability":"instock","product_availability":"instock","product_retailer_item_id":"PT-ANXM013SRRW","product_condition":"new"},"_links":{"self":[{"href":"https:\/\/haremerotikshop.com\/site\/wp-json\/wp\/v2\/product\/18633","targetHints":{"allow":["GET"]}}],"collection":[{"href":"https:\/\/haremerotikshop.com\/site\/wp-json\/wp\/v2\/product"}],"about":[{"href":"https:\/\/haremerotikshop.com\/site\/wp-json\/wp\/v2\/types\/product"}],"replies":[{"embeddable":true,"href":"https:\/\/haremerotikshop.com\/site\/wp-json\/wp\/v2\/comments?post=18633"}],"version-history":[{"count":0,"href":"https:\/\/haremerotikshop.com\/site\/wp-json\/wp\/v2\/product\/18633\/revisions"}],"wp:featuredmedia":[{"embeddable":true,"href":"https:\/\/haremerotikshop.com\/site\/wp-json\/wp\/v2\/media\/18713"}],"wp:attachment":[{"href":"https:\/\/haremerotikshop.com\/site\/wp-json\/wp\/v2\/media?parent=18633"}],"wp:term":[{"taxonomy":"product_brand","embeddable":true,"href":"https:\/\/haremerotikshop.com\/site\/wp-json\/wp\/v2\/product_brand?post=18633"},{"taxonomy":"product_cat","embeddable":true,"href":"https:\/\/haremerotikshop.com\/site\/wp-json\/wp\/v2\/product_cat?post=18633"},{"taxonomy":"product_tag","embeddable":true,"href":"https:\/\/haremerotikshop.com\/site\/wp-json\/wp\/v2\/product_tag?post=18633"}],"curies":[{"name":"wp","href":"https:\/\/api.w.org\/{rel}","templated":true}]}}