{"id":18635,"date":"2025-03-17T12:20:57","date_gmt":"2025-03-17T09:20:57","guid":{"rendered":"https:\/\/haremerotikshop.com\/site\/?post_type=product&#038;p=18635"},"modified":"2025-03-21T15:38:30","modified_gmt":"2025-03-21T12:38:30","slug":"metal-mavi-tasli-kirmizi-anal-plug-kucuk-boy","status":"publish","type":"product","link":"https:\/\/haremerotikshop.com\/site\/erotik-shop-urun\/metal-mavi-tasli-kirmizi-anal-plug-kucuk-boy\/","title":{"rendered":"Metal Mavi Ta\u015fl\u0131 K\u0131rm\u0131z\u0131 Anal Plug K\u00fc\u00e7\u00fck Boy"},"content":{"rendered":"<h3 data-start=\"0\" data-end=\"108\"><strong data-start=\"4\" data-end=\"108\">Metal Mavi Ta\u015fl\u0131 K\u0131rm\u0131z\u0131 Anal Plug \u2013 Estetik, Konfor ve Uyar\u0131c\u0131 Cinsel Ke\u015fif \u0130\u00e7in M\u00fckemmel Bir Se\u00e7im<\/strong><\/h3>\n<p data-start=\"110\" data-end=\"406\"><strong data-start=\"110\" data-end=\"148\">Metal Mavi Ta\u015fl\u0131 K\u0131rm\u0131z\u0131 Anal Plug<\/strong>, \u015f\u0131kl\u0131\u011f\u0131 ve i\u015flevselli\u011fi ile cinsel deneyimlerinizi zenginle\u015ftirecek bir \u00fcr\u00fcnd\u00fcr. <strong data-start=\"231\" data-end=\"251\">Yeni ba\u015flayanlar<\/strong> ve <strong data-start=\"255\" data-end=\"281\">deneyimli kullan\u0131c\u0131lar<\/strong> i\u00e7in m\u00fckemmel bir se\u00e7enek olan bu k\u00fc\u00e7\u00fck boy anal plug, her iki taraf i\u00e7in de keyifli bir deneyim sunmak i\u00e7in tasarlanm\u0131\u015ft\u0131r.<\/p>\n<h3 data-start=\"408\" data-end=\"433\"><strong data-start=\"412\" data-end=\"433\">\u00dcr\u00fcn \u00d6zellikleri:<\/strong><\/h3>\n<h4 data-start=\"435\" data-end=\"453\"><strong data-start=\"440\" data-end=\"453\">Boyutlar:<\/strong><\/h4>\n<ul data-start=\"454\" data-end=\"794\">\n<li data-start=\"454\" data-end=\"794\"><strong data-start=\"456\" data-end=\"470\">2,8 cm \u00e7ap<\/strong> ve <strong data-start=\"474\" data-end=\"490\">7 cm uzunluk<\/strong> \u00f6l\u00e7\u00fclerine sahip olan bu anal plug, rahat ve g\u00fcvenli bir kullan\u0131m sa\u011flar. K\u00fc\u00e7\u00fck boyutlar\u0131 sayesinde <strong data-start=\"591\" data-end=\"611\">yeni ba\u015flayanlar<\/strong> i\u00e7in ideal olup, deneyimli kullan\u0131c\u0131lar i\u00e7in de konforlu bir se\u00e7enek sunar. \u0130deal boyut, kullan\u0131c\u0131ya maksimum rahatl\u0131k ve g\u00fcvenlik sunarak ke\u015fiflerini daha tatmin edici hale getirir.<\/li>\n<\/ul>\n<h4 data-start=\"796\" data-end=\"813\"><strong data-start=\"801\" data-end=\"813\">A\u011f\u0131rl\u0131k:<\/strong><\/h4>\n<ul data-start=\"814\" data-end=\"1001\">\n<li data-start=\"814\" data-end=\"1001\"><strong data-start=\"816\" data-end=\"827\">50 gram<\/strong> a\u011f\u0131rl\u0131\u011f\u0131ndaki bu anal plug, kullan\u0131m\u0131 s\u0131ras\u0131nda ho\u015f bir a\u011f\u0131rl\u0131k hissi sa\u011flar. Bu ekstra a\u011f\u0131rl\u0131k, cinsel deneyiminizi daha uyar\u0131c\u0131 hale getirir ve duygusal yo\u011funlu\u011fu art\u0131r\u0131r.<\/li>\n<\/ul>\n<h4 data-start=\"1003\" data-end=\"1020\"><strong data-start=\"1008\" data-end=\"1020\">Malzeme:<\/strong><\/h4>\n<ul data-start=\"1021\" data-end=\"1342\">\n<li data-start=\"1021\" data-end=\"1342\"><strong data-start=\"1023\" data-end=\"1048\">Y\u00fcksek kaliteli metal<\/strong> malzemeden \u00fcretilen bu anal plug, p\u00fcr\u00fczs\u00fcz y\u00fczeyi ve dayan\u0131kl\u0131l\u0131\u011f\u0131 ile uzun \u00f6m\u00fcrl\u00fc bir kullan\u0131m sunar. Metalin \u0131s\u0131 tutma ve so\u011futma \u00f6zellikleri sayesinde, kullan\u0131c\u0131 farkl\u0131 duyusal deneyimler ya\u015fayabilir. Hem dayan\u0131kl\u0131 hem de \u015f\u0131k olan metal malzeme, her zaman g\u00fcvenli ve l\u00fcks bir deneyim sunar.<\/li>\n<\/ul>\n<h4 data-start=\"1344\" data-end=\"1361\"><strong data-start=\"1349\" data-end=\"1361\">Tasar\u0131m:<\/strong><\/h4>\n<ul data-start=\"1362\" data-end=\"1639\">\n<li data-start=\"1362\" data-end=\"1639\"><strong data-start=\"1364\" data-end=\"1380\">K\u0131rm\u0131z\u0131 renk<\/strong> ile tasarlanm\u0131\u015f olan bu anal plug, arka k\u0131sm\u0131nda <strong data-start=\"1430\" data-end=\"1452\">g\u00f6z al\u0131c\u0131 mavi ta\u015f<\/strong> ile s\u00fcslenmi\u015ftir. Bu zarif tasar\u0131m, \u00fcr\u00fcne estetik bir g\u00f6r\u00fcn\u00fcm kazand\u0131r\u0131rken, kullan\u0131m\u0131 s\u0131ras\u0131nda g\u00f6rsel zevk de sunar. Hem g\u00f6rsel hem de fiziksel anlamda tatmin edici bir deneyim sa\u011flar.<\/li>\n<\/ul>\n<h4 data-start=\"1641\" data-end=\"1665\"><strong data-start=\"1646\" data-end=\"1665\">Ergonomik Yap\u0131:<\/strong><\/h4>\n<ul data-start=\"1666\" data-end=\"1890\">\n<li data-start=\"1666\" data-end=\"1890\"><strong data-start=\"1668\" data-end=\"1690\">Ergonomik tasar\u0131m\u0131<\/strong>, v\u00fccudun do\u011fal hatlar\u0131na uyum sa\u011flayarak rahat bir kullan\u0131m sunar. <strong data-start=\"1758\" data-end=\"1774\">Geni\u015f taban\u0131<\/strong>, g\u00fcvenli bir kullan\u0131m i\u00e7in tasarlanm\u0131\u015f olup kaymay\u0131 engeller. Bu sayede, kullan\u0131m s\u0131ras\u0131nda ekstra g\u00fcvenlik sa\u011flar.<\/li>\n<\/ul>\n<h3 data-start=\"1892\" data-end=\"1921\"><strong data-start=\"1896\" data-end=\"1921\">Kullan\u0131m ve Temizlik:<\/strong><\/h3>\n<ul data-start=\"1923\" data-end=\"2495\">\n<li data-start=\"1923\" data-end=\"2214\"><strong data-start=\"1925\" data-end=\"1963\">Metal Mavi Ta\u015fl\u0131 K\u0131rm\u0131z\u0131 Anal Plug<\/strong>, hem <strong data-start=\"1969\" data-end=\"1985\">solo oyunlar<\/strong> hem de <strong data-start=\"1993\" data-end=\"2018\">partnerle kullan\u0131mlar<\/strong> i\u00e7in m\u00fckemmel bir tercihtir. Metal malzeme, \u0131s\u0131t\u0131larak veya so\u011futularak farkl\u0131 duyusal deneyimler elde etmenize olanak tan\u0131r. Bu sayede daha zengin ve \u00e7e\u015fitli cinsel deneyimler ya\u015faman\u0131z\u0131 sa\u011flar.<\/li>\n<li data-start=\"2215\" data-end=\"2495\"><strong data-start=\"2217\" data-end=\"2250\">Temizli\u011fi son derece kolayd\u0131r<\/strong>. Kullan\u0131mdan \u00f6nce ve sonra \u0131l\u0131k su ve sabunla y\u0131kayarak hijyen sa\u011flayabilirsiniz. Ayr\u0131ca, <strong data-start=\"2341\" data-end=\"2374\">uygun bir oyuncak temizleyici<\/strong> kullanarak bak\u0131m\u0131n\u0131 yapabilirsiniz. Metal y\u00fczeylerin bak\u0131m\u0131 olduk\u00e7a pratik ve hijyenik olup, uzun \u00f6m\u00fcrl\u00fc kullan\u0131m sunar.<\/li>\n<\/ul>\n<h3 data-start=\"2497\" data-end=\"2551\"><strong data-start=\"2501\" data-end=\"2551\">Cinsel Ke\u015fifte Estetik ve Uyar\u0131c\u0131 Bir Deneyim:<\/strong><\/h3>\n<p data-start=\"2553\" data-end=\"2890\"><strong data-start=\"2553\" data-end=\"2591\">Metal Mavi Ta\u015fl\u0131 K\u0131rm\u0131z\u0131 Anal Plug<\/strong>, yaln\u0131zca i\u015flevsel de\u011fil, ayn\u0131 zamanda <strong data-start=\"2631\" data-end=\"2676\">g\u00f6rsel a\u00e7\u0131dan da tatmin edici bir \u00fcr\u00fcnd\u00fcr<\/strong>. <strong data-start=\"2678\" data-end=\"2701\">K\u0131rm\u0131z\u0131 ve mavi ta\u015f<\/strong> detaylar\u0131, estetik a\u00e7\u0131dan etkileyici bir deneyim sunar. Bu tasar\u0131m, cinsel ke\u015fiflerinizi hem g\u00f6rsel hem de fiziksel olarak daha derin ve tatmin edici hale getirecek \u015fekilde tasarlanm\u0131\u015ft\u0131r.<\/p>\n<h3 data-start=\"2892\" data-end=\"2906\"><strong data-start=\"2896\" data-end=\"2906\">Sonu\u00e7:<\/strong><\/h3>\n<p data-start=\"2908\" data-end=\"3434\" data-is-last-node=\"\" data-is-only-node=\"\"><strong data-start=\"2908\" data-end=\"2946\">Metal Mavi Ta\u015fl\u0131 K\u0131rm\u0131z\u0131 Anal Plug<\/strong>, <strong data-start=\"2948\" data-end=\"2970\">ergonomik tasar\u0131m\u0131<\/strong>, <strong data-start=\"2972\" data-end=\"2999\">y\u00fcksek kaliteli malzeme<\/strong> ve <strong data-start=\"3003\" data-end=\"3019\">\u015f\u0131k g\u00f6r\u00fcn\u00fcm\u00fc<\/strong> ile cinsel deneyimlerinizi zenginle\u015ftirecek bir \u00fcr\u00fcnd\u00fcr. Hem <strong data-start=\"3081\" data-end=\"3101\">yeni ba\u015flayanlar<\/strong> hem de <strong data-start=\"3109\" data-end=\"3135\">deneyimli kullan\u0131c\u0131lar<\/strong> i\u00e7in ideal olan bu \u00fcr\u00fcn, hem fiziksel hem de estetik tatmin sa\u011flar. Uzun \u00f6m\u00fcrl\u00fc ve g\u00fcvenli bir kullan\u0131ma sahip olan <strong data-start=\"3252\" data-end=\"3290\">Metal Mavi Ta\u015fl\u0131 K\u0131rm\u0131z\u0131 Anal Plug<\/strong>, ke\u015fiflerinizi daha heyecanl\u0131 ve \u00f6zel hale getirmek i\u00e7in ideal bir aksesuard\u0131r. Kendinizi ve partnerinizi \u015f\u0131martmak i\u00e7in m\u00fckemmel bir se\u00e7imdir.<\/p>\n","protected":false},"excerpt":{"rendered":"<p><strong data-start=\"110\" data-end=\"148\">Metal Mavi Ta\u015fl\u0131 K\u0131rm\u0131z\u0131 Anal Plug<\/strong>, \u015f\u0131kl\u0131\u011f\u0131 ve i\u015flevselli\u011fi ile cinsel deneyimlerinizi zenginle\u015ftirecek bir \u00fcr\u00fcnd\u00fcr. <strong data-start=\"231\" data-end=\"251\">Yeni ba\u015flayanlar<\/strong> ve <strong data-start=\"255\" data-end=\"281\">deneyimli kullan\u0131c\u0131lar<\/strong> i\u00e7in m\u00fckemmel bir se\u00e7enek olan bu k\u00fc\u00e7\u00fck boy anal plug, her iki taraf i\u00e7in de keyifli bir deneyim sunmak i\u00e7in tasarlanm\u0131\u015ft\u0131r.<\/p>\n","protected":false},"featured_media":18727,"comment_status":"open","ping_status":"closed","template":"","meta":[],"product_brand":[127],"product_cat":[89],"product_tag":[186],"class_list":{"0":"post-18635","1":"product","2":"type-product","3":"status-publish","4":"has-post-thumbnail","6":"product_brand-pembe-tilki","7":"product_cat-anal-plug","8":"product_tag-metal-mavi-tasli-kirmizi-anal-plug-kucuk-boy","10":"first","11":"instock","12":"taxable","13":"shipping-taxable","14":"purchasable","15":"product-type-simple"},"yoast_head":"<!-- This site is optimized with the Yoast SEO Premium plugin v24.4 (Yoast SEO v27.1.1) - https:\/\/yoast.com\/product\/yoast-seo-premium-wordpress\/ -->\n<title>Metal Mavi Ta\u015fl\u0131 K\u0131rm\u0131z\u0131 Anal Plug K\u00fc\u00e7\u00fck Boy - Bursa Erotik Shop<\/title>\n<meta name=\"robots\" content=\"index, follow, max-snippet:-1, max-image-preview:large, max-video-preview:-1\" \/>\n<link rel=\"canonical\" href=\"https:\/\/hobierotikshop.com.tr\/website1\/erotik-shop-urun\/metal-mavi-tasli-kirmizi-anal-plug-kucuk-boy\/\" \/>\n<meta property=\"og:locale\" content=\"tr_TR\" \/>\n<meta property=\"og:type\" content=\"article\" \/>\n<meta property=\"og:title\" content=\"Metal Mavi Ta\u015fl\u0131 K\u0131rm\u0131z\u0131 Anal Plug K\u00fc\u00e7\u00fck Boy\" \/>\n<meta property=\"og:description\" content=\"Metal Mavi Ta\u015fl\u0131 K\u0131rm\u0131z\u0131 Anal Plug, \u015f\u0131kl\u0131\u011f\u0131 ve i\u015flevselli\u011fi ile cinsel deneyimlerinizi zenginle\u015ftirecek bir \u00fcr\u00fcnd\u00fcr. Yeni ba\u015flayanlar ve deneyimli kullan\u0131c\u0131lar i\u00e7in m\u00fckemmel bir se\u00e7enek olan bu k\u00fc\u00e7\u00fck boy anal plug, her iki taraf i\u00e7in de keyifli bir deneyim sunmak i\u00e7in tasarlanm\u0131\u015ft\u0131r.\" \/>\n<meta property=\"og:url\" content=\"https:\/\/hobierotikshop.com.tr\/website1\/erotik-shop-urun\/metal-mavi-tasli-kirmizi-anal-plug-kucuk-boy\/\" \/>\n<meta property=\"og:site_name\" content=\"Bursa Erotik Shop\" \/>\n<meta property=\"article:modified_time\" content=\"2025-03-21T12:38:30+00:00\" \/>\n<meta property=\"og:image\" content=\"https:\/\/hobierotikshop.com.tr\/website1\/wp-content\/uploads\/2025\/03\/metal-mavi-tasli-kirmizi-anal-plug-kucuk-boy-1786-2.jpg\" \/>\n\t<meta property=\"og:image:width\" content=\"1500\" \/>\n\t<meta property=\"og:image:height\" content=\"1500\" \/>\n\t<meta property=\"og:image:type\" content=\"image\/jpeg\" \/>\n<meta name=\"twitter:card\" content=\"summary_large_image\" \/>\n<meta name=\"twitter:site\" content=\"@shopbursa\" \/>\n<meta name=\"twitter:label1\" content=\"Fiyat\" \/>\n\t<meta name=\"twitter:data1\" content=\"&#8378;540,00 KDV DAH\u0130L\" \/>\n\t<meta name=\"twitter:label2\" content=\"Availability\" \/>\n\t<meta name=\"twitter:data2\" content=\"In stock\" \/>\n<script type=\"application\/ld+json\" class=\"yoast-schema-graph\">{\"@context\":\"https:\/\/schema.org\",\"@graph\":[{\"@type\":\"WebPage\",\"@id\":\"https:\/\/hobierotikshop.com.tr\/website1\/erotik-shop-urun\/metal-mavi-tasli-kirmizi-anal-plug-kucuk-boy\/\",\"url\":\"https:\/\/hobierotikshop.com.tr\/website1\/erotik-shop-urun\/metal-mavi-tasli-kirmizi-anal-plug-kucuk-boy\/\",\"name\":\"Metal Mavi Ta\u015fl\u0131 K\u0131rm\u0131z\u0131 Anal Plug K\u00fc\u00e7\u00fck Boy - Bursa Erotik Shop\",\"isPartOf\":{\"@id\":\"https:\/\/hobierotikshop.com.tr\/website1\/#website\"},\"primaryImageOfPage\":{\"@id\":\"https:\/\/hobierotikshop.com.tr\/website1\/erotik-shop-urun\/metal-mavi-tasli-kirmizi-anal-plug-kucuk-boy\/#primaryimage\"},\"image\":{\"@id\":\"https:\/\/hobierotikshop.com.tr\/website1\/erotik-shop-urun\/metal-mavi-tasli-kirmizi-anal-plug-kucuk-boy\/#primaryimage\"},\"thumbnailUrl\":\"https:\/\/haremerotikshop.com\/site\/wp-content\/uploads\/2025\/03\/metal-mavi-tasli-kirmizi-anal-plug-kucuk-boy-1786-2.jpg\",\"datePublished\":\"2025-03-17T09:20:57+00:00\",\"dateModified\":\"2025-03-21T12:38:30+00:00\",\"breadcrumb\":{\"@id\":\"https:\/\/hobierotikshop.com.tr\/website1\/erotik-shop-urun\/metal-mavi-tasli-kirmizi-anal-plug-kucuk-boy\/#breadcrumb\"},\"inLanguage\":\"tr\",\"potentialAction\":[{\"@type\":\"ReadAction\",\"target\":[\"https:\/\/hobierotikshop.com.tr\/website1\/erotik-shop-urun\/metal-mavi-tasli-kirmizi-anal-plug-kucuk-boy\/\"]}]},{\"@type\":\"ImageObject\",\"inLanguage\":\"tr\",\"@id\":\"https:\/\/hobierotikshop.com.tr\/website1\/erotik-shop-urun\/metal-mavi-tasli-kirmizi-anal-plug-kucuk-boy\/#primaryimage\",\"url\":\"https:\/\/haremerotikshop.com\/site\/wp-content\/uploads\/2025\/03\/metal-mavi-tasli-kirmizi-anal-plug-kucuk-boy-1786-2.jpg\",\"contentUrl\":\"https:\/\/haremerotikshop.com\/site\/wp-content\/uploads\/2025\/03\/metal-mavi-tasli-kirmizi-anal-plug-kucuk-boy-1786-2.jpg\",\"width\":1500,\"height\":1500},{\"@type\":\"BreadcrumbList\",\"@id\":\"https:\/\/hobierotikshop.com.tr\/website1\/erotik-shop-urun\/metal-mavi-tasli-kirmizi-anal-plug-kucuk-boy\/#breadcrumb\",\"itemListElement\":[{\"@type\":\"ListItem\",\"position\":1,\"name\":\"Anasayfa\",\"item\":\"https:\/\/hobierotikshop.com.tr\/website1\/\"},{\"@type\":\"ListItem\",\"position\":2,\"name\":\"Erotik Shop \u00dcr\u00fcnleri\",\"item\":\"https:\/\/hobierotikshop.com.tr\/website1\/shop\/\"},{\"@type\":\"ListItem\",\"position\":3,\"name\":\"Metal Mavi Ta\u015fl\u0131 K\u0131rm\u0131z\u0131 Anal Plug K\u00fc\u00e7\u00fck Boy\"}]},{\"@type\":\"WebSite\",\"@id\":\"https:\/\/hobierotikshop.com.tr\/website1\/#website\",\"url\":\"https:\/\/hobierotikshop.com.tr\/website1\/\",\"name\":\"Bursa Erotik Shop\",\"description\":\"Bursa Erotik Shop ile g\u00fcvenli, gizli ve kaliteli yeti\u015fkin \u00fcr\u00fcnleri al\u0131\u015fveri\u015fi! Geni\u015f \u00fcr\u00fcn yelpazemizi ke\u015ffedin, hemen sipari\u015f verin\",\"publisher\":{\"@id\":\"https:\/\/hobierotikshop.com.tr\/website1\/#organization\"},\"alternateName\":\"Erotik Shop\",\"potentialAction\":[{\"@type\":\"SearchAction\",\"target\":{\"@type\":\"EntryPoint\",\"urlTemplate\":\"https:\/\/hobierotikshop.com.tr\/website1\/?s={search_term_string}\"},\"query-input\":{\"@type\":\"PropertyValueSpecification\",\"valueRequired\":true,\"valueName\":\"search_term_string\"}}],\"inLanguage\":\"tr\"},{\"@type\":\"Organization\",\"@id\":\"https:\/\/hobierotikshop.com.tr\/website1\/#organization\",\"name\":\"Harem Bursa Erotik Shop\",\"url\":\"https:\/\/hobierotikshop.com.tr\/website1\/\",\"logo\":{\"@type\":\"ImageObject\",\"inLanguage\":\"tr\",\"@id\":\"https:\/\/hobierotikshop.com.tr\/website1\/#\/schema\/logo\/image\/\",\"url\":\"https:\/\/haremerotikshop.com\/site\/wp-content\/uploads\/2025\/03\/haremsexshop.png\",\"contentUrl\":\"https:\/\/haremerotikshop.com\/site\/wp-content\/uploads\/2025\/03\/haremsexshop.png\",\"width\":400,\"height\":100,\"caption\":\"Harem Bursa Erotik Shop\"},\"image\":{\"@id\":\"https:\/\/hobierotikshop.com.tr\/website1\/#\/schema\/logo\/image\/\"},\"sameAs\":[\"https:\/\/x.com\/shopbursa\"],\"publishingPrinciples\":\"https:\/\/hobierotikshop.com.tr\/website1\/mesafeli-satis-sozlesmesi\/\",\"ownershipFundingInfo\":\"https:\/\/hobierotikshop.com.tr\/website1\/contact-us\/\",\"actionableFeedbackPolicy\":\"https:\/\/hobierotikshop.com.tr\/website1\/contact-us\/\",\"correctionsPolicy\":\"https:\/\/hobierotikshop.com.tr\/website1\/mesafeli-satis-sozlesmesi\/\"}]}<\/script>\n<meta property=\"product:brand\" content=\"Pembe Tilki\" \/>\n<meta property=\"product:price:amount\" content=\"540.00\" \/>\n<meta property=\"product:price:currency\" content=\"TRY\" \/>\n<meta property=\"og:availability\" content=\"instock\" \/>\n<meta property=\"product:availability\" content=\"instock\" \/>\n<meta property=\"product:retailer_item_id\" content=\"PT-ANXM013SRMV\" \/>\n<meta property=\"product:condition\" content=\"new\" \/>\n<!-- \/ Yoast SEO Premium plugin. -->","yoast_head_json":{"title":"Metal Mavi Ta\u015fl\u0131 K\u0131rm\u0131z\u0131 Anal Plug K\u00fc\u00e7\u00fck Boy - Bursa Erotik Shop","robots":{"index":"index","follow":"follow","max-snippet":"max-snippet:-1","max-image-preview":"max-image-preview:large","max-video-preview":"max-video-preview:-1"},"canonical":"https:\/\/hobierotikshop.com.tr\/website1\/erotik-shop-urun\/metal-mavi-tasli-kirmizi-anal-plug-kucuk-boy\/","og_locale":"tr_TR","og_type":"article","og_title":"Metal Mavi Ta\u015fl\u0131 K\u0131rm\u0131z\u0131 Anal Plug K\u00fc\u00e7\u00fck Boy","og_description":"Metal Mavi Ta\u015fl\u0131 K\u0131rm\u0131z\u0131 Anal Plug, \u015f\u0131kl\u0131\u011f\u0131 ve i\u015flevselli\u011fi ile cinsel deneyimlerinizi zenginle\u015ftirecek bir \u00fcr\u00fcnd\u00fcr. Yeni ba\u015flayanlar ve deneyimli kullan\u0131c\u0131lar i\u00e7in m\u00fckemmel bir se\u00e7enek olan bu k\u00fc\u00e7\u00fck boy anal plug, her iki taraf i\u00e7in de keyifli bir deneyim sunmak i\u00e7in tasarlanm\u0131\u015ft\u0131r.","og_url":"https:\/\/hobierotikshop.com.tr\/website1\/erotik-shop-urun\/metal-mavi-tasli-kirmizi-anal-plug-kucuk-boy\/","og_site_name":"Bursa Erotik Shop","article_modified_time":"2025-03-21T12:38:30+00:00","og_image":[{"width":1500,"height":1500,"url":"https:\/\/hobierotikshop.com.tr\/website1\/wp-content\/uploads\/2025\/03\/metal-mavi-tasli-kirmizi-anal-plug-kucuk-boy-1786-2.jpg","type":"image\/jpeg"}],"twitter_card":"summary_large_image","twitter_site":"@shopbursa","twitter_misc":{"Fiyat":"&#8378;540,00 KDV DAH\u0130L","Availability":"In stock"},"schema":{"@context":"https:\/\/schema.org","@graph":[{"@type":"WebPage","@id":"https:\/\/hobierotikshop.com.tr\/website1\/erotik-shop-urun\/metal-mavi-tasli-kirmizi-anal-plug-kucuk-boy\/","url":"https:\/\/hobierotikshop.com.tr\/website1\/erotik-shop-urun\/metal-mavi-tasli-kirmizi-anal-plug-kucuk-boy\/","name":"Metal Mavi Ta\u015fl\u0131 K\u0131rm\u0131z\u0131 Anal Plug K\u00fc\u00e7\u00fck Boy - Bursa Erotik Shop","isPartOf":{"@id":"https:\/\/hobierotikshop.com.tr\/website1\/#website"},"primaryImageOfPage":{"@id":"https:\/\/hobierotikshop.com.tr\/website1\/erotik-shop-urun\/metal-mavi-tasli-kirmizi-anal-plug-kucuk-boy\/#primaryimage"},"image":{"@id":"https:\/\/hobierotikshop.com.tr\/website1\/erotik-shop-urun\/metal-mavi-tasli-kirmizi-anal-plug-kucuk-boy\/#primaryimage"},"thumbnailUrl":"https:\/\/haremerotikshop.com\/site\/wp-content\/uploads\/2025\/03\/metal-mavi-tasli-kirmizi-anal-plug-kucuk-boy-1786-2.jpg","datePublished":"2025-03-17T09:20:57+00:00","dateModified":"2025-03-21T12:38:30+00:00","breadcrumb":{"@id":"https:\/\/hobierotikshop.com.tr\/website1\/erotik-shop-urun\/metal-mavi-tasli-kirmizi-anal-plug-kucuk-boy\/#breadcrumb"},"inLanguage":"tr","potentialAction":[{"@type":"ReadAction","target":["https:\/\/hobierotikshop.com.tr\/website1\/erotik-shop-urun\/metal-mavi-tasli-kirmizi-anal-plug-kucuk-boy\/"]}]},{"@type":"ImageObject","inLanguage":"tr","@id":"https:\/\/hobierotikshop.com.tr\/website1\/erotik-shop-urun\/metal-mavi-tasli-kirmizi-anal-plug-kucuk-boy\/#primaryimage","url":"https:\/\/haremerotikshop.com\/site\/wp-content\/uploads\/2025\/03\/metal-mavi-tasli-kirmizi-anal-plug-kucuk-boy-1786-2.jpg","contentUrl":"https:\/\/haremerotikshop.com\/site\/wp-content\/uploads\/2025\/03\/metal-mavi-tasli-kirmizi-anal-plug-kucuk-boy-1786-2.jpg","width":1500,"height":1500},{"@type":"BreadcrumbList","@id":"https:\/\/hobierotikshop.com.tr\/website1\/erotik-shop-urun\/metal-mavi-tasli-kirmizi-anal-plug-kucuk-boy\/#breadcrumb","itemListElement":[{"@type":"ListItem","position":1,"name":"Anasayfa","item":"https:\/\/hobierotikshop.com.tr\/website1\/"},{"@type":"ListItem","position":2,"name":"Erotik Shop \u00dcr\u00fcnleri","item":"https:\/\/hobierotikshop.com.tr\/website1\/shop\/"},{"@type":"ListItem","position":3,"name":"Metal Mavi Ta\u015fl\u0131 K\u0131rm\u0131z\u0131 Anal Plug K\u00fc\u00e7\u00fck Boy"}]},{"@type":"WebSite","@id":"https:\/\/hobierotikshop.com.tr\/website1\/#website","url":"https:\/\/hobierotikshop.com.tr\/website1\/","name":"Bursa Erotik Shop","description":"Bursa Erotik Shop ile g\u00fcvenli, gizli ve kaliteli yeti\u015fkin \u00fcr\u00fcnleri al\u0131\u015fveri\u015fi! Geni\u015f \u00fcr\u00fcn yelpazemizi ke\u015ffedin, hemen sipari\u015f verin","publisher":{"@id":"https:\/\/hobierotikshop.com.tr\/website1\/#organization"},"alternateName":"Erotik Shop","potentialAction":[{"@type":"SearchAction","target":{"@type":"EntryPoint","urlTemplate":"https:\/\/hobierotikshop.com.tr\/website1\/?s={search_term_string}"},"query-input":{"@type":"PropertyValueSpecification","valueRequired":true,"valueName":"search_term_string"}}],"inLanguage":"tr"},{"@type":"Organization","@id":"https:\/\/hobierotikshop.com.tr\/website1\/#organization","name":"Harem Bursa Erotik Shop","url":"https:\/\/hobierotikshop.com.tr\/website1\/","logo":{"@type":"ImageObject","inLanguage":"tr","@id":"https:\/\/hobierotikshop.com.tr\/website1\/#\/schema\/logo\/image\/","url":"https:\/\/haremerotikshop.com\/site\/wp-content\/uploads\/2025\/03\/haremsexshop.png","contentUrl":"https:\/\/haremerotikshop.com\/site\/wp-content\/uploads\/2025\/03\/haremsexshop.png","width":400,"height":100,"caption":"Harem Bursa Erotik Shop"},"image":{"@id":"https:\/\/hobierotikshop.com.tr\/website1\/#\/schema\/logo\/image\/"},"sameAs":["https:\/\/x.com\/shopbursa"],"publishingPrinciples":"https:\/\/hobierotikshop.com.tr\/website1\/mesafeli-satis-sozlesmesi\/","ownershipFundingInfo":"https:\/\/hobierotikshop.com.tr\/website1\/contact-us\/","actionableFeedbackPolicy":"https:\/\/hobierotikshop.com.tr\/website1\/contact-us\/","correctionsPolicy":"https:\/\/hobierotikshop.com.tr\/website1\/mesafeli-satis-sozlesmesi\/"}]},"product_brand":"Pembe Tilki","product_price_amount":"540.00","product_price_currency":"TRY","og_availability":"instock","product_availability":"instock","product_retailer_item_id":"PT-ANXM013SRMV","product_condition":"new"},"_links":{"self":[{"href":"https:\/\/haremerotikshop.com\/site\/wp-json\/wp\/v2\/product\/18635","targetHints":{"allow":["GET"]}}],"collection":[{"href":"https:\/\/haremerotikshop.com\/site\/wp-json\/wp\/v2\/product"}],"about":[{"href":"https:\/\/haremerotikshop.com\/site\/wp-json\/wp\/v2\/types\/product"}],"replies":[{"embeddable":true,"href":"https:\/\/haremerotikshop.com\/site\/wp-json\/wp\/v2\/comments?post=18635"}],"version-history":[{"count":0,"href":"https:\/\/haremerotikshop.com\/site\/wp-json\/wp\/v2\/product\/18635\/revisions"}],"wp:featuredmedia":[{"embeddable":true,"href":"https:\/\/haremerotikshop.com\/site\/wp-json\/wp\/v2\/media\/18727"}],"wp:attachment":[{"href":"https:\/\/haremerotikshop.com\/site\/wp-json\/wp\/v2\/media?parent=18635"}],"wp:term":[{"taxonomy":"product_brand","embeddable":true,"href":"https:\/\/haremerotikshop.com\/site\/wp-json\/wp\/v2\/product_brand?post=18635"},{"taxonomy":"product_cat","embeddable":true,"href":"https:\/\/haremerotikshop.com\/site\/wp-json\/wp\/v2\/product_cat?post=18635"},{"taxonomy":"product_tag","embeddable":true,"href":"https:\/\/haremerotikshop.com\/site\/wp-json\/wp\/v2\/product_tag?post=18635"}],"curies":[{"name":"wp","href":"https:\/\/api.w.org\/{rel}","templated":true}]}}