{"id":18637,"date":"2025-03-17T12:20:57","date_gmt":"2025-03-17T09:20:57","guid":{"rendered":"https:\/\/haremerotikshop.com\/site\/?post_type=product&#038;p=18637"},"modified":"2025-03-21T15:42:25","modified_gmt":"2025-03-21T12:42:25","slug":"metal-yesil-tasli-siyah-anal-plug-orta-boy","status":"publish","type":"product","link":"https:\/\/haremerotikshop.com\/site\/erotik-shop-urun\/metal-yesil-tasli-siyah-anal-plug-orta-boy\/","title":{"rendered":"Metal Ye\u015fil Ta\u015fl\u0131 Siyah Anal Plug Orta Boy"},"content":{"rendered":"<h3 data-start=\"0\" data-end=\"87\"><strong data-start=\"4\" data-end=\"87\">Metal Ye\u015fil Ta\u015fl\u0131 Siyah Anal Plug Orta Boy \u2013 Estetik, Konfor ve Uyar\u0131c\u0131 Deneyim<\/strong><\/h3>\n<p data-start=\"89\" data-end=\"399\"><strong data-start=\"89\" data-end=\"135\">Metal Ye\u015fil Ta\u015fl\u0131 Siyah Anal Plug Orta Boy<\/strong>, zarif ve i\u015flevsel tasar\u0131m\u0131yla cinsel deneyiminizi zenginle\u015ftirmek i\u00e7in m\u00fckemmel bir tercihtir. Hem <strong data-start=\"236\" data-end=\"256\">yeni ba\u015flayanlar<\/strong> hem de <strong data-start=\"264\" data-end=\"290\">deneyimli kullan\u0131c\u0131lar<\/strong> i\u00e7in ideal olan bu orta boy anal plug, \u015f\u0131kl\u0131\u011f\u0131 ve ergonomik yap\u0131s\u0131yla g\u00fcvenli ve keyifli bir kullan\u0131m sunar.<\/p>\n<h3 data-start=\"401\" data-end=\"426\"><strong data-start=\"405\" data-end=\"426\">\u00dcr\u00fcn \u00d6zellikleri:<\/strong><\/h3>\n<h4 data-start=\"428\" data-end=\"446\"><strong data-start=\"433\" data-end=\"446\">Boyutlar:<\/strong><\/h4>\n<ul data-start=\"447\" data-end=\"734\">\n<li data-start=\"447\" data-end=\"734\"><strong data-start=\"449\" data-end=\"463\">3,4 cm \u00e7ap<\/strong> ve <strong data-start=\"467\" data-end=\"483\">8 cm uzunluk<\/strong> \u00f6l\u00e7\u00fclerine sahip bu anal plug, rahat ve g\u00fcvenli bir kullan\u0131m sa\u011flar. Orta boyut, <strong data-start=\"565\" data-end=\"585\">yeni ba\u015flayanlar<\/strong> i\u00e7in uygun oldu\u011fu gibi, <strong data-start=\"610\" data-end=\"636\">deneyimli kullan\u0131c\u0131lar<\/strong> i\u00e7in de tatmin edici bir deneyim sunar. V\u00fccuda m\u00fckemmel bir uyum sa\u011flar ve rahat bir ke\u015fif sunar.<\/li>\n<\/ul>\n<h4 data-start=\"736\" data-end=\"753\"><strong data-start=\"741\" data-end=\"753\">A\u011f\u0131rl\u0131k:<\/strong><\/h4>\n<ul data-start=\"754\" data-end=\"938\">\n<li data-start=\"754\" data-end=\"938\"><strong data-start=\"756\" data-end=\"767\">91 gram<\/strong> a\u011f\u0131rl\u0131\u011f\u0131ndaki bu anal plug, kullan\u0131m\u0131 s\u0131ras\u0131nda ho\u015f bir a\u011f\u0131rl\u0131k hissi verir. A\u011f\u0131rl\u0131k, ekstra bir uyar\u0131m sa\u011flayarak daha tatmin edici bir deneyim ya\u015faman\u0131za yard\u0131mc\u0131 olur.<\/li>\n<\/ul>\n<h4 data-start=\"940\" data-end=\"957\"><strong data-start=\"945\" data-end=\"957\">Malzeme:<\/strong><\/h4>\n<ul data-start=\"958\" data-end=\"1232\">\n<li data-start=\"958\" data-end=\"1232\"><strong data-start=\"960\" data-end=\"985\">Y\u00fcksek kaliteli metal<\/strong> malzemeden \u00fcretilmi\u015ftir, dayan\u0131kl\u0131 ve p\u00fcr\u00fczs\u00fcz y\u00fczeyi ile uzun \u00f6m\u00fcrl\u00fc kullan\u0131m sunar. Metal malzeme, <strong data-start=\"1087\" data-end=\"1113\">\u0131s\u0131y\u0131 tutma ve so\u011futma<\/strong> \u00f6zellikleri ile farkl\u0131 duyusal deneyimler sa\u011flar. Hem sa\u011flam hem de konforlu bir yap\u0131 sunarak g\u00fcvenli kullan\u0131m sa\u011flar.<\/li>\n<\/ul>\n<h4 data-start=\"1234\" data-end=\"1251\"><strong data-start=\"1239\" data-end=\"1251\">Tasar\u0131m:<\/strong><\/h4>\n<ul data-start=\"1252\" data-end=\"1499\">\n<li data-start=\"1252\" data-end=\"1499\"><strong data-start=\"1254\" data-end=\"1272\">Siyah renkteki<\/strong> anal plug, <strong data-start=\"1284\" data-end=\"1307\">g\u00f6z al\u0131c\u0131 ye\u015fil ta\u015f<\/strong> ile s\u00fcslenmi\u015ftir. Bu zarif tasar\u0131m, \u00fcr\u00fcne estetik bir g\u00f6r\u00fcn\u00fcm kazand\u0131r\u0131rken kullan\u0131m\u0131 s\u0131ras\u0131nda g\u00f6rsel bir zevk de sunar. \u015e\u0131k ve modern tasar\u0131m\u0131, g\u00f6rsel a\u00e7\u0131dan tatmin edici bir deneyim sunar.<\/li>\n<\/ul>\n<h4 data-start=\"1501\" data-end=\"1525\"><strong data-start=\"1506\" data-end=\"1525\">Ergonomik Yap\u0131:<\/strong><\/h4>\n<ul data-start=\"1526\" data-end=\"1756\">\n<li data-start=\"1526\" data-end=\"1756\"><strong data-start=\"1528\" data-end=\"1550\">Ergonomik tasar\u0131m\u0131<\/strong>, v\u00fccudun do\u011fal hatlar\u0131na uyum sa\u011flar ve rahat bir kullan\u0131m sunar. <strong data-start=\"1617\" data-end=\"1633\">Geni\u015f taban\u0131<\/strong>, g\u00fcvenli bir kullan\u0131m i\u00e7in tasarlanm\u0131\u015f olup kaymay\u0131 engeller, b\u00f6ylece daha konforlu ve g\u00fcvenli bir deneyim elde edersiniz.<\/li>\n<\/ul>\n<h3 data-start=\"1758\" data-end=\"1787\"><strong data-start=\"1762\" data-end=\"1787\">Kullan\u0131m ve Temizlik:<\/strong><\/h3>\n<ul data-start=\"1789\" data-end=\"2376\">\n<li data-start=\"1789\" data-end=\"2098\"><strong data-start=\"1791\" data-end=\"1837\">Metal Ye\u015fil Ta\u015fl\u0131 Siyah Anal Plug Orta Boy<\/strong>, hem <strong data-start=\"1843\" data-end=\"1859\">solo oyunlar<\/strong> hem de <strong data-start=\"1867\" data-end=\"1892\">partnerle kullan\u0131mlar<\/strong> i\u00e7in m\u00fckemmel bir tercihtir. Metal malzeme, \u0131s\u0131t\u0131larak veya so\u011futularak farkl\u0131 duyusal deneyimler elde etmenize olanak tan\u0131r. Bu sayede cinsel ke\u015ffinizi \u00e7e\u015fitlendirebilir ve yeni zevkler ke\u015ffedebilirsiniz.<\/li>\n<li data-start=\"2099\" data-end=\"2376\">Temizli\u011fi son derece kolayd\u0131r; kullan\u0131mdan \u00f6nce ve sonra <strong data-start=\"2158\" data-end=\"2169\">\u0131l\u0131k su<\/strong> ve <strong data-start=\"2173\" data-end=\"2182\">sabun<\/strong> ile y\u0131kayabilirsiniz. Ayr\u0131ca, uygun bir <strong data-start=\"2223\" data-end=\"2246\">oyuncak temizleyici<\/strong> ile hijyen sa\u011flayarak bak\u0131m yapabilirsiniz. Metal y\u00fczeylerin bak\u0131m\u0131 son derece basittir ve \u00fcr\u00fcn\u00fc uzun \u00f6m\u00fcrl\u00fc kullanman\u0131z\u0131 sa\u011flar.<\/li>\n<\/ul>\n<h3 data-start=\"2378\" data-end=\"2420\"><strong data-start=\"2382\" data-end=\"2420\">Estetik ve Uyar\u0131c\u0131 Cinsel Deneyim:<\/strong><\/h3>\n<p data-start=\"2422\" data-end=\"2714\"><strong data-start=\"2422\" data-end=\"2468\">Metal Ye\u015fil Ta\u015fl\u0131 Siyah Anal Plug Orta Boy<\/strong>, <strong data-start=\"2470\" data-end=\"2486\">\u015f\u0131k tasar\u0131m\u0131<\/strong> ve <strong data-start=\"2490\" data-end=\"2519\">y\u00fcksek kaliteli malzemesi<\/strong> ile cinsel deneyiminize hem g\u00f6rsel hem de fiziksel anlamda tatmin edici bir dokunu\u015f katar. <strong data-start=\"2611\" data-end=\"2643\">Siyah ve ye\u015fil ta\u015f detaylar\u0131<\/strong>, \u00fcr\u00fcne l\u00fcks bir hava katarken, her kullan\u0131ld\u0131\u011f\u0131nda g\u00f6rsel zevk verir.<\/p>\n<h3 data-start=\"2716\" data-end=\"2730\"><strong data-start=\"2720\" data-end=\"2730\">Sonu\u00e7:<\/strong><\/h3>\n<p data-start=\"2732\" data-end=\"3232\"><strong data-start=\"2732\" data-end=\"2778\">Metal Ye\u015fil Ta\u015fl\u0131 Siyah Anal Plug Orta Boy<\/strong>, <strong data-start=\"2780\" data-end=\"2802\">ergonomik tasar\u0131m\u0131<\/strong>, <strong data-start=\"2804\" data-end=\"2831\">y\u00fcksek kaliteli malzeme<\/strong> ve <strong data-start=\"2835\" data-end=\"2851\">\u015f\u0131k g\u00f6r\u00fcn\u00fcm\u00fc<\/strong> ile cinsel ke\u015ffinizi daha zengin hale getirecek bir \u00fcr\u00fcnd\u00fcr. <strong data-start=\"2913\" data-end=\"2933\">Yeni ba\u015flayanlar<\/strong> ve <strong data-start=\"2937\" data-end=\"2963\">deneyimli kullan\u0131c\u0131lar<\/strong> i\u00e7in m\u00fckemmel bir se\u00e7enek olan bu anal plug, g\u00fcvenli, rahat ve estetik bir deneyim sunar. Hem g\u00f6rsel hem de fiziksel a\u00e7\u0131dan tatmin edici olan bu \u00fcr\u00fcn, koleksiyonunuzda vazge\u00e7ilmez bir par\u00e7a olacakt\u0131r. <strong data-start=\"3165\" data-end=\"3204\">Kendinizi ve partnerinizi \u015f\u0131martmak<\/strong> i\u00e7in ideal bir aksesuard\u0131r.<\/p>\n<hr data-start=\"3234\" data-end=\"3238\" \/>\n<p data-start=\"3240\" data-end=\"3478\" data-is-last-node=\"\" data-is-only-node=\"\">Metal Ye\u015fil Ta\u015fl\u0131 Siyah Anal Plug, Orta Boy Anal Plug, Cinsel Deneyim, Yeni Ba\u015flayanlar, Deneyimli Kullan\u0131c\u0131lar, Ergonomik Anal Plug, L\u00fcks Seks Oyuncaklar\u0131, Metal Anal Plug, Anal Oyun, Cinsel Zevk, \u015e\u0131k Seks Oyunca\u011f\u0131<\/p>\n","protected":false},"excerpt":{"rendered":"<p><strong data-start=\"89\" data-end=\"135\">Metal Ye\u015fil Ta\u015fl\u0131 Siyah Anal Plug Orta Boy<\/strong>, zarif ve i\u015flevsel tasar\u0131m\u0131yla cinsel deneyiminizi zenginle\u015ftirmek i\u00e7in m\u00fckemmel bir tercihtir. Hem <strong data-start=\"236\" data-end=\"256\">yeni ba\u015flayanlar<\/strong> hem de <strong data-start=\"264\" data-end=\"290\">deneyimli kullan\u0131c\u0131lar<\/strong> i\u00e7in ideal olan bu orta boy anal plug, \u015f\u0131kl\u0131\u011f\u0131 ve ergonomik yap\u0131s\u0131yla g\u00fcvenli ve keyifli bir kullan\u0131m sunar.<\/p>\n","protected":false},"featured_media":18731,"comment_status":"open","ping_status":"closed","template":"","meta":[],"product_brand":[127],"product_cat":[89],"product_tag":[180],"class_list":{"0":"post-18637","1":"product","2":"type-product","3":"status-publish","4":"has-post-thumbnail","6":"product_brand-pembe-tilki","7":"product_cat-anal-plug","8":"product_tag-metal-yesil-tasli-siyah-anal-plug-kucuk-boy","10":"first","11":"instock","12":"taxable","13":"shipping-taxable","14":"purchasable","15":"product-type-simple"},"yoast_head":"<!-- This site is optimized with the Yoast SEO Premium plugin v24.4 (Yoast SEO v27.1.1) - https:\/\/yoast.com\/product\/yoast-seo-premium-wordpress\/ -->\n<title>Metal Ye\u015fil Ta\u015fl\u0131 Siyah Anal Plug Orta Boy - Bursa Erotik Shop<\/title>\n<meta name=\"robots\" content=\"index, follow, max-snippet:-1, max-image-preview:large, max-video-preview:-1\" \/>\n<link rel=\"canonical\" href=\"https:\/\/hobierotikshop.com.tr\/website1\/erotik-shop-urun\/metal-yesil-tasli-siyah-anal-plug-orta-boy\/\" \/>\n<meta property=\"og:locale\" content=\"tr_TR\" \/>\n<meta property=\"og:type\" content=\"article\" \/>\n<meta property=\"og:title\" content=\"Metal Ye\u015fil Ta\u015fl\u0131 Siyah Anal Plug Orta Boy\" \/>\n<meta property=\"og:description\" content=\"Metal Ye\u015fil Ta\u015fl\u0131 Siyah Anal Plug Orta Boy, zarif ve i\u015flevsel tasar\u0131m\u0131yla cinsel deneyiminizi zenginle\u015ftirmek i\u00e7in m\u00fckemmel bir tercihtir. Hem yeni ba\u015flayanlar hem de deneyimli kullan\u0131c\u0131lar i\u00e7in ideal olan bu orta boy anal plug, \u015f\u0131kl\u0131\u011f\u0131 ve ergonomik yap\u0131s\u0131yla g\u00fcvenli ve keyifli bir kullan\u0131m sunar.\" \/>\n<meta property=\"og:url\" content=\"https:\/\/hobierotikshop.com.tr\/website1\/erotik-shop-urun\/metal-yesil-tasli-siyah-anal-plug-orta-boy\/\" \/>\n<meta property=\"og:site_name\" content=\"Bursa Erotik Shop\" \/>\n<meta property=\"article:modified_time\" content=\"2025-03-21T12:42:25+00:00\" \/>\n<meta property=\"og:image\" content=\"https:\/\/hobierotikshop.com.tr\/website1\/wp-content\/uploads\/2025\/03\/metal-yesil-tasli-siyah-anal-plug-orta-boy-1788-2.jpg\" \/>\n\t<meta property=\"og:image:width\" content=\"1500\" \/>\n\t<meta property=\"og:image:height\" content=\"1500\" \/>\n\t<meta property=\"og:image:type\" content=\"image\/jpeg\" \/>\n<meta name=\"twitter:card\" content=\"summary_large_image\" \/>\n<meta name=\"twitter:site\" content=\"@shopbursa\" \/>\n<meta name=\"twitter:label1\" content=\"Fiyat\" \/>\n\t<meta name=\"twitter:data1\" content=\"&#8378;630,00 KDV DAH\u0130L\" \/>\n\t<meta name=\"twitter:label2\" content=\"Availability\" \/>\n\t<meta name=\"twitter:data2\" content=\"In stock\" \/>\n<script type=\"application\/ld+json\" class=\"yoast-schema-graph\">{\"@context\":\"https:\/\/schema.org\",\"@graph\":[{\"@type\":\"WebPage\",\"@id\":\"https:\/\/hobierotikshop.com.tr\/website1\/erotik-shop-urun\/metal-yesil-tasli-siyah-anal-plug-orta-boy\/\",\"url\":\"https:\/\/hobierotikshop.com.tr\/website1\/erotik-shop-urun\/metal-yesil-tasli-siyah-anal-plug-orta-boy\/\",\"name\":\"Metal Ye\u015fil Ta\u015fl\u0131 Siyah Anal Plug Orta Boy - Bursa Erotik Shop\",\"isPartOf\":{\"@id\":\"https:\/\/hobierotikshop.com.tr\/website1\/#website\"},\"primaryImageOfPage\":{\"@id\":\"https:\/\/hobierotikshop.com.tr\/website1\/erotik-shop-urun\/metal-yesil-tasli-siyah-anal-plug-orta-boy\/#primaryimage\"},\"image\":{\"@id\":\"https:\/\/hobierotikshop.com.tr\/website1\/erotik-shop-urun\/metal-yesil-tasli-siyah-anal-plug-orta-boy\/#primaryimage\"},\"thumbnailUrl\":\"https:\/\/haremerotikshop.com\/site\/wp-content\/uploads\/2025\/03\/metal-yesil-tasli-siyah-anal-plug-orta-boy-1788-2.jpg\",\"datePublished\":\"2025-03-17T09:20:57+00:00\",\"dateModified\":\"2025-03-21T12:42:25+00:00\",\"breadcrumb\":{\"@id\":\"https:\/\/hobierotikshop.com.tr\/website1\/erotik-shop-urun\/metal-yesil-tasli-siyah-anal-plug-orta-boy\/#breadcrumb\"},\"inLanguage\":\"tr\",\"potentialAction\":[{\"@type\":\"ReadAction\",\"target\":[\"https:\/\/hobierotikshop.com.tr\/website1\/erotik-shop-urun\/metal-yesil-tasli-siyah-anal-plug-orta-boy\/\"]}]},{\"@type\":\"ImageObject\",\"inLanguage\":\"tr\",\"@id\":\"https:\/\/hobierotikshop.com.tr\/website1\/erotik-shop-urun\/metal-yesil-tasli-siyah-anal-plug-orta-boy\/#primaryimage\",\"url\":\"https:\/\/haremerotikshop.com\/site\/wp-content\/uploads\/2025\/03\/metal-yesil-tasli-siyah-anal-plug-orta-boy-1788-2.jpg\",\"contentUrl\":\"https:\/\/haremerotikshop.com\/site\/wp-content\/uploads\/2025\/03\/metal-yesil-tasli-siyah-anal-plug-orta-boy-1788-2.jpg\",\"width\":1500,\"height\":1500},{\"@type\":\"BreadcrumbList\",\"@id\":\"https:\/\/hobierotikshop.com.tr\/website1\/erotik-shop-urun\/metal-yesil-tasli-siyah-anal-plug-orta-boy\/#breadcrumb\",\"itemListElement\":[{\"@type\":\"ListItem\",\"position\":1,\"name\":\"Anasayfa\",\"item\":\"https:\/\/hobierotikshop.com.tr\/website1\/\"},{\"@type\":\"ListItem\",\"position\":2,\"name\":\"Erotik Shop \u00dcr\u00fcnleri\",\"item\":\"https:\/\/hobierotikshop.com.tr\/website1\/shop\/\"},{\"@type\":\"ListItem\",\"position\":3,\"name\":\"Metal Ye\u015fil Ta\u015fl\u0131 Siyah Anal Plug Orta Boy\"}]},{\"@type\":\"WebSite\",\"@id\":\"https:\/\/hobierotikshop.com.tr\/website1\/#website\",\"url\":\"https:\/\/hobierotikshop.com.tr\/website1\/\",\"name\":\"Bursa Erotik Shop\",\"description\":\"Bursa Erotik Shop ile g\u00fcvenli, gizli ve kaliteli yeti\u015fkin \u00fcr\u00fcnleri al\u0131\u015fveri\u015fi! Geni\u015f \u00fcr\u00fcn yelpazemizi ke\u015ffedin, hemen sipari\u015f verin\",\"publisher\":{\"@id\":\"https:\/\/hobierotikshop.com.tr\/website1\/#organization\"},\"alternateName\":\"Erotik Shop\",\"potentialAction\":[{\"@type\":\"SearchAction\",\"target\":{\"@type\":\"EntryPoint\",\"urlTemplate\":\"https:\/\/hobierotikshop.com.tr\/website1\/?s={search_term_string}\"},\"query-input\":{\"@type\":\"PropertyValueSpecification\",\"valueRequired\":true,\"valueName\":\"search_term_string\"}}],\"inLanguage\":\"tr\"},{\"@type\":\"Organization\",\"@id\":\"https:\/\/hobierotikshop.com.tr\/website1\/#organization\",\"name\":\"Harem Bursa Erotik Shop\",\"url\":\"https:\/\/hobierotikshop.com.tr\/website1\/\",\"logo\":{\"@type\":\"ImageObject\",\"inLanguage\":\"tr\",\"@id\":\"https:\/\/hobierotikshop.com.tr\/website1\/#\/schema\/logo\/image\/\",\"url\":\"https:\/\/haremerotikshop.com\/site\/wp-content\/uploads\/2025\/03\/haremsexshop.png\",\"contentUrl\":\"https:\/\/haremerotikshop.com\/site\/wp-content\/uploads\/2025\/03\/haremsexshop.png\",\"width\":400,\"height\":100,\"caption\":\"Harem Bursa Erotik Shop\"},\"image\":{\"@id\":\"https:\/\/hobierotikshop.com.tr\/website1\/#\/schema\/logo\/image\/\"},\"sameAs\":[\"https:\/\/x.com\/shopbursa\"],\"publishingPrinciples\":\"https:\/\/hobierotikshop.com.tr\/website1\/mesafeli-satis-sozlesmesi\/\",\"ownershipFundingInfo\":\"https:\/\/hobierotikshop.com.tr\/website1\/contact-us\/\",\"actionableFeedbackPolicy\":\"https:\/\/hobierotikshop.com.tr\/website1\/contact-us\/\",\"correctionsPolicy\":\"https:\/\/hobierotikshop.com.tr\/website1\/mesafeli-satis-sozlesmesi\/\"}]}<\/script>\n<meta property=\"product:brand\" content=\"Pembe Tilki\" \/>\n<meta property=\"product:price:amount\" content=\"630.00\" \/>\n<meta property=\"product:price:currency\" content=\"TRY\" \/>\n<meta property=\"og:availability\" content=\"instock\" \/>\n<meta property=\"product:availability\" content=\"instock\" \/>\n<meta property=\"product:retailer_item_id\" content=\"PT-ANXM013MBLGR\" \/>\n<meta property=\"product:condition\" content=\"new\" \/>\n<!-- \/ Yoast SEO Premium plugin. -->","yoast_head_json":{"title":"Metal Ye\u015fil Ta\u015fl\u0131 Siyah Anal Plug Orta Boy - Bursa Erotik Shop","robots":{"index":"index","follow":"follow","max-snippet":"max-snippet:-1","max-image-preview":"max-image-preview:large","max-video-preview":"max-video-preview:-1"},"canonical":"https:\/\/hobierotikshop.com.tr\/website1\/erotik-shop-urun\/metal-yesil-tasli-siyah-anal-plug-orta-boy\/","og_locale":"tr_TR","og_type":"article","og_title":"Metal Ye\u015fil Ta\u015fl\u0131 Siyah Anal Plug Orta Boy","og_description":"Metal Ye\u015fil Ta\u015fl\u0131 Siyah Anal Plug Orta Boy, zarif ve i\u015flevsel tasar\u0131m\u0131yla cinsel deneyiminizi zenginle\u015ftirmek i\u00e7in m\u00fckemmel bir tercihtir. Hem yeni ba\u015flayanlar hem de deneyimli kullan\u0131c\u0131lar i\u00e7in ideal olan bu orta boy anal plug, \u015f\u0131kl\u0131\u011f\u0131 ve ergonomik yap\u0131s\u0131yla g\u00fcvenli ve keyifli bir kullan\u0131m sunar.","og_url":"https:\/\/hobierotikshop.com.tr\/website1\/erotik-shop-urun\/metal-yesil-tasli-siyah-anal-plug-orta-boy\/","og_site_name":"Bursa Erotik Shop","article_modified_time":"2025-03-21T12:42:25+00:00","og_image":[{"width":1500,"height":1500,"url":"https:\/\/hobierotikshop.com.tr\/website1\/wp-content\/uploads\/2025\/03\/metal-yesil-tasli-siyah-anal-plug-orta-boy-1788-2.jpg","type":"image\/jpeg"}],"twitter_card":"summary_large_image","twitter_site":"@shopbursa","twitter_misc":{"Fiyat":"&#8378;630,00 KDV DAH\u0130L","Availability":"In stock"},"schema":{"@context":"https:\/\/schema.org","@graph":[{"@type":"WebPage","@id":"https:\/\/hobierotikshop.com.tr\/website1\/erotik-shop-urun\/metal-yesil-tasli-siyah-anal-plug-orta-boy\/","url":"https:\/\/hobierotikshop.com.tr\/website1\/erotik-shop-urun\/metal-yesil-tasli-siyah-anal-plug-orta-boy\/","name":"Metal Ye\u015fil Ta\u015fl\u0131 Siyah Anal Plug Orta Boy - Bursa Erotik Shop","isPartOf":{"@id":"https:\/\/hobierotikshop.com.tr\/website1\/#website"},"primaryImageOfPage":{"@id":"https:\/\/hobierotikshop.com.tr\/website1\/erotik-shop-urun\/metal-yesil-tasli-siyah-anal-plug-orta-boy\/#primaryimage"},"image":{"@id":"https:\/\/hobierotikshop.com.tr\/website1\/erotik-shop-urun\/metal-yesil-tasli-siyah-anal-plug-orta-boy\/#primaryimage"},"thumbnailUrl":"https:\/\/haremerotikshop.com\/site\/wp-content\/uploads\/2025\/03\/metal-yesil-tasli-siyah-anal-plug-orta-boy-1788-2.jpg","datePublished":"2025-03-17T09:20:57+00:00","dateModified":"2025-03-21T12:42:25+00:00","breadcrumb":{"@id":"https:\/\/hobierotikshop.com.tr\/website1\/erotik-shop-urun\/metal-yesil-tasli-siyah-anal-plug-orta-boy\/#breadcrumb"},"inLanguage":"tr","potentialAction":[{"@type":"ReadAction","target":["https:\/\/hobierotikshop.com.tr\/website1\/erotik-shop-urun\/metal-yesil-tasli-siyah-anal-plug-orta-boy\/"]}]},{"@type":"ImageObject","inLanguage":"tr","@id":"https:\/\/hobierotikshop.com.tr\/website1\/erotik-shop-urun\/metal-yesil-tasli-siyah-anal-plug-orta-boy\/#primaryimage","url":"https:\/\/haremerotikshop.com\/site\/wp-content\/uploads\/2025\/03\/metal-yesil-tasli-siyah-anal-plug-orta-boy-1788-2.jpg","contentUrl":"https:\/\/haremerotikshop.com\/site\/wp-content\/uploads\/2025\/03\/metal-yesil-tasli-siyah-anal-plug-orta-boy-1788-2.jpg","width":1500,"height":1500},{"@type":"BreadcrumbList","@id":"https:\/\/hobierotikshop.com.tr\/website1\/erotik-shop-urun\/metal-yesil-tasli-siyah-anal-plug-orta-boy\/#breadcrumb","itemListElement":[{"@type":"ListItem","position":1,"name":"Anasayfa","item":"https:\/\/hobierotikshop.com.tr\/website1\/"},{"@type":"ListItem","position":2,"name":"Erotik Shop \u00dcr\u00fcnleri","item":"https:\/\/hobierotikshop.com.tr\/website1\/shop\/"},{"@type":"ListItem","position":3,"name":"Metal Ye\u015fil Ta\u015fl\u0131 Siyah Anal Plug Orta Boy"}]},{"@type":"WebSite","@id":"https:\/\/hobierotikshop.com.tr\/website1\/#website","url":"https:\/\/hobierotikshop.com.tr\/website1\/","name":"Bursa Erotik Shop","description":"Bursa Erotik Shop ile g\u00fcvenli, gizli ve kaliteli yeti\u015fkin \u00fcr\u00fcnleri al\u0131\u015fveri\u015fi! Geni\u015f \u00fcr\u00fcn yelpazemizi ke\u015ffedin, hemen sipari\u015f verin","publisher":{"@id":"https:\/\/hobierotikshop.com.tr\/website1\/#organization"},"alternateName":"Erotik Shop","potentialAction":[{"@type":"SearchAction","target":{"@type":"EntryPoint","urlTemplate":"https:\/\/hobierotikshop.com.tr\/website1\/?s={search_term_string}"},"query-input":{"@type":"PropertyValueSpecification","valueRequired":true,"valueName":"search_term_string"}}],"inLanguage":"tr"},{"@type":"Organization","@id":"https:\/\/hobierotikshop.com.tr\/website1\/#organization","name":"Harem Bursa Erotik Shop","url":"https:\/\/hobierotikshop.com.tr\/website1\/","logo":{"@type":"ImageObject","inLanguage":"tr","@id":"https:\/\/hobierotikshop.com.tr\/website1\/#\/schema\/logo\/image\/","url":"https:\/\/haremerotikshop.com\/site\/wp-content\/uploads\/2025\/03\/haremsexshop.png","contentUrl":"https:\/\/haremerotikshop.com\/site\/wp-content\/uploads\/2025\/03\/haremsexshop.png","width":400,"height":100,"caption":"Harem Bursa Erotik Shop"},"image":{"@id":"https:\/\/hobierotikshop.com.tr\/website1\/#\/schema\/logo\/image\/"},"sameAs":["https:\/\/x.com\/shopbursa"],"publishingPrinciples":"https:\/\/hobierotikshop.com.tr\/website1\/mesafeli-satis-sozlesmesi\/","ownershipFundingInfo":"https:\/\/hobierotikshop.com.tr\/website1\/contact-us\/","actionableFeedbackPolicy":"https:\/\/hobierotikshop.com.tr\/website1\/contact-us\/","correctionsPolicy":"https:\/\/hobierotikshop.com.tr\/website1\/mesafeli-satis-sozlesmesi\/"}]},"product_brand":"Pembe Tilki","product_price_amount":"630.00","product_price_currency":"TRY","og_availability":"instock","product_availability":"instock","product_retailer_item_id":"PT-ANXM013MBLGR","product_condition":"new"},"_links":{"self":[{"href":"https:\/\/haremerotikshop.com\/site\/wp-json\/wp\/v2\/product\/18637","targetHints":{"allow":["GET"]}}],"collection":[{"href":"https:\/\/haremerotikshop.com\/site\/wp-json\/wp\/v2\/product"}],"about":[{"href":"https:\/\/haremerotikshop.com\/site\/wp-json\/wp\/v2\/types\/product"}],"replies":[{"embeddable":true,"href":"https:\/\/haremerotikshop.com\/site\/wp-json\/wp\/v2\/comments?post=18637"}],"version-history":[{"count":0,"href":"https:\/\/haremerotikshop.com\/site\/wp-json\/wp\/v2\/product\/18637\/revisions"}],"wp:featuredmedia":[{"embeddable":true,"href":"https:\/\/haremerotikshop.com\/site\/wp-json\/wp\/v2\/media\/18731"}],"wp:attachment":[{"href":"https:\/\/haremerotikshop.com\/site\/wp-json\/wp\/v2\/media?parent=18637"}],"wp:term":[{"taxonomy":"product_brand","embeddable":true,"href":"https:\/\/haremerotikshop.com\/site\/wp-json\/wp\/v2\/product_brand?post=18637"},{"taxonomy":"product_cat","embeddable":true,"href":"https:\/\/haremerotikshop.com\/site\/wp-json\/wp\/v2\/product_cat?post=18637"},{"taxonomy":"product_tag","embeddable":true,"href":"https:\/\/haremerotikshop.com\/site\/wp-json\/wp\/v2\/product_tag?post=18637"}],"curies":[{"name":"wp","href":"https:\/\/api.w.org\/{rel}","templated":true}]}}