{"id":18660,"date":"2025-03-17T12:21:21","date_gmt":"2025-03-17T09:21:21","guid":{"rendered":"https:\/\/haremerotikshop.com\/site\/?post_type=product&#038;p=18660"},"modified":"2025-03-21T14:13:17","modified_gmt":"2025-03-21T11:13:17","slug":"metal-seffaf-tasli-siyah-anal-plug-orta-boy","status":"publish","type":"product","link":"https:\/\/haremerotikshop.com\/site\/erotik-shop-urun\/metal-seffaf-tasli-siyah-anal-plug-orta-boy\/","title":{"rendered":"Metal \u015eeffaf Ta\u015fl\u0131 Siyah Anal Plug Orta Boy"},"content":{"rendered":"<h3 data-start=\"0\" data-end=\"90\"><strong data-start=\"4\" data-end=\"90\">Metal \u015eeffaf Ta\u015fl\u0131 Siyah Anal Plug Orta Boy \u2013 \u015e\u0131kl\u0131k ve Tatminin Bulu\u015ftu\u011fu Tasar\u0131m<\/strong><\/h3>\n<p data-start=\"92\" data-end=\"510\"><strong data-start=\"92\" data-end=\"139\">Metal \u015eeffaf Ta\u015fl\u0131 Siyah Anal Plug Orta Boy<\/strong>, zarif tasar\u0131m\u0131 ve i\u015flevsel \u00f6zellikleriyle cinsel ke\u015fiflerinizi zenginle\u015ftirecek m\u00fckemmel bir aksesuard\u0131r. Hem <strong data-start=\"251\" data-end=\"271\">yeni ba\u015flayanlar<\/strong> hem de <strong data-start=\"279\" data-end=\"305\">deneyimli kullan\u0131c\u0131lar<\/strong> i\u00e7in ideal olan bu anal plug, her iki grup i\u00e7in de rahatl\u0131kla kullan\u0131labilir. \u015e\u0131k siyah rengi, g\u00f6z al\u0131c\u0131 <strong data-start=\"411\" data-end=\"435\">\u015feffaf ta\u015f detaylar\u0131<\/strong> ve ergonomik yap\u0131s\u0131 ile cinsel deneyimlerinizi bir \u00fcst seviyeye ta\u015f\u0131yacak.<\/p>\n<h3 data-start=\"512\" data-end=\"537\"><strong data-start=\"516\" data-end=\"537\">\u00dcr\u00fcn \u00d6zellikleri:<\/strong><\/h3>\n<h4 data-start=\"539\" data-end=\"557\"><strong data-start=\"544\" data-end=\"557\">Boyutlar:<\/strong><\/h4>\n<ul data-start=\"558\" data-end=\"817\">\n<li data-start=\"558\" data-end=\"817\"><strong data-start=\"560\" data-end=\"574\">3,4 cm \u00e7ap<\/strong> ve <strong data-start=\"578\" data-end=\"594\">8 cm uzunluk<\/strong>, anal plug&#8217;un rahat bir \u015fekilde kullan\u0131lmas\u0131n\u0131 ve v\u00fccuda uyum sa\u011flamas\u0131n\u0131 sa\u011flar. Bu orta boyut, \u00f6zellikle <strong data-start=\"702\" data-end=\"722\">yeni ba\u015flayanlar<\/strong> ve <strong data-start=\"726\" data-end=\"752\">deneyimli kullan\u0131c\u0131lar<\/strong> i\u00e7in m\u00fckemmeldir. Hem g\u00fcvenli hem de keyifli bir kullan\u0131m sunar.<\/li>\n<\/ul>\n<h4 data-start=\"819\" data-end=\"836\"><strong data-start=\"824\" data-end=\"836\">A\u011f\u0131rl\u0131k:<\/strong><\/h4>\n<ul data-start=\"837\" data-end=\"1056\">\n<li data-start=\"837\" data-end=\"1056\"><strong data-start=\"839\" data-end=\"850\">91 gram<\/strong> a\u011f\u0131rl\u0131\u011f\u0131ndaki bu anal plug, kullan\u0131m s\u0131ras\u0131nda ho\u015f bir <strong data-start=\"906\" data-end=\"923\">a\u011f\u0131rl\u0131k hissi<\/strong> sa\u011flar. Ekstra a\u011f\u0131rl\u0131k, duyusal deneyimi art\u0131rarak <strong data-start=\"975\" data-end=\"986\">uyar\u0131m\u0131<\/strong> g\u00fc\u00e7lendirir ve cinsel ke\u015fiflerinizi daha heyecan verici hale getirir.<\/li>\n<\/ul>\n<h4 data-start=\"1058\" data-end=\"1075\"><strong data-start=\"1063\" data-end=\"1075\">Malzeme:<\/strong><\/h4>\n<ul data-start=\"1076\" data-end=\"1406\">\n<li data-start=\"1076\" data-end=\"1406\"><strong data-start=\"1078\" data-end=\"1103\">Y\u00fcksek kaliteli metal<\/strong> malzemeden \u00fcretilmi\u015ftir. Metal, dayan\u0131kl\u0131l\u0131\u011f\u0131 ve p\u00fcr\u00fczs\u00fcz y\u00fczeyiyle dikkat \u00e7eker. Ayr\u0131ca, metal malzeme <strong data-start=\"1208\" data-end=\"1223\">\u0131s\u0131y\u0131 tutma<\/strong> ve <strong data-start=\"1227\" data-end=\"1238\">so\u011futma<\/strong> \u00f6zelliklerine sahip oldu\u011fundan, farkl\u0131 <strong data-start=\"1278\" data-end=\"1300\">duyusal deneyimler<\/strong> ke\u015ffetmek i\u00e7in \u0131s\u0131t\u0131labilir veya so\u011futulabilir. Bu sayede her kullan\u0131mda de\u011fi\u015fik hisler ya\u015fayabilirsiniz.<\/li>\n<\/ul>\n<h4 data-start=\"1408\" data-end=\"1425\"><strong data-start=\"1413\" data-end=\"1425\">Tasar\u0131m:<\/strong><\/h4>\n<ul data-start=\"1426\" data-end=\"1711\">\n<li data-start=\"1426\" data-end=\"1711\"><strong data-start=\"1428\" data-end=\"1446\">\u015e\u0131k siyah renk<\/strong> ve <strong data-start=\"1450\" data-end=\"1476\">\u015feffaf ta\u015f s\u00fcslemeleri<\/strong>, anal plug&#8217;a zarif ve g\u00f6z al\u0131c\u0131 bir g\u00f6r\u00fcn\u00fcm kazand\u0131r\u0131r. Arka k\u0131sm\u0131ndaki <strong data-start=\"1549\" data-end=\"1566\">\u015feffaf ta\u015flar<\/strong>, \u00fcr\u00fcne ekstra g\u00f6rsel tatmin sunar ve her kullan\u0131mda estetik bir keyif sa\u011flar. Tasar\u0131m, \u015f\u0131kl\u0131\u011f\u0131 ve i\u015flevselli\u011fi m\u00fckemmel bir \u015fekilde birle\u015ftirir.<\/li>\n<\/ul>\n<h4 data-start=\"1713\" data-end=\"1737\"><strong data-start=\"1718\" data-end=\"1737\">Ergonomik Yap\u0131:<\/strong><\/h4>\n<ul data-start=\"1738\" data-end=\"2007\">\n<li data-start=\"1738\" data-end=\"2007\"><strong data-start=\"1740\" data-end=\"1761\">Ergonomik tasar\u0131m<\/strong>, anal plug&#8217;un v\u00fccuda m\u00fckemmel bir \u015fekilde uyum sa\u011flamas\u0131n\u0131 ve rahat bir kullan\u0131m sunmas\u0131n\u0131 garanti eder. <strong data-start=\"1867\" data-end=\"1882\">Geni\u015f taban<\/strong> yap\u0131s\u0131, g\u00fcvenli bir kullan\u0131m i\u00e7in \u00f6zel olarak tasarlanm\u0131\u015ft\u0131r ve kaymay\u0131 \u00f6nler, b\u00f6ylece her kullan\u0131mda g\u00fcvenli\u011finiz sa\u011flan\u0131r.<\/li>\n<\/ul>\n<h3 data-start=\"2009\" data-end=\"2038\"><strong data-start=\"2013\" data-end=\"2038\">Kullan\u0131m ve Temizlik:<\/strong><\/h3>\n<ul data-start=\"2040\" data-end=\"2484\">\n<li data-start=\"2040\" data-end=\"2313\"><strong data-start=\"2042\" data-end=\"2089\">Metal \u015eeffaf Ta\u015fl\u0131 Siyah Anal Plug Orta Boy<\/strong>, hem <strong data-start=\"2095\" data-end=\"2111\">solo oyunlar<\/strong> hem de <strong data-start=\"2119\" data-end=\"2144\">partnerle kullan\u0131mlar<\/strong> i\u00e7in idealdir. <strong data-start=\"2160\" data-end=\"2177\">Metal malzeme<\/strong>, \u0131s\u0131t\u0131larak veya so\u011futularak farkl\u0131 <strong data-start=\"2214\" data-end=\"2236\">duyusal deneyimler<\/strong> sunar, b\u00f6ylece her kullan\u0131mda yeni ve heyecan verici bir deneyim ya\u015fars\u0131n\u0131z.<\/li>\n<li data-start=\"2314\" data-end=\"2484\">Temizlemesi son derece kolayd\u0131r; kullan\u0131m \u00f6ncesi ve sonras\u0131nda <strong data-start=\"2379\" data-end=\"2399\">\u0131l\u0131k su ve sabun<\/strong> ile y\u0131kayabilir veya uygun bir <strong data-start=\"2431\" data-end=\"2454\">oyuncak temizleyici<\/strong> ile hijyen sa\u011flayabilirsiniz.<\/li>\n<\/ul>\n<h3 data-start=\"2486\" data-end=\"2524\"><strong data-start=\"2490\" data-end=\"2524\">Cinsel Ke\u015fif \u0130\u00e7in \u0130deal Se\u00e7im:<\/strong><\/h3>\n<p data-start=\"2526\" data-end=\"2851\"><strong data-start=\"2526\" data-end=\"2573\">Metal \u015eeffaf Ta\u015fl\u0131 Siyah Anal Plug Orta Boy<\/strong>, cinsel deneyimlerinize <strong data-start=\"2598\" data-end=\"2620\">estetik ve uyar\u0131c\u0131<\/strong> bir dokunu\u015f katmak i\u00e7in m\u00fckemmel bir se\u00e7imdir. Hem g\u00f6rsel hem de fiziksel olarak tatmin edici olan bu anal plug, koleksiyonunuzda vazge\u00e7ilmez bir par\u00e7a olacakt\u0131r. <strong data-start=\"2784\" data-end=\"2823\">Kendinizi ve partnerinizi \u015f\u0131martmak<\/strong> i\u00e7in ideal bir aksesuard\u0131r.<\/p>\n<h3 data-start=\"2853\" data-end=\"2867\"><strong data-start=\"2857\" data-end=\"2867\">Sonu\u00e7:<\/strong><\/h3>\n<p data-start=\"2869\" data-end=\"3309\" data-is-last-node=\"\" data-is-only-node=\"\"><strong data-start=\"2869\" data-end=\"2916\">Metal \u015eeffaf Ta\u015fl\u0131 Siyah Anal Plug Orta Boy<\/strong>, \u015f\u0131kl\u0131\u011f\u0131, ergonomik yap\u0131s\u0131 ve i\u015flevselli\u011fiyle cinsel deneyimlerinizi zenginle\u015ftirir. Hem <strong data-start=\"3006\" data-end=\"3026\">yeni ba\u015flayanlar<\/strong> hem de <strong data-start=\"3034\" data-end=\"3060\">deneyimli kullan\u0131c\u0131lar<\/strong> i\u00e7in m\u00fckemmel bir tercih olan bu anal plug, <strong data-start=\"3105\" data-end=\"3122\">g\u00f6rsel tatmin<\/strong> ve <strong data-start=\"3126\" data-end=\"3143\">fiziksel zevk<\/strong> arayanlar i\u00e7in ideal bir \u00fcr\u00fcnd\u00fcr. Cinsel ke\u015fiflerinizi daha heyecan verici hale getirmek ve rahat bir deneyim ya\u015famak i\u00e7in bu \u00fcr\u00fcn\u00fc koleksiyonunuza ekleyebilirsiniz.<\/p>\n","protected":false},"excerpt":{"rendered":"<p><strong data-start=\"92\" data-end=\"139\">Metal \u015eeffaf Ta\u015fl\u0131 Siyah Anal Plug Orta Boy<\/strong>, zarif tasar\u0131m\u0131 ve i\u015flevsel \u00f6zellikleriyle cinsel ke\u015fiflerinizi zenginle\u015ftirecek m\u00fckemmel bir aksesuard\u0131r. Hem <strong data-start=\"251\" data-end=\"271\">yeni ba\u015flayanlar<\/strong> hem de <strong data-start=\"279\" data-end=\"305\">deneyimli kullan\u0131c\u0131lar<\/strong> i\u00e7in ideal olan bu anal plug, her iki grup i\u00e7in de rahatl\u0131kla kullan\u0131labilir. \u015e\u0131k siyah rengi, g\u00f6z al\u0131c\u0131 <strong data-start=\"411\" data-end=\"435\">\u015feffaf ta\u015f detaylar\u0131<\/strong> ve ergonomik yap\u0131s\u0131 ile cinsel deneyimlerinizi bir \u00fcst seviyeye ta\u015f\u0131yacak.<\/p>\n","protected":false},"featured_media":18737,"comment_status":"open","ping_status":"closed","template":"","meta":[],"product_brand":[127],"product_cat":[89],"product_tag":[188],"class_list":{"0":"post-18660","1":"product","2":"type-product","3":"status-publish","4":"has-post-thumbnail","6":"product_brand-pembe-tilki","7":"product_cat-anal-plug","8":"product_tag-metal-seffaf-tasli-siyah-anal-plug-orta-boy","10":"first","11":"instock","12":"taxable","13":"shipping-taxable","14":"purchasable","15":"product-type-simple"},"yoast_head":"<!-- This site is optimized with the Yoast SEO Premium plugin v24.4 (Yoast SEO v27.1.1) - https:\/\/yoast.com\/product\/yoast-seo-premium-wordpress\/ -->\n<title>Metal \u015eeffaf Ta\u015fl\u0131 Siyah Anal Plug Orta Boy - Bursa Erotik Shop<\/title>\n<meta name=\"robots\" content=\"index, follow, max-snippet:-1, max-image-preview:large, max-video-preview:-1\" \/>\n<link rel=\"canonical\" href=\"https:\/\/hobierotikshop.com.tr\/website1\/erotik-shop-urun\/metal-seffaf-tasli-siyah-anal-plug-orta-boy\/\" \/>\n<meta property=\"og:locale\" content=\"tr_TR\" \/>\n<meta property=\"og:type\" content=\"article\" \/>\n<meta property=\"og:title\" content=\"Metal \u015eeffaf Ta\u015fl\u0131 Siyah Anal Plug Orta Boy\" \/>\n<meta property=\"og:description\" content=\"Metal \u015eeffaf Ta\u015fl\u0131 Siyah Anal Plug Orta Boy, zarif tasar\u0131m\u0131 ve i\u015flevsel \u00f6zellikleriyle cinsel ke\u015fiflerinizi zenginle\u015ftirecek m\u00fckemmel bir aksesuard\u0131r. Hem yeni ba\u015flayanlar hem de deneyimli kullan\u0131c\u0131lar i\u00e7in ideal olan bu anal plug, her iki grup i\u00e7in de rahatl\u0131kla kullan\u0131labilir. \u015e\u0131k siyah rengi, g\u00f6z al\u0131c\u0131 \u015feffaf ta\u015f detaylar\u0131 ve ergonomik yap\u0131s\u0131 ile cinsel deneyimlerinizi bir \u00fcst seviyeye ta\u015f\u0131yacak.\" \/>\n<meta property=\"og:url\" content=\"https:\/\/hobierotikshop.com.tr\/website1\/erotik-shop-urun\/metal-seffaf-tasli-siyah-anal-plug-orta-boy\/\" \/>\n<meta property=\"og:site_name\" content=\"Bursa Erotik Shop\" \/>\n<meta property=\"article:modified_time\" content=\"2025-03-21T11:13:17+00:00\" \/>\n<meta property=\"og:image\" content=\"https:\/\/hobierotikshop.com.tr\/website1\/wp-content\/uploads\/2025\/03\/metal-seffaf-tasli-siyah-anal-plug-orta-boy-1791-2.jpg\" \/>\n\t<meta property=\"og:image:width\" content=\"1500\" \/>\n\t<meta property=\"og:image:height\" content=\"1500\" \/>\n\t<meta property=\"og:image:type\" content=\"image\/jpeg\" \/>\n<meta name=\"twitter:card\" content=\"summary_large_image\" \/>\n<meta name=\"twitter:site\" content=\"@shopbursa\" \/>\n<meta name=\"twitter:label1\" content=\"Fiyat\" \/>\n\t<meta name=\"twitter:data1\" content=\"&#8378;630,00 KDV DAH\u0130L\" \/>\n\t<meta name=\"twitter:label2\" content=\"Availability\" \/>\n\t<meta name=\"twitter:data2\" content=\"In stock\" \/>\n<script type=\"application\/ld+json\" class=\"yoast-schema-graph\">{\"@context\":\"https:\/\/schema.org\",\"@graph\":[{\"@type\":\"WebPage\",\"@id\":\"https:\/\/hobierotikshop.com.tr\/website1\/erotik-shop-urun\/metal-seffaf-tasli-siyah-anal-plug-orta-boy\/\",\"url\":\"https:\/\/hobierotikshop.com.tr\/website1\/erotik-shop-urun\/metal-seffaf-tasli-siyah-anal-plug-orta-boy\/\",\"name\":\"Metal \u015eeffaf Ta\u015fl\u0131 Siyah Anal Plug Orta Boy - Bursa Erotik Shop\",\"isPartOf\":{\"@id\":\"https:\/\/hobierotikshop.com.tr\/website1\/#website\"},\"primaryImageOfPage\":{\"@id\":\"https:\/\/hobierotikshop.com.tr\/website1\/erotik-shop-urun\/metal-seffaf-tasli-siyah-anal-plug-orta-boy\/#primaryimage\"},\"image\":{\"@id\":\"https:\/\/hobierotikshop.com.tr\/website1\/erotik-shop-urun\/metal-seffaf-tasli-siyah-anal-plug-orta-boy\/#primaryimage\"},\"thumbnailUrl\":\"https:\/\/haremerotikshop.com\/site\/wp-content\/uploads\/2025\/03\/metal-seffaf-tasli-siyah-anal-plug-orta-boy-1791-2.jpg\",\"datePublished\":\"2025-03-17T09:21:21+00:00\",\"dateModified\":\"2025-03-21T11:13:17+00:00\",\"breadcrumb\":{\"@id\":\"https:\/\/hobierotikshop.com.tr\/website1\/erotik-shop-urun\/metal-seffaf-tasli-siyah-anal-plug-orta-boy\/#breadcrumb\"},\"inLanguage\":\"tr\",\"potentialAction\":[{\"@type\":\"ReadAction\",\"target\":[\"https:\/\/hobierotikshop.com.tr\/website1\/erotik-shop-urun\/metal-seffaf-tasli-siyah-anal-plug-orta-boy\/\"]}]},{\"@type\":\"ImageObject\",\"inLanguage\":\"tr\",\"@id\":\"https:\/\/hobierotikshop.com.tr\/website1\/erotik-shop-urun\/metal-seffaf-tasli-siyah-anal-plug-orta-boy\/#primaryimage\",\"url\":\"https:\/\/haremerotikshop.com\/site\/wp-content\/uploads\/2025\/03\/metal-seffaf-tasli-siyah-anal-plug-orta-boy-1791-2.jpg\",\"contentUrl\":\"https:\/\/haremerotikshop.com\/site\/wp-content\/uploads\/2025\/03\/metal-seffaf-tasli-siyah-anal-plug-orta-boy-1791-2.jpg\",\"width\":1500,\"height\":1500},{\"@type\":\"BreadcrumbList\",\"@id\":\"https:\/\/hobierotikshop.com.tr\/website1\/erotik-shop-urun\/metal-seffaf-tasli-siyah-anal-plug-orta-boy\/#breadcrumb\",\"itemListElement\":[{\"@type\":\"ListItem\",\"position\":1,\"name\":\"Anasayfa\",\"item\":\"https:\/\/hobierotikshop.com.tr\/website1\/\"},{\"@type\":\"ListItem\",\"position\":2,\"name\":\"Erotik Shop \u00dcr\u00fcnleri\",\"item\":\"https:\/\/hobierotikshop.com.tr\/website1\/shop\/\"},{\"@type\":\"ListItem\",\"position\":3,\"name\":\"Metal \u015eeffaf Ta\u015fl\u0131 Siyah Anal Plug Orta Boy\"}]},{\"@type\":\"WebSite\",\"@id\":\"https:\/\/hobierotikshop.com.tr\/website1\/#website\",\"url\":\"https:\/\/hobierotikshop.com.tr\/website1\/\",\"name\":\"Bursa Erotik Shop\",\"description\":\"Bursa Erotik Shop ile g\u00fcvenli, gizli ve kaliteli yeti\u015fkin \u00fcr\u00fcnleri al\u0131\u015fveri\u015fi! Geni\u015f \u00fcr\u00fcn yelpazemizi ke\u015ffedin, hemen sipari\u015f verin\",\"publisher\":{\"@id\":\"https:\/\/hobierotikshop.com.tr\/website1\/#organization\"},\"alternateName\":\"Erotik Shop\",\"potentialAction\":[{\"@type\":\"SearchAction\",\"target\":{\"@type\":\"EntryPoint\",\"urlTemplate\":\"https:\/\/hobierotikshop.com.tr\/website1\/?s={search_term_string}\"},\"query-input\":{\"@type\":\"PropertyValueSpecification\",\"valueRequired\":true,\"valueName\":\"search_term_string\"}}],\"inLanguage\":\"tr\"},{\"@type\":\"Organization\",\"@id\":\"https:\/\/hobierotikshop.com.tr\/website1\/#organization\",\"name\":\"Harem Bursa Erotik Shop\",\"url\":\"https:\/\/hobierotikshop.com.tr\/website1\/\",\"logo\":{\"@type\":\"ImageObject\",\"inLanguage\":\"tr\",\"@id\":\"https:\/\/hobierotikshop.com.tr\/website1\/#\/schema\/logo\/image\/\",\"url\":\"https:\/\/haremerotikshop.com\/site\/wp-content\/uploads\/2025\/03\/haremsexshop.png\",\"contentUrl\":\"https:\/\/haremerotikshop.com\/site\/wp-content\/uploads\/2025\/03\/haremsexshop.png\",\"width\":400,\"height\":100,\"caption\":\"Harem Bursa Erotik Shop\"},\"image\":{\"@id\":\"https:\/\/hobierotikshop.com.tr\/website1\/#\/schema\/logo\/image\/\"},\"sameAs\":[\"https:\/\/x.com\/shopbursa\"],\"publishingPrinciples\":\"https:\/\/hobierotikshop.com.tr\/website1\/mesafeli-satis-sozlesmesi\/\",\"ownershipFundingInfo\":\"https:\/\/hobierotikshop.com.tr\/website1\/contact-us\/\",\"actionableFeedbackPolicy\":\"https:\/\/hobierotikshop.com.tr\/website1\/contact-us\/\",\"correctionsPolicy\":\"https:\/\/hobierotikshop.com.tr\/website1\/mesafeli-satis-sozlesmesi\/\"}]}<\/script>\n<meta property=\"product:brand\" content=\"Pembe Tilki\" \/>\n<meta property=\"product:price:amount\" content=\"630.00\" \/>\n<meta property=\"product:price:currency\" content=\"TRY\" \/>\n<meta property=\"og:availability\" content=\"instock\" \/>\n<meta property=\"product:availability\" content=\"instock\" \/>\n<meta property=\"product:retailer_item_id\" content=\"PT-ANXM013MBLCLR\" \/>\n<meta property=\"product:condition\" content=\"new\" \/>\n<!-- \/ Yoast SEO Premium plugin. -->","yoast_head_json":{"title":"Metal \u015eeffaf Ta\u015fl\u0131 Siyah Anal Plug Orta Boy - Bursa Erotik Shop","robots":{"index":"index","follow":"follow","max-snippet":"max-snippet:-1","max-image-preview":"max-image-preview:large","max-video-preview":"max-video-preview:-1"},"canonical":"https:\/\/hobierotikshop.com.tr\/website1\/erotik-shop-urun\/metal-seffaf-tasli-siyah-anal-plug-orta-boy\/","og_locale":"tr_TR","og_type":"article","og_title":"Metal \u015eeffaf Ta\u015fl\u0131 Siyah Anal Plug Orta Boy","og_description":"Metal \u015eeffaf Ta\u015fl\u0131 Siyah Anal Plug Orta Boy, zarif tasar\u0131m\u0131 ve i\u015flevsel \u00f6zellikleriyle cinsel ke\u015fiflerinizi zenginle\u015ftirecek m\u00fckemmel bir aksesuard\u0131r. Hem yeni ba\u015flayanlar hem de deneyimli kullan\u0131c\u0131lar i\u00e7in ideal olan bu anal plug, her iki grup i\u00e7in de rahatl\u0131kla kullan\u0131labilir. \u015e\u0131k siyah rengi, g\u00f6z al\u0131c\u0131 \u015feffaf ta\u015f detaylar\u0131 ve ergonomik yap\u0131s\u0131 ile cinsel deneyimlerinizi bir \u00fcst seviyeye ta\u015f\u0131yacak.","og_url":"https:\/\/hobierotikshop.com.tr\/website1\/erotik-shop-urun\/metal-seffaf-tasli-siyah-anal-plug-orta-boy\/","og_site_name":"Bursa Erotik Shop","article_modified_time":"2025-03-21T11:13:17+00:00","og_image":[{"width":1500,"height":1500,"url":"https:\/\/hobierotikshop.com.tr\/website1\/wp-content\/uploads\/2025\/03\/metal-seffaf-tasli-siyah-anal-plug-orta-boy-1791-2.jpg","type":"image\/jpeg"}],"twitter_card":"summary_large_image","twitter_site":"@shopbursa","twitter_misc":{"Fiyat":"&#8378;630,00 KDV DAH\u0130L","Availability":"In stock"},"schema":{"@context":"https:\/\/schema.org","@graph":[{"@type":"WebPage","@id":"https:\/\/hobierotikshop.com.tr\/website1\/erotik-shop-urun\/metal-seffaf-tasli-siyah-anal-plug-orta-boy\/","url":"https:\/\/hobierotikshop.com.tr\/website1\/erotik-shop-urun\/metal-seffaf-tasli-siyah-anal-plug-orta-boy\/","name":"Metal \u015eeffaf Ta\u015fl\u0131 Siyah Anal Plug Orta Boy - Bursa Erotik Shop","isPartOf":{"@id":"https:\/\/hobierotikshop.com.tr\/website1\/#website"},"primaryImageOfPage":{"@id":"https:\/\/hobierotikshop.com.tr\/website1\/erotik-shop-urun\/metal-seffaf-tasli-siyah-anal-plug-orta-boy\/#primaryimage"},"image":{"@id":"https:\/\/hobierotikshop.com.tr\/website1\/erotik-shop-urun\/metal-seffaf-tasli-siyah-anal-plug-orta-boy\/#primaryimage"},"thumbnailUrl":"https:\/\/haremerotikshop.com\/site\/wp-content\/uploads\/2025\/03\/metal-seffaf-tasli-siyah-anal-plug-orta-boy-1791-2.jpg","datePublished":"2025-03-17T09:21:21+00:00","dateModified":"2025-03-21T11:13:17+00:00","breadcrumb":{"@id":"https:\/\/hobierotikshop.com.tr\/website1\/erotik-shop-urun\/metal-seffaf-tasli-siyah-anal-plug-orta-boy\/#breadcrumb"},"inLanguage":"tr","potentialAction":[{"@type":"ReadAction","target":["https:\/\/hobierotikshop.com.tr\/website1\/erotik-shop-urun\/metal-seffaf-tasli-siyah-anal-plug-orta-boy\/"]}]},{"@type":"ImageObject","inLanguage":"tr","@id":"https:\/\/hobierotikshop.com.tr\/website1\/erotik-shop-urun\/metal-seffaf-tasli-siyah-anal-plug-orta-boy\/#primaryimage","url":"https:\/\/haremerotikshop.com\/site\/wp-content\/uploads\/2025\/03\/metal-seffaf-tasli-siyah-anal-plug-orta-boy-1791-2.jpg","contentUrl":"https:\/\/haremerotikshop.com\/site\/wp-content\/uploads\/2025\/03\/metal-seffaf-tasli-siyah-anal-plug-orta-boy-1791-2.jpg","width":1500,"height":1500},{"@type":"BreadcrumbList","@id":"https:\/\/hobierotikshop.com.tr\/website1\/erotik-shop-urun\/metal-seffaf-tasli-siyah-anal-plug-orta-boy\/#breadcrumb","itemListElement":[{"@type":"ListItem","position":1,"name":"Anasayfa","item":"https:\/\/hobierotikshop.com.tr\/website1\/"},{"@type":"ListItem","position":2,"name":"Erotik Shop \u00dcr\u00fcnleri","item":"https:\/\/hobierotikshop.com.tr\/website1\/shop\/"},{"@type":"ListItem","position":3,"name":"Metal \u015eeffaf Ta\u015fl\u0131 Siyah Anal Plug Orta Boy"}]},{"@type":"WebSite","@id":"https:\/\/hobierotikshop.com.tr\/website1\/#website","url":"https:\/\/hobierotikshop.com.tr\/website1\/","name":"Bursa Erotik Shop","description":"Bursa Erotik Shop ile g\u00fcvenli, gizli ve kaliteli yeti\u015fkin \u00fcr\u00fcnleri al\u0131\u015fveri\u015fi! Geni\u015f \u00fcr\u00fcn yelpazemizi ke\u015ffedin, hemen sipari\u015f verin","publisher":{"@id":"https:\/\/hobierotikshop.com.tr\/website1\/#organization"},"alternateName":"Erotik Shop","potentialAction":[{"@type":"SearchAction","target":{"@type":"EntryPoint","urlTemplate":"https:\/\/hobierotikshop.com.tr\/website1\/?s={search_term_string}"},"query-input":{"@type":"PropertyValueSpecification","valueRequired":true,"valueName":"search_term_string"}}],"inLanguage":"tr"},{"@type":"Organization","@id":"https:\/\/hobierotikshop.com.tr\/website1\/#organization","name":"Harem Bursa Erotik Shop","url":"https:\/\/hobierotikshop.com.tr\/website1\/","logo":{"@type":"ImageObject","inLanguage":"tr","@id":"https:\/\/hobierotikshop.com.tr\/website1\/#\/schema\/logo\/image\/","url":"https:\/\/haremerotikshop.com\/site\/wp-content\/uploads\/2025\/03\/haremsexshop.png","contentUrl":"https:\/\/haremerotikshop.com\/site\/wp-content\/uploads\/2025\/03\/haremsexshop.png","width":400,"height":100,"caption":"Harem Bursa Erotik Shop"},"image":{"@id":"https:\/\/hobierotikshop.com.tr\/website1\/#\/schema\/logo\/image\/"},"sameAs":["https:\/\/x.com\/shopbursa"],"publishingPrinciples":"https:\/\/hobierotikshop.com.tr\/website1\/mesafeli-satis-sozlesmesi\/","ownershipFundingInfo":"https:\/\/hobierotikshop.com.tr\/website1\/contact-us\/","actionableFeedbackPolicy":"https:\/\/hobierotikshop.com.tr\/website1\/contact-us\/","correctionsPolicy":"https:\/\/hobierotikshop.com.tr\/website1\/mesafeli-satis-sozlesmesi\/"}]},"product_brand":"Pembe Tilki","product_price_amount":"630.00","product_price_currency":"TRY","og_availability":"instock","product_availability":"instock","product_retailer_item_id":"PT-ANXM013MBLCLR","product_condition":"new"},"_links":{"self":[{"href":"https:\/\/haremerotikshop.com\/site\/wp-json\/wp\/v2\/product\/18660","targetHints":{"allow":["GET"]}}],"collection":[{"href":"https:\/\/haremerotikshop.com\/site\/wp-json\/wp\/v2\/product"}],"about":[{"href":"https:\/\/haremerotikshop.com\/site\/wp-json\/wp\/v2\/types\/product"}],"replies":[{"embeddable":true,"href":"https:\/\/haremerotikshop.com\/site\/wp-json\/wp\/v2\/comments?post=18660"}],"version-history":[{"count":0,"href":"https:\/\/haremerotikshop.com\/site\/wp-json\/wp\/v2\/product\/18660\/revisions"}],"wp:featuredmedia":[{"embeddable":true,"href":"https:\/\/haremerotikshop.com\/site\/wp-json\/wp\/v2\/media\/18737"}],"wp:attachment":[{"href":"https:\/\/haremerotikshop.com\/site\/wp-json\/wp\/v2\/media?parent=18660"}],"wp:term":[{"taxonomy":"product_brand","embeddable":true,"href":"https:\/\/haremerotikshop.com\/site\/wp-json\/wp\/v2\/product_brand?post=18660"},{"taxonomy":"product_cat","embeddable":true,"href":"https:\/\/haremerotikshop.com\/site\/wp-json\/wp\/v2\/product_cat?post=18660"},{"taxonomy":"product_tag","embeddable":true,"href":"https:\/\/haremerotikshop.com\/site\/wp-json\/wp\/v2\/product_tag?post=18660"}],"curies":[{"name":"wp","href":"https:\/\/api.w.org\/{rel}","templated":true}]}}