{"id":18662,"date":"2025-03-17T12:21:21","date_gmt":"2025-03-17T09:21:21","guid":{"rendered":"https:\/\/haremerotikshop.com\/site\/?post_type=product&#038;p=18662"},"modified":"2025-03-21T15:28:11","modified_gmt":"2025-03-21T12:28:11","slug":"metal-clear-tasli-mavi-anal-plug-orta-boy","status":"publish","type":"product","link":"https:\/\/haremerotikshop.com\/site\/erotik-shop-urun\/metal-clear-tasli-mavi-anal-plug-orta-boy\/","title":{"rendered":"Metal Clear Ta\u015fl\u0131 Mavi Anal Plug Orta Boy"},"content":{"rendered":"<h3 data-start=\"0\" data-end=\"102\"><strong data-start=\"4\" data-end=\"102\">Metal Clear Ta\u015fl\u0131 Mavi Anal Plug Orta Boy \u2013 Estetik ve \u0130\u015flevsel Cinsel Ke\u015fif \u0130\u00e7in \u0130deal Tercih<\/strong><\/h3>\n<p data-start=\"104\" data-end=\"435\"><strong data-start=\"104\" data-end=\"149\">Metal Clear Ta\u015fl\u0131 Mavi Anal Plug Orta Boy<\/strong>, zarif tasar\u0131m\u0131 ve i\u015flevselli\u011fi ile cinsel deneyimlerinizi zenginle\u015ftirmenize yard\u0131mc\u0131 olur. Hem <strong data-start=\"247\" data-end=\"267\">yeni ba\u015flayanlar<\/strong> hem de <strong data-start=\"275\" data-end=\"301\">deneyimli kullan\u0131c\u0131lar<\/strong> i\u00e7in m\u00fckemmel bir se\u00e7im olan bu anal plug, <strong data-start=\"345\" data-end=\"360\">g\u00f6rsel zevk<\/strong> ve <strong data-start=\"364\" data-end=\"383\">fiziksel tatmin<\/strong> sunarak, her kullan\u0131mda keyifli bir deneyim sa\u011flar.<\/p>\n<h3 data-start=\"437\" data-end=\"462\"><strong data-start=\"441\" data-end=\"462\">\u00dcr\u00fcn \u00d6zellikleri:<\/strong><\/h3>\n<h4 data-start=\"464\" data-end=\"482\"><strong data-start=\"469\" data-end=\"482\">Boyutlar:<\/strong><\/h4>\n<ul data-start=\"483\" data-end=\"712\">\n<li data-start=\"483\" data-end=\"712\"><strong data-start=\"485\" data-end=\"499\">3,4 cm \u00e7ap<\/strong> ve <strong data-start=\"503\" data-end=\"519\">8 cm uzunluk<\/strong>, anal plug&#8217;un rahat ve g\u00fcvenli bir \u015fekilde kullan\u0131lmas\u0131n\u0131 sa\u011flar. Orta boyut, <strong data-start=\"598\" data-end=\"618\">yeni ba\u015flayanlar<\/strong> ve <strong data-start=\"622\" data-end=\"648\">deneyimli kullan\u0131c\u0131lar<\/strong> i\u00e7in ideal olup, her iki grup i\u00e7in de m\u00fckemmel bir uyum sa\u011flar.<\/li>\n<\/ul>\n<h4 data-start=\"714\" data-end=\"731\"><strong data-start=\"719\" data-end=\"731\">A\u011f\u0131rl\u0131k:<\/strong><\/h4>\n<ul data-start=\"732\" data-end=\"923\">\n<li data-start=\"732\" data-end=\"923\"><strong data-start=\"734\" data-end=\"745\">91 gram<\/strong> a\u011f\u0131rl\u0131\u011f\u0131ndaki bu anal plug, kullan\u0131m s\u0131ras\u0131nda ho\u015f bir <strong data-start=\"801\" data-end=\"818\">a\u011f\u0131rl\u0131k hissi<\/strong> sunarak ekstra bir <strong data-start=\"838\" data-end=\"848\">uyar\u0131m<\/strong> sa\u011flar. A\u011f\u0131rl\u0131k, \u00f6zellikle daha yo\u011fun bir deneyim arayanlar i\u00e7in idealdir.<\/li>\n<\/ul>\n<h4 data-start=\"925\" data-end=\"942\"><strong data-start=\"930\" data-end=\"942\">Malzeme:<\/strong><\/h4>\n<ul data-start=\"943\" data-end=\"1168\">\n<li data-start=\"943\" data-end=\"1168\"><strong data-start=\"945\" data-end=\"970\">Y\u00fcksek kaliteli metal<\/strong> malzeme ile \u00fcretilmi\u015f olup, dayan\u0131kl\u0131l\u0131\u011f\u0131 ve p\u00fcr\u00fczs\u00fcz y\u00fczeyi ile bilinir. Metal malzeme, <strong data-start=\"1060\" data-end=\"1075\">\u0131s\u0131y\u0131 tutma<\/strong> ve <strong data-start=\"1079\" data-end=\"1090\">so\u011futma<\/strong> \u00f6zelliklerine sahip olup, cinsel ke\u015fiflerinize yeni bir boyut kazand\u0131rabilir.<\/li>\n<\/ul>\n<h4 data-start=\"1170\" data-end=\"1187\"><strong data-start=\"1175\" data-end=\"1187\">Tasar\u0131m:<\/strong><\/h4>\n<ul data-start=\"1188\" data-end=\"1449\">\n<li data-start=\"1188\" data-end=\"1449\"><strong data-start=\"1190\" data-end=\"1209\">\u015e\u0131k mavi renkte<\/strong> olan anal plug, <strong data-start=\"1226\" data-end=\"1239\">clear ta\u015f<\/strong> s\u00fcslemesiyle g\u00f6z al\u0131c\u0131 bir tasar\u0131ma sahiptir. Bu detay, \u00fcr\u00fcne estetik bir g\u00f6r\u00fcn\u00fcm kazand\u0131r\u0131rken, kullan\u0131m s\u0131ras\u0131nda g\u00f6rsel zevk de sunar. <strong data-start=\"1378\" data-end=\"1391\">Clear ta\u015f<\/strong> tasar\u0131m\u0131, hem zarif hem de ilgi \u00e7ekici bir dokunu\u015f ekler.<\/li>\n<\/ul>\n<h4 data-start=\"1451\" data-end=\"1475\"><strong data-start=\"1456\" data-end=\"1475\">Ergonomik Yap\u0131:<\/strong><\/h4>\n<ul data-start=\"1476\" data-end=\"1711\">\n<li data-start=\"1476\" data-end=\"1711\"><strong data-start=\"1478\" data-end=\"1499\">Ergonomik tasar\u0131m<\/strong> sayesinde, anal plug v\u00fccuda m\u00fckemmel bir \u015fekilde uyum sa\u011flar ve rahat bir kullan\u0131m sunar. <strong data-start=\"1590\" data-end=\"1605\">Geni\u015f taban<\/strong> yap\u0131s\u0131, g\u00fcvenli bir kullan\u0131m i\u00e7in tasarlanm\u0131\u015f olup, kaymay\u0131 \u00f6nler ve her kullan\u0131mda g\u00fcvenli\u011finizi sa\u011flar.<\/li>\n<\/ul>\n<h3 data-start=\"1713\" data-end=\"1742\"><strong data-start=\"1717\" data-end=\"1742\">Kullan\u0131m ve Temizlik:<\/strong><\/h3>\n<ul data-start=\"1744\" data-end=\"2258\">\n<li data-start=\"1744\" data-end=\"2023\"><strong data-start=\"1746\" data-end=\"1791\">Metal Clear Ta\u015fl\u0131 Mavi Anal Plug Orta Boy<\/strong>, hem <strong data-start=\"1797\" data-end=\"1813\">solo oyunlar<\/strong> hem de <strong data-start=\"1821\" data-end=\"1846\">partnerle kullan\u0131mlar<\/strong> i\u00e7in idealdir. Metal malzeme, <strong data-start=\"1877\" data-end=\"1891\">\u0131s\u0131t\u0131larak<\/strong> veya <strong data-start=\"1897\" data-end=\"1912\">so\u011futularak<\/strong> farkl\u0131 duyusal deneyimler sunabilir. Bu \u00f6zellik, her kullan\u0131mda benzersiz bir deneyim ya\u015faman\u0131za olanak tan\u0131r.<\/li>\n<li data-start=\"2024\" data-end=\"2258\">Temizlemesi olduk\u00e7a kolayd\u0131r. Kullan\u0131mdan \u00f6nce ve sonra <strong data-start=\"2082\" data-end=\"2102\">\u0131l\u0131k su ve sabun<\/strong> ile y\u0131kayabilir ya da <strong data-start=\"2125\" data-end=\"2158\">uygun bir oyuncak temizleyici<\/strong> ile hijyenik temizlik sa\u011flayabilirsiniz. Hem kullan\u0131m \u00f6ncesi hem de sonras\u0131 kolayca temizlenebilir.<\/li>\n<\/ul>\n<h3 data-start=\"2260\" data-end=\"2302\"><strong data-start=\"2264\" data-end=\"2302\">Estetik ve Uyar\u0131c\u0131 Cinsel Deneyim:<\/strong><\/h3>\n<p data-start=\"2304\" data-end=\"2726\"><strong data-start=\"2304\" data-end=\"2349\">Metal Clear Ta\u015fl\u0131 Mavi Anal Plug Orta Boy<\/strong>, <strong data-start=\"2351\" data-end=\"2368\">g\u00f6rsel tatmin<\/strong> ve <strong data-start=\"2372\" data-end=\"2389\">fiziksel zevk<\/strong> isteyen kullan\u0131c\u0131lar i\u00e7in m\u00fckemmel bir tercihtir. <strong data-start=\"2440\" data-end=\"2456\">\u015e\u0131k tasar\u0131m\u0131<\/strong>, <strong data-start=\"2458\" data-end=\"2478\">ergonomik yap\u0131s\u0131<\/strong> ve <strong data-start=\"2482\" data-end=\"2498\">i\u015flevselli\u011fi<\/strong>, her kullan\u0131c\u0131n\u0131n cinsel ke\u015fiflerini daha heyecan verici hale getirmesine olanak tan\u0131r. <strong data-start=\"2587\" data-end=\"2600\">Clear ta\u015f<\/strong> detaylar\u0131 ile g\u00f6rsel olarak estetik bir deneyim sunar, <strong data-start=\"2656\" data-end=\"2673\">metal malzeme<\/strong> ise daha derin ve zengin duygusal deneyimler sa\u011flar.<\/p>\n<h3 data-start=\"2728\" data-end=\"2742\"><strong data-start=\"2732\" data-end=\"2742\">Sonu\u00e7:<\/strong><\/h3>\n<p data-start=\"2744\" data-end=\"3118\" data-is-last-node=\"\" data-is-only-node=\"\"><strong data-start=\"2744\" data-end=\"2789\">Metal Clear Ta\u015fl\u0131 Mavi Anal Plug Orta Boy<\/strong>, \u015f\u0131kl\u0131\u011f\u0131 ve i\u015flevselli\u011fiyle cinsel ke\u015fiflerinize yeni bir boyut kazand\u0131r\u0131r. Hem <strong data-start=\"2870\" data-end=\"2890\">yeni ba\u015flayanlar<\/strong> hem de <strong data-start=\"2898\" data-end=\"2924\">deneyimli kullan\u0131c\u0131lar<\/strong> i\u00e7in m\u00fckemmel bir se\u00e7im olan bu anal plug, hem <strong data-start=\"2972\" data-end=\"2982\">g\u00f6rsel<\/strong> hem de <strong data-start=\"2990\" data-end=\"3009\">fiziksel tatmin<\/strong> sunarak vazge\u00e7ilmez bir par\u00e7a olacakt\u0131r. Kendinizi ve partnerinizi <strong data-start=\"3077\" data-end=\"3090\">\u015f\u0131martmak<\/strong> i\u00e7in ideal bir aksesuard\u0131r.<\/p>\n","protected":false},"excerpt":{"rendered":"<p><strong data-start=\"104\" data-end=\"149\">Metal Clear Ta\u015fl\u0131 Mavi Anal Plug Orta Boy<\/strong>, zarif tasar\u0131m\u0131 ve i\u015flevselli\u011fi ile cinsel deneyimlerinizi zenginle\u015ftirmenize yard\u0131mc\u0131 olur. Hem <strong data-start=\"247\" data-end=\"267\">yeni ba\u015flayanlar<\/strong> hem de <strong data-start=\"275\" data-end=\"301\">deneyimli kullan\u0131c\u0131lar<\/strong> i\u00e7in m\u00fckemmel bir se\u00e7im olan bu anal plug, <strong data-start=\"345\" data-end=\"360\">g\u00f6rsel zevk<\/strong> ve <strong data-start=\"364\" data-end=\"383\">fiziksel tatmin<\/strong> sunarak, her kullan\u0131mda keyifli bir deneyim sa\u011flar.<\/p>\n","protected":false},"featured_media":18741,"comment_status":"open","ping_status":"closed","template":"","meta":[],"product_brand":[127],"product_cat":[89],"product_tag":[190],"class_list":{"0":"post-18662","1":"product","2":"type-product","3":"status-publish","4":"has-post-thumbnail","6":"product_brand-pembe-tilki","7":"product_cat-anal-plug","8":"product_tag-metal-clear-tasli-mavi-anal-plug-orta-boy","10":"first","11":"instock","12":"taxable","13":"shipping-taxable","14":"purchasable","15":"product-type-simple"},"yoast_head":"<!-- This site is optimized with the Yoast SEO Premium plugin v24.4 (Yoast SEO v27.1.1) - https:\/\/yoast.com\/product\/yoast-seo-premium-wordpress\/ -->\n<title>Metal Clear Ta\u015fl\u0131 Mavi Anal Plug Orta Boy - Bursa Erotik Shop<\/title>\n<meta name=\"robots\" content=\"index, follow, max-snippet:-1, max-image-preview:large, max-video-preview:-1\" \/>\n<link rel=\"canonical\" href=\"https:\/\/hobierotikshop.com.tr\/website1\/erotik-shop-urun\/metal-clear-tasli-mavi-anal-plug-orta-boy\/\" \/>\n<meta property=\"og:locale\" content=\"tr_TR\" \/>\n<meta property=\"og:type\" content=\"article\" \/>\n<meta property=\"og:title\" content=\"Metal Clear Ta\u015fl\u0131 Mavi Anal Plug Orta Boy\" \/>\n<meta property=\"og:description\" content=\"Metal Clear Ta\u015fl\u0131 Mavi Anal Plug Orta Boy, zarif tasar\u0131m\u0131 ve i\u015flevselli\u011fi ile cinsel deneyimlerinizi zenginle\u015ftirmenize yard\u0131mc\u0131 olur. Hem yeni ba\u015flayanlar hem de deneyimli kullan\u0131c\u0131lar i\u00e7in m\u00fckemmel bir se\u00e7im olan bu anal plug, g\u00f6rsel zevk ve fiziksel tatmin sunarak, her kullan\u0131mda keyifli bir deneyim sa\u011flar.\" \/>\n<meta property=\"og:url\" content=\"https:\/\/hobierotikshop.com.tr\/website1\/erotik-shop-urun\/metal-clear-tasli-mavi-anal-plug-orta-boy\/\" \/>\n<meta property=\"og:site_name\" content=\"Bursa Erotik Shop\" \/>\n<meta property=\"article:modified_time\" content=\"2025-03-21T12:28:11+00:00\" \/>\n<meta property=\"og:image\" content=\"https:\/\/hobierotikshop.com.tr\/website1\/wp-content\/uploads\/2025\/03\/metal-clear-tasli-mavi-anal-plug-orta-boy-1793-2.jpg\" \/>\n\t<meta property=\"og:image:width\" content=\"1500\" \/>\n\t<meta property=\"og:image:height\" content=\"1500\" \/>\n\t<meta property=\"og:image:type\" content=\"image\/jpeg\" \/>\n<meta name=\"twitter:card\" content=\"summary_large_image\" \/>\n<meta name=\"twitter:site\" content=\"@shopbursa\" \/>\n<meta name=\"twitter:label1\" content=\"Fiyat\" \/>\n\t<meta name=\"twitter:data1\" content=\"&#8378;630,00 KDV DAH\u0130L\" \/>\n\t<meta name=\"twitter:label2\" content=\"Availability\" \/>\n\t<meta name=\"twitter:data2\" content=\"In stock\" \/>\n<script type=\"application\/ld+json\" class=\"yoast-schema-graph\">{\"@context\":\"https:\/\/schema.org\",\"@graph\":[{\"@type\":\"WebPage\",\"@id\":\"https:\/\/hobierotikshop.com.tr\/website1\/erotik-shop-urun\/metal-clear-tasli-mavi-anal-plug-orta-boy\/\",\"url\":\"https:\/\/hobierotikshop.com.tr\/website1\/erotik-shop-urun\/metal-clear-tasli-mavi-anal-plug-orta-boy\/\",\"name\":\"Metal Clear Ta\u015fl\u0131 Mavi Anal Plug Orta Boy - Bursa Erotik Shop\",\"isPartOf\":{\"@id\":\"https:\/\/hobierotikshop.com.tr\/website1\/#website\"},\"primaryImageOfPage\":{\"@id\":\"https:\/\/hobierotikshop.com.tr\/website1\/erotik-shop-urun\/metal-clear-tasli-mavi-anal-plug-orta-boy\/#primaryimage\"},\"image\":{\"@id\":\"https:\/\/hobierotikshop.com.tr\/website1\/erotik-shop-urun\/metal-clear-tasli-mavi-anal-plug-orta-boy\/#primaryimage\"},\"thumbnailUrl\":\"https:\/\/haremerotikshop.com\/site\/wp-content\/uploads\/2025\/03\/metal-clear-tasli-mavi-anal-plug-orta-boy-1793-2.jpg\",\"datePublished\":\"2025-03-17T09:21:21+00:00\",\"dateModified\":\"2025-03-21T12:28:11+00:00\",\"breadcrumb\":{\"@id\":\"https:\/\/hobierotikshop.com.tr\/website1\/erotik-shop-urun\/metal-clear-tasli-mavi-anal-plug-orta-boy\/#breadcrumb\"},\"inLanguage\":\"tr\",\"potentialAction\":[{\"@type\":\"ReadAction\",\"target\":[\"https:\/\/hobierotikshop.com.tr\/website1\/erotik-shop-urun\/metal-clear-tasli-mavi-anal-plug-orta-boy\/\"]}]},{\"@type\":\"ImageObject\",\"inLanguage\":\"tr\",\"@id\":\"https:\/\/hobierotikshop.com.tr\/website1\/erotik-shop-urun\/metal-clear-tasli-mavi-anal-plug-orta-boy\/#primaryimage\",\"url\":\"https:\/\/haremerotikshop.com\/site\/wp-content\/uploads\/2025\/03\/metal-clear-tasli-mavi-anal-plug-orta-boy-1793-2.jpg\",\"contentUrl\":\"https:\/\/haremerotikshop.com\/site\/wp-content\/uploads\/2025\/03\/metal-clear-tasli-mavi-anal-plug-orta-boy-1793-2.jpg\",\"width\":1500,\"height\":1500},{\"@type\":\"BreadcrumbList\",\"@id\":\"https:\/\/hobierotikshop.com.tr\/website1\/erotik-shop-urun\/metal-clear-tasli-mavi-anal-plug-orta-boy\/#breadcrumb\",\"itemListElement\":[{\"@type\":\"ListItem\",\"position\":1,\"name\":\"Anasayfa\",\"item\":\"https:\/\/hobierotikshop.com.tr\/website1\/\"},{\"@type\":\"ListItem\",\"position\":2,\"name\":\"Erotik Shop \u00dcr\u00fcnleri\",\"item\":\"https:\/\/hobierotikshop.com.tr\/website1\/shop\/\"},{\"@type\":\"ListItem\",\"position\":3,\"name\":\"Metal Clear Ta\u015fl\u0131 Mavi Anal Plug Orta Boy\"}]},{\"@type\":\"WebSite\",\"@id\":\"https:\/\/hobierotikshop.com.tr\/website1\/#website\",\"url\":\"https:\/\/hobierotikshop.com.tr\/website1\/\",\"name\":\"Bursa Erotik Shop\",\"description\":\"Bursa Erotik Shop ile g\u00fcvenli, gizli ve kaliteli yeti\u015fkin \u00fcr\u00fcnleri al\u0131\u015fveri\u015fi! Geni\u015f \u00fcr\u00fcn yelpazemizi ke\u015ffedin, hemen sipari\u015f verin\",\"publisher\":{\"@id\":\"https:\/\/hobierotikshop.com.tr\/website1\/#organization\"},\"alternateName\":\"Erotik Shop\",\"potentialAction\":[{\"@type\":\"SearchAction\",\"target\":{\"@type\":\"EntryPoint\",\"urlTemplate\":\"https:\/\/hobierotikshop.com.tr\/website1\/?s={search_term_string}\"},\"query-input\":{\"@type\":\"PropertyValueSpecification\",\"valueRequired\":true,\"valueName\":\"search_term_string\"}}],\"inLanguage\":\"tr\"},{\"@type\":\"Organization\",\"@id\":\"https:\/\/hobierotikshop.com.tr\/website1\/#organization\",\"name\":\"Harem Bursa Erotik Shop\",\"url\":\"https:\/\/hobierotikshop.com.tr\/website1\/\",\"logo\":{\"@type\":\"ImageObject\",\"inLanguage\":\"tr\",\"@id\":\"https:\/\/hobierotikshop.com.tr\/website1\/#\/schema\/logo\/image\/\",\"url\":\"https:\/\/haremerotikshop.com\/site\/wp-content\/uploads\/2025\/03\/haremsexshop.png\",\"contentUrl\":\"https:\/\/haremerotikshop.com\/site\/wp-content\/uploads\/2025\/03\/haremsexshop.png\",\"width\":400,\"height\":100,\"caption\":\"Harem Bursa Erotik Shop\"},\"image\":{\"@id\":\"https:\/\/hobierotikshop.com.tr\/website1\/#\/schema\/logo\/image\/\"},\"sameAs\":[\"https:\/\/x.com\/shopbursa\"],\"publishingPrinciples\":\"https:\/\/hobierotikshop.com.tr\/website1\/mesafeli-satis-sozlesmesi\/\",\"ownershipFundingInfo\":\"https:\/\/hobierotikshop.com.tr\/website1\/contact-us\/\",\"actionableFeedbackPolicy\":\"https:\/\/hobierotikshop.com.tr\/website1\/contact-us\/\",\"correctionsPolicy\":\"https:\/\/hobierotikshop.com.tr\/website1\/mesafeli-satis-sozlesmesi\/\"}]}<\/script>\n<meta property=\"product:brand\" content=\"Pembe Tilki\" \/>\n<meta property=\"product:price:amount\" content=\"630.00\" \/>\n<meta property=\"product:price:currency\" content=\"TRY\" \/>\n<meta property=\"og:availability\" content=\"instock\" \/>\n<meta property=\"product:availability\" content=\"instock\" \/>\n<meta property=\"product:retailer_item_id\" content=\"PT-ANXM013MMVCLR\" \/>\n<meta property=\"product:condition\" content=\"new\" \/>\n<!-- \/ Yoast SEO Premium plugin. -->","yoast_head_json":{"title":"Metal Clear Ta\u015fl\u0131 Mavi Anal Plug Orta Boy - Bursa Erotik Shop","robots":{"index":"index","follow":"follow","max-snippet":"max-snippet:-1","max-image-preview":"max-image-preview:large","max-video-preview":"max-video-preview:-1"},"canonical":"https:\/\/hobierotikshop.com.tr\/website1\/erotik-shop-urun\/metal-clear-tasli-mavi-anal-plug-orta-boy\/","og_locale":"tr_TR","og_type":"article","og_title":"Metal Clear Ta\u015fl\u0131 Mavi Anal Plug Orta Boy","og_description":"Metal Clear Ta\u015fl\u0131 Mavi Anal Plug Orta Boy, zarif tasar\u0131m\u0131 ve i\u015flevselli\u011fi ile cinsel deneyimlerinizi zenginle\u015ftirmenize yard\u0131mc\u0131 olur. Hem yeni ba\u015flayanlar hem de deneyimli kullan\u0131c\u0131lar i\u00e7in m\u00fckemmel bir se\u00e7im olan bu anal plug, g\u00f6rsel zevk ve fiziksel tatmin sunarak, her kullan\u0131mda keyifli bir deneyim sa\u011flar.","og_url":"https:\/\/hobierotikshop.com.tr\/website1\/erotik-shop-urun\/metal-clear-tasli-mavi-anal-plug-orta-boy\/","og_site_name":"Bursa Erotik Shop","article_modified_time":"2025-03-21T12:28:11+00:00","og_image":[{"width":1500,"height":1500,"url":"https:\/\/hobierotikshop.com.tr\/website1\/wp-content\/uploads\/2025\/03\/metal-clear-tasli-mavi-anal-plug-orta-boy-1793-2.jpg","type":"image\/jpeg"}],"twitter_card":"summary_large_image","twitter_site":"@shopbursa","twitter_misc":{"Fiyat":"&#8378;630,00 KDV DAH\u0130L","Availability":"In stock"},"schema":{"@context":"https:\/\/schema.org","@graph":[{"@type":"WebPage","@id":"https:\/\/hobierotikshop.com.tr\/website1\/erotik-shop-urun\/metal-clear-tasli-mavi-anal-plug-orta-boy\/","url":"https:\/\/hobierotikshop.com.tr\/website1\/erotik-shop-urun\/metal-clear-tasli-mavi-anal-plug-orta-boy\/","name":"Metal Clear Ta\u015fl\u0131 Mavi Anal Plug Orta Boy - Bursa Erotik Shop","isPartOf":{"@id":"https:\/\/hobierotikshop.com.tr\/website1\/#website"},"primaryImageOfPage":{"@id":"https:\/\/hobierotikshop.com.tr\/website1\/erotik-shop-urun\/metal-clear-tasli-mavi-anal-plug-orta-boy\/#primaryimage"},"image":{"@id":"https:\/\/hobierotikshop.com.tr\/website1\/erotik-shop-urun\/metal-clear-tasli-mavi-anal-plug-orta-boy\/#primaryimage"},"thumbnailUrl":"https:\/\/haremerotikshop.com\/site\/wp-content\/uploads\/2025\/03\/metal-clear-tasli-mavi-anal-plug-orta-boy-1793-2.jpg","datePublished":"2025-03-17T09:21:21+00:00","dateModified":"2025-03-21T12:28:11+00:00","breadcrumb":{"@id":"https:\/\/hobierotikshop.com.tr\/website1\/erotik-shop-urun\/metal-clear-tasli-mavi-anal-plug-orta-boy\/#breadcrumb"},"inLanguage":"tr","potentialAction":[{"@type":"ReadAction","target":["https:\/\/hobierotikshop.com.tr\/website1\/erotik-shop-urun\/metal-clear-tasli-mavi-anal-plug-orta-boy\/"]}]},{"@type":"ImageObject","inLanguage":"tr","@id":"https:\/\/hobierotikshop.com.tr\/website1\/erotik-shop-urun\/metal-clear-tasli-mavi-anal-plug-orta-boy\/#primaryimage","url":"https:\/\/haremerotikshop.com\/site\/wp-content\/uploads\/2025\/03\/metal-clear-tasli-mavi-anal-plug-orta-boy-1793-2.jpg","contentUrl":"https:\/\/haremerotikshop.com\/site\/wp-content\/uploads\/2025\/03\/metal-clear-tasli-mavi-anal-plug-orta-boy-1793-2.jpg","width":1500,"height":1500},{"@type":"BreadcrumbList","@id":"https:\/\/hobierotikshop.com.tr\/website1\/erotik-shop-urun\/metal-clear-tasli-mavi-anal-plug-orta-boy\/#breadcrumb","itemListElement":[{"@type":"ListItem","position":1,"name":"Anasayfa","item":"https:\/\/hobierotikshop.com.tr\/website1\/"},{"@type":"ListItem","position":2,"name":"Erotik Shop \u00dcr\u00fcnleri","item":"https:\/\/hobierotikshop.com.tr\/website1\/shop\/"},{"@type":"ListItem","position":3,"name":"Metal Clear Ta\u015fl\u0131 Mavi Anal Plug Orta Boy"}]},{"@type":"WebSite","@id":"https:\/\/hobierotikshop.com.tr\/website1\/#website","url":"https:\/\/hobierotikshop.com.tr\/website1\/","name":"Bursa Erotik Shop","description":"Bursa Erotik Shop ile g\u00fcvenli, gizli ve kaliteli yeti\u015fkin \u00fcr\u00fcnleri al\u0131\u015fveri\u015fi! Geni\u015f \u00fcr\u00fcn yelpazemizi ke\u015ffedin, hemen sipari\u015f verin","publisher":{"@id":"https:\/\/hobierotikshop.com.tr\/website1\/#organization"},"alternateName":"Erotik Shop","potentialAction":[{"@type":"SearchAction","target":{"@type":"EntryPoint","urlTemplate":"https:\/\/hobierotikshop.com.tr\/website1\/?s={search_term_string}"},"query-input":{"@type":"PropertyValueSpecification","valueRequired":true,"valueName":"search_term_string"}}],"inLanguage":"tr"},{"@type":"Organization","@id":"https:\/\/hobierotikshop.com.tr\/website1\/#organization","name":"Harem Bursa Erotik Shop","url":"https:\/\/hobierotikshop.com.tr\/website1\/","logo":{"@type":"ImageObject","inLanguage":"tr","@id":"https:\/\/hobierotikshop.com.tr\/website1\/#\/schema\/logo\/image\/","url":"https:\/\/haremerotikshop.com\/site\/wp-content\/uploads\/2025\/03\/haremsexshop.png","contentUrl":"https:\/\/haremerotikshop.com\/site\/wp-content\/uploads\/2025\/03\/haremsexshop.png","width":400,"height":100,"caption":"Harem Bursa Erotik Shop"},"image":{"@id":"https:\/\/hobierotikshop.com.tr\/website1\/#\/schema\/logo\/image\/"},"sameAs":["https:\/\/x.com\/shopbursa"],"publishingPrinciples":"https:\/\/hobierotikshop.com.tr\/website1\/mesafeli-satis-sozlesmesi\/","ownershipFundingInfo":"https:\/\/hobierotikshop.com.tr\/website1\/contact-us\/","actionableFeedbackPolicy":"https:\/\/hobierotikshop.com.tr\/website1\/contact-us\/","correctionsPolicy":"https:\/\/hobierotikshop.com.tr\/website1\/mesafeli-satis-sozlesmesi\/"}]},"product_brand":"Pembe Tilki","product_price_amount":"630.00","product_price_currency":"TRY","og_availability":"instock","product_availability":"instock","product_retailer_item_id":"PT-ANXM013MMVCLR","product_condition":"new"},"_links":{"self":[{"href":"https:\/\/haremerotikshop.com\/site\/wp-json\/wp\/v2\/product\/18662","targetHints":{"allow":["GET"]}}],"collection":[{"href":"https:\/\/haremerotikshop.com\/site\/wp-json\/wp\/v2\/product"}],"about":[{"href":"https:\/\/haremerotikshop.com\/site\/wp-json\/wp\/v2\/types\/product"}],"replies":[{"embeddable":true,"href":"https:\/\/haremerotikshop.com\/site\/wp-json\/wp\/v2\/comments?post=18662"}],"version-history":[{"count":0,"href":"https:\/\/haremerotikshop.com\/site\/wp-json\/wp\/v2\/product\/18662\/revisions"}],"wp:featuredmedia":[{"embeddable":true,"href":"https:\/\/haremerotikshop.com\/site\/wp-json\/wp\/v2\/media\/18741"}],"wp:attachment":[{"href":"https:\/\/haremerotikshop.com\/site\/wp-json\/wp\/v2\/media?parent=18662"}],"wp:term":[{"taxonomy":"product_brand","embeddable":true,"href":"https:\/\/haremerotikshop.com\/site\/wp-json\/wp\/v2\/product_brand?post=18662"},{"taxonomy":"product_cat","embeddable":true,"href":"https:\/\/haremerotikshop.com\/site\/wp-json\/wp\/v2\/product_cat?post=18662"},{"taxonomy":"product_tag","embeddable":true,"href":"https:\/\/haremerotikshop.com\/site\/wp-json\/wp\/v2\/product_tag?post=18662"}],"curies":[{"name":"wp","href":"https:\/\/api.w.org\/{rel}","templated":true}]}}