{"id":18686,"date":"2025-03-17T12:21:42","date_gmt":"2025-03-17T09:21:42","guid":{"rendered":"https:\/\/haremerotikshop.com\/site\/?post_type=product&#038;p=18686"},"modified":"2025-03-21T14:07:57","modified_gmt":"2025-03-21T11:07:57","slug":"metal-mor-tasli-kirmizi-anal-plug-orta-boy","status":"publish","type":"product","link":"https:\/\/haremerotikshop.com\/site\/erotik-shop-urun\/metal-mor-tasli-kirmizi-anal-plug-orta-boy\/","title":{"rendered":"Metal Mor Ta\u015fl\u0131 K\u0131rm\u0131z\u0131 Anal Plug Orta Boy"},"content":{"rendered":"<h3 data-start=\"0\" data-end=\"68\"><strong data-start=\"4\" data-end=\"68\">Metal Mor Ta\u015fl\u0131 K\u0131rm\u0131z\u0131 Anal Plug Orta Boy \u2013 \u015e\u0131kl\u0131k ve Uyar\u0131<\/strong><\/h3>\n<p data-start=\"70\" data-end=\"402\"><strong data-start=\"70\" data-end=\"116\">Metal Mor Ta\u015fl\u0131 K\u0131rm\u0131z\u0131 Anal Plug Orta Boy<\/strong>, zarif ve i\u015flevsel tasar\u0131m\u0131yla cinsel deneyimlerinizi zenginle\u015ftirecek ideal bir \u00fcr\u00fcnd\u00fcr. Hem <strong data-start=\"211\" data-end=\"231\">yeni ba\u015flayanlar<\/strong> hem de <strong data-start=\"239\" data-end=\"265\">deneyimli kullan\u0131c\u0131lar<\/strong> i\u00e7in m\u00fckemmel bir se\u00e7im olan bu anal plug, rahat ve g\u00fcvenli kullan\u0131m\u0131yla cinsel ke\u015fiflerinize yeni bir boyut katmak i\u00e7in tasarlanm\u0131\u015ft\u0131r.<\/p>\n<h3 data-start=\"404\" data-end=\"429\"><strong data-start=\"408\" data-end=\"429\">\u00dcr\u00fcn \u00d6zellikleri:<\/strong><\/h3>\n<h4 data-start=\"431\" data-end=\"449\"><strong data-start=\"436\" data-end=\"449\">Boyutlar:<\/strong><\/h4>\n<ul data-start=\"450\" data-end=\"664\">\n<li data-start=\"450\" data-end=\"664\"><strong data-start=\"452\" data-end=\"466\">3,4 cm \u00e7ap<\/strong> ve <strong data-start=\"470\" data-end=\"486\">8 cm uzunluk<\/strong>, orta boyutuyla rahat ve g\u00fcvenli bir kullan\u0131m sunar. Bu boyut, \u00f6zellikle <strong data-start=\"560\" data-end=\"580\">yeni ba\u015flayanlar<\/strong> i\u00e7in rahat\u00e7a kullan\u0131labilirken, <strong data-start=\"613\" data-end=\"639\">deneyimli kullan\u0131c\u0131lar<\/strong> i\u00e7in de ideal \u00f6l\u00e7\u00fcdedir.<\/li>\n<\/ul>\n<h4 data-start=\"666\" data-end=\"683\"><strong data-start=\"671\" data-end=\"683\">A\u011f\u0131rl\u0131k:<\/strong><\/h4>\n<ul data-start=\"684\" data-end=\"883\">\n<li data-start=\"684\" data-end=\"883\"><strong data-start=\"686\" data-end=\"697\">91 gram<\/strong> a\u011f\u0131rl\u0131\u011f\u0131ndaki bu anal plug, kullan\u0131m\u0131 s\u0131ras\u0131nda <strong data-start=\"746\" data-end=\"771\">ho\u015f bir a\u011f\u0131rl\u0131k hissi<\/strong> verir. Bu ekstra a\u011f\u0131rl\u0131k, v\u00fccudunuzda ekstra <strong data-start=\"817\" data-end=\"827\">uyar\u0131m<\/strong> sa\u011flayarak cinsel deneyiminizi daha yo\u011fun hale getirir.<\/li>\n<\/ul>\n<h4 data-start=\"885\" data-end=\"902\"><strong data-start=\"890\" data-end=\"902\">Malzeme:<\/strong><\/h4>\n<ul data-start=\"903\" data-end=\"1174\">\n<li data-start=\"903\" data-end=\"1174\"><strong data-start=\"905\" data-end=\"930\">Y\u00fcksek kaliteli metal<\/strong> malzeme ile \u00fcretilmi\u015ftir. Metalin <strong data-start=\"965\" data-end=\"984\">p\u00fcr\u00fczs\u00fcz y\u00fczeyi<\/strong>, dayan\u0131kl\u0131l\u0131\u011f\u0131 ve uzun \u00f6m\u00fcrl\u00fcl\u00fc\u011f\u00fcyle bilinir. Ayr\u0131ca, metal malzeme <strong data-start=\"1053\" data-end=\"1069\">\u0131s\u0131t\u0131labilir<\/strong> veya <strong data-start=\"1075\" data-end=\"1092\">so\u011futulabilir<\/strong>. Bu \u00f6zellik, s\u0131cakl\u0131k de\u011fi\u015fimleriyle farkl\u0131 duyusal deneyimler ya\u015faman\u0131z\u0131 sa\u011flar.<\/li>\n<\/ul>\n<h4 data-start=\"1176\" data-end=\"1193\"><strong data-start=\"1181\" data-end=\"1193\">Tasar\u0131m:<\/strong><\/h4>\n<ul data-start=\"1194\" data-end=\"1473\">\n<li data-start=\"1194\" data-end=\"1473\"><strong data-start=\"1196\" data-end=\"1218\">\u015e\u0131k k\u0131rm\u0131z\u0131 renkte<\/strong> olan anal plug, estetik a\u00e7\u0131dan dikkat \u00e7eker. <strong data-start=\"1264\" data-end=\"1301\">Arka k\u0131sm\u0131ndaki g\u00f6z al\u0131c\u0131 mor ta\u015f<\/strong>, \u00fcr\u00fcne zarif bir dokunu\u015f kazand\u0131r\u0131r ve kullan\u0131m s\u0131ras\u0131nda ekstra <strong data-start=\"1367\" data-end=\"1382\">g\u00f6rsel zevk<\/strong> sunar. Bu tasar\u0131m, hem g\u00f6rsel hem de fiziksel tatmin arayan kullan\u0131c\u0131lar i\u00e7in m\u00fckemmeldir.<\/li>\n<\/ul>\n<h4 data-start=\"1475\" data-end=\"1499\"><strong data-start=\"1480\" data-end=\"1499\">Ergonomik Yap\u0131:<\/strong><\/h4>\n<ul data-start=\"1500\" data-end=\"1705\">\n<li data-start=\"1500\" data-end=\"1705\"><strong data-start=\"1502\" data-end=\"1523\">Ergonomik tasar\u0131m<\/strong>, anal plug\u2019un v\u00fccuda m\u00fckemmel bir \u015fekilde uyum sa\u011flamas\u0131na yard\u0131mc\u0131 olur. <strong data-start=\"1598\" data-end=\"1613\">Geni\u015f taban<\/strong>, g\u00fcvenli bir kullan\u0131m i\u00e7in tasarlanm\u0131\u015f olup, <strong data-start=\"1659\" data-end=\"1676\">kaymay\u0131 \u00f6nler<\/strong> ve rahat bir kullan\u0131m sunar.<\/li>\n<\/ul>\n<h3 data-start=\"1707\" data-end=\"1736\"><strong data-start=\"1711\" data-end=\"1736\">Kullan\u0131m ve Temizlik:<\/strong><\/h3>\n<ul data-start=\"1738\" data-end=\"2144\">\n<li data-start=\"1738\" data-end=\"1932\"><strong data-start=\"1740\" data-end=\"1786\">Metal Mor Ta\u015fl\u0131 K\u0131rm\u0131z\u0131 Anal Plug Orta Boy<\/strong>, hem <strong data-start=\"1792\" data-end=\"1808\">solo oyunlar<\/strong> hem de <strong data-start=\"1816\" data-end=\"1841\">partnerle kullan\u0131mlar<\/strong> i\u00e7in uygundur. Metal malzeme, \u0131s\u0131t\u0131larak veya so\u011futularak farkl\u0131 duyusal deneyimler sunar.<\/li>\n<li data-start=\"1933\" data-end=\"2144\">Temizli\u011fi son derece kolayd\u0131r; kullan\u0131mdan \u00f6nce ve sonra <strong data-start=\"1992\" data-end=\"2014\">\u0131l\u0131k su ve sabunla<\/strong> y\u0131kayabilir veya uygun bir <strong data-start=\"2042\" data-end=\"2065\">oyuncak temizleyici<\/strong> ile temizleyebilirsiniz. Hijyen a\u00e7\u0131s\u0131ndan son derece g\u00fcvenli ve kullan\u0131\u015fl\u0131d\u0131r.<\/li>\n<\/ul>\n<h3 data-start=\"2146\" data-end=\"2188\"><strong data-start=\"2150\" data-end=\"2188\">Cinsel Ke\u015fif \u0130\u00e7in \u0130deal Bir Se\u00e7im:<\/strong><\/h3>\n<p data-start=\"2190\" data-end=\"2555\"><strong data-start=\"2190\" data-end=\"2236\">Metal Mor Ta\u015fl\u0131 K\u0131rm\u0131z\u0131 Anal Plug Orta Boy<\/strong>, cinsel deneyimlerinize hem <strong data-start=\"2265\" data-end=\"2276\">estetik<\/strong> hem de <strong data-start=\"2284\" data-end=\"2295\">uyar\u0131c\u0131<\/strong> bir dokunu\u015f katmak i\u00e7in m\u00fckemmel bir se\u00e7enektir. G\u00f6rsel ve fiziksel tatmin sa\u011flayan bu \u00fcr\u00fcn, <strong data-start=\"2389\" data-end=\"2421\">koleksiyonunuzda vazge\u00e7ilmez<\/strong> bir par\u00e7a olacakt\u0131r. Hem <strong data-start=\"2447\" data-end=\"2460\">kendinizi<\/strong> hem de <strong data-start=\"2468\" data-end=\"2484\">partnerinizi<\/strong> \u015f\u0131martmak ve cinsel ke\u015fiflerinize yeni bir boyut katmak i\u00e7in idealdir.<\/p>\n<h3 data-start=\"2557\" data-end=\"2571\"><strong data-start=\"2561\" data-end=\"2571\">Sonu\u00e7:<\/strong><\/h3>\n<p data-start=\"2573\" data-end=\"2972\" data-is-last-node=\"\" data-is-only-node=\"\"><strong data-start=\"2573\" data-end=\"2619\">Metal Mor Ta\u015fl\u0131 K\u0131rm\u0131z\u0131 Anal Plug Orta Boy<\/strong>, zarif tasar\u0131m\u0131 ve ergonomik yap\u0131s\u0131yla cinsel deneyimlerinizi zenginle\u015ftirir. <strong data-start=\"2698\" data-end=\"2718\">Yeni ba\u015flayanlar<\/strong> ve <strong data-start=\"2722\" data-end=\"2748\">deneyimli kullan\u0131c\u0131lar<\/strong> i\u00e7in uygun olan bu anal plug, <strong data-start=\"2779\" data-end=\"2789\">g\u00f6rsel<\/strong> ve <strong data-start=\"2793\" data-end=\"2812\">fiziksel tatmin<\/strong> arayan herkes i\u00e7in m\u00fckemmel bir tercihtir. <strong data-start=\"2856\" data-end=\"2880\">Cinsel ke\u015fiflerinize<\/strong> ekstra bir <strong data-start=\"2892\" data-end=\"2900\">zevk<\/strong> ve <strong data-start=\"2904\" data-end=\"2915\">heyecan<\/strong> katmak i\u00e7in bu \u00fcr\u00fcn\u00fc koleksiyonunuza eklemeyi unutmay\u0131n.<\/p>\n","protected":false},"excerpt":{"rendered":"<p><strong data-start=\"70\" data-end=\"116\">Metal Mor Ta\u015fl\u0131 K\u0131rm\u0131z\u0131 Anal Plug Orta Boy<\/strong>, zarif ve i\u015flevsel tasar\u0131m\u0131yla cinsel deneyimlerinizi zenginle\u015ftirecek ideal bir \u00fcr\u00fcnd\u00fcr. Hem <strong data-start=\"211\" data-end=\"231\">yeni ba\u015flayanlar<\/strong> hem de <strong data-start=\"239\" data-end=\"265\">deneyimli kullan\u0131c\u0131lar<\/strong> i\u00e7in m\u00fckemmel bir se\u00e7im olan bu anal plug, rahat ve g\u00fcvenli kullan\u0131m\u0131yla cinsel ke\u015fiflerinize yeni bir boyut katmak i\u00e7in tasarlanm\u0131\u015ft\u0131r.<\/p>\n","protected":false},"featured_media":18758,"comment_status":"open","ping_status":"closed","template":"","meta":[],"product_brand":[127],"product_cat":[89],"product_tag":[183],"class_list":{"0":"post-18686","1":"product","2":"type-product","3":"status-publish","4":"has-post-thumbnail","6":"product_brand-pembe-tilki","7":"product_cat-anal-plug","8":"product_tag-metal-mor-tasli-kirmizi-anal-plug-kucuk-boy","10":"first","11":"instock","12":"taxable","13":"shipping-taxable","14":"purchasable","15":"product-type-simple"},"yoast_head":"<!-- This site is optimized with the Yoast SEO Premium plugin v24.4 (Yoast SEO v27.1.1) - https:\/\/yoast.com\/product\/yoast-seo-premium-wordpress\/ -->\n<title>Metal Mor Ta\u015fl\u0131 K\u0131rm\u0131z\u0131 Anal Plug Orta Boy - Bursa Erotik Shop<\/title>\n<meta name=\"robots\" content=\"index, follow, max-snippet:-1, max-image-preview:large, max-video-preview:-1\" \/>\n<link rel=\"canonical\" href=\"https:\/\/hobierotikshop.com.tr\/website1\/erotik-shop-urun\/metal-mor-tasli-kirmizi-anal-plug-orta-boy\/\" \/>\n<meta property=\"og:locale\" content=\"tr_TR\" \/>\n<meta property=\"og:type\" content=\"article\" \/>\n<meta property=\"og:title\" content=\"Metal Mor Ta\u015fl\u0131 K\u0131rm\u0131z\u0131 Anal Plug Orta Boy\" \/>\n<meta property=\"og:description\" content=\"Metal Mor Ta\u015fl\u0131 K\u0131rm\u0131z\u0131 Anal Plug Orta Boy, zarif ve i\u015flevsel tasar\u0131m\u0131yla cinsel deneyimlerinizi zenginle\u015ftirecek ideal bir \u00fcr\u00fcnd\u00fcr. Hem yeni ba\u015flayanlar hem de deneyimli kullan\u0131c\u0131lar i\u00e7in m\u00fckemmel bir se\u00e7im olan bu anal plug, rahat ve g\u00fcvenli kullan\u0131m\u0131yla cinsel ke\u015fiflerinize yeni bir boyut katmak i\u00e7in tasarlanm\u0131\u015ft\u0131r.\" \/>\n<meta property=\"og:url\" content=\"https:\/\/hobierotikshop.com.tr\/website1\/erotik-shop-urun\/metal-mor-tasli-kirmizi-anal-plug-orta-boy\/\" \/>\n<meta property=\"og:site_name\" content=\"Bursa Erotik Shop\" \/>\n<meta property=\"article:modified_time\" content=\"2025-03-21T11:07:57+00:00\" \/>\n<meta property=\"og:image\" content=\"https:\/\/hobierotikshop.com.tr\/website1\/wp-content\/uploads\/2025\/03\/metal-mor-tasli-kirmizi-anal-plug-orta-boy-1796-2.jpg\" \/>\n\t<meta property=\"og:image:width\" content=\"1500\" \/>\n\t<meta property=\"og:image:height\" content=\"1500\" \/>\n\t<meta property=\"og:image:type\" content=\"image\/jpeg\" \/>\n<meta name=\"twitter:card\" content=\"summary_large_image\" \/>\n<meta name=\"twitter:site\" content=\"@shopbursa\" \/>\n<meta name=\"twitter:label1\" content=\"Fiyat\" \/>\n\t<meta name=\"twitter:data1\" content=\"&#8378;630,00 KDV DAH\u0130L\" \/>\n\t<meta name=\"twitter:label2\" content=\"Availability\" \/>\n\t<meta name=\"twitter:data2\" content=\"In stock\" \/>\n<script type=\"application\/ld+json\" class=\"yoast-schema-graph\">{\"@context\":\"https:\/\/schema.org\",\"@graph\":[{\"@type\":\"WebPage\",\"@id\":\"https:\/\/hobierotikshop.com.tr\/website1\/erotik-shop-urun\/metal-mor-tasli-kirmizi-anal-plug-orta-boy\/\",\"url\":\"https:\/\/hobierotikshop.com.tr\/website1\/erotik-shop-urun\/metal-mor-tasli-kirmizi-anal-plug-orta-boy\/\",\"name\":\"Metal Mor Ta\u015fl\u0131 K\u0131rm\u0131z\u0131 Anal Plug Orta Boy - Bursa Erotik Shop\",\"isPartOf\":{\"@id\":\"https:\/\/hobierotikshop.com.tr\/website1\/#website\"},\"primaryImageOfPage\":{\"@id\":\"https:\/\/hobierotikshop.com.tr\/website1\/erotik-shop-urun\/metal-mor-tasli-kirmizi-anal-plug-orta-boy\/#primaryimage\"},\"image\":{\"@id\":\"https:\/\/hobierotikshop.com.tr\/website1\/erotik-shop-urun\/metal-mor-tasli-kirmizi-anal-plug-orta-boy\/#primaryimage\"},\"thumbnailUrl\":\"https:\/\/haremerotikshop.com\/site\/wp-content\/uploads\/2025\/03\/metal-mor-tasli-kirmizi-anal-plug-orta-boy-1796-2.jpg\",\"datePublished\":\"2025-03-17T09:21:42+00:00\",\"dateModified\":\"2025-03-21T11:07:57+00:00\",\"breadcrumb\":{\"@id\":\"https:\/\/hobierotikshop.com.tr\/website1\/erotik-shop-urun\/metal-mor-tasli-kirmizi-anal-plug-orta-boy\/#breadcrumb\"},\"inLanguage\":\"tr\",\"potentialAction\":[{\"@type\":\"ReadAction\",\"target\":[\"https:\/\/hobierotikshop.com.tr\/website1\/erotik-shop-urun\/metal-mor-tasli-kirmizi-anal-plug-orta-boy\/\"]}]},{\"@type\":\"ImageObject\",\"inLanguage\":\"tr\",\"@id\":\"https:\/\/hobierotikshop.com.tr\/website1\/erotik-shop-urun\/metal-mor-tasli-kirmizi-anal-plug-orta-boy\/#primaryimage\",\"url\":\"https:\/\/haremerotikshop.com\/site\/wp-content\/uploads\/2025\/03\/metal-mor-tasli-kirmizi-anal-plug-orta-boy-1796-2.jpg\",\"contentUrl\":\"https:\/\/haremerotikshop.com\/site\/wp-content\/uploads\/2025\/03\/metal-mor-tasli-kirmizi-anal-plug-orta-boy-1796-2.jpg\",\"width\":1500,\"height\":1500},{\"@type\":\"BreadcrumbList\",\"@id\":\"https:\/\/hobierotikshop.com.tr\/website1\/erotik-shop-urun\/metal-mor-tasli-kirmizi-anal-plug-orta-boy\/#breadcrumb\",\"itemListElement\":[{\"@type\":\"ListItem\",\"position\":1,\"name\":\"Anasayfa\",\"item\":\"https:\/\/hobierotikshop.com.tr\/website1\/\"},{\"@type\":\"ListItem\",\"position\":2,\"name\":\"Erotik Shop \u00dcr\u00fcnleri\",\"item\":\"https:\/\/hobierotikshop.com.tr\/website1\/shop\/\"},{\"@type\":\"ListItem\",\"position\":3,\"name\":\"Metal Mor Ta\u015fl\u0131 K\u0131rm\u0131z\u0131 Anal Plug Orta Boy\"}]},{\"@type\":\"WebSite\",\"@id\":\"https:\/\/hobierotikshop.com.tr\/website1\/#website\",\"url\":\"https:\/\/hobierotikshop.com.tr\/website1\/\",\"name\":\"Bursa Erotik Shop\",\"description\":\"Bursa Erotik Shop ile g\u00fcvenli, gizli ve kaliteli yeti\u015fkin \u00fcr\u00fcnleri al\u0131\u015fveri\u015fi! Geni\u015f \u00fcr\u00fcn yelpazemizi ke\u015ffedin, hemen sipari\u015f verin\",\"publisher\":{\"@id\":\"https:\/\/hobierotikshop.com.tr\/website1\/#organization\"},\"alternateName\":\"Erotik Shop\",\"potentialAction\":[{\"@type\":\"SearchAction\",\"target\":{\"@type\":\"EntryPoint\",\"urlTemplate\":\"https:\/\/hobierotikshop.com.tr\/website1\/?s={search_term_string}\"},\"query-input\":{\"@type\":\"PropertyValueSpecification\",\"valueRequired\":true,\"valueName\":\"search_term_string\"}}],\"inLanguage\":\"tr\"},{\"@type\":\"Organization\",\"@id\":\"https:\/\/hobierotikshop.com.tr\/website1\/#organization\",\"name\":\"Harem Bursa Erotik Shop\",\"url\":\"https:\/\/hobierotikshop.com.tr\/website1\/\",\"logo\":{\"@type\":\"ImageObject\",\"inLanguage\":\"tr\",\"@id\":\"https:\/\/hobierotikshop.com.tr\/website1\/#\/schema\/logo\/image\/\",\"url\":\"https:\/\/haremerotikshop.com\/site\/wp-content\/uploads\/2025\/03\/haremsexshop.png\",\"contentUrl\":\"https:\/\/haremerotikshop.com\/site\/wp-content\/uploads\/2025\/03\/haremsexshop.png\",\"width\":400,\"height\":100,\"caption\":\"Harem Bursa Erotik Shop\"},\"image\":{\"@id\":\"https:\/\/hobierotikshop.com.tr\/website1\/#\/schema\/logo\/image\/\"},\"sameAs\":[\"https:\/\/x.com\/shopbursa\"],\"publishingPrinciples\":\"https:\/\/hobierotikshop.com.tr\/website1\/mesafeli-satis-sozlesmesi\/\",\"ownershipFundingInfo\":\"https:\/\/hobierotikshop.com.tr\/website1\/contact-us\/\",\"actionableFeedbackPolicy\":\"https:\/\/hobierotikshop.com.tr\/website1\/contact-us\/\",\"correctionsPolicy\":\"https:\/\/hobierotikshop.com.tr\/website1\/mesafeli-satis-sozlesmesi\/\"}]}<\/script>\n<meta property=\"product:brand\" content=\"Pembe Tilki\" \/>\n<meta property=\"product:price:amount\" content=\"630.00\" \/>\n<meta property=\"product:price:currency\" content=\"TRY\" \/>\n<meta property=\"og:availability\" content=\"instock\" \/>\n<meta property=\"product:availability\" content=\"instock\" \/>\n<meta property=\"product:retailer_item_id\" content=\"PT-ANXM013MRPRP\" \/>\n<meta property=\"product:condition\" content=\"new\" \/>\n<!-- \/ Yoast SEO Premium plugin. -->","yoast_head_json":{"title":"Metal Mor Ta\u015fl\u0131 K\u0131rm\u0131z\u0131 Anal Plug Orta Boy - Bursa Erotik Shop","robots":{"index":"index","follow":"follow","max-snippet":"max-snippet:-1","max-image-preview":"max-image-preview:large","max-video-preview":"max-video-preview:-1"},"canonical":"https:\/\/hobierotikshop.com.tr\/website1\/erotik-shop-urun\/metal-mor-tasli-kirmizi-anal-plug-orta-boy\/","og_locale":"tr_TR","og_type":"article","og_title":"Metal Mor Ta\u015fl\u0131 K\u0131rm\u0131z\u0131 Anal Plug Orta Boy","og_description":"Metal Mor Ta\u015fl\u0131 K\u0131rm\u0131z\u0131 Anal Plug Orta Boy, zarif ve i\u015flevsel tasar\u0131m\u0131yla cinsel deneyimlerinizi zenginle\u015ftirecek ideal bir \u00fcr\u00fcnd\u00fcr. Hem yeni ba\u015flayanlar hem de deneyimli kullan\u0131c\u0131lar i\u00e7in m\u00fckemmel bir se\u00e7im olan bu anal plug, rahat ve g\u00fcvenli kullan\u0131m\u0131yla cinsel ke\u015fiflerinize yeni bir boyut katmak i\u00e7in tasarlanm\u0131\u015ft\u0131r.","og_url":"https:\/\/hobierotikshop.com.tr\/website1\/erotik-shop-urun\/metal-mor-tasli-kirmizi-anal-plug-orta-boy\/","og_site_name":"Bursa Erotik Shop","article_modified_time":"2025-03-21T11:07:57+00:00","og_image":[{"width":1500,"height":1500,"url":"https:\/\/hobierotikshop.com.tr\/website1\/wp-content\/uploads\/2025\/03\/metal-mor-tasli-kirmizi-anal-plug-orta-boy-1796-2.jpg","type":"image\/jpeg"}],"twitter_card":"summary_large_image","twitter_site":"@shopbursa","twitter_misc":{"Fiyat":"&#8378;630,00 KDV DAH\u0130L","Availability":"In stock"},"schema":{"@context":"https:\/\/schema.org","@graph":[{"@type":"WebPage","@id":"https:\/\/hobierotikshop.com.tr\/website1\/erotik-shop-urun\/metal-mor-tasli-kirmizi-anal-plug-orta-boy\/","url":"https:\/\/hobierotikshop.com.tr\/website1\/erotik-shop-urun\/metal-mor-tasli-kirmizi-anal-plug-orta-boy\/","name":"Metal Mor Ta\u015fl\u0131 K\u0131rm\u0131z\u0131 Anal Plug Orta Boy - Bursa Erotik Shop","isPartOf":{"@id":"https:\/\/hobierotikshop.com.tr\/website1\/#website"},"primaryImageOfPage":{"@id":"https:\/\/hobierotikshop.com.tr\/website1\/erotik-shop-urun\/metal-mor-tasli-kirmizi-anal-plug-orta-boy\/#primaryimage"},"image":{"@id":"https:\/\/hobierotikshop.com.tr\/website1\/erotik-shop-urun\/metal-mor-tasli-kirmizi-anal-plug-orta-boy\/#primaryimage"},"thumbnailUrl":"https:\/\/haremerotikshop.com\/site\/wp-content\/uploads\/2025\/03\/metal-mor-tasli-kirmizi-anal-plug-orta-boy-1796-2.jpg","datePublished":"2025-03-17T09:21:42+00:00","dateModified":"2025-03-21T11:07:57+00:00","breadcrumb":{"@id":"https:\/\/hobierotikshop.com.tr\/website1\/erotik-shop-urun\/metal-mor-tasli-kirmizi-anal-plug-orta-boy\/#breadcrumb"},"inLanguage":"tr","potentialAction":[{"@type":"ReadAction","target":["https:\/\/hobierotikshop.com.tr\/website1\/erotik-shop-urun\/metal-mor-tasli-kirmizi-anal-plug-orta-boy\/"]}]},{"@type":"ImageObject","inLanguage":"tr","@id":"https:\/\/hobierotikshop.com.tr\/website1\/erotik-shop-urun\/metal-mor-tasli-kirmizi-anal-plug-orta-boy\/#primaryimage","url":"https:\/\/haremerotikshop.com\/site\/wp-content\/uploads\/2025\/03\/metal-mor-tasli-kirmizi-anal-plug-orta-boy-1796-2.jpg","contentUrl":"https:\/\/haremerotikshop.com\/site\/wp-content\/uploads\/2025\/03\/metal-mor-tasli-kirmizi-anal-plug-orta-boy-1796-2.jpg","width":1500,"height":1500},{"@type":"BreadcrumbList","@id":"https:\/\/hobierotikshop.com.tr\/website1\/erotik-shop-urun\/metal-mor-tasli-kirmizi-anal-plug-orta-boy\/#breadcrumb","itemListElement":[{"@type":"ListItem","position":1,"name":"Anasayfa","item":"https:\/\/hobierotikshop.com.tr\/website1\/"},{"@type":"ListItem","position":2,"name":"Erotik Shop \u00dcr\u00fcnleri","item":"https:\/\/hobierotikshop.com.tr\/website1\/shop\/"},{"@type":"ListItem","position":3,"name":"Metal Mor Ta\u015fl\u0131 K\u0131rm\u0131z\u0131 Anal Plug Orta Boy"}]},{"@type":"WebSite","@id":"https:\/\/hobierotikshop.com.tr\/website1\/#website","url":"https:\/\/hobierotikshop.com.tr\/website1\/","name":"Bursa Erotik Shop","description":"Bursa Erotik Shop ile g\u00fcvenli, gizli ve kaliteli yeti\u015fkin \u00fcr\u00fcnleri al\u0131\u015fveri\u015fi! Geni\u015f \u00fcr\u00fcn yelpazemizi ke\u015ffedin, hemen sipari\u015f verin","publisher":{"@id":"https:\/\/hobierotikshop.com.tr\/website1\/#organization"},"alternateName":"Erotik Shop","potentialAction":[{"@type":"SearchAction","target":{"@type":"EntryPoint","urlTemplate":"https:\/\/hobierotikshop.com.tr\/website1\/?s={search_term_string}"},"query-input":{"@type":"PropertyValueSpecification","valueRequired":true,"valueName":"search_term_string"}}],"inLanguage":"tr"},{"@type":"Organization","@id":"https:\/\/hobierotikshop.com.tr\/website1\/#organization","name":"Harem Bursa Erotik Shop","url":"https:\/\/hobierotikshop.com.tr\/website1\/","logo":{"@type":"ImageObject","inLanguage":"tr","@id":"https:\/\/hobierotikshop.com.tr\/website1\/#\/schema\/logo\/image\/","url":"https:\/\/haremerotikshop.com\/site\/wp-content\/uploads\/2025\/03\/haremsexshop.png","contentUrl":"https:\/\/haremerotikshop.com\/site\/wp-content\/uploads\/2025\/03\/haremsexshop.png","width":400,"height":100,"caption":"Harem Bursa Erotik Shop"},"image":{"@id":"https:\/\/hobierotikshop.com.tr\/website1\/#\/schema\/logo\/image\/"},"sameAs":["https:\/\/x.com\/shopbursa"],"publishingPrinciples":"https:\/\/hobierotikshop.com.tr\/website1\/mesafeli-satis-sozlesmesi\/","ownershipFundingInfo":"https:\/\/hobierotikshop.com.tr\/website1\/contact-us\/","actionableFeedbackPolicy":"https:\/\/hobierotikshop.com.tr\/website1\/contact-us\/","correctionsPolicy":"https:\/\/hobierotikshop.com.tr\/website1\/mesafeli-satis-sozlesmesi\/"}]},"product_brand":"Pembe Tilki","product_price_amount":"630.00","product_price_currency":"TRY","og_availability":"instock","product_availability":"instock","product_retailer_item_id":"PT-ANXM013MRPRP","product_condition":"new"},"_links":{"self":[{"href":"https:\/\/haremerotikshop.com\/site\/wp-json\/wp\/v2\/product\/18686","targetHints":{"allow":["GET"]}}],"collection":[{"href":"https:\/\/haremerotikshop.com\/site\/wp-json\/wp\/v2\/product"}],"about":[{"href":"https:\/\/haremerotikshop.com\/site\/wp-json\/wp\/v2\/types\/product"}],"replies":[{"embeddable":true,"href":"https:\/\/haremerotikshop.com\/site\/wp-json\/wp\/v2\/comments?post=18686"}],"version-history":[{"count":0,"href":"https:\/\/haremerotikshop.com\/site\/wp-json\/wp\/v2\/product\/18686\/revisions"}],"wp:featuredmedia":[{"embeddable":true,"href":"https:\/\/haremerotikshop.com\/site\/wp-json\/wp\/v2\/media\/18758"}],"wp:attachment":[{"href":"https:\/\/haremerotikshop.com\/site\/wp-json\/wp\/v2\/media?parent=18686"}],"wp:term":[{"taxonomy":"product_brand","embeddable":true,"href":"https:\/\/haremerotikshop.com\/site\/wp-json\/wp\/v2\/product_brand?post=18686"},{"taxonomy":"product_cat","embeddable":true,"href":"https:\/\/haremerotikshop.com\/site\/wp-json\/wp\/v2\/product_cat?post=18686"},{"taxonomy":"product_tag","embeddable":true,"href":"https:\/\/haremerotikshop.com\/site\/wp-json\/wp\/v2\/product_tag?post=18686"}],"curies":[{"name":"wp","href":"https:\/\/api.w.org\/{rel}","templated":true}]}}