{"id":18692,"date":"2025-03-17T12:21:43","date_gmt":"2025-03-17T09:21:43","guid":{"rendered":"https:\/\/haremerotikshop.com\/site\/?post_type=product&#038;p=18692"},"modified":"2026-01-27T11:34:02","modified_gmt":"2026-01-27T08:34:02","slug":"deri-fantezi-maskesi-siyah","status":"publish","type":"product","link":"https:\/\/haremerotikshop.com\/site\/erotik-shop-urun\/deri-fantezi-maskesi-siyah\/","title":{"rendered":"Deri Fantezi Maskesi Siyah"},"content":{"rendered":"<h3 data-start=\"0\" data-end=\"73\"><strong data-start=\"4\" data-end=\"73\">Deri Fantezi Maskesi \u2013 Cinsel Ke\u015fif ve Heyecanl\u0131 Anlar \u0130\u00e7in \u0130deal<\/strong><\/h3>\n<p data-start=\"75\" data-end=\"507\"><strong data-start=\"75\" data-end=\"99\">Deri Fantezi Maskesi<\/strong>, cinsel deneyimlerinize <strong data-start=\"124\" data-end=\"135\">heyecan<\/strong> ve <strong data-start=\"139\" data-end=\"148\">gizem<\/strong> katmak i\u00e7in m\u00fckemmel bir \u00fcr\u00fcnd\u00fcr. <strong data-start=\"183\" data-end=\"215\">Y\u00fcksek kaliteli deri malzeme<\/strong> ve <strong data-start=\"219\" data-end=\"239\">estetik tasar\u0131m\u0131<\/strong> ile dikkat \u00e7ekerken, <strong data-start=\"261\" data-end=\"297\">esnek ve ayarlanabilir kay\u0131\u015flar\u0131<\/strong> sayesinde her kullan\u0131c\u0131ya m\u00fckemmel uyum sa\u011flar. Gizemli ve \u00e7ekici g\u00f6r\u00fcn\u00fcm\u00fc, <strong data-start=\"374\" data-end=\"396\">fantezi d\u00fcnyas\u0131nda<\/strong> yeni kap\u0131lar aralaman\u0131za olanak tan\u0131r. <strong data-start=\"436\" data-end=\"448\">Gizlilik<\/strong> ve <strong data-start=\"452\" data-end=\"463\">heyecan<\/strong> arayanlar i\u00e7in vazge\u00e7ilmez bir aksesuard\u0131r.<\/p>\n<h3 data-start=\"509\" data-end=\"534\"><strong data-start=\"513\" data-end=\"534\">\u00dcr\u00fcn \u00d6zellikleri:<\/strong><\/h3>\n<h4 data-start=\"536\" data-end=\"574\"><strong data-start=\"541\" data-end=\"574\">Y\u00fcksek Kaliteli Deri Malzeme:<\/strong><\/h4>\n<ul data-start=\"575\" data-end=\"787\">\n<li data-start=\"575\" data-end=\"787\">Deri malzeme, uzun \u00f6m\u00fcrl\u00fc ve <strong data-start=\"606\" data-end=\"619\">dayan\u0131kl\u0131<\/strong> olup, <strong data-start=\"626\" data-end=\"643\">y\u00fcksek kalite<\/strong> ile \u00fcretilmi\u015ftir. Yumu\u015fak dokusu sayesinde cildinize zarar vermeden rahat\u00e7a kullan\u0131labilir. Cinsel ke\u015fiflerinizde <strong data-start=\"758\" data-end=\"766\">l\u00fcks<\/strong> ve <strong data-start=\"770\" data-end=\"780\">konfor<\/strong> sunar.<\/li>\n<\/ul>\n<h4 data-start=\"789\" data-end=\"830\"><strong data-start=\"794\" data-end=\"830\">Esnek ve Ayarlanabilir Kay\u0131\u015flar:<\/strong><\/h4>\n<ul data-start=\"831\" data-end=\"1055\">\n<li data-start=\"831\" data-end=\"1055\">Maskenin <strong data-start=\"842\" data-end=\"861\">esnek kay\u0131\u015flar\u0131<\/strong>, <strong data-start=\"863\" data-end=\"880\">ayarlanabilir<\/strong> \u00f6zellikte olup her kafa yap\u0131s\u0131na rahat\u00e7a uyum sa\u011flar. \u0130htiya\u00e7lar\u0131n\u0131za g\u00f6re rahat\u00e7a <strong data-start=\"964\" data-end=\"977\">s\u0131kabilir<\/strong> veya <strong data-start=\"983\" data-end=\"1004\">gev\u015fetebilirsiniz<\/strong>, b\u00f6ylece tam bir <strong data-start=\"1022\" data-end=\"1030\">uyum<\/strong> ve <strong data-start=\"1034\" data-end=\"1044\">konfor<\/strong> sa\u011flan\u0131r.<\/li>\n<\/ul>\n<h4 data-start=\"1057\" data-end=\"1093\"><strong data-start=\"1062\" data-end=\"1093\">Estetik ve Gizemli Tasar\u0131m:<\/strong><\/h4>\n<ul data-start=\"1094\" data-end=\"1307\">\n<li data-start=\"1094\" data-end=\"1307\">Deri maskenin \u015f\u0131k ve <strong data-start=\"1117\" data-end=\"1137\">estetik tasar\u0131m\u0131<\/strong>, <strong data-start=\"1139\" data-end=\"1159\">gizemli bir hava<\/strong> yarat\u0131r. Partnerinizle payla\u015ft\u0131\u011f\u0131n\u0131z fantezi anlar\u0131na yeni bir <strong data-start=\"1223\" data-end=\"1232\">boyut<\/strong> katar. Bu maskeyle cinsel ke\u015fifleriniz \u00e7ok daha heyecan verici hale gelir.<\/li>\n<\/ul>\n<h4 data-start=\"1309\" data-end=\"1338\"><strong data-start=\"1314\" data-end=\"1338\">Rahat ve Kullan\u0131\u015fl\u0131:<\/strong><\/h4>\n<ul data-start=\"1339\" data-end=\"1540\">\n<li data-start=\"1339\" data-end=\"1540\">Deri maskenin tasar\u0131m\u0131, hem <strong data-start=\"1369\" data-end=\"1380\">estetik<\/strong> hem de <strong data-start=\"1388\" data-end=\"1398\">konfor<\/strong> sa\u011flar. Uzun s\u00fcreli kullan\u0131mlarda bile rahats\u0131zl\u0131k hissi yaratmaz, bu sayede ke\u015fiflerinize odaklanabilir ve her an\u0131n tad\u0131n\u0131 \u00e7\u0131karabilirsiniz.<\/li>\n<\/ul>\n<h4 data-start=\"1542\" data-end=\"1579\"><strong data-start=\"1547\" data-end=\"1579\">Fantezi Deneyimlerine Uygun:<\/strong><\/h4>\n<ul data-start=\"1580\" data-end=\"1794\">\n<li data-start=\"1580\" data-end=\"1794\">Bu maske, <strong data-start=\"1592\" data-end=\"1603\">fantezi<\/strong> ve <strong data-start=\"1607\" data-end=\"1616\">ke\u015fif<\/strong> isteyen yeti\u015fkinler i\u00e7in idealdir. Cinsel oyunlar, rol yapma oyunlar\u0131 veya <strong data-start=\"1692\" data-end=\"1703\">gizemli<\/strong> anlar i\u00e7in m\u00fckemmel bir se\u00e7imdir. Hem bireysel hem de partnerli kullan\u0131mlar i\u00e7in uygundur.<\/li>\n<\/ul>\n<h3 data-start=\"1796\" data-end=\"1816\"><strong data-start=\"1800\" data-end=\"1816\">Hedef Kitle:<\/strong><\/h3>\n<ul data-start=\"1818\" data-end=\"2128\">\n<li data-start=\"1818\" data-end=\"1900\"><strong data-start=\"1820\" data-end=\"1835\">Yeti\u015fkinler<\/strong> aras\u0131nda cinsel ke\u015fif ve deneyimlere a\u00e7\u0131k olanlar i\u00e7in idealdir.<\/li>\n<li data-start=\"1901\" data-end=\"2003\"><strong data-start=\"1903\" data-end=\"1944\">Fantezi \u00fcr\u00fcnleri satan perakendeciler<\/strong> ve <strong data-start=\"1948\" data-end=\"1963\">toptanc\u0131lar<\/strong> i\u00e7in m\u00fckemmel bir \u00fcr\u00fcn yelpazesi sunar.<\/li>\n<li data-start=\"2004\" data-end=\"2128\"><strong data-start=\"2006\" data-end=\"2042\">Cesur ve farkl\u0131 deneyimlere a\u00e7\u0131k<\/strong> kullan\u0131c\u0131lar, gizemli ve heyecan dolu anlar ya\u015famak isteyenler i\u00e7in en iyi tercihtir.<\/li>\n<\/ul>\n<h3 data-start=\"2130\" data-end=\"2157\"><strong data-start=\"2134\" data-end=\"2157\">G\u00fcvenlik ve Kalite:<\/strong><\/h3>\n<ul data-start=\"2159\" data-end=\"2441\">\n<li data-start=\"2159\" data-end=\"2438\"><strong data-start=\"2161\" data-end=\"2185\">Deri Fantezi Maskesi<\/strong>, <strong data-start=\"2187\" data-end=\"2220\">y\u00fcksek kaliteli malzemelerden<\/strong> \u00fcretilmi\u015ftir ve <strong data-start=\"2237\" data-end=\"2248\">g\u00fcvenli<\/strong> bir kullan\u0131m sa\u011flar. \u00dcr\u00fcn, titiz kalite kontrol s\u00fcre\u00e7lerinden ge\u00e7irilerek <strong data-start=\"2323\" data-end=\"2339\">dayan\u0131kl\u0131l\u0131k<\/strong> ve <strong data-start=\"2343\" data-end=\"2355\">g\u00fcvenlik<\/strong> sa\u011flan\u0131r. Cilt dostu malzemeleri ile <strong data-start=\"2393\" data-end=\"2405\">hijyenik<\/strong> ve <strong data-start=\"2409\" data-end=\"2419\">sa\u011flam<\/strong> bir deneyim sunar.<\/li>\n<\/ul>\n<h3 data-start=\"2442\" data-end=\"2456\"><strong data-start=\"2446\" data-end=\"2456\">Sonu\u00e7:<\/strong><\/h3>\n<p data-start=\"2458\" data-end=\"2809\" data-is-last-node=\"\" data-is-only-node=\"\"><strong data-start=\"2458\" data-end=\"2482\">Deri Fantezi Maskesi<\/strong>, cinsel hayat\u0131n\u0131z\u0131 zenginle\u015ftirmek ve heyecan verici deneyimlere kap\u0131 aralamak i\u00e7in m\u00fckemmel bir aksesuard\u0131r. <strong data-start=\"2593\" data-end=\"2604\">Gizemli<\/strong> tasar\u0131m\u0131 ve <strong data-start=\"2617\" data-end=\"2641\">ayarlanabilir yap\u0131s\u0131<\/strong>, ki\u015fisel ke\u015fiflerinize \u00f6zg\u00fcn bir boyut katarken, partnerinizle olan ba\u011f\u0131n\u0131z\u0131 g\u00fc\u00e7lendirir. <strong data-start=\"2732\" data-end=\"2748\">Cinsel ke\u015fif<\/strong>, <strong data-start=\"2750\" data-end=\"2759\">gizem<\/strong> ve <strong data-start=\"2763\" data-end=\"2774\">heyecan<\/strong> arayanlar i\u00e7in ideal bir se\u00e7imdir.<\/p>\n","protected":false},"excerpt":{"rendered":"<p><strong data-start=\"75\" data-end=\"99\">Deri Fantezi Maskesi<\/strong>, cinsel deneyimlerinize <strong data-start=\"124\" data-end=\"135\">heyecan<\/strong> ve <strong data-start=\"139\" data-end=\"148\">gizem<\/strong> katmak i\u00e7in m\u00fckemmel bir \u00fcr\u00fcnd\u00fcr. <strong data-start=\"183\" data-end=\"215\">Y\u00fcksek kaliteli deri malzeme<\/strong> ve <strong data-start=\"219\" data-end=\"239\">estetik tasar\u0131m\u0131<\/strong> ile dikkat \u00e7ekerken, <strong data-start=\"261\" data-end=\"297\">esnek ve ayarlanabilir kay\u0131\u015flar\u0131<\/strong> sayesinde her kullan\u0131c\u0131ya m\u00fckemmel uyum sa\u011flar. Gizemli ve \u00e7ekici g\u00f6r\u00fcn\u00fcm\u00fc, <strong data-start=\"374\" data-end=\"396\">fantezi d\u00fcnyas\u0131nda<\/strong> yeni kap\u0131lar aralaman\u0131za olanak tan\u0131r. <strong data-start=\"436\" data-end=\"448\">Gizlilik<\/strong> ve <strong data-start=\"452\" data-end=\"463\">heyecan<\/strong> arayanlar i\u00e7in vazge\u00e7ilmez bir aksesuard\u0131r.<\/p>\n","protected":false},"featured_media":18770,"comment_status":"open","ping_status":"closed","template":"","meta":[],"product_brand":[127],"product_cat":[100],"product_tag":[196],"class_list":{"0":"post-18692","1":"product","2":"type-product","3":"status-publish","4":"has-post-thumbnail","6":"product_brand-pembe-tilki","7":"product_cat-fantezi-fetis","8":"product_tag-deri-fantezi-maskesi-siyah","10":"first","11":"instock","12":"taxable","13":"shipping-taxable","14":"purchasable","15":"product-type-simple"},"yoast_head":"<!-- This site is optimized with the Yoast SEO Premium plugin v24.4 (Yoast SEO v27.1.1) - https:\/\/yoast.com\/product\/yoast-seo-premium-wordpress\/ -->\n<title>Deri Fantezi Maskesi Siyah - Bursa Erotik Shop<\/title>\n<meta name=\"robots\" content=\"index, follow, max-snippet:-1, max-image-preview:large, max-video-preview:-1\" \/>\n<link rel=\"canonical\" href=\"https:\/\/hobierotikshop.com.tr\/website1\/erotik-shop-urun\/deri-fantezi-maskesi-siyah\/\" \/>\n<meta property=\"og:locale\" content=\"tr_TR\" \/>\n<meta property=\"og:type\" content=\"article\" \/>\n<meta property=\"og:title\" content=\"Deri Fantezi Maskesi Siyah\" \/>\n<meta property=\"og:description\" content=\"Deri Fantezi Maskesi, cinsel deneyimlerinize heyecan ve gizem katmak i\u00e7in m\u00fckemmel bir \u00fcr\u00fcnd\u00fcr. Y\u00fcksek kaliteli deri malzeme ve estetik tasar\u0131m\u0131 ile dikkat \u00e7ekerken, esnek ve ayarlanabilir kay\u0131\u015flar\u0131 sayesinde her kullan\u0131c\u0131ya m\u00fckemmel uyum sa\u011flar. Gizemli ve \u00e7ekici g\u00f6r\u00fcn\u00fcm\u00fc, fantezi d\u00fcnyas\u0131nda yeni kap\u0131lar aralaman\u0131za olanak tan\u0131r. Gizlilik ve heyecan arayanlar i\u00e7in vazge\u00e7ilmez bir aksesuard\u0131r.\" \/>\n<meta property=\"og:url\" content=\"https:\/\/hobierotikshop.com.tr\/website1\/erotik-shop-urun\/deri-fantezi-maskesi-siyah\/\" \/>\n<meta property=\"og:site_name\" content=\"Bursa Erotik Shop\" \/>\n<meta property=\"article:modified_time\" content=\"2026-01-27T08:34:02+00:00\" \/>\n<meta property=\"og:image\" content=\"https:\/\/hobierotikshop.com.tr\/website1\/wp-content\/uploads\/2025\/03\/deri-fantezi-maskesi-siyah-1802-2.jpg\" \/>\n\t<meta property=\"og:image:width\" content=\"800\" \/>\n\t<meta property=\"og:image:height\" content=\"800\" \/>\n\t<meta property=\"og:image:type\" content=\"image\/jpeg\" \/>\n<meta name=\"twitter:card\" content=\"summary_large_image\" \/>\n<meta name=\"twitter:site\" content=\"@shopbursa\" \/>\n<meta name=\"twitter:label1\" content=\"Fiyat\" \/>\n\t<meta name=\"twitter:data1\" content=\"&#8378;700,00 KDV DAH\u0130L\" \/>\n\t<meta name=\"twitter:label2\" content=\"Availability\" \/>\n\t<meta name=\"twitter:data2\" content=\"In stock\" \/>\n<script type=\"application\/ld+json\" class=\"yoast-schema-graph\">{\"@context\":\"https:\/\/schema.org\",\"@graph\":[{\"@type\":\"WebPage\",\"@id\":\"https:\/\/hobierotikshop.com.tr\/website1\/erotik-shop-urun\/deri-fantezi-maskesi-siyah\/\",\"url\":\"https:\/\/hobierotikshop.com.tr\/website1\/erotik-shop-urun\/deri-fantezi-maskesi-siyah\/\",\"name\":\"Deri Fantezi Maskesi Siyah - Bursa Erotik Shop\",\"isPartOf\":{\"@id\":\"https:\/\/hobierotikshop.com.tr\/website1\/#website\"},\"primaryImageOfPage\":{\"@id\":\"https:\/\/hobierotikshop.com.tr\/website1\/erotik-shop-urun\/deri-fantezi-maskesi-siyah\/#primaryimage\"},\"image\":{\"@id\":\"https:\/\/hobierotikshop.com.tr\/website1\/erotik-shop-urun\/deri-fantezi-maskesi-siyah\/#primaryimage\"},\"thumbnailUrl\":\"https:\/\/haremerotikshop.com\/site\/wp-content\/uploads\/2025\/03\/deri-fantezi-maskesi-siyah-1802-2.jpg\",\"datePublished\":\"2025-03-17T09:21:43+00:00\",\"dateModified\":\"2026-01-27T08:34:02+00:00\",\"breadcrumb\":{\"@id\":\"https:\/\/hobierotikshop.com.tr\/website1\/erotik-shop-urun\/deri-fantezi-maskesi-siyah\/#breadcrumb\"},\"inLanguage\":\"tr\",\"potentialAction\":[{\"@type\":\"ReadAction\",\"target\":[\"https:\/\/hobierotikshop.com.tr\/website1\/erotik-shop-urun\/deri-fantezi-maskesi-siyah\/\"]}]},{\"@type\":\"ImageObject\",\"inLanguage\":\"tr\",\"@id\":\"https:\/\/hobierotikshop.com.tr\/website1\/erotik-shop-urun\/deri-fantezi-maskesi-siyah\/#primaryimage\",\"url\":\"https:\/\/haremerotikshop.com\/site\/wp-content\/uploads\/2025\/03\/deri-fantezi-maskesi-siyah-1802-2.jpg\",\"contentUrl\":\"https:\/\/haremerotikshop.com\/site\/wp-content\/uploads\/2025\/03\/deri-fantezi-maskesi-siyah-1802-2.jpg\",\"width\":800,\"height\":800},{\"@type\":\"BreadcrumbList\",\"@id\":\"https:\/\/hobierotikshop.com.tr\/website1\/erotik-shop-urun\/deri-fantezi-maskesi-siyah\/#breadcrumb\",\"itemListElement\":[{\"@type\":\"ListItem\",\"position\":1,\"name\":\"Anasayfa\",\"item\":\"https:\/\/hobierotikshop.com.tr\/website1\/\"},{\"@type\":\"ListItem\",\"position\":2,\"name\":\"Erotik Shop \u00dcr\u00fcnleri\",\"item\":\"https:\/\/hobierotikshop.com.tr\/website1\/shop\/\"},{\"@type\":\"ListItem\",\"position\":3,\"name\":\"Deri Fantezi Maskesi Siyah\"}]},{\"@type\":\"WebSite\",\"@id\":\"https:\/\/hobierotikshop.com.tr\/website1\/#website\",\"url\":\"https:\/\/hobierotikshop.com.tr\/website1\/\",\"name\":\"Bursa Erotik Shop\",\"description\":\"Bursa Erotik Shop ile g\u00fcvenli, gizli ve kaliteli yeti\u015fkin \u00fcr\u00fcnleri al\u0131\u015fveri\u015fi! Geni\u015f \u00fcr\u00fcn yelpazemizi ke\u015ffedin, hemen sipari\u015f verin\",\"publisher\":{\"@id\":\"https:\/\/hobierotikshop.com.tr\/website1\/#organization\"},\"alternateName\":\"Erotik Shop\",\"potentialAction\":[{\"@type\":\"SearchAction\",\"target\":{\"@type\":\"EntryPoint\",\"urlTemplate\":\"https:\/\/hobierotikshop.com.tr\/website1\/?s={search_term_string}\"},\"query-input\":{\"@type\":\"PropertyValueSpecification\",\"valueRequired\":true,\"valueName\":\"search_term_string\"}}],\"inLanguage\":\"tr\"},{\"@type\":\"Organization\",\"@id\":\"https:\/\/hobierotikshop.com.tr\/website1\/#organization\",\"name\":\"Harem Bursa Erotik Shop\",\"url\":\"https:\/\/hobierotikshop.com.tr\/website1\/\",\"logo\":{\"@type\":\"ImageObject\",\"inLanguage\":\"tr\",\"@id\":\"https:\/\/hobierotikshop.com.tr\/website1\/#\/schema\/logo\/image\/\",\"url\":\"https:\/\/haremerotikshop.com\/site\/wp-content\/uploads\/2025\/03\/haremsexshop.png\",\"contentUrl\":\"https:\/\/haremerotikshop.com\/site\/wp-content\/uploads\/2025\/03\/haremsexshop.png\",\"width\":400,\"height\":100,\"caption\":\"Harem Bursa Erotik Shop\"},\"image\":{\"@id\":\"https:\/\/hobierotikshop.com.tr\/website1\/#\/schema\/logo\/image\/\"},\"sameAs\":[\"https:\/\/x.com\/shopbursa\"],\"publishingPrinciples\":\"https:\/\/hobierotikshop.com.tr\/website1\/mesafeli-satis-sozlesmesi\/\",\"ownershipFundingInfo\":\"https:\/\/hobierotikshop.com.tr\/website1\/contact-us\/\",\"actionableFeedbackPolicy\":\"https:\/\/hobierotikshop.com.tr\/website1\/contact-us\/\",\"correctionsPolicy\":\"https:\/\/hobierotikshop.com.tr\/website1\/mesafeli-satis-sozlesmesi\/\"}]}<\/script>\n<meta property=\"product:brand\" content=\"Pembe Tilki\" \/>\n<meta property=\"product:price:amount\" content=\"700.00\" \/>\n<meta property=\"product:price:currency\" content=\"TRY\" \/>\n<meta property=\"og:availability\" content=\"instock\" \/>\n<meta property=\"product:availability\" content=\"instock\" \/>\n<meta property=\"product:retailer_item_id\" content=\"PT-FFXG036BL\" \/>\n<meta property=\"product:condition\" content=\"new\" \/>\n<!-- \/ Yoast SEO Premium plugin. -->","yoast_head_json":{"title":"Deri Fantezi Maskesi Siyah - Bursa Erotik Shop","robots":{"index":"index","follow":"follow","max-snippet":"max-snippet:-1","max-image-preview":"max-image-preview:large","max-video-preview":"max-video-preview:-1"},"canonical":"https:\/\/hobierotikshop.com.tr\/website1\/erotik-shop-urun\/deri-fantezi-maskesi-siyah\/","og_locale":"tr_TR","og_type":"article","og_title":"Deri Fantezi Maskesi Siyah","og_description":"Deri Fantezi Maskesi, cinsel deneyimlerinize heyecan ve gizem katmak i\u00e7in m\u00fckemmel bir \u00fcr\u00fcnd\u00fcr. Y\u00fcksek kaliteli deri malzeme ve estetik tasar\u0131m\u0131 ile dikkat \u00e7ekerken, esnek ve ayarlanabilir kay\u0131\u015flar\u0131 sayesinde her kullan\u0131c\u0131ya m\u00fckemmel uyum sa\u011flar. Gizemli ve \u00e7ekici g\u00f6r\u00fcn\u00fcm\u00fc, fantezi d\u00fcnyas\u0131nda yeni kap\u0131lar aralaman\u0131za olanak tan\u0131r. Gizlilik ve heyecan arayanlar i\u00e7in vazge\u00e7ilmez bir aksesuard\u0131r.","og_url":"https:\/\/hobierotikshop.com.tr\/website1\/erotik-shop-urun\/deri-fantezi-maskesi-siyah\/","og_site_name":"Bursa Erotik Shop","article_modified_time":"2026-01-27T08:34:02+00:00","og_image":[{"width":800,"height":800,"url":"https:\/\/hobierotikshop.com.tr\/website1\/wp-content\/uploads\/2025\/03\/deri-fantezi-maskesi-siyah-1802-2.jpg","type":"image\/jpeg"}],"twitter_card":"summary_large_image","twitter_site":"@shopbursa","twitter_misc":{"Fiyat":"&#8378;700,00 KDV DAH\u0130L","Availability":"In stock"},"schema":{"@context":"https:\/\/schema.org","@graph":[{"@type":"WebPage","@id":"https:\/\/hobierotikshop.com.tr\/website1\/erotik-shop-urun\/deri-fantezi-maskesi-siyah\/","url":"https:\/\/hobierotikshop.com.tr\/website1\/erotik-shop-urun\/deri-fantezi-maskesi-siyah\/","name":"Deri Fantezi Maskesi Siyah - Bursa Erotik Shop","isPartOf":{"@id":"https:\/\/hobierotikshop.com.tr\/website1\/#website"},"primaryImageOfPage":{"@id":"https:\/\/hobierotikshop.com.tr\/website1\/erotik-shop-urun\/deri-fantezi-maskesi-siyah\/#primaryimage"},"image":{"@id":"https:\/\/hobierotikshop.com.tr\/website1\/erotik-shop-urun\/deri-fantezi-maskesi-siyah\/#primaryimage"},"thumbnailUrl":"https:\/\/haremerotikshop.com\/site\/wp-content\/uploads\/2025\/03\/deri-fantezi-maskesi-siyah-1802-2.jpg","datePublished":"2025-03-17T09:21:43+00:00","dateModified":"2026-01-27T08:34:02+00:00","breadcrumb":{"@id":"https:\/\/hobierotikshop.com.tr\/website1\/erotik-shop-urun\/deri-fantezi-maskesi-siyah\/#breadcrumb"},"inLanguage":"tr","potentialAction":[{"@type":"ReadAction","target":["https:\/\/hobierotikshop.com.tr\/website1\/erotik-shop-urun\/deri-fantezi-maskesi-siyah\/"]}]},{"@type":"ImageObject","inLanguage":"tr","@id":"https:\/\/hobierotikshop.com.tr\/website1\/erotik-shop-urun\/deri-fantezi-maskesi-siyah\/#primaryimage","url":"https:\/\/haremerotikshop.com\/site\/wp-content\/uploads\/2025\/03\/deri-fantezi-maskesi-siyah-1802-2.jpg","contentUrl":"https:\/\/haremerotikshop.com\/site\/wp-content\/uploads\/2025\/03\/deri-fantezi-maskesi-siyah-1802-2.jpg","width":800,"height":800},{"@type":"BreadcrumbList","@id":"https:\/\/hobierotikshop.com.tr\/website1\/erotik-shop-urun\/deri-fantezi-maskesi-siyah\/#breadcrumb","itemListElement":[{"@type":"ListItem","position":1,"name":"Anasayfa","item":"https:\/\/hobierotikshop.com.tr\/website1\/"},{"@type":"ListItem","position":2,"name":"Erotik Shop \u00dcr\u00fcnleri","item":"https:\/\/hobierotikshop.com.tr\/website1\/shop\/"},{"@type":"ListItem","position":3,"name":"Deri Fantezi Maskesi Siyah"}]},{"@type":"WebSite","@id":"https:\/\/hobierotikshop.com.tr\/website1\/#website","url":"https:\/\/hobierotikshop.com.tr\/website1\/","name":"Bursa Erotik Shop","description":"Bursa Erotik Shop ile g\u00fcvenli, gizli ve kaliteli yeti\u015fkin \u00fcr\u00fcnleri al\u0131\u015fveri\u015fi! Geni\u015f \u00fcr\u00fcn yelpazemizi ke\u015ffedin, hemen sipari\u015f verin","publisher":{"@id":"https:\/\/hobierotikshop.com.tr\/website1\/#organization"},"alternateName":"Erotik Shop","potentialAction":[{"@type":"SearchAction","target":{"@type":"EntryPoint","urlTemplate":"https:\/\/hobierotikshop.com.tr\/website1\/?s={search_term_string}"},"query-input":{"@type":"PropertyValueSpecification","valueRequired":true,"valueName":"search_term_string"}}],"inLanguage":"tr"},{"@type":"Organization","@id":"https:\/\/hobierotikshop.com.tr\/website1\/#organization","name":"Harem Bursa Erotik Shop","url":"https:\/\/hobierotikshop.com.tr\/website1\/","logo":{"@type":"ImageObject","inLanguage":"tr","@id":"https:\/\/hobierotikshop.com.tr\/website1\/#\/schema\/logo\/image\/","url":"https:\/\/haremerotikshop.com\/site\/wp-content\/uploads\/2025\/03\/haremsexshop.png","contentUrl":"https:\/\/haremerotikshop.com\/site\/wp-content\/uploads\/2025\/03\/haremsexshop.png","width":400,"height":100,"caption":"Harem Bursa Erotik Shop"},"image":{"@id":"https:\/\/hobierotikshop.com.tr\/website1\/#\/schema\/logo\/image\/"},"sameAs":["https:\/\/x.com\/shopbursa"],"publishingPrinciples":"https:\/\/hobierotikshop.com.tr\/website1\/mesafeli-satis-sozlesmesi\/","ownershipFundingInfo":"https:\/\/hobierotikshop.com.tr\/website1\/contact-us\/","actionableFeedbackPolicy":"https:\/\/hobierotikshop.com.tr\/website1\/contact-us\/","correctionsPolicy":"https:\/\/hobierotikshop.com.tr\/website1\/mesafeli-satis-sozlesmesi\/"}]},"product_brand":"Pembe Tilki","product_price_amount":"700.00","product_price_currency":"TRY","og_availability":"instock","product_availability":"instock","product_retailer_item_id":"PT-FFXG036BL","product_condition":"new"},"_links":{"self":[{"href":"https:\/\/haremerotikshop.com\/site\/wp-json\/wp\/v2\/product\/18692","targetHints":{"allow":["GET"]}}],"collection":[{"href":"https:\/\/haremerotikshop.com\/site\/wp-json\/wp\/v2\/product"}],"about":[{"href":"https:\/\/haremerotikshop.com\/site\/wp-json\/wp\/v2\/types\/product"}],"replies":[{"embeddable":true,"href":"https:\/\/haremerotikshop.com\/site\/wp-json\/wp\/v2\/comments?post=18692"}],"version-history":[{"count":0,"href":"https:\/\/haremerotikshop.com\/site\/wp-json\/wp\/v2\/product\/18692\/revisions"}],"wp:featuredmedia":[{"embeddable":true,"href":"https:\/\/haremerotikshop.com\/site\/wp-json\/wp\/v2\/media\/18770"}],"wp:attachment":[{"href":"https:\/\/haremerotikshop.com\/site\/wp-json\/wp\/v2\/media?parent=18692"}],"wp:term":[{"taxonomy":"product_brand","embeddable":true,"href":"https:\/\/haremerotikshop.com\/site\/wp-json\/wp\/v2\/product_brand?post=18692"},{"taxonomy":"product_cat","embeddable":true,"href":"https:\/\/haremerotikshop.com\/site\/wp-json\/wp\/v2\/product_cat?post=18692"},{"taxonomy":"product_tag","embeddable":true,"href":"https:\/\/haremerotikshop.com\/site\/wp-json\/wp\/v2\/product_tag?post=18692"}],"curies":[{"name":"wp","href":"https:\/\/api.w.org\/{rel}","templated":true}]}}