{"id":18720,"date":"2025-03-17T12:22:05","date_gmt":"2025-03-17T09:22:05","guid":{"rendered":"https:\/\/haremerotikshop.com\/site\/?post_type=product&#038;p=18720"},"modified":"2025-03-21T13:10:08","modified_gmt":"2025-03-21T10:10:08","slug":"metal-pembe-tasli-rainbow-anal-plug-orta-boy","status":"publish","type":"product","link":"https:\/\/haremerotikshop.com\/site\/erotik-shop-urun\/metal-pembe-tasli-rainbow-anal-plug-orta-boy\/","title":{"rendered":"Metal Pembe Ta\u015fl\u0131 Rainbow Anal Plug Orta Boy"},"content":{"rendered":"<h3 data-start=\"0\" data-end=\"109\"><strong data-start=\"4\" data-end=\"109\">Metal Pembe Ta\u015fl\u0131 Rainbow Anal Plug Orta Boy &#8211; Zarif ve Tatmin Edici Cinsel Ke\u015fif \u0130\u00e7in \u0130deal Aksesuar<\/strong><\/h3>\n<p data-start=\"111\" data-end=\"520\"><strong data-start=\"111\" data-end=\"159\">Metal Pembe Ta\u015fl\u0131 Rainbow Anal Plug Orta Boy<\/strong>, \u015f\u0131kl\u0131\u011f\u0131 ve fonksiyonelli\u011fi bir araya getiren m\u00fckemmel bir \u00fcr\u00fcnd\u00fcr. Hem <strong data-start=\"232\" data-end=\"252\">yeni ba\u015flayanlar<\/strong> hem de <strong data-start=\"260\" data-end=\"286\">deneyimli kullan\u0131c\u0131lar<\/strong> i\u00e7in ideal boyutlar\u0131yla, cinsel ke\u015fiflerinizi zenginle\u015ftirmek i\u00e7in m\u00fckemmel bir se\u00e7imdir. Hem g\u00f6rsel hem de fiziksel a\u00e7\u0131dan tatmin edici olan bu anal plug, her seviyedeki kullan\u0131c\u0131n\u0131n rahatl\u0131kla kullanabilece\u011fi bir tasar\u0131ma sahiptir.<\/p>\n<h3 data-start=\"522\" data-end=\"547\"><strong data-start=\"526\" data-end=\"547\">\u00dcr\u00fcn \u00d6zellikleri:<\/strong><\/h3>\n<h4 data-start=\"549\" data-end=\"567\"><strong data-start=\"554\" data-end=\"567\">Boyutlar:<\/strong><\/h4>\n<ul data-start=\"568\" data-end=\"785\">\n<li data-start=\"568\" data-end=\"785\"><strong data-start=\"570\" data-end=\"600\">3,4 cm \u00c7ap ve 8 cm Uzunluk<\/strong>: <strong data-start=\"602\" data-end=\"616\">Orta boyut<\/strong>uyla, <strong data-start=\"622\" data-end=\"661\">Metal Pembe Ta\u015fl\u0131 Rainbow Anal Plug<\/strong> rahat ve g\u00fcvenli bir kullan\u0131m sa\u011flar. Hem <strong data-start=\"704\" data-end=\"724\">yeni ba\u015flayanlar<\/strong> hem de <strong data-start=\"732\" data-end=\"758\">deneyimli kullan\u0131c\u0131lar<\/strong> i\u00e7in m\u00fckemmel uyum sa\u011flar.<\/li>\n<\/ul>\n<h4 data-start=\"787\" data-end=\"804\"><strong data-start=\"792\" data-end=\"804\">A\u011f\u0131rl\u0131k:<\/strong><\/h4>\n<ul data-start=\"805\" data-end=\"971\">\n<li data-start=\"805\" data-end=\"971\"><strong data-start=\"807\" data-end=\"818\">91 gram<\/strong>: Bu anal plug, kullan\u0131c\u0131s\u0131na ho\u015f bir <strong data-start=\"856\" data-end=\"873\">a\u011f\u0131rl\u0131k hissi<\/strong> vererek ekstra bir uyar\u0131m sa\u011flar. A\u011f\u0131rl\u0131k, deneyimi daha yo\u011fun hale getirir ve keyfinizi art\u0131r\u0131r.<\/li>\n<\/ul>\n<h4 data-start=\"973\" data-end=\"1012\"><strong data-start=\"978\" data-end=\"1012\">Y\u00fcksek Kaliteli Metal Malzeme:<\/strong><\/h4>\n<ul data-start=\"1013\" data-end=\"1327\">\n<li data-start=\"1013\" data-end=\"1327\"><strong data-start=\"1015\" data-end=\"1046\">Dayan\u0131kl\u0131 ve P\u00fcr\u00fczs\u00fcz Y\u00fczey<\/strong>: Y\u00fcksek kaliteli <strong data-start=\"1064\" data-end=\"1081\">metal malzeme<\/strong>, uzun s\u00fcreli kullan\u0131mda dayan\u0131kl\u0131l\u0131\u011f\u0131 ile dikkat \u00e7eker. P\u00fcr\u00fczs\u00fcz y\u00fczeyi, her hareketinizde rahatl\u0131k sa\u011flar. Ayr\u0131ca, <strong data-start=\"1198\" data-end=\"1215\">metal malzeme<\/strong> istenirse <strong data-start=\"1226\" data-end=\"1242\">\u0131s\u0131t\u0131labilir<\/strong> veya <strong data-start=\"1248\" data-end=\"1265\">so\u011futulabilir<\/strong>, bu sayede farkl\u0131 duyusal deneyimler ya\u015faman\u0131za olanak tan\u0131r.<\/li>\n<\/ul>\n<h4 data-start=\"1329\" data-end=\"1354\"><strong data-start=\"1334\" data-end=\"1354\">Estetik Tasar\u0131m:<\/strong><\/h4>\n<ul data-start=\"1355\" data-end=\"1593\">\n<li data-start=\"1355\" data-end=\"1593\"><strong data-start=\"1357\" data-end=\"1397\">Rainbow Renkleri ve Pembe Ta\u015f Detay\u0131<\/strong>: \u00dcr\u00fcn\u00fcn g\u00f6z al\u0131c\u0131 <strong data-start=\"1416\" data-end=\"1436\">rainbow renkleri<\/strong> ve <strong data-start=\"1440\" data-end=\"1453\">pembe ta\u015f<\/strong> detaylar\u0131, ona zarif bir g\u00f6r\u00fcn\u00fcm kazand\u0131r\u0131r. Bu estetik dokunu\u015f, g\u00f6rsel zevkinizi tatmin eder ve kullan\u0131m s\u0131ras\u0131nda ekstra bir zevk sa\u011flar.<\/li>\n<\/ul>\n<h4 data-start=\"1595\" data-end=\"1619\"><strong data-start=\"1600\" data-end=\"1619\">Ergonomik Yap\u0131:<\/strong><\/h4>\n<ul data-start=\"1620\" data-end=\"1836\">\n<li data-start=\"1620\" data-end=\"1836\"><strong data-start=\"1622\" data-end=\"1646\">V\u00fccuda M\u00fckemmel Uyum<\/strong>: Ergonomik tasar\u0131m\u0131 sayesinde, bu anal plug v\u00fccudunuza m\u00fckemmel uyum sa\u011flar. <strong data-start=\"1724\" data-end=\"1739\">Geni\u015f taban<\/strong>\u0131 sayesinde kaymay\u0131 \u00f6nler ve g\u00fcvenli bir kullan\u0131m sunar. Her hareketle rahatl\u0131kla kullan\u0131labilir.<\/li>\n<\/ul>\n<h3 data-start=\"1838\" data-end=\"1867\"><strong data-start=\"1842\" data-end=\"1867\">Kullan\u0131m ve Temizlik:<\/strong><\/h3>\n<ul data-start=\"1869\" data-end=\"2375\">\n<li data-start=\"1869\" data-end=\"2110\">\n<p data-start=\"1871\" data-end=\"2110\"><strong data-start=\"1871\" data-end=\"1901\">Solo ve Partnerle Kullan\u0131m<\/strong>: <strong data-start=\"1903\" data-end=\"1951\">Metal Pembe Ta\u015fl\u0131 Rainbow Anal Plug Orta Boy<\/strong>, <strong data-start=\"1953\" data-end=\"1969\">solo oyunlar<\/strong> ve <strong data-start=\"1973\" data-end=\"2001\">partnerle cinsel oyunlar<\/strong> i\u00e7in m\u00fckemmel bir tercihtir. Her iki durumda da rahatl\u0131kla kullan\u0131labilir ve tatmin edici bir deneyim sunar.<\/p>\n<\/li>\n<li data-start=\"2114\" data-end=\"2375\">\n<p data-start=\"2116\" data-end=\"2375\"><strong data-start=\"2116\" data-end=\"2134\">Kolay Temizlik<\/strong>: Kullan\u0131m \u00f6ncesi ve sonras\u0131, bu anal plug <strong data-start=\"2177\" data-end=\"2197\">\u0131l\u0131k su ve sabun<\/strong> ile kolayca temizlenebilir. Hijyen sa\u011flamak i\u00e7in uygun bir <strong data-start=\"2257\" data-end=\"2280\">oyuncak temizleyici<\/strong> de kullanabilirsiniz. D\u00fczenli temizlik, her kullan\u0131mda g\u00fcvenli ve hijyenik bir deneyim sa\u011flar.<\/p>\n<\/li>\n<\/ul>\n<h3 data-start=\"2377\" data-end=\"2436\"><strong data-start=\"2381\" data-end=\"2436\">Neden Metal Pembe Ta\u015fl\u0131 Rainbow Anal Plug Orta Boy?<\/strong><\/h3>\n<ul data-start=\"2438\" data-end=\"3181\">\n<li data-start=\"2438\" data-end=\"2610\"><strong data-start=\"2440\" data-end=\"2466\">\u015e\u0131k ve Estetik Tasar\u0131m<\/strong>: <strong data-start=\"2468\" data-end=\"2488\">Rainbow renkleri<\/strong> ve <strong data-start=\"2492\" data-end=\"2505\">pembe ta\u015f<\/strong> detay\u0131, \u00fcr\u00fcn\u00fcn g\u00f6rsel cazibesini art\u0131r\u0131r. Bu \u015f\u0131k tasar\u0131m, cinsel deneyiminize estetik bir dokunu\u015f katar.<\/li>\n<li data-start=\"2611\" data-end=\"2774\"><strong data-start=\"2613\" data-end=\"2627\">Orta Boyut<\/strong>: <strong data-start=\"2629\" data-end=\"2643\">3,4 cm \u00e7ap<\/strong> ve <strong data-start=\"2647\" data-end=\"2663\">8 cm uzunluk<\/strong>, hem <strong data-start=\"2669\" data-end=\"2689\">yeni ba\u015flayanlar<\/strong> hem de <strong data-start=\"2697\" data-end=\"2723\">deneyimli kullan\u0131c\u0131lar<\/strong> i\u00e7in m\u00fckemmel uyum sa\u011flar ve rahat kullan\u0131m sunar.<\/li>\n<li data-start=\"2775\" data-end=\"2931\"><strong data-start=\"2777\" data-end=\"2804\">Dayan\u0131kl\u0131 Metal Malzeme<\/strong>: Y\u00fcksek kaliteli metal, <strong data-start=\"2829\" data-end=\"2845\">\u0131s\u0131t\u0131labilir<\/strong> veya <strong data-start=\"2851\" data-end=\"2868\">so\u011futulabilir<\/strong> malzeme ile farkl\u0131 duyusal deneyimler ya\u015faman\u0131za olanak tan\u0131r.<\/li>\n<li data-start=\"2932\" data-end=\"3033\"><strong data-start=\"2934\" data-end=\"2972\">Ergonomik Yap\u0131 ve G\u00fcvenli Kullan\u0131m<\/strong>: <strong data-start=\"2974\" data-end=\"2989\">Geni\u015f taban<\/strong> kaymay\u0131 engeller ve g\u00fcvenli kullan\u0131m sunar.<\/li>\n<li data-start=\"3034\" data-end=\"3181\"><strong data-start=\"3036\" data-end=\"3054\">Kolay Temizlik<\/strong>: <strong data-start=\"3056\" data-end=\"3076\">Il\u0131k su ve sabun<\/strong> ile kolayca temizlenebilir, ayr\u0131ca hijyenik temizlik i\u00e7in uygun oyuncak temizleyicisi kullanabilirsiniz.<\/li>\n<\/ul>\n<h3 data-start=\"3183\" data-end=\"3197\"><strong data-start=\"3187\" data-end=\"3197\">Sonu\u00e7:<\/strong><\/h3>\n<p data-start=\"3199\" data-end=\"3687\" data-is-last-node=\"\" data-is-only-node=\"\"><strong data-start=\"3199\" data-end=\"3247\">Metal Pembe Ta\u015fl\u0131 Rainbow Anal Plug Orta Boy<\/strong>, estetik tasar\u0131m\u0131, dayan\u0131kl\u0131 malzemesi ve ergonomik yap\u0131s\u0131yla cinsel ke\u015fiflerinize e\u015fsiz bir deneyim katar. Hem <strong data-start=\"3360\" data-end=\"3377\">solo ke\u015fifler<\/strong> hem de <strong data-start=\"3385\" data-end=\"3406\">partnerle oyunlar<\/strong> i\u00e7in m\u00fckemmel bir se\u00e7im olan bu anal plug, koleksiyonunuzda yer almas\u0131 gereken vazge\u00e7ilmez bir aksesuard\u0131r. Hem g\u00f6rsel hem de fiziksel tatmin sunan bu \u00fcr\u00fcn, cinsel ya\u015fam\u0131n\u0131z\u0131 renklendirecek ve keyifli hale getirecektir. Kendinizi ve partnerinizi \u015f\u0131martmak i\u00e7in ideal bir se\u00e7imdir!<\/p>\n","protected":false},"excerpt":{"rendered":"<p><strong data-start=\"111\" data-end=\"159\">Metal Pembe Ta\u015fl\u0131 Rainbow Anal Plug Orta Boy<\/strong>, \u015f\u0131kl\u0131\u011f\u0131 ve fonksiyonelli\u011fi bir araya getiren m\u00fckemmel bir \u00fcr\u00fcnd\u00fcr. Hem <strong data-start=\"232\" data-end=\"252\">yeni ba\u015flayanlar<\/strong> hem de <strong data-start=\"260\" data-end=\"286\">deneyimli kullan\u0131c\u0131lar<\/strong> i\u00e7in ideal boyutlar\u0131yla, cinsel ke\u015fiflerinizi zenginle\u015ftirmek i\u00e7in m\u00fckemmel bir se\u00e7imdir. Hem g\u00f6rsel hem de fiziksel a\u00e7\u0131dan tatmin edici olan bu anal plug, her seviyedeki kullan\u0131c\u0131n\u0131n rahatl\u0131kla kullanabilece\u011fi bir tasar\u0131ma sahiptir.<\/p>\n","protected":false},"featured_media":18798,"comment_status":"open","ping_status":"closed","template":"","meta":[],"product_brand":[127],"product_cat":[89],"product_tag":[194],"class_list":{"0":"post-18720","1":"product","2":"type-product","3":"status-publish","4":"has-post-thumbnail","6":"product_brand-pembe-tilki","7":"product_cat-anal-plug","8":"product_tag-metal-pembe-tasli-rainbow-anal-plug-kucuk-boy","10":"first","11":"instock","12":"taxable","13":"shipping-taxable","14":"purchasable","15":"product-type-simple"},"yoast_head":"<!-- This site is optimized with the Yoast SEO Premium plugin v24.4 (Yoast SEO v27.1.1) - https:\/\/yoast.com\/product\/yoast-seo-premium-wordpress\/ -->\n<title>Metal Pembe Ta\u015fl\u0131 Rainbow Anal Plug Orta Boy - Bursa Erotik Shop<\/title>\n<meta name=\"robots\" content=\"index, follow, max-snippet:-1, max-image-preview:large, max-video-preview:-1\" \/>\n<link rel=\"canonical\" href=\"https:\/\/hobierotikshop.com.tr\/website1\/erotik-shop-urun\/metal-pembe-tasli-rainbow-anal-plug-orta-boy\/\" \/>\n<meta property=\"og:locale\" content=\"tr_TR\" \/>\n<meta property=\"og:type\" content=\"article\" \/>\n<meta property=\"og:title\" content=\"Metal Pembe Ta\u015fl\u0131 Rainbow Anal Plug Orta Boy\" \/>\n<meta property=\"og:description\" content=\"Metal Pembe Ta\u015fl\u0131 Rainbow Anal Plug Orta Boy, \u015f\u0131kl\u0131\u011f\u0131 ve fonksiyonelli\u011fi bir araya getiren m\u00fckemmel bir \u00fcr\u00fcnd\u00fcr. Hem yeni ba\u015flayanlar hem de deneyimli kullan\u0131c\u0131lar i\u00e7in ideal boyutlar\u0131yla, cinsel ke\u015fiflerinizi zenginle\u015ftirmek i\u00e7in m\u00fckemmel bir se\u00e7imdir. Hem g\u00f6rsel hem de fiziksel a\u00e7\u0131dan tatmin edici olan bu anal plug, her seviyedeki kullan\u0131c\u0131n\u0131n rahatl\u0131kla kullanabilece\u011fi bir tasar\u0131ma sahiptir.\" \/>\n<meta property=\"og:url\" content=\"https:\/\/hobierotikshop.com.tr\/website1\/erotik-shop-urun\/metal-pembe-tasli-rainbow-anal-plug-orta-boy\/\" \/>\n<meta property=\"og:site_name\" content=\"Bursa Erotik Shop\" \/>\n<meta property=\"article:modified_time\" content=\"2025-03-21T10:10:08+00:00\" \/>\n<meta property=\"og:image\" content=\"https:\/\/hobierotikshop.com.tr\/website1\/wp-content\/uploads\/2025\/03\/metal-pembe-tasli-rainbow-anal-plug-orta-boy-1810-2.jpg\" \/>\n\t<meta property=\"og:image:width\" content=\"1500\" \/>\n\t<meta property=\"og:image:height\" content=\"1500\" \/>\n\t<meta property=\"og:image:type\" content=\"image\/jpeg\" \/>\n<meta name=\"twitter:card\" content=\"summary_large_image\" \/>\n<meta name=\"twitter:site\" content=\"@shopbursa\" \/>\n<meta name=\"twitter:label1\" content=\"Fiyat\" \/>\n\t<meta name=\"twitter:data1\" content=\"&#8378;630,00 KDV DAH\u0130L\" \/>\n\t<meta name=\"twitter:label2\" content=\"Availability\" \/>\n\t<meta name=\"twitter:data2\" content=\"In stock\" \/>\n<script type=\"application\/ld+json\" class=\"yoast-schema-graph\">{\"@context\":\"https:\/\/schema.org\",\"@graph\":[{\"@type\":\"WebPage\",\"@id\":\"https:\/\/hobierotikshop.com.tr\/website1\/erotik-shop-urun\/metal-pembe-tasli-rainbow-anal-plug-orta-boy\/\",\"url\":\"https:\/\/hobierotikshop.com.tr\/website1\/erotik-shop-urun\/metal-pembe-tasli-rainbow-anal-plug-orta-boy\/\",\"name\":\"Metal Pembe Ta\u015fl\u0131 Rainbow Anal Plug Orta Boy - Bursa Erotik Shop\",\"isPartOf\":{\"@id\":\"https:\/\/hobierotikshop.com.tr\/website1\/#website\"},\"primaryImageOfPage\":{\"@id\":\"https:\/\/hobierotikshop.com.tr\/website1\/erotik-shop-urun\/metal-pembe-tasli-rainbow-anal-plug-orta-boy\/#primaryimage\"},\"image\":{\"@id\":\"https:\/\/hobierotikshop.com.tr\/website1\/erotik-shop-urun\/metal-pembe-tasli-rainbow-anal-plug-orta-boy\/#primaryimage\"},\"thumbnailUrl\":\"https:\/\/haremerotikshop.com\/site\/wp-content\/uploads\/2025\/03\/metal-pembe-tasli-rainbow-anal-plug-orta-boy-1810-2.jpg\",\"datePublished\":\"2025-03-17T09:22:05+00:00\",\"dateModified\":\"2025-03-21T10:10:08+00:00\",\"breadcrumb\":{\"@id\":\"https:\/\/hobierotikshop.com.tr\/website1\/erotik-shop-urun\/metal-pembe-tasli-rainbow-anal-plug-orta-boy\/#breadcrumb\"},\"inLanguage\":\"tr\",\"potentialAction\":[{\"@type\":\"ReadAction\",\"target\":[\"https:\/\/hobierotikshop.com.tr\/website1\/erotik-shop-urun\/metal-pembe-tasli-rainbow-anal-plug-orta-boy\/\"]}]},{\"@type\":\"ImageObject\",\"inLanguage\":\"tr\",\"@id\":\"https:\/\/hobierotikshop.com.tr\/website1\/erotik-shop-urun\/metal-pembe-tasli-rainbow-anal-plug-orta-boy\/#primaryimage\",\"url\":\"https:\/\/haremerotikshop.com\/site\/wp-content\/uploads\/2025\/03\/metal-pembe-tasli-rainbow-anal-plug-orta-boy-1810-2.jpg\",\"contentUrl\":\"https:\/\/haremerotikshop.com\/site\/wp-content\/uploads\/2025\/03\/metal-pembe-tasli-rainbow-anal-plug-orta-boy-1810-2.jpg\",\"width\":1500,\"height\":1500},{\"@type\":\"BreadcrumbList\",\"@id\":\"https:\/\/hobierotikshop.com.tr\/website1\/erotik-shop-urun\/metal-pembe-tasli-rainbow-anal-plug-orta-boy\/#breadcrumb\",\"itemListElement\":[{\"@type\":\"ListItem\",\"position\":1,\"name\":\"Anasayfa\",\"item\":\"https:\/\/hobierotikshop.com.tr\/website1\/\"},{\"@type\":\"ListItem\",\"position\":2,\"name\":\"Erotik Shop \u00dcr\u00fcnleri\",\"item\":\"https:\/\/hobierotikshop.com.tr\/website1\/shop\/\"},{\"@type\":\"ListItem\",\"position\":3,\"name\":\"Metal Pembe Ta\u015fl\u0131 Rainbow Anal Plug Orta Boy\"}]},{\"@type\":\"WebSite\",\"@id\":\"https:\/\/hobierotikshop.com.tr\/website1\/#website\",\"url\":\"https:\/\/hobierotikshop.com.tr\/website1\/\",\"name\":\"Bursa Erotik Shop\",\"description\":\"Bursa Erotik Shop ile g\u00fcvenli, gizli ve kaliteli yeti\u015fkin \u00fcr\u00fcnleri al\u0131\u015fveri\u015fi! Geni\u015f \u00fcr\u00fcn yelpazemizi ke\u015ffedin, hemen sipari\u015f verin\",\"publisher\":{\"@id\":\"https:\/\/hobierotikshop.com.tr\/website1\/#organization\"},\"alternateName\":\"Erotik Shop\",\"potentialAction\":[{\"@type\":\"SearchAction\",\"target\":{\"@type\":\"EntryPoint\",\"urlTemplate\":\"https:\/\/hobierotikshop.com.tr\/website1\/?s={search_term_string}\"},\"query-input\":{\"@type\":\"PropertyValueSpecification\",\"valueRequired\":true,\"valueName\":\"search_term_string\"}}],\"inLanguage\":\"tr\"},{\"@type\":\"Organization\",\"@id\":\"https:\/\/hobierotikshop.com.tr\/website1\/#organization\",\"name\":\"Harem Bursa Erotik Shop\",\"url\":\"https:\/\/hobierotikshop.com.tr\/website1\/\",\"logo\":{\"@type\":\"ImageObject\",\"inLanguage\":\"tr\",\"@id\":\"https:\/\/hobierotikshop.com.tr\/website1\/#\/schema\/logo\/image\/\",\"url\":\"https:\/\/haremerotikshop.com\/wp-content\/uploads\/2025\/03\/haremsexshop.png\",\"contentUrl\":\"https:\/\/haremerotikshop.com\/wp-content\/uploads\/2025\/03\/haremsexshop.png\",\"width\":400,\"height\":100,\"caption\":\"Harem Bursa Erotik Shop\"},\"image\":{\"@id\":\"https:\/\/hobierotikshop.com.tr\/website1\/#\/schema\/logo\/image\/\"},\"sameAs\":[\"https:\/\/x.com\/shopbursa\"],\"publishingPrinciples\":\"https:\/\/hobierotikshop.com.tr\/website1\/mesafeli-satis-sozlesmesi\/\",\"ownershipFundingInfo\":\"https:\/\/hobierotikshop.com.tr\/website1\/contact-us\/\",\"actionableFeedbackPolicy\":\"https:\/\/hobierotikshop.com.tr\/website1\/contact-us\/\",\"correctionsPolicy\":\"https:\/\/hobierotikshop.com.tr\/website1\/mesafeli-satis-sozlesmesi\/\"}]}<\/script>\n<meta property=\"product:brand\" content=\"Pembe Tilki\" \/>\n<meta property=\"product:price:amount\" content=\"630.00\" \/>\n<meta property=\"product:price:currency\" content=\"TRY\" \/>\n<meta property=\"og:availability\" content=\"instock\" \/>\n<meta property=\"product:availability\" content=\"instock\" \/>\n<meta property=\"product:retailer_item_id\" content=\"PT-ANXM018MRWPNK\" \/>\n<meta property=\"product:condition\" content=\"new\" \/>\n<!-- \/ Yoast SEO Premium plugin. -->","yoast_head_json":{"title":"Metal Pembe Ta\u015fl\u0131 Rainbow Anal Plug Orta Boy - Bursa Erotik Shop","robots":{"index":"index","follow":"follow","max-snippet":"max-snippet:-1","max-image-preview":"max-image-preview:large","max-video-preview":"max-video-preview:-1"},"canonical":"https:\/\/hobierotikshop.com.tr\/website1\/erotik-shop-urun\/metal-pembe-tasli-rainbow-anal-plug-orta-boy\/","og_locale":"tr_TR","og_type":"article","og_title":"Metal Pembe Ta\u015fl\u0131 Rainbow Anal Plug Orta Boy","og_description":"Metal Pembe Ta\u015fl\u0131 Rainbow Anal Plug Orta Boy, \u015f\u0131kl\u0131\u011f\u0131 ve fonksiyonelli\u011fi bir araya getiren m\u00fckemmel bir \u00fcr\u00fcnd\u00fcr. Hem yeni ba\u015flayanlar hem de deneyimli kullan\u0131c\u0131lar i\u00e7in ideal boyutlar\u0131yla, cinsel ke\u015fiflerinizi zenginle\u015ftirmek i\u00e7in m\u00fckemmel bir se\u00e7imdir. Hem g\u00f6rsel hem de fiziksel a\u00e7\u0131dan tatmin edici olan bu anal plug, her seviyedeki kullan\u0131c\u0131n\u0131n rahatl\u0131kla kullanabilece\u011fi bir tasar\u0131ma sahiptir.","og_url":"https:\/\/hobierotikshop.com.tr\/website1\/erotik-shop-urun\/metal-pembe-tasli-rainbow-anal-plug-orta-boy\/","og_site_name":"Bursa Erotik Shop","article_modified_time":"2025-03-21T10:10:08+00:00","og_image":[{"width":1500,"height":1500,"url":"https:\/\/hobierotikshop.com.tr\/website1\/wp-content\/uploads\/2025\/03\/metal-pembe-tasli-rainbow-anal-plug-orta-boy-1810-2.jpg","type":"image\/jpeg"}],"twitter_card":"summary_large_image","twitter_site":"@shopbursa","twitter_misc":{"Fiyat":"&#8378;630,00 KDV DAH\u0130L","Availability":"In stock"},"schema":{"@context":"https:\/\/schema.org","@graph":[{"@type":"WebPage","@id":"https:\/\/hobierotikshop.com.tr\/website1\/erotik-shop-urun\/metal-pembe-tasli-rainbow-anal-plug-orta-boy\/","url":"https:\/\/hobierotikshop.com.tr\/website1\/erotik-shop-urun\/metal-pembe-tasli-rainbow-anal-plug-orta-boy\/","name":"Metal Pembe Ta\u015fl\u0131 Rainbow Anal Plug Orta Boy - Bursa Erotik Shop","isPartOf":{"@id":"https:\/\/hobierotikshop.com.tr\/website1\/#website"},"primaryImageOfPage":{"@id":"https:\/\/hobierotikshop.com.tr\/website1\/erotik-shop-urun\/metal-pembe-tasli-rainbow-anal-plug-orta-boy\/#primaryimage"},"image":{"@id":"https:\/\/hobierotikshop.com.tr\/website1\/erotik-shop-urun\/metal-pembe-tasli-rainbow-anal-plug-orta-boy\/#primaryimage"},"thumbnailUrl":"https:\/\/haremerotikshop.com\/site\/wp-content\/uploads\/2025\/03\/metal-pembe-tasli-rainbow-anal-plug-orta-boy-1810-2.jpg","datePublished":"2025-03-17T09:22:05+00:00","dateModified":"2025-03-21T10:10:08+00:00","breadcrumb":{"@id":"https:\/\/hobierotikshop.com.tr\/website1\/erotik-shop-urun\/metal-pembe-tasli-rainbow-anal-plug-orta-boy\/#breadcrumb"},"inLanguage":"tr","potentialAction":[{"@type":"ReadAction","target":["https:\/\/hobierotikshop.com.tr\/website1\/erotik-shop-urun\/metal-pembe-tasli-rainbow-anal-plug-orta-boy\/"]}]},{"@type":"ImageObject","inLanguage":"tr","@id":"https:\/\/hobierotikshop.com.tr\/website1\/erotik-shop-urun\/metal-pembe-tasli-rainbow-anal-plug-orta-boy\/#primaryimage","url":"https:\/\/haremerotikshop.com\/site\/wp-content\/uploads\/2025\/03\/metal-pembe-tasli-rainbow-anal-plug-orta-boy-1810-2.jpg","contentUrl":"https:\/\/haremerotikshop.com\/site\/wp-content\/uploads\/2025\/03\/metal-pembe-tasli-rainbow-anal-plug-orta-boy-1810-2.jpg","width":1500,"height":1500},{"@type":"BreadcrumbList","@id":"https:\/\/hobierotikshop.com.tr\/website1\/erotik-shop-urun\/metal-pembe-tasli-rainbow-anal-plug-orta-boy\/#breadcrumb","itemListElement":[{"@type":"ListItem","position":1,"name":"Anasayfa","item":"https:\/\/hobierotikshop.com.tr\/website1\/"},{"@type":"ListItem","position":2,"name":"Erotik Shop \u00dcr\u00fcnleri","item":"https:\/\/hobierotikshop.com.tr\/website1\/shop\/"},{"@type":"ListItem","position":3,"name":"Metal Pembe Ta\u015fl\u0131 Rainbow Anal Plug Orta Boy"}]},{"@type":"WebSite","@id":"https:\/\/hobierotikshop.com.tr\/website1\/#website","url":"https:\/\/hobierotikshop.com.tr\/website1\/","name":"Bursa Erotik Shop","description":"Bursa Erotik Shop ile g\u00fcvenli, gizli ve kaliteli yeti\u015fkin \u00fcr\u00fcnleri al\u0131\u015fveri\u015fi! Geni\u015f \u00fcr\u00fcn yelpazemizi ke\u015ffedin, hemen sipari\u015f verin","publisher":{"@id":"https:\/\/hobierotikshop.com.tr\/website1\/#organization"},"alternateName":"Erotik Shop","potentialAction":[{"@type":"SearchAction","target":{"@type":"EntryPoint","urlTemplate":"https:\/\/hobierotikshop.com.tr\/website1\/?s={search_term_string}"},"query-input":{"@type":"PropertyValueSpecification","valueRequired":true,"valueName":"search_term_string"}}],"inLanguage":"tr"},{"@type":"Organization","@id":"https:\/\/hobierotikshop.com.tr\/website1\/#organization","name":"Harem Bursa Erotik Shop","url":"https:\/\/hobierotikshop.com.tr\/website1\/","logo":{"@type":"ImageObject","inLanguage":"tr","@id":"https:\/\/hobierotikshop.com.tr\/website1\/#\/schema\/logo\/image\/","url":"https:\/\/haremerotikshop.com\/wp-content\/uploads\/2025\/03\/haremsexshop.png","contentUrl":"https:\/\/haremerotikshop.com\/wp-content\/uploads\/2025\/03\/haremsexshop.png","width":400,"height":100,"caption":"Harem Bursa Erotik Shop"},"image":{"@id":"https:\/\/hobierotikshop.com.tr\/website1\/#\/schema\/logo\/image\/"},"sameAs":["https:\/\/x.com\/shopbursa"],"publishingPrinciples":"https:\/\/hobierotikshop.com.tr\/website1\/mesafeli-satis-sozlesmesi\/","ownershipFundingInfo":"https:\/\/hobierotikshop.com.tr\/website1\/contact-us\/","actionableFeedbackPolicy":"https:\/\/hobierotikshop.com.tr\/website1\/contact-us\/","correctionsPolicy":"https:\/\/hobierotikshop.com.tr\/website1\/mesafeli-satis-sozlesmesi\/"}]},"product_brand":"Pembe Tilki","product_price_amount":"630.00","product_price_currency":"TRY","og_availability":"instock","product_availability":"instock","product_retailer_item_id":"PT-ANXM018MRWPNK","product_condition":"new"},"_links":{"self":[{"href":"https:\/\/haremerotikshop.com\/site\/wp-json\/wp\/v2\/product\/18720","targetHints":{"allow":["GET"]}}],"collection":[{"href":"https:\/\/haremerotikshop.com\/site\/wp-json\/wp\/v2\/product"}],"about":[{"href":"https:\/\/haremerotikshop.com\/site\/wp-json\/wp\/v2\/types\/product"}],"replies":[{"embeddable":true,"href":"https:\/\/haremerotikshop.com\/site\/wp-json\/wp\/v2\/comments?post=18720"}],"version-history":[{"count":0,"href":"https:\/\/haremerotikshop.com\/site\/wp-json\/wp\/v2\/product\/18720\/revisions"}],"wp:featuredmedia":[{"embeddable":true,"href":"https:\/\/haremerotikshop.com\/site\/wp-json\/wp\/v2\/media\/18798"}],"wp:attachment":[{"href":"https:\/\/haremerotikshop.com\/site\/wp-json\/wp\/v2\/media?parent=18720"}],"wp:term":[{"taxonomy":"product_brand","embeddable":true,"href":"https:\/\/haremerotikshop.com\/site\/wp-json\/wp\/v2\/product_brand?post=18720"},{"taxonomy":"product_cat","embeddable":true,"href":"https:\/\/haremerotikshop.com\/site\/wp-json\/wp\/v2\/product_cat?post=18720"},{"taxonomy":"product_tag","embeddable":true,"href":"https:\/\/haremerotikshop.com\/site\/wp-json\/wp\/v2\/product_tag?post=18720"}],"curies":[{"name":"wp","href":"https:\/\/api.w.org\/{rel}","templated":true}]}}