{"id":18721,"date":"2025-03-17T12:22:06","date_gmt":"2025-03-17T09:22:06","guid":{"rendered":"https:\/\/haremerotikshop.com\/site\/?post_type=product&#038;p=18721"},"modified":"2025-03-21T12:54:14","modified_gmt":"2025-03-21T09:54:14","slug":"metal-mavi-tasli-rainbow-anal-plug-orta-boy","status":"publish","type":"product","link":"https:\/\/haremerotikshop.com\/site\/erotik-shop-urun\/metal-mavi-tasli-rainbow-anal-plug-orta-boy\/","title":{"rendered":"Metal Mavi Ta\u015fl\u0131 Rainbow Anal Plug Orta Boy"},"content":{"rendered":"<h3 data-start=\"0\" data-end=\"102\">Metal Mavi Ta\u015fl\u0131 Rainbow Anal Plug Orta Boy: Estetik ve Uyar\u0131c\u0131 Cinsel Deneyimler \u0130\u00e7in \u0130deal Se\u00e7im<\/h3>\n<p data-start=\"104\" data-end=\"526\"><strong data-start=\"104\" data-end=\"151\">Metal Mavi Ta\u015fl\u0131 Rainbow Anal Plug Orta Boy<\/strong>, hem yeni ba\u015flayanlar hem de deneyimli kullan\u0131c\u0131lar i\u00e7in m\u00fckemmel bir se\u00e7imdir. Zarif ve \u00e7ekici tasar\u0131m\u0131yla dikkat \u00e7eken bu anal plug, cinsel ke\u015fiflerinize estetik bir dokunu\u015f katarken ayn\u0131 zamanda rahatl\u0131k ve g\u00fcvenli bir kullan\u0131m sunar. Y\u00fcksek kaliteli metal malzeme ile \u00fcretilmi\u015f bu \u00fcr\u00fcn, dayan\u0131kl\u0131l\u0131\u011f\u0131 ve \u015f\u0131k g\u00f6r\u00fcn\u00fcm\u00fc ile en \u00f6zel deneyimleriniz i\u00e7in ideal bir se\u00e7enektir.<\/p>\n<h3 data-start=\"528\" data-end=\"549\">\u00dcr\u00fcn \u00d6zellikleri:<\/h3>\n<ul data-start=\"551\" data-end=\"1690\">\n<li data-start=\"551\" data-end=\"821\">\n<p data-start=\"553\" data-end=\"821\"><strong data-start=\"553\" data-end=\"565\">Boyutlar<\/strong><br data-start=\"565\" data-end=\"568\" \/>3,4 cm \u00e7ap ve 8 cm uzunlu\u011fundaki <strong data-start=\"601\" data-end=\"639\">Metal Mavi Ta\u015fl\u0131 Rainbow Anal Plug<\/strong>, orta boyutuyla her seviyedeki kullan\u0131c\u0131 i\u00e7in uygundur. Yeni ba\u015flayanlar i\u00e7in rahat ve g\u00fcvenli bir kullan\u0131m sunarken, deneyimli kullan\u0131c\u0131lar i\u00e7in de tatmin edici bir deneyim sa\u011flar.<\/p>\n<\/li>\n<li data-start=\"823\" data-end=\"986\">\n<p data-start=\"825\" data-end=\"986\"><strong data-start=\"825\" data-end=\"836\">A\u011f\u0131rl\u0131k<\/strong><br data-start=\"836\" data-end=\"839\" \/><strong data-start=\"839\" data-end=\"862\">91 graml\u0131k a\u011f\u0131rl\u0131\u011f\u0131<\/strong>, kullan\u0131m s\u0131ras\u0131nda ho\u015f bir <strong data-start=\"891\" data-end=\"908\">a\u011f\u0131rl\u0131k hissi<\/strong> yarat\u0131r. Bu ekstra a\u011f\u0131rl\u0131k, anal uyar\u0131m\u0131 art\u0131rarak daha derin bir haz sa\u011flar.<\/p>\n<\/li>\n<li data-start=\"988\" data-end=\"1243\">\n<p data-start=\"990\" data-end=\"1243\"><strong data-start=\"990\" data-end=\"1023\">Y\u00fcksek Kaliteli Metal Malzeme<\/strong><br data-start=\"1023\" data-end=\"1026\" \/>Dayan\u0131kl\u0131 ve p\u00fcr\u00fczs\u00fcz y\u00fczeyi ile tan\u0131nan metal malzeme, \u0131s\u0131t\u0131larak veya so\u011futularak farkl\u0131 <strong data-start=\"1117\" data-end=\"1139\">duyusal deneyimler<\/strong> sunar. Cinsel oyunlar s\u0131ras\u0131nda s\u0131cakl\u0131k de\u011fi\u015fimlerini ke\u015ffetmek, heyecan verici bir se\u00e7enek olu\u015fturur.<\/p>\n<\/li>\n<li data-start=\"1245\" data-end=\"1480\">\n<p data-start=\"1247\" data-end=\"1480\"><strong data-start=\"1247\" data-end=\"1266\">Estetik Tasar\u0131m<\/strong><br data-start=\"1266\" data-end=\"1269\" \/>\u015e\u0131k <strong data-start=\"1273\" data-end=\"1301\">rainbow renk ge\u00e7i\u015flerine<\/strong> sahip olan anal plug, arka k\u0131sm\u0131nda <strong data-start=\"1338\" data-end=\"1360\">g\u00f6z al\u0131c\u0131 mavi ta\u015f<\/strong> detay\u0131 ile s\u00fcslenmi\u015ftir. Bu estetik detay, \u00fcr\u00fcn\u00fcn sadece fiziksel de\u011fil, g\u00f6rsel olarak da tatmin edici olmas\u0131n\u0131 sa\u011flar.<\/p>\n<\/li>\n<li data-start=\"1482\" data-end=\"1690\">\n<p data-start=\"1484\" data-end=\"1690\"><strong data-start=\"1484\" data-end=\"1502\">Ergonomik Yap\u0131<\/strong><br data-start=\"1502\" data-end=\"1505\" \/>Ergonomik tasar\u0131m, <strong data-start=\"1524\" data-end=\"1548\">v\u00fccuda m\u00fckemmel uyum<\/strong> sa\u011flar ve rahat kullan\u0131m sunar. Ayr\u0131ca geni\u015f taban\u0131, g\u00fcvenli\u011fi art\u0131rarak kaymay\u0131 engeller, b\u00f6ylece g\u00fcvenli bir kullan\u0131m deneyimi elde edilir.<\/p>\n<\/li>\n<\/ul>\n<h3 data-start=\"1692\" data-end=\"1717\">Kullan\u0131m ve Temizlik:<\/h3>\n<p data-start=\"1719\" data-end=\"2128\"><strong data-start=\"1719\" data-end=\"1766\">Metal Mavi Ta\u015fl\u0131 Rainbow Anal Plug Orta Boy<\/strong>, hem solo oyunlar hem de partnerle yap\u0131lan oyunlar i\u00e7in idealdir. Cinsel deneyimlerinizi zenginle\u015ftiren bu \u00fcr\u00fcn, ayn\u0131 zamanda <strong data-start=\"1893\" data-end=\"1928\">temizlemesi son derece kolayd\u0131r<\/strong>. Kullan\u0131m \u00f6ncesi ve sonras\u0131nda \u0131l\u0131k su ve sabunla temizleyebilir veya uygun bir oyuncak temizleyicisi kullanabilirsiniz. Metal y\u00fczeyinin p\u00fcr\u00fczs\u00fcz yap\u0131s\u0131, hijyen a\u00e7\u0131s\u0131ndan da b\u00fcy\u00fck bir avantaj sa\u011flar.<\/p>\n<h3 data-start=\"2130\" data-end=\"2152\">Kullan\u0131m Alanlar\u0131:<\/h3>\n<ul data-start=\"2154\" data-end=\"2595\">\n<li data-start=\"2154\" data-end=\"2306\">\n<p data-start=\"2156\" data-end=\"2306\"><strong data-start=\"2156\" data-end=\"2173\">Solo Ke\u015fifler<\/strong>: Bu anal plug, solo cinsel ke\u015fiflerinizi daha tatmin edici hale getirecek ve <strong data-start=\"2251\" data-end=\"2280\">farkl\u0131 duyusal deneyimler<\/strong> ya\u015faman\u0131z\u0131 sa\u011flayacakt\u0131r.<\/p>\n<\/li>\n<li data-start=\"2310\" data-end=\"2429\">\n<p data-start=\"2312\" data-end=\"2429\"><strong data-start=\"2312\" data-end=\"2333\">Partnerle Oyunlar<\/strong>: Partnerinizle birlikte kullanarak, <strong data-start=\"2370\" data-end=\"2398\">zevkli ve heyecan verici<\/strong> deneyimler elde edebilirsiniz.<\/p>\n<\/li>\n<li data-start=\"2431\" data-end=\"2595\">\n<p data-start=\"2433\" data-end=\"2595\"><strong data-start=\"2433\" data-end=\"2459\">Estetik ve G\u00f6rsel Zevk<\/strong>: \u015e\u0131k rainbow renkleri ve mavi ta\u015f detay\u0131, g\u00f6rsel olarak tatmin edici bir deneyim sunar, koleksiyonunuzda benzersiz bir par\u00e7a olacakt\u0131r.<\/p>\n<\/li>\n<\/ul>\n<h3 data-start=\"2597\" data-end=\"2620\">G\u00fcvenlik ve Kalite:<\/h3>\n<p data-start=\"2622\" data-end=\"2918\"><strong data-start=\"2622\" data-end=\"2660\">Metal Mavi Ta\u015fl\u0131 Rainbow Anal Plug<\/strong>, <strong data-start=\"2662\" data-end=\"2692\">y\u00fcksek kaliteli malzemeler<\/strong> ile \u00fcretilmi\u015ftir ve <strong data-start=\"2713\" data-end=\"2730\">dayan\u0131kl\u0131l\u0131\u011f\u0131<\/strong> ile bilinir. Her kullan\u0131c\u0131 i\u00e7in g\u00fcvenli ve tatmin edici bir deneyim sa\u011flayacak \u015fekilde tasarlanm\u0131\u015ft\u0131r. Ayr\u0131ca <strong data-start=\"2841\" data-end=\"2865\">kolay temizlenebilir<\/strong> yap\u0131s\u0131, hijyen a\u00e7\u0131s\u0131ndan g\u00fcvenli bir kullan\u0131m sunar.<\/p>\n<h3 data-start=\"2920\" data-end=\"2974\">Neden Metal Mavi Ta\u015fl\u0131 Rainbow Anal Plug Orta Boy?<\/h3>\n<ul data-start=\"2976\" data-end=\"3456\">\n<li data-start=\"2976\" data-end=\"3140\">\n<p data-start=\"2978\" data-end=\"3140\"><strong data-start=\"2978\" data-end=\"3014\">Estetik Tasar\u0131m ve G\u00f6rsel Tatmin<\/strong>: Zarif rainbow renk ge\u00e7i\u015fleri ve \u015f\u0131k mavi ta\u015f detay\u0131, sadece fiziksel de\u011fil, g\u00f6rsel olarak da tatmin edici bir deneyim sunar.<\/p>\n<\/li>\n<li data-start=\"3144\" data-end=\"3261\">\n<p data-start=\"3146\" data-end=\"3261\"><strong data-start=\"3146\" data-end=\"3173\">Farkl\u0131 Duyusal Ke\u015fifler<\/strong>: Is\u0131tma ve so\u011futma se\u00e7enekleri ile farkl\u0131 duyusal deneyimler ke\u015ffetmenize olanak tan\u0131r.<\/p>\n<\/li>\n<li data-start=\"3263\" data-end=\"3366\">\n<p data-start=\"3265\" data-end=\"3366\"><strong data-start=\"3265\" data-end=\"3295\">Ergonomik Yap\u0131 ve G\u00fcvenlik<\/strong>: Geni\u015f taban\u0131 ve ergonomik tasar\u0131m\u0131 sayesinde g\u00fcvenli kullan\u0131m sa\u011flar.<\/p>\n<\/li>\n<li data-start=\"3368\" data-end=\"3456\">\n<p data-start=\"3370\" data-end=\"3456\"><strong data-start=\"3370\" data-end=\"3388\">Kolay Temizlik<\/strong>: P\u00fcr\u00fczs\u00fcz metal y\u00fczey sayesinde hijyen a\u00e7\u0131s\u0131ndan kolay bak\u0131m sunar.<\/p>\n<\/li>\n<\/ul>\n<h3 data-start=\"3458\" data-end=\"3468\">Sonu\u00e7:<\/h3>\n<p data-start=\"3470\" data-end=\"3847\" data-is-last-node=\"\" data-is-only-node=\"\"><strong data-start=\"3470\" data-end=\"3517\">Metal Mavi Ta\u015fl\u0131 Rainbow Anal Plug Orta Boy<\/strong>, estetik, konfor ve g\u00fcvenli\u011fi bir arada sunar. Hem g\u00f6rsel hem de fiziksel olarak tatmin edici olan bu \u00fcr\u00fcn, cinsel ke\u015fiflerinizi daha zengin ve heyecan verici hale getirecek m\u00fckemmel bir aksesuard\u0131r. Hem yeni ba\u015flayanlar hem de deneyimli kullan\u0131c\u0131lar i\u00e7in ideal olan bu anal plug, koleksiyonunuzun vazge\u00e7ilmez bir par\u00e7as\u0131 olacak!<\/p>\n","protected":false},"excerpt":{"rendered":"<p><strong data-start=\"104\" data-end=\"151\">Metal Mavi Ta\u015fl\u0131 Rainbow Anal Plug Orta Boy<\/strong>, hem yeni ba\u015flayanlar hem de deneyimli kullan\u0131c\u0131lar i\u00e7in m\u00fckemmel bir se\u00e7imdir. Zarif ve \u00e7ekici tasar\u0131m\u0131yla dikkat \u00e7eken bu anal plug, cinsel ke\u015fiflerinize estetik bir dokunu\u015f katarken ayn\u0131 zamanda rahatl\u0131k ve g\u00fcvenli bir kullan\u0131m sunar. Y\u00fcksek kaliteli metal malzeme ile \u00fcretilmi\u015f bu \u00fcr\u00fcn, dayan\u0131kl\u0131l\u0131\u011f\u0131 ve \u015f\u0131k g\u00f6r\u00fcn\u00fcm\u00fc ile en \u00f6zel deneyimleriniz i\u00e7in ideal bir se\u00e7enektir.<\/p>\n","protected":false},"featured_media":18800,"comment_status":"open","ping_status":"closed","template":"","meta":[],"product_brand":[127],"product_cat":[89],"product_tag":[199],"class_list":{"0":"post-18721","1":"product","2":"type-product","3":"status-publish","4":"has-post-thumbnail","6":"product_brand-pembe-tilki","7":"product_cat-anal-plug","8":"product_tag-metal-mavi-tasli-rainbow-anal-plug-kucuk-boy","10":"first","11":"instock","12":"taxable","13":"shipping-taxable","14":"purchasable","15":"product-type-simple"},"yoast_head":"<!-- This site is optimized with the Yoast SEO Premium plugin v24.4 (Yoast SEO v27.1.1) - https:\/\/yoast.com\/product\/yoast-seo-premium-wordpress\/ -->\n<title>Metal Mavi Ta\u015fl\u0131 Rainbow Anal Plug Orta Boy - Bursa Erotik Shop<\/title>\n<meta name=\"robots\" content=\"index, follow, max-snippet:-1, max-image-preview:large, max-video-preview:-1\" \/>\n<link rel=\"canonical\" href=\"https:\/\/hobierotikshop.com.tr\/website1\/erotik-shop-urun\/metal-mavi-tasli-rainbow-anal-plug-orta-boy\/\" \/>\n<meta property=\"og:locale\" content=\"tr_TR\" \/>\n<meta property=\"og:type\" content=\"article\" \/>\n<meta property=\"og:title\" content=\"Metal Mavi Ta\u015fl\u0131 Rainbow Anal Plug Orta Boy\" \/>\n<meta property=\"og:description\" content=\"Metal Mavi Ta\u015fl\u0131 Rainbow Anal Plug Orta Boy, hem yeni ba\u015flayanlar hem de deneyimli kullan\u0131c\u0131lar i\u00e7in m\u00fckemmel bir se\u00e7imdir. Zarif ve \u00e7ekici tasar\u0131m\u0131yla dikkat \u00e7eken bu anal plug, cinsel ke\u015fiflerinize estetik bir dokunu\u015f katarken ayn\u0131 zamanda rahatl\u0131k ve g\u00fcvenli bir kullan\u0131m sunar. Y\u00fcksek kaliteli metal malzeme ile \u00fcretilmi\u015f bu \u00fcr\u00fcn, dayan\u0131kl\u0131l\u0131\u011f\u0131 ve \u015f\u0131k g\u00f6r\u00fcn\u00fcm\u00fc ile en \u00f6zel deneyimleriniz i\u00e7in ideal bir se\u00e7enektir.\" \/>\n<meta property=\"og:url\" content=\"https:\/\/hobierotikshop.com.tr\/website1\/erotik-shop-urun\/metal-mavi-tasli-rainbow-anal-plug-orta-boy\/\" \/>\n<meta property=\"og:site_name\" content=\"Bursa Erotik Shop\" \/>\n<meta property=\"article:modified_time\" content=\"2025-03-21T09:54:14+00:00\" \/>\n<meta property=\"og:image\" content=\"https:\/\/hobierotikshop.com.tr\/website1\/wp-content\/uploads\/2025\/03\/metal-mavi-tasli-rainbow-anal-plug-orta-boy-1811-2.jpg\" \/>\n\t<meta property=\"og:image:width\" content=\"1500\" \/>\n\t<meta property=\"og:image:height\" content=\"1500\" \/>\n\t<meta property=\"og:image:type\" content=\"image\/jpeg\" \/>\n<meta name=\"twitter:card\" content=\"summary_large_image\" \/>\n<meta name=\"twitter:site\" content=\"@shopbursa\" \/>\n<meta name=\"twitter:label1\" content=\"Fiyat\" \/>\n\t<meta name=\"twitter:data1\" content=\"&#8378;630,00 KDV DAH\u0130L\" \/>\n\t<meta name=\"twitter:label2\" content=\"Availability\" \/>\n\t<meta name=\"twitter:data2\" content=\"In stock\" \/>\n<script type=\"application\/ld+json\" class=\"yoast-schema-graph\">{\"@context\":\"https:\/\/schema.org\",\"@graph\":[{\"@type\":\"WebPage\",\"@id\":\"https:\/\/hobierotikshop.com.tr\/website1\/erotik-shop-urun\/metal-mavi-tasli-rainbow-anal-plug-orta-boy\/\",\"url\":\"https:\/\/hobierotikshop.com.tr\/website1\/erotik-shop-urun\/metal-mavi-tasli-rainbow-anal-plug-orta-boy\/\",\"name\":\"Metal Mavi Ta\u015fl\u0131 Rainbow Anal Plug Orta Boy - Bursa Erotik Shop\",\"isPartOf\":{\"@id\":\"https:\/\/hobierotikshop.com.tr\/website1\/#website\"},\"primaryImageOfPage\":{\"@id\":\"https:\/\/hobierotikshop.com.tr\/website1\/erotik-shop-urun\/metal-mavi-tasli-rainbow-anal-plug-orta-boy\/#primaryimage\"},\"image\":{\"@id\":\"https:\/\/hobierotikshop.com.tr\/website1\/erotik-shop-urun\/metal-mavi-tasli-rainbow-anal-plug-orta-boy\/#primaryimage\"},\"thumbnailUrl\":\"https:\/\/haremerotikshop.com\/site\/wp-content\/uploads\/2025\/03\/metal-mavi-tasli-rainbow-anal-plug-orta-boy-1811-2.jpg\",\"datePublished\":\"2025-03-17T09:22:06+00:00\",\"dateModified\":\"2025-03-21T09:54:14+00:00\",\"breadcrumb\":{\"@id\":\"https:\/\/hobierotikshop.com.tr\/website1\/erotik-shop-urun\/metal-mavi-tasli-rainbow-anal-plug-orta-boy\/#breadcrumb\"},\"inLanguage\":\"tr\",\"potentialAction\":[{\"@type\":\"ReadAction\",\"target\":[\"https:\/\/hobierotikshop.com.tr\/website1\/erotik-shop-urun\/metal-mavi-tasli-rainbow-anal-plug-orta-boy\/\"]}]},{\"@type\":\"ImageObject\",\"inLanguage\":\"tr\",\"@id\":\"https:\/\/hobierotikshop.com.tr\/website1\/erotik-shop-urun\/metal-mavi-tasli-rainbow-anal-plug-orta-boy\/#primaryimage\",\"url\":\"https:\/\/haremerotikshop.com\/site\/wp-content\/uploads\/2025\/03\/metal-mavi-tasli-rainbow-anal-plug-orta-boy-1811-2.jpg\",\"contentUrl\":\"https:\/\/haremerotikshop.com\/site\/wp-content\/uploads\/2025\/03\/metal-mavi-tasli-rainbow-anal-plug-orta-boy-1811-2.jpg\",\"width\":1500,\"height\":1500},{\"@type\":\"BreadcrumbList\",\"@id\":\"https:\/\/hobierotikshop.com.tr\/website1\/erotik-shop-urun\/metal-mavi-tasli-rainbow-anal-plug-orta-boy\/#breadcrumb\",\"itemListElement\":[{\"@type\":\"ListItem\",\"position\":1,\"name\":\"Anasayfa\",\"item\":\"https:\/\/hobierotikshop.com.tr\/website1\/\"},{\"@type\":\"ListItem\",\"position\":2,\"name\":\"Erotik Shop \u00dcr\u00fcnleri\",\"item\":\"https:\/\/hobierotikshop.com.tr\/website1\/shop\/\"},{\"@type\":\"ListItem\",\"position\":3,\"name\":\"Metal Mavi Ta\u015fl\u0131 Rainbow Anal Plug Orta Boy\"}]},{\"@type\":\"WebSite\",\"@id\":\"https:\/\/hobierotikshop.com.tr\/website1\/#website\",\"url\":\"https:\/\/hobierotikshop.com.tr\/website1\/\",\"name\":\"Bursa Erotik Shop\",\"description\":\"Bursa Erotik Shop ile g\u00fcvenli, gizli ve kaliteli yeti\u015fkin \u00fcr\u00fcnleri al\u0131\u015fveri\u015fi! Geni\u015f \u00fcr\u00fcn yelpazemizi ke\u015ffedin, hemen sipari\u015f verin\",\"publisher\":{\"@id\":\"https:\/\/hobierotikshop.com.tr\/website1\/#organization\"},\"alternateName\":\"Erotik Shop\",\"potentialAction\":[{\"@type\":\"SearchAction\",\"target\":{\"@type\":\"EntryPoint\",\"urlTemplate\":\"https:\/\/hobierotikshop.com.tr\/website1\/?s={search_term_string}\"},\"query-input\":{\"@type\":\"PropertyValueSpecification\",\"valueRequired\":true,\"valueName\":\"search_term_string\"}}],\"inLanguage\":\"tr\"},{\"@type\":\"Organization\",\"@id\":\"https:\/\/hobierotikshop.com.tr\/website1\/#organization\",\"name\":\"Harem Bursa Erotik Shop\",\"url\":\"https:\/\/hobierotikshop.com.tr\/website1\/\",\"logo\":{\"@type\":\"ImageObject\",\"inLanguage\":\"tr\",\"@id\":\"https:\/\/hobierotikshop.com.tr\/website1\/#\/schema\/logo\/image\/\",\"url\":\"https:\/\/haremerotikshop.com\/site\/wp-content\/uploads\/2025\/03\/haremsexshop.png\",\"contentUrl\":\"https:\/\/haremerotikshop.com\/site\/wp-content\/uploads\/2025\/03\/haremsexshop.png\",\"width\":400,\"height\":100,\"caption\":\"Harem Bursa Erotik Shop\"},\"image\":{\"@id\":\"https:\/\/hobierotikshop.com.tr\/website1\/#\/schema\/logo\/image\/\"},\"sameAs\":[\"https:\/\/x.com\/shopbursa\"],\"publishingPrinciples\":\"https:\/\/hobierotikshop.com.tr\/website1\/mesafeli-satis-sozlesmesi\/\",\"ownershipFundingInfo\":\"https:\/\/hobierotikshop.com.tr\/website1\/contact-us\/\",\"actionableFeedbackPolicy\":\"https:\/\/hobierotikshop.com.tr\/website1\/contact-us\/\",\"correctionsPolicy\":\"https:\/\/hobierotikshop.com.tr\/website1\/mesafeli-satis-sozlesmesi\/\"}]}<\/script>\n<meta property=\"product:brand\" content=\"Pembe Tilki\" \/>\n<meta property=\"product:price:amount\" content=\"630.00\" \/>\n<meta property=\"product:price:currency\" content=\"TRY\" \/>\n<meta property=\"og:availability\" content=\"instock\" \/>\n<meta property=\"product:availability\" content=\"instock\" \/>\n<meta property=\"product:retailer_item_id\" content=\"PT-ANXM018MRWMV\" \/>\n<meta property=\"product:condition\" content=\"new\" \/>\n<!-- \/ Yoast SEO Premium plugin. -->","yoast_head_json":{"title":"Metal Mavi Ta\u015fl\u0131 Rainbow Anal Plug Orta Boy - Bursa Erotik Shop","robots":{"index":"index","follow":"follow","max-snippet":"max-snippet:-1","max-image-preview":"max-image-preview:large","max-video-preview":"max-video-preview:-1"},"canonical":"https:\/\/hobierotikshop.com.tr\/website1\/erotik-shop-urun\/metal-mavi-tasli-rainbow-anal-plug-orta-boy\/","og_locale":"tr_TR","og_type":"article","og_title":"Metal Mavi Ta\u015fl\u0131 Rainbow Anal Plug Orta Boy","og_description":"Metal Mavi Ta\u015fl\u0131 Rainbow Anal Plug Orta Boy, hem yeni ba\u015flayanlar hem de deneyimli kullan\u0131c\u0131lar i\u00e7in m\u00fckemmel bir se\u00e7imdir. Zarif ve \u00e7ekici tasar\u0131m\u0131yla dikkat \u00e7eken bu anal plug, cinsel ke\u015fiflerinize estetik bir dokunu\u015f katarken ayn\u0131 zamanda rahatl\u0131k ve g\u00fcvenli bir kullan\u0131m sunar. Y\u00fcksek kaliteli metal malzeme ile \u00fcretilmi\u015f bu \u00fcr\u00fcn, dayan\u0131kl\u0131l\u0131\u011f\u0131 ve \u015f\u0131k g\u00f6r\u00fcn\u00fcm\u00fc ile en \u00f6zel deneyimleriniz i\u00e7in ideal bir se\u00e7enektir.","og_url":"https:\/\/hobierotikshop.com.tr\/website1\/erotik-shop-urun\/metal-mavi-tasli-rainbow-anal-plug-orta-boy\/","og_site_name":"Bursa Erotik Shop","article_modified_time":"2025-03-21T09:54:14+00:00","og_image":[{"width":1500,"height":1500,"url":"https:\/\/hobierotikshop.com.tr\/website1\/wp-content\/uploads\/2025\/03\/metal-mavi-tasli-rainbow-anal-plug-orta-boy-1811-2.jpg","type":"image\/jpeg"}],"twitter_card":"summary_large_image","twitter_site":"@shopbursa","twitter_misc":{"Fiyat":"&#8378;630,00 KDV DAH\u0130L","Availability":"In stock"},"schema":{"@context":"https:\/\/schema.org","@graph":[{"@type":"WebPage","@id":"https:\/\/hobierotikshop.com.tr\/website1\/erotik-shop-urun\/metal-mavi-tasli-rainbow-anal-plug-orta-boy\/","url":"https:\/\/hobierotikshop.com.tr\/website1\/erotik-shop-urun\/metal-mavi-tasli-rainbow-anal-plug-orta-boy\/","name":"Metal Mavi Ta\u015fl\u0131 Rainbow Anal Plug Orta Boy - Bursa Erotik Shop","isPartOf":{"@id":"https:\/\/hobierotikshop.com.tr\/website1\/#website"},"primaryImageOfPage":{"@id":"https:\/\/hobierotikshop.com.tr\/website1\/erotik-shop-urun\/metal-mavi-tasli-rainbow-anal-plug-orta-boy\/#primaryimage"},"image":{"@id":"https:\/\/hobierotikshop.com.tr\/website1\/erotik-shop-urun\/metal-mavi-tasli-rainbow-anal-plug-orta-boy\/#primaryimage"},"thumbnailUrl":"https:\/\/haremerotikshop.com\/site\/wp-content\/uploads\/2025\/03\/metal-mavi-tasli-rainbow-anal-plug-orta-boy-1811-2.jpg","datePublished":"2025-03-17T09:22:06+00:00","dateModified":"2025-03-21T09:54:14+00:00","breadcrumb":{"@id":"https:\/\/hobierotikshop.com.tr\/website1\/erotik-shop-urun\/metal-mavi-tasli-rainbow-anal-plug-orta-boy\/#breadcrumb"},"inLanguage":"tr","potentialAction":[{"@type":"ReadAction","target":["https:\/\/hobierotikshop.com.tr\/website1\/erotik-shop-urun\/metal-mavi-tasli-rainbow-anal-plug-orta-boy\/"]}]},{"@type":"ImageObject","inLanguage":"tr","@id":"https:\/\/hobierotikshop.com.tr\/website1\/erotik-shop-urun\/metal-mavi-tasli-rainbow-anal-plug-orta-boy\/#primaryimage","url":"https:\/\/haremerotikshop.com\/site\/wp-content\/uploads\/2025\/03\/metal-mavi-tasli-rainbow-anal-plug-orta-boy-1811-2.jpg","contentUrl":"https:\/\/haremerotikshop.com\/site\/wp-content\/uploads\/2025\/03\/metal-mavi-tasli-rainbow-anal-plug-orta-boy-1811-2.jpg","width":1500,"height":1500},{"@type":"BreadcrumbList","@id":"https:\/\/hobierotikshop.com.tr\/website1\/erotik-shop-urun\/metal-mavi-tasli-rainbow-anal-plug-orta-boy\/#breadcrumb","itemListElement":[{"@type":"ListItem","position":1,"name":"Anasayfa","item":"https:\/\/hobierotikshop.com.tr\/website1\/"},{"@type":"ListItem","position":2,"name":"Erotik Shop \u00dcr\u00fcnleri","item":"https:\/\/hobierotikshop.com.tr\/website1\/shop\/"},{"@type":"ListItem","position":3,"name":"Metal Mavi Ta\u015fl\u0131 Rainbow Anal Plug Orta Boy"}]},{"@type":"WebSite","@id":"https:\/\/hobierotikshop.com.tr\/website1\/#website","url":"https:\/\/hobierotikshop.com.tr\/website1\/","name":"Bursa Erotik Shop","description":"Bursa Erotik Shop ile g\u00fcvenli, gizli ve kaliteli yeti\u015fkin \u00fcr\u00fcnleri al\u0131\u015fveri\u015fi! Geni\u015f \u00fcr\u00fcn yelpazemizi ke\u015ffedin, hemen sipari\u015f verin","publisher":{"@id":"https:\/\/hobierotikshop.com.tr\/website1\/#organization"},"alternateName":"Erotik Shop","potentialAction":[{"@type":"SearchAction","target":{"@type":"EntryPoint","urlTemplate":"https:\/\/hobierotikshop.com.tr\/website1\/?s={search_term_string}"},"query-input":{"@type":"PropertyValueSpecification","valueRequired":true,"valueName":"search_term_string"}}],"inLanguage":"tr"},{"@type":"Organization","@id":"https:\/\/hobierotikshop.com.tr\/website1\/#organization","name":"Harem Bursa Erotik Shop","url":"https:\/\/hobierotikshop.com.tr\/website1\/","logo":{"@type":"ImageObject","inLanguage":"tr","@id":"https:\/\/hobierotikshop.com.tr\/website1\/#\/schema\/logo\/image\/","url":"https:\/\/haremerotikshop.com\/site\/wp-content\/uploads\/2025\/03\/haremsexshop.png","contentUrl":"https:\/\/haremerotikshop.com\/site\/wp-content\/uploads\/2025\/03\/haremsexshop.png","width":400,"height":100,"caption":"Harem Bursa Erotik Shop"},"image":{"@id":"https:\/\/hobierotikshop.com.tr\/website1\/#\/schema\/logo\/image\/"},"sameAs":["https:\/\/x.com\/shopbursa"],"publishingPrinciples":"https:\/\/hobierotikshop.com.tr\/website1\/mesafeli-satis-sozlesmesi\/","ownershipFundingInfo":"https:\/\/hobierotikshop.com.tr\/website1\/contact-us\/","actionableFeedbackPolicy":"https:\/\/hobierotikshop.com.tr\/website1\/contact-us\/","correctionsPolicy":"https:\/\/hobierotikshop.com.tr\/website1\/mesafeli-satis-sozlesmesi\/"}]},"product_brand":"Pembe Tilki","product_price_amount":"630.00","product_price_currency":"TRY","og_availability":"instock","product_availability":"instock","product_retailer_item_id":"PT-ANXM018MRWMV","product_condition":"new"},"_links":{"self":[{"href":"https:\/\/haremerotikshop.com\/site\/wp-json\/wp\/v2\/product\/18721","targetHints":{"allow":["GET"]}}],"collection":[{"href":"https:\/\/haremerotikshop.com\/site\/wp-json\/wp\/v2\/product"}],"about":[{"href":"https:\/\/haremerotikshop.com\/site\/wp-json\/wp\/v2\/types\/product"}],"replies":[{"embeddable":true,"href":"https:\/\/haremerotikshop.com\/site\/wp-json\/wp\/v2\/comments?post=18721"}],"version-history":[{"count":0,"href":"https:\/\/haremerotikshop.com\/site\/wp-json\/wp\/v2\/product\/18721\/revisions"}],"wp:featuredmedia":[{"embeddable":true,"href":"https:\/\/haremerotikshop.com\/site\/wp-json\/wp\/v2\/media\/18800"}],"wp:attachment":[{"href":"https:\/\/haremerotikshop.com\/site\/wp-json\/wp\/v2\/media?parent=18721"}],"wp:term":[{"taxonomy":"product_brand","embeddable":true,"href":"https:\/\/haremerotikshop.com\/site\/wp-json\/wp\/v2\/product_brand?post=18721"},{"taxonomy":"product_cat","embeddable":true,"href":"https:\/\/haremerotikshop.com\/site\/wp-json\/wp\/v2\/product_cat?post=18721"},{"taxonomy":"product_tag","embeddable":true,"href":"https:\/\/haremerotikshop.com\/site\/wp-json\/wp\/v2\/product_tag?post=18721"}],"curies":[{"name":"wp","href":"https:\/\/api.w.org\/{rel}","templated":true}]}}