{"id":18747,"date":"2025-03-17T12:22:26","date_gmt":"2025-03-17T09:22:26","guid":{"rendered":"https:\/\/haremerotikshop.com\/site\/?post_type=product&#038;p=18747"},"modified":"2026-01-27T11:32:05","modified_gmt":"2026-01-27T08:32:05","slug":"deri-fantezi-kelepcesi-kirmizi","status":"publish","type":"product","link":"https:\/\/haremerotikshop.com\/site\/erotik-shop-urun\/deri-fantezi-kelepcesi-kirmizi\/","title":{"rendered":"Deri Fantezi Kelep\u00e7esi K\u0131rm\u0131z\u0131"},"content":{"rendered":"<h3 data-start=\"0\" data-end=\"68\">Deri \u0130\u00e7i Pelu\u015f Fantezi Kelep\u00e7esi: Konfor ve G\u00fcvenli\u011fin Birle\u015fimi<\/h3>\n<p data-start=\"70\" data-end=\"469\"><strong data-start=\"70\" data-end=\"106\">Deri \u0130\u00e7i Pelu\u015f Fantezi Kelep\u00e7esi<\/strong>, cinsel deneyimlerinizi heyecan verici ve konforlu hale getirmek i\u00e7in tasarlanm\u0131\u015f \u015f\u0131k bir \u00fcr\u00fcnd\u00fcr. <strong data-start=\"206\" data-end=\"224\">Deri d\u0131\u015f y\u00fczey<\/strong> ve <strong data-start=\"228\" data-end=\"246\">pelu\u015f i\u00e7 y\u00fczey<\/strong> ile kullan\u0131c\u0131s\u0131na zarif bir g\u00f6r\u00fcn\u00fcm sunarken, ayn\u0131 zamanda rahat ve g\u00fcvenli bir ba\u011flanma hissi sa\u011flar. Cinsel ke\u015fiflerinizi daha heyecanl\u0131, yarat\u0131c\u0131 ve g\u00fcvenli hale getirecek bu kelep\u00e7e, konforu ve \u015f\u0131kl\u0131\u011f\u0131 bir arada sunar.<\/p>\n<h3 data-start=\"471\" data-end=\"492\">\u00dcr\u00fcn \u00d6zellikleri:<\/h3>\n<ul data-start=\"494\" data-end=\"1684\">\n<li data-start=\"494\" data-end=\"735\">\n<p data-start=\"496\" data-end=\"735\"><strong data-start=\"496\" data-end=\"514\">Deri D\u0131\u015f Y\u00fczey<\/strong><br data-start=\"514\" data-end=\"517\" \/>\u00dcr\u00fcn\u00fcn d\u0131\u015f y\u00fczeyinde kullan\u0131lan <strong data-start=\"549\" data-end=\"561\">\u015f\u0131k deri<\/strong> malzeme, fantezi deneyimlerinize zarif bir dokunu\u015f katar. Deri d\u0131\u015f y\u00fczey, hem g\u00f6rsel olarak estetik bir g\u00f6r\u00fcn\u00fcm sa\u011flar hem de dayan\u0131kl\u0131 yap\u0131s\u0131yla uzun s\u00fcreli kullan\u0131m sunar.<\/p>\n<\/li>\n<li data-start=\"737\" data-end=\"1051\">\n<p data-start=\"739\" data-end=\"1051\"><strong data-start=\"739\" data-end=\"757\">Pelu\u015f \u0130\u00e7 Y\u00fczey<\/strong><br data-start=\"757\" data-end=\"760\" \/><strong data-start=\"760\" data-end=\"778\">Pelu\u015f i\u00e7 y\u00fczey<\/strong>, kelep\u00e7enin rahatl\u0131k a\u00e7\u0131s\u0131ndan en b\u00fcy\u00fck avantajlar\u0131ndan biridir. Bilekler veya ayak bileklerine tak\u0131ld\u0131\u011f\u0131nda, yumu\u015fak pelu\u015f dokusu cilde nazik\u00e7e temas eder ve uzun s\u00fcreli kullan\u0131mda bile rahatl\u0131k sa\u011flar. Kullan\u0131c\u0131ya konforlu bir deneyim sunarak, heyecan\u0131 ve keyfi art\u0131r\u0131r.<\/p>\n<\/li>\n<li data-start=\"1053\" data-end=\"1284\">\n<p data-start=\"1055\" data-end=\"1284\"><strong data-start=\"1055\" data-end=\"1078\">Ayarlanabilir Kemer<\/strong><br data-start=\"1078\" data-end=\"1081\" \/>Farkl\u0131 bilek veya ayak bile\u011fi boyutlar\u0131na uyum sa\u011flayabilen <strong data-start=\"1141\" data-end=\"1164\">ayarlanabilir kemer<\/strong> ile her kullan\u0131c\u0131 i\u00e7in m\u00fckemmel bir uyum sa\u011flan\u0131r. Bu \u00f6zellik, \u00fcr\u00fcn\u00fc herkesin rahat\u00e7a kullanabilece\u011fi \u015fekilde tasarlar.<\/p>\n<\/li>\n<li data-start=\"1286\" data-end=\"1499\">\n<p data-start=\"1288\" data-end=\"1499\"><strong data-start=\"1288\" data-end=\"1308\">G\u00fcvenli Ba\u011flanma<\/strong><br data-start=\"1308\" data-end=\"1311\" \/>Kelep\u00e7eler, g\u00fcvenli bir \u015fekilde kilitlenerek kullan\u0131c\u0131n\u0131n hareketlerini s\u0131n\u0131rlayarak deneyimlere <strong data-start=\"1408\" data-end=\"1419\">kontrol<\/strong> hissi katar. Partnerinizle birlikte daha \u00f6zg\u00fcrce ke\u015fif yapman\u0131za olanak sa\u011flar.<\/p>\n<\/li>\n<li data-start=\"1501\" data-end=\"1684\">\n<p data-start=\"1503\" data-end=\"1684\"><strong data-start=\"1503\" data-end=\"1529\">\u00c7abuk Ba\u011flama ve \u00c7\u00f6zme<\/strong><br data-start=\"1529\" data-end=\"1532\" \/>Kolayca tak\u0131l\u0131p \u00e7\u0131kar\u0131labilir tasar\u0131m\u0131yla, <strong data-start=\"1575\" data-end=\"1601\">h\u0131zl\u0131 ba\u011flama ve \u00e7\u00f6zme<\/strong> imkan\u0131 sunar. Bu \u00f6zellik, spontane anlarda bile pratik ve keyifli kullan\u0131m sa\u011flar.<\/p>\n<\/li>\n<\/ul>\n<h3 data-start=\"1686\" data-end=\"1708\">Kullan\u0131m Alanlar\u0131:<\/h3>\n<ul data-start=\"1710\" data-end=\"2259\">\n<li data-start=\"1710\" data-end=\"1905\">\n<p data-start=\"1712\" data-end=\"1905\"><strong data-start=\"1712\" data-end=\"1733\">Fantezi Ke\u015fifleri<\/strong>: Partnerinizle birlikte cinsel fantezilerinizi ke\u015ffetmek i\u00e7in <strong data-start=\"1796\" data-end=\"1805\">ideal<\/strong> bir \u00fcr\u00fcnd\u00fcr. Kelep\u00e7eler, romantik oyunlar ve farkl\u0131 deneyimler ya\u015famak isteyenler i\u00e7in m\u00fckemmeldir.<\/p>\n<\/li>\n<li data-start=\"1909\" data-end=\"2092\">\n<p data-start=\"1911\" data-end=\"2092\"><strong data-start=\"1911\" data-end=\"1929\">Cinsel Oyunlar<\/strong>: G\u00fcvenli ba\u011flanma hissiyat\u0131 arayanlar i\u00e7in m\u00fckemmel bir se\u00e7enektir. Fantezi d\u00fcnyas\u0131nda g\u00fcvenli bir ortam yarat\u0131rken, heyecan verici anlar ya\u015faman\u0131za olanak tan\u0131r.<\/p>\n<\/li>\n<li data-start=\"2094\" data-end=\"2259\">\n<p data-start=\"2096\" data-end=\"2259\"><strong data-start=\"2096\" data-end=\"2118\">Uzun S\u00fcreli Konfor<\/strong>: Yumu\u015fak ve konforlu pelu\u015f i\u00e7 y\u00fczeyi sayesinde, uzun s\u00fcreli kullan\u0131mda bile rahats\u0131zl\u0131k hissi vermez ve kullan\u0131c\u0131ya rahat bir deneyim sunar.<\/p>\n<\/li>\n<\/ul>\n<h3 data-start=\"2261\" data-end=\"2284\">G\u00fcvenlik ve Kalite:<\/h3>\n<p data-start=\"2286\" data-end=\"2644\"><strong data-start=\"2286\" data-end=\"2322\">Deri \u0130\u00e7i Pelu\u015f Fantezi Kelep\u00e7esi<\/strong>, <strong data-start=\"2324\" data-end=\"2354\">y\u00fcksek kaliteli malzemeler<\/strong> kullan\u0131larak \u00fcretilmi\u015ftir ve <strong data-start=\"2384\" data-end=\"2422\">titiz kalite kontrol s\u00fcre\u00e7lerinden<\/strong> ge\u00e7irilmi\u015ftir. \u00dcr\u00fcn, kullan\u0131c\u0131lar\u0131n g\u00fcvenli\u011fini \u00f6n planda tutarak dayan\u0131kl\u0131 ve uzun \u00f6m\u00fcrl\u00fc bir kullan\u0131m sa\u011flar. Sa\u011flam deri d\u0131\u015f y\u00fczey ve yumu\u015fak pelu\u015f i\u00e7 y\u00fczey, her kullan\u0131c\u0131n\u0131n memnuniyetini sa\u011flamak i\u00e7in tasarlanm\u0131\u015ft\u0131r.<\/p>\n<h3 data-start=\"2646\" data-end=\"2689\">Neden Deri \u0130\u00e7i Pelu\u015f Fantezi Kelep\u00e7esi?<\/h3>\n<ul data-start=\"2691\" data-end=\"3083\">\n<li data-start=\"2691\" data-end=\"2834\"><strong data-start=\"2693\" data-end=\"2712\">Konforlu ve \u015e\u0131k<\/strong>: Hem \u015f\u0131kl\u0131\u011f\u0131 hem de rahatl\u0131\u011f\u0131 bir arada sunan tasar\u0131m\u0131 ile <strong data-start=\"2772\" data-end=\"2794\">fantezi d\u00fcnyan\u0131zda<\/strong> konforlu bir deneyim ya\u015faman\u0131z\u0131 sa\u011flar.<\/li>\n<li data-start=\"2835\" data-end=\"2964\"><strong data-start=\"2837\" data-end=\"2861\">G\u00fcvenli ve Dayan\u0131kl\u0131<\/strong>: Y\u00fcksek kaliteli malzemeler, uzun s\u00fcreli kullan\u0131mda dahi g\u00fcvenli ve dayan\u0131kl\u0131 bir performans sergiler.<\/li>\n<li data-start=\"2965\" data-end=\"3083\"><strong data-start=\"2967\" data-end=\"2986\">Pratik Kullan\u0131m<\/strong>: Kolayca tak\u0131l\u0131p \u00e7\u0131kar\u0131labilir tasar\u0131m\u0131 ile spontane anlar\u0131n\u0131zda bile pratik bir kullan\u0131m sunar.<\/li>\n<\/ul>\n<h3 data-start=\"3085\" data-end=\"3095\">Sonu\u00e7:<\/h3>\n<p data-start=\"3097\" data-end=\"3489\" data-is-last-node=\"\" data-is-only-node=\"\"><strong data-start=\"3097\" data-end=\"3133\">Deri \u0130\u00e7i Pelu\u015f Fantezi Kelep\u00e7esi<\/strong>, cinsel ke\u015fiflerinize <strong data-start=\"3156\" data-end=\"3167\">heyecan<\/strong> katacak, <strong data-start=\"3177\" data-end=\"3187\">konfor<\/strong> sa\u011flayacak ve g\u00fcvenli bir ba\u011flanma hissi yaratacak m\u00fckemmel bir \u00fcr\u00fcnd\u00fcr. Estetik derisi, konforlu pelu\u015fu ve ayarlanabilir kemeriyle, <strong data-start=\"3321\" data-end=\"3343\">fantezi d\u00fcnyan\u0131zda<\/strong> yeni boyutlar ke\u015ffetmenizi sa\u011flar. <strong data-start=\"3379\" data-end=\"3418\">Cinsel ke\u015fiflerinizi daha heyecanl\u0131<\/strong> ve g\u00fcvenli hale getirecek bu kelep\u00e7e ile, her an\u0131 \u00f6zel k\u0131labilirsiniz.<\/p>\n","protected":false},"excerpt":{"rendered":"<p><strong data-start=\"70\" data-end=\"106\">Deri \u0130\u00e7i Pelu\u015f Fantezi Kelep\u00e7esi<\/strong>, cinsel deneyimlerinizi heyecan verici ve konforlu hale getirmek i\u00e7in tasarlanm\u0131\u015f \u015f\u0131k bir \u00fcr\u00fcnd\u00fcr. <strong data-start=\"206\" data-end=\"224\">Deri d\u0131\u015f y\u00fczey<\/strong> ve <strong data-start=\"228\" data-end=\"246\">pelu\u015f i\u00e7 y\u00fczey<\/strong> ile kullan\u0131c\u0131s\u0131na zarif bir g\u00f6r\u00fcn\u00fcm sunarken, ayn\u0131 zamanda rahat ve g\u00fcvenli bir ba\u011flanma hissi sa\u011flar. Cinsel ke\u015fiflerinizi daha heyecanl\u0131, yarat\u0131c\u0131 ve g\u00fcvenli hale getirecek bu kelep\u00e7e, konforu ve \u015f\u0131kl\u0131\u011f\u0131 bir arada sunar.<\/p>\n","protected":false},"featured_media":18810,"comment_status":"open","ping_status":"closed","template":"","meta":[],"product_brand":[127],"product_cat":[100],"product_tag":[202],"class_list":{"0":"post-18747","1":"product","2":"type-product","3":"status-publish","4":"has-post-thumbnail","6":"product_brand-pembe-tilki","7":"product_cat-fantezi-fetis","8":"product_tag-deri-fantezi-kelepcesi-kirmizi","10":"first","11":"instock","12":"taxable","13":"shipping-taxable","14":"purchasable","15":"product-type-simple"},"yoast_head":"<!-- This site is optimized with the Yoast SEO Premium plugin v24.4 (Yoast SEO v27.1.1) - https:\/\/yoast.com\/product\/yoast-seo-premium-wordpress\/ -->\n<title>Deri Fantezi Kelep\u00e7esi K\u0131rm\u0131z\u0131 - Bursa Erotik Shop<\/title>\n<meta name=\"robots\" content=\"index, follow, max-snippet:-1, max-image-preview:large, max-video-preview:-1\" \/>\n<link rel=\"canonical\" href=\"https:\/\/hobierotikshop.com.tr\/website1\/erotik-shop-urun\/deri-fantezi-kelepcesi-kirmizi\/\" \/>\n<meta property=\"og:locale\" content=\"tr_TR\" \/>\n<meta property=\"og:type\" content=\"article\" \/>\n<meta property=\"og:title\" content=\"Deri Fantezi Kelep\u00e7esi K\u0131rm\u0131z\u0131\" \/>\n<meta property=\"og:description\" content=\"Deri \u0130\u00e7i Pelu\u015f Fantezi Kelep\u00e7esi, cinsel deneyimlerinizi heyecan verici ve konforlu hale getirmek i\u00e7in tasarlanm\u0131\u015f \u015f\u0131k bir \u00fcr\u00fcnd\u00fcr. Deri d\u0131\u015f y\u00fczey ve pelu\u015f i\u00e7 y\u00fczey ile kullan\u0131c\u0131s\u0131na zarif bir g\u00f6r\u00fcn\u00fcm sunarken, ayn\u0131 zamanda rahat ve g\u00fcvenli bir ba\u011flanma hissi sa\u011flar. Cinsel ke\u015fiflerinizi daha heyecanl\u0131, yarat\u0131c\u0131 ve g\u00fcvenli hale getirecek bu kelep\u00e7e, konforu ve \u015f\u0131kl\u0131\u011f\u0131 bir arada sunar.\" \/>\n<meta property=\"og:url\" content=\"https:\/\/hobierotikshop.com.tr\/website1\/erotik-shop-urun\/deri-fantezi-kelepcesi-kirmizi\/\" \/>\n<meta property=\"og:site_name\" content=\"Bursa Erotik Shop\" \/>\n<meta property=\"article:modified_time\" content=\"2026-01-27T08:32:05+00:00\" \/>\n<meta property=\"og:image\" content=\"https:\/\/hobierotikshop.com.tr\/website1\/wp-content\/uploads\/2025\/03\/deri-fantezi-kelepcesi-kirmizi-1819-1.jpg\" \/>\n\t<meta property=\"og:image:width\" content=\"1500\" \/>\n\t<meta property=\"og:image:height\" content=\"1500\" \/>\n\t<meta property=\"og:image:type\" content=\"image\/jpeg\" \/>\n<meta name=\"twitter:card\" content=\"summary_large_image\" \/>\n<meta name=\"twitter:site\" content=\"@shopbursa\" \/>\n<meta name=\"twitter:label1\" content=\"Fiyat\" \/>\n\t<meta name=\"twitter:data1\" content=\"&#8378;450,00 KDV DAH\u0130L\" \/>\n\t<meta name=\"twitter:label2\" content=\"Availability\" \/>\n\t<meta name=\"twitter:data2\" content=\"In stock\" \/>\n<script type=\"application\/ld+json\" class=\"yoast-schema-graph\">{\"@context\":\"https:\/\/schema.org\",\"@graph\":[{\"@type\":\"WebPage\",\"@id\":\"https:\/\/hobierotikshop.com.tr\/website1\/erotik-shop-urun\/deri-fantezi-kelepcesi-kirmizi\/\",\"url\":\"https:\/\/hobierotikshop.com.tr\/website1\/erotik-shop-urun\/deri-fantezi-kelepcesi-kirmizi\/\",\"name\":\"Deri Fantezi Kelep\u00e7esi K\u0131rm\u0131z\u0131 - Bursa Erotik Shop\",\"isPartOf\":{\"@id\":\"https:\/\/hobierotikshop.com.tr\/website1\/#website\"},\"primaryImageOfPage\":{\"@id\":\"https:\/\/hobierotikshop.com.tr\/website1\/erotik-shop-urun\/deri-fantezi-kelepcesi-kirmizi\/#primaryimage\"},\"image\":{\"@id\":\"https:\/\/hobierotikshop.com.tr\/website1\/erotik-shop-urun\/deri-fantezi-kelepcesi-kirmizi\/#primaryimage\"},\"thumbnailUrl\":\"https:\/\/haremerotikshop.com\/site\/wp-content\/uploads\/2025\/03\/deri-fantezi-kelepcesi-kirmizi-1819-1.jpg\",\"datePublished\":\"2025-03-17T09:22:26+00:00\",\"dateModified\":\"2026-01-27T08:32:05+00:00\",\"breadcrumb\":{\"@id\":\"https:\/\/hobierotikshop.com.tr\/website1\/erotik-shop-urun\/deri-fantezi-kelepcesi-kirmizi\/#breadcrumb\"},\"inLanguage\":\"tr\",\"potentialAction\":[{\"@type\":\"ReadAction\",\"target\":[\"https:\/\/hobierotikshop.com.tr\/website1\/erotik-shop-urun\/deri-fantezi-kelepcesi-kirmizi\/\"]}]},{\"@type\":\"ImageObject\",\"inLanguage\":\"tr\",\"@id\":\"https:\/\/hobierotikshop.com.tr\/website1\/erotik-shop-urun\/deri-fantezi-kelepcesi-kirmizi\/#primaryimage\",\"url\":\"https:\/\/haremerotikshop.com\/site\/wp-content\/uploads\/2025\/03\/deri-fantezi-kelepcesi-kirmizi-1819-1.jpg\",\"contentUrl\":\"https:\/\/haremerotikshop.com\/site\/wp-content\/uploads\/2025\/03\/deri-fantezi-kelepcesi-kirmizi-1819-1.jpg\",\"width\":1500,\"height\":1500},{\"@type\":\"BreadcrumbList\",\"@id\":\"https:\/\/hobierotikshop.com.tr\/website1\/erotik-shop-urun\/deri-fantezi-kelepcesi-kirmizi\/#breadcrumb\",\"itemListElement\":[{\"@type\":\"ListItem\",\"position\":1,\"name\":\"Anasayfa\",\"item\":\"https:\/\/hobierotikshop.com.tr\/website1\/\"},{\"@type\":\"ListItem\",\"position\":2,\"name\":\"Erotik Shop \u00dcr\u00fcnleri\",\"item\":\"https:\/\/hobierotikshop.com.tr\/website1\/shop\/\"},{\"@type\":\"ListItem\",\"position\":3,\"name\":\"Deri Fantezi Kelep\u00e7esi K\u0131rm\u0131z\u0131\"}]},{\"@type\":\"WebSite\",\"@id\":\"https:\/\/hobierotikshop.com.tr\/website1\/#website\",\"url\":\"https:\/\/hobierotikshop.com.tr\/website1\/\",\"name\":\"Bursa Erotik Shop\",\"description\":\"Bursa Erotik Shop ile g\u00fcvenli, gizli ve kaliteli yeti\u015fkin \u00fcr\u00fcnleri al\u0131\u015fveri\u015fi! Geni\u015f \u00fcr\u00fcn yelpazemizi ke\u015ffedin, hemen sipari\u015f verin\",\"publisher\":{\"@id\":\"https:\/\/hobierotikshop.com.tr\/website1\/#organization\"},\"alternateName\":\"Erotik Shop\",\"potentialAction\":[{\"@type\":\"SearchAction\",\"target\":{\"@type\":\"EntryPoint\",\"urlTemplate\":\"https:\/\/hobierotikshop.com.tr\/website1\/?s={search_term_string}\"},\"query-input\":{\"@type\":\"PropertyValueSpecification\",\"valueRequired\":true,\"valueName\":\"search_term_string\"}}],\"inLanguage\":\"tr\"},{\"@type\":\"Organization\",\"@id\":\"https:\/\/hobierotikshop.com.tr\/website1\/#organization\",\"name\":\"Harem Bursa Erotik Shop\",\"url\":\"https:\/\/hobierotikshop.com.tr\/website1\/\",\"logo\":{\"@type\":\"ImageObject\",\"inLanguage\":\"tr\",\"@id\":\"https:\/\/hobierotikshop.com.tr\/website1\/#\/schema\/logo\/image\/\",\"url\":\"https:\/\/haremerotikshop.com\/site\/wp-content\/uploads\/2025\/03\/haremsexshop.png\",\"contentUrl\":\"https:\/\/haremerotikshop.com\/site\/wp-content\/uploads\/2025\/03\/haremsexshop.png\",\"width\":400,\"height\":100,\"caption\":\"Harem Bursa Erotik Shop\"},\"image\":{\"@id\":\"https:\/\/hobierotikshop.com.tr\/website1\/#\/schema\/logo\/image\/\"},\"sameAs\":[\"https:\/\/x.com\/shopbursa\"],\"publishingPrinciples\":\"https:\/\/hobierotikshop.com.tr\/website1\/mesafeli-satis-sozlesmesi\/\",\"ownershipFundingInfo\":\"https:\/\/hobierotikshop.com.tr\/website1\/contact-us\/\",\"actionableFeedbackPolicy\":\"https:\/\/hobierotikshop.com.tr\/website1\/contact-us\/\",\"correctionsPolicy\":\"https:\/\/hobierotikshop.com.tr\/website1\/mesafeli-satis-sozlesmesi\/\"}]}<\/script>\n<meta property=\"product:brand\" content=\"Pembe Tilki\" \/>\n<meta property=\"product:price:amount\" content=\"450.00\" \/>\n<meta property=\"product:price:currency\" content=\"TRY\" \/>\n<meta property=\"og:availability\" content=\"instock\" \/>\n<meta property=\"product:availability\" content=\"instock\" \/>\n<meta property=\"product:retailer_item_id\" content=\"PT-FFXG001R\" \/>\n<meta property=\"product:condition\" content=\"new\" \/>\n<!-- \/ Yoast SEO Premium plugin. -->","yoast_head_json":{"title":"Deri Fantezi Kelep\u00e7esi K\u0131rm\u0131z\u0131 - Bursa Erotik Shop","robots":{"index":"index","follow":"follow","max-snippet":"max-snippet:-1","max-image-preview":"max-image-preview:large","max-video-preview":"max-video-preview:-1"},"canonical":"https:\/\/hobierotikshop.com.tr\/website1\/erotik-shop-urun\/deri-fantezi-kelepcesi-kirmizi\/","og_locale":"tr_TR","og_type":"article","og_title":"Deri Fantezi Kelep\u00e7esi K\u0131rm\u0131z\u0131","og_description":"Deri \u0130\u00e7i Pelu\u015f Fantezi Kelep\u00e7esi, cinsel deneyimlerinizi heyecan verici ve konforlu hale getirmek i\u00e7in tasarlanm\u0131\u015f \u015f\u0131k bir \u00fcr\u00fcnd\u00fcr. Deri d\u0131\u015f y\u00fczey ve pelu\u015f i\u00e7 y\u00fczey ile kullan\u0131c\u0131s\u0131na zarif bir g\u00f6r\u00fcn\u00fcm sunarken, ayn\u0131 zamanda rahat ve g\u00fcvenli bir ba\u011flanma hissi sa\u011flar. Cinsel ke\u015fiflerinizi daha heyecanl\u0131, yarat\u0131c\u0131 ve g\u00fcvenli hale getirecek bu kelep\u00e7e, konforu ve \u015f\u0131kl\u0131\u011f\u0131 bir arada sunar.","og_url":"https:\/\/hobierotikshop.com.tr\/website1\/erotik-shop-urun\/deri-fantezi-kelepcesi-kirmizi\/","og_site_name":"Bursa Erotik Shop","article_modified_time":"2026-01-27T08:32:05+00:00","og_image":[{"width":1500,"height":1500,"url":"https:\/\/hobierotikshop.com.tr\/website1\/wp-content\/uploads\/2025\/03\/deri-fantezi-kelepcesi-kirmizi-1819-1.jpg","type":"image\/jpeg"}],"twitter_card":"summary_large_image","twitter_site":"@shopbursa","twitter_misc":{"Fiyat":"&#8378;450,00 KDV DAH\u0130L","Availability":"In stock"},"schema":{"@context":"https:\/\/schema.org","@graph":[{"@type":"WebPage","@id":"https:\/\/hobierotikshop.com.tr\/website1\/erotik-shop-urun\/deri-fantezi-kelepcesi-kirmizi\/","url":"https:\/\/hobierotikshop.com.tr\/website1\/erotik-shop-urun\/deri-fantezi-kelepcesi-kirmizi\/","name":"Deri Fantezi Kelep\u00e7esi K\u0131rm\u0131z\u0131 - Bursa Erotik Shop","isPartOf":{"@id":"https:\/\/hobierotikshop.com.tr\/website1\/#website"},"primaryImageOfPage":{"@id":"https:\/\/hobierotikshop.com.tr\/website1\/erotik-shop-urun\/deri-fantezi-kelepcesi-kirmizi\/#primaryimage"},"image":{"@id":"https:\/\/hobierotikshop.com.tr\/website1\/erotik-shop-urun\/deri-fantezi-kelepcesi-kirmizi\/#primaryimage"},"thumbnailUrl":"https:\/\/haremerotikshop.com\/site\/wp-content\/uploads\/2025\/03\/deri-fantezi-kelepcesi-kirmizi-1819-1.jpg","datePublished":"2025-03-17T09:22:26+00:00","dateModified":"2026-01-27T08:32:05+00:00","breadcrumb":{"@id":"https:\/\/hobierotikshop.com.tr\/website1\/erotik-shop-urun\/deri-fantezi-kelepcesi-kirmizi\/#breadcrumb"},"inLanguage":"tr","potentialAction":[{"@type":"ReadAction","target":["https:\/\/hobierotikshop.com.tr\/website1\/erotik-shop-urun\/deri-fantezi-kelepcesi-kirmizi\/"]}]},{"@type":"ImageObject","inLanguage":"tr","@id":"https:\/\/hobierotikshop.com.tr\/website1\/erotik-shop-urun\/deri-fantezi-kelepcesi-kirmizi\/#primaryimage","url":"https:\/\/haremerotikshop.com\/site\/wp-content\/uploads\/2025\/03\/deri-fantezi-kelepcesi-kirmizi-1819-1.jpg","contentUrl":"https:\/\/haremerotikshop.com\/site\/wp-content\/uploads\/2025\/03\/deri-fantezi-kelepcesi-kirmizi-1819-1.jpg","width":1500,"height":1500},{"@type":"BreadcrumbList","@id":"https:\/\/hobierotikshop.com.tr\/website1\/erotik-shop-urun\/deri-fantezi-kelepcesi-kirmizi\/#breadcrumb","itemListElement":[{"@type":"ListItem","position":1,"name":"Anasayfa","item":"https:\/\/hobierotikshop.com.tr\/website1\/"},{"@type":"ListItem","position":2,"name":"Erotik Shop \u00dcr\u00fcnleri","item":"https:\/\/hobierotikshop.com.tr\/website1\/shop\/"},{"@type":"ListItem","position":3,"name":"Deri Fantezi Kelep\u00e7esi K\u0131rm\u0131z\u0131"}]},{"@type":"WebSite","@id":"https:\/\/hobierotikshop.com.tr\/website1\/#website","url":"https:\/\/hobierotikshop.com.tr\/website1\/","name":"Bursa Erotik Shop","description":"Bursa Erotik Shop ile g\u00fcvenli, gizli ve kaliteli yeti\u015fkin \u00fcr\u00fcnleri al\u0131\u015fveri\u015fi! Geni\u015f \u00fcr\u00fcn yelpazemizi ke\u015ffedin, hemen sipari\u015f verin","publisher":{"@id":"https:\/\/hobierotikshop.com.tr\/website1\/#organization"},"alternateName":"Erotik Shop","potentialAction":[{"@type":"SearchAction","target":{"@type":"EntryPoint","urlTemplate":"https:\/\/hobierotikshop.com.tr\/website1\/?s={search_term_string}"},"query-input":{"@type":"PropertyValueSpecification","valueRequired":true,"valueName":"search_term_string"}}],"inLanguage":"tr"},{"@type":"Organization","@id":"https:\/\/hobierotikshop.com.tr\/website1\/#organization","name":"Harem Bursa Erotik Shop","url":"https:\/\/hobierotikshop.com.tr\/website1\/","logo":{"@type":"ImageObject","inLanguage":"tr","@id":"https:\/\/hobierotikshop.com.tr\/website1\/#\/schema\/logo\/image\/","url":"https:\/\/haremerotikshop.com\/site\/wp-content\/uploads\/2025\/03\/haremsexshop.png","contentUrl":"https:\/\/haremerotikshop.com\/site\/wp-content\/uploads\/2025\/03\/haremsexshop.png","width":400,"height":100,"caption":"Harem Bursa Erotik Shop"},"image":{"@id":"https:\/\/hobierotikshop.com.tr\/website1\/#\/schema\/logo\/image\/"},"sameAs":["https:\/\/x.com\/shopbursa"],"publishingPrinciples":"https:\/\/hobierotikshop.com.tr\/website1\/mesafeli-satis-sozlesmesi\/","ownershipFundingInfo":"https:\/\/hobierotikshop.com.tr\/website1\/contact-us\/","actionableFeedbackPolicy":"https:\/\/hobierotikshop.com.tr\/website1\/contact-us\/","correctionsPolicy":"https:\/\/hobierotikshop.com.tr\/website1\/mesafeli-satis-sozlesmesi\/"}]},"product_brand":"Pembe Tilki","product_price_amount":"450.00","product_price_currency":"TRY","og_availability":"instock","product_availability":"instock","product_retailer_item_id":"PT-FFXG001R","product_condition":"new"},"_links":{"self":[{"href":"https:\/\/haremerotikshop.com\/site\/wp-json\/wp\/v2\/product\/18747","targetHints":{"allow":["GET"]}}],"collection":[{"href":"https:\/\/haremerotikshop.com\/site\/wp-json\/wp\/v2\/product"}],"about":[{"href":"https:\/\/haremerotikshop.com\/site\/wp-json\/wp\/v2\/types\/product"}],"replies":[{"embeddable":true,"href":"https:\/\/haremerotikshop.com\/site\/wp-json\/wp\/v2\/comments?post=18747"}],"version-history":[{"count":0,"href":"https:\/\/haremerotikshop.com\/site\/wp-json\/wp\/v2\/product\/18747\/revisions"}],"wp:featuredmedia":[{"embeddable":true,"href":"https:\/\/haremerotikshop.com\/site\/wp-json\/wp\/v2\/media\/18810"}],"wp:attachment":[{"href":"https:\/\/haremerotikshop.com\/site\/wp-json\/wp\/v2\/media?parent=18747"}],"wp:term":[{"taxonomy":"product_brand","embeddable":true,"href":"https:\/\/haremerotikshop.com\/site\/wp-json\/wp\/v2\/product_brand?post=18747"},{"taxonomy":"product_cat","embeddable":true,"href":"https:\/\/haremerotikshop.com\/site\/wp-json\/wp\/v2\/product_cat?post=18747"},{"taxonomy":"product_tag","embeddable":true,"href":"https:\/\/haremerotikshop.com\/site\/wp-json\/wp\/v2\/product_tag?post=18747"}],"curies":[{"name":"wp","href":"https:\/\/api.w.org\/{rel}","templated":true}]}}