{"id":18753,"date":"2025-03-17T12:22:27","date_gmt":"2025-03-17T09:22:27","guid":{"rendered":"https:\/\/haremerotikshop.com\/site\/?post_type=product&#038;p=18753"},"modified":"2026-01-27T11:29:53","modified_gmt":"2026-01-27T08:29:53","slug":"deri-fantezi-maskesi-kirmizi","status":"publish","type":"product","link":"https:\/\/haremerotikshop.com\/site\/erotik-shop-urun\/deri-fantezi-maskesi-kirmizi\/","title":{"rendered":"Deri Fantezi Maskesi K\u0131rm\u0131z\u0131"},"content":{"rendered":"<h3 data-start=\"0\" data-end=\"62\">Deri Fantezi Maskesi: Cinsel Deneyimlerinize Heyecan Kat\u0131n<\/h3>\n<p data-start=\"64\" data-end=\"496\"><strong data-start=\"64\" data-end=\"88\">Deri Fantezi Maskesi<\/strong>, cinsel oyunlar\u0131n\u0131za <strong data-start=\"110\" data-end=\"139\">gizemli ve heyecan verici<\/strong> bir boyut katmak i\u00e7in \u00f6zel olarak tasarlanm\u0131\u015ft\u0131r. <strong data-start=\"190\" data-end=\"224\">Y\u00fcksek kaliteli deri malzemesi<\/strong> ve <strong data-start=\"228\" data-end=\"248\">estetik tasar\u0131m\u0131<\/strong> ile dikkat \u00e7eker. <strong data-start=\"267\" data-end=\"303\">Esnek ve ayarlanabilir kay\u0131\u015flar\u0131<\/strong>, her v\u00fccut tipine uyum sa\u011flayarak konforlu bir deneyim sunar. Maskenin gizemli g\u00f6r\u00fcn\u00fcm\u00fc, cinsel deneyimlerinizi bamba\u015fka bir seviyeye ta\u015f\u0131yarak <strong data-start=\"448\" data-end=\"482\">fantezi d\u00fcnyas\u0131n\u0131 ke\u015ffetmenize<\/strong> olanak tan\u0131r.<\/p>\n<h3 data-start=\"498\" data-end=\"519\">\u00dcr\u00fcn \u00d6zellikleri:<\/h3>\n<ul data-start=\"521\" data-end=\"1866\">\n<li data-start=\"521\" data-end=\"778\">\n<p data-start=\"523\" data-end=\"778\"><strong data-start=\"523\" data-end=\"556\">Y\u00fcksek Kaliteli Deri Malzeme:<\/strong> Deri fantezi maskesi, sa\u011flam ve <strong data-start=\"589\" data-end=\"615\">dayan\u0131kl\u0131 deri malzeme<\/strong> kullan\u0131larak \u00fcretilmi\u015ftir. Bu malzeme, uzun \u00f6m\u00fcrl\u00fc kullan\u0131m ve <strong data-start=\"679\" data-end=\"696\">y\u00fcksek konfor<\/strong> sunar, ayr\u0131ca <strong data-start=\"711\" data-end=\"729\">ciltle dosttur<\/strong>, uzun s\u00fcreli kullan\u0131mlarda rahats\u0131zl\u0131k yaratmaz.<\/p>\n<\/li>\n<li data-start=\"780\" data-end=\"1074\">\n<p data-start=\"782\" data-end=\"1074\"><strong data-start=\"782\" data-end=\"818\">Esnek ve Ayarlanabilir Kay\u0131\u015flar:<\/strong> Maskenin <strong data-start=\"828\" data-end=\"847\">esnek kay\u0131\u015flar\u0131<\/strong>, her kullan\u0131c\u0131ya uyum sa\u011flayacak \u015fekilde tasarlanm\u0131\u015ft\u0131r. <strong data-start=\"905\" data-end=\"930\">Ayarlanabilir \u00f6zellik<\/strong> sayesinde, maskenin rahat\u00e7a tak\u0131lmas\u0131 ve \u00e7\u0131kar\u0131lmas\u0131 m\u00fcmk\u00fcnd\u00fcr. Bu \u00f6zellik, her v\u00fccut tipine <strong data-start=\"1024\" data-end=\"1043\">uyum sa\u011flayarak<\/strong>, konforlu bir kullan\u0131m sa\u011flar.<\/p>\n<\/li>\n<li data-start=\"1076\" data-end=\"1376\">\n<p data-start=\"1078\" data-end=\"1376\"><strong data-start=\"1078\" data-end=\"1109\">Estetik ve Gizemli Tasar\u0131m:<\/strong> Maskenin <strong data-start=\"1119\" data-end=\"1139\">estetik tasar\u0131m\u0131<\/strong>, cinsel deneyimlerinize <strong data-start=\"1164\" data-end=\"1175\">gizemli<\/strong> ve <strong data-start=\"1179\" data-end=\"1197\">heyecan verici<\/strong> bir atmosfer katarken, partnerinizle <strong data-start=\"1235\" data-end=\"1262\">yeni ke\u015fifler yapman\u0131z\u0131<\/strong> sa\u011flar. Derinin zarif dokusu, g\u00f6r\u00fcn\u00fcm\u00fc ve kullan\u0131m\u0131 ile t\u00fcm fantezi deneyimlerinizi daha <strong data-start=\"1352\" data-end=\"1362\">\u00e7ekici<\/strong> hale getirir.<\/p>\n<\/li>\n<li data-start=\"1378\" data-end=\"1617\">\n<p data-start=\"1380\" data-end=\"1617\"><strong data-start=\"1380\" data-end=\"1404\">Rahat ve Kullan\u0131\u015fl\u0131:<\/strong> Maskenin i\u00e7 k\u0131sm\u0131nda kullan\u0131lan <strong data-start=\"1437\" data-end=\"1451\">rahat doku<\/strong>, cilde zarar vermeden uzun s\u00fcreli kullan\u0131mda bile rahatl\u0131k sunar. <strong data-start=\"1518\" data-end=\"1551\">Kolayca tak\u0131l\u0131p \u00e7\u0131kar\u0131labilir<\/strong>, h\u0131zl\u0131 bir \u015fekilde kullan\u0131labilir ve konforlu bir deneyim sa\u011flar.<\/p>\n<\/li>\n<li data-start=\"1619\" data-end=\"1866\">\n<p data-start=\"1621\" data-end=\"1866\"><strong data-start=\"1621\" data-end=\"1653\">Fantezi Deneyimlerine Uygun:<\/strong> Bu maske, <strong data-start=\"1664\" data-end=\"1686\">fantezi oyunlar\u0131na<\/strong> kat\u0131lmak ve cinsel deneyimlerinizi ke\u015ffetmek isteyenler i\u00e7in m\u00fckemmel bir tercihtir. Maskenin gizemi ve estetik tasar\u0131m\u0131, fantezilerinizi <strong data-start=\"1825\" data-end=\"1851\">ger\u00e7e\u011fe d\u00f6n\u00fc\u015ft\u00fcrmenize<\/strong> yard\u0131mc\u0131 olur.<\/p>\n<\/li>\n<\/ul>\n<h3 data-start=\"1868\" data-end=\"1884\">Hedef Kitle:<\/h3>\n<ul data-start=\"1886\" data-end=\"2350\">\n<li data-start=\"1886\" data-end=\"2043\"><strong data-start=\"1888\" data-end=\"1947\">Fantezi d\u00fcnyas\u0131nda yeni ke\u015fifler yapmak isteyen \u00e7iftler<\/strong>: Gizemli ve heyecan verici bir atmosferde <strong data-start=\"1990\" data-end=\"2009\">yeni deneyimler<\/strong> ya\u015famak isteyenler i\u00e7in idealdir.<\/li>\n<li data-start=\"2044\" data-end=\"2190\"><strong data-start=\"2046\" data-end=\"2097\">Cinsel ya\u015fam\u0131na heyecan katmak isteyen bireyler<\/strong>: Gizemli bir hava yaratmak ve farkl\u0131 bir boyut eklemek isteyenler i\u00e7in m\u00fckemmel bir \u00fcr\u00fcnd\u00fcr.<\/li>\n<li data-start=\"2191\" data-end=\"2350\"><strong data-start=\"2193\" data-end=\"2240\">Cinsel oyunlarda gizem ve yenilik arayanlar<\/strong>: Partnerinizle birlikte <strong data-start=\"2265\" data-end=\"2282\">yeni ke\u015fifler<\/strong> yapmak ve <strong data-start=\"2293\" data-end=\"2316\">gizemli bir deneyim<\/strong> ya\u015famak isteyenler i\u00e7in idealdir.<\/li>\n<\/ul>\n<h3 data-start=\"2352\" data-end=\"2375\">G\u00fcvenlik ve Kalite:<\/h3>\n<p data-start=\"2377\" data-end=\"2730\"><strong data-start=\"2377\" data-end=\"2401\">Deri Fantezi Maskesi<\/strong>, y\u00fcksek kaliteli ve g\u00fcvenli malzemelerden \u00fcretilmi\u015ftir. Her bir maske, kullan\u0131c\u0131 <strong data-start=\"2483\" data-end=\"2498\">g\u00fcvenli\u011fini<\/strong> en \u00fcst d\u00fczeyde tutarak <strong data-start=\"2522\" data-end=\"2555\">titizlikle kontrol edilmi\u015ftir<\/strong>. Sa\u011flam ve <strong data-start=\"2567\" data-end=\"2580\">dayan\u0131kl\u0131<\/strong> yap\u0131s\u0131yla uzun \u00f6m\u00fcrl\u00fcd\u00fcr ve <strong data-start=\"2609\" data-end=\"2634\">konforlu bir kullan\u0131m<\/strong> sa\u011flar. \u00dcr\u00fcn, ciltle uyumlu malzemeler kullan\u0131larak tasarland\u0131\u011f\u0131 i\u00e7in <strong data-start=\"2705\" data-end=\"2729\">sa\u011fl\u0131\u011fa zarar vermez<\/strong>.<\/p>\n<h3 data-start=\"2732\" data-end=\"2742\">Sonu\u00e7:<\/h3>\n<p data-start=\"2744\" data-end=\"3087\" data-is-last-node=\"\" data-is-only-node=\"\"><strong data-start=\"2744\" data-end=\"2768\">Deri Fantezi Maskesi<\/strong>, <strong data-start=\"2770\" data-end=\"2794\">gizemli bir atmosfer<\/strong> yaratmak ve <strong data-start=\"2807\" data-end=\"2838\">fantezi d\u00fcnyas\u0131n\u0131 ke\u015ffetmek<\/strong> isteyenler i\u00e7in ideal bir \u00fcr\u00fcnd\u00fcr. <strong data-start=\"2874\" data-end=\"2906\">Y\u00fcksek kaliteli deri malzeme<\/strong> ve <strong data-start=\"2910\" data-end=\"2936\">ayarlanabilir kay\u0131\u015flar<\/strong>, maskenin her kullan\u0131mda <strong data-start=\"2962\" data-end=\"2972\">konfor<\/strong> ve <strong data-start=\"2976\" data-end=\"2987\">estetik<\/strong> sunmas\u0131n\u0131 sa\u011flar. Cinsel deneyimlerinize <strong data-start=\"3029\" data-end=\"3051\">yenilik ve heyecan<\/strong> katmak i\u00e7in m\u00fckemmel bir tercihtir!<\/p>\n","protected":false},"excerpt":{"rendered":"<p><strong data-start=\"64\" data-end=\"88\">Deri Fantezi Maskesi<\/strong>, cinsel oyunlar\u0131n\u0131za <strong data-start=\"110\" data-end=\"139\">gizemli ve heyecan verici<\/strong> bir boyut katmak i\u00e7in \u00f6zel olarak tasarlanm\u0131\u015ft\u0131r. <strong data-start=\"190\" data-end=\"224\">Y\u00fcksek kaliteli deri malzemesi<\/strong> ve <strong data-start=\"228\" data-end=\"248\">estetik tasar\u0131m\u0131<\/strong> ile dikkat \u00e7eker. <strong data-start=\"267\" data-end=\"303\">Esnek ve ayarlanabilir kay\u0131\u015flar\u0131<\/strong>, her v\u00fccut tipine uyum sa\u011flayarak konforlu bir deneyim sunar. Maskenin gizemli g\u00f6r\u00fcn\u00fcm\u00fc, cinsel deneyimlerinizi bamba\u015fka bir seviyeye ta\u015f\u0131yarak <strong data-start=\"448\" data-end=\"482\">fantezi d\u00fcnyas\u0131n\u0131 ke\u015ffetmenize<\/strong> olanak tan\u0131r.<\/p>\n","protected":false},"featured_media":18836,"comment_status":"open","ping_status":"closed","template":"","meta":[],"product_brand":[127],"product_cat":[100],"product_tag":[206],"class_list":{"0":"post-18753","1":"product","2":"type-product","3":"status-publish","4":"has-post-thumbnail","6":"product_brand-pembe-tilki","7":"product_cat-fantezi-fetis","8":"product_tag-deri-fantezi-maskesi-kirmizi","10":"first","11":"instock","12":"taxable","13":"shipping-taxable","14":"purchasable","15":"product-type-simple"},"yoast_head":"<!-- This site is optimized with the Yoast SEO Premium plugin v24.4 (Yoast SEO v27.1.1) - https:\/\/yoast.com\/product\/yoast-seo-premium-wordpress\/ -->\n<title>Deri Fantezi Maskesi K\u0131rm\u0131z\u0131 - Bursa Erotik Shop<\/title>\n<meta name=\"robots\" content=\"index, follow, max-snippet:-1, max-image-preview:large, max-video-preview:-1\" \/>\n<link rel=\"canonical\" href=\"https:\/\/hobierotikshop.com.tr\/website1\/erotik-shop-urun\/deri-fantezi-maskesi-kirmizi\/\" \/>\n<meta property=\"og:locale\" content=\"tr_TR\" \/>\n<meta property=\"og:type\" content=\"article\" \/>\n<meta property=\"og:title\" content=\"Deri Fantezi Maskesi K\u0131rm\u0131z\u0131\" \/>\n<meta property=\"og:description\" content=\"Deri Fantezi Maskesi, cinsel oyunlar\u0131n\u0131za gizemli ve heyecan verici bir boyut katmak i\u00e7in \u00f6zel olarak tasarlanm\u0131\u015ft\u0131r. Y\u00fcksek kaliteli deri malzemesi ve estetik tasar\u0131m\u0131 ile dikkat \u00e7eker. Esnek ve ayarlanabilir kay\u0131\u015flar\u0131, her v\u00fccut tipine uyum sa\u011flayarak konforlu bir deneyim sunar. Maskenin gizemli g\u00f6r\u00fcn\u00fcm\u00fc, cinsel deneyimlerinizi bamba\u015fka bir seviyeye ta\u015f\u0131yarak fantezi d\u00fcnyas\u0131n\u0131 ke\u015ffetmenize olanak tan\u0131r.\" \/>\n<meta property=\"og:url\" content=\"https:\/\/hobierotikshop.com.tr\/website1\/erotik-shop-urun\/deri-fantezi-maskesi-kirmizi\/\" \/>\n<meta property=\"og:site_name\" content=\"Bursa Erotik Shop\" \/>\n<meta property=\"article:modified_time\" content=\"2026-01-27T08:29:53+00:00\" \/>\n<meta property=\"og:image\" content=\"https:\/\/hobierotikshop.com.tr\/website1\/wp-content\/uploads\/2025\/03\/deri-fantezi-maskesi-kirmizi-1836-2.jpg\" \/>\n\t<meta property=\"og:image:width\" content=\"1500\" \/>\n\t<meta property=\"og:image:height\" content=\"1500\" \/>\n\t<meta property=\"og:image:type\" content=\"image\/jpeg\" \/>\n<meta name=\"twitter:card\" content=\"summary_large_image\" \/>\n<meta name=\"twitter:site\" content=\"@shopbursa\" \/>\n<meta name=\"twitter:label1\" content=\"Fiyat\" \/>\n\t<meta name=\"twitter:data1\" content=\"&#8378;700,00 KDV DAH\u0130L\" \/>\n\t<meta name=\"twitter:label2\" content=\"Availability\" \/>\n\t<meta name=\"twitter:data2\" content=\"In stock\" \/>\n<script type=\"application\/ld+json\" class=\"yoast-schema-graph\">{\"@context\":\"https:\/\/schema.org\",\"@graph\":[{\"@type\":\"WebPage\",\"@id\":\"https:\/\/hobierotikshop.com.tr\/website1\/erotik-shop-urun\/deri-fantezi-maskesi-kirmizi\/\",\"url\":\"https:\/\/hobierotikshop.com.tr\/website1\/erotik-shop-urun\/deri-fantezi-maskesi-kirmizi\/\",\"name\":\"Deri Fantezi Maskesi K\u0131rm\u0131z\u0131 - Bursa Erotik Shop\",\"isPartOf\":{\"@id\":\"https:\/\/hobierotikshop.com.tr\/website1\/#website\"},\"primaryImageOfPage\":{\"@id\":\"https:\/\/hobierotikshop.com.tr\/website1\/erotik-shop-urun\/deri-fantezi-maskesi-kirmizi\/#primaryimage\"},\"image\":{\"@id\":\"https:\/\/hobierotikshop.com.tr\/website1\/erotik-shop-urun\/deri-fantezi-maskesi-kirmizi\/#primaryimage\"},\"thumbnailUrl\":\"https:\/\/haremerotikshop.com\/site\/wp-content\/uploads\/2025\/03\/deri-fantezi-maskesi-kirmizi-1836-2.jpg\",\"datePublished\":\"2025-03-17T09:22:27+00:00\",\"dateModified\":\"2026-01-27T08:29:53+00:00\",\"breadcrumb\":{\"@id\":\"https:\/\/hobierotikshop.com.tr\/website1\/erotik-shop-urun\/deri-fantezi-maskesi-kirmizi\/#breadcrumb\"},\"inLanguage\":\"tr\",\"potentialAction\":[{\"@type\":\"ReadAction\",\"target\":[\"https:\/\/hobierotikshop.com.tr\/website1\/erotik-shop-urun\/deri-fantezi-maskesi-kirmizi\/\"]}]},{\"@type\":\"ImageObject\",\"inLanguage\":\"tr\",\"@id\":\"https:\/\/hobierotikshop.com.tr\/website1\/erotik-shop-urun\/deri-fantezi-maskesi-kirmizi\/#primaryimage\",\"url\":\"https:\/\/haremerotikshop.com\/site\/wp-content\/uploads\/2025\/03\/deri-fantezi-maskesi-kirmizi-1836-2.jpg\",\"contentUrl\":\"https:\/\/haremerotikshop.com\/site\/wp-content\/uploads\/2025\/03\/deri-fantezi-maskesi-kirmizi-1836-2.jpg\",\"width\":1500,\"height\":1500},{\"@type\":\"BreadcrumbList\",\"@id\":\"https:\/\/hobierotikshop.com.tr\/website1\/erotik-shop-urun\/deri-fantezi-maskesi-kirmizi\/#breadcrumb\",\"itemListElement\":[{\"@type\":\"ListItem\",\"position\":1,\"name\":\"Anasayfa\",\"item\":\"https:\/\/hobierotikshop.com.tr\/website1\/\"},{\"@type\":\"ListItem\",\"position\":2,\"name\":\"Erotik Shop \u00dcr\u00fcnleri\",\"item\":\"https:\/\/hobierotikshop.com.tr\/website1\/shop\/\"},{\"@type\":\"ListItem\",\"position\":3,\"name\":\"Deri Fantezi Maskesi K\u0131rm\u0131z\u0131\"}]},{\"@type\":\"WebSite\",\"@id\":\"https:\/\/hobierotikshop.com.tr\/website1\/#website\",\"url\":\"https:\/\/hobierotikshop.com.tr\/website1\/\",\"name\":\"Bursa Erotik Shop\",\"description\":\"Bursa Erotik Shop ile g\u00fcvenli, gizli ve kaliteli yeti\u015fkin \u00fcr\u00fcnleri al\u0131\u015fveri\u015fi! Geni\u015f \u00fcr\u00fcn yelpazemizi ke\u015ffedin, hemen sipari\u015f verin\",\"publisher\":{\"@id\":\"https:\/\/hobierotikshop.com.tr\/website1\/#organization\"},\"alternateName\":\"Erotik Shop\",\"potentialAction\":[{\"@type\":\"SearchAction\",\"target\":{\"@type\":\"EntryPoint\",\"urlTemplate\":\"https:\/\/hobierotikshop.com.tr\/website1\/?s={search_term_string}\"},\"query-input\":{\"@type\":\"PropertyValueSpecification\",\"valueRequired\":true,\"valueName\":\"search_term_string\"}}],\"inLanguage\":\"tr\"},{\"@type\":\"Organization\",\"@id\":\"https:\/\/hobierotikshop.com.tr\/website1\/#organization\",\"name\":\"Harem Bursa Erotik Shop\",\"url\":\"https:\/\/hobierotikshop.com.tr\/website1\/\",\"logo\":{\"@type\":\"ImageObject\",\"inLanguage\":\"tr\",\"@id\":\"https:\/\/hobierotikshop.com.tr\/website1\/#\/schema\/logo\/image\/\",\"url\":\"https:\/\/haremerotikshop.com\/site\/wp-content\/uploads\/2025\/03\/haremsexshop.png\",\"contentUrl\":\"https:\/\/haremerotikshop.com\/site\/wp-content\/uploads\/2025\/03\/haremsexshop.png\",\"width\":400,\"height\":100,\"caption\":\"Harem Bursa Erotik Shop\"},\"image\":{\"@id\":\"https:\/\/hobierotikshop.com.tr\/website1\/#\/schema\/logo\/image\/\"},\"sameAs\":[\"https:\/\/x.com\/shopbursa\"],\"publishingPrinciples\":\"https:\/\/hobierotikshop.com.tr\/website1\/mesafeli-satis-sozlesmesi\/\",\"ownershipFundingInfo\":\"https:\/\/hobierotikshop.com.tr\/website1\/contact-us\/\",\"actionableFeedbackPolicy\":\"https:\/\/hobierotikshop.com.tr\/website1\/contact-us\/\",\"correctionsPolicy\":\"https:\/\/hobierotikshop.com.tr\/website1\/mesafeli-satis-sozlesmesi\/\"}]}<\/script>\n<meta property=\"product:brand\" content=\"Pembe Tilki\" \/>\n<meta property=\"product:price:amount\" content=\"700.00\" \/>\n<meta property=\"product:price:currency\" content=\"TRY\" \/>\n<meta property=\"og:availability\" content=\"instock\" \/>\n<meta property=\"product:availability\" content=\"instock\" \/>\n<meta property=\"product:retailer_item_id\" content=\"PT-FFXG036R\" \/>\n<meta property=\"product:condition\" content=\"new\" \/>\n<!-- \/ Yoast SEO Premium plugin. -->","yoast_head_json":{"title":"Deri Fantezi Maskesi K\u0131rm\u0131z\u0131 - Bursa Erotik Shop","robots":{"index":"index","follow":"follow","max-snippet":"max-snippet:-1","max-image-preview":"max-image-preview:large","max-video-preview":"max-video-preview:-1"},"canonical":"https:\/\/hobierotikshop.com.tr\/website1\/erotik-shop-urun\/deri-fantezi-maskesi-kirmizi\/","og_locale":"tr_TR","og_type":"article","og_title":"Deri Fantezi Maskesi K\u0131rm\u0131z\u0131","og_description":"Deri Fantezi Maskesi, cinsel oyunlar\u0131n\u0131za gizemli ve heyecan verici bir boyut katmak i\u00e7in \u00f6zel olarak tasarlanm\u0131\u015ft\u0131r. Y\u00fcksek kaliteli deri malzemesi ve estetik tasar\u0131m\u0131 ile dikkat \u00e7eker. Esnek ve ayarlanabilir kay\u0131\u015flar\u0131, her v\u00fccut tipine uyum sa\u011flayarak konforlu bir deneyim sunar. Maskenin gizemli g\u00f6r\u00fcn\u00fcm\u00fc, cinsel deneyimlerinizi bamba\u015fka bir seviyeye ta\u015f\u0131yarak fantezi d\u00fcnyas\u0131n\u0131 ke\u015ffetmenize olanak tan\u0131r.","og_url":"https:\/\/hobierotikshop.com.tr\/website1\/erotik-shop-urun\/deri-fantezi-maskesi-kirmizi\/","og_site_name":"Bursa Erotik Shop","article_modified_time":"2026-01-27T08:29:53+00:00","og_image":[{"width":1500,"height":1500,"url":"https:\/\/hobierotikshop.com.tr\/website1\/wp-content\/uploads\/2025\/03\/deri-fantezi-maskesi-kirmizi-1836-2.jpg","type":"image\/jpeg"}],"twitter_card":"summary_large_image","twitter_site":"@shopbursa","twitter_misc":{"Fiyat":"&#8378;700,00 KDV DAH\u0130L","Availability":"In stock"},"schema":{"@context":"https:\/\/schema.org","@graph":[{"@type":"WebPage","@id":"https:\/\/hobierotikshop.com.tr\/website1\/erotik-shop-urun\/deri-fantezi-maskesi-kirmizi\/","url":"https:\/\/hobierotikshop.com.tr\/website1\/erotik-shop-urun\/deri-fantezi-maskesi-kirmizi\/","name":"Deri Fantezi Maskesi K\u0131rm\u0131z\u0131 - Bursa Erotik Shop","isPartOf":{"@id":"https:\/\/hobierotikshop.com.tr\/website1\/#website"},"primaryImageOfPage":{"@id":"https:\/\/hobierotikshop.com.tr\/website1\/erotik-shop-urun\/deri-fantezi-maskesi-kirmizi\/#primaryimage"},"image":{"@id":"https:\/\/hobierotikshop.com.tr\/website1\/erotik-shop-urun\/deri-fantezi-maskesi-kirmizi\/#primaryimage"},"thumbnailUrl":"https:\/\/haremerotikshop.com\/site\/wp-content\/uploads\/2025\/03\/deri-fantezi-maskesi-kirmizi-1836-2.jpg","datePublished":"2025-03-17T09:22:27+00:00","dateModified":"2026-01-27T08:29:53+00:00","breadcrumb":{"@id":"https:\/\/hobierotikshop.com.tr\/website1\/erotik-shop-urun\/deri-fantezi-maskesi-kirmizi\/#breadcrumb"},"inLanguage":"tr","potentialAction":[{"@type":"ReadAction","target":["https:\/\/hobierotikshop.com.tr\/website1\/erotik-shop-urun\/deri-fantezi-maskesi-kirmizi\/"]}]},{"@type":"ImageObject","inLanguage":"tr","@id":"https:\/\/hobierotikshop.com.tr\/website1\/erotik-shop-urun\/deri-fantezi-maskesi-kirmizi\/#primaryimage","url":"https:\/\/haremerotikshop.com\/site\/wp-content\/uploads\/2025\/03\/deri-fantezi-maskesi-kirmizi-1836-2.jpg","contentUrl":"https:\/\/haremerotikshop.com\/site\/wp-content\/uploads\/2025\/03\/deri-fantezi-maskesi-kirmizi-1836-2.jpg","width":1500,"height":1500},{"@type":"BreadcrumbList","@id":"https:\/\/hobierotikshop.com.tr\/website1\/erotik-shop-urun\/deri-fantezi-maskesi-kirmizi\/#breadcrumb","itemListElement":[{"@type":"ListItem","position":1,"name":"Anasayfa","item":"https:\/\/hobierotikshop.com.tr\/website1\/"},{"@type":"ListItem","position":2,"name":"Erotik Shop \u00dcr\u00fcnleri","item":"https:\/\/hobierotikshop.com.tr\/website1\/shop\/"},{"@type":"ListItem","position":3,"name":"Deri Fantezi Maskesi K\u0131rm\u0131z\u0131"}]},{"@type":"WebSite","@id":"https:\/\/hobierotikshop.com.tr\/website1\/#website","url":"https:\/\/hobierotikshop.com.tr\/website1\/","name":"Bursa Erotik Shop","description":"Bursa Erotik Shop ile g\u00fcvenli, gizli ve kaliteli yeti\u015fkin \u00fcr\u00fcnleri al\u0131\u015fveri\u015fi! Geni\u015f \u00fcr\u00fcn yelpazemizi ke\u015ffedin, hemen sipari\u015f verin","publisher":{"@id":"https:\/\/hobierotikshop.com.tr\/website1\/#organization"},"alternateName":"Erotik Shop","potentialAction":[{"@type":"SearchAction","target":{"@type":"EntryPoint","urlTemplate":"https:\/\/hobierotikshop.com.tr\/website1\/?s={search_term_string}"},"query-input":{"@type":"PropertyValueSpecification","valueRequired":true,"valueName":"search_term_string"}}],"inLanguage":"tr"},{"@type":"Organization","@id":"https:\/\/hobierotikshop.com.tr\/website1\/#organization","name":"Harem Bursa Erotik Shop","url":"https:\/\/hobierotikshop.com.tr\/website1\/","logo":{"@type":"ImageObject","inLanguage":"tr","@id":"https:\/\/hobierotikshop.com.tr\/website1\/#\/schema\/logo\/image\/","url":"https:\/\/haremerotikshop.com\/site\/wp-content\/uploads\/2025\/03\/haremsexshop.png","contentUrl":"https:\/\/haremerotikshop.com\/site\/wp-content\/uploads\/2025\/03\/haremsexshop.png","width":400,"height":100,"caption":"Harem Bursa Erotik Shop"},"image":{"@id":"https:\/\/hobierotikshop.com.tr\/website1\/#\/schema\/logo\/image\/"},"sameAs":["https:\/\/x.com\/shopbursa"],"publishingPrinciples":"https:\/\/hobierotikshop.com.tr\/website1\/mesafeli-satis-sozlesmesi\/","ownershipFundingInfo":"https:\/\/hobierotikshop.com.tr\/website1\/contact-us\/","actionableFeedbackPolicy":"https:\/\/hobierotikshop.com.tr\/website1\/contact-us\/","correctionsPolicy":"https:\/\/hobierotikshop.com.tr\/website1\/mesafeli-satis-sozlesmesi\/"}]},"product_brand":"Pembe Tilki","product_price_amount":"700.00","product_price_currency":"TRY","og_availability":"instock","product_availability":"instock","product_retailer_item_id":"PT-FFXG036R","product_condition":"new"},"_links":{"self":[{"href":"https:\/\/haremerotikshop.com\/site\/wp-json\/wp\/v2\/product\/18753","targetHints":{"allow":["GET"]}}],"collection":[{"href":"https:\/\/haremerotikshop.com\/site\/wp-json\/wp\/v2\/product"}],"about":[{"href":"https:\/\/haremerotikshop.com\/site\/wp-json\/wp\/v2\/types\/product"}],"replies":[{"embeddable":true,"href":"https:\/\/haremerotikshop.com\/site\/wp-json\/wp\/v2\/comments?post=18753"}],"version-history":[{"count":0,"href":"https:\/\/haremerotikshop.com\/site\/wp-json\/wp\/v2\/product\/18753\/revisions"}],"wp:featuredmedia":[{"embeddable":true,"href":"https:\/\/haremerotikshop.com\/site\/wp-json\/wp\/v2\/media\/18836"}],"wp:attachment":[{"href":"https:\/\/haremerotikshop.com\/site\/wp-json\/wp\/v2\/media?parent=18753"}],"wp:term":[{"taxonomy":"product_brand","embeddable":true,"href":"https:\/\/haremerotikshop.com\/site\/wp-json\/wp\/v2\/product_brand?post=18753"},{"taxonomy":"product_cat","embeddable":true,"href":"https:\/\/haremerotikshop.com\/site\/wp-json\/wp\/v2\/product_cat?post=18753"},{"taxonomy":"product_tag","embeddable":true,"href":"https:\/\/haremerotikshop.com\/site\/wp-json\/wp\/v2\/product_tag?post=18753"}],"curies":[{"name":"wp","href":"https:\/\/api.w.org\/{rel}","templated":true}]}}