{"id":18754,"date":"2025-03-17T12:22:27","date_gmt":"2025-03-17T09:22:27","guid":{"rendered":"https:\/\/haremerotikshop.com\/site\/?post_type=product&#038;p=18754"},"modified":"2026-01-27T11:30:20","modified_gmt":"2026-01-27T08:30:20","slug":"deri-paddle-pembe","status":"publish","type":"product","link":"https:\/\/haremerotikshop.com\/site\/erotik-shop-urun\/deri-paddle-pembe\/","title":{"rendered":"Deri Paddle Pembe"},"content":{"rendered":"<h3 data-start=\"0\" data-end=\"53\">Deri Paddle: Cinsel Deneyimlerinize Heyecan Kat\u0131n<\/h3>\n<p data-start=\"55\" data-end=\"552\"><strong data-start=\"55\" data-end=\"70\">Deri Paddle<\/strong>, cinsel oyunlar\u0131n\u0131za <strong data-start=\"92\" data-end=\"112\">farkl\u0131 bir boyut<\/strong> katmak ve <strong data-start=\"123\" data-end=\"150\">heyecan verici uyar\u0131lar<\/strong> sa\u011flamak i\u00e7in \u00f6zel olarak tasarlanm\u0131\u015f bir \u00fcr\u00fcnd\u00fcr. Y\u00fcksek kaliteli deri malzeme kullan\u0131larak \u00fcretilen bu paddle, sa\u011flam yap\u0131s\u0131yla uzun \u00f6m\u00fcrl\u00fcd\u00fcr ve <strong data-start=\"299\" data-end=\"320\">konforlu kullan\u0131m<\/strong> sunar. <strong data-start=\"328\" data-end=\"373\">30 cm uzunlu\u011funda ve 150 gram a\u011f\u0131rl\u0131\u011f\u0131nda<\/strong> olan bu \u00fcr\u00fcn, hem ta\u015f\u0131mas\u0131 hem de kullanmas\u0131 son derece kolayd\u0131r. Farkl\u0131 hisler ve uyar\u0131lar sunarak, cinsel deneyimlerinizi <strong data-start=\"498\" data-end=\"529\">yenilik\u00e7i ve heyecan verici<\/strong> bir hale getirecektir.<\/p>\n<h3 data-start=\"554\" data-end=\"575\">\u00dcr\u00fcn \u00d6zellikleri:<\/h3>\n<ul data-start=\"577\" data-end=\"1843\">\n<li data-start=\"577\" data-end=\"789\">\n<p data-start=\"579\" data-end=\"789\"><strong data-start=\"579\" data-end=\"597\">Uzunluk: 30 cm<\/strong><br data-start=\"597\" data-end=\"600\" \/>Deri Paddle, ideal <strong data-start=\"619\" data-end=\"637\">30 cm uzunlu\u011fu<\/strong> sayesinde rahat\u00e7a kullan\u0131labilir. Uygun uzunluk, <strong data-start=\"687\" data-end=\"706\">etkili uyar\u0131lar<\/strong> yapman\u0131za olanak tan\u0131r, bu sayede cinsel deneyimlerinizi daha zengin hale getirir.<\/p>\n<\/li>\n<li data-start=\"791\" data-end=\"983\">\n<p data-start=\"793\" data-end=\"983\"><strong data-start=\"793\" data-end=\"814\">A\u011f\u0131rl\u0131k: 150 gram<\/strong><br data-start=\"814\" data-end=\"817\" \/><strong data-start=\"817\" data-end=\"847\">150 graml\u0131k hafif a\u011f\u0131rl\u0131\u011f\u0131<\/strong> ile ta\u015f\u0131mas\u0131 kolayd\u0131r ve kullan\u0131rken fazla a\u011f\u0131rl\u0131k hissi vermez. Uzun s\u00fcreli kullan\u0131mlarda bile konforu artt\u0131r\u0131r ve yorgunluk yaratmaz.<\/p>\n<\/li>\n<li data-start=\"985\" data-end=\"1204\">\n<p data-start=\"987\" data-end=\"1204\"><strong data-start=\"987\" data-end=\"1012\">Kaliteli Deri Malzeme<\/strong><br data-start=\"1012\" data-end=\"1015\" \/>Y\u00fcksek kaliteli <strong data-start=\"1031\" data-end=\"1047\">deri malzeme<\/strong> kullan\u0131larak \u00fcretilmi\u015ftir. Deri, sa\u011flaml\u0131\u011f\u0131 ve dayan\u0131kl\u0131l\u0131\u011f\u0131yla \u00f6ne \u00e7\u0131kar. <strong data-start=\"1123\" data-end=\"1147\">Cilde zarar vermeyen<\/strong>, <strong data-start=\"1149\" data-end=\"1167\">yumu\u015fak dokusu<\/strong> sayesinde rahat bir kullan\u0131m sa\u011flar.<\/p>\n<\/li>\n<li data-start=\"1206\" data-end=\"1389\">\n<p data-start=\"1208\" data-end=\"1389\"><strong data-start=\"1208\" data-end=\"1236\">Sa\u011flam ve Dayan\u0131kl\u0131 Yap\u0131<\/strong><br data-start=\"1236\" data-end=\"1239\" \/>Bu paddle, sa\u011flam ve <strong data-start=\"1260\" data-end=\"1280\">dayan\u0131kl\u0131 yap\u0131s\u0131<\/strong> ile uzun \u00f6m\u00fcrl\u00fcd\u00fcr. D\u00fczenli kullan\u0131mda bile <strong data-start=\"1325\" data-end=\"1346\">formunu kaybetmez<\/strong>, y\u0131llarca sorunsuz \u015fekilde kullan\u0131labilir.<\/p>\n<\/li>\n<li data-start=\"1391\" data-end=\"1626\">\n<p data-start=\"1393\" data-end=\"1626\"><strong data-start=\"1393\" data-end=\"1422\">Farkl\u0131 Hisler ve Uyar\u0131lar<\/strong><br data-start=\"1422\" data-end=\"1425\" \/>Deri Paddle, <strong data-start=\"1438\" data-end=\"1455\">farkl\u0131 hisler<\/strong> ve <strong data-start=\"1459\" data-end=\"1471\">uyar\u0131lar<\/strong> sa\u011flayarak cinsel deneyimlerinizi daha heyecanl\u0131 hale getirir. Hem <strong data-start=\"1539\" data-end=\"1561\">yumu\u015fak dokunu\u015flar<\/strong> hem de <strong data-start=\"1569\" data-end=\"1590\">daha sert etkiler<\/strong> ile farkl\u0131 tatmin seviyeleri sunar.<\/p>\n<\/li>\n<li data-start=\"1628\" data-end=\"1843\">\n<p data-start=\"1630\" data-end=\"1843\"><strong data-start=\"1630\" data-end=\"1658\">Kolay Kullan\u0131m ve Ta\u015f\u0131ma<\/strong><br data-start=\"1658\" data-end=\"1661\" \/><strong data-start=\"1661\" data-end=\"1677\">Hafif yap\u0131s\u0131<\/strong> sayesinde, bu paddle&#8217;\u0131 <strong data-start=\"1701\" data-end=\"1712\">ta\u015f\u0131mak<\/strong> ve kullanmak son derece kolayd\u0131r. Evde kullanabilece\u011finiz gibi, <strong data-start=\"1777\" data-end=\"1790\">seyahatte<\/strong> veya <strong data-start=\"1796\" data-end=\"1814\">d\u0131\u015f mekanlarda<\/strong> da rahat\u00e7a ta\u015f\u0131yabilirsiniz.<\/p>\n<\/li>\n<\/ul>\n<h3 data-start=\"1845\" data-end=\"1861\">Hedef Kitle:<\/h3>\n<ul data-start=\"1863\" data-end=\"2330\">\n<li data-start=\"1863\" data-end=\"2045\"><strong data-start=\"1865\" data-end=\"1930\">Yeti\u015fkinler aras\u0131nda cinsel ke\u015fif ve deneyimlere a\u00e7\u0131k olanlar<\/strong>: Farkl\u0131 <strong data-start=\"1939\" data-end=\"1960\">cinsel deneyimler<\/strong> ya\u015famak ve <strong data-start=\"1972\" data-end=\"1989\">fantezilerini<\/strong> hayata ge\u00e7irmek isteyenler i\u00e7in m\u00fckemmel bir tercihtir.<\/li>\n<li data-start=\"2046\" data-end=\"2201\"><strong data-start=\"2048\" data-end=\"2104\">Fantezi \u00fcr\u00fcnleri satan perakendeciler ve toptanc\u0131lar<\/strong>: Cinsel oyunlar ve <strong data-start=\"2124\" data-end=\"2144\">fantezi \u00fcr\u00fcnleri<\/strong> satan d\u00fckkanlar ve online ma\u011fazalar i\u00e7in ideal bir \u00fcr\u00fcn.<\/li>\n<li data-start=\"2202\" data-end=\"2330\"><strong data-start=\"2204\" data-end=\"2244\">Cinsel ke\u015fif yapmaya istekli \u00e7iftler<\/strong>: Cinsel deneyimlerini <strong data-start=\"2267\" data-end=\"2285\">heyecan verici<\/strong> hale getirmek isteyen \u00e7iftler i\u00e7in idealdir.<\/li>\n<\/ul>\n<h3 data-start=\"2332\" data-end=\"2355\">G\u00fcvenlik ve Kalite:<\/h3>\n<p data-start=\"2357\" data-end=\"2748\"><strong data-start=\"2357\" data-end=\"2372\">Deri Paddle<\/strong>, y\u00fcksek kaliteli malzemeler kullan\u0131larak \u00fcretilmi\u015ftir. T\u00fcm \u00fcr\u00fcnler, g\u00fcvenli ve dayan\u0131kl\u0131 olmas\u0131na \u00f6zen g\u00f6sterilerek <strong data-start=\"2489\" data-end=\"2527\">titiz kalite kontrol s\u00fcre\u00e7lerinden<\/strong> ge\u00e7irilir. Kullan\u0131c\u0131lar\u0131n <strong data-start=\"2554\" data-end=\"2582\">sa\u011fl\u0131\u011f\u0131n\u0131 ve g\u00fcvenli\u011fini<\/strong> \u00f6n planda tutarak \u00fcretilen bu \u00fcr\u00fcn, uzun s\u00fcreli kullan\u0131mda dahi <strong data-start=\"2647\" data-end=\"2664\">formunu korur<\/strong>. Ayr\u0131ca <strong data-start=\"2673\" data-end=\"2695\">cilt dostu malzeme<\/strong> kullan\u0131larak, rahat ve g\u00fcvenli bir deneyim sa\u011flan\u0131r.<\/p>\n<h3 data-start=\"2750\" data-end=\"2760\">Sonu\u00e7:<\/h3>\n<p data-start=\"2762\" data-end=\"3087\" data-is-last-node=\"\" data-is-only-node=\"\"><strong data-start=\"2762\" data-end=\"2777\">Deri Paddle<\/strong>, cinsel deneyimlerinize <strong data-start=\"2802\" data-end=\"2832\">yenilik, heyecan ve tatmin<\/strong> katmak i\u00e7in m\u00fckemmel bir \u00fcr\u00fcnd\u00fcr. <strong data-start=\"2867\" data-end=\"2898\">Hafif, dayan\u0131kl\u0131 ve estetik<\/strong> yap\u0131s\u0131yla, her kullan\u0131c\u0131ya <strong data-start=\"2926\" data-end=\"2961\">konforlu ve g\u00fcvenli bir deneyim<\/strong> sunar. Farkl\u0131 uyar\u0131lar ve <strong data-start=\"2988\" data-end=\"3018\">\u00e7e\u015fitli tatmin se\u00e7enekleri<\/strong>yle <strong data-start=\"3022\" data-end=\"3041\">fantezilerinizi<\/strong> ger\u00e7e\u011fe d\u00f6n\u00fc\u015ft\u00fcrmek i\u00e7in ideal bir tercihtir!<\/p>\n","protected":false},"excerpt":{"rendered":"<p><strong data-start=\"55\" data-end=\"70\">Deri Paddle<\/strong>, cinsel oyunlar\u0131n\u0131za <strong data-start=\"92\" data-end=\"112\">farkl\u0131 bir boyut<\/strong> katmak ve <strong data-start=\"123\" data-end=\"150\">heyecan verici uyar\u0131lar<\/strong> sa\u011flamak i\u00e7in \u00f6zel olarak tasarlanm\u0131\u015f bir \u00fcr\u00fcnd\u00fcr. Y\u00fcksek kaliteli deri malzeme kullan\u0131larak \u00fcretilen bu paddle, sa\u011flam yap\u0131s\u0131yla uzun \u00f6m\u00fcrl\u00fcd\u00fcr ve <strong data-start=\"299\" data-end=\"320\">konforlu kullan\u0131m<\/strong> sunar. <strong data-start=\"328\" data-end=\"373\">30 cm uzunlu\u011funda ve 150 gram a\u011f\u0131rl\u0131\u011f\u0131nda<\/strong> olan bu \u00fcr\u00fcn, hem ta\u015f\u0131mas\u0131 hem de kullanmas\u0131 son derece kolayd\u0131r. Farkl\u0131 hisler ve uyar\u0131lar sunarak, cinsel deneyimlerinizi <strong data-start=\"498\" data-end=\"529\">yenilik\u00e7i ve heyecan verici<\/strong> bir hale getirecektir.<\/p>\n","protected":false},"featured_media":18838,"comment_status":"open","ping_status":"closed","template":"","meta":[],"product_brand":[127],"product_cat":[100],"product_tag":[207],"class_list":{"0":"post-18754","1":"product","2":"type-product","3":"status-publish","4":"has-post-thumbnail","6":"product_brand-pembe-tilki","7":"product_cat-fantezi-fetis","8":"product_tag-deri-paddle-pembe","10":"first","11":"instock","12":"taxable","13":"shipping-taxable","14":"purchasable","15":"product-type-simple"},"yoast_head":"<!-- This site is optimized with the Yoast SEO Premium plugin v24.4 (Yoast SEO v27.1.1) - https:\/\/yoast.com\/product\/yoast-seo-premium-wordpress\/ -->\n<title>Deri Paddle Pembe - Bursa Erotik Shop<\/title>\n<meta name=\"robots\" content=\"index, follow, max-snippet:-1, max-image-preview:large, max-video-preview:-1\" \/>\n<link rel=\"canonical\" href=\"https:\/\/hobierotikshop.com.tr\/website1\/erotik-shop-urun\/deri-paddle-pembe\/\" \/>\n<meta property=\"og:locale\" content=\"tr_TR\" \/>\n<meta property=\"og:type\" content=\"article\" \/>\n<meta property=\"og:title\" content=\"Deri Paddle Pembe\" \/>\n<meta property=\"og:description\" content=\"Deri Paddle, cinsel oyunlar\u0131n\u0131za farkl\u0131 bir boyut katmak ve heyecan verici uyar\u0131lar sa\u011flamak i\u00e7in \u00f6zel olarak tasarlanm\u0131\u015f bir \u00fcr\u00fcnd\u00fcr. Y\u00fcksek kaliteli deri malzeme kullan\u0131larak \u00fcretilen bu paddle, sa\u011flam yap\u0131s\u0131yla uzun \u00f6m\u00fcrl\u00fcd\u00fcr ve konforlu kullan\u0131m sunar. 30 cm uzunlu\u011funda ve 150 gram a\u011f\u0131rl\u0131\u011f\u0131nda olan bu \u00fcr\u00fcn, hem ta\u015f\u0131mas\u0131 hem de kullanmas\u0131 son derece kolayd\u0131r. Farkl\u0131 hisler ve uyar\u0131lar sunarak, cinsel deneyimlerinizi yenilik\u00e7i ve heyecan verici bir hale getirecektir.\" \/>\n<meta property=\"og:url\" content=\"https:\/\/hobierotikshop.com.tr\/website1\/erotik-shop-urun\/deri-paddle-pembe\/\" \/>\n<meta property=\"og:site_name\" content=\"Bursa Erotik Shop\" \/>\n<meta property=\"article:modified_time\" content=\"2026-01-27T08:30:20+00:00\" \/>\n<meta property=\"og:image\" content=\"https:\/\/hobierotikshop.com.tr\/website1\/wp-content\/uploads\/2025\/03\/deri-paddle-pembe-1837-2.jpg\" \/>\n\t<meta property=\"og:image:width\" content=\"1500\" \/>\n\t<meta property=\"og:image:height\" content=\"1500\" \/>\n\t<meta property=\"og:image:type\" content=\"image\/jpeg\" \/>\n<meta name=\"twitter:card\" content=\"summary_large_image\" \/>\n<meta name=\"twitter:site\" content=\"@shopbursa\" \/>\n<meta name=\"twitter:label1\" content=\"Fiyat\" \/>\n\t<meta name=\"twitter:data1\" content=\"&#8378;700,00 KDV DAH\u0130L\" \/>\n\t<meta name=\"twitter:label2\" content=\"Availability\" \/>\n\t<meta name=\"twitter:data2\" content=\"In stock\" \/>\n<script type=\"application\/ld+json\" class=\"yoast-schema-graph\">{\"@context\":\"https:\/\/schema.org\",\"@graph\":[{\"@type\":\"WebPage\",\"@id\":\"https:\/\/hobierotikshop.com.tr\/website1\/erotik-shop-urun\/deri-paddle-pembe\/\",\"url\":\"https:\/\/hobierotikshop.com.tr\/website1\/erotik-shop-urun\/deri-paddle-pembe\/\",\"name\":\"Deri Paddle Pembe - Bursa Erotik Shop\",\"isPartOf\":{\"@id\":\"https:\/\/hobierotikshop.com.tr\/website1\/#website\"},\"primaryImageOfPage\":{\"@id\":\"https:\/\/hobierotikshop.com.tr\/website1\/erotik-shop-urun\/deri-paddle-pembe\/#primaryimage\"},\"image\":{\"@id\":\"https:\/\/hobierotikshop.com.tr\/website1\/erotik-shop-urun\/deri-paddle-pembe\/#primaryimage\"},\"thumbnailUrl\":\"https:\/\/haremerotikshop.com\/site\/wp-content\/uploads\/2025\/03\/deri-paddle-pembe-1837-2.jpg\",\"datePublished\":\"2025-03-17T09:22:27+00:00\",\"dateModified\":\"2026-01-27T08:30:20+00:00\",\"breadcrumb\":{\"@id\":\"https:\/\/hobierotikshop.com.tr\/website1\/erotik-shop-urun\/deri-paddle-pembe\/#breadcrumb\"},\"inLanguage\":\"tr\",\"potentialAction\":[{\"@type\":\"ReadAction\",\"target\":[\"https:\/\/hobierotikshop.com.tr\/website1\/erotik-shop-urun\/deri-paddle-pembe\/\"]}]},{\"@type\":\"ImageObject\",\"inLanguage\":\"tr\",\"@id\":\"https:\/\/hobierotikshop.com.tr\/website1\/erotik-shop-urun\/deri-paddle-pembe\/#primaryimage\",\"url\":\"https:\/\/haremerotikshop.com\/site\/wp-content\/uploads\/2025\/03\/deri-paddle-pembe-1837-2.jpg\",\"contentUrl\":\"https:\/\/haremerotikshop.com\/site\/wp-content\/uploads\/2025\/03\/deri-paddle-pembe-1837-2.jpg\",\"width\":1500,\"height\":1500},{\"@type\":\"BreadcrumbList\",\"@id\":\"https:\/\/hobierotikshop.com.tr\/website1\/erotik-shop-urun\/deri-paddle-pembe\/#breadcrumb\",\"itemListElement\":[{\"@type\":\"ListItem\",\"position\":1,\"name\":\"Anasayfa\",\"item\":\"https:\/\/hobierotikshop.com.tr\/website1\/\"},{\"@type\":\"ListItem\",\"position\":2,\"name\":\"Erotik Shop \u00dcr\u00fcnleri\",\"item\":\"https:\/\/hobierotikshop.com.tr\/website1\/shop\/\"},{\"@type\":\"ListItem\",\"position\":3,\"name\":\"Deri Paddle Pembe\"}]},{\"@type\":\"WebSite\",\"@id\":\"https:\/\/hobierotikshop.com.tr\/website1\/#website\",\"url\":\"https:\/\/hobierotikshop.com.tr\/website1\/\",\"name\":\"Bursa Erotik Shop\",\"description\":\"Bursa Erotik Shop ile g\u00fcvenli, gizli ve kaliteli yeti\u015fkin \u00fcr\u00fcnleri al\u0131\u015fveri\u015fi! Geni\u015f \u00fcr\u00fcn yelpazemizi ke\u015ffedin, hemen sipari\u015f verin\",\"publisher\":{\"@id\":\"https:\/\/hobierotikshop.com.tr\/website1\/#organization\"},\"alternateName\":\"Erotik Shop\",\"potentialAction\":[{\"@type\":\"SearchAction\",\"target\":{\"@type\":\"EntryPoint\",\"urlTemplate\":\"https:\/\/hobierotikshop.com.tr\/website1\/?s={search_term_string}\"},\"query-input\":{\"@type\":\"PropertyValueSpecification\",\"valueRequired\":true,\"valueName\":\"search_term_string\"}}],\"inLanguage\":\"tr\"},{\"@type\":\"Organization\",\"@id\":\"https:\/\/hobierotikshop.com.tr\/website1\/#organization\",\"name\":\"Harem Bursa Erotik Shop\",\"url\":\"https:\/\/hobierotikshop.com.tr\/website1\/\",\"logo\":{\"@type\":\"ImageObject\",\"inLanguage\":\"tr\",\"@id\":\"https:\/\/hobierotikshop.com.tr\/website1\/#\/schema\/logo\/image\/\",\"url\":\"https:\/\/haremerotikshop.com\/site\/wp-content\/uploads\/2025\/03\/haremsexshop.png\",\"contentUrl\":\"https:\/\/haremerotikshop.com\/site\/wp-content\/uploads\/2025\/03\/haremsexshop.png\",\"width\":400,\"height\":100,\"caption\":\"Harem Bursa Erotik Shop\"},\"image\":{\"@id\":\"https:\/\/hobierotikshop.com.tr\/website1\/#\/schema\/logo\/image\/\"},\"sameAs\":[\"https:\/\/x.com\/shopbursa\"],\"publishingPrinciples\":\"https:\/\/hobierotikshop.com.tr\/website1\/mesafeli-satis-sozlesmesi\/\",\"ownershipFundingInfo\":\"https:\/\/hobierotikshop.com.tr\/website1\/contact-us\/\",\"actionableFeedbackPolicy\":\"https:\/\/hobierotikshop.com.tr\/website1\/contact-us\/\",\"correctionsPolicy\":\"https:\/\/hobierotikshop.com.tr\/website1\/mesafeli-satis-sozlesmesi\/\"}]}<\/script>\n<meta property=\"product:brand\" content=\"Pembe Tilki\" \/>\n<meta property=\"product:price:amount\" content=\"700.00\" \/>\n<meta property=\"product:price:currency\" content=\"TRY\" \/>\n<meta property=\"og:availability\" content=\"instock\" \/>\n<meta property=\"product:availability\" content=\"instock\" \/>\n<meta property=\"product:retailer_item_id\" content=\"PT-FFXG068PNK\" \/>\n<meta property=\"product:condition\" content=\"new\" \/>\n<!-- \/ Yoast SEO Premium plugin. -->","yoast_head_json":{"title":"Deri Paddle Pembe - Bursa Erotik Shop","robots":{"index":"index","follow":"follow","max-snippet":"max-snippet:-1","max-image-preview":"max-image-preview:large","max-video-preview":"max-video-preview:-1"},"canonical":"https:\/\/hobierotikshop.com.tr\/website1\/erotik-shop-urun\/deri-paddle-pembe\/","og_locale":"tr_TR","og_type":"article","og_title":"Deri Paddle Pembe","og_description":"Deri Paddle, cinsel oyunlar\u0131n\u0131za farkl\u0131 bir boyut katmak ve heyecan verici uyar\u0131lar sa\u011flamak i\u00e7in \u00f6zel olarak tasarlanm\u0131\u015f bir \u00fcr\u00fcnd\u00fcr. Y\u00fcksek kaliteli deri malzeme kullan\u0131larak \u00fcretilen bu paddle, sa\u011flam yap\u0131s\u0131yla uzun \u00f6m\u00fcrl\u00fcd\u00fcr ve konforlu kullan\u0131m sunar. 30 cm uzunlu\u011funda ve 150 gram a\u011f\u0131rl\u0131\u011f\u0131nda olan bu \u00fcr\u00fcn, hem ta\u015f\u0131mas\u0131 hem de kullanmas\u0131 son derece kolayd\u0131r. Farkl\u0131 hisler ve uyar\u0131lar sunarak, cinsel deneyimlerinizi yenilik\u00e7i ve heyecan verici bir hale getirecektir.","og_url":"https:\/\/hobierotikshop.com.tr\/website1\/erotik-shop-urun\/deri-paddle-pembe\/","og_site_name":"Bursa Erotik Shop","article_modified_time":"2026-01-27T08:30:20+00:00","og_image":[{"width":1500,"height":1500,"url":"https:\/\/hobierotikshop.com.tr\/website1\/wp-content\/uploads\/2025\/03\/deri-paddle-pembe-1837-2.jpg","type":"image\/jpeg"}],"twitter_card":"summary_large_image","twitter_site":"@shopbursa","twitter_misc":{"Fiyat":"&#8378;700,00 KDV DAH\u0130L","Availability":"In stock"},"schema":{"@context":"https:\/\/schema.org","@graph":[{"@type":"WebPage","@id":"https:\/\/hobierotikshop.com.tr\/website1\/erotik-shop-urun\/deri-paddle-pembe\/","url":"https:\/\/hobierotikshop.com.tr\/website1\/erotik-shop-urun\/deri-paddle-pembe\/","name":"Deri Paddle Pembe - Bursa Erotik Shop","isPartOf":{"@id":"https:\/\/hobierotikshop.com.tr\/website1\/#website"},"primaryImageOfPage":{"@id":"https:\/\/hobierotikshop.com.tr\/website1\/erotik-shop-urun\/deri-paddle-pembe\/#primaryimage"},"image":{"@id":"https:\/\/hobierotikshop.com.tr\/website1\/erotik-shop-urun\/deri-paddle-pembe\/#primaryimage"},"thumbnailUrl":"https:\/\/haremerotikshop.com\/site\/wp-content\/uploads\/2025\/03\/deri-paddle-pembe-1837-2.jpg","datePublished":"2025-03-17T09:22:27+00:00","dateModified":"2026-01-27T08:30:20+00:00","breadcrumb":{"@id":"https:\/\/hobierotikshop.com.tr\/website1\/erotik-shop-urun\/deri-paddle-pembe\/#breadcrumb"},"inLanguage":"tr","potentialAction":[{"@type":"ReadAction","target":["https:\/\/hobierotikshop.com.tr\/website1\/erotik-shop-urun\/deri-paddle-pembe\/"]}]},{"@type":"ImageObject","inLanguage":"tr","@id":"https:\/\/hobierotikshop.com.tr\/website1\/erotik-shop-urun\/deri-paddle-pembe\/#primaryimage","url":"https:\/\/haremerotikshop.com\/site\/wp-content\/uploads\/2025\/03\/deri-paddle-pembe-1837-2.jpg","contentUrl":"https:\/\/haremerotikshop.com\/site\/wp-content\/uploads\/2025\/03\/deri-paddle-pembe-1837-2.jpg","width":1500,"height":1500},{"@type":"BreadcrumbList","@id":"https:\/\/hobierotikshop.com.tr\/website1\/erotik-shop-urun\/deri-paddle-pembe\/#breadcrumb","itemListElement":[{"@type":"ListItem","position":1,"name":"Anasayfa","item":"https:\/\/hobierotikshop.com.tr\/website1\/"},{"@type":"ListItem","position":2,"name":"Erotik Shop \u00dcr\u00fcnleri","item":"https:\/\/hobierotikshop.com.tr\/website1\/shop\/"},{"@type":"ListItem","position":3,"name":"Deri Paddle Pembe"}]},{"@type":"WebSite","@id":"https:\/\/hobierotikshop.com.tr\/website1\/#website","url":"https:\/\/hobierotikshop.com.tr\/website1\/","name":"Bursa Erotik Shop","description":"Bursa Erotik Shop ile g\u00fcvenli, gizli ve kaliteli yeti\u015fkin \u00fcr\u00fcnleri al\u0131\u015fveri\u015fi! Geni\u015f \u00fcr\u00fcn yelpazemizi ke\u015ffedin, hemen sipari\u015f verin","publisher":{"@id":"https:\/\/hobierotikshop.com.tr\/website1\/#organization"},"alternateName":"Erotik Shop","potentialAction":[{"@type":"SearchAction","target":{"@type":"EntryPoint","urlTemplate":"https:\/\/hobierotikshop.com.tr\/website1\/?s={search_term_string}"},"query-input":{"@type":"PropertyValueSpecification","valueRequired":true,"valueName":"search_term_string"}}],"inLanguage":"tr"},{"@type":"Organization","@id":"https:\/\/hobierotikshop.com.tr\/website1\/#organization","name":"Harem Bursa Erotik Shop","url":"https:\/\/hobierotikshop.com.tr\/website1\/","logo":{"@type":"ImageObject","inLanguage":"tr","@id":"https:\/\/hobierotikshop.com.tr\/website1\/#\/schema\/logo\/image\/","url":"https:\/\/haremerotikshop.com\/site\/wp-content\/uploads\/2025\/03\/haremsexshop.png","contentUrl":"https:\/\/haremerotikshop.com\/site\/wp-content\/uploads\/2025\/03\/haremsexshop.png","width":400,"height":100,"caption":"Harem Bursa Erotik Shop"},"image":{"@id":"https:\/\/hobierotikshop.com.tr\/website1\/#\/schema\/logo\/image\/"},"sameAs":["https:\/\/x.com\/shopbursa"],"publishingPrinciples":"https:\/\/hobierotikshop.com.tr\/website1\/mesafeli-satis-sozlesmesi\/","ownershipFundingInfo":"https:\/\/hobierotikshop.com.tr\/website1\/contact-us\/","actionableFeedbackPolicy":"https:\/\/hobierotikshop.com.tr\/website1\/contact-us\/","correctionsPolicy":"https:\/\/hobierotikshop.com.tr\/website1\/mesafeli-satis-sozlesmesi\/"}]},"product_brand":"Pembe Tilki","product_price_amount":"700.00","product_price_currency":"TRY","og_availability":"instock","product_availability":"instock","product_retailer_item_id":"PT-FFXG068PNK","product_condition":"new"},"_links":{"self":[{"href":"https:\/\/haremerotikshop.com\/site\/wp-json\/wp\/v2\/product\/18754","targetHints":{"allow":["GET"]}}],"collection":[{"href":"https:\/\/haremerotikshop.com\/site\/wp-json\/wp\/v2\/product"}],"about":[{"href":"https:\/\/haremerotikshop.com\/site\/wp-json\/wp\/v2\/types\/product"}],"replies":[{"embeddable":true,"href":"https:\/\/haremerotikshop.com\/site\/wp-json\/wp\/v2\/comments?post=18754"}],"version-history":[{"count":0,"href":"https:\/\/haremerotikshop.com\/site\/wp-json\/wp\/v2\/product\/18754\/revisions"}],"wp:featuredmedia":[{"embeddable":true,"href":"https:\/\/haremerotikshop.com\/site\/wp-json\/wp\/v2\/media\/18838"}],"wp:attachment":[{"href":"https:\/\/haremerotikshop.com\/site\/wp-json\/wp\/v2\/media?parent=18754"}],"wp:term":[{"taxonomy":"product_brand","embeddable":true,"href":"https:\/\/haremerotikshop.com\/site\/wp-json\/wp\/v2\/product_brand?post=18754"},{"taxonomy":"product_cat","embeddable":true,"href":"https:\/\/haremerotikshop.com\/site\/wp-json\/wp\/v2\/product_cat?post=18754"},{"taxonomy":"product_tag","embeddable":true,"href":"https:\/\/haremerotikshop.com\/site\/wp-json\/wp\/v2\/product_tag?post=18754"}],"curies":[{"name":"wp","href":"https:\/\/api.w.org\/{rel}","templated":true}]}}