{"id":18755,"date":"2025-03-17T12:22:27","date_gmt":"2025-03-17T09:22:27","guid":{"rendered":"https:\/\/haremerotikshop.com\/site\/?post_type=product&#038;p=18755"},"modified":"2026-01-27T11:30:32","modified_gmt":"2026-01-27T08:30:32","slug":"deri-paddle-siyah","status":"publish","type":"product","link":"https:\/\/haremerotikshop.com\/site\/erotik-shop-urun\/deri-paddle-siyah\/","title":{"rendered":"Deri Paddle Siyah"},"content":{"rendered":"<h3 data-start=\"0\" data-end=\"53\">Deri Paddle: Cinsel Deneyimlerinize Heyecan Kat\u0131n<\/h3>\n<p data-start=\"55\" data-end=\"479\"><strong data-start=\"55\" data-end=\"70\">Deri Paddle<\/strong>, cinsel ke\u015fif ve fantezi d\u00fcnyas\u0131na yeni bir boyut katmak isteyenler i\u00e7in \u00f6zel olarak tasarlanm\u0131\u015f bir \u00fcr\u00fcnd\u00fcr. <strong data-start=\"181\" data-end=\"199\">30 cm uzunlu\u011fu<\/strong> ve <strong data-start=\"203\" data-end=\"228\">150 graml\u0131k hafifli\u011fi<\/strong> ile ta\u015f\u0131mas\u0131 ve kullan\u0131m\u0131 son derece kolay olan bu paddle, <strong data-start=\"288\" data-end=\"320\">y\u00fcksek kaliteli deri malzeme<\/strong> kullan\u0131larak \u00fcretilmi\u015ftir. Hem sa\u011flam yap\u0131s\u0131 hem de sa\u011flad\u0131\u011f\u0131 \u00e7e\u015fitli hisler ve uyar\u0131lar ile deneyimlerinizi daha heyecan verici ve tatmin edici hale getirir.<\/p>\n<h3 data-start=\"481\" data-end=\"502\">\u00dcr\u00fcn \u00d6zellikleri:<\/h3>\n<ul data-start=\"504\" data-end=\"1986\">\n<li data-start=\"504\" data-end=\"735\">\n<p data-start=\"506\" data-end=\"735\"><strong data-start=\"506\" data-end=\"524\">Uzunluk: 30 cm<\/strong><br data-start=\"524\" data-end=\"527\" \/>Deri Paddle, <strong data-start=\"540\" data-end=\"558\">30 cm uzunlu\u011fu<\/strong> ile ideal bir kullan\u0131m sunar. Hem yeterli uzunlukta hem de rahat\u00e7a kontrol edilebilecek \u00f6l\u00e7\u00fcde olan bu paddle, g\u00fc\u00e7l\u00fc ve dikkatli dokunu\u015flarla cinsel deneyimlerinizi d\u00f6n\u00fc\u015ft\u00fcr\u00fcr.<\/p>\n<\/li>\n<li data-start=\"737\" data-end=\"998\">\n<p data-start=\"739\" data-end=\"998\"><strong data-start=\"739\" data-end=\"760\">A\u011f\u0131rl\u0131k: 150 gram<\/strong><br data-start=\"760\" data-end=\"763\" \/><strong data-start=\"763\" data-end=\"787\">150 gram a\u011f\u0131rl\u0131\u011f\u0131nda<\/strong> olan bu paddle, hafifli\u011fi ile pratik kullan\u0131m sa\u011flar. Uzun s\u00fcreli kullan\u0131mda bile kullan\u0131c\u0131y\u0131 yormaz ve konforlu bir deneyim sunar. Ayn\u0131 zamanda ta\u015f\u0131mas\u0131 son derece kolayd\u0131r, her ortamda rahat\u00e7a kullan\u0131labilir.<\/p>\n<\/li>\n<li data-start=\"1000\" data-end=\"1254\">\n<p data-start=\"1002\" data-end=\"1254\"><strong data-start=\"1002\" data-end=\"1027\">Kaliteli Deri Malzeme<\/strong><br data-start=\"1027\" data-end=\"1030\" \/>Y\u00fcksek kaliteli <strong data-start=\"1046\" data-end=\"1062\">deri malzeme<\/strong> kullan\u0131larak \u00fcretilen bu paddle, dayan\u0131kl\u0131l\u0131k ve \u015f\u0131kl\u0131\u011f\u0131 bir araya getirir. Derinin kaliteli yap\u0131s\u0131, hem g\u00f6rsel hem de dokunsal olarak keyifli bir deneyim sa\u011flar. Ciltle temas\u0131 da g\u00fcvenlidir.<\/p>\n<\/li>\n<li data-start=\"1256\" data-end=\"1474\">\n<p data-start=\"1258\" data-end=\"1474\"><strong data-start=\"1258\" data-end=\"1286\">Sa\u011flam ve Dayan\u0131kl\u0131 Yap\u0131<\/strong><br data-start=\"1286\" data-end=\"1289\" \/>Bu paddle, sa\u011flam yap\u0131s\u0131 sayesinde uzun s\u00fcreli kullan\u0131mda bile formunu korur. Derisi, g\u00fc\u00e7l\u00fc darbelere ve bask\u0131lara dayan\u0131kl\u0131d\u0131r, b\u00f6ylece her deneyimden maksimum keyif al\u0131nmas\u0131n\u0131 sa\u011flar.<\/p>\n<\/li>\n<li data-start=\"1476\" data-end=\"1779\">\n<p data-start=\"1478\" data-end=\"1779\"><strong data-start=\"1478\" data-end=\"1514\">Farkl\u0131 Hisler ve Uyar\u0131lar Sa\u011flar<\/strong><br data-start=\"1514\" data-end=\"1517\" \/><strong data-start=\"1517\" data-end=\"1532\">Deri Paddle<\/strong>, farkl\u0131 hisler ve uyar\u0131lar sa\u011flamak amac\u0131yla tasarlanm\u0131\u015ft\u0131r. Cinsel ke\u015fiflerde yeni tatlar ve hisler deneyimlemek isteyenler i\u00e7in idealdir. Yumu\u015fak dokunu\u015flardan daha sert uyar\u0131lara kadar, farkl\u0131 se\u00e7eneklerle partnerinizle yeni duygular ke\u015ffedin.<\/p>\n<\/li>\n<li data-start=\"1781\" data-end=\"1986\">\n<p data-start=\"1783\" data-end=\"1986\"><strong data-start=\"1783\" data-end=\"1811\">Kolay Kullan\u0131m ve Ta\u015f\u0131ma<\/strong><br data-start=\"1811\" data-end=\"1814\" \/>Hafifli\u011fi ve kompakt yap\u0131s\u0131yla <strong data-start=\"1845\" data-end=\"1871\">ta\u015f\u0131mas\u0131 ve kullanmas\u0131<\/strong> son derece kolayd\u0131r. \u00c7e\u015fitli alanlarda rahat\u00e7a kullan\u0131labilir, ayn\u0131 zamanda seyahatlerinizde de ta\u015f\u0131mas\u0131 kolayd\u0131r.<\/p>\n<\/li>\n<\/ul>\n<h3 data-start=\"1988\" data-end=\"2004\">Hedef Kitle:<\/h3>\n<ul data-start=\"2006\" data-end=\"2511\">\n<li data-start=\"2006\" data-end=\"2179\"><strong data-start=\"2008\" data-end=\"2073\">Yeti\u015fkinler Aras\u0131nda Cinsel Ke\u015fif ve Deneyimlere A\u00e7\u0131k Olanlar<\/strong>: Cinsel ke\u015fif yapmay\u0131 seven ve <strong data-start=\"2105\" data-end=\"2126\">fantezi d\u00fcnyas\u0131na<\/strong> ilgi duyan yeti\u015fkinler i\u00e7in m\u00fckemmel bir se\u00e7enektir.<\/li>\n<li data-start=\"2180\" data-end=\"2345\"><strong data-start=\"2182\" data-end=\"2241\">Fantezi ve \u00dcr\u00fcnleri Satan Perakendeciler ve Toptanc\u0131lar<\/strong>: Cinsel sa\u011fl\u0131k ve fantezi \u00fcr\u00fcnleri satan ma\u011fazalar ve <strong data-start=\"2296\" data-end=\"2321\">online perakendeciler<\/strong> i\u00e7in ideal bir \u00fcr\u00fcnd\u00fcr.<\/li>\n<li data-start=\"2346\" data-end=\"2511\"><strong data-start=\"2348\" data-end=\"2392\">\u00c7iftler ve Tek Ki\u015filik Cinsel Deneyimler<\/strong>: Hem partnerinizle hem de tek ba\u015f\u0131n\u0131za kullanabilece\u011finiz <strong data-start=\"2451\" data-end=\"2485\">heyecan verici bir cinsel ara\u00e7<\/strong> olarak kullanabilirsiniz.<\/li>\n<\/ul>\n<h3 data-start=\"2513\" data-end=\"2536\">G\u00fcvenlik ve Kalite:<\/h3>\n<p data-start=\"2538\" data-end=\"2920\"><strong data-start=\"2538\" data-end=\"2553\">Deri Paddle<\/strong>, g\u00fcvenli ve <strong data-start=\"2566\" data-end=\"2596\">y\u00fcksek kaliteli malzemeler<\/strong> ile \u00fcretilmi\u015ftir. \u00dcr\u00fcn, <strong data-start=\"2621\" data-end=\"2658\">sa\u011fl\u0131k ve g\u00fcvenlik standartlar\u0131na<\/strong> uygun olarak \u00fcretilmi\u015ftir ve kullan\u0131c\u0131n\u0131n g\u00fcvenli\u011fini \u00f6n planda tutar. <strong data-start=\"2730\" data-end=\"2755\">Kaliteli deri malzeme<\/strong> sayesinde cilt dostudur ve uzun \u00f6m\u00fcrl\u00fc kullan\u0131m sa\u011flar. Herhangi bir zararl\u0131 kimyasal i\u00e7ermez, bu da \u00fcr\u00fcn\u00fcn sa\u011fl\u0131kl\u0131 ve g\u00fcvenli bir kullan\u0131m sundu\u011funu garanti eder.<\/p>\n<h3 data-start=\"2922\" data-end=\"2932\">Sonu\u00e7:<\/h3>\n<p data-start=\"2934\" data-end=\"3286\" data-is-last-node=\"\" data-is-only-node=\"\"><strong data-start=\"2934\" data-end=\"2949\">Deri Paddle<\/strong>, cinsel deneyimlerinize <strong data-start=\"2974\" data-end=\"2996\">yenilik ve heyecan<\/strong> katmak isteyen herkes i\u00e7in m\u00fckemmel bir tercihtir. <strong data-start=\"3048\" data-end=\"3082\">Kolay kullan\u0131m, dayan\u0131kl\u0131 yap\u0131<\/strong> ve <strong data-start=\"3086\" data-end=\"3114\">farkl\u0131 uyar\u0131 se\u00e7enekleri<\/strong> ile deneyimlerinizi zenginle\u015ftirir. E\u011fer siz de cinsel ke\u015fiflere yeni bir boyut eklemek istiyorsan\u0131z, <strong data-start=\"3217\" data-end=\"3232\">Deri Paddle<\/strong> ile tan\u0131\u015farak <strong data-start=\"3247\" data-end=\"3277\">heyecan verici bir deneyim<\/strong> ya\u015fay\u0131n!<\/p>\n","protected":false},"excerpt":{"rendered":"<p><strong data-start=\"55\" data-end=\"70\">Deri Paddle<\/strong>, cinsel ke\u015fif ve fantezi d\u00fcnyas\u0131na yeni bir boyut katmak isteyenler i\u00e7in \u00f6zel olarak tasarlanm\u0131\u015f bir \u00fcr\u00fcnd\u00fcr. <strong data-start=\"181\" data-end=\"199\">30 cm uzunlu\u011fu<\/strong> ve <strong data-start=\"203\" data-end=\"228\">150 graml\u0131k hafifli\u011fi<\/strong> ile ta\u015f\u0131mas\u0131 ve kullan\u0131m\u0131 son derece kolay olan bu paddle, <strong data-start=\"288\" data-end=\"320\">y\u00fcksek kaliteli deri malzeme<\/strong> kullan\u0131larak \u00fcretilmi\u015ftir. Hem sa\u011flam yap\u0131s\u0131 hem de sa\u011flad\u0131\u011f\u0131 \u00e7e\u015fitli hisler ve uyar\u0131lar ile deneyimlerinizi daha heyecan verici ve tatmin edici hale getirir.<\/p>\n","protected":false},"featured_media":18849,"comment_status":"open","ping_status":"closed","template":"","meta":[],"product_brand":[127],"product_cat":[100],"product_tag":[208],"class_list":{"0":"post-18755","1":"product","2":"type-product","3":"status-publish","4":"has-post-thumbnail","6":"product_brand-pembe-tilki","7":"product_cat-fantezi-fetis","8":"product_tag-deri-paddle-siyah","10":"first","11":"instock","12":"taxable","13":"shipping-taxable","14":"purchasable","15":"product-type-simple"},"yoast_head":"<!-- This site is optimized with the Yoast SEO Premium plugin v24.4 (Yoast SEO v27.1.1) - https:\/\/yoast.com\/product\/yoast-seo-premium-wordpress\/ -->\n<title>Deri Paddle Siyah - Bursa Erotik Shop<\/title>\n<meta name=\"robots\" content=\"index, follow, max-snippet:-1, max-image-preview:large, max-video-preview:-1\" \/>\n<link rel=\"canonical\" href=\"https:\/\/hobierotikshop.com.tr\/website1\/erotik-shop-urun\/deri-paddle-siyah\/\" \/>\n<meta property=\"og:locale\" content=\"tr_TR\" \/>\n<meta property=\"og:type\" content=\"article\" \/>\n<meta property=\"og:title\" content=\"Deri Paddle Siyah\" \/>\n<meta property=\"og:description\" content=\"Deri Paddle, cinsel ke\u015fif ve fantezi d\u00fcnyas\u0131na yeni bir boyut katmak isteyenler i\u00e7in \u00f6zel olarak tasarlanm\u0131\u015f bir \u00fcr\u00fcnd\u00fcr. 30 cm uzunlu\u011fu ve 150 graml\u0131k hafifli\u011fi ile ta\u015f\u0131mas\u0131 ve kullan\u0131m\u0131 son derece kolay olan bu paddle, y\u00fcksek kaliteli deri malzeme kullan\u0131larak \u00fcretilmi\u015ftir. Hem sa\u011flam yap\u0131s\u0131 hem de sa\u011flad\u0131\u011f\u0131 \u00e7e\u015fitli hisler ve uyar\u0131lar ile deneyimlerinizi daha heyecan verici ve tatmin edici hale getirir.\" \/>\n<meta property=\"og:url\" content=\"https:\/\/hobierotikshop.com.tr\/website1\/erotik-shop-urun\/deri-paddle-siyah\/\" \/>\n<meta property=\"og:site_name\" content=\"Bursa Erotik Shop\" \/>\n<meta property=\"article:modified_time\" content=\"2026-01-27T08:30:32+00:00\" \/>\n<meta property=\"og:image\" content=\"https:\/\/hobierotikshop.com.tr\/website1\/wp-content\/uploads\/2025\/03\/deri-paddle-siyah-1841-2.jpg\" \/>\n\t<meta property=\"og:image:width\" content=\"1500\" \/>\n\t<meta property=\"og:image:height\" content=\"1500\" \/>\n\t<meta property=\"og:image:type\" content=\"image\/jpeg\" \/>\n<meta name=\"twitter:card\" content=\"summary_large_image\" \/>\n<meta name=\"twitter:site\" content=\"@shopbursa\" \/>\n<meta name=\"twitter:label1\" content=\"Fiyat\" \/>\n\t<meta name=\"twitter:data1\" content=\"&#8378;700,00 KDV DAH\u0130L\" \/>\n\t<meta name=\"twitter:label2\" content=\"Availability\" \/>\n\t<meta name=\"twitter:data2\" content=\"In stock\" \/>\n<script type=\"application\/ld+json\" class=\"yoast-schema-graph\">{\"@context\":\"https:\/\/schema.org\",\"@graph\":[{\"@type\":\"WebPage\",\"@id\":\"https:\/\/hobierotikshop.com.tr\/website1\/erotik-shop-urun\/deri-paddle-siyah\/\",\"url\":\"https:\/\/hobierotikshop.com.tr\/website1\/erotik-shop-urun\/deri-paddle-siyah\/\",\"name\":\"Deri Paddle Siyah - Bursa Erotik Shop\",\"isPartOf\":{\"@id\":\"https:\/\/hobierotikshop.com.tr\/website1\/#website\"},\"primaryImageOfPage\":{\"@id\":\"https:\/\/hobierotikshop.com.tr\/website1\/erotik-shop-urun\/deri-paddle-siyah\/#primaryimage\"},\"image\":{\"@id\":\"https:\/\/hobierotikshop.com.tr\/website1\/erotik-shop-urun\/deri-paddle-siyah\/#primaryimage\"},\"thumbnailUrl\":\"https:\/\/haremerotikshop.com\/site\/wp-content\/uploads\/2025\/03\/deri-paddle-siyah-1841-2.jpg\",\"datePublished\":\"2025-03-17T09:22:27+00:00\",\"dateModified\":\"2026-01-27T08:30:32+00:00\",\"breadcrumb\":{\"@id\":\"https:\/\/hobierotikshop.com.tr\/website1\/erotik-shop-urun\/deri-paddle-siyah\/#breadcrumb\"},\"inLanguage\":\"tr\",\"potentialAction\":[{\"@type\":\"ReadAction\",\"target\":[\"https:\/\/hobierotikshop.com.tr\/website1\/erotik-shop-urun\/deri-paddle-siyah\/\"]}]},{\"@type\":\"ImageObject\",\"inLanguage\":\"tr\",\"@id\":\"https:\/\/hobierotikshop.com.tr\/website1\/erotik-shop-urun\/deri-paddle-siyah\/#primaryimage\",\"url\":\"https:\/\/haremerotikshop.com\/site\/wp-content\/uploads\/2025\/03\/deri-paddle-siyah-1841-2.jpg\",\"contentUrl\":\"https:\/\/haremerotikshop.com\/site\/wp-content\/uploads\/2025\/03\/deri-paddle-siyah-1841-2.jpg\",\"width\":1500,\"height\":1500},{\"@type\":\"BreadcrumbList\",\"@id\":\"https:\/\/hobierotikshop.com.tr\/website1\/erotik-shop-urun\/deri-paddle-siyah\/#breadcrumb\",\"itemListElement\":[{\"@type\":\"ListItem\",\"position\":1,\"name\":\"Anasayfa\",\"item\":\"https:\/\/hobierotikshop.com.tr\/website1\/\"},{\"@type\":\"ListItem\",\"position\":2,\"name\":\"Erotik Shop \u00dcr\u00fcnleri\",\"item\":\"https:\/\/hobierotikshop.com.tr\/website1\/shop\/\"},{\"@type\":\"ListItem\",\"position\":3,\"name\":\"Deri Paddle Siyah\"}]},{\"@type\":\"WebSite\",\"@id\":\"https:\/\/hobierotikshop.com.tr\/website1\/#website\",\"url\":\"https:\/\/hobierotikshop.com.tr\/website1\/\",\"name\":\"Bursa Erotik Shop\",\"description\":\"Bursa Erotik Shop ile g\u00fcvenli, gizli ve kaliteli yeti\u015fkin \u00fcr\u00fcnleri al\u0131\u015fveri\u015fi! Geni\u015f \u00fcr\u00fcn yelpazemizi ke\u015ffedin, hemen sipari\u015f verin\",\"publisher\":{\"@id\":\"https:\/\/hobierotikshop.com.tr\/website1\/#organization\"},\"alternateName\":\"Erotik Shop\",\"potentialAction\":[{\"@type\":\"SearchAction\",\"target\":{\"@type\":\"EntryPoint\",\"urlTemplate\":\"https:\/\/hobierotikshop.com.tr\/website1\/?s={search_term_string}\"},\"query-input\":{\"@type\":\"PropertyValueSpecification\",\"valueRequired\":true,\"valueName\":\"search_term_string\"}}],\"inLanguage\":\"tr\"},{\"@type\":\"Organization\",\"@id\":\"https:\/\/hobierotikshop.com.tr\/website1\/#organization\",\"name\":\"Harem Bursa Erotik Shop\",\"url\":\"https:\/\/hobierotikshop.com.tr\/website1\/\",\"logo\":{\"@type\":\"ImageObject\",\"inLanguage\":\"tr\",\"@id\":\"https:\/\/hobierotikshop.com.tr\/website1\/#\/schema\/logo\/image\/\",\"url\":\"https:\/\/haremerotikshop.com\/site\/wp-content\/uploads\/2025\/03\/haremsexshop.png\",\"contentUrl\":\"https:\/\/haremerotikshop.com\/site\/wp-content\/uploads\/2025\/03\/haremsexshop.png\",\"width\":400,\"height\":100,\"caption\":\"Harem Bursa Erotik Shop\"},\"image\":{\"@id\":\"https:\/\/hobierotikshop.com.tr\/website1\/#\/schema\/logo\/image\/\"},\"sameAs\":[\"https:\/\/x.com\/shopbursa\"],\"publishingPrinciples\":\"https:\/\/hobierotikshop.com.tr\/website1\/mesafeli-satis-sozlesmesi\/\",\"ownershipFundingInfo\":\"https:\/\/hobierotikshop.com.tr\/website1\/contact-us\/\",\"actionableFeedbackPolicy\":\"https:\/\/hobierotikshop.com.tr\/website1\/contact-us\/\",\"correctionsPolicy\":\"https:\/\/hobierotikshop.com.tr\/website1\/mesafeli-satis-sozlesmesi\/\"}]}<\/script>\n<meta property=\"product:brand\" content=\"Pembe Tilki\" \/>\n<meta property=\"product:price:amount\" content=\"700.00\" \/>\n<meta property=\"product:price:currency\" content=\"TRY\" \/>\n<meta property=\"og:availability\" content=\"instock\" \/>\n<meta property=\"product:availability\" content=\"instock\" \/>\n<meta property=\"product:retailer_item_id\" content=\"PT-FFXG068BL\" \/>\n<meta property=\"product:condition\" content=\"new\" \/>\n<!-- \/ Yoast SEO Premium plugin. -->","yoast_head_json":{"title":"Deri Paddle Siyah - Bursa Erotik Shop","robots":{"index":"index","follow":"follow","max-snippet":"max-snippet:-1","max-image-preview":"max-image-preview:large","max-video-preview":"max-video-preview:-1"},"canonical":"https:\/\/hobierotikshop.com.tr\/website1\/erotik-shop-urun\/deri-paddle-siyah\/","og_locale":"tr_TR","og_type":"article","og_title":"Deri Paddle Siyah","og_description":"Deri Paddle, cinsel ke\u015fif ve fantezi d\u00fcnyas\u0131na yeni bir boyut katmak isteyenler i\u00e7in \u00f6zel olarak tasarlanm\u0131\u015f bir \u00fcr\u00fcnd\u00fcr. 30 cm uzunlu\u011fu ve 150 graml\u0131k hafifli\u011fi ile ta\u015f\u0131mas\u0131 ve kullan\u0131m\u0131 son derece kolay olan bu paddle, y\u00fcksek kaliteli deri malzeme kullan\u0131larak \u00fcretilmi\u015ftir. Hem sa\u011flam yap\u0131s\u0131 hem de sa\u011flad\u0131\u011f\u0131 \u00e7e\u015fitli hisler ve uyar\u0131lar ile deneyimlerinizi daha heyecan verici ve tatmin edici hale getirir.","og_url":"https:\/\/hobierotikshop.com.tr\/website1\/erotik-shop-urun\/deri-paddle-siyah\/","og_site_name":"Bursa Erotik Shop","article_modified_time":"2026-01-27T08:30:32+00:00","og_image":[{"width":1500,"height":1500,"url":"https:\/\/hobierotikshop.com.tr\/website1\/wp-content\/uploads\/2025\/03\/deri-paddle-siyah-1841-2.jpg","type":"image\/jpeg"}],"twitter_card":"summary_large_image","twitter_site":"@shopbursa","twitter_misc":{"Fiyat":"&#8378;700,00 KDV DAH\u0130L","Availability":"In stock"},"schema":{"@context":"https:\/\/schema.org","@graph":[{"@type":"WebPage","@id":"https:\/\/hobierotikshop.com.tr\/website1\/erotik-shop-urun\/deri-paddle-siyah\/","url":"https:\/\/hobierotikshop.com.tr\/website1\/erotik-shop-urun\/deri-paddle-siyah\/","name":"Deri Paddle Siyah - Bursa Erotik Shop","isPartOf":{"@id":"https:\/\/hobierotikshop.com.tr\/website1\/#website"},"primaryImageOfPage":{"@id":"https:\/\/hobierotikshop.com.tr\/website1\/erotik-shop-urun\/deri-paddle-siyah\/#primaryimage"},"image":{"@id":"https:\/\/hobierotikshop.com.tr\/website1\/erotik-shop-urun\/deri-paddle-siyah\/#primaryimage"},"thumbnailUrl":"https:\/\/haremerotikshop.com\/site\/wp-content\/uploads\/2025\/03\/deri-paddle-siyah-1841-2.jpg","datePublished":"2025-03-17T09:22:27+00:00","dateModified":"2026-01-27T08:30:32+00:00","breadcrumb":{"@id":"https:\/\/hobierotikshop.com.tr\/website1\/erotik-shop-urun\/deri-paddle-siyah\/#breadcrumb"},"inLanguage":"tr","potentialAction":[{"@type":"ReadAction","target":["https:\/\/hobierotikshop.com.tr\/website1\/erotik-shop-urun\/deri-paddle-siyah\/"]}]},{"@type":"ImageObject","inLanguage":"tr","@id":"https:\/\/hobierotikshop.com.tr\/website1\/erotik-shop-urun\/deri-paddle-siyah\/#primaryimage","url":"https:\/\/haremerotikshop.com\/site\/wp-content\/uploads\/2025\/03\/deri-paddle-siyah-1841-2.jpg","contentUrl":"https:\/\/haremerotikshop.com\/site\/wp-content\/uploads\/2025\/03\/deri-paddle-siyah-1841-2.jpg","width":1500,"height":1500},{"@type":"BreadcrumbList","@id":"https:\/\/hobierotikshop.com.tr\/website1\/erotik-shop-urun\/deri-paddle-siyah\/#breadcrumb","itemListElement":[{"@type":"ListItem","position":1,"name":"Anasayfa","item":"https:\/\/hobierotikshop.com.tr\/website1\/"},{"@type":"ListItem","position":2,"name":"Erotik Shop \u00dcr\u00fcnleri","item":"https:\/\/hobierotikshop.com.tr\/website1\/shop\/"},{"@type":"ListItem","position":3,"name":"Deri Paddle Siyah"}]},{"@type":"WebSite","@id":"https:\/\/hobierotikshop.com.tr\/website1\/#website","url":"https:\/\/hobierotikshop.com.tr\/website1\/","name":"Bursa Erotik Shop","description":"Bursa Erotik Shop ile g\u00fcvenli, gizli ve kaliteli yeti\u015fkin \u00fcr\u00fcnleri al\u0131\u015fveri\u015fi! Geni\u015f \u00fcr\u00fcn yelpazemizi ke\u015ffedin, hemen sipari\u015f verin","publisher":{"@id":"https:\/\/hobierotikshop.com.tr\/website1\/#organization"},"alternateName":"Erotik Shop","potentialAction":[{"@type":"SearchAction","target":{"@type":"EntryPoint","urlTemplate":"https:\/\/hobierotikshop.com.tr\/website1\/?s={search_term_string}"},"query-input":{"@type":"PropertyValueSpecification","valueRequired":true,"valueName":"search_term_string"}}],"inLanguage":"tr"},{"@type":"Organization","@id":"https:\/\/hobierotikshop.com.tr\/website1\/#organization","name":"Harem Bursa Erotik Shop","url":"https:\/\/hobierotikshop.com.tr\/website1\/","logo":{"@type":"ImageObject","inLanguage":"tr","@id":"https:\/\/hobierotikshop.com.tr\/website1\/#\/schema\/logo\/image\/","url":"https:\/\/haremerotikshop.com\/site\/wp-content\/uploads\/2025\/03\/haremsexshop.png","contentUrl":"https:\/\/haremerotikshop.com\/site\/wp-content\/uploads\/2025\/03\/haremsexshop.png","width":400,"height":100,"caption":"Harem Bursa Erotik Shop"},"image":{"@id":"https:\/\/hobierotikshop.com.tr\/website1\/#\/schema\/logo\/image\/"},"sameAs":["https:\/\/x.com\/shopbursa"],"publishingPrinciples":"https:\/\/hobierotikshop.com.tr\/website1\/mesafeli-satis-sozlesmesi\/","ownershipFundingInfo":"https:\/\/hobierotikshop.com.tr\/website1\/contact-us\/","actionableFeedbackPolicy":"https:\/\/hobierotikshop.com.tr\/website1\/contact-us\/","correctionsPolicy":"https:\/\/hobierotikshop.com.tr\/website1\/mesafeli-satis-sozlesmesi\/"}]},"product_brand":"Pembe Tilki","product_price_amount":"700.00","product_price_currency":"TRY","og_availability":"instock","product_availability":"instock","product_retailer_item_id":"PT-FFXG068BL","product_condition":"new"},"_links":{"self":[{"href":"https:\/\/haremerotikshop.com\/site\/wp-json\/wp\/v2\/product\/18755","targetHints":{"allow":["GET"]}}],"collection":[{"href":"https:\/\/haremerotikshop.com\/site\/wp-json\/wp\/v2\/product"}],"about":[{"href":"https:\/\/haremerotikshop.com\/site\/wp-json\/wp\/v2\/types\/product"}],"replies":[{"embeddable":true,"href":"https:\/\/haremerotikshop.com\/site\/wp-json\/wp\/v2\/comments?post=18755"}],"version-history":[{"count":0,"href":"https:\/\/haremerotikshop.com\/site\/wp-json\/wp\/v2\/product\/18755\/revisions"}],"wp:featuredmedia":[{"embeddable":true,"href":"https:\/\/haremerotikshop.com\/site\/wp-json\/wp\/v2\/media\/18849"}],"wp:attachment":[{"href":"https:\/\/haremerotikshop.com\/site\/wp-json\/wp\/v2\/media?parent=18755"}],"wp:term":[{"taxonomy":"product_brand","embeddable":true,"href":"https:\/\/haremerotikshop.com\/site\/wp-json\/wp\/v2\/product_brand?post=18755"},{"taxonomy":"product_cat","embeddable":true,"href":"https:\/\/haremerotikshop.com\/site\/wp-json\/wp\/v2\/product_cat?post=18755"},{"taxonomy":"product_tag","embeddable":true,"href":"https:\/\/haremerotikshop.com\/site\/wp-json\/wp\/v2\/product_tag?post=18755"}],"curies":[{"name":"wp","href":"https:\/\/api.w.org\/{rel}","templated":true}]}}