{"id":18783,"date":"2025-03-17T12:22:49","date_gmt":"2025-03-17T09:22:49","guid":{"rendered":"https:\/\/haremerotikshop.com\/site\/?post_type=product&#038;p=18783"},"modified":"2026-01-26T16:39:35","modified_gmt":"2026-01-26T13:39:35","slug":"agiz-toplu-el-ayak-baglama-kemeri-siyah","status":"publish","type":"product","link":"https:\/\/haremerotikshop.com\/site\/erotik-shop-urun\/agiz-toplu-el-ayak-baglama-kemeri-siyah\/","title":{"rendered":"A\u011f\u0131z Toplu El Ayak Ba\u011flama Kemeri Siyah"},"content":{"rendered":"<h3 data-start=\"0\" data-end=\"84\"><strong data-start=\"4\" data-end=\"84\">A\u011f\u0131z Toplu El Ayak Ba\u011flama Kemerleri: Heyecan Verici ve G\u00fcvenli Cinsel Ke\u015fif<\/strong><\/h3>\n<p data-start=\"86\" data-end=\"588\">A\u011f\u0131z toplu el ayak ba\u011flama kemerleri, <strong data-start=\"124\" data-end=\"153\">fantezi ve cinsel oyunlar<\/strong> d\u00fcnyas\u0131nda yeni ke\u015fifler yapmak isteyenler i\u00e7in tasarlanm\u0131\u015f, <strong data-start=\"215\" data-end=\"233\">heyecan verici<\/strong> ve <strong data-start=\"237\" data-end=\"248\">g\u00fcvenli<\/strong> bir \u00fcr\u00fcnd\u00fcr. Bu \u00f6zel ekipman, kullan\u0131c\u0131lar\u0131n <strong data-start=\"294\" data-end=\"306\">ellerini<\/strong> ve <strong data-start=\"310\" data-end=\"324\">ayaklar\u0131n\u0131<\/strong> belirli bir pozisyonda sabitleyerek, hareketlerini k\u0131s\u0131tlar ve cinsel deneyimi daha <strong data-start=\"409\" data-end=\"418\">yo\u011fun<\/strong> hale getirir. <strong data-start=\"433\" data-end=\"455\">Fantezi oyunlar\u0131n\u0131<\/strong> daha tatmin edici ve e\u011flenceli hale getiren bu ba\u011flama kemerleri, partnerler aras\u0131nda g\u00fcvenli, kontrol edilebilir bir ortam yarat\u0131r.<\/p>\n<h3 data-start=\"590\" data-end=\"615\"><strong data-start=\"594\" data-end=\"615\">\u00dcr\u00fcn \u00d6zellikleri:<\/strong><\/h3>\n<ul data-start=\"617\" data-end=\"1797\">\n<li data-start=\"617\" data-end=\"864\">\n<p data-start=\"619\" data-end=\"864\"><strong data-start=\"619\" data-end=\"652\">Dayan\u0131kl\u0131 ve G\u00fcvenli Malzeme:<\/strong> Y\u00fcksek kaliteli <strong data-start=\"669\" data-end=\"677\">deri<\/strong>, <strong data-start=\"679\" data-end=\"689\">naylon<\/strong> ve benzeri dayan\u0131kl\u0131 malzemelerle \u00fcretilen kemerler, uzun \u00f6m\u00fcrl\u00fc kullan\u0131m ve g\u00fcvenlik sunar. Malzeme kalitesi, kullan\u0131c\u0131n\u0131n cildine zarar vermeden g\u00fcvenli bir deneyim sa\u011flar.<\/p>\n<\/li>\n<li data-start=\"868\" data-end=\"1118\">\n<p data-start=\"870\" data-end=\"1118\"><strong data-start=\"870\" data-end=\"896\">Ayarlanabilir Tasar\u0131m:<\/strong> Farkl\u0131 <strong data-start=\"904\" data-end=\"923\">v\u00fccut tiplerine<\/strong> uyum sa\u011flayabilen <strong data-start=\"942\" data-end=\"968\">ayarlanabilir kay\u0131\u015flar<\/strong> ve <strong data-start=\"972\" data-end=\"983\">tokalar<\/strong>, her kullan\u0131c\u0131 i\u00e7in m\u00fckemmel uyumu sa\u011flar. Bu \u00f6zelli\u011fi sayesinde, kemerler her kullan\u0131c\u0131n\u0131n rahatl\u0131\u011f\u0131 i\u00e7in kolayca \u00f6zelle\u015ftirilebilir.<\/p>\n<\/li>\n<li data-start=\"1120\" data-end=\"1362\">\n<p data-start=\"1122\" data-end=\"1362\"><strong data-start=\"1122\" data-end=\"1142\">G\u00fcvenlik Kilidi:<\/strong> <strong data-start=\"1143\" data-end=\"1162\">Kilitli tokalar<\/strong> veya benzeri g\u00fcvenlik mekanizmalar\u0131, kullan\u0131c\u0131n\u0131n hareket etmesini engeller ve herhangi bir durumda <strong data-start=\"1263\" data-end=\"1289\">kolayca kurtulmalar\u0131n\u0131<\/strong> engeller. Bu mekanizma, <strong data-start=\"1314\" data-end=\"1336\">g\u00fcvenli ve keyifli<\/strong> bir oyun deneyimi sa\u011flar.<\/p>\n<\/li>\n<li data-start=\"1364\" data-end=\"1584\">\n<p data-start=\"1366\" data-end=\"1584\"><strong data-start=\"1366\" data-end=\"1377\">Konfor:<\/strong> Kullan\u0131c\u0131lar\u0131n rahatl\u0131\u011f\u0131n\u0131 en \u00fcst seviyeye \u00e7\u0131karmak i\u00e7in i\u00e7 k\u0131s\u0131mlarda <strong data-start=\"1449\" data-end=\"1468\">yumu\u015fak malzeme<\/strong> kullan\u0131lm\u0131\u015ft\u0131r. Bu \u00f6zellik, uzun s\u00fcreli kullan\u0131mlarda bile rahats\u0131zl\u0131k hissi yaratmaz, konforlu bir deneyim sa\u011flar.<\/p>\n<\/li>\n<li data-start=\"1586\" data-end=\"1797\">\n<p data-start=\"1588\" data-end=\"1797\"><strong data-start=\"1588\" data-end=\"1625\">\u00c7e\u015fitli Kullan\u0131m Alanlar\u0131na Uyum:<\/strong> Bu \u00fcr\u00fcn, <strong data-start=\"1635\" data-end=\"1663\">evdeki cinsel oyunlardan<\/strong> <strong data-start=\"1664\" data-end=\"1692\">profesyonel etkinliklere<\/strong> kadar geni\u015f bir kullan\u0131m yelpazesinde kullan\u0131labilir. Her ortamda etkili ve e\u011flenceli bir se\u00e7enek sunar.<\/p>\n<\/li>\n<\/ul>\n<h3 data-start=\"1799\" data-end=\"1822\"><strong data-start=\"1803\" data-end=\"1822\">\u00dcr\u00fcn Faydalar\u0131:<\/strong><\/h3>\n<ul data-start=\"1824\" data-end=\"2476\">\n<li data-start=\"1824\" data-end=\"2051\">\n<p data-start=\"1826\" data-end=\"2051\"><strong data-start=\"1826\" data-end=\"1850\">G\u00fcvenlik ve Kontrol:<\/strong> Kullan\u0131c\u0131lar\u0131n hareketlerini k\u0131s\u0131tlayarak, cinsel oyun s\u0131ras\u0131nda <strong data-start=\"1916\" data-end=\"1929\">g\u00fcvenli\u011fi<\/strong> ve <strong data-start=\"1933\" data-end=\"1945\">kontrol\u00fc<\/strong> art\u0131r\u0131r. Bu, partnerlerin birbirini daha iyi hissetmesini ve deneyimi daha yo\u011fun hale getirmesini sa\u011flar.<\/p>\n<\/li>\n<li data-start=\"2055\" data-end=\"2288\">\n<p data-start=\"2057\" data-end=\"2288\"><strong data-start=\"2057\" data-end=\"2077\">Fantezi ve Zevk:<\/strong> <strong data-start=\"2078\" data-end=\"2111\">Partnerler aras\u0131nda heyecanl\u0131<\/strong> ve <strong data-start=\"2115\" data-end=\"2131\">tatmin edici<\/strong> bir deneyim sunarak, s\u0131n\u0131rlar\u0131 zorlayan oyunlar i\u00e7in m\u00fckemmel bir ara\u00e7t\u0131r. Bu ba\u011flama kemerleri, <strong data-start=\"2229\" data-end=\"2250\">fantezi d\u00fcnyan\u0131z\u0131<\/strong> geni\u015fletmek isteyenler i\u00e7in idealdir.<\/p>\n<\/li>\n<li data-start=\"2290\" data-end=\"2476\">\n<p data-start=\"2292\" data-end=\"2476\"><strong data-start=\"2292\" data-end=\"2310\">Ki\u015fisel Ke\u015fif:<\/strong> Kullan\u0131c\u0131lar\u0131n cinsel ve <strong data-start=\"2336\" data-end=\"2357\">fantezi ke\u015fifleri<\/strong> yapmas\u0131na olanak tan\u0131r. Bu \u00fcr\u00fcn, <strong data-start=\"2391\" data-end=\"2404\">cinsellik<\/strong> ve <strong data-start=\"2408\" data-end=\"2419\">kontrol<\/strong> odakl\u0131 yeni deneyimler ke\u015ffetmek i\u00e7in ideal bir ara\u00e7t\u0131r.<\/p>\n<\/li>\n<\/ul>\n<h3 data-start=\"2478\" data-end=\"2504\"><strong data-start=\"2482\" data-end=\"2504\">Kullan\u0131m Alanlar\u0131:<\/strong><\/h3>\n<ul data-start=\"2506\" data-end=\"3011\">\n<li data-start=\"2506\" data-end=\"2693\">\n<p data-start=\"2508\" data-end=\"2693\"><strong data-start=\"2508\" data-end=\"2532\">Evde Cinsel Oyunlar:<\/strong> Partnerinizle <strong data-start=\"2547\" data-end=\"2573\">\u00f6zel ve heyecan verici<\/strong> anlar ge\u00e7irmek i\u00e7in m\u00fckemmel bir ara\u00e7t\u0131r. Evdeki cinsel oyunlar\u0131 zenginle\u015ftirir ve g\u00fcvenli, kontroll\u00fc bir ortam sa\u011flar.<\/p>\n<\/li>\n<li data-start=\"2697\" data-end=\"2880\">\n<p data-start=\"2699\" data-end=\"2880\"><strong data-start=\"2699\" data-end=\"2727\">Profesyonel Etkinlikler:<\/strong> Daha deneyimli kullan\u0131c\u0131lar i\u00e7in <strong data-start=\"2761\" data-end=\"2800\">profesyonel fantezi etkinliklerinde<\/strong> kullan\u0131labilecek bir \u00fcr\u00fcnd\u00fcr. Farkl\u0131 pozisyonlarda ve oyunlarda kullan\u0131labilir.<\/p>\n<\/li>\n<li data-start=\"2882\" data-end=\"3011\">\n<p data-start=\"2884\" data-end=\"3011\"><strong data-start=\"2884\" data-end=\"2902\">Yeni Ke\u015fifler:<\/strong> Partnerler aras\u0131ndaki <strong data-start=\"2925\" data-end=\"2948\">fantezi ke\u015fiflerini<\/strong> art\u0131rarak, <strong data-start=\"2960\" data-end=\"2985\">s\u0131n\u0131rlar\u0131 geni\u015fletmek<\/strong> isteyenler i\u00e7in idealdir.<\/p>\n<\/li>\n<\/ul>\n<h3 data-start=\"3013\" data-end=\"3040\"><strong data-start=\"3017\" data-end=\"3040\">G\u00fcvenlik ve Kalite:<\/strong><\/h3>\n<p data-start=\"3042\" data-end=\"3411\">A\u011f\u0131z toplu el ayak ba\u011flama kemerleri, <strong data-start=\"3080\" data-end=\"3097\">y\u00fcksek kalite<\/strong> ve <strong data-start=\"3101\" data-end=\"3128\">g\u00fcvenlik standartlar\u0131na<\/strong> uygun olarak \u00fcretilmi\u015ftir. T\u00fcm malzemeler, <strong data-start=\"3172\" data-end=\"3200\">cildinize zarar vermeden<\/strong> rahat kullan\u0131m sunar. \u00dcr\u00fcn, <strong data-start=\"3229\" data-end=\"3241\">hijyenik<\/strong> ve <strong data-start=\"3245\" data-end=\"3255\">sa\u011fl\u0131k<\/strong> standartlar\u0131na uygun olarak titizlikle tasarlanm\u0131\u015ft\u0131r. Ayr\u0131ca, <strong data-start=\"3319\" data-end=\"3347\">kilitli g\u00fcvenlik sistemi<\/strong>, olas\u0131 tehlikelerde <strong data-start=\"3368\" data-end=\"3397\">kolayca m\u00fcdahale etmenize<\/strong> olanak tan\u0131r.<\/p>\n<h3 data-start=\"3413\" data-end=\"3427\"><strong data-start=\"3417\" data-end=\"3427\">Sonu\u00e7:<\/strong><\/h3>\n<p data-start=\"3428\" data-end=\"3885\" data-is-last-node=\"\" data-is-only-node=\"\">A\u011f\u0131z toplu el ayak ba\u011flama kemerleri, <strong data-start=\"3466\" data-end=\"3482\">cinsel ke\u015fif<\/strong> yapmak isteyen, <strong data-start=\"3499\" data-end=\"3521\">fantezi d\u00fcnyas\u0131nda<\/strong> s\u0131n\u0131rlar\u0131n\u0131 zorlamak isteyen kullan\u0131c\u0131lar i\u00e7in m\u00fckemmel bir \u00fcr\u00fcnd\u00fcr. <strong data-start=\"3591\" data-end=\"3612\">Dayan\u0131kl\u0131 malzeme<\/strong>, <strong data-start=\"3614\" data-end=\"3636\">g\u00fcvenlik \u00f6nlemleri<\/strong>, <strong data-start=\"3638\" data-end=\"3659\">konforlu kullan\u0131m<\/strong> ve <strong data-start=\"3663\" data-end=\"3688\">ayarlanabilir tasar\u0131m<\/strong> ile zenginle\u015ftirilmi\u015f bu \u00fcr\u00fcn, her t\u00fcrl\u00fc <strong data-start=\"3730\" data-end=\"3745\">cinsel oyun<\/strong> ve deneyim i\u00e7in ideal bir se\u00e7enektir. <strong data-start=\"3784\" data-end=\"3823\">Fantezilerinizi ger\u00e7e\u011fe d\u00f6n\u00fc\u015ft\u00fcrmek<\/strong> ve partnerinizle daha derin ba\u011flar kurmak i\u00e7in hemen deneyin!<\/p>\n","protected":false},"excerpt":{"rendered":"<p>A\u011f\u0131z toplu el ayak ba\u011flama kemerleri, <strong data-start=\"124\" data-end=\"153\">fantezi ve cinsel oyunlar<\/strong> d\u00fcnyas\u0131nda yeni ke\u015fifler yapmak isteyenler i\u00e7in tasarlanm\u0131\u015f, <strong data-start=\"215\" data-end=\"233\">heyecan verici<\/strong> ve <strong data-start=\"237\" data-end=\"248\">g\u00fcvenli<\/strong> bir \u00fcr\u00fcnd\u00fcr. Bu \u00f6zel ekipman, kullan\u0131c\u0131lar\u0131n <strong data-start=\"294\" data-end=\"306\">ellerini<\/strong> ve <strong data-start=\"310\" data-end=\"324\">ayaklar\u0131n\u0131<\/strong> belirli bir pozisyonda sabitleyerek, hareketlerini k\u0131s\u0131tlar ve cinsel deneyimi daha <strong data-start=\"409\" data-end=\"418\">yo\u011fun<\/strong> hale getirir. <strong data-start=\"433\" data-end=\"455\">Fantezi oyunlar\u0131n\u0131<\/strong> daha tatmin edici ve e\u011flenceli hale getiren bu ba\u011flama kemerleri, partnerler aras\u0131nda g\u00fcvenli, kontrol edilebilir bir ortam yarat\u0131r.<\/p>\n","protected":false},"featured_media":18862,"comment_status":"open","ping_status":"closed","template":"","meta":[],"product_brand":[127],"product_cat":[100],"product_tag":[211],"class_list":{"0":"post-18783","1":"product","2":"type-product","3":"status-publish","4":"has-post-thumbnail","6":"product_brand-pembe-tilki","7":"product_cat-fantezi-fetis","8":"product_tag-agiz-toplu-el-ayak-baglama-kemeri-kirmizi","10":"first","11":"instock","12":"taxable","13":"shipping-taxable","14":"purchasable","15":"product-type-simple"},"yoast_head":"<!-- This site is optimized with the Yoast SEO Premium plugin v24.4 (Yoast SEO v27.1.1) - https:\/\/yoast.com\/product\/yoast-seo-premium-wordpress\/ -->\n<title>A\u011f\u0131z Toplu El Ayak Ba\u011flama Kemeri Siyah - Bursa Erotik Shop<\/title>\n<meta name=\"robots\" content=\"index, follow, max-snippet:-1, max-image-preview:large, max-video-preview:-1\" \/>\n<link rel=\"canonical\" href=\"https:\/\/hobierotikshop.com.tr\/website1\/erotik-shop-urun\/agiz-toplu-el-ayak-baglama-kemeri-siyah\/\" \/>\n<meta property=\"og:locale\" content=\"tr_TR\" \/>\n<meta property=\"og:type\" content=\"article\" \/>\n<meta property=\"og:title\" content=\"A\u011f\u0131z Toplu El Ayak Ba\u011flama Kemeri Siyah\" \/>\n<meta property=\"og:description\" content=\"A\u011f\u0131z toplu el ayak ba\u011flama kemerleri, fantezi ve cinsel oyunlar d\u00fcnyas\u0131nda yeni ke\u015fifler yapmak isteyenler i\u00e7in tasarlanm\u0131\u015f, heyecan verici ve g\u00fcvenli bir \u00fcr\u00fcnd\u00fcr. Bu \u00f6zel ekipman, kullan\u0131c\u0131lar\u0131n ellerini ve ayaklar\u0131n\u0131 belirli bir pozisyonda sabitleyerek, hareketlerini k\u0131s\u0131tlar ve cinsel deneyimi daha yo\u011fun hale getirir. Fantezi oyunlar\u0131n\u0131 daha tatmin edici ve e\u011flenceli hale getiren bu ba\u011flama kemerleri, partnerler aras\u0131nda g\u00fcvenli, kontrol edilebilir bir ortam yarat\u0131r.\" \/>\n<meta property=\"og:url\" content=\"https:\/\/hobierotikshop.com.tr\/website1\/erotik-shop-urun\/agiz-toplu-el-ayak-baglama-kemeri-siyah\/\" \/>\n<meta property=\"og:site_name\" content=\"Bursa Erotik Shop\" \/>\n<meta property=\"article:modified_time\" content=\"2026-01-26T13:39:35+00:00\" \/>\n<meta property=\"og:image\" content=\"https:\/\/hobierotikshop.com.tr\/website1\/wp-content\/uploads\/2025\/03\/agiz-toplu-el-ayak-baglama-kemeri-siyah-1851-2.jpg\" \/>\n\t<meta property=\"og:image:width\" content=\"1200\" \/>\n\t<meta property=\"og:image:height\" content=\"1200\" \/>\n\t<meta property=\"og:image:type\" content=\"image\/jpeg\" \/>\n<meta name=\"twitter:card\" content=\"summary_large_image\" \/>\n<meta name=\"twitter:site\" content=\"@shopbursa\" \/>\n<meta name=\"twitter:label1\" content=\"Fiyat\" \/>\n\t<meta name=\"twitter:data1\" content=\"&#8378;1.700,00 KDV DAH\u0130L\" \/>\n\t<meta name=\"twitter:label2\" content=\"Availability\" \/>\n\t<meta name=\"twitter:data2\" content=\"In stock\" \/>\n<script type=\"application\/ld+json\" class=\"yoast-schema-graph\">{\"@context\":\"https:\/\/schema.org\",\"@graph\":[{\"@type\":\"WebPage\",\"@id\":\"https:\/\/hobierotikshop.com.tr\/website1\/erotik-shop-urun\/agiz-toplu-el-ayak-baglama-kemeri-siyah\/\",\"url\":\"https:\/\/hobierotikshop.com.tr\/website1\/erotik-shop-urun\/agiz-toplu-el-ayak-baglama-kemeri-siyah\/\",\"name\":\"A\u011f\u0131z Toplu El Ayak Ba\u011flama Kemeri Siyah - Bursa Erotik Shop\",\"isPartOf\":{\"@id\":\"https:\/\/hobierotikshop.com.tr\/website1\/#website\"},\"primaryImageOfPage\":{\"@id\":\"https:\/\/hobierotikshop.com.tr\/website1\/erotik-shop-urun\/agiz-toplu-el-ayak-baglama-kemeri-siyah\/#primaryimage\"},\"image\":{\"@id\":\"https:\/\/hobierotikshop.com.tr\/website1\/erotik-shop-urun\/agiz-toplu-el-ayak-baglama-kemeri-siyah\/#primaryimage\"},\"thumbnailUrl\":\"https:\/\/haremerotikshop.com\/site\/wp-content\/uploads\/2025\/03\/agiz-toplu-el-ayak-baglama-kemeri-siyah-1851-2.jpg\",\"datePublished\":\"2025-03-17T09:22:49+00:00\",\"dateModified\":\"2026-01-26T13:39:35+00:00\",\"breadcrumb\":{\"@id\":\"https:\/\/hobierotikshop.com.tr\/website1\/erotik-shop-urun\/agiz-toplu-el-ayak-baglama-kemeri-siyah\/#breadcrumb\"},\"inLanguage\":\"tr\",\"potentialAction\":[{\"@type\":\"ReadAction\",\"target\":[\"https:\/\/hobierotikshop.com.tr\/website1\/erotik-shop-urun\/agiz-toplu-el-ayak-baglama-kemeri-siyah\/\"]}]},{\"@type\":\"ImageObject\",\"inLanguage\":\"tr\",\"@id\":\"https:\/\/hobierotikshop.com.tr\/website1\/erotik-shop-urun\/agiz-toplu-el-ayak-baglama-kemeri-siyah\/#primaryimage\",\"url\":\"https:\/\/haremerotikshop.com\/site\/wp-content\/uploads\/2025\/03\/agiz-toplu-el-ayak-baglama-kemeri-siyah-1851-2.jpg\",\"contentUrl\":\"https:\/\/haremerotikshop.com\/site\/wp-content\/uploads\/2025\/03\/agiz-toplu-el-ayak-baglama-kemeri-siyah-1851-2.jpg\",\"width\":1200,\"height\":1200},{\"@type\":\"BreadcrumbList\",\"@id\":\"https:\/\/hobierotikshop.com.tr\/website1\/erotik-shop-urun\/agiz-toplu-el-ayak-baglama-kemeri-siyah\/#breadcrumb\",\"itemListElement\":[{\"@type\":\"ListItem\",\"position\":1,\"name\":\"Anasayfa\",\"item\":\"https:\/\/hobierotikshop.com.tr\/website1\/\"},{\"@type\":\"ListItem\",\"position\":2,\"name\":\"Erotik Shop \u00dcr\u00fcnleri\",\"item\":\"https:\/\/hobierotikshop.com.tr\/website1\/shop\/\"},{\"@type\":\"ListItem\",\"position\":3,\"name\":\"A\u011f\u0131z Toplu El Ayak Ba\u011flama Kemeri Siyah\"}]},{\"@type\":\"WebSite\",\"@id\":\"https:\/\/hobierotikshop.com.tr\/website1\/#website\",\"url\":\"https:\/\/hobierotikshop.com.tr\/website1\/\",\"name\":\"Bursa Erotik Shop\",\"description\":\"Bursa Erotik Shop ile g\u00fcvenli, gizli ve kaliteli yeti\u015fkin \u00fcr\u00fcnleri al\u0131\u015fveri\u015fi! Geni\u015f \u00fcr\u00fcn yelpazemizi ke\u015ffedin, hemen sipari\u015f verin\",\"publisher\":{\"@id\":\"https:\/\/hobierotikshop.com.tr\/website1\/#organization\"},\"alternateName\":\"Erotik Shop\",\"potentialAction\":[{\"@type\":\"SearchAction\",\"target\":{\"@type\":\"EntryPoint\",\"urlTemplate\":\"https:\/\/hobierotikshop.com.tr\/website1\/?s={search_term_string}\"},\"query-input\":{\"@type\":\"PropertyValueSpecification\",\"valueRequired\":true,\"valueName\":\"search_term_string\"}}],\"inLanguage\":\"tr\"},{\"@type\":\"Organization\",\"@id\":\"https:\/\/hobierotikshop.com.tr\/website1\/#organization\",\"name\":\"Harem Bursa Erotik Shop\",\"url\":\"https:\/\/hobierotikshop.com.tr\/website1\/\",\"logo\":{\"@type\":\"ImageObject\",\"inLanguage\":\"tr\",\"@id\":\"https:\/\/hobierotikshop.com.tr\/website1\/#\/schema\/logo\/image\/\",\"url\":\"https:\/\/haremerotikshop.com\/site\/wp-content\/uploads\/2025\/03\/haremsexshop.png\",\"contentUrl\":\"https:\/\/haremerotikshop.com\/site\/wp-content\/uploads\/2025\/03\/haremsexshop.png\",\"width\":400,\"height\":100,\"caption\":\"Harem Bursa Erotik Shop\"},\"image\":{\"@id\":\"https:\/\/hobierotikshop.com.tr\/website1\/#\/schema\/logo\/image\/\"},\"sameAs\":[\"https:\/\/x.com\/shopbursa\"],\"publishingPrinciples\":\"https:\/\/hobierotikshop.com.tr\/website1\/mesafeli-satis-sozlesmesi\/\",\"ownershipFundingInfo\":\"https:\/\/hobierotikshop.com.tr\/website1\/contact-us\/\",\"actionableFeedbackPolicy\":\"https:\/\/hobierotikshop.com.tr\/website1\/contact-us\/\",\"correctionsPolicy\":\"https:\/\/hobierotikshop.com.tr\/website1\/mesafeli-satis-sozlesmesi\/\"}]}<\/script>\n<meta property=\"product:brand\" content=\"Pembe Tilki\" \/>\n<meta property=\"product:price:amount\" content=\"1700.00\" \/>\n<meta property=\"product:price:currency\" content=\"TRY\" \/>\n<meta property=\"og:availability\" content=\"instock\" \/>\n<meta property=\"product:availability\" content=\"instock\" \/>\n<meta property=\"product:retailer_item_id\" content=\"PT-FFXG828BL\" \/>\n<meta property=\"product:condition\" content=\"new\" \/>\n<!-- \/ Yoast SEO Premium plugin. -->","yoast_head_json":{"title":"A\u011f\u0131z Toplu El Ayak Ba\u011flama Kemeri Siyah - Bursa Erotik Shop","robots":{"index":"index","follow":"follow","max-snippet":"max-snippet:-1","max-image-preview":"max-image-preview:large","max-video-preview":"max-video-preview:-1"},"canonical":"https:\/\/hobierotikshop.com.tr\/website1\/erotik-shop-urun\/agiz-toplu-el-ayak-baglama-kemeri-siyah\/","og_locale":"tr_TR","og_type":"article","og_title":"A\u011f\u0131z Toplu El Ayak Ba\u011flama Kemeri Siyah","og_description":"A\u011f\u0131z toplu el ayak ba\u011flama kemerleri, fantezi ve cinsel oyunlar d\u00fcnyas\u0131nda yeni ke\u015fifler yapmak isteyenler i\u00e7in tasarlanm\u0131\u015f, heyecan verici ve g\u00fcvenli bir \u00fcr\u00fcnd\u00fcr. Bu \u00f6zel ekipman, kullan\u0131c\u0131lar\u0131n ellerini ve ayaklar\u0131n\u0131 belirli bir pozisyonda sabitleyerek, hareketlerini k\u0131s\u0131tlar ve cinsel deneyimi daha yo\u011fun hale getirir. Fantezi oyunlar\u0131n\u0131 daha tatmin edici ve e\u011flenceli hale getiren bu ba\u011flama kemerleri, partnerler aras\u0131nda g\u00fcvenli, kontrol edilebilir bir ortam yarat\u0131r.","og_url":"https:\/\/hobierotikshop.com.tr\/website1\/erotik-shop-urun\/agiz-toplu-el-ayak-baglama-kemeri-siyah\/","og_site_name":"Bursa Erotik Shop","article_modified_time":"2026-01-26T13:39:35+00:00","og_image":[{"width":1200,"height":1200,"url":"https:\/\/hobierotikshop.com.tr\/website1\/wp-content\/uploads\/2025\/03\/agiz-toplu-el-ayak-baglama-kemeri-siyah-1851-2.jpg","type":"image\/jpeg"}],"twitter_card":"summary_large_image","twitter_site":"@shopbursa","twitter_misc":{"Fiyat":"&#8378;1.700,00 KDV DAH\u0130L","Availability":"In stock"},"schema":{"@context":"https:\/\/schema.org","@graph":[{"@type":"WebPage","@id":"https:\/\/hobierotikshop.com.tr\/website1\/erotik-shop-urun\/agiz-toplu-el-ayak-baglama-kemeri-siyah\/","url":"https:\/\/hobierotikshop.com.tr\/website1\/erotik-shop-urun\/agiz-toplu-el-ayak-baglama-kemeri-siyah\/","name":"A\u011f\u0131z Toplu El Ayak Ba\u011flama Kemeri Siyah - Bursa Erotik Shop","isPartOf":{"@id":"https:\/\/hobierotikshop.com.tr\/website1\/#website"},"primaryImageOfPage":{"@id":"https:\/\/hobierotikshop.com.tr\/website1\/erotik-shop-urun\/agiz-toplu-el-ayak-baglama-kemeri-siyah\/#primaryimage"},"image":{"@id":"https:\/\/hobierotikshop.com.tr\/website1\/erotik-shop-urun\/agiz-toplu-el-ayak-baglama-kemeri-siyah\/#primaryimage"},"thumbnailUrl":"https:\/\/haremerotikshop.com\/site\/wp-content\/uploads\/2025\/03\/agiz-toplu-el-ayak-baglama-kemeri-siyah-1851-2.jpg","datePublished":"2025-03-17T09:22:49+00:00","dateModified":"2026-01-26T13:39:35+00:00","breadcrumb":{"@id":"https:\/\/hobierotikshop.com.tr\/website1\/erotik-shop-urun\/agiz-toplu-el-ayak-baglama-kemeri-siyah\/#breadcrumb"},"inLanguage":"tr","potentialAction":[{"@type":"ReadAction","target":["https:\/\/hobierotikshop.com.tr\/website1\/erotik-shop-urun\/agiz-toplu-el-ayak-baglama-kemeri-siyah\/"]}]},{"@type":"ImageObject","inLanguage":"tr","@id":"https:\/\/hobierotikshop.com.tr\/website1\/erotik-shop-urun\/agiz-toplu-el-ayak-baglama-kemeri-siyah\/#primaryimage","url":"https:\/\/haremerotikshop.com\/site\/wp-content\/uploads\/2025\/03\/agiz-toplu-el-ayak-baglama-kemeri-siyah-1851-2.jpg","contentUrl":"https:\/\/haremerotikshop.com\/site\/wp-content\/uploads\/2025\/03\/agiz-toplu-el-ayak-baglama-kemeri-siyah-1851-2.jpg","width":1200,"height":1200},{"@type":"BreadcrumbList","@id":"https:\/\/hobierotikshop.com.tr\/website1\/erotik-shop-urun\/agiz-toplu-el-ayak-baglama-kemeri-siyah\/#breadcrumb","itemListElement":[{"@type":"ListItem","position":1,"name":"Anasayfa","item":"https:\/\/hobierotikshop.com.tr\/website1\/"},{"@type":"ListItem","position":2,"name":"Erotik Shop \u00dcr\u00fcnleri","item":"https:\/\/hobierotikshop.com.tr\/website1\/shop\/"},{"@type":"ListItem","position":3,"name":"A\u011f\u0131z Toplu El Ayak Ba\u011flama Kemeri Siyah"}]},{"@type":"WebSite","@id":"https:\/\/hobierotikshop.com.tr\/website1\/#website","url":"https:\/\/hobierotikshop.com.tr\/website1\/","name":"Bursa Erotik Shop","description":"Bursa Erotik Shop ile g\u00fcvenli, gizli ve kaliteli yeti\u015fkin \u00fcr\u00fcnleri al\u0131\u015fveri\u015fi! Geni\u015f \u00fcr\u00fcn yelpazemizi ke\u015ffedin, hemen sipari\u015f verin","publisher":{"@id":"https:\/\/hobierotikshop.com.tr\/website1\/#organization"},"alternateName":"Erotik Shop","potentialAction":[{"@type":"SearchAction","target":{"@type":"EntryPoint","urlTemplate":"https:\/\/hobierotikshop.com.tr\/website1\/?s={search_term_string}"},"query-input":{"@type":"PropertyValueSpecification","valueRequired":true,"valueName":"search_term_string"}}],"inLanguage":"tr"},{"@type":"Organization","@id":"https:\/\/hobierotikshop.com.tr\/website1\/#organization","name":"Harem Bursa Erotik Shop","url":"https:\/\/hobierotikshop.com.tr\/website1\/","logo":{"@type":"ImageObject","inLanguage":"tr","@id":"https:\/\/hobierotikshop.com.tr\/website1\/#\/schema\/logo\/image\/","url":"https:\/\/haremerotikshop.com\/site\/wp-content\/uploads\/2025\/03\/haremsexshop.png","contentUrl":"https:\/\/haremerotikshop.com\/site\/wp-content\/uploads\/2025\/03\/haremsexshop.png","width":400,"height":100,"caption":"Harem Bursa Erotik Shop"},"image":{"@id":"https:\/\/hobierotikshop.com.tr\/website1\/#\/schema\/logo\/image\/"},"sameAs":["https:\/\/x.com\/shopbursa"],"publishingPrinciples":"https:\/\/hobierotikshop.com.tr\/website1\/mesafeli-satis-sozlesmesi\/","ownershipFundingInfo":"https:\/\/hobierotikshop.com.tr\/website1\/contact-us\/","actionableFeedbackPolicy":"https:\/\/hobierotikshop.com.tr\/website1\/contact-us\/","correctionsPolicy":"https:\/\/hobierotikshop.com.tr\/website1\/mesafeli-satis-sozlesmesi\/"}]},"product_brand":"Pembe Tilki","product_price_amount":"1700.00","product_price_currency":"TRY","og_availability":"instock","product_availability":"instock","product_retailer_item_id":"PT-FFXG828BL","product_condition":"new"},"_links":{"self":[{"href":"https:\/\/haremerotikshop.com\/site\/wp-json\/wp\/v2\/product\/18783","targetHints":{"allow":["GET"]}}],"collection":[{"href":"https:\/\/haremerotikshop.com\/site\/wp-json\/wp\/v2\/product"}],"about":[{"href":"https:\/\/haremerotikshop.com\/site\/wp-json\/wp\/v2\/types\/product"}],"replies":[{"embeddable":true,"href":"https:\/\/haremerotikshop.com\/site\/wp-json\/wp\/v2\/comments?post=18783"}],"version-history":[{"count":0,"href":"https:\/\/haremerotikshop.com\/site\/wp-json\/wp\/v2\/product\/18783\/revisions"}],"wp:featuredmedia":[{"embeddable":true,"href":"https:\/\/haremerotikshop.com\/site\/wp-json\/wp\/v2\/media\/18862"}],"wp:attachment":[{"href":"https:\/\/haremerotikshop.com\/site\/wp-json\/wp\/v2\/media?parent=18783"}],"wp:term":[{"taxonomy":"product_brand","embeddable":true,"href":"https:\/\/haremerotikshop.com\/site\/wp-json\/wp\/v2\/product_brand?post=18783"},{"taxonomy":"product_cat","embeddable":true,"href":"https:\/\/haremerotikshop.com\/site\/wp-json\/wp\/v2\/product_cat?post=18783"},{"taxonomy":"product_tag","embeddable":true,"href":"https:\/\/haremerotikshop.com\/site\/wp-json\/wp\/v2\/product_tag?post=18783"}],"curies":[{"name":"wp","href":"https:\/\/api.w.org\/{rel}","templated":true}]}}