{"id":18784,"date":"2025-03-17T12:22:49","date_gmt":"2025-03-17T09:22:49","guid":{"rendered":"https:\/\/haremerotikshop.com\/site\/?post_type=product&#038;p=18784"},"modified":"2026-01-26T16:39:56","modified_gmt":"2026-01-26T13:39:56","slug":"baslangic-fantezi-fetis-seti-kirmizi","status":"publish","type":"product","link":"https:\/\/haremerotikshop.com\/site\/erotik-shop-urun\/baslangic-fantezi-fetis-seti-kirmizi\/","title":{"rendered":"Ba\u015flang\u0131\u00e7 Fantezi Fetis Seti K\u0131rm\u0131z\u0131"},"content":{"rendered":"<h3 data-start=\"0\" data-end=\"69\"><strong data-start=\"4\" data-end=\"69\">Fantazi \u00dcr\u00fcn Seti: S\u0131n\u0131rlar\u0131 Zorlayan Cinsel Ke\u015fif ve Heyecan<\/strong><\/h3>\n<p data-start=\"71\" data-end=\"609\">Fantazi \u00dcr\u00fcn Seti, <strong data-start=\"90\" data-end=\"117\">cinsel ke\u015fif ve heyecan<\/strong> arayan yeti\u015fkinler i\u00e7in \u00f6zel olarak tasarlanm\u0131\u015f, <strong data-start=\"167\" data-end=\"177\">\u00e7ekici<\/strong> ve <strong data-start=\"181\" data-end=\"194\">e\u011flenceli<\/strong> bir koleksiyondur. Farkl\u0131 <strong data-start=\"221\" data-end=\"242\">cinsel deneyimler<\/strong> ya\u015famak ve <strong data-start=\"254\" data-end=\"293\">fantezilerinizi ger\u00e7e\u011fe d\u00f6n\u00fc\u015ft\u00fcrmek<\/strong> i\u00e7in ideal bir se\u00e7enek olan bu set, kullan\u0131c\u0131lara <strong data-start=\"344\" data-end=\"362\">s\u0131n\u0131rs\u0131z ke\u015fif<\/strong> ve <strong data-start=\"366\" data-end=\"393\">heyecan dolu deneyimler<\/strong> sunar. Set, <strong data-start=\"406\" data-end=\"424\">zincirli tasma<\/strong>, <strong data-start=\"426\" data-end=\"440\">deri maske<\/strong>, <strong data-start=\"442\" data-end=\"457\">deri paddle<\/strong>, <strong data-start=\"459\" data-end=\"467\">plug<\/strong> ve <strong data-start=\"471\" data-end=\"492\">el ayak kelep\u00e7esi<\/strong> gibi \u00f6\u011felerle donat\u0131lm\u0131\u015ft\u0131r, her biri cinsel oyunlar\u0131n\u0131z\u0131 daha tatmin edici ve unutulmaz k\u0131lmak i\u00e7in tasarlanm\u0131\u015ft\u0131r.<\/p>\n<h3 data-start=\"611\" data-end=\"644\"><strong data-start=\"615\" data-end=\"644\">\u00d6zellikler ve Avantajlar:<\/strong><\/h3>\n<ul data-start=\"646\" data-end=\"1961\">\n<li data-start=\"646\" data-end=\"914\">\n<p data-start=\"648\" data-end=\"914\"><strong data-start=\"648\" data-end=\"668\">\u00c7e\u015fitli \u00dcr\u00fcnler:<\/strong> Fantazi \u00dcr\u00fcn Seti, <strong data-start=\"688\" data-end=\"706\">zincirli tasma<\/strong>, <strong data-start=\"708\" data-end=\"722\">deri maske<\/strong>, <strong data-start=\"724\" data-end=\"739\">deri paddle<\/strong>, <strong data-start=\"741\" data-end=\"749\">plug<\/strong>, <strong data-start=\"751\" data-end=\"772\">el ayak kelep\u00e7esi<\/strong> gibi \u00e7e\u015fitli \u00f6\u011felerden olu\u015fur. Her bir \u00fcr\u00fcn, farkl\u0131 cinsel deneyimlere odaklanarak, kullan\u0131c\u0131ya heyecan verici ve tatmin edici anlar ya\u015fat\u0131r.<\/p>\n<\/li>\n<li data-start=\"916\" data-end=\"1172\">\n<p data-start=\"918\" data-end=\"1172\"><strong data-start=\"918\" data-end=\"938\">Estetik Tasar\u0131m:<\/strong> Set i\u00e7indeki her bir \u00fcr\u00fcn, \u015f\u0131k ve <strong data-start=\"973\" data-end=\"996\">\u00e7ekici bir tasar\u0131ma<\/strong> sahiptir. <strong data-start=\"1007\" data-end=\"1026\">Fantezilerinizi<\/strong> ger\u00e7e\u011fe d\u00f6n\u00fc\u015ft\u00fcr\u00fcrken, g\u00f6rsel olarak da sizi tatmin eder. Her detay, kullan\u0131c\u0131ya <strong data-start=\"1108\" data-end=\"1130\">g\u00f6rsel ve duygusal<\/strong> bir tatmin sunacak \u015fekilde d\u00fc\u015f\u00fcn\u00fclm\u00fc\u015ft\u00fcr.<\/p>\n<\/li>\n<li data-start=\"1174\" data-end=\"1414\">\n<p data-start=\"1176\" data-end=\"1414\"><strong data-start=\"1176\" data-end=\"1194\">Y\u00fcksek Kalite:<\/strong> Fantazi \u00dcr\u00fcn Seti, <strong data-start=\"1214\" data-end=\"1227\">dayan\u0131kl\u0131<\/strong> ve <strong data-start=\"1231\" data-end=\"1264\">y\u00fcksek kaliteli malzemelerden<\/strong> \u00fcretilmi\u015ftir. Her bir \u00fcr\u00fcn, uzun \u00f6m\u00fcrl\u00fc ve g\u00fcvenli kullan\u0131m sa\u011flar. Kaliteli yap\u0131lar\u0131 sayesinde, uzun s\u00fcreli kullan\u0131mda bile <strong data-start=\"1390\" data-end=\"1407\">verimlili\u011fini<\/strong> korur.<\/p>\n<\/li>\n<li data-start=\"1416\" data-end=\"1705\">\n<p data-start=\"1418\" data-end=\"1705\"><strong data-start=\"1418\" data-end=\"1451\">Esneklik ve Ayarlanabilirlik:<\/strong> Setteki \u00fcr\u00fcnlerin \u00e7o\u011fu, <strong data-start=\"1476\" data-end=\"1502\">esnek ve ayarlanabilir<\/strong> \u00f6zelliklere sahiptir. Bu sayede, kullan\u0131c\u0131lara <strong data-start=\"1550\" data-end=\"1590\">konforlu ve ki\u015fisel tercihlere uygun<\/strong> bir deneyim sunar. Her bir \u00fcr\u00fcn\u00fcn tasar\u0131m\u0131, farkl\u0131 v\u00fccut tiplerine ve isteklerine g\u00f6re rahat\u00e7a \u00f6zelle\u015ftirilebilir.<\/p>\n<\/li>\n<li data-start=\"1707\" data-end=\"1961\">\n<p data-start=\"1709\" data-end=\"1961\"><strong data-start=\"1709\" data-end=\"1732\">\u00c7e\u015fitli Deneyimler:<\/strong> Fantazi \u00dcr\u00fcn Seti, farkl\u0131 <strong data-start=\"1759\" data-end=\"1780\">cinsel deneyimler<\/strong> ya\u015famak ve <strong data-start=\"1792\" data-end=\"1817\">s\u0131n\u0131rlar\u0131 geni\u015fletmek<\/strong> isteyenler i\u00e7in m\u00fckemmel bir koleksiyondur. Set, partnerinizle birlikte veya yaln\u0131zca tek ba\u015f\u0131na ke\u015ffetmeniz i\u00e7in bir\u00e7ok <strong data-start=\"1939\" data-end=\"1954\">farkl\u0131 \u00fcr\u00fcn<\/strong> sunar.<\/p>\n<\/li>\n<\/ul>\n<h3 data-start=\"1963\" data-end=\"1990\"><strong data-start=\"1967\" data-end=\"1990\">G\u00fcvenlik ve Kalite:<\/strong><\/h3>\n<p data-start=\"1992\" data-end=\"2464\">Fantazi \u00dcr\u00fcn Seti, <strong data-start=\"2011\" data-end=\"2028\">y\u00fcksek kalite<\/strong> standartlar\u0131na uygun olarak \u00fcretilmi\u015ftir ve her \u00fcr\u00fcn, <strong data-start=\"2083\" data-end=\"2094\">g\u00fcvenli<\/strong> ve <strong data-start=\"2098\" data-end=\"2111\">dayan\u0131kl\u0131<\/strong> malzemelerle tasarlanm\u0131\u015ft\u0131r. \u00dcr\u00fcnler, kullan\u0131c\u0131lar\u0131n <strong data-start=\"2165\" data-end=\"2193\">sa\u011fl\u0131\u011f\u0131n\u0131 ve g\u00fcvenli\u011fini<\/strong> \u00f6n planda tutarak \u00fcretilmi\u015ftir ve titizlikle test edilmi\u015ftir. Setin her bir \u00fcr\u00fcn\u00fc, kullan\u0131c\u0131lar\u0131n g\u00fcvenli\u011fini garanti alt\u0131na alacak \u015fekilde titizlikle kontrol edilmi\u015ftir. <strong data-start=\"2365\" data-end=\"2377\">Hijyenik<\/strong> kullan\u0131m, uzun \u00f6m\u00fcrl\u00fc performans ve <strong data-start=\"2414\" data-end=\"2437\">maksimum memnuniyet<\/strong> hedeflenerek \u00fcretilmi\u015ftir.<\/p>\n<h3 data-start=\"2466\" data-end=\"2492\"><strong data-start=\"2470\" data-end=\"2492\">Kullan\u0131m Alanlar\u0131:<\/strong><\/h3>\n<ul data-start=\"2494\" data-end=\"3257\">\n<li data-start=\"2494\" data-end=\"2736\">\n<p data-start=\"2496\" data-end=\"2736\"><strong data-start=\"2496\" data-end=\"2532\">Partnerle Birlikte Cinsel Ke\u015fif:<\/strong> Fantazi \u00dcr\u00fcn Seti, \u00e7iftler i\u00e7in <strong data-start=\"2565\" data-end=\"2583\">heyecan verici<\/strong> ve <strong data-start=\"2587\" data-end=\"2598\">tutkulu<\/strong> anlar yaratmak i\u00e7in m\u00fckemmel bir se\u00e7imdir. Set i\u00e7indeki \u00f6\u011feler, cinsel oyunlar\u0131n\u0131z\u0131 zenginle\u015ftirir ve partnerinizle ba\u011f\u0131n\u0131z\u0131 g\u00fc\u00e7lendirir.<\/p>\n<\/li>\n<li data-start=\"2738\" data-end=\"2973\">\n<p data-start=\"2740\" data-end=\"2973\"><strong data-start=\"2740\" data-end=\"2768\">Fantezi ve Rol Oyunlar\u0131:<\/strong> Bu set, cinsel <strong data-start=\"2784\" data-end=\"2805\">fantezi d\u00fcnyan\u0131z\u0131<\/strong> geni\u015fletmek ve <strong data-start=\"2821\" data-end=\"2839\">rol oyunlar\u0131n\u0131<\/strong> daha heyecanl\u0131 hale getirmek i\u00e7in idealdir. Fantazi seti, s\u0131n\u0131rlar\u0131n\u0131z\u0131 zorlaman\u0131za ve <strong data-start=\"2927\" data-end=\"2946\">yeni deneyimler<\/strong> ke\u015ffetmenize olanak tan\u0131r.<\/p>\n<\/li>\n<li data-start=\"2975\" data-end=\"3257\">\n<p data-start=\"2977\" data-end=\"3257\"><strong data-start=\"2977\" data-end=\"3007\">Yeni Deneyimler Ke\u015ffetmek:<\/strong> Fantazi \u00dcr\u00fcn Seti, yeni cinsel deneyimler ya\u015famak ve <strong data-start=\"3061\" data-end=\"3086\">s\u0131n\u0131rlar\u0131 geni\u015fletmek<\/strong> isteyenler i\u00e7in m\u00fckemmel bir ara\u00e7t\u0131r. Kendi fantezi d\u00fcnyan\u0131z\u0131 ke\u015ffetmek ve daha heyecan verici deneyimler ya\u015famak i\u00e7in ihtiyac\u0131n\u0131z olan her \u015fey bu setin i\u00e7inde bulunuyor.<\/p>\n<\/li>\n<\/ul>\n<h3 data-start=\"3259\" data-end=\"3273\"><strong data-start=\"3263\" data-end=\"3273\">Sonu\u00e7:<\/strong><\/h3>\n<p data-start=\"3275\" data-end=\"3773\" data-is-last-node=\"\" data-is-only-node=\"\">Fantazi \u00dcr\u00fcn Seti, <strong data-start=\"3294\" data-end=\"3320\">cinsel deneyimlerinizi<\/strong> daha heyecanl\u0131, daha tatmin edici ve <strong data-start=\"3358\" data-end=\"3375\">unforgettable<\/strong> hale getirecek \u015fekilde tasarlanm\u0131\u015ft\u0131r. <strong data-start=\"3415\" data-end=\"3436\">\u00c7ekici tasar\u0131mlar<\/strong>, <strong data-start=\"3438\" data-end=\"3468\">y\u00fcksek kaliteli malzemeler<\/strong> ve <strong data-start=\"3472\" data-end=\"3500\">ayarlanabilir \u00f6zellikler<\/strong> ile her bir \u00f6\u011fe, kullan\u0131c\u0131ya tam bir <strong data-start=\"3538\" data-end=\"3550\">\u00f6zg\u00fcrl\u00fck<\/strong> ve <strong data-start=\"3554\" data-end=\"3563\">keyif<\/strong> sunar. E\u011fer partnerinizle birlikte <strong data-start=\"3599\" data-end=\"3615\">heyecan dolu<\/strong>, <strong data-start=\"3617\" data-end=\"3639\">yenilik\u00e7i ve cesur<\/strong> bir deneyim ar\u0131yorsan\u0131z, bu set m\u00fckemmel bir se\u00e7imdir. <strong data-start=\"3695\" data-end=\"3733\">Fantezilerinizi ger\u00e7e\u011fe d\u00f6n\u00fc\u015ft\u00fcr\u00fcn<\/strong> ve cinsel ya\u015fam\u0131n\u0131za <strong data-start=\"3755\" data-end=\"3766\">heyecan<\/strong> kat\u0131n!<\/p>\n","protected":false},"excerpt":{"rendered":"<p>Fantazi \u00dcr\u00fcn Seti, <strong data-start=\"90\" data-end=\"117\">cinsel ke\u015fif ve heyecan<\/strong> arayan yeti\u015fkinler i\u00e7in \u00f6zel olarak tasarlanm\u0131\u015f, <strong data-start=\"167\" data-end=\"177\">\u00e7ekici<\/strong> ve <strong data-start=\"181\" data-end=\"194\">e\u011flenceli<\/strong> bir koleksiyondur. Farkl\u0131 <strong data-start=\"221\" data-end=\"242\">cinsel deneyimler<\/strong> ya\u015famak ve <strong data-start=\"254\" data-end=\"293\">fantezilerinizi ger\u00e7e\u011fe d\u00f6n\u00fc\u015ft\u00fcrmek<\/strong> i\u00e7in ideal bir se\u00e7enek olan bu set, kullan\u0131c\u0131lara <strong data-start=\"344\" data-end=\"362\">s\u0131n\u0131rs\u0131z ke\u015fif<\/strong> ve <strong data-start=\"366\" data-end=\"393\">heyecan dolu deneyimler<\/strong> sunar. Set, <strong data-start=\"406\" data-end=\"424\">zincirli tasma<\/strong>, <strong data-start=\"426\" data-end=\"440\">deri maske<\/strong>, <strong data-start=\"442\" data-end=\"457\">deri paddle<\/strong>, <strong data-start=\"459\" data-end=\"467\">plug<\/strong> ve <strong data-start=\"471\" data-end=\"492\">el ayak kelep\u00e7esi<\/strong> gibi \u00f6\u011felerle donat\u0131lm\u0131\u015ft\u0131r, her biri cinsel oyunlar\u0131n\u0131z\u0131 daha tatmin edici ve unutulmaz k\u0131lmak i\u00e7in tasarlanm\u0131\u015ft\u0131r.<\/p>\n","protected":false},"featured_media":18873,"comment_status":"open","ping_status":"closed","template":"","meta":[],"product_brand":[127],"product_cat":[100],"product_tag":[212],"class_list":{"0":"post-18784","1":"product","2":"type-product","3":"status-publish","4":"has-post-thumbnail","6":"product_brand-pembe-tilki","7":"product_cat-fantezi-fetis","8":"product_tag-baslangic-fantezi-fetis-seti-kirmizi","10":"first","11":"instock","12":"taxable","13":"shipping-taxable","14":"purchasable","15":"product-type-simple"},"yoast_head":"<!-- This site is optimized with the Yoast SEO Premium plugin v24.4 (Yoast SEO v27.1.1) - https:\/\/yoast.com\/product\/yoast-seo-premium-wordpress\/ -->\n<title>Ba\u015flang\u0131\u00e7 Fantezi Fetis Seti K\u0131rm\u0131z\u0131 - Bursa Erotik Shop<\/title>\n<meta name=\"robots\" content=\"index, follow, max-snippet:-1, max-image-preview:large, max-video-preview:-1\" \/>\n<link rel=\"canonical\" href=\"https:\/\/hobierotikshop.com.tr\/website1\/erotik-shop-urun\/baslangic-fantezi-fetis-seti-kirmizi\/\" \/>\n<meta property=\"og:locale\" content=\"tr_TR\" \/>\n<meta property=\"og:type\" content=\"article\" \/>\n<meta property=\"og:title\" content=\"Ba\u015flang\u0131\u00e7 Fantezi Fetis Seti K\u0131rm\u0131z\u0131\" \/>\n<meta property=\"og:description\" content=\"Fantazi \u00dcr\u00fcn Seti, cinsel ke\u015fif ve heyecan arayan yeti\u015fkinler i\u00e7in \u00f6zel olarak tasarlanm\u0131\u015f, \u00e7ekici ve e\u011flenceli bir koleksiyondur. Farkl\u0131 cinsel deneyimler ya\u015famak ve fantezilerinizi ger\u00e7e\u011fe d\u00f6n\u00fc\u015ft\u00fcrmek i\u00e7in ideal bir se\u00e7enek olan bu set, kullan\u0131c\u0131lara s\u0131n\u0131rs\u0131z ke\u015fif ve heyecan dolu deneyimler sunar. Set, zincirli tasma, deri maske, deri paddle, plug ve el ayak kelep\u00e7esi gibi \u00f6\u011felerle donat\u0131lm\u0131\u015ft\u0131r, her biri cinsel oyunlar\u0131n\u0131z\u0131 daha tatmin edici ve unutulmaz k\u0131lmak i\u00e7in tasarlanm\u0131\u015ft\u0131r.\" \/>\n<meta property=\"og:url\" content=\"https:\/\/hobierotikshop.com.tr\/website1\/erotik-shop-urun\/baslangic-fantezi-fetis-seti-kirmizi\/\" \/>\n<meta property=\"og:site_name\" content=\"Bursa Erotik Shop\" \/>\n<meta property=\"article:modified_time\" content=\"2026-01-26T13:39:56+00:00\" \/>\n<meta property=\"og:image\" content=\"https:\/\/hobierotikshop.com.tr\/website1\/wp-content\/uploads\/2025\/03\/baslangic-fantezi-fetis-seti-kirmizi-1857-2.jpg\" \/>\n\t<meta property=\"og:image:width\" content=\"978\" \/>\n\t<meta property=\"og:image:height\" content=\"978\" \/>\n\t<meta property=\"og:image:type\" content=\"image\/jpeg\" \/>\n<meta name=\"twitter:card\" content=\"summary_large_image\" \/>\n<meta name=\"twitter:site\" content=\"@shopbursa\" \/>\n<meta name=\"twitter:label1\" content=\"Fiyat\" \/>\n\t<meta name=\"twitter:data1\" content=\"&#8378;2.500,00 KDV DAH\u0130L\" \/>\n\t<meta name=\"twitter:label2\" content=\"Availability\" \/>\n\t<meta name=\"twitter:data2\" content=\"In stock\" \/>\n<script type=\"application\/ld+json\" class=\"yoast-schema-graph\">{\"@context\":\"https:\/\/schema.org\",\"@graph\":[{\"@type\":\"WebPage\",\"@id\":\"https:\/\/hobierotikshop.com.tr\/website1\/erotik-shop-urun\/baslangic-fantezi-fetis-seti-kirmizi\/\",\"url\":\"https:\/\/hobierotikshop.com.tr\/website1\/erotik-shop-urun\/baslangic-fantezi-fetis-seti-kirmizi\/\",\"name\":\"Ba\u015flang\u0131\u00e7 Fantezi Fetis Seti K\u0131rm\u0131z\u0131 - Bursa Erotik Shop\",\"isPartOf\":{\"@id\":\"https:\/\/hobierotikshop.com.tr\/website1\/#website\"},\"primaryImageOfPage\":{\"@id\":\"https:\/\/hobierotikshop.com.tr\/website1\/erotik-shop-urun\/baslangic-fantezi-fetis-seti-kirmizi\/#primaryimage\"},\"image\":{\"@id\":\"https:\/\/hobierotikshop.com.tr\/website1\/erotik-shop-urun\/baslangic-fantezi-fetis-seti-kirmizi\/#primaryimage\"},\"thumbnailUrl\":\"https:\/\/haremerotikshop.com\/site\/wp-content\/uploads\/2025\/03\/baslangic-fantezi-fetis-seti-kirmizi-1857-2.jpg\",\"datePublished\":\"2025-03-17T09:22:49+00:00\",\"dateModified\":\"2026-01-26T13:39:56+00:00\",\"breadcrumb\":{\"@id\":\"https:\/\/hobierotikshop.com.tr\/website1\/erotik-shop-urun\/baslangic-fantezi-fetis-seti-kirmizi\/#breadcrumb\"},\"inLanguage\":\"tr\",\"potentialAction\":[{\"@type\":\"ReadAction\",\"target\":[\"https:\/\/hobierotikshop.com.tr\/website1\/erotik-shop-urun\/baslangic-fantezi-fetis-seti-kirmizi\/\"]}]},{\"@type\":\"ImageObject\",\"inLanguage\":\"tr\",\"@id\":\"https:\/\/hobierotikshop.com.tr\/website1\/erotik-shop-urun\/baslangic-fantezi-fetis-seti-kirmizi\/#primaryimage\",\"url\":\"https:\/\/haremerotikshop.com\/site\/wp-content\/uploads\/2025\/03\/baslangic-fantezi-fetis-seti-kirmizi-1857-2.jpg\",\"contentUrl\":\"https:\/\/haremerotikshop.com\/site\/wp-content\/uploads\/2025\/03\/baslangic-fantezi-fetis-seti-kirmizi-1857-2.jpg\",\"width\":978,\"height\":978},{\"@type\":\"BreadcrumbList\",\"@id\":\"https:\/\/hobierotikshop.com.tr\/website1\/erotik-shop-urun\/baslangic-fantezi-fetis-seti-kirmizi\/#breadcrumb\",\"itemListElement\":[{\"@type\":\"ListItem\",\"position\":1,\"name\":\"Anasayfa\",\"item\":\"https:\/\/hobierotikshop.com.tr\/website1\/\"},{\"@type\":\"ListItem\",\"position\":2,\"name\":\"Erotik Shop \u00dcr\u00fcnleri\",\"item\":\"https:\/\/hobierotikshop.com.tr\/website1\/shop\/\"},{\"@type\":\"ListItem\",\"position\":3,\"name\":\"Ba\u015flang\u0131\u00e7 Fantezi Fetis Seti K\u0131rm\u0131z\u0131\"}]},{\"@type\":\"WebSite\",\"@id\":\"https:\/\/hobierotikshop.com.tr\/website1\/#website\",\"url\":\"https:\/\/hobierotikshop.com.tr\/website1\/\",\"name\":\"Bursa Erotik Shop\",\"description\":\"Bursa Erotik Shop ile g\u00fcvenli, gizli ve kaliteli yeti\u015fkin \u00fcr\u00fcnleri al\u0131\u015fveri\u015fi! Geni\u015f \u00fcr\u00fcn yelpazemizi ke\u015ffedin, hemen sipari\u015f verin\",\"publisher\":{\"@id\":\"https:\/\/hobierotikshop.com.tr\/website1\/#organization\"},\"alternateName\":\"Erotik Shop\",\"potentialAction\":[{\"@type\":\"SearchAction\",\"target\":{\"@type\":\"EntryPoint\",\"urlTemplate\":\"https:\/\/hobierotikshop.com.tr\/website1\/?s={search_term_string}\"},\"query-input\":{\"@type\":\"PropertyValueSpecification\",\"valueRequired\":true,\"valueName\":\"search_term_string\"}}],\"inLanguage\":\"tr\"},{\"@type\":\"Organization\",\"@id\":\"https:\/\/hobierotikshop.com.tr\/website1\/#organization\",\"name\":\"Harem Bursa Erotik Shop\",\"url\":\"https:\/\/hobierotikshop.com.tr\/website1\/\",\"logo\":{\"@type\":\"ImageObject\",\"inLanguage\":\"tr\",\"@id\":\"https:\/\/hobierotikshop.com.tr\/website1\/#\/schema\/logo\/image\/\",\"url\":\"https:\/\/haremerotikshop.com\/site\/wp-content\/uploads\/2025\/03\/haremsexshop.png\",\"contentUrl\":\"https:\/\/haremerotikshop.com\/site\/wp-content\/uploads\/2025\/03\/haremsexshop.png\",\"width\":400,\"height\":100,\"caption\":\"Harem Bursa Erotik Shop\"},\"image\":{\"@id\":\"https:\/\/hobierotikshop.com.tr\/website1\/#\/schema\/logo\/image\/\"},\"sameAs\":[\"https:\/\/x.com\/shopbursa\"],\"publishingPrinciples\":\"https:\/\/hobierotikshop.com.tr\/website1\/mesafeli-satis-sozlesmesi\/\",\"ownershipFundingInfo\":\"https:\/\/hobierotikshop.com.tr\/website1\/contact-us\/\",\"actionableFeedbackPolicy\":\"https:\/\/hobierotikshop.com.tr\/website1\/contact-us\/\",\"correctionsPolicy\":\"https:\/\/hobierotikshop.com.tr\/website1\/mesafeli-satis-sozlesmesi\/\"}]}<\/script>\n<meta property=\"product:brand\" content=\"Pembe Tilki\" \/>\n<meta property=\"product:price:amount\" content=\"2500.00\" \/>\n<meta property=\"product:price:currency\" content=\"TRY\" \/>\n<meta property=\"og:availability\" content=\"instock\" \/>\n<meta property=\"product:availability\" content=\"instock\" \/>\n<meta property=\"product:retailer_item_id\" content=\"PT-FFXG018R\" \/>\n<meta property=\"product:condition\" content=\"new\" \/>\n<!-- \/ Yoast SEO Premium plugin. -->","yoast_head_json":{"title":"Ba\u015flang\u0131\u00e7 Fantezi Fetis Seti K\u0131rm\u0131z\u0131 - Bursa Erotik Shop","robots":{"index":"index","follow":"follow","max-snippet":"max-snippet:-1","max-image-preview":"max-image-preview:large","max-video-preview":"max-video-preview:-1"},"canonical":"https:\/\/hobierotikshop.com.tr\/website1\/erotik-shop-urun\/baslangic-fantezi-fetis-seti-kirmizi\/","og_locale":"tr_TR","og_type":"article","og_title":"Ba\u015flang\u0131\u00e7 Fantezi Fetis Seti K\u0131rm\u0131z\u0131","og_description":"Fantazi \u00dcr\u00fcn Seti, cinsel ke\u015fif ve heyecan arayan yeti\u015fkinler i\u00e7in \u00f6zel olarak tasarlanm\u0131\u015f, \u00e7ekici ve e\u011flenceli bir koleksiyondur. Farkl\u0131 cinsel deneyimler ya\u015famak ve fantezilerinizi ger\u00e7e\u011fe d\u00f6n\u00fc\u015ft\u00fcrmek i\u00e7in ideal bir se\u00e7enek olan bu set, kullan\u0131c\u0131lara s\u0131n\u0131rs\u0131z ke\u015fif ve heyecan dolu deneyimler sunar. Set, zincirli tasma, deri maske, deri paddle, plug ve el ayak kelep\u00e7esi gibi \u00f6\u011felerle donat\u0131lm\u0131\u015ft\u0131r, her biri cinsel oyunlar\u0131n\u0131z\u0131 daha tatmin edici ve unutulmaz k\u0131lmak i\u00e7in tasarlanm\u0131\u015ft\u0131r.","og_url":"https:\/\/hobierotikshop.com.tr\/website1\/erotik-shop-urun\/baslangic-fantezi-fetis-seti-kirmizi\/","og_site_name":"Bursa Erotik Shop","article_modified_time":"2026-01-26T13:39:56+00:00","og_image":[{"width":978,"height":978,"url":"https:\/\/hobierotikshop.com.tr\/website1\/wp-content\/uploads\/2025\/03\/baslangic-fantezi-fetis-seti-kirmizi-1857-2.jpg","type":"image\/jpeg"}],"twitter_card":"summary_large_image","twitter_site":"@shopbursa","twitter_misc":{"Fiyat":"&#8378;2.500,00 KDV DAH\u0130L","Availability":"In stock"},"schema":{"@context":"https:\/\/schema.org","@graph":[{"@type":"WebPage","@id":"https:\/\/hobierotikshop.com.tr\/website1\/erotik-shop-urun\/baslangic-fantezi-fetis-seti-kirmizi\/","url":"https:\/\/hobierotikshop.com.tr\/website1\/erotik-shop-urun\/baslangic-fantezi-fetis-seti-kirmizi\/","name":"Ba\u015flang\u0131\u00e7 Fantezi Fetis Seti K\u0131rm\u0131z\u0131 - Bursa Erotik Shop","isPartOf":{"@id":"https:\/\/hobierotikshop.com.tr\/website1\/#website"},"primaryImageOfPage":{"@id":"https:\/\/hobierotikshop.com.tr\/website1\/erotik-shop-urun\/baslangic-fantezi-fetis-seti-kirmizi\/#primaryimage"},"image":{"@id":"https:\/\/hobierotikshop.com.tr\/website1\/erotik-shop-urun\/baslangic-fantezi-fetis-seti-kirmizi\/#primaryimage"},"thumbnailUrl":"https:\/\/haremerotikshop.com\/site\/wp-content\/uploads\/2025\/03\/baslangic-fantezi-fetis-seti-kirmizi-1857-2.jpg","datePublished":"2025-03-17T09:22:49+00:00","dateModified":"2026-01-26T13:39:56+00:00","breadcrumb":{"@id":"https:\/\/hobierotikshop.com.tr\/website1\/erotik-shop-urun\/baslangic-fantezi-fetis-seti-kirmizi\/#breadcrumb"},"inLanguage":"tr","potentialAction":[{"@type":"ReadAction","target":["https:\/\/hobierotikshop.com.tr\/website1\/erotik-shop-urun\/baslangic-fantezi-fetis-seti-kirmizi\/"]}]},{"@type":"ImageObject","inLanguage":"tr","@id":"https:\/\/hobierotikshop.com.tr\/website1\/erotik-shop-urun\/baslangic-fantezi-fetis-seti-kirmizi\/#primaryimage","url":"https:\/\/haremerotikshop.com\/site\/wp-content\/uploads\/2025\/03\/baslangic-fantezi-fetis-seti-kirmizi-1857-2.jpg","contentUrl":"https:\/\/haremerotikshop.com\/site\/wp-content\/uploads\/2025\/03\/baslangic-fantezi-fetis-seti-kirmizi-1857-2.jpg","width":978,"height":978},{"@type":"BreadcrumbList","@id":"https:\/\/hobierotikshop.com.tr\/website1\/erotik-shop-urun\/baslangic-fantezi-fetis-seti-kirmizi\/#breadcrumb","itemListElement":[{"@type":"ListItem","position":1,"name":"Anasayfa","item":"https:\/\/hobierotikshop.com.tr\/website1\/"},{"@type":"ListItem","position":2,"name":"Erotik Shop \u00dcr\u00fcnleri","item":"https:\/\/hobierotikshop.com.tr\/website1\/shop\/"},{"@type":"ListItem","position":3,"name":"Ba\u015flang\u0131\u00e7 Fantezi Fetis Seti K\u0131rm\u0131z\u0131"}]},{"@type":"WebSite","@id":"https:\/\/hobierotikshop.com.tr\/website1\/#website","url":"https:\/\/hobierotikshop.com.tr\/website1\/","name":"Bursa Erotik Shop","description":"Bursa Erotik Shop ile g\u00fcvenli, gizli ve kaliteli yeti\u015fkin \u00fcr\u00fcnleri al\u0131\u015fveri\u015fi! Geni\u015f \u00fcr\u00fcn yelpazemizi ke\u015ffedin, hemen sipari\u015f verin","publisher":{"@id":"https:\/\/hobierotikshop.com.tr\/website1\/#organization"},"alternateName":"Erotik Shop","potentialAction":[{"@type":"SearchAction","target":{"@type":"EntryPoint","urlTemplate":"https:\/\/hobierotikshop.com.tr\/website1\/?s={search_term_string}"},"query-input":{"@type":"PropertyValueSpecification","valueRequired":true,"valueName":"search_term_string"}}],"inLanguage":"tr"},{"@type":"Organization","@id":"https:\/\/hobierotikshop.com.tr\/website1\/#organization","name":"Harem Bursa Erotik Shop","url":"https:\/\/hobierotikshop.com.tr\/website1\/","logo":{"@type":"ImageObject","inLanguage":"tr","@id":"https:\/\/hobierotikshop.com.tr\/website1\/#\/schema\/logo\/image\/","url":"https:\/\/haremerotikshop.com\/site\/wp-content\/uploads\/2025\/03\/haremsexshop.png","contentUrl":"https:\/\/haremerotikshop.com\/site\/wp-content\/uploads\/2025\/03\/haremsexshop.png","width":400,"height":100,"caption":"Harem Bursa Erotik Shop"},"image":{"@id":"https:\/\/hobierotikshop.com.tr\/website1\/#\/schema\/logo\/image\/"},"sameAs":["https:\/\/x.com\/shopbursa"],"publishingPrinciples":"https:\/\/hobierotikshop.com.tr\/website1\/mesafeli-satis-sozlesmesi\/","ownershipFundingInfo":"https:\/\/hobierotikshop.com.tr\/website1\/contact-us\/","actionableFeedbackPolicy":"https:\/\/hobierotikshop.com.tr\/website1\/contact-us\/","correctionsPolicy":"https:\/\/hobierotikshop.com.tr\/website1\/mesafeli-satis-sozlesmesi\/"}]},"product_brand":"Pembe Tilki","product_price_amount":"2500.00","product_price_currency":"TRY","og_availability":"instock","product_availability":"instock","product_retailer_item_id":"PT-FFXG018R","product_condition":"new"},"_links":{"self":[{"href":"https:\/\/haremerotikshop.com\/site\/wp-json\/wp\/v2\/product\/18784","targetHints":{"allow":["GET"]}}],"collection":[{"href":"https:\/\/haremerotikshop.com\/site\/wp-json\/wp\/v2\/product"}],"about":[{"href":"https:\/\/haremerotikshop.com\/site\/wp-json\/wp\/v2\/types\/product"}],"replies":[{"embeddable":true,"href":"https:\/\/haremerotikshop.com\/site\/wp-json\/wp\/v2\/comments?post=18784"}],"version-history":[{"count":0,"href":"https:\/\/haremerotikshop.com\/site\/wp-json\/wp\/v2\/product\/18784\/revisions"}],"wp:featuredmedia":[{"embeddable":true,"href":"https:\/\/haremerotikshop.com\/site\/wp-json\/wp\/v2\/media\/18873"}],"wp:attachment":[{"href":"https:\/\/haremerotikshop.com\/site\/wp-json\/wp\/v2\/media?parent=18784"}],"wp:term":[{"taxonomy":"product_brand","embeddable":true,"href":"https:\/\/haremerotikshop.com\/site\/wp-json\/wp\/v2\/product_brand?post=18784"},{"taxonomy":"product_cat","embeddable":true,"href":"https:\/\/haremerotikshop.com\/site\/wp-json\/wp\/v2\/product_cat?post=18784"},{"taxonomy":"product_tag","embeddable":true,"href":"https:\/\/haremerotikshop.com\/site\/wp-json\/wp\/v2\/product_tag?post=18784"}],"curies":[{"name":"wp","href":"https:\/\/api.w.org\/{rel}","templated":true}]}}