{"id":18790,"date":"2025-03-17T12:22:50","date_gmt":"2025-03-17T09:22:50","guid":{"rendered":"https:\/\/haremerotikshop.com\/site\/?post_type=product&#038;p=18790"},"modified":"2026-01-26T16:38:08","modified_gmt":"2026-01-26T13:38:08","slug":"seffaf-pembe-realistik-dildo-23-cm","status":"publish","type":"product","link":"https:\/\/haremerotikshop.com\/site\/erotik-shop-urun\/seffaf-pembe-realistik-dildo-23-cm\/","title":{"rendered":"\u015eeffaf Pembe Realistik Dildo 23 Cm"},"content":{"rendered":"<h3 data-start=\"0\" data-end=\"61\"><strong data-start=\"4\" data-end=\"61\">\u015eeffaf Realistik Dildo &#8211; Ger\u00e7ek\u00e7i ve Doyurucu Deneyim<\/strong><\/h3>\n<p data-start=\"63\" data-end=\"514\"><strong data-start=\"63\" data-end=\"89\">\u015eeffaf Realistik Dildo<\/strong>, cinsel deneyimlerinizi zenginle\u015ftirmek ve heyecan\u0131n\u0131za renk katmak i\u00e7in \u00f6zel olarak tasarlanm\u0131\u015f y\u00fcksek kaliteli bir \u00fcr\u00fcnd\u00fcr. 23,5 cm uzunlu\u011funda ve 4,4 cm \u00e7ap\u0131nda olan bu dildo, kullan\u0131c\u0131ya yo\u011fun ve tatmin edici bir deneyim sunar. <strong data-start=\"322\" data-end=\"349\">Esnek silikon malzemesi<\/strong> ile v\u00fccudunuzla m\u00fckemmel uyum sa\u011flar ve <strong data-start=\"390\" data-end=\"411\">vantuzlu tasar\u0131m\u0131<\/strong> sayesinde hands-free kullan\u0131m imkan\u0131 sunar. Ayr\u0131ca, <strong data-start=\"464\" data-end=\"483\">\u015feffaf tasar\u0131m\u0131<\/strong> ile g\u00f6rsel bir zevk de sa\u011flar.<\/p>\n<h3 data-start=\"516\" data-end=\"541\"><strong data-start=\"520\" data-end=\"541\">\u00dcr\u00fcn \u00d6zellikleri:<\/strong><\/h3>\n<ul data-start=\"543\" data-end=\"1289\">\n<li data-start=\"543\" data-end=\"658\">\n<p data-start=\"545\" data-end=\"658\"><strong data-start=\"545\" data-end=\"558\">Boyutlar:<\/strong> 23,5 cm uzunluk ve 4,4 cm \u00e7ap ile ideal \u00f6l\u00e7\u00fclerde, kullan\u0131c\u0131ya yo\u011fun ve doyurucu bir deneyim sunar.<\/p>\n<\/li>\n<li data-start=\"662\" data-end=\"833\">\n<p data-start=\"664\" data-end=\"833\"><strong data-start=\"664\" data-end=\"695\">Esnek ve Dayan\u0131kl\u0131 Malzeme:<\/strong> Y\u00fcksek kaliteli silikon, esnekli\u011fi ve dayan\u0131kl\u0131l\u0131\u011f\u0131 ile konforlu bir kullan\u0131m sa\u011flar. Cildinize zarar vermeden rahat\u00e7a kullanabilirsiniz.<\/p>\n<\/li>\n<li data-start=\"835\" data-end=\"1044\">\n<p data-start=\"837\" data-end=\"1044\"><strong data-start=\"837\" data-end=\"858\">Vantuzlu Tasar\u0131m:<\/strong> \u00dcr\u00fcn\u00fcn alt k\u0131sm\u0131ndaki g\u00fc\u00e7l\u00fc vantuz, dildo&#8217;yu farkl\u0131 y\u00fczeylere sabitleyerek <strong data-start=\"934\" data-end=\"951\">eller serbest<\/strong> kullan\u0131m imkan\u0131 sunar. Duvar, zemin veya herhangi bir d\u00fcz y\u00fczeyde rahat\u00e7a kullanabilirsiniz.<\/p>\n<\/li>\n<li data-start=\"1046\" data-end=\"1185\">\n<p data-start=\"1048\" data-end=\"1185\"><strong data-start=\"1048\" data-end=\"1064\">\u015eeffaf Yap\u0131:<\/strong> \u015eeffaf tasar\u0131m\u0131 ile g\u00f6rsel bir \u00e7ekicilik sunar, farkl\u0131 bir deneyim arayan kullan\u0131c\u0131lar i\u00e7in ideal bir se\u00e7enek olu\u015fturur.<\/p>\n<\/li>\n<li data-start=\"1187\" data-end=\"1289\">\n<p data-start=\"1189\" data-end=\"1289\"><strong data-start=\"1189\" data-end=\"1208\">Kolay Kullan\u0131m:<\/strong> P\u00fcr\u00fczs\u00fcz y\u00fczeyi ve ideal boyutlar\u0131, rahat bir kullan\u0131m ve kolay temizlik sa\u011flar.<\/p>\n<\/li>\n<\/ul>\n<h3 data-start=\"1291\" data-end=\"1317\"><strong data-start=\"1295\" data-end=\"1317\">Kullan\u0131m Alanlar\u0131:<\/strong><\/h3>\n<ol data-start=\"1319\" data-end=\"1798\">\n<li data-start=\"1319\" data-end=\"1450\">\n<p data-start=\"1322\" data-end=\"1450\"><strong data-start=\"1322\" data-end=\"1344\">Bireysel Kullan\u0131m:<\/strong> Kendi zevklerinize g\u00f6re <strong data-start=\"1369\" data-end=\"1391\">\u00f6zg\u00fcrce ve rahat\u00e7a<\/strong> kullanabilirsiniz. \u015eeffaf yap\u0131s\u0131, g\u00f6rsel deneyimi art\u0131r\u0131r.<\/p>\n<\/li>\n<li data-start=\"1455\" data-end=\"1591\">\n<p data-start=\"1458\" data-end=\"1591\"><strong data-start=\"1458\" data-end=\"1483\">Partner \u0130le Kullan\u0131m:<\/strong> \u00c7iftler, cinsel deneyimlerini zenginle\u015ftirmek i\u00e7in birlikte kullanabilir, <strong data-start=\"1558\" data-end=\"1577\">yeni heyecanlar<\/strong> ke\u015ffedebilir.<\/p>\n<\/li>\n<li data-start=\"1593\" data-end=\"1798\">\n<p data-start=\"1596\" data-end=\"1798\"><strong data-start=\"1596\" data-end=\"1624\">Fantazi ve Rol Oyunlar\u0131:<\/strong> Fantazi d\u00fcnyas\u0131n\u0131 geni\u015fletmek ve <strong data-start=\"1658\" data-end=\"1677\">yeni deneyimler<\/strong> ya\u015famak isteyenler i\u00e7in m\u00fckemmel bir ara\u00e7t\u0131r. \u015eeffaf ve ger\u00e7ek\u00e7i yap\u0131s\u0131, farkl\u0131 senaryolar\u0131 daha heyecanl\u0131 hale getirir.<\/p>\n<\/li>\n<\/ol>\n<h3 data-start=\"1800\" data-end=\"1827\"><strong data-start=\"1804\" data-end=\"1827\">G\u00fcvenlik ve Kalite:<\/strong><\/h3>\n<ul data-start=\"1829\" data-end=\"2240\">\n<li data-start=\"1829\" data-end=\"1965\">\n<p data-start=\"1831\" data-end=\"1965\"><strong data-start=\"1831\" data-end=\"1857\">Y\u00fcksek Kalite Silikon:<\/strong> Cilt dostu ve <strong data-start=\"1872\" data-end=\"1897\">sa\u011fl\u0131k standartlar\u0131na<\/strong> uygun silikon malzemeden \u00fcretilmi\u015ftir. G\u00fcvenli bir kullan\u0131m sa\u011flar.<\/p>\n<\/li>\n<li data-start=\"1967\" data-end=\"2109\">\n<p data-start=\"1969\" data-end=\"2109\"><strong data-start=\"1969\" data-end=\"1988\">Kolay Temizlik:<\/strong> P\u00fcr\u00fczs\u00fcz y\u00fczeyi sayesinde <strong data-start=\"2015\" data-end=\"2034\">temizli\u011fi kolay<\/strong>d\u0131r. Kullan\u0131mdan sonra rahatl\u0131kla temizlenebilir, hijyenik kullan\u0131m sa\u011flar.<\/p>\n<\/li>\n<li data-start=\"2111\" data-end=\"2240\">\n<p data-start=\"2113\" data-end=\"2240\"><strong data-start=\"2113\" data-end=\"2127\">Dayan\u0131kl\u0131:<\/strong> Uzun s\u00fcreli kullan\u0131m i\u00e7in tasarlanm\u0131\u015f olan \u015eeffaf Realistik Dildo, dayan\u0131kl\u0131 malzemesi sayesinde uzun \u00f6m\u00fcrl\u00fcd\u00fcr.<\/p>\n<\/li>\n<\/ul>\n<h3 data-start=\"2242\" data-end=\"2279\"><strong data-start=\"2246\" data-end=\"2279\">Neden \u015eeffaf Realistik Dildo?<\/strong><\/h3>\n<ul data-start=\"2281\" data-end=\"2692\">\n<li data-start=\"2281\" data-end=\"2421\"><strong data-start=\"2283\" data-end=\"2315\">Ger\u00e7ek\u00e7i ve Estetik Deneyim:<\/strong> Do\u011fal bir <strong data-start=\"2326\" data-end=\"2344\">penis g\u00f6r\u00fcn\u00fcm\u00fc<\/strong> ve \u015feffaf tasar\u0131m, g\u00f6rsel olarak farkl\u0131 ve heyecan verici bir deneyim sunar.<\/li>\n<li data-start=\"2422\" data-end=\"2513\"><strong data-start=\"2424\" data-end=\"2445\">Vantuzlu Tasar\u0131m:<\/strong> Ellerinizi serbest b\u0131rak\u0131n ve istedi\u011finiz y\u00fczeyde rahat\u00e7a kullan\u0131n.<\/li>\n<li data-start=\"2514\" data-end=\"2603\"><strong data-start=\"2516\" data-end=\"2538\">Konforlu ve Esnek:<\/strong> Silikon malzeme v\u00fccudunuza uyum sa\u011flar ve maksimum konfor sunar.<\/li>\n<li data-start=\"2604\" data-end=\"2692\"><strong data-start=\"2606\" data-end=\"2625\">Kolay Temizlik:<\/strong> Hijyenik kullan\u0131m i\u00e7in ideal olan bu dildo, temizlenmesi kolayd\u0131r.<\/li>\n<\/ul>\n<p data-start=\"2694\" data-end=\"2910\" data-is-last-node=\"\" data-is-only-node=\"\"><strong data-start=\"2694\" data-end=\"2720\">\u015eeffaf Realistik Dildo<\/strong>, <strong data-start=\"2722\" data-end=\"2750\">ger\u00e7ek\u00e7i ve tatmin edici<\/strong> bir cinsel deneyim arayanlar i\u00e7in m\u00fckemmel bir tercihtir. Hem bireysel kullan\u0131mda hem de partnerle birlikte ke\u015ffedilebilecek pek \u00e7ok farkl\u0131 senaryoya sahiptir.<\/p>\n","protected":false},"excerpt":{"rendered":"<p><strong data-start=\"63\" data-end=\"89\">\u015eeffaf Realistik Dildo<\/strong>, cinsel deneyimlerinizi zenginle\u015ftirmek ve heyecan\u0131n\u0131za renk katmak i\u00e7in \u00f6zel olarak tasarlanm\u0131\u015f y\u00fcksek kaliteli bir \u00fcr\u00fcnd\u00fcr. 23,5 cm uzunlu\u011funda ve 4,4 cm \u00e7ap\u0131nda olan bu dildo, kullan\u0131c\u0131ya yo\u011fun ve tatmin edici bir deneyim sunar. <strong data-start=\"322\" data-end=\"349\">Esnek silikon malzemesi<\/strong> ile v\u00fccudunuzla m\u00fckemmel uyum sa\u011flar ve <strong data-start=\"390\" data-end=\"411\">vantuzlu tasar\u0131m\u0131<\/strong> sayesinde hands-free kullan\u0131m imkan\u0131 sunar. Ayr\u0131ca, <strong data-start=\"464\" data-end=\"483\">\u015feffaf tasar\u0131m\u0131<\/strong> ile g\u00f6rsel bir zevk de sa\u011flar.<\/p>\n","protected":false},"featured_media":18886,"comment_status":"open","ping_status":"closed","template":"","meta":[],"product_brand":[127],"product_cat":[96],"product_tag":[215],"class_list":{"0":"post-18790","1":"product","2":"type-product","3":"status-publish","4":"has-post-thumbnail","6":"product_brand-pembe-tilki","7":"product_cat-realistik-dildo","8":"product_tag-seffaf-pembe-realistik-dildo-23-cm","10":"first","11":"instock","12":"taxable","13":"shipping-taxable","14":"purchasable","15":"product-type-simple"},"yoast_head":"<!-- This site is optimized with the Yoast SEO Premium plugin v24.4 (Yoast SEO v27.1.1) - https:\/\/yoast.com\/product\/yoast-seo-premium-wordpress\/ -->\n<title>\u015eeffaf Pembe Realistik Dildo 23 Cm - Bursa Erotik Shop<\/title>\n<meta name=\"robots\" content=\"index, follow, max-snippet:-1, max-image-preview:large, max-video-preview:-1\" \/>\n<link rel=\"canonical\" href=\"https:\/\/hobierotikshop.com.tr\/website1\/erotik-shop-urun\/seffaf-pembe-realistik-dildo-23-cm\/\" \/>\n<meta property=\"og:locale\" content=\"tr_TR\" \/>\n<meta property=\"og:type\" content=\"article\" \/>\n<meta property=\"og:title\" content=\"\u015eeffaf Pembe Realistik Dildo 23 Cm\" \/>\n<meta property=\"og:description\" content=\"\u015eeffaf Realistik Dildo, cinsel deneyimlerinizi zenginle\u015ftirmek ve heyecan\u0131n\u0131za renk katmak i\u00e7in \u00f6zel olarak tasarlanm\u0131\u015f y\u00fcksek kaliteli bir \u00fcr\u00fcnd\u00fcr. 23,5 cm uzunlu\u011funda ve 4,4 cm \u00e7ap\u0131nda olan bu dildo, kullan\u0131c\u0131ya yo\u011fun ve tatmin edici bir deneyim sunar. Esnek silikon malzemesi ile v\u00fccudunuzla m\u00fckemmel uyum sa\u011flar ve vantuzlu tasar\u0131m\u0131 sayesinde hands-free kullan\u0131m imkan\u0131 sunar. Ayr\u0131ca, \u015feffaf tasar\u0131m\u0131 ile g\u00f6rsel bir zevk de sa\u011flar.\" \/>\n<meta property=\"og:url\" content=\"https:\/\/hobierotikshop.com.tr\/website1\/erotik-shop-urun\/seffaf-pembe-realistik-dildo-23-cm\/\" \/>\n<meta property=\"og:site_name\" content=\"Bursa Erotik Shop\" \/>\n<meta property=\"article:modified_time\" content=\"2026-01-26T13:38:08+00:00\" \/>\n<meta property=\"og:image\" content=\"https:\/\/hobierotikshop.com.tr\/website1\/wp-content\/uploads\/2025\/03\/seffaf-pembe-realistik-dildo-23-cm-2825.jpg\" \/>\n\t<meta property=\"og:image:width\" content=\"1500\" \/>\n\t<meta property=\"og:image:height\" content=\"1500\" \/>\n\t<meta property=\"og:image:type\" content=\"image\/jpeg\" \/>\n<meta name=\"twitter:card\" content=\"summary_large_image\" \/>\n<meta name=\"twitter:site\" content=\"@shopbursa\" \/>\n<meta name=\"twitter:label1\" content=\"Fiyat\" \/>\n\t<meta name=\"twitter:data1\" content=\"&#8378;1.000,00 KDV DAH\u0130L\" \/>\n\t<meta name=\"twitter:label2\" content=\"Availability\" \/>\n\t<meta name=\"twitter:data2\" content=\"In stock\" \/>\n<script type=\"application\/ld+json\" class=\"yoast-schema-graph\">{\"@context\":\"https:\/\/schema.org\",\"@graph\":[{\"@type\":\"WebPage\",\"@id\":\"https:\/\/hobierotikshop.com.tr\/website1\/erotik-shop-urun\/seffaf-pembe-realistik-dildo-23-cm\/\",\"url\":\"https:\/\/hobierotikshop.com.tr\/website1\/erotik-shop-urun\/seffaf-pembe-realistik-dildo-23-cm\/\",\"name\":\"\u015eeffaf Pembe Realistik Dildo 23 Cm - Bursa Erotik Shop\",\"isPartOf\":{\"@id\":\"https:\/\/hobierotikshop.com.tr\/website1\/#website\"},\"primaryImageOfPage\":{\"@id\":\"https:\/\/hobierotikshop.com.tr\/website1\/erotik-shop-urun\/seffaf-pembe-realistik-dildo-23-cm\/#primaryimage\"},\"image\":{\"@id\":\"https:\/\/hobierotikshop.com.tr\/website1\/erotik-shop-urun\/seffaf-pembe-realistik-dildo-23-cm\/#primaryimage\"},\"thumbnailUrl\":\"https:\/\/haremerotikshop.com\/site\/wp-content\/uploads\/2025\/03\/seffaf-pembe-realistik-dildo-23-cm-2825.jpg\",\"datePublished\":\"2025-03-17T09:22:50+00:00\",\"dateModified\":\"2026-01-26T13:38:08+00:00\",\"breadcrumb\":{\"@id\":\"https:\/\/hobierotikshop.com.tr\/website1\/erotik-shop-urun\/seffaf-pembe-realistik-dildo-23-cm\/#breadcrumb\"},\"inLanguage\":\"tr\",\"potentialAction\":[{\"@type\":\"ReadAction\",\"target\":[\"https:\/\/hobierotikshop.com.tr\/website1\/erotik-shop-urun\/seffaf-pembe-realistik-dildo-23-cm\/\"]}]},{\"@type\":\"ImageObject\",\"inLanguage\":\"tr\",\"@id\":\"https:\/\/hobierotikshop.com.tr\/website1\/erotik-shop-urun\/seffaf-pembe-realistik-dildo-23-cm\/#primaryimage\",\"url\":\"https:\/\/haremerotikshop.com\/site\/wp-content\/uploads\/2025\/03\/seffaf-pembe-realistik-dildo-23-cm-2825.jpg\",\"contentUrl\":\"https:\/\/haremerotikshop.com\/site\/wp-content\/uploads\/2025\/03\/seffaf-pembe-realistik-dildo-23-cm-2825.jpg\",\"width\":1500,\"height\":1500},{\"@type\":\"BreadcrumbList\",\"@id\":\"https:\/\/hobierotikshop.com.tr\/website1\/erotik-shop-urun\/seffaf-pembe-realistik-dildo-23-cm\/#breadcrumb\",\"itemListElement\":[{\"@type\":\"ListItem\",\"position\":1,\"name\":\"Anasayfa\",\"item\":\"https:\/\/hobierotikshop.com.tr\/website1\/\"},{\"@type\":\"ListItem\",\"position\":2,\"name\":\"Erotik Shop \u00dcr\u00fcnleri\",\"item\":\"https:\/\/hobierotikshop.com.tr\/website1\/shop\/\"},{\"@type\":\"ListItem\",\"position\":3,\"name\":\"\u015eeffaf Pembe Realistik Dildo 23 Cm\"}]},{\"@type\":\"WebSite\",\"@id\":\"https:\/\/hobierotikshop.com.tr\/website1\/#website\",\"url\":\"https:\/\/hobierotikshop.com.tr\/website1\/\",\"name\":\"Bursa Erotik Shop\",\"description\":\"Bursa Erotik Shop ile g\u00fcvenli, gizli ve kaliteli yeti\u015fkin \u00fcr\u00fcnleri al\u0131\u015fveri\u015fi! Geni\u015f \u00fcr\u00fcn yelpazemizi ke\u015ffedin, hemen sipari\u015f verin\",\"publisher\":{\"@id\":\"https:\/\/hobierotikshop.com.tr\/website1\/#organization\"},\"alternateName\":\"Erotik Shop\",\"potentialAction\":[{\"@type\":\"SearchAction\",\"target\":{\"@type\":\"EntryPoint\",\"urlTemplate\":\"https:\/\/hobierotikshop.com.tr\/website1\/?s={search_term_string}\"},\"query-input\":{\"@type\":\"PropertyValueSpecification\",\"valueRequired\":true,\"valueName\":\"search_term_string\"}}],\"inLanguage\":\"tr\"},{\"@type\":\"Organization\",\"@id\":\"https:\/\/hobierotikshop.com.tr\/website1\/#organization\",\"name\":\"Harem Bursa Erotik Shop\",\"url\":\"https:\/\/hobierotikshop.com.tr\/website1\/\",\"logo\":{\"@type\":\"ImageObject\",\"inLanguage\":\"tr\",\"@id\":\"https:\/\/hobierotikshop.com.tr\/website1\/#\/schema\/logo\/image\/\",\"url\":\"https:\/\/haremerotikshop.com\/site\/wp-content\/uploads\/2025\/03\/haremsexshop.png\",\"contentUrl\":\"https:\/\/haremerotikshop.com\/site\/wp-content\/uploads\/2025\/03\/haremsexshop.png\",\"width\":400,\"height\":100,\"caption\":\"Harem Bursa Erotik Shop\"},\"image\":{\"@id\":\"https:\/\/hobierotikshop.com.tr\/website1\/#\/schema\/logo\/image\/\"},\"sameAs\":[\"https:\/\/x.com\/shopbursa\"],\"publishingPrinciples\":\"https:\/\/hobierotikshop.com.tr\/website1\/mesafeli-satis-sozlesmesi\/\",\"ownershipFundingInfo\":\"https:\/\/hobierotikshop.com.tr\/website1\/contact-us\/\",\"actionableFeedbackPolicy\":\"https:\/\/hobierotikshop.com.tr\/website1\/contact-us\/\",\"correctionsPolicy\":\"https:\/\/hobierotikshop.com.tr\/website1\/mesafeli-satis-sozlesmesi\/\"}]}<\/script>\n<meta property=\"product:brand\" content=\"Pembe Tilki\" \/>\n<meta property=\"product:price:amount\" content=\"1000.00\" \/>\n<meta property=\"product:price:currency\" content=\"TRY\" \/>\n<meta property=\"og:availability\" content=\"instock\" \/>\n<meta property=\"product:availability\" content=\"instock\" \/>\n<meta property=\"product:retailer_item_id\" content=\"PT-DVXD010P\" \/>\n<meta property=\"product:condition\" content=\"new\" \/>\n<!-- \/ Yoast SEO Premium plugin. -->","yoast_head_json":{"title":"\u015eeffaf Pembe Realistik Dildo 23 Cm - Bursa Erotik Shop","robots":{"index":"index","follow":"follow","max-snippet":"max-snippet:-1","max-image-preview":"max-image-preview:large","max-video-preview":"max-video-preview:-1"},"canonical":"https:\/\/hobierotikshop.com.tr\/website1\/erotik-shop-urun\/seffaf-pembe-realistik-dildo-23-cm\/","og_locale":"tr_TR","og_type":"article","og_title":"\u015eeffaf Pembe Realistik Dildo 23 Cm","og_description":"\u015eeffaf Realistik Dildo, cinsel deneyimlerinizi zenginle\u015ftirmek ve heyecan\u0131n\u0131za renk katmak i\u00e7in \u00f6zel olarak tasarlanm\u0131\u015f y\u00fcksek kaliteli bir \u00fcr\u00fcnd\u00fcr. 23,5 cm uzunlu\u011funda ve 4,4 cm \u00e7ap\u0131nda olan bu dildo, kullan\u0131c\u0131ya yo\u011fun ve tatmin edici bir deneyim sunar. Esnek silikon malzemesi ile v\u00fccudunuzla m\u00fckemmel uyum sa\u011flar ve vantuzlu tasar\u0131m\u0131 sayesinde hands-free kullan\u0131m imkan\u0131 sunar. Ayr\u0131ca, \u015feffaf tasar\u0131m\u0131 ile g\u00f6rsel bir zevk de sa\u011flar.","og_url":"https:\/\/hobierotikshop.com.tr\/website1\/erotik-shop-urun\/seffaf-pembe-realistik-dildo-23-cm\/","og_site_name":"Bursa Erotik Shop","article_modified_time":"2026-01-26T13:38:08+00:00","og_image":[{"width":1500,"height":1500,"url":"https:\/\/hobierotikshop.com.tr\/website1\/wp-content\/uploads\/2025\/03\/seffaf-pembe-realistik-dildo-23-cm-2825.jpg","type":"image\/jpeg"}],"twitter_card":"summary_large_image","twitter_site":"@shopbursa","twitter_misc":{"Fiyat":"&#8378;1.000,00 KDV DAH\u0130L","Availability":"In stock"},"schema":{"@context":"https:\/\/schema.org","@graph":[{"@type":"WebPage","@id":"https:\/\/hobierotikshop.com.tr\/website1\/erotik-shop-urun\/seffaf-pembe-realistik-dildo-23-cm\/","url":"https:\/\/hobierotikshop.com.tr\/website1\/erotik-shop-urun\/seffaf-pembe-realistik-dildo-23-cm\/","name":"\u015eeffaf Pembe Realistik Dildo 23 Cm - Bursa Erotik Shop","isPartOf":{"@id":"https:\/\/hobierotikshop.com.tr\/website1\/#website"},"primaryImageOfPage":{"@id":"https:\/\/hobierotikshop.com.tr\/website1\/erotik-shop-urun\/seffaf-pembe-realistik-dildo-23-cm\/#primaryimage"},"image":{"@id":"https:\/\/hobierotikshop.com.tr\/website1\/erotik-shop-urun\/seffaf-pembe-realistik-dildo-23-cm\/#primaryimage"},"thumbnailUrl":"https:\/\/haremerotikshop.com\/site\/wp-content\/uploads\/2025\/03\/seffaf-pembe-realistik-dildo-23-cm-2825.jpg","datePublished":"2025-03-17T09:22:50+00:00","dateModified":"2026-01-26T13:38:08+00:00","breadcrumb":{"@id":"https:\/\/hobierotikshop.com.tr\/website1\/erotik-shop-urun\/seffaf-pembe-realistik-dildo-23-cm\/#breadcrumb"},"inLanguage":"tr","potentialAction":[{"@type":"ReadAction","target":["https:\/\/hobierotikshop.com.tr\/website1\/erotik-shop-urun\/seffaf-pembe-realistik-dildo-23-cm\/"]}]},{"@type":"ImageObject","inLanguage":"tr","@id":"https:\/\/hobierotikshop.com.tr\/website1\/erotik-shop-urun\/seffaf-pembe-realistik-dildo-23-cm\/#primaryimage","url":"https:\/\/haremerotikshop.com\/site\/wp-content\/uploads\/2025\/03\/seffaf-pembe-realistik-dildo-23-cm-2825.jpg","contentUrl":"https:\/\/haremerotikshop.com\/site\/wp-content\/uploads\/2025\/03\/seffaf-pembe-realistik-dildo-23-cm-2825.jpg","width":1500,"height":1500},{"@type":"BreadcrumbList","@id":"https:\/\/hobierotikshop.com.tr\/website1\/erotik-shop-urun\/seffaf-pembe-realistik-dildo-23-cm\/#breadcrumb","itemListElement":[{"@type":"ListItem","position":1,"name":"Anasayfa","item":"https:\/\/hobierotikshop.com.tr\/website1\/"},{"@type":"ListItem","position":2,"name":"Erotik Shop \u00dcr\u00fcnleri","item":"https:\/\/hobierotikshop.com.tr\/website1\/shop\/"},{"@type":"ListItem","position":3,"name":"\u015eeffaf Pembe Realistik Dildo 23 Cm"}]},{"@type":"WebSite","@id":"https:\/\/hobierotikshop.com.tr\/website1\/#website","url":"https:\/\/hobierotikshop.com.tr\/website1\/","name":"Bursa Erotik Shop","description":"Bursa Erotik Shop ile g\u00fcvenli, gizli ve kaliteli yeti\u015fkin \u00fcr\u00fcnleri al\u0131\u015fveri\u015fi! Geni\u015f \u00fcr\u00fcn yelpazemizi ke\u015ffedin, hemen sipari\u015f verin","publisher":{"@id":"https:\/\/hobierotikshop.com.tr\/website1\/#organization"},"alternateName":"Erotik Shop","potentialAction":[{"@type":"SearchAction","target":{"@type":"EntryPoint","urlTemplate":"https:\/\/hobierotikshop.com.tr\/website1\/?s={search_term_string}"},"query-input":{"@type":"PropertyValueSpecification","valueRequired":true,"valueName":"search_term_string"}}],"inLanguage":"tr"},{"@type":"Organization","@id":"https:\/\/hobierotikshop.com.tr\/website1\/#organization","name":"Harem Bursa Erotik Shop","url":"https:\/\/hobierotikshop.com.tr\/website1\/","logo":{"@type":"ImageObject","inLanguage":"tr","@id":"https:\/\/hobierotikshop.com.tr\/website1\/#\/schema\/logo\/image\/","url":"https:\/\/haremerotikshop.com\/site\/wp-content\/uploads\/2025\/03\/haremsexshop.png","contentUrl":"https:\/\/haremerotikshop.com\/site\/wp-content\/uploads\/2025\/03\/haremsexshop.png","width":400,"height":100,"caption":"Harem Bursa Erotik Shop"},"image":{"@id":"https:\/\/hobierotikshop.com.tr\/website1\/#\/schema\/logo\/image\/"},"sameAs":["https:\/\/x.com\/shopbursa"],"publishingPrinciples":"https:\/\/hobierotikshop.com.tr\/website1\/mesafeli-satis-sozlesmesi\/","ownershipFundingInfo":"https:\/\/hobierotikshop.com.tr\/website1\/contact-us\/","actionableFeedbackPolicy":"https:\/\/hobierotikshop.com.tr\/website1\/contact-us\/","correctionsPolicy":"https:\/\/hobierotikshop.com.tr\/website1\/mesafeli-satis-sozlesmesi\/"}]},"product_brand":"Pembe Tilki","product_price_amount":"1000.00","product_price_currency":"TRY","og_availability":"instock","product_availability":"instock","product_retailer_item_id":"PT-DVXD010P","product_condition":"new"},"_links":{"self":[{"href":"https:\/\/haremerotikshop.com\/site\/wp-json\/wp\/v2\/product\/18790","targetHints":{"allow":["GET"]}}],"collection":[{"href":"https:\/\/haremerotikshop.com\/site\/wp-json\/wp\/v2\/product"}],"about":[{"href":"https:\/\/haremerotikshop.com\/site\/wp-json\/wp\/v2\/types\/product"}],"replies":[{"embeddable":true,"href":"https:\/\/haremerotikshop.com\/site\/wp-json\/wp\/v2\/comments?post=18790"}],"version-history":[{"count":0,"href":"https:\/\/haremerotikshop.com\/site\/wp-json\/wp\/v2\/product\/18790\/revisions"}],"wp:featuredmedia":[{"embeddable":true,"href":"https:\/\/haremerotikshop.com\/site\/wp-json\/wp\/v2\/media\/18886"}],"wp:attachment":[{"href":"https:\/\/haremerotikshop.com\/site\/wp-json\/wp\/v2\/media?parent=18790"}],"wp:term":[{"taxonomy":"product_brand","embeddable":true,"href":"https:\/\/haremerotikshop.com\/site\/wp-json\/wp\/v2\/product_brand?post=18790"},{"taxonomy":"product_cat","embeddable":true,"href":"https:\/\/haremerotikshop.com\/site\/wp-json\/wp\/v2\/product_cat?post=18790"},{"taxonomy":"product_tag","embeddable":true,"href":"https:\/\/haremerotikshop.com\/site\/wp-json\/wp\/v2\/product_tag?post=18790"}],"curies":[{"name":"wp","href":"https:\/\/api.w.org\/{rel}","templated":true}]}}