{"id":18791,"date":"2025-03-17T12:22:50","date_gmt":"2025-03-17T09:22:50","guid":{"rendered":"https:\/\/haremerotikshop.com\/site\/?post_type=product&#038;p=18791"},"modified":"2026-01-26T16:38:37","modified_gmt":"2026-01-26T13:38:37","slug":"fantezi-baslangic-seti-pembe","status":"publish","type":"product","link":"https:\/\/haremerotikshop.com\/site\/erotik-shop-urun\/fantezi-baslangic-seti-pembe\/","title":{"rendered":"Fantezi Ba\u015flang\u0131\u00e7 Seti Pembe"},"content":{"rendered":"<h3 data-start=\"0\" data-end=\"57\"><strong data-start=\"4\" data-end=\"57\">Fantezi Seti &#8211; Heyecan Dolu Cinsel Ke\u015fif ve Tutku<\/strong><\/h3>\n<p data-start=\"59\" data-end=\"482\"><strong data-start=\"59\" data-end=\"75\">Fantezi Seti<\/strong>, cinsel ke\u015fif ve heyecan arayanlar i\u00e7in \u00f6zel olarak tasarlanm\u0131\u015f, <strong data-start=\"141\" data-end=\"161\">cesur ve tutkulu<\/strong> anlar ya\u015famak isteyenler i\u00e7in m\u00fckemmel bir se\u00e7enektir. Bu set, partnerinizle payla\u015fabilece\u011finiz farkl\u0131 <strong data-start=\"265\" data-end=\"287\">cinsel deneyimleri<\/strong> ke\u015ffetmenize olanak tan\u0131r. \u0130\u00e7erisinde yer alan <strong data-start=\"335\" data-end=\"364\">\u00f6zg\u00fcrle\u015ftirici oyuncaklar<\/strong> ve aksesuarlar ile heyecanl\u0131 anlar ya\u015faman\u0131z\u0131 sa\u011flar. S\u0131n\u0131rlar\u0131n\u0131z\u0131 zorlay\u0131n ve ke\u015ffetmenin verdi\u011fi tutkuyu hissedin!<\/p>\n<h3 data-start=\"484\" data-end=\"504\"><strong data-start=\"488\" data-end=\"504\">Set \u0130\u00e7eri\u011fi:<\/strong><\/h3>\n<ol data-start=\"506\" data-end=\"1297\">\n<li data-start=\"506\" data-end=\"713\">\n<p data-start=\"509\" data-end=\"713\"><strong data-start=\"509\" data-end=\"520\">K\u0131rbac:<\/strong> Fantezi setinin en heyecan verici \u00f6\u011felerinden biri olan k\u0131rbac, <strong data-start=\"585\" data-end=\"633\">hafif dokunu\u015flardan \u015fiddetli vuru\u015flara kadar<\/strong> farkl\u0131 hisler sunarak partnerinizle cinsel ke\u015ffinizi daha tutkulu hale getirir.<\/p>\n<\/li>\n<li data-start=\"715\" data-end=\"887\">\n<p data-start=\"718\" data-end=\"887\"><strong data-start=\"718\" data-end=\"745\">El ve Ayak Kelep\u00e7eleri:<\/strong> <strong data-start=\"746\" data-end=\"783\">Ba\u011flanma ve kontrol etme arzunuzu<\/strong> tatmin etmek i\u00e7in ideal olan bu kelep\u00e7eler, her iki taraf i\u00e7in de keyifli bir <strong data-start=\"862\" data-end=\"878\">g\u00fc\u00e7 dinami\u011fi<\/strong> yarat\u0131r.<\/p>\n<\/li>\n<li data-start=\"889\" data-end=\"1078\">\n<p data-start=\"892\" data-end=\"1078\"><strong data-start=\"892\" data-end=\"906\">G\u00f6z Band\u0131:<\/strong> <strong data-start=\"907\" data-end=\"932\">Duyular\u0131 s\u0131n\u0131rlayarak<\/strong> heyecan\u0131 art\u0131rmak i\u00e7in kullan\u0131l\u0131r. G\u00f6z band\u0131 tak\u0131ld\u0131\u011f\u0131nda v\u00fccudunuzun her dokunu\u015funu daha derinden hissederek zevkinizi kat kat art\u0131rabilirsiniz.<\/p>\n<\/li>\n<li data-start=\"1080\" data-end=\"1297\">\n<p data-start=\"1083\" data-end=\"1297\"><strong data-start=\"1083\" data-end=\"1097\">A\u011f\u0131z Topu:<\/strong> A\u011f\u0131z topu, <strong data-start=\"1109\" data-end=\"1141\">s\u00f6zl\u00fc ileti\u015fimi k\u0131s\u0131tlayarak<\/strong> partnerinizle farkl\u0131 t\u00fcrde bir <strong data-start=\"1173\" data-end=\"1184\">kontrol<\/strong> ve heyecan deneyimi sa\u011flar. Hem e\u011flenceli hem de ke\u015ffetmeye dayal\u0131 bir heyecan arayanlar i\u00e7in ideal bir ara\u00e7t\u0131r.<\/p>\n<\/li>\n<\/ol>\n<h3 data-start=\"1299\" data-end=\"1325\"><strong data-start=\"1303\" data-end=\"1325\">Kullan\u0131m Alanlar\u0131:<\/strong><\/h3>\n<ul data-start=\"1327\" data-end=\"1981\">\n<li data-start=\"1327\" data-end=\"1557\">\n<p data-start=\"1329\" data-end=\"1557\"><strong data-start=\"1329\" data-end=\"1356\">Partnerle Cinsel Ke\u015fif:<\/strong> Set, partnerinizle birlikte <strong data-start=\"1385\" data-end=\"1413\">s\u0131n\u0131rlar\u0131n\u0131z\u0131 zorlayarak<\/strong> ve yeni heyecanlar ke\u015ffederek cinsel ke\u015fiflerinize olanak tan\u0131r. Yeni deneyimler ya\u015famak ve arzu etti\u011finiz farkl\u0131 anlar yaratmak i\u00e7in idealdir.<\/p>\n<\/li>\n<li data-start=\"1561\" data-end=\"1752\">\n<p data-start=\"1563\" data-end=\"1752\"><strong data-start=\"1563\" data-end=\"1583\">Fantezi D\u00fcnyas\u0131:<\/strong> <strong data-start=\"1584\" data-end=\"1616\">Fantazi d\u00fcnyas\u0131na ad\u0131m atmak<\/strong> ve <strong data-start=\"1620\" data-end=\"1649\">yeni deneyimler ke\u015ffetmek<\/strong> isteyenler i\u00e7in m\u00fckemmel bir ara\u00e7t\u0131r. S\u0131n\u0131rlar\u0131n\u0131 geni\u015fletmek isteyenler i\u00e7in unutulmaz anlar yarat\u0131r.<\/p>\n<\/li>\n<li data-start=\"1754\" data-end=\"1981\">\n<p data-start=\"1756\" data-end=\"1981\"><strong data-start=\"1756\" data-end=\"1784\">Duyusal Uyar\u0131m ve G\u00fcven:<\/strong> G\u00f6z band\u0131 ve kelep\u00e7elerle, <strong data-start=\"1812\" data-end=\"1843\">duyular\u0131 harekete ge\u00e7irerek<\/strong> cinsel ili\u015fkilerde <strong data-start=\"1863\" data-end=\"1884\">g\u00fcven ve ba\u011fl\u0131l\u0131k<\/strong> hissini art\u0131r\u0131r. Ayn\u0131 zamanda her iki taraf\u0131n da daha yo\u011fun bir \u015fekilde <strong data-start=\"1957\" data-end=\"1973\">ba\u011flanmas\u0131n\u0131<\/strong> sa\u011flar.<\/p>\n<\/li>\n<\/ul>\n<h3 data-start=\"1983\" data-end=\"2010\"><strong data-start=\"1987\" data-end=\"2010\">G\u00fcvenlik ve Kalite:<\/strong><\/h3>\n<p data-start=\"2012\" data-end=\"2367\"><strong data-start=\"2012\" data-end=\"2028\">Fantezi Seti<\/strong>, <strong data-start=\"2030\" data-end=\"2074\">y\u00fcksek kaliteli ve g\u00fcvenli malzemelerden<\/strong> \u00fcretilmi\u015ftir. Her bir \u00fcr\u00fcn, <strong data-start=\"2103\" data-end=\"2152\">titiz kalite kontrol s\u00fcre\u00e7lerinden ge\u00e7irilmi\u015f<\/strong> olup, kullan\u0131c\u0131lar\u0131n g\u00fcvenli\u011fi ve memnuniyeti en y\u00fcksek seviyede tutulmu\u015ftur. Hem yeni ba\u015flayanlar hem de deneyimli kullan\u0131c\u0131lar i\u00e7in ideal olan bu set, her kullan\u0131c\u0131ya \u00f6zg\u00fcr bir ke\u015fif ve g\u00fcvenli bir deneyim sunar.<\/p>\n<h3 data-start=\"2369\" data-end=\"2396\"><strong data-start=\"2373\" data-end=\"2396\">Neden Fantezi Seti?<\/strong><\/h3>\n<ul data-start=\"2398\" data-end=\"2939\">\n<li data-start=\"2398\" data-end=\"2509\">\n<p data-start=\"2400\" data-end=\"2509\"><strong data-start=\"2400\" data-end=\"2418\">Duyusal Ke\u015fif:<\/strong> G\u00f6z band\u0131 ve a\u011f\u0131z topu ile <strong data-start=\"2446\" data-end=\"2471\">duyular\u0131 s\u0131n\u0131rlayarak<\/strong> farkl\u0131 bir <strong data-start=\"2483\" data-end=\"2500\">zevk deneyimi<\/strong> ya\u015fay\u0131n.<\/p>\n<\/li>\n<li data-start=\"2513\" data-end=\"2656\">\n<p data-start=\"2515\" data-end=\"2656\"><strong data-start=\"2515\" data-end=\"2535\">Yeni Heyecanlar:<\/strong> K\u0131rbac\u0131n ve kelep\u00e7elerin sundu\u011fu <strong data-start=\"2569\" data-end=\"2597\">tutku ve g\u00fc\u00e7 dinamikleri<\/strong> ile cinsel ili\u015fkilerinizde <strong data-start=\"2625\" data-end=\"2646\">farkl\u0131 deneyimler<\/strong> ke\u015ffedin.<\/p>\n<\/li>\n<li data-start=\"2658\" data-end=\"2783\">\n<p data-start=\"2660\" data-end=\"2783\"><strong data-start=\"2660\" data-end=\"2687\">Y\u00fcksek Kalite ve G\u00fcven:<\/strong> Setin t\u00fcm \u00f6\u011feleri <strong data-start=\"2706\" data-end=\"2738\">y\u00fcksek kaliteli malzemelerle<\/strong> \u00fcretilmi\u015f olup, g\u00fcvenli bir kullan\u0131m sa\u011flar.<\/p>\n<\/li>\n<li data-start=\"2785\" data-end=\"2939\">\n<p data-start=\"2787\" data-end=\"2939\"><strong data-start=\"2787\" data-end=\"2810\">\u00c7e\u015fitli Deneyimler:<\/strong> <strong data-start=\"2811\" data-end=\"2838\">Fantezi ve rol oyunlar\u0131<\/strong> d\u00fcnyas\u0131na girebilirsiniz. Set, farkl\u0131 pozisyonlar ve senaryolar i\u00e7in geni\u015f bir kullan\u0131m alan\u0131 sunar.<\/p>\n<\/li>\n<\/ul>\n<h3 data-start=\"2941\" data-end=\"2955\"><strong data-start=\"2945\" data-end=\"2955\">Sonu\u00e7:<\/strong><\/h3>\n<p data-start=\"2956\" data-end=\"3264\" data-is-last-node=\"\" data-is-only-node=\"\"><strong data-start=\"2956\" data-end=\"2972\">Fantezi Seti<\/strong>, <strong data-start=\"2974\" data-end=\"3006\">heyecan dolu ve ke\u015fif odakl\u0131<\/strong> bir cinsel deneyim i\u00e7in m\u00fckemmel bir tercihtir. Hem <strong data-start=\"3059\" data-end=\"3080\">duygusal ba\u011f\u0131n\u0131z\u0131<\/strong> g\u00fc\u00e7lendirir hem de <strong data-start=\"3100\" data-end=\"3132\">yenilik\u00e7i ve cesur ke\u015fiflere<\/strong> olanak tan\u0131r. Partnerinizle unutulmaz ve tutkulu anlar ya\u015famak istiyorsan\u0131z, <strong data-start=\"3210\" data-end=\"3226\">Fantezi Seti<\/strong> sizin i\u00e7in ideal bir se\u00e7im olacakt\u0131r.<\/p>\n","protected":false},"excerpt":{"rendered":"<p><strong data-start=\"59\" data-end=\"75\">Fantezi Seti<\/strong>, cinsel ke\u015fif ve heyecan arayanlar i\u00e7in \u00f6zel olarak tasarlanm\u0131\u015f, <strong data-start=\"141\" data-end=\"161\">cesur ve tutkulu<\/strong> anlar ya\u015famak isteyenler i\u00e7in m\u00fckemmel bir se\u00e7enektir. Bu set, partnerinizle payla\u015fabilece\u011finiz farkl\u0131 <strong data-start=\"265\" data-end=\"287\">cinsel deneyimleri<\/strong> ke\u015ffetmenize olanak tan\u0131r. \u0130\u00e7erisinde yer alan <strong data-start=\"335\" data-end=\"364\">\u00f6zg\u00fcrle\u015ftirici oyuncaklar<\/strong> ve aksesuarlar ile heyecanl\u0131 anlar ya\u015faman\u0131z\u0131 sa\u011flar. S\u0131n\u0131rlar\u0131n\u0131z\u0131 zorlay\u0131n ve ke\u015ffetmenin verdi\u011fi tutkuyu hissedin!<\/p>\n","protected":false},"featured_media":18889,"comment_status":"open","ping_status":"closed","template":"","meta":[],"product_brand":[127],"product_cat":[100],"product_tag":[216],"class_list":{"0":"post-18791","1":"product","2":"type-product","3":"status-publish","4":"has-post-thumbnail","6":"product_brand-pembe-tilki","7":"product_cat-fantezi-fetis","8":"product_tag-fantezi-baslangic-seti-pembe","10":"first","11":"instock","12":"taxable","13":"shipping-taxable","14":"purchasable","15":"product-type-simple"},"yoast_head":"<!-- This site is optimized with the Yoast SEO Premium plugin v24.4 (Yoast SEO v27.1.1) - https:\/\/yoast.com\/product\/yoast-seo-premium-wordpress\/ -->\n<title>Fantezi Ba\u015flang\u0131\u00e7 Seti Pembe - Bursa Erotik Shop<\/title>\n<meta name=\"robots\" content=\"index, follow, max-snippet:-1, max-image-preview:large, max-video-preview:-1\" \/>\n<link rel=\"canonical\" href=\"https:\/\/hobierotikshop.com.tr\/website1\/erotik-shop-urun\/fantezi-baslangic-seti-pembe\/\" \/>\n<meta property=\"og:locale\" content=\"tr_TR\" \/>\n<meta property=\"og:type\" content=\"article\" \/>\n<meta property=\"og:title\" content=\"Fantezi Ba\u015flang\u0131\u00e7 Seti Pembe\" \/>\n<meta property=\"og:description\" content=\"Fantezi Seti, cinsel ke\u015fif ve heyecan arayanlar i\u00e7in \u00f6zel olarak tasarlanm\u0131\u015f, cesur ve tutkulu anlar ya\u015famak isteyenler i\u00e7in m\u00fckemmel bir se\u00e7enektir. Bu set, partnerinizle payla\u015fabilece\u011finiz farkl\u0131 cinsel deneyimleri ke\u015ffetmenize olanak tan\u0131r. \u0130\u00e7erisinde yer alan \u00f6zg\u00fcrle\u015ftirici oyuncaklar ve aksesuarlar ile heyecanl\u0131 anlar ya\u015faman\u0131z\u0131 sa\u011flar. S\u0131n\u0131rlar\u0131n\u0131z\u0131 zorlay\u0131n ve ke\u015ffetmenin verdi\u011fi tutkuyu hissedin!\" \/>\n<meta property=\"og:url\" content=\"https:\/\/hobierotikshop.com.tr\/website1\/erotik-shop-urun\/fantezi-baslangic-seti-pembe\/\" \/>\n<meta property=\"og:site_name\" content=\"Bursa Erotik Shop\" \/>\n<meta property=\"article:modified_time\" content=\"2026-01-26T13:38:37+00:00\" \/>\n<meta property=\"og:image\" content=\"https:\/\/hobierotikshop.com.tr\/website1\/wp-content\/uploads\/2025\/03\/fantezi-fetis-baslangic-seti-pembe-1867.jpg\" \/>\n\t<meta property=\"og:image:width\" content=\"967\" \/>\n\t<meta property=\"og:image:height\" content=\"967\" \/>\n\t<meta property=\"og:image:type\" content=\"image\/jpeg\" \/>\n<meta name=\"twitter:card\" content=\"summary_large_image\" \/>\n<meta name=\"twitter:site\" content=\"@shopbursa\" \/>\n<meta name=\"twitter:label1\" content=\"Fiyat\" \/>\n\t<meta name=\"twitter:data1\" content=\"&#8378;1.000,00 KDV DAH\u0130L\" \/>\n\t<meta name=\"twitter:label2\" content=\"Availability\" \/>\n\t<meta name=\"twitter:data2\" content=\"In stock\" \/>\n<script type=\"application\/ld+json\" class=\"yoast-schema-graph\">{\"@context\":\"https:\/\/schema.org\",\"@graph\":[{\"@type\":\"WebPage\",\"@id\":\"https:\/\/hobierotikshop.com.tr\/website1\/erotik-shop-urun\/fantezi-baslangic-seti-pembe\/\",\"url\":\"https:\/\/hobierotikshop.com.tr\/website1\/erotik-shop-urun\/fantezi-baslangic-seti-pembe\/\",\"name\":\"Fantezi Ba\u015flang\u0131\u00e7 Seti Pembe - Bursa Erotik Shop\",\"isPartOf\":{\"@id\":\"https:\/\/hobierotikshop.com.tr\/website1\/#website\"},\"primaryImageOfPage\":{\"@id\":\"https:\/\/hobierotikshop.com.tr\/website1\/erotik-shop-urun\/fantezi-baslangic-seti-pembe\/#primaryimage\"},\"image\":{\"@id\":\"https:\/\/hobierotikshop.com.tr\/website1\/erotik-shop-urun\/fantezi-baslangic-seti-pembe\/#primaryimage\"},\"thumbnailUrl\":\"https:\/\/haremerotikshop.com\/site\/wp-content\/uploads\/2025\/03\/fantezi-fetis-baslangic-seti-pembe-1867.jpg\",\"datePublished\":\"2025-03-17T09:22:50+00:00\",\"dateModified\":\"2026-01-26T13:38:37+00:00\",\"breadcrumb\":{\"@id\":\"https:\/\/hobierotikshop.com.tr\/website1\/erotik-shop-urun\/fantezi-baslangic-seti-pembe\/#breadcrumb\"},\"inLanguage\":\"tr\",\"potentialAction\":[{\"@type\":\"ReadAction\",\"target\":[\"https:\/\/hobierotikshop.com.tr\/website1\/erotik-shop-urun\/fantezi-baslangic-seti-pembe\/\"]}]},{\"@type\":\"ImageObject\",\"inLanguage\":\"tr\",\"@id\":\"https:\/\/hobierotikshop.com.tr\/website1\/erotik-shop-urun\/fantezi-baslangic-seti-pembe\/#primaryimage\",\"url\":\"https:\/\/haremerotikshop.com\/site\/wp-content\/uploads\/2025\/03\/fantezi-fetis-baslangic-seti-pembe-1867.jpg\",\"contentUrl\":\"https:\/\/haremerotikshop.com\/site\/wp-content\/uploads\/2025\/03\/fantezi-fetis-baslangic-seti-pembe-1867.jpg\",\"width\":967,\"height\":967},{\"@type\":\"BreadcrumbList\",\"@id\":\"https:\/\/hobierotikshop.com.tr\/website1\/erotik-shop-urun\/fantezi-baslangic-seti-pembe\/#breadcrumb\",\"itemListElement\":[{\"@type\":\"ListItem\",\"position\":1,\"name\":\"Anasayfa\",\"item\":\"https:\/\/hobierotikshop.com.tr\/website1\/\"},{\"@type\":\"ListItem\",\"position\":2,\"name\":\"Erotik Shop \u00dcr\u00fcnleri\",\"item\":\"https:\/\/hobierotikshop.com.tr\/website1\/shop\/\"},{\"@type\":\"ListItem\",\"position\":3,\"name\":\"Fantezi Ba\u015flang\u0131\u00e7 Seti Pembe\"}]},{\"@type\":\"WebSite\",\"@id\":\"https:\/\/hobierotikshop.com.tr\/website1\/#website\",\"url\":\"https:\/\/hobierotikshop.com.tr\/website1\/\",\"name\":\"Bursa Erotik Shop\",\"description\":\"Bursa Erotik Shop ile g\u00fcvenli, gizli ve kaliteli yeti\u015fkin \u00fcr\u00fcnleri al\u0131\u015fveri\u015fi! Geni\u015f \u00fcr\u00fcn yelpazemizi ke\u015ffedin, hemen sipari\u015f verin\",\"publisher\":{\"@id\":\"https:\/\/hobierotikshop.com.tr\/website1\/#organization\"},\"alternateName\":\"Erotik Shop\",\"potentialAction\":[{\"@type\":\"SearchAction\",\"target\":{\"@type\":\"EntryPoint\",\"urlTemplate\":\"https:\/\/hobierotikshop.com.tr\/website1\/?s={search_term_string}\"},\"query-input\":{\"@type\":\"PropertyValueSpecification\",\"valueRequired\":true,\"valueName\":\"search_term_string\"}}],\"inLanguage\":\"tr\"},{\"@type\":\"Organization\",\"@id\":\"https:\/\/hobierotikshop.com.tr\/website1\/#organization\",\"name\":\"Harem Bursa Erotik Shop\",\"url\":\"https:\/\/hobierotikshop.com.tr\/website1\/\",\"logo\":{\"@type\":\"ImageObject\",\"inLanguage\":\"tr\",\"@id\":\"https:\/\/hobierotikshop.com.tr\/website1\/#\/schema\/logo\/image\/\",\"url\":\"https:\/\/haremerotikshop.com\/wp-content\/uploads\/2025\/03\/haremsexshop.png\",\"contentUrl\":\"https:\/\/haremerotikshop.com\/wp-content\/uploads\/2025\/03\/haremsexshop.png\",\"width\":400,\"height\":100,\"caption\":\"Harem Bursa Erotik Shop\"},\"image\":{\"@id\":\"https:\/\/hobierotikshop.com.tr\/website1\/#\/schema\/logo\/image\/\"},\"sameAs\":[\"https:\/\/x.com\/shopbursa\"],\"publishingPrinciples\":\"https:\/\/hobierotikshop.com.tr\/website1\/mesafeli-satis-sozlesmesi\/\",\"ownershipFundingInfo\":\"https:\/\/hobierotikshop.com.tr\/website1\/contact-us\/\",\"actionableFeedbackPolicy\":\"https:\/\/hobierotikshop.com.tr\/website1\/contact-us\/\",\"correctionsPolicy\":\"https:\/\/hobierotikshop.com.tr\/website1\/mesafeli-satis-sozlesmesi\/\"}]}<\/script>\n<meta property=\"product:brand\" content=\"Pembe Tilki\" \/>\n<meta property=\"product:price:amount\" content=\"1000.00\" \/>\n<meta property=\"product:price:currency\" content=\"TRY\" \/>\n<meta property=\"og:availability\" content=\"instock\" \/>\n<meta property=\"product:availability\" content=\"instock\" \/>\n<meta property=\"product:retailer_item_id\" content=\"PT-FFXG046PNK\" \/>\n<meta property=\"product:condition\" content=\"new\" \/>\n<!-- \/ Yoast SEO Premium plugin. -->","yoast_head_json":{"title":"Fantezi Ba\u015flang\u0131\u00e7 Seti Pembe - Bursa Erotik Shop","robots":{"index":"index","follow":"follow","max-snippet":"max-snippet:-1","max-image-preview":"max-image-preview:large","max-video-preview":"max-video-preview:-1"},"canonical":"https:\/\/hobierotikshop.com.tr\/website1\/erotik-shop-urun\/fantezi-baslangic-seti-pembe\/","og_locale":"tr_TR","og_type":"article","og_title":"Fantezi Ba\u015flang\u0131\u00e7 Seti Pembe","og_description":"Fantezi Seti, cinsel ke\u015fif ve heyecan arayanlar i\u00e7in \u00f6zel olarak tasarlanm\u0131\u015f, cesur ve tutkulu anlar ya\u015famak isteyenler i\u00e7in m\u00fckemmel bir se\u00e7enektir. Bu set, partnerinizle payla\u015fabilece\u011finiz farkl\u0131 cinsel deneyimleri ke\u015ffetmenize olanak tan\u0131r. \u0130\u00e7erisinde yer alan \u00f6zg\u00fcrle\u015ftirici oyuncaklar ve aksesuarlar ile heyecanl\u0131 anlar ya\u015faman\u0131z\u0131 sa\u011flar. S\u0131n\u0131rlar\u0131n\u0131z\u0131 zorlay\u0131n ve ke\u015ffetmenin verdi\u011fi tutkuyu hissedin!","og_url":"https:\/\/hobierotikshop.com.tr\/website1\/erotik-shop-urun\/fantezi-baslangic-seti-pembe\/","og_site_name":"Bursa Erotik Shop","article_modified_time":"2026-01-26T13:38:37+00:00","og_image":[{"width":967,"height":967,"url":"https:\/\/hobierotikshop.com.tr\/website1\/wp-content\/uploads\/2025\/03\/fantezi-fetis-baslangic-seti-pembe-1867.jpg","type":"image\/jpeg"}],"twitter_card":"summary_large_image","twitter_site":"@shopbursa","twitter_misc":{"Fiyat":"&#8378;1.000,00 KDV DAH\u0130L","Availability":"In stock"},"schema":{"@context":"https:\/\/schema.org","@graph":[{"@type":"WebPage","@id":"https:\/\/hobierotikshop.com.tr\/website1\/erotik-shop-urun\/fantezi-baslangic-seti-pembe\/","url":"https:\/\/hobierotikshop.com.tr\/website1\/erotik-shop-urun\/fantezi-baslangic-seti-pembe\/","name":"Fantezi Ba\u015flang\u0131\u00e7 Seti Pembe - Bursa Erotik Shop","isPartOf":{"@id":"https:\/\/hobierotikshop.com.tr\/website1\/#website"},"primaryImageOfPage":{"@id":"https:\/\/hobierotikshop.com.tr\/website1\/erotik-shop-urun\/fantezi-baslangic-seti-pembe\/#primaryimage"},"image":{"@id":"https:\/\/hobierotikshop.com.tr\/website1\/erotik-shop-urun\/fantezi-baslangic-seti-pembe\/#primaryimage"},"thumbnailUrl":"https:\/\/haremerotikshop.com\/site\/wp-content\/uploads\/2025\/03\/fantezi-fetis-baslangic-seti-pembe-1867.jpg","datePublished":"2025-03-17T09:22:50+00:00","dateModified":"2026-01-26T13:38:37+00:00","breadcrumb":{"@id":"https:\/\/hobierotikshop.com.tr\/website1\/erotik-shop-urun\/fantezi-baslangic-seti-pembe\/#breadcrumb"},"inLanguage":"tr","potentialAction":[{"@type":"ReadAction","target":["https:\/\/hobierotikshop.com.tr\/website1\/erotik-shop-urun\/fantezi-baslangic-seti-pembe\/"]}]},{"@type":"ImageObject","inLanguage":"tr","@id":"https:\/\/hobierotikshop.com.tr\/website1\/erotik-shop-urun\/fantezi-baslangic-seti-pembe\/#primaryimage","url":"https:\/\/haremerotikshop.com\/site\/wp-content\/uploads\/2025\/03\/fantezi-fetis-baslangic-seti-pembe-1867.jpg","contentUrl":"https:\/\/haremerotikshop.com\/site\/wp-content\/uploads\/2025\/03\/fantezi-fetis-baslangic-seti-pembe-1867.jpg","width":967,"height":967},{"@type":"BreadcrumbList","@id":"https:\/\/hobierotikshop.com.tr\/website1\/erotik-shop-urun\/fantezi-baslangic-seti-pembe\/#breadcrumb","itemListElement":[{"@type":"ListItem","position":1,"name":"Anasayfa","item":"https:\/\/hobierotikshop.com.tr\/website1\/"},{"@type":"ListItem","position":2,"name":"Erotik Shop \u00dcr\u00fcnleri","item":"https:\/\/hobierotikshop.com.tr\/website1\/shop\/"},{"@type":"ListItem","position":3,"name":"Fantezi Ba\u015flang\u0131\u00e7 Seti Pembe"}]},{"@type":"WebSite","@id":"https:\/\/hobierotikshop.com.tr\/website1\/#website","url":"https:\/\/hobierotikshop.com.tr\/website1\/","name":"Bursa Erotik Shop","description":"Bursa Erotik Shop ile g\u00fcvenli, gizli ve kaliteli yeti\u015fkin \u00fcr\u00fcnleri al\u0131\u015fveri\u015fi! Geni\u015f \u00fcr\u00fcn yelpazemizi ke\u015ffedin, hemen sipari\u015f verin","publisher":{"@id":"https:\/\/hobierotikshop.com.tr\/website1\/#organization"},"alternateName":"Erotik Shop","potentialAction":[{"@type":"SearchAction","target":{"@type":"EntryPoint","urlTemplate":"https:\/\/hobierotikshop.com.tr\/website1\/?s={search_term_string}"},"query-input":{"@type":"PropertyValueSpecification","valueRequired":true,"valueName":"search_term_string"}}],"inLanguage":"tr"},{"@type":"Organization","@id":"https:\/\/hobierotikshop.com.tr\/website1\/#organization","name":"Harem Bursa Erotik Shop","url":"https:\/\/hobierotikshop.com.tr\/website1\/","logo":{"@type":"ImageObject","inLanguage":"tr","@id":"https:\/\/hobierotikshop.com.tr\/website1\/#\/schema\/logo\/image\/","url":"https:\/\/haremerotikshop.com\/wp-content\/uploads\/2025\/03\/haremsexshop.png","contentUrl":"https:\/\/haremerotikshop.com\/wp-content\/uploads\/2025\/03\/haremsexshop.png","width":400,"height":100,"caption":"Harem Bursa Erotik Shop"},"image":{"@id":"https:\/\/hobierotikshop.com.tr\/website1\/#\/schema\/logo\/image\/"},"sameAs":["https:\/\/x.com\/shopbursa"],"publishingPrinciples":"https:\/\/hobierotikshop.com.tr\/website1\/mesafeli-satis-sozlesmesi\/","ownershipFundingInfo":"https:\/\/hobierotikshop.com.tr\/website1\/contact-us\/","actionableFeedbackPolicy":"https:\/\/hobierotikshop.com.tr\/website1\/contact-us\/","correctionsPolicy":"https:\/\/hobierotikshop.com.tr\/website1\/mesafeli-satis-sozlesmesi\/"}]},"product_brand":"Pembe Tilki","product_price_amount":"1000.00","product_price_currency":"TRY","og_availability":"instock","product_availability":"instock","product_retailer_item_id":"PT-FFXG046PNK","product_condition":"new"},"_links":{"self":[{"href":"https:\/\/haremerotikshop.com\/site\/wp-json\/wp\/v2\/product\/18791","targetHints":{"allow":["GET"]}}],"collection":[{"href":"https:\/\/haremerotikshop.com\/site\/wp-json\/wp\/v2\/product"}],"about":[{"href":"https:\/\/haremerotikshop.com\/site\/wp-json\/wp\/v2\/types\/product"}],"replies":[{"embeddable":true,"href":"https:\/\/haremerotikshop.com\/site\/wp-json\/wp\/v2\/comments?post=18791"}],"version-history":[{"count":0,"href":"https:\/\/haremerotikshop.com\/site\/wp-json\/wp\/v2\/product\/18791\/revisions"}],"wp:featuredmedia":[{"embeddable":true,"href":"https:\/\/haremerotikshop.com\/site\/wp-json\/wp\/v2\/media\/18889"}],"wp:attachment":[{"href":"https:\/\/haremerotikshop.com\/site\/wp-json\/wp\/v2\/media?parent=18791"}],"wp:term":[{"taxonomy":"product_brand","embeddable":true,"href":"https:\/\/haremerotikshop.com\/site\/wp-json\/wp\/v2\/product_brand?post=18791"},{"taxonomy":"product_cat","embeddable":true,"href":"https:\/\/haremerotikshop.com\/site\/wp-json\/wp\/v2\/product_cat?post=18791"},{"taxonomy":"product_tag","embeddable":true,"href":"https:\/\/haremerotikshop.com\/site\/wp-json\/wp\/v2\/product_tag?post=18791"}],"curies":[{"name":"wp","href":"https:\/\/api.w.org\/{rel}","templated":true}]}}