{"id":18821,"date":"2025-03-17T12:23:13","date_gmt":"2025-03-17T09:23:13","guid":{"rendered":"https:\/\/haremerotikshop.com\/site\/?post_type=product&#038;p=18821"},"modified":"2026-01-26T16:36:17","modified_gmt":"2026-01-26T13:36:17","slug":"silikon-seffaf-mor-renkli-realistik-dildo-175-cm","status":"publish","type":"product","link":"https:\/\/haremerotikshop.com\/site\/erotik-shop-urun\/silikon-seffaf-mor-renkli-realistik-dildo-175-cm\/","title":{"rendered":"Silikon \u015eeffaf Mor Renkli Realistik Dildo 17,5 Cm"},"content":{"rendered":"<h3 data-start=\"0\" data-end=\"85\"><strong data-start=\"4\" data-end=\"83\">Silikon \u015eeffaf Renkli Realistik Dildo \u2013 Ger\u00e7ek\u00e7i Deneyim ve Estetik Tasar\u0131m<\/strong><\/h3>\n<p data-start=\"87\" data-end=\"562\"><strong data-start=\"87\" data-end=\"128\">Silikon \u015eeffaf Renkli Realistik Dildo<\/strong>, cinsel deneyimlerinizi <strong data-start=\"153\" data-end=\"204\">ger\u00e7ek\u00e7i ve renkli bir dokunu\u015fla zenginle\u015ftiren<\/strong> y\u00fcksek kaliteli bir \u00fcr\u00fcnd\u00fcr. \u015eeffaf \u00fcst k\u0131sm\u0131 ve renkli alt k\u0131sm\u0131 ile <strong data-start=\"275\" data-end=\"307\">g\u00f6z al\u0131c\u0131 bir tasar\u0131ma sahip<\/strong> olan bu dildo, <strong data-start=\"323\" data-end=\"361\">ger\u00e7ek bir penisten ilham al\u0131narak<\/strong> \u00fcretilmi\u015ftir ve ger\u00e7ek\u00e7i dokusu sayesinde kullan\u0131c\u0131ya e\u015fsiz bir deneyim sunar. <strong data-start=\"441\" data-end=\"460\">Vantuzlu taban\u0131<\/strong> sayesinde eller serbest kullan\u0131m imkan\u0131 sa\u011flayarak, farkl\u0131 pozisyonlarda rahatl\u0131kla kullan\u0131labilir.<\/p>\n<h3 data-start=\"564\" data-end=\"594\"><strong data-start=\"568\" data-end=\"592\">\u00d6ne \u00c7\u0131kan \u00d6zellikler<\/strong><\/h3>\n<p data-start=\"596\" data-end=\"831\">\u2705 <strong data-start=\"598\" data-end=\"618\">Ger\u00e7ek\u00e7i Tasar\u0131m<\/strong><br data-start=\"618\" data-end=\"621\" \/>Silikon \u015eeffaf Renkli Realistik Dildo, <strong data-start=\"660\" data-end=\"688\">do\u011fal bir penis g\u00f6r\u00fcn\u00fcm\u00fc<\/strong> ve dokusuyla <strong data-start=\"702\" data-end=\"739\">ger\u00e7ek\u00e7i bir penetrasyon deneyimi<\/strong> sunar. <strong data-start=\"747\" data-end=\"782\">Y\u00fcksek kaliteli silikon malzeme<\/strong>, hem g\u00fcvenli hem de dayan\u0131kl\u0131 kullan\u0131m sa\u011flar.<\/p>\n<p data-start=\"833\" data-end=\"1010\">\u2705 <strong data-start=\"835\" data-end=\"871\">Estetik ve Dikkat \u00c7ekici G\u00f6r\u00fcn\u00fcm<\/strong><br data-start=\"871\" data-end=\"874\" \/>\u00dcst k\u0131sm\u0131 \u015feffaf, alt k\u0131sm\u0131 ise renkli olan bu dildo, sadece i\u015flevsel de\u011fil, ayn\u0131 zamanda estetik a\u00e7\u0131dan da \u015f\u0131k bir g\u00f6r\u00fcn\u00fcme sahiptir.<\/p>\n<p data-start=\"1012\" data-end=\"1239\">\u2705 <strong data-start=\"1014\" data-end=\"1032\">Vantuzlu Taban<\/strong><br data-start=\"1032\" data-end=\"1035\" \/><strong data-start=\"1035\" data-end=\"1060\">G\u00fc\u00e7l\u00fc vantuzlu taban\u0131<\/strong>, dildo\u2019yu <strong data-start=\"1071\" data-end=\"1127\">farkl\u0131 y\u00fczeylere sabitleyerek eller serbest kullan\u0131m<\/strong> imkan\u0131 sunar. Bu \u00f6zellik, <strong data-start=\"1154\" data-end=\"1178\">kullan\u0131c\u0131ya \u00f6zg\u00fcrl\u00fck<\/strong> tan\u0131rken, farkl\u0131 pozisyonlarda rahatl\u0131kla kullan\u0131m sa\u011flar.<\/p>\n<p data-start=\"1241\" data-end=\"1454\">\u2705 <strong data-start=\"1243\" data-end=\"1280\">Y\u00fcksek Kalite ve G\u00fcvenli Kullan\u0131m<\/strong><br data-start=\"1280\" data-end=\"1283\" \/><strong data-start=\"1283\" data-end=\"1318\">Y\u00fcksek kaliteli silikon malzeme<\/strong>, cilt dostu olup uzun s\u00fcreli kullan\u0131m i\u00e7in dayan\u0131kl\u0131d\u0131r. Ayr\u0131ca, <strong data-start=\"1384\" data-end=\"1408\">kolay temizlenebilir<\/strong> ve hijyenik bir \u015fekilde bak\u0131m\u0131 yap\u0131labilir.<\/p>\n<h3 data-start=\"1456\" data-end=\"1480\"><strong data-start=\"1460\" data-end=\"1478\">\u00dcr\u00fcn Faydalar\u0131<\/strong><\/h3>\n<ul data-start=\"1482\" data-end=\"1928\">\n<li data-start=\"1482\" data-end=\"1608\"><strong data-start=\"1484\" data-end=\"1508\">Estetik ve Ger\u00e7ek\u00e7i:<\/strong> <strong data-start=\"1509\" data-end=\"1538\">\u015eeffaf ve renkli tasar\u0131m\u0131<\/strong>, hem g\u00f6rsel olarak dikkat \u00e7eker hem de <strong data-start=\"1578\" data-end=\"1598\">ger\u00e7ek\u00e7i bir his<\/strong> sa\u011flar.<\/li>\n<li data-start=\"1609\" data-end=\"1727\"><strong data-start=\"1611\" data-end=\"1649\">Vantuzlu Taban ile Kolay Kullan\u0131m:<\/strong> <strong data-start=\"1650\" data-end=\"1676\">Eller serbest kullan\u0131m<\/strong> ve farkl\u0131 y\u00fczeylerde <strong data-start=\"1698\" data-end=\"1724\">kolayca sabitlenebilir<\/strong>.<\/li>\n<li data-start=\"1728\" data-end=\"1833\"><strong data-start=\"1730\" data-end=\"1764\">Y\u00fcksek Kalite ve Dayan\u0131kl\u0131l\u0131k:<\/strong> <strong data-start=\"1765\" data-end=\"1791\">Sa\u011flam silikon malzeme<\/strong>, g\u00fcvenli ve uzun \u00f6m\u00fcrl\u00fc kullan\u0131m sunar.<\/li>\n<li data-start=\"1834\" data-end=\"1928\"><strong data-start=\"1836\" data-end=\"1864\">Kolay Temizlik ve Bak\u0131m:<\/strong> Kullan\u0131m sonras\u0131 h\u0131zl\u0131ca temizlenebilir, pratik bak\u0131m sa\u011flar.<\/li>\n<\/ul>\n<h3 data-start=\"1930\" data-end=\"1960\"><strong data-start=\"1934\" data-end=\"1958\">Kullan\u0131m Talimatlar\u0131<\/strong><\/h3>\n<p data-start=\"1961\" data-end=\"2198\">1\ufe0f\u20e3 <strong data-start=\"1965\" data-end=\"1984\">Vantuzlu taban\u0131<\/strong> kullanarak <strong data-start=\"1996\" data-end=\"2029\">istedi\u011finiz y\u00fczeye sabitleyin<\/strong>.<br data-start=\"2030\" data-end=\"2033\" \/>2\ufe0f\u20e3 <strong data-start=\"2037\" data-end=\"2116\">Nazik\u00e7e kullan\u0131n ve rahat bir deneyim i\u00e7in ihtiyac\u0131n\u0131za g\u00f6re pozisyon se\u00e7in<\/strong>.<br data-start=\"2117\" data-end=\"2120\" \/>3\ufe0f\u20e3 <strong data-start=\"2124\" data-end=\"2144\">Temizlik sonras\u0131<\/strong>, her kullan\u0131mdan \u00f6nce <strong data-start=\"2167\" data-end=\"2195\">su ve sabunla temizleyin<\/strong>.<\/p>\n<p data-start=\"2200\" data-end=\"2445\" data-is-last-node=\"\" data-is-only-node=\"\"><strong data-start=\"2200\" data-end=\"2241\">Silikon \u015eeffaf Renkli Realistik Dildo<\/strong>, <strong data-start=\"2243\" data-end=\"2283\">ger\u00e7ek\u00e7i ve tatmin edici bir deneyim<\/strong> arayanlar i\u00e7in m\u00fckemmel bir tercihtir. Estetik tasar\u0131m\u0131, dayan\u0131kl\u0131 yap\u0131s\u0131 ve fonksiyonel vantuzlu taban\u0131 ile <strong data-start=\"2393\" data-end=\"2416\">cinsel deneyiminizi<\/strong> daha keyifli hale getirecek!<\/p>\n","protected":false},"excerpt":{"rendered":"<p><strong data-start=\"87\" data-end=\"128\">Silikon \u015eeffaf Renkli Realistik Dildo<\/strong>, cinsel deneyimlerinizi <strong data-start=\"153\" data-end=\"204\">ger\u00e7ek\u00e7i ve renkli bir dokunu\u015fla zenginle\u015ftiren<\/strong> y\u00fcksek kaliteli bir \u00fcr\u00fcnd\u00fcr. \u015eeffaf \u00fcst k\u0131sm\u0131 ve renkli alt k\u0131sm\u0131 ile <strong data-start=\"275\" data-end=\"307\">g\u00f6z al\u0131c\u0131 bir tasar\u0131ma sahip<\/strong> olan bu dildo, <strong data-start=\"323\" data-end=\"361\">ger\u00e7ek bir penisten ilham al\u0131narak<\/strong> \u00fcretilmi\u015ftir ve ger\u00e7ek\u00e7i dokusu sayesinde kullan\u0131c\u0131ya e\u015fsiz bir deneyim sunar. <strong data-start=\"441\" data-end=\"460\">Vantuzlu taban\u0131<\/strong> sayesinde eller serbest kullan\u0131m imkan\u0131 sa\u011flayarak, farkl\u0131 pozisyonlarda rahatl\u0131kla kullan\u0131labilir.<\/p>\n","protected":false},"featured_media":18933,"comment_status":"open","ping_status":"closed","template":"","meta":[],"product_brand":[127],"product_cat":[96],"product_tag":[97,175],"class_list":{"0":"post-18821","1":"product","2":"type-product","3":"status-publish","4":"has-post-thumbnail","6":"product_brand-pembe-tilki","7":"product_cat-realistik-dildo","8":"product_tag-5-cm","9":"product_tag-silikon-seffaf-mor-renkli-realistik-dildo-15-cm","11":"first","12":"instock","13":"taxable","14":"shipping-taxable","15":"purchasable","16":"product-type-simple"},"yoast_head":"<!-- This site is optimized with the Yoast SEO Premium plugin v24.4 (Yoast SEO v27.1.1) - https:\/\/yoast.com\/product\/yoast-seo-premium-wordpress\/ -->\n<title>Silikon \u015eeffaf Mor Renkli Realistik Dildo 17,5 Cm - Bursa Erotik Shop<\/title>\n<meta name=\"robots\" content=\"index, follow, max-snippet:-1, max-image-preview:large, max-video-preview:-1\" \/>\n<link rel=\"canonical\" href=\"https:\/\/hobierotikshop.com.tr\/website1\/erotik-shop-urun\/silikon-seffaf-mor-renkli-realistik-dildo-175-cm\/\" \/>\n<meta property=\"og:locale\" content=\"tr_TR\" \/>\n<meta property=\"og:type\" content=\"article\" \/>\n<meta property=\"og:title\" content=\"Silikon \u015eeffaf Mor Renkli Realistik Dildo 17,5 Cm\" \/>\n<meta property=\"og:description\" content=\"Silikon \u015eeffaf Renkli Realistik Dildo, cinsel deneyimlerinizi ger\u00e7ek\u00e7i ve renkli bir dokunu\u015fla zenginle\u015ftiren y\u00fcksek kaliteli bir \u00fcr\u00fcnd\u00fcr. \u015eeffaf \u00fcst k\u0131sm\u0131 ve renkli alt k\u0131sm\u0131 ile g\u00f6z al\u0131c\u0131 bir tasar\u0131ma sahip olan bu dildo, ger\u00e7ek bir penisten ilham al\u0131narak \u00fcretilmi\u015ftir ve ger\u00e7ek\u00e7i dokusu sayesinde kullan\u0131c\u0131ya e\u015fsiz bir deneyim sunar. Vantuzlu taban\u0131 sayesinde eller serbest kullan\u0131m imkan\u0131 sa\u011flayarak, farkl\u0131 pozisyonlarda rahatl\u0131kla kullan\u0131labilir.\" \/>\n<meta property=\"og:url\" content=\"https:\/\/hobierotikshop.com.tr\/website1\/erotik-shop-urun\/silikon-seffaf-mor-renkli-realistik-dildo-175-cm\/\" \/>\n<meta property=\"og:site_name\" content=\"Bursa Erotik Shop\" \/>\n<meta property=\"article:modified_time\" content=\"2026-01-26T13:36:17+00:00\" \/>\n<meta property=\"og:image\" content=\"https:\/\/hobierotikshop.com.tr\/website1\/wp-content\/uploads\/2025\/03\/silikon-seffaf-mor-renkli-realistik-dildo-17-5-cm-1745.jpg\" \/>\n\t<meta property=\"og:image:width\" content=\"1500\" \/>\n\t<meta property=\"og:image:height\" content=\"1500\" \/>\n\t<meta property=\"og:image:type\" content=\"image\/jpeg\" \/>\n<meta name=\"twitter:card\" content=\"summary_large_image\" \/>\n<meta name=\"twitter:site\" content=\"@shopbursa\" \/>\n<meta name=\"twitter:label1\" content=\"Fiyat\" \/>\n\t<meta name=\"twitter:data1\" content=\"&#8378;1.000,00 KDV DAH\u0130L\" \/>\n\t<meta name=\"twitter:label2\" content=\"Availability\" \/>\n\t<meta name=\"twitter:data2\" content=\"In stock\" \/>\n<script type=\"application\/ld+json\" class=\"yoast-schema-graph\">{\"@context\":\"https:\/\/schema.org\",\"@graph\":[{\"@type\":\"WebPage\",\"@id\":\"https:\/\/hobierotikshop.com.tr\/website1\/erotik-shop-urun\/silikon-seffaf-mor-renkli-realistik-dildo-175-cm\/\",\"url\":\"https:\/\/hobierotikshop.com.tr\/website1\/erotik-shop-urun\/silikon-seffaf-mor-renkli-realistik-dildo-175-cm\/\",\"name\":\"Silikon \u015eeffaf Mor Renkli Realistik Dildo 17,5 Cm - Bursa Erotik Shop\",\"isPartOf\":{\"@id\":\"https:\/\/hobierotikshop.com.tr\/website1\/#website\"},\"primaryImageOfPage\":{\"@id\":\"https:\/\/hobierotikshop.com.tr\/website1\/erotik-shop-urun\/silikon-seffaf-mor-renkli-realistik-dildo-175-cm\/#primaryimage\"},\"image\":{\"@id\":\"https:\/\/hobierotikshop.com.tr\/website1\/erotik-shop-urun\/silikon-seffaf-mor-renkli-realistik-dildo-175-cm\/#primaryimage\"},\"thumbnailUrl\":\"https:\/\/haremerotikshop.com\/site\/wp-content\/uploads\/2025\/03\/silikon-seffaf-mor-renkli-realistik-dildo-17-5-cm-1745.jpg\",\"datePublished\":\"2025-03-17T09:23:13+00:00\",\"dateModified\":\"2026-01-26T13:36:17+00:00\",\"breadcrumb\":{\"@id\":\"https:\/\/hobierotikshop.com.tr\/website1\/erotik-shop-urun\/silikon-seffaf-mor-renkli-realistik-dildo-175-cm\/#breadcrumb\"},\"inLanguage\":\"tr\",\"potentialAction\":[{\"@type\":\"ReadAction\",\"target\":[\"https:\/\/hobierotikshop.com.tr\/website1\/erotik-shop-urun\/silikon-seffaf-mor-renkli-realistik-dildo-175-cm\/\"]}]},{\"@type\":\"ImageObject\",\"inLanguage\":\"tr\",\"@id\":\"https:\/\/hobierotikshop.com.tr\/website1\/erotik-shop-urun\/silikon-seffaf-mor-renkli-realistik-dildo-175-cm\/#primaryimage\",\"url\":\"https:\/\/haremerotikshop.com\/site\/wp-content\/uploads\/2025\/03\/silikon-seffaf-mor-renkli-realistik-dildo-17-5-cm-1745.jpg\",\"contentUrl\":\"https:\/\/haremerotikshop.com\/site\/wp-content\/uploads\/2025\/03\/silikon-seffaf-mor-renkli-realistik-dildo-17-5-cm-1745.jpg\",\"width\":1500,\"height\":1500},{\"@type\":\"BreadcrumbList\",\"@id\":\"https:\/\/hobierotikshop.com.tr\/website1\/erotik-shop-urun\/silikon-seffaf-mor-renkli-realistik-dildo-175-cm\/#breadcrumb\",\"itemListElement\":[{\"@type\":\"ListItem\",\"position\":1,\"name\":\"Anasayfa\",\"item\":\"https:\/\/hobierotikshop.com.tr\/website1\/\"},{\"@type\":\"ListItem\",\"position\":2,\"name\":\"Erotik Shop \u00dcr\u00fcnleri\",\"item\":\"https:\/\/hobierotikshop.com.tr\/website1\/shop\/\"},{\"@type\":\"ListItem\",\"position\":3,\"name\":\"Silikon \u015eeffaf Mor Renkli Realistik Dildo 17,5 Cm\"}]},{\"@type\":\"WebSite\",\"@id\":\"https:\/\/hobierotikshop.com.tr\/website1\/#website\",\"url\":\"https:\/\/hobierotikshop.com.tr\/website1\/\",\"name\":\"Bursa Erotik Shop\",\"description\":\"Bursa Erotik Shop ile g\u00fcvenli, gizli ve kaliteli yeti\u015fkin \u00fcr\u00fcnleri al\u0131\u015fveri\u015fi! Geni\u015f \u00fcr\u00fcn yelpazemizi ke\u015ffedin, hemen sipari\u015f verin\",\"publisher\":{\"@id\":\"https:\/\/hobierotikshop.com.tr\/website1\/#organization\"},\"alternateName\":\"Erotik Shop\",\"potentialAction\":[{\"@type\":\"SearchAction\",\"target\":{\"@type\":\"EntryPoint\",\"urlTemplate\":\"https:\/\/hobierotikshop.com.tr\/website1\/?s={search_term_string}\"},\"query-input\":{\"@type\":\"PropertyValueSpecification\",\"valueRequired\":true,\"valueName\":\"search_term_string\"}}],\"inLanguage\":\"tr\"},{\"@type\":\"Organization\",\"@id\":\"https:\/\/hobierotikshop.com.tr\/website1\/#organization\",\"name\":\"Harem Bursa Erotik Shop\",\"url\":\"https:\/\/hobierotikshop.com.tr\/website1\/\",\"logo\":{\"@type\":\"ImageObject\",\"inLanguage\":\"tr\",\"@id\":\"https:\/\/hobierotikshop.com.tr\/website1\/#\/schema\/logo\/image\/\",\"url\":\"https:\/\/haremerotikshop.com\/site\/wp-content\/uploads\/2025\/03\/haremsexshop.png\",\"contentUrl\":\"https:\/\/haremerotikshop.com\/site\/wp-content\/uploads\/2025\/03\/haremsexshop.png\",\"width\":400,\"height\":100,\"caption\":\"Harem Bursa Erotik Shop\"},\"image\":{\"@id\":\"https:\/\/hobierotikshop.com.tr\/website1\/#\/schema\/logo\/image\/\"},\"sameAs\":[\"https:\/\/x.com\/shopbursa\"],\"publishingPrinciples\":\"https:\/\/hobierotikshop.com.tr\/website1\/mesafeli-satis-sozlesmesi\/\",\"ownershipFundingInfo\":\"https:\/\/hobierotikshop.com.tr\/website1\/contact-us\/\",\"actionableFeedbackPolicy\":\"https:\/\/hobierotikshop.com.tr\/website1\/contact-us\/\",\"correctionsPolicy\":\"https:\/\/hobierotikshop.com.tr\/website1\/mesafeli-satis-sozlesmesi\/\"}]}<\/script>\n<meta property=\"product:brand\" content=\"Pembe Tilki\" \/>\n<meta property=\"product:price:amount\" content=\"1000.00\" \/>\n<meta property=\"product:price:currency\" content=\"TRY\" \/>\n<meta property=\"og:availability\" content=\"instock\" \/>\n<meta property=\"product:availability\" content=\"instock\" \/>\n<meta property=\"product:retailer_item_id\" content=\"PT-DVXD00317PRP\" \/>\n<meta property=\"product:condition\" content=\"new\" \/>\n<!-- \/ Yoast SEO Premium plugin. -->","yoast_head_json":{"title":"Silikon \u015eeffaf Mor Renkli Realistik Dildo 17,5 Cm - Bursa Erotik Shop","robots":{"index":"index","follow":"follow","max-snippet":"max-snippet:-1","max-image-preview":"max-image-preview:large","max-video-preview":"max-video-preview:-1"},"canonical":"https:\/\/hobierotikshop.com.tr\/website1\/erotik-shop-urun\/silikon-seffaf-mor-renkli-realistik-dildo-175-cm\/","og_locale":"tr_TR","og_type":"article","og_title":"Silikon \u015eeffaf Mor Renkli Realistik Dildo 17,5 Cm","og_description":"Silikon \u015eeffaf Renkli Realistik Dildo, cinsel deneyimlerinizi ger\u00e7ek\u00e7i ve renkli bir dokunu\u015fla zenginle\u015ftiren y\u00fcksek kaliteli bir \u00fcr\u00fcnd\u00fcr. \u015eeffaf \u00fcst k\u0131sm\u0131 ve renkli alt k\u0131sm\u0131 ile g\u00f6z al\u0131c\u0131 bir tasar\u0131ma sahip olan bu dildo, ger\u00e7ek bir penisten ilham al\u0131narak \u00fcretilmi\u015ftir ve ger\u00e7ek\u00e7i dokusu sayesinde kullan\u0131c\u0131ya e\u015fsiz bir deneyim sunar. Vantuzlu taban\u0131 sayesinde eller serbest kullan\u0131m imkan\u0131 sa\u011flayarak, farkl\u0131 pozisyonlarda rahatl\u0131kla kullan\u0131labilir.","og_url":"https:\/\/hobierotikshop.com.tr\/website1\/erotik-shop-urun\/silikon-seffaf-mor-renkli-realistik-dildo-175-cm\/","og_site_name":"Bursa Erotik Shop","article_modified_time":"2026-01-26T13:36:17+00:00","og_image":[{"width":1500,"height":1500,"url":"https:\/\/hobierotikshop.com.tr\/website1\/wp-content\/uploads\/2025\/03\/silikon-seffaf-mor-renkli-realistik-dildo-17-5-cm-1745.jpg","type":"image\/jpeg"}],"twitter_card":"summary_large_image","twitter_site":"@shopbursa","twitter_misc":{"Fiyat":"&#8378;1.000,00 KDV DAH\u0130L","Availability":"In stock"},"schema":{"@context":"https:\/\/schema.org","@graph":[{"@type":"WebPage","@id":"https:\/\/hobierotikshop.com.tr\/website1\/erotik-shop-urun\/silikon-seffaf-mor-renkli-realistik-dildo-175-cm\/","url":"https:\/\/hobierotikshop.com.tr\/website1\/erotik-shop-urun\/silikon-seffaf-mor-renkli-realistik-dildo-175-cm\/","name":"Silikon \u015eeffaf Mor Renkli Realistik Dildo 17,5 Cm - Bursa Erotik Shop","isPartOf":{"@id":"https:\/\/hobierotikshop.com.tr\/website1\/#website"},"primaryImageOfPage":{"@id":"https:\/\/hobierotikshop.com.tr\/website1\/erotik-shop-urun\/silikon-seffaf-mor-renkli-realistik-dildo-175-cm\/#primaryimage"},"image":{"@id":"https:\/\/hobierotikshop.com.tr\/website1\/erotik-shop-urun\/silikon-seffaf-mor-renkli-realistik-dildo-175-cm\/#primaryimage"},"thumbnailUrl":"https:\/\/haremerotikshop.com\/site\/wp-content\/uploads\/2025\/03\/silikon-seffaf-mor-renkli-realistik-dildo-17-5-cm-1745.jpg","datePublished":"2025-03-17T09:23:13+00:00","dateModified":"2026-01-26T13:36:17+00:00","breadcrumb":{"@id":"https:\/\/hobierotikshop.com.tr\/website1\/erotik-shop-urun\/silikon-seffaf-mor-renkli-realistik-dildo-175-cm\/#breadcrumb"},"inLanguage":"tr","potentialAction":[{"@type":"ReadAction","target":["https:\/\/hobierotikshop.com.tr\/website1\/erotik-shop-urun\/silikon-seffaf-mor-renkli-realistik-dildo-175-cm\/"]}]},{"@type":"ImageObject","inLanguage":"tr","@id":"https:\/\/hobierotikshop.com.tr\/website1\/erotik-shop-urun\/silikon-seffaf-mor-renkli-realistik-dildo-175-cm\/#primaryimage","url":"https:\/\/haremerotikshop.com\/site\/wp-content\/uploads\/2025\/03\/silikon-seffaf-mor-renkli-realistik-dildo-17-5-cm-1745.jpg","contentUrl":"https:\/\/haremerotikshop.com\/site\/wp-content\/uploads\/2025\/03\/silikon-seffaf-mor-renkli-realistik-dildo-17-5-cm-1745.jpg","width":1500,"height":1500},{"@type":"BreadcrumbList","@id":"https:\/\/hobierotikshop.com.tr\/website1\/erotik-shop-urun\/silikon-seffaf-mor-renkli-realistik-dildo-175-cm\/#breadcrumb","itemListElement":[{"@type":"ListItem","position":1,"name":"Anasayfa","item":"https:\/\/hobierotikshop.com.tr\/website1\/"},{"@type":"ListItem","position":2,"name":"Erotik Shop \u00dcr\u00fcnleri","item":"https:\/\/hobierotikshop.com.tr\/website1\/shop\/"},{"@type":"ListItem","position":3,"name":"Silikon \u015eeffaf Mor Renkli Realistik Dildo 17,5 Cm"}]},{"@type":"WebSite","@id":"https:\/\/hobierotikshop.com.tr\/website1\/#website","url":"https:\/\/hobierotikshop.com.tr\/website1\/","name":"Bursa Erotik Shop","description":"Bursa Erotik Shop ile g\u00fcvenli, gizli ve kaliteli yeti\u015fkin \u00fcr\u00fcnleri al\u0131\u015fveri\u015fi! Geni\u015f \u00fcr\u00fcn yelpazemizi ke\u015ffedin, hemen sipari\u015f verin","publisher":{"@id":"https:\/\/hobierotikshop.com.tr\/website1\/#organization"},"alternateName":"Erotik Shop","potentialAction":[{"@type":"SearchAction","target":{"@type":"EntryPoint","urlTemplate":"https:\/\/hobierotikshop.com.tr\/website1\/?s={search_term_string}"},"query-input":{"@type":"PropertyValueSpecification","valueRequired":true,"valueName":"search_term_string"}}],"inLanguage":"tr"},{"@type":"Organization","@id":"https:\/\/hobierotikshop.com.tr\/website1\/#organization","name":"Harem Bursa Erotik Shop","url":"https:\/\/hobierotikshop.com.tr\/website1\/","logo":{"@type":"ImageObject","inLanguage":"tr","@id":"https:\/\/hobierotikshop.com.tr\/website1\/#\/schema\/logo\/image\/","url":"https:\/\/haremerotikshop.com\/site\/wp-content\/uploads\/2025\/03\/haremsexshop.png","contentUrl":"https:\/\/haremerotikshop.com\/site\/wp-content\/uploads\/2025\/03\/haremsexshop.png","width":400,"height":100,"caption":"Harem Bursa Erotik Shop"},"image":{"@id":"https:\/\/hobierotikshop.com.tr\/website1\/#\/schema\/logo\/image\/"},"sameAs":["https:\/\/x.com\/shopbursa"],"publishingPrinciples":"https:\/\/hobierotikshop.com.tr\/website1\/mesafeli-satis-sozlesmesi\/","ownershipFundingInfo":"https:\/\/hobierotikshop.com.tr\/website1\/contact-us\/","actionableFeedbackPolicy":"https:\/\/hobierotikshop.com.tr\/website1\/contact-us\/","correctionsPolicy":"https:\/\/hobierotikshop.com.tr\/website1\/mesafeli-satis-sozlesmesi\/"}]},"product_brand":"Pembe Tilki","product_price_amount":"1000.00","product_price_currency":"TRY","og_availability":"instock","product_availability":"instock","product_retailer_item_id":"PT-DVXD00317PRP","product_condition":"new"},"_links":{"self":[{"href":"https:\/\/haremerotikshop.com\/site\/wp-json\/wp\/v2\/product\/18821","targetHints":{"allow":["GET"]}}],"collection":[{"href":"https:\/\/haremerotikshop.com\/site\/wp-json\/wp\/v2\/product"}],"about":[{"href":"https:\/\/haremerotikshop.com\/site\/wp-json\/wp\/v2\/types\/product"}],"replies":[{"embeddable":true,"href":"https:\/\/haremerotikshop.com\/site\/wp-json\/wp\/v2\/comments?post=18821"}],"version-history":[{"count":0,"href":"https:\/\/haremerotikshop.com\/site\/wp-json\/wp\/v2\/product\/18821\/revisions"}],"wp:featuredmedia":[{"embeddable":true,"href":"https:\/\/haremerotikshop.com\/site\/wp-json\/wp\/v2\/media\/18933"}],"wp:attachment":[{"href":"https:\/\/haremerotikshop.com\/site\/wp-json\/wp\/v2\/media?parent=18821"}],"wp:term":[{"taxonomy":"product_brand","embeddable":true,"href":"https:\/\/haremerotikshop.com\/site\/wp-json\/wp\/v2\/product_brand?post=18821"},{"taxonomy":"product_cat","embeddable":true,"href":"https:\/\/haremerotikshop.com\/site\/wp-json\/wp\/v2\/product_cat?post=18821"},{"taxonomy":"product_tag","embeddable":true,"href":"https:\/\/haremerotikshop.com\/site\/wp-json\/wp\/v2\/product_tag?post=18821"}],"curies":[{"name":"wp","href":"https:\/\/api.w.org\/{rel}","templated":true}]}}