{"id":18822,"date":"2025-03-17T12:23:13","date_gmt":"2025-03-17T09:23:13","guid":{"rendered":"https:\/\/haremerotikshop.com\/site\/?post_type=product&#038;p=18822"},"modified":"2026-01-26T16:36:35","modified_gmt":"2026-01-26T13:36:35","slug":"silikon-seffaf-mor-renkli-realistik-dildo-20-cm","status":"publish","type":"product","link":"https:\/\/haremerotikshop.com\/site\/erotik-shop-urun\/silikon-seffaf-mor-renkli-realistik-dildo-20-cm\/","title":{"rendered":"Silikon \u015eeffaf Mor Renkli Realistik Dildo 20 Cm"},"content":{"rendered":"<h3 data-start=\"0\" data-end=\"82\"><strong data-start=\"4\" data-end=\"82\">Silikon \u015eeffaf Renkli Realistik Dildo \u2013 Ger\u00e7ek\u00e7i ve Estetik Cinsel Deneyim<\/strong><\/h3>\n<p data-start=\"84\" data-end=\"600\"><strong data-start=\"84\" data-end=\"125\">Silikon \u015eeffaf Renkli Realistik Dildo<\/strong>, cinsel deneyimlerinizi daha heyecanl\u0131 ve renkli hale getirmek i\u00e7in <strong data-start=\"194\" data-end=\"221\">\u00f6zel olarak tasarlanm\u0131\u015f<\/strong> bir \u00fcr\u00fcnd\u00fcr. <strong data-start=\"235\" data-end=\"255\">\u015eeffaf \u00fcst k\u0131sm\u0131<\/strong> ve <strong data-start=\"259\" data-end=\"279\">renkli alt k\u0131sm\u0131<\/strong> ile <strong data-start=\"284\" data-end=\"315\">estetik a\u00e7\u0131dan dikkat \u00e7eker<\/strong>, ayn\u0131 zamanda <strong data-start=\"330\" data-end=\"354\">ger\u00e7ek\u00e7i bir dokunu\u015f<\/strong> ile <strong data-start=\"359\" data-end=\"394\">ger\u00e7ek bir penetrasyon deneyimi<\/strong> sunar. <strong data-start=\"402\" data-end=\"437\">Y\u00fcksek kaliteli silikon malzeme<\/strong> kullan\u0131larak \u00fcretilen bu dildo, do\u011fal bir penis g\u00f6r\u00fcn\u00fcm\u00fc ve dokusuna sahip olup, <strong data-start=\"519\" data-end=\"545\">eller serbest kullan\u0131m<\/strong> sa\u011flayan <strong data-start=\"555\" data-end=\"580\">g\u00fc\u00e7l\u00fc vantuzlu taban\u0131<\/strong> ile de \u00f6ne \u00e7\u0131kar.<\/p>\n<h3 data-start=\"602\" data-end=\"626\"><strong data-start=\"606\" data-end=\"626\">\u00dcr\u00fcn \u00d6zellikleri<\/strong><\/h3>\n<p data-start=\"628\" data-end=\"823\">\u2705 <strong data-start=\"630\" data-end=\"665\">Y\u00fcksek Kaliteli Silikon Malzeme<\/strong><br data-start=\"665\" data-end=\"668\" \/>Silikon \u015eeffaf Renkli Realistik Dildo, <strong data-start=\"707\" data-end=\"742\">y\u00fcksek kaliteli silikon malzeme<\/strong> ile \u00fcretilmi\u015ftir, cilt dostu, g\u00fcvenli ve dayan\u0131kl\u0131 bir kullan\u0131m\u0131 garanti eder.<\/p>\n<p data-start=\"825\" data-end=\"1026\">\u2705 <strong data-start=\"827\" data-end=\"856\">Ger\u00e7ek\u00e7i Boyut ve Tasar\u0131m<\/strong><br data-start=\"856\" data-end=\"859\" \/>Bu dildo, <strong data-start=\"869\" data-end=\"899\">yakla\u015f\u0131k 20 cm uzunlu\u011funda<\/strong> olup, <strong data-start=\"906\" data-end=\"929\">ger\u00e7ek\u00e7i bir kal\u0131ba<\/strong> sahiptir. Do\u011fal penis \u015fekli ve dokusuyla, kullan\u0131c\u0131s\u0131na <strong data-start=\"986\" data-end=\"1017\">ger\u00e7ek\u00e7i bir cinsel deneyim<\/strong> sunar.<\/p>\n<p data-start=\"1028\" data-end=\"1217\">\u2705 <strong data-start=\"1030\" data-end=\"1058\">\u015eeffaf ve Renkli Tasar\u0131m<\/strong><br data-start=\"1058\" data-end=\"1061\" \/><strong data-start=\"1061\" data-end=\"1081\">\u015eeffaf \u00fcst k\u0131sm\u0131<\/strong> ve <strong data-start=\"1085\" data-end=\"1105\">renkli alt k\u0131sm\u0131<\/strong> ile dikkat \u00e7ekici bir g\u00f6r\u00fcn\u00fcm sunar. Bu tasar\u0131m, estetik ve fonksiyonellik aras\u0131nda m\u00fckemmel bir denge kurar.<\/p>\n<p data-start=\"1219\" data-end=\"1430\">\u2705 <strong data-start=\"1221\" data-end=\"1239\">Vantuzlu Taban<\/strong><br data-start=\"1239\" data-end=\"1242\" \/><strong data-start=\"1242\" data-end=\"1267\">G\u00fc\u00e7l\u00fc vantuzlu taban\u0131<\/strong>, dildo\u2019yu <strong data-start=\"1278\" data-end=\"1298\">farkl\u0131 y\u00fczeylere<\/strong> kolayca sabitleyerek <strong data-start=\"1320\" data-end=\"1346\">eller serbest kullan\u0131m<\/strong> imkan\u0131 sa\u011flar. Bu \u00f6zellik, farkl\u0131 pozisyonlarda deneyim ya\u015faman\u0131z\u0131 kolayla\u015ft\u0131r\u0131r.<\/p>\n<h3 data-start=\"1432\" data-end=\"1454\"><strong data-start=\"1436\" data-end=\"1454\">\u00dcr\u00fcn Faydalar\u0131<\/strong><\/h3>\n<ul data-start=\"1456\" data-end=\"1955\">\n<li data-start=\"1456\" data-end=\"1572\"><strong data-start=\"1458\" data-end=\"1482\">Estetik ve Ger\u00e7ek\u00e7i:<\/strong> \u015eeffaf ve renkli tasar\u0131m\u0131, hem estetik a\u00e7\u0131dan \u015f\u0131k hem de ger\u00e7ek\u00e7i bir <strong data-start=\"1553\" data-end=\"1564\">dokunu\u015f<\/strong> sa\u011flar.<\/li>\n<li data-start=\"1573\" data-end=\"1721\"><strong data-start=\"1575\" data-end=\"1594\">Vantuzlu Taban:<\/strong> <strong data-start=\"1595\" data-end=\"1621\">Eller serbest kullan\u0131m<\/strong> imkan\u0131 sunarak, kullan\u0131c\u0131lara <strong data-start=\"1652\" data-end=\"1664\">\u00f6zg\u00fcrl\u00fck<\/strong> tan\u0131r ve farkl\u0131 pozisyonlarda rahatl\u0131kla kullan\u0131labilir.<\/li>\n<li data-start=\"1722\" data-end=\"1863\"><strong data-start=\"1724\" data-end=\"1758\">Y\u00fcksek Kalite ve Dayan\u0131kl\u0131l\u0131k:<\/strong> <strong data-start=\"1759\" data-end=\"1778\">Silikon malzeme<\/strong>, <strong data-start=\"1780\" data-end=\"1791\">g\u00fcvenli<\/strong> ve <strong data-start=\"1795\" data-end=\"1808\">dayan\u0131kl\u0131<\/strong> kullan\u0131m sa\u011flar, uzun s\u00fcreli keyifli deneyimler sunar.<\/li>\n<li data-start=\"1864\" data-end=\"1955\"><strong data-start=\"1866\" data-end=\"1885\">Kolay Temizlik:<\/strong> Kullan\u0131m sonras\u0131 h\u0131zl\u0131ca <strong data-start=\"1911\" data-end=\"1929\">temizlenebilir<\/strong>, hijyenik bak\u0131m sa\u011flan\u0131r.<\/li>\n<\/ul>\n<h3 data-start=\"1957\" data-end=\"1985\"><strong data-start=\"1961\" data-end=\"1985\">Kullan\u0131m Talimatlar\u0131<\/strong><\/h3>\n<p data-start=\"1986\" data-end=\"2260\">1\ufe0f\u20e3 <strong data-start=\"1990\" data-end=\"2020\">Vantuzlu taban\u0131 kullanarak<\/strong> dildo\u2019yu <strong data-start=\"2030\" data-end=\"2063\">istedi\u011finiz y\u00fczeye sabitleyin<\/strong>.<br data-start=\"2064\" data-end=\"2067\" \/>2\ufe0f\u20e3 <strong data-start=\"2071\" data-end=\"2091\">Nazik\u00e7e kullan\u0131n<\/strong> ve <strong data-start=\"2095\" data-end=\"2116\">rahat bir deneyim<\/strong> i\u00e7in istedi\u011finiz pozisyonda deneyim ya\u015fay\u0131n.<br data-start=\"2161\" data-end=\"2164\" \/>3\ufe0f\u20e3 Kullan\u0131m sonras\u0131, dildo\u2019nun <strong data-start=\"2196\" data-end=\"2228\">su ve sabunla temizlenmesini<\/strong> sa\u011flayarak <strong data-start=\"2240\" data-end=\"2250\">hijyen<\/strong> sa\u011flay\u0131n.<\/p>\n<p data-start=\"2262\" data-end=\"2527\" data-is-last-node=\"\" data-is-only-node=\"\"><strong data-start=\"2262\" data-end=\"2303\">Silikon \u015eeffaf Renkli Realistik Dildo<\/strong>, estetik tasar\u0131m\u0131 ve <strong data-start=\"2325\" data-end=\"2337\">ger\u00e7ek\u00e7i<\/strong> dokusuyla <strong data-start=\"2348\" data-end=\"2395\">ger\u00e7ek\u00e7i ve tatmin edici bir cinsel deneyim<\/strong> arayanlar i\u00e7in m\u00fckemmel bir tercihtir. <strong data-start=\"2435\" data-end=\"2454\">Vantuzlu taban\u0131<\/strong>, farkl\u0131 y\u00fczeylerde kullan\u0131labilmesi ile <strong data-start=\"2495\" data-end=\"2519\">\u00f6zg\u00fcrl\u00fck ve rahatl\u0131k<\/strong> sa\u011flar.<\/p>\n","protected":false},"excerpt":{"rendered":"<p><strong data-start=\"84\" data-end=\"125\">Silikon \u015eeffaf Renkli Realistik Dildo<\/strong>, cinsel deneyimlerinizi daha heyecanl\u0131 ve renkli hale getirmek i\u00e7in <strong data-start=\"194\" data-end=\"221\">\u00f6zel olarak tasarlanm\u0131\u015f<\/strong> bir \u00fcr\u00fcnd\u00fcr. <strong data-start=\"235\" data-end=\"255\">\u015eeffaf \u00fcst k\u0131sm\u0131<\/strong> ve <strong data-start=\"259\" data-end=\"279\">renkli alt k\u0131sm\u0131<\/strong> ile <strong data-start=\"284\" data-end=\"315\">estetik a\u00e7\u0131dan dikkat \u00e7eker<\/strong>, ayn\u0131 zamanda <strong data-start=\"330\" data-end=\"354\">ger\u00e7ek\u00e7i bir dokunu\u015f<\/strong> ile <strong data-start=\"359\" data-end=\"394\">ger\u00e7ek bir penetrasyon deneyimi<\/strong> sunar. <strong data-start=\"402\" data-end=\"437\">Y\u00fcksek kaliteli silikon malzeme<\/strong> kullan\u0131larak \u00fcretilen bu dildo, do\u011fal bir penis g\u00f6r\u00fcn\u00fcm\u00fc ve dokusuna sahip olup, <strong data-start=\"519\" data-end=\"545\">eller serbest kullan\u0131m<\/strong> sa\u011flayan <strong data-start=\"555\" data-end=\"580\">g\u00fc\u00e7l\u00fc vantuzlu taban\u0131<\/strong> ile de \u00f6ne \u00e7\u0131kar.<\/p>\n","protected":false},"featured_media":18936,"comment_status":"open","ping_status":"closed","template":"","meta":[],"product_brand":[127],"product_cat":[96],"product_tag":[175],"class_list":{"0":"post-18822","1":"product","2":"type-product","3":"status-publish","4":"has-post-thumbnail","6":"product_brand-pembe-tilki","7":"product_cat-realistik-dildo","8":"product_tag-silikon-seffaf-mor-renkli-realistik-dildo-15-cm","10":"first","11":"instock","12":"taxable","13":"shipping-taxable","14":"purchasable","15":"product-type-simple"},"yoast_head":"<!-- This site is optimized with the Yoast SEO Premium plugin v24.4 (Yoast SEO v27.1.1) - https:\/\/yoast.com\/product\/yoast-seo-premium-wordpress\/ -->\n<title>Silikon \u015eeffaf Mor Renkli Realistik Dildo 20 Cm - Bursa Erotik Shop<\/title>\n<meta name=\"robots\" content=\"index, follow, max-snippet:-1, max-image-preview:large, max-video-preview:-1\" \/>\n<link rel=\"canonical\" href=\"https:\/\/hobierotikshop.com.tr\/website1\/erotik-shop-urun\/silikon-seffaf-mor-renkli-realistik-dildo-20-cm\/\" \/>\n<meta property=\"og:locale\" content=\"tr_TR\" \/>\n<meta property=\"og:type\" content=\"article\" \/>\n<meta property=\"og:title\" content=\"Silikon \u015eeffaf Mor Renkli Realistik Dildo 20 Cm\" \/>\n<meta property=\"og:description\" content=\"Silikon \u015eeffaf Renkli Realistik Dildo, cinsel deneyimlerinizi daha heyecanl\u0131 ve renkli hale getirmek i\u00e7in \u00f6zel olarak tasarlanm\u0131\u015f bir \u00fcr\u00fcnd\u00fcr. \u015eeffaf \u00fcst k\u0131sm\u0131 ve renkli alt k\u0131sm\u0131 ile estetik a\u00e7\u0131dan dikkat \u00e7eker, ayn\u0131 zamanda ger\u00e7ek\u00e7i bir dokunu\u015f ile ger\u00e7ek bir penetrasyon deneyimi sunar. Y\u00fcksek kaliteli silikon malzeme kullan\u0131larak \u00fcretilen bu dildo, do\u011fal bir penis g\u00f6r\u00fcn\u00fcm\u00fc ve dokusuna sahip olup, eller serbest kullan\u0131m sa\u011flayan g\u00fc\u00e7l\u00fc vantuzlu taban\u0131 ile de \u00f6ne \u00e7\u0131kar.\" \/>\n<meta property=\"og:url\" content=\"https:\/\/hobierotikshop.com.tr\/website1\/erotik-shop-urun\/silikon-seffaf-mor-renkli-realistik-dildo-20-cm\/\" \/>\n<meta property=\"og:site_name\" content=\"Bursa Erotik Shop\" \/>\n<meta property=\"article:modified_time\" content=\"2026-01-26T13:36:35+00:00\" \/>\n<meta property=\"og:image\" content=\"https:\/\/hobierotikshop.com.tr\/website1\/wp-content\/uploads\/2025\/03\/silikon-seffaf-mor-renkli-realistik-dildo-20-cm-1747.jpg\" \/>\n\t<meta property=\"og:image:width\" content=\"1500\" \/>\n\t<meta property=\"og:image:height\" content=\"1500\" \/>\n\t<meta property=\"og:image:type\" content=\"image\/jpeg\" \/>\n<meta name=\"twitter:card\" content=\"summary_large_image\" \/>\n<meta name=\"twitter:site\" content=\"@shopbursa\" \/>\n<meta name=\"twitter:label1\" content=\"Fiyat\" \/>\n\t<meta name=\"twitter:data1\" content=\"&#8378;1.000,00 KDV DAH\u0130L\" \/>\n\t<meta name=\"twitter:label2\" content=\"Availability\" \/>\n\t<meta name=\"twitter:data2\" content=\"In stock\" \/>\n<script type=\"application\/ld+json\" class=\"yoast-schema-graph\">{\"@context\":\"https:\/\/schema.org\",\"@graph\":[{\"@type\":\"WebPage\",\"@id\":\"https:\/\/hobierotikshop.com.tr\/website1\/erotik-shop-urun\/silikon-seffaf-mor-renkli-realistik-dildo-20-cm\/\",\"url\":\"https:\/\/hobierotikshop.com.tr\/website1\/erotik-shop-urun\/silikon-seffaf-mor-renkli-realistik-dildo-20-cm\/\",\"name\":\"Silikon \u015eeffaf Mor Renkli Realistik Dildo 20 Cm - Bursa Erotik Shop\",\"isPartOf\":{\"@id\":\"https:\/\/hobierotikshop.com.tr\/website1\/#website\"},\"primaryImageOfPage\":{\"@id\":\"https:\/\/hobierotikshop.com.tr\/website1\/erotik-shop-urun\/silikon-seffaf-mor-renkli-realistik-dildo-20-cm\/#primaryimage\"},\"image\":{\"@id\":\"https:\/\/hobierotikshop.com.tr\/website1\/erotik-shop-urun\/silikon-seffaf-mor-renkli-realistik-dildo-20-cm\/#primaryimage\"},\"thumbnailUrl\":\"https:\/\/haremerotikshop.com\/site\/wp-content\/uploads\/2025\/03\/silikon-seffaf-mor-renkli-realistik-dildo-20-cm-1747.jpg\",\"datePublished\":\"2025-03-17T09:23:13+00:00\",\"dateModified\":\"2026-01-26T13:36:35+00:00\",\"breadcrumb\":{\"@id\":\"https:\/\/hobierotikshop.com.tr\/website1\/erotik-shop-urun\/silikon-seffaf-mor-renkli-realistik-dildo-20-cm\/#breadcrumb\"},\"inLanguage\":\"tr\",\"potentialAction\":[{\"@type\":\"ReadAction\",\"target\":[\"https:\/\/hobierotikshop.com.tr\/website1\/erotik-shop-urun\/silikon-seffaf-mor-renkli-realistik-dildo-20-cm\/\"]}]},{\"@type\":\"ImageObject\",\"inLanguage\":\"tr\",\"@id\":\"https:\/\/hobierotikshop.com.tr\/website1\/erotik-shop-urun\/silikon-seffaf-mor-renkli-realistik-dildo-20-cm\/#primaryimage\",\"url\":\"https:\/\/haremerotikshop.com\/site\/wp-content\/uploads\/2025\/03\/silikon-seffaf-mor-renkli-realistik-dildo-20-cm-1747.jpg\",\"contentUrl\":\"https:\/\/haremerotikshop.com\/site\/wp-content\/uploads\/2025\/03\/silikon-seffaf-mor-renkli-realistik-dildo-20-cm-1747.jpg\",\"width\":1500,\"height\":1500},{\"@type\":\"BreadcrumbList\",\"@id\":\"https:\/\/hobierotikshop.com.tr\/website1\/erotik-shop-urun\/silikon-seffaf-mor-renkli-realistik-dildo-20-cm\/#breadcrumb\",\"itemListElement\":[{\"@type\":\"ListItem\",\"position\":1,\"name\":\"Anasayfa\",\"item\":\"https:\/\/hobierotikshop.com.tr\/website1\/\"},{\"@type\":\"ListItem\",\"position\":2,\"name\":\"Erotik Shop \u00dcr\u00fcnleri\",\"item\":\"https:\/\/hobierotikshop.com.tr\/website1\/shop\/\"},{\"@type\":\"ListItem\",\"position\":3,\"name\":\"Silikon \u015eeffaf Mor Renkli Realistik Dildo 20 Cm\"}]},{\"@type\":\"WebSite\",\"@id\":\"https:\/\/hobierotikshop.com.tr\/website1\/#website\",\"url\":\"https:\/\/hobierotikshop.com.tr\/website1\/\",\"name\":\"Bursa Erotik Shop\",\"description\":\"Bursa Erotik Shop ile g\u00fcvenli, gizli ve kaliteli yeti\u015fkin \u00fcr\u00fcnleri al\u0131\u015fveri\u015fi! Geni\u015f \u00fcr\u00fcn yelpazemizi ke\u015ffedin, hemen sipari\u015f verin\",\"publisher\":{\"@id\":\"https:\/\/hobierotikshop.com.tr\/website1\/#organization\"},\"alternateName\":\"Erotik Shop\",\"potentialAction\":[{\"@type\":\"SearchAction\",\"target\":{\"@type\":\"EntryPoint\",\"urlTemplate\":\"https:\/\/hobierotikshop.com.tr\/website1\/?s={search_term_string}\"},\"query-input\":{\"@type\":\"PropertyValueSpecification\",\"valueRequired\":true,\"valueName\":\"search_term_string\"}}],\"inLanguage\":\"tr\"},{\"@type\":\"Organization\",\"@id\":\"https:\/\/hobierotikshop.com.tr\/website1\/#organization\",\"name\":\"Harem Bursa Erotik Shop\",\"url\":\"https:\/\/hobierotikshop.com.tr\/website1\/\",\"logo\":{\"@type\":\"ImageObject\",\"inLanguage\":\"tr\",\"@id\":\"https:\/\/hobierotikshop.com.tr\/website1\/#\/schema\/logo\/image\/\",\"url\":\"https:\/\/haremerotikshop.com\/site\/wp-content\/uploads\/2025\/03\/haremsexshop.png\",\"contentUrl\":\"https:\/\/haremerotikshop.com\/site\/wp-content\/uploads\/2025\/03\/haremsexshop.png\",\"width\":400,\"height\":100,\"caption\":\"Harem Bursa Erotik Shop\"},\"image\":{\"@id\":\"https:\/\/hobierotikshop.com.tr\/website1\/#\/schema\/logo\/image\/\"},\"sameAs\":[\"https:\/\/x.com\/shopbursa\"],\"publishingPrinciples\":\"https:\/\/hobierotikshop.com.tr\/website1\/mesafeli-satis-sozlesmesi\/\",\"ownershipFundingInfo\":\"https:\/\/hobierotikshop.com.tr\/website1\/contact-us\/\",\"actionableFeedbackPolicy\":\"https:\/\/hobierotikshop.com.tr\/website1\/contact-us\/\",\"correctionsPolicy\":\"https:\/\/hobierotikshop.com.tr\/website1\/mesafeli-satis-sozlesmesi\/\"}]}<\/script>\n<meta property=\"product:brand\" content=\"Pembe Tilki\" \/>\n<meta property=\"product:price:amount\" content=\"1000.00\" \/>\n<meta property=\"product:price:currency\" content=\"TRY\" \/>\n<meta property=\"og:availability\" content=\"instock\" \/>\n<meta property=\"product:availability\" content=\"instock\" \/>\n<meta property=\"product:retailer_item_id\" content=\"PT-DVXD00320PRP\" \/>\n<meta property=\"product:condition\" content=\"new\" \/>\n<!-- \/ Yoast SEO Premium plugin. -->","yoast_head_json":{"title":"Silikon \u015eeffaf Mor Renkli Realistik Dildo 20 Cm - Bursa Erotik Shop","robots":{"index":"index","follow":"follow","max-snippet":"max-snippet:-1","max-image-preview":"max-image-preview:large","max-video-preview":"max-video-preview:-1"},"canonical":"https:\/\/hobierotikshop.com.tr\/website1\/erotik-shop-urun\/silikon-seffaf-mor-renkli-realistik-dildo-20-cm\/","og_locale":"tr_TR","og_type":"article","og_title":"Silikon \u015eeffaf Mor Renkli Realistik Dildo 20 Cm","og_description":"Silikon \u015eeffaf Renkli Realistik Dildo, cinsel deneyimlerinizi daha heyecanl\u0131 ve renkli hale getirmek i\u00e7in \u00f6zel olarak tasarlanm\u0131\u015f bir \u00fcr\u00fcnd\u00fcr. \u015eeffaf \u00fcst k\u0131sm\u0131 ve renkli alt k\u0131sm\u0131 ile estetik a\u00e7\u0131dan dikkat \u00e7eker, ayn\u0131 zamanda ger\u00e7ek\u00e7i bir dokunu\u015f ile ger\u00e7ek bir penetrasyon deneyimi sunar. Y\u00fcksek kaliteli silikon malzeme kullan\u0131larak \u00fcretilen bu dildo, do\u011fal bir penis g\u00f6r\u00fcn\u00fcm\u00fc ve dokusuna sahip olup, eller serbest kullan\u0131m sa\u011flayan g\u00fc\u00e7l\u00fc vantuzlu taban\u0131 ile de \u00f6ne \u00e7\u0131kar.","og_url":"https:\/\/hobierotikshop.com.tr\/website1\/erotik-shop-urun\/silikon-seffaf-mor-renkli-realistik-dildo-20-cm\/","og_site_name":"Bursa Erotik Shop","article_modified_time":"2026-01-26T13:36:35+00:00","og_image":[{"width":1500,"height":1500,"url":"https:\/\/hobierotikshop.com.tr\/website1\/wp-content\/uploads\/2025\/03\/silikon-seffaf-mor-renkli-realistik-dildo-20-cm-1747.jpg","type":"image\/jpeg"}],"twitter_card":"summary_large_image","twitter_site":"@shopbursa","twitter_misc":{"Fiyat":"&#8378;1.000,00 KDV DAH\u0130L","Availability":"In stock"},"schema":{"@context":"https:\/\/schema.org","@graph":[{"@type":"WebPage","@id":"https:\/\/hobierotikshop.com.tr\/website1\/erotik-shop-urun\/silikon-seffaf-mor-renkli-realistik-dildo-20-cm\/","url":"https:\/\/hobierotikshop.com.tr\/website1\/erotik-shop-urun\/silikon-seffaf-mor-renkli-realistik-dildo-20-cm\/","name":"Silikon \u015eeffaf Mor Renkli Realistik Dildo 20 Cm - Bursa Erotik Shop","isPartOf":{"@id":"https:\/\/hobierotikshop.com.tr\/website1\/#website"},"primaryImageOfPage":{"@id":"https:\/\/hobierotikshop.com.tr\/website1\/erotik-shop-urun\/silikon-seffaf-mor-renkli-realistik-dildo-20-cm\/#primaryimage"},"image":{"@id":"https:\/\/hobierotikshop.com.tr\/website1\/erotik-shop-urun\/silikon-seffaf-mor-renkli-realistik-dildo-20-cm\/#primaryimage"},"thumbnailUrl":"https:\/\/haremerotikshop.com\/site\/wp-content\/uploads\/2025\/03\/silikon-seffaf-mor-renkli-realistik-dildo-20-cm-1747.jpg","datePublished":"2025-03-17T09:23:13+00:00","dateModified":"2026-01-26T13:36:35+00:00","breadcrumb":{"@id":"https:\/\/hobierotikshop.com.tr\/website1\/erotik-shop-urun\/silikon-seffaf-mor-renkli-realistik-dildo-20-cm\/#breadcrumb"},"inLanguage":"tr","potentialAction":[{"@type":"ReadAction","target":["https:\/\/hobierotikshop.com.tr\/website1\/erotik-shop-urun\/silikon-seffaf-mor-renkli-realistik-dildo-20-cm\/"]}]},{"@type":"ImageObject","inLanguage":"tr","@id":"https:\/\/hobierotikshop.com.tr\/website1\/erotik-shop-urun\/silikon-seffaf-mor-renkli-realistik-dildo-20-cm\/#primaryimage","url":"https:\/\/haremerotikshop.com\/site\/wp-content\/uploads\/2025\/03\/silikon-seffaf-mor-renkli-realistik-dildo-20-cm-1747.jpg","contentUrl":"https:\/\/haremerotikshop.com\/site\/wp-content\/uploads\/2025\/03\/silikon-seffaf-mor-renkli-realistik-dildo-20-cm-1747.jpg","width":1500,"height":1500},{"@type":"BreadcrumbList","@id":"https:\/\/hobierotikshop.com.tr\/website1\/erotik-shop-urun\/silikon-seffaf-mor-renkli-realistik-dildo-20-cm\/#breadcrumb","itemListElement":[{"@type":"ListItem","position":1,"name":"Anasayfa","item":"https:\/\/hobierotikshop.com.tr\/website1\/"},{"@type":"ListItem","position":2,"name":"Erotik Shop \u00dcr\u00fcnleri","item":"https:\/\/hobierotikshop.com.tr\/website1\/shop\/"},{"@type":"ListItem","position":3,"name":"Silikon \u015eeffaf Mor Renkli Realistik Dildo 20 Cm"}]},{"@type":"WebSite","@id":"https:\/\/hobierotikshop.com.tr\/website1\/#website","url":"https:\/\/hobierotikshop.com.tr\/website1\/","name":"Bursa Erotik Shop","description":"Bursa Erotik Shop ile g\u00fcvenli, gizli ve kaliteli yeti\u015fkin \u00fcr\u00fcnleri al\u0131\u015fveri\u015fi! Geni\u015f \u00fcr\u00fcn yelpazemizi ke\u015ffedin, hemen sipari\u015f verin","publisher":{"@id":"https:\/\/hobierotikshop.com.tr\/website1\/#organization"},"alternateName":"Erotik Shop","potentialAction":[{"@type":"SearchAction","target":{"@type":"EntryPoint","urlTemplate":"https:\/\/hobierotikshop.com.tr\/website1\/?s={search_term_string}"},"query-input":{"@type":"PropertyValueSpecification","valueRequired":true,"valueName":"search_term_string"}}],"inLanguage":"tr"},{"@type":"Organization","@id":"https:\/\/hobierotikshop.com.tr\/website1\/#organization","name":"Harem Bursa Erotik Shop","url":"https:\/\/hobierotikshop.com.tr\/website1\/","logo":{"@type":"ImageObject","inLanguage":"tr","@id":"https:\/\/hobierotikshop.com.tr\/website1\/#\/schema\/logo\/image\/","url":"https:\/\/haremerotikshop.com\/site\/wp-content\/uploads\/2025\/03\/haremsexshop.png","contentUrl":"https:\/\/haremerotikshop.com\/site\/wp-content\/uploads\/2025\/03\/haremsexshop.png","width":400,"height":100,"caption":"Harem Bursa Erotik Shop"},"image":{"@id":"https:\/\/hobierotikshop.com.tr\/website1\/#\/schema\/logo\/image\/"},"sameAs":["https:\/\/x.com\/shopbursa"],"publishingPrinciples":"https:\/\/hobierotikshop.com.tr\/website1\/mesafeli-satis-sozlesmesi\/","ownershipFundingInfo":"https:\/\/hobierotikshop.com.tr\/website1\/contact-us\/","actionableFeedbackPolicy":"https:\/\/hobierotikshop.com.tr\/website1\/contact-us\/","correctionsPolicy":"https:\/\/hobierotikshop.com.tr\/website1\/mesafeli-satis-sozlesmesi\/"}]},"product_brand":"Pembe Tilki","product_price_amount":"1000.00","product_price_currency":"TRY","og_availability":"instock","product_availability":"instock","product_retailer_item_id":"PT-DVXD00320PRP","product_condition":"new"},"_links":{"self":[{"href":"https:\/\/haremerotikshop.com\/site\/wp-json\/wp\/v2\/product\/18822","targetHints":{"allow":["GET"]}}],"collection":[{"href":"https:\/\/haremerotikshop.com\/site\/wp-json\/wp\/v2\/product"}],"about":[{"href":"https:\/\/haremerotikshop.com\/site\/wp-json\/wp\/v2\/types\/product"}],"replies":[{"embeddable":true,"href":"https:\/\/haremerotikshop.com\/site\/wp-json\/wp\/v2\/comments?post=18822"}],"version-history":[{"count":0,"href":"https:\/\/haremerotikshop.com\/site\/wp-json\/wp\/v2\/product\/18822\/revisions"}],"wp:featuredmedia":[{"embeddable":true,"href":"https:\/\/haremerotikshop.com\/site\/wp-json\/wp\/v2\/media\/18936"}],"wp:attachment":[{"href":"https:\/\/haremerotikshop.com\/site\/wp-json\/wp\/v2\/media?parent=18822"}],"wp:term":[{"taxonomy":"product_brand","embeddable":true,"href":"https:\/\/haremerotikshop.com\/site\/wp-json\/wp\/v2\/product_brand?post=18822"},{"taxonomy":"product_cat","embeddable":true,"href":"https:\/\/haremerotikshop.com\/site\/wp-json\/wp\/v2\/product_cat?post=18822"},{"taxonomy":"product_tag","embeddable":true,"href":"https:\/\/haremerotikshop.com\/site\/wp-json\/wp\/v2\/product_tag?post=18822"}],"curies":[{"name":"wp","href":"https:\/\/api.w.org\/{rel}","templated":true}]}}