{"id":18824,"date":"2025-03-17T12:23:13","date_gmt":"2025-03-17T09:23:13","guid":{"rendered":"https:\/\/haremerotikshop.com\/site\/?post_type=product&#038;p=18824"},"modified":"2026-01-26T16:37:10","modified_gmt":"2026-01-26T13:37:10","slug":"baslangic-fantezi-fetis-seti-siyah","status":"publish","type":"product","link":"https:\/\/haremerotikshop.com\/site\/erotik-shop-urun\/baslangic-fantezi-fetis-seti-siyah\/","title":{"rendered":"Ba\u015flang\u0131\u00e7 Fantezi Fetis Seti Siyah"},"content":{"rendered":"<h3 data-start=\"0\" data-end=\"65\"><strong data-start=\"4\" data-end=\"65\">Fantazi \u00dcr\u00fcn Seti \u2013 Cinsel Deneyimlerinizi Zenginle\u015ftirin<\/strong><\/h3>\n<p data-start=\"67\" data-end=\"540\"><strong data-start=\"67\" data-end=\"88\">Fantazi \u00dcr\u00fcn Seti<\/strong>, cinsel hayat\u0131n\u0131za <strong data-start=\"108\" data-end=\"119\">heyecan<\/strong> ve <strong data-start=\"123\" data-end=\"134\">yenilik<\/strong> katmak isteyen yeti\u015fkinler i\u00e7in tasarlanm\u0131\u015f \u00f6zel bir koleksiyondur. Bu set, <strong data-start=\"211\" data-end=\"243\">\u00e7ekici ve e\u011flenceli \u00fcr\u00fcnleri<\/strong> bir araya getirerek, cinsel deneyimlerinizi <strong data-start=\"288\" data-end=\"306\">s\u0131n\u0131rs\u0131z ke\u015fif<\/strong> ile zenginle\u015ftirmenize olanak tan\u0131r. <strong data-start=\"344\" data-end=\"362\">Zincirli tasma<\/strong>, <strong data-start=\"364\" data-end=\"378\">deri maske<\/strong>, <strong data-start=\"380\" data-end=\"395\">deri paddle<\/strong>, <strong data-start=\"397\" data-end=\"405\" data-is-only-node=\"\">plug<\/strong>, <strong data-start=\"407\" data-end=\"431\">el ve ayak kelep\u00e7esi<\/strong> gibi \u00e7e\u015fitli \u00f6\u011felerle donat\u0131lan bu set, <strong data-start=\"472\" data-end=\"511\">fantazilerinizi ger\u00e7e\u011fe d\u00f6n\u00fc\u015ft\u00fcrmek<\/strong> i\u00e7in m\u00fckemmel bir tercihtir.<\/p>\n<h3 data-start=\"542\" data-end=\"580\"><strong data-start=\"546\" data-end=\"580\">\u00dcr\u00fcn \u00d6zellikleri ve Avantajlar<\/strong><\/h3>\n<ul data-start=\"582\" data-end=\"1693\">\n<li data-start=\"582\" data-end=\"826\">\n<p data-start=\"584\" data-end=\"826\"><strong data-start=\"584\" data-end=\"604\">\u00c7e\u015fitli \u00dcr\u00fcnler:<\/strong> Fantazi \u00dcr\u00fcn Seti, farkl\u0131 cinsel deneyimleri ke\u015ffetmenizi sa\u011flayacak bir\u00e7ok \u00fcr\u00fcnden olu\u015fur. Zincirli tasma, deri maske, deri paddle, anal plug, el ve ayak kelep\u00e7esi gibi \u00f6\u011feler, setin <strong data-start=\"789\" data-end=\"809\">tamamen kapsaml\u0131<\/strong> olmas\u0131n\u0131 sa\u011flar.<\/p>\n<\/li>\n<li data-start=\"830\" data-end=\"1061\">\n<p data-start=\"832\" data-end=\"1061\"><strong data-start=\"832\" data-end=\"852\">Estetik Tasar\u0131m:<\/strong> Her bir \u00fcr\u00fcn, <strong data-start=\"867\" data-end=\"892\">estetik a\u00e7\u0131dan \u00e7ekici<\/strong> ve <strong data-start=\"896\" data-end=\"916\">\u015f\u0131k bir tasar\u0131ma<\/strong> sahip olup, cinsel deneyimlerinizi daha cazip ve \u00e7ekici hale getirir. \u00dcr\u00fcnler, hem g\u00f6rsel hem de i\u015flevsel a\u00e7\u0131dan tatmin edici bir deneyim sunar.<\/p>\n<\/li>\n<li data-start=\"1065\" data-end=\"1259\">\n<p data-start=\"1067\" data-end=\"1259\"><strong data-start=\"1067\" data-end=\"1085\">Y\u00fcksek Kalite:<\/strong> Setin t\u00fcm \u00fcr\u00fcnleri, <strong data-start=\"1106\" data-end=\"1145\">dayan\u0131kl\u0131 ve uzun \u00f6m\u00fcrl\u00fc malzemeler<\/strong> ile \u00fcretilmi\u015ftir. Y\u00fcksek kalite, g\u00fcvenli ve konforlu bir kullan\u0131m sa\u011flar, b\u00f6ylece <strong data-start=\"1228\" data-end=\"1252\">uzun s\u00fcreli kullan\u0131m<\/strong> sunar.<\/p>\n<\/li>\n<li data-start=\"1263\" data-end=\"1476\">\n<p data-start=\"1265\" data-end=\"1476\"><strong data-start=\"1265\" data-end=\"1298\">Esneklik ve Ayarlanabilirlik:<\/strong> Bir\u00e7ok \u00fcr\u00fcn, <strong data-start=\"1312\" data-end=\"1349\">esnek ve ayarlanabilir \u00f6zellikler<\/strong> sunar, b\u00f6ylece her kullan\u0131c\u0131ya <strong data-start=\"1381\" data-end=\"1400\">maksimum konfor<\/strong> sa\u011flar. Ayarlanabilir tasar\u0131mlar, her bedene ve tercihe uygun hale getirir.<\/p>\n<\/li>\n<li data-start=\"1480\" data-end=\"1693\">\n<p data-start=\"1482\" data-end=\"1693\"><strong data-start=\"1482\" data-end=\"1505\">\u00c7e\u015fitli Deneyimler:<\/strong> Fantazi \u00dcr\u00fcn Seti, cinsel ke\u015fif ve s\u0131n\u0131rlar\u0131 zorlama f\u0131rsat\u0131 sunar. Farkl\u0131 \u00fcr\u00fcnler, <strong data-start=\"1590\" data-end=\"1629\">\u00e7iftler veya bireysel kullan\u0131m i\u00e7in<\/strong> ideal olup, yeni deneyimler ve farkl\u0131 hisler ya\u015faman\u0131z\u0131 sa\u011flar.<\/p>\n<\/li>\n<\/ul>\n<h3 data-start=\"1695\" data-end=\"1721\"><strong data-start=\"1699\" data-end=\"1721\">G\u00fcvenlik ve Kalite<\/strong><\/h3>\n<p data-start=\"1723\" data-end=\"2051\"><strong data-start=\"1723\" data-end=\"1744\">Fantazi \u00dcr\u00fcn Seti<\/strong>, <strong data-start=\"1746\" data-end=\"1776\">y\u00fcksek kalite standartlar\u0131<\/strong> ile \u00fcretilmi\u015f olup, t\u00fcm \u00fcr\u00fcnler <strong data-start=\"1809\" data-end=\"1833\">g\u00fcvenli ve dayan\u0131kl\u0131<\/strong> malzemeler kullan\u0131larak tasarlanm\u0131\u015ft\u0131r. Setin her bir \u00fcr\u00fcn\u00fc, kullan\u0131c\u0131lar\u0131n sa\u011fl\u0131\u011f\u0131na zarar vermeyecek \u015fekilde titizlikle kontrol edilmi\u015ftir. Bu, g\u00fcvenli bir \u015fekilde kullan\u0131labilirlik ve uzun \u00f6m\u00fcrl\u00fc performans sa\u011flar.<\/p>\n<h3 data-start=\"2053\" data-end=\"2081\"><strong data-start=\"2057\" data-end=\"2081\">Kullan\u0131m Talimatlar\u0131<\/strong><\/h3>\n<ol data-start=\"2083\" data-end=\"2493\">\n<li data-start=\"2083\" data-end=\"2211\"><strong data-start=\"2086\" data-end=\"2107\">\u00dcr\u00fcnleri Tan\u0131y\u0131n:<\/strong> Seti a\u00e7t\u0131ktan sonra, her bir \u00fcr\u00fcn\u00fc inceleyerek kullanmaya ba\u015flay\u0131n. Kullan\u0131m talimatlar\u0131na dikkat edin.<\/li>\n<li data-start=\"2212\" data-end=\"2349\"><strong data-start=\"2215\" data-end=\"2237\">Dikkatli Kullan\u0131m:<\/strong> Tasma, kelep\u00e7e ve di\u011fer \u00fcr\u00fcnleri kullan\u0131rken rahat ve g\u00fcvenli olman\u0131z i\u00e7in dikkatli bir \u015fekilde uygulama yap\u0131n.<\/li>\n<li data-start=\"2350\" data-end=\"2493\"><strong data-start=\"2353\" data-end=\"2366\">Temizlik:<\/strong> \u00dcr\u00fcnleri kullan\u0131m sonras\u0131 <strong data-start=\"2393\" data-end=\"2420\">\u0131slak ve sabunlu su ile<\/strong> temizleyin. Deri \u00fcr\u00fcnleri i\u00e7in uygun bak\u0131m ve temizlik \u00f6nerilerine uyun.<\/li>\n<\/ol>\n<p data-start=\"2495\" data-end=\"2743\" data-is-last-node=\"\" data-is-only-node=\"\"><strong data-start=\"2495\" data-end=\"2516\">Fantazi \u00dcr\u00fcn Seti<\/strong>, <strong data-start=\"2518\" data-end=\"2536\">s\u0131n\u0131rs\u0131z ke\u015fif<\/strong> ve <strong data-start=\"2540\" data-end=\"2564\">heyecanl\u0131 deneyimler<\/strong> arayanlar i\u00e7in m\u00fckemmel bir se\u00e7imdir. <strong data-start=\"2603\" data-end=\"2633\">Y\u00fcksek kaliteli malzemeler<\/strong>, <strong data-start=\"2635\" data-end=\"2656\">\u00e7ekici tasar\u0131mlar<\/strong> ve <strong data-start=\"2660\" data-end=\"2690\">esnek kullan\u0131m se\u00e7enekleri<\/strong> ile cinsel ya\u015fam\u0131n\u0131za <strong data-start=\"2713\" data-end=\"2724\">yenilik<\/strong> ve <strong data-start=\"2728\" data-end=\"2736\">zevk<\/strong> kat\u0131n.<\/p>\n","protected":false},"excerpt":{"rendered":"<p><strong data-start=\"67\" data-end=\"88\">Fantazi \u00dcr\u00fcn Seti<\/strong>, cinsel hayat\u0131n\u0131za <strong data-start=\"108\" data-end=\"119\">heyecan<\/strong> ve <strong data-start=\"123\" data-end=\"134\">yenilik<\/strong> katmak isteyen yeti\u015fkinler i\u00e7in tasarlanm\u0131\u015f \u00f6zel bir koleksiyondur. Bu set, <strong data-start=\"211\" data-end=\"243\">\u00e7ekici ve e\u011flenceli \u00fcr\u00fcnleri<\/strong> bir araya getirerek, cinsel deneyimlerinizi <strong data-start=\"288\" data-end=\"306\">s\u0131n\u0131rs\u0131z ke\u015fif<\/strong> ile zenginle\u015ftirmenize olanak tan\u0131r. <strong data-start=\"344\" data-end=\"362\">Zincirli tasma<\/strong>, <strong data-start=\"364\" data-end=\"378\">deri maske<\/strong>, <strong data-start=\"380\" data-end=\"395\">deri paddle<\/strong>, <strong data-start=\"397\" data-end=\"405\" data-is-only-node=\"\">plug<\/strong>, <strong data-start=\"407\" data-end=\"431\">el ve ayak kelep\u00e7esi<\/strong> gibi \u00e7e\u015fitli \u00f6\u011felerle donat\u0131lan bu set, <strong data-start=\"472\" data-end=\"511\">fantazilerinizi ger\u00e7e\u011fe d\u00f6n\u00fc\u015ft\u00fcrmek<\/strong> i\u00e7in m\u00fckemmel bir tercihtir.<\/p>\n","protected":false},"featured_media":18941,"comment_status":"open","ping_status":"closed","template":"","meta":[],"product_brand":[127],"product_cat":[100],"product_tag":[212],"class_list":{"0":"post-18824","1":"product","2":"type-product","3":"status-publish","4":"has-post-thumbnail","6":"product_brand-pembe-tilki","7":"product_cat-fantezi-fetis","8":"product_tag-baslangic-fantezi-fetis-seti-kirmizi","10":"first","11":"outofstock","12":"taxable","13":"shipping-taxable","14":"purchasable","15":"product-type-simple"},"yoast_head":"<!-- This site is optimized with the Yoast SEO Premium plugin v24.4 (Yoast SEO v27.1.1) - https:\/\/yoast.com\/product\/yoast-seo-premium-wordpress\/ -->\n<title>Ba\u015flang\u0131\u00e7 Fantezi Fetis Seti Siyah - Bursa Erotik Shop<\/title>\n<meta name=\"robots\" content=\"index, follow, max-snippet:-1, max-image-preview:large, max-video-preview:-1\" \/>\n<link rel=\"canonical\" href=\"https:\/\/hobierotikshop.com.tr\/website1\/erotik-shop-urun\/baslangic-fantezi-fetis-seti-siyah\/\" \/>\n<meta property=\"og:locale\" content=\"tr_TR\" \/>\n<meta property=\"og:type\" content=\"article\" \/>\n<meta property=\"og:title\" content=\"Ba\u015flang\u0131\u00e7 Fantezi Fetis Seti Siyah\" \/>\n<meta property=\"og:description\" content=\"Fantazi \u00dcr\u00fcn Seti, cinsel hayat\u0131n\u0131za heyecan ve yenilik katmak isteyen yeti\u015fkinler i\u00e7in tasarlanm\u0131\u015f \u00f6zel bir koleksiyondur. Bu set, \u00e7ekici ve e\u011flenceli \u00fcr\u00fcnleri bir araya getirerek, cinsel deneyimlerinizi s\u0131n\u0131rs\u0131z ke\u015fif ile zenginle\u015ftirmenize olanak tan\u0131r. Zincirli tasma, deri maske, deri paddle, plug, el ve ayak kelep\u00e7esi gibi \u00e7e\u015fitli \u00f6\u011felerle donat\u0131lan bu set, fantazilerinizi ger\u00e7e\u011fe d\u00f6n\u00fc\u015ft\u00fcrmek i\u00e7in m\u00fckemmel bir tercihtir.\" \/>\n<meta property=\"og:url\" content=\"https:\/\/hobierotikshop.com.tr\/website1\/erotik-shop-urun\/baslangic-fantezi-fetis-seti-siyah\/\" \/>\n<meta property=\"og:site_name\" content=\"Bursa Erotik Shop\" \/>\n<meta property=\"article:modified_time\" content=\"2026-01-26T13:37:10+00:00\" \/>\n<meta property=\"og:image\" content=\"https:\/\/hobierotikshop.com.tr\/website1\/wp-content\/uploads\/2025\/03\/baslangic-fantezi-fetis-seti-siyah-1856.jpg\" \/>\n\t<meta property=\"og:image:width\" content=\"978\" \/>\n\t<meta property=\"og:image:height\" content=\"978\" \/>\n\t<meta property=\"og:image:type\" content=\"image\/jpeg\" \/>\n<meta name=\"twitter:card\" content=\"summary_large_image\" \/>\n<meta name=\"twitter:site\" content=\"@shopbursa\" \/>\n<meta name=\"twitter:label1\" content=\"Fiyat\" \/>\n\t<meta name=\"twitter:data1\" content=\"&#8378;2.902,00 KDV DAH\u0130L\" \/>\n\t<meta name=\"twitter:label2\" content=\"Availability\" \/>\n\t<meta name=\"twitter:data2\" content=\"Out of stock\" \/>\n<script type=\"application\/ld+json\" class=\"yoast-schema-graph\">{\"@context\":\"https:\/\/schema.org\",\"@graph\":[{\"@type\":\"WebPage\",\"@id\":\"https:\/\/hobierotikshop.com.tr\/website1\/erotik-shop-urun\/baslangic-fantezi-fetis-seti-siyah\/\",\"url\":\"https:\/\/hobierotikshop.com.tr\/website1\/erotik-shop-urun\/baslangic-fantezi-fetis-seti-siyah\/\",\"name\":\"Ba\u015flang\u0131\u00e7 Fantezi Fetis Seti Siyah - Bursa Erotik Shop\",\"isPartOf\":{\"@id\":\"https:\/\/hobierotikshop.com.tr\/website1\/#website\"},\"primaryImageOfPage\":{\"@id\":\"https:\/\/hobierotikshop.com.tr\/website1\/erotik-shop-urun\/baslangic-fantezi-fetis-seti-siyah\/#primaryimage\"},\"image\":{\"@id\":\"https:\/\/hobierotikshop.com.tr\/website1\/erotik-shop-urun\/baslangic-fantezi-fetis-seti-siyah\/#primaryimage\"},\"thumbnailUrl\":\"https:\/\/haremerotikshop.com\/site\/wp-content\/uploads\/2025\/03\/baslangic-fantezi-fetis-seti-siyah-1856.jpg\",\"datePublished\":\"2025-03-17T09:23:13+00:00\",\"dateModified\":\"2026-01-26T13:37:10+00:00\",\"breadcrumb\":{\"@id\":\"https:\/\/hobierotikshop.com.tr\/website1\/erotik-shop-urun\/baslangic-fantezi-fetis-seti-siyah\/#breadcrumb\"},\"inLanguage\":\"tr\",\"potentialAction\":[{\"@type\":\"ReadAction\",\"target\":[\"https:\/\/hobierotikshop.com.tr\/website1\/erotik-shop-urun\/baslangic-fantezi-fetis-seti-siyah\/\"]}]},{\"@type\":\"ImageObject\",\"inLanguage\":\"tr\",\"@id\":\"https:\/\/hobierotikshop.com.tr\/website1\/erotik-shop-urun\/baslangic-fantezi-fetis-seti-siyah\/#primaryimage\",\"url\":\"https:\/\/haremerotikshop.com\/site\/wp-content\/uploads\/2025\/03\/baslangic-fantezi-fetis-seti-siyah-1856.jpg\",\"contentUrl\":\"https:\/\/haremerotikshop.com\/site\/wp-content\/uploads\/2025\/03\/baslangic-fantezi-fetis-seti-siyah-1856.jpg\",\"width\":978,\"height\":978},{\"@type\":\"BreadcrumbList\",\"@id\":\"https:\/\/hobierotikshop.com.tr\/website1\/erotik-shop-urun\/baslangic-fantezi-fetis-seti-siyah\/#breadcrumb\",\"itemListElement\":[{\"@type\":\"ListItem\",\"position\":1,\"name\":\"Anasayfa\",\"item\":\"https:\/\/hobierotikshop.com.tr\/website1\/\"},{\"@type\":\"ListItem\",\"position\":2,\"name\":\"Erotik Shop \u00dcr\u00fcnleri\",\"item\":\"https:\/\/hobierotikshop.com.tr\/website1\/shop\/\"},{\"@type\":\"ListItem\",\"position\":3,\"name\":\"Ba\u015flang\u0131\u00e7 Fantezi Fetis Seti Siyah\"}]},{\"@type\":\"WebSite\",\"@id\":\"https:\/\/hobierotikshop.com.tr\/website1\/#website\",\"url\":\"https:\/\/hobierotikshop.com.tr\/website1\/\",\"name\":\"Bursa Erotik Shop\",\"description\":\"Bursa Erotik Shop ile g\u00fcvenli, gizli ve kaliteli yeti\u015fkin \u00fcr\u00fcnleri al\u0131\u015fveri\u015fi! Geni\u015f \u00fcr\u00fcn yelpazemizi ke\u015ffedin, hemen sipari\u015f verin\",\"publisher\":{\"@id\":\"https:\/\/hobierotikshop.com.tr\/website1\/#organization\"},\"alternateName\":\"Erotik Shop\",\"potentialAction\":[{\"@type\":\"SearchAction\",\"target\":{\"@type\":\"EntryPoint\",\"urlTemplate\":\"https:\/\/hobierotikshop.com.tr\/website1\/?s={search_term_string}\"},\"query-input\":{\"@type\":\"PropertyValueSpecification\",\"valueRequired\":true,\"valueName\":\"search_term_string\"}}],\"inLanguage\":\"tr\"},{\"@type\":\"Organization\",\"@id\":\"https:\/\/hobierotikshop.com.tr\/website1\/#organization\",\"name\":\"Harem Bursa Erotik Shop\",\"url\":\"https:\/\/hobierotikshop.com.tr\/website1\/\",\"logo\":{\"@type\":\"ImageObject\",\"inLanguage\":\"tr\",\"@id\":\"https:\/\/hobierotikshop.com.tr\/website1\/#\/schema\/logo\/image\/\",\"url\":\"https:\/\/haremerotikshop.com\/site\/wp-content\/uploads\/2025\/03\/haremsexshop.png\",\"contentUrl\":\"https:\/\/haremerotikshop.com\/site\/wp-content\/uploads\/2025\/03\/haremsexshop.png\",\"width\":400,\"height\":100,\"caption\":\"Harem Bursa Erotik Shop\"},\"image\":{\"@id\":\"https:\/\/hobierotikshop.com.tr\/website1\/#\/schema\/logo\/image\/\"},\"sameAs\":[\"https:\/\/x.com\/shopbursa\"],\"publishingPrinciples\":\"https:\/\/hobierotikshop.com.tr\/website1\/mesafeli-satis-sozlesmesi\/\",\"ownershipFundingInfo\":\"https:\/\/hobierotikshop.com.tr\/website1\/contact-us\/\",\"actionableFeedbackPolicy\":\"https:\/\/hobierotikshop.com.tr\/website1\/contact-us\/\",\"correctionsPolicy\":\"https:\/\/hobierotikshop.com.tr\/website1\/mesafeli-satis-sozlesmesi\/\"}]}<\/script>\n<meta property=\"product:brand\" content=\"Pembe Tilki\" \/>\n<meta property=\"product:price:amount\" content=\"2902.00\" \/>\n<meta property=\"product:price:currency\" content=\"TRY\" \/>\n<meta property=\"og:availability\" content=\"out of stock\" \/>\n<meta property=\"product:availability\" content=\"out of stock\" \/>\n<meta property=\"product:retailer_item_id\" content=\"PT-FFXG018BL\" \/>\n<meta property=\"product:condition\" content=\"new\" \/>\n<!-- \/ Yoast SEO Premium plugin. -->","yoast_head_json":{"title":"Ba\u015flang\u0131\u00e7 Fantezi Fetis Seti Siyah - Bursa Erotik Shop","robots":{"index":"index","follow":"follow","max-snippet":"max-snippet:-1","max-image-preview":"max-image-preview:large","max-video-preview":"max-video-preview:-1"},"canonical":"https:\/\/hobierotikshop.com.tr\/website1\/erotik-shop-urun\/baslangic-fantezi-fetis-seti-siyah\/","og_locale":"tr_TR","og_type":"article","og_title":"Ba\u015flang\u0131\u00e7 Fantezi Fetis Seti Siyah","og_description":"Fantazi \u00dcr\u00fcn Seti, cinsel hayat\u0131n\u0131za heyecan ve yenilik katmak isteyen yeti\u015fkinler i\u00e7in tasarlanm\u0131\u015f \u00f6zel bir koleksiyondur. Bu set, \u00e7ekici ve e\u011flenceli \u00fcr\u00fcnleri bir araya getirerek, cinsel deneyimlerinizi s\u0131n\u0131rs\u0131z ke\u015fif ile zenginle\u015ftirmenize olanak tan\u0131r. Zincirli tasma, deri maske, deri paddle, plug, el ve ayak kelep\u00e7esi gibi \u00e7e\u015fitli \u00f6\u011felerle donat\u0131lan bu set, fantazilerinizi ger\u00e7e\u011fe d\u00f6n\u00fc\u015ft\u00fcrmek i\u00e7in m\u00fckemmel bir tercihtir.","og_url":"https:\/\/hobierotikshop.com.tr\/website1\/erotik-shop-urun\/baslangic-fantezi-fetis-seti-siyah\/","og_site_name":"Bursa Erotik Shop","article_modified_time":"2026-01-26T13:37:10+00:00","og_image":[{"width":978,"height":978,"url":"https:\/\/hobierotikshop.com.tr\/website1\/wp-content\/uploads\/2025\/03\/baslangic-fantezi-fetis-seti-siyah-1856.jpg","type":"image\/jpeg"}],"twitter_card":"summary_large_image","twitter_site":"@shopbursa","twitter_misc":{"Fiyat":"&#8378;2.902,00 KDV DAH\u0130L","Availability":"Out of stock"},"schema":{"@context":"https:\/\/schema.org","@graph":[{"@type":"WebPage","@id":"https:\/\/hobierotikshop.com.tr\/website1\/erotik-shop-urun\/baslangic-fantezi-fetis-seti-siyah\/","url":"https:\/\/hobierotikshop.com.tr\/website1\/erotik-shop-urun\/baslangic-fantezi-fetis-seti-siyah\/","name":"Ba\u015flang\u0131\u00e7 Fantezi Fetis Seti Siyah - Bursa Erotik Shop","isPartOf":{"@id":"https:\/\/hobierotikshop.com.tr\/website1\/#website"},"primaryImageOfPage":{"@id":"https:\/\/hobierotikshop.com.tr\/website1\/erotik-shop-urun\/baslangic-fantezi-fetis-seti-siyah\/#primaryimage"},"image":{"@id":"https:\/\/hobierotikshop.com.tr\/website1\/erotik-shop-urun\/baslangic-fantezi-fetis-seti-siyah\/#primaryimage"},"thumbnailUrl":"https:\/\/haremerotikshop.com\/site\/wp-content\/uploads\/2025\/03\/baslangic-fantezi-fetis-seti-siyah-1856.jpg","datePublished":"2025-03-17T09:23:13+00:00","dateModified":"2026-01-26T13:37:10+00:00","breadcrumb":{"@id":"https:\/\/hobierotikshop.com.tr\/website1\/erotik-shop-urun\/baslangic-fantezi-fetis-seti-siyah\/#breadcrumb"},"inLanguage":"tr","potentialAction":[{"@type":"ReadAction","target":["https:\/\/hobierotikshop.com.tr\/website1\/erotik-shop-urun\/baslangic-fantezi-fetis-seti-siyah\/"]}]},{"@type":"ImageObject","inLanguage":"tr","@id":"https:\/\/hobierotikshop.com.tr\/website1\/erotik-shop-urun\/baslangic-fantezi-fetis-seti-siyah\/#primaryimage","url":"https:\/\/haremerotikshop.com\/site\/wp-content\/uploads\/2025\/03\/baslangic-fantezi-fetis-seti-siyah-1856.jpg","contentUrl":"https:\/\/haremerotikshop.com\/site\/wp-content\/uploads\/2025\/03\/baslangic-fantezi-fetis-seti-siyah-1856.jpg","width":978,"height":978},{"@type":"BreadcrumbList","@id":"https:\/\/hobierotikshop.com.tr\/website1\/erotik-shop-urun\/baslangic-fantezi-fetis-seti-siyah\/#breadcrumb","itemListElement":[{"@type":"ListItem","position":1,"name":"Anasayfa","item":"https:\/\/hobierotikshop.com.tr\/website1\/"},{"@type":"ListItem","position":2,"name":"Erotik Shop \u00dcr\u00fcnleri","item":"https:\/\/hobierotikshop.com.tr\/website1\/shop\/"},{"@type":"ListItem","position":3,"name":"Ba\u015flang\u0131\u00e7 Fantezi Fetis Seti Siyah"}]},{"@type":"WebSite","@id":"https:\/\/hobierotikshop.com.tr\/website1\/#website","url":"https:\/\/hobierotikshop.com.tr\/website1\/","name":"Bursa Erotik Shop","description":"Bursa Erotik Shop ile g\u00fcvenli, gizli ve kaliteli yeti\u015fkin \u00fcr\u00fcnleri al\u0131\u015fveri\u015fi! Geni\u015f \u00fcr\u00fcn yelpazemizi ke\u015ffedin, hemen sipari\u015f verin","publisher":{"@id":"https:\/\/hobierotikshop.com.tr\/website1\/#organization"},"alternateName":"Erotik Shop","potentialAction":[{"@type":"SearchAction","target":{"@type":"EntryPoint","urlTemplate":"https:\/\/hobierotikshop.com.tr\/website1\/?s={search_term_string}"},"query-input":{"@type":"PropertyValueSpecification","valueRequired":true,"valueName":"search_term_string"}}],"inLanguage":"tr"},{"@type":"Organization","@id":"https:\/\/hobierotikshop.com.tr\/website1\/#organization","name":"Harem Bursa Erotik Shop","url":"https:\/\/hobierotikshop.com.tr\/website1\/","logo":{"@type":"ImageObject","inLanguage":"tr","@id":"https:\/\/hobierotikshop.com.tr\/website1\/#\/schema\/logo\/image\/","url":"https:\/\/haremerotikshop.com\/site\/wp-content\/uploads\/2025\/03\/haremsexshop.png","contentUrl":"https:\/\/haremerotikshop.com\/site\/wp-content\/uploads\/2025\/03\/haremsexshop.png","width":400,"height":100,"caption":"Harem Bursa Erotik Shop"},"image":{"@id":"https:\/\/hobierotikshop.com.tr\/website1\/#\/schema\/logo\/image\/"},"sameAs":["https:\/\/x.com\/shopbursa"],"publishingPrinciples":"https:\/\/hobierotikshop.com.tr\/website1\/mesafeli-satis-sozlesmesi\/","ownershipFundingInfo":"https:\/\/hobierotikshop.com.tr\/website1\/contact-us\/","actionableFeedbackPolicy":"https:\/\/hobierotikshop.com.tr\/website1\/contact-us\/","correctionsPolicy":"https:\/\/hobierotikshop.com.tr\/website1\/mesafeli-satis-sozlesmesi\/"}]},"product_brand":"Pembe Tilki","product_price_amount":"2902.00","product_price_currency":"TRY","og_availability":"out of stock","product_availability":"out of stock","product_retailer_item_id":"PT-FFXG018BL","product_condition":"new"},"_links":{"self":[{"href":"https:\/\/haremerotikshop.com\/site\/wp-json\/wp\/v2\/product\/18824","targetHints":{"allow":["GET"]}}],"collection":[{"href":"https:\/\/haremerotikshop.com\/site\/wp-json\/wp\/v2\/product"}],"about":[{"href":"https:\/\/haremerotikshop.com\/site\/wp-json\/wp\/v2\/types\/product"}],"replies":[{"embeddable":true,"href":"https:\/\/haremerotikshop.com\/site\/wp-json\/wp\/v2\/comments?post=18824"}],"version-history":[{"count":0,"href":"https:\/\/haremerotikshop.com\/site\/wp-json\/wp\/v2\/product\/18824\/revisions"}],"wp:featuredmedia":[{"embeddable":true,"href":"https:\/\/haremerotikshop.com\/site\/wp-json\/wp\/v2\/media\/18941"}],"wp:attachment":[{"href":"https:\/\/haremerotikshop.com\/site\/wp-json\/wp\/v2\/media?parent=18824"}],"wp:term":[{"taxonomy":"product_brand","embeddable":true,"href":"https:\/\/haremerotikshop.com\/site\/wp-json\/wp\/v2\/product_brand?post=18824"},{"taxonomy":"product_cat","embeddable":true,"href":"https:\/\/haremerotikshop.com\/site\/wp-json\/wp\/v2\/product_cat?post=18824"},{"taxonomy":"product_tag","embeddable":true,"href":"https:\/\/haremerotikshop.com\/site\/wp-json\/wp\/v2\/product_tag?post=18824"}],"curies":[{"name":"wp","href":"https:\/\/api.w.org\/{rel}","templated":true}]}}