{"id":18844,"date":"2025-03-17T12:23:34","date_gmt":"2025-03-17T09:23:34","guid":{"rendered":"https:\/\/haremerotikshop.com\/site\/?post_type=product&#038;p=18844"},"modified":"2026-01-26T16:34:12","modified_gmt":"2026-01-26T13:34:12","slug":"modern-tirtikli-seffaf-vibrator-pembe","status":"publish","type":"product","link":"https:\/\/haremerotikshop.com\/site\/erotik-shop-urun\/modern-tirtikli-seffaf-vibrator-pembe\/","title":{"rendered":"Modern T\u0131rt\u0131kl\u0131 \u015eeffaf Vibrat\u00f6r Pembe"},"content":{"rendered":"<h3 data-start=\"0\" data-end=\"61\"><strong data-start=\"4\" data-end=\"59\">Pembe Tilki Modern T\u0131rt\u0131kl\u0131 \u015eeffaf Vibrat\u00f6r \u2013 Pembe<\/strong><\/h3>\n<p data-start=\"63\" data-end=\"466\">Cinsel deneyiminizi <strong data-start=\"83\" data-end=\"113\">daha yo\u011fun ve tatmin edici<\/strong> hale getirmek i\u00e7in \u00f6zel olarak tasarlanan <strong data-start=\"156\" data-end=\"203\">Pembe Tilki Modern T\u0131rt\u0131kl\u0131 \u015eeffaf Vibrat\u00f6r<\/strong>, <strong data-start=\"205\" data-end=\"279\">t\u0131rt\u0131kl\u0131 y\u00fczeyi, ergonomik yap\u0131s\u0131 ve g\u00fc\u00e7l\u00fc uyar\u0131m sa\u011flayan tasar\u0131m\u0131yla<\/strong> \u00f6n plana \u00e7\u0131k\u0131yor. <strong data-start=\"298\" data-end=\"326\">\u015eeffaf pembe tasar\u0131m\u0131yla<\/strong> hem estetik hem de i\u015flevselli\u011fi bir araya getiren bu model, <strong data-start=\"387\" data-end=\"432\">G-spot uyar\u0131m\u0131na odaklanan \u00f6zel yap\u0131s\u0131yla<\/strong> maksimum haz ya\u015faman\u0131z\u0131 sa\u011flar.<\/p>\n<h3 data-start=\"468\" data-end=\"498\"><strong data-start=\"472\" data-end=\"496\">\u00d6ne \u00c7\u0131kan \u00d6zellikler<\/strong><\/h3>\n<p data-start=\"500\" data-end=\"748\">\u2705 <strong data-start=\"502\" data-end=\"537\">Cilt Dostu ve Dayan\u0131kl\u0131 Malzeme<\/strong><br data-start=\"537\" data-end=\"540\" \/><strong data-start=\"540\" data-end=\"577\">ABS ve TPE malzemelerden \u00fcretilen<\/strong> bu vibrat\u00f6r, <strong data-start=\"591\" data-end=\"614\">p\u00fcr\u00fczs\u00fcz ve g\u00fcvenli<\/strong> yap\u0131s\u0131yla <strong data-start=\"625\" data-end=\"639\">cilt dostu<\/strong> bir deneyim sunar. Sa\u011fl\u0131\u011fa zarar vermeyen malzemeleri sayesinde <strong data-start=\"704\" data-end=\"745\">rahat ve konforlu bir kullan\u0131m sa\u011flar<\/strong>.<\/p>\n<p data-start=\"750\" data-end=\"1051\">\u2705 <strong data-start=\"752\" data-end=\"795\">T\u0131rt\u0131kl\u0131 Y\u00fczey ile Yo\u011fun G-Spot Uyar\u0131m\u0131<\/strong><br data-start=\"795\" data-end=\"798\" \/>Vibrat\u00f6r\u00fcn <strong data-start=\"809\" data-end=\"828\">t\u0131rt\u0131kl\u0131 y\u00fczeyi<\/strong>, <strong data-start=\"830\" data-end=\"871\">G-spot b\u00f6lgesine do\u011frudan etki ederek<\/strong> ekstra uyar\u0131m sa\u011flar. <strong data-start=\"894\" data-end=\"950\">Yo\u011fun ve derinlemesine bir haz sunan bu \u00f6zel tasar\u0131m<\/strong>, geleneksel d\u00fcz y\u00fczeyli vibrat\u00f6rlerden daha farkl\u0131 ve etkili bir deneyim ya\u015faman\u0131za yard\u0131mc\u0131 olur.<\/p>\n<p data-start=\"1053\" data-end=\"1085\">\u2705 <strong data-start=\"1055\" data-end=\"1083\">Kompakt ve Hafif Tasar\u0131m<\/strong><\/p>\n<ul data-start=\"1086\" data-end=\"1130\">\n<li data-start=\"1086\" data-end=\"1110\"><strong data-start=\"1088\" data-end=\"1100\">Uzunluk:<\/strong> 17.5 cm<\/li>\n<li data-start=\"1111\" data-end=\"1130\"><strong data-start=\"1113\" data-end=\"1121\">\u00c7ap:<\/strong> 3.8 cm<\/li>\n<\/ul>\n<p data-start=\"1132\" data-end=\"1281\">Kompakt boyutlar\u0131 sayesinde <strong data-start=\"1160\" data-end=\"1194\">ta\u015f\u0131mas\u0131 ve saklamas\u0131 kolayd\u0131r<\/strong>. \u00c7antan\u0131za rahatl\u0131kla s\u0131\u011fabilece\u011fi i\u00e7in <strong data-start=\"1235\" data-end=\"1278\">diledi\u011finiz her yerde kullanabilirsiniz<\/strong>.<\/p>\n<p data-start=\"1283\" data-end=\"1485\">\u2705 <strong data-start=\"1285\" data-end=\"1322\">Pil ile \u00c7al\u0131\u015fma \u2013 Pratik Kullan\u0131m<\/strong><br data-start=\"1322\" data-end=\"1325\" \/><strong data-start=\"1325\" data-end=\"1342\">2 adet AA pil<\/strong> ile \u00e7al\u0131\u015f\u0131r (piller dahil de\u011fildir). <strong data-start=\"1380\" data-end=\"1400\">\u015earj gerektirmez<\/strong>, pilleri de\u011fi\u015ftirerek <strong data-start=\"1423\" data-end=\"1482\">uzun s\u00fcre boyunca kesintisiz kullan\u0131m sa\u011flayabilirsiniz<\/strong>.<\/p>\n<p data-start=\"1487\" data-end=\"1710\">\u2705 <strong data-start=\"1489\" data-end=\"1524\">Suya Dayan\u0131kl\u0131 &amp; Kolay Temizlik<\/strong><br data-start=\"1524\" data-end=\"1527\" \/><strong data-start=\"1527\" data-end=\"1552\">Suya dayan\u0131kl\u0131 yap\u0131s\u0131<\/strong> sayesinde g\u00fcnl\u00fck kullan\u0131ma uygundur. <strong data-start=\"1590\" data-end=\"1623\">Kolay temizlenebilir tasar\u0131m\u0131<\/strong>, hijyenik bir deneyim sunar. <strong data-start=\"1653\" data-end=\"1707\">Temizlik i\u00e7in yaln\u0131zca \u0131l\u0131k su ve sabun yeterlidir<\/strong>.<\/p>\n<p data-start=\"1712\" data-end=\"1911\">\u2705 <strong data-start=\"1714\" data-end=\"1753\">\u015eeffaf Pembe Renk &amp; Estetik Tasar\u0131m<\/strong><br data-start=\"1753\" data-end=\"1756\" \/><strong data-start=\"1756\" data-end=\"1786\">Modern, \u015feffaf pembe rengi<\/strong>, \u015f\u0131k ve sofistike bir g\u00f6r\u00fcn\u00fcm kazand\u0131r\u0131rken, <strong data-start=\"1832\" data-end=\"1908\">minimalist tasar\u0131m\u0131yla hem estetik hem de fonksiyonel bir kullan\u0131m sunar<\/strong>.<\/p>\n<h3 data-start=\"1913\" data-end=\"1986\"><strong data-start=\"1917\" data-end=\"1984\">Pembe Tilki Modern T\u0131rt\u0131kl\u0131 \u015eeffaf Vibrat\u00f6r ile Hazz\u0131 Ke\u015ffedin!<\/strong><\/h3>\n<p data-start=\"1987\" data-end=\"2261\">Cinsel deneyiminizi <strong data-start=\"2007\" data-end=\"2053\">daha yo\u011fun, tatmin edici ve heyecan verici<\/strong> hale getirmek istiyorsan\u0131z, <strong data-start=\"2082\" data-end=\"2129\">Pembe Tilki Modern T\u0131rt\u0131kl\u0131 \u015eeffaf Vibrat\u00f6r<\/strong> tam size g\u00f6re! <strong data-start=\"2145\" data-end=\"2207\">T\u0131rt\u0131kl\u0131 y\u00fczeyi, suya dayan\u0131kl\u0131 yap\u0131s\u0131 ve pratik kullan\u0131m\u0131<\/strong> sayesinde beklentilerinizi fazlas\u0131yla kar\u015f\u0131layacak.<\/p>\n<p data-start=\"2263\" data-end=\"2327\" data-is-last-node=\"\" data-is-only-node=\"\">\ud83d\udd39 <strong data-start=\"2266\" data-end=\"2327\" data-is-last-node=\"\">Hemen \u015fimdi ke\u015ffedin ve benzersiz bir deneyime ad\u0131m at\u0131n!<\/strong><\/p>\n","protected":false},"excerpt":{"rendered":"<p>Cinsel deneyiminizi <strong data-start=\"83\" data-end=\"113\">daha yo\u011fun ve tatmin edici<\/strong> hale getirmek i\u00e7in \u00f6zel olarak tasarlanan <strong data-start=\"156\" data-end=\"203\">Pembe Tilki Modern T\u0131rt\u0131kl\u0131 \u015eeffaf Vibrat\u00f6r<\/strong>, <strong data-start=\"205\" data-end=\"279\">t\u0131rt\u0131kl\u0131 y\u00fczeyi, ergonomik yap\u0131s\u0131 ve g\u00fc\u00e7l\u00fc uyar\u0131m sa\u011flayan tasar\u0131m\u0131yla<\/strong> \u00f6n plana \u00e7\u0131k\u0131yor. <strong data-start=\"298\" data-end=\"326\">\u015eeffaf pembe tasar\u0131m\u0131yla<\/strong> hem estetik hem de i\u015flevselli\u011fi bir araya getiren bu model, <strong data-start=\"387\" data-end=\"432\">G-spot uyar\u0131m\u0131na odaklanan \u00f6zel yap\u0131s\u0131yla<\/strong> maksimum haz ya\u015faman\u0131z\u0131 sa\u011flar.<\/p>\n","protected":false},"featured_media":18945,"comment_status":"open","ping_status":"closed","template":"","meta":[],"product_brand":[127],"product_cat":[85],"product_tag":[224],"class_list":{"0":"post-18844","1":"product","2":"type-product","3":"status-publish","4":"has-post-thumbnail","6":"product_brand-pembe-tilki","7":"product_cat-modern-vibrator","8":"product_tag-modern-tirtikli-seffaf-vibrator-pembe","10":"first","11":"instock","12":"taxable","13":"shipping-taxable","14":"purchasable","15":"product-type-simple"},"yoast_head":"<!-- This site is optimized with the Yoast SEO Premium plugin v24.4 (Yoast SEO v27.1.1) - https:\/\/yoast.com\/product\/yoast-seo-premium-wordpress\/ -->\n<title>Modern T\u0131rt\u0131kl\u0131 \u015eeffaf Vibrat\u00f6r Pembe - Bursa Erotik Shop<\/title>\n<meta name=\"robots\" content=\"index, follow, max-snippet:-1, max-image-preview:large, max-video-preview:-1\" \/>\n<link rel=\"canonical\" href=\"https:\/\/hobierotikshop.com.tr\/website1\/erotik-shop-urun\/modern-tirtikli-seffaf-vibrator-pembe\/\" \/>\n<meta property=\"og:locale\" content=\"tr_TR\" \/>\n<meta property=\"og:type\" content=\"article\" \/>\n<meta property=\"og:title\" content=\"Modern T\u0131rt\u0131kl\u0131 \u015eeffaf Vibrat\u00f6r Pembe\" \/>\n<meta property=\"og:description\" content=\"Cinsel deneyiminizi daha yo\u011fun ve tatmin edici hale getirmek i\u00e7in \u00f6zel olarak tasarlanan Pembe Tilki Modern T\u0131rt\u0131kl\u0131 \u015eeffaf Vibrat\u00f6r, t\u0131rt\u0131kl\u0131 y\u00fczeyi, ergonomik yap\u0131s\u0131 ve g\u00fc\u00e7l\u00fc uyar\u0131m sa\u011flayan tasar\u0131m\u0131yla \u00f6n plana \u00e7\u0131k\u0131yor. \u015eeffaf pembe tasar\u0131m\u0131yla hem estetik hem de i\u015flevselli\u011fi bir araya getiren bu model, G-spot uyar\u0131m\u0131na odaklanan \u00f6zel yap\u0131s\u0131yla maksimum haz ya\u015faman\u0131z\u0131 sa\u011flar.\" \/>\n<meta property=\"og:url\" content=\"https:\/\/hobierotikshop.com.tr\/website1\/erotik-shop-urun\/modern-tirtikli-seffaf-vibrator-pembe\/\" \/>\n<meta property=\"og:site_name\" content=\"Bursa Erotik Shop\" \/>\n<meta property=\"article:modified_time\" content=\"2026-01-26T13:34:12+00:00\" \/>\n<meta property=\"og:image\" content=\"https:\/\/hobierotikshop.com.tr\/website1\/wp-content\/uploads\/2025\/03\/modern-tirtikli-seffaf-vibrator-pembe-1906.jpg\" \/>\n\t<meta property=\"og:image:width\" content=\"1500\" \/>\n\t<meta property=\"og:image:height\" content=\"1500\" \/>\n\t<meta property=\"og:image:type\" content=\"image\/jpeg\" \/>\n<meta name=\"twitter:card\" content=\"summary_large_image\" \/>\n<meta name=\"twitter:site\" content=\"@shopbursa\" \/>\n<meta name=\"twitter:label1\" content=\"Fiyat\" \/>\n\t<meta name=\"twitter:data1\" content=\"&#8378;800,00 KDV DAH\u0130L\" \/>\n\t<meta name=\"twitter:label2\" content=\"Availability\" \/>\n\t<meta name=\"twitter:data2\" content=\"In stock\" \/>\n<script type=\"application\/ld+json\" class=\"yoast-schema-graph\">{\"@context\":\"https:\/\/schema.org\",\"@graph\":[{\"@type\":\"WebPage\",\"@id\":\"https:\/\/hobierotikshop.com.tr\/website1\/erotik-shop-urun\/modern-tirtikli-seffaf-vibrator-pembe\/\",\"url\":\"https:\/\/hobierotikshop.com.tr\/website1\/erotik-shop-urun\/modern-tirtikli-seffaf-vibrator-pembe\/\",\"name\":\"Modern T\u0131rt\u0131kl\u0131 \u015eeffaf Vibrat\u00f6r Pembe - Bursa Erotik Shop\",\"isPartOf\":{\"@id\":\"https:\/\/bursashop.com\/web\/#website\"},\"primaryImageOfPage\":{\"@id\":\"https:\/\/hobierotikshop.com.tr\/website1\/erotik-shop-urun\/modern-tirtikli-seffaf-vibrator-pembe\/#primaryimage\"},\"image\":{\"@id\":\"https:\/\/hobierotikshop.com.tr\/website1\/erotik-shop-urun\/modern-tirtikli-seffaf-vibrator-pembe\/#primaryimage\"},\"thumbnailUrl\":\"https:\/\/haremerotikshop.com\/site\/wp-content\/uploads\/2025\/03\/modern-tirtikli-seffaf-vibrator-pembe-1906.jpg\",\"datePublished\":\"2025-03-17T09:23:34+00:00\",\"dateModified\":\"2026-01-26T13:34:12+00:00\",\"breadcrumb\":{\"@id\":\"https:\/\/hobierotikshop.com.tr\/website1\/erotik-shop-urun\/modern-tirtikli-seffaf-vibrator-pembe\/#breadcrumb\"},\"inLanguage\":\"tr\",\"potentialAction\":[{\"@type\":\"ReadAction\",\"target\":[\"https:\/\/hobierotikshop.com.tr\/website1\/erotik-shop-urun\/modern-tirtikli-seffaf-vibrator-pembe\/\"]}]},{\"@type\":\"ImageObject\",\"inLanguage\":\"tr\",\"@id\":\"https:\/\/hobierotikshop.com.tr\/website1\/erotik-shop-urun\/modern-tirtikli-seffaf-vibrator-pembe\/#primaryimage\",\"url\":\"https:\/\/haremerotikshop.com\/site\/wp-content\/uploads\/2025\/03\/modern-tirtikli-seffaf-vibrator-pembe-1906.jpg\",\"contentUrl\":\"https:\/\/haremerotikshop.com\/site\/wp-content\/uploads\/2025\/03\/modern-tirtikli-seffaf-vibrator-pembe-1906.jpg\",\"width\":1500,\"height\":1500},{\"@type\":\"BreadcrumbList\",\"@id\":\"https:\/\/hobierotikshop.com.tr\/website1\/erotik-shop-urun\/modern-tirtikli-seffaf-vibrator-pembe\/#breadcrumb\",\"itemListElement\":[{\"@type\":\"ListItem\",\"position\":1,\"name\":\"Anasayfa\",\"item\":\"https:\/\/hobierotikshop.com.tr\/website1\/\"},{\"@type\":\"ListItem\",\"position\":2,\"name\":\"Erotik Shop \u00dcr\u00fcnleri\",\"item\":\"https:\/\/hobierotikshop.com.tr\/website1\/shop\/\"},{\"@type\":\"ListItem\",\"position\":3,\"name\":\"Modern T\u0131rt\u0131kl\u0131 \u015eeffaf Vibrat\u00f6r Pembe\"}]},{\"@type\":\"WebSite\",\"@id\":\"https:\/\/bursashop.com\/web\/#website\",\"url\":\"https:\/\/bursashop.com\/web\/\",\"name\":\"Bursa Erotik Shop\",\"description\":\"Bursa Erotik Shop ile g\u00fcvenli, gizli ve kaliteli yeti\u015fkin \u00fcr\u00fcnleri al\u0131\u015fveri\u015fi! Geni\u015f \u00fcr\u00fcn yelpazemizi ke\u015ffedin, hemen sipari\u015f verin\",\"publisher\":{\"@id\":\"https:\/\/bursashop.com\/web\/#organization\"},\"alternateName\":\"Erotik Shop\",\"potentialAction\":[{\"@type\":\"SearchAction\",\"target\":{\"@type\":\"EntryPoint\",\"urlTemplate\":\"https:\/\/bursashop.com\/web\/?s={search_term_string}\"},\"query-input\":{\"@type\":\"PropertyValueSpecification\",\"valueRequired\":true,\"valueName\":\"search_term_string\"}}],\"inLanguage\":\"tr\"},{\"@type\":\"Organization\",\"@id\":\"https:\/\/bursashop.com\/web\/#organization\",\"name\":\"Harem Bursa Erotik Shop\",\"url\":\"https:\/\/bursashop.com\/web\/\",\"logo\":{\"@type\":\"ImageObject\",\"inLanguage\":\"tr\",\"@id\":\"https:\/\/bursashop.com\/web\/#\/schema\/logo\/image\/\",\"url\":\"https:\/\/haremerotikshop.com\/site\/wp-content\/uploads\/2025\/03\/haremsexshop.png\",\"contentUrl\":\"https:\/\/haremerotikshop.com\/site\/wp-content\/uploads\/2025\/03\/haremsexshop.png\",\"width\":400,\"height\":100,\"caption\":\"Harem Bursa Erotik Shop\"},\"image\":{\"@id\":\"https:\/\/bursashop.com\/web\/#\/schema\/logo\/image\/\"},\"sameAs\":[\"https:\/\/x.com\/shopbursa\"],\"publishingPrinciples\":\"https:\/\/hobierotikshop.com.tr\/website1\/mesafeli-satis-sozlesmesi\/\",\"ownershipFundingInfo\":\"https:\/\/hobierotikshop.com.tr\/website1\/contact-us\/\",\"actionableFeedbackPolicy\":\"https:\/\/hobierotikshop.com.tr\/website1\/contact-us\/\",\"correctionsPolicy\":\"https:\/\/hobierotikshop.com.tr\/website1\/mesafeli-satis-sozlesmesi\/\"}]}<\/script>\n<meta property=\"product:brand\" content=\"Pembe Tilki\" \/>\n<meta property=\"product:price:amount\" content=\"800.00\" \/>\n<meta property=\"product:price:currency\" content=\"TRY\" \/>\n<meta property=\"og:availability\" content=\"instock\" \/>\n<meta property=\"product:availability\" content=\"instock\" \/>\n<meta property=\"product:retailer_item_id\" content=\"PT-DVXA002PNK\" \/>\n<meta property=\"product:condition\" content=\"new\" \/>\n<!-- \/ Yoast SEO Premium plugin. -->","yoast_head_json":{"title":"Modern T\u0131rt\u0131kl\u0131 \u015eeffaf Vibrat\u00f6r Pembe - Bursa Erotik Shop","robots":{"index":"index","follow":"follow","max-snippet":"max-snippet:-1","max-image-preview":"max-image-preview:large","max-video-preview":"max-video-preview:-1"},"canonical":"https:\/\/hobierotikshop.com.tr\/website1\/erotik-shop-urun\/modern-tirtikli-seffaf-vibrator-pembe\/","og_locale":"tr_TR","og_type":"article","og_title":"Modern T\u0131rt\u0131kl\u0131 \u015eeffaf Vibrat\u00f6r Pembe","og_description":"Cinsel deneyiminizi daha yo\u011fun ve tatmin edici hale getirmek i\u00e7in \u00f6zel olarak tasarlanan Pembe Tilki Modern T\u0131rt\u0131kl\u0131 \u015eeffaf Vibrat\u00f6r, t\u0131rt\u0131kl\u0131 y\u00fczeyi, ergonomik yap\u0131s\u0131 ve g\u00fc\u00e7l\u00fc uyar\u0131m sa\u011flayan tasar\u0131m\u0131yla \u00f6n plana \u00e7\u0131k\u0131yor. \u015eeffaf pembe tasar\u0131m\u0131yla hem estetik hem de i\u015flevselli\u011fi bir araya getiren bu model, G-spot uyar\u0131m\u0131na odaklanan \u00f6zel yap\u0131s\u0131yla maksimum haz ya\u015faman\u0131z\u0131 sa\u011flar.","og_url":"https:\/\/hobierotikshop.com.tr\/website1\/erotik-shop-urun\/modern-tirtikli-seffaf-vibrator-pembe\/","og_site_name":"Bursa Erotik Shop","article_modified_time":"2026-01-26T13:34:12+00:00","og_image":[{"width":1500,"height":1500,"url":"https:\/\/hobierotikshop.com.tr\/website1\/wp-content\/uploads\/2025\/03\/modern-tirtikli-seffaf-vibrator-pembe-1906.jpg","type":"image\/jpeg"}],"twitter_card":"summary_large_image","twitter_site":"@shopbursa","twitter_misc":{"Fiyat":"&#8378;800,00 KDV DAH\u0130L","Availability":"In stock"},"schema":{"@context":"https:\/\/schema.org","@graph":[{"@type":"WebPage","@id":"https:\/\/hobierotikshop.com.tr\/website1\/erotik-shop-urun\/modern-tirtikli-seffaf-vibrator-pembe\/","url":"https:\/\/hobierotikshop.com.tr\/website1\/erotik-shop-urun\/modern-tirtikli-seffaf-vibrator-pembe\/","name":"Modern T\u0131rt\u0131kl\u0131 \u015eeffaf Vibrat\u00f6r Pembe - Bursa Erotik Shop","isPartOf":{"@id":"https:\/\/bursashop.com\/web\/#website"},"primaryImageOfPage":{"@id":"https:\/\/hobierotikshop.com.tr\/website1\/erotik-shop-urun\/modern-tirtikli-seffaf-vibrator-pembe\/#primaryimage"},"image":{"@id":"https:\/\/hobierotikshop.com.tr\/website1\/erotik-shop-urun\/modern-tirtikli-seffaf-vibrator-pembe\/#primaryimage"},"thumbnailUrl":"https:\/\/haremerotikshop.com\/site\/wp-content\/uploads\/2025\/03\/modern-tirtikli-seffaf-vibrator-pembe-1906.jpg","datePublished":"2025-03-17T09:23:34+00:00","dateModified":"2026-01-26T13:34:12+00:00","breadcrumb":{"@id":"https:\/\/hobierotikshop.com.tr\/website1\/erotik-shop-urun\/modern-tirtikli-seffaf-vibrator-pembe\/#breadcrumb"},"inLanguage":"tr","potentialAction":[{"@type":"ReadAction","target":["https:\/\/hobierotikshop.com.tr\/website1\/erotik-shop-urun\/modern-tirtikli-seffaf-vibrator-pembe\/"]}]},{"@type":"ImageObject","inLanguage":"tr","@id":"https:\/\/hobierotikshop.com.tr\/website1\/erotik-shop-urun\/modern-tirtikli-seffaf-vibrator-pembe\/#primaryimage","url":"https:\/\/haremerotikshop.com\/site\/wp-content\/uploads\/2025\/03\/modern-tirtikli-seffaf-vibrator-pembe-1906.jpg","contentUrl":"https:\/\/haremerotikshop.com\/site\/wp-content\/uploads\/2025\/03\/modern-tirtikli-seffaf-vibrator-pembe-1906.jpg","width":1500,"height":1500},{"@type":"BreadcrumbList","@id":"https:\/\/hobierotikshop.com.tr\/website1\/erotik-shop-urun\/modern-tirtikli-seffaf-vibrator-pembe\/#breadcrumb","itemListElement":[{"@type":"ListItem","position":1,"name":"Anasayfa","item":"https:\/\/hobierotikshop.com.tr\/website1\/"},{"@type":"ListItem","position":2,"name":"Erotik Shop \u00dcr\u00fcnleri","item":"https:\/\/hobierotikshop.com.tr\/website1\/shop\/"},{"@type":"ListItem","position":3,"name":"Modern T\u0131rt\u0131kl\u0131 \u015eeffaf Vibrat\u00f6r Pembe"}]},{"@type":"WebSite","@id":"https:\/\/bursashop.com\/web\/#website","url":"https:\/\/bursashop.com\/web\/","name":"Bursa Erotik Shop","description":"Bursa Erotik Shop ile g\u00fcvenli, gizli ve kaliteli yeti\u015fkin \u00fcr\u00fcnleri al\u0131\u015fveri\u015fi! Geni\u015f \u00fcr\u00fcn yelpazemizi ke\u015ffedin, hemen sipari\u015f verin","publisher":{"@id":"https:\/\/bursashop.com\/web\/#organization"},"alternateName":"Erotik Shop","potentialAction":[{"@type":"SearchAction","target":{"@type":"EntryPoint","urlTemplate":"https:\/\/bursashop.com\/web\/?s={search_term_string}"},"query-input":{"@type":"PropertyValueSpecification","valueRequired":true,"valueName":"search_term_string"}}],"inLanguage":"tr"},{"@type":"Organization","@id":"https:\/\/bursashop.com\/web\/#organization","name":"Harem Bursa Erotik Shop","url":"https:\/\/bursashop.com\/web\/","logo":{"@type":"ImageObject","inLanguage":"tr","@id":"https:\/\/bursashop.com\/web\/#\/schema\/logo\/image\/","url":"https:\/\/haremerotikshop.com\/site\/wp-content\/uploads\/2025\/03\/haremsexshop.png","contentUrl":"https:\/\/haremerotikshop.com\/site\/wp-content\/uploads\/2025\/03\/haremsexshop.png","width":400,"height":100,"caption":"Harem Bursa Erotik Shop"},"image":{"@id":"https:\/\/bursashop.com\/web\/#\/schema\/logo\/image\/"},"sameAs":["https:\/\/x.com\/shopbursa"],"publishingPrinciples":"https:\/\/hobierotikshop.com.tr\/website1\/mesafeli-satis-sozlesmesi\/","ownershipFundingInfo":"https:\/\/hobierotikshop.com.tr\/website1\/contact-us\/","actionableFeedbackPolicy":"https:\/\/hobierotikshop.com.tr\/website1\/contact-us\/","correctionsPolicy":"https:\/\/hobierotikshop.com.tr\/website1\/mesafeli-satis-sozlesmesi\/"}]},"product_brand":"Pembe Tilki","product_price_amount":"800.00","product_price_currency":"TRY","og_availability":"instock","product_availability":"instock","product_retailer_item_id":"PT-DVXA002PNK","product_condition":"new"},"_links":{"self":[{"href":"https:\/\/haremerotikshop.com\/site\/wp-json\/wp\/v2\/product\/18844","targetHints":{"allow":["GET"]}}],"collection":[{"href":"https:\/\/haremerotikshop.com\/site\/wp-json\/wp\/v2\/product"}],"about":[{"href":"https:\/\/haremerotikshop.com\/site\/wp-json\/wp\/v2\/types\/product"}],"replies":[{"embeddable":true,"href":"https:\/\/haremerotikshop.com\/site\/wp-json\/wp\/v2\/comments?post=18844"}],"version-history":[{"count":0,"href":"https:\/\/haremerotikshop.com\/site\/wp-json\/wp\/v2\/product\/18844\/revisions"}],"wp:featuredmedia":[{"embeddable":true,"href":"https:\/\/haremerotikshop.com\/site\/wp-json\/wp\/v2\/media\/18945"}],"wp:attachment":[{"href":"https:\/\/haremerotikshop.com\/site\/wp-json\/wp\/v2\/media?parent=18844"}],"wp:term":[{"taxonomy":"product_brand","embeddable":true,"href":"https:\/\/haremerotikshop.com\/site\/wp-json\/wp\/v2\/product_brand?post=18844"},{"taxonomy":"product_cat","embeddable":true,"href":"https:\/\/haremerotikshop.com\/site\/wp-json\/wp\/v2\/product_cat?post=18844"},{"taxonomy":"product_tag","embeddable":true,"href":"https:\/\/haremerotikshop.com\/site\/wp-json\/wp\/v2\/product_tag?post=18844"}],"curies":[{"name":"wp","href":"https:\/\/api.w.org\/{rel}","templated":true}]}}