{"id":18846,"date":"2025-03-17T12:23:34","date_gmt":"2025-03-17T09:23:34","guid":{"rendered":"https:\/\/haremerotikshop.com\/site\/?post_type=product&#038;p=18846"},"modified":"2026-01-26T16:34:46","modified_gmt":"2026-01-26T13:34:46","slug":"modern-klitoral-rabbit-vibrator-pembe","status":"publish","type":"product","link":"https:\/\/haremerotikshop.com\/site\/erotik-shop-urun\/modern-klitoral-rabbit-vibrator-pembe\/","title":{"rendered":"Modern Klitoral Rabbit Vibrat\u00f6r Pembe"},"content":{"rendered":"<h3 data-start=\"0\" data-end=\"52\"><strong data-start=\"4\" data-end=\"50\">Pembe Tilki Modern Rabbit Vibrat\u00f6r \u2013 Pembe<\/strong><\/h3>\n<p data-start=\"54\" data-end=\"479\">Kad\u0131nlara <strong data-start=\"64\" data-end=\"101\">\u00e7ift y\u00f6nl\u00fc, yo\u011fun ve tatmin edici<\/strong> bir cinsel deneyim sunmak i\u00e7in \u00f6zel olarak tasarlanan <strong data-start=\"156\" data-end=\"194\">Pembe Tilki Modern Rabbit Vibrat\u00f6r<\/strong>, <strong data-start=\"196\" data-end=\"247\">G-spot ve klitoral uyar\u0131m\u0131 bir arada sa\u011flayarak<\/strong> cinsel hazz\u0131 en \u00fcst seviyeye \u00e7\u0131kar\u0131r. <strong data-start=\"286\" data-end=\"361\">Ergonomik ve \u015f\u0131k tasar\u0131m\u0131, 30 farkl\u0131 titre\u015fim modu ve yumu\u015fak dokusuyla<\/strong> benzersiz bir kullan\u0131m sunan bu model, cinsel deneyimini zenginle\u015ftirmek isteyenler i\u00e7in <strong data-start=\"451\" data-end=\"476\">m\u00fckemmel bir se\u00e7imdir<\/strong>.<\/p>\n<h3 data-start=\"481\" data-end=\"511\"><strong data-start=\"485\" data-end=\"509\">\u00d6ne \u00c7\u0131kan \u00d6zellikler<\/strong><\/h3>\n<p data-start=\"513\" data-end=\"723\">\u2705 <strong data-start=\"515\" data-end=\"553\">Cilt Dostu &amp; Hipoalerjenik Malzeme<\/strong><br data-start=\"553\" data-end=\"556\" \/>Y\u00fcksek kaliteli <strong data-start=\"572\" data-end=\"626\">t\u0131bbi s\u0131n\u0131f silikon ve ABS malzemeden \u00fcretilmi\u015ftir<\/strong>. <strong data-start=\"628\" data-end=\"676\">Cilt dostu, p\u00fcr\u00fczs\u00fcz ve hipoalerjenik yap\u0131s\u0131<\/strong> ile g\u00fcvenli ve konforlu bir kullan\u0131m sa\u011flar.<\/p>\n<p data-start=\"725\" data-end=\"1049\">\u2705 <strong data-start=\"727\" data-end=\"790\">30 Farkl\u0131 Titre\u015fim Modu ile Ki\u015fisel Zevkinize Uygun Deneyim<\/strong><br data-start=\"790\" data-end=\"793\" \/>Farkl\u0131 h\u0131z ve titre\u015fim seviyelerine sahip <strong data-start=\"835\" data-end=\"852\">30 farkl\u0131 mod<\/strong>, her kullan\u0131c\u0131ya <strong data-start=\"870\" data-end=\"931\">kendine \u00f6zel ve ki\u015fiselle\u015ftirilmi\u015f bir haz deneyimi sunar<\/strong>. \u0130ster hafif bir titre\u015fim, ister yo\u011fun bir uyar\u0131m tercih edin, <strong data-start=\"995\" data-end=\"1046\">Modern Rabbit Vibrat\u00f6r her ihtiyaca uyum sa\u011flar<\/strong>.<\/p>\n<p data-start=\"1051\" data-end=\"1366\">\u2705 <strong data-start=\"1053\" data-end=\"1107\">\u00c7ift Fonksiyon \u2013 Hem G-Spot Hem de Klitoral Uyar\u0131m<\/strong><br data-start=\"1107\" data-end=\"1110\" \/>Bu \u00f6zel tasar\u0131m, <strong data-start=\"1127\" data-end=\"1186\">ayn\u0131 anda hem G-spot hem de klitoris b\u00f6lgesini uyararak<\/strong> \u00e7ift y\u00f6nl\u00fc bir tatmin sa\u011flar. <strong data-start=\"1217\" data-end=\"1244\">Rabbit vibrat\u00f6r ba\u015fl\u0131\u011f\u0131<\/strong>, <strong data-start=\"1246\" data-end=\"1299\">daha yo\u011fun ve odakl\u0131 bir klitoral uyar\u0131m sunarken<\/strong>, <strong data-start=\"1301\" data-end=\"1363\">e\u011fimli ana g\u00f6vde G-spot&#8217;u hedef al\u0131r ve maksimum haz verir<\/strong>.<\/p>\n<p data-start=\"1368\" data-end=\"1580\">\u2705 <strong data-start=\"1370\" data-end=\"1424\">USB ile \u015earj Edilebilir \u2013 Pil De\u011fi\u015ftirme Derdi Yok<\/strong><br data-start=\"1424\" data-end=\"1427\" \/><strong data-start=\"1427\" data-end=\"1448\">Dahili lityum pil<\/strong> sayesinde <strong data-start=\"1459\" data-end=\"1500\">USB kablo ile kolayca \u015farj edilebilir<\/strong>. <strong data-start=\"1502\" data-end=\"1570\">Pil de\u011fi\u015fimine gerek kalmadan uzun s\u00fcreli ve kesintisiz kullan\u0131m<\/strong> sa\u011flar.<\/p>\n<p data-start=\"1582\" data-end=\"1623\">\u2705 <strong data-start=\"1584\" data-end=\"1621\">Kompakt, Hafif ve Kullan\u0131m\u0131 Kolay<\/strong><\/p>\n<ul data-start=\"1624\" data-end=\"1676\">\n<li data-start=\"1624\" data-end=\"1653\"><strong data-start=\"1626\" data-end=\"1636\">Boyut:<\/strong> 18 cm x 3.6 cm<\/li>\n<li data-start=\"1654\" data-end=\"1676\"><strong data-start=\"1656\" data-end=\"1668\">A\u011f\u0131rl\u0131k:<\/strong> 150 g<\/li>\n<\/ul>\n<p data-start=\"1678\" data-end=\"1802\">Hafif ve ergonomik tasar\u0131m\u0131 sayesinde <strong data-start=\"1716\" data-end=\"1799\">kolay ta\u015f\u0131nabilir, pratik bir kullan\u0131m sunar ve \u00e7antan\u0131zda rahat\u00e7a saklanabilir<\/strong>.<\/p>\n<p data-start=\"1804\" data-end=\"1941\">\u2705 <strong data-start=\"1806\" data-end=\"1834\">\u015e\u0131k &amp; Estetik Pembe Renk<\/strong><br data-start=\"1834\" data-end=\"1837\" \/>Yumu\u015fak dokusuyla birle\u015fen <strong data-start=\"1864\" data-end=\"1888\">modern pembe tasar\u0131m<\/strong>, <strong data-start=\"1890\" data-end=\"1938\">hem g\u00f6z al\u0131c\u0131 hem de zarif bir g\u00f6r\u00fcn\u00fcm sunar<\/strong>.<\/p>\n<h3 data-start=\"1943\" data-end=\"2011\"><strong data-start=\"1947\" data-end=\"2009\">Pembe Tilki Modern Rabbit Vibrat\u00f6r ile S\u0131n\u0131rlar\u0131 Ke\u015ffedin!<\/strong><\/h3>\n<p data-start=\"2012\" data-end=\"2309\">E\u011fer <strong data-start=\"2017\" data-end=\"2127\">klitoral ve vajinal uyar\u0131m\u0131 bir arada sunan, farkl\u0131 titre\u015fim modlar\u0131yla ki\u015fiselle\u015ftirilebilir bir vibrat\u00f6r<\/strong> ar\u0131yorsan\u0131z, <strong data-start=\"2141\" data-end=\"2187\">Pembe Tilki Modern Rabbit Vibrat\u00f6r \u2013 Pembe<\/strong> tam size g\u00f6re! <strong data-start=\"2203\" data-end=\"2260\">Yumu\u015fak dokusu, g\u00fc\u00e7l\u00fc titre\u015fimleri ve \u015f\u0131k tasar\u0131m\u0131yla<\/strong> cinsel deneyiminize yeni bir boyut kazand\u0131r\u0131n.<\/p>\n<p data-start=\"2311\" data-end=\"2365\" data-is-last-node=\"\" data-is-only-node=\"\">\ud83d\udd39 <strong data-start=\"2314\" data-end=\"2365\" data-is-last-node=\"\">\u015eimdi sipari\u015f verin ve unutulmaz anlar ya\u015fay\u0131n!<\/strong><\/p>\n","protected":false},"excerpt":{"rendered":"<p>Kad\u0131nlara <strong data-start=\"64\" data-end=\"101\">\u00e7ift y\u00f6nl\u00fc, yo\u011fun ve tatmin edici<\/strong> bir cinsel deneyim sunmak i\u00e7in \u00f6zel olarak tasarlanan <strong data-start=\"156\" data-end=\"194\">Pembe Tilki Modern Rabbit Vibrat\u00f6r<\/strong>, <strong data-start=\"196\" data-end=\"247\">G-spot ve klitoral uyar\u0131m\u0131 bir arada sa\u011flayarak<\/strong> cinsel hazz\u0131 en \u00fcst seviyeye \u00e7\u0131kar\u0131r. <strong data-start=\"286\" data-end=\"361\">Ergonomik ve \u015f\u0131k tasar\u0131m\u0131, 30 farkl\u0131 titre\u015fim modu ve yumu\u015fak dokusuyla<\/strong> benzersiz bir kullan\u0131m sunan bu model, cinsel deneyimini zenginle\u015ftirmek isteyenler i\u00e7in <strong data-start=\"451\" data-end=\"476\">m\u00fckemmel bir se\u00e7imdir<\/strong>.<\/p>\n","protected":false},"featured_media":18950,"comment_status":"open","ping_status":"closed","template":"","meta":[],"product_brand":[127],"product_cat":[85],"product_tag":[225],"class_list":{"0":"post-18846","1":"product","2":"type-product","3":"status-publish","4":"has-post-thumbnail","6":"product_brand-pembe-tilki","7":"product_cat-modern-vibrator","8":"product_tag-modern-klitoral-rabbit-vibrator-pembe","10":"first","11":"instock","12":"taxable","13":"shipping-taxable","14":"purchasable","15":"product-type-simple"},"yoast_head":"<!-- This site is optimized with the Yoast SEO Premium plugin v24.4 (Yoast SEO v27.1.1) - https:\/\/yoast.com\/product\/yoast-seo-premium-wordpress\/ -->\n<title>Modern Klitoral Rabbit Vibrat\u00f6r Pembe - Bursa Erotik Shop<\/title>\n<meta name=\"robots\" content=\"index, follow, max-snippet:-1, max-image-preview:large, max-video-preview:-1\" \/>\n<link rel=\"canonical\" href=\"https:\/\/hobierotikshop.com.tr\/website1\/erotik-shop-urun\/modern-klitoral-rabbit-vibrator-pembe\/\" \/>\n<meta property=\"og:locale\" content=\"tr_TR\" \/>\n<meta property=\"og:type\" content=\"article\" \/>\n<meta property=\"og:title\" content=\"Modern Klitoral Rabbit Vibrat\u00f6r Pembe\" \/>\n<meta property=\"og:description\" content=\"Kad\u0131nlara \u00e7ift y\u00f6nl\u00fc, yo\u011fun ve tatmin edici bir cinsel deneyim sunmak i\u00e7in \u00f6zel olarak tasarlanan Pembe Tilki Modern Rabbit Vibrat\u00f6r, G-spot ve klitoral uyar\u0131m\u0131 bir arada sa\u011flayarak cinsel hazz\u0131 en \u00fcst seviyeye \u00e7\u0131kar\u0131r. Ergonomik ve \u015f\u0131k tasar\u0131m\u0131, 30 farkl\u0131 titre\u015fim modu ve yumu\u015fak dokusuyla benzersiz bir kullan\u0131m sunan bu model, cinsel deneyimini zenginle\u015ftirmek isteyenler i\u00e7in m\u00fckemmel bir se\u00e7imdir.\" \/>\n<meta property=\"og:url\" content=\"https:\/\/hobierotikshop.com.tr\/website1\/erotik-shop-urun\/modern-klitoral-rabbit-vibrator-pembe\/\" \/>\n<meta property=\"og:site_name\" content=\"Bursa Erotik Shop\" \/>\n<meta property=\"article:modified_time\" content=\"2026-01-26T13:34:46+00:00\" \/>\n<meta property=\"og:image\" content=\"https:\/\/hobierotikshop.com.tr\/website1\/wp-content\/uploads\/2025\/03\/modern-rabbit-vibrator-pembe-1910.jpg\" \/>\n\t<meta property=\"og:image:width\" content=\"1000\" \/>\n\t<meta property=\"og:image:height\" content=\"1000\" \/>\n\t<meta property=\"og:image:type\" content=\"image\/jpeg\" \/>\n<meta name=\"twitter:card\" content=\"summary_large_image\" \/>\n<meta name=\"twitter:site\" content=\"@shopbursa\" \/>\n<meta name=\"twitter:label1\" content=\"Fiyat\" \/>\n\t<meta name=\"twitter:data1\" content=\"&#8378;2.000,00 KDV DAH\u0130L\" \/>\n\t<meta name=\"twitter:label2\" content=\"Availability\" \/>\n\t<meta name=\"twitter:data2\" content=\"In stock\" \/>\n<script type=\"application\/ld+json\" class=\"yoast-schema-graph\">{\"@context\":\"https:\/\/schema.org\",\"@graph\":[{\"@type\":\"WebPage\",\"@id\":\"https:\/\/hobierotikshop.com.tr\/website1\/erotik-shop-urun\/modern-klitoral-rabbit-vibrator-pembe\/\",\"url\":\"https:\/\/hobierotikshop.com.tr\/website1\/erotik-shop-urun\/modern-klitoral-rabbit-vibrator-pembe\/\",\"name\":\"Modern Klitoral Rabbit Vibrat\u00f6r Pembe - Bursa Erotik Shop\",\"isPartOf\":{\"@id\":\"https:\/\/hobierotikshop.com.tr\/website1\/#website\"},\"primaryImageOfPage\":{\"@id\":\"https:\/\/hobierotikshop.com.tr\/website1\/erotik-shop-urun\/modern-klitoral-rabbit-vibrator-pembe\/#primaryimage\"},\"image\":{\"@id\":\"https:\/\/hobierotikshop.com.tr\/website1\/erotik-shop-urun\/modern-klitoral-rabbit-vibrator-pembe\/#primaryimage\"},\"thumbnailUrl\":\"https:\/\/haremerotikshop.com\/site\/wp-content\/uploads\/2025\/03\/modern-rabbit-vibrator-pembe-1910.jpg\",\"datePublished\":\"2025-03-17T09:23:34+00:00\",\"dateModified\":\"2026-01-26T13:34:46+00:00\",\"breadcrumb\":{\"@id\":\"https:\/\/hobierotikshop.com.tr\/website1\/erotik-shop-urun\/modern-klitoral-rabbit-vibrator-pembe\/#breadcrumb\"},\"inLanguage\":\"tr\",\"potentialAction\":[{\"@type\":\"ReadAction\",\"target\":[\"https:\/\/hobierotikshop.com.tr\/website1\/erotik-shop-urun\/modern-klitoral-rabbit-vibrator-pembe\/\"]}]},{\"@type\":\"ImageObject\",\"inLanguage\":\"tr\",\"@id\":\"https:\/\/hobierotikshop.com.tr\/website1\/erotik-shop-urun\/modern-klitoral-rabbit-vibrator-pembe\/#primaryimage\",\"url\":\"https:\/\/haremerotikshop.com\/site\/wp-content\/uploads\/2025\/03\/modern-rabbit-vibrator-pembe-1910.jpg\",\"contentUrl\":\"https:\/\/haremerotikshop.com\/site\/wp-content\/uploads\/2025\/03\/modern-rabbit-vibrator-pembe-1910.jpg\",\"width\":1000,\"height\":1000},{\"@type\":\"BreadcrumbList\",\"@id\":\"https:\/\/hobierotikshop.com.tr\/website1\/erotik-shop-urun\/modern-klitoral-rabbit-vibrator-pembe\/#breadcrumb\",\"itemListElement\":[{\"@type\":\"ListItem\",\"position\":1,\"name\":\"Anasayfa\",\"item\":\"https:\/\/hobierotikshop.com.tr\/website1\/\"},{\"@type\":\"ListItem\",\"position\":2,\"name\":\"Erotik Shop \u00dcr\u00fcnleri\",\"item\":\"https:\/\/hobierotikshop.com.tr\/website1\/shop\/\"},{\"@type\":\"ListItem\",\"position\":3,\"name\":\"Modern Klitoral Rabbit Vibrat\u00f6r Pembe\"}]},{\"@type\":\"WebSite\",\"@id\":\"https:\/\/hobierotikshop.com.tr\/website1\/#website\",\"url\":\"https:\/\/hobierotikshop.com.tr\/website1\/\",\"name\":\"Bursa Erotik Shop\",\"description\":\"Bursa Erotik Shop ile g\u00fcvenli, gizli ve kaliteli yeti\u015fkin \u00fcr\u00fcnleri al\u0131\u015fveri\u015fi! Geni\u015f \u00fcr\u00fcn yelpazemizi ke\u015ffedin, hemen sipari\u015f verin\",\"publisher\":{\"@id\":\"https:\/\/hobierotikshop.com.tr\/website1\/#organization\"},\"alternateName\":\"Erotik Shop\",\"potentialAction\":[{\"@type\":\"SearchAction\",\"target\":{\"@type\":\"EntryPoint\",\"urlTemplate\":\"https:\/\/hobierotikshop.com.tr\/website1\/?s={search_term_string}\"},\"query-input\":{\"@type\":\"PropertyValueSpecification\",\"valueRequired\":true,\"valueName\":\"search_term_string\"}}],\"inLanguage\":\"tr\"},{\"@type\":\"Organization\",\"@id\":\"https:\/\/hobierotikshop.com.tr\/website1\/#organization\",\"name\":\"Harem Bursa Erotik Shop\",\"url\":\"https:\/\/hobierotikshop.com.tr\/website1\/\",\"logo\":{\"@type\":\"ImageObject\",\"inLanguage\":\"tr\",\"@id\":\"https:\/\/hobierotikshop.com.tr\/website1\/#\/schema\/logo\/image\/\",\"url\":\"https:\/\/haremerotikshop.com\/site\/wp-content\/uploads\/2025\/03\/haremsexshop.png\",\"contentUrl\":\"https:\/\/haremerotikshop.com\/site\/wp-content\/uploads\/2025\/03\/haremsexshop.png\",\"width\":400,\"height\":100,\"caption\":\"Harem Bursa Erotik Shop\"},\"image\":{\"@id\":\"https:\/\/hobierotikshop.com.tr\/website1\/#\/schema\/logo\/image\/\"},\"sameAs\":[\"https:\/\/x.com\/shopbursa\"],\"publishingPrinciples\":\"https:\/\/hobierotikshop.com.tr\/website1\/mesafeli-satis-sozlesmesi\/\",\"ownershipFundingInfo\":\"https:\/\/hobierotikshop.com.tr\/website1\/contact-us\/\",\"actionableFeedbackPolicy\":\"https:\/\/hobierotikshop.com.tr\/website1\/contact-us\/\",\"correctionsPolicy\":\"https:\/\/hobierotikshop.com.tr\/website1\/mesafeli-satis-sozlesmesi\/\"}]}<\/script>\n<meta property=\"product:brand\" content=\"Pembe Tilki\" \/>\n<meta property=\"product:price:amount\" content=\"2000.00\" \/>\n<meta property=\"product:price:currency\" content=\"TRY\" \/>\n<meta property=\"og:availability\" content=\"instock\" \/>\n<meta property=\"product:availability\" content=\"instock\" \/>\n<meta property=\"product:retailer_item_id\" content=\"PT-DVXA006BPNK\" \/>\n<meta property=\"product:condition\" content=\"new\" \/>\n<!-- \/ Yoast SEO Premium plugin. -->","yoast_head_json":{"title":"Modern Klitoral Rabbit Vibrat\u00f6r Pembe - Bursa Erotik Shop","robots":{"index":"index","follow":"follow","max-snippet":"max-snippet:-1","max-image-preview":"max-image-preview:large","max-video-preview":"max-video-preview:-1"},"canonical":"https:\/\/hobierotikshop.com.tr\/website1\/erotik-shop-urun\/modern-klitoral-rabbit-vibrator-pembe\/","og_locale":"tr_TR","og_type":"article","og_title":"Modern Klitoral Rabbit Vibrat\u00f6r Pembe","og_description":"Kad\u0131nlara \u00e7ift y\u00f6nl\u00fc, yo\u011fun ve tatmin edici bir cinsel deneyim sunmak i\u00e7in \u00f6zel olarak tasarlanan Pembe Tilki Modern Rabbit Vibrat\u00f6r, G-spot ve klitoral uyar\u0131m\u0131 bir arada sa\u011flayarak cinsel hazz\u0131 en \u00fcst seviyeye \u00e7\u0131kar\u0131r. Ergonomik ve \u015f\u0131k tasar\u0131m\u0131, 30 farkl\u0131 titre\u015fim modu ve yumu\u015fak dokusuyla benzersiz bir kullan\u0131m sunan bu model, cinsel deneyimini zenginle\u015ftirmek isteyenler i\u00e7in m\u00fckemmel bir se\u00e7imdir.","og_url":"https:\/\/hobierotikshop.com.tr\/website1\/erotik-shop-urun\/modern-klitoral-rabbit-vibrator-pembe\/","og_site_name":"Bursa Erotik Shop","article_modified_time":"2026-01-26T13:34:46+00:00","og_image":[{"width":1000,"height":1000,"url":"https:\/\/hobierotikshop.com.tr\/website1\/wp-content\/uploads\/2025\/03\/modern-rabbit-vibrator-pembe-1910.jpg","type":"image\/jpeg"}],"twitter_card":"summary_large_image","twitter_site":"@shopbursa","twitter_misc":{"Fiyat":"&#8378;2.000,00 KDV DAH\u0130L","Availability":"In stock"},"schema":{"@context":"https:\/\/schema.org","@graph":[{"@type":"WebPage","@id":"https:\/\/hobierotikshop.com.tr\/website1\/erotik-shop-urun\/modern-klitoral-rabbit-vibrator-pembe\/","url":"https:\/\/hobierotikshop.com.tr\/website1\/erotik-shop-urun\/modern-klitoral-rabbit-vibrator-pembe\/","name":"Modern Klitoral Rabbit Vibrat\u00f6r Pembe - Bursa Erotik Shop","isPartOf":{"@id":"https:\/\/hobierotikshop.com.tr\/website1\/#website"},"primaryImageOfPage":{"@id":"https:\/\/hobierotikshop.com.tr\/website1\/erotik-shop-urun\/modern-klitoral-rabbit-vibrator-pembe\/#primaryimage"},"image":{"@id":"https:\/\/hobierotikshop.com.tr\/website1\/erotik-shop-urun\/modern-klitoral-rabbit-vibrator-pembe\/#primaryimage"},"thumbnailUrl":"https:\/\/haremerotikshop.com\/site\/wp-content\/uploads\/2025\/03\/modern-rabbit-vibrator-pembe-1910.jpg","datePublished":"2025-03-17T09:23:34+00:00","dateModified":"2026-01-26T13:34:46+00:00","breadcrumb":{"@id":"https:\/\/hobierotikshop.com.tr\/website1\/erotik-shop-urun\/modern-klitoral-rabbit-vibrator-pembe\/#breadcrumb"},"inLanguage":"tr","potentialAction":[{"@type":"ReadAction","target":["https:\/\/hobierotikshop.com.tr\/website1\/erotik-shop-urun\/modern-klitoral-rabbit-vibrator-pembe\/"]}]},{"@type":"ImageObject","inLanguage":"tr","@id":"https:\/\/hobierotikshop.com.tr\/website1\/erotik-shop-urun\/modern-klitoral-rabbit-vibrator-pembe\/#primaryimage","url":"https:\/\/haremerotikshop.com\/site\/wp-content\/uploads\/2025\/03\/modern-rabbit-vibrator-pembe-1910.jpg","contentUrl":"https:\/\/haremerotikshop.com\/site\/wp-content\/uploads\/2025\/03\/modern-rabbit-vibrator-pembe-1910.jpg","width":1000,"height":1000},{"@type":"BreadcrumbList","@id":"https:\/\/hobierotikshop.com.tr\/website1\/erotik-shop-urun\/modern-klitoral-rabbit-vibrator-pembe\/#breadcrumb","itemListElement":[{"@type":"ListItem","position":1,"name":"Anasayfa","item":"https:\/\/hobierotikshop.com.tr\/website1\/"},{"@type":"ListItem","position":2,"name":"Erotik Shop \u00dcr\u00fcnleri","item":"https:\/\/hobierotikshop.com.tr\/website1\/shop\/"},{"@type":"ListItem","position":3,"name":"Modern Klitoral Rabbit Vibrat\u00f6r Pembe"}]},{"@type":"WebSite","@id":"https:\/\/hobierotikshop.com.tr\/website1\/#website","url":"https:\/\/hobierotikshop.com.tr\/website1\/","name":"Bursa Erotik Shop","description":"Bursa Erotik Shop ile g\u00fcvenli, gizli ve kaliteli yeti\u015fkin \u00fcr\u00fcnleri al\u0131\u015fveri\u015fi! Geni\u015f \u00fcr\u00fcn yelpazemizi ke\u015ffedin, hemen sipari\u015f verin","publisher":{"@id":"https:\/\/hobierotikshop.com.tr\/website1\/#organization"},"alternateName":"Erotik Shop","potentialAction":[{"@type":"SearchAction","target":{"@type":"EntryPoint","urlTemplate":"https:\/\/hobierotikshop.com.tr\/website1\/?s={search_term_string}"},"query-input":{"@type":"PropertyValueSpecification","valueRequired":true,"valueName":"search_term_string"}}],"inLanguage":"tr"},{"@type":"Organization","@id":"https:\/\/hobierotikshop.com.tr\/website1\/#organization","name":"Harem Bursa Erotik Shop","url":"https:\/\/hobierotikshop.com.tr\/website1\/","logo":{"@type":"ImageObject","inLanguage":"tr","@id":"https:\/\/hobierotikshop.com.tr\/website1\/#\/schema\/logo\/image\/","url":"https:\/\/haremerotikshop.com\/site\/wp-content\/uploads\/2025\/03\/haremsexshop.png","contentUrl":"https:\/\/haremerotikshop.com\/site\/wp-content\/uploads\/2025\/03\/haremsexshop.png","width":400,"height":100,"caption":"Harem Bursa Erotik Shop"},"image":{"@id":"https:\/\/hobierotikshop.com.tr\/website1\/#\/schema\/logo\/image\/"},"sameAs":["https:\/\/x.com\/shopbursa"],"publishingPrinciples":"https:\/\/hobierotikshop.com.tr\/website1\/mesafeli-satis-sozlesmesi\/","ownershipFundingInfo":"https:\/\/hobierotikshop.com.tr\/website1\/contact-us\/","actionableFeedbackPolicy":"https:\/\/hobierotikshop.com.tr\/website1\/contact-us\/","correctionsPolicy":"https:\/\/hobierotikshop.com.tr\/website1\/mesafeli-satis-sozlesmesi\/"}]},"product_brand":"Pembe Tilki","product_price_amount":"2000.00","product_price_currency":"TRY","og_availability":"instock","product_availability":"instock","product_retailer_item_id":"PT-DVXA006BPNK","product_condition":"new"},"_links":{"self":[{"href":"https:\/\/haremerotikshop.com\/site\/wp-json\/wp\/v2\/product\/18846","targetHints":{"allow":["GET"]}}],"collection":[{"href":"https:\/\/haremerotikshop.com\/site\/wp-json\/wp\/v2\/product"}],"about":[{"href":"https:\/\/haremerotikshop.com\/site\/wp-json\/wp\/v2\/types\/product"}],"replies":[{"embeddable":true,"href":"https:\/\/haremerotikshop.com\/site\/wp-json\/wp\/v2\/comments?post=18846"}],"version-history":[{"count":0,"href":"https:\/\/haremerotikshop.com\/site\/wp-json\/wp\/v2\/product\/18846\/revisions"}],"wp:featuredmedia":[{"embeddable":true,"href":"https:\/\/haremerotikshop.com\/site\/wp-json\/wp\/v2\/media\/18950"}],"wp:attachment":[{"href":"https:\/\/haremerotikshop.com\/site\/wp-json\/wp\/v2\/media?parent=18846"}],"wp:term":[{"taxonomy":"product_brand","embeddable":true,"href":"https:\/\/haremerotikshop.com\/site\/wp-json\/wp\/v2\/product_brand?post=18846"},{"taxonomy":"product_cat","embeddable":true,"href":"https:\/\/haremerotikshop.com\/site\/wp-json\/wp\/v2\/product_cat?post=18846"},{"taxonomy":"product_tag","embeddable":true,"href":"https:\/\/haremerotikshop.com\/site\/wp-json\/wp\/v2\/product_tag?post=18846"}],"curies":[{"name":"wp","href":"https:\/\/api.w.org\/{rel}","templated":true}]}}