{"id":18871,"date":"2025-03-17T12:23:56","date_gmt":"2025-03-17T09:23:56","guid":{"rendered":"https:\/\/haremerotikshop.com\/site\/?post_type=product&#038;p=18871"},"modified":"2026-01-26T16:33:03","modified_gmt":"2026-01-26T13:33:03","slug":"modern-rabbit-vibrator-mor","status":"publish","type":"product","link":"https:\/\/haremerotikshop.com\/site\/erotik-shop-urun\/modern-rabbit-vibrator-mor\/","title":{"rendered":"Modern Rabbit Vibrat\u00f6r Mor"},"content":{"rendered":"<p data-start=\"0\" data-end=\"46\"><strong data-start=\"0\" data-end=\"44\">Pembe Tilki Modern Rabbit Vibrat\u00f6r &#8211; Mor<\/strong><\/p>\n<p data-start=\"48\" data-end=\"473\">Kad\u0131nlara \u00f6zel tasarlanan <strong data-start=\"74\" data-end=\"112\">Pembe Tilki Modern Rabbit Vibrat\u00f6r<\/strong>, mor rengi ve ileri teknolojik \u00f6zellikleriyle unutulmaz bir cinsel deneyim sunar. <strong data-start=\"195\" data-end=\"224\">Klitoral vakum fonksiyonu<\/strong> ve <strong data-start=\"228\" data-end=\"261\">ger\u00e7ek\u00e7i yapay penis \u00f6zelli\u011fi<\/strong> sayesinde hem klitoral hem de G-noktas\u0131 uyar\u0131m\u0131n\u0131 bir arada ya\u015faman\u0131z\u0131 sa\u011flar. \u015e\u0131k ve ergonomik tasar\u0131m\u0131yla hem estetik hem de fonksiyonel bir kullan\u0131m sunan bu \u00fcr\u00fcn, <strong data-start=\"429\" data-end=\"447\">suya dayan\u0131kl\u0131<\/strong> yap\u0131s\u0131yla da \u00f6ne \u00e7\u0131kar.<\/p>\n<h3 data-start=\"475\" data-end=\"544\"><strong data-start=\"479\" data-end=\"542\">Pembe Tilki Modern Rabbit Vibrat\u00f6r\u2019\u00fcn \u00d6ne \u00c7\u0131kan \u00d6zellikleri<\/strong><\/h3>\n<p data-start=\"546\" data-end=\"730\">\u2705 <strong data-start=\"548\" data-end=\"582\">Kaliteli ve Cilt Dostu Malzeme<\/strong><br data-start=\"582\" data-end=\"585\" \/>Y\u00fcksek kaliteli <strong data-start=\"601\" data-end=\"627\">ABS ve medikal silikon<\/strong> malzemelerden \u00fcretilen bu vibrat\u00f6r, cildinizle uyumlu olup, yumu\u015fak dokusuyla maksimum konfor sunar.<\/p>\n<p data-start=\"732\" data-end=\"987\">\u2705 <strong data-start=\"734\" data-end=\"773\">Geli\u015fmi\u015f Klitoral Vakum Teknolojisi<\/strong><br data-start=\"773\" data-end=\"776\" \/>Klitoris \u00fczerine yo\u011funla\u015fan <strong data-start=\"804\" data-end=\"826\">\u00f6zel vakum sistemi<\/strong>, geleneksel vibrat\u00f6rlerden farkl\u0131 olarak daha g\u00fc\u00e7l\u00fc ve derinlemesine bir uyar\u0131m sa\u011flar. Bu sayede, \u00e7ok daha h\u0131zl\u0131 ve yo\u011fun orgazmlar ya\u015faman\u0131za yard\u0131mc\u0131 olur.<\/p>\n<p data-start=\"989\" data-end=\"1249\">\u2705 <strong data-start=\"991\" data-end=\"1024\">Ger\u00e7ek\u00e7i Yapay Penis Deneyimi<\/strong><br data-start=\"1024\" data-end=\"1027\" \/><strong data-start=\"1027\" data-end=\"1084\">G-spot ve klitoral uyar\u0131m i\u00e7in \u00f6zel olarak tasarlanan<\/strong> yapay penis fonksiyonu, ger\u00e7ek\u00e7i dokunu\u015fuyla e\u015fsiz bir zevk sunar. <strong data-start=\"1152\" data-end=\"1179\">Modern titre\u015fim modlar\u0131<\/strong> sayesinde ki\u015fisel zevkinize g\u00f6re farkl\u0131 ritimler ke\u015ffedebilirsiniz.<\/p>\n<p data-start=\"1251\" data-end=\"1468\">\u2705 <strong data-start=\"1253\" data-end=\"1301\">USB ile \u015earj Edilebilir &amp; Uzun S\u00fcre Kullan\u0131m<\/strong><br data-start=\"1301\" data-end=\"1304\" \/><strong data-start=\"1304\" data-end=\"1329\">Dahili lityum batarya<\/strong> sayesinde USB ile kolayca \u015farj edilebilir. Tek \u015farjla uzun s\u00fcre kullan\u0131m imk\u00e2n\u0131 sunarak, kesintisiz bir deneyim ya\u015faman\u0131za olanak tan\u0131r.<\/p>\n<p data-start=\"1470\" data-end=\"1687\">\u2705 <strong data-start=\"1472\" data-end=\"1509\">IPX5 Su Ge\u00e7irmez &amp; Kolay Temizlik<\/strong><br data-start=\"1509\" data-end=\"1512\" \/>Suya dayan\u0131kl\u0131 <strong data-start=\"1527\" data-end=\"1535\">IPX5<\/strong> sertifikas\u0131 sayesinde banyo ve du\u015f gibi ortamlarda g\u00fcvenle kullan\u0131labilir. Ayr\u0131ca, kolay temizlenebilir yap\u0131s\u0131 sayesinde hijyenik bir kullan\u0131m sunar.<\/p>\n<p data-start=\"1689\" data-end=\"1925\">\u2705 <strong data-start=\"1691\" data-end=\"1727\">Kompakt, Hafif ve Pratik Tasar\u0131m<\/strong><br data-start=\"1727\" data-end=\"1730\" \/>Boyutlar\u0131 <strong data-start=\"1740\" data-end=\"1758\">20.5 cm x 3 cm<\/strong>, a\u011f\u0131rl\u0131\u011f\u0131 ise <strong data-start=\"1773\" data-end=\"1783\">103.4g<\/strong> olan bu model, kolay ta\u015f\u0131nabilir ve pratik bir kullan\u0131m sunar. Ergonomik yap\u0131s\u0131 sayesinde elinize tam oturarak konforlu bir deneyim sa\u011flar.<\/p>\n<p data-start=\"1927\" data-end=\"2069\">\u2705 <strong data-start=\"1929\" data-end=\"1954\">\u015e\u0131k Mor Renk Se\u00e7ene\u011fi<\/strong><br data-start=\"1954\" data-end=\"1957\" \/>Estetik ve modern tasar\u0131m\u0131yla <strong data-start=\"1987\" data-end=\"2001\">mor renkli<\/strong> bu vibrat\u00f6r, zarif g\u00f6r\u00fcn\u00fcm\u00fc ve g\u00fc\u00e7l\u00fc performans\u0131yla fark yarat\u0131r.<\/p>\n<h3 data-start=\"2071\" data-end=\"2135\"><strong data-start=\"2075\" data-end=\"2133\">Pembe Tilki Modern Rabbit Vibrat\u00f6r ile Zevki Ke\u015ffedin!<\/strong><\/h3>\n<p data-start=\"2136\" data-end=\"2419\">Cinsel deneyiminizi <strong data-start=\"2156\" data-end=\"2184\">bir \u00fcst seviyeye ta\u015f\u0131mak<\/strong> ve benzersiz bir tatmin ya\u015famak i\u00e7in <strong data-start=\"2222\" data-end=\"2266\">Pembe Tilki Modern Rabbit Vibrat\u00f6r &#8211; Mor<\/strong> en iyi tercihlerden biridir. <strong data-start=\"2296\" data-end=\"2368\">Geli\u015fmi\u015f teknolojisi, su ge\u00e7irmez yap\u0131s\u0131 ve \u00e7ok fonksiyonlu tasar\u0131m\u0131<\/strong> ile beklentilerinizi fazlas\u0131yla kar\u015f\u0131layacakt\u0131r.<\/p>\n<p data-start=\"2421\" data-end=\"2499\" data-is-last-node=\"\" data-is-only-node=\"\">\ud83d\udd39 <strong data-start=\"2424\" data-end=\"2499\" data-is-last-node=\"\">Hemen \u015fimdi ke\u015ffedin ve en \u00f6zel anlar\u0131n\u0131za unutulmaz bir dokunu\u015f kat\u0131n!<\/strong><\/p>\n","protected":false},"excerpt":{"rendered":"<p>Kad\u0131nlara \u00f6zel tasarlanan <strong data-start=\"74\" data-end=\"112\">Pembe Tilki Modern Rabbit Vibrat\u00f6r<\/strong>, mor rengi ve ileri teknolojik \u00f6zellikleriyle unutulmaz bir cinsel deneyim sunar. <strong data-start=\"195\" data-end=\"224\">Klitoral vakum fonksiyonu<\/strong> ve <strong data-start=\"228\" data-end=\"261\">ger\u00e7ek\u00e7i yapay penis \u00f6zelli\u011fi<\/strong> sayesinde hem klitoral hem de G-noktas\u0131 uyar\u0131m\u0131n\u0131 bir arada ya\u015faman\u0131z\u0131 sa\u011flar. \u015e\u0131k ve ergonomik tasar\u0131m\u0131yla hem estetik hem de fonksiyonel bir kullan\u0131m sunan bu \u00fcr\u00fcn, <strong data-start=\"429\" data-end=\"447\">suya dayan\u0131kl\u0131<\/strong> yap\u0131s\u0131yla da \u00f6ne \u00e7\u0131kar.<\/p>\n","protected":false},"featured_media":18972,"comment_status":"open","ping_status":"closed","template":"","meta":[],"product_brand":[127],"product_cat":[85],"product_tag":[229],"class_list":{"0":"post-18871","1":"product","2":"type-product","3":"status-publish","4":"has-post-thumbnail","6":"product_brand-pembe-tilki","7":"product_cat-modern-vibrator","8":"product_tag-modern-rabbit-vibrator-mor","10":"first","11":"instock","12":"taxable","13":"shipping-taxable","14":"purchasable","15":"product-type-simple"},"yoast_head":"<!-- This site is optimized with the Yoast SEO Premium plugin v24.4 (Yoast SEO v27.1.1) - https:\/\/yoast.com\/product\/yoast-seo-premium-wordpress\/ -->\n<title>Modern Rabbit Vibrat\u00f6r Mor - Bursa Erotik Shop<\/title>\n<meta name=\"robots\" content=\"index, follow, max-snippet:-1, max-image-preview:large, max-video-preview:-1\" \/>\n<link rel=\"canonical\" href=\"https:\/\/hobierotikshop.com.tr\/website1\/erotik-shop-urun\/modern-rabbit-vibrator-mor\/\" \/>\n<meta property=\"og:locale\" content=\"tr_TR\" \/>\n<meta property=\"og:type\" content=\"article\" \/>\n<meta property=\"og:title\" content=\"Modern Rabbit Vibrat\u00f6r Mor\" \/>\n<meta property=\"og:description\" content=\"Kad\u0131nlara \u00f6zel tasarlanan Pembe Tilki Modern Rabbit Vibrat\u00f6r, mor rengi ve ileri teknolojik \u00f6zellikleriyle unutulmaz bir cinsel deneyim sunar. Klitoral vakum fonksiyonu ve ger\u00e7ek\u00e7i yapay penis \u00f6zelli\u011fi sayesinde hem klitoral hem de G-noktas\u0131 uyar\u0131m\u0131n\u0131 bir arada ya\u015faman\u0131z\u0131 sa\u011flar. \u015e\u0131k ve ergonomik tasar\u0131m\u0131yla hem estetik hem de fonksiyonel bir kullan\u0131m sunan bu \u00fcr\u00fcn, suya dayan\u0131kl\u0131 yap\u0131s\u0131yla da \u00f6ne \u00e7\u0131kar.\" \/>\n<meta property=\"og:url\" content=\"https:\/\/hobierotikshop.com.tr\/website1\/erotik-shop-urun\/modern-rabbit-vibrator-mor\/\" \/>\n<meta property=\"og:site_name\" content=\"Bursa Erotik Shop\" \/>\n<meta property=\"article:modified_time\" content=\"2026-01-26T13:33:03+00:00\" \/>\n<meta property=\"og:image\" content=\"https:\/\/hobierotikshop.com.tr\/website1\/wp-content\/uploads\/2025\/03\/modern-rabbit-vibrator-mor-1923.jpg\" \/>\n\t<meta property=\"og:image:width\" content=\"1500\" \/>\n\t<meta property=\"og:image:height\" content=\"1500\" \/>\n\t<meta property=\"og:image:type\" content=\"image\/jpeg\" \/>\n<meta name=\"twitter:card\" content=\"summary_large_image\" \/>\n<meta name=\"twitter:site\" content=\"@shopbursa\" \/>\n<meta name=\"twitter:label1\" content=\"Fiyat\" \/>\n\t<meta name=\"twitter:data1\" content=\"&#8378;2.000,00 KDV DAH\u0130L\" \/>\n\t<meta name=\"twitter:label2\" content=\"Availability\" \/>\n\t<meta name=\"twitter:data2\" content=\"In stock\" \/>\n<script type=\"application\/ld+json\" class=\"yoast-schema-graph\">{\"@context\":\"https:\/\/schema.org\",\"@graph\":[{\"@type\":\"WebPage\",\"@id\":\"https:\/\/hobierotikshop.com.tr\/website1\/erotik-shop-urun\/modern-rabbit-vibrator-mor\/\",\"url\":\"https:\/\/hobierotikshop.com.tr\/website1\/erotik-shop-urun\/modern-rabbit-vibrator-mor\/\",\"name\":\"Modern Rabbit Vibrat\u00f6r Mor - Bursa Erotik Shop\",\"isPartOf\":{\"@id\":\"https:\/\/hobierotikshop.com.tr\/website1\/#website\"},\"primaryImageOfPage\":{\"@id\":\"https:\/\/hobierotikshop.com.tr\/website1\/erotik-shop-urun\/modern-rabbit-vibrator-mor\/#primaryimage\"},\"image\":{\"@id\":\"https:\/\/hobierotikshop.com.tr\/website1\/erotik-shop-urun\/modern-rabbit-vibrator-mor\/#primaryimage\"},\"thumbnailUrl\":\"https:\/\/haremerotikshop.com\/site\/wp-content\/uploads\/2025\/03\/modern-rabbit-vibrator-mor-1923.jpg\",\"datePublished\":\"2025-03-17T09:23:56+00:00\",\"dateModified\":\"2026-01-26T13:33:03+00:00\",\"breadcrumb\":{\"@id\":\"https:\/\/hobierotikshop.com.tr\/website1\/erotik-shop-urun\/modern-rabbit-vibrator-mor\/#breadcrumb\"},\"inLanguage\":\"tr\",\"potentialAction\":[{\"@type\":\"ReadAction\",\"target\":[\"https:\/\/hobierotikshop.com.tr\/website1\/erotik-shop-urun\/modern-rabbit-vibrator-mor\/\"]}]},{\"@type\":\"ImageObject\",\"inLanguage\":\"tr\",\"@id\":\"https:\/\/hobierotikshop.com.tr\/website1\/erotik-shop-urun\/modern-rabbit-vibrator-mor\/#primaryimage\",\"url\":\"https:\/\/haremerotikshop.com\/site\/wp-content\/uploads\/2025\/03\/modern-rabbit-vibrator-mor-1923.jpg\",\"contentUrl\":\"https:\/\/haremerotikshop.com\/site\/wp-content\/uploads\/2025\/03\/modern-rabbit-vibrator-mor-1923.jpg\",\"width\":1500,\"height\":1500},{\"@type\":\"BreadcrumbList\",\"@id\":\"https:\/\/hobierotikshop.com.tr\/website1\/erotik-shop-urun\/modern-rabbit-vibrator-mor\/#breadcrumb\",\"itemListElement\":[{\"@type\":\"ListItem\",\"position\":1,\"name\":\"Anasayfa\",\"item\":\"https:\/\/hobierotikshop.com.tr\/website1\/\"},{\"@type\":\"ListItem\",\"position\":2,\"name\":\"Erotik Shop \u00dcr\u00fcnleri\",\"item\":\"https:\/\/hobierotikshop.com.tr\/website1\/shop\/\"},{\"@type\":\"ListItem\",\"position\":3,\"name\":\"Modern Rabbit Vibrat\u00f6r Mor\"}]},{\"@type\":\"WebSite\",\"@id\":\"https:\/\/hobierotikshop.com.tr\/website1\/#website\",\"url\":\"https:\/\/hobierotikshop.com.tr\/website1\/\",\"name\":\"Bursa Erotik Shop\",\"description\":\"Bursa Erotik Shop ile g\u00fcvenli, gizli ve kaliteli yeti\u015fkin \u00fcr\u00fcnleri al\u0131\u015fveri\u015fi! Geni\u015f \u00fcr\u00fcn yelpazemizi ke\u015ffedin, hemen sipari\u015f verin\",\"publisher\":{\"@id\":\"https:\/\/hobierotikshop.com.tr\/website1\/#organization\"},\"alternateName\":\"Erotik Shop\",\"potentialAction\":[{\"@type\":\"SearchAction\",\"target\":{\"@type\":\"EntryPoint\",\"urlTemplate\":\"https:\/\/hobierotikshop.com.tr\/website1\/?s={search_term_string}\"},\"query-input\":{\"@type\":\"PropertyValueSpecification\",\"valueRequired\":true,\"valueName\":\"search_term_string\"}}],\"inLanguage\":\"tr\"},{\"@type\":\"Organization\",\"@id\":\"https:\/\/hobierotikshop.com.tr\/website1\/#organization\",\"name\":\"Harem Bursa Erotik Shop\",\"url\":\"https:\/\/hobierotikshop.com.tr\/website1\/\",\"logo\":{\"@type\":\"ImageObject\",\"inLanguage\":\"tr\",\"@id\":\"https:\/\/hobierotikshop.com.tr\/website1\/#\/schema\/logo\/image\/\",\"url\":\"https:\/\/haremerotikshop.com\/wp-content\/uploads\/2025\/03\/haremsexshop.png\",\"contentUrl\":\"https:\/\/haremerotikshop.com\/wp-content\/uploads\/2025\/03\/haremsexshop.png\",\"width\":400,\"height\":100,\"caption\":\"Harem Bursa Erotik Shop\"},\"image\":{\"@id\":\"https:\/\/hobierotikshop.com.tr\/website1\/#\/schema\/logo\/image\/\"},\"sameAs\":[\"https:\/\/x.com\/shopbursa\"],\"publishingPrinciples\":\"https:\/\/hobierotikshop.com.tr\/website1\/mesafeli-satis-sozlesmesi\/\",\"ownershipFundingInfo\":\"https:\/\/hobierotikshop.com.tr\/website1\/contact-us\/\",\"actionableFeedbackPolicy\":\"https:\/\/hobierotikshop.com.tr\/website1\/contact-us\/\",\"correctionsPolicy\":\"https:\/\/hobierotikshop.com.tr\/website1\/mesafeli-satis-sozlesmesi\/\"}]}<\/script>\n<meta property=\"product:brand\" content=\"Pembe Tilki\" \/>\n<meta property=\"product:price:amount\" content=\"2000.00\" \/>\n<meta property=\"product:price:currency\" content=\"TRY\" \/>\n<meta property=\"og:availability\" content=\"instock\" \/>\n<meta property=\"product:availability\" content=\"instock\" \/>\n<meta property=\"product:retailer_item_id\" content=\"PT-DVXA118PRP\" \/>\n<meta property=\"product:condition\" content=\"new\" \/>\n<!-- \/ Yoast SEO Premium plugin. -->","yoast_head_json":{"title":"Modern Rabbit Vibrat\u00f6r Mor - Bursa Erotik Shop","robots":{"index":"index","follow":"follow","max-snippet":"max-snippet:-1","max-image-preview":"max-image-preview:large","max-video-preview":"max-video-preview:-1"},"canonical":"https:\/\/hobierotikshop.com.tr\/website1\/erotik-shop-urun\/modern-rabbit-vibrator-mor\/","og_locale":"tr_TR","og_type":"article","og_title":"Modern Rabbit Vibrat\u00f6r Mor","og_description":"Kad\u0131nlara \u00f6zel tasarlanan Pembe Tilki Modern Rabbit Vibrat\u00f6r, mor rengi ve ileri teknolojik \u00f6zellikleriyle unutulmaz bir cinsel deneyim sunar. Klitoral vakum fonksiyonu ve ger\u00e7ek\u00e7i yapay penis \u00f6zelli\u011fi sayesinde hem klitoral hem de G-noktas\u0131 uyar\u0131m\u0131n\u0131 bir arada ya\u015faman\u0131z\u0131 sa\u011flar. \u015e\u0131k ve ergonomik tasar\u0131m\u0131yla hem estetik hem de fonksiyonel bir kullan\u0131m sunan bu \u00fcr\u00fcn, suya dayan\u0131kl\u0131 yap\u0131s\u0131yla da \u00f6ne \u00e7\u0131kar.","og_url":"https:\/\/hobierotikshop.com.tr\/website1\/erotik-shop-urun\/modern-rabbit-vibrator-mor\/","og_site_name":"Bursa Erotik Shop","article_modified_time":"2026-01-26T13:33:03+00:00","og_image":[{"width":1500,"height":1500,"url":"https:\/\/hobierotikshop.com.tr\/website1\/wp-content\/uploads\/2025\/03\/modern-rabbit-vibrator-mor-1923.jpg","type":"image\/jpeg"}],"twitter_card":"summary_large_image","twitter_site":"@shopbursa","twitter_misc":{"Fiyat":"&#8378;2.000,00 KDV DAH\u0130L","Availability":"In stock"},"schema":{"@context":"https:\/\/schema.org","@graph":[{"@type":"WebPage","@id":"https:\/\/hobierotikshop.com.tr\/website1\/erotik-shop-urun\/modern-rabbit-vibrator-mor\/","url":"https:\/\/hobierotikshop.com.tr\/website1\/erotik-shop-urun\/modern-rabbit-vibrator-mor\/","name":"Modern Rabbit Vibrat\u00f6r Mor - Bursa Erotik Shop","isPartOf":{"@id":"https:\/\/hobierotikshop.com.tr\/website1\/#website"},"primaryImageOfPage":{"@id":"https:\/\/hobierotikshop.com.tr\/website1\/erotik-shop-urun\/modern-rabbit-vibrator-mor\/#primaryimage"},"image":{"@id":"https:\/\/hobierotikshop.com.tr\/website1\/erotik-shop-urun\/modern-rabbit-vibrator-mor\/#primaryimage"},"thumbnailUrl":"https:\/\/haremerotikshop.com\/site\/wp-content\/uploads\/2025\/03\/modern-rabbit-vibrator-mor-1923.jpg","datePublished":"2025-03-17T09:23:56+00:00","dateModified":"2026-01-26T13:33:03+00:00","breadcrumb":{"@id":"https:\/\/hobierotikshop.com.tr\/website1\/erotik-shop-urun\/modern-rabbit-vibrator-mor\/#breadcrumb"},"inLanguage":"tr","potentialAction":[{"@type":"ReadAction","target":["https:\/\/hobierotikshop.com.tr\/website1\/erotik-shop-urun\/modern-rabbit-vibrator-mor\/"]}]},{"@type":"ImageObject","inLanguage":"tr","@id":"https:\/\/hobierotikshop.com.tr\/website1\/erotik-shop-urun\/modern-rabbit-vibrator-mor\/#primaryimage","url":"https:\/\/haremerotikshop.com\/site\/wp-content\/uploads\/2025\/03\/modern-rabbit-vibrator-mor-1923.jpg","contentUrl":"https:\/\/haremerotikshop.com\/site\/wp-content\/uploads\/2025\/03\/modern-rabbit-vibrator-mor-1923.jpg","width":1500,"height":1500},{"@type":"BreadcrumbList","@id":"https:\/\/hobierotikshop.com.tr\/website1\/erotik-shop-urun\/modern-rabbit-vibrator-mor\/#breadcrumb","itemListElement":[{"@type":"ListItem","position":1,"name":"Anasayfa","item":"https:\/\/hobierotikshop.com.tr\/website1\/"},{"@type":"ListItem","position":2,"name":"Erotik Shop \u00dcr\u00fcnleri","item":"https:\/\/hobierotikshop.com.tr\/website1\/shop\/"},{"@type":"ListItem","position":3,"name":"Modern Rabbit Vibrat\u00f6r Mor"}]},{"@type":"WebSite","@id":"https:\/\/hobierotikshop.com.tr\/website1\/#website","url":"https:\/\/hobierotikshop.com.tr\/website1\/","name":"Bursa Erotik Shop","description":"Bursa Erotik Shop ile g\u00fcvenli, gizli ve kaliteli yeti\u015fkin \u00fcr\u00fcnleri al\u0131\u015fveri\u015fi! Geni\u015f \u00fcr\u00fcn yelpazemizi ke\u015ffedin, hemen sipari\u015f verin","publisher":{"@id":"https:\/\/hobierotikshop.com.tr\/website1\/#organization"},"alternateName":"Erotik Shop","potentialAction":[{"@type":"SearchAction","target":{"@type":"EntryPoint","urlTemplate":"https:\/\/hobierotikshop.com.tr\/website1\/?s={search_term_string}"},"query-input":{"@type":"PropertyValueSpecification","valueRequired":true,"valueName":"search_term_string"}}],"inLanguage":"tr"},{"@type":"Organization","@id":"https:\/\/hobierotikshop.com.tr\/website1\/#organization","name":"Harem Bursa Erotik Shop","url":"https:\/\/hobierotikshop.com.tr\/website1\/","logo":{"@type":"ImageObject","inLanguage":"tr","@id":"https:\/\/hobierotikshop.com.tr\/website1\/#\/schema\/logo\/image\/","url":"https:\/\/haremerotikshop.com\/wp-content\/uploads\/2025\/03\/haremsexshop.png","contentUrl":"https:\/\/haremerotikshop.com\/wp-content\/uploads\/2025\/03\/haremsexshop.png","width":400,"height":100,"caption":"Harem Bursa Erotik Shop"},"image":{"@id":"https:\/\/hobierotikshop.com.tr\/website1\/#\/schema\/logo\/image\/"},"sameAs":["https:\/\/x.com\/shopbursa"],"publishingPrinciples":"https:\/\/hobierotikshop.com.tr\/website1\/mesafeli-satis-sozlesmesi\/","ownershipFundingInfo":"https:\/\/hobierotikshop.com.tr\/website1\/contact-us\/","actionableFeedbackPolicy":"https:\/\/hobierotikshop.com.tr\/website1\/contact-us\/","correctionsPolicy":"https:\/\/hobierotikshop.com.tr\/website1\/mesafeli-satis-sozlesmesi\/"}]},"product_brand":"Pembe Tilki","product_price_amount":"2000.00","product_price_currency":"TRY","og_availability":"instock","product_availability":"instock","product_retailer_item_id":"PT-DVXA118PRP","product_condition":"new"},"_links":{"self":[{"href":"https:\/\/haremerotikshop.com\/site\/wp-json\/wp\/v2\/product\/18871","targetHints":{"allow":["GET"]}}],"collection":[{"href":"https:\/\/haremerotikshop.com\/site\/wp-json\/wp\/v2\/product"}],"about":[{"href":"https:\/\/haremerotikshop.com\/site\/wp-json\/wp\/v2\/types\/product"}],"replies":[{"embeddable":true,"href":"https:\/\/haremerotikshop.com\/site\/wp-json\/wp\/v2\/comments?post=18871"}],"version-history":[{"count":0,"href":"https:\/\/haremerotikshop.com\/site\/wp-json\/wp\/v2\/product\/18871\/revisions"}],"wp:featuredmedia":[{"embeddable":true,"href":"https:\/\/haremerotikshop.com\/site\/wp-json\/wp\/v2\/media\/18972"}],"wp:attachment":[{"href":"https:\/\/haremerotikshop.com\/site\/wp-json\/wp\/v2\/media?parent=18871"}],"wp:term":[{"taxonomy":"product_brand","embeddable":true,"href":"https:\/\/haremerotikshop.com\/site\/wp-json\/wp\/v2\/product_brand?post=18871"},{"taxonomy":"product_cat","embeddable":true,"href":"https:\/\/haremerotikshop.com\/site\/wp-json\/wp\/v2\/product_cat?post=18871"},{"taxonomy":"product_tag","embeddable":true,"href":"https:\/\/haremerotikshop.com\/site\/wp-json\/wp\/v2\/product_tag?post=18871"}],"curies":[{"name":"wp","href":"https:\/\/api.w.org\/{rel}","templated":true}]}}